{"id":42956,"date":"2025-04-26T16:35:41","date_gmt":"2025-04-26T13:35:41","guid":{"rendered":"https:\/\/haremerotikshop.com\/site\/erotik-shop-urun\/usb-sarjli-rotasyonlu-ileri-geri-hareketli-sesli-vajina-masturbator-lorelei\/"},"modified":"2026-01-17T14:06:18","modified_gmt":"2026-01-17T11:06:18","slug":"usb-sarjli-rotasyonlu-ileri-geri-hareketli-sesli-vajina-masturbator-lorelei","status":"publish","type":"product","link":"https:\/\/haremerotikshop.com\/site\/erotik-shop-urun\/usb-sarjli-rotasyonlu-ileri-geri-hareketli-sesli-vajina-masturbator-lorelei\/","title":{"rendered":"Usb \u015earjl\u0131 Rotasyonlu I\u0307leri Geri Hareketli Sesli Vajina Masturbat\u00f6r &#8211; Lorelei"},"content":{"rendered":"<p data-start=\"90\" data-end=\"221\"><strong data-start=\"90\" data-end=\"221\">USB \u015earjl\u0131 Rotasyonlu \u0130leri Geri Hareketli Sesli Vajina Masturbat\u00f6r &#8211; Lorelei: Ger\u00e7ek\u00e7i ve Y\u00fcksek Performansl\u0131 Seks Oyunca\u011f\u0131n\u0131z<\/strong><\/p>\n<p data-start=\"223\" data-end=\"550\"><strong data-start=\"223\" data-end=\"264\">Lorelei USB \u015earjl\u0131 Vajina Masturbat\u00f6r<\/strong> ile ki\u015fisel zevkinizde yeni bir seviyeye ge\u00e7in. Hem g\u00f6rsel hem de duygusal a\u00e7\u0131dan sizi tatmin edecek bu geli\u015fmi\u015f seks oyunca\u011f\u0131, ger\u00e7ek\u00e7i tasar\u0131m\u0131, fonksiyonel \u00f6zellikleri ve kaliteli yap\u0131s\u0131yla \u00f6ne \u00e7\u0131k\u0131yor. \u015eimdi, ihtiyac\u0131n\u0131z olan en do\u011fal ve heyecan verici deneyimi sunmak i\u00e7in burada!<\/p>\n<h3 data-start=\"552\" data-end=\"593\"><strong data-start=\"556\" data-end=\"593\">\u00dcst\u00fcn Tasar\u0131m ve Ger\u00e7ek\u00e7i Deneyim<\/strong><\/h3>\n<p data-start=\"594\" data-end=\"917\">Lorelei vajina masturbat\u00f6r\u00fc, <strong data-start=\"623\" data-end=\"648\">insan teniyle e\u015fde\u011fer<\/strong> dokusu sayesinde ger\u00e7ek bir vajina deneyimi sunar. <strong data-start=\"700\" data-end=\"731\">5 kademeli sa\u011f-sol rotasyon<\/strong> ve <strong data-start=\"735\" data-end=\"761\">10 ileri-geri hareketi<\/strong> ile hem g\u00f6rsel hem de duygusal hazlar\u0131n\u0131z zirveye ula\u015facak. Bu <strong data-start=\"825\" data-end=\"842\">ger\u00e7ek\u00e7i yap\u0131<\/strong>, cinsel tatmininizi en \u00fcst d\u00fczeye \u00e7\u0131karmak i\u00e7in her a\u00e7\u0131dan tasarlanm\u0131\u015ft\u0131r.<\/p>\n<h3 data-start=\"919\" data-end=\"971\"><strong data-start=\"923\" data-end=\"971\">Y\u00fcksek Kaliteli Malzeme ve Ergonomik Tasar\u0131m<\/strong><\/h3>\n<p data-start=\"972\" data-end=\"1387\">\u00dcr\u00fcn, <strong data-start=\"978\" data-end=\"1029\">geli\u015ftirilmi\u015f \u00f6zel bir maddeden imal edilmi\u015ftir<\/strong> ve <strong data-start=\"1033\" data-end=\"1047\">s\u00fcper seri<\/strong> \u00f6zelli\u011fiyle ola\u011fan\u00fcst\u00fc bir dokuya sahiptir. Bu sayede, yap\u0131s\u0131 <strong data-start=\"1110\" data-end=\"1130\">\u015fekil bozulmadan<\/strong> uzun s\u00fcre dayan\u0131kl\u0131 kal\u0131r. <strong data-start=\"1158\" data-end=\"1179\">\u015eeffaf d\u0131\u015f y\u00fczeyi<\/strong>, \u00fcr\u00fcn\u00fc hem estetik hem de i\u015flevsel a\u00e7\u0131dan g\u00f6z al\u0131c\u0131 k\u0131lar. Kullan\u0131c\u0131ya her a\u00e7\u0131dan birinci s\u0131n\u0131f deneyim sunan bu \u00fcr\u00fcn, <strong data-start=\"1299\" data-end=\"1329\">penisle uyumlu esneyebilir<\/strong> ve <strong data-start=\"1333\" data-end=\"1348\">daralabilir<\/strong>, b\u00f6ylece m\u00fckemmel bir kavray\u0131\u015f sa\u011flar.<\/p>\n<h3 data-start=\"1389\" data-end=\"1436\"><strong data-start=\"1393\" data-end=\"1436\">Teknik \u00d6zellikler ve Kullan\u0131m Kolayl\u0131\u011f\u0131<\/strong><\/h3>\n<ul data-start=\"1437\" data-end=\"2058\">\n<li data-start=\"1437\" data-end=\"1526\">\n<p data-start=\"1439\" data-end=\"1526\"><strong data-start=\"1439\" data-end=\"1453\">USB \u015earjl\u0131<\/strong>: Kablosuz kullan\u0131m imk\u00e2n\u0131 sunar. Herhangi bir prizde \u015farj edebilirsiniz.<\/p>\n<\/li>\n<li data-start=\"1527\" data-end=\"1679\">\n<p data-start=\"1529\" data-end=\"1679\"><strong data-start=\"1529\" data-end=\"1563\">Rotasyon ve Hareket Fonksiyonu<\/strong>: 5 kademeli sa\u011f-sol rotasyon ve 10 ileri-geri hareketli fonksiyon ile istedi\u011finiz h\u0131zda kullan\u0131m sa\u011flayabilirsiniz.<\/p>\n<\/li>\n<li data-start=\"1680\" data-end=\"1780\">\n<p data-start=\"1682\" data-end=\"1780\"><strong data-start=\"1682\" data-end=\"1708\">Ses Uyar\u0131ml\u0131 Teknoloji<\/strong>: Sesli geri bildirim sayesinde tamamen ger\u00e7ek\u00e7i bir deneyim ya\u015fars\u0131n\u0131z.<\/p>\n<\/li>\n<li data-start=\"1781\" data-end=\"1883\">\n<p data-start=\"1783\" data-end=\"1883\"><strong data-start=\"1783\" data-end=\"1804\">P\u00fcr\u00fczs\u00fcz \u0130\u00e7 Y\u00fczey<\/strong>: Ayarlanabilir h\u0131z ve p\u00fcr\u00fczs\u00fcz i\u00e7 y\u00fczeyi sayesinde <strong data-start=\"1856\" data-end=\"1875\">m\u00fckemmel tatmin<\/strong> sa\u011flar.<\/p>\n<\/li>\n<li data-start=\"1884\" data-end=\"1972\">\n<p data-start=\"1886\" data-end=\"1972\"><strong data-start=\"1886\" data-end=\"1904\">Kolay Temizlik<\/strong>: \u00dcr\u00fcn temizli\u011fi olduk\u00e7a basittir, b\u00f6ylece hijyenik kullan\u0131m sa\u011flar.<\/p>\n<\/li>\n<li data-start=\"1973\" data-end=\"2058\">\n<p data-start=\"1975\" data-end=\"2058\"><strong data-start=\"1975\" data-end=\"2006\">Saklama ve Ta\u015f\u0131ma Kolayl\u0131\u011f\u0131<\/strong>: \u00d6zel ambalaj\u0131 sayesinde ta\u015f\u0131mas\u0131 olduk\u00e7a kolayd\u0131r.<\/p>\n<\/li>\n<\/ul>\n<h3 data-start=\"2060\" data-end=\"2107\"><strong data-start=\"2064\" data-end=\"2107\">Ergonomik Tasar\u0131m ve Farkl\u0131 Pozisyonlar<\/strong><\/h3>\n<p data-start=\"2108\" data-end=\"2369\">El ile kullan\u0131ma uygun tasar\u0131m\u0131 sayesinde, <strong data-start=\"2151\" data-end=\"2176\">kontrol tamamen sizde<\/strong>. \u00dcr\u00fcn, <strong data-start=\"2184\" data-end=\"2212\">bir\u00e7ok farkl\u0131 pozisyonda<\/strong> kullan\u0131labilir, b\u00f6ylece kendi ritminizi olu\u015fturabilir ve maksimum zevk alabilirsiniz. \u015eekli bozulmayan yap\u0131s\u0131 sayesinde, her zaman etkili bir deneyim sunar.<\/p>\n<h3 data-start=\"2371\" data-end=\"2398\"><strong data-start=\"2375\" data-end=\"2398\">Boyutlar ve A\u011f\u0131rl\u0131k<\/strong><\/h3>\n<ul data-start=\"2399\" data-end=\"2464\">\n<li data-start=\"2399\" data-end=\"2421\">\n<p data-start=\"2401\" data-end=\"2421\"><strong data-start=\"2401\" data-end=\"2412\">Uzunluk<\/strong>: 29.7 cm<\/p>\n<\/li>\n<li data-start=\"2422\" data-end=\"2442\">\n<p data-start=\"2424\" data-end=\"2442\"><strong data-start=\"2424\" data-end=\"2436\">Geni\u015flik<\/strong>: 9 cm<\/p>\n<\/li>\n<li data-start=\"2443\" data-end=\"2464\">\n<p data-start=\"2445\" data-end=\"2464\"><strong data-start=\"2445\" data-end=\"2456\">A\u011f\u0131rl\u0131k<\/strong>: 690 gr<\/p>\n<\/li>\n<\/ul>\n<p data-start=\"2466\" data-end=\"2566\">Bu boyutlar, kullan\u0131m kolayl\u0131\u011f\u0131n\u0131 art\u0131r\u0131rken, ayn\u0131 zamanda ger\u00e7ek\u00e7i bir hisse sahip olman\u0131z\u0131 sa\u011flar.<\/p>\n<h3 data-start=\"2568\" data-end=\"2601\"><strong data-start=\"2572\" data-end=\"2601\">Gizli ve G\u00fcvenli G\u00f6nderim<\/strong><\/h3>\n<p data-start=\"2602\" data-end=\"2908\">\u00dcr\u00fcnleriniz, i\u00e7eriklerinin anla\u015f\u0131lmamas\u0131 i\u00e7in <strong data-start=\"2648\" data-end=\"2694\">gizli ve kapal\u0131 kolilerle g\u00f6nderilmektedir<\/strong>. Ayr\u0131ca, <strong data-start=\"2704\" data-end=\"2720\">kap\u0131da \u00f6deme<\/strong>, <strong data-start=\"2722\" data-end=\"2747\">kredi kart\u0131 ile \u00f6deme<\/strong> veya <strong data-start=\"2753\" data-end=\"2771\">banka havalesi<\/strong> gibi farkl\u0131 \u00f6deme se\u00e7enekleri mevcuttur. <strong data-start=\"2813\" data-end=\"2843\">H\u0131zl\u0131 teslimat ve gizlilik<\/strong> garantisi ile sipari\u015flerinizi g\u00fcvenli bir \u015fekilde alabilirsiniz.<\/p>\n<h3 data-start=\"2910\" data-end=\"2951\"><strong data-start=\"2914\" data-end=\"2951\">Neden Lorelei Vajina Masturbat\u00f6r?<\/strong><\/h3>\n<ul data-start=\"2952\" data-end=\"3271\">\n<li data-start=\"2952\" data-end=\"3041\">\n<p data-start=\"2954\" data-end=\"3041\"><strong data-start=\"2954\" data-end=\"2974\">Ger\u00e7ek\u00e7i deneyim<\/strong>: \u0130nsan tenine yak\u0131n doku, her kullan\u0131mdan alaca\u011f\u0131n\u0131z zevki katlar.<\/p>\n<\/li>\n<li data-start=\"3042\" data-end=\"3120\">\n<p data-start=\"3044\" data-end=\"3120\"><strong data-start=\"3044\" data-end=\"3066\">Ergonomik kullan\u0131m<\/strong>: El ile kolay kullan\u0131m, rahat ve keyifli bir deneyim.<\/p>\n<\/li>\n<li data-start=\"3121\" data-end=\"3207\">\n<p data-start=\"3123\" data-end=\"3207\"><strong data-start=\"3123\" data-end=\"3149\">Farkl\u0131 h\u0131z se\u00e7enekleri<\/strong>: Kendi h\u0131z\u0131n\u0131z\u0131 ayarlayarak ideal tatmini bulabilirsiniz.<\/p>\n<\/li>\n<li data-start=\"3208\" data-end=\"3271\">\n<p data-start=\"3210\" data-end=\"3271\"><strong data-start=\"3210\" data-end=\"3239\">Gizli ve g\u00fcvenli teslimat<\/strong>: M\u00fc\u015fteri gizlili\u011fine tam sayg\u0131.<\/p>\n<\/li>\n<\/ul>\n<h3 data-start=\"3273\" data-end=\"3293\"><strong data-start=\"3277\" data-end=\"3293\">Sonu\u00e7 Olarak<\/strong><\/h3>\n<p data-start=\"3294\" data-end=\"3614\"><strong data-start=\"3294\" data-end=\"3335\">Lorelei USB \u015earjl\u0131 Vajina Masturbat\u00f6r<\/strong>, sadece bir seks oyunca\u011f\u0131ndan \u00e7ok daha fazlas\u0131d\u0131r. Ger\u00e7ek\u00e7i tasar\u0131m\u0131, kaliteli yap\u0131s\u0131 ve fonksiyonel \u00f6zellikleri ile erkekler i\u00e7in kusursuz bir cinsel deneyim sunar. Hem g\u00f6rsel hem de duygusal a\u00e7\u0131dan tatmin sa\u011flayarak, daha \u00f6nce deneyimlemedi\u011finiz bir zevki ke\u015ffetmenizi sa\u011flar.<\/p>\n<p data-start=\"3616\" data-end=\"3681\"><strong data-start=\"3616\" data-end=\"3681\">Siz de Lorelei ile cinsel tatmini en y\u00fcksek seviyeye \u00e7\u0131kar\u0131n!<\/strong><\/p>\n<p>&nbsp;<\/p>\n<p>&nbsp;<\/p>\n<p><a href=\"http:\/\/api.whatsapp.com\/send?phone=905304676616&amp;text=Sipari%C5%9F%20Vermek%20%C4%B0stiyorum%20haremshop%20BDM1240\"><img fetchpriority=\"high\" decoding=\"async\" class=\"alignnone\" src=\"https:\/\/static.ticimax.cloud\/32886\/uploads\/editoruploads\/whatsapp-destek-hatti.gif\" alt=\"\" width=\"750\" height=\"117\" \/><\/a><\/p>\n<p><img decoding=\"async\" style=\"width: 400px;height: 400px\" src=\"https:\/\/static.ticimax.cloud\/32886\/uploads\/editoruploads\/111111bdm1240gif.gif\" alt=\"\" \/><\/p>\n","protected":false},"excerpt":{"rendered":"<p><strong data-start=\"223\" data-end=\"264\">Lorelei USB \u015earjl\u0131 Vajina Masturbat\u00f6r<\/strong> ile ki\u015fisel zevkinizde yeni bir seviyeye ge\u00e7in. Hem g\u00f6rsel hem de duygusal a\u00e7\u0131dan sizi tatmin edecek bu geli\u015fmi\u015f seks oyunca\u011f\u0131, ger\u00e7ek\u00e7i tasar\u0131m\u0131, fonksiyonel \u00f6zellikleri ve kaliteli yap\u0131s\u0131yla \u00f6ne \u00e7\u0131k\u0131yor. \u015eimdi, ihtiyac\u0131n\u0131z olan en do\u011fal ve heyecan verici deneyimi sunmak i\u00e7in burada!<\/p>\n","protected":false},"featured_media":42958,"comment_status":"closed","ping_status":"closed","template":"","meta":[],"product_brand":[],"product_cat":[503],"product_tag":[],"class_list":{"0":"post-42956","1":"product","2":"type-product","3":"status-publish","4":"has-post-thumbnail","6":"product_cat-vajina-ve-masturbator","8":"first","9":"instock","10":"purchasable","11":"product-type-simple"},"yoast_head":"<!-- This site is optimized with the Yoast SEO Premium plugin v24.4 (Yoast SEO v27.1.1) - https:\/\/yoast.com\/product\/yoast-seo-premium-wordpress\/ -->\n<title>Usb \u015earjl\u0131 Rotasyonlu I\u0307leri Geri Hareketli Sesli Vajina Masturbat\u00f6r - Lorelei - Bursa Erotik Shop<\/title>\n<meta name=\"robots\" content=\"index, follow, max-snippet:-1, max-image-preview:large, max-video-preview:-1\" \/>\n<link rel=\"canonical\" href=\"https:\/\/hobierotikshop.com.tr\/website1\/erotik-shop-urun\/usb-sarjli-rotasyonlu-ileri-geri-hareketli-sesli-vajina-masturbator-lorelei\/\" \/>\n<meta property=\"og:locale\" content=\"tr_TR\" \/>\n<meta property=\"og:type\" content=\"article\" \/>\n<meta property=\"og:title\" content=\"Usb \u015earjl\u0131 Rotasyonlu I\u0307leri Geri Hareketli Sesli Vajina Masturbat\u00f6r - Lorelei\" \/>\n<meta property=\"og:description\" content=\"Lorelei USB \u015earjl\u0131 Vajina Masturbat\u00f6r ile ki\u015fisel zevkinizde yeni bir seviyeye ge\u00e7in. Hem g\u00f6rsel hem de duygusal a\u00e7\u0131dan sizi tatmin edecek bu geli\u015fmi\u015f seks oyunca\u011f\u0131, ger\u00e7ek\u00e7i tasar\u0131m\u0131, fonksiyonel \u00f6zellikleri ve kaliteli yap\u0131s\u0131yla \u00f6ne \u00e7\u0131k\u0131yor. \u015eimdi, ihtiyac\u0131n\u0131z olan en do\u011fal ve heyecan verici deneyimi sunmak i\u00e7in burada!\" \/>\n<meta property=\"og:url\" content=\"https:\/\/hobierotikshop.com.tr\/website1\/erotik-shop-urun\/usb-sarjli-rotasyonlu-ileri-geri-hareketli-sesli-vajina-masturbator-lorelei\/\" \/>\n<meta property=\"og:site_name\" content=\"Bursa Erotik Shop\" \/>\n<meta property=\"article:modified_time\" content=\"2026-01-17T11:06:18+00:00\" \/>\n<meta property=\"og:image\" content=\"https:\/\/hobierotikshop.com.tr\/website1\/wp-content\/uploads\/2025\/04\/usb-sarjli-rotasyonlu-ileri-geri-harek-1518d.jpg\" \/>\n\t<meta property=\"og:image:width\" content=\"455\" \/>\n\t<meta property=\"og:image:height\" content=\"455\" \/>\n\t<meta property=\"og:image:type\" content=\"image\/jpeg\" \/>\n<meta name=\"twitter:card\" content=\"summary_large_image\" \/>\n<meta name=\"twitter:site\" content=\"@shopbursa\" \/>\n<meta name=\"twitter:label1\" content=\"Fiyat\" \/>\n\t<meta name=\"twitter:data1\" content=\"&#8378;10.000,00\" \/>\n\t<meta name=\"twitter:label2\" content=\"Availability\" \/>\n\t<meta name=\"twitter:data2\" content=\"In stock\" \/>\n<script type=\"application\/ld+json\" class=\"yoast-schema-graph\">{\"@context\":\"https:\/\/schema.org\",\"@graph\":[{\"@type\":\"WebPage\",\"@id\":\"https:\/\/hobierotikshop.com.tr\/website1\/erotik-shop-urun\/usb-sarjli-rotasyonlu-ileri-geri-hareketli-sesli-vajina-masturbator-lorelei\/\",\"url\":\"https:\/\/hobierotikshop.com.tr\/website1\/erotik-shop-urun\/usb-sarjli-rotasyonlu-ileri-geri-hareketli-sesli-vajina-masturbator-lorelei\/\",\"name\":\"Usb \u015earjl\u0131 Rotasyonlu I\u0307leri Geri Hareketli Sesli Vajina Masturbat\u00f6r - Lorelei - Bursa Erotik Shop\",\"isPartOf\":{\"@id\":\"https:\/\/hobierotikshop.com.tr\/website1\/#website\"},\"primaryImageOfPage\":{\"@id\":\"https:\/\/hobierotikshop.com.tr\/website1\/erotik-shop-urun\/usb-sarjli-rotasyonlu-ileri-geri-hareketli-sesli-vajina-masturbator-lorelei\/#primaryimage\"},\"image\":{\"@id\":\"https:\/\/hobierotikshop.com.tr\/website1\/erotik-shop-urun\/usb-sarjli-rotasyonlu-ileri-geri-hareketli-sesli-vajina-masturbator-lorelei\/#primaryimage\"},\"thumbnailUrl\":\"https:\/\/haremerotikshop.com\/site\/wp-content\/uploads\/2025\/04\/usb-sarjli-rotasyonlu-ileri-geri-harek-1518d.jpg\",\"datePublished\":\"2025-04-26T13:35:41+00:00\",\"dateModified\":\"2026-01-17T11:06:18+00:00\",\"breadcrumb\":{\"@id\":\"https:\/\/hobierotikshop.com.tr\/website1\/erotik-shop-urun\/usb-sarjli-rotasyonlu-ileri-geri-hareketli-sesli-vajina-masturbator-lorelei\/#breadcrumb\"},\"inLanguage\":\"tr\",\"potentialAction\":[{\"@type\":\"ReadAction\",\"target\":[\"https:\/\/hobierotikshop.com.tr\/website1\/erotik-shop-urun\/usb-sarjli-rotasyonlu-ileri-geri-hareketli-sesli-vajina-masturbator-lorelei\/\"]}]},{\"@type\":\"ImageObject\",\"inLanguage\":\"tr\",\"@id\":\"https:\/\/hobierotikshop.com.tr\/website1\/erotik-shop-urun\/usb-sarjli-rotasyonlu-ileri-geri-hareketli-sesli-vajina-masturbator-lorelei\/#primaryimage\",\"url\":\"https:\/\/haremerotikshop.com\/site\/wp-content\/uploads\/2025\/04\/usb-sarjli-rotasyonlu-ileri-geri-harek-1518d.jpg\",\"contentUrl\":\"https:\/\/haremerotikshop.com\/site\/wp-content\/uploads\/2025\/04\/usb-sarjli-rotasyonlu-ileri-geri-harek-1518d.jpg\",\"width\":455,\"height\":455},{\"@type\":\"BreadcrumbList\",\"@id\":\"https:\/\/hobierotikshop.com.tr\/website1\/erotik-shop-urun\/usb-sarjli-rotasyonlu-ileri-geri-hareketli-sesli-vajina-masturbator-lorelei\/#breadcrumb\",\"itemListElement\":[{\"@type\":\"ListItem\",\"position\":1,\"name\":\"Anasayfa\",\"item\":\"https:\/\/hobierotikshop.com.tr\/website1\/\"},{\"@type\":\"ListItem\",\"position\":2,\"name\":\"Erotik Shop \u00dcr\u00fcnleri\",\"item\":\"https:\/\/hobierotikshop.com.tr\/website1\/shop\/\"},{\"@type\":\"ListItem\",\"position\":3,\"name\":\"Usb \u015earjl\u0131 Rotasyonlu I\u0307leri Geri Hareketli Sesli Vajina Masturbat\u00f6r &#8211; Lorelei\"}]},{\"@type\":\"WebSite\",\"@id\":\"https:\/\/hobierotikshop.com.tr\/website1\/#website\",\"url\":\"https:\/\/hobierotikshop.com.tr\/website1\/\",\"name\":\"Bursa Erotik Shop\",\"description\":\"Bursa Erotik Shop ile g\u00fcvenli, gizli ve kaliteli yeti\u015fkin \u00fcr\u00fcnleri al\u0131\u015fveri\u015fi! Geni\u015f \u00fcr\u00fcn yelpazemizi ke\u015ffedin, hemen sipari\u015f verin\",\"publisher\":{\"@id\":\"https:\/\/hobierotikshop.com.tr\/website1\/#organization\"},\"alternateName\":\"Erotik Shop\",\"potentialAction\":[{\"@type\":\"SearchAction\",\"target\":{\"@type\":\"EntryPoint\",\"urlTemplate\":\"https:\/\/hobierotikshop.com.tr\/website1\/?s={search_term_string}\"},\"query-input\":{\"@type\":\"PropertyValueSpecification\",\"valueRequired\":true,\"valueName\":\"search_term_string\"}}],\"inLanguage\":\"tr\"},{\"@type\":\"Organization\",\"@id\":\"https:\/\/hobierotikshop.com.tr\/website1\/#organization\",\"name\":\"Harem Bursa Erotik Shop\",\"url\":\"https:\/\/hobierotikshop.com.tr\/website1\/\",\"logo\":{\"@type\":\"ImageObject\",\"inLanguage\":\"tr\",\"@id\":\"https:\/\/hobierotikshop.com.tr\/website1\/#\/schema\/logo\/image\/\",\"url\":\"https:\/\/haremerotikshop.com\/site\/wp-content\/uploads\/2025\/03\/haremsexshop.png\",\"contentUrl\":\"https:\/\/haremerotikshop.com\/site\/wp-content\/uploads\/2025\/03\/haremsexshop.png\",\"width\":400,\"height\":100,\"caption\":\"Harem Bursa Erotik Shop\"},\"image\":{\"@id\":\"https:\/\/hobierotikshop.com.tr\/website1\/#\/schema\/logo\/image\/\"},\"sameAs\":[\"https:\/\/x.com\/shopbursa\"],\"publishingPrinciples\":\"https:\/\/hobierotikshop.com.tr\/website1\/mesafeli-satis-sozlesmesi\/\",\"ownershipFundingInfo\":\"https:\/\/hobierotikshop.com.tr\/website1\/contact-us\/\",\"actionableFeedbackPolicy\":\"https:\/\/hobierotikshop.com.tr\/website1\/contact-us\/\",\"correctionsPolicy\":\"https:\/\/hobierotikshop.com.tr\/website1\/mesafeli-satis-sozlesmesi\/\"}]}<\/script>\n<meta property=\"product:price:amount\" content=\"10000.00\" \/>\n<meta property=\"product:price:currency\" content=\"TRY\" \/>\n<meta property=\"og:availability\" content=\"instock\" \/>\n<meta property=\"product:availability\" content=\"instock\" \/>\n<meta property=\"product:retailer_item_id\" content=\"BDM1240\" \/>\n<meta property=\"product:condition\" content=\"new\" \/>\n<!-- \/ Yoast SEO Premium plugin. -->","yoast_head_json":{"title":"Usb \u015earjl\u0131 Rotasyonlu I\u0307leri Geri Hareketli Sesli Vajina Masturbat\u00f6r - Lorelei - Bursa Erotik Shop","robots":{"index":"index","follow":"follow","max-snippet":"max-snippet:-1","max-image-preview":"max-image-preview:large","max-video-preview":"max-video-preview:-1"},"canonical":"https:\/\/hobierotikshop.com.tr\/website1\/erotik-shop-urun\/usb-sarjli-rotasyonlu-ileri-geri-hareketli-sesli-vajina-masturbator-lorelei\/","og_locale":"tr_TR","og_type":"article","og_title":"Usb \u015earjl\u0131 Rotasyonlu I\u0307leri Geri Hareketli Sesli Vajina Masturbat\u00f6r - Lorelei","og_description":"Lorelei USB \u015earjl\u0131 Vajina Masturbat\u00f6r ile ki\u015fisel zevkinizde yeni bir seviyeye ge\u00e7in. Hem g\u00f6rsel hem de duygusal a\u00e7\u0131dan sizi tatmin edecek bu geli\u015fmi\u015f seks oyunca\u011f\u0131, ger\u00e7ek\u00e7i tasar\u0131m\u0131, fonksiyonel \u00f6zellikleri ve kaliteli yap\u0131s\u0131yla \u00f6ne \u00e7\u0131k\u0131yor. \u015eimdi, ihtiyac\u0131n\u0131z olan en do\u011fal ve heyecan verici deneyimi sunmak i\u00e7in burada!","og_url":"https:\/\/hobierotikshop.com.tr\/website1\/erotik-shop-urun\/usb-sarjli-rotasyonlu-ileri-geri-hareketli-sesli-vajina-masturbator-lorelei\/","og_site_name":"Bursa Erotik Shop","article_modified_time":"2026-01-17T11:06:18+00:00","og_image":[{"width":455,"height":455,"url":"https:\/\/hobierotikshop.com.tr\/website1\/wp-content\/uploads\/2025\/04\/usb-sarjli-rotasyonlu-ileri-geri-harek-1518d.jpg","type":"image\/jpeg"}],"twitter_card":"summary_large_image","twitter_site":"@shopbursa","twitter_misc":{"Fiyat":"&#8378;10.000,00","Availability":"In stock"},"schema":{"@context":"https:\/\/schema.org","@graph":[{"@type":"WebPage","@id":"https:\/\/hobierotikshop.com.tr\/website1\/erotik-shop-urun\/usb-sarjli-rotasyonlu-ileri-geri-hareketli-sesli-vajina-masturbator-lorelei\/","url":"https:\/\/hobierotikshop.com.tr\/website1\/erotik-shop-urun\/usb-sarjli-rotasyonlu-ileri-geri-hareketli-sesli-vajina-masturbator-lorelei\/","name":"Usb \u015earjl\u0131 Rotasyonlu I\u0307leri Geri Hareketli Sesli Vajina Masturbat\u00f6r - Lorelei - Bursa Erotik Shop","isPartOf":{"@id":"https:\/\/hobierotikshop.com.tr\/website1\/#website"},"primaryImageOfPage":{"@id":"https:\/\/hobierotikshop.com.tr\/website1\/erotik-shop-urun\/usb-sarjli-rotasyonlu-ileri-geri-hareketli-sesli-vajina-masturbator-lorelei\/#primaryimage"},"image":{"@id":"https:\/\/hobierotikshop.com.tr\/website1\/erotik-shop-urun\/usb-sarjli-rotasyonlu-ileri-geri-hareketli-sesli-vajina-masturbator-lorelei\/#primaryimage"},"thumbnailUrl":"https:\/\/haremerotikshop.com\/site\/wp-content\/uploads\/2025\/04\/usb-sarjli-rotasyonlu-ileri-geri-harek-1518d.jpg","datePublished":"2025-04-26T13:35:41+00:00","dateModified":"2026-01-17T11:06:18+00:00","breadcrumb":{"@id":"https:\/\/hobierotikshop.com.tr\/website1\/erotik-shop-urun\/usb-sarjli-rotasyonlu-ileri-geri-hareketli-sesli-vajina-masturbator-lorelei\/#breadcrumb"},"inLanguage":"tr","potentialAction":[{"@type":"ReadAction","target":["https:\/\/hobierotikshop.com.tr\/website1\/erotik-shop-urun\/usb-sarjli-rotasyonlu-ileri-geri-hareketli-sesli-vajina-masturbator-lorelei\/"]}]},{"@type":"ImageObject","inLanguage":"tr","@id":"https:\/\/hobierotikshop.com.tr\/website1\/erotik-shop-urun\/usb-sarjli-rotasyonlu-ileri-geri-hareketli-sesli-vajina-masturbator-lorelei\/#primaryimage","url":"https:\/\/haremerotikshop.com\/site\/wp-content\/uploads\/2025\/04\/usb-sarjli-rotasyonlu-ileri-geri-harek-1518d.jpg","contentUrl":"https:\/\/haremerotikshop.com\/site\/wp-content\/uploads\/2025\/04\/usb-sarjli-rotasyonlu-ileri-geri-harek-1518d.jpg","width":455,"height":455},{"@type":"BreadcrumbList","@id":"https:\/\/hobierotikshop.com.tr\/website1\/erotik-shop-urun\/usb-sarjli-rotasyonlu-ileri-geri-hareketli-sesli-vajina-masturbator-lorelei\/#breadcrumb","itemListElement":[{"@type":"ListItem","position":1,"name":"Anasayfa","item":"https:\/\/hobierotikshop.com.tr\/website1\/"},{"@type":"ListItem","position":2,"name":"Erotik Shop \u00dcr\u00fcnleri","item":"https:\/\/hobierotikshop.com.tr\/website1\/shop\/"},{"@type":"ListItem","position":3,"name":"Usb \u015earjl\u0131 Rotasyonlu I\u0307leri Geri Hareketli Sesli Vajina Masturbat\u00f6r &#8211; Lorelei"}]},{"@type":"WebSite","@id":"https:\/\/hobierotikshop.com.tr\/website1\/#website","url":"https:\/\/hobierotikshop.com.tr\/website1\/","name":"Bursa Erotik Shop","description":"Bursa Erotik Shop ile g\u00fcvenli, gizli ve kaliteli yeti\u015fkin \u00fcr\u00fcnleri al\u0131\u015fveri\u015fi! Geni\u015f \u00fcr\u00fcn yelpazemizi ke\u015ffedin, hemen sipari\u015f verin","publisher":{"@id":"https:\/\/hobierotikshop.com.tr\/website1\/#organization"},"alternateName":"Erotik Shop","potentialAction":[{"@type":"SearchAction","target":{"@type":"EntryPoint","urlTemplate":"https:\/\/hobierotikshop.com.tr\/website1\/?s={search_term_string}"},"query-input":{"@type":"PropertyValueSpecification","valueRequired":true,"valueName":"search_term_string"}}],"inLanguage":"tr"},{"@type":"Organization","@id":"https:\/\/hobierotikshop.com.tr\/website1\/#organization","name":"Harem Bursa Erotik Shop","url":"https:\/\/hobierotikshop.com.tr\/website1\/","logo":{"@type":"ImageObject","inLanguage":"tr","@id":"https:\/\/hobierotikshop.com.tr\/website1\/#\/schema\/logo\/image\/","url":"https:\/\/haremerotikshop.com\/site\/wp-content\/uploads\/2025\/03\/haremsexshop.png","contentUrl":"https:\/\/haremerotikshop.com\/site\/wp-content\/uploads\/2025\/03\/haremsexshop.png","width":400,"height":100,"caption":"Harem Bursa Erotik Shop"},"image":{"@id":"https:\/\/hobierotikshop.com.tr\/website1\/#\/schema\/logo\/image\/"},"sameAs":["https:\/\/x.com\/shopbursa"],"publishingPrinciples":"https:\/\/hobierotikshop.com.tr\/website1\/mesafeli-satis-sozlesmesi\/","ownershipFundingInfo":"https:\/\/hobierotikshop.com.tr\/website1\/contact-us\/","actionableFeedbackPolicy":"https:\/\/hobierotikshop.com.tr\/website1\/contact-us\/","correctionsPolicy":"https:\/\/hobierotikshop.com.tr\/website1\/mesafeli-satis-sozlesmesi\/"}]},"product_price_amount":"10000.00","product_price_currency":"TRY","og_availability":"instock","product_availability":"instock","product_retailer_item_id":"BDM1240","product_condition":"new"},"_links":{"self":[{"href":"https:\/\/haremerotikshop.com\/site\/wp-json\/wp\/v2\/product\/42956","targetHints":{"allow":["GET"]}}],"collection":[{"href":"https:\/\/haremerotikshop.com\/site\/wp-json\/wp\/v2\/product"}],"about":[{"href":"https:\/\/haremerotikshop.com\/site\/wp-json\/wp\/v2\/types\/product"}],"replies":[{"embeddable":true,"href":"https:\/\/haremerotikshop.com\/site\/wp-json\/wp\/v2\/comments?post=42956"}],"version-history":[{"count":0,"href":"https:\/\/haremerotikshop.com\/site\/wp-json\/wp\/v2\/product\/42956\/revisions"}],"wp:featuredmedia":[{"embeddable":true,"href":"https:\/\/haremerotikshop.com\/site\/wp-json\/wp\/v2\/media\/42958"}],"wp:attachment":[{"href":"https:\/\/haremerotikshop.com\/site\/wp-json\/wp\/v2\/media?parent=42956"}],"wp:term":[{"taxonomy":"product_brand","embeddable":true,"href":"https:\/\/haremerotikshop.com\/site\/wp-json\/wp\/v2\/product_brand?post=42956"},{"taxonomy":"product_cat","embeddable":true,"href":"https:\/\/haremerotikshop.com\/site\/wp-json\/wp\/v2\/product_cat?post=42956"},{"taxonomy":"product_tag","embeddable":true,"href":"https:\/\/haremerotikshop.com\/site\/wp-json\/wp\/v2\/product_tag?post=42956"}],"curies":[{"name":"wp","href":"https:\/\/api.w.org\/{rel}","templated":true}]}}