{"id":43213,"date":"2025-04-26T16:40:29","date_gmt":"2025-04-26T13:40:29","guid":{"rendered":"https:\/\/haremerotikshop.com\/site\/erotik-shop-urun\/usb-manyetik-sarjli-20-cm-belden-baglamali-ileri-geri-hareketli-titresimli-dildo\/"},"modified":"2026-01-18T18:15:19","modified_gmt":"2026-01-18T15:15:19","slug":"usb-manyetik-sarjli-20-cm-belden-baglamali-ileri-geri-hareketli-titresimli-dildo","status":"publish","type":"product","link":"https:\/\/haremerotikshop.com\/site\/erotik-shop-urun\/usb-manyetik-sarjli-20-cm-belden-baglamali-ileri-geri-hareketli-titresimli-dildo\/","title":{"rendered":"Usb Manyetik \u015earjl\u0131 20 Cm Belden Ba\u011flamal\u0131 I\u0307leri Geri Hareketli Titre\u015fimli Dildo"},"content":{"rendered":"<h2 class=\"\" data-start=\"168\" data-end=\"298\"><strong data-start=\"171\" data-end=\"298\">USB \u015earjl\u0131 20 cm Belden Ba\u011flamal\u0131 \u0130leri Geri Hareketli ve Titre\u015fimli Ger\u00e7ek\u00e7i Dildo \u2013 S\u0131n\u0131r Tan\u0131mayan Zevk \u0130\u00e7in Tasarland\u0131!<\/strong><\/h2>\n<p class=\"\" data-start=\"300\" data-end=\"666\">Cinsel haz aray\u0131\u015f\u0131nda bir \u00fcst seviyeye ge\u00e7meye haz\u0131r m\u0131s\u0131n\u0131z? <strong data-start=\"362\" data-end=\"407\">USB Manyetik \u015earjl\u0131 20 cm Realistik Dildo<\/strong>, ileri-geri hareket \u00f6zelli\u011fi ve titre\u015fimli yap\u0131s\u0131yla sadece bedeninizi de\u011fil, hayal g\u00fcc\u00fcn\u00fcz\u00fc de harekete ge\u00e7irecek! Ger\u00e7ek\u00e7i ten dokusu, yumu\u015fac\u0131k et hissi ve \u00fcst\u00fcn malzeme kalitesiyle bu \u00fcr\u00fcn, solo veya partnerli kullan\u0131mda vazge\u00e7ilmez bir haz arac\u0131 olacak.<\/p>\n<hr class=\"\" data-start=\"668\" data-end=\"671\" \/>\n<h3 class=\"\" data-start=\"673\" data-end=\"700\">\u2b50 <strong data-start=\"679\" data-end=\"700\">\u00dcr\u00fcn \u00d6zellikleri:<\/strong><\/h3>\n<ul data-start=\"702\" data-end=\"1345\">\n<li class=\"\" data-start=\"702\" data-end=\"734\">\n<p class=\"\" data-start=\"704\" data-end=\"734\">\ud83d\udd39 <strong data-start=\"707\" data-end=\"726\">Toplam Uzunluk:<\/strong> 20 cm<\/p>\n<\/li>\n<li class=\"\" data-start=\"735\" data-end=\"768\">\n<p class=\"\" data-start=\"737\" data-end=\"768\">\ud83d\udd39 <strong data-start=\"740\" data-end=\"759\">\u00c7ap (Kal\u0131nl\u0131k):<\/strong> 3,5 cm<\/p>\n<\/li>\n<li class=\"\" data-start=\"769\" data-end=\"846\">\n<p class=\"\" data-start=\"771\" data-end=\"846\">\ud83d\udd39 <strong data-start=\"774\" data-end=\"811\">3 Farkl\u0131 \u0130leri-Geri Hareket Modu:<\/strong> Ger\u00e7ek\u00e7i penetrasyon hissi sunar<\/p>\n<\/li>\n<li class=\"\" data-start=\"847\" data-end=\"925\">\n<p class=\"\" data-start=\"849\" data-end=\"925\">\ud83d\udd39 <strong data-start=\"852\" data-end=\"876\">Titre\u015fim Fonksiyonu:<\/strong> Derin kas\u0131lma hissi ile maksimum tatmin sa\u011flar<\/p>\n<\/li>\n<li class=\"\" data-start=\"926\" data-end=\"1005\">\n<p class=\"\" data-start=\"928\" data-end=\"1005\">\ud83d\udd39 <strong data-start=\"931\" data-end=\"962\">USB Manyetik \u015earj \u00d6zelli\u011fi:<\/strong> Pratik, kablosuz ve \u00e7evre dostu kullan\u0131m<\/p>\n<\/li>\n<li class=\"\" data-start=\"1006\" data-end=\"1073\">\n<p class=\"\" data-start=\"1008\" data-end=\"1073\">\ud83d\udd39 <strong data-start=\"1011\" data-end=\"1044\">%100 Yumu\u015fak ve \u0130peksi Y\u00fczey:<\/strong> Ger\u00e7ek bir ten hissi sunar<\/p>\n<\/li>\n<li class=\"\" data-start=\"1074\" data-end=\"1153\">\n<p class=\"\" data-start=\"1076\" data-end=\"1153\">\ud83d\udd39 <strong data-start=\"1079\" data-end=\"1098\">Vantuzlu Taban:<\/strong> Ellersiz kullan\u0131m i\u00e7in her d\u00fcz zemine sabitlenebilir<\/p>\n<\/li>\n<li class=\"\" data-start=\"1154\" data-end=\"1218\">\n<p class=\"\" data-start=\"1156\" data-end=\"1218\">\ud83d\udd39 <strong data-start=\"1159\" data-end=\"1216\">Belden Ba\u011flamal\u0131 Kullan\u0131ma Uygun (Harness Compatible)<\/strong><\/p>\n<\/li>\n<li class=\"\" data-start=\"1219\" data-end=\"1279\">\n<p class=\"\" data-start=\"1221\" data-end=\"1279\">\ud83d\udd39 <strong data-start=\"1224\" data-end=\"1277\">Phthalate \u0130\u00e7ermez \u2013 Cilt Dostu ve G\u00fcvenli Malzeme<\/strong><\/p>\n<\/li>\n<li class=\"\" data-start=\"1280\" data-end=\"1345\">\n<p class=\"\" data-start=\"1282\" data-end=\"1345\">\ud83d\udd39 <strong data-start=\"1285\" data-end=\"1304\">Kolay Temizlik:<\/strong> Suya dayan\u0131kl\u0131 y\u00fczey ile pratik temizlik<\/p>\n<\/li>\n<\/ul>\n<hr class=\"\" data-start=\"1347\" data-end=\"1350\" \/>\n<h3 class=\"\" data-start=\"1352\" data-end=\"1408\">\ud83d\udca5 <strong data-start=\"1359\" data-end=\"1408\">Yenilik\u00e7i Hareket Sistemi ile Fark\u0131 Hissedin!<\/strong><\/h3>\n<p class=\"\" data-start=\"1410\" data-end=\"1705\">Ger\u00e7ekten hissedilen, ileri-geri hareket kabiliyeti sayesinde klasik vibrat\u00f6rlerin \u00f6tesine ge\u00e7in. Bu dildo yaln\u0131zca titre\u015fimle de\u011fil, t\u0131pk\u0131 ger\u00e7ek bir penetrasyon gibi mekanik hareketlerle sizi \u015f\u0131mart\u0131r. Cinsel deneyiminizi zirveye ta\u015f\u0131mak isteyen kullan\u0131c\u0131lar i\u00e7in \u00f6zel olarak geli\u015ftirilmi\u015ftir.<\/p>\n<hr class=\"\" data-start=\"1707\" data-end=\"1710\" \/>\n<h3 class=\"\" data-start=\"1712\" data-end=\"1757\">\ud83e\uddfc <strong data-start=\"1719\" data-end=\"1757\">Hijyenik, Dayan\u0131kl\u0131 ve Uzun \u00d6m\u00fcrl\u00fc<\/strong><\/h3>\n<p class=\"\" data-start=\"1759\" data-end=\"1999\">Ger\u00e7ek\u00e7i et dokusuna sahip bu model, kolayca temizlenebilir y\u00fczeyi sayesinde hijyenik kullan\u0131m sa\u011flar. Il\u0131k su ve nazik bir temizleyiciyle rahatl\u0131kla y\u0131kanabilir. Sa\u011flam yap\u0131s\u0131 ve kaliteli materyaliyle uzun y\u0131llar g\u00fcvenle kullanabilirsiniz.<\/p>\n<hr class=\"\" data-start=\"2001\" data-end=\"2004\" \/>\n<h3 class=\"\" data-start=\"2006\" data-end=\"2047\">\ud83c\udf81 <strong data-start=\"2013\" data-end=\"2047\">Kutu \u0130\u00e7eri\u011fi ve Kargo Bilgisi:<\/strong><\/h3>\n<ul data-start=\"2049\" data-end=\"2238\">\n<li class=\"\" data-start=\"2049\" data-end=\"2113\">\n<p class=\"\" data-start=\"2051\" data-end=\"2113\">\u2714\ufe0f 1 Adet USB \u015earjl\u0131 Titre\u015fimli ve Hareketli Realistik Dildo<\/p>\n<\/li>\n<li class=\"\" data-start=\"2114\" data-end=\"2146\">\n<p class=\"\" data-start=\"2116\" data-end=\"2146\">\u2714\ufe0f USB Manyetik \u015earj Kablosu<\/p>\n<\/li>\n<li class=\"\" data-start=\"2147\" data-end=\"2196\">\n<p class=\"\" data-start=\"2149\" data-end=\"2196\">\u2714\ufe0f Orijinal Paketinde, Discreet (Gizli) Kargo<\/p>\n<\/li>\n<li class=\"\" data-start=\"2197\" data-end=\"2238\">\n<p class=\"\" data-start=\"2199\" data-end=\"2238\">\u2714\ufe0f Kullan\u0131m Talimat\u0131 ve Garanti Bilgisi<\/p>\n<\/li>\n<\/ul>\n<hr class=\"\" data-start=\"2240\" data-end=\"2243\" \/>\n<h3 class=\"\" data-start=\"2245\" data-end=\"2293\">\ud83d\ude9a <strong data-start=\"2252\" data-end=\"2293\">Gizlilik &amp; G\u00fcvenli Teslimat Garantili<\/strong><\/h3>\n<ul data-start=\"2295\" data-end=\"2577\">\n<li class=\"\" data-start=\"2295\" data-end=\"2351\">\n<p class=\"\" data-start=\"2297\" data-end=\"2351\">\u2705 <strong data-start=\"2299\" data-end=\"2349\">Kap\u0131da \u00d6deme \u2013 Nakit veya Kredi Kart\u0131 Se\u00e7ene\u011fi<\/strong><\/p>\n<\/li>\n<li class=\"\" data-start=\"2352\" data-end=\"2410\">\n<p class=\"\" data-start=\"2354\" data-end=\"2410\">\u2705 <strong data-start=\"2356\" data-end=\"2408\">H\u0131zl\u0131 Kargo \u2013 T\u00fcrkiye&#8217;nin Her Noktas\u0131na Teslimat<\/strong><\/p>\n<\/li>\n<li class=\"\" data-start=\"2411\" data-end=\"2478\">\n<p class=\"\" data-start=\"2413\" data-end=\"2478\">\u2705 <strong data-start=\"2415\" data-end=\"2476\">Tamamen Gizli Paketleme \u2013 \u0130\u00e7eri\u011fi Belirli Olmayan Ambalaj<\/strong><\/p>\n<\/li>\n<li class=\"\" data-start=\"2479\" data-end=\"2533\">\n<p class=\"\" data-start=\"2481\" data-end=\"2533\">\u2705 <strong data-start=\"2483\" data-end=\"2531\">Orijinal \u00dcr\u00fcn ve Firma G\u00fcvencesiyle G\u00f6nderim<\/strong><\/p>\n<\/li>\n<li class=\"\" data-start=\"2534\" data-end=\"2577\">\n<p class=\"\" data-start=\"2536\" data-end=\"2577\">\u2705 <strong data-start=\"2538\" data-end=\"2577\">7\/24 Destek ve Kolay \u0130ade Garantisi<\/strong><\/p>\n<\/li>\n<\/ul>\n<hr class=\"\" data-start=\"2579\" data-end=\"2582\" \/>\n<h3 class=\"\" data-start=\"2584\" data-end=\"2625\">\ud83c\udfaf <strong data-start=\"2591\" data-end=\"2625\">Neden Bu \u00dcr\u00fcn Tercih Edilmeli?<\/strong><\/h3>\n<p class=\"\" data-start=\"2627\" data-end=\"2927\">\u2714\ufe0f Ger\u00e7ek\u00e7i doku ve ileri geri mekanik hareket<br data-start=\"2673\" data-end=\"2676\" \/>\u2714\ufe0f Titre\u015fim \u00f6zelli\u011fi ile birle\u015fen \u00e7ift y\u00f6nl\u00fc haz<br data-start=\"2724\" data-end=\"2727\" \/>\u2714\ufe0f USB ile kolay \u015farj \u2013 kablosuz kullan\u0131m \u00f6zg\u00fcrl\u00fc\u011f\u00fc<br data-start=\"2778\" data-end=\"2781\" \/>\u2714\ufe0f Solo ya da \u00e7iftlerle kullan\u0131labilir ergonomik tasar\u0131m<br data-start=\"2837\" data-end=\"2840\" \/>\u2714\ufe0f Sa\u011fl\u0131\u011fa zarars\u0131z malzeme, g\u00fcvenli deneyim<br data-start=\"2884\" data-end=\"2887\" \/>\u2714\ufe0f Belden ba\u011flamal\u0131 harness ile tam uyum<\/p>\n<hr class=\"\" data-start=\"2929\" data-end=\"2932\" \/>\n<h2 class=\"\" data-start=\"2934\" data-end=\"2969\"><strong data-start=\"2937\" data-end=\"2969\">Siz de Ger\u00e7ek Hazla Tan\u0131\u015f\u0131n!<\/strong><\/h2>\n<p class=\"\" data-start=\"2971\" data-end=\"3198\"><strong data-start=\"2971\" data-end=\"3034\">USB Manyetik \u015earjl\u0131 20 cm Belden Ba\u011flamal\u0131 Titre\u015fimli Dildo<\/strong>, her kullan\u0131\u015fta bir ad\u0131m daha ileri g\u00f6t\u00fcren e\u015fsiz tasar\u0131m\u0131 ve konforlu yap\u0131s\u0131yla sizi bekliyor. <strong data-start=\"3131\" data-end=\"3154\">\u015eimdi sipari\u015f verin<\/strong>, yepyeni bir deneyimin kap\u0131lar\u0131n\u0131 aralay\u0131n!<\/p>\n<hr class=\"\" data-start=\"3200\" data-end=\"3203\" \/>\n<h3 class=\"\" data-start=\"3205\" data-end=\"3239\"><\/h3>\n<p class=\"\" data-start=\"3241\" data-end=\"3516\"><em data-start=\"3241\" data-end=\"3259\">usb \u015farjl\u0131 dildo<\/em>, <em data-start=\"3261\" data-end=\"3285\">titre\u015fimli yapay penis<\/em>, <em data-start=\"3287\" data-end=\"3311\">hareketli dildo modeli<\/em>, <em data-start=\"3313\" data-end=\"3335\">20 cm ger\u00e7ek\u00e7i dildo<\/em>, <em data-start=\"3337\" data-end=\"3364\">belden ba\u011flamal\u0131 vibrat\u00f6r<\/em>, <em data-start=\"3366\" data-end=\"3393\">gizli kargo seks oyunca\u011f\u0131<\/em>, <em data-start=\"3395\" data-end=\"3423\">phthalate free yapay penis<\/em>, <em data-start=\"3425\" data-end=\"3451\">ger\u00e7ek\u00e7i et dokulu dildo<\/em>, <em data-start=\"3453\" data-end=\"3478\">realistik seks \u00fcr\u00fcnleri<\/em>, <em data-start=\"3480\" data-end=\"3516\">partnerli kullan\u0131ma uygun vibrat\u00f6r<\/em><\/p>\n<p>&nbsp;<\/p>\n<p>&nbsp;<\/p>\n<p><a href=\"http:\/\/api.whatsapp.com\/send?phone=905304676616&amp;text=Sipari%C5%9F%20Vermek%20%C4%B0stiyorum%20haremshop%20BDM1311\"><img fetchpriority=\"high\" decoding=\"async\" class=\"alignnone\" src=\"https:\/\/static.ticimax.cloud\/32886\/uploads\/editoruploads\/whatsapp-destek-hatti.gif\" alt=\"\" width=\"750\" height=\"117\" \/><\/a><\/p>\n","protected":false},"excerpt":{"rendered":"<p>Cinsel haz aray\u0131\u015f\u0131nda bir \u00fcst seviyeye ge\u00e7meye haz\u0131r m\u0131s\u0131n\u0131z? <strong data-start=\"362\" data-end=\"407\">USB Manyetik \u015earjl\u0131 20 cm Realistik Dildo<\/strong>, ileri-geri hareket \u00f6zelli\u011fi ve titre\u015fimli yap\u0131s\u0131yla sadece bedeninizi de\u011fil, hayal g\u00fcc\u00fcn\u00fcz\u00fc de harekete ge\u00e7irecek! Ger\u00e7ek\u00e7i ten dokusu, yumu\u015fac\u0131k et hissi ve \u00fcst\u00fcn malzeme kalitesiyle bu \u00fcr\u00fcn, solo veya partnerli kullan\u0131mda vazge\u00e7ilmez bir haz arac\u0131 olacak.<\/p>\n","protected":false},"featured_media":43215,"comment_status":"closed","ping_status":"closed","template":"","meta":[],"product_brand":[],"product_cat":[501],"product_tag":[],"class_list":{"0":"post-43213","1":"product","2":"type-product","3":"status-publish","4":"has-post-thumbnail","6":"product_cat-realistik-penisler","8":"first","9":"instock","10":"purchasable","11":"product-type-simple"},"yoast_head":"<!-- This site is optimized with the Yoast SEO Premium plugin v24.4 (Yoast SEO v27.1.1) - https:\/\/yoast.com\/product\/yoast-seo-premium-wordpress\/ -->\n<title>Usb Manyetik \u015earjl\u0131 20 Cm Belden Ba\u011flamal\u0131 I\u0307leri Geri Hareketli Titre\u015fimli Dildo - Bursa Erotik Shop<\/title>\n<meta name=\"robots\" content=\"index, follow, max-snippet:-1, max-image-preview:large, max-video-preview:-1\" \/>\n<link rel=\"canonical\" href=\"https:\/\/hobierotikshop.com.tr\/website1\/erotik-shop-urun\/usb-manyetik-sarjli-20-cm-belden-baglamali-ileri-geri-hareketli-titresimli-dildo\/\" \/>\n<meta property=\"og:locale\" content=\"tr_TR\" \/>\n<meta property=\"og:type\" content=\"article\" \/>\n<meta property=\"og:title\" content=\"Usb Manyetik \u015earjl\u0131 20 Cm Belden Ba\u011flamal\u0131 I\u0307leri Geri Hareketli Titre\u015fimli Dildo\" \/>\n<meta property=\"og:description\" content=\"Cinsel haz aray\u0131\u015f\u0131nda bir \u00fcst seviyeye ge\u00e7meye haz\u0131r m\u0131s\u0131n\u0131z? USB Manyetik \u015earjl\u0131 20 cm Realistik Dildo, ileri-geri hareket \u00f6zelli\u011fi ve titre\u015fimli yap\u0131s\u0131yla sadece bedeninizi de\u011fil, hayal g\u00fcc\u00fcn\u00fcz\u00fc de harekete ge\u00e7irecek! Ger\u00e7ek\u00e7i ten dokusu, yumu\u015fac\u0131k et hissi ve \u00fcst\u00fcn malzeme kalitesiyle bu \u00fcr\u00fcn, solo veya partnerli kullan\u0131mda vazge\u00e7ilmez bir haz arac\u0131 olacak.\" \/>\n<meta property=\"og:url\" content=\"https:\/\/hobierotikshop.com.tr\/website1\/erotik-shop-urun\/usb-manyetik-sarjli-20-cm-belden-baglamali-ileri-geri-hareketli-titresimli-dildo\/\" \/>\n<meta property=\"og:site_name\" content=\"Bursa Erotik Shop\" \/>\n<meta property=\"article:modified_time\" content=\"2026-01-18T15:15:19+00:00\" \/>\n<meta property=\"og:image\" content=\"https:\/\/hobierotikshop.com.tr\/website1\/wp-content\/uploads\/2025\/04\/usb-manyetik-sarjli-20-cm-ileri-geri-h-9a87-.jpg\" \/>\n\t<meta property=\"og:image:width\" content=\"455\" \/>\n\t<meta property=\"og:image:height\" content=\"315\" \/>\n\t<meta property=\"og:image:type\" content=\"image\/jpeg\" \/>\n<meta name=\"twitter:card\" content=\"summary_large_image\" \/>\n<meta name=\"twitter:site\" content=\"@shopbursa\" \/>\n<meta name=\"twitter:label1\" content=\"Fiyat\" \/>\n\t<meta name=\"twitter:data1\" content=\"&#8378;6.000,00\" \/>\n\t<meta name=\"twitter:label2\" content=\"Availability\" \/>\n\t<meta name=\"twitter:data2\" content=\"In stock\" \/>\n<script type=\"application\/ld+json\" class=\"yoast-schema-graph\">{\"@context\":\"https:\/\/schema.org\",\"@graph\":[{\"@type\":\"WebPage\",\"@id\":\"https:\/\/hobierotikshop.com.tr\/website1\/erotik-shop-urun\/usb-manyetik-sarjli-20-cm-belden-baglamali-ileri-geri-hareketli-titresimli-dildo\/\",\"url\":\"https:\/\/hobierotikshop.com.tr\/website1\/erotik-shop-urun\/usb-manyetik-sarjli-20-cm-belden-baglamali-ileri-geri-hareketli-titresimli-dildo\/\",\"name\":\"Usb Manyetik \u015earjl\u0131 20 Cm Belden Ba\u011flamal\u0131 I\u0307leri Geri Hareketli Titre\u015fimli Dildo - Bursa Erotik Shop\",\"isPartOf\":{\"@id\":\"https:\/\/hobierotikshop.com.tr\/website1\/#website\"},\"primaryImageOfPage\":{\"@id\":\"https:\/\/hobierotikshop.com.tr\/website1\/erotik-shop-urun\/usb-manyetik-sarjli-20-cm-belden-baglamali-ileri-geri-hareketli-titresimli-dildo\/#primaryimage\"},\"image\":{\"@id\":\"https:\/\/hobierotikshop.com.tr\/website1\/erotik-shop-urun\/usb-manyetik-sarjli-20-cm-belden-baglamali-ileri-geri-hareketli-titresimli-dildo\/#primaryimage\"},\"thumbnailUrl\":\"https:\/\/haremerotikshop.com\/site\/wp-content\/uploads\/2025\/04\/usb-manyetik-sarjli-20-cm-ileri-geri-h-9a87-.jpg\",\"datePublished\":\"2025-04-26T13:40:29+00:00\",\"dateModified\":\"2026-01-18T15:15:19+00:00\",\"breadcrumb\":{\"@id\":\"https:\/\/hobierotikshop.com.tr\/website1\/erotik-shop-urun\/usb-manyetik-sarjli-20-cm-belden-baglamali-ileri-geri-hareketli-titresimli-dildo\/#breadcrumb\"},\"inLanguage\":\"tr\",\"potentialAction\":[{\"@type\":\"ReadAction\",\"target\":[\"https:\/\/hobierotikshop.com.tr\/website1\/erotik-shop-urun\/usb-manyetik-sarjli-20-cm-belden-baglamali-ileri-geri-hareketli-titresimli-dildo\/\"]}]},{\"@type\":\"ImageObject\",\"inLanguage\":\"tr\",\"@id\":\"https:\/\/hobierotikshop.com.tr\/website1\/erotik-shop-urun\/usb-manyetik-sarjli-20-cm-belden-baglamali-ileri-geri-hareketli-titresimli-dildo\/#primaryimage\",\"url\":\"https:\/\/haremerotikshop.com\/site\/wp-content\/uploads\/2025\/04\/usb-manyetik-sarjli-20-cm-ileri-geri-h-9a87-.jpg\",\"contentUrl\":\"https:\/\/haremerotikshop.com\/site\/wp-content\/uploads\/2025\/04\/usb-manyetik-sarjli-20-cm-ileri-geri-h-9a87-.jpg\",\"width\":455,\"height\":315},{\"@type\":\"BreadcrumbList\",\"@id\":\"https:\/\/hobierotikshop.com.tr\/website1\/erotik-shop-urun\/usb-manyetik-sarjli-20-cm-belden-baglamali-ileri-geri-hareketli-titresimli-dildo\/#breadcrumb\",\"itemListElement\":[{\"@type\":\"ListItem\",\"position\":1,\"name\":\"Anasayfa\",\"item\":\"https:\/\/hobierotikshop.com.tr\/website1\/\"},{\"@type\":\"ListItem\",\"position\":2,\"name\":\"Erotik Shop \u00dcr\u00fcnleri\",\"item\":\"https:\/\/hobierotikshop.com.tr\/website1\/shop\/\"},{\"@type\":\"ListItem\",\"position\":3,\"name\":\"Usb Manyetik \u015earjl\u0131 20 Cm Belden Ba\u011flamal\u0131 I\u0307leri Geri Hareketli Titre\u015fimli Dildo\"}]},{\"@type\":\"WebSite\",\"@id\":\"https:\/\/hobierotikshop.com.tr\/website1\/#website\",\"url\":\"https:\/\/hobierotikshop.com.tr\/website1\/\",\"name\":\"Bursa Erotik Shop\",\"description\":\"Bursa Erotik Shop ile g\u00fcvenli, gizli ve kaliteli yeti\u015fkin \u00fcr\u00fcnleri al\u0131\u015fveri\u015fi! Geni\u015f \u00fcr\u00fcn yelpazemizi ke\u015ffedin, hemen sipari\u015f verin\",\"publisher\":{\"@id\":\"https:\/\/hobierotikshop.com.tr\/website1\/#organization\"},\"alternateName\":\"Erotik Shop\",\"potentialAction\":[{\"@type\":\"SearchAction\",\"target\":{\"@type\":\"EntryPoint\",\"urlTemplate\":\"https:\/\/hobierotikshop.com.tr\/website1\/?s={search_term_string}\"},\"query-input\":{\"@type\":\"PropertyValueSpecification\",\"valueRequired\":true,\"valueName\":\"search_term_string\"}}],\"inLanguage\":\"tr\"},{\"@type\":\"Organization\",\"@id\":\"https:\/\/hobierotikshop.com.tr\/website1\/#organization\",\"name\":\"Harem Bursa Erotik Shop\",\"url\":\"https:\/\/hobierotikshop.com.tr\/website1\/\",\"logo\":{\"@type\":\"ImageObject\",\"inLanguage\":\"tr\",\"@id\":\"https:\/\/hobierotikshop.com.tr\/website1\/#\/schema\/logo\/image\/\",\"url\":\"https:\/\/haremerotikshop.com\/site\/wp-content\/uploads\/2025\/03\/haremsexshop.png\",\"contentUrl\":\"https:\/\/haremerotikshop.com\/site\/wp-content\/uploads\/2025\/03\/haremsexshop.png\",\"width\":400,\"height\":100,\"caption\":\"Harem Bursa Erotik Shop\"},\"image\":{\"@id\":\"https:\/\/hobierotikshop.com.tr\/website1\/#\/schema\/logo\/image\/\"},\"sameAs\":[\"https:\/\/x.com\/shopbursa\"],\"publishingPrinciples\":\"https:\/\/hobierotikshop.com.tr\/website1\/mesafeli-satis-sozlesmesi\/\",\"ownershipFundingInfo\":\"https:\/\/hobierotikshop.com.tr\/website1\/contact-us\/\",\"actionableFeedbackPolicy\":\"https:\/\/hobierotikshop.com.tr\/website1\/contact-us\/\",\"correctionsPolicy\":\"https:\/\/hobierotikshop.com.tr\/website1\/mesafeli-satis-sozlesmesi\/\"}]}<\/script>\n<meta property=\"product:price:amount\" content=\"6000.00\" \/>\n<meta property=\"product:price:currency\" content=\"TRY\" \/>\n<meta property=\"og:availability\" content=\"instock\" \/>\n<meta property=\"product:availability\" content=\"instock\" \/>\n<meta property=\"product:retailer_item_id\" content=\"BDM1311B\" \/>\n<meta property=\"product:condition\" content=\"new\" \/>\n<!-- \/ Yoast SEO Premium plugin. -->","yoast_head_json":{"title":"Usb Manyetik \u015earjl\u0131 20 Cm Belden Ba\u011flamal\u0131 I\u0307leri Geri Hareketli Titre\u015fimli Dildo - Bursa Erotik Shop","robots":{"index":"index","follow":"follow","max-snippet":"max-snippet:-1","max-image-preview":"max-image-preview:large","max-video-preview":"max-video-preview:-1"},"canonical":"https:\/\/hobierotikshop.com.tr\/website1\/erotik-shop-urun\/usb-manyetik-sarjli-20-cm-belden-baglamali-ileri-geri-hareketli-titresimli-dildo\/","og_locale":"tr_TR","og_type":"article","og_title":"Usb Manyetik \u015earjl\u0131 20 Cm Belden Ba\u011flamal\u0131 I\u0307leri Geri Hareketli Titre\u015fimli Dildo","og_description":"Cinsel haz aray\u0131\u015f\u0131nda bir \u00fcst seviyeye ge\u00e7meye haz\u0131r m\u0131s\u0131n\u0131z? USB Manyetik \u015earjl\u0131 20 cm Realistik Dildo, ileri-geri hareket \u00f6zelli\u011fi ve titre\u015fimli yap\u0131s\u0131yla sadece bedeninizi de\u011fil, hayal g\u00fcc\u00fcn\u00fcz\u00fc de harekete ge\u00e7irecek! Ger\u00e7ek\u00e7i ten dokusu, yumu\u015fac\u0131k et hissi ve \u00fcst\u00fcn malzeme kalitesiyle bu \u00fcr\u00fcn, solo veya partnerli kullan\u0131mda vazge\u00e7ilmez bir haz arac\u0131 olacak.","og_url":"https:\/\/hobierotikshop.com.tr\/website1\/erotik-shop-urun\/usb-manyetik-sarjli-20-cm-belden-baglamali-ileri-geri-hareketli-titresimli-dildo\/","og_site_name":"Bursa Erotik Shop","article_modified_time":"2026-01-18T15:15:19+00:00","og_image":[{"width":455,"height":315,"url":"https:\/\/hobierotikshop.com.tr\/website1\/wp-content\/uploads\/2025\/04\/usb-manyetik-sarjli-20-cm-ileri-geri-h-9a87-.jpg","type":"image\/jpeg"}],"twitter_card":"summary_large_image","twitter_site":"@shopbursa","twitter_misc":{"Fiyat":"&#8378;6.000,00","Availability":"In stock"},"schema":{"@context":"https:\/\/schema.org","@graph":[{"@type":"WebPage","@id":"https:\/\/hobierotikshop.com.tr\/website1\/erotik-shop-urun\/usb-manyetik-sarjli-20-cm-belden-baglamali-ileri-geri-hareketli-titresimli-dildo\/","url":"https:\/\/hobierotikshop.com.tr\/website1\/erotik-shop-urun\/usb-manyetik-sarjli-20-cm-belden-baglamali-ileri-geri-hareketli-titresimli-dildo\/","name":"Usb Manyetik \u015earjl\u0131 20 Cm Belden Ba\u011flamal\u0131 I\u0307leri Geri Hareketli Titre\u015fimli Dildo - Bursa Erotik Shop","isPartOf":{"@id":"https:\/\/hobierotikshop.com.tr\/website1\/#website"},"primaryImageOfPage":{"@id":"https:\/\/hobierotikshop.com.tr\/website1\/erotik-shop-urun\/usb-manyetik-sarjli-20-cm-belden-baglamali-ileri-geri-hareketli-titresimli-dildo\/#primaryimage"},"image":{"@id":"https:\/\/hobierotikshop.com.tr\/website1\/erotik-shop-urun\/usb-manyetik-sarjli-20-cm-belden-baglamali-ileri-geri-hareketli-titresimli-dildo\/#primaryimage"},"thumbnailUrl":"https:\/\/haremerotikshop.com\/site\/wp-content\/uploads\/2025\/04\/usb-manyetik-sarjli-20-cm-ileri-geri-h-9a87-.jpg","datePublished":"2025-04-26T13:40:29+00:00","dateModified":"2026-01-18T15:15:19+00:00","breadcrumb":{"@id":"https:\/\/hobierotikshop.com.tr\/website1\/erotik-shop-urun\/usb-manyetik-sarjli-20-cm-belden-baglamali-ileri-geri-hareketli-titresimli-dildo\/#breadcrumb"},"inLanguage":"tr","potentialAction":[{"@type":"ReadAction","target":["https:\/\/hobierotikshop.com.tr\/website1\/erotik-shop-urun\/usb-manyetik-sarjli-20-cm-belden-baglamali-ileri-geri-hareketli-titresimli-dildo\/"]}]},{"@type":"ImageObject","inLanguage":"tr","@id":"https:\/\/hobierotikshop.com.tr\/website1\/erotik-shop-urun\/usb-manyetik-sarjli-20-cm-belden-baglamali-ileri-geri-hareketli-titresimli-dildo\/#primaryimage","url":"https:\/\/haremerotikshop.com\/site\/wp-content\/uploads\/2025\/04\/usb-manyetik-sarjli-20-cm-ileri-geri-h-9a87-.jpg","contentUrl":"https:\/\/haremerotikshop.com\/site\/wp-content\/uploads\/2025\/04\/usb-manyetik-sarjli-20-cm-ileri-geri-h-9a87-.jpg","width":455,"height":315},{"@type":"BreadcrumbList","@id":"https:\/\/hobierotikshop.com.tr\/website1\/erotik-shop-urun\/usb-manyetik-sarjli-20-cm-belden-baglamali-ileri-geri-hareketli-titresimli-dildo\/#breadcrumb","itemListElement":[{"@type":"ListItem","position":1,"name":"Anasayfa","item":"https:\/\/hobierotikshop.com.tr\/website1\/"},{"@type":"ListItem","position":2,"name":"Erotik Shop \u00dcr\u00fcnleri","item":"https:\/\/hobierotikshop.com.tr\/website1\/shop\/"},{"@type":"ListItem","position":3,"name":"Usb Manyetik \u015earjl\u0131 20 Cm Belden Ba\u011flamal\u0131 I\u0307leri Geri Hareketli Titre\u015fimli Dildo"}]},{"@type":"WebSite","@id":"https:\/\/hobierotikshop.com.tr\/website1\/#website","url":"https:\/\/hobierotikshop.com.tr\/website1\/","name":"Bursa Erotik Shop","description":"Bursa Erotik Shop ile g\u00fcvenli, gizli ve kaliteli yeti\u015fkin \u00fcr\u00fcnleri al\u0131\u015fveri\u015fi! Geni\u015f \u00fcr\u00fcn yelpazemizi ke\u015ffedin, hemen sipari\u015f verin","publisher":{"@id":"https:\/\/hobierotikshop.com.tr\/website1\/#organization"},"alternateName":"Erotik Shop","potentialAction":[{"@type":"SearchAction","target":{"@type":"EntryPoint","urlTemplate":"https:\/\/hobierotikshop.com.tr\/website1\/?s={search_term_string}"},"query-input":{"@type":"PropertyValueSpecification","valueRequired":true,"valueName":"search_term_string"}}],"inLanguage":"tr"},{"@type":"Organization","@id":"https:\/\/hobierotikshop.com.tr\/website1\/#organization","name":"Harem Bursa Erotik Shop","url":"https:\/\/hobierotikshop.com.tr\/website1\/","logo":{"@type":"ImageObject","inLanguage":"tr","@id":"https:\/\/hobierotikshop.com.tr\/website1\/#\/schema\/logo\/image\/","url":"https:\/\/haremerotikshop.com\/site\/wp-content\/uploads\/2025\/03\/haremsexshop.png","contentUrl":"https:\/\/haremerotikshop.com\/site\/wp-content\/uploads\/2025\/03\/haremsexshop.png","width":400,"height":100,"caption":"Harem Bursa Erotik Shop"},"image":{"@id":"https:\/\/hobierotikshop.com.tr\/website1\/#\/schema\/logo\/image\/"},"sameAs":["https:\/\/x.com\/shopbursa"],"publishingPrinciples":"https:\/\/hobierotikshop.com.tr\/website1\/mesafeli-satis-sozlesmesi\/","ownershipFundingInfo":"https:\/\/hobierotikshop.com.tr\/website1\/contact-us\/","actionableFeedbackPolicy":"https:\/\/hobierotikshop.com.tr\/website1\/contact-us\/","correctionsPolicy":"https:\/\/hobierotikshop.com.tr\/website1\/mesafeli-satis-sozlesmesi\/"}]},"product_price_amount":"6000.00","product_price_currency":"TRY","og_availability":"instock","product_availability":"instock","product_retailer_item_id":"BDM1311B","product_condition":"new"},"_links":{"self":[{"href":"https:\/\/haremerotikshop.com\/site\/wp-json\/wp\/v2\/product\/43213","targetHints":{"allow":["GET"]}}],"collection":[{"href":"https:\/\/haremerotikshop.com\/site\/wp-json\/wp\/v2\/product"}],"about":[{"href":"https:\/\/haremerotikshop.com\/site\/wp-json\/wp\/v2\/types\/product"}],"replies":[{"embeddable":true,"href":"https:\/\/haremerotikshop.com\/site\/wp-json\/wp\/v2\/comments?post=43213"}],"version-history":[{"count":0,"href":"https:\/\/haremerotikshop.com\/site\/wp-json\/wp\/v2\/product\/43213\/revisions"}],"wp:featuredmedia":[{"embeddable":true,"href":"https:\/\/haremerotikshop.com\/site\/wp-json\/wp\/v2\/media\/43215"}],"wp:attachment":[{"href":"https:\/\/haremerotikshop.com\/site\/wp-json\/wp\/v2\/media?parent=43213"}],"wp:term":[{"taxonomy":"product_brand","embeddable":true,"href":"https:\/\/haremerotikshop.com\/site\/wp-json\/wp\/v2\/product_brand?post=43213"},{"taxonomy":"product_cat","embeddable":true,"href":"https:\/\/haremerotikshop.com\/site\/wp-json\/wp\/v2\/product_cat?post=43213"},{"taxonomy":"product_tag","embeddable":true,"href":"https:\/\/haremerotikshop.com\/site\/wp-json\/wp\/v2\/product_tag?post=43213"}],"curies":[{"name":"wp","href":"https:\/\/api.w.org\/{rel}","templated":true}]}}