{"id":43219,"date":"2025-04-26T16:40:29","date_gmt":"2025-04-26T13:40:29","guid":{"rendered":"https:\/\/haremerotikshop.com\/site\/erotik-shop-urun\/22-cm-belden-baglamali-gercekci-rotasyon-titresimli-dildo-vibrator-penis\/"},"modified":"2026-01-09T02:59:44","modified_gmt":"2026-01-08T23:59:44","slug":"22-cm-belden-baglamali-gercekci-rotasyon-titresimli-dildo-vibrator-penis","status":"publish","type":"product","link":"https:\/\/haremerotikshop.com\/site\/erotik-shop-urun\/22-cm-belden-baglamali-gercekci-rotasyon-titresimli-dildo-vibrator-penis\/","title":{"rendered":"22 Cm Belden Ba\u011flamal\u0131 Ger\u00e7ek\u00e7i Rotasyon &Amp; Titre\u015fimli Dildo Vibrat\u00f6r Penis"},"content":{"rendered":"<h2 class=\"\" data-start=\"308\" data-end=\"389\"><strong data-start=\"311\" data-end=\"389\">22 cm Belden Ba\u011flamal\u0131 Ger\u00e7ek\u00e7i Rotasyon &amp; Titre\u015fimli Dildo Vibrat\u00f6r Penis<\/strong><\/h2>\n<h3 class=\"\" data-start=\"391\" data-end=\"440\"><strong data-start=\"395\" data-end=\"440\">Ger\u00e7ekli\u011fin Teknolojiyle Bulu\u015ftu\u011fu Nokta!<\/strong><\/h3>\n<p class=\"\" data-start=\"442\" data-end=\"735\">Cinsel deneyiminizi zirveye ta\u015f\u0131yacak, \u00e7ok y\u00f6nl\u00fc ve tatmin edici bir vibrat\u00f6r ar\u0131yorsan\u0131z, <strong data-start=\"533\" data-end=\"596\">22 cm Belden Ba\u011flamal\u0131 Ger\u00e7ek\u00e7i Rotasyon &amp; Titre\u015fimli Dildo<\/strong> tam size g\u00f6re! Geli\u015fmi\u015f <strong data-start=\"621\" data-end=\"653\">titre\u015fim ve rotasyon modlar\u0131<\/strong>, ger\u00e7ek\u00e7i tasar\u0131m\u0131 ve ergonomik yap\u0131s\u0131 ile ba\u015f d\u00f6nd\u00fcr\u00fcc\u00fc bir deneyime haz\u0131r olun.<\/p>\n<hr class=\"\" data-start=\"737\" data-end=\"740\" \/>\n<h3 class=\"\" data-start=\"742\" data-end=\"767\"><strong data-start=\"746\" data-end=\"767\">\u00dcr\u00fcn \u00d6zellikleri:<\/strong><\/h3>\n<ul data-start=\"769\" data-end=\"1429\">\n<li class=\"\" data-start=\"769\" data-end=\"791\">\n<p class=\"\" data-start=\"771\" data-end=\"791\"><strong data-start=\"771\" data-end=\"783\">Uzunluk:<\/strong> 22 cm<\/p>\n<\/li>\n<li class=\"\" data-start=\"792\" data-end=\"822\">\n<p class=\"\" data-start=\"794\" data-end=\"822\"><strong data-start=\"794\" data-end=\"813\">\u00c7ap (Kal\u0131nl\u0131k):<\/strong> 3,6 cm<\/p>\n<\/li>\n<li class=\"\" data-start=\"823\" data-end=\"897\">\n<p class=\"\" data-start=\"825\" data-end=\"897\"><strong data-start=\"825\" data-end=\"842\">Fonksiyonlar:<\/strong> Ayarlanabilir \u00e7oklu <strong data-start=\"863\" data-end=\"895\">titre\u015fim ve rotasyon modlar\u0131<\/strong><\/p>\n<\/li>\n<li class=\"\" data-start=\"898\" data-end=\"967\">\n<p class=\"\" data-start=\"900\" data-end=\"967\"><strong data-start=\"900\" data-end=\"913\">Materyal:<\/strong> Y\u00fcksek kaliteli, ipeksi dokulu ve %100 Soft malzeme<\/p>\n<\/li>\n<li class=\"\" data-start=\"968\" data-end=\"1039\">\n<p class=\"\" data-start=\"970\" data-end=\"1039\"><strong data-start=\"970\" data-end=\"984\">Ger\u00e7eklik:<\/strong> Et dokusu ve do\u011fal ten hissiyle maksimum ger\u00e7ek\u00e7ilik<\/p>\n<\/li>\n<li class=\"\" data-start=\"1040\" data-end=\"1103\">\n<p class=\"\" data-start=\"1042\" data-end=\"1103\"><strong data-start=\"1042\" data-end=\"1056\">Is\u0131 Uyumu:<\/strong> Kullan\u0131m s\u0131ras\u0131nda v\u00fccut \u0131s\u0131s\u0131na adapte olur<\/p>\n<\/li>\n<li class=\"\" data-start=\"1104\" data-end=\"1177\">\n<p class=\"\" data-start=\"1106\" data-end=\"1177\"><strong data-start=\"1106\" data-end=\"1125\">Sabit Kullan\u0131m:<\/strong> G\u00fc\u00e7l\u00fc vantuzu sayesinde her zemine sabitlenebilir<\/p>\n<\/li>\n<li class=\"\" data-start=\"1178\" data-end=\"1269\">\n<p class=\"\" data-start=\"1180\" data-end=\"1269\"><strong data-start=\"1180\" data-end=\"1203\">\u00c7ok Y\u00f6nl\u00fc Kullan\u0131m:<\/strong> Belden ba\u011flamal\u0131 (strap-on) kullan\u0131m i\u00e7in \u00f6zel kemer ile uyumlu<\/p>\n<\/li>\n<li class=\"\" data-start=\"1270\" data-end=\"1327\">\n<p class=\"\" data-start=\"1272\" data-end=\"1327\"><strong data-start=\"1272\" data-end=\"1283\">Hijyen:<\/strong> Kolay temizlenebilir, suya dayan\u0131kl\u0131 yap\u0131<\/p>\n<\/li>\n<li class=\"\" data-start=\"1328\" data-end=\"1378\">\n<p class=\"\" data-start=\"1330\" data-end=\"1378\"><strong data-start=\"1330\" data-end=\"1350\">G\u00fcvenli Malzeme:<\/strong> Cilt dostu, Pthalate-Free<\/p>\n<\/li>\n<li class=\"\" data-start=\"1379\" data-end=\"1429\">\n<p class=\"\" data-start=\"1381\" data-end=\"1429\"><strong data-start=\"1381\" data-end=\"1397\">G\u00fc\u00e7 Kayna\u011f\u0131:<\/strong> 2 adet AA kalem pil ile \u00e7al\u0131\u015f\u0131r<\/p>\n<\/li>\n<\/ul>\n<hr class=\"\" data-start=\"1431\" data-end=\"1434\" \/>\n<h3 class=\"\" data-start=\"1436\" data-end=\"1476\"><strong data-start=\"1440\" data-end=\"1476\">Ger\u00e7ek Hissiyat, Maksimum Tatmin<\/strong><\/h3>\n<p class=\"\" data-start=\"1478\" data-end=\"1810\">Bu \u00fcr\u00fcn, sadece d\u0131\u015f g\u00f6r\u00fcn\u00fc\u015f\u00fcyle de\u011fil, fonksiyonel \u00f6zellikleriyle de ger\u00e7eklik hissini \u00fcst seviyeye ta\u015f\u0131r. Yumu\u015fak y\u00fczeyi, do\u011fal k\u0131vr\u0131m\u0131 ve g\u00fc\u00e7l\u00fc motoru sayesinde titre\u015fim ve d\u00f6ner hareketleriyle her seferinde farkl\u0131 bir deneyim sunar. \u0130ster solo kullan\u0131mda, ister partnerli oyunlarda kullan\u0131n; s\u0131n\u0131rs\u0131z zevk parmaklar\u0131n\u0131z\u0131n ucunda!<\/p>\n<hr class=\"\" data-start=\"1812\" data-end=\"1815\" \/>\n<h3 class=\"\" data-start=\"1817\" data-end=\"1851\"><strong data-start=\"1821\" data-end=\"1851\">Tam Kontrol Sizin Elinizde<\/strong><\/h3>\n<p class=\"\" data-start=\"1853\" data-end=\"2079\">Ayarlanabilir modlar sayesinde hem titre\u015fimin hem de rotasyonun h\u0131z\u0131n\u0131 ve yo\u011funlu\u011funu diledi\u011finiz gibi kontrol edebilirsiniz. B\u00f6ylece her kullan\u0131mda farkl\u0131 bir deneyim ya\u015fayarak ki\u015fisel zevkinize en uygun ritmi bulabilirsiniz.<\/p>\n<hr class=\"\" data-start=\"2081\" data-end=\"2084\" \/>\n<h3 class=\"\" data-start=\"2086\" data-end=\"2121\"><strong data-start=\"2090\" data-end=\"2121\">Kullan\u0131mda Konfor ve Hijyen<\/strong><\/h3>\n<p class=\"\" data-start=\"2123\" data-end=\"2304\">V\u00fccut dostu ve dayan\u0131kl\u0131 malzemesi sayesinde uzun s\u00fcreli kullan\u0131ma uygundur. Kolay temizlenebilir yap\u0131s\u0131 sayesinde hijyenik kal\u0131r. Her zaman temiz ve g\u00fcvenli bir deneyim ya\u015fars\u0131n\u0131z.<\/p>\n<hr class=\"\" data-start=\"2306\" data-end=\"2309\" \/>\n<h3 class=\"\" data-start=\"2311\" data-end=\"2354\"><strong data-start=\"2315\" data-end=\"2354\">Gizli Paketleme ve G\u00fcvenli G\u00f6nderim<\/strong><\/h3>\n<p class=\"\" data-start=\"2356\" data-end=\"2483\">\u00dcr\u00fcnleriniz sade ve gizli ambalajla, i\u00e7eri\u011fi belli olmayacak \u015fekilde \u00f6zenle paketlenir. Mahremiyetiniz %100 garanti alt\u0131ndad\u0131r.<\/p>\n<hr class=\"\" data-start=\"2485\" data-end=\"2488\" \/>\n<h3 class=\"\" data-start=\"2490\" data-end=\"2527\"><strong data-start=\"2494\" data-end=\"2527\">\u00d6deme ve Teslimat Se\u00e7enekleri<\/strong><\/h3>\n<ul data-start=\"2529\" data-end=\"2729\">\n<li class=\"\" data-start=\"2529\" data-end=\"2583\">\n<p class=\"\" data-start=\"2531\" data-end=\"2583\"><strong data-start=\"2531\" data-end=\"2581\">Kap\u0131da nakit veya kredi kart\u0131 ile \u00f6deme imk\u00e2n\u0131<\/strong><\/p>\n<\/li>\n<li class=\"\" data-start=\"2584\" data-end=\"2633\">\n<p class=\"\" data-start=\"2586\" data-end=\"2633\"><strong data-start=\"2586\" data-end=\"2631\">Tek \u00e7ekim veya taksitli \u00f6deme se\u00e7enekleri<\/strong><\/p>\n<\/li>\n<li class=\"\" data-start=\"2634\" data-end=\"2674\">\n<p class=\"\" data-start=\"2636\" data-end=\"2674\"><strong data-start=\"2636\" data-end=\"2672\">Banka havalesi ile g\u00fcvenli \u00f6deme<\/strong><\/p>\n<\/li>\n<li class=\"\" data-start=\"2675\" data-end=\"2729\">\n<p class=\"\" data-start=\"2677\" data-end=\"2729\"><strong data-start=\"2677\" data-end=\"2729\">Adrese teslim veya kargodan teslim alma opsiyonu<\/strong><\/p>\n<\/li>\n<\/ul>\n<hr class=\"\" data-start=\"2731\" data-end=\"2734\" \/>\n<h3 class=\"\" data-start=\"2736\" data-end=\"2778\"><strong data-start=\"2740\" data-end=\"2778\">Neden Bu \u00dcr\u00fcn\u00fc Tercih Etmelisiniz?<\/strong><\/h3>\n<ul data-start=\"2780\" data-end=\"3018\">\n<li class=\"\" data-start=\"2780\" data-end=\"2815\">\n<p class=\"\" data-start=\"2782\" data-end=\"2815\">%100 Orijinal ve garantili \u00fcr\u00fcn<\/p>\n<\/li>\n<li class=\"\" data-start=\"2816\" data-end=\"2857\">\n<p class=\"\" data-start=\"2818\" data-end=\"2857\">Ger\u00e7ek\u00e7i doku ve do\u011fal kullan\u0131m hissi<\/p>\n<\/li>\n<li class=\"\" data-start=\"2858\" data-end=\"2905\">\n<p class=\"\" data-start=\"2860\" data-end=\"2905\">\u00c7oklu fonksiyonlu vibrat\u00f6r ve d\u00f6ner hareket<\/p>\n<\/li>\n<li class=\"\" data-start=\"2906\" data-end=\"2946\">\n<p class=\"\" data-start=\"2908\" data-end=\"2946\">Cilt dostu, sa\u011fl\u0131\u011fa zarars\u0131z malzeme<\/p>\n<\/li>\n<li class=\"\" data-start=\"2947\" data-end=\"2982\">\n<p class=\"\" data-start=\"2949\" data-end=\"2982\">Pratik kullan\u0131m, kolay temizlik<\/p>\n<\/li>\n<li class=\"\" data-start=\"2983\" data-end=\"3018\">\n<p class=\"\" data-start=\"2985\" data-end=\"3018\">Gizli paketleme, h\u0131zl\u0131 teslimat<\/p>\n<\/li>\n<\/ul>\n<hr class=\"\" data-start=\"3020\" data-end=\"3023\" \/>\n<p class=\"\" data-start=\"3025\" data-end=\"3195\"><strong data-start=\"3025\" data-end=\"3117\">Kendinize veya partnerinize \u00f6zel, doyurucu ve ger\u00e7ek\u00e7i bir deneyim ya\u015fatmak istiyorsan\u0131z<\/strong>, bu teknoloji harikas\u0131 belden ba\u011flamal\u0131 rotasyonlu vibrat\u00f6r\u00fc mutlaka deneyin!<\/p>\n<h3 class=\"\" data-start=\"3197\" data-end=\"3253\"><strong data-start=\"3201\" data-end=\"3253\">\u015eimdi sipari\u015f verin, gizlilikle kap\u0131n\u0131zda olsun!<\/strong><\/h3>\n<p>&nbsp;<\/p>\n<p>&nbsp;<\/p>\n<p>&nbsp;<\/p>\n<p><a href=\"http:\/\/api.whatsapp.com\/send?phone=905304676616&amp;text=Sipari%C5%9F%20Vermek%20%C4%B0stiyorum%20haremshop%20BDM1801\"><img fetchpriority=\"high\" decoding=\"async\" class=\"alignnone\" src=\"https:\/\/static.ticimax.cloud\/32886\/uploads\/editoruploads\/whatsapp-destek-hatti.gif\" alt=\"\" width=\"750\" height=\"117\" \/><\/a><\/p>\n","protected":false},"excerpt":{"rendered":"<p>Cinsel deneyiminizi zirveye ta\u015f\u0131yacak, \u00e7ok y\u00f6nl\u00fc ve tatmin edici bir vibrat\u00f6r ar\u0131yorsan\u0131z, <strong data-start=\"533\" data-end=\"596\">22 cm Belden Ba\u011flamal\u0131 Ger\u00e7ek\u00e7i Rotasyon &amp; Titre\u015fimli Dildo<\/strong> tam size g\u00f6re! Geli\u015fmi\u015f <strong data-start=\"621\" data-end=\"653\">titre\u015fim ve rotasyon modlar\u0131<\/strong>, ger\u00e7ek\u00e7i tasar\u0131m\u0131 ve ergonomik yap\u0131s\u0131 ile ba\u015f d\u00f6nd\u00fcr\u00fcc\u00fc bir deneyime haz\u0131r olun.<\/p>\n","protected":false},"featured_media":43221,"comment_status":"closed","ping_status":"closed","template":"","meta":[],"product_brand":[],"product_cat":[496],"product_tag":[],"class_list":{"0":"post-43219","1":"product","2":"type-product","3":"status-publish","4":"has-post-thumbnail","6":"product_cat-vibrator-cesitleri","8":"first","9":"outofstock","10":"purchasable","11":"product-type-simple"},"yoast_head":"<!-- This site is optimized with the Yoast SEO Premium plugin v24.4 (Yoast SEO v27.1.1) - https:\/\/yoast.com\/product\/yoast-seo-premium-wordpress\/ -->\n<title>22 Cm Belden Ba\u011flamal\u0131 Ger\u00e7ek\u00e7i Rotasyon &amp;Amp; Titre\u015fimli Dildo Vibrat\u00f6r Penis - Bursa Erotik Shop<\/title>\n<meta name=\"robots\" content=\"index, follow, max-snippet:-1, max-image-preview:large, max-video-preview:-1\" \/>\n<link rel=\"canonical\" href=\"https:\/\/hobierotikshop.com.tr\/website1\/erotik-shop-urun\/22-cm-belden-baglamali-gercekci-rotasyon-titresimli-dildo-vibrator-penis\/\" \/>\n<meta property=\"og:locale\" content=\"tr_TR\" \/>\n<meta property=\"og:type\" content=\"article\" \/>\n<meta property=\"og:title\" content=\"22 Cm Belden Ba\u011flamal\u0131 Ger\u00e7ek\u00e7i Rotasyon &amp;Amp; Titre\u015fimli Dildo Vibrat\u00f6r Penis\" \/>\n<meta property=\"og:description\" content=\"Cinsel deneyiminizi zirveye ta\u015f\u0131yacak, \u00e7ok y\u00f6nl\u00fc ve tatmin edici bir vibrat\u00f6r ar\u0131yorsan\u0131z, 22 cm Belden Ba\u011flamal\u0131 Ger\u00e7ek\u00e7i Rotasyon &amp; Titre\u015fimli Dildo tam size g\u00f6re! Geli\u015fmi\u015f titre\u015fim ve rotasyon modlar\u0131, ger\u00e7ek\u00e7i tasar\u0131m\u0131 ve ergonomik yap\u0131s\u0131 ile ba\u015f d\u00f6nd\u00fcr\u00fcc\u00fc bir deneyime haz\u0131r olun.\" \/>\n<meta property=\"og:url\" content=\"https:\/\/hobierotikshop.com.tr\/website1\/erotik-shop-urun\/22-cm-belden-baglamali-gercekci-rotasyon-titresimli-dildo-vibrator-penis\/\" \/>\n<meta property=\"og:site_name\" content=\"Bursa Erotik Shop\" \/>\n<meta property=\"article:modified_time\" content=\"2026-01-08T23:59:44+00:00\" \/>\n<meta property=\"og:image\" content=\"https:\/\/hobierotikshop.com.tr\/website1\/wp-content\/uploads\/2025\/04\/22-cm-gercekci-rotasyon-titresimli-dil-8-aa48.jpg\" \/>\n\t<meta property=\"og:image:width\" content=\"455\" \/>\n\t<meta property=\"og:image:height\" content=\"311\" \/>\n\t<meta property=\"og:image:type\" content=\"image\/jpeg\" \/>\n<meta name=\"twitter:card\" content=\"summary_large_image\" \/>\n<meta name=\"twitter:site\" content=\"@shopbursa\" \/>\n<meta name=\"twitter:label1\" content=\"Fiyat\" \/>\n\t<meta name=\"twitter:data1\" content=\"&#8378;3.900,00\" \/>\n\t<meta name=\"twitter:label2\" content=\"Availability\" \/>\n\t<meta name=\"twitter:data2\" content=\"Out of stock\" \/>\n<script type=\"application\/ld+json\" class=\"yoast-schema-graph\">{\"@context\":\"https:\/\/schema.org\",\"@graph\":[{\"@type\":\"WebPage\",\"@id\":\"https:\/\/hobierotikshop.com.tr\/website1\/erotik-shop-urun\/22-cm-belden-baglamali-gercekci-rotasyon-titresimli-dildo-vibrator-penis\/\",\"url\":\"https:\/\/hobierotikshop.com.tr\/website1\/erotik-shop-urun\/22-cm-belden-baglamali-gercekci-rotasyon-titresimli-dildo-vibrator-penis\/\",\"name\":\"22 Cm Belden Ba\u011flamal\u0131 Ger\u00e7ek\u00e7i Rotasyon &Amp; Titre\u015fimli Dildo Vibrat\u00f6r Penis - Bursa Erotik Shop\",\"isPartOf\":{\"@id\":\"https:\/\/hobierotikshop.com.tr\/website1\/#website\"},\"primaryImageOfPage\":{\"@id\":\"https:\/\/hobierotikshop.com.tr\/website1\/erotik-shop-urun\/22-cm-belden-baglamali-gercekci-rotasyon-titresimli-dildo-vibrator-penis\/#primaryimage\"},\"image\":{\"@id\":\"https:\/\/hobierotikshop.com.tr\/website1\/erotik-shop-urun\/22-cm-belden-baglamali-gercekci-rotasyon-titresimli-dildo-vibrator-penis\/#primaryimage\"},\"thumbnailUrl\":\"https:\/\/haremerotikshop.com\/site\/wp-content\/uploads\/2025\/04\/22-cm-gercekci-rotasyon-titresimli-dil-8-aa48.jpg\",\"datePublished\":\"2025-04-26T13:40:29+00:00\",\"dateModified\":\"2026-01-08T23:59:44+00:00\",\"breadcrumb\":{\"@id\":\"https:\/\/hobierotikshop.com.tr\/website1\/erotik-shop-urun\/22-cm-belden-baglamali-gercekci-rotasyon-titresimli-dildo-vibrator-penis\/#breadcrumb\"},\"inLanguage\":\"tr\",\"potentialAction\":[{\"@type\":\"ReadAction\",\"target\":[\"https:\/\/hobierotikshop.com.tr\/website1\/erotik-shop-urun\/22-cm-belden-baglamali-gercekci-rotasyon-titresimli-dildo-vibrator-penis\/\"]}]},{\"@type\":\"ImageObject\",\"inLanguage\":\"tr\",\"@id\":\"https:\/\/hobierotikshop.com.tr\/website1\/erotik-shop-urun\/22-cm-belden-baglamali-gercekci-rotasyon-titresimli-dildo-vibrator-penis\/#primaryimage\",\"url\":\"https:\/\/haremerotikshop.com\/site\/wp-content\/uploads\/2025\/04\/22-cm-gercekci-rotasyon-titresimli-dil-8-aa48.jpg\",\"contentUrl\":\"https:\/\/haremerotikshop.com\/site\/wp-content\/uploads\/2025\/04\/22-cm-gercekci-rotasyon-titresimli-dil-8-aa48.jpg\",\"width\":455,\"height\":311},{\"@type\":\"BreadcrumbList\",\"@id\":\"https:\/\/hobierotikshop.com.tr\/website1\/erotik-shop-urun\/22-cm-belden-baglamali-gercekci-rotasyon-titresimli-dildo-vibrator-penis\/#breadcrumb\",\"itemListElement\":[{\"@type\":\"ListItem\",\"position\":1,\"name\":\"Anasayfa\",\"item\":\"https:\/\/hobierotikshop.com.tr\/website1\/\"},{\"@type\":\"ListItem\",\"position\":2,\"name\":\"Erotik Shop \u00dcr\u00fcnleri\",\"item\":\"https:\/\/hobierotikshop.com.tr\/website1\/shop\/\"},{\"@type\":\"ListItem\",\"position\":3,\"name\":\"22 Cm Belden Ba\u011flamal\u0131 Ger\u00e7ek\u00e7i Rotasyon &Amp; Titre\u015fimli Dildo Vibrat\u00f6r Penis\"}]},{\"@type\":\"WebSite\",\"@id\":\"https:\/\/hobierotikshop.com.tr\/website1\/#website\",\"url\":\"https:\/\/hobierotikshop.com.tr\/website1\/\",\"name\":\"Bursa Erotik Shop\",\"description\":\"Bursa Erotik Shop ile g\u00fcvenli, gizli ve kaliteli yeti\u015fkin \u00fcr\u00fcnleri al\u0131\u015fveri\u015fi! Geni\u015f \u00fcr\u00fcn yelpazemizi ke\u015ffedin, hemen sipari\u015f verin\",\"publisher\":{\"@id\":\"https:\/\/hobierotikshop.com.tr\/website1\/#organization\"},\"alternateName\":\"Erotik Shop\",\"potentialAction\":[{\"@type\":\"SearchAction\",\"target\":{\"@type\":\"EntryPoint\",\"urlTemplate\":\"https:\/\/hobierotikshop.com.tr\/website1\/?s={search_term_string}\"},\"query-input\":{\"@type\":\"PropertyValueSpecification\",\"valueRequired\":true,\"valueName\":\"search_term_string\"}}],\"inLanguage\":\"tr\"},{\"@type\":\"Organization\",\"@id\":\"https:\/\/hobierotikshop.com.tr\/website1\/#organization\",\"name\":\"Harem Bursa Erotik Shop\",\"url\":\"https:\/\/hobierotikshop.com.tr\/website1\/\",\"logo\":{\"@type\":\"ImageObject\",\"inLanguage\":\"tr\",\"@id\":\"https:\/\/hobierotikshop.com.tr\/website1\/#\/schema\/logo\/image\/\",\"url\":\"https:\/\/haremerotikshop.com\/site\/wp-content\/uploads\/2025\/03\/haremsexshop.png\",\"contentUrl\":\"https:\/\/haremerotikshop.com\/site\/wp-content\/uploads\/2025\/03\/haremsexshop.png\",\"width\":400,\"height\":100,\"caption\":\"Harem Bursa Erotik Shop\"},\"image\":{\"@id\":\"https:\/\/hobierotikshop.com.tr\/website1\/#\/schema\/logo\/image\/\"},\"sameAs\":[\"https:\/\/x.com\/shopbursa\"],\"publishingPrinciples\":\"https:\/\/hobierotikshop.com.tr\/website1\/mesafeli-satis-sozlesmesi\/\",\"ownershipFundingInfo\":\"https:\/\/hobierotikshop.com.tr\/website1\/contact-us\/\",\"actionableFeedbackPolicy\":\"https:\/\/hobierotikshop.com.tr\/website1\/contact-us\/\",\"correctionsPolicy\":\"https:\/\/hobierotikshop.com.tr\/website1\/mesafeli-satis-sozlesmesi\/\"}]}<\/script>\n<meta property=\"product:price:amount\" content=\"3900.00\" \/>\n<meta property=\"product:price:currency\" content=\"TRY\" \/>\n<meta property=\"og:availability\" content=\"out of stock\" \/>\n<meta property=\"product:availability\" content=\"out of stock\" \/>\n<meta property=\"product:retailer_item_id\" content=\"BDM1801B\" \/>\n<meta property=\"product:condition\" content=\"new\" \/>\n<!-- \/ Yoast SEO Premium plugin. -->","yoast_head_json":{"title":"22 Cm Belden Ba\u011flamal\u0131 Ger\u00e7ek\u00e7i Rotasyon &Amp; Titre\u015fimli Dildo Vibrat\u00f6r Penis - Bursa Erotik Shop","robots":{"index":"index","follow":"follow","max-snippet":"max-snippet:-1","max-image-preview":"max-image-preview:large","max-video-preview":"max-video-preview:-1"},"canonical":"https:\/\/hobierotikshop.com.tr\/website1\/erotik-shop-urun\/22-cm-belden-baglamali-gercekci-rotasyon-titresimli-dildo-vibrator-penis\/","og_locale":"tr_TR","og_type":"article","og_title":"22 Cm Belden Ba\u011flamal\u0131 Ger\u00e7ek\u00e7i Rotasyon &Amp; Titre\u015fimli Dildo Vibrat\u00f6r Penis","og_description":"Cinsel deneyiminizi zirveye ta\u015f\u0131yacak, \u00e7ok y\u00f6nl\u00fc ve tatmin edici bir vibrat\u00f6r ar\u0131yorsan\u0131z, 22 cm Belden Ba\u011flamal\u0131 Ger\u00e7ek\u00e7i Rotasyon &amp; Titre\u015fimli Dildo tam size g\u00f6re! Geli\u015fmi\u015f titre\u015fim ve rotasyon modlar\u0131, ger\u00e7ek\u00e7i tasar\u0131m\u0131 ve ergonomik yap\u0131s\u0131 ile ba\u015f d\u00f6nd\u00fcr\u00fcc\u00fc bir deneyime haz\u0131r olun.","og_url":"https:\/\/hobierotikshop.com.tr\/website1\/erotik-shop-urun\/22-cm-belden-baglamali-gercekci-rotasyon-titresimli-dildo-vibrator-penis\/","og_site_name":"Bursa Erotik Shop","article_modified_time":"2026-01-08T23:59:44+00:00","og_image":[{"width":455,"height":311,"url":"https:\/\/hobierotikshop.com.tr\/website1\/wp-content\/uploads\/2025\/04\/22-cm-gercekci-rotasyon-titresimli-dil-8-aa48.jpg","type":"image\/jpeg"}],"twitter_card":"summary_large_image","twitter_site":"@shopbursa","twitter_misc":{"Fiyat":"&#8378;3.900,00","Availability":"Out of stock"},"schema":{"@context":"https:\/\/schema.org","@graph":[{"@type":"WebPage","@id":"https:\/\/hobierotikshop.com.tr\/website1\/erotik-shop-urun\/22-cm-belden-baglamali-gercekci-rotasyon-titresimli-dildo-vibrator-penis\/","url":"https:\/\/hobierotikshop.com.tr\/website1\/erotik-shop-urun\/22-cm-belden-baglamali-gercekci-rotasyon-titresimli-dildo-vibrator-penis\/","name":"22 Cm Belden Ba\u011flamal\u0131 Ger\u00e7ek\u00e7i Rotasyon &Amp; Titre\u015fimli Dildo Vibrat\u00f6r Penis - Bursa Erotik Shop","isPartOf":{"@id":"https:\/\/hobierotikshop.com.tr\/website1\/#website"},"primaryImageOfPage":{"@id":"https:\/\/hobierotikshop.com.tr\/website1\/erotik-shop-urun\/22-cm-belden-baglamali-gercekci-rotasyon-titresimli-dildo-vibrator-penis\/#primaryimage"},"image":{"@id":"https:\/\/hobierotikshop.com.tr\/website1\/erotik-shop-urun\/22-cm-belden-baglamali-gercekci-rotasyon-titresimli-dildo-vibrator-penis\/#primaryimage"},"thumbnailUrl":"https:\/\/haremerotikshop.com\/site\/wp-content\/uploads\/2025\/04\/22-cm-gercekci-rotasyon-titresimli-dil-8-aa48.jpg","datePublished":"2025-04-26T13:40:29+00:00","dateModified":"2026-01-08T23:59:44+00:00","breadcrumb":{"@id":"https:\/\/hobierotikshop.com.tr\/website1\/erotik-shop-urun\/22-cm-belden-baglamali-gercekci-rotasyon-titresimli-dildo-vibrator-penis\/#breadcrumb"},"inLanguage":"tr","potentialAction":[{"@type":"ReadAction","target":["https:\/\/hobierotikshop.com.tr\/website1\/erotik-shop-urun\/22-cm-belden-baglamali-gercekci-rotasyon-titresimli-dildo-vibrator-penis\/"]}]},{"@type":"ImageObject","inLanguage":"tr","@id":"https:\/\/hobierotikshop.com.tr\/website1\/erotik-shop-urun\/22-cm-belden-baglamali-gercekci-rotasyon-titresimli-dildo-vibrator-penis\/#primaryimage","url":"https:\/\/haremerotikshop.com\/site\/wp-content\/uploads\/2025\/04\/22-cm-gercekci-rotasyon-titresimli-dil-8-aa48.jpg","contentUrl":"https:\/\/haremerotikshop.com\/site\/wp-content\/uploads\/2025\/04\/22-cm-gercekci-rotasyon-titresimli-dil-8-aa48.jpg","width":455,"height":311},{"@type":"BreadcrumbList","@id":"https:\/\/hobierotikshop.com.tr\/website1\/erotik-shop-urun\/22-cm-belden-baglamali-gercekci-rotasyon-titresimli-dildo-vibrator-penis\/#breadcrumb","itemListElement":[{"@type":"ListItem","position":1,"name":"Anasayfa","item":"https:\/\/hobierotikshop.com.tr\/website1\/"},{"@type":"ListItem","position":2,"name":"Erotik Shop \u00dcr\u00fcnleri","item":"https:\/\/hobierotikshop.com.tr\/website1\/shop\/"},{"@type":"ListItem","position":3,"name":"22 Cm Belden Ba\u011flamal\u0131 Ger\u00e7ek\u00e7i Rotasyon &Amp; Titre\u015fimli Dildo Vibrat\u00f6r Penis"}]},{"@type":"WebSite","@id":"https:\/\/hobierotikshop.com.tr\/website1\/#website","url":"https:\/\/hobierotikshop.com.tr\/website1\/","name":"Bursa Erotik Shop","description":"Bursa Erotik Shop ile g\u00fcvenli, gizli ve kaliteli yeti\u015fkin \u00fcr\u00fcnleri al\u0131\u015fveri\u015fi! Geni\u015f \u00fcr\u00fcn yelpazemizi ke\u015ffedin, hemen sipari\u015f verin","publisher":{"@id":"https:\/\/hobierotikshop.com.tr\/website1\/#organization"},"alternateName":"Erotik Shop","potentialAction":[{"@type":"SearchAction","target":{"@type":"EntryPoint","urlTemplate":"https:\/\/hobierotikshop.com.tr\/website1\/?s={search_term_string}"},"query-input":{"@type":"PropertyValueSpecification","valueRequired":true,"valueName":"search_term_string"}}],"inLanguage":"tr"},{"@type":"Organization","@id":"https:\/\/hobierotikshop.com.tr\/website1\/#organization","name":"Harem Bursa Erotik Shop","url":"https:\/\/hobierotikshop.com.tr\/website1\/","logo":{"@type":"ImageObject","inLanguage":"tr","@id":"https:\/\/hobierotikshop.com.tr\/website1\/#\/schema\/logo\/image\/","url":"https:\/\/haremerotikshop.com\/site\/wp-content\/uploads\/2025\/03\/haremsexshop.png","contentUrl":"https:\/\/haremerotikshop.com\/site\/wp-content\/uploads\/2025\/03\/haremsexshop.png","width":400,"height":100,"caption":"Harem Bursa Erotik Shop"},"image":{"@id":"https:\/\/hobierotikshop.com.tr\/website1\/#\/schema\/logo\/image\/"},"sameAs":["https:\/\/x.com\/shopbursa"],"publishingPrinciples":"https:\/\/hobierotikshop.com.tr\/website1\/mesafeli-satis-sozlesmesi\/","ownershipFundingInfo":"https:\/\/hobierotikshop.com.tr\/website1\/contact-us\/","actionableFeedbackPolicy":"https:\/\/hobierotikshop.com.tr\/website1\/contact-us\/","correctionsPolicy":"https:\/\/hobierotikshop.com.tr\/website1\/mesafeli-satis-sozlesmesi\/"}]},"product_price_amount":"3900.00","product_price_currency":"TRY","og_availability":"out of stock","product_availability":"out of stock","product_retailer_item_id":"BDM1801B","product_condition":"new"},"_links":{"self":[{"href":"https:\/\/haremerotikshop.com\/site\/wp-json\/wp\/v2\/product\/43219","targetHints":{"allow":["GET"]}}],"collection":[{"href":"https:\/\/haremerotikshop.com\/site\/wp-json\/wp\/v2\/product"}],"about":[{"href":"https:\/\/haremerotikshop.com\/site\/wp-json\/wp\/v2\/types\/product"}],"replies":[{"embeddable":true,"href":"https:\/\/haremerotikshop.com\/site\/wp-json\/wp\/v2\/comments?post=43219"}],"version-history":[{"count":0,"href":"https:\/\/haremerotikshop.com\/site\/wp-json\/wp\/v2\/product\/43219\/revisions"}],"wp:featuredmedia":[{"embeddable":true,"href":"https:\/\/haremerotikshop.com\/site\/wp-json\/wp\/v2\/media\/43221"}],"wp:attachment":[{"href":"https:\/\/haremerotikshop.com\/site\/wp-json\/wp\/v2\/media?parent=43219"}],"wp:term":[{"taxonomy":"product_brand","embeddable":true,"href":"https:\/\/haremerotikshop.com\/site\/wp-json\/wp\/v2\/product_brand?post=43219"},{"taxonomy":"product_cat","embeddable":true,"href":"https:\/\/haremerotikshop.com\/site\/wp-json\/wp\/v2\/product_cat?post=43219"},{"taxonomy":"product_tag","embeddable":true,"href":"https:\/\/haremerotikshop.com\/site\/wp-json\/wp\/v2\/product_tag?post=43219"}],"curies":[{"name":"wp","href":"https:\/\/api.w.org\/{rel}","templated":true}]}}