{"id":43268,"date":"2025-04-26T16:40:29","date_gmt":"2025-04-26T13:40:29","guid":{"rendered":"https:\/\/haremerotikshop.com\/site\/erotik-shop-urun\/usb-sarjli-10-fonksiyonlu-sesli-titresimli-realistik-suni-vajina-masturbator\/"},"modified":"2026-01-09T02:59:43","modified_gmt":"2026-01-08T23:59:43","slug":"usb-sarjli-10-fonksiyonlu-sesli-titresimli-realistik-suni-vajina-masturbator","status":"publish","type":"product","link":"https:\/\/haremerotikshop.com\/site\/erotik-shop-urun\/usb-sarjli-10-fonksiyonlu-sesli-titresimli-realistik-suni-vajina-masturbator\/","title":{"rendered":"Usb \u015earjl\u0131 10 Fonksiyonlu Sesli &Amp; Titre\u015fimli Realistik Suni Vajina Mast\u00fcrbat\u00f6r"},"content":{"rendered":"<h2 class=\"\" data-start=\"287\" data-end=\"380\"><strong data-start=\"290\" data-end=\"380\">USB \u015earjl\u0131 10 Fonksiyonlu Sesli &amp; Titre\u015fimli Realistik Suni Vajina Mast\u00fcrbat\u00f6r \u2013 Flora<\/strong><\/h2>\n<h3 class=\"\" data-start=\"382\" data-end=\"458\"><strong data-start=\"386\" data-end=\"458\">Ger\u00e7eklikten Ay\u0131rt Edilemeyen \u00dcst D\u00fczey Erkek Mast\u00fcrbasyon Deneyimi!<\/strong><\/h3>\n<p class=\"\" data-start=\"460\" data-end=\"843\">Modern teknolojinin sa\u011flad\u0131\u011f\u0131 en geli\u015fmi\u015f erkek mast\u00fcrbasyon cihazlar\u0131ndan biri olan <strong data-start=\"545\" data-end=\"588\">Flora Realistik Suni Vajina Mast\u00fcrbat\u00f6r<\/strong>, e\u015fsiz i\u00e7 yap\u0131s\u0131, sesli \u00f6zelli\u011fi ve 10 farkl\u0131 titre\u015fim fonksiyonu ile <strong data-start=\"659\" data-end=\"684\">ger\u00e7ek vajina hissini<\/strong> birebir ya\u015fatmak i\u00e7in tasarland\u0131. Solo zevki bir \u00fcst seviyeye ta\u015f\u0131yan bu cihazla, ister tek ba\u015f\u0131n\u0131za ister partnerli oyunlar\u0131n\u0131zda s\u0131n\u0131rs\u0131z haz sizi bekliyor.<\/p>\n<hr class=\"\" data-start=\"845\" data-end=\"848\" \/>\n<h3 class=\"\" data-start=\"850\" data-end=\"875\"><strong data-start=\"854\" data-end=\"875\">\u00dcr\u00fcn \u00d6zellikleri:<\/strong><\/h3>\n<ul data-start=\"877\" data-end=\"1633\">\n<li class=\"\" data-start=\"877\" data-end=\"940\">\n<p class=\"\" data-start=\"879\" data-end=\"940\">\ud83d\udd0b <strong data-start=\"882\" data-end=\"909\">USB ile \u015earj Edilebilir<\/strong> \u2013 Kolay ve h\u0131zl\u0131 \u015farj imkan\u0131<\/p>\n<\/li>\n<li class=\"\" data-start=\"941\" data-end=\"1024\">\n<p class=\"\" data-start=\"943\" data-end=\"1024\">\ud83d\udca5 <strong data-start=\"946\" data-end=\"973\">10 Fonksiyonlu Titre\u015fim<\/strong> \u2013 Ger\u00e7ek vajinal kas\u0131lmalar\u0131 birebir hissettirir<\/p>\n<\/li>\n<li class=\"\" data-start=\"1025\" data-end=\"1097\">\n<p class=\"\" data-start=\"1027\" data-end=\"1097\">\ud83d\udd0a <strong data-start=\"1030\" data-end=\"1061\">Sesli Mast\u00fcrbasyon Deneyimi<\/strong> \u2013 Dahili hoparl\u00f6rle 3D ses efekti<\/p>\n<\/li>\n<li class=\"\" data-start=\"1098\" data-end=\"1182\">\n<p class=\"\" data-start=\"1100\" data-end=\"1182\">\ud83d\udcaf <strong data-start=\"1103\" data-end=\"1129\">Ultra Ger\u00e7ek\u00e7i \u0130\u00e7 Doku<\/strong> \u2013 K\u0131vr\u0131ml\u0131 ve kabart\u0131l\u0131 i\u00e7 yap\u0131 ile etkileyici his<\/p>\n<\/li>\n<li class=\"\" data-start=\"1183\" data-end=\"1268\">\n<p class=\"\" data-start=\"1185\" data-end=\"1268\">\ud83e\uddf2 <strong data-start=\"1188\" data-end=\"1206\">Vantuzlu Taban<\/strong> \u2013 Eller serbest kullan\u0131m ve farkl\u0131 pozisyonlarda sabitlenme<\/p>\n<\/li>\n<li class=\"\" data-start=\"1269\" data-end=\"1332\">\n<p class=\"\" data-start=\"1271\" data-end=\"1332\">\ud83c\udfaf <strong data-start=\"1274\" data-end=\"1295\">Ayarlanabilir A\u00e7\u0131<\/strong> \u2013 Her pozisyonda konforlu kullan\u0131m<\/p>\n<\/li>\n<li class=\"\" data-start=\"1333\" data-end=\"1419\">\n<p class=\"\" data-start=\"1335\" data-end=\"1419\">\ud83c\udf38 <strong data-start=\"1338\" data-end=\"1370\">Ho\u015f ve Rahats\u0131z Etmeyen Koku<\/strong> \u2013 Kullan\u0131m\u0131 keyifli hale getiren \u00f6zel materyal<\/p>\n<\/li>\n<li class=\"\" data-start=\"1420\" data-end=\"1505\">\n<p class=\"\" data-start=\"1422\" data-end=\"1505\">\ud83d\udca6 <strong data-start=\"1425\" data-end=\"1443\">Kolay Temizlik<\/strong> \u2013 Pratik temizlik i\u00e7in \u00e7\u0131kar\u0131labilir ve y\u0131kanabilir i\u00e7 yap\u0131<\/p>\n<\/li>\n<li class=\"\" data-start=\"1506\" data-end=\"1576\">\n<p class=\"\" data-start=\"1508\" data-end=\"1576\">\ud83d\udccf <strong data-start=\"1511\" data-end=\"1523\">Uzunluk:<\/strong> 21,5 cm | <strong data-start=\"1534\" data-end=\"1547\">Geni\u015flik:<\/strong> 9 cm | <strong data-start=\"1555\" data-end=\"1567\">A\u011f\u0131rl\u0131k:<\/strong> 520 gr<\/p>\n<\/li>\n<li class=\"\" data-start=\"1577\" data-end=\"1633\">\n<p class=\"\" data-start=\"1579\" data-end=\"1633\">\ud83d\udc4c <strong data-start=\"1582\" data-end=\"1631\">Kullan\u0131m\u0131 kadar saklamas\u0131 da kolay ve g\u00fcvenli<\/strong><\/p>\n<\/li>\n<\/ul>\n<hr class=\"\" data-start=\"1635\" data-end=\"1638\" \/>\n<h3 class=\"\" data-start=\"1640\" data-end=\"1683\"><strong data-start=\"1644\" data-end=\"1683\">Teknoloji ve Ger\u00e7eklik Tek Cihazda!<\/strong><\/h3>\n<p class=\"\" data-start=\"1685\" data-end=\"1971\">Flora, ger\u00e7ek bir vajinan\u0131n verdi\u011fi hissi 10 farkl\u0131 titre\u015fim modu ve sesli yap\u0131s\u0131 ile harmanlayarak daha \u00f6nce ya\u015famad\u0131\u011f\u0131n\u0131z bir deneyim sunar. Suni vajina i\u00e7 yap\u0131s\u0131nda yer alan kabart\u0131lar ve daraltmalar, penisle uyumlu \u015fekilde tepki vererek size adeta canl\u0131 bir partner hissiyat\u0131 verir.<\/p>\n<hr class=\"\" data-start=\"1973\" data-end=\"1976\" \/>\n<h3 class=\"\" data-start=\"1978\" data-end=\"2015\"><strong data-start=\"1982\" data-end=\"2015\">Eller Serbest, Rahat Kullan\u0131m<\/strong><\/h3>\n<p class=\"\" data-start=\"2017\" data-end=\"2281\">Alt k\u0131sm\u0131nda yer alan g\u00fc\u00e7l\u00fc vantuz sistemi sayesinde d\u00fcz y\u00fczeylere sabitlenebilir. Bu sayede <strong data-start=\"2110\" data-end=\"2149\">eller serbest mast\u00fcrbasyon deneyimi<\/strong> ya\u015fanabilir. Ayr\u0131ca cihaz\u0131n a\u00e7\u0131s\u0131 ayarlanabilir oldu\u011fundan, farkl\u0131 pozisyonlarda konforlu ve ki\u015fisel zevke uygun bir deneyim sunar.<\/p>\n<hr class=\"\" data-start=\"2283\" data-end=\"2286\" \/>\n<h3 class=\"\" data-start=\"2288\" data-end=\"2332\"><strong data-start=\"2292\" data-end=\"2332\">Koku ve Doku Detaylar\u0131nda \u00dcst Seviye<\/strong><\/h3>\n<p class=\"\" data-start=\"2334\" data-end=\"2510\">Flora\u2019n\u0131n \u00fcretildi\u011fi \u00f6zel TPE malzeme, do\u011fal cilt hissine sahiptir ve rahats\u0131z edici bir koku yaymaz. Kullan\u0131m sonras\u0131 kolayl\u0131kla temizlenebilir ve uzun \u00f6m\u00fcrl\u00fc kullan\u0131m sa\u011flar.<\/p>\n<hr class=\"\" data-start=\"2512\" data-end=\"2515\" \/>\n<h3 class=\"\" data-start=\"2517\" data-end=\"2560\"><strong data-start=\"2521\" data-end=\"2560\">Mahremiyetiniz Bizim \u0130\u00e7in \u00d6nemlidir<\/strong><\/h3>\n<p class=\"\" data-start=\"2562\" data-end=\"2721\">Sipari\u015fleriniz i\u00e7eri\u011fi belli olmayacak \u015fekilde sade ve gizli ambalajda, tamamen <strong data-start=\"2642\" data-end=\"2659\">anonim olarak<\/strong> g\u00f6nderilir. T\u00fcm s\u00fcre\u00e7te gizlili\u011finiz %100 garanti alt\u0131ndad\u0131r.<\/p>\n<hr class=\"\" data-start=\"2723\" data-end=\"2726\" \/>\n<h3 class=\"\" data-start=\"2728\" data-end=\"2763\"><strong data-start=\"2732\" data-end=\"2763\">\u00d6deme ve Teslimat Kolayl\u0131\u011f\u0131<\/strong><\/h3>\n<ul data-start=\"2765\" data-end=\"2949\">\n<li class=\"\" data-start=\"2765\" data-end=\"2812\">\n<p class=\"\" data-start=\"2767\" data-end=\"2812\">Kap\u0131da <strong data-start=\"2774\" data-end=\"2800\">nakit veya kredi kart\u0131<\/strong> ile \u00f6deme<\/p>\n<\/li>\n<li class=\"\" data-start=\"2813\" data-end=\"2861\">\n<p class=\"\" data-start=\"2815\" data-end=\"2861\">Tek \u00e7ekim veya <strong data-start=\"2830\" data-end=\"2852\">taksitli al\u0131\u015fveri\u015f<\/strong> imkan\u0131<\/p>\n<\/li>\n<li class=\"\" data-start=\"2862\" data-end=\"2893\">\n<p class=\"\" data-start=\"2864\" data-end=\"2893\"><strong data-start=\"2864\" data-end=\"2882\">Banka havalesi<\/strong> se\u00e7ene\u011fi<\/p>\n<\/li>\n<li class=\"\" data-start=\"2894\" data-end=\"2949\">\n<p class=\"\" data-start=\"2896\" data-end=\"2949\">Adrese teslim ya da <strong data-start=\"2916\" data-end=\"2949\">kargodan teslim alma opsiyonu<\/strong><\/p>\n<\/li>\n<\/ul>\n<hr class=\"\" data-start=\"2951\" data-end=\"2954\" \/>\n<h3 class=\"\" data-start=\"2956\" data-end=\"2988\"><strong data-start=\"2960\" data-end=\"2988\">Neden Flora Mast\u00fcrbat\u00f6r?<\/strong><\/h3>\n<p class=\"\" data-start=\"2990\" data-end=\"3213\">\u2705 Ger\u00e7ek\u00e7i i\u00e7 yap\u0131 ve 3D ses \u00f6zelli\u011fi<br data-start=\"3027\" data-end=\"3030\" \/>\u2705 10 titre\u015fim modu ile ki\u015fiye \u00f6zel kullan\u0131m<br data-start=\"3073\" data-end=\"3076\" \/>\u2705 Eller serbest rahatl\u0131k<br data-start=\"3100\" data-end=\"3103\" \/>\u2705 Kolay \u015farj, kolay temizlik<br data-start=\"3131\" data-end=\"3134\" \/>\u2705 Cilt dostu ve koku yapmayan materyal<br data-start=\"3172\" data-end=\"3175\" \/>\u2705 %100 Gizli Kargo ve G\u00fcvenli Teslimat<\/p>\n<hr class=\"\" data-start=\"3215\" data-end=\"3218\" \/>\n<p class=\"\" data-start=\"3220\" data-end=\"3372\"><strong data-start=\"3220\" data-end=\"3309\">Kendi konfor alan\u0131n\u0131zda, teknolojik bir zevk deneyimi ya\u015famak i\u00e7in Flora ile tan\u0131\u015f\u0131n!<\/strong><br data-start=\"3309\" data-end=\"3312\" \/><strong data-start=\"3312\" data-end=\"3372\">\u015eimdi sipari\u015f verin, gizlice ve g\u00fcvenle kap\u0131n\u0131za gelsin.<\/strong><\/p>\n<hr class=\"\" data-start=\"3374\" data-end=\"3377\" \/>\n<p class=\"\" data-start=\"3379\" data-end=\"3655\"><br data-start=\"3453\" data-end=\"3456\" \/>\u2714\ufe0f <em data-start=\"3459\" data-end=\"3484\">suni vajina mast\u00fcrbat\u00f6r<\/em><br data-start=\"3484\" data-end=\"3487\" \/>\u2714\ufe0f <em data-start=\"3490\" data-end=\"3522\">titre\u015fimli erkek seks oyunca\u011f\u0131<\/em><br data-start=\"3522\" data-end=\"3525\" \/>\u2714\ufe0f <em data-start=\"3528\" data-end=\"3559\">USB \u015farjl\u0131 mast\u00fcrbasyon aleti<\/em><br data-start=\"3559\" data-end=\"3562\" \/>\u2714\ufe0f <em data-start=\"3565\" data-end=\"3591\">ger\u00e7ek\u00e7i vajina deneyimi<\/em><br data-start=\"3591\" data-end=\"3594\" \/>\u2714\ufe0f <em data-start=\"3597\" data-end=\"3616\">sesli mast\u00fcrbat\u00f6r<\/em><br data-start=\"3616\" data-end=\"3619\" \/>\u2714\ufe0f <em data-start=\"3622\" data-end=\"3653\">realistik erkek seks oyunca\u011f\u0131<\/em><\/p>\n<p>&nbsp;<\/p>\n<p>&nbsp;<\/p>\n<p><a href=\"http:\/\/api.whatsapp.com\/send?phone=905304676616&amp;text=Sipari%C5%9F%20Vermek%20%C4%B0stiyorum%20haremshop%20BDM7005\"><img fetchpriority=\"high\" decoding=\"async\" class=\"alignnone\" src=\"https:\/\/static.ticimax.cloud\/32886\/uploads\/editoruploads\/whatsapp-destek-hatti.gif\" alt=\"\" width=\"750\" height=\"117\" \/><\/a><\/p>\n","protected":false},"excerpt":{"rendered":"<p>Modern teknolojinin sa\u011flad\u0131\u011f\u0131 en geli\u015fmi\u015f erkek mast\u00fcrbasyon cihazlar\u0131ndan biri olan <strong data-start=\"545\" data-end=\"588\">Flora Realistik Suni Vajina Mast\u00fcrbat\u00f6r<\/strong>, e\u015fsiz i\u00e7 yap\u0131s\u0131, sesli \u00f6zelli\u011fi ve 10 farkl\u0131 titre\u015fim fonksiyonu ile <strong data-start=\"659\" data-end=\"684\">ger\u00e7ek vajina hissini<\/strong> birebir ya\u015fatmak i\u00e7in tasarland\u0131. Solo zevki bir \u00fcst seviyeye ta\u015f\u0131yan bu cihazla, ister tek ba\u015f\u0131n\u0131za ister partnerli oyunlar\u0131n\u0131zda s\u0131n\u0131rs\u0131z haz sizi bekliyor.<\/p>\n","protected":false},"featured_media":43270,"comment_status":"closed","ping_status":"closed","template":"","meta":[],"product_brand":[],"product_cat":[503],"product_tag":[],"class_list":{"0":"post-43268","1":"product","2":"type-product","3":"status-publish","4":"has-post-thumbnail","6":"product_cat-vajina-ve-masturbator","8":"first","9":"outofstock","10":"purchasable","11":"product-type-simple"},"yoast_head":"<!-- This site is optimized with the Yoast SEO Premium plugin v24.4 (Yoast SEO v27.1.1) - https:\/\/yoast.com\/product\/yoast-seo-premium-wordpress\/ -->\n<title>Usb \u015earjl\u0131 10 Fonksiyonlu Sesli &amp;Amp; Titre\u015fimli Realistik Suni Vajina Mast\u00fcrbat\u00f6r - Bursa Erotik Shop<\/title>\n<meta name=\"robots\" content=\"index, follow, max-snippet:-1, max-image-preview:large, max-video-preview:-1\" \/>\n<link rel=\"canonical\" href=\"https:\/\/hobierotikshop.com.tr\/website1\/erotik-shop-urun\/usb-sarjli-10-fonksiyonlu-sesli-titresimli-realistik-suni-vajina-masturbator\/\" \/>\n<meta property=\"og:locale\" content=\"tr_TR\" \/>\n<meta property=\"og:type\" content=\"article\" \/>\n<meta property=\"og:title\" content=\"Usb \u015earjl\u0131 10 Fonksiyonlu Sesli &amp;Amp; Titre\u015fimli Realistik Suni Vajina Mast\u00fcrbat\u00f6r\" \/>\n<meta property=\"og:description\" content=\"Modern teknolojinin sa\u011flad\u0131\u011f\u0131 en geli\u015fmi\u015f erkek mast\u00fcrbasyon cihazlar\u0131ndan biri olan Flora Realistik Suni Vajina Mast\u00fcrbat\u00f6r, e\u015fsiz i\u00e7 yap\u0131s\u0131, sesli \u00f6zelli\u011fi ve 10 farkl\u0131 titre\u015fim fonksiyonu ile ger\u00e7ek vajina hissini birebir ya\u015fatmak i\u00e7in tasarland\u0131. Solo zevki bir \u00fcst seviyeye ta\u015f\u0131yan bu cihazla, ister tek ba\u015f\u0131n\u0131za ister partnerli oyunlar\u0131n\u0131zda s\u0131n\u0131rs\u0131z haz sizi bekliyor.\" \/>\n<meta property=\"og:url\" content=\"https:\/\/hobierotikshop.com.tr\/website1\/erotik-shop-urun\/usb-sarjli-10-fonksiyonlu-sesli-titresimli-realistik-suni-vajina-masturbator\/\" \/>\n<meta property=\"og:site_name\" content=\"Bursa Erotik Shop\" \/>\n<meta property=\"article:modified_time\" content=\"2026-01-08T23:59:43+00:00\" \/>\n<meta property=\"og:image\" content=\"https:\/\/hobierotikshop.com.tr\/website1\/wp-content\/uploads\/2025\/04\/usb-sarjli-10-fonksiyonlu-sesli-titres-b33a-3.jpg\" \/>\n\t<meta property=\"og:image:width\" content=\"455\" \/>\n\t<meta property=\"og:image:height\" content=\"455\" \/>\n\t<meta property=\"og:image:type\" content=\"image\/jpeg\" \/>\n<meta name=\"twitter:card\" content=\"summary_large_image\" \/>\n<meta name=\"twitter:site\" content=\"@shopbursa\" \/>\n<meta name=\"twitter:label1\" content=\"Fiyat\" \/>\n\t<meta name=\"twitter:data1\" content=\"&#8378;2.580,00\" \/>\n\t<meta name=\"twitter:label2\" content=\"Availability\" \/>\n\t<meta name=\"twitter:data2\" content=\"Out of stock\" \/>\n<script type=\"application\/ld+json\" class=\"yoast-schema-graph\">{\"@context\":\"https:\/\/schema.org\",\"@graph\":[{\"@type\":\"WebPage\",\"@id\":\"https:\/\/hobierotikshop.com.tr\/website1\/erotik-shop-urun\/usb-sarjli-10-fonksiyonlu-sesli-titresimli-realistik-suni-vajina-masturbator\/\",\"url\":\"https:\/\/hobierotikshop.com.tr\/website1\/erotik-shop-urun\/usb-sarjli-10-fonksiyonlu-sesli-titresimli-realistik-suni-vajina-masturbator\/\",\"name\":\"Usb \u015earjl\u0131 10 Fonksiyonlu Sesli &Amp; Titre\u015fimli Realistik Suni Vajina Mast\u00fcrbat\u00f6r - Bursa Erotik Shop\",\"isPartOf\":{\"@id\":\"https:\/\/hobierotikshop.com.tr\/website1\/#website\"},\"primaryImageOfPage\":{\"@id\":\"https:\/\/hobierotikshop.com.tr\/website1\/erotik-shop-urun\/usb-sarjli-10-fonksiyonlu-sesli-titresimli-realistik-suni-vajina-masturbator\/#primaryimage\"},\"image\":{\"@id\":\"https:\/\/hobierotikshop.com.tr\/website1\/erotik-shop-urun\/usb-sarjli-10-fonksiyonlu-sesli-titresimli-realistik-suni-vajina-masturbator\/#primaryimage\"},\"thumbnailUrl\":\"https:\/\/haremerotikshop.com\/site\/wp-content\/uploads\/2025\/04\/usb-sarjli-10-fonksiyonlu-sesli-titres-b33a-3.jpg\",\"datePublished\":\"2025-04-26T13:40:29+00:00\",\"dateModified\":\"2026-01-08T23:59:43+00:00\",\"breadcrumb\":{\"@id\":\"https:\/\/hobierotikshop.com.tr\/website1\/erotik-shop-urun\/usb-sarjli-10-fonksiyonlu-sesli-titresimli-realistik-suni-vajina-masturbator\/#breadcrumb\"},\"inLanguage\":\"tr\",\"potentialAction\":[{\"@type\":\"ReadAction\",\"target\":[\"https:\/\/hobierotikshop.com.tr\/website1\/erotik-shop-urun\/usb-sarjli-10-fonksiyonlu-sesli-titresimli-realistik-suni-vajina-masturbator\/\"]}]},{\"@type\":\"ImageObject\",\"inLanguage\":\"tr\",\"@id\":\"https:\/\/hobierotikshop.com.tr\/website1\/erotik-shop-urun\/usb-sarjli-10-fonksiyonlu-sesli-titresimli-realistik-suni-vajina-masturbator\/#primaryimage\",\"url\":\"https:\/\/haremerotikshop.com\/site\/wp-content\/uploads\/2025\/04\/usb-sarjli-10-fonksiyonlu-sesli-titres-b33a-3.jpg\",\"contentUrl\":\"https:\/\/haremerotikshop.com\/site\/wp-content\/uploads\/2025\/04\/usb-sarjli-10-fonksiyonlu-sesli-titres-b33a-3.jpg\",\"width\":455,\"height\":455},{\"@type\":\"BreadcrumbList\",\"@id\":\"https:\/\/hobierotikshop.com.tr\/website1\/erotik-shop-urun\/usb-sarjli-10-fonksiyonlu-sesli-titresimli-realistik-suni-vajina-masturbator\/#breadcrumb\",\"itemListElement\":[{\"@type\":\"ListItem\",\"position\":1,\"name\":\"Anasayfa\",\"item\":\"https:\/\/hobierotikshop.com.tr\/website1\/\"},{\"@type\":\"ListItem\",\"position\":2,\"name\":\"Erotik Shop \u00dcr\u00fcnleri\",\"item\":\"https:\/\/hobierotikshop.com.tr\/website1\/shop\/\"},{\"@type\":\"ListItem\",\"position\":3,\"name\":\"Usb \u015earjl\u0131 10 Fonksiyonlu Sesli &Amp; Titre\u015fimli Realistik Suni Vajina Mast\u00fcrbat\u00f6r\"}]},{\"@type\":\"WebSite\",\"@id\":\"https:\/\/hobierotikshop.com.tr\/website1\/#website\",\"url\":\"https:\/\/hobierotikshop.com.tr\/website1\/\",\"name\":\"Bursa Erotik Shop\",\"description\":\"Bursa Erotik Shop ile g\u00fcvenli, gizli ve kaliteli yeti\u015fkin \u00fcr\u00fcnleri al\u0131\u015fveri\u015fi! Geni\u015f \u00fcr\u00fcn yelpazemizi ke\u015ffedin, hemen sipari\u015f verin\",\"publisher\":{\"@id\":\"https:\/\/hobierotikshop.com.tr\/website1\/#organization\"},\"alternateName\":\"Erotik Shop\",\"potentialAction\":[{\"@type\":\"SearchAction\",\"target\":{\"@type\":\"EntryPoint\",\"urlTemplate\":\"https:\/\/hobierotikshop.com.tr\/website1\/?s={search_term_string}\"},\"query-input\":{\"@type\":\"PropertyValueSpecification\",\"valueRequired\":true,\"valueName\":\"search_term_string\"}}],\"inLanguage\":\"tr\"},{\"@type\":\"Organization\",\"@id\":\"https:\/\/hobierotikshop.com.tr\/website1\/#organization\",\"name\":\"Harem Bursa Erotik Shop\",\"url\":\"https:\/\/hobierotikshop.com.tr\/website1\/\",\"logo\":{\"@type\":\"ImageObject\",\"inLanguage\":\"tr\",\"@id\":\"https:\/\/hobierotikshop.com.tr\/website1\/#\/schema\/logo\/image\/\",\"url\":\"https:\/\/haremerotikshop.com\/site\/wp-content\/uploads\/2025\/03\/haremsexshop.png\",\"contentUrl\":\"https:\/\/haremerotikshop.com\/site\/wp-content\/uploads\/2025\/03\/haremsexshop.png\",\"width\":400,\"height\":100,\"caption\":\"Harem Bursa Erotik Shop\"},\"image\":{\"@id\":\"https:\/\/hobierotikshop.com.tr\/website1\/#\/schema\/logo\/image\/\"},\"sameAs\":[\"https:\/\/x.com\/shopbursa\"],\"publishingPrinciples\":\"https:\/\/hobierotikshop.com.tr\/website1\/mesafeli-satis-sozlesmesi\/\",\"ownershipFundingInfo\":\"https:\/\/hobierotikshop.com.tr\/website1\/contact-us\/\",\"actionableFeedbackPolicy\":\"https:\/\/hobierotikshop.com.tr\/website1\/contact-us\/\",\"correctionsPolicy\":\"https:\/\/hobierotikshop.com.tr\/website1\/mesafeli-satis-sozlesmesi\/\"}]}<\/script>\n<meta property=\"product:price:amount\" content=\"2580.00\" \/>\n<meta property=\"product:price:currency\" content=\"TRY\" \/>\n<meta property=\"og:availability\" content=\"out of stock\" \/>\n<meta property=\"product:availability\" content=\"out of stock\" \/>\n<meta property=\"product:retailer_item_id\" content=\"BDM7005\" \/>\n<meta property=\"product:condition\" content=\"new\" \/>\n<!-- \/ Yoast SEO Premium plugin. -->","yoast_head_json":{"title":"Usb \u015earjl\u0131 10 Fonksiyonlu Sesli &Amp; Titre\u015fimli Realistik Suni Vajina Mast\u00fcrbat\u00f6r - Bursa Erotik Shop","robots":{"index":"index","follow":"follow","max-snippet":"max-snippet:-1","max-image-preview":"max-image-preview:large","max-video-preview":"max-video-preview:-1"},"canonical":"https:\/\/hobierotikshop.com.tr\/website1\/erotik-shop-urun\/usb-sarjli-10-fonksiyonlu-sesli-titresimli-realistik-suni-vajina-masturbator\/","og_locale":"tr_TR","og_type":"article","og_title":"Usb \u015earjl\u0131 10 Fonksiyonlu Sesli &Amp; Titre\u015fimli Realistik Suni Vajina Mast\u00fcrbat\u00f6r","og_description":"Modern teknolojinin sa\u011flad\u0131\u011f\u0131 en geli\u015fmi\u015f erkek mast\u00fcrbasyon cihazlar\u0131ndan biri olan Flora Realistik Suni Vajina Mast\u00fcrbat\u00f6r, e\u015fsiz i\u00e7 yap\u0131s\u0131, sesli \u00f6zelli\u011fi ve 10 farkl\u0131 titre\u015fim fonksiyonu ile ger\u00e7ek vajina hissini birebir ya\u015fatmak i\u00e7in tasarland\u0131. Solo zevki bir \u00fcst seviyeye ta\u015f\u0131yan bu cihazla, ister tek ba\u015f\u0131n\u0131za ister partnerli oyunlar\u0131n\u0131zda s\u0131n\u0131rs\u0131z haz sizi bekliyor.","og_url":"https:\/\/hobierotikshop.com.tr\/website1\/erotik-shop-urun\/usb-sarjli-10-fonksiyonlu-sesli-titresimli-realistik-suni-vajina-masturbator\/","og_site_name":"Bursa Erotik Shop","article_modified_time":"2026-01-08T23:59:43+00:00","og_image":[{"width":455,"height":455,"url":"https:\/\/hobierotikshop.com.tr\/website1\/wp-content\/uploads\/2025\/04\/usb-sarjli-10-fonksiyonlu-sesli-titres-b33a-3.jpg","type":"image\/jpeg"}],"twitter_card":"summary_large_image","twitter_site":"@shopbursa","twitter_misc":{"Fiyat":"&#8378;2.580,00","Availability":"Out of stock"},"schema":{"@context":"https:\/\/schema.org","@graph":[{"@type":"WebPage","@id":"https:\/\/hobierotikshop.com.tr\/website1\/erotik-shop-urun\/usb-sarjli-10-fonksiyonlu-sesli-titresimli-realistik-suni-vajina-masturbator\/","url":"https:\/\/hobierotikshop.com.tr\/website1\/erotik-shop-urun\/usb-sarjli-10-fonksiyonlu-sesli-titresimli-realistik-suni-vajina-masturbator\/","name":"Usb \u015earjl\u0131 10 Fonksiyonlu Sesli &Amp; Titre\u015fimli Realistik Suni Vajina Mast\u00fcrbat\u00f6r - Bursa Erotik Shop","isPartOf":{"@id":"https:\/\/hobierotikshop.com.tr\/website1\/#website"},"primaryImageOfPage":{"@id":"https:\/\/hobierotikshop.com.tr\/website1\/erotik-shop-urun\/usb-sarjli-10-fonksiyonlu-sesli-titresimli-realistik-suni-vajina-masturbator\/#primaryimage"},"image":{"@id":"https:\/\/hobierotikshop.com.tr\/website1\/erotik-shop-urun\/usb-sarjli-10-fonksiyonlu-sesli-titresimli-realistik-suni-vajina-masturbator\/#primaryimage"},"thumbnailUrl":"https:\/\/haremerotikshop.com\/site\/wp-content\/uploads\/2025\/04\/usb-sarjli-10-fonksiyonlu-sesli-titres-b33a-3.jpg","datePublished":"2025-04-26T13:40:29+00:00","dateModified":"2026-01-08T23:59:43+00:00","breadcrumb":{"@id":"https:\/\/hobierotikshop.com.tr\/website1\/erotik-shop-urun\/usb-sarjli-10-fonksiyonlu-sesli-titresimli-realistik-suni-vajina-masturbator\/#breadcrumb"},"inLanguage":"tr","potentialAction":[{"@type":"ReadAction","target":["https:\/\/hobierotikshop.com.tr\/website1\/erotik-shop-urun\/usb-sarjli-10-fonksiyonlu-sesli-titresimli-realistik-suni-vajina-masturbator\/"]}]},{"@type":"ImageObject","inLanguage":"tr","@id":"https:\/\/hobierotikshop.com.tr\/website1\/erotik-shop-urun\/usb-sarjli-10-fonksiyonlu-sesli-titresimli-realistik-suni-vajina-masturbator\/#primaryimage","url":"https:\/\/haremerotikshop.com\/site\/wp-content\/uploads\/2025\/04\/usb-sarjli-10-fonksiyonlu-sesli-titres-b33a-3.jpg","contentUrl":"https:\/\/haremerotikshop.com\/site\/wp-content\/uploads\/2025\/04\/usb-sarjli-10-fonksiyonlu-sesli-titres-b33a-3.jpg","width":455,"height":455},{"@type":"BreadcrumbList","@id":"https:\/\/hobierotikshop.com.tr\/website1\/erotik-shop-urun\/usb-sarjli-10-fonksiyonlu-sesli-titresimli-realistik-suni-vajina-masturbator\/#breadcrumb","itemListElement":[{"@type":"ListItem","position":1,"name":"Anasayfa","item":"https:\/\/hobierotikshop.com.tr\/website1\/"},{"@type":"ListItem","position":2,"name":"Erotik Shop \u00dcr\u00fcnleri","item":"https:\/\/hobierotikshop.com.tr\/website1\/shop\/"},{"@type":"ListItem","position":3,"name":"Usb \u015earjl\u0131 10 Fonksiyonlu Sesli &Amp; Titre\u015fimli Realistik Suni Vajina Mast\u00fcrbat\u00f6r"}]},{"@type":"WebSite","@id":"https:\/\/hobierotikshop.com.tr\/website1\/#website","url":"https:\/\/hobierotikshop.com.tr\/website1\/","name":"Bursa Erotik Shop","description":"Bursa Erotik Shop ile g\u00fcvenli, gizli ve kaliteli yeti\u015fkin \u00fcr\u00fcnleri al\u0131\u015fveri\u015fi! Geni\u015f \u00fcr\u00fcn yelpazemizi ke\u015ffedin, hemen sipari\u015f verin","publisher":{"@id":"https:\/\/hobierotikshop.com.tr\/website1\/#organization"},"alternateName":"Erotik Shop","potentialAction":[{"@type":"SearchAction","target":{"@type":"EntryPoint","urlTemplate":"https:\/\/hobierotikshop.com.tr\/website1\/?s={search_term_string}"},"query-input":{"@type":"PropertyValueSpecification","valueRequired":true,"valueName":"search_term_string"}}],"inLanguage":"tr"},{"@type":"Organization","@id":"https:\/\/hobierotikshop.com.tr\/website1\/#organization","name":"Harem Bursa Erotik Shop","url":"https:\/\/hobierotikshop.com.tr\/website1\/","logo":{"@type":"ImageObject","inLanguage":"tr","@id":"https:\/\/hobierotikshop.com.tr\/website1\/#\/schema\/logo\/image\/","url":"https:\/\/haremerotikshop.com\/site\/wp-content\/uploads\/2025\/03\/haremsexshop.png","contentUrl":"https:\/\/haremerotikshop.com\/site\/wp-content\/uploads\/2025\/03\/haremsexshop.png","width":400,"height":100,"caption":"Harem Bursa Erotik Shop"},"image":{"@id":"https:\/\/hobierotikshop.com.tr\/website1\/#\/schema\/logo\/image\/"},"sameAs":["https:\/\/x.com\/shopbursa"],"publishingPrinciples":"https:\/\/hobierotikshop.com.tr\/website1\/mesafeli-satis-sozlesmesi\/","ownershipFundingInfo":"https:\/\/hobierotikshop.com.tr\/website1\/contact-us\/","actionableFeedbackPolicy":"https:\/\/hobierotikshop.com.tr\/website1\/contact-us\/","correctionsPolicy":"https:\/\/hobierotikshop.com.tr\/website1\/mesafeli-satis-sozlesmesi\/"}]},"product_price_amount":"2580.00","product_price_currency":"TRY","og_availability":"out of stock","product_availability":"out of stock","product_retailer_item_id":"BDM7005","product_condition":"new"},"_links":{"self":[{"href":"https:\/\/haremerotikshop.com\/site\/wp-json\/wp\/v2\/product\/43268","targetHints":{"allow":["GET"]}}],"collection":[{"href":"https:\/\/haremerotikshop.com\/site\/wp-json\/wp\/v2\/product"}],"about":[{"href":"https:\/\/haremerotikshop.com\/site\/wp-json\/wp\/v2\/types\/product"}],"replies":[{"embeddable":true,"href":"https:\/\/haremerotikshop.com\/site\/wp-json\/wp\/v2\/comments?post=43268"}],"version-history":[{"count":0,"href":"https:\/\/haremerotikshop.com\/site\/wp-json\/wp\/v2\/product\/43268\/revisions"}],"wp:featuredmedia":[{"embeddable":true,"href":"https:\/\/haremerotikshop.com\/site\/wp-json\/wp\/v2\/media\/43270"}],"wp:attachment":[{"href":"https:\/\/haremerotikshop.com\/site\/wp-json\/wp\/v2\/media?parent=43268"}],"wp:term":[{"taxonomy":"product_brand","embeddable":true,"href":"https:\/\/haremerotikshop.com\/site\/wp-json\/wp\/v2\/product_brand?post=43268"},{"taxonomy":"product_cat","embeddable":true,"href":"https:\/\/haremerotikshop.com\/site\/wp-json\/wp\/v2\/product_cat?post=43268"},{"taxonomy":"product_tag","embeddable":true,"href":"https:\/\/haremerotikshop.com\/site\/wp-json\/wp\/v2\/product_tag?post=43268"}],"curies":[{"name":"wp","href":"https:\/\/api.w.org\/{rel}","templated":true}]}}