{"id":43366,"date":"2025-04-26T16:42:46","date_gmt":"2025-04-26T13:42:46","guid":{"rendered":"https:\/\/haremerotikshop.com\/site\/erotik-shop-urun\/26-cm-titresimli-gercekci-kalin-dildo-penis-bergrisi\/"},"modified":"2026-01-08T17:10:23","modified_gmt":"2026-01-08T14:10:23","slug":"26-cm-titresimli-gercekci-kalin-dildo-penis-bergrisi","status":"publish","type":"product","link":"https:\/\/haremerotikshop.com\/site\/erotik-shop-urun\/26-cm-titresimli-gercekci-kalin-dildo-penis-bergrisi\/","title":{"rendered":"26 Cm Titre\u015fimli Ger\u00e7ek\u00e7i Kal\u0131n Dildo Penis &#8211; Bergrisi"},"content":{"rendered":"<h2 class=\"\" data-start=\"121\" data-end=\"182\"><strong data-start=\"124\" data-end=\"182\">26 cm Titre\u015fimli Ger\u00e7ek\u00e7i Kal\u0131n Dildo Penis &#8211; Bergrisi<\/strong><\/h2>\n<p class=\"\" data-start=\"184\" data-end=\"584\"><strong data-start=\"184\" data-end=\"242\">26 cm Titre\u015fimli Ger\u00e7ek\u00e7i Kal\u0131n Dildo Penis &#8211; Bergrisi<\/strong>, b\u00fcy\u00fck ve kal\u0131n yap\u0131y\u0131 sevenler i\u00e7in tasarlanm\u0131\u015f, g\u00fc\u00e7l\u00fc titre\u015fimli ve ger\u00e7ek\u00e7i dokusu ile benzersiz bir deneyim sunuyor. Hem <strong data-start=\"368\" data-end=\"379\">vajinal<\/strong> hem de <strong data-start=\"387\" data-end=\"395\">anal<\/strong> kullan\u0131m i\u00e7in ideal olan bu \u00fcr\u00fcn, sa\u011flam vantuz \u00f6zelli\u011fi sayesinde her y\u00fczeye sabitlenebilir ve konforlu kullan\u0131m sa\u011flar. Y\u00fcksek kaliteli malzemeleriyle uzun s\u00fcreli kullan\u0131m i\u00e7in uygundur.<\/p>\n<hr class=\"\" data-start=\"586\" data-end=\"589\" \/>\n<h3 class=\"\" data-start=\"591\" data-end=\"616\"><strong data-start=\"595\" data-end=\"616\">\u00dcr\u00fcn \u00d6zellikleri:<\/strong><\/h3>\n<ul data-start=\"618\" data-end=\"1515\">\n<li class=\"\" data-start=\"618\" data-end=\"714\">\n<p class=\"\" data-start=\"620\" data-end=\"714\"><strong data-start=\"620\" data-end=\"633\">Boyutlar:<\/strong> 26 cm uzunluk ve 5,5 cm kal\u0131nl\u0131k ile b\u00fcy\u00fck sevenler i\u00e7in m\u00fckemmel bir se\u00e7enek.<\/p>\n<\/li>\n<li class=\"\" data-start=\"715\" data-end=\"877\">\n<p class=\"\" data-start=\"717\" data-end=\"877\"><strong data-start=\"717\" data-end=\"741\">Ger\u00e7ek\u00e7i Ten Dokusu:<\/strong> \u00dcr\u00fcn, ger\u00e7ek penis dokusunu taklit eden yumu\u015fak ve elastik bir yap\u0131ya sahiptir. Ger\u00e7ek\u00e7i ten rengi ve detaylar, do\u011fal bir his sa\u011flar.<\/p>\n<\/li>\n<li class=\"\" data-start=\"878\" data-end=\"1002\">\n<p class=\"\" data-start=\"880\" data-end=\"1002\"><strong data-start=\"880\" data-end=\"903\">Titre\u015fimli \u00d6zellik:<\/strong> \u00dcr\u00fcn\u00fcn g\u00fc\u00e7l\u00fc titre\u015fim motoru, 3 farkl\u0131 h\u0131zda ayarlanabilir ve b\u00f6ylece zevkinizi daha da art\u0131r\u0131r.<\/p>\n<\/li>\n<li class=\"\" data-start=\"1003\" data-end=\"1164\">\n<p class=\"\" data-start=\"1005\" data-end=\"1164\"><strong data-start=\"1005\" data-end=\"1031\">Sabitlenebilir Vantuz:<\/strong> G\u00fc\u00e7l\u00fc vantuz \u00f6zelli\u011fi, \u00fcr\u00fcn\u00fc istedi\u011finiz herhangi bir d\u00fcz y\u00fczeye sabitlemenizi sa\u011flar, b\u00f6ylece eller serbest kullan\u0131m keyfi sunar.<\/p>\n<\/li>\n<li class=\"\" data-start=\"1165\" data-end=\"1299\">\n<p class=\"\" data-start=\"1167\" data-end=\"1299\"><strong data-start=\"1167\" data-end=\"1190\">Cilt Dostu Malzeme:<\/strong> Ciltle uyumlu malzemeler kullan\u0131larak \u00fcretilmi\u015ftir, g\u00fcvenli ve sa\u011fl\u0131kl\u0131d\u0131r. Ayr\u0131ca kolayca temizlenebilir.<\/p>\n<\/li>\n<li class=\"\" data-start=\"1300\" data-end=\"1394\">\n<p class=\"\" data-start=\"1302\" data-end=\"1394\"><strong data-start=\"1302\" data-end=\"1320\">Pthalate Free:<\/strong> \u00dcr\u00fcn, sa\u011fl\u0131\u011f\u0131n\u0131za zarar vermeyen pthalate free materyalle \u00fcretilmi\u015ftir.<\/p>\n<\/li>\n<li class=\"\" data-start=\"1395\" data-end=\"1515\">\n<p class=\"\" data-start=\"1397\" data-end=\"1515\"><strong data-start=\"1397\" data-end=\"1419\">Yumu\u015fak Et Dokusu:<\/strong> Ger\u00e7ek\u00e7i et dokusu, do\u011fal bir his ve konfor sa\u011flar, uzun s\u00fcreli kullan\u0131mlarda rahatl\u0131k sunar.<\/p>\n<\/li>\n<\/ul>\n<hr class=\"\" data-start=\"1517\" data-end=\"1520\" \/>\n<h3 class=\"\" data-start=\"1522\" data-end=\"1560\"><strong data-start=\"1526\" data-end=\"1560\">Kullan\u0131m ve Bak\u0131m Talimatlar\u0131:<\/strong><\/h3>\n<ul data-start=\"1562\" data-end=\"1874\">\n<li class=\"\" data-start=\"1562\" data-end=\"1690\">\n<p class=\"\" data-start=\"1564\" data-end=\"1690\"><strong data-start=\"1564\" data-end=\"1577\">Temizlik:<\/strong> \u00dcr\u00fcn\u00fc her kullan\u0131mdan sonra \u0131l\u0131k su ve sabunla temizlemeniz \u00f6nerilir. Kimyasal temizlik maddelerinden ka\u00e7\u0131n\u0131n.<\/p>\n<\/li>\n<li class=\"\" data-start=\"1691\" data-end=\"1796\">\n<p class=\"\" data-start=\"1693\" data-end=\"1796\"><strong data-start=\"1693\" data-end=\"1723\">Kayganla\u015ft\u0131r\u0131c\u0131 Kullan\u0131m\u0131:<\/strong> Daha konforlu bir deneyim i\u00e7in kayganla\u015ft\u0131r\u0131c\u0131 jel kullan\u0131m\u0131 \u00f6nerilir.<\/p>\n<\/li>\n<li class=\"\" data-start=\"1797\" data-end=\"1874\">\n<p class=\"\" data-start=\"1799\" data-end=\"1874\"><strong data-start=\"1799\" data-end=\"1810\">Hijyen:<\/strong> \u00dcr\u00fcn\u00fc d\u00fczenli olarak temizleyerek hijyenik ko\u015fullarda saklay\u0131n.<\/p>\n<\/li>\n<\/ul>\n<hr class=\"\" data-start=\"1876\" data-end=\"1879\" \/>\n<h3 class=\"\" data-start=\"1881\" data-end=\"1915\"><strong data-start=\"1885\" data-end=\"1915\">Gizli ve G\u00fcvenli Teslimat:<\/strong><\/h3>\n<ul data-start=\"1917\" data-end=\"2279\">\n<li class=\"\" data-start=\"1917\" data-end=\"2054\">\n<p class=\"\" data-start=\"1919\" data-end=\"2054\"><strong data-start=\"1919\" data-end=\"1939\">Gizli Paketleme:<\/strong> Sipari\u015fler, d\u0131\u015far\u0131dan anla\u015f\u0131lmayacak \u015fekilde gizli ve kapal\u0131 kolilerle g\u00f6nderilir. B\u00f6ylece gizlili\u011finiz korunur.<\/p>\n<\/li>\n<li class=\"\" data-start=\"2055\" data-end=\"2185\">\n<p class=\"\" data-start=\"2057\" data-end=\"2185\"><strong data-start=\"2057\" data-end=\"2083\">Kap\u0131da \u00d6deme Se\u00e7ene\u011fi:<\/strong> Nakit veya kredi kart\u0131 ile kap\u0131da \u00f6deme yapabilirsiniz, g\u00fcvenli ve kolay al\u0131\u015fveri\u015f deneyimi sa\u011flar.<\/p>\n<\/li>\n<li class=\"\" data-start=\"2186\" data-end=\"2279\">\n<p class=\"\" data-start=\"2188\" data-end=\"2279\"><strong data-start=\"2188\" data-end=\"2207\">H\u0131zl\u0131 Teslimat:<\/strong> Sipari\u015fleriniz g\u00fcvenli ve h\u0131zl\u0131 bir \u015fekilde adresinize teslim edilir.<\/p>\n<\/li>\n<\/ul>\n<hr class=\"\" data-start=\"2281\" data-end=\"2284\" \/>\n<h3 class=\"\" data-start=\"2286\" data-end=\"2312\"><strong data-start=\"2290\" data-end=\"2312\">\u00d6deme Se\u00e7enekleri:<\/strong><\/h3>\n<ul data-start=\"2314\" data-end=\"2633\">\n<li class=\"\" data-start=\"2314\" data-end=\"2451\">\n<p class=\"\" data-start=\"2316\" data-end=\"2451\"><strong data-start=\"2316\" data-end=\"2333\">Kap\u0131da \u00d6deme:<\/strong> Nakit veya kredi kart\u0131 ile kap\u0131da \u00f6deme se\u00e7ene\u011fi sunulmaktad\u0131r, b\u00f6ylece al\u0131\u015fveri\u015finizi g\u00fcvenle tamamlayabilirsiniz.<\/p>\n<\/li>\n<li class=\"\" data-start=\"2452\" data-end=\"2533\">\n<p class=\"\" data-start=\"2454\" data-end=\"2533\"><strong data-start=\"2454\" data-end=\"2480\">Kredi Kart\u0131 ile \u00d6deme:<\/strong> Online \u00f6deme ile g\u00fcvenli al\u0131\u015fveri\u015f yapabilirsiniz.<\/p>\n<\/li>\n<li class=\"\" data-start=\"2534\" data-end=\"2633\">\n<p class=\"\" data-start=\"2536\" data-end=\"2633\"><strong data-start=\"2536\" data-end=\"2555\">Banka Havalesi:<\/strong> Banka havalesi ile \u00f6deme yapabilir ve i\u015fleminizi kolayca tamamlayabilirsiniz.<\/p>\n<\/li>\n<\/ul>\n<hr class=\"\" data-start=\"2635\" data-end=\"2638\" \/>\n<p class=\"\" data-start=\"2640\" data-end=\"2988\"><strong data-start=\"2640\" data-end=\"2698\">26 cm Titre\u015fimli Ger\u00e7ek\u00e7i Kal\u0131n Dildo Penis &#8211; Bergrisi<\/strong>, b\u00fcy\u00fck boy ve kal\u0131nl\u0131k isteyenler i\u00e7in tasarlanm\u0131\u015f, g\u00fc\u00e7l\u00fc titre\u015fim motoru ve ger\u00e7ek\u00e7i dokusu ile unutulmaz bir deneyim sunuyor. Sa\u011fl\u0131kl\u0131, g\u00fcvenli ve konforlu kullan\u0131m i\u00e7in y\u00fcksek kaliteli malzemelerle \u00fcretilmi\u015ftir. Hem bireysel kullan\u0131m hem de partnerle kullan\u0131labilecek ideal bir \u00fcr\u00fcnd\u00fcr.<\/p>\n<p>&nbsp;<\/p>\n<p>&nbsp;<\/p>\n<p><a href=\"http:\/\/api.whatsapp.com\/send?phone=905304676616&amp;text=Sipari%C5%9F%20Vermek%20%C4%B0stiyorum%20haremshop%20BDM1253\"><img fetchpriority=\"high\" decoding=\"async\" class=\"alignnone\" src=\"https:\/\/static.ticimax.cloud\/32886\/uploads\/editoruploads\/whatsapp-destek-hatti.gif\" alt=\"\" width=\"750\" height=\"117\" \/><\/a><\/p>\n","protected":false},"excerpt":{"rendered":"<p><strong data-start=\"184\" data-end=\"242\">26 cm Titre\u015fimli Ger\u00e7ek\u00e7i Kal\u0131n Dildo Penis &#8211; Bergrisi<\/strong>, b\u00fcy\u00fck ve kal\u0131n yap\u0131y\u0131 sevenler i\u00e7in tasarlanm\u0131\u015f, g\u00fc\u00e7l\u00fc titre\u015fimli ve ger\u00e7ek\u00e7i dokusu ile benzersiz bir deneyim sunuyor. Hem <strong data-start=\"368\" data-end=\"379\">vajinal<\/strong> hem de <strong data-start=\"387\" data-end=\"395\">anal<\/strong> kullan\u0131m i\u00e7in ideal olan bu \u00fcr\u00fcn, sa\u011flam vantuz \u00f6zelli\u011fi sayesinde her y\u00fczeye sabitlenebilir ve konforlu kullan\u0131m sa\u011flar. Y\u00fcksek kaliteli malzemeleriyle uzun s\u00fcreli kullan\u0131m i\u00e7in uygundur.<\/p>\n","protected":false},"featured_media":43368,"comment_status":"closed","ping_status":"closed","template":"","meta":[],"product_brand":[],"product_cat":[501],"product_tag":[],"class_list":{"0":"post-43366","1":"product","2":"type-product","3":"status-publish","4":"has-post-thumbnail","6":"product_cat-realistik-penisler","8":"first","9":"instock","10":"purchasable","11":"product-type-simple"},"yoast_head":"<!-- This site is optimized with the Yoast SEO Premium plugin v24.4 (Yoast SEO v27.1.1) - https:\/\/yoast.com\/product\/yoast-seo-premium-wordpress\/ -->\n<title>26 Cm Titre\u015fimli Ger\u00e7ek\u00e7i Kal\u0131n Dildo Penis - Bergrisi - Bursa Erotik Shop<\/title>\n<meta name=\"robots\" content=\"index, follow, max-snippet:-1, max-image-preview:large, max-video-preview:-1\" \/>\n<link rel=\"canonical\" href=\"https:\/\/hobierotikshop.com.tr\/website1\/erotik-shop-urun\/26-cm-titresimli-gercekci-kalin-dildo-penis-bergrisi\/\" \/>\n<meta property=\"og:locale\" content=\"tr_TR\" \/>\n<meta property=\"og:type\" content=\"article\" \/>\n<meta property=\"og:title\" content=\"26 Cm Titre\u015fimli Ger\u00e7ek\u00e7i Kal\u0131n Dildo Penis - Bergrisi\" \/>\n<meta property=\"og:description\" content=\"26 cm Titre\u015fimli Ger\u00e7ek\u00e7i Kal\u0131n Dildo Penis - Bergrisi, b\u00fcy\u00fck ve kal\u0131n yap\u0131y\u0131 sevenler i\u00e7in tasarlanm\u0131\u015f, g\u00fc\u00e7l\u00fc titre\u015fimli ve ger\u00e7ek\u00e7i dokusu ile benzersiz bir deneyim sunuyor. Hem vajinal hem de anal kullan\u0131m i\u00e7in ideal olan bu \u00fcr\u00fcn, sa\u011flam vantuz \u00f6zelli\u011fi sayesinde her y\u00fczeye sabitlenebilir ve konforlu kullan\u0131m sa\u011flar. Y\u00fcksek kaliteli malzemeleriyle uzun s\u00fcreli kullan\u0131m i\u00e7in uygundur.\" \/>\n<meta property=\"og:url\" content=\"https:\/\/hobierotikshop.com.tr\/website1\/erotik-shop-urun\/26-cm-titresimli-gercekci-kalin-dildo-penis-bergrisi\/\" \/>\n<meta property=\"og:site_name\" content=\"Bursa Erotik Shop\" \/>\n<meta property=\"article:modified_time\" content=\"2026-01-08T14:10:23+00:00\" \/>\n<meta property=\"og:image\" content=\"https:\/\/hobierotikshop.com.tr\/website1\/wp-content\/uploads\/2025\/04\/26-cm-titresimli-gercekci-kalin-dildo-2-4edf.jpg\" \/>\n\t<meta property=\"og:image:width\" content=\"455\" \/>\n\t<meta property=\"og:image:height\" content=\"455\" \/>\n\t<meta property=\"og:image:type\" content=\"image\/jpeg\" \/>\n<meta name=\"twitter:card\" content=\"summary_large_image\" \/>\n<meta name=\"twitter:site\" content=\"@shopbursa\" \/>\n<meta name=\"twitter:label1\" content=\"Fiyat\" \/>\n\t<meta name=\"twitter:data1\" content=\"&#8378;3.500,00\" \/>\n\t<meta name=\"twitter:label2\" content=\"Availability\" \/>\n\t<meta name=\"twitter:data2\" content=\"In stock\" \/>\n<script type=\"application\/ld+json\" class=\"yoast-schema-graph\">{\"@context\":\"https:\/\/schema.org\",\"@graph\":[{\"@type\":\"WebPage\",\"@id\":\"https:\/\/hobierotikshop.com.tr\/website1\/erotik-shop-urun\/26-cm-titresimli-gercekci-kalin-dildo-penis-bergrisi\/\",\"url\":\"https:\/\/hobierotikshop.com.tr\/website1\/erotik-shop-urun\/26-cm-titresimli-gercekci-kalin-dildo-penis-bergrisi\/\",\"name\":\"26 Cm Titre\u015fimli Ger\u00e7ek\u00e7i Kal\u0131n Dildo Penis - Bergrisi - Bursa Erotik Shop\",\"isPartOf\":{\"@id\":\"https:\/\/hobierotikshop.com.tr\/website1\/#website\"},\"primaryImageOfPage\":{\"@id\":\"https:\/\/hobierotikshop.com.tr\/website1\/erotik-shop-urun\/26-cm-titresimli-gercekci-kalin-dildo-penis-bergrisi\/#primaryimage\"},\"image\":{\"@id\":\"https:\/\/hobierotikshop.com.tr\/website1\/erotik-shop-urun\/26-cm-titresimli-gercekci-kalin-dildo-penis-bergrisi\/#primaryimage\"},\"thumbnailUrl\":\"https:\/\/haremerotikshop.com\/site\/wp-content\/uploads\/2025\/04\/26-cm-titresimli-gercekci-kalin-dildo-2-4edf.jpg\",\"datePublished\":\"2025-04-26T13:42:46+00:00\",\"dateModified\":\"2026-01-08T14:10:23+00:00\",\"breadcrumb\":{\"@id\":\"https:\/\/hobierotikshop.com.tr\/website1\/erotik-shop-urun\/26-cm-titresimli-gercekci-kalin-dildo-penis-bergrisi\/#breadcrumb\"},\"inLanguage\":\"tr\",\"potentialAction\":[{\"@type\":\"ReadAction\",\"target\":[\"https:\/\/hobierotikshop.com.tr\/website1\/erotik-shop-urun\/26-cm-titresimli-gercekci-kalin-dildo-penis-bergrisi\/\"]}]},{\"@type\":\"ImageObject\",\"inLanguage\":\"tr\",\"@id\":\"https:\/\/hobierotikshop.com.tr\/website1\/erotik-shop-urun\/26-cm-titresimli-gercekci-kalin-dildo-penis-bergrisi\/#primaryimage\",\"url\":\"https:\/\/haremerotikshop.com\/site\/wp-content\/uploads\/2025\/04\/26-cm-titresimli-gercekci-kalin-dildo-2-4edf.jpg\",\"contentUrl\":\"https:\/\/haremerotikshop.com\/site\/wp-content\/uploads\/2025\/04\/26-cm-titresimli-gercekci-kalin-dildo-2-4edf.jpg\",\"width\":455,\"height\":455},{\"@type\":\"BreadcrumbList\",\"@id\":\"https:\/\/hobierotikshop.com.tr\/website1\/erotik-shop-urun\/26-cm-titresimli-gercekci-kalin-dildo-penis-bergrisi\/#breadcrumb\",\"itemListElement\":[{\"@type\":\"ListItem\",\"position\":1,\"name\":\"Anasayfa\",\"item\":\"https:\/\/hobierotikshop.com.tr\/website1\/\"},{\"@type\":\"ListItem\",\"position\":2,\"name\":\"Erotik Shop \u00dcr\u00fcnleri\",\"item\":\"https:\/\/hobierotikshop.com.tr\/website1\/shop\/\"},{\"@type\":\"ListItem\",\"position\":3,\"name\":\"26 Cm Titre\u015fimli Ger\u00e7ek\u00e7i Kal\u0131n Dildo Penis &#8211; Bergrisi\"}]},{\"@type\":\"WebSite\",\"@id\":\"https:\/\/hobierotikshop.com.tr\/website1\/#website\",\"url\":\"https:\/\/hobierotikshop.com.tr\/website1\/\",\"name\":\"Bursa Erotik Shop\",\"description\":\"Bursa Erotik Shop ile g\u00fcvenli, gizli ve kaliteli yeti\u015fkin \u00fcr\u00fcnleri al\u0131\u015fveri\u015fi! Geni\u015f \u00fcr\u00fcn yelpazemizi ke\u015ffedin, hemen sipari\u015f verin\",\"publisher\":{\"@id\":\"https:\/\/hobierotikshop.com.tr\/website1\/#organization\"},\"alternateName\":\"Erotik Shop\",\"potentialAction\":[{\"@type\":\"SearchAction\",\"target\":{\"@type\":\"EntryPoint\",\"urlTemplate\":\"https:\/\/hobierotikshop.com.tr\/website1\/?s={search_term_string}\"},\"query-input\":{\"@type\":\"PropertyValueSpecification\",\"valueRequired\":true,\"valueName\":\"search_term_string\"}}],\"inLanguage\":\"tr\"},{\"@type\":\"Organization\",\"@id\":\"https:\/\/hobierotikshop.com.tr\/website1\/#organization\",\"name\":\"Harem Bursa Erotik Shop\",\"url\":\"https:\/\/hobierotikshop.com.tr\/website1\/\",\"logo\":{\"@type\":\"ImageObject\",\"inLanguage\":\"tr\",\"@id\":\"https:\/\/hobierotikshop.com.tr\/website1\/#\/schema\/logo\/image\/\",\"url\":\"https:\/\/haremerotikshop.com\/site\/wp-content\/uploads\/2025\/03\/haremsexshop.png\",\"contentUrl\":\"https:\/\/haremerotikshop.com\/site\/wp-content\/uploads\/2025\/03\/haremsexshop.png\",\"width\":400,\"height\":100,\"caption\":\"Harem Bursa Erotik Shop\"},\"image\":{\"@id\":\"https:\/\/hobierotikshop.com.tr\/website1\/#\/schema\/logo\/image\/\"},\"sameAs\":[\"https:\/\/x.com\/shopbursa\"],\"publishingPrinciples\":\"https:\/\/hobierotikshop.com.tr\/website1\/mesafeli-satis-sozlesmesi\/\",\"ownershipFundingInfo\":\"https:\/\/hobierotikshop.com.tr\/website1\/contact-us\/\",\"actionableFeedbackPolicy\":\"https:\/\/hobierotikshop.com.tr\/website1\/contact-us\/\",\"correctionsPolicy\":\"https:\/\/hobierotikshop.com.tr\/website1\/mesafeli-satis-sozlesmesi\/\"}]}<\/script>\n<meta property=\"product:price:amount\" content=\"3500.00\" \/>\n<meta property=\"product:price:currency\" content=\"TRY\" \/>\n<meta property=\"og:availability\" content=\"instock\" \/>\n<meta property=\"product:availability\" content=\"instock\" \/>\n<meta property=\"product:retailer_item_id\" content=\"BDM1253\" \/>\n<meta property=\"product:condition\" content=\"new\" \/>\n<!-- \/ Yoast SEO Premium plugin. -->","yoast_head_json":{"title":"26 Cm Titre\u015fimli Ger\u00e7ek\u00e7i Kal\u0131n Dildo Penis - Bergrisi - Bursa Erotik Shop","robots":{"index":"index","follow":"follow","max-snippet":"max-snippet:-1","max-image-preview":"max-image-preview:large","max-video-preview":"max-video-preview:-1"},"canonical":"https:\/\/hobierotikshop.com.tr\/website1\/erotik-shop-urun\/26-cm-titresimli-gercekci-kalin-dildo-penis-bergrisi\/","og_locale":"tr_TR","og_type":"article","og_title":"26 Cm Titre\u015fimli Ger\u00e7ek\u00e7i Kal\u0131n Dildo Penis - Bergrisi","og_description":"26 cm Titre\u015fimli Ger\u00e7ek\u00e7i Kal\u0131n Dildo Penis - Bergrisi, b\u00fcy\u00fck ve kal\u0131n yap\u0131y\u0131 sevenler i\u00e7in tasarlanm\u0131\u015f, g\u00fc\u00e7l\u00fc titre\u015fimli ve ger\u00e7ek\u00e7i dokusu ile benzersiz bir deneyim sunuyor. Hem vajinal hem de anal kullan\u0131m i\u00e7in ideal olan bu \u00fcr\u00fcn, sa\u011flam vantuz \u00f6zelli\u011fi sayesinde her y\u00fczeye sabitlenebilir ve konforlu kullan\u0131m sa\u011flar. Y\u00fcksek kaliteli malzemeleriyle uzun s\u00fcreli kullan\u0131m i\u00e7in uygundur.","og_url":"https:\/\/hobierotikshop.com.tr\/website1\/erotik-shop-urun\/26-cm-titresimli-gercekci-kalin-dildo-penis-bergrisi\/","og_site_name":"Bursa Erotik Shop","article_modified_time":"2026-01-08T14:10:23+00:00","og_image":[{"width":455,"height":455,"url":"https:\/\/hobierotikshop.com.tr\/website1\/wp-content\/uploads\/2025\/04\/26-cm-titresimli-gercekci-kalin-dildo-2-4edf.jpg","type":"image\/jpeg"}],"twitter_card":"summary_large_image","twitter_site":"@shopbursa","twitter_misc":{"Fiyat":"&#8378;3.500,00","Availability":"In stock"},"schema":{"@context":"https:\/\/schema.org","@graph":[{"@type":"WebPage","@id":"https:\/\/hobierotikshop.com.tr\/website1\/erotik-shop-urun\/26-cm-titresimli-gercekci-kalin-dildo-penis-bergrisi\/","url":"https:\/\/hobierotikshop.com.tr\/website1\/erotik-shop-urun\/26-cm-titresimli-gercekci-kalin-dildo-penis-bergrisi\/","name":"26 Cm Titre\u015fimli Ger\u00e7ek\u00e7i Kal\u0131n Dildo Penis - Bergrisi - Bursa Erotik Shop","isPartOf":{"@id":"https:\/\/hobierotikshop.com.tr\/website1\/#website"},"primaryImageOfPage":{"@id":"https:\/\/hobierotikshop.com.tr\/website1\/erotik-shop-urun\/26-cm-titresimli-gercekci-kalin-dildo-penis-bergrisi\/#primaryimage"},"image":{"@id":"https:\/\/hobierotikshop.com.tr\/website1\/erotik-shop-urun\/26-cm-titresimli-gercekci-kalin-dildo-penis-bergrisi\/#primaryimage"},"thumbnailUrl":"https:\/\/haremerotikshop.com\/site\/wp-content\/uploads\/2025\/04\/26-cm-titresimli-gercekci-kalin-dildo-2-4edf.jpg","datePublished":"2025-04-26T13:42:46+00:00","dateModified":"2026-01-08T14:10:23+00:00","breadcrumb":{"@id":"https:\/\/hobierotikshop.com.tr\/website1\/erotik-shop-urun\/26-cm-titresimli-gercekci-kalin-dildo-penis-bergrisi\/#breadcrumb"},"inLanguage":"tr","potentialAction":[{"@type":"ReadAction","target":["https:\/\/hobierotikshop.com.tr\/website1\/erotik-shop-urun\/26-cm-titresimli-gercekci-kalin-dildo-penis-bergrisi\/"]}]},{"@type":"ImageObject","inLanguage":"tr","@id":"https:\/\/hobierotikshop.com.tr\/website1\/erotik-shop-urun\/26-cm-titresimli-gercekci-kalin-dildo-penis-bergrisi\/#primaryimage","url":"https:\/\/haremerotikshop.com\/site\/wp-content\/uploads\/2025\/04\/26-cm-titresimli-gercekci-kalin-dildo-2-4edf.jpg","contentUrl":"https:\/\/haremerotikshop.com\/site\/wp-content\/uploads\/2025\/04\/26-cm-titresimli-gercekci-kalin-dildo-2-4edf.jpg","width":455,"height":455},{"@type":"BreadcrumbList","@id":"https:\/\/hobierotikshop.com.tr\/website1\/erotik-shop-urun\/26-cm-titresimli-gercekci-kalin-dildo-penis-bergrisi\/#breadcrumb","itemListElement":[{"@type":"ListItem","position":1,"name":"Anasayfa","item":"https:\/\/hobierotikshop.com.tr\/website1\/"},{"@type":"ListItem","position":2,"name":"Erotik Shop \u00dcr\u00fcnleri","item":"https:\/\/hobierotikshop.com.tr\/website1\/shop\/"},{"@type":"ListItem","position":3,"name":"26 Cm Titre\u015fimli Ger\u00e7ek\u00e7i Kal\u0131n Dildo Penis &#8211; Bergrisi"}]},{"@type":"WebSite","@id":"https:\/\/hobierotikshop.com.tr\/website1\/#website","url":"https:\/\/hobierotikshop.com.tr\/website1\/","name":"Bursa Erotik Shop","description":"Bursa Erotik Shop ile g\u00fcvenli, gizli ve kaliteli yeti\u015fkin \u00fcr\u00fcnleri al\u0131\u015fveri\u015fi! Geni\u015f \u00fcr\u00fcn yelpazemizi ke\u015ffedin, hemen sipari\u015f verin","publisher":{"@id":"https:\/\/hobierotikshop.com.tr\/website1\/#organization"},"alternateName":"Erotik Shop","potentialAction":[{"@type":"SearchAction","target":{"@type":"EntryPoint","urlTemplate":"https:\/\/hobierotikshop.com.tr\/website1\/?s={search_term_string}"},"query-input":{"@type":"PropertyValueSpecification","valueRequired":true,"valueName":"search_term_string"}}],"inLanguage":"tr"},{"@type":"Organization","@id":"https:\/\/hobierotikshop.com.tr\/website1\/#organization","name":"Harem Bursa Erotik Shop","url":"https:\/\/hobierotikshop.com.tr\/website1\/","logo":{"@type":"ImageObject","inLanguage":"tr","@id":"https:\/\/hobierotikshop.com.tr\/website1\/#\/schema\/logo\/image\/","url":"https:\/\/haremerotikshop.com\/site\/wp-content\/uploads\/2025\/03\/haremsexshop.png","contentUrl":"https:\/\/haremerotikshop.com\/site\/wp-content\/uploads\/2025\/03\/haremsexshop.png","width":400,"height":100,"caption":"Harem Bursa Erotik Shop"},"image":{"@id":"https:\/\/hobierotikshop.com.tr\/website1\/#\/schema\/logo\/image\/"},"sameAs":["https:\/\/x.com\/shopbursa"],"publishingPrinciples":"https:\/\/hobierotikshop.com.tr\/website1\/mesafeli-satis-sozlesmesi\/","ownershipFundingInfo":"https:\/\/hobierotikshop.com.tr\/website1\/contact-us\/","actionableFeedbackPolicy":"https:\/\/hobierotikshop.com.tr\/website1\/contact-us\/","correctionsPolicy":"https:\/\/hobierotikshop.com.tr\/website1\/mesafeli-satis-sozlesmesi\/"}]},"product_price_amount":"3500.00","product_price_currency":"TRY","og_availability":"instock","product_availability":"instock","product_retailer_item_id":"BDM1253","product_condition":"new"},"_links":{"self":[{"href":"https:\/\/haremerotikshop.com\/site\/wp-json\/wp\/v2\/product\/43366","targetHints":{"allow":["GET"]}}],"collection":[{"href":"https:\/\/haremerotikshop.com\/site\/wp-json\/wp\/v2\/product"}],"about":[{"href":"https:\/\/haremerotikshop.com\/site\/wp-json\/wp\/v2\/types\/product"}],"replies":[{"embeddable":true,"href":"https:\/\/haremerotikshop.com\/site\/wp-json\/wp\/v2\/comments?post=43366"}],"version-history":[{"count":0,"href":"https:\/\/haremerotikshop.com\/site\/wp-json\/wp\/v2\/product\/43366\/revisions"}],"wp:featuredmedia":[{"embeddable":true,"href":"https:\/\/haremerotikshop.com\/site\/wp-json\/wp\/v2\/media\/43368"}],"wp:attachment":[{"href":"https:\/\/haremerotikshop.com\/site\/wp-json\/wp\/v2\/media?parent=43366"}],"wp:term":[{"taxonomy":"product_brand","embeddable":true,"href":"https:\/\/haremerotikshop.com\/site\/wp-json\/wp\/v2\/product_brand?post=43366"},{"taxonomy":"product_cat","embeddable":true,"href":"https:\/\/haremerotikshop.com\/site\/wp-json\/wp\/v2\/product_cat?post=43366"},{"taxonomy":"product_tag","embeddable":true,"href":"https:\/\/haremerotikshop.com\/site\/wp-json\/wp\/v2\/product_tag?post=43366"}],"curies":[{"name":"wp","href":"https:\/\/api.w.org\/{rel}","templated":true}]}}