{"id":43387,"date":"2025-04-26T16:42:46","date_gmt":"2025-04-26T13:42:46","guid":{"rendered":"https:\/\/haremerotikshop.com\/site\/erotik-shop-urun\/belden-baglamali-21-8-cm-gercekci-kalin-dildo-penis-bahamut\/"},"modified":"2026-01-08T17:07:18","modified_gmt":"2026-01-08T14:07:18","slug":"belden-baglamali-21-8-cm-gercekci-kalin-dildo-penis-bahamut","status":"publish","type":"product","link":"https:\/\/haremerotikshop.com\/site\/erotik-shop-urun\/belden-baglamali-21-8-cm-gercekci-kalin-dildo-penis-bahamut\/","title":{"rendered":"Belden Ba\u011flamal\u0131 21.8 Cm Ger\u00e7ek\u00e7i Kal\u0131n Dildo Penis &#8211; Bahamut"},"content":{"rendered":"<h2 class=\"\" data-start=\"120\" data-end=\"188\"><strong data-start=\"123\" data-end=\"188\">Belden Ba\u011flamal\u0131 21,8 cm Ger\u00e7ek\u00e7i Kal\u0131n Dildo Penis &#8211; Bahamut<\/strong><\/h2>\n<p class=\"\" data-start=\"190\" data-end=\"650\">Benzersiz boyutlar\u0131 ve ger\u00e7ek\u00e7i dokusuyla <strong data-start=\"232\" data-end=\"272\">Bahamut 21,8 cm Ger\u00e7ek\u00e7i Kal\u0131n Dildo<\/strong>, ger\u00e7ek\u00e7i deneyim arayan b\u00fcy\u00fck sevenler i\u00e7in m\u00fckemmel bir tercihtir. Kal\u0131n ve uzun yap\u0131s\u0131, \u00fcst\u00fcn kaliteyi ve do\u011fal hisleri birle\u015ftirerek en yo\u011fun hazlar\u0131 sunar. G\u00fc\u00e7l\u00fc vantuz \u00f6zelli\u011fi ve esnek yap\u0131s\u0131yla, her zemine sabitlenebilir ve her a\u00e7\u0131dan zevk alman\u0131z\u0131 sa\u011flar. Ayr\u0131ca, <strong data-start=\"546\" data-end=\"570\">penis ba\u011flama kemeri<\/strong> ve <strong data-start=\"574\" data-end=\"593\">kayganla\u015ft\u0131r\u0131c\u0131<\/strong> seti ile daha fazla konfor ve kullan\u0131m kolayl\u0131\u011f\u0131 sa\u011flar.<\/p>\n<hr class=\"\" data-start=\"652\" data-end=\"655\" \/>\n<h3 class=\"\" data-start=\"657\" data-end=\"682\"><strong data-start=\"661\" data-end=\"682\">\u00dcr\u00fcn \u00d6zellikleri:<\/strong><\/h3>\n<p class=\"\" data-start=\"684\" data-end=\"1653\">\ud83d\udd39 <strong data-start=\"687\" data-end=\"711\">Uzunluk ve Kal\u0131nl\u0131k:<\/strong> 21,8 cm uzunlu\u011fu ve 4,6 cm kal\u0131nl\u0131\u011f\u0131yla b\u00fcy\u00fck sevenler i\u00e7in ideal bir se\u00e7im. Ger\u00e7ek\u00e7i bir deneyim arayan kullan\u0131c\u0131lar i\u00e7in m\u00fckemmel boyutlar sunar.<br data-start=\"859\" data-end=\"862\" \/>\ud83d\udd39 <strong data-start=\"865\" data-end=\"889\">Ger\u00e7ek\u00e7i Ten Dokusu:<\/strong> Yumu\u015fak ve esnek silikon malzeme, do\u011fal bir his vererek, kullan\u0131c\u0131ya ger\u00e7ek\u00e7i ve rahat bir kullan\u0131m deneyimi sunar.<br data-start=\"1005\" data-end=\"1008\" \/>\ud83d\udd39 <strong data-start=\"1011\" data-end=\"1028\">G\u00fc\u00e7l\u00fc Vantuz:<\/strong> Her y\u00fczeye g\u00fc\u00e7l\u00fc bir \u015fekilde yap\u0131\u015farak, eller serbest kullan\u0131m imkan\u0131 tan\u0131r ve farkl\u0131 pozisyonlarda rahatl\u0131kla kullan\u0131labilir.<br data-start=\"1155\" data-end=\"1158\" \/>\ud83d\udd39 <strong data-start=\"1161\" data-end=\"1201\">Cilt Dostu ve Pthalate Free Malzeme:<\/strong> Sa\u011fl\u0131kl\u0131 ve g\u00fcvenli bir kullan\u0131m i\u00e7in pthalate i\u00e7ermeyen, cilt dostu silikon materyal kullan\u0131lm\u0131\u015ft\u0131r.<br data-start=\"1303\" data-end=\"1306\" \/>\ud83d\udd39 <strong data-start=\"1309\" data-end=\"1328\">Kolay Temizlik:<\/strong> Hijyenik kullan\u0131m i\u00e7in \u00fcr\u00fcn, \u0131l\u0131k su ve sabun ile kolayca temizlenebilir. Kimyasal temizleyicilerden ka\u00e7\u0131n\u0131lmal\u0131d\u0131r.<br data-start=\"1445\" data-end=\"1448\" \/>\ud83d\udd39 <strong data-start=\"1451\" data-end=\"1495\">Penis Ba\u011flama Kemeri ve Kayganla\u015ft\u0131r\u0131c\u0131:<\/strong> Setin i\u00e7erisinde yer alan ba\u011flama kemeri, daha konforlu ve g\u00fcvenli bir kullan\u0131m sa\u011flar. Kayganla\u015ft\u0131r\u0131c\u0131 ise daha fazla rahatl\u0131k ve keyifli bir deneyim sunar.<\/p>\n<hr class=\"\" data-start=\"1655\" data-end=\"1658\" \/>\n<h3 class=\"\" data-start=\"1660\" data-end=\"1698\"><strong data-start=\"1664\" data-end=\"1698\">Kullan\u0131m Talimatlar\u0131 ve Bak\u0131m:<\/strong><\/h3>\n<p class=\"\" data-start=\"1700\" data-end=\"2230\">\ud83e\uddfc <strong data-start=\"1703\" data-end=\"1716\">Temizlik:<\/strong> \u00dcr\u00fcn\u00fcn\u00fcz\u00fc kullan\u0131mdan sonra \u0131l\u0131k su ve sabun ile nazik\u00e7e temizleyin. Kimyasal temizleyiciler kullanmamaya \u00f6zen g\u00f6sterin.<br data-start=\"1837\" data-end=\"1840\" \/>\u26a1 <strong data-start=\"1842\" data-end=\"1862\">Vantuz \u00d6zelli\u011fi:<\/strong> G\u00fc\u00e7l\u00fc vantuz, \u00fcr\u00fcn\u00fc her t\u00fcr y\u00fczeye sabitleyerek daha fazla kullan\u0131m alan\u0131 sunar.<br data-start=\"1943\" data-end=\"1946\" \/>\ud83d\udca7 <strong data-start=\"1949\" data-end=\"1973\">Su Ge\u00e7irmez \u00d6zellik:<\/strong> Su alt\u0131nda da rahat\u00e7a kullan\u0131labilen bu dildo, banyo veya du\u015f s\u0131ras\u0131nda da zevkinizi art\u0131r\u0131r.<br data-start=\"2067\" data-end=\"2070\" \/>\ud83c\udfaf <strong data-start=\"2073\" data-end=\"2102\">Ba\u011flama Kemeri Kullan\u0131m\u0131:<\/strong> Setle birlikte gelen ba\u011flama kemerini, \u00fcr\u00fcn\u00fc daha sa\u011flam tutmak ve daha konforlu bir deneyim elde etmek i\u00e7in kullanabilirsiniz.<\/p>\n<hr class=\"\" data-start=\"2232\" data-end=\"2235\" \/>\n<h3 class=\"\" data-start=\"2237\" data-end=\"2271\"><strong data-start=\"2241\" data-end=\"2271\">Gizli ve G\u00fcvenli Teslimat:<\/strong><\/h3>\n<p class=\"\" data-start=\"2273\" data-end=\"2570\"><strong data-start=\"2273\" data-end=\"2293\">Gizli Paketleme:<\/strong> \u00dcr\u00fcn\u00fcn\u00fcz, d\u0131\u015far\u0131dan hi\u00e7bir \u015fekilde fark edilmeyecek \u015fekilde gizli ve kapal\u0131 bir pakette g\u00f6nderilir.<br data-start=\"2393\" data-end=\"2396\" \/><strong data-start=\"2396\" data-end=\"2422\">Kap\u0131da \u00d6deme Se\u00e7ene\u011fi:<\/strong> G\u00fcvenli al\u0131\u015fveri\u015f i\u00e7in kap\u0131da \u00f6deme se\u00e7ene\u011fi mevcuttur.<br data-start=\"2478\" data-end=\"2481\" \/><strong data-start=\"2481\" data-end=\"2500\">H\u0131zl\u0131 Teslimat:<\/strong> Sipari\u015finiz, h\u0131zl\u0131 ve g\u00fcvenli bir \u015fekilde adresinize teslim edilir.<\/p>\n<hr class=\"\" data-start=\"2572\" data-end=\"2575\" \/>\n<h3 class=\"\" data-start=\"2577\" data-end=\"2603\"><strong data-start=\"2581\" data-end=\"2603\">\u00d6deme Se\u00e7enekleri:<\/strong><\/h3>\n<ul data-start=\"2605\" data-end=\"2858\">\n<li class=\"\" data-start=\"2605\" data-end=\"2682\">\n<p class=\"\" data-start=\"2607\" data-end=\"2682\"><strong data-start=\"2607\" data-end=\"2624\">Kap\u0131da \u00d6deme:<\/strong> Nakit veya kredi kart\u0131 ile kap\u0131da \u00f6deme yapabilirsiniz.<\/p>\n<\/li>\n<li class=\"\" data-start=\"2683\" data-end=\"2793\">\n<p class=\"\" data-start=\"2685\" data-end=\"2793\"><strong data-start=\"2685\" data-end=\"2723\">Kredi Kart\u0131 ile G\u00fcvenli Al\u0131\u015fveri\u015f:<\/strong> Online \u00f6deme se\u00e7enekleri ile g\u00fcvenli ve h\u0131zl\u0131 i\u015flem yapabilirsiniz.<\/p>\n<\/li>\n<li class=\"\" data-start=\"2794\" data-end=\"2858\">\n<p class=\"\" data-start=\"2796\" data-end=\"2858\"><strong data-start=\"2796\" data-end=\"2815\">Banka Havalesi:<\/strong> Banka havalesi ile \u00f6deme yapmak m\u00fcmk\u00fcnd\u00fcr.<\/p>\n<\/li>\n<\/ul>\n<hr class=\"\" data-start=\"2860\" data-end=\"2863\" \/>\n<p class=\"\" data-start=\"2865\" data-end=\"3200\"><strong data-start=\"2865\" data-end=\"2905\">Bahamut 21,8 cm Ger\u00e7ek\u00e7i Kal\u0131n Dildo<\/strong>, sa\u011flam yap\u0131s\u0131, g\u00fc\u00e7l\u00fc vantuz \u00f6zelli\u011fi ve ger\u00e7ek\u00e7i dokusuyla her kullan\u0131c\u0131n\u0131n ihtiya\u00e7lar\u0131na hitap eder. Setin i\u00e7erisinde bulunan <strong data-start=\"3034\" data-end=\"3058\">penis ba\u011flama kemeri<\/strong> ve <strong data-start=\"3062\" data-end=\"3081\">kayganla\u015ft\u0131r\u0131c\u0131<\/strong>, kullan\u0131m deneyiminizi daha da iyile\u015ftirir. Gizlili\u011finize \u00f6nem vererek, g\u00fcvenli bir \u015fekilde sipari\u015finiz teslim edilir.<\/p>\n<p>&nbsp;<\/p>\n<p>&nbsp;<\/p>\n<p><a href=\"http:\/\/api.whatsapp.com\/send?phone=905304676616&amp;text=Sipari%C5%9F%20Vermek%20%C4%B0stiyorum%20haremshop%20BDM1254B\"><img fetchpriority=\"high\" decoding=\"async\" class=\"alignnone\" src=\"https:\/\/static.ticimax.cloud\/32886\/uploads\/editoruploads\/whatsapp-destek-hatti.gif\" alt=\"\" width=\"750\" height=\"117\" \/><\/a><\/p>\n","protected":false},"excerpt":{"rendered":"<p>Benzersiz boyutlar\u0131 ve ger\u00e7ek\u00e7i dokusuyla <strong data-start=\"232\" data-end=\"272\">Bahamut 21,8 cm Ger\u00e7ek\u00e7i Kal\u0131n Dildo<\/strong>, ger\u00e7ek\u00e7i deneyim arayan b\u00fcy\u00fck sevenler i\u00e7in m\u00fckemmel bir tercihtir. Kal\u0131n ve uzun yap\u0131s\u0131, \u00fcst\u00fcn kaliteyi ve do\u011fal hisleri birle\u015ftirerek en yo\u011fun hazlar\u0131 sunar. G\u00fc\u00e7l\u00fc vantuz \u00f6zelli\u011fi ve esnek yap\u0131s\u0131yla, her zemine sabitlenebilir ve her a\u00e7\u0131dan zevk alman\u0131z\u0131 sa\u011flar. Ayr\u0131ca, <strong data-start=\"546\" data-end=\"570\">penis ba\u011flama kemeri<\/strong> ve <strong data-start=\"574\" data-end=\"593\">kayganla\u015ft\u0131r\u0131c\u0131<\/strong> seti ile daha fazla konfor ve kullan\u0131m kolayl\u0131\u011f\u0131 sa\u011flar.<\/p>\n","protected":false},"featured_media":43389,"comment_status":"closed","ping_status":"closed","template":"","meta":[],"product_brand":[],"product_cat":[498],"product_tag":[],"class_list":{"0":"post-43387","1":"product","2":"type-product","3":"status-publish","4":"has-post-thumbnail","6":"product_cat-belden-baglamali-penisler","8":"first","9":"instock","10":"purchasable","11":"product-type-simple"},"yoast_head":"<!-- This site is optimized with the Yoast SEO Premium plugin v24.4 (Yoast SEO v27.1.1) - https:\/\/yoast.com\/product\/yoast-seo-premium-wordpress\/ -->\n<title>Belden Ba\u011flamal\u0131 21.8 Cm Ger\u00e7ek\u00e7i Kal\u0131n Dildo Penis - Bahamut - Bursa Erotik Shop<\/title>\n<meta name=\"robots\" content=\"index, follow, max-snippet:-1, max-image-preview:large, max-video-preview:-1\" \/>\n<link rel=\"canonical\" href=\"https:\/\/hobierotikshop.com.tr\/website1\/erotik-shop-urun\/belden-baglamali-21-8-cm-gercekci-kalin-dildo-penis-bahamut\/\" \/>\n<meta property=\"og:locale\" content=\"tr_TR\" \/>\n<meta property=\"og:type\" content=\"article\" \/>\n<meta property=\"og:title\" content=\"Belden Ba\u011flamal\u0131 21.8 Cm Ger\u00e7ek\u00e7i Kal\u0131n Dildo Penis - Bahamut\" \/>\n<meta property=\"og:description\" content=\"Benzersiz boyutlar\u0131 ve ger\u00e7ek\u00e7i dokusuyla Bahamut 21,8 cm Ger\u00e7ek\u00e7i Kal\u0131n Dildo, ger\u00e7ek\u00e7i deneyim arayan b\u00fcy\u00fck sevenler i\u00e7in m\u00fckemmel bir tercihtir. Kal\u0131n ve uzun yap\u0131s\u0131, \u00fcst\u00fcn kaliteyi ve do\u011fal hisleri birle\u015ftirerek en yo\u011fun hazlar\u0131 sunar. G\u00fc\u00e7l\u00fc vantuz \u00f6zelli\u011fi ve esnek yap\u0131s\u0131yla, her zemine sabitlenebilir ve her a\u00e7\u0131dan zevk alman\u0131z\u0131 sa\u011flar. Ayr\u0131ca, penis ba\u011flama kemeri ve kayganla\u015ft\u0131r\u0131c\u0131 seti ile daha fazla konfor ve kullan\u0131m kolayl\u0131\u011f\u0131 sa\u011flar.\" \/>\n<meta property=\"og:url\" content=\"https:\/\/hobierotikshop.com.tr\/website1\/erotik-shop-urun\/belden-baglamali-21-8-cm-gercekci-kalin-dildo-penis-bahamut\/\" \/>\n<meta property=\"og:site_name\" content=\"Bursa Erotik Shop\" \/>\n<meta property=\"article:modified_time\" content=\"2026-01-08T14:07:18+00:00\" \/>\n<meta property=\"og:image\" content=\"https:\/\/hobierotikshop.com.tr\/website1\/wp-content\/uploads\/2025\/04\/belden-baglamali-21.8-cm-gercekci-kali-32ae65.jpg\" \/>\n\t<meta property=\"og:image:width\" content=\"455\" \/>\n\t<meta property=\"og:image:height\" content=\"455\" \/>\n\t<meta property=\"og:image:type\" content=\"image\/jpeg\" \/>\n<meta name=\"twitter:card\" content=\"summary_large_image\" \/>\n<meta name=\"twitter:site\" content=\"@shopbursa\" \/>\n<meta name=\"twitter:label1\" content=\"Fiyat\" \/>\n\t<meta name=\"twitter:data1\" content=\"&#8378;3.300,00\" \/>\n\t<meta name=\"twitter:label2\" content=\"Availability\" \/>\n\t<meta name=\"twitter:data2\" content=\"In stock\" \/>\n<script type=\"application\/ld+json\" class=\"yoast-schema-graph\">{\"@context\":\"https:\/\/schema.org\",\"@graph\":[{\"@type\":\"WebPage\",\"@id\":\"https:\/\/hobierotikshop.com.tr\/website1\/erotik-shop-urun\/belden-baglamali-21-8-cm-gercekci-kalin-dildo-penis-bahamut\/\",\"url\":\"https:\/\/hobierotikshop.com.tr\/website1\/erotik-shop-urun\/belden-baglamali-21-8-cm-gercekci-kalin-dildo-penis-bahamut\/\",\"name\":\"Belden Ba\u011flamal\u0131 21.8 Cm Ger\u00e7ek\u00e7i Kal\u0131n Dildo Penis - Bahamut - Bursa Erotik Shop\",\"isPartOf\":{\"@id\":\"https:\/\/hobierotikshop.com.tr\/website1\/#website\"},\"primaryImageOfPage\":{\"@id\":\"https:\/\/hobierotikshop.com.tr\/website1\/erotik-shop-urun\/belden-baglamali-21-8-cm-gercekci-kalin-dildo-penis-bahamut\/#primaryimage\"},\"image\":{\"@id\":\"https:\/\/hobierotikshop.com.tr\/website1\/erotik-shop-urun\/belden-baglamali-21-8-cm-gercekci-kalin-dildo-penis-bahamut\/#primaryimage\"},\"thumbnailUrl\":\"https:\/\/haremerotikshop.com\/site\/wp-content\/uploads\/2025\/04\/belden-baglamali-21.8-cm-gercekci-kali-32ae65.jpg\",\"datePublished\":\"2025-04-26T13:42:46+00:00\",\"dateModified\":\"2026-01-08T14:07:18+00:00\",\"breadcrumb\":{\"@id\":\"https:\/\/hobierotikshop.com.tr\/website1\/erotik-shop-urun\/belden-baglamali-21-8-cm-gercekci-kalin-dildo-penis-bahamut\/#breadcrumb\"},\"inLanguage\":\"tr\",\"potentialAction\":[{\"@type\":\"ReadAction\",\"target\":[\"https:\/\/hobierotikshop.com.tr\/website1\/erotik-shop-urun\/belden-baglamali-21-8-cm-gercekci-kalin-dildo-penis-bahamut\/\"]}]},{\"@type\":\"ImageObject\",\"inLanguage\":\"tr\",\"@id\":\"https:\/\/hobierotikshop.com.tr\/website1\/erotik-shop-urun\/belden-baglamali-21-8-cm-gercekci-kalin-dildo-penis-bahamut\/#primaryimage\",\"url\":\"https:\/\/haremerotikshop.com\/site\/wp-content\/uploads\/2025\/04\/belden-baglamali-21.8-cm-gercekci-kali-32ae65.jpg\",\"contentUrl\":\"https:\/\/haremerotikshop.com\/site\/wp-content\/uploads\/2025\/04\/belden-baglamali-21.8-cm-gercekci-kali-32ae65.jpg\",\"width\":455,\"height\":455},{\"@type\":\"BreadcrumbList\",\"@id\":\"https:\/\/hobierotikshop.com.tr\/website1\/erotik-shop-urun\/belden-baglamali-21-8-cm-gercekci-kalin-dildo-penis-bahamut\/#breadcrumb\",\"itemListElement\":[{\"@type\":\"ListItem\",\"position\":1,\"name\":\"Anasayfa\",\"item\":\"https:\/\/hobierotikshop.com.tr\/website1\/\"},{\"@type\":\"ListItem\",\"position\":2,\"name\":\"Erotik Shop \u00dcr\u00fcnleri\",\"item\":\"https:\/\/hobierotikshop.com.tr\/website1\/shop\/\"},{\"@type\":\"ListItem\",\"position\":3,\"name\":\"Belden Ba\u011flamal\u0131 21.8 Cm Ger\u00e7ek\u00e7i Kal\u0131n Dildo Penis &#8211; Bahamut\"}]},{\"@type\":\"WebSite\",\"@id\":\"https:\/\/hobierotikshop.com.tr\/website1\/#website\",\"url\":\"https:\/\/hobierotikshop.com.tr\/website1\/\",\"name\":\"Bursa Erotik Shop\",\"description\":\"Bursa Erotik Shop ile g\u00fcvenli, gizli ve kaliteli yeti\u015fkin \u00fcr\u00fcnleri al\u0131\u015fveri\u015fi! Geni\u015f \u00fcr\u00fcn yelpazemizi ke\u015ffedin, hemen sipari\u015f verin\",\"publisher\":{\"@id\":\"https:\/\/hobierotikshop.com.tr\/website1\/#organization\"},\"alternateName\":\"Erotik Shop\",\"potentialAction\":[{\"@type\":\"SearchAction\",\"target\":{\"@type\":\"EntryPoint\",\"urlTemplate\":\"https:\/\/hobierotikshop.com.tr\/website1\/?s={search_term_string}\"},\"query-input\":{\"@type\":\"PropertyValueSpecification\",\"valueRequired\":true,\"valueName\":\"search_term_string\"}}],\"inLanguage\":\"tr\"},{\"@type\":\"Organization\",\"@id\":\"https:\/\/hobierotikshop.com.tr\/website1\/#organization\",\"name\":\"Harem Bursa Erotik Shop\",\"url\":\"https:\/\/hobierotikshop.com.tr\/website1\/\",\"logo\":{\"@type\":\"ImageObject\",\"inLanguage\":\"tr\",\"@id\":\"https:\/\/hobierotikshop.com.tr\/website1\/#\/schema\/logo\/image\/\",\"url\":\"https:\/\/haremerotikshop.com\/site\/wp-content\/uploads\/2025\/03\/haremsexshop.png\",\"contentUrl\":\"https:\/\/haremerotikshop.com\/site\/wp-content\/uploads\/2025\/03\/haremsexshop.png\",\"width\":400,\"height\":100,\"caption\":\"Harem Bursa Erotik Shop\"},\"image\":{\"@id\":\"https:\/\/hobierotikshop.com.tr\/website1\/#\/schema\/logo\/image\/\"},\"sameAs\":[\"https:\/\/x.com\/shopbursa\"],\"publishingPrinciples\":\"https:\/\/hobierotikshop.com.tr\/website1\/mesafeli-satis-sozlesmesi\/\",\"ownershipFundingInfo\":\"https:\/\/hobierotikshop.com.tr\/website1\/contact-us\/\",\"actionableFeedbackPolicy\":\"https:\/\/hobierotikshop.com.tr\/website1\/contact-us\/\",\"correctionsPolicy\":\"https:\/\/hobierotikshop.com.tr\/website1\/mesafeli-satis-sozlesmesi\/\"}]}<\/script>\n<meta property=\"product:price:amount\" content=\"3300.00\" \/>\n<meta property=\"product:price:currency\" content=\"TRY\" \/>\n<meta property=\"og:availability\" content=\"instock\" \/>\n<meta property=\"product:availability\" content=\"instock\" \/>\n<meta property=\"product:retailer_item_id\" content=\"BDM1254B\" \/>\n<meta property=\"product:condition\" content=\"new\" \/>\n<!-- \/ Yoast SEO Premium plugin. -->","yoast_head_json":{"title":"Belden Ba\u011flamal\u0131 21.8 Cm Ger\u00e7ek\u00e7i Kal\u0131n Dildo Penis - Bahamut - Bursa Erotik Shop","robots":{"index":"index","follow":"follow","max-snippet":"max-snippet:-1","max-image-preview":"max-image-preview:large","max-video-preview":"max-video-preview:-1"},"canonical":"https:\/\/hobierotikshop.com.tr\/website1\/erotik-shop-urun\/belden-baglamali-21-8-cm-gercekci-kalin-dildo-penis-bahamut\/","og_locale":"tr_TR","og_type":"article","og_title":"Belden Ba\u011flamal\u0131 21.8 Cm Ger\u00e7ek\u00e7i Kal\u0131n Dildo Penis - Bahamut","og_description":"Benzersiz boyutlar\u0131 ve ger\u00e7ek\u00e7i dokusuyla Bahamut 21,8 cm Ger\u00e7ek\u00e7i Kal\u0131n Dildo, ger\u00e7ek\u00e7i deneyim arayan b\u00fcy\u00fck sevenler i\u00e7in m\u00fckemmel bir tercihtir. Kal\u0131n ve uzun yap\u0131s\u0131, \u00fcst\u00fcn kaliteyi ve do\u011fal hisleri birle\u015ftirerek en yo\u011fun hazlar\u0131 sunar. G\u00fc\u00e7l\u00fc vantuz \u00f6zelli\u011fi ve esnek yap\u0131s\u0131yla, her zemine sabitlenebilir ve her a\u00e7\u0131dan zevk alman\u0131z\u0131 sa\u011flar. Ayr\u0131ca, penis ba\u011flama kemeri ve kayganla\u015ft\u0131r\u0131c\u0131 seti ile daha fazla konfor ve kullan\u0131m kolayl\u0131\u011f\u0131 sa\u011flar.","og_url":"https:\/\/hobierotikshop.com.tr\/website1\/erotik-shop-urun\/belden-baglamali-21-8-cm-gercekci-kalin-dildo-penis-bahamut\/","og_site_name":"Bursa Erotik Shop","article_modified_time":"2026-01-08T14:07:18+00:00","og_image":[{"width":455,"height":455,"url":"https:\/\/hobierotikshop.com.tr\/website1\/wp-content\/uploads\/2025\/04\/belden-baglamali-21.8-cm-gercekci-kali-32ae65.jpg","type":"image\/jpeg"}],"twitter_card":"summary_large_image","twitter_site":"@shopbursa","twitter_misc":{"Fiyat":"&#8378;3.300,00","Availability":"In stock"},"schema":{"@context":"https:\/\/schema.org","@graph":[{"@type":"WebPage","@id":"https:\/\/hobierotikshop.com.tr\/website1\/erotik-shop-urun\/belden-baglamali-21-8-cm-gercekci-kalin-dildo-penis-bahamut\/","url":"https:\/\/hobierotikshop.com.tr\/website1\/erotik-shop-urun\/belden-baglamali-21-8-cm-gercekci-kalin-dildo-penis-bahamut\/","name":"Belden Ba\u011flamal\u0131 21.8 Cm Ger\u00e7ek\u00e7i Kal\u0131n Dildo Penis - Bahamut - Bursa Erotik Shop","isPartOf":{"@id":"https:\/\/hobierotikshop.com.tr\/website1\/#website"},"primaryImageOfPage":{"@id":"https:\/\/hobierotikshop.com.tr\/website1\/erotik-shop-urun\/belden-baglamali-21-8-cm-gercekci-kalin-dildo-penis-bahamut\/#primaryimage"},"image":{"@id":"https:\/\/hobierotikshop.com.tr\/website1\/erotik-shop-urun\/belden-baglamali-21-8-cm-gercekci-kalin-dildo-penis-bahamut\/#primaryimage"},"thumbnailUrl":"https:\/\/haremerotikshop.com\/site\/wp-content\/uploads\/2025\/04\/belden-baglamali-21.8-cm-gercekci-kali-32ae65.jpg","datePublished":"2025-04-26T13:42:46+00:00","dateModified":"2026-01-08T14:07:18+00:00","breadcrumb":{"@id":"https:\/\/hobierotikshop.com.tr\/website1\/erotik-shop-urun\/belden-baglamali-21-8-cm-gercekci-kalin-dildo-penis-bahamut\/#breadcrumb"},"inLanguage":"tr","potentialAction":[{"@type":"ReadAction","target":["https:\/\/hobierotikshop.com.tr\/website1\/erotik-shop-urun\/belden-baglamali-21-8-cm-gercekci-kalin-dildo-penis-bahamut\/"]}]},{"@type":"ImageObject","inLanguage":"tr","@id":"https:\/\/hobierotikshop.com.tr\/website1\/erotik-shop-urun\/belden-baglamali-21-8-cm-gercekci-kalin-dildo-penis-bahamut\/#primaryimage","url":"https:\/\/haremerotikshop.com\/site\/wp-content\/uploads\/2025\/04\/belden-baglamali-21.8-cm-gercekci-kali-32ae65.jpg","contentUrl":"https:\/\/haremerotikshop.com\/site\/wp-content\/uploads\/2025\/04\/belden-baglamali-21.8-cm-gercekci-kali-32ae65.jpg","width":455,"height":455},{"@type":"BreadcrumbList","@id":"https:\/\/hobierotikshop.com.tr\/website1\/erotik-shop-urun\/belden-baglamali-21-8-cm-gercekci-kalin-dildo-penis-bahamut\/#breadcrumb","itemListElement":[{"@type":"ListItem","position":1,"name":"Anasayfa","item":"https:\/\/hobierotikshop.com.tr\/website1\/"},{"@type":"ListItem","position":2,"name":"Erotik Shop \u00dcr\u00fcnleri","item":"https:\/\/hobierotikshop.com.tr\/website1\/shop\/"},{"@type":"ListItem","position":3,"name":"Belden Ba\u011flamal\u0131 21.8 Cm Ger\u00e7ek\u00e7i Kal\u0131n Dildo Penis &#8211; Bahamut"}]},{"@type":"WebSite","@id":"https:\/\/hobierotikshop.com.tr\/website1\/#website","url":"https:\/\/hobierotikshop.com.tr\/website1\/","name":"Bursa Erotik Shop","description":"Bursa Erotik Shop ile g\u00fcvenli, gizli ve kaliteli yeti\u015fkin \u00fcr\u00fcnleri al\u0131\u015fveri\u015fi! Geni\u015f \u00fcr\u00fcn yelpazemizi ke\u015ffedin, hemen sipari\u015f verin","publisher":{"@id":"https:\/\/hobierotikshop.com.tr\/website1\/#organization"},"alternateName":"Erotik Shop","potentialAction":[{"@type":"SearchAction","target":{"@type":"EntryPoint","urlTemplate":"https:\/\/hobierotikshop.com.tr\/website1\/?s={search_term_string}"},"query-input":{"@type":"PropertyValueSpecification","valueRequired":true,"valueName":"search_term_string"}}],"inLanguage":"tr"},{"@type":"Organization","@id":"https:\/\/hobierotikshop.com.tr\/website1\/#organization","name":"Harem Bursa Erotik Shop","url":"https:\/\/hobierotikshop.com.tr\/website1\/","logo":{"@type":"ImageObject","inLanguage":"tr","@id":"https:\/\/hobierotikshop.com.tr\/website1\/#\/schema\/logo\/image\/","url":"https:\/\/haremerotikshop.com\/site\/wp-content\/uploads\/2025\/03\/haremsexshop.png","contentUrl":"https:\/\/haremerotikshop.com\/site\/wp-content\/uploads\/2025\/03\/haremsexshop.png","width":400,"height":100,"caption":"Harem Bursa Erotik Shop"},"image":{"@id":"https:\/\/hobierotikshop.com.tr\/website1\/#\/schema\/logo\/image\/"},"sameAs":["https:\/\/x.com\/shopbursa"],"publishingPrinciples":"https:\/\/hobierotikshop.com.tr\/website1\/mesafeli-satis-sozlesmesi\/","ownershipFundingInfo":"https:\/\/hobierotikshop.com.tr\/website1\/contact-us\/","actionableFeedbackPolicy":"https:\/\/hobierotikshop.com.tr\/website1\/contact-us\/","correctionsPolicy":"https:\/\/hobierotikshop.com.tr\/website1\/mesafeli-satis-sozlesmesi\/"}]},"product_price_amount":"3300.00","product_price_currency":"TRY","og_availability":"instock","product_availability":"instock","product_retailer_item_id":"BDM1254B","product_condition":"new"},"_links":{"self":[{"href":"https:\/\/haremerotikshop.com\/site\/wp-json\/wp\/v2\/product\/43387","targetHints":{"allow":["GET"]}}],"collection":[{"href":"https:\/\/haremerotikshop.com\/site\/wp-json\/wp\/v2\/product"}],"about":[{"href":"https:\/\/haremerotikshop.com\/site\/wp-json\/wp\/v2\/types\/product"}],"replies":[{"embeddable":true,"href":"https:\/\/haremerotikshop.com\/site\/wp-json\/wp\/v2\/comments?post=43387"}],"version-history":[{"count":0,"href":"https:\/\/haremerotikshop.com\/site\/wp-json\/wp\/v2\/product\/43387\/revisions"}],"wp:featuredmedia":[{"embeddable":true,"href":"https:\/\/haremerotikshop.com\/site\/wp-json\/wp\/v2\/media\/43389"}],"wp:attachment":[{"href":"https:\/\/haremerotikshop.com\/site\/wp-json\/wp\/v2\/media?parent=43387"}],"wp:term":[{"taxonomy":"product_brand","embeddable":true,"href":"https:\/\/haremerotikshop.com\/site\/wp-json\/wp\/v2\/product_brand?post=43387"},{"taxonomy":"product_cat","embeddable":true,"href":"https:\/\/haremerotikshop.com\/site\/wp-json\/wp\/v2\/product_cat?post=43387"},{"taxonomy":"product_tag","embeddable":true,"href":"https:\/\/haremerotikshop.com\/site\/wp-json\/wp\/v2\/product_tag?post=43387"}],"curies":[{"name":"wp","href":"https:\/\/api.w.org\/{rel}","templated":true}]}}