{"id":43401,"date":"2025-04-26T16:42:46","date_gmt":"2025-04-26T13:42:46","guid":{"rendered":"https:\/\/haremerotikshop.com\/site\/erotik-shop-urun\/belden-baglamali-218-cm-titresimli-gercekci-kalin-dildo-penis-bahamut\/"},"modified":"2026-01-08T17:06:28","modified_gmt":"2026-01-08T14:06:28","slug":"belden-baglamali-218-cm-titresimli-gercekci-kalin-dildo-penis-bahamut","status":"publish","type":"product","link":"https:\/\/haremerotikshop.com\/site\/erotik-shop-urun\/belden-baglamali-218-cm-titresimli-gercekci-kalin-dildo-penis-bahamut\/","title":{"rendered":"Belden Ba\u011flamal\u0131 21,8 Cm Titre\u015fimli Ger\u00e7ek\u00e7i Kal\u0131n Dildo Penis &#8211; Bahamut"},"content":{"rendered":"<h2 class=\"\" data-start=\"139\" data-end=\"218\"><strong data-start=\"142\" data-end=\"218\">Belden Ba\u011flamal\u0131 21.8 cm Titre\u015fimli Ger\u00e7ek\u00e7i Kal\u0131n Dildo Penis &#8211; Bahamut<\/strong><\/h2>\n<p class=\"\" data-start=\"220\" data-end=\"644\"><strong data-start=\"220\" data-end=\"296\">Belden Ba\u011flamal\u0131 21.8 cm Titre\u015fimli Ger\u00e7ek\u00e7i Kal\u0131n Dildo Penis &#8211; Bahamut<\/strong>, b\u00fcy\u00fck boy ve kal\u0131nl\u0131k sevenler i\u00e7in tasarlanm\u0131\u015f, g\u00fc\u00e7l\u00fc titre\u015fim \u00f6zelliklerine sahip ger\u00e7ek\u00e7i bir dildo se\u00e7ene\u011fidir. Hem <strong data-start=\"418\" data-end=\"429\">vajinal<\/strong> hem de <strong data-start=\"437\" data-end=\"445\">anal<\/strong> kullan\u0131m i\u00e7in uygun olan bu \u00fcr\u00fcn\u00fc, kaliteli malzemelerle \u00fcretilmi\u015f ve uzun s\u00fcreli kullan\u0131m i\u00e7in idealdir. Ayr\u0131ca, g\u00fc\u00e7l\u00fc vantuz \u00f6zelli\u011fi ile her zemine sabitlenebilir ve konforlu bir kullan\u0131m sa\u011flar.<\/p>\n<hr class=\"\" data-start=\"646\" data-end=\"649\" \/>\n<h3 class=\"\" data-start=\"651\" data-end=\"676\"><strong data-start=\"655\" data-end=\"676\">\u00dcr\u00fcn \u00d6zellikleri:<\/strong><\/h3>\n<ul data-start=\"678\" data-end=\"1803\">\n<li class=\"\" data-start=\"678\" data-end=\"776\">\n<p class=\"\" data-start=\"680\" data-end=\"776\"><strong data-start=\"680\" data-end=\"693\">Boyutlar:<\/strong> 21.8 cm uzunluk ve 4.6 cm kal\u0131nl\u0131k ile b\u00fcy\u00fck sevenler i\u00e7in m\u00fckemmel bir se\u00e7enek.<\/p>\n<\/li>\n<li class=\"\" data-start=\"777\" data-end=\"951\">\n<p class=\"\" data-start=\"779\" data-end=\"951\"><strong data-start=\"779\" data-end=\"803\">Ger\u00e7ek\u00e7i Ten Dokusu:<\/strong> Ger\u00e7ek\u00e7i ten rengi ve yumu\u015fak doku, do\u011fal bir his yarat\u0131r. Ger\u00e7ek penis dokusuna benzeyen tasar\u0131m\u0131 sayesinde daha tatmin edici bir deneyim sunar.<\/p>\n<\/li>\n<li class=\"\" data-start=\"952\" data-end=\"1066\">\n<p class=\"\" data-start=\"954\" data-end=\"1066\"><strong data-start=\"954\" data-end=\"977\">Titre\u015fimli \u00d6zellik:<\/strong> G\u00fc\u00e7l\u00fc titre\u015fim motoru ile 3 farkl\u0131 h\u0131zda titre\u015fim sa\u011flan\u0131r, b\u00f6ylece zevkinizi art\u0131r\u0131r.<\/p>\n<\/li>\n<li class=\"\" data-start=\"1067\" data-end=\"1219\">\n<p class=\"\" data-start=\"1069\" data-end=\"1219\"><strong data-start=\"1069\" data-end=\"1095\">Sabitlenebilir Vantuz:<\/strong> G\u00fc\u00e7l\u00fc vantuzu sayesinde \u00fcr\u00fcn\u00fc herhangi bir d\u00fcz y\u00fczeye sabitleyebilir ve eller serbest \u015fekilde kullan\u0131m sa\u011flayabilirsiniz.<\/p>\n<\/li>\n<li class=\"\" data-start=\"1220\" data-end=\"1388\">\n<p class=\"\" data-start=\"1222\" data-end=\"1388\"><strong data-start=\"1222\" data-end=\"1245\">Cilt Dostu Malzeme:<\/strong> \u00dcr\u00fcn, cilt dostu malzemelerle \u00fcretilmi\u015ftir ve sa\u011fl\u0131\u011f\u0131n\u0131z\u0131 riske atmadan rahat\u00e7a kullanabilirsiniz. Ayr\u0131ca kolay temizlenebilir \u00f6zelliktedir.<\/p>\n<\/li>\n<li class=\"\" data-start=\"1389\" data-end=\"1493\">\n<p class=\"\" data-start=\"1391\" data-end=\"1493\"><strong data-start=\"1391\" data-end=\"1409\">Pthalate Free:<\/strong> Sa\u011fl\u0131k a\u00e7\u0131s\u0131ndan g\u00fcvenli ve zarars\u0131z olan phthalate free materyalle \u00fcretilmi\u015ftir.<\/p>\n<\/li>\n<li class=\"\" data-start=\"1494\" data-end=\"1601\">\n<p class=\"\" data-start=\"1496\" data-end=\"1601\"><strong data-start=\"1496\" data-end=\"1524\">Yumu\u015fak ve Elastik Doku:<\/strong> Yumu\u015fak et dokusu sayesinde rahat bir kullan\u0131m sunar, ger\u00e7ek\u00e7i his sa\u011flar.<\/p>\n<\/li>\n<li class=\"\" data-start=\"1602\" data-end=\"1803\">\n<p class=\"\" data-start=\"1604\" data-end=\"1803\"><strong data-start=\"1604\" data-end=\"1648\">Penis Ba\u011flama Kemeri ve Kayganla\u015ft\u0131r\u0131c\u0131:<\/strong> Bu \u00fcr\u00fcn, ba\u011flama kemeri ve kayganla\u015ft\u0131r\u0131c\u0131 ile birlikte tam bir set olarak sunulur. Her bedene uygun kemeri sayesinde g\u00fcvenli ve konforlu kullan\u0131m sa\u011flar.<\/p>\n<\/li>\n<\/ul>\n<hr class=\"\" data-start=\"1805\" data-end=\"1808\" \/>\n<h3 class=\"\" data-start=\"1810\" data-end=\"1848\"><strong data-start=\"1814\" data-end=\"1848\">Kullan\u0131m ve Bak\u0131m Talimatlar\u0131:<\/strong><\/h3>\n<ul data-start=\"1850\" data-end=\"2362\">\n<li class=\"\" data-start=\"1850\" data-end=\"1988\">\n<p class=\"\" data-start=\"1852\" data-end=\"1988\"><strong data-start=\"1852\" data-end=\"1865\">Temizlik:<\/strong> \u00dcr\u00fcn\u00fc her kullan\u0131m sonras\u0131 \u0131l\u0131k su ve sabunla temizleyebilirsiniz. Kimyasal temizlik maddelerinden ka\u00e7\u0131n\u0131lmas\u0131 \u00f6nerilir.<\/p>\n<\/li>\n<li class=\"\" data-start=\"1989\" data-end=\"2100\">\n<p class=\"\" data-start=\"1991\" data-end=\"2100\"><strong data-start=\"1991\" data-end=\"2021\">Kayganla\u015ft\u0131r\u0131c\u0131 Kullan\u0131m\u0131:<\/strong> Daha rahat bir deneyim i\u00e7in kayganla\u015ft\u0131r\u0131c\u0131 jel kullan\u0131lmas\u0131 tavsiye edilir.<\/p>\n<\/li>\n<li class=\"\" data-start=\"2101\" data-end=\"2281\">\n<p class=\"\" data-start=\"2103\" data-end=\"2281\"><strong data-start=\"2103\" data-end=\"2123\">Kemeri Ayarlama:<\/strong> \u015e\u0131k belden ba\u011flama kemeri, her bedene uyacak \u015fekilde ayarlanabilir. Kemeri rahat\u00e7a tak\u0131p \u00e7\u0131karabilir ve v\u00fccudunuza tam oturacak \u015fekilde ayarlayabilirsiniz.<\/p>\n<\/li>\n<li class=\"\" data-start=\"2282\" data-end=\"2362\">\n<p class=\"\" data-start=\"2284\" data-end=\"2362\"><strong data-start=\"2284\" data-end=\"2295\">Hijyen:<\/strong> \u00dcr\u00fcn\u00fc d\u00fczenli olarak temizleyin ve hijyenik ko\u015fullara dikkat edin.<\/p>\n<\/li>\n<\/ul>\n<hr class=\"\" data-start=\"2364\" data-end=\"2367\" \/>\n<h3 class=\"\" data-start=\"2369\" data-end=\"2403\"><strong data-start=\"2373\" data-end=\"2403\">Gizli ve G\u00fcvenli Teslimat:<\/strong><\/h3>\n<ul data-start=\"2405\" data-end=\"2746\">\n<li class=\"\" data-start=\"2405\" data-end=\"2537\">\n<p class=\"\" data-start=\"2407\" data-end=\"2537\"><strong data-start=\"2407\" data-end=\"2427\">Gizli Paketleme:<\/strong> \u00dcr\u00fcn, d\u0131\u015far\u0131dan anla\u015f\u0131lmayacak \u015fekilde gizli ve kapal\u0131 bir kolide g\u00f6nderilir, b\u00f6ylece gizlili\u011finiz korunur.<\/p>\n<\/li>\n<li class=\"\" data-start=\"2538\" data-end=\"2657\">\n<p class=\"\" data-start=\"2540\" data-end=\"2657\"><strong data-start=\"2540\" data-end=\"2566\">Kap\u0131da \u00d6deme Se\u00e7ene\u011fi:<\/strong> Nakit veya kredi kart\u0131 ile kap\u0131da \u00f6deme yapabilirsiniz, g\u00fcvenli al\u0131\u015fveri\u015f garantisi ile.<\/p>\n<\/li>\n<li class=\"\" data-start=\"2658\" data-end=\"2746\">\n<p class=\"\" data-start=\"2660\" data-end=\"2746\"><strong data-start=\"2660\" data-end=\"2679\">H\u0131zl\u0131 Teslimat:<\/strong> Sipari\u015finiz g\u00fcvenli ve h\u0131zl\u0131 bir \u015fekilde adresinize teslim edilir.<\/p>\n<\/li>\n<\/ul>\n<hr class=\"\" data-start=\"2748\" data-end=\"2751\" \/>\n<h3 class=\"\" data-start=\"2753\" data-end=\"2779\"><strong data-start=\"2757\" data-end=\"2779\">\u00d6deme Se\u00e7enekleri:<\/strong><\/h3>\n<ul data-start=\"2781\" data-end=\"3134\">\n<li class=\"\" data-start=\"2781\" data-end=\"2889\">\n<p class=\"\" data-start=\"2783\" data-end=\"2889\"><strong data-start=\"2783\" data-end=\"2800\">Kap\u0131da \u00d6deme:<\/strong> Nakit veya kredi kart\u0131 ile kap\u0131da \u00f6deme se\u00e7ene\u011fi ile g\u00fcvenli al\u0131\u015fveri\u015f yapabilirsiniz.<\/p>\n<\/li>\n<li class=\"\" data-start=\"2890\" data-end=\"3001\">\n<p class=\"\" data-start=\"2892\" data-end=\"3001\"><strong data-start=\"2892\" data-end=\"2930\">Kredi Kart\u0131 ile G\u00fcvenli Al\u0131\u015fveri\u015f:<\/strong> Online \u00f6deme se\u00e7ene\u011fi ile h\u0131zl\u0131 ve g\u00fcvenli al\u0131\u015fveri\u015f yapabilirsiniz.<\/p>\n<\/li>\n<li class=\"\" data-start=\"3002\" data-end=\"3134\">\n<p class=\"\" data-start=\"3004\" data-end=\"3134\"><strong data-start=\"3004\" data-end=\"3023\">Banka Havalesi:<\/strong> Banka havalesi ile \u00f6deme de m\u00fcmk\u00fcnd\u00fcr, farkl\u0131 \u00f6deme se\u00e7enekleriyle al\u0131\u015fveri\u015finizi kolayca tamamlayabilirsiniz.<\/p>\n<\/li>\n<\/ul>\n<hr class=\"\" data-start=\"3136\" data-end=\"3139\" \/>\n<p class=\"\" data-start=\"3141\" data-end=\"3452\"><strong data-start=\"3141\" data-end=\"3217\">Belden Ba\u011flamal\u0131 21.8 cm Titre\u015fimli Ger\u00e7ek\u00e7i Kal\u0131n Dildo Penis &#8211; Bahamut<\/strong>, ger\u00e7ek\u00e7i dokusu ve g\u00fc\u00e7l\u00fc titre\u015fim \u00f6zellikleriyle benzersiz bir deneyim sunar. B\u00fcy\u00fck boy ve kal\u0131nl\u0131k arayanlar i\u00e7in ideal bir tercihtir. Sa\u011fl\u0131kl\u0131, g\u00fcvenli ve konforlu bir kullan\u0131m i\u00e7in bu \u00fcr\u00fcn\u00fc g\u00f6n\u00fcl rahatl\u0131\u011f\u0131yla tercih edebilirsiniz.<\/p>\n<p>&nbsp;<\/p>\n<p>&nbsp;<\/p>\n<p><a href=\"http:\/\/api.whatsapp.com\/send?phone=905304676616&amp;text=Sipari%C5%9F%20Vermek%20%C4%B0stiyorum%20haremshop%20BDM1255B\"><img fetchpriority=\"high\" decoding=\"async\" class=\"alignnone\" src=\"https:\/\/static.ticimax.cloud\/32886\/uploads\/editoruploads\/whatsapp-destek-hatti.gif\" alt=\"\" width=\"750\" height=\"117\" \/><\/a><\/p>\n","protected":false},"excerpt":{"rendered":"<p><strong data-start=\"220\" data-end=\"296\">Belden Ba\u011flamal\u0131 21.8 cm Titre\u015fimli Ger\u00e7ek\u00e7i Kal\u0131n Dildo Penis &#8211; Bahamut<\/strong>, b\u00fcy\u00fck boy ve kal\u0131nl\u0131k sevenler i\u00e7in tasarlanm\u0131\u015f, g\u00fc\u00e7l\u00fc titre\u015fim \u00f6zelliklerine sahip ger\u00e7ek\u00e7i bir dildo se\u00e7ene\u011fidir. Hem <strong data-start=\"418\" data-end=\"429\">vajinal<\/strong> hem de <strong data-start=\"437\" data-end=\"445\">anal<\/strong> kullan\u0131m i\u00e7in uygun olan bu \u00fcr\u00fcn\u00fc, kaliteli malzemelerle \u00fcretilmi\u015f ve uzun s\u00fcreli kullan\u0131m i\u00e7in idealdir. Ayr\u0131ca, g\u00fc\u00e7l\u00fc vantuz \u00f6zelli\u011fi ile her zemine sabitlenebilir ve konforlu bir kullan\u0131m sa\u011flar.<\/p>\n","protected":false},"featured_media":43403,"comment_status":"closed","ping_status":"closed","template":"","meta":[],"product_brand":[],"product_cat":[498],"product_tag":[],"class_list":{"0":"post-43401","1":"product","2":"type-product","3":"status-publish","4":"has-post-thumbnail","6":"product_cat-belden-baglamali-penisler","8":"first","9":"instock","10":"purchasable","11":"product-type-simple"},"yoast_head":"<!-- This site is optimized with the Yoast SEO Premium plugin v24.4 (Yoast SEO v27.1.1) - https:\/\/yoast.com\/product\/yoast-seo-premium-wordpress\/ -->\n<title>Belden Ba\u011flamal\u0131 21,8 Cm Titre\u015fimli Ger\u00e7ek\u00e7i Kal\u0131n Dildo Penis - Bahamut - Bursa Erotik Shop<\/title>\n<meta name=\"robots\" content=\"index, follow, max-snippet:-1, max-image-preview:large, max-video-preview:-1\" \/>\n<link rel=\"canonical\" href=\"https:\/\/hobierotikshop.com.tr\/website1\/erotik-shop-urun\/belden-baglamali-218-cm-titresimli-gercekci-kalin-dildo-penis-bahamut\/\" \/>\n<meta property=\"og:locale\" content=\"tr_TR\" \/>\n<meta property=\"og:type\" content=\"article\" \/>\n<meta property=\"og:title\" content=\"Belden Ba\u011flamal\u0131 21,8 Cm Titre\u015fimli Ger\u00e7ek\u00e7i Kal\u0131n Dildo Penis - Bahamut\" \/>\n<meta property=\"og:description\" content=\"Belden Ba\u011flamal\u0131 21.8 cm Titre\u015fimli Ger\u00e7ek\u00e7i Kal\u0131n Dildo Penis - Bahamut, b\u00fcy\u00fck boy ve kal\u0131nl\u0131k sevenler i\u00e7in tasarlanm\u0131\u015f, g\u00fc\u00e7l\u00fc titre\u015fim \u00f6zelliklerine sahip ger\u00e7ek\u00e7i bir dildo se\u00e7ene\u011fidir. Hem vajinal hem de anal kullan\u0131m i\u00e7in uygun olan bu \u00fcr\u00fcn\u00fc, kaliteli malzemelerle \u00fcretilmi\u015f ve uzun s\u00fcreli kullan\u0131m i\u00e7in idealdir. Ayr\u0131ca, g\u00fc\u00e7l\u00fc vantuz \u00f6zelli\u011fi ile her zemine sabitlenebilir ve konforlu bir kullan\u0131m sa\u011flar.\" \/>\n<meta property=\"og:url\" content=\"https:\/\/hobierotikshop.com.tr\/website1\/erotik-shop-urun\/belden-baglamali-218-cm-titresimli-gercekci-kalin-dildo-penis-bahamut\/\" \/>\n<meta property=\"og:site_name\" content=\"Bursa Erotik Shop\" \/>\n<meta property=\"article:modified_time\" content=\"2026-01-08T14:06:28+00:00\" \/>\n<meta property=\"og:image\" content=\"https:\/\/hobierotikshop.com.tr\/website1\/wp-content\/uploads\/2025\/04\/belden-baglamali-218-cm-titresimli-ger-cd4555.jpg\" \/>\n\t<meta property=\"og:image:width\" content=\"455\" \/>\n\t<meta property=\"og:image:height\" content=\"455\" \/>\n\t<meta property=\"og:image:type\" content=\"image\/jpeg\" \/>\n<meta name=\"twitter:card\" content=\"summary_large_image\" \/>\n<meta name=\"twitter:site\" content=\"@shopbursa\" \/>\n<meta name=\"twitter:label1\" content=\"Fiyat\" \/>\n\t<meta name=\"twitter:data1\" content=\"&#8378;3.200,00\" \/>\n\t<meta name=\"twitter:label2\" content=\"Availability\" \/>\n\t<meta name=\"twitter:data2\" content=\"In stock\" \/>\n<script type=\"application\/ld+json\" class=\"yoast-schema-graph\">{\"@context\":\"https:\/\/schema.org\",\"@graph\":[{\"@type\":\"WebPage\",\"@id\":\"https:\/\/hobierotikshop.com.tr\/website1\/erotik-shop-urun\/belden-baglamali-218-cm-titresimli-gercekci-kalin-dildo-penis-bahamut\/\",\"url\":\"https:\/\/hobierotikshop.com.tr\/website1\/erotik-shop-urun\/belden-baglamali-218-cm-titresimli-gercekci-kalin-dildo-penis-bahamut\/\",\"name\":\"Belden Ba\u011flamal\u0131 21,8 Cm Titre\u015fimli Ger\u00e7ek\u00e7i Kal\u0131n Dildo Penis - Bahamut - Bursa Erotik Shop\",\"isPartOf\":{\"@id\":\"https:\/\/hobierotikshop.com.tr\/website1\/#website\"},\"primaryImageOfPage\":{\"@id\":\"https:\/\/hobierotikshop.com.tr\/website1\/erotik-shop-urun\/belden-baglamali-218-cm-titresimli-gercekci-kalin-dildo-penis-bahamut\/#primaryimage\"},\"image\":{\"@id\":\"https:\/\/hobierotikshop.com.tr\/website1\/erotik-shop-urun\/belden-baglamali-218-cm-titresimli-gercekci-kalin-dildo-penis-bahamut\/#primaryimage\"},\"thumbnailUrl\":\"https:\/\/haremerotikshop.com\/site\/wp-content\/uploads\/2025\/04\/belden-baglamali-218-cm-titresimli-ger-cd4555.jpg\",\"datePublished\":\"2025-04-26T13:42:46+00:00\",\"dateModified\":\"2026-01-08T14:06:28+00:00\",\"breadcrumb\":{\"@id\":\"https:\/\/hobierotikshop.com.tr\/website1\/erotik-shop-urun\/belden-baglamali-218-cm-titresimli-gercekci-kalin-dildo-penis-bahamut\/#breadcrumb\"},\"inLanguage\":\"tr\",\"potentialAction\":[{\"@type\":\"ReadAction\",\"target\":[\"https:\/\/hobierotikshop.com.tr\/website1\/erotik-shop-urun\/belden-baglamali-218-cm-titresimli-gercekci-kalin-dildo-penis-bahamut\/\"]}]},{\"@type\":\"ImageObject\",\"inLanguage\":\"tr\",\"@id\":\"https:\/\/hobierotikshop.com.tr\/website1\/erotik-shop-urun\/belden-baglamali-218-cm-titresimli-gercekci-kalin-dildo-penis-bahamut\/#primaryimage\",\"url\":\"https:\/\/haremerotikshop.com\/site\/wp-content\/uploads\/2025\/04\/belden-baglamali-218-cm-titresimli-ger-cd4555.jpg\",\"contentUrl\":\"https:\/\/haremerotikshop.com\/site\/wp-content\/uploads\/2025\/04\/belden-baglamali-218-cm-titresimli-ger-cd4555.jpg\",\"width\":455,\"height\":455},{\"@type\":\"BreadcrumbList\",\"@id\":\"https:\/\/hobierotikshop.com.tr\/website1\/erotik-shop-urun\/belden-baglamali-218-cm-titresimli-gercekci-kalin-dildo-penis-bahamut\/#breadcrumb\",\"itemListElement\":[{\"@type\":\"ListItem\",\"position\":1,\"name\":\"Anasayfa\",\"item\":\"https:\/\/hobierotikshop.com.tr\/website1\/\"},{\"@type\":\"ListItem\",\"position\":2,\"name\":\"Erotik Shop \u00dcr\u00fcnleri\",\"item\":\"https:\/\/hobierotikshop.com.tr\/website1\/shop\/\"},{\"@type\":\"ListItem\",\"position\":3,\"name\":\"Belden Ba\u011flamal\u0131 21,8 Cm Titre\u015fimli Ger\u00e7ek\u00e7i Kal\u0131n Dildo Penis &#8211; Bahamut\"}]},{\"@type\":\"WebSite\",\"@id\":\"https:\/\/hobierotikshop.com.tr\/website1\/#website\",\"url\":\"https:\/\/hobierotikshop.com.tr\/website1\/\",\"name\":\"Bursa Erotik Shop\",\"description\":\"Bursa Erotik Shop ile g\u00fcvenli, gizli ve kaliteli yeti\u015fkin \u00fcr\u00fcnleri al\u0131\u015fveri\u015fi! Geni\u015f \u00fcr\u00fcn yelpazemizi ke\u015ffedin, hemen sipari\u015f verin\",\"publisher\":{\"@id\":\"https:\/\/hobierotikshop.com.tr\/website1\/#organization\"},\"alternateName\":\"Erotik Shop\",\"potentialAction\":[{\"@type\":\"SearchAction\",\"target\":{\"@type\":\"EntryPoint\",\"urlTemplate\":\"https:\/\/hobierotikshop.com.tr\/website1\/?s={search_term_string}\"},\"query-input\":{\"@type\":\"PropertyValueSpecification\",\"valueRequired\":true,\"valueName\":\"search_term_string\"}}],\"inLanguage\":\"tr\"},{\"@type\":\"Organization\",\"@id\":\"https:\/\/hobierotikshop.com.tr\/website1\/#organization\",\"name\":\"Harem Bursa Erotik Shop\",\"url\":\"https:\/\/hobierotikshop.com.tr\/website1\/\",\"logo\":{\"@type\":\"ImageObject\",\"inLanguage\":\"tr\",\"@id\":\"https:\/\/hobierotikshop.com.tr\/website1\/#\/schema\/logo\/image\/\",\"url\":\"https:\/\/haremerotikshop.com\/site\/wp-content\/uploads\/2025\/03\/haremsexshop.png\",\"contentUrl\":\"https:\/\/haremerotikshop.com\/site\/wp-content\/uploads\/2025\/03\/haremsexshop.png\",\"width\":400,\"height\":100,\"caption\":\"Harem Bursa Erotik Shop\"},\"image\":{\"@id\":\"https:\/\/hobierotikshop.com.tr\/website1\/#\/schema\/logo\/image\/\"},\"sameAs\":[\"https:\/\/x.com\/shopbursa\"],\"publishingPrinciples\":\"https:\/\/hobierotikshop.com.tr\/website1\/mesafeli-satis-sozlesmesi\/\",\"ownershipFundingInfo\":\"https:\/\/hobierotikshop.com.tr\/website1\/contact-us\/\",\"actionableFeedbackPolicy\":\"https:\/\/hobierotikshop.com.tr\/website1\/contact-us\/\",\"correctionsPolicy\":\"https:\/\/hobierotikshop.com.tr\/website1\/mesafeli-satis-sozlesmesi\/\"}]}<\/script>\n<meta property=\"product:price:amount\" content=\"3200.00\" \/>\n<meta property=\"product:price:currency\" content=\"TRY\" \/>\n<meta property=\"og:availability\" content=\"instock\" \/>\n<meta property=\"product:availability\" content=\"instock\" \/>\n<meta property=\"product:retailer_item_id\" content=\"BDM1255B\" \/>\n<meta property=\"product:condition\" content=\"new\" \/>\n<!-- \/ Yoast SEO Premium plugin. -->","yoast_head_json":{"title":"Belden Ba\u011flamal\u0131 21,8 Cm Titre\u015fimli Ger\u00e7ek\u00e7i Kal\u0131n Dildo Penis - Bahamut - Bursa Erotik Shop","robots":{"index":"index","follow":"follow","max-snippet":"max-snippet:-1","max-image-preview":"max-image-preview:large","max-video-preview":"max-video-preview:-1"},"canonical":"https:\/\/hobierotikshop.com.tr\/website1\/erotik-shop-urun\/belden-baglamali-218-cm-titresimli-gercekci-kalin-dildo-penis-bahamut\/","og_locale":"tr_TR","og_type":"article","og_title":"Belden Ba\u011flamal\u0131 21,8 Cm Titre\u015fimli Ger\u00e7ek\u00e7i Kal\u0131n Dildo Penis - Bahamut","og_description":"Belden Ba\u011flamal\u0131 21.8 cm Titre\u015fimli Ger\u00e7ek\u00e7i Kal\u0131n Dildo Penis - Bahamut, b\u00fcy\u00fck boy ve kal\u0131nl\u0131k sevenler i\u00e7in tasarlanm\u0131\u015f, g\u00fc\u00e7l\u00fc titre\u015fim \u00f6zelliklerine sahip ger\u00e7ek\u00e7i bir dildo se\u00e7ene\u011fidir. Hem vajinal hem de anal kullan\u0131m i\u00e7in uygun olan bu \u00fcr\u00fcn\u00fc, kaliteli malzemelerle \u00fcretilmi\u015f ve uzun s\u00fcreli kullan\u0131m i\u00e7in idealdir. Ayr\u0131ca, g\u00fc\u00e7l\u00fc vantuz \u00f6zelli\u011fi ile her zemine sabitlenebilir ve konforlu bir kullan\u0131m sa\u011flar.","og_url":"https:\/\/hobierotikshop.com.tr\/website1\/erotik-shop-urun\/belden-baglamali-218-cm-titresimli-gercekci-kalin-dildo-penis-bahamut\/","og_site_name":"Bursa Erotik Shop","article_modified_time":"2026-01-08T14:06:28+00:00","og_image":[{"width":455,"height":455,"url":"https:\/\/hobierotikshop.com.tr\/website1\/wp-content\/uploads\/2025\/04\/belden-baglamali-218-cm-titresimli-ger-cd4555.jpg","type":"image\/jpeg"}],"twitter_card":"summary_large_image","twitter_site":"@shopbursa","twitter_misc":{"Fiyat":"&#8378;3.200,00","Availability":"In stock"},"schema":{"@context":"https:\/\/schema.org","@graph":[{"@type":"WebPage","@id":"https:\/\/hobierotikshop.com.tr\/website1\/erotik-shop-urun\/belden-baglamali-218-cm-titresimli-gercekci-kalin-dildo-penis-bahamut\/","url":"https:\/\/hobierotikshop.com.tr\/website1\/erotik-shop-urun\/belden-baglamali-218-cm-titresimli-gercekci-kalin-dildo-penis-bahamut\/","name":"Belden Ba\u011flamal\u0131 21,8 Cm Titre\u015fimli Ger\u00e7ek\u00e7i Kal\u0131n Dildo Penis - Bahamut - Bursa Erotik Shop","isPartOf":{"@id":"https:\/\/hobierotikshop.com.tr\/website1\/#website"},"primaryImageOfPage":{"@id":"https:\/\/hobierotikshop.com.tr\/website1\/erotik-shop-urun\/belden-baglamali-218-cm-titresimli-gercekci-kalin-dildo-penis-bahamut\/#primaryimage"},"image":{"@id":"https:\/\/hobierotikshop.com.tr\/website1\/erotik-shop-urun\/belden-baglamali-218-cm-titresimli-gercekci-kalin-dildo-penis-bahamut\/#primaryimage"},"thumbnailUrl":"https:\/\/haremerotikshop.com\/site\/wp-content\/uploads\/2025\/04\/belden-baglamali-218-cm-titresimli-ger-cd4555.jpg","datePublished":"2025-04-26T13:42:46+00:00","dateModified":"2026-01-08T14:06:28+00:00","breadcrumb":{"@id":"https:\/\/hobierotikshop.com.tr\/website1\/erotik-shop-urun\/belden-baglamali-218-cm-titresimli-gercekci-kalin-dildo-penis-bahamut\/#breadcrumb"},"inLanguage":"tr","potentialAction":[{"@type":"ReadAction","target":["https:\/\/hobierotikshop.com.tr\/website1\/erotik-shop-urun\/belden-baglamali-218-cm-titresimli-gercekci-kalin-dildo-penis-bahamut\/"]}]},{"@type":"ImageObject","inLanguage":"tr","@id":"https:\/\/hobierotikshop.com.tr\/website1\/erotik-shop-urun\/belden-baglamali-218-cm-titresimli-gercekci-kalin-dildo-penis-bahamut\/#primaryimage","url":"https:\/\/haremerotikshop.com\/site\/wp-content\/uploads\/2025\/04\/belden-baglamali-218-cm-titresimli-ger-cd4555.jpg","contentUrl":"https:\/\/haremerotikshop.com\/site\/wp-content\/uploads\/2025\/04\/belden-baglamali-218-cm-titresimli-ger-cd4555.jpg","width":455,"height":455},{"@type":"BreadcrumbList","@id":"https:\/\/hobierotikshop.com.tr\/website1\/erotik-shop-urun\/belden-baglamali-218-cm-titresimli-gercekci-kalin-dildo-penis-bahamut\/#breadcrumb","itemListElement":[{"@type":"ListItem","position":1,"name":"Anasayfa","item":"https:\/\/hobierotikshop.com.tr\/website1\/"},{"@type":"ListItem","position":2,"name":"Erotik Shop \u00dcr\u00fcnleri","item":"https:\/\/hobierotikshop.com.tr\/website1\/shop\/"},{"@type":"ListItem","position":3,"name":"Belden Ba\u011flamal\u0131 21,8 Cm Titre\u015fimli Ger\u00e7ek\u00e7i Kal\u0131n Dildo Penis &#8211; Bahamut"}]},{"@type":"WebSite","@id":"https:\/\/hobierotikshop.com.tr\/website1\/#website","url":"https:\/\/hobierotikshop.com.tr\/website1\/","name":"Bursa Erotik Shop","description":"Bursa Erotik Shop ile g\u00fcvenli, gizli ve kaliteli yeti\u015fkin \u00fcr\u00fcnleri al\u0131\u015fveri\u015fi! Geni\u015f \u00fcr\u00fcn yelpazemizi ke\u015ffedin, hemen sipari\u015f verin","publisher":{"@id":"https:\/\/hobierotikshop.com.tr\/website1\/#organization"},"alternateName":"Erotik Shop","potentialAction":[{"@type":"SearchAction","target":{"@type":"EntryPoint","urlTemplate":"https:\/\/hobierotikshop.com.tr\/website1\/?s={search_term_string}"},"query-input":{"@type":"PropertyValueSpecification","valueRequired":true,"valueName":"search_term_string"}}],"inLanguage":"tr"},{"@type":"Organization","@id":"https:\/\/hobierotikshop.com.tr\/website1\/#organization","name":"Harem Bursa Erotik Shop","url":"https:\/\/hobierotikshop.com.tr\/website1\/","logo":{"@type":"ImageObject","inLanguage":"tr","@id":"https:\/\/hobierotikshop.com.tr\/website1\/#\/schema\/logo\/image\/","url":"https:\/\/haremerotikshop.com\/site\/wp-content\/uploads\/2025\/03\/haremsexshop.png","contentUrl":"https:\/\/haremerotikshop.com\/site\/wp-content\/uploads\/2025\/03\/haremsexshop.png","width":400,"height":100,"caption":"Harem Bursa Erotik Shop"},"image":{"@id":"https:\/\/hobierotikshop.com.tr\/website1\/#\/schema\/logo\/image\/"},"sameAs":["https:\/\/x.com\/shopbursa"],"publishingPrinciples":"https:\/\/hobierotikshop.com.tr\/website1\/mesafeli-satis-sozlesmesi\/","ownershipFundingInfo":"https:\/\/hobierotikshop.com.tr\/website1\/contact-us\/","actionableFeedbackPolicy":"https:\/\/hobierotikshop.com.tr\/website1\/contact-us\/","correctionsPolicy":"https:\/\/hobierotikshop.com.tr\/website1\/mesafeli-satis-sozlesmesi\/"}]},"product_price_amount":"3200.00","product_price_currency":"TRY","og_availability":"instock","product_availability":"instock","product_retailer_item_id":"BDM1255B","product_condition":"new"},"_links":{"self":[{"href":"https:\/\/haremerotikshop.com\/site\/wp-json\/wp\/v2\/product\/43401","targetHints":{"allow":["GET"]}}],"collection":[{"href":"https:\/\/haremerotikshop.com\/site\/wp-json\/wp\/v2\/product"}],"about":[{"href":"https:\/\/haremerotikshop.com\/site\/wp-json\/wp\/v2\/types\/product"}],"replies":[{"embeddable":true,"href":"https:\/\/haremerotikshop.com\/site\/wp-json\/wp\/v2\/comments?post=43401"}],"version-history":[{"count":0,"href":"https:\/\/haremerotikshop.com\/site\/wp-json\/wp\/v2\/product\/43401\/revisions"}],"wp:featuredmedia":[{"embeddable":true,"href":"https:\/\/haremerotikshop.com\/site\/wp-json\/wp\/v2\/media\/43403"}],"wp:attachment":[{"href":"https:\/\/haremerotikshop.com\/site\/wp-json\/wp\/v2\/media?parent=43401"}],"wp:term":[{"taxonomy":"product_brand","embeddable":true,"href":"https:\/\/haremerotikshop.com\/site\/wp-json\/wp\/v2\/product_brand?post=43401"},{"taxonomy":"product_cat","embeddable":true,"href":"https:\/\/haremerotikshop.com\/site\/wp-json\/wp\/v2\/product_cat?post=43401"},{"taxonomy":"product_tag","embeddable":true,"href":"https:\/\/haremerotikshop.com\/site\/wp-json\/wp\/v2\/product_tag?post=43401"}],"curies":[{"name":"wp","href":"https:\/\/api.w.org\/{rel}","templated":true}]}}