{"id":43422,"date":"2025-04-26T16:43:50","date_gmt":"2025-04-26T13:43:50","guid":{"rendered":"https:\/\/haremerotikshop.com\/site\/erotik-shop-urun\/usb-sarjli-12-titresim-modlu-uzaktan-kumandali-vibrator-bogumlu-anal-plug\/"},"modified":"2026-01-09T02:59:39","modified_gmt":"2026-01-08T23:59:39","slug":"usb-sarjli-12-titresim-modlu-uzaktan-kumandali-vibrator-bogumlu-anal-plug","status":"publish","type":"product","link":"https:\/\/haremerotikshop.com\/site\/erotik-shop-urun\/usb-sarjli-12-titresim-modlu-uzaktan-kumandali-vibrator-bogumlu-anal-plug\/","title":{"rendered":"Usb \u015earjl\u0131 12 Titre\u015fim Modlu Uzaktan Kumandal\u0131 Vibrat\u00f6r &Amp; Bo\u011fumlu Anal Plug"},"content":{"rendered":"<h2 class=\"\" data-start=\"67\" data-end=\"149\"><strong data-start=\"70\" data-end=\"149\">USB \u015earjl\u0131 12 Titre\u015fim Modlu Uzaktan Kumandal\u0131 Vibrat\u00f6r &amp; Bo\u011fumlu Anal Plug<\/strong><\/h2>\n<p class=\"\" data-start=\"151\" data-end=\"604\"><strong data-start=\"151\" data-end=\"299\">Zevk ve konforu bir arada sunan USB \u015farjl\u0131, 12 titre\u015fim modlu ve uzaktan kumandal\u0131 anal plug ile cinsel deneyimlerinizi yeni bir boyuta ta\u015f\u0131y\u0131n.<\/strong> Bu \u00f6zel tasar\u0131m, kullan\u0131c\u0131lar\u0131n ihtiya\u00e7lar\u0131na g\u00f6re \u00f6zelle\u015ftirilebilen titre\u015fim modlar\u0131 ve sa\u011flam vantuzuyla m\u00fckemmel bir denge sa\u011flar. Bo\u011fumlu yap\u0131s\u0131 sayesinde ekstra uyar\u0131m sunarak, her kullan\u0131c\u0131n\u0131n zevk seviyesini zirveye \u00e7\u0131kar\u0131r. V\u00fccut dostu silikon malzeme, g\u00fcvenli kullan\u0131m ve kolay temizlik sa\u011flar.<\/p>\n<hr class=\"\" data-start=\"606\" data-end=\"609\" \/>\n<h3 class=\"\" data-start=\"611\" data-end=\"636\"><strong data-start=\"615\" data-end=\"636\">\u00dcr\u00fcn \u00d6zellikleri:<\/strong><\/h3>\n<p class=\"\" data-start=\"638\" data-end=\"1622\">\ud83d\udd39 <strong data-start=\"641\" data-end=\"655\">USB \u015earjl\u0131<\/strong> \u2013 \u00c7evre dostu USB \u015farj teknolojisi ile uzun s\u00fcreli kullan\u0131m imkan\u0131 sunar.<br data-start=\"729\" data-end=\"732\" \/>\ud83d\udd39 <strong data-start=\"735\" data-end=\"755\">12 Titre\u015fim Modu<\/strong> \u2013 Zevkinize g\u00f6re se\u00e7im yapabilece\u011finiz 12 farkl\u0131 titre\u015fim fonksiyonu ile unutulmaz bir deneyim ya\u015fay\u0131n.<br data-start=\"859\" data-end=\"862\" \/>\ud83d\udd39 <strong data-start=\"865\" data-end=\"893\">Uzaktan Kumanda \u00d6zelli\u011fi<\/strong> \u2013 Kolay kontrol ve e\u011flenceli kullan\u0131m i\u00e7in uzaktan kumanda ile titre\u015fim modlar\u0131n\u0131 kolayca ayarlayabilirsiniz.<br data-start=\"1003\" data-end=\"1006\" \/>\ud83d\udd39 <strong data-start=\"1009\" data-end=\"1028\">Bo\u011fumlu Tasar\u0131m<\/strong> \u2013 \u00c7ift bo\u011fumlu silikon malzeme, ekstra uyar\u0131m sa\u011flayarak daha yo\u011fun bir tatmin sunar.<br data-start=\"1114\" data-end=\"1117\" \/>\ud83d\udd39 <strong data-start=\"1120\" data-end=\"1136\">G\u00fc\u00e7l\u00fc Vantuz<\/strong> \u2013 Her y\u00fczeye g\u00fc\u00e7l\u00fc bir \u015fekilde yap\u0131\u015farak sabit bir kullan\u0131m sa\u011flar.<br data-start=\"1204\" data-end=\"1207\" \/>\ud83d\udd39 <strong data-start=\"1210\" data-end=\"1235\">P\u00fcr\u00fczs\u00fcz Soft Silikon<\/strong> \u2013 V\u00fccut dostu, p\u00fcr\u00fczs\u00fcz ve yumu\u015fak silikon malzeme ile konforlu kullan\u0131m.<br data-start=\"1309\" data-end=\"1312\" \/>\ud83d\udd39 <strong data-start=\"1315\" data-end=\"1340\">V\u00fccut G\u00fcvenli Malzeme<\/strong> \u2013 Sa\u011fl\u0131\u011fa zarar vermeyen, g\u00fcvenli silikon materyal.<br data-start=\"1392\" data-end=\"1395\" \/>\ud83d\udd39 <strong data-start=\"1398\" data-end=\"1416\">Kolay Temizlik<\/strong> \u2013 Suya dayan\u0131kl\u0131 yap\u0131s\u0131yla \u00fcr\u00fcn\u00fc rahat\u00e7a temizleyebilirsiniz.<br data-start=\"1478\" data-end=\"1481\" \/>\ud83d\udd39 <strong data-start=\"1484\" data-end=\"1496\">Boyutlar<\/strong> \u2013 Toplam Boy: 12.5 cm, \u00c7ap: 3.3 cm, A\u011f\u0131rl\u0131k: 131 gr.<br data-start=\"1549\" data-end=\"1552\" \/>\ud83d\udd39 <strong data-start=\"1555\" data-end=\"1569\">Cilt Dostu<\/strong> \u2013 T\u00fcm cilt tipleriyle uyumlu, hipoalerjenik malzeme.<\/p>\n<hr class=\"\" data-start=\"1624\" data-end=\"1627\" \/>\n<h3 class=\"\" data-start=\"1629\" data-end=\"1670\"><strong data-start=\"1633\" data-end=\"1670\">Kullan\u0131m ve Temizlik Talimatlar\u0131:<\/strong><\/h3>\n<p class=\"\" data-start=\"1672\" data-end=\"1970\">\ud83e\uddfc <strong data-start=\"1675\" data-end=\"1688\">Temizlik:<\/strong> Her kullan\u0131mdan sonra \u0131l\u0131k su ve sabunla temizlenmesi tavsiye edilir.<br data-start=\"1758\" data-end=\"1761\" \/>\u26a1 <strong data-start=\"1763\" data-end=\"1772\">\u015earj:<\/strong> USB kablosu ile kolayca \u015farj edilebilir.<br data-start=\"1813\" data-end=\"1816\" \/>\ud83d\udca7 <strong data-start=\"1819\" data-end=\"1838\">Su Ge\u00e7irmezlik:<\/strong> Suya dayan\u0131kl\u0131 oldu\u011fundan rahatl\u0131kla su alt\u0131nda da kullan\u0131labilir.<br data-start=\"1905\" data-end=\"1908\" \/>\ud83d\udd0b <strong data-start=\"1911\" data-end=\"1924\">Pil \u00d6mr\u00fc:<\/strong> \u015earj edildi\u011finde uzun s\u00fcreli kullan\u0131m sa\u011flar.<\/p>\n<hr class=\"\" data-start=\"1972\" data-end=\"1975\" \/>\n<h3 class=\"\" data-start=\"1977\" data-end=\"2011\"><strong data-start=\"1981\" data-end=\"2011\">Gizli ve G\u00fcvenli Teslimat:<\/strong><\/h3>\n<p class=\"\" data-start=\"2013\" data-end=\"2283\"><strong data-start=\"2013\" data-end=\"2036\">Discreet Paketleme:<\/strong> \u00dcr\u00fcn\u00fcn\u00fcz gizli ve kapal\u0131 paket i\u00e7inde g\u00f6nderilir. \u0130\u00e7eri\u011fi d\u0131\u015far\u0131dan anla\u015f\u0131lmaz.<br data-start=\"2116\" data-end=\"2119\" \/><strong data-start=\"2119\" data-end=\"2143\">Kap\u0131da \u00d6deme \u0130mkan\u0131:<\/strong> Nakit veya kredi kart\u0131 ile kap\u0131da \u00f6deme se\u00e7ene\u011fi.<br data-start=\"2193\" data-end=\"2196\" \/><strong data-start=\"2196\" data-end=\"2215\">H\u0131zl\u0131 G\u00f6nderim:<\/strong> Sipari\u015finiz, h\u0131zl\u0131 ve g\u00fcvenli bir \u015fekilde adresinize teslim edilir.<\/p>\n<hr class=\"\" data-start=\"2285\" data-end=\"2288\" \/>\n<h3 class=\"\" data-start=\"2290\" data-end=\"2316\"><strong data-start=\"2294\" data-end=\"2316\">\u00d6deme Se\u00e7enekleri:<\/strong><\/h3>\n<ul data-start=\"2318\" data-end=\"2526\">\n<li class=\"\" data-start=\"2318\" data-end=\"2373\">\n<p class=\"\" data-start=\"2320\" data-end=\"2373\"><strong data-start=\"2320\" data-end=\"2337\">Kap\u0131da \u00d6deme:<\/strong> G\u00fcvenli ve kolay \u00f6deme se\u00e7enekleri.<\/p>\n<\/li>\n<li class=\"\" data-start=\"2374\" data-end=\"2453\">\n<p class=\"\" data-start=\"2376\" data-end=\"2453\"><strong data-start=\"2376\" data-end=\"2414\">Kredi Kart\u0131 ile G\u00fcvenli Al\u0131\u015fveri\u015f:<\/strong> H\u0131zl\u0131 ve g\u00fcvenli \u00f6deme yapabilirsiniz.<\/p>\n<\/li>\n<li class=\"\" data-start=\"2454\" data-end=\"2526\">\n<p class=\"\" data-start=\"2456\" data-end=\"2526\"><strong data-start=\"2456\" data-end=\"2475\">Banka Havalesi:<\/strong> Alternatif \u00f6deme se\u00e7ene\u011fiyle i\u015flem yapabilirsiniz.<\/p>\n<\/li>\n<\/ul>\n<hr class=\"\" data-start=\"2528\" data-end=\"2531\" \/>\n<h2 class=\"\" data-start=\"2533\" data-end=\"2642\"><strong data-start=\"2536\" data-end=\"2642\">Zevk ve Konforun Yeni Ad\u0131: USB \u015earjl\u0131 12 Titre\u015fim Modlu Uzaktan Kumandal\u0131 Vibrat\u00f6r &amp; Bo\u011fumlu Anal Plug<\/strong><\/h2>\n<p class=\"\" data-start=\"2644\" data-end=\"2873\"><strong data-start=\"2644\" data-end=\"2712\">Bu teknoloji harikas\u0131 \u00fcr\u00fcnle kendinizi ve partnerinizi \u015f\u0131mart\u0131n!<\/strong> Her modun sundu\u011fu farkl\u0131 titre\u015fim \u00f6zellikleri ile m\u00fckemmel bir tatmin deneyimi ya\u015fay\u0131n. Uzaktan kumanda kolayl\u0131\u011f\u0131 ve bo\u011fumlu tasar\u0131m, her an\u0131 daha \u00f6zel k\u0131lacak.<\/p>\n<hr class=\"\" data-start=\"2875\" data-end=\"2878\" \/>\n<p class=\"\" data-start=\"2880\" data-end=\"3071\">Unutulmaz bir cinsel deneyim i\u00e7in <strong data-start=\"2914\" data-end=\"2993\">USB \u015earjl\u0131 12 Titre\u015fim Modlu Uzaktan Kumandal\u0131 Vibrat\u00f6r &amp; Bo\u011fumlu Anal Plug<\/strong>\u2019\u0131 hemen ke\u015ffedin ve yenilik\u00e7i \u00f6zelliklerle hayat\u0131n\u0131za yeni bir heyecan kat\u0131n!<\/p>\n<p>&nbsp;<\/p>\n<p>&nbsp;<\/p>\n<p><a href=\"http:\/\/api.whatsapp.com\/send?phone=905304676616&amp;text=Sipari%C5%9F%20Vermek%20%C4%B0stiyorum%20haremshop%20BDM1258\"><img fetchpriority=\"high\" decoding=\"async\" class=\"alignnone\" src=\"https:\/\/static.ticimax.cloud\/32886\/uploads\/editoruploads\/whatsapp-destek-hatti.gif\" alt=\"\" width=\"750\" height=\"117\" \/><\/a><\/p>\n","protected":false},"excerpt":{"rendered":"<p><strong data-start=\"151\" data-end=\"299\">Zevk ve konforu bir arada sunan USB \u015farjl\u0131, 12 titre\u015fim modlu ve uzaktan kumandal\u0131 anal plug ile cinsel deneyimlerinizi yeni bir boyuta ta\u015f\u0131y\u0131n.<\/strong> Bu \u00f6zel tasar\u0131m, kullan\u0131c\u0131lar\u0131n ihtiya\u00e7lar\u0131na g\u00f6re \u00f6zelle\u015ftirilebilen titre\u015fim modlar\u0131 ve sa\u011flam vantuzuyla m\u00fckemmel bir denge sa\u011flar. Bo\u011fumlu yap\u0131s\u0131 sayesinde ekstra uyar\u0131m sunarak, her kullan\u0131c\u0131n\u0131n zevk seviyesini zirveye \u00e7\u0131kar\u0131r. V\u00fccut dostu silikon malzeme, g\u00fcvenli kullan\u0131m ve kolay temizlik sa\u011flar.<\/p>\n","protected":false},"featured_media":43424,"comment_status":"closed","ping_status":"closed","template":"","meta":[],"product_brand":[],"product_cat":[497],"product_tag":[],"class_list":{"0":"post-43422","1":"product","2":"type-product","3":"status-publish","4":"has-post-thumbnail","6":"product_cat-anal-fantezi-urunleri","8":"first","9":"outofstock","10":"purchasable","11":"product-type-simple"},"yoast_head":"<!-- This site is optimized with the Yoast SEO Premium plugin v24.4 (Yoast SEO v27.1.1) - https:\/\/yoast.com\/product\/yoast-seo-premium-wordpress\/ -->\n<title>Usb \u015earjl\u0131 12 Titre\u015fim Modlu Uzaktan Kumandal\u0131 Vibrat\u00f6r &amp;Amp; Bo\u011fumlu Anal Plug - Bursa Erotik Shop<\/title>\n<meta name=\"robots\" content=\"index, follow, max-snippet:-1, max-image-preview:large, max-video-preview:-1\" \/>\n<link rel=\"canonical\" href=\"https:\/\/hobierotikshop.com.tr\/website1\/erotik-shop-urun\/usb-sarjli-12-titresim-modlu-uzaktan-kumandali-vibrator-bogumlu-anal-plug\/\" \/>\n<meta property=\"og:locale\" content=\"tr_TR\" \/>\n<meta property=\"og:type\" content=\"article\" \/>\n<meta property=\"og:title\" content=\"Usb \u015earjl\u0131 12 Titre\u015fim Modlu Uzaktan Kumandal\u0131 Vibrat\u00f6r &amp;Amp; Bo\u011fumlu Anal Plug\" \/>\n<meta property=\"og:description\" content=\"Zevk ve konforu bir arada sunan USB \u015farjl\u0131, 12 titre\u015fim modlu ve uzaktan kumandal\u0131 anal plug ile cinsel deneyimlerinizi yeni bir boyuta ta\u015f\u0131y\u0131n. Bu \u00f6zel tasar\u0131m, kullan\u0131c\u0131lar\u0131n ihtiya\u00e7lar\u0131na g\u00f6re \u00f6zelle\u015ftirilebilen titre\u015fim modlar\u0131 ve sa\u011flam vantuzuyla m\u00fckemmel bir denge sa\u011flar. Bo\u011fumlu yap\u0131s\u0131 sayesinde ekstra uyar\u0131m sunarak, her kullan\u0131c\u0131n\u0131n zevk seviyesini zirveye \u00e7\u0131kar\u0131r. V\u00fccut dostu silikon malzeme, g\u00fcvenli kullan\u0131m ve kolay temizlik sa\u011flar.\" \/>\n<meta property=\"og:url\" content=\"https:\/\/hobierotikshop.com.tr\/website1\/erotik-shop-urun\/usb-sarjli-12-titresim-modlu-uzaktan-kumandali-vibrator-bogumlu-anal-plug\/\" \/>\n<meta property=\"og:site_name\" content=\"Bursa Erotik Shop\" \/>\n<meta property=\"article:modified_time\" content=\"2026-01-08T23:59:39+00:00\" \/>\n<meta property=\"og:image\" content=\"https:\/\/hobierotikshop.com.tr\/website1\/wp-content\/uploads\/2025\/04\/usb-sarjli-12-titresim-modlu-uzaktan-k-86989c.jpg\" \/>\n\t<meta property=\"og:image:width\" content=\"455\" \/>\n\t<meta property=\"og:image:height\" content=\"455\" \/>\n\t<meta property=\"og:image:type\" content=\"image\/jpeg\" \/>\n<meta name=\"twitter:card\" content=\"summary_large_image\" \/>\n<meta name=\"twitter:site\" content=\"@shopbursa\" \/>\n<meta name=\"twitter:label1\" content=\"Fiyat\" \/>\n\t<meta name=\"twitter:data1\" content=\"&#8378;4.260,00\" \/>\n\t<meta name=\"twitter:label2\" content=\"Availability\" \/>\n\t<meta name=\"twitter:data2\" content=\"Out of stock\" \/>\n<script type=\"application\/ld+json\" class=\"yoast-schema-graph\">{\"@context\":\"https:\/\/schema.org\",\"@graph\":[{\"@type\":\"WebPage\",\"@id\":\"https:\/\/hobierotikshop.com.tr\/website1\/erotik-shop-urun\/usb-sarjli-12-titresim-modlu-uzaktan-kumandali-vibrator-bogumlu-anal-plug\/\",\"url\":\"https:\/\/hobierotikshop.com.tr\/website1\/erotik-shop-urun\/usb-sarjli-12-titresim-modlu-uzaktan-kumandali-vibrator-bogumlu-anal-plug\/\",\"name\":\"Usb \u015earjl\u0131 12 Titre\u015fim Modlu Uzaktan Kumandal\u0131 Vibrat\u00f6r &Amp; Bo\u011fumlu Anal Plug - Bursa Erotik Shop\",\"isPartOf\":{\"@id\":\"https:\/\/hobierotikshop.com.tr\/website1\/#website\"},\"primaryImageOfPage\":{\"@id\":\"https:\/\/hobierotikshop.com.tr\/website1\/erotik-shop-urun\/usb-sarjli-12-titresim-modlu-uzaktan-kumandali-vibrator-bogumlu-anal-plug\/#primaryimage\"},\"image\":{\"@id\":\"https:\/\/hobierotikshop.com.tr\/website1\/erotik-shop-urun\/usb-sarjli-12-titresim-modlu-uzaktan-kumandali-vibrator-bogumlu-anal-plug\/#primaryimage\"},\"thumbnailUrl\":\"https:\/\/haremerotikshop.com\/site\/wp-content\/uploads\/2025\/04\/usb-sarjli-12-titresim-modlu-uzaktan-k-86989c.jpg\",\"datePublished\":\"2025-04-26T13:43:50+00:00\",\"dateModified\":\"2026-01-08T23:59:39+00:00\",\"breadcrumb\":{\"@id\":\"https:\/\/hobierotikshop.com.tr\/website1\/erotik-shop-urun\/usb-sarjli-12-titresim-modlu-uzaktan-kumandali-vibrator-bogumlu-anal-plug\/#breadcrumb\"},\"inLanguage\":\"tr\",\"potentialAction\":[{\"@type\":\"ReadAction\",\"target\":[\"https:\/\/hobierotikshop.com.tr\/website1\/erotik-shop-urun\/usb-sarjli-12-titresim-modlu-uzaktan-kumandali-vibrator-bogumlu-anal-plug\/\"]}]},{\"@type\":\"ImageObject\",\"inLanguage\":\"tr\",\"@id\":\"https:\/\/hobierotikshop.com.tr\/website1\/erotik-shop-urun\/usb-sarjli-12-titresim-modlu-uzaktan-kumandali-vibrator-bogumlu-anal-plug\/#primaryimage\",\"url\":\"https:\/\/haremerotikshop.com\/site\/wp-content\/uploads\/2025\/04\/usb-sarjli-12-titresim-modlu-uzaktan-k-86989c.jpg\",\"contentUrl\":\"https:\/\/haremerotikshop.com\/site\/wp-content\/uploads\/2025\/04\/usb-sarjli-12-titresim-modlu-uzaktan-k-86989c.jpg\",\"width\":455,\"height\":455},{\"@type\":\"BreadcrumbList\",\"@id\":\"https:\/\/hobierotikshop.com.tr\/website1\/erotik-shop-urun\/usb-sarjli-12-titresim-modlu-uzaktan-kumandali-vibrator-bogumlu-anal-plug\/#breadcrumb\",\"itemListElement\":[{\"@type\":\"ListItem\",\"position\":1,\"name\":\"Anasayfa\",\"item\":\"https:\/\/hobierotikshop.com.tr\/website1\/\"},{\"@type\":\"ListItem\",\"position\":2,\"name\":\"Erotik Shop \u00dcr\u00fcnleri\",\"item\":\"https:\/\/hobierotikshop.com.tr\/website1\/shop\/\"},{\"@type\":\"ListItem\",\"position\":3,\"name\":\"Usb \u015earjl\u0131 12 Titre\u015fim Modlu Uzaktan Kumandal\u0131 Vibrat\u00f6r &Amp; Bo\u011fumlu Anal Plug\"}]},{\"@type\":\"WebSite\",\"@id\":\"https:\/\/hobierotikshop.com.tr\/website1\/#website\",\"url\":\"https:\/\/hobierotikshop.com.tr\/website1\/\",\"name\":\"Bursa Erotik Shop\",\"description\":\"Bursa Erotik Shop ile g\u00fcvenli, gizli ve kaliteli yeti\u015fkin \u00fcr\u00fcnleri al\u0131\u015fveri\u015fi! Geni\u015f \u00fcr\u00fcn yelpazemizi ke\u015ffedin, hemen sipari\u015f verin\",\"publisher\":{\"@id\":\"https:\/\/hobierotikshop.com.tr\/website1\/#organization\"},\"alternateName\":\"Erotik Shop\",\"potentialAction\":[{\"@type\":\"SearchAction\",\"target\":{\"@type\":\"EntryPoint\",\"urlTemplate\":\"https:\/\/hobierotikshop.com.tr\/website1\/?s={search_term_string}\"},\"query-input\":{\"@type\":\"PropertyValueSpecification\",\"valueRequired\":true,\"valueName\":\"search_term_string\"}}],\"inLanguage\":\"tr\"},{\"@type\":\"Organization\",\"@id\":\"https:\/\/hobierotikshop.com.tr\/website1\/#organization\",\"name\":\"Harem Bursa Erotik Shop\",\"url\":\"https:\/\/hobierotikshop.com.tr\/website1\/\",\"logo\":{\"@type\":\"ImageObject\",\"inLanguage\":\"tr\",\"@id\":\"https:\/\/hobierotikshop.com.tr\/website1\/#\/schema\/logo\/image\/\",\"url\":\"https:\/\/haremerotikshop.com\/site\/wp-content\/uploads\/2025\/03\/haremsexshop.png\",\"contentUrl\":\"https:\/\/haremerotikshop.com\/site\/wp-content\/uploads\/2025\/03\/haremsexshop.png\",\"width\":400,\"height\":100,\"caption\":\"Harem Bursa Erotik Shop\"},\"image\":{\"@id\":\"https:\/\/hobierotikshop.com.tr\/website1\/#\/schema\/logo\/image\/\"},\"sameAs\":[\"https:\/\/x.com\/shopbursa\"],\"publishingPrinciples\":\"https:\/\/hobierotikshop.com.tr\/website1\/mesafeli-satis-sozlesmesi\/\",\"ownershipFundingInfo\":\"https:\/\/hobierotikshop.com.tr\/website1\/contact-us\/\",\"actionableFeedbackPolicy\":\"https:\/\/hobierotikshop.com.tr\/website1\/contact-us\/\",\"correctionsPolicy\":\"https:\/\/hobierotikshop.com.tr\/website1\/mesafeli-satis-sozlesmesi\/\"}]}<\/script>\n<meta property=\"product:price:amount\" content=\"4260.00\" \/>\n<meta property=\"product:price:currency\" content=\"TRY\" \/>\n<meta property=\"og:availability\" content=\"out of stock\" \/>\n<meta property=\"product:availability\" content=\"out of stock\" \/>\n<meta property=\"product:retailer_item_id\" content=\"BDM1258\" \/>\n<meta property=\"product:condition\" content=\"new\" \/>\n<!-- \/ Yoast SEO Premium plugin. -->","yoast_head_json":{"title":"Usb \u015earjl\u0131 12 Titre\u015fim Modlu Uzaktan Kumandal\u0131 Vibrat\u00f6r &Amp; Bo\u011fumlu Anal Plug - Bursa Erotik Shop","robots":{"index":"index","follow":"follow","max-snippet":"max-snippet:-1","max-image-preview":"max-image-preview:large","max-video-preview":"max-video-preview:-1"},"canonical":"https:\/\/hobierotikshop.com.tr\/website1\/erotik-shop-urun\/usb-sarjli-12-titresim-modlu-uzaktan-kumandali-vibrator-bogumlu-anal-plug\/","og_locale":"tr_TR","og_type":"article","og_title":"Usb \u015earjl\u0131 12 Titre\u015fim Modlu Uzaktan Kumandal\u0131 Vibrat\u00f6r &Amp; Bo\u011fumlu Anal Plug","og_description":"Zevk ve konforu bir arada sunan USB \u015farjl\u0131, 12 titre\u015fim modlu ve uzaktan kumandal\u0131 anal plug ile cinsel deneyimlerinizi yeni bir boyuta ta\u015f\u0131y\u0131n. Bu \u00f6zel tasar\u0131m, kullan\u0131c\u0131lar\u0131n ihtiya\u00e7lar\u0131na g\u00f6re \u00f6zelle\u015ftirilebilen titre\u015fim modlar\u0131 ve sa\u011flam vantuzuyla m\u00fckemmel bir denge sa\u011flar. Bo\u011fumlu yap\u0131s\u0131 sayesinde ekstra uyar\u0131m sunarak, her kullan\u0131c\u0131n\u0131n zevk seviyesini zirveye \u00e7\u0131kar\u0131r. V\u00fccut dostu silikon malzeme, g\u00fcvenli kullan\u0131m ve kolay temizlik sa\u011flar.","og_url":"https:\/\/hobierotikshop.com.tr\/website1\/erotik-shop-urun\/usb-sarjli-12-titresim-modlu-uzaktan-kumandali-vibrator-bogumlu-anal-plug\/","og_site_name":"Bursa Erotik Shop","article_modified_time":"2026-01-08T23:59:39+00:00","og_image":[{"width":455,"height":455,"url":"https:\/\/hobierotikshop.com.tr\/website1\/wp-content\/uploads\/2025\/04\/usb-sarjli-12-titresim-modlu-uzaktan-k-86989c.jpg","type":"image\/jpeg"}],"twitter_card":"summary_large_image","twitter_site":"@shopbursa","twitter_misc":{"Fiyat":"&#8378;4.260,00","Availability":"Out of stock"},"schema":{"@context":"https:\/\/schema.org","@graph":[{"@type":"WebPage","@id":"https:\/\/hobierotikshop.com.tr\/website1\/erotik-shop-urun\/usb-sarjli-12-titresim-modlu-uzaktan-kumandali-vibrator-bogumlu-anal-plug\/","url":"https:\/\/hobierotikshop.com.tr\/website1\/erotik-shop-urun\/usb-sarjli-12-titresim-modlu-uzaktan-kumandali-vibrator-bogumlu-anal-plug\/","name":"Usb \u015earjl\u0131 12 Titre\u015fim Modlu Uzaktan Kumandal\u0131 Vibrat\u00f6r &Amp; Bo\u011fumlu Anal Plug - Bursa Erotik Shop","isPartOf":{"@id":"https:\/\/hobierotikshop.com.tr\/website1\/#website"},"primaryImageOfPage":{"@id":"https:\/\/hobierotikshop.com.tr\/website1\/erotik-shop-urun\/usb-sarjli-12-titresim-modlu-uzaktan-kumandali-vibrator-bogumlu-anal-plug\/#primaryimage"},"image":{"@id":"https:\/\/hobierotikshop.com.tr\/website1\/erotik-shop-urun\/usb-sarjli-12-titresim-modlu-uzaktan-kumandali-vibrator-bogumlu-anal-plug\/#primaryimage"},"thumbnailUrl":"https:\/\/haremerotikshop.com\/site\/wp-content\/uploads\/2025\/04\/usb-sarjli-12-titresim-modlu-uzaktan-k-86989c.jpg","datePublished":"2025-04-26T13:43:50+00:00","dateModified":"2026-01-08T23:59:39+00:00","breadcrumb":{"@id":"https:\/\/hobierotikshop.com.tr\/website1\/erotik-shop-urun\/usb-sarjli-12-titresim-modlu-uzaktan-kumandali-vibrator-bogumlu-anal-plug\/#breadcrumb"},"inLanguage":"tr","potentialAction":[{"@type":"ReadAction","target":["https:\/\/hobierotikshop.com.tr\/website1\/erotik-shop-urun\/usb-sarjli-12-titresim-modlu-uzaktan-kumandali-vibrator-bogumlu-anal-plug\/"]}]},{"@type":"ImageObject","inLanguage":"tr","@id":"https:\/\/hobierotikshop.com.tr\/website1\/erotik-shop-urun\/usb-sarjli-12-titresim-modlu-uzaktan-kumandali-vibrator-bogumlu-anal-plug\/#primaryimage","url":"https:\/\/haremerotikshop.com\/site\/wp-content\/uploads\/2025\/04\/usb-sarjli-12-titresim-modlu-uzaktan-k-86989c.jpg","contentUrl":"https:\/\/haremerotikshop.com\/site\/wp-content\/uploads\/2025\/04\/usb-sarjli-12-titresim-modlu-uzaktan-k-86989c.jpg","width":455,"height":455},{"@type":"BreadcrumbList","@id":"https:\/\/hobierotikshop.com.tr\/website1\/erotik-shop-urun\/usb-sarjli-12-titresim-modlu-uzaktan-kumandali-vibrator-bogumlu-anal-plug\/#breadcrumb","itemListElement":[{"@type":"ListItem","position":1,"name":"Anasayfa","item":"https:\/\/hobierotikshop.com.tr\/website1\/"},{"@type":"ListItem","position":2,"name":"Erotik Shop \u00dcr\u00fcnleri","item":"https:\/\/hobierotikshop.com.tr\/website1\/shop\/"},{"@type":"ListItem","position":3,"name":"Usb \u015earjl\u0131 12 Titre\u015fim Modlu Uzaktan Kumandal\u0131 Vibrat\u00f6r &Amp; Bo\u011fumlu Anal Plug"}]},{"@type":"WebSite","@id":"https:\/\/hobierotikshop.com.tr\/website1\/#website","url":"https:\/\/hobierotikshop.com.tr\/website1\/","name":"Bursa Erotik Shop","description":"Bursa Erotik Shop ile g\u00fcvenli, gizli ve kaliteli yeti\u015fkin \u00fcr\u00fcnleri al\u0131\u015fveri\u015fi! Geni\u015f \u00fcr\u00fcn yelpazemizi ke\u015ffedin, hemen sipari\u015f verin","publisher":{"@id":"https:\/\/hobierotikshop.com.tr\/website1\/#organization"},"alternateName":"Erotik Shop","potentialAction":[{"@type":"SearchAction","target":{"@type":"EntryPoint","urlTemplate":"https:\/\/hobierotikshop.com.tr\/website1\/?s={search_term_string}"},"query-input":{"@type":"PropertyValueSpecification","valueRequired":true,"valueName":"search_term_string"}}],"inLanguage":"tr"},{"@type":"Organization","@id":"https:\/\/hobierotikshop.com.tr\/website1\/#organization","name":"Harem Bursa Erotik Shop","url":"https:\/\/hobierotikshop.com.tr\/website1\/","logo":{"@type":"ImageObject","inLanguage":"tr","@id":"https:\/\/hobierotikshop.com.tr\/website1\/#\/schema\/logo\/image\/","url":"https:\/\/haremerotikshop.com\/site\/wp-content\/uploads\/2025\/03\/haremsexshop.png","contentUrl":"https:\/\/haremerotikshop.com\/site\/wp-content\/uploads\/2025\/03\/haremsexshop.png","width":400,"height":100,"caption":"Harem Bursa Erotik Shop"},"image":{"@id":"https:\/\/hobierotikshop.com.tr\/website1\/#\/schema\/logo\/image\/"},"sameAs":["https:\/\/x.com\/shopbursa"],"publishingPrinciples":"https:\/\/hobierotikshop.com.tr\/website1\/mesafeli-satis-sozlesmesi\/","ownershipFundingInfo":"https:\/\/hobierotikshop.com.tr\/website1\/contact-us\/","actionableFeedbackPolicy":"https:\/\/hobierotikshop.com.tr\/website1\/contact-us\/","correctionsPolicy":"https:\/\/hobierotikshop.com.tr\/website1\/mesafeli-satis-sozlesmesi\/"}]},"product_price_amount":"4260.00","product_price_currency":"TRY","og_availability":"out of stock","product_availability":"out of stock","product_retailer_item_id":"BDM1258","product_condition":"new"},"_links":{"self":[{"href":"https:\/\/haremerotikshop.com\/site\/wp-json\/wp\/v2\/product\/43422","targetHints":{"allow":["GET"]}}],"collection":[{"href":"https:\/\/haremerotikshop.com\/site\/wp-json\/wp\/v2\/product"}],"about":[{"href":"https:\/\/haremerotikshop.com\/site\/wp-json\/wp\/v2\/types\/product"}],"replies":[{"embeddable":true,"href":"https:\/\/haremerotikshop.com\/site\/wp-json\/wp\/v2\/comments?post=43422"}],"version-history":[{"count":0,"href":"https:\/\/haremerotikshop.com\/site\/wp-json\/wp\/v2\/product\/43422\/revisions"}],"wp:featuredmedia":[{"embeddable":true,"href":"https:\/\/haremerotikshop.com\/site\/wp-json\/wp\/v2\/media\/43424"}],"wp:attachment":[{"href":"https:\/\/haremerotikshop.com\/site\/wp-json\/wp\/v2\/media?parent=43422"}],"wp:term":[{"taxonomy":"product_brand","embeddable":true,"href":"https:\/\/haremerotikshop.com\/site\/wp-json\/wp\/v2\/product_brand?post=43422"},{"taxonomy":"product_cat","embeddable":true,"href":"https:\/\/haremerotikshop.com\/site\/wp-json\/wp\/v2\/product_cat?post=43422"},{"taxonomy":"product_tag","embeddable":true,"href":"https:\/\/haremerotikshop.com\/site\/wp-json\/wp\/v2\/product_tag?post=43422"}],"curies":[{"name":"wp","href":"https:\/\/api.w.org\/{rel}","templated":true}]}}