{"id":43436,"date":"2025-04-26T16:43:50","date_gmt":"2025-04-26T13:43:50","guid":{"rendered":"https:\/\/haremerotikshop.com\/site\/erotik-shop-urun\/30-fonksiyonlu-uzaktan-kumandali-titresimli-teknolojik-camasir-alti-vibrator-penis\/"},"modified":"2026-01-08T17:00:40","modified_gmt":"2026-01-08T14:00:40","slug":"30-fonksiyonlu-uzaktan-kumandali-titresimli-teknolojik-camasir-alti-vibrator-penis","status":"publish","type":"product","link":"https:\/\/haremerotikshop.com\/site\/erotik-shop-urun\/30-fonksiyonlu-uzaktan-kumandali-titresimli-teknolojik-camasir-alti-vibrator-penis\/","title":{"rendered":"30 Fonksiyonlu Uzaktan Kumandal\u0131 Titre\u015fimli Teknolojik \u00c7ama\u015f\u0131r Alt\u0131 Vibrat\u00f6r Penis"},"content":{"rendered":"<h2 class=\"\" data-start=\"67\" data-end=\"156\"><strong data-start=\"70\" data-end=\"156\">30 Fonksiyonlu Uzaktan Kumandal\u0131 Titre\u015fimli Teknolojik \u00c7ama\u015f\u0131r Alt\u0131 Vibrat\u00f6r Penis<\/strong><\/h2>\n<p class=\"\" data-start=\"158\" data-end=\"584\"><strong data-start=\"158\" data-end=\"205\">Zevk ve fantezilerinizi yeniden tan\u0131mlay\u0131n!<\/strong> 30 farkl\u0131 titre\u015fim fonksiyonu ve uzaktan kumanda \u00f6zelli\u011fi ile kullan\u0131m\u0131 kolay ve e\u011flenceli bir deneyim sunan <strong data-start=\"315\" data-end=\"346\">\u00c7ama\u015f\u0131r Alt\u0131 Vibrat\u00f6r Penis<\/strong>, hem klitoral hem de vajinal uyar\u0131m i\u00e7in ideal bir se\u00e7imdir. Su ge\u00e7irmez \u00f6zelli\u011fi, esnek silikon yap\u0131s\u0131 ve kaliteli malzeme kullan\u0131m\u0131 ile t\u00fcm ihtiya\u00e7lar\u0131n\u0131za cevap verir. Gizli ve g\u00fc\u00e7l\u00fc fonksiyonlar\u0131 ile m\u00fckemmel bir haz garantisi verir.<\/p>\n<hr class=\"\" data-start=\"586\" data-end=\"589\" \/>\n<h3 class=\"\" data-start=\"591\" data-end=\"616\"><strong data-start=\"595\" data-end=\"616\">\u00dcr\u00fcn \u00d6zellikleri:<\/strong><\/h3>\n<p class=\"\" data-start=\"618\" data-end=\"1638\">\ud83d\udd39 <strong data-start=\"621\" data-end=\"654\">30 Farkl\u0131 Titre\u015fim Fonksiyonu<\/strong> \u2013 Zevkinize g\u00f6re \u00f6zelle\u015ftirebilece\u011finiz 30 farkl\u0131 titre\u015fim modu ile en y\u00fcksek hazz\u0131 ya\u015fay\u0131n.<br data-start=\"747\" data-end=\"750\" \/>\ud83d\udd39 <strong data-start=\"753\" data-end=\"774\">Uzaktan Kumandal\u0131<\/strong> \u2013 Kolay ve pratik kullan\u0131m i\u00e7in uzaktan kumanda sayesinde titre\u015fim fonksiyonlar\u0131n\u0131 diledi\u011finiz gibi kontrol edebilirsiniz.<br data-start=\"897\" data-end=\"900\" \/>\ud83d\udd39 <strong data-start=\"903\" data-end=\"923\">Gizli Fanteziler<\/strong> \u2013 \u00dcr\u00fcn\u00fcn gizli tasar\u0131m\u0131 sayesinde, fantezilerinizi rahatl\u0131kla ya\u015fayabilir, kontrol tamamen sizde olur.<br data-start=\"1026\" data-end=\"1029\" \/>\ud83d\udd39 <strong data-start=\"1032\" data-end=\"1054\">Esnek Silikon Yap\u0131<\/strong> \u2013 Penis k\u0131sm\u0131, esnek silikon yap\u0131s\u0131yla rahat ve konforlu bir kullan\u0131m sunar.<br data-start=\"1131\" data-end=\"1134\" \/>\ud83d\udd39 <strong data-start=\"1137\" data-end=\"1160\">Su Ge\u00e7irmez \u00d6zellik<\/strong> \u2013 \u00dcr\u00fcn, su ge\u00e7irmez yap\u0131s\u0131 sayesinde du\u015fta veya banyo s\u0131ras\u0131nda rahat\u00e7a kullan\u0131labilir.<br data-start=\"1248\" data-end=\"1251\" \/>\ud83d\udd39 <strong data-start=\"1254\" data-end=\"1276\">Cilt Dostu Malzeme<\/strong> \u2013 \u00dcr\u00fcn, v\u00fccuda dost, hipoalerjenik ve kaliteli silikon malzemeden \u00fcretilmi\u015ftir.<br data-start=\"1356\" data-end=\"1359\" \/>\ud83d\udd39 <strong data-start=\"1362\" data-end=\"1380\">Kolay Temizlik<\/strong> \u2013 Hijyenik ve kullan\u0131c\u0131 dostu tasar\u0131m\u0131 ile kolayca temizlenebilir.<br data-start=\"1447\" data-end=\"1450\" \/>\ud83d\udd39 <strong data-start=\"1453\" data-end=\"1465\">Boyutlar<\/strong> \u2013 Uzunluk: 12.2 cm, Titre\u015fim Ba\u015fl\u0131k \u00c7ap\u0131: 2.9 cm, A\u011f\u0131rl\u0131k: 120 gr.<br data-start=\"1532\" data-end=\"1535\" \/>\ud83d\udd39 <strong data-start=\"1538\" data-end=\"1575\">Hem Klitoral Hem Vajinal Kullan\u0131m<\/strong> \u2013 \u00c7ok y\u00f6nl\u00fc kullan\u0131m sayesinde her iki b\u00f6lge i\u00e7in de uygundur.<\/p>\n<hr class=\"\" data-start=\"1640\" data-end=\"1643\" \/>\n<h3 class=\"\" data-start=\"1645\" data-end=\"1686\"><strong data-start=\"1649\" data-end=\"1686\">Kullan\u0131m ve Temizlik Talimatlar\u0131:<\/strong><\/h3>\n<p class=\"\" data-start=\"1688\" data-end=\"2090\">\ud83e\uddfc <strong data-start=\"1691\" data-end=\"1704\">Temizlik:<\/strong> \u00dcr\u00fcn\u00fc her kullan\u0131mdan sonra \u0131l\u0131k su ve sabun ile temizleyerek hijyenik bir kullan\u0131m sa\u011flayabilirsiniz.<br data-start=\"1807\" data-end=\"1810\" \/>\u26a1 <strong data-start=\"1812\" data-end=\"1832\">\u015earj ve Batarya:<\/strong> Cihazda \u015farj edilebilir \u00f6zellik bulunmamaktad\u0131r, ancak kullan\u0131m \u00f6mr\u00fc olduk\u00e7a uzundur.<br data-start=\"1918\" data-end=\"1921\" \/>\ud83d\udca7 <strong data-start=\"1924\" data-end=\"1943\">Su Ge\u00e7irmezlik:<\/strong> Su alt\u0131nda g\u00fcvenle kullan\u0131labilir.<br data-start=\"1978\" data-end=\"1981\" \/>\ud83d\udd0b <strong data-start=\"1984\" data-end=\"2009\">Uzun S\u00fcreli Kullan\u0131m:<\/strong> G\u00fc\u00e7l\u00fc titre\u015fim motoru ve 30 fonksiyon ile uzun s\u00fcreli keyifli kullan\u0131m deneyimi.<\/p>\n<hr class=\"\" data-start=\"2092\" data-end=\"2095\" \/>\n<h3 class=\"\" data-start=\"2097\" data-end=\"2131\"><strong data-start=\"2101\" data-end=\"2131\">Gizli ve G\u00fcvenli Teslimat:<\/strong><\/h3>\n<p class=\"\" data-start=\"2133\" data-end=\"2453\"><strong data-start=\"2133\" data-end=\"2156\">Discreet Paketleme:<\/strong> \u00dcr\u00fcn gizli ve kapal\u0131 paket i\u00e7inde g\u00f6nderilir. \u0130\u00e7eri\u011fi d\u0131\u015far\u0131dan anla\u015f\u0131lmaz, tamamen gizlilik \u00f6n planda tutulur.<br data-start=\"2268\" data-end=\"2271\" \/><strong data-start=\"2271\" data-end=\"2295\">Kap\u0131da \u00d6deme \u0130mkan\u0131:<\/strong> Kolay \u00f6deme se\u00e7enekleri ile kap\u0131da \u00f6deme yapabilirsiniz.<br data-start=\"2352\" data-end=\"2355\" \/><strong data-start=\"2355\" data-end=\"2385\">H\u0131zl\u0131 ve G\u00fcvenli Teslimat:<\/strong> Sipari\u015finiz, h\u0131zl\u0131 ve g\u00fcvenli bir \u015fekilde adresinize teslim edilir.<\/p>\n<hr class=\"\" data-start=\"2455\" data-end=\"2458\" \/>\n<h3 class=\"\" data-start=\"2460\" data-end=\"2486\"><strong data-start=\"2464\" data-end=\"2486\">\u00d6deme Se\u00e7enekleri:<\/strong><\/h3>\n<ul data-start=\"2488\" data-end=\"2748\">\n<li class=\"\" data-start=\"2488\" data-end=\"2573\">\n<p class=\"\" data-start=\"2490\" data-end=\"2573\"><strong data-start=\"2490\" data-end=\"2507\">Kap\u0131da \u00d6deme:<\/strong> Nakit veya kredi kart\u0131 ile kap\u0131da \u00f6deme se\u00e7ene\u011fi sunulmaktad\u0131r.<\/p>\n<\/li>\n<li class=\"\" data-start=\"2574\" data-end=\"2685\">\n<p class=\"\" data-start=\"2576\" data-end=\"2685\"><strong data-start=\"2576\" data-end=\"2614\">Kredi Kart\u0131 ile G\u00fcvenli Al\u0131\u015fveri\u015f:<\/strong> Online g\u00fcvenli \u00f6deme se\u00e7enekleri ile i\u015fleminizi tamamlayabilirsiniz.<\/p>\n<\/li>\n<li class=\"\" data-start=\"2686\" data-end=\"2748\">\n<p class=\"\" data-start=\"2688\" data-end=\"2748\"><strong data-start=\"2688\" data-end=\"2707\">Banka Havalesi:<\/strong> Banka havalesi ile \u00f6deme yapabilirsiniz.<\/p>\n<\/li>\n<\/ul>\n<hr class=\"\" data-start=\"2750\" data-end=\"2753\" \/>\n<h2 class=\"\" data-start=\"2755\" data-end=\"2791\"><strong data-start=\"2758\" data-end=\"2791\">Gizlili\u011finize \u00d6nem Veriyoruz!<\/strong><\/h2>\n<p class=\"\" data-start=\"2793\" data-end=\"3088\"><strong data-start=\"2793\" data-end=\"2879\">30 Fonksiyonlu Uzaktan Kumandal\u0131 Titre\u015fimli Teknolojik \u00c7ama\u015f\u0131r Alt\u0131 Vibrat\u00f6r Penis<\/strong> ile kendinizi ve partnerinizi e\u015fsiz bir deneyime davet edin. Bu y\u00fcksek kaliteli, esnek ve \u00e7ok fonksiyonlu \u00fcr\u00fcn, her kullan\u0131mda fark yaratacak. Rahat, pratik ve e\u011flenceli bir deneyim i\u00e7in hemen \u015fimdi ke\u015ffedin!<\/p>\n<p>&nbsp;<\/p>\n<p>&nbsp;<\/p>\n<p><a href=\"http:\/\/api.whatsapp.com\/send?phone=905304676616&amp;text=Sipari%C5%9F%20Vermek%20%C4%B0stiyorum%20haremshop%20BDM1260\"><img fetchpriority=\"high\" decoding=\"async\" class=\"alignnone\" src=\"https:\/\/static.ticimax.cloud\/32886\/uploads\/editoruploads\/whatsapp-destek-hatti.gif\" alt=\"\" width=\"750\" height=\"117\" \/><\/a><\/p>\n","protected":false},"excerpt":{"rendered":"<p><strong data-start=\"158\" data-end=\"205\">Zevk ve fantezilerinizi yeniden tan\u0131mlay\u0131n!<\/strong> 30 farkl\u0131 titre\u015fim fonksiyonu ve uzaktan kumanda \u00f6zelli\u011fi ile kullan\u0131m\u0131 kolay ve e\u011flenceli bir deneyim sunan <strong data-start=\"315\" data-end=\"346\">\u00c7ama\u015f\u0131r Alt\u0131 Vibrat\u00f6r Penis<\/strong>, hem klitoral hem de vajinal uyar\u0131m i\u00e7in ideal bir se\u00e7imdir. Su ge\u00e7irmez \u00f6zelli\u011fi, esnek silikon yap\u0131s\u0131 ve kaliteli malzeme kullan\u0131m\u0131 ile t\u00fcm ihtiya\u00e7lar\u0131n\u0131za cevap verir. Gizli ve g\u00fc\u00e7l\u00fc fonksiyonlar\u0131 ile m\u00fckemmel bir haz garantisi verir.<\/p>\n","protected":false},"featured_media":43438,"comment_status":"closed","ping_status":"closed","template":"","meta":[],"product_brand":[],"product_cat":[496],"product_tag":[],"class_list":{"0":"post-43436","1":"product","2":"type-product","3":"status-publish","4":"has-post-thumbnail","6":"product_cat-vibrator-cesitleri","8":"first","9":"instock","10":"purchasable","11":"product-type-simple"},"yoast_head":"<!-- This site is optimized with the Yoast SEO Premium plugin v24.4 (Yoast SEO v27.1.1) - https:\/\/yoast.com\/product\/yoast-seo-premium-wordpress\/ -->\n<title>30 Fonksiyonlu Uzaktan Kumandal\u0131 Titre\u015fimli Teknolojik \u00c7ama\u015f\u0131r Alt\u0131 Vibrat\u00f6r Penis - Bursa Erotik Shop<\/title>\n<meta name=\"robots\" content=\"index, follow, max-snippet:-1, max-image-preview:large, max-video-preview:-1\" \/>\n<link rel=\"canonical\" href=\"https:\/\/hobierotikshop.com.tr\/website1\/erotik-shop-urun\/30-fonksiyonlu-uzaktan-kumandali-titresimli-teknolojik-camasir-alti-vibrator-penis\/\" \/>\n<meta property=\"og:locale\" content=\"tr_TR\" \/>\n<meta property=\"og:type\" content=\"article\" \/>\n<meta property=\"og:title\" content=\"30 Fonksiyonlu Uzaktan Kumandal\u0131 Titre\u015fimli Teknolojik \u00c7ama\u015f\u0131r Alt\u0131 Vibrat\u00f6r Penis\" \/>\n<meta property=\"og:description\" content=\"Zevk ve fantezilerinizi yeniden tan\u0131mlay\u0131n! 30 farkl\u0131 titre\u015fim fonksiyonu ve uzaktan kumanda \u00f6zelli\u011fi ile kullan\u0131m\u0131 kolay ve e\u011flenceli bir deneyim sunan \u00c7ama\u015f\u0131r Alt\u0131 Vibrat\u00f6r Penis, hem klitoral hem de vajinal uyar\u0131m i\u00e7in ideal bir se\u00e7imdir. Su ge\u00e7irmez \u00f6zelli\u011fi, esnek silikon yap\u0131s\u0131 ve kaliteli malzeme kullan\u0131m\u0131 ile t\u00fcm ihtiya\u00e7lar\u0131n\u0131za cevap verir. Gizli ve g\u00fc\u00e7l\u00fc fonksiyonlar\u0131 ile m\u00fckemmel bir haz garantisi verir.\" \/>\n<meta property=\"og:url\" content=\"https:\/\/hobierotikshop.com.tr\/website1\/erotik-shop-urun\/30-fonksiyonlu-uzaktan-kumandali-titresimli-teknolojik-camasir-alti-vibrator-penis\/\" \/>\n<meta property=\"og:site_name\" content=\"Bursa Erotik Shop\" \/>\n<meta property=\"article:modified_time\" content=\"2026-01-08T14:00:40+00:00\" \/>\n<meta property=\"og:image\" content=\"https:\/\/hobierotikshop.com.tr\/website1\/wp-content\/uploads\/2025\/04\/30-fonksiyonlu-uzaktan-kumandali-titre-a71-96.jpg\" \/>\n\t<meta property=\"og:image:width\" content=\"455\" \/>\n\t<meta property=\"og:image:height\" content=\"455\" \/>\n\t<meta property=\"og:image:type\" content=\"image\/jpeg\" \/>\n<meta name=\"twitter:card\" content=\"summary_large_image\" \/>\n<meta name=\"twitter:site\" content=\"@shopbursa\" \/>\n<meta name=\"twitter:label1\" content=\"Fiyat\" \/>\n\t<meta name=\"twitter:data1\" content=\"&#8378;4.000,00\" \/>\n\t<meta name=\"twitter:label2\" content=\"Availability\" \/>\n\t<meta name=\"twitter:data2\" content=\"In stock\" \/>\n<script type=\"application\/ld+json\" class=\"yoast-schema-graph\">{\"@context\":\"https:\/\/schema.org\",\"@graph\":[{\"@type\":\"WebPage\",\"@id\":\"https:\/\/hobierotikshop.com.tr\/website1\/erotik-shop-urun\/30-fonksiyonlu-uzaktan-kumandali-titresimli-teknolojik-camasir-alti-vibrator-penis\/\",\"url\":\"https:\/\/hobierotikshop.com.tr\/website1\/erotik-shop-urun\/30-fonksiyonlu-uzaktan-kumandali-titresimli-teknolojik-camasir-alti-vibrator-penis\/\",\"name\":\"30 Fonksiyonlu Uzaktan Kumandal\u0131 Titre\u015fimli Teknolojik \u00c7ama\u015f\u0131r Alt\u0131 Vibrat\u00f6r Penis - Bursa Erotik Shop\",\"isPartOf\":{\"@id\":\"https:\/\/hobierotikshop.com.tr\/website1\/#website\"},\"primaryImageOfPage\":{\"@id\":\"https:\/\/hobierotikshop.com.tr\/website1\/erotik-shop-urun\/30-fonksiyonlu-uzaktan-kumandali-titresimli-teknolojik-camasir-alti-vibrator-penis\/#primaryimage\"},\"image\":{\"@id\":\"https:\/\/hobierotikshop.com.tr\/website1\/erotik-shop-urun\/30-fonksiyonlu-uzaktan-kumandali-titresimli-teknolojik-camasir-alti-vibrator-penis\/#primaryimage\"},\"thumbnailUrl\":\"https:\/\/haremerotikshop.com\/site\/wp-content\/uploads\/2025\/04\/30-fonksiyonlu-uzaktan-kumandali-titre-a71-96.jpg\",\"datePublished\":\"2025-04-26T13:43:50+00:00\",\"dateModified\":\"2026-01-08T14:00:40+00:00\",\"breadcrumb\":{\"@id\":\"https:\/\/hobierotikshop.com.tr\/website1\/erotik-shop-urun\/30-fonksiyonlu-uzaktan-kumandali-titresimli-teknolojik-camasir-alti-vibrator-penis\/#breadcrumb\"},\"inLanguage\":\"tr\",\"potentialAction\":[{\"@type\":\"ReadAction\",\"target\":[\"https:\/\/hobierotikshop.com.tr\/website1\/erotik-shop-urun\/30-fonksiyonlu-uzaktan-kumandali-titresimli-teknolojik-camasir-alti-vibrator-penis\/\"]}]},{\"@type\":\"ImageObject\",\"inLanguage\":\"tr\",\"@id\":\"https:\/\/hobierotikshop.com.tr\/website1\/erotik-shop-urun\/30-fonksiyonlu-uzaktan-kumandali-titresimli-teknolojik-camasir-alti-vibrator-penis\/#primaryimage\",\"url\":\"https:\/\/haremerotikshop.com\/site\/wp-content\/uploads\/2025\/04\/30-fonksiyonlu-uzaktan-kumandali-titre-a71-96.jpg\",\"contentUrl\":\"https:\/\/haremerotikshop.com\/site\/wp-content\/uploads\/2025\/04\/30-fonksiyonlu-uzaktan-kumandali-titre-a71-96.jpg\",\"width\":455,\"height\":455},{\"@type\":\"BreadcrumbList\",\"@id\":\"https:\/\/hobierotikshop.com.tr\/website1\/erotik-shop-urun\/30-fonksiyonlu-uzaktan-kumandali-titresimli-teknolojik-camasir-alti-vibrator-penis\/#breadcrumb\",\"itemListElement\":[{\"@type\":\"ListItem\",\"position\":1,\"name\":\"Anasayfa\",\"item\":\"https:\/\/hobierotikshop.com.tr\/website1\/\"},{\"@type\":\"ListItem\",\"position\":2,\"name\":\"Erotik Shop \u00dcr\u00fcnleri\",\"item\":\"https:\/\/hobierotikshop.com.tr\/website1\/shop\/\"},{\"@type\":\"ListItem\",\"position\":3,\"name\":\"30 Fonksiyonlu Uzaktan Kumandal\u0131 Titre\u015fimli Teknolojik \u00c7ama\u015f\u0131r Alt\u0131 Vibrat\u00f6r Penis\"}]},{\"@type\":\"WebSite\",\"@id\":\"https:\/\/hobierotikshop.com.tr\/website1\/#website\",\"url\":\"https:\/\/hobierotikshop.com.tr\/website1\/\",\"name\":\"Bursa Erotik Shop\",\"description\":\"Bursa Erotik Shop ile g\u00fcvenli, gizli ve kaliteli yeti\u015fkin \u00fcr\u00fcnleri al\u0131\u015fveri\u015fi! Geni\u015f \u00fcr\u00fcn yelpazemizi ke\u015ffedin, hemen sipari\u015f verin\",\"publisher\":{\"@id\":\"https:\/\/hobierotikshop.com.tr\/website1\/#organization\"},\"alternateName\":\"Erotik Shop\",\"potentialAction\":[{\"@type\":\"SearchAction\",\"target\":{\"@type\":\"EntryPoint\",\"urlTemplate\":\"https:\/\/hobierotikshop.com.tr\/website1\/?s={search_term_string}\"},\"query-input\":{\"@type\":\"PropertyValueSpecification\",\"valueRequired\":true,\"valueName\":\"search_term_string\"}}],\"inLanguage\":\"tr\"},{\"@type\":\"Organization\",\"@id\":\"https:\/\/hobierotikshop.com.tr\/website1\/#organization\",\"name\":\"Harem Bursa Erotik Shop\",\"url\":\"https:\/\/hobierotikshop.com.tr\/website1\/\",\"logo\":{\"@type\":\"ImageObject\",\"inLanguage\":\"tr\",\"@id\":\"https:\/\/hobierotikshop.com.tr\/website1\/#\/schema\/logo\/image\/\",\"url\":\"https:\/\/haremerotikshop.com\/site\/wp-content\/uploads\/2025\/03\/haremsexshop.png\",\"contentUrl\":\"https:\/\/haremerotikshop.com\/site\/wp-content\/uploads\/2025\/03\/haremsexshop.png\",\"width\":400,\"height\":100,\"caption\":\"Harem Bursa Erotik Shop\"},\"image\":{\"@id\":\"https:\/\/hobierotikshop.com.tr\/website1\/#\/schema\/logo\/image\/\"},\"sameAs\":[\"https:\/\/x.com\/shopbursa\"],\"publishingPrinciples\":\"https:\/\/hobierotikshop.com.tr\/website1\/mesafeli-satis-sozlesmesi\/\",\"ownershipFundingInfo\":\"https:\/\/hobierotikshop.com.tr\/website1\/contact-us\/\",\"actionableFeedbackPolicy\":\"https:\/\/hobierotikshop.com.tr\/website1\/contact-us\/\",\"correctionsPolicy\":\"https:\/\/hobierotikshop.com.tr\/website1\/mesafeli-satis-sozlesmesi\/\"}]}<\/script>\n<meta property=\"product:price:amount\" content=\"4000.00\" \/>\n<meta property=\"product:price:currency\" content=\"TRY\" \/>\n<meta property=\"og:availability\" content=\"instock\" \/>\n<meta property=\"product:availability\" content=\"instock\" \/>\n<meta property=\"product:retailer_item_id\" content=\"BDM1260\" \/>\n<meta property=\"product:condition\" content=\"new\" \/>\n<!-- \/ Yoast SEO Premium plugin. -->","yoast_head_json":{"title":"30 Fonksiyonlu Uzaktan Kumandal\u0131 Titre\u015fimli Teknolojik \u00c7ama\u015f\u0131r Alt\u0131 Vibrat\u00f6r Penis - Bursa Erotik Shop","robots":{"index":"index","follow":"follow","max-snippet":"max-snippet:-1","max-image-preview":"max-image-preview:large","max-video-preview":"max-video-preview:-1"},"canonical":"https:\/\/hobierotikshop.com.tr\/website1\/erotik-shop-urun\/30-fonksiyonlu-uzaktan-kumandali-titresimli-teknolojik-camasir-alti-vibrator-penis\/","og_locale":"tr_TR","og_type":"article","og_title":"30 Fonksiyonlu Uzaktan Kumandal\u0131 Titre\u015fimli Teknolojik \u00c7ama\u015f\u0131r Alt\u0131 Vibrat\u00f6r Penis","og_description":"Zevk ve fantezilerinizi yeniden tan\u0131mlay\u0131n! 30 farkl\u0131 titre\u015fim fonksiyonu ve uzaktan kumanda \u00f6zelli\u011fi ile kullan\u0131m\u0131 kolay ve e\u011flenceli bir deneyim sunan \u00c7ama\u015f\u0131r Alt\u0131 Vibrat\u00f6r Penis, hem klitoral hem de vajinal uyar\u0131m i\u00e7in ideal bir se\u00e7imdir. Su ge\u00e7irmez \u00f6zelli\u011fi, esnek silikon yap\u0131s\u0131 ve kaliteli malzeme kullan\u0131m\u0131 ile t\u00fcm ihtiya\u00e7lar\u0131n\u0131za cevap verir. Gizli ve g\u00fc\u00e7l\u00fc fonksiyonlar\u0131 ile m\u00fckemmel bir haz garantisi verir.","og_url":"https:\/\/hobierotikshop.com.tr\/website1\/erotik-shop-urun\/30-fonksiyonlu-uzaktan-kumandali-titresimli-teknolojik-camasir-alti-vibrator-penis\/","og_site_name":"Bursa Erotik Shop","article_modified_time":"2026-01-08T14:00:40+00:00","og_image":[{"width":455,"height":455,"url":"https:\/\/hobierotikshop.com.tr\/website1\/wp-content\/uploads\/2025\/04\/30-fonksiyonlu-uzaktan-kumandali-titre-a71-96.jpg","type":"image\/jpeg"}],"twitter_card":"summary_large_image","twitter_site":"@shopbursa","twitter_misc":{"Fiyat":"&#8378;4.000,00","Availability":"In stock"},"schema":{"@context":"https:\/\/schema.org","@graph":[{"@type":"WebPage","@id":"https:\/\/hobierotikshop.com.tr\/website1\/erotik-shop-urun\/30-fonksiyonlu-uzaktan-kumandali-titresimli-teknolojik-camasir-alti-vibrator-penis\/","url":"https:\/\/hobierotikshop.com.tr\/website1\/erotik-shop-urun\/30-fonksiyonlu-uzaktan-kumandali-titresimli-teknolojik-camasir-alti-vibrator-penis\/","name":"30 Fonksiyonlu Uzaktan Kumandal\u0131 Titre\u015fimli Teknolojik \u00c7ama\u015f\u0131r Alt\u0131 Vibrat\u00f6r Penis - Bursa Erotik Shop","isPartOf":{"@id":"https:\/\/hobierotikshop.com.tr\/website1\/#website"},"primaryImageOfPage":{"@id":"https:\/\/hobierotikshop.com.tr\/website1\/erotik-shop-urun\/30-fonksiyonlu-uzaktan-kumandali-titresimli-teknolojik-camasir-alti-vibrator-penis\/#primaryimage"},"image":{"@id":"https:\/\/hobierotikshop.com.tr\/website1\/erotik-shop-urun\/30-fonksiyonlu-uzaktan-kumandali-titresimli-teknolojik-camasir-alti-vibrator-penis\/#primaryimage"},"thumbnailUrl":"https:\/\/haremerotikshop.com\/site\/wp-content\/uploads\/2025\/04\/30-fonksiyonlu-uzaktan-kumandali-titre-a71-96.jpg","datePublished":"2025-04-26T13:43:50+00:00","dateModified":"2026-01-08T14:00:40+00:00","breadcrumb":{"@id":"https:\/\/hobierotikshop.com.tr\/website1\/erotik-shop-urun\/30-fonksiyonlu-uzaktan-kumandali-titresimli-teknolojik-camasir-alti-vibrator-penis\/#breadcrumb"},"inLanguage":"tr","potentialAction":[{"@type":"ReadAction","target":["https:\/\/hobierotikshop.com.tr\/website1\/erotik-shop-urun\/30-fonksiyonlu-uzaktan-kumandali-titresimli-teknolojik-camasir-alti-vibrator-penis\/"]}]},{"@type":"ImageObject","inLanguage":"tr","@id":"https:\/\/hobierotikshop.com.tr\/website1\/erotik-shop-urun\/30-fonksiyonlu-uzaktan-kumandali-titresimli-teknolojik-camasir-alti-vibrator-penis\/#primaryimage","url":"https:\/\/haremerotikshop.com\/site\/wp-content\/uploads\/2025\/04\/30-fonksiyonlu-uzaktan-kumandali-titre-a71-96.jpg","contentUrl":"https:\/\/haremerotikshop.com\/site\/wp-content\/uploads\/2025\/04\/30-fonksiyonlu-uzaktan-kumandali-titre-a71-96.jpg","width":455,"height":455},{"@type":"BreadcrumbList","@id":"https:\/\/hobierotikshop.com.tr\/website1\/erotik-shop-urun\/30-fonksiyonlu-uzaktan-kumandali-titresimli-teknolojik-camasir-alti-vibrator-penis\/#breadcrumb","itemListElement":[{"@type":"ListItem","position":1,"name":"Anasayfa","item":"https:\/\/hobierotikshop.com.tr\/website1\/"},{"@type":"ListItem","position":2,"name":"Erotik Shop \u00dcr\u00fcnleri","item":"https:\/\/hobierotikshop.com.tr\/website1\/shop\/"},{"@type":"ListItem","position":3,"name":"30 Fonksiyonlu Uzaktan Kumandal\u0131 Titre\u015fimli Teknolojik \u00c7ama\u015f\u0131r Alt\u0131 Vibrat\u00f6r Penis"}]},{"@type":"WebSite","@id":"https:\/\/hobierotikshop.com.tr\/website1\/#website","url":"https:\/\/hobierotikshop.com.tr\/website1\/","name":"Bursa Erotik Shop","description":"Bursa Erotik Shop ile g\u00fcvenli, gizli ve kaliteli yeti\u015fkin \u00fcr\u00fcnleri al\u0131\u015fveri\u015fi! Geni\u015f \u00fcr\u00fcn yelpazemizi ke\u015ffedin, hemen sipari\u015f verin","publisher":{"@id":"https:\/\/hobierotikshop.com.tr\/website1\/#organization"},"alternateName":"Erotik Shop","potentialAction":[{"@type":"SearchAction","target":{"@type":"EntryPoint","urlTemplate":"https:\/\/hobierotikshop.com.tr\/website1\/?s={search_term_string}"},"query-input":{"@type":"PropertyValueSpecification","valueRequired":true,"valueName":"search_term_string"}}],"inLanguage":"tr"},{"@type":"Organization","@id":"https:\/\/hobierotikshop.com.tr\/website1\/#organization","name":"Harem Bursa Erotik Shop","url":"https:\/\/hobierotikshop.com.tr\/website1\/","logo":{"@type":"ImageObject","inLanguage":"tr","@id":"https:\/\/hobierotikshop.com.tr\/website1\/#\/schema\/logo\/image\/","url":"https:\/\/haremerotikshop.com\/site\/wp-content\/uploads\/2025\/03\/haremsexshop.png","contentUrl":"https:\/\/haremerotikshop.com\/site\/wp-content\/uploads\/2025\/03\/haremsexshop.png","width":400,"height":100,"caption":"Harem Bursa Erotik Shop"},"image":{"@id":"https:\/\/hobierotikshop.com.tr\/website1\/#\/schema\/logo\/image\/"},"sameAs":["https:\/\/x.com\/shopbursa"],"publishingPrinciples":"https:\/\/hobierotikshop.com.tr\/website1\/mesafeli-satis-sozlesmesi\/","ownershipFundingInfo":"https:\/\/hobierotikshop.com.tr\/website1\/contact-us\/","actionableFeedbackPolicy":"https:\/\/hobierotikshop.com.tr\/website1\/contact-us\/","correctionsPolicy":"https:\/\/hobierotikshop.com.tr\/website1\/mesafeli-satis-sozlesmesi\/"}]},"product_price_amount":"4000.00","product_price_currency":"TRY","og_availability":"instock","product_availability":"instock","product_retailer_item_id":"BDM1260","product_condition":"new"},"_links":{"self":[{"href":"https:\/\/haremerotikshop.com\/site\/wp-json\/wp\/v2\/product\/43436","targetHints":{"allow":["GET"]}}],"collection":[{"href":"https:\/\/haremerotikshop.com\/site\/wp-json\/wp\/v2\/product"}],"about":[{"href":"https:\/\/haremerotikshop.com\/site\/wp-json\/wp\/v2\/types\/product"}],"replies":[{"embeddable":true,"href":"https:\/\/haremerotikshop.com\/site\/wp-json\/wp\/v2\/comments?post=43436"}],"version-history":[{"count":0,"href":"https:\/\/haremerotikshop.com\/site\/wp-json\/wp\/v2\/product\/43436\/revisions"}],"wp:featuredmedia":[{"embeddable":true,"href":"https:\/\/haremerotikshop.com\/site\/wp-json\/wp\/v2\/media\/43438"}],"wp:attachment":[{"href":"https:\/\/haremerotikshop.com\/site\/wp-json\/wp\/v2\/media?parent=43436"}],"wp:term":[{"taxonomy":"product_brand","embeddable":true,"href":"https:\/\/haremerotikshop.com\/site\/wp-json\/wp\/v2\/product_brand?post=43436"},{"taxonomy":"product_cat","embeddable":true,"href":"https:\/\/haremerotikshop.com\/site\/wp-json\/wp\/v2\/product_cat?post=43436"},{"taxonomy":"product_tag","embeddable":true,"href":"https:\/\/haremerotikshop.com\/site\/wp-json\/wp\/v2\/product_tag?post=43436"}],"curies":[{"name":"wp","href":"https:\/\/api.w.org\/{rel}","templated":true}]}}