{"id":43485,"date":"2025-04-26T16:43:50","date_gmt":"2025-04-26T13:43:50","guid":{"rendered":"https:\/\/haremerotikshop.com\/site\/erotik-shop-urun\/usb-sarjli-uzaktan-kumandali-12-titresim-3-ileri-geri-hareketli-vibrator\/"},"modified":"2026-01-09T02:59:33","modified_gmt":"2026-01-08T23:59:33","slug":"usb-sarjli-uzaktan-kumandali-12-titresim-3-ileri-geri-hareketli-vibrator","status":"publish","type":"product","link":"https:\/\/haremerotikshop.com\/site\/erotik-shop-urun\/usb-sarjli-uzaktan-kumandali-12-titresim-3-ileri-geri-hareketli-vibrator\/","title":{"rendered":"Usb \u015earjl\u0131 Uzaktan Kumandal\u0131 12 Titre\u015fim &Amp; 3 I\u0307leri Geri Hareketli Vibrat\u00f6r"},"content":{"rendered":"<h2 class=\"\" data-start=\"64\" data-end=\"145\"><strong data-start=\"67\" data-end=\"145\">USB \u015earjl\u0131 Uzaktan Kumandal\u0131 12 Titre\u015fim &amp; 3 \u0130leri Geri Hareketli Vibrat\u00f6r<\/strong><\/h2>\n<p class=\"\" data-start=\"147\" data-end=\"633\"><strong data-start=\"147\" data-end=\"213\">Zevk ve konforu birle\u015ftiren teknolojik harikaya haz\u0131r m\u0131s\u0131n\u0131z?<\/strong> <strong data-start=\"214\" data-end=\"292\">USB \u015earjl\u0131 Uzaktan Kumandal\u0131 12 Titre\u015fim &amp; 3 \u0130leri Geri Hareketli Vibrat\u00f6r<\/strong> ile kendinizi ve partnerinizi doruklarda bir hazla tan\u0131\u015ft\u0131r\u0131n. 12 titre\u015fim modu ve 3 ileri geri hareket fonksiyonu ile heyecan verici bir deneyim sunarken, ergonomik tasar\u0131m\u0131 ve y\u00fcksek kaliteli silikon malzemesiyle rahat bir kullan\u0131m sa\u011flar. Bu y\u00fcksek performansl\u0131 vibrat\u00f6r, hem pratik hem de uzun s\u00fcreli keyifli bir kullan\u0131m i\u00e7in idealdir.<\/p>\n<hr class=\"\" data-start=\"635\" data-end=\"638\" \/>\n<h3 class=\"\" data-start=\"640\" data-end=\"665\"><strong data-start=\"644\" data-end=\"665\">\u00dcr\u00fcn \u00d6zellikleri:<\/strong><\/h3>\n<p class=\"\" data-start=\"667\" data-end=\"1729\">\ud83d\udd39 <strong data-start=\"670\" data-end=\"696\">12 Titre\u015fim Fonksiyonu<\/strong> \u2013 12 farkl\u0131 titre\u015fim se\u00e7ene\u011fi ile diledi\u011finiz h\u0131z ve g\u00fcc\u00fc se\u00e7erek ihtiyac\u0131n\u0131za en uygun deneyimi ya\u015fay\u0131n.<br data-start=\"802\" data-end=\"805\" \/>\ud83d\udd39 <strong data-start=\"808\" data-end=\"843\">3 \u0130leri Geri Hareket Fonksiyonu<\/strong> \u2013 \u00dcst\u00fcn ileri geri hareket fonksiyonu ile ekstra uyar\u0131m sa\u011flayarak unutulmaz bir zevk deneyimi sunar.<br data-start=\"945\" data-end=\"948\" \/>\ud83d\udd39 <strong data-start=\"951\" data-end=\"965\">USB \u015earjl\u0131<\/strong> \u2013 \u015earj edilebilir \u00f6zelli\u011fi sayesinde kullan\u0131m s\u0131ras\u0131nda pil derdini ortadan kald\u0131r\u0131r ve uzun s\u00fcreli kullan\u0131m sa\u011flar.<br data-start=\"1082\" data-end=\"1085\" \/>\ud83d\udd39 <strong data-start=\"1088\" data-end=\"1109\">Ergonomik Tasar\u0131m<\/strong> \u2013 Elle tutu\u015fu ve kullan\u0131m\u0131 olduk\u00e7a rahat olan bu \u00fcr\u00fcn, v\u00fccuda uyumlu, ergonomik bir \u015fekilde tasarlanm\u0131\u015ft\u0131r.<br data-start=\"1217\" data-end=\"1220\" \/>\ud83d\udd39 <strong data-start=\"1223\" data-end=\"1258\">Y\u00fcksek Kaliteli Silikon Malzeme<\/strong> \u2013 P\u00fcr\u00fczs\u00fcz ve yumu\u015fak dokusu ile m\u00fckemmel bir rahatl\u0131k ve g\u00fcven sa\u011flar. Ayn\u0131 zamanda cilt dostudur.<br data-start=\"1358\" data-end=\"1361\" \/>\ud83d\udd39 <strong data-start=\"1364\" data-end=\"1390\">V\u00fccut Dostu ve G\u00fcvenli<\/strong> \u2013 V\u00fccut i\u00e7in g\u00fcvenli ve uyumlu malzemeden \u00fcretilmi\u015ftir.<br data-start=\"1446\" data-end=\"1449\" \/>\ud83d\udd39 <strong data-start=\"1452\" data-end=\"1489\">Ekstra Uyar\u0131m \u0130\u00e7in P\u00fcr\u00fczs\u00fcz G\u00f6vde<\/strong> \u2013 G\u00f6vde tasar\u0131m\u0131, ekstra uyar\u0131m i\u00e7in ideal bir kal\u0131nl\u0131kta olup, yo\u011fun bir haz sunar.<br data-start=\"1574\" data-end=\"1577\" \/>\ud83d\udd39 <strong data-start=\"1580\" data-end=\"1603\">Su Ge\u00e7irmez \u00d6zellik<\/strong> \u2013 Su alt\u0131nda da kullan\u0131labilir, banyo veya du\u015f esnas\u0131nda diledi\u011finiz gibi rahat\u00e7a deneyimleyebilirsiniz.<br data-start=\"1708\" data-end=\"1711\" \/>\ud83d\udd39 <strong data-start=\"1714\" data-end=\"1727\">Boyutlar:<\/strong><\/p>\n<ul data-start=\"1730\" data-end=\"1799\">\n<li class=\"\" data-start=\"1730\" data-end=\"1757\">\n<p class=\"\" data-start=\"1732\" data-end=\"1757\"><strong data-start=\"1732\" data-end=\"1747\">Toplam Boy:<\/strong> 12,3 cm<\/p>\n<\/li>\n<li class=\"\" data-start=\"1758\" data-end=\"1777\">\n<p class=\"\" data-start=\"1760\" data-end=\"1777\"><strong data-start=\"1760\" data-end=\"1768\">\u00c7ap:<\/strong> 2,9 cm<\/p>\n<\/li>\n<li class=\"\" data-start=\"1778\" data-end=\"1799\">\n<p class=\"\" data-start=\"1780\" data-end=\"1799\"><strong data-start=\"1780\" data-end=\"1792\">A\u011f\u0131rl\u0131k:<\/strong> 139 gr<\/p>\n<\/li>\n<\/ul>\n<hr class=\"\" data-start=\"1801\" data-end=\"1804\" \/>\n<h3 class=\"\" data-start=\"1806\" data-end=\"1847\"><strong data-start=\"1810\" data-end=\"1847\">Kullan\u0131m ve Temizlik Talimatlar\u0131:<\/strong><\/h3>\n<p class=\"\" data-start=\"1849\" data-end=\"2332\">\ud83e\uddfc <strong data-start=\"1852\" data-end=\"1865\">Temizlik:<\/strong> \u00dcr\u00fcn\u00fc her kullan\u0131mdan sonra \u0131l\u0131k su ve sabun ile kolayca temizleyebilirsiniz. Kimyasal temizleyicilerden ka\u00e7\u0131n\u0131n.<br data-start=\"1979\" data-end=\"1982\" \/>\u26a1 <strong data-start=\"1984\" data-end=\"2004\">\u015earj ve Batarya:<\/strong> USB \u015farjl\u0131 \u00f6zelli\u011fi sayesinde, bataryalar\u0131n\u0131z\u0131 de\u011fi\u015ftirme derdini ortadan kald\u0131r\u0131r.<br data-start=\"2088\" data-end=\"2091\" \/>\ud83d\udca7 <strong data-start=\"2094\" data-end=\"2113\">Su Ge\u00e7irmezlik:<\/strong> \u00dcr\u00fcn, su ge\u00e7irmez yap\u0131s\u0131 ile banyo veya du\u015fta g\u00fcvenle kullan\u0131labilir.<br data-start=\"2183\" data-end=\"2186\" \/>\ud83d\udd0b <strong data-start=\"2189\" data-end=\"2214\">Uzun S\u00fcreli Kullan\u0131m:<\/strong> Y\u00fcksek kaliteli titre\u015fim motoru ve ileri geri hareket fonksiyonu ile uzun s\u00fcreli kullan\u0131mda bile performans\u0131n\u0131 korur.<\/p>\n<hr class=\"\" data-start=\"2334\" data-end=\"2337\" \/>\n<h3 class=\"\" data-start=\"2339\" data-end=\"2373\"><strong data-start=\"2343\" data-end=\"2373\">Gizli ve G\u00fcvenli Teslimat:<\/strong><\/h3>\n<p class=\"\" data-start=\"2375\" data-end=\"2700\"><strong data-start=\"2375\" data-end=\"2398\">Discreet Paketleme:<\/strong> \u00dcr\u00fcn, gizli ve kapal\u0131 paket i\u00e7erisinde g\u00f6nderilir. \u0130\u00e7eri\u011fi d\u0131\u015far\u0131dan anla\u015f\u0131lmaz, tamamen gizlilik \u00f6n planda tutulur.<br data-start=\"2515\" data-end=\"2518\" \/><strong data-start=\"2518\" data-end=\"2542\">Kap\u0131da \u00d6deme \u0130mkan\u0131:<\/strong> Kolay \u00f6deme se\u00e7enekleri ile kap\u0131da \u00f6deme yapabilirsiniz.<br data-start=\"2599\" data-end=\"2602\" \/><strong data-start=\"2602\" data-end=\"2632\">H\u0131zl\u0131 ve G\u00fcvenli Teslimat:<\/strong> Sipari\u015finiz, h\u0131zl\u0131 ve g\u00fcvenli bir \u015fekilde adresinize teslim edilir.<\/p>\n<hr class=\"\" data-start=\"2702\" data-end=\"2705\" \/>\n<h3 class=\"\" data-start=\"2707\" data-end=\"2733\"><strong data-start=\"2711\" data-end=\"2733\">\u00d6deme Se\u00e7enekleri:<\/strong><\/h3>\n<ul data-start=\"2735\" data-end=\"2995\">\n<li class=\"\" data-start=\"2735\" data-end=\"2820\">\n<p class=\"\" data-start=\"2737\" data-end=\"2820\"><strong data-start=\"2737\" data-end=\"2754\">Kap\u0131da \u00d6deme:<\/strong> Nakit veya kredi kart\u0131 ile kap\u0131da \u00f6deme se\u00e7ene\u011fi sunulmaktad\u0131r.<\/p>\n<\/li>\n<li class=\"\" data-start=\"2821\" data-end=\"2932\">\n<p class=\"\" data-start=\"2823\" data-end=\"2932\"><strong data-start=\"2823\" data-end=\"2861\">Kredi Kart\u0131 ile G\u00fcvenli Al\u0131\u015fveri\u015f:<\/strong> Online g\u00fcvenli \u00f6deme se\u00e7enekleri ile i\u015fleminizi tamamlayabilirsiniz.<\/p>\n<\/li>\n<li class=\"\" data-start=\"2933\" data-end=\"2995\">\n<p class=\"\" data-start=\"2935\" data-end=\"2995\"><strong data-start=\"2935\" data-end=\"2954\">Banka Havalesi:<\/strong> Banka havalesi ile \u00f6deme yapabilirsiniz.<\/p>\n<\/li>\n<\/ul>\n<hr class=\"\" data-start=\"2997\" data-end=\"3000\" \/>\n<h2 class=\"\" data-start=\"3002\" data-end=\"3038\"><strong data-start=\"3005\" data-end=\"3038\">Gizlili\u011finize \u00d6nem Veriyoruz!<\/strong><\/h2>\n<p class=\"\" data-start=\"3040\" data-end=\"3439\"><strong data-start=\"3040\" data-end=\"3118\">USB \u015earjl\u0131 Uzaktan Kumandal\u0131 12 Titre\u015fim &amp; 3 \u0130leri Geri Hareketli Vibrat\u00f6r<\/strong> ile daha \u00f6nce hi\u00e7 ya\u015famad\u0131\u011f\u0131n\u0131z bir deneyim sizi bekliyor. Y\u00fcksek kalite ve ergonomik tasar\u0131m\u0131yla, istedi\u011finiz her an, diledi\u011finiz gibi kullanabilece\u011finiz bir \u00fcr\u00fcn sunuyor. Rahatl\u0131kla ve gizlilikle kullanabilece\u011finiz bu teknolojik harika, hayat\u0131n\u0131za yeni bir boyut katacak. \u015eimdi ke\u015ffedin ve zevkinizi doruklara \u00e7\u0131kar\u0131n!<\/p>\n<p>&nbsp;<\/p>\n<p>&nbsp;<\/p>\n<p><a href=\"http:\/\/api.whatsapp.com\/send?phone=905304676616&amp;text=Sipari%C5%9F%20Vermek%20%C4%B0stiyorum%20haremshop%20BDM1267\"><img fetchpriority=\"high\" decoding=\"async\" class=\"alignnone\" src=\"https:\/\/static.ticimax.cloud\/32886\/uploads\/editoruploads\/whatsapp-destek-hatti.gif\" alt=\"\" width=\"750\" height=\"117\" \/><\/a><\/p>\n","protected":false},"excerpt":{"rendered":"<p><strong data-start=\"147\" data-end=\"213\">Zevk ve konforu birle\u015ftiren teknolojik harikaya haz\u0131r m\u0131s\u0131n\u0131z?<\/strong> <strong data-start=\"214\" data-end=\"292\">USB \u015earjl\u0131 Uzaktan Kumandal\u0131 12 Titre\u015fim &amp; 3 \u0130leri Geri Hareketli Vibrat\u00f6r<\/strong> ile kendinizi ve partnerinizi doruklarda bir hazla tan\u0131\u015ft\u0131r\u0131n. 12 titre\u015fim modu ve 3 ileri geri hareket fonksiyonu ile heyecan verici bir deneyim sunarken, ergonomik tasar\u0131m\u0131 ve y\u00fcksek kaliteli silikon malzemesiyle rahat bir kullan\u0131m sa\u011flar. Bu y\u00fcksek performansl\u0131 vibrat\u00f6r, hem pratik hem de uzun s\u00fcreli keyifli bir kullan\u0131m i\u00e7in idealdir.<\/p>\n","protected":false},"featured_media":43487,"comment_status":"closed","ping_status":"closed","template":"","meta":[],"product_brand":[],"product_cat":[496],"product_tag":[],"class_list":{"0":"post-43485","1":"product","2":"type-product","3":"status-publish","4":"has-post-thumbnail","6":"product_cat-vibrator-cesitleri","8":"first","9":"instock","10":"purchasable","11":"product-type-simple"},"yoast_head":"<!-- This site is optimized with the Yoast SEO Premium plugin v24.4 (Yoast SEO v27.1.1) - https:\/\/yoast.com\/product\/yoast-seo-premium-wordpress\/ -->\n<title>Usb \u015earjl\u0131 Uzaktan Kumandal\u0131 12 Titre\u015fim &amp;Amp; 3 I\u0307leri Geri Hareketli Vibrat\u00f6r - Bursa Erotik Shop<\/title>\n<meta name=\"robots\" content=\"index, follow, max-snippet:-1, max-image-preview:large, max-video-preview:-1\" \/>\n<link rel=\"canonical\" href=\"https:\/\/hobierotikshop.com.tr\/website1\/erotik-shop-urun\/usb-sarjli-uzaktan-kumandali-12-titresim-3-ileri-geri-hareketli-vibrator\/\" \/>\n<meta property=\"og:locale\" content=\"tr_TR\" \/>\n<meta property=\"og:type\" content=\"article\" \/>\n<meta property=\"og:title\" content=\"Usb \u015earjl\u0131 Uzaktan Kumandal\u0131 12 Titre\u015fim &amp;Amp; 3 I\u0307leri Geri Hareketli Vibrat\u00f6r\" \/>\n<meta property=\"og:description\" content=\"Zevk ve konforu birle\u015ftiren teknolojik harikaya haz\u0131r m\u0131s\u0131n\u0131z? USB \u015earjl\u0131 Uzaktan Kumandal\u0131 12 Titre\u015fim &amp; 3 \u0130leri Geri Hareketli Vibrat\u00f6r ile kendinizi ve partnerinizi doruklarda bir hazla tan\u0131\u015ft\u0131r\u0131n. 12 titre\u015fim modu ve 3 ileri geri hareket fonksiyonu ile heyecan verici bir deneyim sunarken, ergonomik tasar\u0131m\u0131 ve y\u00fcksek kaliteli silikon malzemesiyle rahat bir kullan\u0131m sa\u011flar. Bu y\u00fcksek performansl\u0131 vibrat\u00f6r, hem pratik hem de uzun s\u00fcreli keyifli bir kullan\u0131m i\u00e7in idealdir.\" \/>\n<meta property=\"og:url\" content=\"https:\/\/hobierotikshop.com.tr\/website1\/erotik-shop-urun\/usb-sarjli-uzaktan-kumandali-12-titresim-3-ileri-geri-hareketli-vibrator\/\" \/>\n<meta property=\"og:site_name\" content=\"Bursa Erotik Shop\" \/>\n<meta property=\"article:modified_time\" content=\"2026-01-08T23:59:33+00:00\" \/>\n<meta property=\"og:image\" content=\"https:\/\/hobierotikshop.com.tr\/website1\/wp-content\/uploads\/2025\/04\/usb-sarjli-uzaktan-kumandali-12-titres-4dbc-a.jpg\" \/>\n\t<meta property=\"og:image:width\" content=\"455\" \/>\n\t<meta property=\"og:image:height\" content=\"454\" \/>\n\t<meta property=\"og:image:type\" content=\"image\/jpeg\" \/>\n<meta name=\"twitter:card\" content=\"summary_large_image\" \/>\n<meta name=\"twitter:site\" content=\"@shopbursa\" \/>\n<meta name=\"twitter:label1\" content=\"Fiyat\" \/>\n\t<meta name=\"twitter:data1\" content=\"&#8378;6.800,00\" \/>\n\t<meta name=\"twitter:label2\" content=\"Availability\" \/>\n\t<meta name=\"twitter:data2\" content=\"In stock\" \/>\n<script type=\"application\/ld+json\" class=\"yoast-schema-graph\">{\"@context\":\"https:\/\/schema.org\",\"@graph\":[{\"@type\":\"WebPage\",\"@id\":\"https:\/\/hobierotikshop.com.tr\/website1\/erotik-shop-urun\/usb-sarjli-uzaktan-kumandali-12-titresim-3-ileri-geri-hareketli-vibrator\/\",\"url\":\"https:\/\/hobierotikshop.com.tr\/website1\/erotik-shop-urun\/usb-sarjli-uzaktan-kumandali-12-titresim-3-ileri-geri-hareketli-vibrator\/\",\"name\":\"Usb \u015earjl\u0131 Uzaktan Kumandal\u0131 12 Titre\u015fim &Amp; 3 I\u0307leri Geri Hareketli Vibrat\u00f6r - Bursa Erotik Shop\",\"isPartOf\":{\"@id\":\"https:\/\/hobierotikshop.com.tr\/website1\/#website\"},\"primaryImageOfPage\":{\"@id\":\"https:\/\/hobierotikshop.com.tr\/website1\/erotik-shop-urun\/usb-sarjli-uzaktan-kumandali-12-titresim-3-ileri-geri-hareketli-vibrator\/#primaryimage\"},\"image\":{\"@id\":\"https:\/\/hobierotikshop.com.tr\/website1\/erotik-shop-urun\/usb-sarjli-uzaktan-kumandali-12-titresim-3-ileri-geri-hareketli-vibrator\/#primaryimage\"},\"thumbnailUrl\":\"https:\/\/haremerotikshop.com\/site\/wp-content\/uploads\/2025\/04\/usb-sarjli-uzaktan-kumandali-12-titres-4dbc-a.jpg\",\"datePublished\":\"2025-04-26T13:43:50+00:00\",\"dateModified\":\"2026-01-08T23:59:33+00:00\",\"breadcrumb\":{\"@id\":\"https:\/\/hobierotikshop.com.tr\/website1\/erotik-shop-urun\/usb-sarjli-uzaktan-kumandali-12-titresim-3-ileri-geri-hareketli-vibrator\/#breadcrumb\"},\"inLanguage\":\"tr\",\"potentialAction\":[{\"@type\":\"ReadAction\",\"target\":[\"https:\/\/hobierotikshop.com.tr\/website1\/erotik-shop-urun\/usb-sarjli-uzaktan-kumandali-12-titresim-3-ileri-geri-hareketli-vibrator\/\"]}]},{\"@type\":\"ImageObject\",\"inLanguage\":\"tr\",\"@id\":\"https:\/\/hobierotikshop.com.tr\/website1\/erotik-shop-urun\/usb-sarjli-uzaktan-kumandali-12-titresim-3-ileri-geri-hareketli-vibrator\/#primaryimage\",\"url\":\"https:\/\/haremerotikshop.com\/site\/wp-content\/uploads\/2025\/04\/usb-sarjli-uzaktan-kumandali-12-titres-4dbc-a.jpg\",\"contentUrl\":\"https:\/\/haremerotikshop.com\/site\/wp-content\/uploads\/2025\/04\/usb-sarjli-uzaktan-kumandali-12-titres-4dbc-a.jpg\",\"width\":455,\"height\":454},{\"@type\":\"BreadcrumbList\",\"@id\":\"https:\/\/hobierotikshop.com.tr\/website1\/erotik-shop-urun\/usb-sarjli-uzaktan-kumandali-12-titresim-3-ileri-geri-hareketli-vibrator\/#breadcrumb\",\"itemListElement\":[{\"@type\":\"ListItem\",\"position\":1,\"name\":\"Anasayfa\",\"item\":\"https:\/\/hobierotikshop.com.tr\/website1\/\"},{\"@type\":\"ListItem\",\"position\":2,\"name\":\"Erotik Shop \u00dcr\u00fcnleri\",\"item\":\"https:\/\/hobierotikshop.com.tr\/website1\/shop\/\"},{\"@type\":\"ListItem\",\"position\":3,\"name\":\"Usb \u015earjl\u0131 Uzaktan Kumandal\u0131 12 Titre\u015fim &Amp; 3 I\u0307leri Geri Hareketli Vibrat\u00f6r\"}]},{\"@type\":\"WebSite\",\"@id\":\"https:\/\/hobierotikshop.com.tr\/website1\/#website\",\"url\":\"https:\/\/hobierotikshop.com.tr\/website1\/\",\"name\":\"Bursa Erotik Shop\",\"description\":\"Bursa Erotik Shop ile g\u00fcvenli, gizli ve kaliteli yeti\u015fkin \u00fcr\u00fcnleri al\u0131\u015fveri\u015fi! Geni\u015f \u00fcr\u00fcn yelpazemizi ke\u015ffedin, hemen sipari\u015f verin\",\"publisher\":{\"@id\":\"https:\/\/hobierotikshop.com.tr\/website1\/#organization\"},\"alternateName\":\"Erotik Shop\",\"potentialAction\":[{\"@type\":\"SearchAction\",\"target\":{\"@type\":\"EntryPoint\",\"urlTemplate\":\"https:\/\/hobierotikshop.com.tr\/website1\/?s={search_term_string}\"},\"query-input\":{\"@type\":\"PropertyValueSpecification\",\"valueRequired\":true,\"valueName\":\"search_term_string\"}}],\"inLanguage\":\"tr\"},{\"@type\":\"Organization\",\"@id\":\"https:\/\/hobierotikshop.com.tr\/website1\/#organization\",\"name\":\"Harem Bursa Erotik Shop\",\"url\":\"https:\/\/hobierotikshop.com.tr\/website1\/\",\"logo\":{\"@type\":\"ImageObject\",\"inLanguage\":\"tr\",\"@id\":\"https:\/\/hobierotikshop.com.tr\/website1\/#\/schema\/logo\/image\/\",\"url\":\"https:\/\/haremerotikshop.com\/site\/wp-content\/uploads\/2025\/03\/haremsexshop.png\",\"contentUrl\":\"https:\/\/haremerotikshop.com\/site\/wp-content\/uploads\/2025\/03\/haremsexshop.png\",\"width\":400,\"height\":100,\"caption\":\"Harem Bursa Erotik Shop\"},\"image\":{\"@id\":\"https:\/\/hobierotikshop.com.tr\/website1\/#\/schema\/logo\/image\/\"},\"sameAs\":[\"https:\/\/x.com\/shopbursa\"],\"publishingPrinciples\":\"https:\/\/hobierotikshop.com.tr\/website1\/mesafeli-satis-sozlesmesi\/\",\"ownershipFundingInfo\":\"https:\/\/hobierotikshop.com.tr\/website1\/contact-us\/\",\"actionableFeedbackPolicy\":\"https:\/\/hobierotikshop.com.tr\/website1\/contact-us\/\",\"correctionsPolicy\":\"https:\/\/hobierotikshop.com.tr\/website1\/mesafeli-satis-sozlesmesi\/\"}]}<\/script>\n<meta property=\"product:price:amount\" content=\"6800.00\" \/>\n<meta property=\"product:price:currency\" content=\"TRY\" \/>\n<meta property=\"og:availability\" content=\"instock\" \/>\n<meta property=\"product:availability\" content=\"instock\" \/>\n<meta property=\"product:retailer_item_id\" content=\"BDM1267\" \/>\n<meta property=\"product:condition\" content=\"new\" \/>\n<!-- \/ Yoast SEO Premium plugin. -->","yoast_head_json":{"title":"Usb \u015earjl\u0131 Uzaktan Kumandal\u0131 12 Titre\u015fim &Amp; 3 I\u0307leri Geri Hareketli Vibrat\u00f6r - Bursa Erotik Shop","robots":{"index":"index","follow":"follow","max-snippet":"max-snippet:-1","max-image-preview":"max-image-preview:large","max-video-preview":"max-video-preview:-1"},"canonical":"https:\/\/hobierotikshop.com.tr\/website1\/erotik-shop-urun\/usb-sarjli-uzaktan-kumandali-12-titresim-3-ileri-geri-hareketli-vibrator\/","og_locale":"tr_TR","og_type":"article","og_title":"Usb \u015earjl\u0131 Uzaktan Kumandal\u0131 12 Titre\u015fim &Amp; 3 I\u0307leri Geri Hareketli Vibrat\u00f6r","og_description":"Zevk ve konforu birle\u015ftiren teknolojik harikaya haz\u0131r m\u0131s\u0131n\u0131z? USB \u015earjl\u0131 Uzaktan Kumandal\u0131 12 Titre\u015fim &amp; 3 \u0130leri Geri Hareketli Vibrat\u00f6r ile kendinizi ve partnerinizi doruklarda bir hazla tan\u0131\u015ft\u0131r\u0131n. 12 titre\u015fim modu ve 3 ileri geri hareket fonksiyonu ile heyecan verici bir deneyim sunarken, ergonomik tasar\u0131m\u0131 ve y\u00fcksek kaliteli silikon malzemesiyle rahat bir kullan\u0131m sa\u011flar. Bu y\u00fcksek performansl\u0131 vibrat\u00f6r, hem pratik hem de uzun s\u00fcreli keyifli bir kullan\u0131m i\u00e7in idealdir.","og_url":"https:\/\/hobierotikshop.com.tr\/website1\/erotik-shop-urun\/usb-sarjli-uzaktan-kumandali-12-titresim-3-ileri-geri-hareketli-vibrator\/","og_site_name":"Bursa Erotik Shop","article_modified_time":"2026-01-08T23:59:33+00:00","og_image":[{"width":455,"height":454,"url":"https:\/\/hobierotikshop.com.tr\/website1\/wp-content\/uploads\/2025\/04\/usb-sarjli-uzaktan-kumandali-12-titres-4dbc-a.jpg","type":"image\/jpeg"}],"twitter_card":"summary_large_image","twitter_site":"@shopbursa","twitter_misc":{"Fiyat":"&#8378;6.800,00","Availability":"In stock"},"schema":{"@context":"https:\/\/schema.org","@graph":[{"@type":"WebPage","@id":"https:\/\/hobierotikshop.com.tr\/website1\/erotik-shop-urun\/usb-sarjli-uzaktan-kumandali-12-titresim-3-ileri-geri-hareketli-vibrator\/","url":"https:\/\/hobierotikshop.com.tr\/website1\/erotik-shop-urun\/usb-sarjli-uzaktan-kumandali-12-titresim-3-ileri-geri-hareketli-vibrator\/","name":"Usb \u015earjl\u0131 Uzaktan Kumandal\u0131 12 Titre\u015fim &Amp; 3 I\u0307leri Geri Hareketli Vibrat\u00f6r - Bursa Erotik Shop","isPartOf":{"@id":"https:\/\/hobierotikshop.com.tr\/website1\/#website"},"primaryImageOfPage":{"@id":"https:\/\/hobierotikshop.com.tr\/website1\/erotik-shop-urun\/usb-sarjli-uzaktan-kumandali-12-titresim-3-ileri-geri-hareketli-vibrator\/#primaryimage"},"image":{"@id":"https:\/\/hobierotikshop.com.tr\/website1\/erotik-shop-urun\/usb-sarjli-uzaktan-kumandali-12-titresim-3-ileri-geri-hareketli-vibrator\/#primaryimage"},"thumbnailUrl":"https:\/\/haremerotikshop.com\/site\/wp-content\/uploads\/2025\/04\/usb-sarjli-uzaktan-kumandali-12-titres-4dbc-a.jpg","datePublished":"2025-04-26T13:43:50+00:00","dateModified":"2026-01-08T23:59:33+00:00","breadcrumb":{"@id":"https:\/\/hobierotikshop.com.tr\/website1\/erotik-shop-urun\/usb-sarjli-uzaktan-kumandali-12-titresim-3-ileri-geri-hareketli-vibrator\/#breadcrumb"},"inLanguage":"tr","potentialAction":[{"@type":"ReadAction","target":["https:\/\/hobierotikshop.com.tr\/website1\/erotik-shop-urun\/usb-sarjli-uzaktan-kumandali-12-titresim-3-ileri-geri-hareketli-vibrator\/"]}]},{"@type":"ImageObject","inLanguage":"tr","@id":"https:\/\/hobierotikshop.com.tr\/website1\/erotik-shop-urun\/usb-sarjli-uzaktan-kumandali-12-titresim-3-ileri-geri-hareketli-vibrator\/#primaryimage","url":"https:\/\/haremerotikshop.com\/site\/wp-content\/uploads\/2025\/04\/usb-sarjli-uzaktan-kumandali-12-titres-4dbc-a.jpg","contentUrl":"https:\/\/haremerotikshop.com\/site\/wp-content\/uploads\/2025\/04\/usb-sarjli-uzaktan-kumandali-12-titres-4dbc-a.jpg","width":455,"height":454},{"@type":"BreadcrumbList","@id":"https:\/\/hobierotikshop.com.tr\/website1\/erotik-shop-urun\/usb-sarjli-uzaktan-kumandali-12-titresim-3-ileri-geri-hareketli-vibrator\/#breadcrumb","itemListElement":[{"@type":"ListItem","position":1,"name":"Anasayfa","item":"https:\/\/hobierotikshop.com.tr\/website1\/"},{"@type":"ListItem","position":2,"name":"Erotik Shop \u00dcr\u00fcnleri","item":"https:\/\/hobierotikshop.com.tr\/website1\/shop\/"},{"@type":"ListItem","position":3,"name":"Usb \u015earjl\u0131 Uzaktan Kumandal\u0131 12 Titre\u015fim &Amp; 3 I\u0307leri Geri Hareketli Vibrat\u00f6r"}]},{"@type":"WebSite","@id":"https:\/\/hobierotikshop.com.tr\/website1\/#website","url":"https:\/\/hobierotikshop.com.tr\/website1\/","name":"Bursa Erotik Shop","description":"Bursa Erotik Shop ile g\u00fcvenli, gizli ve kaliteli yeti\u015fkin \u00fcr\u00fcnleri al\u0131\u015fveri\u015fi! Geni\u015f \u00fcr\u00fcn yelpazemizi ke\u015ffedin, hemen sipari\u015f verin","publisher":{"@id":"https:\/\/hobierotikshop.com.tr\/website1\/#organization"},"alternateName":"Erotik Shop","potentialAction":[{"@type":"SearchAction","target":{"@type":"EntryPoint","urlTemplate":"https:\/\/hobierotikshop.com.tr\/website1\/?s={search_term_string}"},"query-input":{"@type":"PropertyValueSpecification","valueRequired":true,"valueName":"search_term_string"}}],"inLanguage":"tr"},{"@type":"Organization","@id":"https:\/\/hobierotikshop.com.tr\/website1\/#organization","name":"Harem Bursa Erotik Shop","url":"https:\/\/hobierotikshop.com.tr\/website1\/","logo":{"@type":"ImageObject","inLanguage":"tr","@id":"https:\/\/hobierotikshop.com.tr\/website1\/#\/schema\/logo\/image\/","url":"https:\/\/haremerotikshop.com\/site\/wp-content\/uploads\/2025\/03\/haremsexshop.png","contentUrl":"https:\/\/haremerotikshop.com\/site\/wp-content\/uploads\/2025\/03\/haremsexshop.png","width":400,"height":100,"caption":"Harem Bursa Erotik Shop"},"image":{"@id":"https:\/\/hobierotikshop.com.tr\/website1\/#\/schema\/logo\/image\/"},"sameAs":["https:\/\/x.com\/shopbursa"],"publishingPrinciples":"https:\/\/hobierotikshop.com.tr\/website1\/mesafeli-satis-sozlesmesi\/","ownershipFundingInfo":"https:\/\/hobierotikshop.com.tr\/website1\/contact-us\/","actionableFeedbackPolicy":"https:\/\/hobierotikshop.com.tr\/website1\/contact-us\/","correctionsPolicy":"https:\/\/hobierotikshop.com.tr\/website1\/mesafeli-satis-sozlesmesi\/"}]},"product_price_amount":"6800.00","product_price_currency":"TRY","og_availability":"instock","product_availability":"instock","product_retailer_item_id":"BDM1267","product_condition":"new"},"_links":{"self":[{"href":"https:\/\/haremerotikshop.com\/site\/wp-json\/wp\/v2\/product\/43485","targetHints":{"allow":["GET"]}}],"collection":[{"href":"https:\/\/haremerotikshop.com\/site\/wp-json\/wp\/v2\/product"}],"about":[{"href":"https:\/\/haremerotikshop.com\/site\/wp-json\/wp\/v2\/types\/product"}],"replies":[{"embeddable":true,"href":"https:\/\/haremerotikshop.com\/site\/wp-json\/wp\/v2\/comments?post=43485"}],"version-history":[{"count":0,"href":"https:\/\/haremerotikshop.com\/site\/wp-json\/wp\/v2\/product\/43485\/revisions"}],"wp:featuredmedia":[{"embeddable":true,"href":"https:\/\/haremerotikshop.com\/site\/wp-json\/wp\/v2\/media\/43487"}],"wp:attachment":[{"href":"https:\/\/haremerotikshop.com\/site\/wp-json\/wp\/v2\/media?parent=43485"}],"wp:term":[{"taxonomy":"product_brand","embeddable":true,"href":"https:\/\/haremerotikshop.com\/site\/wp-json\/wp\/v2\/product_brand?post=43485"},{"taxonomy":"product_cat","embeddable":true,"href":"https:\/\/haremerotikshop.com\/site\/wp-json\/wp\/v2\/product_cat?post=43485"},{"taxonomy":"product_tag","embeddable":true,"href":"https:\/\/haremerotikshop.com\/site\/wp-json\/wp\/v2\/product_tag?post=43485"}],"curies":[{"name":"wp","href":"https:\/\/api.w.org\/{rel}","templated":true}]}}