{"id":43519,"date":"2025-04-26T16:44:58","date_gmt":"2025-04-26T13:44:58","guid":{"rendered":"https:\/\/haremerotikshop.com\/site\/erotik-shop-urun\/218-cm-belden-baglamali-ici-dolu-strapon-penis\/"},"modified":"2026-01-09T02:59:29","modified_gmt":"2026-01-08T23:59:29","slug":"218-cm-belden-baglamali-ici-dolu-strapon-penis","status":"publish","type":"product","link":"https:\/\/haremerotikshop.com\/site\/erotik-shop-urun\/218-cm-belden-baglamali-ici-dolu-strapon-penis\/","title":{"rendered":"21,8 Cm Belden Ba\u011flamal\u0131 I\u0307\u00e7i Dolu Strapon Penis"},"content":{"rendered":"<h3 class=\"\" data-start=\"251\" data-end=\"346\"><strong data-start=\"255\" data-end=\"346\">21,8 cm Belden Ba\u011flamal\u0131 \u0130\u00e7i Dolu Realistik Strapon Penis \u2013 Ger\u00e7ek\u00e7i Deneyimin Yeni Ad\u0131<\/strong><\/h3>\n<h4 class=\"\" data-start=\"348\" data-end=\"385\"><strong data-start=\"353\" data-end=\"385\">Ger\u00e7ek Doku, Ger\u00e7ek Hissiyat<\/strong><\/h4>\n<p class=\"\" data-start=\"387\" data-end=\"740\">21,8 cm uzunlu\u011funda ve 4,6 cm kal\u0131nl\u0131\u011f\u0131ndaki i\u00e7i dolu, realistik strapon penis; ten dokusunu and\u0131ran \u00f6zel y\u00fczeyiyle, kullan\u0131c\u0131s\u0131na ger\u00e7ek bir deneyim sunmak i\u00e7in tasarland\u0131. V\u00fccuda birebir uyum sa\u011flayan damarl\u0131 yap\u0131 ve detayl\u0131 testis g\u00f6r\u00fcn\u00fcm\u00fc sayesinde daha yo\u011fun ve tatmin edici bir kullan\u0131m imk\u00e2n\u0131 sa\u011flar. Hem partnerli hem de solo kullan\u0131ma uygundur.<\/p>\n<h4 class=\"\" data-start=\"742\" data-end=\"791\"><strong data-start=\"747\" data-end=\"791\">Ayarlanabilir \u015e\u0131k Belden Ba\u011flama Sistemi<\/strong><\/h4>\n<p class=\"\" data-start=\"793\" data-end=\"1109\">Yeni nesil vantuzlu dildo sistemiyle uyumlu, ayarlanabilir belden ba\u011flama kemeri sayesinde her bedene kolayca uyum sa\u011flar. Kayma yapmayan \u00f6zel kuma\u015f yap\u0131s\u0131 ile hareket \u00f6zg\u00fcrl\u00fc\u011f\u00fcn\u00fcz k\u0131s\u0131tlanmadan keyfinize odaklanabilirsiniz. Cilt dostu malzemeden \u00fcretilen bu \u00f6zel strapon, hem rahatl\u0131k hem de g\u00fcvenli kullan\u0131m sunar.<\/p>\n<h4 class=\"\" data-start=\"1111\" data-end=\"1163\"><strong data-start=\"1116\" data-end=\"1163\">Hijyenik, Dayan\u0131kl\u0131 ve Kolay Temizlenebilir<\/strong><\/h4>\n<p class=\"\" data-start=\"1165\" data-end=\"1443\">Uzun \u00f6m\u00fcrl\u00fc kullan\u0131m i\u00e7in her detay d\u00fc\u015f\u00fcn\u00fclm\u00fc\u015ft\u00fcr. Kolay temizlenebilen y\u00fczeyi sayesinde \u0131l\u0131k su ve sabunla rahatl\u0131kla temizlenebilir. Kimyasal i\u00e7eren temizlik \u00fcr\u00fcnleri kullan\u0131lmamas\u0131 tavsiye edilir. Daha p\u00fcr\u00fczs\u00fcz bir deneyim i\u00e7in kayganla\u015ft\u0131r\u0131c\u0131 jellerle kullan\u0131lmas\u0131 \u00f6nerilir.<\/p>\n<hr class=\"\" data-start=\"1445\" data-end=\"1448\" \/>\n<h3 class=\"\" data-start=\"1450\" data-end=\"1475\"><strong data-start=\"1454\" data-end=\"1475\">\u00dcr\u00fcn \u00d6zellikleri:<\/strong><\/h3>\n<ul data-start=\"1477\" data-end=\"1795\">\n<li class=\"\" data-start=\"1477\" data-end=\"1501\">\n<p class=\"\" data-start=\"1479\" data-end=\"1501\"><strong data-start=\"1479\" data-end=\"1491\">Uzunluk:<\/strong> 21,8 cm<\/p>\n<\/li>\n<li class=\"\" data-start=\"1502\" data-end=\"1521\">\n<p class=\"\" data-start=\"1504\" data-end=\"1521\"><strong data-start=\"1504\" data-end=\"1512\">\u00c7ap:<\/strong> 4,6 cm<\/p>\n<\/li>\n<li class=\"\" data-start=\"1522\" data-end=\"1545\">\n<p class=\"\" data-start=\"1524\" data-end=\"1545\"><strong data-start=\"1524\" data-end=\"1536\">A\u011f\u0131rl\u0131k:<\/strong> 472 gr<\/p>\n<\/li>\n<li class=\"\" data-start=\"1546\" data-end=\"1569\">\n<p class=\"\" data-start=\"1548\" data-end=\"1569\"><strong data-start=\"1548\" data-end=\"1557\">Renk:<\/strong> Ten rengi<\/p>\n<\/li>\n<li class=\"\" data-start=\"1570\" data-end=\"1627\">\n<p class=\"\" data-start=\"1572\" data-end=\"1627\"><strong data-start=\"1572\" data-end=\"1585\">Materyal:<\/strong> Cilt dostu, kaymaz ve dayan\u0131kl\u0131 malzeme<\/p>\n<\/li>\n<li class=\"\" data-start=\"1628\" data-end=\"1692\">\n<p class=\"\" data-start=\"1630\" data-end=\"1692\"><strong data-start=\"1630\" data-end=\"1640\">Kemer:<\/strong> Ayarlanabilir, her bedene uyumlu belden ba\u011flamal\u0131<\/p>\n<\/li>\n<li class=\"\" data-start=\"1693\" data-end=\"1745\">\n<p class=\"\" data-start=\"1695\" data-end=\"1745\"><strong data-start=\"1695\" data-end=\"1713\">Kullan\u0131m Tipi:<\/strong> Partnerli veya tekli kullan\u0131m<\/p>\n<\/li>\n<li class=\"\" data-start=\"1746\" data-end=\"1795\">\n<p class=\"\" data-start=\"1748\" data-end=\"1795\"><strong data-start=\"1748\" data-end=\"1761\">Temizlik:<\/strong> Il\u0131k su ve sabunla kolay temizlik<\/p>\n<\/li>\n<\/ul>\n<hr class=\"\" data-start=\"1797\" data-end=\"1800\" \/>\n<h3 class=\"\" data-start=\"1802\" data-end=\"1845\"><strong data-start=\"1806\" data-end=\"1845\">Gizli Paketleme ve G\u00fcvenli Teslimat<\/strong><\/h3>\n<p class=\"\" data-start=\"1847\" data-end=\"2048\">Mahremiyetinize b\u00fcy\u00fck \u00f6nem veriyoruz. Sipari\u015fleriniz, i\u00e7eri\u011fi d\u0131\u015far\u0131dan anla\u015f\u0131lmayacak \u015fekilde gizli ve kapal\u0131 kolilerde g\u00f6nderilir. H\u0131zl\u0131 kargo se\u00e7enekleri ile \u00fcr\u00fcn\u00fcn\u00fcz en k\u0131sa s\u00fcrede kap\u0131n\u0131za ula\u015f\u0131r.<\/p>\n<hr class=\"\" data-start=\"2050\" data-end=\"2053\" \/>\n<h3 class=\"\" data-start=\"2055\" data-end=\"2081\"><strong data-start=\"2059\" data-end=\"2081\">\u00d6deme Se\u00e7enekleri:<\/strong><\/h3>\n<ul data-start=\"2083\" data-end=\"2200\">\n<li class=\"\" data-start=\"2083\" data-end=\"2126\">\n<p class=\"\" data-start=\"2085\" data-end=\"2126\">Kap\u0131da nakit veya kredi kart\u0131 ile \u00f6deme<\/p>\n<\/li>\n<li class=\"\" data-start=\"2127\" data-end=\"2162\">\n<p class=\"\" data-start=\"2129\" data-end=\"2162\">Banka havalesi ile \u00f6deme imkan\u0131<\/p>\n<\/li>\n<li class=\"\" data-start=\"2163\" data-end=\"2200\">\n<p class=\"\" data-start=\"2165\" data-end=\"2200\">Tek \u00e7ekim veya taksit se\u00e7enekleri<\/p>\n<\/li>\n<\/ul>\n<hr class=\"\" data-start=\"2202\" data-end=\"2205\" \/>\n<h3 class=\"\" data-start=\"2207\" data-end=\"2249\"><strong data-start=\"2211\" data-end=\"2249\">Neden Bu \u00dcr\u00fcn\u00fc Tercih Etmelisiniz?<\/strong><\/h3>\n<p class=\"\" data-start=\"2251\" data-end=\"2467\">\u2705 Ger\u00e7ek\u00e7i hissiyat sunan \u00f6zel dokulu yap\u0131s\u0131<br data-start=\"2295\" data-end=\"2298\" \/>\u2705 Ayarlanabilir kemer ile maksimum konfor<br data-start=\"2339\" data-end=\"2342\" \/>\u2705 Sa\u011fl\u0131\u011fa uygun, cilt dostu malzeme<br data-start=\"2377\" data-end=\"2380\" \/>\u2705 Kolay temizlik ve uzun \u00f6m\u00fcrl\u00fc kullan\u0131m<br data-start=\"2420\" data-end=\"2423\" \/>\u2705 Tam gizlilik ve h\u0131zl\u0131 g\u00f6nderim garantisi<\/p>\n<hr class=\"\" data-start=\"2469\" data-end=\"2472\" \/>\n<h3 class=\"\" data-start=\"2474\" data-end=\"2527\"><strong data-start=\"2478\" data-end=\"2527\">Strapon Deneyiminizi Bir \u00dcst Seviyeye Ta\u015f\u0131y\u0131n<\/strong><\/h3>\n<p class=\"\" data-start=\"2529\" data-end=\"2774\">21,8 cm i\u00e7i dolu belden ba\u011flamal\u0131 strapon penis ile kendinize ya da partnerinize bamba\u015fka bir deneyim sunun. Ger\u00e7ek\u00e7i hissiyat, \u015f\u0131k tasar\u0131m ve g\u00fcvenli kullan\u0131m \u00f6zellikleriyle cinsel ya\u015fam\u0131n\u0131za farkl\u0131l\u0131k katacak bu \u00f6zel \u00fcr\u00fcn, \u015fimdi tam size g\u00f6re!<\/p>\n<p>&nbsp;<\/p>\n<p>&nbsp;<\/p>\n<p><a href=\"http:\/\/api.whatsapp.com\/send?phone=905304676616&amp;text=Sipari%C5%9F%20Vermek%20%C4%B0stiyorum%20haremshop%20BDM1272\"><img fetchpriority=\"high\" decoding=\"async\" class=\"alignnone\" src=\"https:\/\/static.ticimax.cloud\/32886\/uploads\/editoruploads\/whatsapp-destek-hatti.gif\" alt=\"\" width=\"750\" height=\"117\" \/><\/a><\/p>\n","protected":false},"excerpt":{"rendered":"<p>21,8 cm uzunlu\u011funda ve 4,6 cm kal\u0131nl\u0131\u011f\u0131ndaki i\u00e7i dolu, realistik strapon penis; ten dokusunu and\u0131ran \u00f6zel y\u00fczeyiyle, kullan\u0131c\u0131s\u0131na ger\u00e7ek bir deneyim sunmak i\u00e7in tasarland\u0131. V\u00fccuda birebir uyum sa\u011flayan damarl\u0131 yap\u0131 ve detayl\u0131 testis g\u00f6r\u00fcn\u00fcm\u00fc sayesinde daha yo\u011fun ve tatmin edici bir kullan\u0131m imk\u00e2n\u0131 sa\u011flar. Hem partnerli hem de solo kullan\u0131ma uygundur.<\/p>\n","protected":false},"featured_media":43521,"comment_status":"closed","ping_status":"closed","template":"","meta":[],"product_brand":[],"product_cat":[498],"product_tag":[],"class_list":{"0":"post-43519","1":"product","2":"type-product","3":"status-publish","4":"has-post-thumbnail","6":"product_cat-belden-baglamali-penisler","8":"first","9":"instock","10":"purchasable","11":"product-type-simple"},"yoast_head":"<!-- This site is optimized with the Yoast SEO Premium plugin v24.4 (Yoast SEO v27.1.1) - https:\/\/yoast.com\/product\/yoast-seo-premium-wordpress\/ -->\n<title>21,8 Cm Belden Ba\u011flamal\u0131 I\u0307\u00e7i Dolu Strapon Penis - Bursa Erotik Shop<\/title>\n<meta name=\"robots\" content=\"index, follow, max-snippet:-1, max-image-preview:large, max-video-preview:-1\" \/>\n<link rel=\"canonical\" href=\"https:\/\/hobierotikshop.com.tr\/website1\/erotik-shop-urun\/218-cm-belden-baglamali-ici-dolu-strapon-penis\/\" \/>\n<meta property=\"og:locale\" content=\"tr_TR\" \/>\n<meta property=\"og:type\" content=\"article\" \/>\n<meta property=\"og:title\" content=\"21,8 Cm Belden Ba\u011flamal\u0131 I\u0307\u00e7i Dolu Strapon Penis\" \/>\n<meta property=\"og:description\" content=\"21,8 cm uzunlu\u011funda ve 4,6 cm kal\u0131nl\u0131\u011f\u0131ndaki i\u00e7i dolu, realistik strapon penis; ten dokusunu and\u0131ran \u00f6zel y\u00fczeyiyle, kullan\u0131c\u0131s\u0131na ger\u00e7ek bir deneyim sunmak i\u00e7in tasarland\u0131. V\u00fccuda birebir uyum sa\u011flayan damarl\u0131 yap\u0131 ve detayl\u0131 testis g\u00f6r\u00fcn\u00fcm\u00fc sayesinde daha yo\u011fun ve tatmin edici bir kullan\u0131m imk\u00e2n\u0131 sa\u011flar. Hem partnerli hem de solo kullan\u0131ma uygundur.\" \/>\n<meta property=\"og:url\" content=\"https:\/\/hobierotikshop.com.tr\/website1\/erotik-shop-urun\/218-cm-belden-baglamali-ici-dolu-strapon-penis\/\" \/>\n<meta property=\"og:site_name\" content=\"Bursa Erotik Shop\" \/>\n<meta property=\"article:modified_time\" content=\"2026-01-08T23:59:29+00:00\" \/>\n<meta property=\"og:image\" content=\"https:\/\/hobierotikshop.com.tr\/website1\/wp-content\/uploads\/2025\/04\/218-cm-belden-baglamali-ici-dolu-strap-d-cca0.jpg\" \/>\n\t<meta property=\"og:image:width\" content=\"455\" \/>\n\t<meta property=\"og:image:height\" content=\"455\" \/>\n\t<meta property=\"og:image:type\" content=\"image\/jpeg\" \/>\n<meta name=\"twitter:card\" content=\"summary_large_image\" \/>\n<meta name=\"twitter:site\" content=\"@shopbursa\" \/>\n<meta name=\"twitter:label1\" content=\"Fiyat\" \/>\n\t<meta name=\"twitter:data1\" content=\"&#8378;2.600,00\" \/>\n\t<meta name=\"twitter:label2\" content=\"Availability\" \/>\n\t<meta name=\"twitter:data2\" content=\"In stock\" \/>\n<script type=\"application\/ld+json\" class=\"yoast-schema-graph\">{\"@context\":\"https:\/\/schema.org\",\"@graph\":[{\"@type\":\"WebPage\",\"@id\":\"https:\/\/hobierotikshop.com.tr\/website1\/erotik-shop-urun\/218-cm-belden-baglamali-ici-dolu-strapon-penis\/\",\"url\":\"https:\/\/hobierotikshop.com.tr\/website1\/erotik-shop-urun\/218-cm-belden-baglamali-ici-dolu-strapon-penis\/\",\"name\":\"21,8 Cm Belden Ba\u011flamal\u0131 I\u0307\u00e7i Dolu Strapon Penis - Bursa Erotik Shop\",\"isPartOf\":{\"@id\":\"https:\/\/hobierotikshop.com.tr\/website1\/#website\"},\"primaryImageOfPage\":{\"@id\":\"https:\/\/hobierotikshop.com.tr\/website1\/erotik-shop-urun\/218-cm-belden-baglamali-ici-dolu-strapon-penis\/#primaryimage\"},\"image\":{\"@id\":\"https:\/\/hobierotikshop.com.tr\/website1\/erotik-shop-urun\/218-cm-belden-baglamali-ici-dolu-strapon-penis\/#primaryimage\"},\"thumbnailUrl\":\"https:\/\/haremerotikshop.com\/site\/wp-content\/uploads\/2025\/04\/218-cm-belden-baglamali-ici-dolu-strap-d-cca0.jpg\",\"datePublished\":\"2025-04-26T13:44:58+00:00\",\"dateModified\":\"2026-01-08T23:59:29+00:00\",\"breadcrumb\":{\"@id\":\"https:\/\/hobierotikshop.com.tr\/website1\/erotik-shop-urun\/218-cm-belden-baglamali-ici-dolu-strapon-penis\/#breadcrumb\"},\"inLanguage\":\"tr\",\"potentialAction\":[{\"@type\":\"ReadAction\",\"target\":[\"https:\/\/hobierotikshop.com.tr\/website1\/erotik-shop-urun\/218-cm-belden-baglamali-ici-dolu-strapon-penis\/\"]}]},{\"@type\":\"ImageObject\",\"inLanguage\":\"tr\",\"@id\":\"https:\/\/hobierotikshop.com.tr\/website1\/erotik-shop-urun\/218-cm-belden-baglamali-ici-dolu-strapon-penis\/#primaryimage\",\"url\":\"https:\/\/haremerotikshop.com\/site\/wp-content\/uploads\/2025\/04\/218-cm-belden-baglamali-ici-dolu-strap-d-cca0.jpg\",\"contentUrl\":\"https:\/\/haremerotikshop.com\/site\/wp-content\/uploads\/2025\/04\/218-cm-belden-baglamali-ici-dolu-strap-d-cca0.jpg\",\"width\":455,\"height\":455},{\"@type\":\"BreadcrumbList\",\"@id\":\"https:\/\/hobierotikshop.com.tr\/website1\/erotik-shop-urun\/218-cm-belden-baglamali-ici-dolu-strapon-penis\/#breadcrumb\",\"itemListElement\":[{\"@type\":\"ListItem\",\"position\":1,\"name\":\"Anasayfa\",\"item\":\"https:\/\/hobierotikshop.com.tr\/website1\/\"},{\"@type\":\"ListItem\",\"position\":2,\"name\":\"Erotik Shop \u00dcr\u00fcnleri\",\"item\":\"https:\/\/hobierotikshop.com.tr\/website1\/shop\/\"},{\"@type\":\"ListItem\",\"position\":3,\"name\":\"21,8 Cm Belden Ba\u011flamal\u0131 I\u0307\u00e7i Dolu Strapon Penis\"}]},{\"@type\":\"WebSite\",\"@id\":\"https:\/\/hobierotikshop.com.tr\/website1\/#website\",\"url\":\"https:\/\/hobierotikshop.com.tr\/website1\/\",\"name\":\"Bursa Erotik Shop\",\"description\":\"Bursa Erotik Shop ile g\u00fcvenli, gizli ve kaliteli yeti\u015fkin \u00fcr\u00fcnleri al\u0131\u015fveri\u015fi! Geni\u015f \u00fcr\u00fcn yelpazemizi ke\u015ffedin, hemen sipari\u015f verin\",\"publisher\":{\"@id\":\"https:\/\/hobierotikshop.com.tr\/website1\/#organization\"},\"alternateName\":\"Erotik Shop\",\"potentialAction\":[{\"@type\":\"SearchAction\",\"target\":{\"@type\":\"EntryPoint\",\"urlTemplate\":\"https:\/\/hobierotikshop.com.tr\/website1\/?s={search_term_string}\"},\"query-input\":{\"@type\":\"PropertyValueSpecification\",\"valueRequired\":true,\"valueName\":\"search_term_string\"}}],\"inLanguage\":\"tr\"},{\"@type\":\"Organization\",\"@id\":\"https:\/\/hobierotikshop.com.tr\/website1\/#organization\",\"name\":\"Harem Bursa Erotik Shop\",\"url\":\"https:\/\/hobierotikshop.com.tr\/website1\/\",\"logo\":{\"@type\":\"ImageObject\",\"inLanguage\":\"tr\",\"@id\":\"https:\/\/hobierotikshop.com.tr\/website1\/#\/schema\/logo\/image\/\",\"url\":\"https:\/\/haremerotikshop.com\/site\/wp-content\/uploads\/2025\/03\/haremsexshop.png\",\"contentUrl\":\"https:\/\/haremerotikshop.com\/site\/wp-content\/uploads\/2025\/03\/haremsexshop.png\",\"width\":400,\"height\":100,\"caption\":\"Harem Bursa Erotik Shop\"},\"image\":{\"@id\":\"https:\/\/hobierotikshop.com.tr\/website1\/#\/schema\/logo\/image\/\"},\"sameAs\":[\"https:\/\/x.com\/shopbursa\"],\"publishingPrinciples\":\"https:\/\/hobierotikshop.com.tr\/website1\/mesafeli-satis-sozlesmesi\/\",\"ownershipFundingInfo\":\"https:\/\/hobierotikshop.com.tr\/website1\/contact-us\/\",\"actionableFeedbackPolicy\":\"https:\/\/hobierotikshop.com.tr\/website1\/contact-us\/\",\"correctionsPolicy\":\"https:\/\/hobierotikshop.com.tr\/website1\/mesafeli-satis-sozlesmesi\/\"}]}<\/script>\n<meta property=\"product:price:amount\" content=\"2600.00\" \/>\n<meta property=\"product:price:currency\" content=\"TRY\" \/>\n<meta property=\"og:availability\" content=\"instock\" \/>\n<meta property=\"product:availability\" content=\"instock\" \/>\n<meta property=\"product:retailer_item_id\" content=\"BDM1272\" \/>\n<meta property=\"product:condition\" content=\"new\" \/>\n<!-- \/ Yoast SEO Premium plugin. -->","yoast_head_json":{"title":"21,8 Cm Belden Ba\u011flamal\u0131 I\u0307\u00e7i Dolu Strapon Penis - Bursa Erotik Shop","robots":{"index":"index","follow":"follow","max-snippet":"max-snippet:-1","max-image-preview":"max-image-preview:large","max-video-preview":"max-video-preview:-1"},"canonical":"https:\/\/hobierotikshop.com.tr\/website1\/erotik-shop-urun\/218-cm-belden-baglamali-ici-dolu-strapon-penis\/","og_locale":"tr_TR","og_type":"article","og_title":"21,8 Cm Belden Ba\u011flamal\u0131 I\u0307\u00e7i Dolu Strapon Penis","og_description":"21,8 cm uzunlu\u011funda ve 4,6 cm kal\u0131nl\u0131\u011f\u0131ndaki i\u00e7i dolu, realistik strapon penis; ten dokusunu and\u0131ran \u00f6zel y\u00fczeyiyle, kullan\u0131c\u0131s\u0131na ger\u00e7ek bir deneyim sunmak i\u00e7in tasarland\u0131. V\u00fccuda birebir uyum sa\u011flayan damarl\u0131 yap\u0131 ve detayl\u0131 testis g\u00f6r\u00fcn\u00fcm\u00fc sayesinde daha yo\u011fun ve tatmin edici bir kullan\u0131m imk\u00e2n\u0131 sa\u011flar. Hem partnerli hem de solo kullan\u0131ma uygundur.","og_url":"https:\/\/hobierotikshop.com.tr\/website1\/erotik-shop-urun\/218-cm-belden-baglamali-ici-dolu-strapon-penis\/","og_site_name":"Bursa Erotik Shop","article_modified_time":"2026-01-08T23:59:29+00:00","og_image":[{"width":455,"height":455,"url":"https:\/\/hobierotikshop.com.tr\/website1\/wp-content\/uploads\/2025\/04\/218-cm-belden-baglamali-ici-dolu-strap-d-cca0.jpg","type":"image\/jpeg"}],"twitter_card":"summary_large_image","twitter_site":"@shopbursa","twitter_misc":{"Fiyat":"&#8378;2.600,00","Availability":"In stock"},"schema":{"@context":"https:\/\/schema.org","@graph":[{"@type":"WebPage","@id":"https:\/\/hobierotikshop.com.tr\/website1\/erotik-shop-urun\/218-cm-belden-baglamali-ici-dolu-strapon-penis\/","url":"https:\/\/hobierotikshop.com.tr\/website1\/erotik-shop-urun\/218-cm-belden-baglamali-ici-dolu-strapon-penis\/","name":"21,8 Cm Belden Ba\u011flamal\u0131 I\u0307\u00e7i Dolu Strapon Penis - Bursa Erotik Shop","isPartOf":{"@id":"https:\/\/hobierotikshop.com.tr\/website1\/#website"},"primaryImageOfPage":{"@id":"https:\/\/hobierotikshop.com.tr\/website1\/erotik-shop-urun\/218-cm-belden-baglamali-ici-dolu-strapon-penis\/#primaryimage"},"image":{"@id":"https:\/\/hobierotikshop.com.tr\/website1\/erotik-shop-urun\/218-cm-belden-baglamali-ici-dolu-strapon-penis\/#primaryimage"},"thumbnailUrl":"https:\/\/haremerotikshop.com\/site\/wp-content\/uploads\/2025\/04\/218-cm-belden-baglamali-ici-dolu-strap-d-cca0.jpg","datePublished":"2025-04-26T13:44:58+00:00","dateModified":"2026-01-08T23:59:29+00:00","breadcrumb":{"@id":"https:\/\/hobierotikshop.com.tr\/website1\/erotik-shop-urun\/218-cm-belden-baglamali-ici-dolu-strapon-penis\/#breadcrumb"},"inLanguage":"tr","potentialAction":[{"@type":"ReadAction","target":["https:\/\/hobierotikshop.com.tr\/website1\/erotik-shop-urun\/218-cm-belden-baglamali-ici-dolu-strapon-penis\/"]}]},{"@type":"ImageObject","inLanguage":"tr","@id":"https:\/\/hobierotikshop.com.tr\/website1\/erotik-shop-urun\/218-cm-belden-baglamali-ici-dolu-strapon-penis\/#primaryimage","url":"https:\/\/haremerotikshop.com\/site\/wp-content\/uploads\/2025\/04\/218-cm-belden-baglamali-ici-dolu-strap-d-cca0.jpg","contentUrl":"https:\/\/haremerotikshop.com\/site\/wp-content\/uploads\/2025\/04\/218-cm-belden-baglamali-ici-dolu-strap-d-cca0.jpg","width":455,"height":455},{"@type":"BreadcrumbList","@id":"https:\/\/hobierotikshop.com.tr\/website1\/erotik-shop-urun\/218-cm-belden-baglamali-ici-dolu-strapon-penis\/#breadcrumb","itemListElement":[{"@type":"ListItem","position":1,"name":"Anasayfa","item":"https:\/\/hobierotikshop.com.tr\/website1\/"},{"@type":"ListItem","position":2,"name":"Erotik Shop \u00dcr\u00fcnleri","item":"https:\/\/hobierotikshop.com.tr\/website1\/shop\/"},{"@type":"ListItem","position":3,"name":"21,8 Cm Belden Ba\u011flamal\u0131 I\u0307\u00e7i Dolu Strapon Penis"}]},{"@type":"WebSite","@id":"https:\/\/hobierotikshop.com.tr\/website1\/#website","url":"https:\/\/hobierotikshop.com.tr\/website1\/","name":"Bursa Erotik Shop","description":"Bursa Erotik Shop ile g\u00fcvenli, gizli ve kaliteli yeti\u015fkin \u00fcr\u00fcnleri al\u0131\u015fveri\u015fi! Geni\u015f \u00fcr\u00fcn yelpazemizi ke\u015ffedin, hemen sipari\u015f verin","publisher":{"@id":"https:\/\/hobierotikshop.com.tr\/website1\/#organization"},"alternateName":"Erotik Shop","potentialAction":[{"@type":"SearchAction","target":{"@type":"EntryPoint","urlTemplate":"https:\/\/hobierotikshop.com.tr\/website1\/?s={search_term_string}"},"query-input":{"@type":"PropertyValueSpecification","valueRequired":true,"valueName":"search_term_string"}}],"inLanguage":"tr"},{"@type":"Organization","@id":"https:\/\/hobierotikshop.com.tr\/website1\/#organization","name":"Harem Bursa Erotik Shop","url":"https:\/\/hobierotikshop.com.tr\/website1\/","logo":{"@type":"ImageObject","inLanguage":"tr","@id":"https:\/\/hobierotikshop.com.tr\/website1\/#\/schema\/logo\/image\/","url":"https:\/\/haremerotikshop.com\/site\/wp-content\/uploads\/2025\/03\/haremsexshop.png","contentUrl":"https:\/\/haremerotikshop.com\/site\/wp-content\/uploads\/2025\/03\/haremsexshop.png","width":400,"height":100,"caption":"Harem Bursa Erotik Shop"},"image":{"@id":"https:\/\/hobierotikshop.com.tr\/website1\/#\/schema\/logo\/image\/"},"sameAs":["https:\/\/x.com\/shopbursa"],"publishingPrinciples":"https:\/\/hobierotikshop.com.tr\/website1\/mesafeli-satis-sozlesmesi\/","ownershipFundingInfo":"https:\/\/hobierotikshop.com.tr\/website1\/contact-us\/","actionableFeedbackPolicy":"https:\/\/hobierotikshop.com.tr\/website1\/contact-us\/","correctionsPolicy":"https:\/\/hobierotikshop.com.tr\/website1\/mesafeli-satis-sozlesmesi\/"}]},"product_price_amount":"2600.00","product_price_currency":"TRY","og_availability":"instock","product_availability":"instock","product_retailer_item_id":"BDM1272","product_condition":"new"},"_links":{"self":[{"href":"https:\/\/haremerotikshop.com\/site\/wp-json\/wp\/v2\/product\/43519","targetHints":{"allow":["GET"]}}],"collection":[{"href":"https:\/\/haremerotikshop.com\/site\/wp-json\/wp\/v2\/product"}],"about":[{"href":"https:\/\/haremerotikshop.com\/site\/wp-json\/wp\/v2\/types\/product"}],"replies":[{"embeddable":true,"href":"https:\/\/haremerotikshop.com\/site\/wp-json\/wp\/v2\/comments?post=43519"}],"version-history":[{"count":0,"href":"https:\/\/haremerotikshop.com\/site\/wp-json\/wp\/v2\/product\/43519\/revisions"}],"wp:featuredmedia":[{"embeddable":true,"href":"https:\/\/haremerotikshop.com\/site\/wp-json\/wp\/v2\/media\/43521"}],"wp:attachment":[{"href":"https:\/\/haremerotikshop.com\/site\/wp-json\/wp\/v2\/media?parent=43519"}],"wp:term":[{"taxonomy":"product_brand","embeddable":true,"href":"https:\/\/haremerotikshop.com\/site\/wp-json\/wp\/v2\/product_brand?post=43519"},{"taxonomy":"product_cat","embeddable":true,"href":"https:\/\/haremerotikshop.com\/site\/wp-json\/wp\/v2\/product_cat?post=43519"},{"taxonomy":"product_tag","embeddable":true,"href":"https:\/\/haremerotikshop.com\/site\/wp-json\/wp\/v2\/product_tag?post=43519"}],"curies":[{"name":"wp","href":"https:\/\/api.w.org\/{rel}","templated":true}]}}