{"id":43533,"date":"2025-04-26T16:44:58","date_gmt":"2025-04-26T13:44:58","guid":{"rendered":"https:\/\/haremerotikshop.com\/site\/erotik-shop-urun\/3-boyutlu-2-islevli-titresimli-suni-vajinal-ve-anal-masturbator-jessica\/"},"modified":"2026-01-09T02:59:26","modified_gmt":"2026-01-08T23:59:26","slug":"3-boyutlu-2-islevli-titresimli-suni-vajinal-ve-anal-masturbator-jessica","status":"publish","type":"product","link":"https:\/\/haremerotikshop.com\/site\/erotik-shop-urun\/3-boyutlu-2-islevli-titresimli-suni-vajinal-ve-anal-masturbator-jessica\/","title":{"rendered":"3 Boyutlu 2 I\u0307\u015flevli Titre\u015fimli Suni Vajinal Ve Anal Masturbat\u00f6r &#8211; Jessica"},"content":{"rendered":"<p>&nbsp;<\/p>\n<h2 class=\"\" data-start=\"290\" data-end=\"370\"><strong data-start=\"293\" data-end=\"370\">3 Boyutlu 2 \u0130\u015flevli Titre\u015fimli Suni Vajinal ve Anal Mast\u00fcrbat\u00f6r \u2013 Jessica<\/strong><\/h2>\n<h3 class=\"\" data-start=\"372\" data-end=\"425\"><strong data-start=\"376\" data-end=\"425\">Ger\u00e7e\u011fe En Yak\u0131n Deneyim, \u00c7ift Giri\u015fli Keyif!<\/strong><\/h3>\n<p class=\"\" data-start=\"427\" data-end=\"718\">Ger\u00e7ek ten dokusuna en yak\u0131n \u00f6zel LoveCloneRx malzemesiyle \u00fcretilen <strong data-start=\"495\" data-end=\"521\">Jessica 3D Mast\u00fcrbat\u00f6r<\/strong>, hem vajinal hem anal giri\u015f \u00f6zelli\u011fiyle e\u015fsiz bir deneyim sunar. Ultra yumu\u015fak, p\u00fcr\u00fczs\u00fcz y\u00fczeyi sayesinde ger\u00e7ek bir temas\u0131 and\u0131ran bu \u00fcr\u00fcn, 2 ayr\u0131 titre\u015fim motoruyla \u00e7ok daha yo\u011fun uyar\u0131m sa\u011flar.<\/p>\n<p class=\"\" data-start=\"720\" data-end=\"917\">Hem anatomik yap\u0131s\u0131 hem de t\u0131rt\u0131kl\u0131, nod\u00fcll\u00fc i\u00e7 dokusu sayesinde kullan\u0131m s\u0131ras\u0131nda maksimum haz alman\u0131z\u0131 destekler. Mast\u00fcrbat\u00f6r\u00fcn \u00f6zel file \u00e7orap desenli d\u0131\u015f y\u00fczeyi, g\u00f6rsel olarak da cezbedicidir.<\/p>\n<hr class=\"\" data-start=\"919\" data-end=\"922\" \/>\n<h3 class=\"\" data-start=\"924\" data-end=\"949\"><strong data-start=\"928\" data-end=\"949\">\u00dcr\u00fcn \u00d6zellikleri:<\/strong><\/h3>\n<ul data-start=\"951\" data-end=\"1405\">\n<li class=\"\" data-start=\"951\" data-end=\"1027\">\n<p class=\"\" data-start=\"953\" data-end=\"1027\"><strong data-start=\"953\" data-end=\"965\">Malzeme:<\/strong> LoveCloneRx \u2013 Ger\u00e7ek ten hissiyat\u0131 sunan cilt dostu malzeme<\/p>\n<\/li>\n<li class=\"\" data-start=\"1028\" data-end=\"1087\">\n<p class=\"\" data-start=\"1030\" data-end=\"1087\"><strong data-start=\"1030\" data-end=\"1040\">\u0130\u015flev:<\/strong> \u00c7ift giri\u015fli \u2013 Hem vajinal hem anal kullan\u0131m<\/p>\n<\/li>\n<li class=\"\" data-start=\"1088\" data-end=\"1152\">\n<p class=\"\" data-start=\"1090\" data-end=\"1152\"><strong data-start=\"1090\" data-end=\"1103\">Titre\u015fim:<\/strong> 2 adet g\u00fc\u00e7l\u00fc titre\u015fim motoru ile ekstra uyar\u0131m<\/p>\n<\/li>\n<li class=\"\" data-start=\"1153\" data-end=\"1202\">\n<p class=\"\" data-start=\"1155\" data-end=\"1202\"><strong data-start=\"1155\" data-end=\"1164\">Doku:<\/strong> \u0130\u00e7 y\u00fczey nod\u00fcll\u00fc ve t\u0131rt\u0131kl\u0131 yap\u0131da<\/p>\n<\/li>\n<li class=\"\" data-start=\"1203\" data-end=\"1269\">\n<p class=\"\" data-start=\"1205\" data-end=\"1269\"><strong data-start=\"1205\" data-end=\"1217\">Tasar\u0131m:<\/strong> \u00d6zel desenli, 3 boyutlu g\u00f6r\u00fcn\u00fcml\u00fc estetik tasar\u0131m<\/p>\n<\/li>\n<li class=\"\" data-start=\"1270\" data-end=\"1345\">\n<p class=\"\" data-start=\"1272\" data-end=\"1345\"><strong data-start=\"1272\" data-end=\"1285\">Temizlik:<\/strong> Y\u0131kanabilir, elastikiyetini kaybetmeyen dayan\u0131kl\u0131 malzeme<\/p>\n<\/li>\n<li class=\"\" data-start=\"1346\" data-end=\"1405\">\n<p class=\"\" data-start=\"1348\" data-end=\"1405\"><strong data-start=\"1348\" data-end=\"1356\">G\u00fc\u00e7:<\/strong> 3 adet AAA pil ile \u00e7al\u0131\u015f\u0131r (piller ayr\u0131 sat\u0131l\u0131r)<\/p>\n<\/li>\n<\/ul>\n<hr class=\"\" data-start=\"1407\" data-end=\"1410\" \/>\n<h3 class=\"\" data-start=\"1412\" data-end=\"1435\"><strong data-start=\"1416\" data-end=\"1435\">\u00dcr\u00fcn Boyutlar\u0131:<\/strong><\/h3>\n<ul data-start=\"1437\" data-end=\"1536\">\n<li class=\"\" data-start=\"1437\" data-end=\"1459\">\n<p class=\"\" data-start=\"1439\" data-end=\"1459\"><strong data-start=\"1439\" data-end=\"1451\">Uzunluk:<\/strong> 16 cm<\/p>\n<\/li>\n<li class=\"\" data-start=\"1460\" data-end=\"1485\">\n<p class=\"\" data-start=\"1462\" data-end=\"1485\"><strong data-start=\"1462\" data-end=\"1475\">Geni\u015flik:<\/strong> 15,5 cm<\/p>\n<\/li>\n<li class=\"\" data-start=\"1486\" data-end=\"1511\">\n<p class=\"\" data-start=\"1488\" data-end=\"1511\"><strong data-start=\"1488\" data-end=\"1502\">Y\u00fckseklik:<\/strong> 9,5 cm<\/p>\n<\/li>\n<li class=\"\" data-start=\"1512\" data-end=\"1536\">\n<p class=\"\" data-start=\"1514\" data-end=\"1536\"><strong data-start=\"1514\" data-end=\"1526\">A\u011f\u0131rl\u0131k:<\/strong> 1185 gr<\/p>\n<\/li>\n<\/ul>\n<hr class=\"\" data-start=\"1538\" data-end=\"1541\" \/>\n<h3 class=\"\" data-start=\"1543\" data-end=\"1577\"><strong data-start=\"1547\" data-end=\"1577\">Neden Jessica Mast\u00fcrbat\u00f6r?<\/strong><\/h3>\n<p class=\"\" data-start=\"1579\" data-end=\"1823\">\u2705 Ger\u00e7ek\u00e7i ten dokusu sayesinde maksimum ger\u00e7eklik hissi<br data-start=\"1635\" data-end=\"1638\" \/>\u2705 \u00c7ift kullan\u0131m se\u00e7ene\u011fi ile farkl\u0131 fantezilere uygun<br data-start=\"1691\" data-end=\"1694\" \/>\u2705 G\u00fc\u00e7l\u00fc titre\u015fim motorlar\u0131 ile y\u00fcksek uyar\u0131m<br data-start=\"1738\" data-end=\"1741\" \/>\u2705 Kolay temizlenebilir ve uzun \u00f6m\u00fcrl\u00fc yap\u0131<br data-start=\"1783\" data-end=\"1786\" \/>\u2705 Estetik ve etkileyici d\u0131\u015f tasar\u0131m<\/p>\n<hr class=\"\" data-start=\"1825\" data-end=\"1828\" \/>\n<h3 class=\"\" data-start=\"1830\" data-end=\"1863\"><strong data-start=\"1834\" data-end=\"1863\">Gizli ve G\u00fcvenli Teslimat<\/strong><\/h3>\n<p class=\"\" data-start=\"1865\" data-end=\"2067\">Sipari\u015fleriniz <strong data-start=\"1880\" data-end=\"1941\">i\u00e7eri\u011fi belli olmayacak \u015fekilde gizli ve kapal\u0131 kolilerde<\/strong> g\u00f6nderilir. Kargonuz h\u0131zl\u0131 ve g\u00fcvenli bir \u015fekilde, isterseniz adresinize teslim edilir, isterseniz \u015fubeden teslim al\u0131nabilir.<\/p>\n<hr class=\"\" data-start=\"2069\" data-end=\"2072\" \/>\n<h3 class=\"\" data-start=\"2074\" data-end=\"2100\"><strong data-start=\"2078\" data-end=\"2100\">\u00d6deme Se\u00e7enekleri:<\/strong><\/h3>\n<p class=\"\" data-start=\"2102\" data-end=\"2219\">\ud83d\udcb3 Kap\u0131da nakit veya kredi kart\u0131 ile \u00f6deme<br data-start=\"2144\" data-end=\"2147\" \/>\ud83c\udfe6 Banka havalesi ile \u00f6deme se\u00e7ene\u011fi<br data-start=\"2183\" data-end=\"2186\" \/>\ud83e\uddfe Tek \u00e7ekim veya taksit imk\u00e2n\u0131<\/p>\n<hr class=\"\" data-start=\"2221\" data-end=\"2224\" \/>\n<h3 class=\"\" data-start=\"2226\" data-end=\"2276\"><strong data-start=\"2230\" data-end=\"2276\">Kalite, Mahremiyet ve Memnuniyet Garantisi<\/strong><\/h3>\n<p class=\"\" data-start=\"2278\" data-end=\"2436\">T\u00fcm \u00fcr\u00fcnlerimiz orijinal, fatural\u0131 ve <strong data-start=\"2316\" data-end=\"2346\">firmam\u0131z g\u00fcvencesi alt\u0131nda<\/strong> g\u00f6nderilir. Gizlilik ilkemiz gere\u011fi \u00fcr\u00fcn i\u00e7erikleri hi\u00e7bir \u015fekilde d\u0131\u015far\u0131dan anla\u015f\u0131lmaz.<\/p>\n<p class=\"\" data-start=\"2438\" data-end=\"2592\">\ud83c\udfaf <em data-start=\"2441\" data-end=\"2476\">Jessica 3D Titre\u015fimli Mast\u00fcrbat\u00f6r<\/em>, ger\u00e7ek\u00e7i deneyimi, konforlu kullan\u0131m\u0131 ve \u00e7ift i\u015flevli yap\u0131s\u0131yla ki\u015fisel haz koleksiyonunuza e\u015fsiz bir katk\u0131 sunar.<\/p>\n<p>&nbsp;<\/p>\n<p>&nbsp;<\/p>\n<p><a href=\"http:\/\/api.whatsapp.com\/send?phone=905304676616&amp;text=Sipari%C5%9F%20Vermek%20%C4%B0stiyorum%20haremshop%20BDM1274\"><img fetchpriority=\"high\" decoding=\"async\" class=\"alignnone\" src=\"https:\/\/static.ticimax.cloud\/32886\/uploads\/editoruploads\/whatsapp-destek-hatti.gif\" alt=\"\" width=\"750\" height=\"117\" \/><\/a><\/p>\n<p><img decoding=\"async\" style=\"height: 400px;width: 400px\" src=\"https:\/\/static.ticimax.cloud\/32886\/uploads\/editoruploads\/bm-009182_06.gif\" alt=\"\" \/><img decoding=\"async\" style=\"height: 400px;width: 400px\" src=\"https:\/\/static.ticimax.cloud\/32886\/uploads\/editoruploads\/bm-009182_07.gif\" alt=\"\" \/><\/p>\n<p>&nbsp;<\/p>\n","protected":false},"excerpt":{"rendered":"<p class=\"\" data-start=\"427\" data-end=\"718\">Ger\u00e7ek ten dokusuna en yak\u0131n \u00f6zel LoveCloneRx malzemesiyle \u00fcretilen <strong data-start=\"495\" data-end=\"521\">Jessica 3D Mast\u00fcrbat\u00f6r<\/strong>, hem vajinal hem anal giri\u015f \u00f6zelli\u011fiyle e\u015fsiz bir deneyim sunar. Ultra yumu\u015fak, p\u00fcr\u00fczs\u00fcz y\u00fczeyi sayesinde ger\u00e7ek bir temas\u0131 and\u0131ran bu \u00fcr\u00fcn, 2 ayr\u0131 titre\u015fim motoruyla \u00e7ok daha yo\u011fun uyar\u0131m sa\u011flar.<\/p>\n<p class=\"\" data-start=\"720\" data-end=\"917\">Hem anatomik yap\u0131s\u0131 hem de t\u0131rt\u0131kl\u0131, nod\u00fcll\u00fc i\u00e7 dokusu sayesinde kullan\u0131m s\u0131ras\u0131nda maksimum haz alman\u0131z\u0131 destekler. Mast\u00fcrbat\u00f6r\u00fcn \u00f6zel file \u00e7orap desenli d\u0131\u015f y\u00fczeyi, g\u00f6rsel olarak da cezbedicidir.<\/p>\n","protected":false},"featured_media":43535,"comment_status":"closed","ping_status":"closed","template":"","meta":[],"product_brand":[],"product_cat":[502],"product_tag":[],"class_list":{"0":"post-43533","1":"product","2":"type-product","3":"status-publish","4":"has-post-thumbnail","6":"product_cat-kalca-ve-yarim-vucut-masturbator","8":"first","9":"instock","10":"purchasable","11":"product-type-simple"},"yoast_head":"<!-- This site is optimized with the Yoast SEO Premium plugin v24.4 (Yoast SEO v27.1.1) - https:\/\/yoast.com\/product\/yoast-seo-premium-wordpress\/ -->\n<title>3 Boyutlu 2 I\u0307\u015flevli Titre\u015fimli Suni Vajinal Ve Anal Masturbat\u00f6r - Jessica - Bursa Erotik Shop<\/title>\n<meta name=\"robots\" content=\"index, follow, max-snippet:-1, max-image-preview:large, max-video-preview:-1\" \/>\n<link rel=\"canonical\" href=\"https:\/\/hobierotikshop.com.tr\/website1\/erotik-shop-urun\/3-boyutlu-2-islevli-titresimli-suni-vajinal-ve-anal-masturbator-jessica\/\" \/>\n<meta property=\"og:locale\" content=\"tr_TR\" \/>\n<meta property=\"og:type\" content=\"article\" \/>\n<meta property=\"og:title\" content=\"3 Boyutlu 2 I\u0307\u015flevli Titre\u015fimli Suni Vajinal Ve Anal Masturbat\u00f6r - Jessica\" \/>\n<meta property=\"og:description\" content=\"Ger\u00e7ek ten dokusuna en yak\u0131n \u00f6zel LoveCloneRx malzemesiyle \u00fcretilen Jessica 3D Mast\u00fcrbat\u00f6r, hem vajinal hem anal giri\u015f \u00f6zelli\u011fiyle e\u015fsiz bir deneyim sunar. Ultra yumu\u015fak, p\u00fcr\u00fczs\u00fcz y\u00fczeyi sayesinde ger\u00e7ek bir temas\u0131 and\u0131ran bu \u00fcr\u00fcn, 2 ayr\u0131 titre\u015fim motoruyla \u00e7ok daha yo\u011fun uyar\u0131m sa\u011flar. Hem anatomik yap\u0131s\u0131 hem de t\u0131rt\u0131kl\u0131, nod\u00fcll\u00fc i\u00e7 dokusu sayesinde kullan\u0131m s\u0131ras\u0131nda maksimum haz alman\u0131z\u0131 destekler. Mast\u00fcrbat\u00f6r\u00fcn \u00f6zel file \u00e7orap desenli d\u0131\u015f y\u00fczeyi, g\u00f6rsel olarak da cezbedicidir.\" \/>\n<meta property=\"og:url\" content=\"https:\/\/hobierotikshop.com.tr\/website1\/erotik-shop-urun\/3-boyutlu-2-islevli-titresimli-suni-vajinal-ve-anal-masturbator-jessica\/\" \/>\n<meta property=\"og:site_name\" content=\"Bursa Erotik Shop\" \/>\n<meta property=\"article:modified_time\" content=\"2026-01-08T23:59:26+00:00\" \/>\n<meta property=\"og:image\" content=\"https:\/\/hobierotikshop.com.tr\/website1\/wp-content\/uploads\/2025\/04\/3-boyutlu-2-islevli-titresimli-suni-va-f2a797.jpg\" \/>\n\t<meta property=\"og:image:width\" content=\"455\" \/>\n\t<meta property=\"og:image:height\" content=\"455\" \/>\n\t<meta property=\"og:image:type\" content=\"image\/jpeg\" \/>\n<meta name=\"twitter:card\" content=\"summary_large_image\" \/>\n<meta name=\"twitter:site\" content=\"@shopbursa\" \/>\n<meta name=\"twitter:label1\" content=\"Fiyat\" \/>\n\t<meta name=\"twitter:data1\" content=\"&#8378;5.000,00\" \/>\n\t<meta name=\"twitter:label2\" content=\"Availability\" \/>\n\t<meta name=\"twitter:data2\" content=\"In stock\" \/>\n<script type=\"application\/ld+json\" class=\"yoast-schema-graph\">{\"@context\":\"https:\/\/schema.org\",\"@graph\":[{\"@type\":\"WebPage\",\"@id\":\"https:\/\/hobierotikshop.com.tr\/website1\/erotik-shop-urun\/3-boyutlu-2-islevli-titresimli-suni-vajinal-ve-anal-masturbator-jessica\/\",\"url\":\"https:\/\/hobierotikshop.com.tr\/website1\/erotik-shop-urun\/3-boyutlu-2-islevli-titresimli-suni-vajinal-ve-anal-masturbator-jessica\/\",\"name\":\"3 Boyutlu 2 I\u0307\u015flevli Titre\u015fimli Suni Vajinal Ve Anal Masturbat\u00f6r - Jessica - Bursa Erotik Shop\",\"isPartOf\":{\"@id\":\"https:\/\/bursashop.com\/web\/#website\"},\"primaryImageOfPage\":{\"@id\":\"https:\/\/hobierotikshop.com.tr\/website1\/erotik-shop-urun\/3-boyutlu-2-islevli-titresimli-suni-vajinal-ve-anal-masturbator-jessica\/#primaryimage\"},\"image\":{\"@id\":\"https:\/\/hobierotikshop.com.tr\/website1\/erotik-shop-urun\/3-boyutlu-2-islevli-titresimli-suni-vajinal-ve-anal-masturbator-jessica\/#primaryimage\"},\"thumbnailUrl\":\"https:\/\/haremerotikshop.com\/site\/wp-content\/uploads\/2025\/04\/3-boyutlu-2-islevli-titresimli-suni-va-f2a797.jpg\",\"datePublished\":\"2025-04-26T13:44:58+00:00\",\"dateModified\":\"2026-01-08T23:59:26+00:00\",\"breadcrumb\":{\"@id\":\"https:\/\/hobierotikshop.com.tr\/website1\/erotik-shop-urun\/3-boyutlu-2-islevli-titresimli-suni-vajinal-ve-anal-masturbator-jessica\/#breadcrumb\"},\"inLanguage\":\"tr\",\"potentialAction\":[{\"@type\":\"ReadAction\",\"target\":[\"https:\/\/hobierotikshop.com.tr\/website1\/erotik-shop-urun\/3-boyutlu-2-islevli-titresimli-suni-vajinal-ve-anal-masturbator-jessica\/\"]}]},{\"@type\":\"ImageObject\",\"inLanguage\":\"tr\",\"@id\":\"https:\/\/hobierotikshop.com.tr\/website1\/erotik-shop-urun\/3-boyutlu-2-islevli-titresimli-suni-vajinal-ve-anal-masturbator-jessica\/#primaryimage\",\"url\":\"https:\/\/haremerotikshop.com\/site\/wp-content\/uploads\/2025\/04\/3-boyutlu-2-islevli-titresimli-suni-va-f2a797.jpg\",\"contentUrl\":\"https:\/\/haremerotikshop.com\/site\/wp-content\/uploads\/2025\/04\/3-boyutlu-2-islevli-titresimli-suni-va-f2a797.jpg\",\"width\":455,\"height\":455},{\"@type\":\"BreadcrumbList\",\"@id\":\"https:\/\/hobierotikshop.com.tr\/website1\/erotik-shop-urun\/3-boyutlu-2-islevli-titresimli-suni-vajinal-ve-anal-masturbator-jessica\/#breadcrumb\",\"itemListElement\":[{\"@type\":\"ListItem\",\"position\":1,\"name\":\"Anasayfa\",\"item\":\"https:\/\/hobierotikshop.com.tr\/website1\/\"},{\"@type\":\"ListItem\",\"position\":2,\"name\":\"Erotik Shop \u00dcr\u00fcnleri\",\"item\":\"https:\/\/hobierotikshop.com.tr\/website1\/shop\/\"},{\"@type\":\"ListItem\",\"position\":3,\"name\":\"3 Boyutlu 2 I\u0307\u015flevli Titre\u015fimli Suni Vajinal Ve Anal Masturbat\u00f6r &#8211; Jessica\"}]},{\"@type\":\"WebSite\",\"@id\":\"https:\/\/bursashop.com\/web\/#website\",\"url\":\"https:\/\/bursashop.com\/web\/\",\"name\":\"Bursa Erotik Shop\",\"description\":\"Bursa Erotik Shop ile g\u00fcvenli, gizli ve kaliteli yeti\u015fkin \u00fcr\u00fcnleri al\u0131\u015fveri\u015fi! Geni\u015f \u00fcr\u00fcn yelpazemizi ke\u015ffedin, hemen sipari\u015f verin\",\"publisher\":{\"@id\":\"https:\/\/bursashop.com\/web\/#organization\"},\"alternateName\":\"Erotik Shop\",\"potentialAction\":[{\"@type\":\"SearchAction\",\"target\":{\"@type\":\"EntryPoint\",\"urlTemplate\":\"https:\/\/bursashop.com\/web\/?s={search_term_string}\"},\"query-input\":{\"@type\":\"PropertyValueSpecification\",\"valueRequired\":true,\"valueName\":\"search_term_string\"}}],\"inLanguage\":\"tr\"},{\"@type\":\"Organization\",\"@id\":\"https:\/\/bursashop.com\/web\/#organization\",\"name\":\"Harem Bursa Erotik Shop\",\"url\":\"https:\/\/bursashop.com\/web\/\",\"logo\":{\"@type\":\"ImageObject\",\"inLanguage\":\"tr\",\"@id\":\"https:\/\/bursashop.com\/web\/#\/schema\/logo\/image\/\",\"url\":\"https:\/\/haremerotikshop.com\/wp-content\/uploads\/2025\/03\/haremsexshop.png\",\"contentUrl\":\"https:\/\/haremerotikshop.com\/wp-content\/uploads\/2025\/03\/haremsexshop.png\",\"width\":400,\"height\":100,\"caption\":\"Harem Bursa Erotik Shop\"},\"image\":{\"@id\":\"https:\/\/bursashop.com\/web\/#\/schema\/logo\/image\/\"},\"sameAs\":[\"https:\/\/x.com\/shopbursa\"],\"publishingPrinciples\":\"https:\/\/hobierotikshop.com.tr\/website1\/mesafeli-satis-sozlesmesi\/\",\"ownershipFundingInfo\":\"https:\/\/hobierotikshop.com.tr\/website1\/contact-us\/\",\"actionableFeedbackPolicy\":\"https:\/\/hobierotikshop.com.tr\/website1\/contact-us\/\",\"correctionsPolicy\":\"https:\/\/hobierotikshop.com.tr\/website1\/mesafeli-satis-sozlesmesi\/\"}]}<\/script>\n<meta property=\"product:price:amount\" content=\"5000.00\" \/>\n<meta property=\"product:price:currency\" content=\"TRY\" \/>\n<meta property=\"og:availability\" content=\"instock\" \/>\n<meta property=\"product:availability\" content=\"instock\" \/>\n<meta property=\"product:retailer_item_id\" content=\"BDM1274\" \/>\n<meta property=\"product:condition\" content=\"new\" \/>\n<!-- \/ Yoast SEO Premium plugin. -->","yoast_head_json":{"title":"3 Boyutlu 2 I\u0307\u015flevli Titre\u015fimli Suni Vajinal Ve Anal Masturbat\u00f6r - Jessica - Bursa Erotik Shop","robots":{"index":"index","follow":"follow","max-snippet":"max-snippet:-1","max-image-preview":"max-image-preview:large","max-video-preview":"max-video-preview:-1"},"canonical":"https:\/\/hobierotikshop.com.tr\/website1\/erotik-shop-urun\/3-boyutlu-2-islevli-titresimli-suni-vajinal-ve-anal-masturbator-jessica\/","og_locale":"tr_TR","og_type":"article","og_title":"3 Boyutlu 2 I\u0307\u015flevli Titre\u015fimli Suni Vajinal Ve Anal Masturbat\u00f6r - Jessica","og_description":"Ger\u00e7ek ten dokusuna en yak\u0131n \u00f6zel LoveCloneRx malzemesiyle \u00fcretilen Jessica 3D Mast\u00fcrbat\u00f6r, hem vajinal hem anal giri\u015f \u00f6zelli\u011fiyle e\u015fsiz bir deneyim sunar. Ultra yumu\u015fak, p\u00fcr\u00fczs\u00fcz y\u00fczeyi sayesinde ger\u00e7ek bir temas\u0131 and\u0131ran bu \u00fcr\u00fcn, 2 ayr\u0131 titre\u015fim motoruyla \u00e7ok daha yo\u011fun uyar\u0131m sa\u011flar. Hem anatomik yap\u0131s\u0131 hem de t\u0131rt\u0131kl\u0131, nod\u00fcll\u00fc i\u00e7 dokusu sayesinde kullan\u0131m s\u0131ras\u0131nda maksimum haz alman\u0131z\u0131 destekler. Mast\u00fcrbat\u00f6r\u00fcn \u00f6zel file \u00e7orap desenli d\u0131\u015f y\u00fczeyi, g\u00f6rsel olarak da cezbedicidir.","og_url":"https:\/\/hobierotikshop.com.tr\/website1\/erotik-shop-urun\/3-boyutlu-2-islevli-titresimli-suni-vajinal-ve-anal-masturbator-jessica\/","og_site_name":"Bursa Erotik Shop","article_modified_time":"2026-01-08T23:59:26+00:00","og_image":[{"width":455,"height":455,"url":"https:\/\/hobierotikshop.com.tr\/website1\/wp-content\/uploads\/2025\/04\/3-boyutlu-2-islevli-titresimli-suni-va-f2a797.jpg","type":"image\/jpeg"}],"twitter_card":"summary_large_image","twitter_site":"@shopbursa","twitter_misc":{"Fiyat":"&#8378;5.000,00","Availability":"In stock"},"schema":{"@context":"https:\/\/schema.org","@graph":[{"@type":"WebPage","@id":"https:\/\/hobierotikshop.com.tr\/website1\/erotik-shop-urun\/3-boyutlu-2-islevli-titresimli-suni-vajinal-ve-anal-masturbator-jessica\/","url":"https:\/\/hobierotikshop.com.tr\/website1\/erotik-shop-urun\/3-boyutlu-2-islevli-titresimli-suni-vajinal-ve-anal-masturbator-jessica\/","name":"3 Boyutlu 2 I\u0307\u015flevli Titre\u015fimli Suni Vajinal Ve Anal Masturbat\u00f6r - Jessica - Bursa Erotik Shop","isPartOf":{"@id":"https:\/\/bursashop.com\/web\/#website"},"primaryImageOfPage":{"@id":"https:\/\/hobierotikshop.com.tr\/website1\/erotik-shop-urun\/3-boyutlu-2-islevli-titresimli-suni-vajinal-ve-anal-masturbator-jessica\/#primaryimage"},"image":{"@id":"https:\/\/hobierotikshop.com.tr\/website1\/erotik-shop-urun\/3-boyutlu-2-islevli-titresimli-suni-vajinal-ve-anal-masturbator-jessica\/#primaryimage"},"thumbnailUrl":"https:\/\/haremerotikshop.com\/site\/wp-content\/uploads\/2025\/04\/3-boyutlu-2-islevli-titresimli-suni-va-f2a797.jpg","datePublished":"2025-04-26T13:44:58+00:00","dateModified":"2026-01-08T23:59:26+00:00","breadcrumb":{"@id":"https:\/\/hobierotikshop.com.tr\/website1\/erotik-shop-urun\/3-boyutlu-2-islevli-titresimli-suni-vajinal-ve-anal-masturbator-jessica\/#breadcrumb"},"inLanguage":"tr","potentialAction":[{"@type":"ReadAction","target":["https:\/\/hobierotikshop.com.tr\/website1\/erotik-shop-urun\/3-boyutlu-2-islevli-titresimli-suni-vajinal-ve-anal-masturbator-jessica\/"]}]},{"@type":"ImageObject","inLanguage":"tr","@id":"https:\/\/hobierotikshop.com.tr\/website1\/erotik-shop-urun\/3-boyutlu-2-islevli-titresimli-suni-vajinal-ve-anal-masturbator-jessica\/#primaryimage","url":"https:\/\/haremerotikshop.com\/site\/wp-content\/uploads\/2025\/04\/3-boyutlu-2-islevli-titresimli-suni-va-f2a797.jpg","contentUrl":"https:\/\/haremerotikshop.com\/site\/wp-content\/uploads\/2025\/04\/3-boyutlu-2-islevli-titresimli-suni-va-f2a797.jpg","width":455,"height":455},{"@type":"BreadcrumbList","@id":"https:\/\/hobierotikshop.com.tr\/website1\/erotik-shop-urun\/3-boyutlu-2-islevli-titresimli-suni-vajinal-ve-anal-masturbator-jessica\/#breadcrumb","itemListElement":[{"@type":"ListItem","position":1,"name":"Anasayfa","item":"https:\/\/hobierotikshop.com.tr\/website1\/"},{"@type":"ListItem","position":2,"name":"Erotik Shop \u00dcr\u00fcnleri","item":"https:\/\/hobierotikshop.com.tr\/website1\/shop\/"},{"@type":"ListItem","position":3,"name":"3 Boyutlu 2 I\u0307\u015flevli Titre\u015fimli Suni Vajinal Ve Anal Masturbat\u00f6r &#8211; Jessica"}]},{"@type":"WebSite","@id":"https:\/\/bursashop.com\/web\/#website","url":"https:\/\/bursashop.com\/web\/","name":"Bursa Erotik Shop","description":"Bursa Erotik Shop ile g\u00fcvenli, gizli ve kaliteli yeti\u015fkin \u00fcr\u00fcnleri al\u0131\u015fveri\u015fi! Geni\u015f \u00fcr\u00fcn yelpazemizi ke\u015ffedin, hemen sipari\u015f verin","publisher":{"@id":"https:\/\/bursashop.com\/web\/#organization"},"alternateName":"Erotik Shop","potentialAction":[{"@type":"SearchAction","target":{"@type":"EntryPoint","urlTemplate":"https:\/\/bursashop.com\/web\/?s={search_term_string}"},"query-input":{"@type":"PropertyValueSpecification","valueRequired":true,"valueName":"search_term_string"}}],"inLanguage":"tr"},{"@type":"Organization","@id":"https:\/\/bursashop.com\/web\/#organization","name":"Harem Bursa Erotik Shop","url":"https:\/\/bursashop.com\/web\/","logo":{"@type":"ImageObject","inLanguage":"tr","@id":"https:\/\/bursashop.com\/web\/#\/schema\/logo\/image\/","url":"https:\/\/haremerotikshop.com\/wp-content\/uploads\/2025\/03\/haremsexshop.png","contentUrl":"https:\/\/haremerotikshop.com\/wp-content\/uploads\/2025\/03\/haremsexshop.png","width":400,"height":100,"caption":"Harem Bursa Erotik Shop"},"image":{"@id":"https:\/\/bursashop.com\/web\/#\/schema\/logo\/image\/"},"sameAs":["https:\/\/x.com\/shopbursa"],"publishingPrinciples":"https:\/\/hobierotikshop.com.tr\/website1\/mesafeli-satis-sozlesmesi\/","ownershipFundingInfo":"https:\/\/hobierotikshop.com.tr\/website1\/contact-us\/","actionableFeedbackPolicy":"https:\/\/hobierotikshop.com.tr\/website1\/contact-us\/","correctionsPolicy":"https:\/\/hobierotikshop.com.tr\/website1\/mesafeli-satis-sozlesmesi\/"}]},"product_price_amount":"5000.00","product_price_currency":"TRY","og_availability":"instock","product_availability":"instock","product_retailer_item_id":"BDM1274","product_condition":"new"},"_links":{"self":[{"href":"https:\/\/haremerotikshop.com\/site\/wp-json\/wp\/v2\/product\/43533","targetHints":{"allow":["GET"]}}],"collection":[{"href":"https:\/\/haremerotikshop.com\/site\/wp-json\/wp\/v2\/product"}],"about":[{"href":"https:\/\/haremerotikshop.com\/site\/wp-json\/wp\/v2\/types\/product"}],"replies":[{"embeddable":true,"href":"https:\/\/haremerotikshop.com\/site\/wp-json\/wp\/v2\/comments?post=43533"}],"version-history":[{"count":0,"href":"https:\/\/haremerotikshop.com\/site\/wp-json\/wp\/v2\/product\/43533\/revisions"}],"wp:featuredmedia":[{"embeddable":true,"href":"https:\/\/haremerotikshop.com\/site\/wp-json\/wp\/v2\/media\/43535"}],"wp:attachment":[{"href":"https:\/\/haremerotikshop.com\/site\/wp-json\/wp\/v2\/media?parent=43533"}],"wp:term":[{"taxonomy":"product_brand","embeddable":true,"href":"https:\/\/haremerotikshop.com\/site\/wp-json\/wp\/v2\/product_brand?post=43533"},{"taxonomy":"product_cat","embeddable":true,"href":"https:\/\/haremerotikshop.com\/site\/wp-json\/wp\/v2\/product_cat?post=43533"},{"taxonomy":"product_tag","embeddable":true,"href":"https:\/\/haremerotikshop.com\/site\/wp-json\/wp\/v2\/product_tag?post=43533"}],"curies":[{"name":"wp","href":"https:\/\/api.w.org\/{rel}","templated":true}]}}