{"id":43603,"date":"2025-04-26T16:45:59","date_gmt":"2025-04-26T13:45:59","guid":{"rendered":"https:\/\/haremerotikshop.com\/site\/erotik-shop-urun\/gercekci-doku-realistik-penis-kilifi-suni-vajina-masturbator-passionate\/"},"modified":"2026-01-09T02:59:18","modified_gmt":"2026-01-08T23:59:18","slug":"gercekci-doku-realistik-penis-kilifi-suni-vajina-masturbator-passionate","status":"publish","type":"product","link":"https:\/\/haremerotikshop.com\/site\/erotik-shop-urun\/gercekci-doku-realistik-penis-kilifi-suni-vajina-masturbator-passionate\/","title":{"rendered":"Ger\u00e7ek\u00e7i Doku Realistik Penis K\u0131l\u0131f\u0131 &Amp; Suni Vajina Mast\u00fcrbat\u00f6r- Passionate"},"content":{"rendered":"<h2 class=\"\" data-start=\"225\" data-end=\"331\"><strong data-start=\"228\" data-end=\"331\">Ger\u00e7ek\u00e7i Doku Realistik Penis K\u0131l\u0131f\u0131 &amp; Suni Vajina Mast\u00fcrbat\u00f6r \u2013 Passionate | \u00c7ift Tarafl\u0131 Kullan\u0131m<\/strong><\/h2>\n<h3 class=\"\" data-start=\"333\" data-end=\"386\"><strong data-start=\"337\" data-end=\"386\">Ger\u00e7eklik Hissi, \u0130kili Zevk, Maksimum Uyar\u0131m!<\/strong><\/h3>\n<p class=\"\" data-start=\"388\" data-end=\"767\"><strong data-start=\"388\" data-end=\"440\">Passionate Realistik Penis K\u0131l\u0131f\u0131 ve Mast\u00fcrbat\u00f6r<\/strong>, hem ger\u00e7ek\u00e7i deneyim arayanlar hem de i\u015flevsel \u00e7ok y\u00f6nl\u00fcl\u00fck isteyen kullan\u0131c\u0131lar i\u00e7in \u00f6zel olarak tasarlanm\u0131\u015ft\u0131r. \u00c7ift tarafl\u0131 kullan\u0131labilir yap\u0131s\u0131 sayesinde hem suni vajina olarak hem de penis k\u0131l\u0131f\u0131 olarak i\u015flev g\u00f6r\u00fcr. Birinci s\u0131n\u0131f, esnek <strong data-start=\"685\" data-end=\"717\">TPE (Termoplastik Elastomer)<\/strong> malzeme sayesinde maksimum konfor ve uyum sa\u011flar.<\/p>\n<hr class=\"\" data-start=\"769\" data-end=\"772\" \/>\n<h3 class=\"\" data-start=\"774\" data-end=\"799\"><strong data-start=\"778\" data-end=\"799\">\u00dcr\u00fcn \u00d6zellikleri:<\/strong><\/h3>\n<ul data-start=\"801\" data-end=\"1459\">\n<li class=\"\" data-start=\"801\" data-end=\"907\">\n<p class=\"\" data-start=\"803\" data-end=\"907\">\u2705 <strong data-start=\"805\" data-end=\"831\">\u00c7ift Tarafl\u0131 Kullan\u0131m:<\/strong> Bir taraf\u0131 vajina dokulu, di\u011fer taraf\u0131 penis k\u0131l\u0131f\u0131 olarak kullan\u0131labilir<\/p>\n<\/li>\n<li class=\"\" data-start=\"908\" data-end=\"1006\">\n<p class=\"\" data-start=\"910\" data-end=\"1006\">\u2705 <strong data-start=\"912\" data-end=\"934\">Realistik \u0130\u00e7 Yap\u0131:<\/strong> \u00d6zel girintili-\u00e7\u0131k\u0131nt\u0131l\u0131 tasar\u0131m, her hareketi daha yo\u011fun hissettirir<\/p>\n<\/li>\n<li class=\"\" data-start=\"1007\" data-end=\"1097\">\n<p class=\"\" data-start=\"1009\" data-end=\"1097\">\u2705 <strong data-start=\"1011\" data-end=\"1040\">Her Ebatta Penise Uyumlu:<\/strong> Esnek ve yumu\u015fak yap\u0131s\u0131 ile her boyutta rahat kullan\u0131m<\/p>\n<\/li>\n<li class=\"\" data-start=\"1098\" data-end=\"1169\">\n<p class=\"\" data-start=\"1100\" data-end=\"1169\">\u2705 <strong data-start=\"1102\" data-end=\"1128\">Hijyenik ve Dayan\u0131kl\u0131:<\/strong> Su ge\u00e7irmez, kolay temizlenebilir yap\u0131<\/p>\n<\/li>\n<li class=\"\" data-start=\"1170\" data-end=\"1252\">\n<p class=\"\" data-start=\"1172\" data-end=\"1252\">\u2705 <strong data-start=\"1174\" data-end=\"1204\">Y\u00fcksek Kalite TPE Malzeme:<\/strong> Cilt dostu, toksik madde i\u00e7ermez, uzun \u00f6m\u00fcrl\u00fc<\/p>\n<\/li>\n<li class=\"\" data-start=\"1253\" data-end=\"1340\">\n<p class=\"\" data-start=\"1255\" data-end=\"1340\">\u2705 <strong data-start=\"1257\" data-end=\"1284\">Kompakt ve Ta\u015f\u0131nabilir:<\/strong> Seyahatlerde rahatl\u0131kla yan\u0131n\u0131zda bulundurabilirsiniz<\/p>\n<\/li>\n<li class=\"\" data-start=\"1341\" data-end=\"1437\">\n<p class=\"\" data-start=\"1343\" data-end=\"1437\">\u2705 <strong data-start=\"1345\" data-end=\"1366\">Kontrol Elinizde:<\/strong> Elle kontrol edilebilen yap\u0131s\u0131 sayesinde her an ritmi siz belirleyin<\/p>\n<\/li>\n<li class=\"\" data-start=\"1438\" data-end=\"1459\">\n<p class=\"\" data-start=\"1440\" data-end=\"1459\">\u2705 <strong data-start=\"1442\" data-end=\"1451\">Renk:<\/strong> K\u0131rm\u0131z\u0131<\/p>\n<\/li>\n<\/ul>\n<hr class=\"\" data-start=\"1461\" data-end=\"1464\" \/>\n<h3 class=\"\" data-start=\"1466\" data-end=\"1522\"><strong data-start=\"1470\" data-end=\"1522\">Neden Passionate Realistik K\u0131l\u0131f ve Mast\u00fcrbat\u00f6r?<\/strong><\/h3>\n<ul data-start=\"1524\" data-end=\"1840\">\n<li class=\"\" data-start=\"1524\" data-end=\"1618\">\n<p class=\"\" data-start=\"1526\" data-end=\"1618\">\ud83d\udd39 <strong data-start=\"1529\" data-end=\"1549\">\u0130kili Fonksiyon:<\/strong> Tek bir \u00fcr\u00fcnle hem zevki art\u0131r\u0131n hem de performans s\u00fcresini uzat\u0131n<\/p>\n<\/li>\n<li class=\"\" data-start=\"1619\" data-end=\"1685\">\n<p class=\"\" data-start=\"1621\" data-end=\"1685\">\ud83d\udd39 <strong data-start=\"1624\" data-end=\"1653\">Estetik ve Gizli Tasar\u0131m:<\/strong> Modern g\u00f6r\u00fcn\u00fcm, rahat kavrama<\/p>\n<\/li>\n<li class=\"\" data-start=\"1686\" data-end=\"1766\">\n<p class=\"\" data-start=\"1688\" data-end=\"1766\">\ud83d\udd39 <strong data-start=\"1691\" data-end=\"1717\">G\u00fc\u00e7l\u00fc Uyar\u0131m Deneyimi:<\/strong> Yo\u011fun i\u00e7 yap\u0131 sayesinde e\u015fsiz bir tatmin hissi<\/p>\n<\/li>\n<li class=\"\" data-start=\"1767\" data-end=\"1840\">\n<p class=\"\" data-start=\"1769\" data-end=\"1840\">\ud83d\udd39 <strong data-start=\"1772\" data-end=\"1803\">Uygun Fiyat, Y\u00fcksek Kalite:<\/strong> L\u00fcks malzeme ve uygun fiyat avantaj\u0131<\/p>\n<\/li>\n<\/ul>\n<hr class=\"\" data-start=\"1842\" data-end=\"1845\" \/>\n<h3 class=\"\" data-start=\"1847\" data-end=\"1892\"><strong data-start=\"1851\" data-end=\"1892\">Gizli ve G\u00fcvenli Al\u0131\u015fveri\u015f Garantisi:<\/strong><\/h3>\n<p class=\"\" data-start=\"1894\" data-end=\"2004\">\ud83d\udce6 <strong data-start=\"1897\" data-end=\"1917\">Gizli Paketleme:<\/strong> Sipari\u015fler sade ve gizli kutularda g\u00f6nderilir, i\u00e7erik d\u0131\u015far\u0131dan kesinlikle anla\u015f\u0131lmaz.<\/p>\n<p class=\"\" data-start=\"2006\" data-end=\"2031\">\ud83d\udcb3 <strong data-start=\"2009\" data-end=\"2029\">\u00d6deme Kolayl\u0131\u011f\u0131:<\/strong><\/p>\n<ul data-start=\"2032\" data-end=\"2131\">\n<li class=\"\" data-start=\"2032\" data-end=\"2075\">\n<p class=\"\" data-start=\"2034\" data-end=\"2075\">Kap\u0131da nakit veya kredi kart\u0131 ile \u00f6deme<\/p>\n<\/li>\n<li class=\"\" data-start=\"2076\" data-end=\"2105\">\n<p class=\"\" data-start=\"2078\" data-end=\"2105\">Taksitli al\u0131\u015fveri\u015f imkan\u0131<\/p>\n<\/li>\n<li class=\"\" data-start=\"2106\" data-end=\"2131\">\n<p class=\"\" data-start=\"2108\" data-end=\"2131\">Banka havalesi se\u00e7ene\u011fi<\/p>\n<\/li>\n<\/ul>\n<p class=\"\" data-start=\"2133\" data-end=\"2163\">\ud83d\ude9a <strong data-start=\"2136\" data-end=\"2161\">Teslimat Se\u00e7enekleri:<\/strong><\/p>\n<ul data-start=\"2164\" data-end=\"2225\">\n<li class=\"\" data-start=\"2164\" data-end=\"2183\">\n<p class=\"\" data-start=\"2166\" data-end=\"2183\">Kap\u0131n\u0131za teslim<\/p>\n<\/li>\n<li class=\"\" data-start=\"2184\" data-end=\"2225\">\n<p class=\"\" data-start=\"2186\" data-end=\"2225\">Dilerseniz kargo \u015fubesinden teslim alma<\/p>\n<\/li>\n<\/ul>\n<p class=\"\" data-start=\"2227\" data-end=\"2327\">\ud83d\udd10 <strong data-start=\"2230\" data-end=\"2256\">Tam Gizlilik ve G\u00fcven:<\/strong> Sipari\u015ften teslimata kadar t\u00fcm i\u015flemler firmam\u0131z g\u00fcvencesi alt\u0131ndad\u0131r.<\/p>\n<hr class=\"\" data-start=\"2329\" data-end=\"2332\" \/>\n<h2 class=\"\" data-start=\"2334\" data-end=\"2421\"><strong data-start=\"2337\" data-end=\"2421\">Y\u00fcksek Performansl\u0131, \u00c7ift Y\u00f6nl\u00fc Ger\u00e7eklik Deneyimi \u015eimdi Parmaklar\u0131n\u0131z\u0131n Ucunda!<\/strong><\/h2>\n<p class=\"\" data-start=\"2423\" data-end=\"2681\"><strong data-start=\"2423\" data-end=\"2474\">Passionate Ger\u00e7ek\u00e7i Penis K\u0131l\u0131f\u0131 ve Mast\u00fcrbat\u00f6r<\/strong> ile cinsel deneyiminizi yeni bir boyuta ta\u015f\u0131y\u0131n. Realistik i\u00e7 yap\u0131, yumu\u015fak dokulu TPE malzeme ve maksimum konfor ile sizi bekliyor. \u015eimdi sipari\u015f verin, gizli paketleme ile g\u00fcvenli \u015fekilde kap\u0131n\u0131za gelsin!<\/p>\n<p class=\"\" data-start=\"2683\" data-end=\"2753\">\ud83c\udf81 <strong data-start=\"2686\" data-end=\"2753\">En uygun fiyat ve %100 gizlilik garantisi ile hemen sahip olun!<\/strong><\/p>\n<p>&nbsp;<\/p>\n<p>&nbsp;<\/p>\n<p><a href=\"http:\/\/api.whatsapp.com\/send?phone=905304676616&amp;text=Sipari%C5%9F%20Vermek%20%C4%B0stiyorum%20haremshop%20BDM1284\"><img fetchpriority=\"high\" decoding=\"async\" class=\"alignnone\" src=\"https:\/\/static.ticimax.cloud\/32886\/uploads\/editoruploads\/whatsapp-destek-hatti.gif\" alt=\"\" width=\"750\" height=\"117\" \/><\/a><\/p>\n","protected":false},"excerpt":{"rendered":"<p><strong data-start=\"388\" data-end=\"440\">Passionate Realistik Penis K\u0131l\u0131f\u0131 ve Mast\u00fcrbat\u00f6r<\/strong>, hem ger\u00e7ek\u00e7i deneyim arayanlar hem de i\u015flevsel \u00e7ok y\u00f6nl\u00fcl\u00fck isteyen kullan\u0131c\u0131lar i\u00e7in \u00f6zel olarak tasarlanm\u0131\u015ft\u0131r. \u00c7ift tarafl\u0131 kullan\u0131labilir yap\u0131s\u0131 sayesinde hem suni vajina olarak hem de penis k\u0131l\u0131f\u0131 olarak i\u015flev g\u00f6r\u00fcr. Birinci s\u0131n\u0131f, esnek <strong data-start=\"685\" data-end=\"717\">TPE (Termoplastik Elastomer)<\/strong> malzeme sayesinde maksimum konfor ve uyum sa\u011flar.<\/p>\n","protected":false},"featured_media":43605,"comment_status":"closed","ping_status":"closed","template":"","meta":[],"product_brand":[],"product_cat":[505],"product_tag":[],"class_list":{"0":"post-43603","1":"product","2":"type-product","3":"status-publish","4":"has-post-thumbnail","6":"product_cat-penis-kiliflari-halkalari","8":"first","9":"instock","10":"purchasable","11":"product-type-simple"},"yoast_head":"<!-- This site is optimized with the Yoast SEO Premium plugin v24.4 (Yoast SEO v27.1.1) - https:\/\/yoast.com\/product\/yoast-seo-premium-wordpress\/ -->\n<title>Ger\u00e7ek\u00e7i Doku Realistik Penis K\u0131l\u0131f\u0131 &amp;Amp; Suni Vajina Mast\u00fcrbat\u00f6r- Passionate - Bursa Erotik Shop<\/title>\n<meta name=\"robots\" content=\"index, follow, max-snippet:-1, max-image-preview:large, max-video-preview:-1\" \/>\n<link rel=\"canonical\" href=\"https:\/\/hobierotikshop.com.tr\/website1\/erotik-shop-urun\/gercekci-doku-realistik-penis-kilifi-suni-vajina-masturbator-passionate\/\" \/>\n<meta property=\"og:locale\" content=\"tr_TR\" \/>\n<meta property=\"og:type\" content=\"article\" \/>\n<meta property=\"og:title\" content=\"Ger\u00e7ek\u00e7i Doku Realistik Penis K\u0131l\u0131f\u0131 &amp;Amp; Suni Vajina Mast\u00fcrbat\u00f6r- Passionate\" \/>\n<meta property=\"og:description\" content=\"Passionate Realistik Penis K\u0131l\u0131f\u0131 ve Mast\u00fcrbat\u00f6r, hem ger\u00e7ek\u00e7i deneyim arayanlar hem de i\u015flevsel \u00e7ok y\u00f6nl\u00fcl\u00fck isteyen kullan\u0131c\u0131lar i\u00e7in \u00f6zel olarak tasarlanm\u0131\u015ft\u0131r. \u00c7ift tarafl\u0131 kullan\u0131labilir yap\u0131s\u0131 sayesinde hem suni vajina olarak hem de penis k\u0131l\u0131f\u0131 olarak i\u015flev g\u00f6r\u00fcr. Birinci s\u0131n\u0131f, esnek TPE (Termoplastik Elastomer) malzeme sayesinde maksimum konfor ve uyum sa\u011flar.\" \/>\n<meta property=\"og:url\" content=\"https:\/\/hobierotikshop.com.tr\/website1\/erotik-shop-urun\/gercekci-doku-realistik-penis-kilifi-suni-vajina-masturbator-passionate\/\" \/>\n<meta property=\"og:site_name\" content=\"Bursa Erotik Shop\" \/>\n<meta property=\"article:modified_time\" content=\"2026-01-08T23:59:18+00:00\" \/>\n<meta property=\"og:image\" content=\"https:\/\/hobierotikshop.com.tr\/website1\/wp-content\/uploads\/2025\/04\/gercekci-doku-realistik-penis-kilifi-s-2d-af3.jpg\" \/>\n\t<meta property=\"og:image:width\" content=\"455\" \/>\n\t<meta property=\"og:image:height\" content=\"455\" \/>\n\t<meta property=\"og:image:type\" content=\"image\/jpeg\" \/>\n<meta name=\"twitter:card\" content=\"summary_large_image\" \/>\n<meta name=\"twitter:site\" content=\"@shopbursa\" \/>\n<meta name=\"twitter:label1\" content=\"Fiyat\" \/>\n\t<meta name=\"twitter:data1\" content=\"&#8378;750,00\" \/>\n\t<meta name=\"twitter:label2\" content=\"Availability\" \/>\n\t<meta name=\"twitter:data2\" content=\"In stock\" \/>\n<script type=\"application\/ld+json\" class=\"yoast-schema-graph\">{\"@context\":\"https:\/\/schema.org\",\"@graph\":[{\"@type\":\"WebPage\",\"@id\":\"https:\/\/hobierotikshop.com.tr\/website1\/erotik-shop-urun\/gercekci-doku-realistik-penis-kilifi-suni-vajina-masturbator-passionate\/\",\"url\":\"https:\/\/hobierotikshop.com.tr\/website1\/erotik-shop-urun\/gercekci-doku-realistik-penis-kilifi-suni-vajina-masturbator-passionate\/\",\"name\":\"Ger\u00e7ek\u00e7i Doku Realistik Penis K\u0131l\u0131f\u0131 &Amp; Suni Vajina Mast\u00fcrbat\u00f6r- Passionate - Bursa Erotik Shop\",\"isPartOf\":{\"@id\":\"https:\/\/hobierotikshop.com.tr\/website1\/#website\"},\"primaryImageOfPage\":{\"@id\":\"https:\/\/hobierotikshop.com.tr\/website1\/erotik-shop-urun\/gercekci-doku-realistik-penis-kilifi-suni-vajina-masturbator-passionate\/#primaryimage\"},\"image\":{\"@id\":\"https:\/\/hobierotikshop.com.tr\/website1\/erotik-shop-urun\/gercekci-doku-realistik-penis-kilifi-suni-vajina-masturbator-passionate\/#primaryimage\"},\"thumbnailUrl\":\"https:\/\/haremerotikshop.com\/site\/wp-content\/uploads\/2025\/04\/gercekci-doku-realistik-penis-kilifi-s-2d-af3.jpg\",\"datePublished\":\"2025-04-26T13:45:59+00:00\",\"dateModified\":\"2026-01-08T23:59:18+00:00\",\"breadcrumb\":{\"@id\":\"https:\/\/hobierotikshop.com.tr\/website1\/erotik-shop-urun\/gercekci-doku-realistik-penis-kilifi-suni-vajina-masturbator-passionate\/#breadcrumb\"},\"inLanguage\":\"tr\",\"potentialAction\":[{\"@type\":\"ReadAction\",\"target\":[\"https:\/\/hobierotikshop.com.tr\/website1\/erotik-shop-urun\/gercekci-doku-realistik-penis-kilifi-suni-vajina-masturbator-passionate\/\"]}]},{\"@type\":\"ImageObject\",\"inLanguage\":\"tr\",\"@id\":\"https:\/\/hobierotikshop.com.tr\/website1\/erotik-shop-urun\/gercekci-doku-realistik-penis-kilifi-suni-vajina-masturbator-passionate\/#primaryimage\",\"url\":\"https:\/\/haremerotikshop.com\/site\/wp-content\/uploads\/2025\/04\/gercekci-doku-realistik-penis-kilifi-s-2d-af3.jpg\",\"contentUrl\":\"https:\/\/haremerotikshop.com\/site\/wp-content\/uploads\/2025\/04\/gercekci-doku-realistik-penis-kilifi-s-2d-af3.jpg\",\"width\":455,\"height\":455},{\"@type\":\"BreadcrumbList\",\"@id\":\"https:\/\/hobierotikshop.com.tr\/website1\/erotik-shop-urun\/gercekci-doku-realistik-penis-kilifi-suni-vajina-masturbator-passionate\/#breadcrumb\",\"itemListElement\":[{\"@type\":\"ListItem\",\"position\":1,\"name\":\"Anasayfa\",\"item\":\"https:\/\/hobierotikshop.com.tr\/website1\/\"},{\"@type\":\"ListItem\",\"position\":2,\"name\":\"Erotik Shop \u00dcr\u00fcnleri\",\"item\":\"https:\/\/hobierotikshop.com.tr\/website1\/shop\/\"},{\"@type\":\"ListItem\",\"position\":3,\"name\":\"Ger\u00e7ek\u00e7i Doku Realistik Penis K\u0131l\u0131f\u0131 &Amp; Suni Vajina Mast\u00fcrbat\u00f6r- Passionate\"}]},{\"@type\":\"WebSite\",\"@id\":\"https:\/\/hobierotikshop.com.tr\/website1\/#website\",\"url\":\"https:\/\/hobierotikshop.com.tr\/website1\/\",\"name\":\"Bursa Erotik Shop\",\"description\":\"Bursa Erotik Shop ile g\u00fcvenli, gizli ve kaliteli yeti\u015fkin \u00fcr\u00fcnleri al\u0131\u015fveri\u015fi! Geni\u015f \u00fcr\u00fcn yelpazemizi ke\u015ffedin, hemen sipari\u015f verin\",\"publisher\":{\"@id\":\"https:\/\/hobierotikshop.com.tr\/website1\/#organization\"},\"alternateName\":\"Erotik Shop\",\"potentialAction\":[{\"@type\":\"SearchAction\",\"target\":{\"@type\":\"EntryPoint\",\"urlTemplate\":\"https:\/\/hobierotikshop.com.tr\/website1\/?s={search_term_string}\"},\"query-input\":{\"@type\":\"PropertyValueSpecification\",\"valueRequired\":true,\"valueName\":\"search_term_string\"}}],\"inLanguage\":\"tr\"},{\"@type\":\"Organization\",\"@id\":\"https:\/\/hobierotikshop.com.tr\/website1\/#organization\",\"name\":\"Harem Bursa Erotik Shop\",\"url\":\"https:\/\/hobierotikshop.com.tr\/website1\/\",\"logo\":{\"@type\":\"ImageObject\",\"inLanguage\":\"tr\",\"@id\":\"https:\/\/hobierotikshop.com.tr\/website1\/#\/schema\/logo\/image\/\",\"url\":\"https:\/\/haremerotikshop.com\/site\/wp-content\/uploads\/2025\/03\/haremsexshop.png\",\"contentUrl\":\"https:\/\/haremerotikshop.com\/site\/wp-content\/uploads\/2025\/03\/haremsexshop.png\",\"width\":400,\"height\":100,\"caption\":\"Harem Bursa Erotik Shop\"},\"image\":{\"@id\":\"https:\/\/hobierotikshop.com.tr\/website1\/#\/schema\/logo\/image\/\"},\"sameAs\":[\"https:\/\/x.com\/shopbursa\"],\"publishingPrinciples\":\"https:\/\/hobierotikshop.com.tr\/website1\/mesafeli-satis-sozlesmesi\/\",\"ownershipFundingInfo\":\"https:\/\/hobierotikshop.com.tr\/website1\/contact-us\/\",\"actionableFeedbackPolicy\":\"https:\/\/hobierotikshop.com.tr\/website1\/contact-us\/\",\"correctionsPolicy\":\"https:\/\/hobierotikshop.com.tr\/website1\/mesafeli-satis-sozlesmesi\/\"}]}<\/script>\n<meta property=\"product:price:amount\" content=\"750.00\" \/>\n<meta property=\"product:price:currency\" content=\"TRY\" \/>\n<meta property=\"og:availability\" content=\"instock\" \/>\n<meta property=\"product:availability\" content=\"instock\" \/>\n<meta property=\"product:retailer_item_id\" content=\"BDM1284\" \/>\n<meta property=\"product:condition\" content=\"new\" \/>\n<!-- \/ Yoast SEO Premium plugin. -->","yoast_head_json":{"title":"Ger\u00e7ek\u00e7i Doku Realistik Penis K\u0131l\u0131f\u0131 &Amp; Suni Vajina Mast\u00fcrbat\u00f6r- Passionate - Bursa Erotik Shop","robots":{"index":"index","follow":"follow","max-snippet":"max-snippet:-1","max-image-preview":"max-image-preview:large","max-video-preview":"max-video-preview:-1"},"canonical":"https:\/\/hobierotikshop.com.tr\/website1\/erotik-shop-urun\/gercekci-doku-realistik-penis-kilifi-suni-vajina-masturbator-passionate\/","og_locale":"tr_TR","og_type":"article","og_title":"Ger\u00e7ek\u00e7i Doku Realistik Penis K\u0131l\u0131f\u0131 &Amp; Suni Vajina Mast\u00fcrbat\u00f6r- Passionate","og_description":"Passionate Realistik Penis K\u0131l\u0131f\u0131 ve Mast\u00fcrbat\u00f6r, hem ger\u00e7ek\u00e7i deneyim arayanlar hem de i\u015flevsel \u00e7ok y\u00f6nl\u00fcl\u00fck isteyen kullan\u0131c\u0131lar i\u00e7in \u00f6zel olarak tasarlanm\u0131\u015ft\u0131r. \u00c7ift tarafl\u0131 kullan\u0131labilir yap\u0131s\u0131 sayesinde hem suni vajina olarak hem de penis k\u0131l\u0131f\u0131 olarak i\u015flev g\u00f6r\u00fcr. Birinci s\u0131n\u0131f, esnek TPE (Termoplastik Elastomer) malzeme sayesinde maksimum konfor ve uyum sa\u011flar.","og_url":"https:\/\/hobierotikshop.com.tr\/website1\/erotik-shop-urun\/gercekci-doku-realistik-penis-kilifi-suni-vajina-masturbator-passionate\/","og_site_name":"Bursa Erotik Shop","article_modified_time":"2026-01-08T23:59:18+00:00","og_image":[{"width":455,"height":455,"url":"https:\/\/hobierotikshop.com.tr\/website1\/wp-content\/uploads\/2025\/04\/gercekci-doku-realistik-penis-kilifi-s-2d-af3.jpg","type":"image\/jpeg"}],"twitter_card":"summary_large_image","twitter_site":"@shopbursa","twitter_misc":{"Fiyat":"&#8378;750,00","Availability":"In stock"},"schema":{"@context":"https:\/\/schema.org","@graph":[{"@type":"WebPage","@id":"https:\/\/hobierotikshop.com.tr\/website1\/erotik-shop-urun\/gercekci-doku-realistik-penis-kilifi-suni-vajina-masturbator-passionate\/","url":"https:\/\/hobierotikshop.com.tr\/website1\/erotik-shop-urun\/gercekci-doku-realistik-penis-kilifi-suni-vajina-masturbator-passionate\/","name":"Ger\u00e7ek\u00e7i Doku Realistik Penis K\u0131l\u0131f\u0131 &Amp; Suni Vajina Mast\u00fcrbat\u00f6r- Passionate - Bursa Erotik Shop","isPartOf":{"@id":"https:\/\/hobierotikshop.com.tr\/website1\/#website"},"primaryImageOfPage":{"@id":"https:\/\/hobierotikshop.com.tr\/website1\/erotik-shop-urun\/gercekci-doku-realistik-penis-kilifi-suni-vajina-masturbator-passionate\/#primaryimage"},"image":{"@id":"https:\/\/hobierotikshop.com.tr\/website1\/erotik-shop-urun\/gercekci-doku-realistik-penis-kilifi-suni-vajina-masturbator-passionate\/#primaryimage"},"thumbnailUrl":"https:\/\/haremerotikshop.com\/site\/wp-content\/uploads\/2025\/04\/gercekci-doku-realistik-penis-kilifi-s-2d-af3.jpg","datePublished":"2025-04-26T13:45:59+00:00","dateModified":"2026-01-08T23:59:18+00:00","breadcrumb":{"@id":"https:\/\/hobierotikshop.com.tr\/website1\/erotik-shop-urun\/gercekci-doku-realistik-penis-kilifi-suni-vajina-masturbator-passionate\/#breadcrumb"},"inLanguage":"tr","potentialAction":[{"@type":"ReadAction","target":["https:\/\/hobierotikshop.com.tr\/website1\/erotik-shop-urun\/gercekci-doku-realistik-penis-kilifi-suni-vajina-masturbator-passionate\/"]}]},{"@type":"ImageObject","inLanguage":"tr","@id":"https:\/\/hobierotikshop.com.tr\/website1\/erotik-shop-urun\/gercekci-doku-realistik-penis-kilifi-suni-vajina-masturbator-passionate\/#primaryimage","url":"https:\/\/haremerotikshop.com\/site\/wp-content\/uploads\/2025\/04\/gercekci-doku-realistik-penis-kilifi-s-2d-af3.jpg","contentUrl":"https:\/\/haremerotikshop.com\/site\/wp-content\/uploads\/2025\/04\/gercekci-doku-realistik-penis-kilifi-s-2d-af3.jpg","width":455,"height":455},{"@type":"BreadcrumbList","@id":"https:\/\/hobierotikshop.com.tr\/website1\/erotik-shop-urun\/gercekci-doku-realistik-penis-kilifi-suni-vajina-masturbator-passionate\/#breadcrumb","itemListElement":[{"@type":"ListItem","position":1,"name":"Anasayfa","item":"https:\/\/hobierotikshop.com.tr\/website1\/"},{"@type":"ListItem","position":2,"name":"Erotik Shop \u00dcr\u00fcnleri","item":"https:\/\/hobierotikshop.com.tr\/website1\/shop\/"},{"@type":"ListItem","position":3,"name":"Ger\u00e7ek\u00e7i Doku Realistik Penis K\u0131l\u0131f\u0131 &Amp; Suni Vajina Mast\u00fcrbat\u00f6r- Passionate"}]},{"@type":"WebSite","@id":"https:\/\/hobierotikshop.com.tr\/website1\/#website","url":"https:\/\/hobierotikshop.com.tr\/website1\/","name":"Bursa Erotik Shop","description":"Bursa Erotik Shop ile g\u00fcvenli, gizli ve kaliteli yeti\u015fkin \u00fcr\u00fcnleri al\u0131\u015fveri\u015fi! Geni\u015f \u00fcr\u00fcn yelpazemizi ke\u015ffedin, hemen sipari\u015f verin","publisher":{"@id":"https:\/\/hobierotikshop.com.tr\/website1\/#organization"},"alternateName":"Erotik Shop","potentialAction":[{"@type":"SearchAction","target":{"@type":"EntryPoint","urlTemplate":"https:\/\/hobierotikshop.com.tr\/website1\/?s={search_term_string}"},"query-input":{"@type":"PropertyValueSpecification","valueRequired":true,"valueName":"search_term_string"}}],"inLanguage":"tr"},{"@type":"Organization","@id":"https:\/\/hobierotikshop.com.tr\/website1\/#organization","name":"Harem Bursa Erotik Shop","url":"https:\/\/hobierotikshop.com.tr\/website1\/","logo":{"@type":"ImageObject","inLanguage":"tr","@id":"https:\/\/hobierotikshop.com.tr\/website1\/#\/schema\/logo\/image\/","url":"https:\/\/haremerotikshop.com\/site\/wp-content\/uploads\/2025\/03\/haremsexshop.png","contentUrl":"https:\/\/haremerotikshop.com\/site\/wp-content\/uploads\/2025\/03\/haremsexshop.png","width":400,"height":100,"caption":"Harem Bursa Erotik Shop"},"image":{"@id":"https:\/\/hobierotikshop.com.tr\/website1\/#\/schema\/logo\/image\/"},"sameAs":["https:\/\/x.com\/shopbursa"],"publishingPrinciples":"https:\/\/hobierotikshop.com.tr\/website1\/mesafeli-satis-sozlesmesi\/","ownershipFundingInfo":"https:\/\/hobierotikshop.com.tr\/website1\/contact-us\/","actionableFeedbackPolicy":"https:\/\/hobierotikshop.com.tr\/website1\/contact-us\/","correctionsPolicy":"https:\/\/hobierotikshop.com.tr\/website1\/mesafeli-satis-sozlesmesi\/"}]},"product_price_amount":"750.00","product_price_currency":"TRY","og_availability":"instock","product_availability":"instock","product_retailer_item_id":"BDM1284","product_condition":"new"},"_links":{"self":[{"href":"https:\/\/haremerotikshop.com\/site\/wp-json\/wp\/v2\/product\/43603","targetHints":{"allow":["GET"]}}],"collection":[{"href":"https:\/\/haremerotikshop.com\/site\/wp-json\/wp\/v2\/product"}],"about":[{"href":"https:\/\/haremerotikshop.com\/site\/wp-json\/wp\/v2\/types\/product"}],"replies":[{"embeddable":true,"href":"https:\/\/haremerotikshop.com\/site\/wp-json\/wp\/v2\/comments?post=43603"}],"version-history":[{"count":0,"href":"https:\/\/haremerotikshop.com\/site\/wp-json\/wp\/v2\/product\/43603\/revisions"}],"wp:featuredmedia":[{"embeddable":true,"href":"https:\/\/haremerotikshop.com\/site\/wp-json\/wp\/v2\/media\/43605"}],"wp:attachment":[{"href":"https:\/\/haremerotikshop.com\/site\/wp-json\/wp\/v2\/media?parent=43603"}],"wp:term":[{"taxonomy":"product_brand","embeddable":true,"href":"https:\/\/haremerotikshop.com\/site\/wp-json\/wp\/v2\/product_brand?post=43603"},{"taxonomy":"product_cat","embeddable":true,"href":"https:\/\/haremerotikshop.com\/site\/wp-json\/wp\/v2\/product_cat?post=43603"},{"taxonomy":"product_tag","embeddable":true,"href":"https:\/\/haremerotikshop.com\/site\/wp-json\/wp\/v2\/product_tag?post=43603"}],"curies":[{"name":"wp","href":"https:\/\/api.w.org\/{rel}","templated":true}]}}