{"id":43701,"date":"2025-04-26T16:48:22","date_gmt":"2025-04-26T13:48:22","guid":{"rendered":"https:\/\/haremerotikshop.com\/site\/erotik-shop-urun\/yeni-nesil-cift-katmanli-28-cm-realistik-dev-melez-dildo-penis\/"},"modified":"2026-01-08T16:38:51","modified_gmt":"2026-01-08T13:38:51","slug":"yeni-nesil-cift-katmanli-28-cm-realistik-dev-melez-dildo-penis","status":"publish","type":"product","link":"https:\/\/haremerotikshop.com\/site\/erotik-shop-urun\/yeni-nesil-cift-katmanli-28-cm-realistik-dev-melez-dildo-penis\/","title":{"rendered":"Yeni Nesil \u00c7ift Katmanl\u0131 28 Cm Realistik Dev Melez Dildo Penis"},"content":{"rendered":"<h3 class=\"\" data-start=\"239\" data-end=\"330\">Yeni Nesil \u00c7ift Katmanl\u0131 28 cm Realistik Dev Melez Dildo \u2013 Ger\u00e7eklikte Zirveyi Ya\u015fay\u0131n!<\/h3>\n<p class=\"\" data-start=\"332\" data-end=\"654\">Cesur deneyimlere haz\u0131r olanlar i\u00e7in tasarland\u0131: <strong data-start=\"381\" data-end=\"441\">Yeni Nesil \u00c7ift Katmanl\u0131 28 cm Realistik Dev Melez Dildo<\/strong>, ultra ger\u00e7ek\u00e7i yap\u0131s\u0131, etkileyici boyutu ve e\u015fsiz dokusuyla en yo\u011fun zevk anlar\u0131n\u0131 sunmak i\u00e7in burada! Hem tasar\u0131m\u0131 hem hissiyat\u0131 ile sizi \u015fa\u015f\u0131rtacak bu \u00f6zel dildo, realistik \u00fcr\u00fcn arayanlar i\u00e7in ideal tercihtir.<\/p>\n<hr class=\"\" data-start=\"656\" data-end=\"659\" \/>\n<h3 class=\"\" data-start=\"661\" data-end=\"689\">\ud83c\udf1f \u00d6ne \u00c7\u0131kan \u00d6zellikler:<\/h3>\n<h4 class=\"\" data-start=\"691\" data-end=\"735\">\u2705 <strong data-start=\"698\" data-end=\"735\">Ultra Ger\u00e7ek\u00e7i Doku ve Melez Renk<\/strong><\/h4>\n<p class=\"\" data-start=\"736\" data-end=\"942\">Ger\u00e7e\u011fe en yak\u0131n deneyim sunan \u00f6zel <strong data-start=\"772\" data-end=\"791\">melez cilt tonu<\/strong> ve do\u011fal detaylarla zenginle\u015ftirilmi\u015f y\u00fczey tasar\u0131m\u0131. G\u00f6z al\u0131c\u0131 g\u00f6r\u00fcn\u00fcm\u00fc ve etkileyici boyutu ile sadece hissederek de\u011fil, g\u00f6rerek de heyecanland\u0131r\u0131r.<\/p>\n<h4 class=\"\" data-start=\"944\" data-end=\"992\">\u2705 <strong data-start=\"951\" data-end=\"992\">Soft Cyber Skin \u2013 Patentli R5 Malzeme<\/strong><\/h4>\n<p class=\"\" data-start=\"993\" data-end=\"1205\">\u00dcr\u00fcn\u00fcn y\u00fczeyinde kullan\u0131lan <strong data-start=\"1021\" data-end=\"1045\">%100 Soft Cyber Skin<\/strong> teknolojisi, ipeksi bir his ve maksimum esneklik sunar. R5 materyal \u00f6zelli\u011fi sayesinde v\u00fccut \u0131s\u0131s\u0131na ula\u015farak kullan\u0131m s\u0131ras\u0131nda daha do\u011fal bir deneyim sa\u011flar.<\/p>\n<h4 class=\"\" data-start=\"1207\" data-end=\"1258\">\u2705 <strong data-start=\"1214\" data-end=\"1258\">\u00c7ift Katmanl\u0131 Yap\u0131 ile Ger\u00e7ek\u00e7i Hissiyat<\/strong><\/h4>\n<p class=\"\" data-start=\"1259\" data-end=\"1456\">\u0130\u00e7 katman sa\u011flaml\u0131k verirken d\u0131\u015f katmandaki ekstra yumu\u015fak kaplama, canl\u0131 ve do\u011fal bir ten hissi yarat\u0131r. Her dokunu\u015fta daha fazlas\u0131n\u0131 hissetmenizi sa\u011flayan bu yap\u0131, ger\u00e7ekli\u011fin s\u0131n\u0131rlar\u0131n\u0131 zorlar.<\/p>\n<h4 class=\"\" data-start=\"1458\" data-end=\"1508\">\u2705 <strong data-start=\"1465\" data-end=\"1508\">G\u00fc\u00e7l\u00fc Vantuz ile Eller Serbest Kullan\u0131m<\/strong><\/h4>\n<p class=\"\" data-start=\"1509\" data-end=\"1752\">Alt k\u0131sm\u0131ndaki <strong data-start=\"1524\" data-end=\"1547\">g\u00fc\u00e7l\u00fc vakumlu taban<\/strong>, d\u00fcz ve p\u00fcr\u00fczs\u00fcz y\u00fczeylere kolayca sabitlenebilir. Du\u015fta, duvarda veya yatak ba\u015fl\u0131\u011f\u0131nda kullan\u0131ma uygundur. Ayr\u0131ca <strong data-start=\"1663\" data-end=\"1690\">apart kemerlerle uyumlu<\/strong> tasar\u0131m\u0131 sayesinde belden ba\u011flamal\u0131 olarak da kullan\u0131labilir.<\/p>\n<h4 class=\"\" data-start=\"1754\" data-end=\"1794\">\u2705 <strong data-start=\"1761\" data-end=\"1794\">Sa\u011fl\u0131kl\u0131 ve Hijyenik Materyal<\/strong><\/h4>\n<ul data-start=\"1795\" data-end=\"1979\">\n<li class=\"\" data-start=\"1795\" data-end=\"1847\">\n<p class=\"\" data-start=\"1797\" data-end=\"1847\"><strong data-start=\"1797\" data-end=\"1815\">Phthalate Free<\/strong> \u2013 Zararl\u0131 kimyasallar i\u00e7ermez<\/p>\n<\/li>\n<li class=\"\" data-start=\"1848\" data-end=\"1883\">\n<p class=\"\" data-start=\"1850\" data-end=\"1883\"><strong data-start=\"1850\" data-end=\"1864\">Cilt dostu<\/strong> ve hipoalerjenik<\/p>\n<\/li>\n<li class=\"\" data-start=\"1884\" data-end=\"1930\">\n<p class=\"\" data-start=\"1886\" data-end=\"1930\"><strong data-start=\"1886\" data-end=\"1910\">Kolay temizlenebilir<\/strong>, uzun \u00f6m\u00fcrl\u00fc yap\u0131<\/p>\n<\/li>\n<li class=\"\" data-start=\"1931\" data-end=\"1979\">\n<p class=\"\" data-start=\"1933\" data-end=\"1979\">T\u00fcm kullan\u0131c\u0131lar i\u00e7in g\u00fcvenli ve hijyeniktir<\/p>\n<\/li>\n<\/ul>\n<hr class=\"\" data-start=\"1981\" data-end=\"1984\" \/>\n<h3 class=\"\" data-start=\"1986\" data-end=\"2015\">\ud83d\udccf \u00dcr\u00fcn Teknik Detaylar\u0131:<\/h3>\n<ul data-start=\"2016\" data-end=\"2272\">\n<li class=\"\" data-start=\"2016\" data-end=\"2045\">\n<p class=\"\" data-start=\"2018\" data-end=\"2045\"><strong data-start=\"2018\" data-end=\"2037\">Toplam Uzunluk:<\/strong> 28 cm<\/p>\n<\/li>\n<li class=\"\" data-start=\"2046\" data-end=\"2076\">\n<p class=\"\" data-start=\"2048\" data-end=\"2076\"><strong data-start=\"2048\" data-end=\"2067\">\u00c7ap \/ Kal\u0131nl\u0131k:<\/strong> 7,4 cm<\/p>\n<\/li>\n<li class=\"\" data-start=\"2077\" data-end=\"2135\">\n<p class=\"\" data-start=\"2079\" data-end=\"2135\"><strong data-start=\"2079\" data-end=\"2091\">Malzeme:<\/strong> Soft Cyber Skin (Patentli R5 Teknolojisi)<\/p>\n<\/li>\n<li class=\"\" data-start=\"2136\" data-end=\"2206\">\n<p class=\"\" data-start=\"2138\" data-end=\"2206\"><strong data-start=\"2138\" data-end=\"2156\">Kullan\u0131m Tipi:<\/strong> Solo, vantuzlu ya da kemerli sistemlerle uyumlu<\/p>\n<\/li>\n<li class=\"\" data-start=\"2207\" data-end=\"2272\">\n<p class=\"\" data-start=\"2209\" data-end=\"2272\"><strong data-start=\"2209\" data-end=\"2218\">Renk:<\/strong> Melez (Ten ile kahverengi aras\u0131nda ge\u00e7i\u015fli do\u011fal ton)<\/p>\n<\/li>\n<\/ul>\n<hr class=\"\" data-start=\"2274\" data-end=\"2277\" \/>\n<h3 class=\"\" data-start=\"2279\" data-end=\"2311\">\ud83d\udce6 G\u00fcvenli ve Gizli G\u00f6nderim<\/h3>\n<p class=\"\" data-start=\"2313\" data-end=\"2539\">\u00dcr\u00fcnleriniz <strong data-start=\"2325\" data-end=\"2352\">tamamen gizli paketleme<\/strong> ile g\u00f6nderilir. Koli \u00fczerinde \u00fcr\u00fcn ismi ya da i\u00e7eri\u011fe dair herhangi bir bilgi bulunmaz. Gizlilik politikam\u0131z kapsam\u0131nda, t\u00fcm al\u0131\u015fveri\u015flerinizde mahremiyetinizi korumay\u0131 taahh\u00fct ediyoruz.<\/p>\n<hr class=\"\" data-start=\"2541\" data-end=\"2544\" \/>\n<h3 class=\"\" data-start=\"2546\" data-end=\"2570\">\ud83d\udcb3 \u00d6deme Se\u00e7enekleri<\/h3>\n<ul data-start=\"2572\" data-end=\"2688\">\n<li class=\"\" data-start=\"2572\" data-end=\"2619\">\n<p class=\"\" data-start=\"2574\" data-end=\"2619\"><strong data-start=\"2574\" data-end=\"2617\">Kap\u0131da nakit veya kredi kart\u0131 ile \u00f6deme<\/strong><\/p>\n<\/li>\n<li class=\"\" data-start=\"2620\" data-end=\"2649\">\n<p class=\"\" data-start=\"2622\" data-end=\"2649\"><strong data-start=\"2622\" data-end=\"2647\">Taksitli \u00f6deme imkan\u0131<\/strong><\/p>\n<\/li>\n<li class=\"\" data-start=\"2650\" data-end=\"2688\">\n<p class=\"\" data-start=\"2652\" data-end=\"2688\"><strong data-start=\"2652\" data-end=\"2686\">Banka havalesi \/ EFT ile \u00f6deme<\/strong><\/p>\n<\/li>\n<\/ul>\n<p class=\"\" data-start=\"2690\" data-end=\"2799\">T\u00fcm sipari\u015fler, firmam\u0131z g\u00fcvencesi alt\u0131nda <strong data-start=\"2733\" data-end=\"2775\">eksiksiz, h\u0131zl\u0131 ve g\u00fcvenli bir \u015fekilde<\/strong> adresinize ula\u015ft\u0131r\u0131l\u0131r.<\/p>\n<hr class=\"\" data-start=\"2801\" data-end=\"2804\" \/>\n<h3 class=\"\" data-start=\"2806\" data-end=\"2841\">Neden Bu Dildo&#8217;yu Se\u00e7melisiniz?<\/h3>\n<p class=\"\" data-start=\"2843\" data-end=\"3095\">\u2714 Ger\u00e7ek\u00e7i hissiyat i\u00e7in \u00e7ift katmanl\u0131 yap\u0131<br data-start=\"2886\" data-end=\"2889\" \/>\u2714 Etkileyici boyut: 28 cm uzunluk, 7,4 cm kal\u0131nl\u0131k<br data-start=\"2939\" data-end=\"2942\" \/>\u2714 Patentli R5 teknolojisi ile ipeksi yumu\u015fakl\u0131k<br data-start=\"2989\" data-end=\"2992\" \/>\u2714 Eller serbest deneyim i\u00e7in g\u00fc\u00e7l\u00fc vantuz<br data-start=\"3033\" data-end=\"3036\" \/>\u2714 Tam gizlilik, h\u0131zl\u0131 teslimat ve orijinal \u00fcr\u00fcn garantisi<\/p>\n<hr class=\"\" data-start=\"3097\" data-end=\"3100\" \/>\n<h3 class=\"\" data-start=\"3102\" data-end=\"3166\">\ud83c\udf10 Hemen Sipari\u015f Verin \u2013 S\u0131n\u0131r Tan\u0131mayan Bir Deneyim Ya\u015fay\u0131n<\/h3>\n<p class=\"\" data-start=\"3168\" data-end=\"3356\"><strong data-start=\"3168\" data-end=\"3228\">Yeni Nesil \u00c7ift Katmanl\u0131 28 cm Realistik Dev Melez Dildo<\/strong> ile kendinizi ke\u015ffedin, s\u0131n\u0131rlar\u0131n\u0131z\u0131 zorlay\u0131n. \u00dcst\u00fcn kalite, hijyen ve ger\u00e7ek\u00e7ilik arayan kullan\u0131c\u0131lar i\u00e7in ideal bir se\u00e7im.<\/p>\n<p class=\"\" data-start=\"3358\" data-end=\"3403\">\ud83d\uded2 \u015eimdi sipari\u015f verin, <strong data-start=\"3382\" data-end=\"3403\">zevk sizi bulsun!<\/strong><\/p>\n<p>&nbsp;<\/p>\n<p>&nbsp;<\/p>\n<p><a href=\"http:\/\/api.whatsapp.com\/send?phone=905304676616&amp;text=Sipari%C5%9F%20Vermek%20%C4%B0stiyorum%20haremshop%20LV411062\"><img fetchpriority=\"high\" decoding=\"async\" class=\"alignnone\" src=\"https:\/\/static.ticimax.cloud\/32886\/uploads\/editoruploads\/whatsapp-destek-hatti.gif\" alt=\"\" width=\"750\" height=\"117\" \/><\/a><\/p>\n","protected":false},"excerpt":{"rendered":"<p>Cesur deneyimlere haz\u0131r olanlar i\u00e7in tasarland\u0131: <strong data-start=\"381\" data-end=\"441\">Yeni Nesil \u00c7ift Katmanl\u0131 28 cm Realistik Dev Melez Dildo<\/strong>, ultra ger\u00e7ek\u00e7i yap\u0131s\u0131, etkileyici boyutu ve e\u015fsiz dokusuyla en yo\u011fun zevk anlar\u0131n\u0131 sunmak i\u00e7in burada! Hem tasar\u0131m\u0131 hem hissiyat\u0131 ile sizi \u015fa\u015f\u0131rtacak bu \u00f6zel dildo, realistik \u00fcr\u00fcn arayanlar i\u00e7in ideal tercihtir.<\/p>\n","protected":false},"featured_media":43703,"comment_status":"closed","ping_status":"closed","template":"","meta":[],"product_brand":[],"product_cat":[501],"product_tag":[],"class_list":{"0":"post-43701","1":"product","2":"type-product","3":"status-publish","4":"has-post-thumbnail","6":"product_cat-realistik-penisler","8":"first","9":"instock","10":"purchasable","11":"product-type-simple"},"yoast_head":"<!-- This site is optimized with the Yoast SEO Premium plugin v24.4 (Yoast SEO v27.1.1) - https:\/\/yoast.com\/product\/yoast-seo-premium-wordpress\/ -->\n<title>Yeni Nesil \u00c7ift Katmanl\u0131 28 Cm Realistik Dev Melez Dildo Penis - Bursa Erotik Shop<\/title>\n<meta name=\"robots\" content=\"index, follow, max-snippet:-1, max-image-preview:large, max-video-preview:-1\" \/>\n<link rel=\"canonical\" href=\"https:\/\/hobierotikshop.com.tr\/website1\/erotik-shop-urun\/yeni-nesil-cift-katmanli-28-cm-realistik-dev-melez-dildo-penis\/\" \/>\n<meta property=\"og:locale\" content=\"tr_TR\" \/>\n<meta property=\"og:type\" content=\"article\" \/>\n<meta property=\"og:title\" content=\"Yeni Nesil \u00c7ift Katmanl\u0131 28 Cm Realistik Dev Melez Dildo Penis\" \/>\n<meta property=\"og:description\" content=\"Cesur deneyimlere haz\u0131r olanlar i\u00e7in tasarland\u0131: Yeni Nesil \u00c7ift Katmanl\u0131 28 cm Realistik Dev Melez Dildo, ultra ger\u00e7ek\u00e7i yap\u0131s\u0131, etkileyici boyutu ve e\u015fsiz dokusuyla en yo\u011fun zevk anlar\u0131n\u0131 sunmak i\u00e7in burada! Hem tasar\u0131m\u0131 hem hissiyat\u0131 ile sizi \u015fa\u015f\u0131rtacak bu \u00f6zel dildo, realistik \u00fcr\u00fcn arayanlar i\u00e7in ideal tercihtir.\" \/>\n<meta property=\"og:url\" content=\"https:\/\/hobierotikshop.com.tr\/website1\/erotik-shop-urun\/yeni-nesil-cift-katmanli-28-cm-realistik-dev-melez-dildo-penis\/\" \/>\n<meta property=\"og:site_name\" content=\"Bursa Erotik Shop\" \/>\n<meta property=\"article:modified_time\" content=\"2026-01-08T13:38:51+00:00\" \/>\n<meta property=\"og:image\" content=\"https:\/\/hobierotikshop.com.tr\/website1\/wp-content\/uploads\/2025\/04\/yeni-nesil-cift-katmanli-28-cm-realist-9c75b.jpg\" \/>\n\t<meta property=\"og:image:width\" content=\"455\" \/>\n\t<meta property=\"og:image:height\" content=\"455\" \/>\n\t<meta property=\"og:image:type\" content=\"image\/jpeg\" \/>\n<meta name=\"twitter:card\" content=\"summary_large_image\" \/>\n<meta name=\"twitter:site\" content=\"@shopbursa\" \/>\n<meta name=\"twitter:label1\" content=\"Fiyat\" \/>\n\t<meta name=\"twitter:data1\" content=\"&#8378;15.800,00\" \/>\n\t<meta name=\"twitter:label2\" content=\"Availability\" \/>\n\t<meta name=\"twitter:data2\" content=\"In stock\" \/>\n<script type=\"application\/ld+json\" class=\"yoast-schema-graph\">{\"@context\":\"https:\/\/schema.org\",\"@graph\":[{\"@type\":\"WebPage\",\"@id\":\"https:\/\/hobierotikshop.com.tr\/website1\/erotik-shop-urun\/yeni-nesil-cift-katmanli-28-cm-realistik-dev-melez-dildo-penis\/\",\"url\":\"https:\/\/hobierotikshop.com.tr\/website1\/erotik-shop-urun\/yeni-nesil-cift-katmanli-28-cm-realistik-dev-melez-dildo-penis\/\",\"name\":\"Yeni Nesil \u00c7ift Katmanl\u0131 28 Cm Realistik Dev Melez Dildo Penis - Bursa Erotik Shop\",\"isPartOf\":{\"@id\":\"https:\/\/hobierotikshop.com.tr\/website1\/#website\"},\"primaryImageOfPage\":{\"@id\":\"https:\/\/hobierotikshop.com.tr\/website1\/erotik-shop-urun\/yeni-nesil-cift-katmanli-28-cm-realistik-dev-melez-dildo-penis\/#primaryimage\"},\"image\":{\"@id\":\"https:\/\/hobierotikshop.com.tr\/website1\/erotik-shop-urun\/yeni-nesil-cift-katmanli-28-cm-realistik-dev-melez-dildo-penis\/#primaryimage\"},\"thumbnailUrl\":\"https:\/\/haremerotikshop.com\/site\/wp-content\/uploads\/2025\/04\/yeni-nesil-cift-katmanli-28-cm-realist-9c75b.jpg\",\"datePublished\":\"2025-04-26T13:48:22+00:00\",\"dateModified\":\"2026-01-08T13:38:51+00:00\",\"breadcrumb\":{\"@id\":\"https:\/\/hobierotikshop.com.tr\/website1\/erotik-shop-urun\/yeni-nesil-cift-katmanli-28-cm-realistik-dev-melez-dildo-penis\/#breadcrumb\"},\"inLanguage\":\"tr\",\"potentialAction\":[{\"@type\":\"ReadAction\",\"target\":[\"https:\/\/hobierotikshop.com.tr\/website1\/erotik-shop-urun\/yeni-nesil-cift-katmanli-28-cm-realistik-dev-melez-dildo-penis\/\"]}]},{\"@type\":\"ImageObject\",\"inLanguage\":\"tr\",\"@id\":\"https:\/\/hobierotikshop.com.tr\/website1\/erotik-shop-urun\/yeni-nesil-cift-katmanli-28-cm-realistik-dev-melez-dildo-penis\/#primaryimage\",\"url\":\"https:\/\/haremerotikshop.com\/site\/wp-content\/uploads\/2025\/04\/yeni-nesil-cift-katmanli-28-cm-realist-9c75b.jpg\",\"contentUrl\":\"https:\/\/haremerotikshop.com\/site\/wp-content\/uploads\/2025\/04\/yeni-nesil-cift-katmanli-28-cm-realist-9c75b.jpg\",\"width\":455,\"height\":455},{\"@type\":\"BreadcrumbList\",\"@id\":\"https:\/\/hobierotikshop.com.tr\/website1\/erotik-shop-urun\/yeni-nesil-cift-katmanli-28-cm-realistik-dev-melez-dildo-penis\/#breadcrumb\",\"itemListElement\":[{\"@type\":\"ListItem\",\"position\":1,\"name\":\"Anasayfa\",\"item\":\"https:\/\/hobierotikshop.com.tr\/website1\/\"},{\"@type\":\"ListItem\",\"position\":2,\"name\":\"Erotik Shop \u00dcr\u00fcnleri\",\"item\":\"https:\/\/hobierotikshop.com.tr\/website1\/shop\/\"},{\"@type\":\"ListItem\",\"position\":3,\"name\":\"Yeni Nesil \u00c7ift Katmanl\u0131 28 Cm Realistik Dev Melez Dildo Penis\"}]},{\"@type\":\"WebSite\",\"@id\":\"https:\/\/hobierotikshop.com.tr\/website1\/#website\",\"url\":\"https:\/\/hobierotikshop.com.tr\/website1\/\",\"name\":\"Bursa Erotik Shop\",\"description\":\"Bursa Erotik Shop ile g\u00fcvenli, gizli ve kaliteli yeti\u015fkin \u00fcr\u00fcnleri al\u0131\u015fveri\u015fi! Geni\u015f \u00fcr\u00fcn yelpazemizi ke\u015ffedin, hemen sipari\u015f verin\",\"publisher\":{\"@id\":\"https:\/\/hobierotikshop.com.tr\/website1\/#organization\"},\"alternateName\":\"Erotik Shop\",\"potentialAction\":[{\"@type\":\"SearchAction\",\"target\":{\"@type\":\"EntryPoint\",\"urlTemplate\":\"https:\/\/hobierotikshop.com.tr\/website1\/?s={search_term_string}\"},\"query-input\":{\"@type\":\"PropertyValueSpecification\",\"valueRequired\":true,\"valueName\":\"search_term_string\"}}],\"inLanguage\":\"tr\"},{\"@type\":\"Organization\",\"@id\":\"https:\/\/hobierotikshop.com.tr\/website1\/#organization\",\"name\":\"Harem Bursa Erotik Shop\",\"url\":\"https:\/\/hobierotikshop.com.tr\/website1\/\",\"logo\":{\"@type\":\"ImageObject\",\"inLanguage\":\"tr\",\"@id\":\"https:\/\/hobierotikshop.com.tr\/website1\/#\/schema\/logo\/image\/\",\"url\":\"https:\/\/haremerotikshop.com\/site\/wp-content\/uploads\/2025\/03\/haremsexshop.png\",\"contentUrl\":\"https:\/\/haremerotikshop.com\/site\/wp-content\/uploads\/2025\/03\/haremsexshop.png\",\"width\":400,\"height\":100,\"caption\":\"Harem Bursa Erotik Shop\"},\"image\":{\"@id\":\"https:\/\/hobierotikshop.com.tr\/website1\/#\/schema\/logo\/image\/\"},\"sameAs\":[\"https:\/\/x.com\/shopbursa\"],\"publishingPrinciples\":\"https:\/\/hobierotikshop.com.tr\/website1\/mesafeli-satis-sozlesmesi\/\",\"ownershipFundingInfo\":\"https:\/\/hobierotikshop.com.tr\/website1\/contact-us\/\",\"actionableFeedbackPolicy\":\"https:\/\/hobierotikshop.com.tr\/website1\/contact-us\/\",\"correctionsPolicy\":\"https:\/\/hobierotikshop.com.tr\/website1\/mesafeli-satis-sozlesmesi\/\"}]}<\/script>\n<meta property=\"product:price:amount\" content=\"15800.00\" \/>\n<meta property=\"product:price:currency\" content=\"TRY\" \/>\n<meta property=\"og:availability\" content=\"instock\" \/>\n<meta property=\"product:availability\" content=\"instock\" \/>\n<meta property=\"product:retailer_item_id\" content=\"LV411062\" \/>\n<meta property=\"product:condition\" content=\"new\" \/>\n<!-- \/ Yoast SEO Premium plugin. -->","yoast_head_json":{"title":"Yeni Nesil \u00c7ift Katmanl\u0131 28 Cm Realistik Dev Melez Dildo Penis - Bursa Erotik Shop","robots":{"index":"index","follow":"follow","max-snippet":"max-snippet:-1","max-image-preview":"max-image-preview:large","max-video-preview":"max-video-preview:-1"},"canonical":"https:\/\/hobierotikshop.com.tr\/website1\/erotik-shop-urun\/yeni-nesil-cift-katmanli-28-cm-realistik-dev-melez-dildo-penis\/","og_locale":"tr_TR","og_type":"article","og_title":"Yeni Nesil \u00c7ift Katmanl\u0131 28 Cm Realistik Dev Melez Dildo Penis","og_description":"Cesur deneyimlere haz\u0131r olanlar i\u00e7in tasarland\u0131: Yeni Nesil \u00c7ift Katmanl\u0131 28 cm Realistik Dev Melez Dildo, ultra ger\u00e7ek\u00e7i yap\u0131s\u0131, etkileyici boyutu ve e\u015fsiz dokusuyla en yo\u011fun zevk anlar\u0131n\u0131 sunmak i\u00e7in burada! Hem tasar\u0131m\u0131 hem hissiyat\u0131 ile sizi \u015fa\u015f\u0131rtacak bu \u00f6zel dildo, realistik \u00fcr\u00fcn arayanlar i\u00e7in ideal tercihtir.","og_url":"https:\/\/hobierotikshop.com.tr\/website1\/erotik-shop-urun\/yeni-nesil-cift-katmanli-28-cm-realistik-dev-melez-dildo-penis\/","og_site_name":"Bursa Erotik Shop","article_modified_time":"2026-01-08T13:38:51+00:00","og_image":[{"width":455,"height":455,"url":"https:\/\/hobierotikshop.com.tr\/website1\/wp-content\/uploads\/2025\/04\/yeni-nesil-cift-katmanli-28-cm-realist-9c75b.jpg","type":"image\/jpeg"}],"twitter_card":"summary_large_image","twitter_site":"@shopbursa","twitter_misc":{"Fiyat":"&#8378;15.800,00","Availability":"In stock"},"schema":{"@context":"https:\/\/schema.org","@graph":[{"@type":"WebPage","@id":"https:\/\/hobierotikshop.com.tr\/website1\/erotik-shop-urun\/yeni-nesil-cift-katmanli-28-cm-realistik-dev-melez-dildo-penis\/","url":"https:\/\/hobierotikshop.com.tr\/website1\/erotik-shop-urun\/yeni-nesil-cift-katmanli-28-cm-realistik-dev-melez-dildo-penis\/","name":"Yeni Nesil \u00c7ift Katmanl\u0131 28 Cm Realistik Dev Melez Dildo Penis - Bursa Erotik Shop","isPartOf":{"@id":"https:\/\/hobierotikshop.com.tr\/website1\/#website"},"primaryImageOfPage":{"@id":"https:\/\/hobierotikshop.com.tr\/website1\/erotik-shop-urun\/yeni-nesil-cift-katmanli-28-cm-realistik-dev-melez-dildo-penis\/#primaryimage"},"image":{"@id":"https:\/\/hobierotikshop.com.tr\/website1\/erotik-shop-urun\/yeni-nesil-cift-katmanli-28-cm-realistik-dev-melez-dildo-penis\/#primaryimage"},"thumbnailUrl":"https:\/\/haremerotikshop.com\/site\/wp-content\/uploads\/2025\/04\/yeni-nesil-cift-katmanli-28-cm-realist-9c75b.jpg","datePublished":"2025-04-26T13:48:22+00:00","dateModified":"2026-01-08T13:38:51+00:00","breadcrumb":{"@id":"https:\/\/hobierotikshop.com.tr\/website1\/erotik-shop-urun\/yeni-nesil-cift-katmanli-28-cm-realistik-dev-melez-dildo-penis\/#breadcrumb"},"inLanguage":"tr","potentialAction":[{"@type":"ReadAction","target":["https:\/\/hobierotikshop.com.tr\/website1\/erotik-shop-urun\/yeni-nesil-cift-katmanli-28-cm-realistik-dev-melez-dildo-penis\/"]}]},{"@type":"ImageObject","inLanguage":"tr","@id":"https:\/\/hobierotikshop.com.tr\/website1\/erotik-shop-urun\/yeni-nesil-cift-katmanli-28-cm-realistik-dev-melez-dildo-penis\/#primaryimage","url":"https:\/\/haremerotikshop.com\/site\/wp-content\/uploads\/2025\/04\/yeni-nesil-cift-katmanli-28-cm-realist-9c75b.jpg","contentUrl":"https:\/\/haremerotikshop.com\/site\/wp-content\/uploads\/2025\/04\/yeni-nesil-cift-katmanli-28-cm-realist-9c75b.jpg","width":455,"height":455},{"@type":"BreadcrumbList","@id":"https:\/\/hobierotikshop.com.tr\/website1\/erotik-shop-urun\/yeni-nesil-cift-katmanli-28-cm-realistik-dev-melez-dildo-penis\/#breadcrumb","itemListElement":[{"@type":"ListItem","position":1,"name":"Anasayfa","item":"https:\/\/hobierotikshop.com.tr\/website1\/"},{"@type":"ListItem","position":2,"name":"Erotik Shop \u00dcr\u00fcnleri","item":"https:\/\/hobierotikshop.com.tr\/website1\/shop\/"},{"@type":"ListItem","position":3,"name":"Yeni Nesil \u00c7ift Katmanl\u0131 28 Cm Realistik Dev Melez Dildo Penis"}]},{"@type":"WebSite","@id":"https:\/\/hobierotikshop.com.tr\/website1\/#website","url":"https:\/\/hobierotikshop.com.tr\/website1\/","name":"Bursa Erotik Shop","description":"Bursa Erotik Shop ile g\u00fcvenli, gizli ve kaliteli yeti\u015fkin \u00fcr\u00fcnleri al\u0131\u015fveri\u015fi! Geni\u015f \u00fcr\u00fcn yelpazemizi ke\u015ffedin, hemen sipari\u015f verin","publisher":{"@id":"https:\/\/hobierotikshop.com.tr\/website1\/#organization"},"alternateName":"Erotik Shop","potentialAction":[{"@type":"SearchAction","target":{"@type":"EntryPoint","urlTemplate":"https:\/\/hobierotikshop.com.tr\/website1\/?s={search_term_string}"},"query-input":{"@type":"PropertyValueSpecification","valueRequired":true,"valueName":"search_term_string"}}],"inLanguage":"tr"},{"@type":"Organization","@id":"https:\/\/hobierotikshop.com.tr\/website1\/#organization","name":"Harem Bursa Erotik Shop","url":"https:\/\/hobierotikshop.com.tr\/website1\/","logo":{"@type":"ImageObject","inLanguage":"tr","@id":"https:\/\/hobierotikshop.com.tr\/website1\/#\/schema\/logo\/image\/","url":"https:\/\/haremerotikshop.com\/site\/wp-content\/uploads\/2025\/03\/haremsexshop.png","contentUrl":"https:\/\/haremerotikshop.com\/site\/wp-content\/uploads\/2025\/03\/haremsexshop.png","width":400,"height":100,"caption":"Harem Bursa Erotik Shop"},"image":{"@id":"https:\/\/hobierotikshop.com.tr\/website1\/#\/schema\/logo\/image\/"},"sameAs":["https:\/\/x.com\/shopbursa"],"publishingPrinciples":"https:\/\/hobierotikshop.com.tr\/website1\/mesafeli-satis-sozlesmesi\/","ownershipFundingInfo":"https:\/\/hobierotikshop.com.tr\/website1\/contact-us\/","actionableFeedbackPolicy":"https:\/\/hobierotikshop.com.tr\/website1\/contact-us\/","correctionsPolicy":"https:\/\/hobierotikshop.com.tr\/website1\/mesafeli-satis-sozlesmesi\/"}]},"product_price_amount":"15800.00","product_price_currency":"TRY","og_availability":"instock","product_availability":"instock","product_retailer_item_id":"LV411062","product_condition":"new"},"_links":{"self":[{"href":"https:\/\/haremerotikshop.com\/site\/wp-json\/wp\/v2\/product\/43701","targetHints":{"allow":["GET"]}}],"collection":[{"href":"https:\/\/haremerotikshop.com\/site\/wp-json\/wp\/v2\/product"}],"about":[{"href":"https:\/\/haremerotikshop.com\/site\/wp-json\/wp\/v2\/types\/product"}],"replies":[{"embeddable":true,"href":"https:\/\/haremerotikshop.com\/site\/wp-json\/wp\/v2\/comments?post=43701"}],"version-history":[{"count":0,"href":"https:\/\/haremerotikshop.com\/site\/wp-json\/wp\/v2\/product\/43701\/revisions"}],"wp:featuredmedia":[{"embeddable":true,"href":"https:\/\/haremerotikshop.com\/site\/wp-json\/wp\/v2\/media\/43703"}],"wp:attachment":[{"href":"https:\/\/haremerotikshop.com\/site\/wp-json\/wp\/v2\/media?parent=43701"}],"wp:term":[{"taxonomy":"product_brand","embeddable":true,"href":"https:\/\/haremerotikshop.com\/site\/wp-json\/wp\/v2\/product_brand?post=43701"},{"taxonomy":"product_cat","embeddable":true,"href":"https:\/\/haremerotikshop.com\/site\/wp-json\/wp\/v2\/product_cat?post=43701"},{"taxonomy":"product_tag","embeddable":true,"href":"https:\/\/haremerotikshop.com\/site\/wp-json\/wp\/v2\/product_tag?post=43701"}],"curies":[{"name":"wp","href":"https:\/\/api.w.org\/{rel}","templated":true}]}}