{"id":43722,"date":"2025-04-26T16:48:22","date_gmt":"2025-04-26T13:48:22","guid":{"rendered":"https:\/\/haremerotikshop.com\/site\/erotik-shop-urun\/belden-baglamali-yeni-nesil-cift-katmanli-246-cm-realistik-dev-melez-dildo-penis\/"},"modified":"2026-01-18T18:12:16","modified_gmt":"2026-01-18T15:12:16","slug":"belden-baglamali-yeni-nesil-cift-katmanli-246-cm-realistik-dev-melez-dildo-penis","status":"publish","type":"product","link":"https:\/\/haremerotikshop.com\/site\/erotik-shop-urun\/belden-baglamali-yeni-nesil-cift-katmanli-246-cm-realistik-dev-melez-dildo-penis\/","title":{"rendered":"Belden Ba\u011flamal\u0131 Yeni Nesil \u00c7ift Katmanl\u0131 24,6 Cm Realistik Dev Melez Dildo Penis"},"content":{"rendered":"<h2 class=\"\" data-start=\"121\" data-end=\"227\"><strong data-start=\"124\" data-end=\"227\">Belden Ba\u011flamal\u0131 Yeni Nesil \u00c7ift Katmanl\u0131 24,6 cm Realistik Dev Melez Dildo \u2013 Ger\u00e7ek Hissin Zirvesi<\/strong><\/h2>\n<p class=\"\" data-start=\"229\" data-end=\"616\">Cinsel deneyiminizi s\u0131ra d\u0131\u015f\u0131 bir boyuta ta\u015f\u0131maya haz\u0131r olun! <strong data-start=\"291\" data-end=\"366\">Belden Ba\u011flamal\u0131 Yeni Nesil \u00c7ift Katmanl\u0131 24,6 cm Realistik Melez Dildo<\/strong>, hem ultra ger\u00e7ek\u00e7i yap\u0131s\u0131 hem de melez rengiyle fark yarat\u0131yor. Y\u00fcksek kaliteye sahip <strong data-start=\"454\" data-end=\"478\">%100 Soft Cyber Skin<\/strong> malzemesi ve <strong data-start=\"492\" data-end=\"519\">Patentli R5 teknolojisi<\/strong> ile geli\u015ftirilen bu \u00fcr\u00fcn, hem g\u00f6r\u00fcn\u00fcm hem de hissiyat a\u00e7\u0131s\u0131ndan ger\u00e7ek bir penis deneyimi sunar.<\/p>\n<hr class=\"\" data-start=\"618\" data-end=\"621\" \/>\n<h3 class=\"\" data-start=\"623\" data-end=\"685\">\ud83d\udc8e Ger\u00e7ek\u00e7i Yap\u0131 \u2013 \u0130ki Kat Daha Do\u011fal, \u0130ki Kat Daha Zevkli<\/h3>\n<ul data-start=\"686\" data-end=\"934\">\n<li class=\"\" data-start=\"686\" data-end=\"784\">\n<p class=\"\" data-start=\"688\" data-end=\"784\"><strong data-start=\"688\" data-end=\"710\">\u00c7ift katmanl\u0131 yap\u0131<\/strong> sayesinde i\u00e7 k\u0131sm\u0131 dolgun ve sert, d\u0131\u015f y\u00fczeyi ise yumu\u015fak ve ipeksidir.<\/p>\n<\/li>\n<li class=\"\" data-start=\"785\" data-end=\"857\">\n<p class=\"\" data-start=\"787\" data-end=\"857\"><strong data-start=\"787\" data-end=\"801\">R5 malzeme<\/strong>, v\u00fccut \u0131s\u0131s\u0131na uyum sa\u011flayarak do\u011fal bir his yarat\u0131r.<\/p>\n<\/li>\n<li class=\"\" data-start=\"858\" data-end=\"934\">\n<p class=\"\" data-start=\"860\" data-end=\"934\">Ger\u00e7ek deri dokusuna benzeyen y\u00fczeyi, her dokunu\u015fta sizi etkilemeye haz\u0131r!<\/p>\n<\/li>\n<\/ul>\n<hr class=\"\" data-start=\"936\" data-end=\"939\" \/>\n<h3 class=\"\" data-start=\"941\" data-end=\"962\">\ud83d\udccf \u00dcr\u00fcn \u00d6l\u00e7\u00fcleri:<\/h3>\n<ul data-start=\"963\" data-end=\"1130\">\n<li class=\"\" data-start=\"963\" data-end=\"994\">\n<p class=\"\" data-start=\"965\" data-end=\"994\"><strong data-start=\"965\" data-end=\"984\">Toplam Uzunluk:<\/strong> 24,6 cm<\/p>\n<\/li>\n<li class=\"\" data-start=\"995\" data-end=\"1023\">\n<p class=\"\" data-start=\"997\" data-end=\"1023\"><strong data-start=\"997\" data-end=\"1016\">\u00c7ap (Kal\u0131nl\u0131k):<\/strong> 7 cm<\/p>\n<\/li>\n<li class=\"\" data-start=\"1024\" data-end=\"1068\">\n<p class=\"\" data-start=\"1026\" data-end=\"1068\"><strong data-start=\"1026\" data-end=\"1038\">Malzeme:<\/strong> R5 Patentli Soft Cyber Skin<\/p>\n<\/li>\n<li class=\"\" data-start=\"1069\" data-end=\"1130\">\n<p class=\"\" data-start=\"1071\" data-end=\"1130\"><strong data-start=\"1071\" data-end=\"1080\">Renk:<\/strong> Melez (ger\u00e7ek ten rengine yak\u0131n, estetik g\u00f6r\u00fcn\u00fcm)<\/p>\n<\/li>\n<\/ul>\n<hr class=\"\" data-start=\"1132\" data-end=\"1135\" \/>\n<h3 class=\"\" data-start=\"1137\" data-end=\"1191\">\ud83d\udcaa Belden Ba\u011flamal\u0131 + Vantuzlu: \u0130ki Y\u00f6nl\u00fc Kullan\u0131m<\/h3>\n<ul data-start=\"1192\" data-end=\"1488\">\n<li class=\"\" data-start=\"1192\" data-end=\"1282\">\n<p class=\"\" data-start=\"1194\" data-end=\"1282\"><strong data-start=\"1194\" data-end=\"1225\">Alt k\u0131sm\u0131ndaki g\u00fc\u00e7l\u00fc vantuz<\/strong>, d\u00fcz y\u00fczeylere s\u0131k\u0131ca tutunarak sabit kullan\u0131m sa\u011flar.<\/p>\n<\/li>\n<li class=\"\" data-start=\"1283\" data-end=\"1399\">\n<p class=\"\" data-start=\"1285\" data-end=\"1399\">\u00dcr\u00fcn ayn\u0131 zamanda <strong data-start=\"1303\" data-end=\"1321\">strap-on kemer<\/strong> ile belden ba\u011flanabilir. Partnerli kullan\u0131mlar i\u00e7in m\u00fckemmel bir tercihtir.<\/p>\n<\/li>\n<li class=\"\" data-start=\"1400\" data-end=\"1488\">\n<p class=\"\" data-start=\"1402\" data-end=\"1488\">Paket i\u00e7inde g\u00f6nderilen kemer ve kayganla\u015ft\u0131r\u0131c\u0131 ile kullan\u0131ma hemen haz\u0131r hale gelir.<\/p>\n<\/li>\n<\/ul>\n<hr class=\"\" data-start=\"1490\" data-end=\"1493\" \/>\n<h3 class=\"\" data-start=\"1495\" data-end=\"1548\">\ud83e\uddfc Kolay Temizlik \u2013 Sa\u011fl\u0131kl\u0131 ve Hijyenik Kullan\u0131m<\/h3>\n<ul data-start=\"1549\" data-end=\"1693\">\n<li class=\"\" data-start=\"1549\" data-end=\"1609\">\n<p class=\"\" data-start=\"1551\" data-end=\"1609\">Su bazl\u0131 oyuncak temizleyici ile rahat\u00e7a temizlenebilir.<\/p>\n<\/li>\n<li class=\"\" data-start=\"1610\" data-end=\"1693\">\n<p class=\"\" data-start=\"1612\" data-end=\"1693\"><strong data-start=\"1612\" data-end=\"1629\">Pthalate Free<\/strong> form\u00fcl\u00fc sayesinde cilt dostudur, alerji ve tahri\u015fe neden olmaz.<\/p>\n<\/li>\n<\/ul>\n<hr class=\"\" data-start=\"1695\" data-end=\"1698\" \/>\n<h3 class=\"\" data-start=\"1700\" data-end=\"1720\">\ud83c\udf81 Kutu \u0130\u00e7eri\u011fi:<\/h3>\n<ul data-start=\"1721\" data-end=\"1820\">\n<li class=\"\" data-start=\"1721\" data-end=\"1751\">\n<p class=\"\" data-start=\"1723\" data-end=\"1751\">1 Adet 24,6 cm Melez Dildo<\/p>\n<\/li>\n<li class=\"\" data-start=\"1752\" data-end=\"1786\">\n<p class=\"\" data-start=\"1754\" data-end=\"1786\">Belden ba\u011flamal\u0131 kemer aparat\u0131<\/p>\n<\/li>\n<li class=\"\" data-start=\"1787\" data-end=\"1820\">\n<p class=\"\" data-start=\"1789\" data-end=\"1820\">Uyumlu su bazl\u0131 kayganla\u015ft\u0131r\u0131c\u0131<\/p>\n<\/li>\n<\/ul>\n<hr class=\"\" data-start=\"1822\" data-end=\"1825\" \/>\n<h3 class=\"\" data-start=\"1827\" data-end=\"1867\">\ud83d\udce6 G\u00f6nderim Bilgileri \u2013 Tam Gizlilik<\/h3>\n<ul data-start=\"1868\" data-end=\"2050\">\n<li class=\"\" data-start=\"1868\" data-end=\"1968\">\n<p class=\"\" data-start=\"1870\" data-end=\"1968\">\u00dcr\u00fcnleriniz <strong data-start=\"1882\" data-end=\"1909\">gizli ve sade paketleme<\/strong> ile g\u00f6nderilir. \u0130\u00e7eri\u011fi kesinlikle d\u0131\u015far\u0131dan anla\u015f\u0131lmaz.<\/p>\n<\/li>\n<li class=\"\" data-start=\"1969\" data-end=\"2050\">\n<p class=\"\" data-start=\"1971\" data-end=\"2050\">Kargolar firmam\u0131z g\u00fcvencesi alt\u0131nda h\u0131zl\u0131 ve g\u00fcvenli \u015fekilde adresinize ula\u015f\u0131r.<\/p>\n<\/li>\n<\/ul>\n<hr class=\"\" data-start=\"2052\" data-end=\"2055\" \/>\n<h3 class=\"\" data-start=\"2057\" data-end=\"2082\">\ud83d\udcb3 \u00d6deme Se\u00e7enekleri:<\/h3>\n<ul data-start=\"2083\" data-end=\"2176\">\n<li class=\"\" data-start=\"2083\" data-end=\"2126\">\n<p class=\"\" data-start=\"2085\" data-end=\"2126\">Kap\u0131da nakit veya kredi kart\u0131 ile \u00f6deme<\/p>\n<\/li>\n<li class=\"\" data-start=\"2127\" data-end=\"2152\">\n<p class=\"\" data-start=\"2129\" data-end=\"2152\">Havale \/ EFT se\u00e7ene\u011fi<\/p>\n<\/li>\n<li class=\"\" data-start=\"2153\" data-end=\"2176\">\n<p class=\"\" data-start=\"2155\" data-end=\"2176\">Taksitli \u00f6deme imkan\u0131<\/p>\n<\/li>\n<\/ul>\n<hr class=\"\" data-start=\"2178\" data-end=\"2181\" \/>\n<h3 class=\"\" data-start=\"2183\" data-end=\"2223\">\u2705 Neden Bu \u00dcr\u00fcn\u00fc Tercih Etmelisiniz?<\/h3>\n<ul data-start=\"2224\" data-end=\"2420\">\n<li class=\"\" data-start=\"2224\" data-end=\"2261\">\n<p class=\"\" data-start=\"2226\" data-end=\"2261\">Ultra ger\u00e7ek\u00e7i ve estetik tasar\u0131m<\/p>\n<\/li>\n<li class=\"\" data-start=\"2262\" data-end=\"2298\">\n<p class=\"\" data-start=\"2264\" data-end=\"2298\">B\u00fcy\u00fck boy ve etkileyici kal\u0131nl\u0131k<\/p>\n<\/li>\n<li class=\"\" data-start=\"2299\" data-end=\"2333\">\n<p class=\"\" data-start=\"2301\" data-end=\"2333\">Cilt dostu ve g\u00fcvenli materyal<\/p>\n<\/li>\n<li class=\"\" data-start=\"2334\" data-end=\"2363\">\n<p class=\"\" data-start=\"2336\" data-end=\"2363\">Kolay temizlenebilir yap\u0131<\/p>\n<\/li>\n<li class=\"\" data-start=\"2364\" data-end=\"2420\">\n<p class=\"\" data-start=\"2366\" data-end=\"2420\">Gizli paketleme, h\u0131zl\u0131 teslimat ve m\u00fc\u015fteri memnuniyeti<\/p>\n<\/li>\n<\/ul>\n<hr class=\"\" data-start=\"2422\" data-end=\"2425\" \/>\n<p class=\"\" data-start=\"2427\" data-end=\"2650\">\ud83c\udfaf <strong data-start=\"2430\" data-end=\"2527\">E\u011fer s\u0131radanl\u0131ktan uzak, etkileyici ve yo\u011fun bir deneyim ar\u0131yorsan\u0131z, bu dildo tam size g\u00f6re!<\/strong><br data-start=\"2527\" data-end=\"2530\" \/>Strap-on kemeri ve kayganla\u015ft\u0131r\u0131c\u0131s\u0131yla birlikte gelen bu \u00f6zel set, hem solo hem de partnerli kullan\u0131mlar i\u00e7in idealdir.<\/p>\n<p class=\"\" data-start=\"2652\" data-end=\"2767\">\ud83d\udd12 <strong data-start=\"2655\" data-end=\"2767\">Gizli g\u00f6nderim + Orijinal \u00fcr\u00fcn garantisi ile hemen sipari\u015f verin, konforu ve zevki en do\u011fal haliyle ya\u015fay\u0131n!<\/strong><\/p>\n<p>&nbsp;<\/p>\n<p>&nbsp;<\/p>\n<p><a href=\"http:\/\/api.whatsapp.com\/send?phone=905304676616&amp;text=Sipari%C5%9F%20Vermek%20%C4%B0stiyorum%20haremshop%20LV411061B\"><img fetchpriority=\"high\" decoding=\"async\" class=\"alignnone\" src=\"https:\/\/static.ticimax.cloud\/32886\/uploads\/editoruploads\/whatsapp-destek-hatti.gif\" alt=\"\" width=\"750\" height=\"117\" \/><\/a><\/p>\n","protected":false},"excerpt":{"rendered":"<p>Cinsel deneyiminizi s\u0131ra d\u0131\u015f\u0131 bir boyuta ta\u015f\u0131maya haz\u0131r olun! <strong data-start=\"291\" data-end=\"366\">Belden Ba\u011flamal\u0131 Yeni Nesil \u00c7ift Katmanl\u0131 24,6 cm Realistik Melez Dildo<\/strong>, hem ultra ger\u00e7ek\u00e7i yap\u0131s\u0131 hem de melez rengiyle fark yarat\u0131yor. Y\u00fcksek kaliteye sahip <strong data-start=\"454\" data-end=\"478\">%100 Soft Cyber Skin<\/strong> malzemesi ve <strong data-start=\"492\" data-end=\"519\">Patentli R5 teknolojisi<\/strong> ile geli\u015ftirilen bu \u00fcr\u00fcn, hem g\u00f6r\u00fcn\u00fcm hem de hissiyat a\u00e7\u0131s\u0131ndan ger\u00e7ek bir penis deneyimi sunar.<\/p>\n","protected":false},"featured_media":43724,"comment_status":"closed","ping_status":"closed","template":"","meta":[],"product_brand":[],"product_cat":[498],"product_tag":[],"class_list":{"0":"post-43722","1":"product","2":"type-product","3":"status-publish","4":"has-post-thumbnail","6":"product_cat-belden-baglamali-penisler","8":"first","9":"instock","10":"purchasable","11":"product-type-simple"},"yoast_head":"<!-- This site is optimized with the Yoast SEO Premium plugin v24.4 (Yoast SEO v27.1.1) - https:\/\/yoast.com\/product\/yoast-seo-premium-wordpress\/ -->\n<title>Belden Ba\u011flamal\u0131 Yeni Nesil \u00c7ift Katmanl\u0131 24,6 Cm Realistik Dev Melez Dildo Penis - Bursa Erotik Shop<\/title>\n<meta name=\"robots\" content=\"index, follow, max-snippet:-1, max-image-preview:large, max-video-preview:-1\" \/>\n<link rel=\"canonical\" href=\"https:\/\/hobierotikshop.com.tr\/website1\/erotik-shop-urun\/belden-baglamali-yeni-nesil-cift-katmanli-246-cm-realistik-dev-melez-dildo-penis\/\" \/>\n<meta property=\"og:locale\" content=\"tr_TR\" \/>\n<meta property=\"og:type\" content=\"article\" \/>\n<meta property=\"og:title\" content=\"Belden Ba\u011flamal\u0131 Yeni Nesil \u00c7ift Katmanl\u0131 24,6 Cm Realistik Dev Melez Dildo Penis\" \/>\n<meta property=\"og:description\" content=\"Cinsel deneyiminizi s\u0131ra d\u0131\u015f\u0131 bir boyuta ta\u015f\u0131maya haz\u0131r olun! Belden Ba\u011flamal\u0131 Yeni Nesil \u00c7ift Katmanl\u0131 24,6 cm Realistik Melez Dildo, hem ultra ger\u00e7ek\u00e7i yap\u0131s\u0131 hem de melez rengiyle fark yarat\u0131yor. Y\u00fcksek kaliteye sahip %100 Soft Cyber Skin malzemesi ve Patentli R5 teknolojisi ile geli\u015ftirilen bu \u00fcr\u00fcn, hem g\u00f6r\u00fcn\u00fcm hem de hissiyat a\u00e7\u0131s\u0131ndan ger\u00e7ek bir penis deneyimi sunar.\" \/>\n<meta property=\"og:url\" content=\"https:\/\/hobierotikshop.com.tr\/website1\/erotik-shop-urun\/belden-baglamali-yeni-nesil-cift-katmanli-246-cm-realistik-dev-melez-dildo-penis\/\" \/>\n<meta property=\"og:site_name\" content=\"Bursa Erotik Shop\" \/>\n<meta property=\"article:modified_time\" content=\"2026-01-18T15:12:16+00:00\" \/>\n<meta property=\"og:image\" content=\"https:\/\/hobierotikshop.com.tr\/website1\/wp-content\/uploads\/2025\/04\/belden-baglamali-yeni-nesil-cift-katma-46d6-.jpg\" \/>\n\t<meta property=\"og:image:width\" content=\"455\" \/>\n\t<meta property=\"og:image:height\" content=\"455\" \/>\n\t<meta property=\"og:image:type\" content=\"image\/jpeg\" \/>\n<meta name=\"twitter:card\" content=\"summary_large_image\" \/>\n<meta name=\"twitter:site\" content=\"@shopbursa\" \/>\n<meta name=\"twitter:label1\" content=\"Fiyat\" \/>\n\t<meta name=\"twitter:data1\" content=\"&#8378;10.000,00\" \/>\n\t<meta name=\"twitter:label2\" content=\"Availability\" \/>\n\t<meta name=\"twitter:data2\" content=\"In stock\" \/>\n<script type=\"application\/ld+json\" class=\"yoast-schema-graph\">{\"@context\":\"https:\/\/schema.org\",\"@graph\":[{\"@type\":\"WebPage\",\"@id\":\"https:\/\/hobierotikshop.com.tr\/website1\/erotik-shop-urun\/belden-baglamali-yeni-nesil-cift-katmanli-246-cm-realistik-dev-melez-dildo-penis\/\",\"url\":\"https:\/\/hobierotikshop.com.tr\/website1\/erotik-shop-urun\/belden-baglamali-yeni-nesil-cift-katmanli-246-cm-realistik-dev-melez-dildo-penis\/\",\"name\":\"Belden Ba\u011flamal\u0131 Yeni Nesil \u00c7ift Katmanl\u0131 24,6 Cm Realistik Dev Melez Dildo Penis - Bursa Erotik Shop\",\"isPartOf\":{\"@id\":\"https:\/\/hobierotikshop.com.tr\/website1\/#website\"},\"primaryImageOfPage\":{\"@id\":\"https:\/\/hobierotikshop.com.tr\/website1\/erotik-shop-urun\/belden-baglamali-yeni-nesil-cift-katmanli-246-cm-realistik-dev-melez-dildo-penis\/#primaryimage\"},\"image\":{\"@id\":\"https:\/\/hobierotikshop.com.tr\/website1\/erotik-shop-urun\/belden-baglamali-yeni-nesil-cift-katmanli-246-cm-realistik-dev-melez-dildo-penis\/#primaryimage\"},\"thumbnailUrl\":\"https:\/\/haremerotikshop.com\/site\/wp-content\/uploads\/2025\/04\/belden-baglamali-yeni-nesil-cift-katma-46d6-.jpg\",\"datePublished\":\"2025-04-26T13:48:22+00:00\",\"dateModified\":\"2026-01-18T15:12:16+00:00\",\"breadcrumb\":{\"@id\":\"https:\/\/hobierotikshop.com.tr\/website1\/erotik-shop-urun\/belden-baglamali-yeni-nesil-cift-katmanli-246-cm-realistik-dev-melez-dildo-penis\/#breadcrumb\"},\"inLanguage\":\"tr\",\"potentialAction\":[{\"@type\":\"ReadAction\",\"target\":[\"https:\/\/hobierotikshop.com.tr\/website1\/erotik-shop-urun\/belden-baglamali-yeni-nesil-cift-katmanli-246-cm-realistik-dev-melez-dildo-penis\/\"]}]},{\"@type\":\"ImageObject\",\"inLanguage\":\"tr\",\"@id\":\"https:\/\/hobierotikshop.com.tr\/website1\/erotik-shop-urun\/belden-baglamali-yeni-nesil-cift-katmanli-246-cm-realistik-dev-melez-dildo-penis\/#primaryimage\",\"url\":\"https:\/\/haremerotikshop.com\/site\/wp-content\/uploads\/2025\/04\/belden-baglamali-yeni-nesil-cift-katma-46d6-.jpg\",\"contentUrl\":\"https:\/\/haremerotikshop.com\/site\/wp-content\/uploads\/2025\/04\/belden-baglamali-yeni-nesil-cift-katma-46d6-.jpg\",\"width\":455,\"height\":455},{\"@type\":\"BreadcrumbList\",\"@id\":\"https:\/\/hobierotikshop.com.tr\/website1\/erotik-shop-urun\/belden-baglamali-yeni-nesil-cift-katmanli-246-cm-realistik-dev-melez-dildo-penis\/#breadcrumb\",\"itemListElement\":[{\"@type\":\"ListItem\",\"position\":1,\"name\":\"Anasayfa\",\"item\":\"https:\/\/hobierotikshop.com.tr\/website1\/\"},{\"@type\":\"ListItem\",\"position\":2,\"name\":\"Erotik Shop \u00dcr\u00fcnleri\",\"item\":\"https:\/\/hobierotikshop.com.tr\/website1\/shop\/\"},{\"@type\":\"ListItem\",\"position\":3,\"name\":\"Belden Ba\u011flamal\u0131 Yeni Nesil \u00c7ift Katmanl\u0131 24,6 Cm Realistik Dev Melez Dildo Penis\"}]},{\"@type\":\"WebSite\",\"@id\":\"https:\/\/hobierotikshop.com.tr\/website1\/#website\",\"url\":\"https:\/\/hobierotikshop.com.tr\/website1\/\",\"name\":\"Bursa Erotik Shop\",\"description\":\"Bursa Erotik Shop ile g\u00fcvenli, gizli ve kaliteli yeti\u015fkin \u00fcr\u00fcnleri al\u0131\u015fveri\u015fi! Geni\u015f \u00fcr\u00fcn yelpazemizi ke\u015ffedin, hemen sipari\u015f verin\",\"publisher\":{\"@id\":\"https:\/\/hobierotikshop.com.tr\/website1\/#organization\"},\"alternateName\":\"Erotik Shop\",\"potentialAction\":[{\"@type\":\"SearchAction\",\"target\":{\"@type\":\"EntryPoint\",\"urlTemplate\":\"https:\/\/hobierotikshop.com.tr\/website1\/?s={search_term_string}\"},\"query-input\":{\"@type\":\"PropertyValueSpecification\",\"valueRequired\":true,\"valueName\":\"search_term_string\"}}],\"inLanguage\":\"tr\"},{\"@type\":\"Organization\",\"@id\":\"https:\/\/hobierotikshop.com.tr\/website1\/#organization\",\"name\":\"Harem Bursa Erotik Shop\",\"url\":\"https:\/\/hobierotikshop.com.tr\/website1\/\",\"logo\":{\"@type\":\"ImageObject\",\"inLanguage\":\"tr\",\"@id\":\"https:\/\/hobierotikshop.com.tr\/website1\/#\/schema\/logo\/image\/\",\"url\":\"https:\/\/haremerotikshop.com\/site\/wp-content\/uploads\/2025\/03\/haremsexshop.png\",\"contentUrl\":\"https:\/\/haremerotikshop.com\/site\/wp-content\/uploads\/2025\/03\/haremsexshop.png\",\"width\":400,\"height\":100,\"caption\":\"Harem Bursa Erotik Shop\"},\"image\":{\"@id\":\"https:\/\/hobierotikshop.com.tr\/website1\/#\/schema\/logo\/image\/\"},\"sameAs\":[\"https:\/\/x.com\/shopbursa\"],\"publishingPrinciples\":\"https:\/\/hobierotikshop.com.tr\/website1\/mesafeli-satis-sozlesmesi\/\",\"ownershipFundingInfo\":\"https:\/\/hobierotikshop.com.tr\/website1\/contact-us\/\",\"actionableFeedbackPolicy\":\"https:\/\/hobierotikshop.com.tr\/website1\/contact-us\/\",\"correctionsPolicy\":\"https:\/\/hobierotikshop.com.tr\/website1\/mesafeli-satis-sozlesmesi\/\"}]}<\/script>\n<meta property=\"product:price:amount\" content=\"10000.00\" \/>\n<meta property=\"product:price:currency\" content=\"TRY\" \/>\n<meta property=\"og:availability\" content=\"instock\" \/>\n<meta property=\"product:availability\" content=\"instock\" \/>\n<meta property=\"product:retailer_item_id\" content=\"LV411061B\" \/>\n<meta property=\"product:condition\" content=\"new\" \/>\n<!-- \/ Yoast SEO Premium plugin. -->","yoast_head_json":{"title":"Belden Ba\u011flamal\u0131 Yeni Nesil \u00c7ift Katmanl\u0131 24,6 Cm Realistik Dev Melez Dildo Penis - Bursa Erotik Shop","robots":{"index":"index","follow":"follow","max-snippet":"max-snippet:-1","max-image-preview":"max-image-preview:large","max-video-preview":"max-video-preview:-1"},"canonical":"https:\/\/hobierotikshop.com.tr\/website1\/erotik-shop-urun\/belden-baglamali-yeni-nesil-cift-katmanli-246-cm-realistik-dev-melez-dildo-penis\/","og_locale":"tr_TR","og_type":"article","og_title":"Belden Ba\u011flamal\u0131 Yeni Nesil \u00c7ift Katmanl\u0131 24,6 Cm Realistik Dev Melez Dildo Penis","og_description":"Cinsel deneyiminizi s\u0131ra d\u0131\u015f\u0131 bir boyuta ta\u015f\u0131maya haz\u0131r olun! Belden Ba\u011flamal\u0131 Yeni Nesil \u00c7ift Katmanl\u0131 24,6 cm Realistik Melez Dildo, hem ultra ger\u00e7ek\u00e7i yap\u0131s\u0131 hem de melez rengiyle fark yarat\u0131yor. Y\u00fcksek kaliteye sahip %100 Soft Cyber Skin malzemesi ve Patentli R5 teknolojisi ile geli\u015ftirilen bu \u00fcr\u00fcn, hem g\u00f6r\u00fcn\u00fcm hem de hissiyat a\u00e7\u0131s\u0131ndan ger\u00e7ek bir penis deneyimi sunar.","og_url":"https:\/\/hobierotikshop.com.tr\/website1\/erotik-shop-urun\/belden-baglamali-yeni-nesil-cift-katmanli-246-cm-realistik-dev-melez-dildo-penis\/","og_site_name":"Bursa Erotik Shop","article_modified_time":"2026-01-18T15:12:16+00:00","og_image":[{"width":455,"height":455,"url":"https:\/\/hobierotikshop.com.tr\/website1\/wp-content\/uploads\/2025\/04\/belden-baglamali-yeni-nesil-cift-katma-46d6-.jpg","type":"image\/jpeg"}],"twitter_card":"summary_large_image","twitter_site":"@shopbursa","twitter_misc":{"Fiyat":"&#8378;10.000,00","Availability":"In stock"},"schema":{"@context":"https:\/\/schema.org","@graph":[{"@type":"WebPage","@id":"https:\/\/hobierotikshop.com.tr\/website1\/erotik-shop-urun\/belden-baglamali-yeni-nesil-cift-katmanli-246-cm-realistik-dev-melez-dildo-penis\/","url":"https:\/\/hobierotikshop.com.tr\/website1\/erotik-shop-urun\/belden-baglamali-yeni-nesil-cift-katmanli-246-cm-realistik-dev-melez-dildo-penis\/","name":"Belden Ba\u011flamal\u0131 Yeni Nesil \u00c7ift Katmanl\u0131 24,6 Cm Realistik Dev Melez Dildo Penis - Bursa Erotik Shop","isPartOf":{"@id":"https:\/\/hobierotikshop.com.tr\/website1\/#website"},"primaryImageOfPage":{"@id":"https:\/\/hobierotikshop.com.tr\/website1\/erotik-shop-urun\/belden-baglamali-yeni-nesil-cift-katmanli-246-cm-realistik-dev-melez-dildo-penis\/#primaryimage"},"image":{"@id":"https:\/\/hobierotikshop.com.tr\/website1\/erotik-shop-urun\/belden-baglamali-yeni-nesil-cift-katmanli-246-cm-realistik-dev-melez-dildo-penis\/#primaryimage"},"thumbnailUrl":"https:\/\/haremerotikshop.com\/site\/wp-content\/uploads\/2025\/04\/belden-baglamali-yeni-nesil-cift-katma-46d6-.jpg","datePublished":"2025-04-26T13:48:22+00:00","dateModified":"2026-01-18T15:12:16+00:00","breadcrumb":{"@id":"https:\/\/hobierotikshop.com.tr\/website1\/erotik-shop-urun\/belden-baglamali-yeni-nesil-cift-katmanli-246-cm-realistik-dev-melez-dildo-penis\/#breadcrumb"},"inLanguage":"tr","potentialAction":[{"@type":"ReadAction","target":["https:\/\/hobierotikshop.com.tr\/website1\/erotik-shop-urun\/belden-baglamali-yeni-nesil-cift-katmanli-246-cm-realistik-dev-melez-dildo-penis\/"]}]},{"@type":"ImageObject","inLanguage":"tr","@id":"https:\/\/hobierotikshop.com.tr\/website1\/erotik-shop-urun\/belden-baglamali-yeni-nesil-cift-katmanli-246-cm-realistik-dev-melez-dildo-penis\/#primaryimage","url":"https:\/\/haremerotikshop.com\/site\/wp-content\/uploads\/2025\/04\/belden-baglamali-yeni-nesil-cift-katma-46d6-.jpg","contentUrl":"https:\/\/haremerotikshop.com\/site\/wp-content\/uploads\/2025\/04\/belden-baglamali-yeni-nesil-cift-katma-46d6-.jpg","width":455,"height":455},{"@type":"BreadcrumbList","@id":"https:\/\/hobierotikshop.com.tr\/website1\/erotik-shop-urun\/belden-baglamali-yeni-nesil-cift-katmanli-246-cm-realistik-dev-melez-dildo-penis\/#breadcrumb","itemListElement":[{"@type":"ListItem","position":1,"name":"Anasayfa","item":"https:\/\/hobierotikshop.com.tr\/website1\/"},{"@type":"ListItem","position":2,"name":"Erotik Shop \u00dcr\u00fcnleri","item":"https:\/\/hobierotikshop.com.tr\/website1\/shop\/"},{"@type":"ListItem","position":3,"name":"Belden Ba\u011flamal\u0131 Yeni Nesil \u00c7ift Katmanl\u0131 24,6 Cm Realistik Dev Melez Dildo Penis"}]},{"@type":"WebSite","@id":"https:\/\/hobierotikshop.com.tr\/website1\/#website","url":"https:\/\/hobierotikshop.com.tr\/website1\/","name":"Bursa Erotik Shop","description":"Bursa Erotik Shop ile g\u00fcvenli, gizli ve kaliteli yeti\u015fkin \u00fcr\u00fcnleri al\u0131\u015fveri\u015fi! Geni\u015f \u00fcr\u00fcn yelpazemizi ke\u015ffedin, hemen sipari\u015f verin","publisher":{"@id":"https:\/\/hobierotikshop.com.tr\/website1\/#organization"},"alternateName":"Erotik Shop","potentialAction":[{"@type":"SearchAction","target":{"@type":"EntryPoint","urlTemplate":"https:\/\/hobierotikshop.com.tr\/website1\/?s={search_term_string}"},"query-input":{"@type":"PropertyValueSpecification","valueRequired":true,"valueName":"search_term_string"}}],"inLanguage":"tr"},{"@type":"Organization","@id":"https:\/\/hobierotikshop.com.tr\/website1\/#organization","name":"Harem Bursa Erotik Shop","url":"https:\/\/hobierotikshop.com.tr\/website1\/","logo":{"@type":"ImageObject","inLanguage":"tr","@id":"https:\/\/hobierotikshop.com.tr\/website1\/#\/schema\/logo\/image\/","url":"https:\/\/haremerotikshop.com\/site\/wp-content\/uploads\/2025\/03\/haremsexshop.png","contentUrl":"https:\/\/haremerotikshop.com\/site\/wp-content\/uploads\/2025\/03\/haremsexshop.png","width":400,"height":100,"caption":"Harem Bursa Erotik Shop"},"image":{"@id":"https:\/\/hobierotikshop.com.tr\/website1\/#\/schema\/logo\/image\/"},"sameAs":["https:\/\/x.com\/shopbursa"],"publishingPrinciples":"https:\/\/hobierotikshop.com.tr\/website1\/mesafeli-satis-sozlesmesi\/","ownershipFundingInfo":"https:\/\/hobierotikshop.com.tr\/website1\/contact-us\/","actionableFeedbackPolicy":"https:\/\/hobierotikshop.com.tr\/website1\/contact-us\/","correctionsPolicy":"https:\/\/hobierotikshop.com.tr\/website1\/mesafeli-satis-sozlesmesi\/"}]},"product_price_amount":"10000.00","product_price_currency":"TRY","og_availability":"instock","product_availability":"instock","product_retailer_item_id":"LV411061B","product_condition":"new"},"_links":{"self":[{"href":"https:\/\/haremerotikshop.com\/site\/wp-json\/wp\/v2\/product\/43722","targetHints":{"allow":["GET"]}}],"collection":[{"href":"https:\/\/haremerotikshop.com\/site\/wp-json\/wp\/v2\/product"}],"about":[{"href":"https:\/\/haremerotikshop.com\/site\/wp-json\/wp\/v2\/types\/product"}],"replies":[{"embeddable":true,"href":"https:\/\/haremerotikshop.com\/site\/wp-json\/wp\/v2\/comments?post=43722"}],"version-history":[{"count":0,"href":"https:\/\/haremerotikshop.com\/site\/wp-json\/wp\/v2\/product\/43722\/revisions"}],"wp:featuredmedia":[{"embeddable":true,"href":"https:\/\/haremerotikshop.com\/site\/wp-json\/wp\/v2\/media\/43724"}],"wp:attachment":[{"href":"https:\/\/haremerotikshop.com\/site\/wp-json\/wp\/v2\/media?parent=43722"}],"wp:term":[{"taxonomy":"product_brand","embeddable":true,"href":"https:\/\/haremerotikshop.com\/site\/wp-json\/wp\/v2\/product_brand?post=43722"},{"taxonomy":"product_cat","embeddable":true,"href":"https:\/\/haremerotikshop.com\/site\/wp-json\/wp\/v2\/product_cat?post=43722"},{"taxonomy":"product_tag","embeddable":true,"href":"https:\/\/haremerotikshop.com\/site\/wp-json\/wp\/v2\/product_tag?post=43722"}],"curies":[{"name":"wp","href":"https:\/\/api.w.org\/{rel}","templated":true}]}}