{"id":43736,"date":"2025-04-26T16:48:22","date_gmt":"2025-04-26T13:48:22","guid":{"rendered":"https:\/\/haremerotikshop.com\/site\/erotik-shop-urun\/belden-baglamali-yeni-nesil-cift-katmanli-265-cm-realistik-dev-melez-dildo-penis\/"},"modified":"2026-01-08T16:38:14","modified_gmt":"2026-01-08T13:38:14","slug":"belden-baglamali-yeni-nesil-cift-katmanli-265-cm-realistik-dev-melez-dildo-penis","status":"publish","type":"product","link":"https:\/\/haremerotikshop.com\/site\/erotik-shop-urun\/belden-baglamali-yeni-nesil-cift-katmanli-265-cm-realistik-dev-melez-dildo-penis\/","title":{"rendered":"Belden Ba\u011flamal\u0131 Yeni Nesil \u00c7ift Katmanl\u0131 26,5 Cm Realistik Dev Melez Dildo Penis"},"content":{"rendered":"<h2 class=\"\" data-start=\"214\" data-end=\"321\"><strong data-start=\"217\" data-end=\"321\">Belden Ba\u011flamal\u0131 Yeni Nesil \u00c7ift Katmanl\u0131 26,5 cm Realistik Melez Dildo \u2013 Ger\u00e7ek Dokunu\u015fun Yeni Ad\u0131!<\/strong><\/h2>\n<p class=\"\" data-start=\"323\" data-end=\"661\">Cinsel deneyiminize ger\u00e7eklik katmak ve zevki doruklarda ya\u015famak istiyorsan\u0131z, do\u011fru yerdesiniz! <strong data-start=\"420\" data-end=\"499\">Belden Ba\u011flamal\u0131 Yeni Nesil \u00c7ift Katmanl\u0131 26,5 cm Realistik Dev Melez Dildo<\/strong>, hem ger\u00e7ek\u00e7i g\u00f6r\u00fcn\u00fcm\u00fc hem de hissiyat\u0131yla fark yarat\u0131r. \u00d6zel R5 teknolojisiyle geli\u015ftirilen bu dildo, v\u00fccut \u0131s\u0131s\u0131na uyum sa\u011flayarak <strong data-start=\"633\" data-end=\"654\">do\u011fal bir deneyim<\/strong> sunar.<\/p>\n<hr class=\"\" data-start=\"663\" data-end=\"666\" \/>\n<h3 class=\"\" data-start=\"668\" data-end=\"696\">\ud83c\udfaf \u00d6ne \u00c7\u0131kan \u00d6zellikler:<\/h3>\n<ul data-start=\"697\" data-end=\"1188\">\n<li class=\"\" data-start=\"697\" data-end=\"759\">\n<p class=\"\" data-start=\"699\" data-end=\"759\"><strong data-start=\"699\" data-end=\"719\">Ultra yumu\u015fakl\u0131k<\/strong> ve etkileyici <strong data-start=\"734\" data-end=\"748\">melez renk<\/strong> tasar\u0131m\u0131<\/p>\n<\/li>\n<li class=\"\" data-start=\"760\" data-end=\"815\">\n<p class=\"\" data-start=\"762\" data-end=\"815\"><strong data-start=\"762\" data-end=\"786\">%100 Soft Cyber Skin<\/strong> \u2013 ipeksi, cilt dostu y\u00fczey<\/p>\n<\/li>\n<li class=\"\" data-start=\"816\" data-end=\"889\">\n<p class=\"\" data-start=\"818\" data-end=\"889\"><strong data-start=\"818\" data-end=\"845\">Patentli R5 Teknolojisi<\/strong> \u2013 kullan\u0131m s\u0131ras\u0131nda v\u00fccut \u0131s\u0131s\u0131na ula\u015f\u0131r<\/p>\n<\/li>\n<li class=\"\" data-start=\"890\" data-end=\"963\">\n<p class=\"\" data-start=\"892\" data-end=\"963\"><strong data-start=\"892\" data-end=\"914\">\u00c7ift katmanl\u0131 yap\u0131<\/strong> \u2013 i\u00e7i sert, d\u0131\u015f\u0131 yumu\u015fak: Ger\u00e7ek dokunu\u015f hissi<\/p>\n<\/li>\n<li class=\"\" data-start=\"964\" data-end=\"1018\">\n<p class=\"\" data-start=\"966\" data-end=\"1018\"><strong data-start=\"966\" data-end=\"982\">G\u00fc\u00e7l\u00fc vantuz<\/strong> \u2013 her d\u00fcz zemine sa\u011flam sabitleme<\/p>\n<\/li>\n<li class=\"\" data-start=\"1019\" data-end=\"1074\">\n<p class=\"\" data-start=\"1021\" data-end=\"1074\"><strong data-start=\"1021\" data-end=\"1040\">Strap-on uyumlu<\/strong> \u2013 kemer ile belden ba\u011flanabilir<\/p>\n<\/li>\n<li class=\"\" data-start=\"1075\" data-end=\"1134\">\n<p class=\"\" data-start=\"1077\" data-end=\"1134\"><strong data-start=\"1077\" data-end=\"1101\">Kolay temizlenebilir<\/strong>, suya dayan\u0131kl\u0131 ve hijyeniktir<\/p>\n<\/li>\n<li class=\"\" data-start=\"1135\" data-end=\"1188\">\n<p class=\"\" data-start=\"1137\" data-end=\"1188\"><strong data-start=\"1137\" data-end=\"1154\">Pthalate Free<\/strong> \u2013 sa\u011fl\u0131\u011fa zarars\u0131z, alerji yapmaz<\/p>\n<\/li>\n<\/ul>\n<hr class=\"\" data-start=\"1190\" data-end=\"1193\" \/>\n<h3 class=\"\" data-start=\"1195\" data-end=\"1218\">\ud83d\udccf Teknik Detaylar:<\/h3>\n<ul data-start=\"1219\" data-end=\"1350\">\n<li class=\"\" data-start=\"1219\" data-end=\"1243\">\n<p class=\"\" data-start=\"1221\" data-end=\"1243\"><strong data-start=\"1221\" data-end=\"1233\">Uzunluk:<\/strong> 26,5 cm<\/p>\n<\/li>\n<li class=\"\" data-start=\"1244\" data-end=\"1274\">\n<p class=\"\" data-start=\"1246\" data-end=\"1274\"><strong data-start=\"1246\" data-end=\"1265\">\u00c7ap (Kal\u0131nl\u0131k):<\/strong> 4,8 cm<\/p>\n<\/li>\n<li class=\"\" data-start=\"1275\" data-end=\"1307\">\n<p class=\"\" data-start=\"1277\" data-end=\"1307\"><strong data-start=\"1277\" data-end=\"1286\">Renk:<\/strong> Ger\u00e7ek\u00e7i melez ton<\/p>\n<\/li>\n<li class=\"\" data-start=\"1308\" data-end=\"1350\">\n<p class=\"\" data-start=\"1310\" data-end=\"1350\"><strong data-start=\"1310\" data-end=\"1322\">Malzeme:<\/strong> Patentli R5 Soft Cyber Skin<\/p>\n<\/li>\n<\/ul>\n<hr class=\"\" data-start=\"1352\" data-end=\"1355\" \/>\n<h3 class=\"\" data-start=\"1357\" data-end=\"1376\">\ud83e\uddf0 Set \u0130\u00e7eri\u011fi:<\/h3>\n<ul data-start=\"1377\" data-end=\"1496\">\n<li class=\"\" data-start=\"1377\" data-end=\"1409\">\n<p class=\"\" data-start=\"1379\" data-end=\"1409\">1 Adet Realistik Melez Dildo<\/p>\n<\/li>\n<li class=\"\" data-start=\"1410\" data-end=\"1462\">\n<p class=\"\" data-start=\"1412\" data-end=\"1462\">Belden ba\u011flamal\u0131 kemer aparat\u0131 (strap-on uyumlu)<\/p>\n<\/li>\n<li class=\"\" data-start=\"1463\" data-end=\"1496\">\n<p class=\"\" data-start=\"1465\" data-end=\"1496\">Uyumlu su bazl\u0131 kayganla\u015ft\u0131r\u0131c\u0131<\/p>\n<\/li>\n<\/ul>\n<p class=\"\" data-start=\"1498\" data-end=\"1611\">Bu set, tek ba\u015f\u0131n\u0131za ya da partnerinizle farkl\u0131 pozisyonlar\u0131 rahat\u00e7a ke\u015ffetmeniz i\u00e7in \u00f6zel olarak haz\u0131rlanm\u0131\u015ft\u0131r.<\/p>\n<hr class=\"\" data-start=\"1613\" data-end=\"1616\" \/>\n<h3 class=\"\" data-start=\"1618\" data-end=\"1644\">\ud83d\udce6 G\u00f6nderim Bilgileri:<\/h3>\n<ul data-start=\"1645\" data-end=\"1868\">\n<li class=\"\" data-start=\"1645\" data-end=\"1715\">\n<p class=\"\" data-start=\"1647\" data-end=\"1715\"><strong data-start=\"1647\" data-end=\"1684\">Tam gizlilik ilkesiyle paketlenir<\/strong>, d\u0131\u015far\u0131dan i\u00e7erik anla\u015f\u0131lmaz<\/p>\n<\/li>\n<li class=\"\" data-start=\"1716\" data-end=\"1751\">\n<p class=\"\" data-start=\"1718\" data-end=\"1751\">H\u0131zl\u0131 kargo ve g\u00fcvenli teslimat<\/p>\n<\/li>\n<li class=\"\" data-start=\"1752\" data-end=\"1798\">\n<p class=\"\" data-start=\"1754\" data-end=\"1798\">Kap\u0131da \u00f6deme veya online \u00f6deme se\u00e7enekleri<\/p>\n<\/li>\n<li class=\"\" data-start=\"1799\" data-end=\"1868\">\n<p class=\"\" data-start=\"1801\" data-end=\"1868\">T\u00fcm sipari\u015fler <strong data-start=\"1816\" data-end=\"1838\">firma g\u00fcvencesiyle<\/strong> eksiksiz olarak teslim edilir<\/p>\n<\/li>\n<\/ul>\n<hr class=\"\" data-start=\"1870\" data-end=\"1873\" \/>\n<h3 class=\"\" data-start=\"1875\" data-end=\"1900\">\ud83d\udcb3 \u00d6deme Se\u00e7enekleri:<\/h3>\n<ul data-start=\"1901\" data-end=\"2035\">\n<li class=\"\" data-start=\"1901\" data-end=\"1953\">\n<p class=\"\" data-start=\"1903\" data-end=\"1953\">Kap\u0131da <strong data-start=\"1910\" data-end=\"1919\">nakit<\/strong> ya da <strong data-start=\"1926\" data-end=\"1951\">kredi kart\u0131 ile \u00f6deme<\/strong><\/p>\n<\/li>\n<li class=\"\" data-start=\"1954\" data-end=\"1978\">\n<p class=\"\" data-start=\"1956\" data-end=\"1978\">Banka havalesi \/ EFT<\/p>\n<\/li>\n<li class=\"\" data-start=\"1979\" data-end=\"2035\">\n<p class=\"\" data-start=\"1981\" data-end=\"2035\"><strong data-start=\"1981\" data-end=\"2003\">Taksitli al\u0131\u015fveri\u015f<\/strong> imk\u00e2n\u0131 ile kolay \u00f6deme planlar\u0131<\/p>\n<\/li>\n<\/ul>\n<hr class=\"\" data-start=\"2037\" data-end=\"2040\" \/>\n<h3 class=\"\" data-start=\"2042\" data-end=\"2074\">\ud83d\udca1 Neden Tercih Etmelisiniz?<\/h3>\n<ul data-start=\"2075\" data-end=\"2330\">\n<li class=\"\" data-start=\"2075\" data-end=\"2128\">\n<p class=\"\" data-start=\"2077\" data-end=\"2128\">Ger\u00e7ek\u00e7ili\u011fiyle \u00f6n plana \u00e7\u0131kan \u00e7ift katmanl\u0131 yap\u0131<\/p>\n<\/li>\n<li class=\"\" data-start=\"2129\" data-end=\"2177\">\n<p class=\"\" data-start=\"2131\" data-end=\"2177\">Y\u00fcksek kaliteli, yumu\u015fak ve sa\u011fl\u0131kl\u0131 malzeme<\/p>\n<\/li>\n<li class=\"\" data-start=\"2178\" data-end=\"2232\">\n<p class=\"\" data-start=\"2180\" data-end=\"2232\">G\u00fc\u00e7l\u00fc vantuz ve belden ba\u011flamal\u0131 kullan\u0131m se\u00e7ene\u011fi<\/p>\n<\/li>\n<li class=\"\" data-start=\"2233\" data-end=\"2267\">\n<p class=\"\" data-start=\"2235\" data-end=\"2267\">Hijyenik, uzun \u00f6m\u00fcrl\u00fc, g\u00fcvenli<\/p>\n<\/li>\n<li class=\"\" data-start=\"2268\" data-end=\"2330\">\n<p class=\"\" data-start=\"2270\" data-end=\"2330\">Gizli kargo, h\u0131zl\u0131 teslimat ve m\u00fc\u015fteri memnuniyeti garantisi<\/p>\n<\/li>\n<\/ul>\n<hr class=\"\" data-start=\"2332\" data-end=\"2335\" \/>\n<p class=\"\" data-start=\"2337\" data-end=\"2492\">\ud83c\udf1f <strong data-start=\"2340\" data-end=\"2381\">Cinsel \u00f6zg\u00fcrl\u00fc\u011f\u00fcn\u00fcz\u00fc cesurca ya\u015fay\u0131n!<\/strong><br data-start=\"2381\" data-end=\"2384\" \/><strong data-start=\"2384\" data-end=\"2416\">Belden ba\u011flamal\u0131 melez dildo<\/strong>, do\u011fal his, konforlu kullan\u0131m ve estetik g\u00f6r\u00fcn\u00fcm\u00fcyle sizi ba\u015ftan \u00e7\u0131karacak.<\/p>\n<p class=\"\" data-start=\"2494\" data-end=\"2615\">\ud83d\udd10 <strong data-start=\"2497\" data-end=\"2567\">Gizli paketleme + Orijinal \u00fcr\u00fcn garantisi ile \u015fimdi sipari\u015f verin!<\/strong><br data-start=\"2567\" data-end=\"2570\" \/>Zevkinizi ertelemeyin \u2013 hemen harekete ge\u00e7in!<\/p>\n<p>&nbsp;<\/p>\n<p>&nbsp;<\/p>\n<p><a href=\"http:\/\/api.whatsapp.com\/send?phone=905304676616&amp;text=Sipari%C5%9F%20Vermek%20%C4%B0stiyorum%20haremshop%20LV411053B\"><img fetchpriority=\"high\" decoding=\"async\" class=\"alignnone\" src=\"https:\/\/static.ticimax.cloud\/32886\/uploads\/editoruploads\/whatsapp-destek-hatti.gif\" alt=\"\" width=\"750\" height=\"117\" \/><\/a><\/p>\n","protected":false},"excerpt":{"rendered":"<p>Cinsel deneyiminize ger\u00e7eklik katmak ve zevki doruklarda ya\u015famak istiyorsan\u0131z, do\u011fru yerdesiniz! <strong data-start=\"420\" data-end=\"499\">Belden Ba\u011flamal\u0131 Yeni Nesil \u00c7ift Katmanl\u0131 26,5 cm Realistik Dev Melez Dildo<\/strong>, hem ger\u00e7ek\u00e7i g\u00f6r\u00fcn\u00fcm\u00fc hem de hissiyat\u0131yla fark yarat\u0131r. \u00d6zel R5 teknolojisiyle geli\u015ftirilen bu dildo, v\u00fccut \u0131s\u0131s\u0131na uyum sa\u011flayarak <strong data-start=\"633\" data-end=\"654\">do\u011fal bir deneyim<\/strong> sunar.<\/p>\n","protected":false},"featured_media":43738,"comment_status":"closed","ping_status":"closed","template":"","meta":[],"product_brand":[],"product_cat":[498],"product_tag":[],"class_list":{"0":"post-43736","1":"product","2":"type-product","3":"status-publish","4":"has-post-thumbnail","6":"product_cat-belden-baglamali-penisler","8":"first","9":"outofstock","10":"purchasable","11":"product-type-simple"},"yoast_head":"<!-- This site is optimized with the Yoast SEO Premium plugin v24.4 (Yoast SEO v27.1.1) - https:\/\/yoast.com\/product\/yoast-seo-premium-wordpress\/ -->\n<title>Belden Ba\u011flamal\u0131 Yeni Nesil \u00c7ift Katmanl\u0131 26,5 Cm Realistik Dev Melez Dildo Penis - Bursa Erotik Shop<\/title>\n<meta name=\"robots\" content=\"index, follow, max-snippet:-1, max-image-preview:large, max-video-preview:-1\" \/>\n<link rel=\"canonical\" href=\"https:\/\/hobierotikshop.com.tr\/website1\/erotik-shop-urun\/belden-baglamali-yeni-nesil-cift-katmanli-265-cm-realistik-dev-melez-dildo-penis\/\" \/>\n<meta property=\"og:locale\" content=\"tr_TR\" \/>\n<meta property=\"og:type\" content=\"article\" \/>\n<meta property=\"og:title\" content=\"Belden Ba\u011flamal\u0131 Yeni Nesil \u00c7ift Katmanl\u0131 26,5 Cm Realistik Dev Melez Dildo Penis\" \/>\n<meta property=\"og:description\" content=\"Cinsel deneyiminize ger\u00e7eklik katmak ve zevki doruklarda ya\u015famak istiyorsan\u0131z, do\u011fru yerdesiniz! Belden Ba\u011flamal\u0131 Yeni Nesil \u00c7ift Katmanl\u0131 26,5 cm Realistik Dev Melez Dildo, hem ger\u00e7ek\u00e7i g\u00f6r\u00fcn\u00fcm\u00fc hem de hissiyat\u0131yla fark yarat\u0131r. \u00d6zel R5 teknolojisiyle geli\u015ftirilen bu dildo, v\u00fccut \u0131s\u0131s\u0131na uyum sa\u011flayarak do\u011fal bir deneyim sunar.\" \/>\n<meta property=\"og:url\" content=\"https:\/\/hobierotikshop.com.tr\/website1\/erotik-shop-urun\/belden-baglamali-yeni-nesil-cift-katmanli-265-cm-realistik-dev-melez-dildo-penis\/\" \/>\n<meta property=\"og:site_name\" content=\"Bursa Erotik Shop\" \/>\n<meta property=\"article:modified_time\" content=\"2026-01-08T13:38:14+00:00\" \/>\n<meta property=\"og:image\" content=\"https:\/\/hobierotikshop.com.tr\/website1\/wp-content\/uploads\/2025\/04\/yeni-nesil-cift-katmanli-265-cm-realis-c771e.jpg\" \/>\n\t<meta property=\"og:image:width\" content=\"455\" \/>\n\t<meta property=\"og:image:height\" content=\"455\" \/>\n\t<meta property=\"og:image:type\" content=\"image\/jpeg\" \/>\n<meta name=\"twitter:card\" content=\"summary_large_image\" \/>\n<meta name=\"twitter:site\" content=\"@shopbursa\" \/>\n<meta name=\"twitter:label1\" content=\"Fiyat\" \/>\n\t<meta name=\"twitter:data1\" content=\"&#8378;6.920,00\" \/>\n\t<meta name=\"twitter:label2\" content=\"Availability\" \/>\n\t<meta name=\"twitter:data2\" content=\"Out of stock\" \/>\n<script type=\"application\/ld+json\" class=\"yoast-schema-graph\">{\"@context\":\"https:\/\/schema.org\",\"@graph\":[{\"@type\":\"WebPage\",\"@id\":\"https:\/\/hobierotikshop.com.tr\/website1\/erotik-shop-urun\/belden-baglamali-yeni-nesil-cift-katmanli-265-cm-realistik-dev-melez-dildo-penis\/\",\"url\":\"https:\/\/hobierotikshop.com.tr\/website1\/erotik-shop-urun\/belden-baglamali-yeni-nesil-cift-katmanli-265-cm-realistik-dev-melez-dildo-penis\/\",\"name\":\"Belden Ba\u011flamal\u0131 Yeni Nesil \u00c7ift Katmanl\u0131 26,5 Cm Realistik Dev Melez Dildo Penis - Bursa Erotik Shop\",\"isPartOf\":{\"@id\":\"https:\/\/hobierotikshop.com.tr\/website1\/#website\"},\"primaryImageOfPage\":{\"@id\":\"https:\/\/hobierotikshop.com.tr\/website1\/erotik-shop-urun\/belden-baglamali-yeni-nesil-cift-katmanli-265-cm-realistik-dev-melez-dildo-penis\/#primaryimage\"},\"image\":{\"@id\":\"https:\/\/hobierotikshop.com.tr\/website1\/erotik-shop-urun\/belden-baglamali-yeni-nesil-cift-katmanli-265-cm-realistik-dev-melez-dildo-penis\/#primaryimage\"},\"thumbnailUrl\":\"https:\/\/haremerotikshop.com\/site\/wp-content\/uploads\/2025\/04\/yeni-nesil-cift-katmanli-265-cm-realis-c771e.jpg\",\"datePublished\":\"2025-04-26T13:48:22+00:00\",\"dateModified\":\"2026-01-08T13:38:14+00:00\",\"breadcrumb\":{\"@id\":\"https:\/\/hobierotikshop.com.tr\/website1\/erotik-shop-urun\/belden-baglamali-yeni-nesil-cift-katmanli-265-cm-realistik-dev-melez-dildo-penis\/#breadcrumb\"},\"inLanguage\":\"tr\",\"potentialAction\":[{\"@type\":\"ReadAction\",\"target\":[\"https:\/\/hobierotikshop.com.tr\/website1\/erotik-shop-urun\/belden-baglamali-yeni-nesil-cift-katmanli-265-cm-realistik-dev-melez-dildo-penis\/\"]}]},{\"@type\":\"ImageObject\",\"inLanguage\":\"tr\",\"@id\":\"https:\/\/hobierotikshop.com.tr\/website1\/erotik-shop-urun\/belden-baglamali-yeni-nesil-cift-katmanli-265-cm-realistik-dev-melez-dildo-penis\/#primaryimage\",\"url\":\"https:\/\/haremerotikshop.com\/site\/wp-content\/uploads\/2025\/04\/yeni-nesil-cift-katmanli-265-cm-realis-c771e.jpg\",\"contentUrl\":\"https:\/\/haremerotikshop.com\/site\/wp-content\/uploads\/2025\/04\/yeni-nesil-cift-katmanli-265-cm-realis-c771e.jpg\",\"width\":455,\"height\":455},{\"@type\":\"BreadcrumbList\",\"@id\":\"https:\/\/hobierotikshop.com.tr\/website1\/erotik-shop-urun\/belden-baglamali-yeni-nesil-cift-katmanli-265-cm-realistik-dev-melez-dildo-penis\/#breadcrumb\",\"itemListElement\":[{\"@type\":\"ListItem\",\"position\":1,\"name\":\"Anasayfa\",\"item\":\"https:\/\/hobierotikshop.com.tr\/website1\/\"},{\"@type\":\"ListItem\",\"position\":2,\"name\":\"Erotik Shop \u00dcr\u00fcnleri\",\"item\":\"https:\/\/hobierotikshop.com.tr\/website1\/shop\/\"},{\"@type\":\"ListItem\",\"position\":3,\"name\":\"Belden Ba\u011flamal\u0131 Yeni Nesil \u00c7ift Katmanl\u0131 26,5 Cm Realistik Dev Melez Dildo Penis\"}]},{\"@type\":\"WebSite\",\"@id\":\"https:\/\/hobierotikshop.com.tr\/website1\/#website\",\"url\":\"https:\/\/hobierotikshop.com.tr\/website1\/\",\"name\":\"Bursa Erotik Shop\",\"description\":\"Bursa Erotik Shop ile g\u00fcvenli, gizli ve kaliteli yeti\u015fkin \u00fcr\u00fcnleri al\u0131\u015fveri\u015fi! Geni\u015f \u00fcr\u00fcn yelpazemizi ke\u015ffedin, hemen sipari\u015f verin\",\"publisher\":{\"@id\":\"https:\/\/hobierotikshop.com.tr\/website1\/#organization\"},\"alternateName\":\"Erotik Shop\",\"potentialAction\":[{\"@type\":\"SearchAction\",\"target\":{\"@type\":\"EntryPoint\",\"urlTemplate\":\"https:\/\/hobierotikshop.com.tr\/website1\/?s={search_term_string}\"},\"query-input\":{\"@type\":\"PropertyValueSpecification\",\"valueRequired\":true,\"valueName\":\"search_term_string\"}}],\"inLanguage\":\"tr\"},{\"@type\":\"Organization\",\"@id\":\"https:\/\/hobierotikshop.com.tr\/website1\/#organization\",\"name\":\"Harem Bursa Erotik Shop\",\"url\":\"https:\/\/hobierotikshop.com.tr\/website1\/\",\"logo\":{\"@type\":\"ImageObject\",\"inLanguage\":\"tr\",\"@id\":\"https:\/\/hobierotikshop.com.tr\/website1\/#\/schema\/logo\/image\/\",\"url\":\"https:\/\/haremerotikshop.com\/site\/wp-content\/uploads\/2025\/03\/haremsexshop.png\",\"contentUrl\":\"https:\/\/haremerotikshop.com\/site\/wp-content\/uploads\/2025\/03\/haremsexshop.png\",\"width\":400,\"height\":100,\"caption\":\"Harem Bursa Erotik Shop\"},\"image\":{\"@id\":\"https:\/\/hobierotikshop.com.tr\/website1\/#\/schema\/logo\/image\/\"},\"sameAs\":[\"https:\/\/x.com\/shopbursa\"],\"publishingPrinciples\":\"https:\/\/hobierotikshop.com.tr\/website1\/mesafeli-satis-sozlesmesi\/\",\"ownershipFundingInfo\":\"https:\/\/hobierotikshop.com.tr\/website1\/contact-us\/\",\"actionableFeedbackPolicy\":\"https:\/\/hobierotikshop.com.tr\/website1\/contact-us\/\",\"correctionsPolicy\":\"https:\/\/hobierotikshop.com.tr\/website1\/mesafeli-satis-sozlesmesi\/\"}]}<\/script>\n<meta property=\"product:price:amount\" content=\"6920.00\" \/>\n<meta property=\"product:price:currency\" content=\"TRY\" \/>\n<meta property=\"og:availability\" content=\"out of stock\" \/>\n<meta property=\"product:availability\" content=\"out of stock\" \/>\n<meta property=\"product:retailer_item_id\" content=\"LV411053B\" \/>\n<meta property=\"product:condition\" content=\"new\" \/>\n<!-- \/ Yoast SEO Premium plugin. -->","yoast_head_json":{"title":"Belden Ba\u011flamal\u0131 Yeni Nesil \u00c7ift Katmanl\u0131 26,5 Cm Realistik Dev Melez Dildo Penis - Bursa Erotik Shop","robots":{"index":"index","follow":"follow","max-snippet":"max-snippet:-1","max-image-preview":"max-image-preview:large","max-video-preview":"max-video-preview:-1"},"canonical":"https:\/\/hobierotikshop.com.tr\/website1\/erotik-shop-urun\/belden-baglamali-yeni-nesil-cift-katmanli-265-cm-realistik-dev-melez-dildo-penis\/","og_locale":"tr_TR","og_type":"article","og_title":"Belden Ba\u011flamal\u0131 Yeni Nesil \u00c7ift Katmanl\u0131 26,5 Cm Realistik Dev Melez Dildo Penis","og_description":"Cinsel deneyiminize ger\u00e7eklik katmak ve zevki doruklarda ya\u015famak istiyorsan\u0131z, do\u011fru yerdesiniz! Belden Ba\u011flamal\u0131 Yeni Nesil \u00c7ift Katmanl\u0131 26,5 cm Realistik Dev Melez Dildo, hem ger\u00e7ek\u00e7i g\u00f6r\u00fcn\u00fcm\u00fc hem de hissiyat\u0131yla fark yarat\u0131r. \u00d6zel R5 teknolojisiyle geli\u015ftirilen bu dildo, v\u00fccut \u0131s\u0131s\u0131na uyum sa\u011flayarak do\u011fal bir deneyim sunar.","og_url":"https:\/\/hobierotikshop.com.tr\/website1\/erotik-shop-urun\/belden-baglamali-yeni-nesil-cift-katmanli-265-cm-realistik-dev-melez-dildo-penis\/","og_site_name":"Bursa Erotik Shop","article_modified_time":"2026-01-08T13:38:14+00:00","og_image":[{"width":455,"height":455,"url":"https:\/\/hobierotikshop.com.tr\/website1\/wp-content\/uploads\/2025\/04\/yeni-nesil-cift-katmanli-265-cm-realis-c771e.jpg","type":"image\/jpeg"}],"twitter_card":"summary_large_image","twitter_site":"@shopbursa","twitter_misc":{"Fiyat":"&#8378;6.920,00","Availability":"Out of stock"},"schema":{"@context":"https:\/\/schema.org","@graph":[{"@type":"WebPage","@id":"https:\/\/hobierotikshop.com.tr\/website1\/erotik-shop-urun\/belden-baglamali-yeni-nesil-cift-katmanli-265-cm-realistik-dev-melez-dildo-penis\/","url":"https:\/\/hobierotikshop.com.tr\/website1\/erotik-shop-urun\/belden-baglamali-yeni-nesil-cift-katmanli-265-cm-realistik-dev-melez-dildo-penis\/","name":"Belden Ba\u011flamal\u0131 Yeni Nesil \u00c7ift Katmanl\u0131 26,5 Cm Realistik Dev Melez Dildo Penis - Bursa Erotik Shop","isPartOf":{"@id":"https:\/\/hobierotikshop.com.tr\/website1\/#website"},"primaryImageOfPage":{"@id":"https:\/\/hobierotikshop.com.tr\/website1\/erotik-shop-urun\/belden-baglamali-yeni-nesil-cift-katmanli-265-cm-realistik-dev-melez-dildo-penis\/#primaryimage"},"image":{"@id":"https:\/\/hobierotikshop.com.tr\/website1\/erotik-shop-urun\/belden-baglamali-yeni-nesil-cift-katmanli-265-cm-realistik-dev-melez-dildo-penis\/#primaryimage"},"thumbnailUrl":"https:\/\/haremerotikshop.com\/site\/wp-content\/uploads\/2025\/04\/yeni-nesil-cift-katmanli-265-cm-realis-c771e.jpg","datePublished":"2025-04-26T13:48:22+00:00","dateModified":"2026-01-08T13:38:14+00:00","breadcrumb":{"@id":"https:\/\/hobierotikshop.com.tr\/website1\/erotik-shop-urun\/belden-baglamali-yeni-nesil-cift-katmanli-265-cm-realistik-dev-melez-dildo-penis\/#breadcrumb"},"inLanguage":"tr","potentialAction":[{"@type":"ReadAction","target":["https:\/\/hobierotikshop.com.tr\/website1\/erotik-shop-urun\/belden-baglamali-yeni-nesil-cift-katmanli-265-cm-realistik-dev-melez-dildo-penis\/"]}]},{"@type":"ImageObject","inLanguage":"tr","@id":"https:\/\/hobierotikshop.com.tr\/website1\/erotik-shop-urun\/belden-baglamali-yeni-nesil-cift-katmanli-265-cm-realistik-dev-melez-dildo-penis\/#primaryimage","url":"https:\/\/haremerotikshop.com\/site\/wp-content\/uploads\/2025\/04\/yeni-nesil-cift-katmanli-265-cm-realis-c771e.jpg","contentUrl":"https:\/\/haremerotikshop.com\/site\/wp-content\/uploads\/2025\/04\/yeni-nesil-cift-katmanli-265-cm-realis-c771e.jpg","width":455,"height":455},{"@type":"BreadcrumbList","@id":"https:\/\/hobierotikshop.com.tr\/website1\/erotik-shop-urun\/belden-baglamali-yeni-nesil-cift-katmanli-265-cm-realistik-dev-melez-dildo-penis\/#breadcrumb","itemListElement":[{"@type":"ListItem","position":1,"name":"Anasayfa","item":"https:\/\/hobierotikshop.com.tr\/website1\/"},{"@type":"ListItem","position":2,"name":"Erotik Shop \u00dcr\u00fcnleri","item":"https:\/\/hobierotikshop.com.tr\/website1\/shop\/"},{"@type":"ListItem","position":3,"name":"Belden Ba\u011flamal\u0131 Yeni Nesil \u00c7ift Katmanl\u0131 26,5 Cm Realistik Dev Melez Dildo Penis"}]},{"@type":"WebSite","@id":"https:\/\/hobierotikshop.com.tr\/website1\/#website","url":"https:\/\/hobierotikshop.com.tr\/website1\/","name":"Bursa Erotik Shop","description":"Bursa Erotik Shop ile g\u00fcvenli, gizli ve kaliteli yeti\u015fkin \u00fcr\u00fcnleri al\u0131\u015fveri\u015fi! Geni\u015f \u00fcr\u00fcn yelpazemizi ke\u015ffedin, hemen sipari\u015f verin","publisher":{"@id":"https:\/\/hobierotikshop.com.tr\/website1\/#organization"},"alternateName":"Erotik Shop","potentialAction":[{"@type":"SearchAction","target":{"@type":"EntryPoint","urlTemplate":"https:\/\/hobierotikshop.com.tr\/website1\/?s={search_term_string}"},"query-input":{"@type":"PropertyValueSpecification","valueRequired":true,"valueName":"search_term_string"}}],"inLanguage":"tr"},{"@type":"Organization","@id":"https:\/\/hobierotikshop.com.tr\/website1\/#organization","name":"Harem Bursa Erotik Shop","url":"https:\/\/hobierotikshop.com.tr\/website1\/","logo":{"@type":"ImageObject","inLanguage":"tr","@id":"https:\/\/hobierotikshop.com.tr\/website1\/#\/schema\/logo\/image\/","url":"https:\/\/haremerotikshop.com\/site\/wp-content\/uploads\/2025\/03\/haremsexshop.png","contentUrl":"https:\/\/haremerotikshop.com\/site\/wp-content\/uploads\/2025\/03\/haremsexshop.png","width":400,"height":100,"caption":"Harem Bursa Erotik Shop"},"image":{"@id":"https:\/\/hobierotikshop.com.tr\/website1\/#\/schema\/logo\/image\/"},"sameAs":["https:\/\/x.com\/shopbursa"],"publishingPrinciples":"https:\/\/hobierotikshop.com.tr\/website1\/mesafeli-satis-sozlesmesi\/","ownershipFundingInfo":"https:\/\/hobierotikshop.com.tr\/website1\/contact-us\/","actionableFeedbackPolicy":"https:\/\/hobierotikshop.com.tr\/website1\/contact-us\/","correctionsPolicy":"https:\/\/hobierotikshop.com.tr\/website1\/mesafeli-satis-sozlesmesi\/"}]},"product_price_amount":"6920.00","product_price_currency":"TRY","og_availability":"out of stock","product_availability":"out of stock","product_retailer_item_id":"LV411053B","product_condition":"new"},"_links":{"self":[{"href":"https:\/\/haremerotikshop.com\/site\/wp-json\/wp\/v2\/product\/43736","targetHints":{"allow":["GET"]}}],"collection":[{"href":"https:\/\/haremerotikshop.com\/site\/wp-json\/wp\/v2\/product"}],"about":[{"href":"https:\/\/haremerotikshop.com\/site\/wp-json\/wp\/v2\/types\/product"}],"replies":[{"embeddable":true,"href":"https:\/\/haremerotikshop.com\/site\/wp-json\/wp\/v2\/comments?post=43736"}],"version-history":[{"count":0,"href":"https:\/\/haremerotikshop.com\/site\/wp-json\/wp\/v2\/product\/43736\/revisions"}],"wp:featuredmedia":[{"embeddable":true,"href":"https:\/\/haremerotikshop.com\/site\/wp-json\/wp\/v2\/media\/43738"}],"wp:attachment":[{"href":"https:\/\/haremerotikshop.com\/site\/wp-json\/wp\/v2\/media?parent=43736"}],"wp:term":[{"taxonomy":"product_brand","embeddable":true,"href":"https:\/\/haremerotikshop.com\/site\/wp-json\/wp\/v2\/product_brand?post=43736"},{"taxonomy":"product_cat","embeddable":true,"href":"https:\/\/haremerotikshop.com\/site\/wp-json\/wp\/v2\/product_cat?post=43736"},{"taxonomy":"product_tag","embeddable":true,"href":"https:\/\/haremerotikshop.com\/site\/wp-json\/wp\/v2\/product_tag?post=43736"}],"curies":[{"name":"wp","href":"https:\/\/api.w.org\/{rel}","templated":true}]}}