{"id":43750,"date":"2025-04-26T16:48:22","date_gmt":"2025-04-26T13:48:22","guid":{"rendered":"https:\/\/haremerotikshop.com\/site\/erotik-shop-urun\/belden-baglamali-yeni-nesil-cift-katmanli-245-cm-realistik-dildo-penis\/"},"modified":"2026-01-08T16:43:08","modified_gmt":"2026-01-08T13:43:08","slug":"belden-baglamali-yeni-nesil-cift-katmanli-245-cm-realistik-dildo-penis","status":"publish","type":"product","link":"https:\/\/haremerotikshop.com\/site\/erotik-shop-urun\/belden-baglamali-yeni-nesil-cift-katmanli-245-cm-realistik-dildo-penis\/","title":{"rendered":"Belden Ba\u011flamal\u0131 Yeni Nesil \u00c7ift Katmanl\u0131 24,5 Cm Realistik Dildo Penis"},"content":{"rendered":"<h2 class=\"\" data-start=\"165\" data-end=\"269\"><strong data-start=\"168\" data-end=\"269\">Belden Ba\u011flamal\u0131 Yeni Nesil \u00c7ift Katmanl\u0131 24,5 cm Realistik Dildo \u2013 Ger\u00e7ek Hissi Yeniden Ke\u015ffedin<\/strong><\/h2>\n<p class=\"\" data-start=\"271\" data-end=\"656\">Cinsel hayat\u0131n\u0131z\u0131 daha ger\u00e7ek\u00e7i, daha etkileyici ve daha tatmin edici hale getirmeye haz\u0131r m\u0131s\u0131n\u0131z?<br data-start=\"370\" data-end=\"373\" \/><strong data-start=\"373\" data-end=\"428\">Belden Ba\u011flamal\u0131 Yeni Nesil 24,5 cm Realistik Dildo<\/strong>, do\u011fala en yak\u0131n dokusu, y\u00fcksek kaliteli malzemesi ve esnek kullan\u0131m se\u00e7enekleriyle \u00f6ne \u00e7\u0131k\u0131yor. %100 Soft Cyber Skin teknolojisiyle \u00fcretilmi\u015f bu \u00f6zel dildo, <strong data-start=\"587\" data-end=\"617\">ger\u00e7ek bir penis hissiyat\u0131<\/strong> arayanlar i\u00e7in m\u00fckemmel bir tercihtir.<\/p>\n<hr class=\"\" data-start=\"658\" data-end=\"661\" \/>\n<h3 class=\"\" data-start=\"663\" data-end=\"698\">\u2b50 \u00dcr\u00fcn\u00fcn \u00d6ne \u00c7\u0131kan \u00d6zellikleri:<\/h3>\n<ul data-start=\"699\" data-end=\"1200\">\n<li class=\"\" data-start=\"699\" data-end=\"745\">\n<p class=\"\" data-start=\"701\" data-end=\"745\"><strong data-start=\"701\" data-end=\"721\">Ultra yumu\u015fakl\u0131k<\/strong> ve ipeksi y\u00fczey hissi<\/p>\n<\/li>\n<li class=\"\" data-start=\"746\" data-end=\"821\">\n<p class=\"\" data-start=\"748\" data-end=\"821\"><strong data-start=\"748\" data-end=\"771\">\u00c7ift katmanl\u0131 yap\u0131:<\/strong> \u0130\u00e7 k\u0131sm\u0131 sert, d\u0131\u015f\u0131 yumu\u015fak \u2013 ger\u00e7ek deri hissi<\/p>\n<\/li>\n<li class=\"\" data-start=\"822\" data-end=\"910\">\n<p class=\"\" data-start=\"824\" data-end=\"910\"><strong data-start=\"824\" data-end=\"852\">R5 patentli \u00f6zel malzeme<\/strong>: V\u00fccut \u0131s\u0131s\u0131na uyum sa\u011flayarak do\u011fal bir kullan\u0131m sunar<\/p>\n<\/li>\n<li class=\"\" data-start=\"911\" data-end=\"995\">\n<p class=\"\" data-start=\"913\" data-end=\"995\"><strong data-start=\"913\" data-end=\"938\">G\u00fc\u00e7l\u00fc vantuzlu taban:<\/strong> Her d\u00fcz zemine sabitlenebilir \u2013 eller serbest kullan\u0131m<\/p>\n<\/li>\n<li class=\"\" data-start=\"996\" data-end=\"1075\">\n<p class=\"\" data-start=\"998\" data-end=\"1075\"><strong data-start=\"998\" data-end=\"1023\">Strap-on kemer uyumu:<\/strong> Belden ba\u011flamal\u0131 olarak partnerli kullan\u0131m imkan\u0131<\/p>\n<\/li>\n<li class=\"\" data-start=\"1076\" data-end=\"1131\">\n<p class=\"\" data-start=\"1078\" data-end=\"1131\"><strong data-start=\"1078\" data-end=\"1102\">Kolay temizlenebilir<\/strong>, hijyenik ve cilt dostudur<\/p>\n<\/li>\n<li class=\"\" data-start=\"1132\" data-end=\"1200\">\n<p class=\"\" data-start=\"1134\" data-end=\"1200\"><strong data-start=\"1134\" data-end=\"1152\">Pthalate Free:<\/strong> Zararl\u0131 kimyasallar i\u00e7ermez, tamamen g\u00fcvenlidir<\/p>\n<\/li>\n<\/ul>\n<hr class=\"\" data-start=\"1202\" data-end=\"1205\" \/>\n<h3 class=\"\" data-start=\"1207\" data-end=\"1230\">\ud83d\udcd0 Teknik Bilgiler:<\/h3>\n<ul data-start=\"1231\" data-end=\"1417\">\n<li class=\"\" data-start=\"1231\" data-end=\"1262\">\n<p class=\"\" data-start=\"1233\" data-end=\"1262\"><strong data-start=\"1233\" data-end=\"1252\">Toplam Uzunluk:<\/strong> 24,5 cm<\/p>\n<\/li>\n<li class=\"\" data-start=\"1263\" data-end=\"1293\">\n<p class=\"\" data-start=\"1265\" data-end=\"1293\"><strong data-start=\"1265\" data-end=\"1284\">\u00c7ap (Kal\u0131nl\u0131k):<\/strong> 4,5 cm<\/p>\n<\/li>\n<li class=\"\" data-start=\"1294\" data-end=\"1357\">\n<p class=\"\" data-start=\"1296\" data-end=\"1357\"><strong data-start=\"1296\" data-end=\"1308\">Malzeme:<\/strong> %100 Soft Cyber Skin \u2013 Patentli R5 Teknolojisi<\/p>\n<\/li>\n<li class=\"\" data-start=\"1358\" data-end=\"1417\">\n<p class=\"\" data-start=\"1360\" data-end=\"1417\"><strong data-start=\"1360\" data-end=\"1378\">Kullan\u0131m Tipi:<\/strong> Solo ve partnerli (strap-on kemer ile)<\/p>\n<\/li>\n<\/ul>\n<hr class=\"\" data-start=\"1419\" data-end=\"1422\" \/>\n<h3 class=\"\" data-start=\"1424\" data-end=\"1445\">\ud83d\udce6 Paket \u0130\u00e7eri\u011fi:<\/h3>\n<ul data-start=\"1446\" data-end=\"1555\">\n<li class=\"\" data-start=\"1446\" data-end=\"1480\">\n<p class=\"\" data-start=\"1448\" data-end=\"1480\">1 Adet 24,5 cm Realistik Dildo<\/p>\n<\/li>\n<li class=\"\" data-start=\"1481\" data-end=\"1526\">\n<p class=\"\" data-start=\"1483\" data-end=\"1526\">Belden ba\u011flamal\u0131 kemer (strap-on aparat\u0131)<\/p>\n<\/li>\n<li class=\"\" data-start=\"1527\" data-end=\"1555\">\n<p class=\"\" data-start=\"1529\" data-end=\"1555\">Su bazl\u0131 kayganla\u015ft\u0131r\u0131c\u0131<\/p>\n<\/li>\n<\/ul>\n<p class=\"\" data-start=\"1557\" data-end=\"1604\"><strong data-start=\"1557\" data-end=\"1604\">Her \u015fey diledi\u011finiz deneyim i\u00e7in bir arada!<\/strong><\/p>\n<hr class=\"\" data-start=\"1606\" data-end=\"1609\" \/>\n<h3 class=\"\" data-start=\"1611\" data-end=\"1649\">\ud83d\ude9a G\u00f6nderim ve Teslimat Bilgileri:<\/h3>\n<ul data-start=\"1650\" data-end=\"1873\">\n<li class=\"\" data-start=\"1650\" data-end=\"1712\">\n<p class=\"\" data-start=\"1652\" data-end=\"1712\"><strong data-start=\"1652\" data-end=\"1667\">Gizli kargo<\/strong> \u2013 D\u0131\u015far\u0131dan bak\u0131ld\u0131\u011f\u0131nda i\u00e7erik anla\u015f\u0131lmaz<\/p>\n<\/li>\n<li class=\"\" data-start=\"1713\" data-end=\"1773\">\n<p class=\"\" data-start=\"1715\" data-end=\"1773\">Sipari\u015fleriniz <strong data-start=\"1730\" data-end=\"1756\">g\u00fcvenli ve kapal\u0131 koli<\/strong> ile g\u00f6nderilir<\/p>\n<\/li>\n<li class=\"\" data-start=\"1774\" data-end=\"1840\">\n<p class=\"\" data-start=\"1776\" data-end=\"1840\">T\u00fcm \u00fcr\u00fcnler <strong data-start=\"1788\" data-end=\"1815\">firma g\u00fcvencesi alt\u0131nda<\/strong> eksiksiz teslim edilir<\/p>\n<\/li>\n<li class=\"\" data-start=\"1841\" data-end=\"1873\">\n<p class=\"\" data-start=\"1843\" data-end=\"1873\">H\u0131zl\u0131 kargolama ile kap\u0131n\u0131zda!<\/p>\n<\/li>\n<\/ul>\n<hr class=\"\" data-start=\"1875\" data-end=\"1878\" \/>\n<h3 class=\"\" data-start=\"1880\" data-end=\"1905\">\ud83d\udcb3 \u00d6deme Se\u00e7enekleri:<\/h3>\n<ul data-start=\"1906\" data-end=\"2016\">\n<li class=\"\" data-start=\"1906\" data-end=\"1950\">\n<p class=\"\" data-start=\"1908\" data-end=\"1950\">Kap\u0131da \u00f6deme: <strong data-start=\"1922\" data-end=\"1948\">Nakit veya kredi kart\u0131<\/strong><\/p>\n<\/li>\n<li class=\"\" data-start=\"1951\" data-end=\"1984\">\n<p class=\"\" data-start=\"1953\" data-end=\"1984\"><strong data-start=\"1953\" data-end=\"1975\">Taksitli al\u0131\u015fveri\u015f<\/strong> imkan\u0131<\/p>\n<\/li>\n<li class=\"\" data-start=\"1985\" data-end=\"2016\">\n<p class=\"\" data-start=\"1987\" data-end=\"2016\">Banka havalesi \/ EFT se\u00e7ene\u011fi<\/p>\n<\/li>\n<\/ul>\n<hr class=\"\" data-start=\"2018\" data-end=\"2021\" \/>\n<h3 class=\"\" data-start=\"2023\" data-end=\"2063\">\u2705 Neden Bu \u00dcr\u00fcn\u00fc Tercih Etmelisiniz?<\/h3>\n<ul data-start=\"2064\" data-end=\"2267\">\n<li class=\"\" data-start=\"2064\" data-end=\"2098\">\n<p class=\"\" data-start=\"2066\" data-end=\"2098\">Ger\u00e7ek\u00e7i tasar\u0131m\u0131yla do\u011fal his<\/p>\n<\/li>\n<li class=\"\" data-start=\"2099\" data-end=\"2139\">\n<p class=\"\" data-start=\"2101\" data-end=\"2139\">Strap-on uyumlu \u2013 \u00e7ok y\u00f6nl\u00fc kullan\u0131m<\/p>\n<\/li>\n<li class=\"\" data-start=\"2140\" data-end=\"2187\">\n<p class=\"\" data-start=\"2142\" data-end=\"2187\">Sa\u011fl\u0131\u011fa uygun, yumu\u015fak ve dayan\u0131kl\u0131 malzeme<\/p>\n<\/li>\n<li class=\"\" data-start=\"2188\" data-end=\"2220\">\n<p class=\"\" data-start=\"2190\" data-end=\"2220\">Kullan\u0131m kolayl\u0131\u011f\u0131 ve hijyen<\/p>\n<\/li>\n<li class=\"\" data-start=\"2221\" data-end=\"2267\">\n<p class=\"\" data-start=\"2223\" data-end=\"2267\">Gizli, g\u00fcvenli ve h\u0131zl\u0131 al\u0131\u015fveri\u015f deneyimi<\/p>\n<\/li>\n<\/ul>\n<hr class=\"\" data-start=\"2269\" data-end=\"2272\" \/>\n<p class=\"\" data-start=\"2274\" data-end=\"2436\">\ud83c\udfaf <strong data-start=\"2277\" data-end=\"2361\">Solo ya da partnerli kullan\u0131m fark etmeksizin, bu dildo her an\u0131n\u0131za uyum sa\u011flar.<\/strong><br data-start=\"2361\" data-end=\"2364\" \/>Zevkinizi ertelemeyin, ger\u00e7eklik hissini ve rahatl\u0131\u011f\u0131 ayn\u0131 anda ya\u015fay\u0131n.<\/p>\n<p class=\"\" data-start=\"2438\" data-end=\"2530\">\ud83d\udd12 <strong data-start=\"2441\" data-end=\"2530\">Gizli paketleme, g\u00fcvenli teslimat ve orijinal \u00fcr\u00fcn garantisi ile \u015fimdi sipari\u015f verin!<\/strong><\/p>\n<p>&nbsp;<\/p>\n<p>&nbsp;<\/p>\n<p><a href=\"http:\/\/api.whatsapp.com\/send?phone=905304676616&amp;text=Sipari%C5%9F%20Vermek%20%C4%B0stiyorum%20haremshop%20LV317007B\"><img fetchpriority=\"high\" decoding=\"async\" class=\"alignnone\" src=\"https:\/\/static.ticimax.cloud\/32886\/uploads\/editoruploads\/whatsapp-destek-hatti.gif\" alt=\"\" width=\"750\" height=\"117\" \/><\/a><\/p>\n","protected":false},"excerpt":{"rendered":"<p>Cinsel hayat\u0131n\u0131z\u0131 daha ger\u00e7ek\u00e7i, daha etkileyici ve daha tatmin edici hale getirmeye haz\u0131r m\u0131s\u0131n\u0131z?<br data-start=\"370\" data-end=\"373\" \/><strong data-start=\"373\" data-end=\"428\">Belden Ba\u011flamal\u0131 Yeni Nesil 24,5 cm Realistik Dildo<\/strong>, do\u011fala en yak\u0131n dokusu, y\u00fcksek kaliteli malzemesi ve esnek kullan\u0131m se\u00e7enekleriyle \u00f6ne \u00e7\u0131k\u0131yor. %100 Soft Cyber Skin teknolojisiyle \u00fcretilmi\u015f bu \u00f6zel dildo, <strong data-start=\"587\" data-end=\"617\">ger\u00e7ek bir penis hissiyat\u0131<\/strong> arayanlar i\u00e7in m\u00fckemmel bir tercihtir.<\/p>\n","protected":false},"featured_media":43752,"comment_status":"closed","ping_status":"closed","template":"","meta":[],"product_brand":[],"product_cat":[498],"product_tag":[],"class_list":{"0":"post-43750","1":"product","2":"type-product","3":"status-publish","4":"has-post-thumbnail","6":"product_cat-belden-baglamali-penisler","8":"first","9":"outofstock","10":"purchasable","11":"product-type-simple"},"yoast_head":"<!-- This site is optimized with the Yoast SEO Premium plugin v24.4 (Yoast SEO v27.1.1) - https:\/\/yoast.com\/product\/yoast-seo-premium-wordpress\/ -->\n<title>Belden Ba\u011flamal\u0131 Yeni Nesil \u00c7ift Katmanl\u0131 24,5 Cm Realistik Dildo Penis - Bursa Erotik Shop<\/title>\n<meta name=\"robots\" content=\"index, follow, max-snippet:-1, max-image-preview:large, max-video-preview:-1\" \/>\n<link rel=\"canonical\" href=\"https:\/\/hobierotikshop.com.tr\/website1\/erotik-shop-urun\/belden-baglamali-yeni-nesil-cift-katmanli-245-cm-realistik-dildo-penis\/\" \/>\n<meta property=\"og:locale\" content=\"tr_TR\" \/>\n<meta property=\"og:type\" content=\"article\" \/>\n<meta property=\"og:title\" content=\"Belden Ba\u011flamal\u0131 Yeni Nesil \u00c7ift Katmanl\u0131 24,5 Cm Realistik Dildo Penis\" \/>\n<meta property=\"og:description\" content=\"Cinsel hayat\u0131n\u0131z\u0131 daha ger\u00e7ek\u00e7i, daha etkileyici ve daha tatmin edici hale getirmeye haz\u0131r m\u0131s\u0131n\u0131z?Belden Ba\u011flamal\u0131 Yeni Nesil 24,5 cm Realistik Dildo, do\u011fala en yak\u0131n dokusu, y\u00fcksek kaliteli malzemesi ve esnek kullan\u0131m se\u00e7enekleriyle \u00f6ne \u00e7\u0131k\u0131yor. %100 Soft Cyber Skin teknolojisiyle \u00fcretilmi\u015f bu \u00f6zel dildo, ger\u00e7ek bir penis hissiyat\u0131 arayanlar i\u00e7in m\u00fckemmel bir tercihtir.\" \/>\n<meta property=\"og:url\" content=\"https:\/\/hobierotikshop.com.tr\/website1\/erotik-shop-urun\/belden-baglamali-yeni-nesil-cift-katmanli-245-cm-realistik-dildo-penis\/\" \/>\n<meta property=\"og:site_name\" content=\"Bursa Erotik Shop\" \/>\n<meta property=\"article:modified_time\" content=\"2026-01-08T13:43:08+00:00\" \/>\n<meta property=\"og:image\" content=\"https:\/\/hobierotikshop.com.tr\/website1\/wp-content\/uploads\/2025\/04\/yeni-nesil-cift-katmanli-245-cm-realis-8e072.jpg\" \/>\n\t<meta property=\"og:image:width\" content=\"455\" \/>\n\t<meta property=\"og:image:height\" content=\"455\" \/>\n\t<meta property=\"og:image:type\" content=\"image\/jpeg\" \/>\n<meta name=\"twitter:card\" content=\"summary_large_image\" \/>\n<meta name=\"twitter:site\" content=\"@shopbursa\" \/>\n<meta name=\"twitter:label1\" content=\"Fiyat\" \/>\n\t<meta name=\"twitter:data1\" content=\"&#8378;3.250,00\" \/>\n\t<meta name=\"twitter:label2\" content=\"Availability\" \/>\n\t<meta name=\"twitter:data2\" content=\"Out of stock\" \/>\n<script type=\"application\/ld+json\" class=\"yoast-schema-graph\">{\"@context\":\"https:\/\/schema.org\",\"@graph\":[{\"@type\":\"WebPage\",\"@id\":\"https:\/\/hobierotikshop.com.tr\/website1\/erotik-shop-urun\/belden-baglamali-yeni-nesil-cift-katmanli-245-cm-realistik-dildo-penis\/\",\"url\":\"https:\/\/hobierotikshop.com.tr\/website1\/erotik-shop-urun\/belden-baglamali-yeni-nesil-cift-katmanli-245-cm-realistik-dildo-penis\/\",\"name\":\"Belden Ba\u011flamal\u0131 Yeni Nesil \u00c7ift Katmanl\u0131 24,5 Cm Realistik Dildo Penis - Bursa Erotik Shop\",\"isPartOf\":{\"@id\":\"https:\/\/hobierotikshop.com.tr\/website1\/#website\"},\"primaryImageOfPage\":{\"@id\":\"https:\/\/hobierotikshop.com.tr\/website1\/erotik-shop-urun\/belden-baglamali-yeni-nesil-cift-katmanli-245-cm-realistik-dildo-penis\/#primaryimage\"},\"image\":{\"@id\":\"https:\/\/hobierotikshop.com.tr\/website1\/erotik-shop-urun\/belden-baglamali-yeni-nesil-cift-katmanli-245-cm-realistik-dildo-penis\/#primaryimage\"},\"thumbnailUrl\":\"https:\/\/haremerotikshop.com\/site\/wp-content\/uploads\/2025\/04\/yeni-nesil-cift-katmanli-245-cm-realis-8e072.jpg\",\"datePublished\":\"2025-04-26T13:48:22+00:00\",\"dateModified\":\"2026-01-08T13:43:08+00:00\",\"breadcrumb\":{\"@id\":\"https:\/\/hobierotikshop.com.tr\/website1\/erotik-shop-urun\/belden-baglamali-yeni-nesil-cift-katmanli-245-cm-realistik-dildo-penis\/#breadcrumb\"},\"inLanguage\":\"tr\",\"potentialAction\":[{\"@type\":\"ReadAction\",\"target\":[\"https:\/\/hobierotikshop.com.tr\/website1\/erotik-shop-urun\/belden-baglamali-yeni-nesil-cift-katmanli-245-cm-realistik-dildo-penis\/\"]}]},{\"@type\":\"ImageObject\",\"inLanguage\":\"tr\",\"@id\":\"https:\/\/hobierotikshop.com.tr\/website1\/erotik-shop-urun\/belden-baglamali-yeni-nesil-cift-katmanli-245-cm-realistik-dildo-penis\/#primaryimage\",\"url\":\"https:\/\/haremerotikshop.com\/site\/wp-content\/uploads\/2025\/04\/yeni-nesil-cift-katmanli-245-cm-realis-8e072.jpg\",\"contentUrl\":\"https:\/\/haremerotikshop.com\/site\/wp-content\/uploads\/2025\/04\/yeni-nesil-cift-katmanli-245-cm-realis-8e072.jpg\",\"width\":455,\"height\":455},{\"@type\":\"BreadcrumbList\",\"@id\":\"https:\/\/hobierotikshop.com.tr\/website1\/erotik-shop-urun\/belden-baglamali-yeni-nesil-cift-katmanli-245-cm-realistik-dildo-penis\/#breadcrumb\",\"itemListElement\":[{\"@type\":\"ListItem\",\"position\":1,\"name\":\"Anasayfa\",\"item\":\"https:\/\/hobierotikshop.com.tr\/website1\/\"},{\"@type\":\"ListItem\",\"position\":2,\"name\":\"Erotik Shop \u00dcr\u00fcnleri\",\"item\":\"https:\/\/hobierotikshop.com.tr\/website1\/shop\/\"},{\"@type\":\"ListItem\",\"position\":3,\"name\":\"Belden Ba\u011flamal\u0131 Yeni Nesil \u00c7ift Katmanl\u0131 24,5 Cm Realistik Dildo Penis\"}]},{\"@type\":\"WebSite\",\"@id\":\"https:\/\/hobierotikshop.com.tr\/website1\/#website\",\"url\":\"https:\/\/hobierotikshop.com.tr\/website1\/\",\"name\":\"Bursa Erotik Shop\",\"description\":\"Bursa Erotik Shop ile g\u00fcvenli, gizli ve kaliteli yeti\u015fkin \u00fcr\u00fcnleri al\u0131\u015fveri\u015fi! Geni\u015f \u00fcr\u00fcn yelpazemizi ke\u015ffedin, hemen sipari\u015f verin\",\"publisher\":{\"@id\":\"https:\/\/hobierotikshop.com.tr\/website1\/#organization\"},\"alternateName\":\"Erotik Shop\",\"potentialAction\":[{\"@type\":\"SearchAction\",\"target\":{\"@type\":\"EntryPoint\",\"urlTemplate\":\"https:\/\/hobierotikshop.com.tr\/website1\/?s={search_term_string}\"},\"query-input\":{\"@type\":\"PropertyValueSpecification\",\"valueRequired\":true,\"valueName\":\"search_term_string\"}}],\"inLanguage\":\"tr\"},{\"@type\":\"Organization\",\"@id\":\"https:\/\/hobierotikshop.com.tr\/website1\/#organization\",\"name\":\"Harem Bursa Erotik Shop\",\"url\":\"https:\/\/hobierotikshop.com.tr\/website1\/\",\"logo\":{\"@type\":\"ImageObject\",\"inLanguage\":\"tr\",\"@id\":\"https:\/\/hobierotikshop.com.tr\/website1\/#\/schema\/logo\/image\/\",\"url\":\"https:\/\/haremerotikshop.com\/site\/wp-content\/uploads\/2025\/03\/haremsexshop.png\",\"contentUrl\":\"https:\/\/haremerotikshop.com\/site\/wp-content\/uploads\/2025\/03\/haremsexshop.png\",\"width\":400,\"height\":100,\"caption\":\"Harem Bursa Erotik Shop\"},\"image\":{\"@id\":\"https:\/\/hobierotikshop.com.tr\/website1\/#\/schema\/logo\/image\/\"},\"sameAs\":[\"https:\/\/x.com\/shopbursa\"],\"publishingPrinciples\":\"https:\/\/hobierotikshop.com.tr\/website1\/mesafeli-satis-sozlesmesi\/\",\"ownershipFundingInfo\":\"https:\/\/hobierotikshop.com.tr\/website1\/contact-us\/\",\"actionableFeedbackPolicy\":\"https:\/\/hobierotikshop.com.tr\/website1\/contact-us\/\",\"correctionsPolicy\":\"https:\/\/hobierotikshop.com.tr\/website1\/mesafeli-satis-sozlesmesi\/\"}]}<\/script>\n<meta property=\"product:price:amount\" content=\"3250.00\" \/>\n<meta property=\"product:price:currency\" content=\"TRY\" \/>\n<meta property=\"og:availability\" content=\"out of stock\" \/>\n<meta property=\"product:availability\" content=\"out of stock\" \/>\n<meta property=\"product:retailer_item_id\" content=\"LV317007B\" \/>\n<meta property=\"product:condition\" content=\"new\" \/>\n<!-- \/ Yoast SEO Premium plugin. -->","yoast_head_json":{"title":"Belden Ba\u011flamal\u0131 Yeni Nesil \u00c7ift Katmanl\u0131 24,5 Cm Realistik Dildo Penis - Bursa Erotik Shop","robots":{"index":"index","follow":"follow","max-snippet":"max-snippet:-1","max-image-preview":"max-image-preview:large","max-video-preview":"max-video-preview:-1"},"canonical":"https:\/\/hobierotikshop.com.tr\/website1\/erotik-shop-urun\/belden-baglamali-yeni-nesil-cift-katmanli-245-cm-realistik-dildo-penis\/","og_locale":"tr_TR","og_type":"article","og_title":"Belden Ba\u011flamal\u0131 Yeni Nesil \u00c7ift Katmanl\u0131 24,5 Cm Realistik Dildo Penis","og_description":"Cinsel hayat\u0131n\u0131z\u0131 daha ger\u00e7ek\u00e7i, daha etkileyici ve daha tatmin edici hale getirmeye haz\u0131r m\u0131s\u0131n\u0131z?Belden Ba\u011flamal\u0131 Yeni Nesil 24,5 cm Realistik Dildo, do\u011fala en yak\u0131n dokusu, y\u00fcksek kaliteli malzemesi ve esnek kullan\u0131m se\u00e7enekleriyle \u00f6ne \u00e7\u0131k\u0131yor. %100 Soft Cyber Skin teknolojisiyle \u00fcretilmi\u015f bu \u00f6zel dildo, ger\u00e7ek bir penis hissiyat\u0131 arayanlar i\u00e7in m\u00fckemmel bir tercihtir.","og_url":"https:\/\/hobierotikshop.com.tr\/website1\/erotik-shop-urun\/belden-baglamali-yeni-nesil-cift-katmanli-245-cm-realistik-dildo-penis\/","og_site_name":"Bursa Erotik Shop","article_modified_time":"2026-01-08T13:43:08+00:00","og_image":[{"width":455,"height":455,"url":"https:\/\/hobierotikshop.com.tr\/website1\/wp-content\/uploads\/2025\/04\/yeni-nesil-cift-katmanli-245-cm-realis-8e072.jpg","type":"image\/jpeg"}],"twitter_card":"summary_large_image","twitter_site":"@shopbursa","twitter_misc":{"Fiyat":"&#8378;3.250,00","Availability":"Out of stock"},"schema":{"@context":"https:\/\/schema.org","@graph":[{"@type":"WebPage","@id":"https:\/\/hobierotikshop.com.tr\/website1\/erotik-shop-urun\/belden-baglamali-yeni-nesil-cift-katmanli-245-cm-realistik-dildo-penis\/","url":"https:\/\/hobierotikshop.com.tr\/website1\/erotik-shop-urun\/belden-baglamali-yeni-nesil-cift-katmanli-245-cm-realistik-dildo-penis\/","name":"Belden Ba\u011flamal\u0131 Yeni Nesil \u00c7ift Katmanl\u0131 24,5 Cm Realistik Dildo Penis - Bursa Erotik Shop","isPartOf":{"@id":"https:\/\/hobierotikshop.com.tr\/website1\/#website"},"primaryImageOfPage":{"@id":"https:\/\/hobierotikshop.com.tr\/website1\/erotik-shop-urun\/belden-baglamali-yeni-nesil-cift-katmanli-245-cm-realistik-dildo-penis\/#primaryimage"},"image":{"@id":"https:\/\/hobierotikshop.com.tr\/website1\/erotik-shop-urun\/belden-baglamali-yeni-nesil-cift-katmanli-245-cm-realistik-dildo-penis\/#primaryimage"},"thumbnailUrl":"https:\/\/haremerotikshop.com\/site\/wp-content\/uploads\/2025\/04\/yeni-nesil-cift-katmanli-245-cm-realis-8e072.jpg","datePublished":"2025-04-26T13:48:22+00:00","dateModified":"2026-01-08T13:43:08+00:00","breadcrumb":{"@id":"https:\/\/hobierotikshop.com.tr\/website1\/erotik-shop-urun\/belden-baglamali-yeni-nesil-cift-katmanli-245-cm-realistik-dildo-penis\/#breadcrumb"},"inLanguage":"tr","potentialAction":[{"@type":"ReadAction","target":["https:\/\/hobierotikshop.com.tr\/website1\/erotik-shop-urun\/belden-baglamali-yeni-nesil-cift-katmanli-245-cm-realistik-dildo-penis\/"]}]},{"@type":"ImageObject","inLanguage":"tr","@id":"https:\/\/hobierotikshop.com.tr\/website1\/erotik-shop-urun\/belden-baglamali-yeni-nesil-cift-katmanli-245-cm-realistik-dildo-penis\/#primaryimage","url":"https:\/\/haremerotikshop.com\/site\/wp-content\/uploads\/2025\/04\/yeni-nesil-cift-katmanli-245-cm-realis-8e072.jpg","contentUrl":"https:\/\/haremerotikshop.com\/site\/wp-content\/uploads\/2025\/04\/yeni-nesil-cift-katmanli-245-cm-realis-8e072.jpg","width":455,"height":455},{"@type":"BreadcrumbList","@id":"https:\/\/hobierotikshop.com.tr\/website1\/erotik-shop-urun\/belden-baglamali-yeni-nesil-cift-katmanli-245-cm-realistik-dildo-penis\/#breadcrumb","itemListElement":[{"@type":"ListItem","position":1,"name":"Anasayfa","item":"https:\/\/hobierotikshop.com.tr\/website1\/"},{"@type":"ListItem","position":2,"name":"Erotik Shop \u00dcr\u00fcnleri","item":"https:\/\/hobierotikshop.com.tr\/website1\/shop\/"},{"@type":"ListItem","position":3,"name":"Belden Ba\u011flamal\u0131 Yeni Nesil \u00c7ift Katmanl\u0131 24,5 Cm Realistik Dildo Penis"}]},{"@type":"WebSite","@id":"https:\/\/hobierotikshop.com.tr\/website1\/#website","url":"https:\/\/hobierotikshop.com.tr\/website1\/","name":"Bursa Erotik Shop","description":"Bursa Erotik Shop ile g\u00fcvenli, gizli ve kaliteli yeti\u015fkin \u00fcr\u00fcnleri al\u0131\u015fveri\u015fi! Geni\u015f \u00fcr\u00fcn yelpazemizi ke\u015ffedin, hemen sipari\u015f verin","publisher":{"@id":"https:\/\/hobierotikshop.com.tr\/website1\/#organization"},"alternateName":"Erotik Shop","potentialAction":[{"@type":"SearchAction","target":{"@type":"EntryPoint","urlTemplate":"https:\/\/hobierotikshop.com.tr\/website1\/?s={search_term_string}"},"query-input":{"@type":"PropertyValueSpecification","valueRequired":true,"valueName":"search_term_string"}}],"inLanguage":"tr"},{"@type":"Organization","@id":"https:\/\/hobierotikshop.com.tr\/website1\/#organization","name":"Harem Bursa Erotik Shop","url":"https:\/\/hobierotikshop.com.tr\/website1\/","logo":{"@type":"ImageObject","inLanguage":"tr","@id":"https:\/\/hobierotikshop.com.tr\/website1\/#\/schema\/logo\/image\/","url":"https:\/\/haremerotikshop.com\/site\/wp-content\/uploads\/2025\/03\/haremsexshop.png","contentUrl":"https:\/\/haremerotikshop.com\/site\/wp-content\/uploads\/2025\/03\/haremsexshop.png","width":400,"height":100,"caption":"Harem Bursa Erotik Shop"},"image":{"@id":"https:\/\/hobierotikshop.com.tr\/website1\/#\/schema\/logo\/image\/"},"sameAs":["https:\/\/x.com\/shopbursa"],"publishingPrinciples":"https:\/\/hobierotikshop.com.tr\/website1\/mesafeli-satis-sozlesmesi\/","ownershipFundingInfo":"https:\/\/hobierotikshop.com.tr\/website1\/contact-us\/","actionableFeedbackPolicy":"https:\/\/hobierotikshop.com.tr\/website1\/contact-us\/","correctionsPolicy":"https:\/\/hobierotikshop.com.tr\/website1\/mesafeli-satis-sozlesmesi\/"}]},"product_price_amount":"3250.00","product_price_currency":"TRY","og_availability":"out of stock","product_availability":"out of stock","product_retailer_item_id":"LV317007B","product_condition":"new"},"_links":{"self":[{"href":"https:\/\/haremerotikshop.com\/site\/wp-json\/wp\/v2\/product\/43750","targetHints":{"allow":["GET"]}}],"collection":[{"href":"https:\/\/haremerotikshop.com\/site\/wp-json\/wp\/v2\/product"}],"about":[{"href":"https:\/\/haremerotikshop.com\/site\/wp-json\/wp\/v2\/types\/product"}],"replies":[{"embeddable":true,"href":"https:\/\/haremerotikshop.com\/site\/wp-json\/wp\/v2\/comments?post=43750"}],"version-history":[{"count":0,"href":"https:\/\/haremerotikshop.com\/site\/wp-json\/wp\/v2\/product\/43750\/revisions"}],"wp:featuredmedia":[{"embeddable":true,"href":"https:\/\/haremerotikshop.com\/site\/wp-json\/wp\/v2\/media\/43752"}],"wp:attachment":[{"href":"https:\/\/haremerotikshop.com\/site\/wp-json\/wp\/v2\/media?parent=43750"}],"wp:term":[{"taxonomy":"product_brand","embeddable":true,"href":"https:\/\/haremerotikshop.com\/site\/wp-json\/wp\/v2\/product_brand?post=43750"},{"taxonomy":"product_cat","embeddable":true,"href":"https:\/\/haremerotikshop.com\/site\/wp-json\/wp\/v2\/product_cat?post=43750"},{"taxonomy":"product_tag","embeddable":true,"href":"https:\/\/haremerotikshop.com\/site\/wp-json\/wp\/v2\/product_tag?post=43750"}],"curies":[{"name":"wp","href":"https:\/\/api.w.org\/{rel}","templated":true}]}}