{"id":43771,"date":"2025-04-26T16:49:27","date_gmt":"2025-04-26T13:49:27","guid":{"rendered":"https:\/\/haremerotikshop.com\/site\/erotik-shop-urun\/yeni-nesil-cift-katmanli-245-cm-realistik-dildo-penis-2\/"},"modified":"2026-01-08T16:33:48","modified_gmt":"2026-01-08T13:33:48","slug":"yeni-nesil-cift-katmanli-245-cm-realistik-dildo-penis-2","status":"publish","type":"product","link":"https:\/\/haremerotikshop.com\/site\/erotik-shop-urun\/yeni-nesil-cift-katmanli-245-cm-realistik-dildo-penis-2\/","title":{"rendered":"Yeni Nesil \u00c7ift Katmanl\u0131 24,5 Cm Realistik Dildo Penis"},"content":{"rendered":"<h2 class=\"\" data-start=\"73\" data-end=\"168\"><strong data-start=\"76\" data-end=\"168\">Yeni Nesil \u00c7ift Katmanl\u0131 24,5 cm Realistik Dildo Penis \u2013 Ger\u00e7ek\u00e7ilik ve Konforun Zirvesi<\/strong><\/h2>\n<p class=\"\" data-start=\"170\" data-end=\"537\"><strong data-start=\"170\" data-end=\"245\">Yumu\u015fakl\u0131k ve ger\u00e7ek\u00e7ilikte s\u0131n\u0131rlar\u0131 zorlayan bir deneyime haz\u0131r olun!<\/strong><br data-start=\"245\" data-end=\"248\" \/><strong data-start=\"248\" data-end=\"303\">24,5 cm uzunlu\u011fundaki \u00e7ift katmanl\u0131 realistik dildo<\/strong>, ultra yumu\u015fak malzemesi ve ger\u00e7ek\u00e7i yap\u0131s\u0131yla cinsel zevkinizi bir \u00fcst seviyeye ta\u015f\u0131yor. Hem g\u00f6rsel hem de fiziksel olarak tatmin edici \u00f6zelliklere sahip bu \u00f6zel tasar\u0131m, ger\u00e7ek cinsel deneyimi arayanlar i\u00e7in m\u00fckemmel bir tercihtir.<\/p>\n<hr class=\"\" data-start=\"539\" data-end=\"542\" \/>\n<h3 class=\"\" data-start=\"544\" data-end=\"569\"><strong data-start=\"548\" data-end=\"569\">\u00dcr\u00fcn \u00d6zellikleri:<\/strong><\/h3>\n<ul data-start=\"571\" data-end=\"1618\">\n<li class=\"\" data-start=\"571\" data-end=\"684\">\n<p class=\"\" data-start=\"573\" data-end=\"684\">\u2705 <strong data-start=\"575\" data-end=\"601\">Ger\u00e7ek\u00e7i Yap\u0131 ve Doku:<\/strong> Ger\u00e7ek cilt dokusuna benzeyen y\u00fczey, t\u0131pk\u0131 ger\u00e7ek bir penis gibi hissiyat sunar.<\/p>\n<\/li>\n<li class=\"\" data-start=\"685\" data-end=\"810\">\n<p class=\"\" data-start=\"687\" data-end=\"810\">\u2705 <strong data-start=\"689\" data-end=\"732\">Patentli R5 Y\u00fcksek Kaliteli Cyber Skin:<\/strong> 100% Soft Cyber Skin teknolojisi, ultra yumu\u015fak ve ipeksi bir y\u00fczey sa\u011flar.<\/p>\n<\/li>\n<li class=\"\" data-start=\"811\" data-end=\"935\">\n<p class=\"\" data-start=\"813\" data-end=\"935\">\u2705 <strong data-start=\"815\" data-end=\"838\">V\u00fccut Is\u0131s\u0131na Uyum:<\/strong> R5 malzeme, v\u00fccut \u0131s\u0131s\u0131na h\u0131zla uyum sa\u011flar, b\u00f6ylece daha do\u011fal ve ger\u00e7ek\u00e7i bir deneyim sunar.<\/p>\n<\/li>\n<li class=\"\" data-start=\"936\" data-end=\"1055\">\n<p class=\"\" data-start=\"938\" data-end=\"1055\">\u2705 <strong data-start=\"940\" data-end=\"963\">\u00c7ift Katmanl\u0131 Yap\u0131:<\/strong> Ger\u00e7ek\u00e7i hissiyat\u0131 art\u0131ran \u00e7ift katmanl\u0131 yap\u0131, kullan\u0131m s\u0131ras\u0131nda maksimum tatmin sa\u011flar.<\/p>\n<\/li>\n<li class=\"\" data-start=\"1056\" data-end=\"1218\">\n<p class=\"\" data-start=\"1058\" data-end=\"1218\">\u2705 <strong data-start=\"1060\" data-end=\"1077\">G\u00fc\u00e7l\u00fc Vantuz:<\/strong> Herhangi bir d\u00fcz y\u00fczeye g\u00fc\u00e7l\u00fc bir \u015fekilde sabitlenebilir, b\u00f6ylece eller serbest b\u0131rak\u0131labilir ve tamamen ba\u011f\u0131ms\u0131z bir deneyim ya\u015fanabilir.<\/p>\n<\/li>\n<li class=\"\" data-start=\"1219\" data-end=\"1340\">\n<p class=\"\" data-start=\"1221\" data-end=\"1340\">\u2705 <strong data-start=\"1223\" data-end=\"1246\">Cilt Dostu Malzeme:<\/strong> Sa\u011fl\u0131kl\u0131 ve g\u00fcvenli bir kullan\u0131m i\u00e7in phthalate-free, cilt dostu materyal ile \u00fcretilmi\u015ftir.<\/p>\n<\/li>\n<li class=\"\" data-start=\"1341\" data-end=\"1449\">\n<p class=\"\" data-start=\"1343\" data-end=\"1449\">\u2705 <strong data-start=\"1345\" data-end=\"1364\">Kolay Temizlik:<\/strong> Kolayca temizlenebilir, hijyenik kalmas\u0131 i\u00e7in su ve sabunla temizlenmesi \u00f6nerilir.<\/p>\n<\/li>\n<li class=\"\" data-start=\"1450\" data-end=\"1549\">\n<p class=\"\" data-start=\"1452\" data-end=\"1549\">\u2705 <strong data-start=\"1454\" data-end=\"1484\">Belden Ba\u011flamal\u0131 Kullan\u0131m:<\/strong> Ayr\u0131ca apart kemer ile belden ba\u011flamal\u0131 olarak kullan\u0131labilir.<\/p>\n<\/li>\n<li class=\"\" data-start=\"1550\" data-end=\"1618\">\n<p class=\"\" data-start=\"1552\" data-end=\"1569\">\u2705 <strong data-start=\"1554\" data-end=\"1567\">Boyutlar:<\/strong><\/p>\n<ul data-start=\"1572\" data-end=\"1618\">\n<li class=\"\" data-start=\"1572\" data-end=\"1596\">\n<p class=\"\" data-start=\"1574\" data-end=\"1596\"><strong data-start=\"1574\" data-end=\"1586\">Uzunluk:<\/strong> 24,5 cm<\/p>\n<\/li>\n<li class=\"\" data-start=\"1599\" data-end=\"1618\">\n<p class=\"\" data-start=\"1601\" data-end=\"1618\"><strong data-start=\"1601\" data-end=\"1609\">\u00c7ap:<\/strong> 6,8 cm<\/p>\n<\/li>\n<\/ul>\n<\/li>\n<\/ul>\n<hr class=\"\" data-start=\"1620\" data-end=\"1623\" \/>\n<h3 class=\"\" data-start=\"1625\" data-end=\"1652\"><strong data-start=\"1629\" data-end=\"1652\">Kullan\u0131m \u00d6nerileri:<\/strong><\/h3>\n<ul data-start=\"1654\" data-end=\"1968\">\n<li class=\"\" data-start=\"1654\" data-end=\"1789\">\n<p class=\"\" data-start=\"1656\" data-end=\"1789\">\ud83d\udca7 <strong data-start=\"1659\" data-end=\"1689\">Kayganla\u015ft\u0131r\u0131c\u0131 Kullan\u0131m\u0131:<\/strong> Su bazl\u0131 kayganla\u015ft\u0131r\u0131c\u0131lar ile kullan\u0131m \u00f6nerilir. Bu, daha rahat ve konforlu bir deneyim sa\u011flar.<\/p>\n<\/li>\n<li class=\"\" data-start=\"1790\" data-end=\"1968\">\n<p class=\"\" data-start=\"1792\" data-end=\"1968\">\ud83e\uddfc <strong data-start=\"1795\" data-end=\"1817\">Temizlik ve Bak\u0131m:<\/strong> \u00dcr\u00fcn\u00fc kulland\u0131ktan sonra \u0131l\u0131k su ve sabunla temizleyin. Kimyasal temizleyicilerden ka\u00e7\u0131n\u0131n. D\u00fczenli temizlik, \u00fcr\u00fcn\u00fcn \u00f6mr\u00fcn\u00fc uzat\u0131r ve hijyen sa\u011flar.<\/p>\n<\/li>\n<\/ul>\n<hr class=\"\" data-start=\"1970\" data-end=\"1973\" \/>\n<h3 class=\"\" data-start=\"1975\" data-end=\"2011\"><strong data-start=\"1979\" data-end=\"2011\">Gizli Paketleme ve Teslimat:<\/strong><\/h3>\n<p class=\"\" data-start=\"2013\" data-end=\"2155\"><strong data-start=\"2013\" data-end=\"2071\">Sipari\u015fleriniz tamamen gizli paketleme ile g\u00f6nderilir.<\/strong> \u00dcr\u00fcn i\u00e7eri\u011fi d\u0131\u015far\u0131dan asla anla\u015f\u0131lmaz. M\u00fc\u015fteri mahremiyetine b\u00fcy\u00fck \u00f6nem veriyoruz.<\/p>\n<hr class=\"\" data-start=\"2157\" data-end=\"2160\" \/>\n<h3 class=\"\" data-start=\"2162\" data-end=\"2188\"><strong data-start=\"2166\" data-end=\"2188\">\u00d6deme Se\u00e7enekleri:<\/strong><\/h3>\n<ul data-start=\"2190\" data-end=\"2452\">\n<li class=\"\" data-start=\"2190\" data-end=\"2292\">\n<p class=\"\" data-start=\"2192\" data-end=\"2292\">\ud83d\udcb3 <strong data-start=\"2195\" data-end=\"2212\">Kap\u0131da \u00d6deme:<\/strong> Kredi kart\u0131 veya nakit \u00f6deme se\u00e7enekleriyle g\u00fcvenle al\u0131\u015fveri\u015f yapabilirsiniz.<\/p>\n<\/li>\n<li class=\"\" data-start=\"2293\" data-end=\"2367\">\n<p class=\"\" data-start=\"2295\" data-end=\"2367\">\ud83d\udcb3 <strong data-start=\"2298\" data-end=\"2326\">Taksitli veya Tek \u00c7ekim:<\/strong> Kredi kart\u0131 ile taksitle \u00f6deme imk\u00e2n\u0131.<\/p>\n<\/li>\n<li class=\"\" data-start=\"2368\" data-end=\"2452\">\n<p class=\"\" data-start=\"2370\" data-end=\"2452\">\ud83c\udfe6 <strong data-start=\"2373\" data-end=\"2392\">Banka Havalesi:<\/strong> G\u00fcvenli \u00f6deme i\u00e7in banka havalesi se\u00e7ene\u011fi sunulmaktad\u0131r.<\/p>\n<\/li>\n<\/ul>\n<hr class=\"\" data-start=\"2454\" data-end=\"2457\" \/>\n<h3 class=\"\" data-start=\"2459\" data-end=\"2488\"><strong data-start=\"2463\" data-end=\"2488\">Teslimat Se\u00e7enekleri:<\/strong><\/h3>\n<ul data-start=\"2490\" data-end=\"2904\">\n<li class=\"\" data-start=\"2490\" data-end=\"2603\">\n<p class=\"\" data-start=\"2492\" data-end=\"2603\">\ud83d\udce6 <strong data-start=\"2495\" data-end=\"2542\">\u0130ster Kap\u0131n\u0131za Gelsin, \u0130ster Kargodan Al\u0131n:<\/strong> Sipari\u015fleriniz h\u0131zl\u0131 ve g\u00fcvenli bir \u015fekilde teslim edilir.<\/p>\n<\/li>\n<li class=\"\" data-start=\"2604\" data-end=\"2720\">\n<p class=\"\" data-start=\"2606\" data-end=\"2720\">\ud83d\udecd\ufe0f <strong data-start=\"2610\" data-end=\"2638\">Orijinal \u00dcr\u00fcn Garantisi:<\/strong> T\u00fcm \u00fcr\u00fcnlerimiz orijinal ve y\u00fcksek kaliteli, g\u00fcvenli bir \u015fekilde teslim edilir.<\/p>\n<\/li>\n<li class=\"\" data-start=\"2721\" data-end=\"2816\">\n<p class=\"\" data-start=\"2723\" data-end=\"2816\">\u2705 <strong data-start=\"2725\" data-end=\"2750\">Kap\u0131da G\u00fcvenli \u00d6deme:<\/strong> Sipari\u015flerinizi kap\u0131da \u00f6deme se\u00e7ene\u011fiyle g\u00fcvenle alabilirsiniz.<\/p>\n<\/li>\n<li class=\"\" data-start=\"2817\" data-end=\"2904\">\n<p class=\"\" data-start=\"2819\" data-end=\"2904\">\u2705 <strong data-start=\"2821\" data-end=\"2837\">Gizli Kargo:<\/strong> \u00dcr\u00fcn, i\u00e7eri\u011fi d\u0131\u015far\u0131dan anla\u015f\u0131lmayacak \u015fekilde gizli paketlenir.<\/p>\n<\/li>\n<\/ul>\n<hr class=\"\" data-start=\"2906\" data-end=\"2909\" \/>\n<h2 class=\"\" data-start=\"2911\" data-end=\"2952\"><strong data-start=\"2914\" data-end=\"2952\">Neden Bu \u00dcr\u00fcn\u00fc Tercih Etmelisiniz?<\/strong><\/h2>\n<ul data-start=\"2954\" data-end=\"3347\">\n<li class=\"\" data-start=\"2954\" data-end=\"3079\">\n<p class=\"\" data-start=\"2956\" data-end=\"3079\"><strong data-start=\"2956\" data-end=\"2988\">Y\u00fcksek Kaliteli ve Ger\u00e7ek\u00e7i:<\/strong> Ger\u00e7ek\u00e7i dokusu ve R5 Cyber Skin teknolojisi, do\u011fall\u0131\u011f\u0131 ve ger\u00e7ek\u00e7ili\u011fi \u00f6n planda tutar.<\/p>\n<\/li>\n<li class=\"\" data-start=\"3080\" data-end=\"3173\">\n<p class=\"\" data-start=\"3082\" data-end=\"3173\"><strong data-start=\"3082\" data-end=\"3099\">G\u00fc\u00e7l\u00fc Vantuz:<\/strong> Herhangi bir y\u00fczeye sabitlenebilir, bu da daha \u00f6zg\u00fcr bir deneyim sunar.<\/p>\n<\/li>\n<li class=\"\" data-start=\"3174\" data-end=\"3266\">\n<p class=\"\" data-start=\"3176\" data-end=\"3266\"><strong data-start=\"3176\" data-end=\"3199\">Cilt Dostu Malzeme:<\/strong> Sa\u011fl\u0131kl\u0131 bir deneyim i\u00e7in phthalate-free malzeme kullan\u0131lm\u0131\u015ft\u0131r.<\/p>\n<\/li>\n<li class=\"\" data-start=\"3267\" data-end=\"3347\">\n<p class=\"\" data-start=\"3269\" data-end=\"3347\"><strong data-start=\"3269\" data-end=\"3297\">Kolay Temizlik ve Bak\u0131m:<\/strong> Kolayca temizlenebilir ve hijyenik tutulabilir.<\/p>\n<\/li>\n<\/ul>\n<hr class=\"\" data-start=\"3349\" data-end=\"3352\" \/>\n<h3 class=\"\" data-start=\"3354\" data-end=\"3382\"><strong data-start=\"3358\" data-end=\"3382\">Siz de Hazza Ula\u015f\u0131n!<\/strong><\/h3>\n<p class=\"\" data-start=\"3384\" data-end=\"3574\"><strong data-start=\"3384\" data-end=\"3501\">Ger\u00e7ek\u00e7ilik ve konforu bir arada sunan bu \u00f6zel dildo, cinsel tatmininizi ve ke\u015ffinizi bir \u00fcst seviyeye ta\u015f\u0131yacak.<\/strong> H\u0131zl\u0131 g\u00f6nderim ve gizli kargo garantisiyle hemen sipari\u015f verebilirsiniz!<\/p>\n<p>&nbsp;<\/p>\n<p>&nbsp;<\/p>\n<p><a href=\"http:\/\/api.whatsapp.com\/send?phone=905304676616&amp;text=Sipari%C5%9F%20Vermek%20%C4%B0stiyorum%20haremshop%20LV411024\"><img fetchpriority=\"high\" decoding=\"async\" class=\"alignnone\" src=\"https:\/\/static.ticimax.cloud\/32886\/uploads\/editoruploads\/whatsapp-destek-hatti.gif\" alt=\"\" width=\"750\" height=\"117\" \/><\/a><\/p>\n","protected":false},"excerpt":{"rendered":"<p><strong data-start=\"170\" data-end=\"245\">Yumu\u015fakl\u0131k ve ger\u00e7ek\u00e7ilikte s\u0131n\u0131rlar\u0131 zorlayan bir deneyime haz\u0131r olun!<\/strong><br data-start=\"245\" data-end=\"248\" \/><strong data-start=\"248\" data-end=\"303\">24,5 cm uzunlu\u011fundaki \u00e7ift katmanl\u0131 realistik dildo<\/strong>, ultra yumu\u015fak malzemesi ve ger\u00e7ek\u00e7i yap\u0131s\u0131yla cinsel zevkinizi bir \u00fcst seviyeye ta\u015f\u0131yor. Hem g\u00f6rsel hem de fiziksel olarak tatmin edici \u00f6zelliklere sahip bu \u00f6zel tasar\u0131m, ger\u00e7ek cinsel deneyimi arayanlar i\u00e7in m\u00fckemmel bir tercihtir.<\/p>\n","protected":false},"featured_media":43773,"comment_status":"closed","ping_status":"closed","template":"","meta":[],"product_brand":[],"product_cat":[501],"product_tag":[],"class_list":{"0":"post-43771","1":"product","2":"type-product","3":"status-publish","4":"has-post-thumbnail","6":"product_cat-realistik-penisler","8":"first","9":"outofstock","10":"purchasable","11":"product-type-simple"},"yoast_head":"<!-- This site is optimized with the Yoast SEO Premium plugin v24.4 (Yoast SEO v27.1.1) - https:\/\/yoast.com\/product\/yoast-seo-premium-wordpress\/ -->\n<title>Yeni Nesil \u00c7ift Katmanl\u0131 24,5 Cm Realistik Dildo Penis - Bursa Erotik Shop<\/title>\n<meta name=\"robots\" content=\"index, follow, max-snippet:-1, max-image-preview:large, max-video-preview:-1\" \/>\n<link rel=\"canonical\" href=\"https:\/\/hobierotikshop.com.tr\/website1\/erotik-shop-urun\/yeni-nesil-cift-katmanli-245-cm-realistik-dildo-penis-2\/\" \/>\n<meta property=\"og:locale\" content=\"tr_TR\" \/>\n<meta property=\"og:type\" content=\"article\" \/>\n<meta property=\"og:title\" content=\"Yeni Nesil \u00c7ift Katmanl\u0131 24,5 Cm Realistik Dildo Penis\" \/>\n<meta property=\"og:description\" content=\"Yumu\u015fakl\u0131k ve ger\u00e7ek\u00e7ilikte s\u0131n\u0131rlar\u0131 zorlayan bir deneyime haz\u0131r olun!24,5 cm uzunlu\u011fundaki \u00e7ift katmanl\u0131 realistik dildo, ultra yumu\u015fak malzemesi ve ger\u00e7ek\u00e7i yap\u0131s\u0131yla cinsel zevkinizi bir \u00fcst seviyeye ta\u015f\u0131yor. Hem g\u00f6rsel hem de fiziksel olarak tatmin edici \u00f6zelliklere sahip bu \u00f6zel tasar\u0131m, ger\u00e7ek cinsel deneyimi arayanlar i\u00e7in m\u00fckemmel bir tercihtir.\" \/>\n<meta property=\"og:url\" content=\"https:\/\/hobierotikshop.com.tr\/website1\/erotik-shop-urun\/yeni-nesil-cift-katmanli-245-cm-realistik-dildo-penis-2\/\" \/>\n<meta property=\"og:site_name\" content=\"Bursa Erotik Shop\" \/>\n<meta property=\"article:modified_time\" content=\"2026-01-08T13:33:48+00:00\" \/>\n<meta property=\"og:image\" content=\"https:\/\/hobierotikshop.com.tr\/website1\/wp-content\/uploads\/2025\/04\/yeni-nesil-cift-katmanli-245-cm-realis-9988-.jpg\" \/>\n\t<meta property=\"og:image:width\" content=\"455\" \/>\n\t<meta property=\"og:image:height\" content=\"455\" \/>\n\t<meta property=\"og:image:type\" content=\"image\/jpeg\" \/>\n<meta name=\"twitter:card\" content=\"summary_large_image\" \/>\n<meta name=\"twitter:site\" content=\"@shopbursa\" \/>\n<meta name=\"twitter:label1\" content=\"Fiyat\" \/>\n\t<meta name=\"twitter:data1\" content=\"&#8378;8.280,00\" \/>\n\t<meta name=\"twitter:label2\" content=\"Availability\" \/>\n\t<meta name=\"twitter:data2\" content=\"Out of stock\" \/>\n<script type=\"application\/ld+json\" class=\"yoast-schema-graph\">{\"@context\":\"https:\/\/schema.org\",\"@graph\":[{\"@type\":\"WebPage\",\"@id\":\"https:\/\/hobierotikshop.com.tr\/website1\/erotik-shop-urun\/yeni-nesil-cift-katmanli-245-cm-realistik-dildo-penis-2\/\",\"url\":\"https:\/\/hobierotikshop.com.tr\/website1\/erotik-shop-urun\/yeni-nesil-cift-katmanli-245-cm-realistik-dildo-penis-2\/\",\"name\":\"Yeni Nesil \u00c7ift Katmanl\u0131 24,5 Cm Realistik Dildo Penis - Bursa Erotik Shop\",\"isPartOf\":{\"@id\":\"https:\/\/hobierotikshop.com.tr\/website1\/#website\"},\"primaryImageOfPage\":{\"@id\":\"https:\/\/hobierotikshop.com.tr\/website1\/erotik-shop-urun\/yeni-nesil-cift-katmanli-245-cm-realistik-dildo-penis-2\/#primaryimage\"},\"image\":{\"@id\":\"https:\/\/hobierotikshop.com.tr\/website1\/erotik-shop-urun\/yeni-nesil-cift-katmanli-245-cm-realistik-dildo-penis-2\/#primaryimage\"},\"thumbnailUrl\":\"https:\/\/haremerotikshop.com\/site\/wp-content\/uploads\/2025\/04\/yeni-nesil-cift-katmanli-245-cm-realis-9988-.jpg\",\"datePublished\":\"2025-04-26T13:49:27+00:00\",\"dateModified\":\"2026-01-08T13:33:48+00:00\",\"breadcrumb\":{\"@id\":\"https:\/\/hobierotikshop.com.tr\/website1\/erotik-shop-urun\/yeni-nesil-cift-katmanli-245-cm-realistik-dildo-penis-2\/#breadcrumb\"},\"inLanguage\":\"tr\",\"potentialAction\":[{\"@type\":\"ReadAction\",\"target\":[\"https:\/\/hobierotikshop.com.tr\/website1\/erotik-shop-urun\/yeni-nesil-cift-katmanli-245-cm-realistik-dildo-penis-2\/\"]}]},{\"@type\":\"ImageObject\",\"inLanguage\":\"tr\",\"@id\":\"https:\/\/hobierotikshop.com.tr\/website1\/erotik-shop-urun\/yeni-nesil-cift-katmanli-245-cm-realistik-dildo-penis-2\/#primaryimage\",\"url\":\"https:\/\/haremerotikshop.com\/site\/wp-content\/uploads\/2025\/04\/yeni-nesil-cift-katmanli-245-cm-realis-9988-.jpg\",\"contentUrl\":\"https:\/\/haremerotikshop.com\/site\/wp-content\/uploads\/2025\/04\/yeni-nesil-cift-katmanli-245-cm-realis-9988-.jpg\",\"width\":455,\"height\":455},{\"@type\":\"BreadcrumbList\",\"@id\":\"https:\/\/hobierotikshop.com.tr\/website1\/erotik-shop-urun\/yeni-nesil-cift-katmanli-245-cm-realistik-dildo-penis-2\/#breadcrumb\",\"itemListElement\":[{\"@type\":\"ListItem\",\"position\":1,\"name\":\"Anasayfa\",\"item\":\"https:\/\/hobierotikshop.com.tr\/website1\/\"},{\"@type\":\"ListItem\",\"position\":2,\"name\":\"Erotik Shop \u00dcr\u00fcnleri\",\"item\":\"https:\/\/hobierotikshop.com.tr\/website1\/shop\/\"},{\"@type\":\"ListItem\",\"position\":3,\"name\":\"Yeni Nesil \u00c7ift Katmanl\u0131 24,5 Cm Realistik Dildo Penis\"}]},{\"@type\":\"WebSite\",\"@id\":\"https:\/\/hobierotikshop.com.tr\/website1\/#website\",\"url\":\"https:\/\/hobierotikshop.com.tr\/website1\/\",\"name\":\"Bursa Erotik Shop\",\"description\":\"Bursa Erotik Shop ile g\u00fcvenli, gizli ve kaliteli yeti\u015fkin \u00fcr\u00fcnleri al\u0131\u015fveri\u015fi! Geni\u015f \u00fcr\u00fcn yelpazemizi ke\u015ffedin, hemen sipari\u015f verin\",\"publisher\":{\"@id\":\"https:\/\/hobierotikshop.com.tr\/website1\/#organization\"},\"alternateName\":\"Erotik Shop\",\"potentialAction\":[{\"@type\":\"SearchAction\",\"target\":{\"@type\":\"EntryPoint\",\"urlTemplate\":\"https:\/\/hobierotikshop.com.tr\/website1\/?s={search_term_string}\"},\"query-input\":{\"@type\":\"PropertyValueSpecification\",\"valueRequired\":true,\"valueName\":\"search_term_string\"}}],\"inLanguage\":\"tr\"},{\"@type\":\"Organization\",\"@id\":\"https:\/\/hobierotikshop.com.tr\/website1\/#organization\",\"name\":\"Harem Bursa Erotik Shop\",\"url\":\"https:\/\/hobierotikshop.com.tr\/website1\/\",\"logo\":{\"@type\":\"ImageObject\",\"inLanguage\":\"tr\",\"@id\":\"https:\/\/hobierotikshop.com.tr\/website1\/#\/schema\/logo\/image\/\",\"url\":\"https:\/\/haremerotikshop.com\/site\/wp-content\/uploads\/2025\/03\/haremsexshop.png\",\"contentUrl\":\"https:\/\/haremerotikshop.com\/site\/wp-content\/uploads\/2025\/03\/haremsexshop.png\",\"width\":400,\"height\":100,\"caption\":\"Harem Bursa Erotik Shop\"},\"image\":{\"@id\":\"https:\/\/hobierotikshop.com.tr\/website1\/#\/schema\/logo\/image\/\"},\"sameAs\":[\"https:\/\/x.com\/shopbursa\"],\"publishingPrinciples\":\"https:\/\/hobierotikshop.com.tr\/website1\/mesafeli-satis-sozlesmesi\/\",\"ownershipFundingInfo\":\"https:\/\/hobierotikshop.com.tr\/website1\/contact-us\/\",\"actionableFeedbackPolicy\":\"https:\/\/hobierotikshop.com.tr\/website1\/contact-us\/\",\"correctionsPolicy\":\"https:\/\/hobierotikshop.com.tr\/website1\/mesafeli-satis-sozlesmesi\/\"}]}<\/script>\n<meta property=\"product:price:amount\" content=\"8280.00\" \/>\n<meta property=\"product:price:currency\" content=\"TRY\" \/>\n<meta property=\"og:availability\" content=\"out of stock\" \/>\n<meta property=\"product:availability\" content=\"out of stock\" \/>\n<meta property=\"product:retailer_item_id\" content=\"LV411024\" \/>\n<meta property=\"product:condition\" content=\"new\" \/>\n<!-- \/ Yoast SEO Premium plugin. -->","yoast_head_json":{"title":"Yeni Nesil \u00c7ift Katmanl\u0131 24,5 Cm Realistik Dildo Penis - Bursa Erotik Shop","robots":{"index":"index","follow":"follow","max-snippet":"max-snippet:-1","max-image-preview":"max-image-preview:large","max-video-preview":"max-video-preview:-1"},"canonical":"https:\/\/hobierotikshop.com.tr\/website1\/erotik-shop-urun\/yeni-nesil-cift-katmanli-245-cm-realistik-dildo-penis-2\/","og_locale":"tr_TR","og_type":"article","og_title":"Yeni Nesil \u00c7ift Katmanl\u0131 24,5 Cm Realistik Dildo Penis","og_description":"Yumu\u015fakl\u0131k ve ger\u00e7ek\u00e7ilikte s\u0131n\u0131rlar\u0131 zorlayan bir deneyime haz\u0131r olun!24,5 cm uzunlu\u011fundaki \u00e7ift katmanl\u0131 realistik dildo, ultra yumu\u015fak malzemesi ve ger\u00e7ek\u00e7i yap\u0131s\u0131yla cinsel zevkinizi bir \u00fcst seviyeye ta\u015f\u0131yor. Hem g\u00f6rsel hem de fiziksel olarak tatmin edici \u00f6zelliklere sahip bu \u00f6zel tasar\u0131m, ger\u00e7ek cinsel deneyimi arayanlar i\u00e7in m\u00fckemmel bir tercihtir.","og_url":"https:\/\/hobierotikshop.com.tr\/website1\/erotik-shop-urun\/yeni-nesil-cift-katmanli-245-cm-realistik-dildo-penis-2\/","og_site_name":"Bursa Erotik Shop","article_modified_time":"2026-01-08T13:33:48+00:00","og_image":[{"width":455,"height":455,"url":"https:\/\/hobierotikshop.com.tr\/website1\/wp-content\/uploads\/2025\/04\/yeni-nesil-cift-katmanli-245-cm-realis-9988-.jpg","type":"image\/jpeg"}],"twitter_card":"summary_large_image","twitter_site":"@shopbursa","twitter_misc":{"Fiyat":"&#8378;8.280,00","Availability":"Out of stock"},"schema":{"@context":"https:\/\/schema.org","@graph":[{"@type":"WebPage","@id":"https:\/\/hobierotikshop.com.tr\/website1\/erotik-shop-urun\/yeni-nesil-cift-katmanli-245-cm-realistik-dildo-penis-2\/","url":"https:\/\/hobierotikshop.com.tr\/website1\/erotik-shop-urun\/yeni-nesil-cift-katmanli-245-cm-realistik-dildo-penis-2\/","name":"Yeni Nesil \u00c7ift Katmanl\u0131 24,5 Cm Realistik Dildo Penis - Bursa Erotik Shop","isPartOf":{"@id":"https:\/\/hobierotikshop.com.tr\/website1\/#website"},"primaryImageOfPage":{"@id":"https:\/\/hobierotikshop.com.tr\/website1\/erotik-shop-urun\/yeni-nesil-cift-katmanli-245-cm-realistik-dildo-penis-2\/#primaryimage"},"image":{"@id":"https:\/\/hobierotikshop.com.tr\/website1\/erotik-shop-urun\/yeni-nesil-cift-katmanli-245-cm-realistik-dildo-penis-2\/#primaryimage"},"thumbnailUrl":"https:\/\/haremerotikshop.com\/site\/wp-content\/uploads\/2025\/04\/yeni-nesil-cift-katmanli-245-cm-realis-9988-.jpg","datePublished":"2025-04-26T13:49:27+00:00","dateModified":"2026-01-08T13:33:48+00:00","breadcrumb":{"@id":"https:\/\/hobierotikshop.com.tr\/website1\/erotik-shop-urun\/yeni-nesil-cift-katmanli-245-cm-realistik-dildo-penis-2\/#breadcrumb"},"inLanguage":"tr","potentialAction":[{"@type":"ReadAction","target":["https:\/\/hobierotikshop.com.tr\/website1\/erotik-shop-urun\/yeni-nesil-cift-katmanli-245-cm-realistik-dildo-penis-2\/"]}]},{"@type":"ImageObject","inLanguage":"tr","@id":"https:\/\/hobierotikshop.com.tr\/website1\/erotik-shop-urun\/yeni-nesil-cift-katmanli-245-cm-realistik-dildo-penis-2\/#primaryimage","url":"https:\/\/haremerotikshop.com\/site\/wp-content\/uploads\/2025\/04\/yeni-nesil-cift-katmanli-245-cm-realis-9988-.jpg","contentUrl":"https:\/\/haremerotikshop.com\/site\/wp-content\/uploads\/2025\/04\/yeni-nesil-cift-katmanli-245-cm-realis-9988-.jpg","width":455,"height":455},{"@type":"BreadcrumbList","@id":"https:\/\/hobierotikshop.com.tr\/website1\/erotik-shop-urun\/yeni-nesil-cift-katmanli-245-cm-realistik-dildo-penis-2\/#breadcrumb","itemListElement":[{"@type":"ListItem","position":1,"name":"Anasayfa","item":"https:\/\/hobierotikshop.com.tr\/website1\/"},{"@type":"ListItem","position":2,"name":"Erotik Shop \u00dcr\u00fcnleri","item":"https:\/\/hobierotikshop.com.tr\/website1\/shop\/"},{"@type":"ListItem","position":3,"name":"Yeni Nesil \u00c7ift Katmanl\u0131 24,5 Cm Realistik Dildo Penis"}]},{"@type":"WebSite","@id":"https:\/\/hobierotikshop.com.tr\/website1\/#website","url":"https:\/\/hobierotikshop.com.tr\/website1\/","name":"Bursa Erotik Shop","description":"Bursa Erotik Shop ile g\u00fcvenli, gizli ve kaliteli yeti\u015fkin \u00fcr\u00fcnleri al\u0131\u015fveri\u015fi! Geni\u015f \u00fcr\u00fcn yelpazemizi ke\u015ffedin, hemen sipari\u015f verin","publisher":{"@id":"https:\/\/hobierotikshop.com.tr\/website1\/#organization"},"alternateName":"Erotik Shop","potentialAction":[{"@type":"SearchAction","target":{"@type":"EntryPoint","urlTemplate":"https:\/\/hobierotikshop.com.tr\/website1\/?s={search_term_string}"},"query-input":{"@type":"PropertyValueSpecification","valueRequired":true,"valueName":"search_term_string"}}],"inLanguage":"tr"},{"@type":"Organization","@id":"https:\/\/hobierotikshop.com.tr\/website1\/#organization","name":"Harem Bursa Erotik Shop","url":"https:\/\/hobierotikshop.com.tr\/website1\/","logo":{"@type":"ImageObject","inLanguage":"tr","@id":"https:\/\/hobierotikshop.com.tr\/website1\/#\/schema\/logo\/image\/","url":"https:\/\/haremerotikshop.com\/site\/wp-content\/uploads\/2025\/03\/haremsexshop.png","contentUrl":"https:\/\/haremerotikshop.com\/site\/wp-content\/uploads\/2025\/03\/haremsexshop.png","width":400,"height":100,"caption":"Harem Bursa Erotik Shop"},"image":{"@id":"https:\/\/hobierotikshop.com.tr\/website1\/#\/schema\/logo\/image\/"},"sameAs":["https:\/\/x.com\/shopbursa"],"publishingPrinciples":"https:\/\/hobierotikshop.com.tr\/website1\/mesafeli-satis-sozlesmesi\/","ownershipFundingInfo":"https:\/\/hobierotikshop.com.tr\/website1\/contact-us\/","actionableFeedbackPolicy":"https:\/\/hobierotikshop.com.tr\/website1\/contact-us\/","correctionsPolicy":"https:\/\/hobierotikshop.com.tr\/website1\/mesafeli-satis-sozlesmesi\/"}]},"product_price_amount":"8280.00","product_price_currency":"TRY","og_availability":"out of stock","product_availability":"out of stock","product_retailer_item_id":"LV411024","product_condition":"new"},"_links":{"self":[{"href":"https:\/\/haremerotikshop.com\/site\/wp-json\/wp\/v2\/product\/43771","targetHints":{"allow":["GET"]}}],"collection":[{"href":"https:\/\/haremerotikshop.com\/site\/wp-json\/wp\/v2\/product"}],"about":[{"href":"https:\/\/haremerotikshop.com\/site\/wp-json\/wp\/v2\/types\/product"}],"replies":[{"embeddable":true,"href":"https:\/\/haremerotikshop.com\/site\/wp-json\/wp\/v2\/comments?post=43771"}],"version-history":[{"count":0,"href":"https:\/\/haremerotikshop.com\/site\/wp-json\/wp\/v2\/product\/43771\/revisions"}],"wp:featuredmedia":[{"embeddable":true,"href":"https:\/\/haremerotikshop.com\/site\/wp-json\/wp\/v2\/media\/43773"}],"wp:attachment":[{"href":"https:\/\/haremerotikshop.com\/site\/wp-json\/wp\/v2\/media?parent=43771"}],"wp:term":[{"taxonomy":"product_brand","embeddable":true,"href":"https:\/\/haremerotikshop.com\/site\/wp-json\/wp\/v2\/product_brand?post=43771"},{"taxonomy":"product_cat","embeddable":true,"href":"https:\/\/haremerotikshop.com\/site\/wp-json\/wp\/v2\/product_cat?post=43771"},{"taxonomy":"product_tag","embeddable":true,"href":"https:\/\/haremerotikshop.com\/site\/wp-json\/wp\/v2\/product_tag?post=43771"}],"curies":[{"name":"wp","href":"https:\/\/api.w.org\/{rel}","templated":true}]}}