{"id":43911,"date":"2025-04-26T16:51:35","date_gmt":"2025-04-26T13:51:35","guid":{"rendered":"https:\/\/haremerotikshop.com\/site\/erotik-shop-urun\/usb-sarjli-10-fonksiyonlu-klitoris-uyaricili-teknolojik-tavsan-vibrator\/"},"modified":"2026-01-09T02:58:58","modified_gmt":"2026-01-08T23:58:58","slug":"usb-sarjli-10-fonksiyonlu-klitoris-uyaricili-teknolojik-tavsan-vibrator","status":"publish","type":"product","link":"https:\/\/haremerotikshop.com\/site\/erotik-shop-urun\/usb-sarjli-10-fonksiyonlu-klitoris-uyaricili-teknolojik-tavsan-vibrator\/","title":{"rendered":"Usb \u015earjl\u0131 10 Fonksiyonlu Klitoris Uyar\u0131c\u0131l\u0131 Teknolojik Tav\u015fan Vibrat\u00f6r"},"content":{"rendered":"<h2 class=\"\" data-start=\"181\" data-end=\"265\"><strong data-start=\"184\" data-end=\"265\">USB \u015earjl\u0131 10 Fonksiyonlu Klitoris Uyar\u0131c\u0131l\u0131 Teknolojik Tav\u015fan Vibrat\u00f6r \u2013 Mor<\/strong><\/h2>\n<h3 class=\"\" data-start=\"267\" data-end=\"331\">\ud83d\udd25 \u00c7ift Motor G\u00fcc\u00fcyle Klitoris ve G-Noktas\u0131nda E\u015fsiz Uyar\u0131m!<\/h3>\n<p class=\"\" data-start=\"333\" data-end=\"769\">Kad\u0131n anatomisine \u00f6zel olarak tasarlanm\u0131\u015f olan <strong data-start=\"380\" data-end=\"421\">USB \u015earjl\u0131 Teknolojik Tav\u015fan Vibrat\u00f6r<\/strong>, hem klitoris hem de G-noktas\u0131 uyar\u0131m\u0131yla \u00e7ift y\u00f6nl\u00fc zevk sunar. \u00c7ift titre\u015fim motoru sayesinde hem ba\u015fl\u0131k k\u0131sm\u0131nda hem de stim\u00fclat\u00f6r b\u00f6l\u00fcm\u00fcnde yo\u011fun titre\u015fimler olu\u015fturur. 10 farkl\u0131 titre\u015fim fonksiyonu ile ki\u015fisel tercihlerinize g\u00f6re \u00f6zelle\u015ftirilebilen bu oyuncak, mor rengi ve ergonomik tasar\u0131m\u0131yla hem estetik hem de i\u015flevsel bir deneyim sunar.<\/p>\n<hr class=\"\" data-start=\"771\" data-end=\"774\" \/>\n<h3 class=\"\" data-start=\"776\" data-end=\"799\">\ud83c\udf1f \u00dcst\u00fcn \u00d6zellikler<\/h3>\n<ul data-start=\"801\" data-end=\"1520\">\n<li class=\"\" data-start=\"801\" data-end=\"961\">\n<p class=\"\" data-start=\"803\" data-end=\"961\">\u2705 <strong data-start=\"805\" data-end=\"844\">10 Fonksiyonlu \u00c7ift Titre\u015fim Motoru<\/strong><br data-start=\"844\" data-end=\"847\" \/>Klitoral ve G-spot b\u00f6lgelerine \u00f6zel olarak yerle\u015ftirilmi\u015f motorlar sayesinde daha g\u00fc\u00e7l\u00fc ve odakl\u0131 uyar\u0131m sa\u011flar.<\/p>\n<\/li>\n<li class=\"\" data-start=\"963\" data-end=\"1124\">\n<p class=\"\" data-start=\"965\" data-end=\"1124\">\u2705 <strong data-start=\"967\" data-end=\"996\">USB \u015earjl\u0131 Kolay Kullan\u0131m<\/strong><br data-start=\"996\" data-end=\"999\" \/>Kablosuz kullan\u0131m rahatl\u0131\u011f\u0131 sunar. \u015earj edilebilir pil yap\u0131s\u0131 sayesinde \u00e7evre dostudur ve tekrar tekrar kullan\u0131ma uygundur.<\/p>\n<\/li>\n<li class=\"\" data-start=\"1126\" data-end=\"1256\">\n<p class=\"\" data-start=\"1128\" data-end=\"1256\">\u2705 <strong data-start=\"1130\" data-end=\"1165\">Y\u00fcksek Kaliteli Silikon Malzeme<\/strong><br data-start=\"1165\" data-end=\"1168\" \/>Cilt dostu, yumu\u015fak ve p\u00fcr\u00fczs\u00fcz silikon y\u00fczeyiyle g\u00fcvenli ve rahat bir deneyim sa\u011flar.<\/p>\n<\/li>\n<li class=\"\" data-start=\"1258\" data-end=\"1394\">\n<p class=\"\" data-start=\"1260\" data-end=\"1394\">\u2705 <strong data-start=\"1262\" data-end=\"1290\">%100 Su Ge\u00e7irmez Tasar\u0131m<\/strong><br data-start=\"1290\" data-end=\"1293\" \/>Du\u015fta veya k\u00fcvette kullan\u0131m i\u00e7in uygundur. Ayn\u0131 zamanda temizlik a\u00e7\u0131s\u0131ndan da b\u00fcy\u00fck kolayl\u0131k sunar.<\/p>\n<\/li>\n<li class=\"\" data-start=\"1396\" data-end=\"1520\">\n<p class=\"\" data-start=\"1398\" data-end=\"1520\">\u2705 <strong data-start=\"1400\" data-end=\"1424\">S\u00fcper Sessiz \u00c7al\u0131\u015fma<\/strong><br data-start=\"1424\" data-end=\"1427\" \/>Gizlili\u011fe \u00f6nem veren kullan\u0131c\u0131lar i\u00e7in neredeyse sessiz motor teknolojisiyle donat\u0131lm\u0131\u015ft\u0131r.<\/p>\n<\/li>\n<\/ul>\n<hr class=\"\" data-start=\"1522\" data-end=\"1525\" \/>\n<h3 class=\"\" data-start=\"1527\" data-end=\"1549\">\ud83d\udcd0 Teknik Detaylar<\/h3>\n<ul data-start=\"1551\" data-end=\"1682\">\n<li class=\"\" data-start=\"1551\" data-end=\"1575\">\n<p class=\"\" data-start=\"1553\" data-end=\"1575\"><strong data-start=\"1553\" data-end=\"1564\">Uzunluk<\/strong>: 11,9 cm<\/p>\n<\/li>\n<li class=\"\" data-start=\"1576\" data-end=\"1595\">\n<p class=\"\" data-start=\"1578\" data-end=\"1595\"><strong data-start=\"1578\" data-end=\"1585\">\u00c7ap<\/strong>: 3,5 cm<\/p>\n<\/li>\n<li class=\"\" data-start=\"1596\" data-end=\"1619\">\n<p class=\"\" data-start=\"1598\" data-end=\"1619\"><strong data-start=\"1598\" data-end=\"1609\">A\u011f\u0131rl\u0131k<\/strong>: 197 gr<\/p>\n<\/li>\n<li class=\"\" data-start=\"1620\" data-end=\"1637\">\n<p class=\"\" data-start=\"1622\" data-end=\"1637\"><strong data-start=\"1622\" data-end=\"1630\">Renk<\/strong>: Mor<\/p>\n<\/li>\n<li class=\"\" data-start=\"1638\" data-end=\"1682\">\n<p class=\"\" data-start=\"1640\" data-end=\"1682\"><strong data-start=\"1640\" data-end=\"1651\">Malzeme<\/strong>: Medikal silikon (BPA i\u00e7ermez)<\/p>\n<\/li>\n<\/ul>\n<hr class=\"\" data-start=\"1684\" data-end=\"1687\" \/>\n<h3 class=\"\" data-start=\"1689\" data-end=\"1731\">\ud83d\udd10 G\u00fcvenli ve Gizli Al\u0131\u015fveri\u015f Deneyimi<\/h3>\n<p class=\"\" data-start=\"1733\" data-end=\"1935\">\u00dcr\u00fcnleriniz, i\u00e7eri\u011fi d\u0131\u015far\u0131dan kesinlikle anla\u015f\u0131lmayacak \u015fekilde \u00f6zel ambalajla g\u00f6nderilir. T\u00fcm sipari\u015fleriniz gizlilik prensibine uygun olarak haz\u0131rlan\u0131r ve g\u00fcvenli teslimat ile adresinize ula\u015ft\u0131r\u0131l\u0131r.<\/p>\n<hr class=\"\" data-start=\"1937\" data-end=\"1940\" \/>\n<h3 class=\"\" data-start=\"1942\" data-end=\"1966\">\ud83d\udcb3 \u00d6deme Se\u00e7enekleri<\/h3>\n<ul data-start=\"1968\" data-end=\"2079\">\n<li class=\"\" data-start=\"1968\" data-end=\"2011\">\n<p class=\"\" data-start=\"1970\" data-end=\"2011\">Kap\u0131da nakit veya kredi kart\u0131 ile \u00f6deme<\/p>\n<\/li>\n<li class=\"\" data-start=\"2012\" data-end=\"2030\">\n<p class=\"\" data-start=\"2014\" data-end=\"2030\">Banka havalesi<\/p>\n<\/li>\n<li class=\"\" data-start=\"2031\" data-end=\"2079\">\n<p class=\"\" data-start=\"2033\" data-end=\"2079\">Tek \u00e7ekim veya taksitli \u00f6deme alternatifleri<\/p>\n<\/li>\n<\/ul>\n<hr class=\"\" data-start=\"2081\" data-end=\"2084\" \/>\n<h3 class=\"\" data-start=\"2086\" data-end=\"2111\">\ud83d\ude9a Teslimat Bilgileri<\/h3>\n<ul data-start=\"2113\" data-end=\"2251\">\n<li class=\"\" data-start=\"2113\" data-end=\"2156\">\n<p class=\"\" data-start=\"2115\" data-end=\"2156\">Sipari\u015fleriniz ayn\u0131 g\u00fcn kargoya verilir<\/p>\n<\/li>\n<li class=\"\" data-start=\"2157\" data-end=\"2209\">\n<p class=\"\" data-start=\"2159\" data-end=\"2209\">Kap\u0131da teslimat veya kargo \u015fubeden alma se\u00e7ene\u011fi<\/p>\n<\/li>\n<li class=\"\" data-start=\"2210\" data-end=\"2251\">\n<p class=\"\" data-start=\"2212\" data-end=\"2251\">T\u00fcrkiye\u2019nin her yerine h\u0131zl\u0131 g\u00f6nderim<\/p>\n<\/li>\n<\/ul>\n<hr class=\"\" data-start=\"2253\" data-end=\"2256\" \/>\n<h2 class=\"\" data-start=\"2258\" data-end=\"2303\">\ud83d\udc9c Neden Bu Tav\u015fan Vibrat\u00f6r\u00fc Se\u00e7melisiniz?<\/h2>\n<ul data-start=\"2305\" data-end=\"2563\">\n<li class=\"\" data-start=\"2305\" data-end=\"2342\">\n<p class=\"\" data-start=\"2307\" data-end=\"2342\">\u00c7ift motoruyla \u00e7oklu uyar\u0131m sunar<\/p>\n<\/li>\n<li class=\"\" data-start=\"2343\" data-end=\"2408\">\n<p class=\"\" data-start=\"2345\" data-end=\"2408\">10 farkl\u0131 titre\u015fim fonksiyonu ile ki\u015fisel zevke uyarlanabilir<\/p>\n<\/li>\n<li class=\"\" data-start=\"2409\" data-end=\"2446\">\n<p class=\"\" data-start=\"2411\" data-end=\"2446\">Sessiz, su ge\u00e7irmez ve cilt dostu<\/p>\n<\/li>\n<li class=\"\" data-start=\"2447\" data-end=\"2504\">\n<p class=\"\" data-start=\"2449\" data-end=\"2504\">\u015e\u0131k mor rengi ve ergonomik yap\u0131s\u0131 ile \u015f\u0131k ve konforlu<\/p>\n<\/li>\n<li class=\"\" data-start=\"2505\" data-end=\"2563\">\n<p class=\"\" data-start=\"2507\" data-end=\"2563\">Klitoris ve G-spot&#8217;u ayn\u0131 anda uyaran teknolojik tasar\u0131m<\/p>\n<\/li>\n<\/ul>\n<hr class=\"\" data-start=\"2565\" data-end=\"2568\" \/>\n<h2 class=\"\" data-start=\"2570\" data-end=\"2613\">\u2728 Zevki Teknolojiyle Bulu\u015fturan Deneyim!<\/h2>\n<p class=\"\" data-start=\"2615\" data-end=\"2879\"><strong data-start=\"2615\" data-end=\"2675\">USB \u015earjl\u0131 Klitoris Uyar\u0131c\u0131l\u0131 Teknolojik Tav\u015fan Vibrat\u00f6r<\/strong>, yaln\u0131zca bir seks oyunca\u011f\u0131 de\u011fil; kendinizi ke\u015ffetmenin, arzular\u0131n\u0131za y\u00f6n vermenin ve haz dolu anlar ya\u015faman\u0131n en geli\u015fmi\u015f yoludur. Hemen sepetinize ekleyin, teknolojinin sundu\u011fu maksimum zevki ya\u015fay\u0131n!<\/p>\n<p>&nbsp;<\/p>\n<p>&nbsp;<\/p>\n<p><a href=\"http:\/\/api.whatsapp.com\/send?phone=905304676616&amp;text=Sipari%C5%9F%20Vermek%20%C4%B0stiyorum%20haremshop%20BDM1810\"><img fetchpriority=\"high\" decoding=\"async\" class=\"alignnone\" src=\"https:\/\/static.ticimax.cloud\/32886\/uploads\/editoruploads\/whatsapp-destek-hatti.gif\" alt=\"\" width=\"750\" height=\"117\" \/><\/a><\/p>\n","protected":false},"excerpt":{"rendered":"<p>Kad\u0131n anatomisine \u00f6zel olarak tasarlanm\u0131\u015f olan <strong data-start=\"380\" data-end=\"421\">USB \u015earjl\u0131 Teknolojik Tav\u015fan Vibrat\u00f6r<\/strong>, hem klitoris hem de G-noktas\u0131 uyar\u0131m\u0131yla \u00e7ift y\u00f6nl\u00fc zevk sunar. \u00c7ift titre\u015fim motoru sayesinde hem ba\u015fl\u0131k k\u0131sm\u0131nda hem de stim\u00fclat\u00f6r b\u00f6l\u00fcm\u00fcnde yo\u011fun titre\u015fimler olu\u015fturur. 10 farkl\u0131 titre\u015fim fonksiyonu ile ki\u015fisel tercihlerinize g\u00f6re \u00f6zelle\u015ftirilebilen bu oyuncak, mor rengi ve ergonomik tasar\u0131m\u0131yla hem estetik hem de i\u015flevsel bir deneyim sunar.<\/p>\n","protected":false},"featured_media":43913,"comment_status":"closed","ping_status":"closed","template":"","meta":[],"product_brand":[],"product_cat":[496],"product_tag":[],"class_list":{"0":"post-43911","1":"product","2":"type-product","3":"status-publish","4":"has-post-thumbnail","6":"product_cat-vibrator-cesitleri","8":"first","9":"instock","10":"purchasable","11":"product-type-simple"},"yoast_head":"<!-- This site is optimized with the Yoast SEO Premium plugin v24.4 (Yoast SEO v27.1.1) - https:\/\/yoast.com\/product\/yoast-seo-premium-wordpress\/ -->\n<title>Usb \u015earjl\u0131 10 Fonksiyonlu Klitoris Uyar\u0131c\u0131l\u0131 Teknolojik Tav\u015fan Vibrat\u00f6r - Bursa Erotik Shop<\/title>\n<meta name=\"robots\" content=\"index, follow, max-snippet:-1, max-image-preview:large, max-video-preview:-1\" \/>\n<link rel=\"canonical\" href=\"https:\/\/hobierotikshop.com.tr\/website1\/erotik-shop-urun\/usb-sarjli-10-fonksiyonlu-klitoris-uyaricili-teknolojik-tavsan-vibrator\/\" \/>\n<meta property=\"og:locale\" content=\"tr_TR\" \/>\n<meta property=\"og:type\" content=\"article\" \/>\n<meta property=\"og:title\" content=\"Usb \u015earjl\u0131 10 Fonksiyonlu Klitoris Uyar\u0131c\u0131l\u0131 Teknolojik Tav\u015fan Vibrat\u00f6r\" \/>\n<meta property=\"og:description\" content=\"Kad\u0131n anatomisine \u00f6zel olarak tasarlanm\u0131\u015f olan USB \u015earjl\u0131 Teknolojik Tav\u015fan Vibrat\u00f6r, hem klitoris hem de G-noktas\u0131 uyar\u0131m\u0131yla \u00e7ift y\u00f6nl\u00fc zevk sunar. \u00c7ift titre\u015fim motoru sayesinde hem ba\u015fl\u0131k k\u0131sm\u0131nda hem de stim\u00fclat\u00f6r b\u00f6l\u00fcm\u00fcnde yo\u011fun titre\u015fimler olu\u015fturur. 10 farkl\u0131 titre\u015fim fonksiyonu ile ki\u015fisel tercihlerinize g\u00f6re \u00f6zelle\u015ftirilebilen bu oyuncak, mor rengi ve ergonomik tasar\u0131m\u0131yla hem estetik hem de i\u015flevsel bir deneyim sunar.\" \/>\n<meta property=\"og:url\" content=\"https:\/\/hobierotikshop.com.tr\/website1\/erotik-shop-urun\/usb-sarjli-10-fonksiyonlu-klitoris-uyaricili-teknolojik-tavsan-vibrator\/\" \/>\n<meta property=\"og:site_name\" content=\"Bursa Erotik Shop\" \/>\n<meta property=\"article:modified_time\" content=\"2026-01-08T23:58:58+00:00\" \/>\n<meta property=\"og:image\" content=\"https:\/\/hobierotikshop.com.tr\/website1\/wp-content\/uploads\/2025\/04\/usb-sarjli-10-fonksiyonlu-klitoris-uya-49a64c.jpg\" \/>\n\t<meta property=\"og:image:width\" content=\"455\" \/>\n\t<meta property=\"og:image:height\" content=\"455\" \/>\n\t<meta property=\"og:image:type\" content=\"image\/jpeg\" \/>\n<meta name=\"twitter:card\" content=\"summary_large_image\" \/>\n<meta name=\"twitter:site\" content=\"@shopbursa\" \/>\n<meta name=\"twitter:label1\" content=\"Fiyat\" \/>\n\t<meta name=\"twitter:data1\" content=\"&#8378;2.800,00\" \/>\n\t<meta name=\"twitter:label2\" content=\"Availability\" \/>\n\t<meta name=\"twitter:data2\" content=\"In stock\" \/>\n<script type=\"application\/ld+json\" class=\"yoast-schema-graph\">{\"@context\":\"https:\/\/schema.org\",\"@graph\":[{\"@type\":\"WebPage\",\"@id\":\"https:\/\/hobierotikshop.com.tr\/website1\/erotik-shop-urun\/usb-sarjli-10-fonksiyonlu-klitoris-uyaricili-teknolojik-tavsan-vibrator\/\",\"url\":\"https:\/\/hobierotikshop.com.tr\/website1\/erotik-shop-urun\/usb-sarjli-10-fonksiyonlu-klitoris-uyaricili-teknolojik-tavsan-vibrator\/\",\"name\":\"Usb \u015earjl\u0131 10 Fonksiyonlu Klitoris Uyar\u0131c\u0131l\u0131 Teknolojik Tav\u015fan Vibrat\u00f6r - Bursa Erotik Shop\",\"isPartOf\":{\"@id\":\"https:\/\/hobierotikshop.com.tr\/website1\/#website\"},\"primaryImageOfPage\":{\"@id\":\"https:\/\/hobierotikshop.com.tr\/website1\/erotik-shop-urun\/usb-sarjli-10-fonksiyonlu-klitoris-uyaricili-teknolojik-tavsan-vibrator\/#primaryimage\"},\"image\":{\"@id\":\"https:\/\/hobierotikshop.com.tr\/website1\/erotik-shop-urun\/usb-sarjli-10-fonksiyonlu-klitoris-uyaricili-teknolojik-tavsan-vibrator\/#primaryimage\"},\"thumbnailUrl\":\"https:\/\/haremerotikshop.com\/site\/wp-content\/uploads\/2025\/04\/usb-sarjli-10-fonksiyonlu-klitoris-uya-49a64c.jpg\",\"datePublished\":\"2025-04-26T13:51:35+00:00\",\"dateModified\":\"2026-01-08T23:58:58+00:00\",\"breadcrumb\":{\"@id\":\"https:\/\/hobierotikshop.com.tr\/website1\/erotik-shop-urun\/usb-sarjli-10-fonksiyonlu-klitoris-uyaricili-teknolojik-tavsan-vibrator\/#breadcrumb\"},\"inLanguage\":\"tr\",\"potentialAction\":[{\"@type\":\"ReadAction\",\"target\":[\"https:\/\/hobierotikshop.com.tr\/website1\/erotik-shop-urun\/usb-sarjli-10-fonksiyonlu-klitoris-uyaricili-teknolojik-tavsan-vibrator\/\"]}]},{\"@type\":\"ImageObject\",\"inLanguage\":\"tr\",\"@id\":\"https:\/\/hobierotikshop.com.tr\/website1\/erotik-shop-urun\/usb-sarjli-10-fonksiyonlu-klitoris-uyaricili-teknolojik-tavsan-vibrator\/#primaryimage\",\"url\":\"https:\/\/haremerotikshop.com\/site\/wp-content\/uploads\/2025\/04\/usb-sarjli-10-fonksiyonlu-klitoris-uya-49a64c.jpg\",\"contentUrl\":\"https:\/\/haremerotikshop.com\/site\/wp-content\/uploads\/2025\/04\/usb-sarjli-10-fonksiyonlu-klitoris-uya-49a64c.jpg\",\"width\":455,\"height\":455},{\"@type\":\"BreadcrumbList\",\"@id\":\"https:\/\/hobierotikshop.com.tr\/website1\/erotik-shop-urun\/usb-sarjli-10-fonksiyonlu-klitoris-uyaricili-teknolojik-tavsan-vibrator\/#breadcrumb\",\"itemListElement\":[{\"@type\":\"ListItem\",\"position\":1,\"name\":\"Anasayfa\",\"item\":\"https:\/\/hobierotikshop.com.tr\/website1\/\"},{\"@type\":\"ListItem\",\"position\":2,\"name\":\"Erotik Shop \u00dcr\u00fcnleri\",\"item\":\"https:\/\/hobierotikshop.com.tr\/website1\/shop\/\"},{\"@type\":\"ListItem\",\"position\":3,\"name\":\"Usb \u015earjl\u0131 10 Fonksiyonlu Klitoris Uyar\u0131c\u0131l\u0131 Teknolojik Tav\u015fan Vibrat\u00f6r\"}]},{\"@type\":\"WebSite\",\"@id\":\"https:\/\/hobierotikshop.com.tr\/website1\/#website\",\"url\":\"https:\/\/hobierotikshop.com.tr\/website1\/\",\"name\":\"Bursa Erotik Shop\",\"description\":\"Bursa Erotik Shop ile g\u00fcvenli, gizli ve kaliteli yeti\u015fkin \u00fcr\u00fcnleri al\u0131\u015fveri\u015fi! Geni\u015f \u00fcr\u00fcn yelpazemizi ke\u015ffedin, hemen sipari\u015f verin\",\"publisher\":{\"@id\":\"https:\/\/hobierotikshop.com.tr\/website1\/#organization\"},\"alternateName\":\"Erotik Shop\",\"potentialAction\":[{\"@type\":\"SearchAction\",\"target\":{\"@type\":\"EntryPoint\",\"urlTemplate\":\"https:\/\/hobierotikshop.com.tr\/website1\/?s={search_term_string}\"},\"query-input\":{\"@type\":\"PropertyValueSpecification\",\"valueRequired\":true,\"valueName\":\"search_term_string\"}}],\"inLanguage\":\"tr\"},{\"@type\":\"Organization\",\"@id\":\"https:\/\/hobierotikshop.com.tr\/website1\/#organization\",\"name\":\"Harem Bursa Erotik Shop\",\"url\":\"https:\/\/hobierotikshop.com.tr\/website1\/\",\"logo\":{\"@type\":\"ImageObject\",\"inLanguage\":\"tr\",\"@id\":\"https:\/\/hobierotikshop.com.tr\/website1\/#\/schema\/logo\/image\/\",\"url\":\"https:\/\/haremerotikshop.com\/site\/wp-content\/uploads\/2025\/03\/haremsexshop.png\",\"contentUrl\":\"https:\/\/haremerotikshop.com\/site\/wp-content\/uploads\/2025\/03\/haremsexshop.png\",\"width\":400,\"height\":100,\"caption\":\"Harem Bursa Erotik Shop\"},\"image\":{\"@id\":\"https:\/\/hobierotikshop.com.tr\/website1\/#\/schema\/logo\/image\/\"},\"sameAs\":[\"https:\/\/x.com\/shopbursa\"],\"publishingPrinciples\":\"https:\/\/hobierotikshop.com.tr\/website1\/mesafeli-satis-sozlesmesi\/\",\"ownershipFundingInfo\":\"https:\/\/hobierotikshop.com.tr\/website1\/contact-us\/\",\"actionableFeedbackPolicy\":\"https:\/\/hobierotikshop.com.tr\/website1\/contact-us\/\",\"correctionsPolicy\":\"https:\/\/hobierotikshop.com.tr\/website1\/mesafeli-satis-sozlesmesi\/\"}]}<\/script>\n<meta property=\"product:price:amount\" content=\"2800.00\" \/>\n<meta property=\"product:price:currency\" content=\"TRY\" \/>\n<meta property=\"og:availability\" content=\"instock\" \/>\n<meta property=\"product:availability\" content=\"instock\" \/>\n<meta property=\"product:retailer_item_id\" content=\"BDM1810\" \/>\n<meta property=\"product:condition\" content=\"new\" \/>\n<!-- \/ Yoast SEO Premium plugin. -->","yoast_head_json":{"title":"Usb \u015earjl\u0131 10 Fonksiyonlu Klitoris Uyar\u0131c\u0131l\u0131 Teknolojik Tav\u015fan Vibrat\u00f6r - Bursa Erotik Shop","robots":{"index":"index","follow":"follow","max-snippet":"max-snippet:-1","max-image-preview":"max-image-preview:large","max-video-preview":"max-video-preview:-1"},"canonical":"https:\/\/hobierotikshop.com.tr\/website1\/erotik-shop-urun\/usb-sarjli-10-fonksiyonlu-klitoris-uyaricili-teknolojik-tavsan-vibrator\/","og_locale":"tr_TR","og_type":"article","og_title":"Usb \u015earjl\u0131 10 Fonksiyonlu Klitoris Uyar\u0131c\u0131l\u0131 Teknolojik Tav\u015fan Vibrat\u00f6r","og_description":"Kad\u0131n anatomisine \u00f6zel olarak tasarlanm\u0131\u015f olan USB \u015earjl\u0131 Teknolojik Tav\u015fan Vibrat\u00f6r, hem klitoris hem de G-noktas\u0131 uyar\u0131m\u0131yla \u00e7ift y\u00f6nl\u00fc zevk sunar. \u00c7ift titre\u015fim motoru sayesinde hem ba\u015fl\u0131k k\u0131sm\u0131nda hem de stim\u00fclat\u00f6r b\u00f6l\u00fcm\u00fcnde yo\u011fun titre\u015fimler olu\u015fturur. 10 farkl\u0131 titre\u015fim fonksiyonu ile ki\u015fisel tercihlerinize g\u00f6re \u00f6zelle\u015ftirilebilen bu oyuncak, mor rengi ve ergonomik tasar\u0131m\u0131yla hem estetik hem de i\u015flevsel bir deneyim sunar.","og_url":"https:\/\/hobierotikshop.com.tr\/website1\/erotik-shop-urun\/usb-sarjli-10-fonksiyonlu-klitoris-uyaricili-teknolojik-tavsan-vibrator\/","og_site_name":"Bursa Erotik Shop","article_modified_time":"2026-01-08T23:58:58+00:00","og_image":[{"width":455,"height":455,"url":"https:\/\/hobierotikshop.com.tr\/website1\/wp-content\/uploads\/2025\/04\/usb-sarjli-10-fonksiyonlu-klitoris-uya-49a64c.jpg","type":"image\/jpeg"}],"twitter_card":"summary_large_image","twitter_site":"@shopbursa","twitter_misc":{"Fiyat":"&#8378;2.800,00","Availability":"In stock"},"schema":{"@context":"https:\/\/schema.org","@graph":[{"@type":"WebPage","@id":"https:\/\/hobierotikshop.com.tr\/website1\/erotik-shop-urun\/usb-sarjli-10-fonksiyonlu-klitoris-uyaricili-teknolojik-tavsan-vibrator\/","url":"https:\/\/hobierotikshop.com.tr\/website1\/erotik-shop-urun\/usb-sarjli-10-fonksiyonlu-klitoris-uyaricili-teknolojik-tavsan-vibrator\/","name":"Usb \u015earjl\u0131 10 Fonksiyonlu Klitoris Uyar\u0131c\u0131l\u0131 Teknolojik Tav\u015fan Vibrat\u00f6r - Bursa Erotik Shop","isPartOf":{"@id":"https:\/\/hobierotikshop.com.tr\/website1\/#website"},"primaryImageOfPage":{"@id":"https:\/\/hobierotikshop.com.tr\/website1\/erotik-shop-urun\/usb-sarjli-10-fonksiyonlu-klitoris-uyaricili-teknolojik-tavsan-vibrator\/#primaryimage"},"image":{"@id":"https:\/\/hobierotikshop.com.tr\/website1\/erotik-shop-urun\/usb-sarjli-10-fonksiyonlu-klitoris-uyaricili-teknolojik-tavsan-vibrator\/#primaryimage"},"thumbnailUrl":"https:\/\/haremerotikshop.com\/site\/wp-content\/uploads\/2025\/04\/usb-sarjli-10-fonksiyonlu-klitoris-uya-49a64c.jpg","datePublished":"2025-04-26T13:51:35+00:00","dateModified":"2026-01-08T23:58:58+00:00","breadcrumb":{"@id":"https:\/\/hobierotikshop.com.tr\/website1\/erotik-shop-urun\/usb-sarjli-10-fonksiyonlu-klitoris-uyaricili-teknolojik-tavsan-vibrator\/#breadcrumb"},"inLanguage":"tr","potentialAction":[{"@type":"ReadAction","target":["https:\/\/hobierotikshop.com.tr\/website1\/erotik-shop-urun\/usb-sarjli-10-fonksiyonlu-klitoris-uyaricili-teknolojik-tavsan-vibrator\/"]}]},{"@type":"ImageObject","inLanguage":"tr","@id":"https:\/\/hobierotikshop.com.tr\/website1\/erotik-shop-urun\/usb-sarjli-10-fonksiyonlu-klitoris-uyaricili-teknolojik-tavsan-vibrator\/#primaryimage","url":"https:\/\/haremerotikshop.com\/site\/wp-content\/uploads\/2025\/04\/usb-sarjli-10-fonksiyonlu-klitoris-uya-49a64c.jpg","contentUrl":"https:\/\/haremerotikshop.com\/site\/wp-content\/uploads\/2025\/04\/usb-sarjli-10-fonksiyonlu-klitoris-uya-49a64c.jpg","width":455,"height":455},{"@type":"BreadcrumbList","@id":"https:\/\/hobierotikshop.com.tr\/website1\/erotik-shop-urun\/usb-sarjli-10-fonksiyonlu-klitoris-uyaricili-teknolojik-tavsan-vibrator\/#breadcrumb","itemListElement":[{"@type":"ListItem","position":1,"name":"Anasayfa","item":"https:\/\/hobierotikshop.com.tr\/website1\/"},{"@type":"ListItem","position":2,"name":"Erotik Shop \u00dcr\u00fcnleri","item":"https:\/\/hobierotikshop.com.tr\/website1\/shop\/"},{"@type":"ListItem","position":3,"name":"Usb \u015earjl\u0131 10 Fonksiyonlu Klitoris Uyar\u0131c\u0131l\u0131 Teknolojik Tav\u015fan Vibrat\u00f6r"}]},{"@type":"WebSite","@id":"https:\/\/hobierotikshop.com.tr\/website1\/#website","url":"https:\/\/hobierotikshop.com.tr\/website1\/","name":"Bursa Erotik Shop","description":"Bursa Erotik Shop ile g\u00fcvenli, gizli ve kaliteli yeti\u015fkin \u00fcr\u00fcnleri al\u0131\u015fveri\u015fi! Geni\u015f \u00fcr\u00fcn yelpazemizi ke\u015ffedin, hemen sipari\u015f verin","publisher":{"@id":"https:\/\/hobierotikshop.com.tr\/website1\/#organization"},"alternateName":"Erotik Shop","potentialAction":[{"@type":"SearchAction","target":{"@type":"EntryPoint","urlTemplate":"https:\/\/hobierotikshop.com.tr\/website1\/?s={search_term_string}"},"query-input":{"@type":"PropertyValueSpecification","valueRequired":true,"valueName":"search_term_string"}}],"inLanguage":"tr"},{"@type":"Organization","@id":"https:\/\/hobierotikshop.com.tr\/website1\/#organization","name":"Harem Bursa Erotik Shop","url":"https:\/\/hobierotikshop.com.tr\/website1\/","logo":{"@type":"ImageObject","inLanguage":"tr","@id":"https:\/\/hobierotikshop.com.tr\/website1\/#\/schema\/logo\/image\/","url":"https:\/\/haremerotikshop.com\/site\/wp-content\/uploads\/2025\/03\/haremsexshop.png","contentUrl":"https:\/\/haremerotikshop.com\/site\/wp-content\/uploads\/2025\/03\/haremsexshop.png","width":400,"height":100,"caption":"Harem Bursa Erotik Shop"},"image":{"@id":"https:\/\/hobierotikshop.com.tr\/website1\/#\/schema\/logo\/image\/"},"sameAs":["https:\/\/x.com\/shopbursa"],"publishingPrinciples":"https:\/\/hobierotikshop.com.tr\/website1\/mesafeli-satis-sozlesmesi\/","ownershipFundingInfo":"https:\/\/hobierotikshop.com.tr\/website1\/contact-us\/","actionableFeedbackPolicy":"https:\/\/hobierotikshop.com.tr\/website1\/contact-us\/","correctionsPolicy":"https:\/\/hobierotikshop.com.tr\/website1\/mesafeli-satis-sozlesmesi\/"}]},"product_price_amount":"2800.00","product_price_currency":"TRY","og_availability":"instock","product_availability":"instock","product_retailer_item_id":"BDM1810","product_condition":"new"},"_links":{"self":[{"href":"https:\/\/haremerotikshop.com\/site\/wp-json\/wp\/v2\/product\/43911","targetHints":{"allow":["GET"]}}],"collection":[{"href":"https:\/\/haremerotikshop.com\/site\/wp-json\/wp\/v2\/product"}],"about":[{"href":"https:\/\/haremerotikshop.com\/site\/wp-json\/wp\/v2\/types\/product"}],"replies":[{"embeddable":true,"href":"https:\/\/haremerotikshop.com\/site\/wp-json\/wp\/v2\/comments?post=43911"}],"version-history":[{"count":0,"href":"https:\/\/haremerotikshop.com\/site\/wp-json\/wp\/v2\/product\/43911\/revisions"}],"wp:featuredmedia":[{"embeddable":true,"href":"https:\/\/haremerotikshop.com\/site\/wp-json\/wp\/v2\/media\/43913"}],"wp:attachment":[{"href":"https:\/\/haremerotikshop.com\/site\/wp-json\/wp\/v2\/media?parent=43911"}],"wp:term":[{"taxonomy":"product_brand","embeddable":true,"href":"https:\/\/haremerotikshop.com\/site\/wp-json\/wp\/v2\/product_brand?post=43911"},{"taxonomy":"product_cat","embeddable":true,"href":"https:\/\/haremerotikshop.com\/site\/wp-json\/wp\/v2\/product_cat?post=43911"},{"taxonomy":"product_tag","embeddable":true,"href":"https:\/\/haremerotikshop.com\/site\/wp-json\/wp\/v2\/product_tag?post=43911"}],"curies":[{"name":"wp","href":"https:\/\/api.w.org\/{rel}","templated":true}]}}