{"id":44008,"date":"2025-04-26T16:52:41","date_gmt":"2025-04-26T13:52:41","guid":{"rendered":"https:\/\/haremerotikshop.com\/site\/erotik-shop-urun\/usb-sarjli-22-cm-isitmali-ileri-geri-hareketli-cift-katmanli-uzaktan-kumandali-penis\/"},"modified":"2026-01-18T18:09:29","modified_gmt":"2026-01-18T15:09:29","slug":"usb-sarjli-22-cm-isitmali-ileri-geri-hareketli-cift-katmanli-uzaktan-kumandali-penis","status":"publish","type":"product","link":"https:\/\/haremerotikshop.com\/site\/erotik-shop-urun\/usb-sarjli-22-cm-isitmali-ileri-geri-hareketli-cift-katmanli-uzaktan-kumandali-penis\/","title":{"rendered":"Usb \u015earjl\u0131 22 Cm Is\u0131tmal\u0131 I\u0307leri Geri Hareketli \u00c7ift Katmanl\u0131 Uzaktan Kumandal\u0131 Penis"},"content":{"rendered":"<h2 class=\"\" data-start=\"151\" data-end=\"272\"><strong data-start=\"154\" data-end=\"272\">USB \u015earjl\u0131 22 cm Is\u0131tmal\u0131 \u0130leri Geri Hareketli \u00c7ift Katmanl\u0131 Uzaktan Kumandal\u0131 Penis \u2013 Ger\u00e7ek\u00e7i Zevkin Yeni Tan\u0131m\u0131<\/strong><\/h2>\n<p class=\"\" data-start=\"274\" data-end=\"702\"><strong data-start=\"274\" data-end=\"362\">USB \u015earjl\u0131 22 cm Is\u0131tmal\u0131 \u0130leri Geri Hareketli \u00c7ift Katmanl\u0131 Uzaktan Kumandal\u0131 Penis<\/strong>, cinsel tatmin arayanlar i\u00e7in devrim niteli\u011finde bir \u00fcr\u00fcn. \u00c7ift katmanl\u0131 yap\u0131s\u0131, \u0131s\u0131tma \u00f6zelli\u011fi, ileri geri hareketi, titre\u015fim fonksiyonu ve uzaktan kumandas\u0131 ile size benzersiz bir deneyim sunar. Ger\u00e7ek\u00e7i dokusu, g\u00fc\u00e7l\u00fc vantuz \u00f6zelli\u011fi ve su ge\u00e7irmez tasar\u0131m\u0131 sayesinde, her kullan\u0131ld\u0131\u011f\u0131nda konforlu ve do\u011fal bir zevk deneyimi ya\u015fars\u0131n\u0131z.<\/p>\n<hr class=\"\" data-start=\"704\" data-end=\"707\" \/>\n<h3 class=\"\" data-start=\"709\" data-end=\"734\"><strong data-start=\"713\" data-end=\"734\">\u00dcr\u00fcn \u00d6zellikleri:<\/strong><\/h3>\n<p class=\"\" data-start=\"736\" data-end=\"989\">\ud83d\udd39 <strong data-start=\"739\" data-end=\"773\">Yeni Nesil \u00c7ift Katmanl\u0131 Yap\u0131:<\/strong> <strong data-start=\"774\" data-end=\"809\">USB \u015earjl\u0131 22 cm Is\u0131tmal\u0131 Penis<\/strong>, ileri teknoloji \u00e7ift katmanl\u0131 silikon yap\u0131s\u0131 ile \u00fcretilmi\u015ftir. Ger\u00e7ek\u00e7i et dokusu ve cilt hassasiyetini taklit eden yap\u0131, kullan\u0131c\u0131s\u0131na son derece tatmin edici bir deneyim sunar.<\/p>\n<p class=\"\" data-start=\"991\" data-end=\"1163\">\ud83d\udd39 <strong data-start=\"994\" data-end=\"1014\">Is\u0131tma \u00d6zelli\u011fi:<\/strong> Bu dildo, <strong data-start=\"1025\" data-end=\"1046\">\u0131s\u0131tma fonksiyonu<\/strong> ile v\u00fccut \u0131s\u0131s\u0131na ula\u015farak, ger\u00e7ek\u00e7i ve do\u011fal bir kullan\u0131m deneyimi sa\u011flar. Zevkinizi art\u0131rmak i\u00e7in her zaman haz\u0131r!<\/p>\n<p class=\"\" data-start=\"1165\" data-end=\"1343\">\ud83d\udd39 <strong data-start=\"1168\" data-end=\"1203\">\u0130leri Geri Hareket ve Titre\u015fim:<\/strong> Bu \u00f6zellik sayesinde hareketli dildo, ger\u00e7ek\u00e7i bir penetrasyon hissi yarat\u0131r. Ayr\u0131ca <strong data-start=\"1289\" data-end=\"1301\">titre\u015fim<\/strong> fonksiyonu, zevkinizi iki kat\u0131na \u00e7\u0131kar\u0131r.<\/p>\n<p class=\"\" data-start=\"1345\" data-end=\"1522\">\ud83d\udd39 <strong data-start=\"1348\" data-end=\"1377\">Uzaktan Kumanda \u00d6zelli\u011fi:<\/strong> <strong data-start=\"1378\" data-end=\"1397\">Uzaktan kumanda<\/strong> ile kontrol edebilece\u011finiz bu vibrat\u00f6r, rahat\u00e7a ayar yapman\u0131za olanak tan\u0131r. Herhangi bir pozisyonda kullan\u0131m i\u00e7in idealdir.<\/p>\n<p class=\"\" data-start=\"1524\" data-end=\"1698\">\ud83d\udd39 <strong data-start=\"1527\" data-end=\"1557\">Testisli ve Ger\u00e7ek\u00e7i Yap\u0131:<\/strong> <strong data-start=\"1558\" data-end=\"1578\">Testisli tasar\u0131m<\/strong> ve <strong data-start=\"1582\" data-end=\"1598\">damarl\u0131 yap\u0131<\/strong>, daha do\u011fal bir g\u00f6r\u00fcn\u00fcm ve hissiyat sunar. Ger\u00e7ek\u00e7i detaylar, \u00fcr\u00fcn\u00fc daha tatmin edici hale getirir.<\/p>\n<p class=\"\" data-start=\"1700\" data-end=\"1863\">\ud83d\udd39 <strong data-start=\"1703\" data-end=\"1743\">Su Ge\u00e7irmez ve Kolay Temizlenebilir:<\/strong> <strong data-start=\"1744\" data-end=\"1759\">Su ge\u00e7irmez<\/strong> \u00f6zelli\u011fi sayesinde, du\u015fta veya banyoda rahatl\u0131kla kullan\u0131labilir. Ayr\u0131ca temizli\u011fi son derece kolayd\u0131r.<\/p>\n<p class=\"\" data-start=\"1865\" data-end=\"2044\">\ud83d\udd39 <strong data-start=\"1868\" data-end=\"1897\">Kaliteli Silikon Malzeme:<\/strong> Sa\u011fl\u0131k a\u00e7\u0131s\u0131ndan g\u00fcvenli olan <strong data-start=\"1928\" data-end=\"1955\">y\u00fcksek kaliteli silikon<\/strong> malzeme ile \u00fcretilmi\u015ftir. Uzun \u00f6m\u00fcrl\u00fc kullan\u0131m sa\u011flar ve her t\u00fcrl\u00fc cilt tipine uygundur.<\/p>\n<hr class=\"\" data-start=\"2046\" data-end=\"2049\" \/>\n<h3 class=\"\" data-start=\"2051\" data-end=\"2068\"><strong data-start=\"2055\" data-end=\"2068\">Boyutlar:<\/strong><\/h3>\n<ul data-start=\"2070\" data-end=\"2160\">\n<li class=\"\" data-start=\"2070\" data-end=\"2097\">\n<p class=\"\" data-start=\"2072\" data-end=\"2097\"><strong data-start=\"2072\" data-end=\"2091\">Toplam Uzunluk:<\/strong> 22 cm<\/p>\n<\/li>\n<li class=\"\" data-start=\"2098\" data-end=\"2133\">\n<p class=\"\" data-start=\"2100\" data-end=\"2133\"><strong data-start=\"2100\" data-end=\"2127\">Kullan\u0131labilir Uzunluk:<\/strong> 17 cm<\/p>\n<\/li>\n<li class=\"\" data-start=\"2134\" data-end=\"2160\">\n<p class=\"\" data-start=\"2136\" data-end=\"2160\"><strong data-start=\"2136\" data-end=\"2155\">\u00c7ap \/ Kal\u0131nl\u0131k:<\/strong> 4 cm<\/p>\n<\/li>\n<\/ul>\n<hr class=\"\" data-start=\"2162\" data-end=\"2165\" \/>\n<h3 class=\"\" data-start=\"2167\" data-end=\"2210\"><strong data-start=\"2171\" data-end=\"2210\">Gizli G\u00f6nderim ve G\u00fcvenli Teslimat:<\/strong><\/h3>\n<p class=\"\" data-start=\"2212\" data-end=\"2367\">Sipari\u015fleriniz <strong data-start=\"2227\" data-end=\"2254\">gizli ve kapal\u0131 koliler<\/strong> i\u00e7inde g\u00f6nderilir. Gizlili\u011finiz her zaman korunur. \u00dcr\u00fcnler, firmam\u0131z g\u00fcvencesiyle eksiksiz olarak teslim edilir.<\/p>\n<hr class=\"\" data-start=\"2369\" data-end=\"2372\" \/>\n<h3 class=\"\" data-start=\"2374\" data-end=\"2400\"><strong data-start=\"2378\" data-end=\"2400\">\u00d6deme Se\u00e7enekleri:<\/strong><\/h3>\n<p class=\"\" data-start=\"2402\" data-end=\"2456\">\u00dcr\u00fcn al\u0131mlar\u0131n\u0131zda g\u00fcvenli \u00f6deme y\u00f6ntemleri sunuyoruz:<\/p>\n<ul data-start=\"2457\" data-end=\"2636\">\n<li class=\"\" data-start=\"2457\" data-end=\"2501\">\n<p class=\"\" data-start=\"2459\" data-end=\"2501\"><strong data-start=\"2459\" data-end=\"2475\">Kap\u0131da \u00f6deme<\/strong> ile \u00f6deme yapabilirsiniz.<\/p>\n<\/li>\n<li class=\"\" data-start=\"2502\" data-end=\"2545\">\n<p class=\"\" data-start=\"2504\" data-end=\"2545\"><strong data-start=\"2504\" data-end=\"2519\">Kredi kart\u0131<\/strong> ile online g\u00fcvenli \u00f6deme.<\/p>\n<\/li>\n<li class=\"\" data-start=\"2546\" data-end=\"2589\">\n<p class=\"\" data-start=\"2548\" data-end=\"2589\"><strong data-start=\"2548\" data-end=\"2566\">Banka havalesi<\/strong> ile \u00f6deme yap\u0131labilir.<\/p>\n<\/li>\n<li class=\"\" data-start=\"2590\" data-end=\"2636\">\n<p class=\"\" data-start=\"2592\" data-end=\"2636\"><strong data-start=\"2592\" data-end=\"2610\">Taksitli \u00f6deme<\/strong> se\u00e7enekleri de mevcuttur.<\/p>\n<\/li>\n<\/ul>\n<hr class=\"\" data-start=\"2638\" data-end=\"2641\" \/>\n<h3 class=\"\" data-start=\"2643\" data-end=\"2693\"><strong data-start=\"2647\" data-end=\"2693\">H\u0131zl\u0131 G\u00f6nderim ve Orijinal \u00dcr\u00fcn Garantisi:<\/strong><\/h3>\n<p class=\"\" data-start=\"2695\" data-end=\"2878\">T\u00fcm \u00fcr\u00fcnlerimiz, <strong data-start=\"2712\" data-end=\"2730\">h\u0131zl\u0131 g\u00f6nderim<\/strong> ile adresinize teslim edilir. \u00dcr\u00fcn\u00fcn <strong data-start=\"2768\" data-end=\"2780\">orijinal<\/strong> ve kaliteli oldu\u011fundan emin olabilirsiniz. <strong data-start=\"2824\" data-end=\"2839\">Gizli kargo<\/strong> ile sipari\u015fleriniz g\u00fcvenle g\u00f6nderilir.<\/p>\n<hr class=\"\" data-start=\"2880\" data-end=\"2883\" \/>\n<h3 class=\"\" data-start=\"2885\" data-end=\"2952\"><strong data-start=\"2889\" data-end=\"2952\">Sonu\u00e7: Ger\u00e7ek\u00e7i ve Tatmin Edici Deneyim \u0130\u00e7in M\u00fckemmel Se\u00e7im<\/strong><\/h3>\n<p class=\"\" data-start=\"2954\" data-end=\"3398\"><strong data-start=\"2954\" data-end=\"3042\">USB \u015earjl\u0131 22 cm Is\u0131tmal\u0131 \u0130leri Geri Hareketli \u00c7ift Katmanl\u0131 Uzaktan Kumandal\u0131 Penis<\/strong>, cinsel zevkinizi \u00fcst seviyeye ta\u015f\u0131yacak teknolojik \u00f6zelliklere sahip. <strong data-start=\"3114\" data-end=\"3124\">Is\u0131tma<\/strong>, <strong data-start=\"3126\" data-end=\"3138\">titre\u015fim<\/strong>, <strong data-start=\"3140\" data-end=\"3151\">hareket<\/strong> ve <strong data-start=\"3155\" data-end=\"3174\">uzaktan kumanda<\/strong> \u00f6zellikleriyle benzersiz bir deneyim sunuyor. Ger\u00e7ek\u00e7i tasar\u0131m\u0131 ve su ge\u00e7irmez yap\u0131s\u0131 sayesinde her ko\u015fulda g\u00fcvenle kullanabilirsiniz. Hem \u015f\u0131k hem de i\u015flevsel bu \u00fcr\u00fcn\u00fc hemen sipari\u015f verin ve yeni bir zevk yolculu\u011funa \u00e7\u0131k\u0131n!<\/p>\n<p>&nbsp;<\/p>\n<p>&nbsp;<\/p>\n<p><a href=\"http:\/\/api.whatsapp.com\/send?phone=905304676616&amp;text=Sipari%C5%9F%20Vermek%20%C4%B0stiyorum%20haremshop%20BDM1819\"><img fetchpriority=\"high\" decoding=\"async\" class=\"alignnone\" src=\"https:\/\/static.ticimax.cloud\/32886\/uploads\/editoruploads\/whatsapp-destek-hatti.gif\" alt=\"\" width=\"750\" height=\"117\" \/><\/a><\/p>\n<p><img decoding=\"async\" src=\"https:\/\/static.ticimax.cloud\/32886\/uploads\/editoruploads\/bdm1819frgetsgif.gif\" alt=\"\" \/><\/p>\n","protected":false},"excerpt":{"rendered":"<p><strong data-start=\"274\" data-end=\"362\">USB \u015earjl\u0131 22 cm Is\u0131tmal\u0131 \u0130leri Geri Hareketli \u00c7ift Katmanl\u0131 Uzaktan Kumandal\u0131 Penis<\/strong>, cinsel tatmin arayanlar i\u00e7in devrim niteli\u011finde bir \u00fcr\u00fcn. \u00c7ift katmanl\u0131 yap\u0131s\u0131, \u0131s\u0131tma \u00f6zelli\u011fi, ileri geri hareketi, titre\u015fim fonksiyonu ve uzaktan kumandas\u0131 ile size benzersiz bir deneyim sunar. Ger\u00e7ek\u00e7i dokusu, g\u00fc\u00e7l\u00fc vantuz \u00f6zelli\u011fi ve su ge\u00e7irmez tasar\u0131m\u0131 sayesinde, her kullan\u0131ld\u0131\u011f\u0131nda konforlu ve do\u011fal bir zevk deneyimi ya\u015fars\u0131n\u0131z.<\/p>\n","protected":false},"featured_media":44010,"comment_status":"closed","ping_status":"closed","template":"","meta":[],"product_brand":[],"product_cat":[496],"product_tag":[],"class_list":{"0":"post-44008","1":"product","2":"type-product","3":"status-publish","4":"has-post-thumbnail","6":"product_cat-vibrator-cesitleri","8":"first","9":"instock","10":"purchasable","11":"product-type-simple"},"yoast_head":"<!-- This site is optimized with the Yoast SEO Premium plugin v24.4 (Yoast SEO v27.1.1) - https:\/\/yoast.com\/product\/yoast-seo-premium-wordpress\/ -->\n<title>Usb \u015earjl\u0131 22 Cm Is\u0131tmal\u0131 I\u0307leri Geri Hareketli \u00c7ift Katmanl\u0131 Uzaktan Kumandal\u0131 Penis - Bursa Erotik Shop<\/title>\n<meta name=\"robots\" content=\"index, follow, max-snippet:-1, max-image-preview:large, max-video-preview:-1\" \/>\n<link rel=\"canonical\" href=\"https:\/\/hobierotikshop.com.tr\/website1\/erotik-shop-urun\/usb-sarjli-22-cm-isitmali-ileri-geri-hareketli-cift-katmanli-uzaktan-kumandali-penis\/\" \/>\n<meta property=\"og:locale\" content=\"tr_TR\" \/>\n<meta property=\"og:type\" content=\"article\" \/>\n<meta property=\"og:title\" content=\"Usb \u015earjl\u0131 22 Cm Is\u0131tmal\u0131 I\u0307leri Geri Hareketli \u00c7ift Katmanl\u0131 Uzaktan Kumandal\u0131 Penis\" \/>\n<meta property=\"og:description\" content=\"USB \u015earjl\u0131 22 cm Is\u0131tmal\u0131 \u0130leri Geri Hareketli \u00c7ift Katmanl\u0131 Uzaktan Kumandal\u0131 Penis, cinsel tatmin arayanlar i\u00e7in devrim niteli\u011finde bir \u00fcr\u00fcn. \u00c7ift katmanl\u0131 yap\u0131s\u0131, \u0131s\u0131tma \u00f6zelli\u011fi, ileri geri hareketi, titre\u015fim fonksiyonu ve uzaktan kumandas\u0131 ile size benzersiz bir deneyim sunar. Ger\u00e7ek\u00e7i dokusu, g\u00fc\u00e7l\u00fc vantuz \u00f6zelli\u011fi ve su ge\u00e7irmez tasar\u0131m\u0131 sayesinde, her kullan\u0131ld\u0131\u011f\u0131nda konforlu ve do\u011fal bir zevk deneyimi ya\u015fars\u0131n\u0131z.\" \/>\n<meta property=\"og:url\" content=\"https:\/\/hobierotikshop.com.tr\/website1\/erotik-shop-urun\/usb-sarjli-22-cm-isitmali-ileri-geri-hareketli-cift-katmanli-uzaktan-kumandali-penis\/\" \/>\n<meta property=\"og:site_name\" content=\"Bursa Erotik Shop\" \/>\n<meta property=\"article:modified_time\" content=\"2026-01-18T15:09:29+00:00\" \/>\n<meta property=\"og:image\" content=\"https:\/\/hobierotikshop.com.tr\/website1\/wp-content\/uploads\/2025\/04\/usb-sarjli-22-cm-ileri-geri-hareketli-4e-596.jpg\" \/>\n\t<meta property=\"og:image:width\" content=\"455\" \/>\n\t<meta property=\"og:image:height\" content=\"347\" \/>\n\t<meta property=\"og:image:type\" content=\"image\/jpeg\" \/>\n<meta name=\"twitter:card\" content=\"summary_large_image\" \/>\n<meta name=\"twitter:site\" content=\"@shopbursa\" \/>\n<meta name=\"twitter:label1\" content=\"Fiyat\" \/>\n\t<meta name=\"twitter:data1\" content=\"&#8378;5.000,00\" \/>\n\t<meta name=\"twitter:label2\" content=\"Availability\" \/>\n\t<meta name=\"twitter:data2\" content=\"In stock\" \/>\n<script type=\"application\/ld+json\" class=\"yoast-schema-graph\">{\"@context\":\"https:\/\/schema.org\",\"@graph\":[{\"@type\":\"WebPage\",\"@id\":\"https:\/\/hobierotikshop.com.tr\/website1\/erotik-shop-urun\/usb-sarjli-22-cm-isitmali-ileri-geri-hareketli-cift-katmanli-uzaktan-kumandali-penis\/\",\"url\":\"https:\/\/hobierotikshop.com.tr\/website1\/erotik-shop-urun\/usb-sarjli-22-cm-isitmali-ileri-geri-hareketli-cift-katmanli-uzaktan-kumandali-penis\/\",\"name\":\"Usb \u015earjl\u0131 22 Cm Is\u0131tmal\u0131 I\u0307leri Geri Hareketli \u00c7ift Katmanl\u0131 Uzaktan Kumandal\u0131 Penis - Bursa Erotik Shop\",\"isPartOf\":{\"@id\":\"https:\/\/hobierotikshop.com.tr\/website1\/#website\"},\"primaryImageOfPage\":{\"@id\":\"https:\/\/hobierotikshop.com.tr\/website1\/erotik-shop-urun\/usb-sarjli-22-cm-isitmali-ileri-geri-hareketli-cift-katmanli-uzaktan-kumandali-penis\/#primaryimage\"},\"image\":{\"@id\":\"https:\/\/hobierotikshop.com.tr\/website1\/erotik-shop-urun\/usb-sarjli-22-cm-isitmali-ileri-geri-hareketli-cift-katmanli-uzaktan-kumandali-penis\/#primaryimage\"},\"thumbnailUrl\":\"https:\/\/haremerotikshop.com\/site\/wp-content\/uploads\/2025\/04\/usb-sarjli-22-cm-ileri-geri-hareketli-4e-596.jpg\",\"datePublished\":\"2025-04-26T13:52:41+00:00\",\"dateModified\":\"2026-01-18T15:09:29+00:00\",\"breadcrumb\":{\"@id\":\"https:\/\/hobierotikshop.com.tr\/website1\/erotik-shop-urun\/usb-sarjli-22-cm-isitmali-ileri-geri-hareketli-cift-katmanli-uzaktan-kumandali-penis\/#breadcrumb\"},\"inLanguage\":\"tr\",\"potentialAction\":[{\"@type\":\"ReadAction\",\"target\":[\"https:\/\/hobierotikshop.com.tr\/website1\/erotik-shop-urun\/usb-sarjli-22-cm-isitmali-ileri-geri-hareketli-cift-katmanli-uzaktan-kumandali-penis\/\"]}]},{\"@type\":\"ImageObject\",\"inLanguage\":\"tr\",\"@id\":\"https:\/\/hobierotikshop.com.tr\/website1\/erotik-shop-urun\/usb-sarjli-22-cm-isitmali-ileri-geri-hareketli-cift-katmanli-uzaktan-kumandali-penis\/#primaryimage\",\"url\":\"https:\/\/haremerotikshop.com\/site\/wp-content\/uploads\/2025\/04\/usb-sarjli-22-cm-ileri-geri-hareketli-4e-596.jpg\",\"contentUrl\":\"https:\/\/haremerotikshop.com\/site\/wp-content\/uploads\/2025\/04\/usb-sarjli-22-cm-ileri-geri-hareketli-4e-596.jpg\",\"width\":455,\"height\":347},{\"@type\":\"BreadcrumbList\",\"@id\":\"https:\/\/hobierotikshop.com.tr\/website1\/erotik-shop-urun\/usb-sarjli-22-cm-isitmali-ileri-geri-hareketli-cift-katmanli-uzaktan-kumandali-penis\/#breadcrumb\",\"itemListElement\":[{\"@type\":\"ListItem\",\"position\":1,\"name\":\"Anasayfa\",\"item\":\"https:\/\/hobierotikshop.com.tr\/website1\/\"},{\"@type\":\"ListItem\",\"position\":2,\"name\":\"Erotik Shop \u00dcr\u00fcnleri\",\"item\":\"https:\/\/hobierotikshop.com.tr\/website1\/shop\/\"},{\"@type\":\"ListItem\",\"position\":3,\"name\":\"Usb \u015earjl\u0131 22 Cm Is\u0131tmal\u0131 I\u0307leri Geri Hareketli \u00c7ift Katmanl\u0131 Uzaktan Kumandal\u0131 Penis\"}]},{\"@type\":\"WebSite\",\"@id\":\"https:\/\/hobierotikshop.com.tr\/website1\/#website\",\"url\":\"https:\/\/hobierotikshop.com.tr\/website1\/\",\"name\":\"Bursa Erotik Shop\",\"description\":\"Bursa Erotik Shop ile g\u00fcvenli, gizli ve kaliteli yeti\u015fkin \u00fcr\u00fcnleri al\u0131\u015fveri\u015fi! Geni\u015f \u00fcr\u00fcn yelpazemizi ke\u015ffedin, hemen sipari\u015f verin\",\"publisher\":{\"@id\":\"https:\/\/hobierotikshop.com.tr\/website1\/#organization\"},\"alternateName\":\"Erotik Shop\",\"potentialAction\":[{\"@type\":\"SearchAction\",\"target\":{\"@type\":\"EntryPoint\",\"urlTemplate\":\"https:\/\/hobierotikshop.com.tr\/website1\/?s={search_term_string}\"},\"query-input\":{\"@type\":\"PropertyValueSpecification\",\"valueRequired\":true,\"valueName\":\"search_term_string\"}}],\"inLanguage\":\"tr\"},{\"@type\":\"Organization\",\"@id\":\"https:\/\/hobierotikshop.com.tr\/website1\/#organization\",\"name\":\"Harem Bursa Erotik Shop\",\"url\":\"https:\/\/hobierotikshop.com.tr\/website1\/\",\"logo\":{\"@type\":\"ImageObject\",\"inLanguage\":\"tr\",\"@id\":\"https:\/\/hobierotikshop.com.tr\/website1\/#\/schema\/logo\/image\/\",\"url\":\"https:\/\/haremerotikshop.com\/wp-content\/uploads\/2025\/03\/haremsexshop.png\",\"contentUrl\":\"https:\/\/haremerotikshop.com\/wp-content\/uploads\/2025\/03\/haremsexshop.png\",\"width\":400,\"height\":100,\"caption\":\"Harem Bursa Erotik Shop\"},\"image\":{\"@id\":\"https:\/\/hobierotikshop.com.tr\/website1\/#\/schema\/logo\/image\/\"},\"sameAs\":[\"https:\/\/x.com\/shopbursa\"],\"publishingPrinciples\":\"https:\/\/hobierotikshop.com.tr\/website1\/mesafeli-satis-sozlesmesi\/\",\"ownershipFundingInfo\":\"https:\/\/hobierotikshop.com.tr\/website1\/contact-us\/\",\"actionableFeedbackPolicy\":\"https:\/\/hobierotikshop.com.tr\/website1\/contact-us\/\",\"correctionsPolicy\":\"https:\/\/hobierotikshop.com.tr\/website1\/mesafeli-satis-sozlesmesi\/\"}]}<\/script>\n<meta property=\"product:price:amount\" content=\"5000.00\" \/>\n<meta property=\"product:price:currency\" content=\"TRY\" \/>\n<meta property=\"og:availability\" content=\"instock\" \/>\n<meta property=\"product:availability\" content=\"instock\" \/>\n<meta property=\"product:retailer_item_id\" content=\"BDM1819\" \/>\n<meta property=\"product:condition\" content=\"new\" \/>\n<!-- \/ Yoast SEO Premium plugin. -->","yoast_head_json":{"title":"Usb \u015earjl\u0131 22 Cm Is\u0131tmal\u0131 I\u0307leri Geri Hareketli \u00c7ift Katmanl\u0131 Uzaktan Kumandal\u0131 Penis - Bursa Erotik Shop","robots":{"index":"index","follow":"follow","max-snippet":"max-snippet:-1","max-image-preview":"max-image-preview:large","max-video-preview":"max-video-preview:-1"},"canonical":"https:\/\/hobierotikshop.com.tr\/website1\/erotik-shop-urun\/usb-sarjli-22-cm-isitmali-ileri-geri-hareketli-cift-katmanli-uzaktan-kumandali-penis\/","og_locale":"tr_TR","og_type":"article","og_title":"Usb \u015earjl\u0131 22 Cm Is\u0131tmal\u0131 I\u0307leri Geri Hareketli \u00c7ift Katmanl\u0131 Uzaktan Kumandal\u0131 Penis","og_description":"USB \u015earjl\u0131 22 cm Is\u0131tmal\u0131 \u0130leri Geri Hareketli \u00c7ift Katmanl\u0131 Uzaktan Kumandal\u0131 Penis, cinsel tatmin arayanlar i\u00e7in devrim niteli\u011finde bir \u00fcr\u00fcn. \u00c7ift katmanl\u0131 yap\u0131s\u0131, \u0131s\u0131tma \u00f6zelli\u011fi, ileri geri hareketi, titre\u015fim fonksiyonu ve uzaktan kumandas\u0131 ile size benzersiz bir deneyim sunar. Ger\u00e7ek\u00e7i dokusu, g\u00fc\u00e7l\u00fc vantuz \u00f6zelli\u011fi ve su ge\u00e7irmez tasar\u0131m\u0131 sayesinde, her kullan\u0131ld\u0131\u011f\u0131nda konforlu ve do\u011fal bir zevk deneyimi ya\u015fars\u0131n\u0131z.","og_url":"https:\/\/hobierotikshop.com.tr\/website1\/erotik-shop-urun\/usb-sarjli-22-cm-isitmali-ileri-geri-hareketli-cift-katmanli-uzaktan-kumandali-penis\/","og_site_name":"Bursa Erotik Shop","article_modified_time":"2026-01-18T15:09:29+00:00","og_image":[{"width":455,"height":347,"url":"https:\/\/hobierotikshop.com.tr\/website1\/wp-content\/uploads\/2025\/04\/usb-sarjli-22-cm-ileri-geri-hareketli-4e-596.jpg","type":"image\/jpeg"}],"twitter_card":"summary_large_image","twitter_site":"@shopbursa","twitter_misc":{"Fiyat":"&#8378;5.000,00","Availability":"In stock"},"schema":{"@context":"https:\/\/schema.org","@graph":[{"@type":"WebPage","@id":"https:\/\/hobierotikshop.com.tr\/website1\/erotik-shop-urun\/usb-sarjli-22-cm-isitmali-ileri-geri-hareketli-cift-katmanli-uzaktan-kumandali-penis\/","url":"https:\/\/hobierotikshop.com.tr\/website1\/erotik-shop-urun\/usb-sarjli-22-cm-isitmali-ileri-geri-hareketli-cift-katmanli-uzaktan-kumandali-penis\/","name":"Usb \u015earjl\u0131 22 Cm Is\u0131tmal\u0131 I\u0307leri Geri Hareketli \u00c7ift Katmanl\u0131 Uzaktan Kumandal\u0131 Penis - Bursa Erotik Shop","isPartOf":{"@id":"https:\/\/hobierotikshop.com.tr\/website1\/#website"},"primaryImageOfPage":{"@id":"https:\/\/hobierotikshop.com.tr\/website1\/erotik-shop-urun\/usb-sarjli-22-cm-isitmali-ileri-geri-hareketli-cift-katmanli-uzaktan-kumandali-penis\/#primaryimage"},"image":{"@id":"https:\/\/hobierotikshop.com.tr\/website1\/erotik-shop-urun\/usb-sarjli-22-cm-isitmali-ileri-geri-hareketli-cift-katmanli-uzaktan-kumandali-penis\/#primaryimage"},"thumbnailUrl":"https:\/\/haremerotikshop.com\/site\/wp-content\/uploads\/2025\/04\/usb-sarjli-22-cm-ileri-geri-hareketli-4e-596.jpg","datePublished":"2025-04-26T13:52:41+00:00","dateModified":"2026-01-18T15:09:29+00:00","breadcrumb":{"@id":"https:\/\/hobierotikshop.com.tr\/website1\/erotik-shop-urun\/usb-sarjli-22-cm-isitmali-ileri-geri-hareketli-cift-katmanli-uzaktan-kumandali-penis\/#breadcrumb"},"inLanguage":"tr","potentialAction":[{"@type":"ReadAction","target":["https:\/\/hobierotikshop.com.tr\/website1\/erotik-shop-urun\/usb-sarjli-22-cm-isitmali-ileri-geri-hareketli-cift-katmanli-uzaktan-kumandali-penis\/"]}]},{"@type":"ImageObject","inLanguage":"tr","@id":"https:\/\/hobierotikshop.com.tr\/website1\/erotik-shop-urun\/usb-sarjli-22-cm-isitmali-ileri-geri-hareketli-cift-katmanli-uzaktan-kumandali-penis\/#primaryimage","url":"https:\/\/haremerotikshop.com\/site\/wp-content\/uploads\/2025\/04\/usb-sarjli-22-cm-ileri-geri-hareketli-4e-596.jpg","contentUrl":"https:\/\/haremerotikshop.com\/site\/wp-content\/uploads\/2025\/04\/usb-sarjli-22-cm-ileri-geri-hareketli-4e-596.jpg","width":455,"height":347},{"@type":"BreadcrumbList","@id":"https:\/\/hobierotikshop.com.tr\/website1\/erotik-shop-urun\/usb-sarjli-22-cm-isitmali-ileri-geri-hareketli-cift-katmanli-uzaktan-kumandali-penis\/#breadcrumb","itemListElement":[{"@type":"ListItem","position":1,"name":"Anasayfa","item":"https:\/\/hobierotikshop.com.tr\/website1\/"},{"@type":"ListItem","position":2,"name":"Erotik Shop \u00dcr\u00fcnleri","item":"https:\/\/hobierotikshop.com.tr\/website1\/shop\/"},{"@type":"ListItem","position":3,"name":"Usb \u015earjl\u0131 22 Cm Is\u0131tmal\u0131 I\u0307leri Geri Hareketli \u00c7ift Katmanl\u0131 Uzaktan Kumandal\u0131 Penis"}]},{"@type":"WebSite","@id":"https:\/\/hobierotikshop.com.tr\/website1\/#website","url":"https:\/\/hobierotikshop.com.tr\/website1\/","name":"Bursa Erotik Shop","description":"Bursa Erotik Shop ile g\u00fcvenli, gizli ve kaliteli yeti\u015fkin \u00fcr\u00fcnleri al\u0131\u015fveri\u015fi! Geni\u015f \u00fcr\u00fcn yelpazemizi ke\u015ffedin, hemen sipari\u015f verin","publisher":{"@id":"https:\/\/hobierotikshop.com.tr\/website1\/#organization"},"alternateName":"Erotik Shop","potentialAction":[{"@type":"SearchAction","target":{"@type":"EntryPoint","urlTemplate":"https:\/\/hobierotikshop.com.tr\/website1\/?s={search_term_string}"},"query-input":{"@type":"PropertyValueSpecification","valueRequired":true,"valueName":"search_term_string"}}],"inLanguage":"tr"},{"@type":"Organization","@id":"https:\/\/hobierotikshop.com.tr\/website1\/#organization","name":"Harem Bursa Erotik Shop","url":"https:\/\/hobierotikshop.com.tr\/website1\/","logo":{"@type":"ImageObject","inLanguage":"tr","@id":"https:\/\/hobierotikshop.com.tr\/website1\/#\/schema\/logo\/image\/","url":"https:\/\/haremerotikshop.com\/wp-content\/uploads\/2025\/03\/haremsexshop.png","contentUrl":"https:\/\/haremerotikshop.com\/wp-content\/uploads\/2025\/03\/haremsexshop.png","width":400,"height":100,"caption":"Harem Bursa Erotik Shop"},"image":{"@id":"https:\/\/hobierotikshop.com.tr\/website1\/#\/schema\/logo\/image\/"},"sameAs":["https:\/\/x.com\/shopbursa"],"publishingPrinciples":"https:\/\/hobierotikshop.com.tr\/website1\/mesafeli-satis-sozlesmesi\/","ownershipFundingInfo":"https:\/\/hobierotikshop.com.tr\/website1\/contact-us\/","actionableFeedbackPolicy":"https:\/\/hobierotikshop.com.tr\/website1\/contact-us\/","correctionsPolicy":"https:\/\/hobierotikshop.com.tr\/website1\/mesafeli-satis-sozlesmesi\/"}]},"product_price_amount":"5000.00","product_price_currency":"TRY","og_availability":"instock","product_availability":"instock","product_retailer_item_id":"BDM1819","product_condition":"new"},"_links":{"self":[{"href":"https:\/\/haremerotikshop.com\/site\/wp-json\/wp\/v2\/product\/44008","targetHints":{"allow":["GET"]}}],"collection":[{"href":"https:\/\/haremerotikshop.com\/site\/wp-json\/wp\/v2\/product"}],"about":[{"href":"https:\/\/haremerotikshop.com\/site\/wp-json\/wp\/v2\/types\/product"}],"replies":[{"embeddable":true,"href":"https:\/\/haremerotikshop.com\/site\/wp-json\/wp\/v2\/comments?post=44008"}],"version-history":[{"count":0,"href":"https:\/\/haremerotikshop.com\/site\/wp-json\/wp\/v2\/product\/44008\/revisions"}],"wp:featuredmedia":[{"embeddable":true,"href":"https:\/\/haremerotikshop.com\/site\/wp-json\/wp\/v2\/media\/44010"}],"wp:attachment":[{"href":"https:\/\/haremerotikshop.com\/site\/wp-json\/wp\/v2\/media?parent=44008"}],"wp:term":[{"taxonomy":"product_brand","embeddable":true,"href":"https:\/\/haremerotikshop.com\/site\/wp-json\/wp\/v2\/product_brand?post=44008"},{"taxonomy":"product_cat","embeddable":true,"href":"https:\/\/haremerotikshop.com\/site\/wp-json\/wp\/v2\/product_cat?post=44008"},{"taxonomy":"product_tag","embeddable":true,"href":"https:\/\/haremerotikshop.com\/site\/wp-json\/wp\/v2\/product_tag?post=44008"}],"curies":[{"name":"wp","href":"https:\/\/api.w.org\/{rel}","templated":true}]}}