{"id":44043,"date":"2025-04-26T16:52:41","date_gmt":"2025-04-26T13:52:41","guid":{"rendered":"https:\/\/haremerotikshop.com\/site\/erotik-shop-urun\/stag-9000-20-ml-delay-sprey\/"},"modified":"2026-01-09T02:58:53","modified_gmt":"2026-01-08T23:58:53","slug":"stag-9000-20-ml-delay-sprey","status":"publish","type":"product","link":"https:\/\/haremerotikshop.com\/site\/erotik-shop-urun\/stag-9000-20-ml-delay-sprey\/","title":{"rendered":"Stag 9000 20 Ml Delay Sprey"},"content":{"rendered":"<h3 class=\"\" data-start=\"115\" data-end=\"183\">\ud83d\udd52 <strong data-start=\"122\" data-end=\"183\">STAG 9000 Delay Sprey 20 ml \u2013 Performans\u0131n\u0131 Zirveye Ta\u015f\u0131!<\/strong><\/h3>\n<p class=\"\" data-start=\"185\" data-end=\"427\">Cinsel performans\u0131n\u0131 art\u0131rmak ve erken bo\u015falma sorununu kontrol alt\u0131na almak isteyen erkekler i\u00e7in \u00f6zel olarak geli\u015ftirilen <strong data-start=\"309\" data-end=\"334\">STAG 9000 Delay Sprey<\/strong>, etkili form\u00fcl\u00fc ve pratik kullan\u0131m\u0131 ile gecikmeyi sa\u011flar, \u00f6zg\u00fcvenli anlar\u0131n keyfini art\u0131r\u0131r.<\/p>\n<p class=\"\" data-start=\"429\" data-end=\"715\">Almanya\u2019da geli\u015ftirilmi\u015f y\u00fcksek kaliteli i\u00e7eri\u011fiyle <strong data-start=\"481\" data-end=\"504\">penis bak\u0131m\u0131na \u00f6zel<\/strong> form\u00fcle edilmi\u015ftir. Hem tek ba\u015f\u0131na hem partnerli ili\u015fkilerde kullan\u0131labilecek bu sprey, gecikme sa\u011flarken zevki azaltmaz. Bu sayede <strong data-start=\"637\" data-end=\"680\">daha uzun s\u00fcreli, kontroll\u00fc ve doyurucu<\/strong> cinsel birliktelikler m\u00fcmk\u00fcn olur.<\/p>\n<hr class=\"\" data-start=\"717\" data-end=\"720\" \/>\n<h3 class=\"\" data-start=\"722\" data-end=\"749\">\u2705 <strong data-start=\"728\" data-end=\"749\">\u00dcr\u00fcn \u00d6zellikleri:<\/strong><\/h3>\n<ul data-start=\"751\" data-end=\"1129\">\n<li class=\"\" data-start=\"751\" data-end=\"802\">\n<p class=\"\" data-start=\"753\" data-end=\"802\"><strong data-start=\"753\" data-end=\"767\">\ud83d\udca7 \u0130\u00e7erik:<\/strong> 20 ml \u00f6zel form\u00fcll\u00fc bak\u0131m spreyi<\/p>\n<\/li>\n<li class=\"\" data-start=\"803\" data-end=\"892\">\n<p class=\"\" data-start=\"805\" data-end=\"892\"><strong data-start=\"805\" data-end=\"821\">\ud83e\uddf4 Kullan\u0131m:<\/strong> Cinsel ili\u015fkiden 10-15 dakika \u00f6nce penise 1-3 f\u0131s \u015feklinde uygulan\u0131r<\/p>\n<\/li>\n<li class=\"\" data-start=\"893\" data-end=\"950\">\n<p class=\"\" data-start=\"895\" data-end=\"950\"><strong data-start=\"895\" data-end=\"914\">\ud83d\udd52 Etki S\u00fcresi:<\/strong> Ortalama 30-45 dakika etki sa\u011flar<\/p>\n<\/li>\n<li class=\"\" data-start=\"951\" data-end=\"1013\">\n<p class=\"\" data-start=\"953\" data-end=\"1013\"><strong data-start=\"953\" data-end=\"971\">\ud83c\udf3f Cilt Dostu:<\/strong> Hassas ciltlerde g\u00fcvenle kullan\u0131labilir<\/p>\n<\/li>\n<li class=\"\" data-start=\"1014\" data-end=\"1068\">\n<p class=\"\" data-start=\"1016\" data-end=\"1068\"><strong data-start=\"1016\" data-end=\"1038\">\ud83e\uddfc Kolay Uygulama:<\/strong> H\u0131zl\u0131 emilim, ya\u011fs\u0131z form\u00fcl<\/p>\n<\/li>\n<li class=\"\" data-start=\"1069\" data-end=\"1129\">\n<p class=\"\" data-start=\"1071\" data-end=\"1129\"><strong data-start=\"1071\" data-end=\"1094\">\ud83c\udf0d Avrupa Kalitesi:<\/strong> Almanya men\u015feli i\u00e7erik ve \u00fcretim<\/p>\n<\/li>\n<\/ul>\n<hr class=\"\" data-start=\"1131\" data-end=\"1134\" \/>\n<h3 class=\"\" data-start=\"1136\" data-end=\"1178\">\ud83d\udca1 <strong data-start=\"1143\" data-end=\"1178\">STAG 9000 Kimler \u0130\u00e7in Uygundur?<\/strong><\/h3>\n<ul data-start=\"1180\" data-end=\"1368\">\n<li class=\"\" data-start=\"1180\" data-end=\"1221\">\n<p class=\"\" data-start=\"1182\" data-end=\"1221\">Erken bo\u015falma sorunu ya\u015fayan erkekler<\/p>\n<\/li>\n<li class=\"\" data-start=\"1222\" data-end=\"1266\">\n<p class=\"\" data-start=\"1224\" data-end=\"1266\">Cinsel performans\u0131n\u0131 art\u0131rmak isteyenler<\/p>\n<\/li>\n<li class=\"\" data-start=\"1267\" data-end=\"1322\">\n<p class=\"\" data-start=\"1269\" data-end=\"1322\">Partneriyle daha uzun s\u00fcreli birliktelik isteyenler<\/p>\n<\/li>\n<li class=\"\" data-start=\"1323\" data-end=\"1368\">\n<p class=\"\" data-start=\"1325\" data-end=\"1368\">Pratik ve h\u0131zl\u0131 \u00e7\u00f6z\u00fcm arayan kullan\u0131c\u0131lar<\/p>\n<\/li>\n<\/ul>\n<hr class=\"\" data-start=\"1370\" data-end=\"1373\" \/>\n<h3 class=\"\" data-start=\"1375\" data-end=\"1399\">\ud83d\udce6 <strong data-start=\"1382\" data-end=\"1399\">Kutu \u0130\u00e7eri\u011fi:<\/strong><\/h3>\n<ul data-start=\"1401\" data-end=\"1493\">\n<li class=\"\" data-start=\"1401\" data-end=\"1445\">\n<p class=\"\" data-start=\"1403\" data-end=\"1445\">1 Adet 20 ml STAG 9000 Geciktirici Sprey<\/p>\n<\/li>\n<li class=\"\" data-start=\"1446\" data-end=\"1474\">\n<p class=\"\" data-start=\"1448\" data-end=\"1474\">T\u00fcrk\u00e7e kullan\u0131m talimat\u0131<\/p>\n<\/li>\n<li class=\"\" data-start=\"1475\" data-end=\"1493\">\n<p class=\"\" data-start=\"1477\" data-end=\"1493\">Discrete ambalaj<\/p>\n<\/li>\n<\/ul>\n<hr class=\"\" data-start=\"1495\" data-end=\"1498\" \/>\n<h3 class=\"\" data-start=\"1500\" data-end=\"1544\">\ud83d\udd10 <strong data-start=\"1507\" data-end=\"1544\">Tam Gizlilik ve G\u00fcvenli Al\u0131\u015fveri\u015f<\/strong><\/h3>\n<p class=\"\" data-start=\"1546\" data-end=\"1716\">T\u00fcm sipari\u015fler, i\u00e7eri\u011fi anla\u015f\u0131lmayacak <strong data-start=\"1585\" data-end=\"1605\">anonim paketleme<\/strong> ile g\u00f6nderilir. Fatura ve kargo etiketinde \u00fcr\u00fcn ad\u0131 ge\u00e7mez. Ki\u015fisel verileriniz gizlilik \u00e7er\u00e7evesinde korunur.<\/p>\n<ul data-start=\"1718\" data-end=\"1880\">\n<li class=\"\" data-start=\"1718\" data-end=\"1760\">\n<p class=\"\" data-start=\"1720\" data-end=\"1760\">\ud83d\ude9a <strong data-start=\"1723\" data-end=\"1758\">H\u0131zl\u0131 G\u00f6nderim &amp; Ayn\u0131 G\u00fcn Kargo<\/strong><\/p>\n<\/li>\n<li class=\"\" data-start=\"1761\" data-end=\"1806\">\n<p class=\"\" data-start=\"1763\" data-end=\"1806\">\ud83d\udcb3 <strong data-start=\"1766\" data-end=\"1804\">Kap\u0131da \u00d6deme \u2013 Nakit veya Kart ile<\/strong><\/p>\n<\/li>\n<li class=\"\" data-start=\"1807\" data-end=\"1846\">\n<p class=\"\" data-start=\"1809\" data-end=\"1846\">\ud83d\udee1 <strong data-start=\"1812\" data-end=\"1844\">%100 Orijinal \u00dcr\u00fcn Garantisi<\/strong><\/p>\n<\/li>\n<li class=\"\" data-start=\"1847\" data-end=\"1880\">\n<p class=\"\" data-start=\"1849\" data-end=\"1880\">\ud83d\udce6 <strong data-start=\"1852\" data-end=\"1880\">Gizli Kargo ve Paketleme<\/strong><\/p>\n<\/li>\n<\/ul>\n<hr class=\"\" data-start=\"1882\" data-end=\"1885\" \/>\n<p class=\"\" data-start=\"1923\" data-end=\"2074\"><strong data-start=\"1923\" data-end=\"2074\">#stag9000 #delaysprey #geciktiricisprey #erkenbo\u015falma\u00e7\u00f6z\u00fcm #cinselperformansart\u0131r\u0131c\u0131 #kap\u0131da\u00f6demesexshop #gizlikargo #penisbak\u0131msprayi #erkeksprayi<\/strong><\/p>\n<p>&nbsp;<\/p>\n<p>&nbsp;<\/p>\n<p><a href=\"http:\/\/api.whatsapp.com\/send?phone=905304676616&amp;text=Sipari%C5%9F%20Vermek%20%C4%B0stiyorum%20haremshop%209794\"><img fetchpriority=\"high\" decoding=\"async\" class=\"alignnone\" src=\"https:\/\/static.ticimax.cloud\/32886\/uploads\/editoruploads\/whatsapp-destek-hatti.gif\" alt=\"\" width=\"750\" height=\"117\" \/><\/a><\/p>\n","protected":false},"excerpt":{"rendered":"<p class=\"\" data-start=\"185\" data-end=\"427\">Cinsel performans\u0131n\u0131 art\u0131rmak ve erken bo\u015falma sorununu kontrol alt\u0131na almak isteyen erkekler i\u00e7in \u00f6zel olarak geli\u015ftirilen <strong data-start=\"309\" data-end=\"334\">STAG 9000 Delay Sprey<\/strong>, etkili form\u00fcl\u00fc ve pratik kullan\u0131m\u0131 ile gecikmeyi sa\u011flar, \u00f6zg\u00fcvenli anlar\u0131n keyfini art\u0131r\u0131r.<\/p>\n<p class=\"\" data-start=\"429\" data-end=\"715\">Almanya\u2019da geli\u015ftirilmi\u015f y\u00fcksek kaliteli i\u00e7eri\u011fiyle <strong data-start=\"481\" data-end=\"504\">penis bak\u0131m\u0131na \u00f6zel<\/strong> form\u00fcle edilmi\u015ftir. Hem tek ba\u015f\u0131na hem partnerli ili\u015fkilerde kullan\u0131labilecek bu sprey, gecikme sa\u011flarken zevki azaltmaz. Bu sayede <strong data-start=\"637\" data-end=\"680\">daha uzun s\u00fcreli, kontroll\u00fc ve doyurucu<\/strong> cinsel birliktelikler m\u00fcmk\u00fcn olur.<\/p>\n","protected":false},"featured_media":44045,"comment_status":"closed","ping_status":"closed","template":"","meta":[],"product_brand":[],"product_cat":[509],"product_tag":[],"class_list":{"0":"post-44043","1":"product","2":"type-product","3":"status-publish","4":"has-post-thumbnail","6":"product_cat-bay-bayan-krem-ve-spreyler","8":"first","9":"instock","10":"purchasable","11":"product-type-simple"},"yoast_head":"<!-- This site is optimized with the Yoast SEO Premium plugin v24.4 (Yoast SEO v27.1.1) - https:\/\/yoast.com\/product\/yoast-seo-premium-wordpress\/ -->\n<title>Stag 9000 20 Ml Delay Sprey - Bursa Erotik Shop<\/title>\n<meta name=\"robots\" content=\"index, follow, max-snippet:-1, max-image-preview:large, max-video-preview:-1\" \/>\n<link rel=\"canonical\" href=\"https:\/\/hobierotikshop.com.tr\/website1\/erotik-shop-urun\/stag-9000-20-ml-delay-sprey\/\" \/>\n<meta property=\"og:locale\" content=\"tr_TR\" \/>\n<meta property=\"og:type\" content=\"article\" \/>\n<meta property=\"og:title\" content=\"Stag 9000 20 Ml Delay Sprey\" \/>\n<meta property=\"og:description\" content=\"Cinsel performans\u0131n\u0131 art\u0131rmak ve erken bo\u015falma sorununu kontrol alt\u0131na almak isteyen erkekler i\u00e7in \u00f6zel olarak geli\u015ftirilen STAG 9000 Delay Sprey, etkili form\u00fcl\u00fc ve pratik kullan\u0131m\u0131 ile gecikmeyi sa\u011flar, \u00f6zg\u00fcvenli anlar\u0131n keyfini art\u0131r\u0131r. Almanya\u2019da geli\u015ftirilmi\u015f y\u00fcksek kaliteli i\u00e7eri\u011fiyle penis bak\u0131m\u0131na \u00f6zel form\u00fcle edilmi\u015ftir. Hem tek ba\u015f\u0131na hem partnerli ili\u015fkilerde kullan\u0131labilecek bu sprey, gecikme sa\u011flarken zevki azaltmaz. Bu sayede daha uzun s\u00fcreli, kontroll\u00fc ve doyurucu cinsel birliktelikler m\u00fcmk\u00fcn olur.\" \/>\n<meta property=\"og:url\" content=\"https:\/\/hobierotikshop.com.tr\/website1\/erotik-shop-urun\/stag-9000-20-ml-delay-sprey\/\" \/>\n<meta property=\"og:site_name\" content=\"Bursa Erotik Shop\" \/>\n<meta property=\"article:modified_time\" content=\"2026-01-08T23:58:53+00:00\" \/>\n<meta property=\"og:image\" content=\"https:\/\/hobierotikshop.com.tr\/website1\/wp-content\/uploads\/2025\/04\/stag-9000-20-ml-delay-sprey-dba7-4.jpg\" \/>\n\t<meta property=\"og:image:width\" content=\"455\" \/>\n\t<meta property=\"og:image:height\" content=\"682\" \/>\n\t<meta property=\"og:image:type\" content=\"image\/jpeg\" \/>\n<meta name=\"twitter:card\" content=\"summary_large_image\" \/>\n<meta name=\"twitter:site\" content=\"@shopbursa\" \/>\n<meta name=\"twitter:label1\" content=\"Fiyat\" \/>\n\t<meta name=\"twitter:data1\" content=\"&#8378;300,00\" \/>\n\t<meta name=\"twitter:label2\" content=\"Availability\" \/>\n\t<meta name=\"twitter:data2\" content=\"In stock\" \/>\n<script type=\"application\/ld+json\" class=\"yoast-schema-graph\">{\"@context\":\"https:\/\/schema.org\",\"@graph\":[{\"@type\":\"WebPage\",\"@id\":\"https:\/\/hobierotikshop.com.tr\/website1\/erotik-shop-urun\/stag-9000-20-ml-delay-sprey\/\",\"url\":\"https:\/\/hobierotikshop.com.tr\/website1\/erotik-shop-urun\/stag-9000-20-ml-delay-sprey\/\",\"name\":\"Stag 9000 20 Ml Delay Sprey - Bursa Erotik Shop\",\"isPartOf\":{\"@id\":\"https:\/\/bursashop.com\/web\/#website\"},\"primaryImageOfPage\":{\"@id\":\"https:\/\/hobierotikshop.com.tr\/website1\/erotik-shop-urun\/stag-9000-20-ml-delay-sprey\/#primaryimage\"},\"image\":{\"@id\":\"https:\/\/hobierotikshop.com.tr\/website1\/erotik-shop-urun\/stag-9000-20-ml-delay-sprey\/#primaryimage\"},\"thumbnailUrl\":\"https:\/\/haremerotikshop.com\/site\/wp-content\/uploads\/2025\/04\/stag-9000-20-ml-delay-sprey-dba7-4.jpg\",\"datePublished\":\"2025-04-26T13:52:41+00:00\",\"dateModified\":\"2026-01-08T23:58:53+00:00\",\"breadcrumb\":{\"@id\":\"https:\/\/hobierotikshop.com.tr\/website1\/erotik-shop-urun\/stag-9000-20-ml-delay-sprey\/#breadcrumb\"},\"inLanguage\":\"tr\",\"potentialAction\":[{\"@type\":\"ReadAction\",\"target\":[\"https:\/\/hobierotikshop.com.tr\/website1\/erotik-shop-urun\/stag-9000-20-ml-delay-sprey\/\"]}]},{\"@type\":\"ImageObject\",\"inLanguage\":\"tr\",\"@id\":\"https:\/\/hobierotikshop.com.tr\/website1\/erotik-shop-urun\/stag-9000-20-ml-delay-sprey\/#primaryimage\",\"url\":\"https:\/\/haremerotikshop.com\/site\/wp-content\/uploads\/2025\/04\/stag-9000-20-ml-delay-sprey-dba7-4.jpg\",\"contentUrl\":\"https:\/\/haremerotikshop.com\/site\/wp-content\/uploads\/2025\/04\/stag-9000-20-ml-delay-sprey-dba7-4.jpg\",\"width\":455,\"height\":682},{\"@type\":\"BreadcrumbList\",\"@id\":\"https:\/\/hobierotikshop.com.tr\/website1\/erotik-shop-urun\/stag-9000-20-ml-delay-sprey\/#breadcrumb\",\"itemListElement\":[{\"@type\":\"ListItem\",\"position\":1,\"name\":\"Anasayfa\",\"item\":\"https:\/\/hobierotikshop.com.tr\/website1\/\"},{\"@type\":\"ListItem\",\"position\":2,\"name\":\"Erotik Shop \u00dcr\u00fcnleri\",\"item\":\"https:\/\/hobierotikshop.com.tr\/website1\/shop\/\"},{\"@type\":\"ListItem\",\"position\":3,\"name\":\"Stag 9000 20 Ml Delay Sprey\"}]},{\"@type\":\"WebSite\",\"@id\":\"https:\/\/bursashop.com\/web\/#website\",\"url\":\"https:\/\/bursashop.com\/web\/\",\"name\":\"Bursa Erotik Shop\",\"description\":\"Bursa Erotik Shop ile g\u00fcvenli, gizli ve kaliteli yeti\u015fkin \u00fcr\u00fcnleri al\u0131\u015fveri\u015fi! Geni\u015f \u00fcr\u00fcn yelpazemizi ke\u015ffedin, hemen sipari\u015f verin\",\"publisher\":{\"@id\":\"https:\/\/bursashop.com\/web\/#organization\"},\"alternateName\":\"Erotik Shop\",\"potentialAction\":[{\"@type\":\"SearchAction\",\"target\":{\"@type\":\"EntryPoint\",\"urlTemplate\":\"https:\/\/bursashop.com\/web\/?s={search_term_string}\"},\"query-input\":{\"@type\":\"PropertyValueSpecification\",\"valueRequired\":true,\"valueName\":\"search_term_string\"}}],\"inLanguage\":\"tr\"},{\"@type\":\"Organization\",\"@id\":\"https:\/\/bursashop.com\/web\/#organization\",\"name\":\"Harem Bursa Erotik Shop\",\"url\":\"https:\/\/bursashop.com\/web\/\",\"logo\":{\"@type\":\"ImageObject\",\"inLanguage\":\"tr\",\"@id\":\"https:\/\/bursashop.com\/web\/#\/schema\/logo\/image\/\",\"url\":\"https:\/\/haremerotikshop.com\/wp-content\/uploads\/2025\/03\/haremsexshop.png\",\"contentUrl\":\"https:\/\/haremerotikshop.com\/wp-content\/uploads\/2025\/03\/haremsexshop.png\",\"width\":400,\"height\":100,\"caption\":\"Harem Bursa Erotik Shop\"},\"image\":{\"@id\":\"https:\/\/bursashop.com\/web\/#\/schema\/logo\/image\/\"},\"sameAs\":[\"https:\/\/x.com\/shopbursa\"],\"publishingPrinciples\":\"https:\/\/hobierotikshop.com.tr\/website1\/mesafeli-satis-sozlesmesi\/\",\"ownershipFundingInfo\":\"https:\/\/hobierotikshop.com.tr\/website1\/contact-us\/\",\"actionableFeedbackPolicy\":\"https:\/\/hobierotikshop.com.tr\/website1\/contact-us\/\",\"correctionsPolicy\":\"https:\/\/hobierotikshop.com.tr\/website1\/mesafeli-satis-sozlesmesi\/\"}]}<\/script>\n<meta property=\"product:price:amount\" content=\"300.00\" \/>\n<meta property=\"product:price:currency\" content=\"TRY\" \/>\n<meta property=\"og:availability\" content=\"instock\" \/>\n<meta property=\"product:availability\" content=\"instock\" \/>\n<meta property=\"product:retailer_item_id\" content=\"9794\" \/>\n<meta property=\"product:condition\" content=\"new\" \/>\n<!-- \/ Yoast SEO Premium plugin. -->","yoast_head_json":{"title":"Stag 9000 20 Ml Delay Sprey - Bursa Erotik Shop","robots":{"index":"index","follow":"follow","max-snippet":"max-snippet:-1","max-image-preview":"max-image-preview:large","max-video-preview":"max-video-preview:-1"},"canonical":"https:\/\/hobierotikshop.com.tr\/website1\/erotik-shop-urun\/stag-9000-20-ml-delay-sprey\/","og_locale":"tr_TR","og_type":"article","og_title":"Stag 9000 20 Ml Delay Sprey","og_description":"Cinsel performans\u0131n\u0131 art\u0131rmak ve erken bo\u015falma sorununu kontrol alt\u0131na almak isteyen erkekler i\u00e7in \u00f6zel olarak geli\u015ftirilen STAG 9000 Delay Sprey, etkili form\u00fcl\u00fc ve pratik kullan\u0131m\u0131 ile gecikmeyi sa\u011flar, \u00f6zg\u00fcvenli anlar\u0131n keyfini art\u0131r\u0131r. Almanya\u2019da geli\u015ftirilmi\u015f y\u00fcksek kaliteli i\u00e7eri\u011fiyle penis bak\u0131m\u0131na \u00f6zel form\u00fcle edilmi\u015ftir. Hem tek ba\u015f\u0131na hem partnerli ili\u015fkilerde kullan\u0131labilecek bu sprey, gecikme sa\u011flarken zevki azaltmaz. Bu sayede daha uzun s\u00fcreli, kontroll\u00fc ve doyurucu cinsel birliktelikler m\u00fcmk\u00fcn olur.","og_url":"https:\/\/hobierotikshop.com.tr\/website1\/erotik-shop-urun\/stag-9000-20-ml-delay-sprey\/","og_site_name":"Bursa Erotik Shop","article_modified_time":"2026-01-08T23:58:53+00:00","og_image":[{"width":455,"height":682,"url":"https:\/\/hobierotikshop.com.tr\/website1\/wp-content\/uploads\/2025\/04\/stag-9000-20-ml-delay-sprey-dba7-4.jpg","type":"image\/jpeg"}],"twitter_card":"summary_large_image","twitter_site":"@shopbursa","twitter_misc":{"Fiyat":"&#8378;300,00","Availability":"In stock"},"schema":{"@context":"https:\/\/schema.org","@graph":[{"@type":"WebPage","@id":"https:\/\/hobierotikshop.com.tr\/website1\/erotik-shop-urun\/stag-9000-20-ml-delay-sprey\/","url":"https:\/\/hobierotikshop.com.tr\/website1\/erotik-shop-urun\/stag-9000-20-ml-delay-sprey\/","name":"Stag 9000 20 Ml Delay Sprey - Bursa Erotik Shop","isPartOf":{"@id":"https:\/\/bursashop.com\/web\/#website"},"primaryImageOfPage":{"@id":"https:\/\/hobierotikshop.com.tr\/website1\/erotik-shop-urun\/stag-9000-20-ml-delay-sprey\/#primaryimage"},"image":{"@id":"https:\/\/hobierotikshop.com.tr\/website1\/erotik-shop-urun\/stag-9000-20-ml-delay-sprey\/#primaryimage"},"thumbnailUrl":"https:\/\/haremerotikshop.com\/site\/wp-content\/uploads\/2025\/04\/stag-9000-20-ml-delay-sprey-dba7-4.jpg","datePublished":"2025-04-26T13:52:41+00:00","dateModified":"2026-01-08T23:58:53+00:00","breadcrumb":{"@id":"https:\/\/hobierotikshop.com.tr\/website1\/erotik-shop-urun\/stag-9000-20-ml-delay-sprey\/#breadcrumb"},"inLanguage":"tr","potentialAction":[{"@type":"ReadAction","target":["https:\/\/hobierotikshop.com.tr\/website1\/erotik-shop-urun\/stag-9000-20-ml-delay-sprey\/"]}]},{"@type":"ImageObject","inLanguage":"tr","@id":"https:\/\/hobierotikshop.com.tr\/website1\/erotik-shop-urun\/stag-9000-20-ml-delay-sprey\/#primaryimage","url":"https:\/\/haremerotikshop.com\/site\/wp-content\/uploads\/2025\/04\/stag-9000-20-ml-delay-sprey-dba7-4.jpg","contentUrl":"https:\/\/haremerotikshop.com\/site\/wp-content\/uploads\/2025\/04\/stag-9000-20-ml-delay-sprey-dba7-4.jpg","width":455,"height":682},{"@type":"BreadcrumbList","@id":"https:\/\/hobierotikshop.com.tr\/website1\/erotik-shop-urun\/stag-9000-20-ml-delay-sprey\/#breadcrumb","itemListElement":[{"@type":"ListItem","position":1,"name":"Anasayfa","item":"https:\/\/hobierotikshop.com.tr\/website1\/"},{"@type":"ListItem","position":2,"name":"Erotik Shop \u00dcr\u00fcnleri","item":"https:\/\/hobierotikshop.com.tr\/website1\/shop\/"},{"@type":"ListItem","position":3,"name":"Stag 9000 20 Ml Delay Sprey"}]},{"@type":"WebSite","@id":"https:\/\/bursashop.com\/web\/#website","url":"https:\/\/bursashop.com\/web\/","name":"Bursa Erotik Shop","description":"Bursa Erotik Shop ile g\u00fcvenli, gizli ve kaliteli yeti\u015fkin \u00fcr\u00fcnleri al\u0131\u015fveri\u015fi! Geni\u015f \u00fcr\u00fcn yelpazemizi ke\u015ffedin, hemen sipari\u015f verin","publisher":{"@id":"https:\/\/bursashop.com\/web\/#organization"},"alternateName":"Erotik Shop","potentialAction":[{"@type":"SearchAction","target":{"@type":"EntryPoint","urlTemplate":"https:\/\/bursashop.com\/web\/?s={search_term_string}"},"query-input":{"@type":"PropertyValueSpecification","valueRequired":true,"valueName":"search_term_string"}}],"inLanguage":"tr"},{"@type":"Organization","@id":"https:\/\/bursashop.com\/web\/#organization","name":"Harem Bursa Erotik Shop","url":"https:\/\/bursashop.com\/web\/","logo":{"@type":"ImageObject","inLanguage":"tr","@id":"https:\/\/bursashop.com\/web\/#\/schema\/logo\/image\/","url":"https:\/\/haremerotikshop.com\/wp-content\/uploads\/2025\/03\/haremsexshop.png","contentUrl":"https:\/\/haremerotikshop.com\/wp-content\/uploads\/2025\/03\/haremsexshop.png","width":400,"height":100,"caption":"Harem Bursa Erotik Shop"},"image":{"@id":"https:\/\/bursashop.com\/web\/#\/schema\/logo\/image\/"},"sameAs":["https:\/\/x.com\/shopbursa"],"publishingPrinciples":"https:\/\/hobierotikshop.com.tr\/website1\/mesafeli-satis-sozlesmesi\/","ownershipFundingInfo":"https:\/\/hobierotikshop.com.tr\/website1\/contact-us\/","actionableFeedbackPolicy":"https:\/\/hobierotikshop.com.tr\/website1\/contact-us\/","correctionsPolicy":"https:\/\/hobierotikshop.com.tr\/website1\/mesafeli-satis-sozlesmesi\/"}]},"product_price_amount":"300.00","product_price_currency":"TRY","og_availability":"instock","product_availability":"instock","product_retailer_item_id":"9794","product_condition":"new"},"_links":{"self":[{"href":"https:\/\/haremerotikshop.com\/site\/wp-json\/wp\/v2\/product\/44043","targetHints":{"allow":["GET"]}}],"collection":[{"href":"https:\/\/haremerotikshop.com\/site\/wp-json\/wp\/v2\/product"}],"about":[{"href":"https:\/\/haremerotikshop.com\/site\/wp-json\/wp\/v2\/types\/product"}],"replies":[{"embeddable":true,"href":"https:\/\/haremerotikshop.com\/site\/wp-json\/wp\/v2\/comments?post=44043"}],"version-history":[{"count":0,"href":"https:\/\/haremerotikshop.com\/site\/wp-json\/wp\/v2\/product\/44043\/revisions"}],"wp:featuredmedia":[{"embeddable":true,"href":"https:\/\/haremerotikshop.com\/site\/wp-json\/wp\/v2\/media\/44045"}],"wp:attachment":[{"href":"https:\/\/haremerotikshop.com\/site\/wp-json\/wp\/v2\/media?parent=44043"}],"wp:term":[{"taxonomy":"product_brand","embeddable":true,"href":"https:\/\/haremerotikshop.com\/site\/wp-json\/wp\/v2\/product_brand?post=44043"},{"taxonomy":"product_cat","embeddable":true,"href":"https:\/\/haremerotikshop.com\/site\/wp-json\/wp\/v2\/product_cat?post=44043"},{"taxonomy":"product_tag","embeddable":true,"href":"https:\/\/haremerotikshop.com\/site\/wp-json\/wp\/v2\/product_tag?post=44043"}],"curies":[{"name":"wp","href":"https:\/\/api.w.org\/{rel}","templated":true}]}}