{"id":44046,"date":"2025-04-26T16:53:42","date_gmt":"2025-04-26T13:53:42","guid":{"rendered":"https:\/\/haremerotikshop.com\/site\/erotik-shop-urun\/lilitu-kayganlastirici-jel-50-ml\/"},"modified":"2025-05-02T18:03:55","modified_gmt":"2025-05-02T15:03:55","slug":"lilitu-kayganlastirici-jel-50-ml","status":"publish","type":"product","link":"https:\/\/haremerotikshop.com\/site\/erotik-shop-urun\/lilitu-kayganlastirici-jel-50-ml\/","title":{"rendered":"Lilitu Kayganla\u015ft\u0131r\u0131c\u0131 Jel 50 Ml"},"content":{"rendered":"<hr class=\"\" data-start=\"101\" data-end=\"104\" \/>\n<h2 class=\"\" data-start=\"106\" data-end=\"180\"><strong data-start=\"109\" data-end=\"180\">Lilitu Kayganla\u015ft\u0131r\u0131c\u0131 Jel 50 ML \u2013 Hassasiyet ve Zevkinizi Artt\u0131r\u0131n<\/strong><\/h2>\n<p class=\"\" data-start=\"182\" data-end=\"500\"><strong data-start=\"182\" data-end=\"212\">Lilitu Kayganla\u015ft\u0131r\u0131c\u0131 Jel<\/strong>, cinsel deneyiminizi bir \u00fcst seviyeye ta\u015f\u0131yan, m\u00fckemmel kayganl\u0131k sa\u011flayan \u00f6zel form\u00fcl\u00fcyle kullan\u0131ma sunulmu\u015ftur. Hem rahatl\u0131k hem de yo\u011fun tatmin isteyenler i\u00e7in ideal bir \u00e7\u00f6z\u00fcm olan bu kayganla\u015ft\u0131r\u0131c\u0131 jel, <strong data-start=\"421\" data-end=\"440\">vajinal kuruluk<\/strong> gibi sorunlarla m\u00fccadele eden bireyler i\u00e7in vazge\u00e7ilmezdir.<\/p>\n<hr class=\"\" data-start=\"502\" data-end=\"505\" \/>\n<h3 class=\"\" data-start=\"507\" data-end=\"532\"><strong data-start=\"511\" data-end=\"532\">\u00dcr\u00fcn \u00d6zellikleri:<\/strong><\/h3>\n<p class=\"\" data-start=\"534\" data-end=\"763\">\ud83d\udd39 <strong data-start=\"537\" data-end=\"559\">Zevkinizi Art\u0131r\u0131r:<\/strong> <strong data-start=\"560\" data-end=\"590\">Lilitu Kayganla\u015ft\u0131r\u0131c\u0131 Jel<\/strong>, cinsel ili\u015fki s\u0131ras\u0131nda kayganl\u0131k sa\u011flar, s\u00fcrt\u00fcnmeyi azalt\u0131r ve her hareketin daha rahat ge\u00e7mesini sa\u011flar. Bu sayede, daha yo\u011fun bir deneyim ve <strong data-start=\"736\" data-end=\"753\">y\u00fcksek tatmin<\/strong> sa\u011flan\u0131r.<\/p>\n<p class=\"\" data-start=\"765\" data-end=\"968\">\ud83d\udd39 <strong data-start=\"768\" data-end=\"800\">Vajinal Kuruluk \u0130\u00e7in Etkili:<\/strong> \u00d6zellikle <strong data-start=\"811\" data-end=\"830\">vajinal kuruluk<\/strong> ya\u015fayan bireyler i\u00e7in idealdir. Kuruluk nedeniyle ya\u015fanan rahats\u0131zl\u0131klar\u0131 ortadan kald\u0131r\u0131r ve cinsel ili\u015fkiyi daha konforlu hale getirir.<\/p>\n<p class=\"\" data-start=\"970\" data-end=\"1159\">\ud83d\udd39 <strong data-start=\"973\" data-end=\"992\">Kolay Uygulama:<\/strong> Kayganla\u015ft\u0131r\u0131c\u0131 jel, istenilen b\u00f6lgeye yeterli miktarda uygulanarak hemen etkinlik g\u00f6sterir. \u00dcr\u00fcn, kullan\u0131m\u0131 kolay ve pratik olup, her durumda rahat\u00e7a kullan\u0131labilir.<\/p>\n<p class=\"\" data-start=\"1161\" data-end=\"1342\">\ud83d\udd39 <strong data-start=\"1164\" data-end=\"1185\">Uzun S\u00fcreli Etki:<\/strong> <strong data-start=\"1186\" data-end=\"1216\">Lilitu Kayganla\u015ft\u0131r\u0131c\u0131 Jel<\/strong>, uzun s\u00fcre etkisini kaybetmeden kayganl\u0131k sa\u011flar. Bu sayede daha uzun s\u00fcreli cinsel deneyimler i\u00e7in m\u00fckemmel bir yard\u0131mc\u0131d\u0131r.<\/p>\n<p class=\"\" data-start=\"1344\" data-end=\"1517\">\ud83d\udd39 <strong data-start=\"1347\" data-end=\"1365\">Hassas Form\u00fcl:<\/strong> Jel, ciltle uyumlu form\u00fcl\u00fc sayesinde <strong data-start=\"1403\" data-end=\"1417\">cilt dostu<\/strong> olup, tahri\u015f ya da alerjik reaksiyonlara neden olmaz. <strong data-start=\"1472\" data-end=\"1493\">Hassas b\u00f6lgelerde<\/strong> g\u00fcvenle kullan\u0131labilir.<\/p>\n<hr class=\"\" data-start=\"1519\" data-end=\"1522\" \/>\n<h3 class=\"\" data-start=\"1524\" data-end=\"1553\"><strong data-start=\"1528\" data-end=\"1553\">Kullan\u0131m Talimatlar\u0131:<\/strong><\/h3>\n<ul data-start=\"1555\" data-end=\"1756\">\n<li class=\"\" data-start=\"1555\" data-end=\"1694\">\n<p class=\"\" data-start=\"1557\" data-end=\"1694\">Kayganl\u0131\u011f\u0131 sa\u011flamak i\u00e7in <strong data-start=\"1582\" data-end=\"1602\">yeterli miktarda<\/strong> jeli <strong data-start=\"1608\" data-end=\"1629\">istenilen b\u00f6lgeye<\/strong> uygulay\u0131n. \u0130htiya\u00e7 duydu\u011funuzda, tekrar uygulama yapabilirsiniz.<\/p>\n<\/li>\n<li class=\"\" data-start=\"1695\" data-end=\"1756\">\n<p class=\"\" data-start=\"1697\" data-end=\"1756\"><strong data-start=\"1697\" data-end=\"1726\">Serin ve kuru bir ortamda<\/strong> (5-30\u00b0C aras\u0131) saklanmal\u0131d\u0131r.<\/p>\n<\/li>\n<\/ul>\n<hr class=\"\" data-start=\"1758\" data-end=\"1761\" \/>\n<h3 class=\"\" data-start=\"1763\" data-end=\"1797\"><strong data-start=\"1767\" data-end=\"1797\">Gizli ve G\u00fcvenli Teslimat:<\/strong><\/h3>\n<p class=\"\" data-start=\"1799\" data-end=\"1965\">T\u00fcm sipari\u015fleriniz, i\u00e7eri\u011fi anla\u015f\u0131lmayacak \u015fekilde <strong data-start=\"1850\" data-end=\"1876\">gizli ve kapal\u0131 kolide<\/strong> g\u00f6nderilir. Bu, gizlili\u011finizi ve g\u00fcvenli\u011finizi \u00f6n planda tutarak size ula\u015fmas\u0131n\u0131 sa\u011flar.<\/p>\n<hr class=\"\" data-start=\"1967\" data-end=\"1970\" \/>\n<h3 class=\"\" data-start=\"1972\" data-end=\"1998\"><strong data-start=\"1976\" data-end=\"1998\">\u00d6deme Se\u00e7enekleri:<\/strong><\/h3>\n<p class=\"\" data-start=\"2000\" data-end=\"2085\"><strong data-start=\"2000\" data-end=\"2030\">Lilitu Kayganla\u015ft\u0131r\u0131c\u0131 Jel<\/strong> sipari\u015fi verirken \u00e7e\u015fitli \u00f6deme se\u00e7enekleri mevcuttur:<\/p>\n<ul data-start=\"2086\" data-end=\"2281\">\n<li class=\"\" data-start=\"2086\" data-end=\"2139\">\n<p class=\"\" data-start=\"2088\" data-end=\"2139\"><strong data-start=\"2088\" data-end=\"2104\">Kap\u0131da \u00f6deme<\/strong> se\u00e7ene\u011fi ile \u00f6deme yapabilirsiniz.<\/p>\n<\/li>\n<li class=\"\" data-start=\"2140\" data-end=\"2183\">\n<p class=\"\" data-start=\"2142\" data-end=\"2183\"><strong data-start=\"2142\" data-end=\"2167\">Kredi kart\u0131 ile \u00f6deme<\/strong> yapabilirsiniz.<\/p>\n<\/li>\n<li class=\"\" data-start=\"2184\" data-end=\"2230\">\n<p class=\"\" data-start=\"2186\" data-end=\"2230\"><strong data-start=\"2186\" data-end=\"2204\">Banka havalesi<\/strong> ile \u00f6deme yapabilirsiniz.<\/p>\n<\/li>\n<li class=\"\" data-start=\"2231\" data-end=\"2281\">\n<p class=\"\" data-start=\"2233\" data-end=\"2281\"><strong data-start=\"2233\" data-end=\"2251\">Taksitli \u00f6deme<\/strong> se\u00e7enekleri de sunulmaktad\u0131r.<\/p>\n<\/li>\n<\/ul>\n<hr class=\"\" data-start=\"2283\" data-end=\"2286\" \/>\n<h3 class=\"\" data-start=\"2288\" data-end=\"2337\"><strong data-start=\"2292\" data-end=\"2337\">Gizlili\u011finizi \u00d6nemseyen G\u00fcvenli Al\u0131\u015fveri\u015f<\/strong><\/h3>\n<p class=\"\" data-start=\"2339\" data-end=\"2625\">Gizlili\u011finize verdi\u011fimiz \u00f6nem sayesinde, t\u00fcm sipari\u015fleriniz <strong data-start=\"2399\" data-end=\"2414\">gizli paket<\/strong> ile size ula\u015ft\u0131r\u0131l\u0131r. Sipari\u015finize <strong data-start=\"2450\" data-end=\"2468\">h\u0131zl\u0131 g\u00f6nderim<\/strong> ve <strong data-start=\"2472\" data-end=\"2499\">orijinal \u00fcr\u00fcn garantisi<\/strong> ile g\u00fcvence sa\u011flan\u0131r. Ayr\u0131ca, teslimat a\u015famas\u0131nda <strong data-start=\"2550\" data-end=\"2565\">gizli kargo<\/strong> kullan\u0131m\u0131yla herhangi bir rahats\u0131zl\u0131k ya\u015faman\u0131z engellenir.<\/p>\n<hr class=\"\" data-start=\"2627\" data-end=\"2630\" \/>\n<h3 class=\"\" data-start=\"2632\" data-end=\"2693\"><strong data-start=\"2636\" data-end=\"2693\">Sonu\u00e7: Cinsel Zevkinizi Art\u0131r\u0131n ve Rahatl\u0131\u011f\u0131 Ke\u015ffedin<\/strong><\/h3>\n<p class=\"\" data-start=\"2695\" data-end=\"3008\"><strong data-start=\"2695\" data-end=\"2725\">Lilitu Kayganla\u015ft\u0131r\u0131c\u0131 Jel<\/strong>, cinsel deneyiminizi daha rahat ve tatmin edici hale getiren m\u00fckemmel bir \u00fcr\u00fcnd\u00fcr. Vajinal kuruluk sorunu ya\u015fayanlar ve daha fazla kayganl\u0131k arayanlar i\u00e7in ideal bir \u00e7\u00f6z\u00fcm sunar. \u015eimdi sipari\u015f verin ve daha konforlu bir deneyim i\u00e7in <strong data-start=\"2959\" data-end=\"2989\">Lilitu Kayganla\u015ft\u0131r\u0131c\u0131 Jel<\/strong> ile fark\u0131 ya\u015fay\u0131n!<\/p>\n<p>&nbsp;<\/p>\n<p>&nbsp;<\/p>\n<p><a href=\"http:\/\/api.whatsapp.com\/send?phone=905304676616&amp;text=Sipari%C5%9F%20Vermek%20%C4%B0stiyorum%20haremshop%203000\"><img fetchpriority=\"high\" decoding=\"async\" class=\"alignnone\" src=\"https:\/\/static.ticimax.cloud\/32886\/uploads\/editoruploads\/whatsapp-destek-hatti.gif\" alt=\"\" width=\"750\" height=\"117\" \/><\/a><\/p>\n","protected":false},"excerpt":{"rendered":"<p><strong data-start=\"182\" data-end=\"212\">Lilitu Kayganla\u015ft\u0131r\u0131c\u0131 Jel<\/strong>, cinsel deneyiminizi bir \u00fcst seviyeye ta\u015f\u0131yan, m\u00fckemmel kayganl\u0131k sa\u011flayan \u00f6zel form\u00fcl\u00fcyle kullan\u0131ma sunulmu\u015ftur. Hem rahatl\u0131k hem de yo\u011fun tatmin isteyenler i\u00e7in ideal bir \u00e7\u00f6z\u00fcm olan bu kayganla\u015ft\u0131r\u0131c\u0131 jel, <strong data-start=\"421\" data-end=\"440\">vajinal kuruluk<\/strong> gibi sorunlarla m\u00fccadele eden bireyler i\u00e7in vazge\u00e7ilmezdir.<\/p>\n","protected":false},"featured_media":44048,"comment_status":"closed","ping_status":"closed","template":"","meta":[],"product_brand":[],"product_cat":[500],"product_tag":[],"class_list":{"0":"post-44046","1":"product","2":"type-product","3":"status-publish","4":"has-post-thumbnail","6":"product_cat-kayganlastirici-ve-masaj-yaglari","8":"first","9":"instock","10":"purchasable","11":"product-type-simple"},"yoast_head":"<!-- This site is optimized with the Yoast SEO Premium plugin v24.4 (Yoast SEO v27.1.1) - https:\/\/yoast.com\/product\/yoast-seo-premium-wordpress\/ -->\n<title>Lilitu Kayganla\u015ft\u0131r\u0131c\u0131 Jel 50 Ml - Bursa Erotik Shop<\/title>\n<meta name=\"robots\" content=\"index, follow, max-snippet:-1, max-image-preview:large, max-video-preview:-1\" \/>\n<link rel=\"canonical\" href=\"https:\/\/hobierotikshop.com.tr\/website1\/erotik-shop-urun\/lilitu-kayganlastirici-jel-50-ml\/\" \/>\n<meta property=\"og:locale\" content=\"tr_TR\" \/>\n<meta property=\"og:type\" content=\"article\" \/>\n<meta property=\"og:title\" content=\"Lilitu Kayganla\u015ft\u0131r\u0131c\u0131 Jel 50 Ml\" \/>\n<meta property=\"og:description\" content=\"Lilitu Kayganla\u015ft\u0131r\u0131c\u0131 Jel, cinsel deneyiminizi bir \u00fcst seviyeye ta\u015f\u0131yan, m\u00fckemmel kayganl\u0131k sa\u011flayan \u00f6zel form\u00fcl\u00fcyle kullan\u0131ma sunulmu\u015ftur. Hem rahatl\u0131k hem de yo\u011fun tatmin isteyenler i\u00e7in ideal bir \u00e7\u00f6z\u00fcm olan bu kayganla\u015ft\u0131r\u0131c\u0131 jel, vajinal kuruluk gibi sorunlarla m\u00fccadele eden bireyler i\u00e7in vazge\u00e7ilmezdir.\" \/>\n<meta property=\"og:url\" content=\"https:\/\/hobierotikshop.com.tr\/website1\/erotik-shop-urun\/lilitu-kayganlastirici-jel-50-ml\/\" \/>\n<meta property=\"og:site_name\" content=\"Bursa Erotik Shop\" \/>\n<meta property=\"article:modified_time\" content=\"2025-05-02T15:03:55+00:00\" \/>\n<meta property=\"og:image\" content=\"https:\/\/hobierotikshop.com.tr\/website1\/wp-content\/uploads\/2025\/04\/lilitu-kayganlastirici-jel-50-ml-a07321.jpeg\" \/>\n\t<meta property=\"og:image:width\" content=\"455\" \/>\n\t<meta property=\"og:image:height\" content=\"808\" \/>\n\t<meta property=\"og:image:type\" content=\"image\/jpeg\" \/>\n<meta name=\"twitter:card\" content=\"summary_large_image\" \/>\n<meta name=\"twitter:site\" content=\"@shopbursa\" \/>\n<meta name=\"twitter:label1\" content=\"Fiyat\" \/>\n\t<meta name=\"twitter:data1\" content=\"&#8378;200,00\" \/>\n\t<meta name=\"twitter:label2\" content=\"Availability\" \/>\n\t<meta name=\"twitter:data2\" content=\"In stock\" \/>\n<script type=\"application\/ld+json\" class=\"yoast-schema-graph\">{\"@context\":\"https:\/\/schema.org\",\"@graph\":[{\"@type\":\"WebPage\",\"@id\":\"https:\/\/hobierotikshop.com.tr\/website1\/erotik-shop-urun\/lilitu-kayganlastirici-jel-50-ml\/\",\"url\":\"https:\/\/hobierotikshop.com.tr\/website1\/erotik-shop-urun\/lilitu-kayganlastirici-jel-50-ml\/\",\"name\":\"Lilitu Kayganla\u015ft\u0131r\u0131c\u0131 Jel 50 Ml - Bursa Erotik Shop\",\"isPartOf\":{\"@id\":\"https:\/\/hobierotikshop.com.tr\/website1\/#website\"},\"primaryImageOfPage\":{\"@id\":\"https:\/\/hobierotikshop.com.tr\/website1\/erotik-shop-urun\/lilitu-kayganlastirici-jel-50-ml\/#primaryimage\"},\"image\":{\"@id\":\"https:\/\/hobierotikshop.com.tr\/website1\/erotik-shop-urun\/lilitu-kayganlastirici-jel-50-ml\/#primaryimage\"},\"thumbnailUrl\":\"https:\/\/haremerotikshop.com\/site\/wp-content\/uploads\/2025\/04\/lilitu-kayganlastirici-jel-50-ml-a07321.jpeg\",\"datePublished\":\"2025-04-26T13:53:42+00:00\",\"dateModified\":\"2025-05-02T15:03:55+00:00\",\"breadcrumb\":{\"@id\":\"https:\/\/hobierotikshop.com.tr\/website1\/erotik-shop-urun\/lilitu-kayganlastirici-jel-50-ml\/#breadcrumb\"},\"inLanguage\":\"tr\",\"potentialAction\":[{\"@type\":\"ReadAction\",\"target\":[\"https:\/\/hobierotikshop.com.tr\/website1\/erotik-shop-urun\/lilitu-kayganlastirici-jel-50-ml\/\"]}]},{\"@type\":\"ImageObject\",\"inLanguage\":\"tr\",\"@id\":\"https:\/\/hobierotikshop.com.tr\/website1\/erotik-shop-urun\/lilitu-kayganlastirici-jel-50-ml\/#primaryimage\",\"url\":\"https:\/\/haremerotikshop.com\/site\/wp-content\/uploads\/2025\/04\/lilitu-kayganlastirici-jel-50-ml-a07321.jpeg\",\"contentUrl\":\"https:\/\/haremerotikshop.com\/site\/wp-content\/uploads\/2025\/04\/lilitu-kayganlastirici-jel-50-ml-a07321.jpeg\",\"width\":455,\"height\":808},{\"@type\":\"BreadcrumbList\",\"@id\":\"https:\/\/hobierotikshop.com.tr\/website1\/erotik-shop-urun\/lilitu-kayganlastirici-jel-50-ml\/#breadcrumb\",\"itemListElement\":[{\"@type\":\"ListItem\",\"position\":1,\"name\":\"Anasayfa\",\"item\":\"https:\/\/hobierotikshop.com.tr\/website1\/\"},{\"@type\":\"ListItem\",\"position\":2,\"name\":\"Erotik Shop \u00dcr\u00fcnleri\",\"item\":\"https:\/\/hobierotikshop.com.tr\/website1\/shop\/\"},{\"@type\":\"ListItem\",\"position\":3,\"name\":\"Lilitu Kayganla\u015ft\u0131r\u0131c\u0131 Jel 50 Ml\"}]},{\"@type\":\"WebSite\",\"@id\":\"https:\/\/hobierotikshop.com.tr\/website1\/#website\",\"url\":\"https:\/\/hobierotikshop.com.tr\/website1\/\",\"name\":\"Bursa Erotik Shop\",\"description\":\"Bursa Erotik Shop ile g\u00fcvenli, gizli ve kaliteli yeti\u015fkin \u00fcr\u00fcnleri al\u0131\u015fveri\u015fi! Geni\u015f \u00fcr\u00fcn yelpazemizi ke\u015ffedin, hemen sipari\u015f verin\",\"publisher\":{\"@id\":\"https:\/\/hobierotikshop.com.tr\/website1\/#organization\"},\"alternateName\":\"Erotik Shop\",\"potentialAction\":[{\"@type\":\"SearchAction\",\"target\":{\"@type\":\"EntryPoint\",\"urlTemplate\":\"https:\/\/hobierotikshop.com.tr\/website1\/?s={search_term_string}\"},\"query-input\":{\"@type\":\"PropertyValueSpecification\",\"valueRequired\":true,\"valueName\":\"search_term_string\"}}],\"inLanguage\":\"tr\"},{\"@type\":\"Organization\",\"@id\":\"https:\/\/hobierotikshop.com.tr\/website1\/#organization\",\"name\":\"Harem Bursa Erotik Shop\",\"url\":\"https:\/\/hobierotikshop.com.tr\/website1\/\",\"logo\":{\"@type\":\"ImageObject\",\"inLanguage\":\"tr\",\"@id\":\"https:\/\/hobierotikshop.com.tr\/website1\/#\/schema\/logo\/image\/\",\"url\":\"https:\/\/haremerotikshop.com\/site\/wp-content\/uploads\/2025\/03\/haremsexshop.png\",\"contentUrl\":\"https:\/\/haremerotikshop.com\/site\/wp-content\/uploads\/2025\/03\/haremsexshop.png\",\"width\":400,\"height\":100,\"caption\":\"Harem Bursa Erotik Shop\"},\"image\":{\"@id\":\"https:\/\/hobierotikshop.com.tr\/website1\/#\/schema\/logo\/image\/\"},\"sameAs\":[\"https:\/\/x.com\/shopbursa\"],\"publishingPrinciples\":\"https:\/\/hobierotikshop.com.tr\/website1\/mesafeli-satis-sozlesmesi\/\",\"ownershipFundingInfo\":\"https:\/\/hobierotikshop.com.tr\/website1\/contact-us\/\",\"actionableFeedbackPolicy\":\"https:\/\/hobierotikshop.com.tr\/website1\/contact-us\/\",\"correctionsPolicy\":\"https:\/\/hobierotikshop.com.tr\/website1\/mesafeli-satis-sozlesmesi\/\"}]}<\/script>\n<meta property=\"product:price:amount\" content=\"200.00\" \/>\n<meta property=\"product:price:currency\" content=\"TRY\" \/>\n<meta property=\"og:availability\" content=\"instock\" \/>\n<meta property=\"product:availability\" content=\"instock\" \/>\n<meta property=\"product:retailer_item_id\" content=\"3000\" \/>\n<meta property=\"product:condition\" content=\"new\" \/>\n<!-- \/ Yoast SEO Premium plugin. -->","yoast_head_json":{"title":"Lilitu Kayganla\u015ft\u0131r\u0131c\u0131 Jel 50 Ml - Bursa Erotik Shop","robots":{"index":"index","follow":"follow","max-snippet":"max-snippet:-1","max-image-preview":"max-image-preview:large","max-video-preview":"max-video-preview:-1"},"canonical":"https:\/\/hobierotikshop.com.tr\/website1\/erotik-shop-urun\/lilitu-kayganlastirici-jel-50-ml\/","og_locale":"tr_TR","og_type":"article","og_title":"Lilitu Kayganla\u015ft\u0131r\u0131c\u0131 Jel 50 Ml","og_description":"Lilitu Kayganla\u015ft\u0131r\u0131c\u0131 Jel, cinsel deneyiminizi bir \u00fcst seviyeye ta\u015f\u0131yan, m\u00fckemmel kayganl\u0131k sa\u011flayan \u00f6zel form\u00fcl\u00fcyle kullan\u0131ma sunulmu\u015ftur. Hem rahatl\u0131k hem de yo\u011fun tatmin isteyenler i\u00e7in ideal bir \u00e7\u00f6z\u00fcm olan bu kayganla\u015ft\u0131r\u0131c\u0131 jel, vajinal kuruluk gibi sorunlarla m\u00fccadele eden bireyler i\u00e7in vazge\u00e7ilmezdir.","og_url":"https:\/\/hobierotikshop.com.tr\/website1\/erotik-shop-urun\/lilitu-kayganlastirici-jel-50-ml\/","og_site_name":"Bursa Erotik Shop","article_modified_time":"2025-05-02T15:03:55+00:00","og_image":[{"width":455,"height":808,"url":"https:\/\/hobierotikshop.com.tr\/website1\/wp-content\/uploads\/2025\/04\/lilitu-kayganlastirici-jel-50-ml-a07321.jpeg","type":"image\/jpeg"}],"twitter_card":"summary_large_image","twitter_site":"@shopbursa","twitter_misc":{"Fiyat":"&#8378;200,00","Availability":"In stock"},"schema":{"@context":"https:\/\/schema.org","@graph":[{"@type":"WebPage","@id":"https:\/\/hobierotikshop.com.tr\/website1\/erotik-shop-urun\/lilitu-kayganlastirici-jel-50-ml\/","url":"https:\/\/hobierotikshop.com.tr\/website1\/erotik-shop-urun\/lilitu-kayganlastirici-jel-50-ml\/","name":"Lilitu Kayganla\u015ft\u0131r\u0131c\u0131 Jel 50 Ml - Bursa Erotik Shop","isPartOf":{"@id":"https:\/\/hobierotikshop.com.tr\/website1\/#website"},"primaryImageOfPage":{"@id":"https:\/\/hobierotikshop.com.tr\/website1\/erotik-shop-urun\/lilitu-kayganlastirici-jel-50-ml\/#primaryimage"},"image":{"@id":"https:\/\/hobierotikshop.com.tr\/website1\/erotik-shop-urun\/lilitu-kayganlastirici-jel-50-ml\/#primaryimage"},"thumbnailUrl":"https:\/\/haremerotikshop.com\/site\/wp-content\/uploads\/2025\/04\/lilitu-kayganlastirici-jel-50-ml-a07321.jpeg","datePublished":"2025-04-26T13:53:42+00:00","dateModified":"2025-05-02T15:03:55+00:00","breadcrumb":{"@id":"https:\/\/hobierotikshop.com.tr\/website1\/erotik-shop-urun\/lilitu-kayganlastirici-jel-50-ml\/#breadcrumb"},"inLanguage":"tr","potentialAction":[{"@type":"ReadAction","target":["https:\/\/hobierotikshop.com.tr\/website1\/erotik-shop-urun\/lilitu-kayganlastirici-jel-50-ml\/"]}]},{"@type":"ImageObject","inLanguage":"tr","@id":"https:\/\/hobierotikshop.com.tr\/website1\/erotik-shop-urun\/lilitu-kayganlastirici-jel-50-ml\/#primaryimage","url":"https:\/\/haremerotikshop.com\/site\/wp-content\/uploads\/2025\/04\/lilitu-kayganlastirici-jel-50-ml-a07321.jpeg","contentUrl":"https:\/\/haremerotikshop.com\/site\/wp-content\/uploads\/2025\/04\/lilitu-kayganlastirici-jel-50-ml-a07321.jpeg","width":455,"height":808},{"@type":"BreadcrumbList","@id":"https:\/\/hobierotikshop.com.tr\/website1\/erotik-shop-urun\/lilitu-kayganlastirici-jel-50-ml\/#breadcrumb","itemListElement":[{"@type":"ListItem","position":1,"name":"Anasayfa","item":"https:\/\/hobierotikshop.com.tr\/website1\/"},{"@type":"ListItem","position":2,"name":"Erotik Shop \u00dcr\u00fcnleri","item":"https:\/\/hobierotikshop.com.tr\/website1\/shop\/"},{"@type":"ListItem","position":3,"name":"Lilitu Kayganla\u015ft\u0131r\u0131c\u0131 Jel 50 Ml"}]},{"@type":"WebSite","@id":"https:\/\/hobierotikshop.com.tr\/website1\/#website","url":"https:\/\/hobierotikshop.com.tr\/website1\/","name":"Bursa Erotik Shop","description":"Bursa Erotik Shop ile g\u00fcvenli, gizli ve kaliteli yeti\u015fkin \u00fcr\u00fcnleri al\u0131\u015fveri\u015fi! Geni\u015f \u00fcr\u00fcn yelpazemizi ke\u015ffedin, hemen sipari\u015f verin","publisher":{"@id":"https:\/\/hobierotikshop.com.tr\/website1\/#organization"},"alternateName":"Erotik Shop","potentialAction":[{"@type":"SearchAction","target":{"@type":"EntryPoint","urlTemplate":"https:\/\/hobierotikshop.com.tr\/website1\/?s={search_term_string}"},"query-input":{"@type":"PropertyValueSpecification","valueRequired":true,"valueName":"search_term_string"}}],"inLanguage":"tr"},{"@type":"Organization","@id":"https:\/\/hobierotikshop.com.tr\/website1\/#organization","name":"Harem Bursa Erotik Shop","url":"https:\/\/hobierotikshop.com.tr\/website1\/","logo":{"@type":"ImageObject","inLanguage":"tr","@id":"https:\/\/hobierotikshop.com.tr\/website1\/#\/schema\/logo\/image\/","url":"https:\/\/haremerotikshop.com\/site\/wp-content\/uploads\/2025\/03\/haremsexshop.png","contentUrl":"https:\/\/haremerotikshop.com\/site\/wp-content\/uploads\/2025\/03\/haremsexshop.png","width":400,"height":100,"caption":"Harem Bursa Erotik Shop"},"image":{"@id":"https:\/\/hobierotikshop.com.tr\/website1\/#\/schema\/logo\/image\/"},"sameAs":["https:\/\/x.com\/shopbursa"],"publishingPrinciples":"https:\/\/hobierotikshop.com.tr\/website1\/mesafeli-satis-sozlesmesi\/","ownershipFundingInfo":"https:\/\/hobierotikshop.com.tr\/website1\/contact-us\/","actionableFeedbackPolicy":"https:\/\/hobierotikshop.com.tr\/website1\/contact-us\/","correctionsPolicy":"https:\/\/hobierotikshop.com.tr\/website1\/mesafeli-satis-sozlesmesi\/"}]},"product_price_amount":"200.00","product_price_currency":"TRY","og_availability":"instock","product_availability":"instock","product_retailer_item_id":"3000","product_condition":"new"},"_links":{"self":[{"href":"https:\/\/haremerotikshop.com\/site\/wp-json\/wp\/v2\/product\/44046","targetHints":{"allow":["GET"]}}],"collection":[{"href":"https:\/\/haremerotikshop.com\/site\/wp-json\/wp\/v2\/product"}],"about":[{"href":"https:\/\/haremerotikshop.com\/site\/wp-json\/wp\/v2\/types\/product"}],"replies":[{"embeddable":true,"href":"https:\/\/haremerotikshop.com\/site\/wp-json\/wp\/v2\/comments?post=44046"}],"version-history":[{"count":0,"href":"https:\/\/haremerotikshop.com\/site\/wp-json\/wp\/v2\/product\/44046\/revisions"}],"wp:featuredmedia":[{"embeddable":true,"href":"https:\/\/haremerotikshop.com\/site\/wp-json\/wp\/v2\/media\/44048"}],"wp:attachment":[{"href":"https:\/\/haremerotikshop.com\/site\/wp-json\/wp\/v2\/media?parent=44046"}],"wp:term":[{"taxonomy":"product_brand","embeddable":true,"href":"https:\/\/haremerotikshop.com\/site\/wp-json\/wp\/v2\/product_brand?post=44046"},{"taxonomy":"product_cat","embeddable":true,"href":"https:\/\/haremerotikshop.com\/site\/wp-json\/wp\/v2\/product_cat?post=44046"},{"taxonomy":"product_tag","embeddable":true,"href":"https:\/\/haremerotikshop.com\/site\/wp-json\/wp\/v2\/product_tag?post=44046"}],"curies":[{"name":"wp","href":"https:\/\/api.w.org\/{rel}","templated":true}]}}