{"id":44065,"date":"2025-04-26T16:53:42","date_gmt":"2025-04-26T13:53:42","guid":{"rendered":"https:\/\/haremerotikshop.com\/site\/erotik-shop-urun\/belden-baglamali-yeni-nesil-cift-katmanli-235-cm-realistik-dildo-penis\/"},"modified":"2026-01-08T16:18:27","modified_gmt":"2026-01-08T13:18:27","slug":"belden-baglamali-yeni-nesil-cift-katmanli-235-cm-realistik-dildo-penis","status":"publish","type":"product","link":"https:\/\/haremerotikshop.com\/site\/erotik-shop-urun\/belden-baglamali-yeni-nesil-cift-katmanli-235-cm-realistik-dildo-penis\/","title":{"rendered":"Belden Ba\u011flamal\u0131 Yeni Nesil \u00c7ift Katmanl\u0131 23,5 Cm Realistik Dildo Penis"},"content":{"rendered":"<h2 class=\"\" data-start=\"141\" data-end=\"254\"><strong data-start=\"144\" data-end=\"254\">Belden Ba\u011flamal\u0131 Yeni Nesil \u00c7ift Katmanl\u0131 23,5 cm Realistik Dildo Penis \u2013 Ger\u00e7ek\u00e7i Deneyim, Efsanevi Zevk!<\/strong><\/h2>\n<h3 class=\"\" data-start=\"256\" data-end=\"333\"><strong data-start=\"260\" data-end=\"333\">Ger\u00e7ek\u00e7i, Rahat ve Efsanevi Boyut: Fantezilerinizi Ger\u00e7e\u011fe D\u00f6n\u00fc\u015ft\u00fcr\u00fcn<\/strong><\/h3>\n<p class=\"\" data-start=\"335\" data-end=\"772\"><strong data-start=\"335\" data-end=\"410\">Belden Ba\u011flamal\u0131 Yeni Nesil \u00c7ift Katmanl\u0131 23,5 cm Realistik Dildo Penis<\/strong>, her kullan\u0131c\u0131ya ger\u00e7ek ili\u015fki hissiyat\u0131 sunmak i\u00e7in tasarland\u0131. Ultra yumu\u015fak yap\u0131s\u0131 ve <strong data-start=\"500\" data-end=\"519\">Soft Cyber Skin<\/strong> malzemesiyle, size en do\u011fal ve ger\u00e7ek\u00e7i hissi verecek. <strong data-start=\"575\" data-end=\"602\">Patentli R5 teknolojisi<\/strong>, v\u00fccut \u0131s\u0131s\u0131na uyum sa\u011flayarak kullan\u0131m\u0131 daha da keyifli hale getirir. <strong data-start=\"674\" data-end=\"693\">Vantuz \u00f6zelli\u011fi<\/strong> sayesinde her zemine g\u00fcvenle sabitlenir, <strong data-start=\"735\" data-end=\"749\">hands-free<\/strong> kullan\u0131ma imkan tan\u0131r.<\/p>\n<hr class=\"\" data-start=\"774\" data-end=\"777\" \/>\n<h3 class=\"\" data-start=\"779\" data-end=\"807\"><strong data-start=\"783\" data-end=\"807\">\u00d6ne \u00c7\u0131kan \u00d6zellikler<\/strong><\/h3>\n<h2 class=\"\" data-start=\"809\" data-end=\"1547\">\ud83d\udd38 <strong data-start=\"812\" data-end=\"847\">Ultra Yumu\u015fak ve Ger\u00e7ek\u00e7i Doku:<\/strong> \u0130nsan tenine benzer yap\u0131, inan\u0131lmaz yumu\u015fakl\u0131k<br data-start=\"894\" data-end=\"897\" \/>\ud83d\udd38 <strong data-start=\"900\" data-end=\"926\">\u00c7ift Katmanl\u0131 Tasar\u0131m:<\/strong> Ger\u00e7ek\u00e7i ve uyar\u0131c\u0131 doku<br data-start=\"951\" data-end=\"954\" \/>\ud83d\udd38 <strong data-start=\"957\" data-end=\"980\">R5 Soft Cyber Skin:<\/strong> Y\u00fcksek kaliteli, ipeksi y\u00fczey, v\u00fccut \u0131s\u0131s\u0131na h\u0131zla uyum sa\u011flar<br data-start=\"1043\" data-end=\"1046\" \/>\ud83d\udd38 <strong data-start=\"1049\" data-end=\"1069\">Vantuz \u00d6zelli\u011fi:<\/strong> Her d\u00fcz zeminle uyumlu, kolayca sabitlenebilir<br data-start=\"1116\" data-end=\"1119\" \/>\ud83d\udd38 <strong data-start=\"1122\" data-end=\"1152\">Kemerle Kullan\u0131labilirlik:<\/strong> Belden ba\u011flamal\u0131 strap-on kullan\u0131ma uygun<br data-start=\"1194\" data-end=\"1197\" \/>\ud83d\udd38 <strong data-start=\"1200\" data-end=\"1230\">Ftalat \u0130\u00e7ermeyen Materyal:<\/strong> Sa\u011fl\u0131k dostu, cilt dostu malzeme<br data-start=\"1263\" data-end=\"1266\" \/>\ud83d\udd38 <strong data-start=\"1269\" data-end=\"1288\">Kolay Temizlik:<\/strong> Pratik temizlik \u00f6zellikleriyle hijyenik kullan\u0131m<br data-start=\"1337\" data-end=\"1340\" \/>\ud83d\udd38 <strong data-start=\"1343\" data-end=\"1356\">Boyutlar:<\/strong> 23,5 cm uzunluk, 4,5 cm kal\u0131nl\u0131k, tatmin edici boyut<br data-start=\"1409\" data-end=\"1412\" \/>\ud83d\udd38 <strong data-start=\"1415\" data-end=\"1446\">Kayganla\u015ft\u0131r\u0131c\u0131 \u0130le Uyumlu:<\/strong> Kayganla\u015ft\u0131r\u0131c\u0131 ile m\u00fckemmel kullan\u0131m<br data-start=\"1484\" data-end=\"1487\" \/>\ud83d\udd38 <strong data-start=\"1490\" data-end=\"1508\">Pthalate Free:<\/strong> Sa\u011fl\u0131k a\u00e7\u0131s\u0131ndan g\u00fcvenli malzeme<\/h2>\n<h3 class=\"\" data-start=\"1549\" data-end=\"1574\"><strong data-start=\"1553\" data-end=\"1574\">Teknik \u00d6zellikler<\/strong><\/h3>\n<p class=\"\" data-start=\"1576\" data-end=\"1692\">\ud83d\udccf <strong data-start=\"1579\" data-end=\"1598\">Toplam Uzunluk:<\/strong> 23,5 cm<br data-start=\"1606\" data-end=\"1609\" \/>\ud83d\udd18 <strong data-start=\"1612\" data-end=\"1639\">Kullan\u0131labilir Uzunluk:<\/strong> 17,5 cm<br data-start=\"1647\" data-end=\"1650\" \/>\ud83e\uddf4 <strong data-start=\"1653\" data-end=\"1661\">\u00c7ap:<\/strong> 4,5 cm<br data-start=\"1668\" data-end=\"1671\" \/>\ud83c\udf81 <strong data-start=\"1674\" data-end=\"1690\">Set \u0130\u00e7eri\u011fi:<\/strong><\/p>\n<ul data-start=\"1693\" data-end=\"1811\">\n<li class=\"\" data-start=\"1693\" data-end=\"1727\">\n<p class=\"\" data-start=\"1695\" data-end=\"1727\">1 adet 23,5 cm realistik dildo<\/p>\n<\/li>\n<li class=\"\" data-start=\"1728\" data-end=\"1782\">\n<p class=\"\" data-start=\"1730\" data-end=\"1782\">Belden ba\u011flama kemeri (ayr\u0131ca sat\u0131n alabilirsiniz)<\/p>\n<\/li>\n<li class=\"\" data-start=\"1783\" data-end=\"1811\">\n<p class=\"\" data-start=\"1785\" data-end=\"1811\">Kayganla\u015ft\u0131r\u0131c\u0131 \u00f6nerilir<\/p>\n<\/li>\n<\/ul>\n<hr class=\"\" data-start=\"1813\" data-end=\"1816\" \/>\n<h3 class=\"\" data-start=\"1818\" data-end=\"1890\"><strong data-start=\"1822\" data-end=\"1890\">Neden Belden Ba\u011flamal\u0131 Yeni Nesil 23,5 cm Realistik Dildo Penis?<\/strong><\/h3>\n<p class=\"\" data-start=\"1892\" data-end=\"2248\"><strong data-start=\"1892\" data-end=\"1914\">Ger\u00e7ek\u00e7i boyutlar\u0131<\/strong> ve <strong data-start=\"1918\" data-end=\"1942\">\u00e7ift katmanl\u0131 dokusu<\/strong> ile, her dokunu\u015fta ger\u00e7ek bir deneyim ya\u015fat\u0131r. <strong data-start=\"1990\" data-end=\"2016\">Cyber Skin teknolojisi<\/strong>, v\u00fccut \u0131s\u0131s\u0131na adapte olarak s\u0131cakl\u0131k hissi yarat\u0131r ve b\u00f6ylece kullan\u0131m s\u0131ras\u0131nda ger\u00e7ek\u00e7i bir deneyim sa\u011flar. <strong data-start=\"2128\" data-end=\"2148\">Vantuzlu \u00f6zellik<\/strong>, ellerinizi serbest b\u0131rakacak ve tamamen ba\u011f\u0131ms\u0131z bir \u015fekilde zevkinizi ke\u015ffetmenizi sa\u011flayacakt\u0131r.<\/p>\n<hr class=\"\" data-start=\"2250\" data-end=\"2253\" \/>\n<h3 class=\"\" data-start=\"2255\" data-end=\"2297\"><strong data-start=\"2259\" data-end=\"2297\">Fantezilerinizi Ger\u00e7e\u011fe D\u00f6n\u00fc\u015ft\u00fcr\u00fcn<\/strong><\/h3>\n<p class=\"\" data-start=\"2299\" data-end=\"2539\">\u0130ster yaln\u0131z ba\u015f\u0131n\u0131za, ister partnerinizle, <strong data-start=\"2343\" data-end=\"2370\">23,5 cm realistik dildo<\/strong> ile fantezilerinizi ger\u00e7ek yap\u0131n. <strong data-start=\"2405\" data-end=\"2432\">Y\u00fcksek kaliteli malzeme<\/strong> ve <strong data-start=\"2436\" data-end=\"2453\">ger\u00e7ek\u00e7i doku<\/strong>, her kullan\u0131c\u0131n\u0131n tatminini \u00f6n planda tutarak, unutulmaz anlar ya\u015faman\u0131z\u0131 sa\u011flayacak.<\/p>\n<hr class=\"\" data-start=\"2541\" data-end=\"2544\" \/>\n<h3 class=\"\" data-start=\"2546\" data-end=\"2586\"><strong data-start=\"2550\" data-end=\"2586\">Gizli Teslimat ve H\u0131zl\u0131 G\u00f6nderim<\/strong><\/h3>\n<p class=\"\" data-start=\"2588\" data-end=\"2821\">\ud83d\udce6 <strong data-start=\"2591\" data-end=\"2611\">Gizli Paketleme:<\/strong> \u00dcr\u00fcn i\u00e7eri\u011fi d\u0131\u015far\u0131dan anla\u015f\u0131lmayacak \u015fekilde gizli bir \u015fekilde g\u00f6nderilir.<br data-start=\"2687\" data-end=\"2690\" \/>\ud83d\ude9a <strong data-start=\"2693\" data-end=\"2712\">H\u0131zl\u0131 Teslimat:<\/strong> Sipari\u015finiz, h\u0131zl\u0131 bir \u015fekilde kargoya verilir ve g\u00fcvenle size ula\u015f\u0131r.<br data-start=\"2783\" data-end=\"2786\" \/>\ud83d\udcb3 <strong data-start=\"2789\" data-end=\"2819\">\u00c7e\u015fitli \u00d6deme Se\u00e7enekleri:<\/strong><\/p>\n<ul data-start=\"2822\" data-end=\"2913\">\n<li class=\"\" data-start=\"2822\" data-end=\"2838\">\n<p class=\"\" data-start=\"2824\" data-end=\"2838\">Kap\u0131da \u00f6deme<\/p>\n<\/li>\n<li class=\"\" data-start=\"2839\" data-end=\"2857\">\n<p class=\"\" data-start=\"2841\" data-end=\"2857\">Banka havalesi<\/p>\n<\/li>\n<li class=\"\" data-start=\"2858\" data-end=\"2883\">\n<p class=\"\" data-start=\"2860\" data-end=\"2883\">Kredi kart\u0131 ile \u00f6deme<\/p>\n<\/li>\n<li class=\"\" data-start=\"2884\" data-end=\"2913\">\n<p class=\"\" data-start=\"2886\" data-end=\"2913\">Taksitli al\u0131\u015fveri\u015f imkan\u0131<\/p>\n<\/li>\n<\/ul>\n<hr class=\"\" data-start=\"2915\" data-end=\"2918\" \/>\n<h3 class=\"\" data-start=\"2920\" data-end=\"2958\"><strong data-start=\"2924\" data-end=\"2958\">Gizlili\u011finiz Bizim \u0130\u00e7in \u00d6nemli<\/strong><\/h3>\n<p class=\"\" data-start=\"2960\" data-end=\"3150\"><strong data-start=\"2960\" data-end=\"3021\">Belden Ba\u011flamal\u0131 Yeni Nesil 23,5 cm Realistik Dildo Penis<\/strong>, <strong data-start=\"3023\" data-end=\"3049\">gizlili\u011finiz korunarak<\/strong> en h\u0131zl\u0131 \u015fekilde teslim edilecek. \u015eimdi sipari\u015f verin, <strong data-start=\"3105\" data-end=\"3126\">ger\u00e7ek\u00e7i deneyimi<\/strong> bir ad\u0131m \u00f6teye ta\u015f\u0131y\u0131n!<\/p>\n<p>&nbsp;<\/p>\n<p>&nbsp;<\/p>\n<p><a href=\"http:\/\/api.whatsapp.com\/send?phone=905304676616&amp;text=Sipari%C5%9F%20Vermek%20%C4%B0stiyorum%20haremshop%20BDM1290B\"><img fetchpriority=\"high\" decoding=\"async\" class=\"alignnone\" src=\"https:\/\/static.ticimax.cloud\/32886\/uploads\/editoruploads\/whatsapp-destek-hatti.gif\" alt=\"\" width=\"750\" height=\"117\" \/><\/a><\/p>\n","protected":false},"excerpt":{"rendered":"<p><strong data-start=\"335\" data-end=\"410\">Belden Ba\u011flamal\u0131 Yeni Nesil \u00c7ift Katmanl\u0131 23,5 cm Realistik Dildo Penis<\/strong>, her kullan\u0131c\u0131ya ger\u00e7ek ili\u015fki hissiyat\u0131 sunmak i\u00e7in tasarland\u0131. Ultra yumu\u015fak yap\u0131s\u0131 ve <strong data-start=\"500\" data-end=\"519\">Soft Cyber Skin<\/strong> malzemesiyle, size en do\u011fal ve ger\u00e7ek\u00e7i hissi verecek. <strong data-start=\"575\" data-end=\"602\">Patentli R5 teknolojisi<\/strong>, v\u00fccut \u0131s\u0131s\u0131na uyum sa\u011flayarak kullan\u0131m\u0131 daha da keyifli hale getirir. <strong data-start=\"674\" data-end=\"693\">Vantuz \u00f6zelli\u011fi<\/strong> sayesinde her zemine g\u00fcvenle sabitlenir, <strong data-start=\"735\" data-end=\"749\">hands-free<\/strong> kullan\u0131ma imkan tan\u0131r.<\/p>\n","protected":false},"featured_media":44067,"comment_status":"closed","ping_status":"closed","template":"","meta":[],"product_brand":[],"product_cat":[498],"product_tag":[],"class_list":{"0":"post-44065","1":"product","2":"type-product","3":"status-publish","4":"has-post-thumbnail","6":"product_cat-belden-baglamali-penisler","8":"first","9":"outofstock","10":"purchasable","11":"product-type-simple"},"yoast_head":"<!-- This site is optimized with the Yoast SEO Premium plugin v24.4 (Yoast SEO v27.1.1) - https:\/\/yoast.com\/product\/yoast-seo-premium-wordpress\/ -->\n<title>Belden Ba\u011flamal\u0131 Yeni Nesil \u00c7ift Katmanl\u0131 23,5 Cm Realistik Dildo Penis - Bursa Erotik Shop<\/title>\n<meta name=\"robots\" content=\"index, follow, max-snippet:-1, max-image-preview:large, max-video-preview:-1\" \/>\n<link rel=\"canonical\" href=\"https:\/\/hobierotikshop.com.tr\/website1\/erotik-shop-urun\/belden-baglamali-yeni-nesil-cift-katmanli-235-cm-realistik-dildo-penis\/\" \/>\n<meta property=\"og:locale\" content=\"tr_TR\" \/>\n<meta property=\"og:type\" content=\"article\" \/>\n<meta property=\"og:title\" content=\"Belden Ba\u011flamal\u0131 Yeni Nesil \u00c7ift Katmanl\u0131 23,5 Cm Realistik Dildo Penis\" \/>\n<meta property=\"og:description\" content=\"Belden Ba\u011flamal\u0131 Yeni Nesil \u00c7ift Katmanl\u0131 23,5 cm Realistik Dildo Penis, her kullan\u0131c\u0131ya ger\u00e7ek ili\u015fki hissiyat\u0131 sunmak i\u00e7in tasarland\u0131. Ultra yumu\u015fak yap\u0131s\u0131 ve Soft Cyber Skin malzemesiyle, size en do\u011fal ve ger\u00e7ek\u00e7i hissi verecek. Patentli R5 teknolojisi, v\u00fccut \u0131s\u0131s\u0131na uyum sa\u011flayarak kullan\u0131m\u0131 daha da keyifli hale getirir. Vantuz \u00f6zelli\u011fi sayesinde her zemine g\u00fcvenle sabitlenir, hands-free kullan\u0131ma imkan tan\u0131r.\" \/>\n<meta property=\"og:url\" content=\"https:\/\/hobierotikshop.com.tr\/website1\/erotik-shop-urun\/belden-baglamali-yeni-nesil-cift-katmanli-235-cm-realistik-dildo-penis\/\" \/>\n<meta property=\"og:site_name\" content=\"Bursa Erotik Shop\" \/>\n<meta property=\"article:modified_time\" content=\"2026-01-08T13:18:27+00:00\" \/>\n<meta property=\"og:image\" content=\"https:\/\/hobierotikshop.com.tr\/website1\/wp-content\/uploads\/2025\/04\/belden-baglamali-yeni-nesil-cift-katma-af-402.jpg\" \/>\n\t<meta property=\"og:image:width\" content=\"455\" \/>\n\t<meta property=\"og:image:height\" content=\"455\" \/>\n\t<meta property=\"og:image:type\" content=\"image\/jpeg\" \/>\n<meta name=\"twitter:card\" content=\"summary_large_image\" \/>\n<meta name=\"twitter:site\" content=\"@shopbursa\" \/>\n<meta name=\"twitter:label1\" content=\"Fiyat\" \/>\n\t<meta name=\"twitter:data1\" content=\"&#8378;2.920,00\" \/>\n\t<meta name=\"twitter:label2\" content=\"Availability\" \/>\n\t<meta name=\"twitter:data2\" content=\"Out of stock\" \/>\n<script type=\"application\/ld+json\" class=\"yoast-schema-graph\">{\"@context\":\"https:\/\/schema.org\",\"@graph\":[{\"@type\":\"WebPage\",\"@id\":\"https:\/\/hobierotikshop.com.tr\/website1\/erotik-shop-urun\/belden-baglamali-yeni-nesil-cift-katmanli-235-cm-realistik-dildo-penis\/\",\"url\":\"https:\/\/hobierotikshop.com.tr\/website1\/erotik-shop-urun\/belden-baglamali-yeni-nesil-cift-katmanli-235-cm-realistik-dildo-penis\/\",\"name\":\"Belden Ba\u011flamal\u0131 Yeni Nesil \u00c7ift Katmanl\u0131 23,5 Cm Realistik Dildo Penis - Bursa Erotik Shop\",\"isPartOf\":{\"@id\":\"https:\/\/hobierotikshop.com.tr\/website1\/#website\"},\"primaryImageOfPage\":{\"@id\":\"https:\/\/hobierotikshop.com.tr\/website1\/erotik-shop-urun\/belden-baglamali-yeni-nesil-cift-katmanli-235-cm-realistik-dildo-penis\/#primaryimage\"},\"image\":{\"@id\":\"https:\/\/hobierotikshop.com.tr\/website1\/erotik-shop-urun\/belden-baglamali-yeni-nesil-cift-katmanli-235-cm-realistik-dildo-penis\/#primaryimage\"},\"thumbnailUrl\":\"https:\/\/haremerotikshop.com\/site\/wp-content\/uploads\/2025\/04\/belden-baglamali-yeni-nesil-cift-katma-af-402.jpg\",\"datePublished\":\"2025-04-26T13:53:42+00:00\",\"dateModified\":\"2026-01-08T13:18:27+00:00\",\"breadcrumb\":{\"@id\":\"https:\/\/hobierotikshop.com.tr\/website1\/erotik-shop-urun\/belden-baglamali-yeni-nesil-cift-katmanli-235-cm-realistik-dildo-penis\/#breadcrumb\"},\"inLanguage\":\"tr\",\"potentialAction\":[{\"@type\":\"ReadAction\",\"target\":[\"https:\/\/hobierotikshop.com.tr\/website1\/erotik-shop-urun\/belden-baglamali-yeni-nesil-cift-katmanli-235-cm-realistik-dildo-penis\/\"]}]},{\"@type\":\"ImageObject\",\"inLanguage\":\"tr\",\"@id\":\"https:\/\/hobierotikshop.com.tr\/website1\/erotik-shop-urun\/belden-baglamali-yeni-nesil-cift-katmanli-235-cm-realistik-dildo-penis\/#primaryimage\",\"url\":\"https:\/\/haremerotikshop.com\/site\/wp-content\/uploads\/2025\/04\/belden-baglamali-yeni-nesil-cift-katma-af-402.jpg\",\"contentUrl\":\"https:\/\/haremerotikshop.com\/site\/wp-content\/uploads\/2025\/04\/belden-baglamali-yeni-nesil-cift-katma-af-402.jpg\",\"width\":455,\"height\":455},{\"@type\":\"BreadcrumbList\",\"@id\":\"https:\/\/hobierotikshop.com.tr\/website1\/erotik-shop-urun\/belden-baglamali-yeni-nesil-cift-katmanli-235-cm-realistik-dildo-penis\/#breadcrumb\",\"itemListElement\":[{\"@type\":\"ListItem\",\"position\":1,\"name\":\"Anasayfa\",\"item\":\"https:\/\/hobierotikshop.com.tr\/website1\/\"},{\"@type\":\"ListItem\",\"position\":2,\"name\":\"Erotik Shop \u00dcr\u00fcnleri\",\"item\":\"https:\/\/hobierotikshop.com.tr\/website1\/shop\/\"},{\"@type\":\"ListItem\",\"position\":3,\"name\":\"Belden Ba\u011flamal\u0131 Yeni Nesil \u00c7ift Katmanl\u0131 23,5 Cm Realistik Dildo Penis\"}]},{\"@type\":\"WebSite\",\"@id\":\"https:\/\/hobierotikshop.com.tr\/website1\/#website\",\"url\":\"https:\/\/hobierotikshop.com.tr\/website1\/\",\"name\":\"Bursa Erotik Shop\",\"description\":\"Bursa Erotik Shop ile g\u00fcvenli, gizli ve kaliteli yeti\u015fkin \u00fcr\u00fcnleri al\u0131\u015fveri\u015fi! Geni\u015f \u00fcr\u00fcn yelpazemizi ke\u015ffedin, hemen sipari\u015f verin\",\"publisher\":{\"@id\":\"https:\/\/hobierotikshop.com.tr\/website1\/#organization\"},\"alternateName\":\"Erotik Shop\",\"potentialAction\":[{\"@type\":\"SearchAction\",\"target\":{\"@type\":\"EntryPoint\",\"urlTemplate\":\"https:\/\/hobierotikshop.com.tr\/website1\/?s={search_term_string}\"},\"query-input\":{\"@type\":\"PropertyValueSpecification\",\"valueRequired\":true,\"valueName\":\"search_term_string\"}}],\"inLanguage\":\"tr\"},{\"@type\":\"Organization\",\"@id\":\"https:\/\/hobierotikshop.com.tr\/website1\/#organization\",\"name\":\"Harem Bursa Erotik Shop\",\"url\":\"https:\/\/hobierotikshop.com.tr\/website1\/\",\"logo\":{\"@type\":\"ImageObject\",\"inLanguage\":\"tr\",\"@id\":\"https:\/\/hobierotikshop.com.tr\/website1\/#\/schema\/logo\/image\/\",\"url\":\"https:\/\/haremerotikshop.com\/site\/wp-content\/uploads\/2025\/03\/haremsexshop.png\",\"contentUrl\":\"https:\/\/haremerotikshop.com\/site\/wp-content\/uploads\/2025\/03\/haremsexshop.png\",\"width\":400,\"height\":100,\"caption\":\"Harem Bursa Erotik Shop\"},\"image\":{\"@id\":\"https:\/\/hobierotikshop.com.tr\/website1\/#\/schema\/logo\/image\/\"},\"sameAs\":[\"https:\/\/x.com\/shopbursa\"],\"publishingPrinciples\":\"https:\/\/hobierotikshop.com.tr\/website1\/mesafeli-satis-sozlesmesi\/\",\"ownershipFundingInfo\":\"https:\/\/hobierotikshop.com.tr\/website1\/contact-us\/\",\"actionableFeedbackPolicy\":\"https:\/\/hobierotikshop.com.tr\/website1\/contact-us\/\",\"correctionsPolicy\":\"https:\/\/hobierotikshop.com.tr\/website1\/mesafeli-satis-sozlesmesi\/\"}]}<\/script>\n<meta property=\"product:price:amount\" content=\"2920.00\" \/>\n<meta property=\"product:price:currency\" content=\"TRY\" \/>\n<meta property=\"og:availability\" content=\"out of stock\" \/>\n<meta property=\"product:availability\" content=\"out of stock\" \/>\n<meta property=\"product:retailer_item_id\" content=\"BDM1290B\" \/>\n<meta property=\"product:condition\" content=\"new\" \/>\n<!-- \/ Yoast SEO Premium plugin. -->","yoast_head_json":{"title":"Belden Ba\u011flamal\u0131 Yeni Nesil \u00c7ift Katmanl\u0131 23,5 Cm Realistik Dildo Penis - Bursa Erotik Shop","robots":{"index":"index","follow":"follow","max-snippet":"max-snippet:-1","max-image-preview":"max-image-preview:large","max-video-preview":"max-video-preview:-1"},"canonical":"https:\/\/hobierotikshop.com.tr\/website1\/erotik-shop-urun\/belden-baglamali-yeni-nesil-cift-katmanli-235-cm-realistik-dildo-penis\/","og_locale":"tr_TR","og_type":"article","og_title":"Belden Ba\u011flamal\u0131 Yeni Nesil \u00c7ift Katmanl\u0131 23,5 Cm Realistik Dildo Penis","og_description":"Belden Ba\u011flamal\u0131 Yeni Nesil \u00c7ift Katmanl\u0131 23,5 cm Realistik Dildo Penis, her kullan\u0131c\u0131ya ger\u00e7ek ili\u015fki hissiyat\u0131 sunmak i\u00e7in tasarland\u0131. Ultra yumu\u015fak yap\u0131s\u0131 ve Soft Cyber Skin malzemesiyle, size en do\u011fal ve ger\u00e7ek\u00e7i hissi verecek. Patentli R5 teknolojisi, v\u00fccut \u0131s\u0131s\u0131na uyum sa\u011flayarak kullan\u0131m\u0131 daha da keyifli hale getirir. Vantuz \u00f6zelli\u011fi sayesinde her zemine g\u00fcvenle sabitlenir, hands-free kullan\u0131ma imkan tan\u0131r.","og_url":"https:\/\/hobierotikshop.com.tr\/website1\/erotik-shop-urun\/belden-baglamali-yeni-nesil-cift-katmanli-235-cm-realistik-dildo-penis\/","og_site_name":"Bursa Erotik Shop","article_modified_time":"2026-01-08T13:18:27+00:00","og_image":[{"width":455,"height":455,"url":"https:\/\/hobierotikshop.com.tr\/website1\/wp-content\/uploads\/2025\/04\/belden-baglamali-yeni-nesil-cift-katma-af-402.jpg","type":"image\/jpeg"}],"twitter_card":"summary_large_image","twitter_site":"@shopbursa","twitter_misc":{"Fiyat":"&#8378;2.920,00","Availability":"Out of stock"},"schema":{"@context":"https:\/\/schema.org","@graph":[{"@type":"WebPage","@id":"https:\/\/hobierotikshop.com.tr\/website1\/erotik-shop-urun\/belden-baglamali-yeni-nesil-cift-katmanli-235-cm-realistik-dildo-penis\/","url":"https:\/\/hobierotikshop.com.tr\/website1\/erotik-shop-urun\/belden-baglamali-yeni-nesil-cift-katmanli-235-cm-realistik-dildo-penis\/","name":"Belden Ba\u011flamal\u0131 Yeni Nesil \u00c7ift Katmanl\u0131 23,5 Cm Realistik Dildo Penis - Bursa Erotik Shop","isPartOf":{"@id":"https:\/\/hobierotikshop.com.tr\/website1\/#website"},"primaryImageOfPage":{"@id":"https:\/\/hobierotikshop.com.tr\/website1\/erotik-shop-urun\/belden-baglamali-yeni-nesil-cift-katmanli-235-cm-realistik-dildo-penis\/#primaryimage"},"image":{"@id":"https:\/\/hobierotikshop.com.tr\/website1\/erotik-shop-urun\/belden-baglamali-yeni-nesil-cift-katmanli-235-cm-realistik-dildo-penis\/#primaryimage"},"thumbnailUrl":"https:\/\/haremerotikshop.com\/site\/wp-content\/uploads\/2025\/04\/belden-baglamali-yeni-nesil-cift-katma-af-402.jpg","datePublished":"2025-04-26T13:53:42+00:00","dateModified":"2026-01-08T13:18:27+00:00","breadcrumb":{"@id":"https:\/\/hobierotikshop.com.tr\/website1\/erotik-shop-urun\/belden-baglamali-yeni-nesil-cift-katmanli-235-cm-realistik-dildo-penis\/#breadcrumb"},"inLanguage":"tr","potentialAction":[{"@type":"ReadAction","target":["https:\/\/hobierotikshop.com.tr\/website1\/erotik-shop-urun\/belden-baglamali-yeni-nesil-cift-katmanli-235-cm-realistik-dildo-penis\/"]}]},{"@type":"ImageObject","inLanguage":"tr","@id":"https:\/\/hobierotikshop.com.tr\/website1\/erotik-shop-urun\/belden-baglamali-yeni-nesil-cift-katmanli-235-cm-realistik-dildo-penis\/#primaryimage","url":"https:\/\/haremerotikshop.com\/site\/wp-content\/uploads\/2025\/04\/belden-baglamali-yeni-nesil-cift-katma-af-402.jpg","contentUrl":"https:\/\/haremerotikshop.com\/site\/wp-content\/uploads\/2025\/04\/belden-baglamali-yeni-nesil-cift-katma-af-402.jpg","width":455,"height":455},{"@type":"BreadcrumbList","@id":"https:\/\/hobierotikshop.com.tr\/website1\/erotik-shop-urun\/belden-baglamali-yeni-nesil-cift-katmanli-235-cm-realistik-dildo-penis\/#breadcrumb","itemListElement":[{"@type":"ListItem","position":1,"name":"Anasayfa","item":"https:\/\/hobierotikshop.com.tr\/website1\/"},{"@type":"ListItem","position":2,"name":"Erotik Shop \u00dcr\u00fcnleri","item":"https:\/\/hobierotikshop.com.tr\/website1\/shop\/"},{"@type":"ListItem","position":3,"name":"Belden Ba\u011flamal\u0131 Yeni Nesil \u00c7ift Katmanl\u0131 23,5 Cm Realistik Dildo Penis"}]},{"@type":"WebSite","@id":"https:\/\/hobierotikshop.com.tr\/website1\/#website","url":"https:\/\/hobierotikshop.com.tr\/website1\/","name":"Bursa Erotik Shop","description":"Bursa Erotik Shop ile g\u00fcvenli, gizli ve kaliteli yeti\u015fkin \u00fcr\u00fcnleri al\u0131\u015fveri\u015fi! Geni\u015f \u00fcr\u00fcn yelpazemizi ke\u015ffedin, hemen sipari\u015f verin","publisher":{"@id":"https:\/\/hobierotikshop.com.tr\/website1\/#organization"},"alternateName":"Erotik Shop","potentialAction":[{"@type":"SearchAction","target":{"@type":"EntryPoint","urlTemplate":"https:\/\/hobierotikshop.com.tr\/website1\/?s={search_term_string}"},"query-input":{"@type":"PropertyValueSpecification","valueRequired":true,"valueName":"search_term_string"}}],"inLanguage":"tr"},{"@type":"Organization","@id":"https:\/\/hobierotikshop.com.tr\/website1\/#organization","name":"Harem Bursa Erotik Shop","url":"https:\/\/hobierotikshop.com.tr\/website1\/","logo":{"@type":"ImageObject","inLanguage":"tr","@id":"https:\/\/hobierotikshop.com.tr\/website1\/#\/schema\/logo\/image\/","url":"https:\/\/haremerotikshop.com\/site\/wp-content\/uploads\/2025\/03\/haremsexshop.png","contentUrl":"https:\/\/haremerotikshop.com\/site\/wp-content\/uploads\/2025\/03\/haremsexshop.png","width":400,"height":100,"caption":"Harem Bursa Erotik Shop"},"image":{"@id":"https:\/\/hobierotikshop.com.tr\/website1\/#\/schema\/logo\/image\/"},"sameAs":["https:\/\/x.com\/shopbursa"],"publishingPrinciples":"https:\/\/hobierotikshop.com.tr\/website1\/mesafeli-satis-sozlesmesi\/","ownershipFundingInfo":"https:\/\/hobierotikshop.com.tr\/website1\/contact-us\/","actionableFeedbackPolicy":"https:\/\/hobierotikshop.com.tr\/website1\/contact-us\/","correctionsPolicy":"https:\/\/hobierotikshop.com.tr\/website1\/mesafeli-satis-sozlesmesi\/"}]},"product_price_amount":"2920.00","product_price_currency":"TRY","og_availability":"out of stock","product_availability":"out of stock","product_retailer_item_id":"BDM1290B","product_condition":"new"},"_links":{"self":[{"href":"https:\/\/haremerotikshop.com\/site\/wp-json\/wp\/v2\/product\/44065","targetHints":{"allow":["GET"]}}],"collection":[{"href":"https:\/\/haremerotikshop.com\/site\/wp-json\/wp\/v2\/product"}],"about":[{"href":"https:\/\/haremerotikshop.com\/site\/wp-json\/wp\/v2\/types\/product"}],"replies":[{"embeddable":true,"href":"https:\/\/haremerotikshop.com\/site\/wp-json\/wp\/v2\/comments?post=44065"}],"version-history":[{"count":0,"href":"https:\/\/haremerotikshop.com\/site\/wp-json\/wp\/v2\/product\/44065\/revisions"}],"wp:featuredmedia":[{"embeddable":true,"href":"https:\/\/haremerotikshop.com\/site\/wp-json\/wp\/v2\/media\/44067"}],"wp:attachment":[{"href":"https:\/\/haremerotikshop.com\/site\/wp-json\/wp\/v2\/media?parent=44065"}],"wp:term":[{"taxonomy":"product_brand","embeddable":true,"href":"https:\/\/haremerotikshop.com\/site\/wp-json\/wp\/v2\/product_brand?post=44065"},{"taxonomy":"product_cat","embeddable":true,"href":"https:\/\/haremerotikshop.com\/site\/wp-json\/wp\/v2\/product_cat?post=44065"},{"taxonomy":"product_tag","embeddable":true,"href":"https:\/\/haremerotikshop.com\/site\/wp-json\/wp\/v2\/product_tag?post=44065"}],"curies":[{"name":"wp","href":"https:\/\/api.w.org\/{rel}","templated":true}]}}