{"id":44086,"date":"2025-04-26T16:53:42","date_gmt":"2025-04-26T13:53:42","guid":{"rendered":"https:\/\/haremerotikshop.com\/site\/erotik-shop-urun\/yeni-nesil-cift-katmanli-23-cm-realistik-dildo-penis\/"},"modified":"2026-01-08T16:18:48","modified_gmt":"2026-01-08T13:18:48","slug":"yeni-nesil-cift-katmanli-23-cm-realistik-dildo-penis","status":"publish","type":"product","link":"https:\/\/haremerotikshop.com\/site\/erotik-shop-urun\/yeni-nesil-cift-katmanli-23-cm-realistik-dildo-penis\/","title":{"rendered":"Yeni Nesil \u00c7ift Katmanl\u0131 23 Cm Realistik Dildo Penis"},"content":{"rendered":"<h2 class=\"\" data-start=\"119\" data-end=\"204\"><strong data-start=\"122\" data-end=\"204\">Yeni Nesil \u00c7ift Katmanl\u0131 23 cm Realistik Dildo Penis \u2013 Ger\u00e7ek\u00e7i Zevkin Zirvesi<\/strong><\/h2>\n<p class=\"\" data-start=\"206\" data-end=\"583\"><strong data-start=\"206\" data-end=\"262\">Yeni Nesil \u00c7ift Katmanl\u0131 23 cm Realistik Dildo Penis<\/strong>, \u00f6zel tasar\u0131m\u0131 ve ileri teknoloji malzemeleriyle sizi ger\u00e7ek\u00e7i bir deneyime davet ediyor. Yumu\u015fak, elastik yap\u0131s\u0131 ve g\u00fc\u00e7l\u00fc vantuz \u00f6zelli\u011fi ile her kullan\u0131mda m\u00fckemmel bir tatmin sa\u011flar. <strong data-start=\"449\" data-end=\"468\">Soft Cyber Skin<\/strong> patentli R5 malzemesi sayesinde, sadece g\u00f6rsel de\u011fil, ayn\u0131 zamanda fiziksel anlamda da ger\u00e7ek\u00e7i bir deneyim sunar.<\/p>\n<hr class=\"\" data-start=\"585\" data-end=\"588\" \/>\n<h3 class=\"\" data-start=\"590\" data-end=\"615\"><strong data-start=\"594\" data-end=\"615\">\u00dcr\u00fcn \u00d6zellikleri:<\/strong><\/h3>\n<p class=\"\" data-start=\"617\" data-end=\"868\">\ud83d\udd39 <strong data-start=\"620\" data-end=\"655\">Ultra Yumu\u015fak ve Ger\u00e7ek\u00e7i Yap\u0131:<\/strong> <strong data-start=\"656\" data-end=\"675\">Soft Cyber Skin<\/strong> teknolojisiyle \u00fcretilen <strong data-start=\"700\" data-end=\"736\">Yeni Nesil 23 cm Realistik Dildo<\/strong> ultra yumu\u015fak dokusu sayesinde t\u0131pk\u0131 ger\u00e7ek bir cinsel deneyim hissiyat\u0131 sa\u011flar. Her kullan\u0131ld\u0131\u011f\u0131nda v\u00fccudunuzla uyumlu hale gelir.<\/p>\n<p class=\"\" data-start=\"870\" data-end=\"1048\">\ud83d\udd39 <strong data-start=\"873\" data-end=\"915\">V\u00fccut Is\u0131s\u0131na Uyum Sa\u011flayan Teknoloji:<\/strong> <strong data-start=\"916\" data-end=\"939\">R5 malzeme \u00f6zelli\u011fi<\/strong>, kullan\u0131m s\u0131ras\u0131nda v\u00fccut \u0131s\u0131s\u0131na h\u0131zla adapte olur, b\u00f6ylece daha do\u011fal ve rahat bir deneyim elde edersiniz.<\/p>\n<p class=\"\" data-start=\"1050\" data-end=\"1234\">\ud83d\udd39 <strong data-start=\"1053\" data-end=\"1076\">\u00c7ift Katmanl\u0131 Yap\u0131:<\/strong> Ger\u00e7ek\u00e7i ten dokusu ve \u00e7ift katmanl\u0131 yap\u0131, daha fazla esneklik, yumu\u015fakl\u0131k ve konfor sa\u011flar. Hem estetik hem de i\u015flevsel olarak etkileyici bir deneyim sunar.<\/p>\n<p class=\"\" data-start=\"1236\" data-end=\"1459\">\ud83d\udd39 <strong data-start=\"1239\" data-end=\"1265\">G\u00fc\u00e7l\u00fc Vantuz \u00d6zelli\u011fi:<\/strong> <strong data-start=\"1266\" data-end=\"1276\">Vantuz<\/strong> sayesinde, <strong data-start=\"1288\" data-end=\"1330\">Yeni Nesil 23 cm Realistik Dildo Penis<\/strong>, farkl\u0131 y\u00fczeylere g\u00fcvenle sabitlenebilir ve eller serbest bir \u015fekilde kullan\u0131labilir. Hem pratik hem de \u00f6zg\u00fcr bir deneyim sunar.<\/p>\n<p class=\"\" data-start=\"1461\" data-end=\"1626\">\ud83d\udd39 <strong data-start=\"1464\" data-end=\"1503\">Cilt Dostu ve Kolay Temizlenebilir:<\/strong> <strong data-start=\"1504\" data-end=\"1521\">Pthalate Free<\/strong> materyali sayesinde v\u00fccuda dosttur. Ayn\u0131 zamanda hijyenik bir kullan\u0131m sa\u011flar ve kolayca temizlenebilir.<\/p>\n<p class=\"\" data-start=\"1628\" data-end=\"1803\">\ud83d\udd39 <strong data-start=\"1631\" data-end=\"1663\">Farkl\u0131 Kullan\u0131m Se\u00e7enekleri:<\/strong> <strong data-start=\"1664\" data-end=\"1688\">Penis ba\u011flama kemeri<\/strong> ile belden ba\u011flanarak da kullan\u0131labilen bu dildo, farkl\u0131 pozisyonlarda kullan\u0131m olana\u011f\u0131 sunarak zevkinizi art\u0131r\u0131r.<\/p>\n<hr class=\"\" data-start=\"1805\" data-end=\"1808\" \/>\n<h3 class=\"\" data-start=\"1810\" data-end=\"1827\"><strong data-start=\"1814\" data-end=\"1827\">Boyutlar:<\/strong><\/h3>\n<ul data-start=\"1829\" data-end=\"1919\">\n<li class=\"\" data-start=\"1829\" data-end=\"1856\">\n<p class=\"\" data-start=\"1831\" data-end=\"1856\"><strong data-start=\"1831\" data-end=\"1850\">Toplam Uzunluk:<\/strong> 23 cm<\/p>\n<\/li>\n<li class=\"\" data-start=\"1857\" data-end=\"1892\">\n<p class=\"\" data-start=\"1859\" data-end=\"1892\"><strong data-start=\"1859\" data-end=\"1886\">Kullan\u0131labilir Uzunluk:<\/strong> 16 cm<\/p>\n<\/li>\n<li class=\"\" data-start=\"1893\" data-end=\"1919\">\n<p class=\"\" data-start=\"1895\" data-end=\"1919\"><strong data-start=\"1895\" data-end=\"1914\">\u00c7ap \/ Kal\u0131nl\u0131k:<\/strong> 4 cm<\/p>\n<\/li>\n<\/ul>\n<hr class=\"\" data-start=\"1921\" data-end=\"1924\" \/>\n<h3 class=\"\" data-start=\"1926\" data-end=\"1969\"><strong data-start=\"1930\" data-end=\"1969\">Gizli G\u00f6nderim ve G\u00fcvenli Teslimat:<\/strong><\/h3>\n<p class=\"\" data-start=\"1971\" data-end=\"2107\">Sipari\u015fleriniz <strong data-start=\"1986\" data-end=\"2013\">gizli ve kapal\u0131 koliler<\/strong> i\u00e7inde g\u00f6nderilir. Gizlili\u011finize \u00f6zen g\u00f6sterilir ve \u00fcr\u00fcnler eksiksiz olarak size ula\u015ft\u0131r\u0131l\u0131r.<\/p>\n<hr class=\"\" data-start=\"2109\" data-end=\"2112\" \/>\n<h3 class=\"\" data-start=\"2114\" data-end=\"2140\"><strong data-start=\"2118\" data-end=\"2140\">\u00d6deme Se\u00e7enekleri:<\/strong><\/h3>\n<p class=\"\" data-start=\"2142\" data-end=\"2254\"><strong data-start=\"2142\" data-end=\"2184\">Yeni Nesil 23 cm Realistik Dildo Penis<\/strong> ile g\u00fcvenli al\u0131\u015fveri\u015f yapabilirsiniz. \u00d6deme se\u00e7eneklerimiz \u015funlard\u0131r:<\/p>\n<ul data-start=\"2255\" data-end=\"2497\">\n<li class=\"\" data-start=\"2255\" data-end=\"2307\">\n<p class=\"\" data-start=\"2257\" data-end=\"2307\"><strong data-start=\"2257\" data-end=\"2273\">Kap\u0131da \u00f6deme<\/strong> ile kolayca \u00f6deme yapabilirsiniz.<\/p>\n<\/li>\n<li class=\"\" data-start=\"2308\" data-end=\"2351\">\n<p class=\"\" data-start=\"2310\" data-end=\"2351\"><strong data-start=\"2310\" data-end=\"2325\">Kredi kart\u0131<\/strong> ile g\u00fcvenli online \u00f6deme.<\/p>\n<\/li>\n<li class=\"\" data-start=\"2352\" data-end=\"2398\">\n<p class=\"\" data-start=\"2354\" data-end=\"2398\"><strong data-start=\"2354\" data-end=\"2372\">Banka havalesi<\/strong> ile \u00f6deme yapabilirsiniz.<\/p>\n<\/li>\n<li class=\"\" data-start=\"2399\" data-end=\"2497\">\n<p class=\"\" data-start=\"2401\" data-end=\"2497\"><strong data-start=\"2401\" data-end=\"2419\">Taksitli \u00f6deme<\/strong> se\u00e7enekleri ile al\u0131\u015fveri\u015finizi daha uygun fiyatlarla ger\u00e7ekle\u015ftirebilirsiniz.<\/p>\n<\/li>\n<\/ul>\n<hr class=\"\" data-start=\"2499\" data-end=\"2502\" \/>\n<h3 class=\"\" data-start=\"2504\" data-end=\"2554\"><strong data-start=\"2508\" data-end=\"2554\">H\u0131zl\u0131 G\u00f6nderim ve Orijinal \u00dcr\u00fcn Garantisi:<\/strong><\/h3>\n<p class=\"\" data-start=\"2556\" data-end=\"2763\">T\u00fcm \u00fcr\u00fcnlerimiz <strong data-start=\"2572\" data-end=\"2590\">h\u0131zl\u0131 g\u00f6nderim<\/strong> ile adresinize teslim edilir. Ayr\u0131ca, ald\u0131\u011f\u0131n\u0131z \u00fcr\u00fcnlerin <strong data-start=\"2649\" data-end=\"2661\">orijinal<\/strong> ve kaliteli oldu\u011fundan emin olabilirsiniz. <strong data-start=\"2705\" data-end=\"2720\">Gizli kargo<\/strong> ile sipari\u015flerinizi g\u00fcvenle alabilirsiniz.<\/p>\n<hr class=\"\" data-start=\"2765\" data-end=\"2768\" \/>\n<h3 class=\"\" data-start=\"2770\" data-end=\"2816\"><strong data-start=\"2774\" data-end=\"2816\">Sonu\u00e7: Ger\u00e7ek\u00e7i Zevk \u0130\u00e7in En \u0130yi Se\u00e7im<\/strong><\/h3>\n<p class=\"\" data-start=\"2818\" data-end=\"3128\"><strong data-start=\"2818\" data-end=\"2860\">Yeni Nesil 23 cm Realistik Dildo Penis<\/strong>, ger\u00e7ek\u00e7i yap\u0131s\u0131 ve yumu\u015fak malzemesiyle size unutulmaz bir cinsel deneyim sunar. G\u00fc\u00e7l\u00fc vantuz \u00f6zelli\u011fi ve kullan\u0131m kolayl\u0131\u011f\u0131 ile hem pratik hem de tatmin edici bir \u00fcr\u00fcn arayanlar i\u00e7in ideal bir tercihtir. Hemen sipari\u015f verin ve deneyiminizi bir \u00fcst seviyeye ta\u015f\u0131y\u0131n!<\/p>\n<p>&nbsp;<\/p>\n<p>&nbsp;<\/p>\n<p><a href=\"http:\/\/api.whatsapp.com\/send?phone=905304676616&amp;text=Sipari%C5%9F%20Vermek%20%C4%B0stiyorum%20haremshop%20BDM1292\"><img fetchpriority=\"high\" decoding=\"async\" class=\"alignnone\" src=\"https:\/\/static.ticimax.cloud\/32886\/uploads\/editoruploads\/whatsapp-destek-hatti.gif\" alt=\"\" width=\"750\" height=\"117\" \/><\/a><\/p>\n","protected":false},"excerpt":{"rendered":"<p><strong data-start=\"206\" data-end=\"262\">Yeni Nesil \u00c7ift Katmanl\u0131 23 cm Realistik Dildo Penis<\/strong>, \u00f6zel tasar\u0131m\u0131 ve ileri teknoloji malzemeleriyle sizi ger\u00e7ek\u00e7i bir deneyime davet ediyor. Yumu\u015fak, elastik yap\u0131s\u0131 ve g\u00fc\u00e7l\u00fc vantuz \u00f6zelli\u011fi ile her kullan\u0131mda m\u00fckemmel bir tatmin sa\u011flar. <strong data-start=\"449\" data-end=\"468\">Soft Cyber Skin<\/strong> patentli R5 malzemesi sayesinde, sadece g\u00f6rsel de\u011fil, ayn\u0131 zamanda fiziksel anlamda da ger\u00e7ek\u00e7i bir deneyim sunar.<\/p>\n","protected":false},"featured_media":44088,"comment_status":"closed","ping_status":"closed","template":"","meta":[],"product_brand":[],"product_cat":[501],"product_tag":[],"class_list":{"0":"post-44086","1":"product","2":"type-product","3":"status-publish","4":"has-post-thumbnail","6":"product_cat-realistik-penisler","8":"first","9":"outofstock","10":"purchasable","11":"product-type-simple"},"yoast_head":"<!-- This site is optimized with the Yoast SEO Premium plugin v24.4 (Yoast SEO v27.1.1) - https:\/\/yoast.com\/product\/yoast-seo-premium-wordpress\/ -->\n<title>Yeni Nesil \u00c7ift Katmanl\u0131 23 Cm Realistik Dildo Penis - Bursa Erotik Shop<\/title>\n<meta name=\"robots\" content=\"index, follow, max-snippet:-1, max-image-preview:large, max-video-preview:-1\" \/>\n<link rel=\"canonical\" href=\"https:\/\/hobierotikshop.com.tr\/website1\/erotik-shop-urun\/yeni-nesil-cift-katmanli-23-cm-realistik-dildo-penis\/\" \/>\n<meta property=\"og:locale\" content=\"tr_TR\" \/>\n<meta property=\"og:type\" content=\"article\" \/>\n<meta property=\"og:title\" content=\"Yeni Nesil \u00c7ift Katmanl\u0131 23 Cm Realistik Dildo Penis\" \/>\n<meta property=\"og:description\" content=\"Yeni Nesil \u00c7ift Katmanl\u0131 23 cm Realistik Dildo Penis, \u00f6zel tasar\u0131m\u0131 ve ileri teknoloji malzemeleriyle sizi ger\u00e7ek\u00e7i bir deneyime davet ediyor. Yumu\u015fak, elastik yap\u0131s\u0131 ve g\u00fc\u00e7l\u00fc vantuz \u00f6zelli\u011fi ile her kullan\u0131mda m\u00fckemmel bir tatmin sa\u011flar. Soft Cyber Skin patentli R5 malzemesi sayesinde, sadece g\u00f6rsel de\u011fil, ayn\u0131 zamanda fiziksel anlamda da ger\u00e7ek\u00e7i bir deneyim sunar.\" \/>\n<meta property=\"og:url\" content=\"https:\/\/hobierotikshop.com.tr\/website1\/erotik-shop-urun\/yeni-nesil-cift-katmanli-23-cm-realistik-dildo-penis\/\" \/>\n<meta property=\"og:site_name\" content=\"Bursa Erotik Shop\" \/>\n<meta property=\"article:modified_time\" content=\"2026-01-08T13:18:48+00:00\" \/>\n<meta property=\"og:image\" content=\"https:\/\/hobierotikshop.com.tr\/website1\/wp-content\/uploads\/2025\/04\/yeni-nesil-cift-katmanli-23-cm-realist-a051c6.jpg\" \/>\n\t<meta property=\"og:image:width\" content=\"455\" \/>\n\t<meta property=\"og:image:height\" content=\"455\" \/>\n\t<meta property=\"og:image:type\" content=\"image\/jpeg\" \/>\n<meta name=\"twitter:card\" content=\"summary_large_image\" \/>\n<meta name=\"twitter:site\" content=\"@shopbursa\" \/>\n<meta name=\"twitter:label1\" content=\"Fiyat\" \/>\n\t<meta name=\"twitter:data1\" content=\"&#8378;2.840,00\" \/>\n\t<meta name=\"twitter:label2\" content=\"Availability\" \/>\n\t<meta name=\"twitter:data2\" content=\"Out of stock\" \/>\n<script type=\"application\/ld+json\" class=\"yoast-schema-graph\">{\"@context\":\"https:\/\/schema.org\",\"@graph\":[{\"@type\":\"WebPage\",\"@id\":\"https:\/\/hobierotikshop.com.tr\/website1\/erotik-shop-urun\/yeni-nesil-cift-katmanli-23-cm-realistik-dildo-penis\/\",\"url\":\"https:\/\/hobierotikshop.com.tr\/website1\/erotik-shop-urun\/yeni-nesil-cift-katmanli-23-cm-realistik-dildo-penis\/\",\"name\":\"Yeni Nesil \u00c7ift Katmanl\u0131 23 Cm Realistik Dildo Penis - Bursa Erotik Shop\",\"isPartOf\":{\"@id\":\"https:\/\/hobierotikshop.com.tr\/website1\/#website\"},\"primaryImageOfPage\":{\"@id\":\"https:\/\/hobierotikshop.com.tr\/website1\/erotik-shop-urun\/yeni-nesil-cift-katmanli-23-cm-realistik-dildo-penis\/#primaryimage\"},\"image\":{\"@id\":\"https:\/\/hobierotikshop.com.tr\/website1\/erotik-shop-urun\/yeni-nesil-cift-katmanli-23-cm-realistik-dildo-penis\/#primaryimage\"},\"thumbnailUrl\":\"https:\/\/haremerotikshop.com\/site\/wp-content\/uploads\/2025\/04\/yeni-nesil-cift-katmanli-23-cm-realist-a051c6.jpg\",\"datePublished\":\"2025-04-26T13:53:42+00:00\",\"dateModified\":\"2026-01-08T13:18:48+00:00\",\"breadcrumb\":{\"@id\":\"https:\/\/hobierotikshop.com.tr\/website1\/erotik-shop-urun\/yeni-nesil-cift-katmanli-23-cm-realistik-dildo-penis\/#breadcrumb\"},\"inLanguage\":\"tr\",\"potentialAction\":[{\"@type\":\"ReadAction\",\"target\":[\"https:\/\/hobierotikshop.com.tr\/website1\/erotik-shop-urun\/yeni-nesil-cift-katmanli-23-cm-realistik-dildo-penis\/\"]}]},{\"@type\":\"ImageObject\",\"inLanguage\":\"tr\",\"@id\":\"https:\/\/hobierotikshop.com.tr\/website1\/erotik-shop-urun\/yeni-nesil-cift-katmanli-23-cm-realistik-dildo-penis\/#primaryimage\",\"url\":\"https:\/\/haremerotikshop.com\/site\/wp-content\/uploads\/2025\/04\/yeni-nesil-cift-katmanli-23-cm-realist-a051c6.jpg\",\"contentUrl\":\"https:\/\/haremerotikshop.com\/site\/wp-content\/uploads\/2025\/04\/yeni-nesil-cift-katmanli-23-cm-realist-a051c6.jpg\",\"width\":455,\"height\":455},{\"@type\":\"BreadcrumbList\",\"@id\":\"https:\/\/hobierotikshop.com.tr\/website1\/erotik-shop-urun\/yeni-nesil-cift-katmanli-23-cm-realistik-dildo-penis\/#breadcrumb\",\"itemListElement\":[{\"@type\":\"ListItem\",\"position\":1,\"name\":\"Anasayfa\",\"item\":\"https:\/\/hobierotikshop.com.tr\/website1\/\"},{\"@type\":\"ListItem\",\"position\":2,\"name\":\"Erotik Shop \u00dcr\u00fcnleri\",\"item\":\"https:\/\/hobierotikshop.com.tr\/website1\/shop\/\"},{\"@type\":\"ListItem\",\"position\":3,\"name\":\"Yeni Nesil \u00c7ift Katmanl\u0131 23 Cm Realistik Dildo Penis\"}]},{\"@type\":\"WebSite\",\"@id\":\"https:\/\/hobierotikshop.com.tr\/website1\/#website\",\"url\":\"https:\/\/hobierotikshop.com.tr\/website1\/\",\"name\":\"Bursa Erotik Shop\",\"description\":\"Bursa Erotik Shop ile g\u00fcvenli, gizli ve kaliteli yeti\u015fkin \u00fcr\u00fcnleri al\u0131\u015fveri\u015fi! Geni\u015f \u00fcr\u00fcn yelpazemizi ke\u015ffedin, hemen sipari\u015f verin\",\"publisher\":{\"@id\":\"https:\/\/hobierotikshop.com.tr\/website1\/#organization\"},\"alternateName\":\"Erotik Shop\",\"potentialAction\":[{\"@type\":\"SearchAction\",\"target\":{\"@type\":\"EntryPoint\",\"urlTemplate\":\"https:\/\/hobierotikshop.com.tr\/website1\/?s={search_term_string}\"},\"query-input\":{\"@type\":\"PropertyValueSpecification\",\"valueRequired\":true,\"valueName\":\"search_term_string\"}}],\"inLanguage\":\"tr\"},{\"@type\":\"Organization\",\"@id\":\"https:\/\/hobierotikshop.com.tr\/website1\/#organization\",\"name\":\"Harem Bursa Erotik Shop\",\"url\":\"https:\/\/hobierotikshop.com.tr\/website1\/\",\"logo\":{\"@type\":\"ImageObject\",\"inLanguage\":\"tr\",\"@id\":\"https:\/\/hobierotikshop.com.tr\/website1\/#\/schema\/logo\/image\/\",\"url\":\"https:\/\/haremerotikshop.com\/site\/wp-content\/uploads\/2025\/03\/haremsexshop.png\",\"contentUrl\":\"https:\/\/haremerotikshop.com\/site\/wp-content\/uploads\/2025\/03\/haremsexshop.png\",\"width\":400,\"height\":100,\"caption\":\"Harem Bursa Erotik Shop\"},\"image\":{\"@id\":\"https:\/\/hobierotikshop.com.tr\/website1\/#\/schema\/logo\/image\/\"},\"sameAs\":[\"https:\/\/x.com\/shopbursa\"],\"publishingPrinciples\":\"https:\/\/hobierotikshop.com.tr\/website1\/mesafeli-satis-sozlesmesi\/\",\"ownershipFundingInfo\":\"https:\/\/hobierotikshop.com.tr\/website1\/contact-us\/\",\"actionableFeedbackPolicy\":\"https:\/\/hobierotikshop.com.tr\/website1\/contact-us\/\",\"correctionsPolicy\":\"https:\/\/hobierotikshop.com.tr\/website1\/mesafeli-satis-sozlesmesi\/\"}]}<\/script>\n<meta property=\"product:price:amount\" content=\"2840.00\" \/>\n<meta property=\"product:price:currency\" content=\"TRY\" \/>\n<meta property=\"og:availability\" content=\"out of stock\" \/>\n<meta property=\"product:availability\" content=\"out of stock\" \/>\n<meta property=\"product:retailer_item_id\" content=\"BDM1292\" \/>\n<meta property=\"product:condition\" content=\"new\" \/>\n<!-- \/ Yoast SEO Premium plugin. -->","yoast_head_json":{"title":"Yeni Nesil \u00c7ift Katmanl\u0131 23 Cm Realistik Dildo Penis - Bursa Erotik Shop","robots":{"index":"index","follow":"follow","max-snippet":"max-snippet:-1","max-image-preview":"max-image-preview:large","max-video-preview":"max-video-preview:-1"},"canonical":"https:\/\/hobierotikshop.com.tr\/website1\/erotik-shop-urun\/yeni-nesil-cift-katmanli-23-cm-realistik-dildo-penis\/","og_locale":"tr_TR","og_type":"article","og_title":"Yeni Nesil \u00c7ift Katmanl\u0131 23 Cm Realistik Dildo Penis","og_description":"Yeni Nesil \u00c7ift Katmanl\u0131 23 cm Realistik Dildo Penis, \u00f6zel tasar\u0131m\u0131 ve ileri teknoloji malzemeleriyle sizi ger\u00e7ek\u00e7i bir deneyime davet ediyor. Yumu\u015fak, elastik yap\u0131s\u0131 ve g\u00fc\u00e7l\u00fc vantuz \u00f6zelli\u011fi ile her kullan\u0131mda m\u00fckemmel bir tatmin sa\u011flar. Soft Cyber Skin patentli R5 malzemesi sayesinde, sadece g\u00f6rsel de\u011fil, ayn\u0131 zamanda fiziksel anlamda da ger\u00e7ek\u00e7i bir deneyim sunar.","og_url":"https:\/\/hobierotikshop.com.tr\/website1\/erotik-shop-urun\/yeni-nesil-cift-katmanli-23-cm-realistik-dildo-penis\/","og_site_name":"Bursa Erotik Shop","article_modified_time":"2026-01-08T13:18:48+00:00","og_image":[{"width":455,"height":455,"url":"https:\/\/hobierotikshop.com.tr\/website1\/wp-content\/uploads\/2025\/04\/yeni-nesil-cift-katmanli-23-cm-realist-a051c6.jpg","type":"image\/jpeg"}],"twitter_card":"summary_large_image","twitter_site":"@shopbursa","twitter_misc":{"Fiyat":"&#8378;2.840,00","Availability":"Out of stock"},"schema":{"@context":"https:\/\/schema.org","@graph":[{"@type":"WebPage","@id":"https:\/\/hobierotikshop.com.tr\/website1\/erotik-shop-urun\/yeni-nesil-cift-katmanli-23-cm-realistik-dildo-penis\/","url":"https:\/\/hobierotikshop.com.tr\/website1\/erotik-shop-urun\/yeni-nesil-cift-katmanli-23-cm-realistik-dildo-penis\/","name":"Yeni Nesil \u00c7ift Katmanl\u0131 23 Cm Realistik Dildo Penis - Bursa Erotik Shop","isPartOf":{"@id":"https:\/\/hobierotikshop.com.tr\/website1\/#website"},"primaryImageOfPage":{"@id":"https:\/\/hobierotikshop.com.tr\/website1\/erotik-shop-urun\/yeni-nesil-cift-katmanli-23-cm-realistik-dildo-penis\/#primaryimage"},"image":{"@id":"https:\/\/hobierotikshop.com.tr\/website1\/erotik-shop-urun\/yeni-nesil-cift-katmanli-23-cm-realistik-dildo-penis\/#primaryimage"},"thumbnailUrl":"https:\/\/haremerotikshop.com\/site\/wp-content\/uploads\/2025\/04\/yeni-nesil-cift-katmanli-23-cm-realist-a051c6.jpg","datePublished":"2025-04-26T13:53:42+00:00","dateModified":"2026-01-08T13:18:48+00:00","breadcrumb":{"@id":"https:\/\/hobierotikshop.com.tr\/website1\/erotik-shop-urun\/yeni-nesil-cift-katmanli-23-cm-realistik-dildo-penis\/#breadcrumb"},"inLanguage":"tr","potentialAction":[{"@type":"ReadAction","target":["https:\/\/hobierotikshop.com.tr\/website1\/erotik-shop-urun\/yeni-nesil-cift-katmanli-23-cm-realistik-dildo-penis\/"]}]},{"@type":"ImageObject","inLanguage":"tr","@id":"https:\/\/hobierotikshop.com.tr\/website1\/erotik-shop-urun\/yeni-nesil-cift-katmanli-23-cm-realistik-dildo-penis\/#primaryimage","url":"https:\/\/haremerotikshop.com\/site\/wp-content\/uploads\/2025\/04\/yeni-nesil-cift-katmanli-23-cm-realist-a051c6.jpg","contentUrl":"https:\/\/haremerotikshop.com\/site\/wp-content\/uploads\/2025\/04\/yeni-nesil-cift-katmanli-23-cm-realist-a051c6.jpg","width":455,"height":455},{"@type":"BreadcrumbList","@id":"https:\/\/hobierotikshop.com.tr\/website1\/erotik-shop-urun\/yeni-nesil-cift-katmanli-23-cm-realistik-dildo-penis\/#breadcrumb","itemListElement":[{"@type":"ListItem","position":1,"name":"Anasayfa","item":"https:\/\/hobierotikshop.com.tr\/website1\/"},{"@type":"ListItem","position":2,"name":"Erotik Shop \u00dcr\u00fcnleri","item":"https:\/\/hobierotikshop.com.tr\/website1\/shop\/"},{"@type":"ListItem","position":3,"name":"Yeni Nesil \u00c7ift Katmanl\u0131 23 Cm Realistik Dildo Penis"}]},{"@type":"WebSite","@id":"https:\/\/hobierotikshop.com.tr\/website1\/#website","url":"https:\/\/hobierotikshop.com.tr\/website1\/","name":"Bursa Erotik Shop","description":"Bursa Erotik Shop ile g\u00fcvenli, gizli ve kaliteli yeti\u015fkin \u00fcr\u00fcnleri al\u0131\u015fveri\u015fi! Geni\u015f \u00fcr\u00fcn yelpazemizi ke\u015ffedin, hemen sipari\u015f verin","publisher":{"@id":"https:\/\/hobierotikshop.com.tr\/website1\/#organization"},"alternateName":"Erotik Shop","potentialAction":[{"@type":"SearchAction","target":{"@type":"EntryPoint","urlTemplate":"https:\/\/hobierotikshop.com.tr\/website1\/?s={search_term_string}"},"query-input":{"@type":"PropertyValueSpecification","valueRequired":true,"valueName":"search_term_string"}}],"inLanguage":"tr"},{"@type":"Organization","@id":"https:\/\/hobierotikshop.com.tr\/website1\/#organization","name":"Harem Bursa Erotik Shop","url":"https:\/\/hobierotikshop.com.tr\/website1\/","logo":{"@type":"ImageObject","inLanguage":"tr","@id":"https:\/\/hobierotikshop.com.tr\/website1\/#\/schema\/logo\/image\/","url":"https:\/\/haremerotikshop.com\/site\/wp-content\/uploads\/2025\/03\/haremsexshop.png","contentUrl":"https:\/\/haremerotikshop.com\/site\/wp-content\/uploads\/2025\/03\/haremsexshop.png","width":400,"height":100,"caption":"Harem Bursa Erotik Shop"},"image":{"@id":"https:\/\/hobierotikshop.com.tr\/website1\/#\/schema\/logo\/image\/"},"sameAs":["https:\/\/x.com\/shopbursa"],"publishingPrinciples":"https:\/\/hobierotikshop.com.tr\/website1\/mesafeli-satis-sozlesmesi\/","ownershipFundingInfo":"https:\/\/hobierotikshop.com.tr\/website1\/contact-us\/","actionableFeedbackPolicy":"https:\/\/hobierotikshop.com.tr\/website1\/contact-us\/","correctionsPolicy":"https:\/\/hobierotikshop.com.tr\/website1\/mesafeli-satis-sozlesmesi\/"}]},"product_price_amount":"2840.00","product_price_currency":"TRY","og_availability":"out of stock","product_availability":"out of stock","product_retailer_item_id":"BDM1292","product_condition":"new"},"_links":{"self":[{"href":"https:\/\/haremerotikshop.com\/site\/wp-json\/wp\/v2\/product\/44086","targetHints":{"allow":["GET"]}}],"collection":[{"href":"https:\/\/haremerotikshop.com\/site\/wp-json\/wp\/v2\/product"}],"about":[{"href":"https:\/\/haremerotikshop.com\/site\/wp-json\/wp\/v2\/types\/product"}],"replies":[{"embeddable":true,"href":"https:\/\/haremerotikshop.com\/site\/wp-json\/wp\/v2\/comments?post=44086"}],"version-history":[{"count":0,"href":"https:\/\/haremerotikshop.com\/site\/wp-json\/wp\/v2\/product\/44086\/revisions"}],"wp:featuredmedia":[{"embeddable":true,"href":"https:\/\/haremerotikshop.com\/site\/wp-json\/wp\/v2\/media\/44088"}],"wp:attachment":[{"href":"https:\/\/haremerotikshop.com\/site\/wp-json\/wp\/v2\/media?parent=44086"}],"wp:term":[{"taxonomy":"product_brand","embeddable":true,"href":"https:\/\/haremerotikshop.com\/site\/wp-json\/wp\/v2\/product_brand?post=44086"},{"taxonomy":"product_cat","embeddable":true,"href":"https:\/\/haremerotikshop.com\/site\/wp-json\/wp\/v2\/product_cat?post=44086"},{"taxonomy":"product_tag","embeddable":true,"href":"https:\/\/haremerotikshop.com\/site\/wp-json\/wp\/v2\/product_tag?post=44086"}],"curies":[{"name":"wp","href":"https:\/\/api.w.org\/{rel}","templated":true}]}}