{"id":44100,"date":"2025-04-26T16:53:42","date_gmt":"2025-04-26T13:53:42","guid":{"rendered":"https:\/\/haremerotikshop.com\/site\/erotik-shop-urun\/yeni-nesil-cift-katmanli-215-cm-realistik-dildo-penis\/"},"modified":"2026-01-08T16:21:04","modified_gmt":"2026-01-08T13:21:04","slug":"yeni-nesil-cift-katmanli-215-cm-realistik-dildo-penis","status":"publish","type":"product","link":"https:\/\/haremerotikshop.com\/site\/erotik-shop-urun\/yeni-nesil-cift-katmanli-215-cm-realistik-dildo-penis\/","title":{"rendered":"Yeni Nesil \u00c7ift Katmanl\u0131 21,5 Cm Realistik Dildo Penis"},"content":{"rendered":"<h2 class=\"\" data-start=\"121\" data-end=\"217\"><strong data-start=\"124\" data-end=\"217\">Yeni Nesil \u00c7ift Katmanl\u0131 21,5 cm Realistik Dildo Penis \u2013 Ger\u00e7ek\u00e7i Zevk ve Maksimum Tatmin<\/strong><\/h2>\n<p class=\"\" data-start=\"219\" data-end=\"589\"><strong data-start=\"219\" data-end=\"277\">Yeni Nesil \u00c7ift Katmanl\u0131 21,5 cm Realistik Dildo Penis<\/strong>, cinsel deneyiminizi bir \u00fcst seviyeye ta\u015f\u0131mak i\u00e7in tasarlanm\u0131\u015f m\u00fckemmel bir \u00fcr\u00fcnd\u00fcr. Ger\u00e7ek\u00e7i g\u00f6r\u00fcn\u00fcm\u00fc ve ultra yumu\u015fak yap\u0131s\u0131yla, her kullan\u0131mda maksimum tatmin sa\u011flar. <strong data-start=\"448\" data-end=\"467\">Soft Cyber Skin<\/strong> patentli R5 teknolojisi ile \u00fcretilen bu dildo, v\u00fccut s\u0131cakl\u0131\u011f\u0131na duyarl\u0131 olup, size do\u011fal ve konforlu bir kullan\u0131m sunar.<\/p>\n<hr class=\"\" data-start=\"591\" data-end=\"594\" \/>\n<h3 class=\"\" data-start=\"596\" data-end=\"621\"><strong data-start=\"600\" data-end=\"621\">\u00dcr\u00fcn \u00d6zellikleri:<\/strong><\/h3>\n<p class=\"\" data-start=\"623\" data-end=\"844\">\ud83d\udd39 <strong data-start=\"626\" data-end=\"661\">Ultra Yumu\u015fak ve Ger\u00e7ek\u00e7i Yap\u0131:<\/strong> <strong data-start=\"662\" data-end=\"686\">100% Soft Cyber Skin<\/strong> patentli R5 malzemesi, ultra yumu\u015fak dokusu ile ba\u015f d\u00f6nd\u00fcren bir ger\u00e7eklik sunar. Hem g\u00f6zle hem de elle hissetti\u011finizde ger\u00e7ek bir cinsel deneyim ya\u015fars\u0131n\u0131z.<\/p>\n<p class=\"\" data-start=\"846\" data-end=\"1015\">\ud83d\udd39 <strong data-start=\"849\" data-end=\"872\">V\u00fccut Is\u0131s\u0131na Uyum:<\/strong> <strong data-start=\"873\" data-end=\"899\">R5 malzeme teknolojisi<\/strong>, dildo kullan\u0131m s\u0131ras\u0131nda v\u00fccut \u0131s\u0131s\u0131na h\u0131zla uyum sa\u011flar, b\u00f6ylece daha do\u011fal ve rahat bir kullan\u0131m deneyimi sunar.<\/p>\n<p class=\"\" data-start=\"1017\" data-end=\"1217\">\ud83d\udd39 <strong data-start=\"1020\" data-end=\"1043\">\u00c7ift Katmanl\u0131 Yap\u0131:<\/strong> Ger\u00e7ek\u00e7i ten dokusu ve \u00e7ift katmanl\u0131 tasar\u0131m\u0131 sayesinde, daha esnek, yumu\u015fak ve v\u00fccuda uyumlu bir deneyim sa\u011flar. Hem g\u00f6r\u00fcn\u00fcm hem de his a\u00e7\u0131s\u0131ndan tam bir ger\u00e7ek\u00e7ilik sunar.<\/p>\n<p class=\"\" data-start=\"1219\" data-end=\"1403\">\ud83d\udd39 <strong data-start=\"1222\" data-end=\"1248\">G\u00fc\u00e7l\u00fc Vantuz \u00d6zelli\u011fi:<\/strong> <strong data-start=\"1249\" data-end=\"1265\">G\u00fc\u00e7l\u00fc vantuz<\/strong> sayesinde her zemine kolayca sabitlenebilir. Bu \u00f6zellik, eller serbest kullan\u0131m olana\u011f\u0131 sunarak daha \u00f6zg\u00fcr bir deneyim ya\u015faman\u0131z\u0131 sa\u011flar.<\/p>\n<p class=\"\" data-start=\"1405\" data-end=\"1566\">\ud83d\udd39 <strong data-start=\"1408\" data-end=\"1447\">Cilt Dostu ve Kolay Temizlenebilir:<\/strong> <strong data-start=\"1448\" data-end=\"1474\">Pthalate free materyal<\/strong> kullan\u0131m\u0131 sayesinde cilt dostudur. Ayr\u0131ca, hijyeninizi korumak i\u00e7in kolayca temizlenebilir.<\/p>\n<p class=\"\" data-start=\"1568\" data-end=\"1741\">\ud83d\udd39 <strong data-start=\"1571\" data-end=\"1599\">Kemerle Kullan\u0131m \u0130mkan\u0131:<\/strong> <strong data-start=\"1600\" data-end=\"1624\">Penis ba\u011flama kemeri<\/strong> ile belden ba\u011flanarak da kullan\u0131labilen bu dildo, farkl\u0131 kullan\u0131m se\u00e7enekleri ile daha fazla zevk ve rahatl\u0131k sunar.<\/p>\n<hr class=\"\" data-start=\"1743\" data-end=\"1746\" \/>\n<h3 class=\"\" data-start=\"1748\" data-end=\"1765\"><strong data-start=\"1752\" data-end=\"1765\">Boyutlar:<\/strong><\/h3>\n<ul data-start=\"1767\" data-end=\"1861\">\n<li class=\"\" data-start=\"1767\" data-end=\"1796\">\n<p class=\"\" data-start=\"1769\" data-end=\"1796\"><strong data-start=\"1769\" data-end=\"1788\">Toplam Uzunluk:<\/strong> 21,5 cm<\/p>\n<\/li>\n<li class=\"\" data-start=\"1797\" data-end=\"1834\">\n<p class=\"\" data-start=\"1799\" data-end=\"1834\"><strong data-start=\"1799\" data-end=\"1826\">Kullan\u0131labilir Uzunluk:<\/strong> 15,5 cm<\/p>\n<\/li>\n<li class=\"\" data-start=\"1835\" data-end=\"1861\">\n<p class=\"\" data-start=\"1837\" data-end=\"1861\"><strong data-start=\"1837\" data-end=\"1856\">\u00c7ap \/ Kal\u0131nl\u0131k:<\/strong> 4 cm<\/p>\n<\/li>\n<\/ul>\n<hr class=\"\" data-start=\"1863\" data-end=\"1866\" \/>\n<h3 class=\"\" data-start=\"1868\" data-end=\"1911\"><strong data-start=\"1872\" data-end=\"1911\">Gizli G\u00f6nderim ve G\u00fcvenli Teslimat:<\/strong><\/h3>\n<p class=\"\" data-start=\"1913\" data-end=\"2043\">Sipari\u015fleriniz <strong data-start=\"1928\" data-end=\"1955\">gizli ve kapal\u0131 koliler<\/strong> i\u00e7inde g\u00f6nderilir, b\u00f6ylece gizlili\u011finiz korunur. Sipari\u015flerinizi g\u00fcvenle alabilirsiniz.<\/p>\n<hr class=\"\" data-start=\"2045\" data-end=\"2048\" \/>\n<h3 class=\"\" data-start=\"2050\" data-end=\"2076\"><strong data-start=\"2054\" data-end=\"2076\">\u00d6deme Se\u00e7enekleri:<\/strong><\/h3>\n<p class=\"\" data-start=\"2078\" data-end=\"2188\"><strong data-start=\"2078\" data-end=\"2122\">Yeni Nesil 21,5 cm Realistik Dildo Penis<\/strong> ile g\u00fcvenli al\u0131\u015fveri\u015fin keyfini \u00e7\u0131kar\u0131n. \u00d6deme se\u00e7eneklerimizden:<\/p>\n<ul data-start=\"2189\" data-end=\"2409\">\n<li class=\"\" data-start=\"2189\" data-end=\"2241\">\n<p class=\"\" data-start=\"2191\" data-end=\"2241\"><strong data-start=\"2191\" data-end=\"2207\">Kap\u0131da \u00f6deme<\/strong> ile kolayca \u00f6deme yapabilirsiniz.<\/p>\n<\/li>\n<li class=\"\" data-start=\"2242\" data-end=\"2285\">\n<p class=\"\" data-start=\"2244\" data-end=\"2285\"><strong data-start=\"2244\" data-end=\"2259\">Kredi kart\u0131<\/strong> ile g\u00fcvenli online \u00f6deme.<\/p>\n<\/li>\n<li class=\"\" data-start=\"2286\" data-end=\"2324\">\n<p class=\"\" data-start=\"2288\" data-end=\"2324\"><strong data-start=\"2288\" data-end=\"2306\">Banka havalesi<\/strong> ile \u00f6deme imkan\u0131.<\/p>\n<\/li>\n<li class=\"\" data-start=\"2325\" data-end=\"2409\">\n<p class=\"\" data-start=\"2327\" data-end=\"2409\"><strong data-start=\"2327\" data-end=\"2345\">Taksitli \u00f6deme<\/strong> se\u00e7enekleri ile daha uygun fiyatlarla al\u0131\u015fveri\u015f yapabilirsiniz.<\/p>\n<\/li>\n<\/ul>\n<hr class=\"\" data-start=\"2411\" data-end=\"2414\" \/>\n<h3 class=\"\" data-start=\"2416\" data-end=\"2466\"><strong data-start=\"2420\" data-end=\"2466\">H\u0131zl\u0131 G\u00f6nderim ve Orijinal \u00dcr\u00fcn Garantisi:<\/strong><\/h3>\n<p class=\"\" data-start=\"2468\" data-end=\"2694\">T\u00fcm \u00fcr\u00fcnlerimiz <strong data-start=\"2484\" data-end=\"2502\">h\u0131zl\u0131 g\u00f6nderim<\/strong> ile adresinize ula\u015ft\u0131r\u0131l\u0131r. Ayr\u0131ca, ald\u0131\u011f\u0131n\u0131z \u00fcr\u00fcnlerin <strong data-start=\"2559\" data-end=\"2571\">orijinal<\/strong> ve kaliteli oldu\u011fundan emin olabilirsiniz. Sipari\u015fleriniz <strong data-start=\"2630\" data-end=\"2645\">gizli kargo<\/strong> ile paketlenir ve eksiksiz olarak teslim edilir.<\/p>\n<hr class=\"\" data-start=\"2696\" data-end=\"2699\" \/>\n<h3 class=\"\" data-start=\"2701\" data-end=\"2749\"><strong data-start=\"2705\" data-end=\"2749\">Sonu\u00e7: Ger\u00e7ek\u00e7i Deneyim \u0130\u00e7in \u0130deal Se\u00e7im<\/strong><\/h3>\n<p class=\"\" data-start=\"2751\" data-end=\"3024\"><strong data-start=\"2751\" data-end=\"2795\">Yeni Nesil 21,5 cm Realistik Dildo Penis<\/strong>, ger\u00e7ek\u00e7i yap\u0131s\u0131, rahat kullan\u0131m\u0131 ve g\u00fc\u00e7l\u00fc vantuz \u00f6zelli\u011fi ile sizi yeni bir zevk seviyesine ta\u015f\u0131r. Ger\u00e7ekten unutulmaz bir deneyim arayanlar i\u00e7in ideal bir \u00fcr\u00fcnd\u00fcr. Hemen sipari\u015f verin ve cinsel ya\u015fam\u0131n\u0131za yeni bir boyut kat\u0131n!<\/p>\n<p>&nbsp;<\/p>\n<p>&nbsp;<\/p>\n<p><a href=\"http:\/\/api.whatsapp.com\/send?phone=905304676616&amp;text=Sipari%C5%9F%20Vermek%20%C4%B0stiyorum%20haremshop%20BDM1293\"><img fetchpriority=\"high\" decoding=\"async\" class=\"alignnone\" src=\"https:\/\/static.ticimax.cloud\/32886\/uploads\/editoruploads\/whatsapp-destek-hatti.gif\" alt=\"\" width=\"750\" height=\"117\" \/><\/a><\/p>\n","protected":false},"excerpt":{"rendered":"<p><strong data-start=\"219\" data-end=\"277\">Yeni Nesil \u00c7ift Katmanl\u0131 21,5 cm Realistik Dildo Penis<\/strong>, cinsel deneyiminizi bir \u00fcst seviyeye ta\u015f\u0131mak i\u00e7in tasarlanm\u0131\u015f m\u00fckemmel bir \u00fcr\u00fcnd\u00fcr. Ger\u00e7ek\u00e7i g\u00f6r\u00fcn\u00fcm\u00fc ve ultra yumu\u015fak yap\u0131s\u0131yla, her kullan\u0131mda maksimum tatmin sa\u011flar. <strong data-start=\"448\" data-end=\"467\">Soft Cyber Skin<\/strong> patentli R5 teknolojisi ile \u00fcretilen bu dildo, v\u00fccut s\u0131cakl\u0131\u011f\u0131na duyarl\u0131 olup, size do\u011fal ve konforlu bir kullan\u0131m sunar.<\/p>\n","protected":false},"featured_media":44102,"comment_status":"closed","ping_status":"closed","template":"","meta":[],"product_brand":[],"product_cat":[501],"product_tag":[],"class_list":{"0":"post-44100","1":"product","2":"type-product","3":"status-publish","4":"has-post-thumbnail","6":"product_cat-realistik-penisler","8":"first","9":"outofstock","10":"purchasable","11":"product-type-simple"},"yoast_head":"<!-- This site is optimized with the Yoast SEO Premium plugin v24.4 (Yoast SEO v27.1.1) - https:\/\/yoast.com\/product\/yoast-seo-premium-wordpress\/ -->\n<title>Yeni Nesil \u00c7ift Katmanl\u0131 21,5 Cm Realistik Dildo Penis - Bursa Erotik Shop<\/title>\n<meta name=\"robots\" content=\"index, follow, max-snippet:-1, max-image-preview:large, max-video-preview:-1\" \/>\n<link rel=\"canonical\" href=\"https:\/\/hobierotikshop.com.tr\/website1\/erotik-shop-urun\/yeni-nesil-cift-katmanli-215-cm-realistik-dildo-penis\/\" \/>\n<meta property=\"og:locale\" content=\"tr_TR\" \/>\n<meta property=\"og:type\" content=\"article\" \/>\n<meta property=\"og:title\" content=\"Yeni Nesil \u00c7ift Katmanl\u0131 21,5 Cm Realistik Dildo Penis\" \/>\n<meta property=\"og:description\" content=\"Yeni Nesil \u00c7ift Katmanl\u0131 21,5 cm Realistik Dildo Penis, cinsel deneyiminizi bir \u00fcst seviyeye ta\u015f\u0131mak i\u00e7in tasarlanm\u0131\u015f m\u00fckemmel bir \u00fcr\u00fcnd\u00fcr. Ger\u00e7ek\u00e7i g\u00f6r\u00fcn\u00fcm\u00fc ve ultra yumu\u015fak yap\u0131s\u0131yla, her kullan\u0131mda maksimum tatmin sa\u011flar. Soft Cyber Skin patentli R5 teknolojisi ile \u00fcretilen bu dildo, v\u00fccut s\u0131cakl\u0131\u011f\u0131na duyarl\u0131 olup, size do\u011fal ve konforlu bir kullan\u0131m sunar.\" \/>\n<meta property=\"og:url\" content=\"https:\/\/hobierotikshop.com.tr\/website1\/erotik-shop-urun\/yeni-nesil-cift-katmanli-215-cm-realistik-dildo-penis\/\" \/>\n<meta property=\"og:site_name\" content=\"Bursa Erotik Shop\" \/>\n<meta property=\"article:modified_time\" content=\"2026-01-08T13:21:04+00:00\" \/>\n<meta property=\"og:image\" content=\"https:\/\/hobierotikshop.com.tr\/website1\/wp-content\/uploads\/2025\/04\/yeni-nesil-cift-katmanli-215-cm-realis-84d8c.jpg\" \/>\n\t<meta property=\"og:image:width\" content=\"455\" \/>\n\t<meta property=\"og:image:height\" content=\"455\" \/>\n\t<meta property=\"og:image:type\" content=\"image\/jpeg\" \/>\n<meta name=\"twitter:card\" content=\"summary_large_image\" \/>\n<meta name=\"twitter:site\" content=\"@shopbursa\" \/>\n<meta name=\"twitter:label1\" content=\"Fiyat\" \/>\n\t<meta name=\"twitter:data1\" content=\"&#8378;3.600,00\" \/>\n\t<meta name=\"twitter:label2\" content=\"Availability\" \/>\n\t<meta name=\"twitter:data2\" content=\"Out of stock\" \/>\n<script type=\"application\/ld+json\" class=\"yoast-schema-graph\">{\"@context\":\"https:\/\/schema.org\",\"@graph\":[{\"@type\":\"WebPage\",\"@id\":\"https:\/\/hobierotikshop.com.tr\/website1\/erotik-shop-urun\/yeni-nesil-cift-katmanli-215-cm-realistik-dildo-penis\/\",\"url\":\"https:\/\/hobierotikshop.com.tr\/website1\/erotik-shop-urun\/yeni-nesil-cift-katmanli-215-cm-realistik-dildo-penis\/\",\"name\":\"Yeni Nesil \u00c7ift Katmanl\u0131 21,5 Cm Realistik Dildo Penis - Bursa Erotik Shop\",\"isPartOf\":{\"@id\":\"https:\/\/hobierotikshop.com.tr\/website1\/#website\"},\"primaryImageOfPage\":{\"@id\":\"https:\/\/hobierotikshop.com.tr\/website1\/erotik-shop-urun\/yeni-nesil-cift-katmanli-215-cm-realistik-dildo-penis\/#primaryimage\"},\"image\":{\"@id\":\"https:\/\/hobierotikshop.com.tr\/website1\/erotik-shop-urun\/yeni-nesil-cift-katmanli-215-cm-realistik-dildo-penis\/#primaryimage\"},\"thumbnailUrl\":\"https:\/\/haremerotikshop.com\/site\/wp-content\/uploads\/2025\/04\/yeni-nesil-cift-katmanli-215-cm-realis-84d8c.jpg\",\"datePublished\":\"2025-04-26T13:53:42+00:00\",\"dateModified\":\"2026-01-08T13:21:04+00:00\",\"breadcrumb\":{\"@id\":\"https:\/\/hobierotikshop.com.tr\/website1\/erotik-shop-urun\/yeni-nesil-cift-katmanli-215-cm-realistik-dildo-penis\/#breadcrumb\"},\"inLanguage\":\"tr\",\"potentialAction\":[{\"@type\":\"ReadAction\",\"target\":[\"https:\/\/hobierotikshop.com.tr\/website1\/erotik-shop-urun\/yeni-nesil-cift-katmanli-215-cm-realistik-dildo-penis\/\"]}]},{\"@type\":\"ImageObject\",\"inLanguage\":\"tr\",\"@id\":\"https:\/\/hobierotikshop.com.tr\/website1\/erotik-shop-urun\/yeni-nesil-cift-katmanli-215-cm-realistik-dildo-penis\/#primaryimage\",\"url\":\"https:\/\/haremerotikshop.com\/site\/wp-content\/uploads\/2025\/04\/yeni-nesil-cift-katmanli-215-cm-realis-84d8c.jpg\",\"contentUrl\":\"https:\/\/haremerotikshop.com\/site\/wp-content\/uploads\/2025\/04\/yeni-nesil-cift-katmanli-215-cm-realis-84d8c.jpg\",\"width\":455,\"height\":455},{\"@type\":\"BreadcrumbList\",\"@id\":\"https:\/\/hobierotikshop.com.tr\/website1\/erotik-shop-urun\/yeni-nesil-cift-katmanli-215-cm-realistik-dildo-penis\/#breadcrumb\",\"itemListElement\":[{\"@type\":\"ListItem\",\"position\":1,\"name\":\"Anasayfa\",\"item\":\"https:\/\/hobierotikshop.com.tr\/website1\/\"},{\"@type\":\"ListItem\",\"position\":2,\"name\":\"Erotik Shop \u00dcr\u00fcnleri\",\"item\":\"https:\/\/hobierotikshop.com.tr\/website1\/shop\/\"},{\"@type\":\"ListItem\",\"position\":3,\"name\":\"Yeni Nesil \u00c7ift Katmanl\u0131 21,5 Cm Realistik Dildo Penis\"}]},{\"@type\":\"WebSite\",\"@id\":\"https:\/\/hobierotikshop.com.tr\/website1\/#website\",\"url\":\"https:\/\/hobierotikshop.com.tr\/website1\/\",\"name\":\"Bursa Erotik Shop\",\"description\":\"Bursa Erotik Shop ile g\u00fcvenli, gizli ve kaliteli yeti\u015fkin \u00fcr\u00fcnleri al\u0131\u015fveri\u015fi! Geni\u015f \u00fcr\u00fcn yelpazemizi ke\u015ffedin, hemen sipari\u015f verin\",\"publisher\":{\"@id\":\"https:\/\/hobierotikshop.com.tr\/website1\/#organization\"},\"alternateName\":\"Erotik Shop\",\"potentialAction\":[{\"@type\":\"SearchAction\",\"target\":{\"@type\":\"EntryPoint\",\"urlTemplate\":\"https:\/\/hobierotikshop.com.tr\/website1\/?s={search_term_string}\"},\"query-input\":{\"@type\":\"PropertyValueSpecification\",\"valueRequired\":true,\"valueName\":\"search_term_string\"}}],\"inLanguage\":\"tr\"},{\"@type\":\"Organization\",\"@id\":\"https:\/\/hobierotikshop.com.tr\/website1\/#organization\",\"name\":\"Harem Bursa Erotik Shop\",\"url\":\"https:\/\/hobierotikshop.com.tr\/website1\/\",\"logo\":{\"@type\":\"ImageObject\",\"inLanguage\":\"tr\",\"@id\":\"https:\/\/hobierotikshop.com.tr\/website1\/#\/schema\/logo\/image\/\",\"url\":\"https:\/\/haremerotikshop.com\/site\/wp-content\/uploads\/2025\/03\/haremsexshop.png\",\"contentUrl\":\"https:\/\/haremerotikshop.com\/site\/wp-content\/uploads\/2025\/03\/haremsexshop.png\",\"width\":400,\"height\":100,\"caption\":\"Harem Bursa Erotik Shop\"},\"image\":{\"@id\":\"https:\/\/hobierotikshop.com.tr\/website1\/#\/schema\/logo\/image\/\"},\"sameAs\":[\"https:\/\/x.com\/shopbursa\"],\"publishingPrinciples\":\"https:\/\/hobierotikshop.com.tr\/website1\/mesafeli-satis-sozlesmesi\/\",\"ownershipFundingInfo\":\"https:\/\/hobierotikshop.com.tr\/website1\/contact-us\/\",\"actionableFeedbackPolicy\":\"https:\/\/hobierotikshop.com.tr\/website1\/contact-us\/\",\"correctionsPolicy\":\"https:\/\/hobierotikshop.com.tr\/website1\/mesafeli-satis-sozlesmesi\/\"}]}<\/script>\n<meta property=\"product:price:amount\" content=\"3600.00\" \/>\n<meta property=\"product:price:currency\" content=\"TRY\" \/>\n<meta property=\"og:availability\" content=\"out of stock\" \/>\n<meta property=\"product:availability\" content=\"out of stock\" \/>\n<meta property=\"product:retailer_item_id\" content=\"BDM1293\" \/>\n<meta property=\"product:condition\" content=\"new\" \/>\n<!-- \/ Yoast SEO Premium plugin. -->","yoast_head_json":{"title":"Yeni Nesil \u00c7ift Katmanl\u0131 21,5 Cm Realistik Dildo Penis - Bursa Erotik Shop","robots":{"index":"index","follow":"follow","max-snippet":"max-snippet:-1","max-image-preview":"max-image-preview:large","max-video-preview":"max-video-preview:-1"},"canonical":"https:\/\/hobierotikshop.com.tr\/website1\/erotik-shop-urun\/yeni-nesil-cift-katmanli-215-cm-realistik-dildo-penis\/","og_locale":"tr_TR","og_type":"article","og_title":"Yeni Nesil \u00c7ift Katmanl\u0131 21,5 Cm Realistik Dildo Penis","og_description":"Yeni Nesil \u00c7ift Katmanl\u0131 21,5 cm Realistik Dildo Penis, cinsel deneyiminizi bir \u00fcst seviyeye ta\u015f\u0131mak i\u00e7in tasarlanm\u0131\u015f m\u00fckemmel bir \u00fcr\u00fcnd\u00fcr. Ger\u00e7ek\u00e7i g\u00f6r\u00fcn\u00fcm\u00fc ve ultra yumu\u015fak yap\u0131s\u0131yla, her kullan\u0131mda maksimum tatmin sa\u011flar. Soft Cyber Skin patentli R5 teknolojisi ile \u00fcretilen bu dildo, v\u00fccut s\u0131cakl\u0131\u011f\u0131na duyarl\u0131 olup, size do\u011fal ve konforlu bir kullan\u0131m sunar.","og_url":"https:\/\/hobierotikshop.com.tr\/website1\/erotik-shop-urun\/yeni-nesil-cift-katmanli-215-cm-realistik-dildo-penis\/","og_site_name":"Bursa Erotik Shop","article_modified_time":"2026-01-08T13:21:04+00:00","og_image":[{"width":455,"height":455,"url":"https:\/\/hobierotikshop.com.tr\/website1\/wp-content\/uploads\/2025\/04\/yeni-nesil-cift-katmanli-215-cm-realis-84d8c.jpg","type":"image\/jpeg"}],"twitter_card":"summary_large_image","twitter_site":"@shopbursa","twitter_misc":{"Fiyat":"&#8378;3.600,00","Availability":"Out of stock"},"schema":{"@context":"https:\/\/schema.org","@graph":[{"@type":"WebPage","@id":"https:\/\/hobierotikshop.com.tr\/website1\/erotik-shop-urun\/yeni-nesil-cift-katmanli-215-cm-realistik-dildo-penis\/","url":"https:\/\/hobierotikshop.com.tr\/website1\/erotik-shop-urun\/yeni-nesil-cift-katmanli-215-cm-realistik-dildo-penis\/","name":"Yeni Nesil \u00c7ift Katmanl\u0131 21,5 Cm Realistik Dildo Penis - Bursa Erotik Shop","isPartOf":{"@id":"https:\/\/hobierotikshop.com.tr\/website1\/#website"},"primaryImageOfPage":{"@id":"https:\/\/hobierotikshop.com.tr\/website1\/erotik-shop-urun\/yeni-nesil-cift-katmanli-215-cm-realistik-dildo-penis\/#primaryimage"},"image":{"@id":"https:\/\/hobierotikshop.com.tr\/website1\/erotik-shop-urun\/yeni-nesil-cift-katmanli-215-cm-realistik-dildo-penis\/#primaryimage"},"thumbnailUrl":"https:\/\/haremerotikshop.com\/site\/wp-content\/uploads\/2025\/04\/yeni-nesil-cift-katmanli-215-cm-realis-84d8c.jpg","datePublished":"2025-04-26T13:53:42+00:00","dateModified":"2026-01-08T13:21:04+00:00","breadcrumb":{"@id":"https:\/\/hobierotikshop.com.tr\/website1\/erotik-shop-urun\/yeni-nesil-cift-katmanli-215-cm-realistik-dildo-penis\/#breadcrumb"},"inLanguage":"tr","potentialAction":[{"@type":"ReadAction","target":["https:\/\/hobierotikshop.com.tr\/website1\/erotik-shop-urun\/yeni-nesil-cift-katmanli-215-cm-realistik-dildo-penis\/"]}]},{"@type":"ImageObject","inLanguage":"tr","@id":"https:\/\/hobierotikshop.com.tr\/website1\/erotik-shop-urun\/yeni-nesil-cift-katmanli-215-cm-realistik-dildo-penis\/#primaryimage","url":"https:\/\/haremerotikshop.com\/site\/wp-content\/uploads\/2025\/04\/yeni-nesil-cift-katmanli-215-cm-realis-84d8c.jpg","contentUrl":"https:\/\/haremerotikshop.com\/site\/wp-content\/uploads\/2025\/04\/yeni-nesil-cift-katmanli-215-cm-realis-84d8c.jpg","width":455,"height":455},{"@type":"BreadcrumbList","@id":"https:\/\/hobierotikshop.com.tr\/website1\/erotik-shop-urun\/yeni-nesil-cift-katmanli-215-cm-realistik-dildo-penis\/#breadcrumb","itemListElement":[{"@type":"ListItem","position":1,"name":"Anasayfa","item":"https:\/\/hobierotikshop.com.tr\/website1\/"},{"@type":"ListItem","position":2,"name":"Erotik Shop \u00dcr\u00fcnleri","item":"https:\/\/hobierotikshop.com.tr\/website1\/shop\/"},{"@type":"ListItem","position":3,"name":"Yeni Nesil \u00c7ift Katmanl\u0131 21,5 Cm Realistik Dildo Penis"}]},{"@type":"WebSite","@id":"https:\/\/hobierotikshop.com.tr\/website1\/#website","url":"https:\/\/hobierotikshop.com.tr\/website1\/","name":"Bursa Erotik Shop","description":"Bursa Erotik Shop ile g\u00fcvenli, gizli ve kaliteli yeti\u015fkin \u00fcr\u00fcnleri al\u0131\u015fveri\u015fi! Geni\u015f \u00fcr\u00fcn yelpazemizi ke\u015ffedin, hemen sipari\u015f verin","publisher":{"@id":"https:\/\/hobierotikshop.com.tr\/website1\/#organization"},"alternateName":"Erotik Shop","potentialAction":[{"@type":"SearchAction","target":{"@type":"EntryPoint","urlTemplate":"https:\/\/hobierotikshop.com.tr\/website1\/?s={search_term_string}"},"query-input":{"@type":"PropertyValueSpecification","valueRequired":true,"valueName":"search_term_string"}}],"inLanguage":"tr"},{"@type":"Organization","@id":"https:\/\/hobierotikshop.com.tr\/website1\/#organization","name":"Harem Bursa Erotik Shop","url":"https:\/\/hobierotikshop.com.tr\/website1\/","logo":{"@type":"ImageObject","inLanguage":"tr","@id":"https:\/\/hobierotikshop.com.tr\/website1\/#\/schema\/logo\/image\/","url":"https:\/\/haremerotikshop.com\/site\/wp-content\/uploads\/2025\/03\/haremsexshop.png","contentUrl":"https:\/\/haremerotikshop.com\/site\/wp-content\/uploads\/2025\/03\/haremsexshop.png","width":400,"height":100,"caption":"Harem Bursa Erotik Shop"},"image":{"@id":"https:\/\/hobierotikshop.com.tr\/website1\/#\/schema\/logo\/image\/"},"sameAs":["https:\/\/x.com\/shopbursa"],"publishingPrinciples":"https:\/\/hobierotikshop.com.tr\/website1\/mesafeli-satis-sozlesmesi\/","ownershipFundingInfo":"https:\/\/hobierotikshop.com.tr\/website1\/contact-us\/","actionableFeedbackPolicy":"https:\/\/hobierotikshop.com.tr\/website1\/contact-us\/","correctionsPolicy":"https:\/\/hobierotikshop.com.tr\/website1\/mesafeli-satis-sozlesmesi\/"}]},"product_price_amount":"3600.00","product_price_currency":"TRY","og_availability":"out of stock","product_availability":"out of stock","product_retailer_item_id":"BDM1293","product_condition":"new"},"_links":{"self":[{"href":"https:\/\/haremerotikshop.com\/site\/wp-json\/wp\/v2\/product\/44100","targetHints":{"allow":["GET"]}}],"collection":[{"href":"https:\/\/haremerotikshop.com\/site\/wp-json\/wp\/v2\/product"}],"about":[{"href":"https:\/\/haremerotikshop.com\/site\/wp-json\/wp\/v2\/types\/product"}],"replies":[{"embeddable":true,"href":"https:\/\/haremerotikshop.com\/site\/wp-json\/wp\/v2\/comments?post=44100"}],"version-history":[{"count":0,"href":"https:\/\/haremerotikshop.com\/site\/wp-json\/wp\/v2\/product\/44100\/revisions"}],"wp:featuredmedia":[{"embeddable":true,"href":"https:\/\/haremerotikshop.com\/site\/wp-json\/wp\/v2\/media\/44102"}],"wp:attachment":[{"href":"https:\/\/haremerotikshop.com\/site\/wp-json\/wp\/v2\/media?parent=44100"}],"wp:term":[{"taxonomy":"product_brand","embeddable":true,"href":"https:\/\/haremerotikshop.com\/site\/wp-json\/wp\/v2\/product_brand?post=44100"},{"taxonomy":"product_cat","embeddable":true,"href":"https:\/\/haremerotikshop.com\/site\/wp-json\/wp\/v2\/product_cat?post=44100"},{"taxonomy":"product_tag","embeddable":true,"href":"https:\/\/haremerotikshop.com\/site\/wp-json\/wp\/v2\/product_tag?post=44100"}],"curies":[{"name":"wp","href":"https:\/\/api.w.org\/{rel}","templated":true}]}}