{"id":44233,"date":"2025-04-26T16:55:53","date_gmt":"2025-04-26T13:55:53","guid":{"rendered":"https:\/\/haremerotikshop.com\/site\/erotik-shop-urun\/usb-sarjli-20-fonksiyonlu-teknolojik-vibrator-mor\/"},"modified":"2026-01-09T02:58:45","modified_gmt":"2026-01-08T23:58:45","slug":"usb-sarjli-20-fonksiyonlu-teknolojik-vibrator-mor","status":"publish","type":"product","link":"https:\/\/haremerotikshop.com\/site\/erotik-shop-urun\/usb-sarjli-20-fonksiyonlu-teknolojik-vibrator-mor\/","title":{"rendered":"Usb \u015earjl\u0131 20 Fonksiyonlu Teknolojik Vibrat\u00f6r &#8211; Mor"},"content":{"rendered":"<h2 class=\"\" data-start=\"139\" data-end=\"232\"><strong data-start=\"142\" data-end=\"232\">USB \u015earjl\u0131 20 Fonksiyonlu Teknolojik Vibrat\u00f6r &#8211; Mor | \u00dcst D\u00fczey Konfor ve G\u00fc\u00e7l\u00fc Uyar\u0131m<\/strong><\/h2>\n<p class=\"\" data-start=\"234\" data-end=\"518\">Yeni nesil teknolojik \u00f6zelliklere sahip <strong data-start=\"274\" data-end=\"329\">USB \u015earjl\u0131 20 Fonksiyonlu Teknolojik Vibrat\u00f6r &#8211; Mor<\/strong>, modern tasar\u0131m\u0131 ve \u00fcst\u00fcn performans\u0131 ile kad\u0131nlar\u0131n zevkli anlar\u0131n\u0131 daha da \u00f6zel hale getiriyor. 8 g\u00fc\u00e7l\u00fc titre\u015fim h\u0131z\u0131 ve 20 farkl\u0131 fonksiyonu ile tam istedi\u011finiz gibi bir deneyim sunar.<\/p>\n<hr class=\"\" data-start=\"520\" data-end=\"523\" \/>\n<h3 class=\"\" data-start=\"525\" data-end=\"557\">\ud83d\udd25 <strong data-start=\"532\" data-end=\"557\">\u00d6ne \u00c7\u0131kan \u00d6zellikleri<\/strong><\/h3>\n<ul data-start=\"559\" data-end=\"1584\">\n<li class=\"\" data-start=\"559\" data-end=\"735\">\n<p class=\"\" data-start=\"561\" data-end=\"735\">\u2705 <strong data-start=\"563\" data-end=\"591\">20 Farkl\u0131 Titre\u015fim Modu:<\/strong><br data-start=\"591\" data-end=\"594\" \/>\u0130htiya\u00e7lar\u0131n\u0131za ve tercihinize g\u00f6re ayarlanabilen 20 farkl\u0131 titre\u015fim ve dalgalanma modu. Her an i\u00e7in uygun h\u0131z ve yo\u011funlu\u011fu bulabilirsiniz.<\/p>\n<\/li>\n<li class=\"\" data-start=\"737\" data-end=\"880\">\n<p class=\"\" data-start=\"739\" data-end=\"880\">\u2705 <strong data-start=\"741\" data-end=\"766\">\u00c7ift Titre\u015fim Motoru:<\/strong><br data-start=\"766\" data-end=\"769\" \/>\u0130ki motorlu tasar\u0131m, farkl\u0131 b\u00f6lgelerde etkili uyar\u0131m sa\u011flar. Hem klitoral hem de vajinal uyar\u0131 i\u00e7in idealdir.<\/p>\n<\/li>\n<li class=\"\" data-start=\"882\" data-end=\"1052\">\n<p class=\"\" data-start=\"884\" data-end=\"1052\">\u2705 <strong data-start=\"886\" data-end=\"910\">USB \u015earj Edilebilir:<\/strong><br data-start=\"910\" data-end=\"913\" \/>Pratik ve \u00e7evre dostu USB \u015farj \u00f6zelli\u011fi ile her zaman haz\u0131r. Elektrik kablolar\u0131na ba\u011f\u0131ml\u0131 kalmaz, her zaman \u015farjl\u0131 ve kullan\u0131ma haz\u0131rd\u0131r.<\/p>\n<\/li>\n<li class=\"\" data-start=\"1054\" data-end=\"1174\">\n<p class=\"\" data-start=\"1056\" data-end=\"1174\">\u2705 <strong data-start=\"1058\" data-end=\"1080\">Ergonomik Tasar\u0131m:<\/strong><br data-start=\"1080\" data-end=\"1083\" \/>Kad\u0131n v\u00fccuduna tam uyum sa\u011flayan ergonomik yap\u0131s\u0131 ile konforlu ve etkili kullan\u0131m sunar.<\/p>\n<\/li>\n<li class=\"\" data-start=\"1176\" data-end=\"1285\">\n<p class=\"\" data-start=\"1178\" data-end=\"1285\">\u2705 <strong data-start=\"1180\" data-end=\"1204\">Su Ge\u00e7irmez \u00d6zellik:<\/strong><br data-start=\"1204\" data-end=\"1207\" \/>%100 su ge\u00e7irmez \u00f6zelli\u011fi sayesinde banyo veya du\u015fta g\u00fcvenle kullan\u0131labilir.<\/p>\n<\/li>\n<li class=\"\" data-start=\"1287\" data-end=\"1424\">\n<p class=\"\" data-start=\"1289\" data-end=\"1424\">\u2705 <strong data-start=\"1291\" data-end=\"1316\">S\u00fcper Sessiz \u00c7al\u0131\u015fma:<\/strong><br data-start=\"1316\" data-end=\"1319\" \/>Sessiz \u00e7al\u0131\u015fma modu sayesinde gizlilik konusunda endi\u015felenmenize gerek yok. Sadece zevkinize odaklan\u0131n.<\/p>\n<\/li>\n<li class=\"\" data-start=\"1426\" data-end=\"1584\">\n<p class=\"\" data-start=\"1428\" data-end=\"1584\">\u2705 <strong data-start=\"1430\" data-end=\"1461\">Cilt Dostu Silikon Malzeme:<\/strong><br data-start=\"1461\" data-end=\"1464\" \/>Y\u00fcksek kaliteli, cilt dostu silikon malzeme ile \u00fcretilmi\u015ftir, alerji riskini en aza indirir ve kolayca temizlenebilir.<\/p>\n<\/li>\n<\/ul>\n<hr class=\"\" data-start=\"1586\" data-end=\"1589\" \/>\n<h3 class=\"\" data-start=\"1591\" data-end=\"1635\">\ud83d\udccf <strong data-start=\"1598\" data-end=\"1635\">\u00dcr\u00fcn Boyutlar\u0131 ve Teknik Detaylar<\/strong><\/h3>\n<ul data-start=\"1637\" data-end=\"1820\">\n<li class=\"\" data-start=\"1637\" data-end=\"1666\">\n<p class=\"\" data-start=\"1639\" data-end=\"1666\"><strong data-start=\"1639\" data-end=\"1658\">Toplam Uzunluk:<\/strong> 22 cm<\/p>\n<\/li>\n<li class=\"\" data-start=\"1667\" data-end=\"1697\">\n<p class=\"\" data-start=\"1669\" data-end=\"1697\"><strong data-start=\"1669\" data-end=\"1688\">Ba\u015f K\u0131s\u0131m \u00c7ap\u0131:<\/strong> 3,7 cm<\/p>\n<\/li>\n<li class=\"\" data-start=\"1698\" data-end=\"1727\">\n<p class=\"\" data-start=\"1700\" data-end=\"1727\"><strong data-start=\"1700\" data-end=\"1720\">Arka K\u0131s\u0131m \u00c7ap\u0131:<\/strong> 5 cm<\/p>\n<\/li>\n<li class=\"\" data-start=\"1728\" data-end=\"1751\">\n<p class=\"\" data-start=\"1730\" data-end=\"1751\"><strong data-start=\"1730\" data-end=\"1742\">A\u011f\u0131rl\u0131k:<\/strong> 130 gr<\/p>\n<\/li>\n<li class=\"\" data-start=\"1752\" data-end=\"1769\">\n<p class=\"\" data-start=\"1754\" data-end=\"1769\"><strong data-start=\"1754\" data-end=\"1763\">Renk:<\/strong> Mor<\/p>\n<\/li>\n<li class=\"\" data-start=\"1770\" data-end=\"1820\">\n<p class=\"\" data-start=\"1772\" data-end=\"1820\"><strong data-start=\"1772\" data-end=\"1784\">Malzeme:<\/strong> Y\u00fcksek kaliteli silikon, cilt dostu<\/p>\n<\/li>\n<\/ul>\n<hr class=\"\" data-start=\"1822\" data-end=\"1825\" \/>\n<h3 class=\"\" data-start=\"1827\" data-end=\"1855\">\ud83d\udec1 <strong data-start=\"1834\" data-end=\"1855\">Kullan\u0131m Alanlar\u0131<\/strong><\/h3>\n<ul data-start=\"1857\" data-end=\"2201\">\n<li class=\"\" data-start=\"1857\" data-end=\"1974\">\n<p class=\"\" data-start=\"1859\" data-end=\"1974\"><strong data-start=\"1859\" data-end=\"1880\">Klitoral Uyar\u0131c\u0131:<\/strong><br data-start=\"1880\" data-end=\"1883\" \/>Bu vibrat\u00f6r\u00fcn ergonomik ve g\u00fc\u00e7l\u00fc motorlar\u0131, klitoral uyar\u0131mda maksimum memnuniyet sa\u011flar.<\/p>\n<\/li>\n<li class=\"\" data-start=\"1976\" data-end=\"2081\">\n<p class=\"\" data-start=\"1978\" data-end=\"2081\"><strong data-start=\"1978\" data-end=\"1997\">Vajinal Uyar\u0131m:<\/strong><br data-start=\"1997\" data-end=\"2000\" \/>Hem d\u0131\u015f hem de i\u00e7 b\u00f6lgelere etkili uyar\u0131m yapabilen tasar\u0131m, \u00e7ifte zevk sa\u011flar.<\/p>\n<\/li>\n<li class=\"\" data-start=\"2083\" data-end=\"2201\">\n<p class=\"\" data-start=\"2085\" data-end=\"2201\"><strong data-start=\"2085\" data-end=\"2111\">Suyun Keyfini \u00c7\u0131kar\u0131n:<\/strong><br data-start=\"2111\" data-end=\"2114\" \/>Su ge\u00e7irmez \u00f6zelli\u011fi sayesinde banyo veya du\u015f gibi su ortamlar\u0131nda kullanabilirsiniz.<\/p>\n<\/li>\n<\/ul>\n<hr class=\"\" data-start=\"2203\" data-end=\"2206\" \/>\n<h3 class=\"\" data-start=\"2208\" data-end=\"2241\">\ud83d\udce6 <strong data-start=\"2215\" data-end=\"2241\">Gizli ve G\u00fcvenli Kargo<\/strong><\/h3>\n<ul data-start=\"2243\" data-end=\"2439\">\n<li class=\"\" data-start=\"2243\" data-end=\"2344\">\n<p class=\"\" data-start=\"2245\" data-end=\"2344\">Sipari\u015finiz i\u00e7eri\u011fi hakk\u0131nda en k\u00fc\u00e7\u00fck bir ipucu dahi vermeyen gizli ve kapal\u0131 paketle g\u00f6nderilir.<\/p>\n<\/li>\n<li class=\"\" data-start=\"2345\" data-end=\"2439\">\n<p class=\"\" data-start=\"2347\" data-end=\"2439\">T\u00fcm \u00fcr\u00fcnler, g\u00fcvenli kargo ve sigorta kapsam\u0131nda h\u0131zl\u0131 ve g\u00fcvenli bir \u015fekilde teslim edilir.<\/p>\n<\/li>\n<\/ul>\n<hr class=\"\" data-start=\"2441\" data-end=\"2444\" \/>\n<h3 class=\"\" data-start=\"2446\" data-end=\"2474\">\ud83d\udcb3 <strong data-start=\"2453\" data-end=\"2474\">\u00d6deme Se\u00e7enekleri<\/strong><\/h3>\n<ul data-start=\"2476\" data-end=\"2645\">\n<li class=\"\" data-start=\"2476\" data-end=\"2556\">\n<p class=\"\" data-start=\"2478\" data-end=\"2556\"><strong data-start=\"2478\" data-end=\"2504\">Kap\u0131da \u00d6deme Se\u00e7ene\u011fi:<\/strong><br data-start=\"2504\" data-end=\"2507\" \/>Nakit veya kredi kart\u0131 ile kap\u0131da \u00f6deme imkan\u0131.<\/p>\n<\/li>\n<li class=\"\" data-start=\"2558\" data-end=\"2645\">\n<p class=\"\" data-start=\"2560\" data-end=\"2645\"><strong data-start=\"2560\" data-end=\"2589\">Online \u00d6deme Se\u00e7enekleri:<\/strong><br data-start=\"2589\" data-end=\"2592\" \/>Taksitli \u00f6deme veya banka havalesi ile kolay \u00f6deme.<\/p>\n<\/li>\n<\/ul>\n<hr class=\"\" data-start=\"2647\" data-end=\"2650\" \/>\n<h3 class=\"\" data-start=\"2652\" data-end=\"2676\">\u2705 <strong data-start=\"2658\" data-end=\"2676\">Neden Bu \u00dcr\u00fcn?<\/strong><\/h3>\n<ul data-start=\"2678\" data-end=\"3049\">\n<li class=\"\" data-start=\"2678\" data-end=\"2741\">\n<p class=\"\" data-start=\"2680\" data-end=\"2741\">20 farkl\u0131 titre\u015fim moduyla ki\u015fisel tercihlere \u00f6zel deneyim.<\/p>\n<\/li>\n<li class=\"\" data-start=\"2742\" data-end=\"2820\">\n<p class=\"\" data-start=\"2744\" data-end=\"2820\">\u00c7ift titre\u015fim motoru ile klitoral ve vajinal uyar\u0131mda maksimum performans.<\/p>\n<\/li>\n<li class=\"\" data-start=\"2821\" data-end=\"2872\">\n<p class=\"\" data-start=\"2823\" data-end=\"2872\">Ergonomik tasar\u0131m, v\u00fccuda m\u00fckemmel uyum sa\u011flar.<\/p>\n<\/li>\n<li class=\"\" data-start=\"2873\" data-end=\"2932\">\n<p class=\"\" data-start=\"2875\" data-end=\"2932\">Su ge\u00e7irmez \u00f6zellik ile banyo veya du\u015f keyfini \u00e7\u0131kar\u0131n.<\/p>\n<\/li>\n<li class=\"\" data-start=\"2933\" data-end=\"2984\">\n<p class=\"\" data-start=\"2935\" data-end=\"2984\">Sessiz \u00e7al\u0131\u015fma \u00f6zelli\u011fi ile gizlilik \u00f6n planda.<\/p>\n<\/li>\n<li class=\"\" data-start=\"2985\" data-end=\"3049\">\n<p class=\"\" data-start=\"2987\" data-end=\"3049\">Y\u00fcksek kaliteli silikon malzeme ile cilt dostu ve uzun \u00f6m\u00fcrl\u00fc.<\/p>\n<\/li>\n<\/ul>\n<hr class=\"\" data-start=\"3051\" data-end=\"3054\" \/>\n<p class=\"\" data-start=\"3056\" data-end=\"3142\"><strong data-start=\"3056\" data-end=\"3142\">Hemen sipari\u015f verin, gizli kargo ve g\u00fcvenli al\u0131\u015fveri\u015f avantaj\u0131yla kap\u0131n\u0131za gelsin!<\/strong><\/p>\n<p>&nbsp;<\/p>\n<p>&nbsp;<\/p>\n<p><a href=\"http:\/\/api.whatsapp.com\/send?phone=905304676616&amp;text=Sipari%C5%9F%20Vermek%20%C4%B0stiyorum%20haremshop%20BDM1520M\"><img fetchpriority=\"high\" decoding=\"async\" class=\"alignnone\" src=\"https:\/\/static.ticimax.cloud\/32886\/uploads\/editoruploads\/whatsapp-destek-hatti.gif\" alt=\"\" width=\"750\" height=\"117\" \/><\/a><\/p>\n","protected":false},"excerpt":{"rendered":"<p>Yeni nesil teknolojik \u00f6zelliklere sahip <strong data-start=\"274\" data-end=\"329\">USB \u015earjl\u0131 20 Fonksiyonlu Teknolojik Vibrat\u00f6r &#8211; Mor<\/strong>, modern tasar\u0131m\u0131 ve \u00fcst\u00fcn performans\u0131 ile kad\u0131nlar\u0131n zevkli anlar\u0131n\u0131 daha da \u00f6zel hale getiriyor. 8 g\u00fc\u00e7l\u00fc titre\u015fim h\u0131z\u0131 ve 20 farkl\u0131 fonksiyonu ile tam istedi\u011finiz gibi bir deneyim sunar.<\/p>\n","protected":false},"featured_media":44235,"comment_status":"closed","ping_status":"closed","template":"","meta":[],"product_brand":[],"product_cat":[496],"product_tag":[],"class_list":{"0":"post-44233","1":"product","2":"type-product","3":"status-publish","4":"has-post-thumbnail","6":"product_cat-vibrator-cesitleri","8":"first","9":"outofstock","10":"purchasable","11":"product-type-simple"},"yoast_head":"<!-- This site is optimized with the Yoast SEO Premium plugin v24.4 (Yoast SEO v27.1.1) - https:\/\/yoast.com\/product\/yoast-seo-premium-wordpress\/ -->\n<title>Usb \u015earjl\u0131 20 Fonksiyonlu Teknolojik Vibrat\u00f6r - Mor - Bursa Erotik Shop<\/title>\n<meta name=\"robots\" content=\"index, follow, max-snippet:-1, max-image-preview:large, max-video-preview:-1\" \/>\n<link rel=\"canonical\" href=\"https:\/\/hobierotikshop.com.tr\/website1\/erotik-shop-urun\/usb-sarjli-20-fonksiyonlu-teknolojik-vibrator-mor\/\" \/>\n<meta property=\"og:locale\" content=\"tr_TR\" \/>\n<meta property=\"og:type\" content=\"article\" \/>\n<meta property=\"og:title\" content=\"Usb \u015earjl\u0131 20 Fonksiyonlu Teknolojik Vibrat\u00f6r - Mor\" \/>\n<meta property=\"og:description\" content=\"Yeni nesil teknolojik \u00f6zelliklere sahip USB \u015earjl\u0131 20 Fonksiyonlu Teknolojik Vibrat\u00f6r - Mor, modern tasar\u0131m\u0131 ve \u00fcst\u00fcn performans\u0131 ile kad\u0131nlar\u0131n zevkli anlar\u0131n\u0131 daha da \u00f6zel hale getiriyor. 8 g\u00fc\u00e7l\u00fc titre\u015fim h\u0131z\u0131 ve 20 farkl\u0131 fonksiyonu ile tam istedi\u011finiz gibi bir deneyim sunar.\" \/>\n<meta property=\"og:url\" content=\"https:\/\/hobierotikshop.com.tr\/website1\/erotik-shop-urun\/usb-sarjli-20-fonksiyonlu-teknolojik-vibrator-mor\/\" \/>\n<meta property=\"og:site_name\" content=\"Bursa Erotik Shop\" \/>\n<meta property=\"article:modified_time\" content=\"2026-01-08T23:58:45+00:00\" \/>\n<meta property=\"og:image\" content=\"https:\/\/hobierotikshop.com.tr\/website1\/wp-content\/uploads\/2025\/04\/usb-sarjli-20-fonksiyonlu-teknolojik-v-6ef86-.jpg\" \/>\n\t<meta property=\"og:image:width\" content=\"455\" \/>\n\t<meta property=\"og:image:height\" content=\"455\" \/>\n\t<meta property=\"og:image:type\" content=\"image\/jpeg\" \/>\n<meta name=\"twitter:card\" content=\"summary_large_image\" \/>\n<meta name=\"twitter:site\" content=\"@shopbursa\" \/>\n<meta name=\"twitter:label1\" content=\"Fiyat\" \/>\n\t<meta name=\"twitter:data1\" content=\"&#8378;1.640,00\" \/>\n\t<meta name=\"twitter:label2\" content=\"Availability\" \/>\n\t<meta name=\"twitter:data2\" content=\"Out of stock\" \/>\n<script type=\"application\/ld+json\" class=\"yoast-schema-graph\">{\"@context\":\"https:\/\/schema.org\",\"@graph\":[{\"@type\":\"WebPage\",\"@id\":\"https:\/\/hobierotikshop.com.tr\/website1\/erotik-shop-urun\/usb-sarjli-20-fonksiyonlu-teknolojik-vibrator-mor\/\",\"url\":\"https:\/\/hobierotikshop.com.tr\/website1\/erotik-shop-urun\/usb-sarjli-20-fonksiyonlu-teknolojik-vibrator-mor\/\",\"name\":\"Usb \u015earjl\u0131 20 Fonksiyonlu Teknolojik Vibrat\u00f6r - Mor - Bursa Erotik Shop\",\"isPartOf\":{\"@id\":\"https:\/\/hobierotikshop.com.tr\/website1\/#website\"},\"primaryImageOfPage\":{\"@id\":\"https:\/\/hobierotikshop.com.tr\/website1\/erotik-shop-urun\/usb-sarjli-20-fonksiyonlu-teknolojik-vibrator-mor\/#primaryimage\"},\"image\":{\"@id\":\"https:\/\/hobierotikshop.com.tr\/website1\/erotik-shop-urun\/usb-sarjli-20-fonksiyonlu-teknolojik-vibrator-mor\/#primaryimage\"},\"thumbnailUrl\":\"https:\/\/haremerotikshop.com\/site\/wp-content\/uploads\/2025\/04\/usb-sarjli-20-fonksiyonlu-teknolojik-v-6ef86-.jpg\",\"datePublished\":\"2025-04-26T13:55:53+00:00\",\"dateModified\":\"2026-01-08T23:58:45+00:00\",\"breadcrumb\":{\"@id\":\"https:\/\/hobierotikshop.com.tr\/website1\/erotik-shop-urun\/usb-sarjli-20-fonksiyonlu-teknolojik-vibrator-mor\/#breadcrumb\"},\"inLanguage\":\"tr\",\"potentialAction\":[{\"@type\":\"ReadAction\",\"target\":[\"https:\/\/hobierotikshop.com.tr\/website1\/erotik-shop-urun\/usb-sarjli-20-fonksiyonlu-teknolojik-vibrator-mor\/\"]}]},{\"@type\":\"ImageObject\",\"inLanguage\":\"tr\",\"@id\":\"https:\/\/hobierotikshop.com.tr\/website1\/erotik-shop-urun\/usb-sarjli-20-fonksiyonlu-teknolojik-vibrator-mor\/#primaryimage\",\"url\":\"https:\/\/haremerotikshop.com\/site\/wp-content\/uploads\/2025\/04\/usb-sarjli-20-fonksiyonlu-teknolojik-v-6ef86-.jpg\",\"contentUrl\":\"https:\/\/haremerotikshop.com\/site\/wp-content\/uploads\/2025\/04\/usb-sarjli-20-fonksiyonlu-teknolojik-v-6ef86-.jpg\",\"width\":455,\"height\":455},{\"@type\":\"BreadcrumbList\",\"@id\":\"https:\/\/hobierotikshop.com.tr\/website1\/erotik-shop-urun\/usb-sarjli-20-fonksiyonlu-teknolojik-vibrator-mor\/#breadcrumb\",\"itemListElement\":[{\"@type\":\"ListItem\",\"position\":1,\"name\":\"Anasayfa\",\"item\":\"https:\/\/hobierotikshop.com.tr\/website1\/\"},{\"@type\":\"ListItem\",\"position\":2,\"name\":\"Erotik Shop \u00dcr\u00fcnleri\",\"item\":\"https:\/\/hobierotikshop.com.tr\/website1\/shop\/\"},{\"@type\":\"ListItem\",\"position\":3,\"name\":\"Usb \u015earjl\u0131 20 Fonksiyonlu Teknolojik Vibrat\u00f6r &#8211; Mor\"}]},{\"@type\":\"WebSite\",\"@id\":\"https:\/\/hobierotikshop.com.tr\/website1\/#website\",\"url\":\"https:\/\/hobierotikshop.com.tr\/website1\/\",\"name\":\"Bursa Erotik Shop\",\"description\":\"Bursa Erotik Shop ile g\u00fcvenli, gizli ve kaliteli yeti\u015fkin \u00fcr\u00fcnleri al\u0131\u015fveri\u015fi! Geni\u015f \u00fcr\u00fcn yelpazemizi ke\u015ffedin, hemen sipari\u015f verin\",\"publisher\":{\"@id\":\"https:\/\/hobierotikshop.com.tr\/website1\/#organization\"},\"alternateName\":\"Erotik Shop\",\"potentialAction\":[{\"@type\":\"SearchAction\",\"target\":{\"@type\":\"EntryPoint\",\"urlTemplate\":\"https:\/\/hobierotikshop.com.tr\/website1\/?s={search_term_string}\"},\"query-input\":{\"@type\":\"PropertyValueSpecification\",\"valueRequired\":true,\"valueName\":\"search_term_string\"}}],\"inLanguage\":\"tr\"},{\"@type\":\"Organization\",\"@id\":\"https:\/\/hobierotikshop.com.tr\/website1\/#organization\",\"name\":\"Harem Bursa Erotik Shop\",\"url\":\"https:\/\/hobierotikshop.com.tr\/website1\/\",\"logo\":{\"@type\":\"ImageObject\",\"inLanguage\":\"tr\",\"@id\":\"https:\/\/hobierotikshop.com.tr\/website1\/#\/schema\/logo\/image\/\",\"url\":\"https:\/\/haremerotikshop.com\/site\/wp-content\/uploads\/2025\/03\/haremsexshop.png\",\"contentUrl\":\"https:\/\/haremerotikshop.com\/site\/wp-content\/uploads\/2025\/03\/haremsexshop.png\",\"width\":400,\"height\":100,\"caption\":\"Harem Bursa Erotik Shop\"},\"image\":{\"@id\":\"https:\/\/hobierotikshop.com.tr\/website1\/#\/schema\/logo\/image\/\"},\"sameAs\":[\"https:\/\/x.com\/shopbursa\"],\"publishingPrinciples\":\"https:\/\/hobierotikshop.com.tr\/website1\/mesafeli-satis-sozlesmesi\/\",\"ownershipFundingInfo\":\"https:\/\/hobierotikshop.com.tr\/website1\/contact-us\/\",\"actionableFeedbackPolicy\":\"https:\/\/hobierotikshop.com.tr\/website1\/contact-us\/\",\"correctionsPolicy\":\"https:\/\/hobierotikshop.com.tr\/website1\/mesafeli-satis-sozlesmesi\/\"}]}<\/script>\n<meta property=\"product:price:amount\" content=\"1640.00\" \/>\n<meta property=\"product:price:currency\" content=\"TRY\" \/>\n<meta property=\"og:availability\" content=\"out of stock\" \/>\n<meta property=\"product:availability\" content=\"out of stock\" \/>\n<meta property=\"product:retailer_item_id\" content=\"BDM1520M\" \/>\n<meta property=\"product:condition\" content=\"new\" \/>\n<!-- \/ Yoast SEO Premium plugin. -->","yoast_head_json":{"title":"Usb \u015earjl\u0131 20 Fonksiyonlu Teknolojik Vibrat\u00f6r - Mor - Bursa Erotik Shop","robots":{"index":"index","follow":"follow","max-snippet":"max-snippet:-1","max-image-preview":"max-image-preview:large","max-video-preview":"max-video-preview:-1"},"canonical":"https:\/\/hobierotikshop.com.tr\/website1\/erotik-shop-urun\/usb-sarjli-20-fonksiyonlu-teknolojik-vibrator-mor\/","og_locale":"tr_TR","og_type":"article","og_title":"Usb \u015earjl\u0131 20 Fonksiyonlu Teknolojik Vibrat\u00f6r - Mor","og_description":"Yeni nesil teknolojik \u00f6zelliklere sahip USB \u015earjl\u0131 20 Fonksiyonlu Teknolojik Vibrat\u00f6r - Mor, modern tasar\u0131m\u0131 ve \u00fcst\u00fcn performans\u0131 ile kad\u0131nlar\u0131n zevkli anlar\u0131n\u0131 daha da \u00f6zel hale getiriyor. 8 g\u00fc\u00e7l\u00fc titre\u015fim h\u0131z\u0131 ve 20 farkl\u0131 fonksiyonu ile tam istedi\u011finiz gibi bir deneyim sunar.","og_url":"https:\/\/hobierotikshop.com.tr\/website1\/erotik-shop-urun\/usb-sarjli-20-fonksiyonlu-teknolojik-vibrator-mor\/","og_site_name":"Bursa Erotik Shop","article_modified_time":"2026-01-08T23:58:45+00:00","og_image":[{"width":455,"height":455,"url":"https:\/\/hobierotikshop.com.tr\/website1\/wp-content\/uploads\/2025\/04\/usb-sarjli-20-fonksiyonlu-teknolojik-v-6ef86-.jpg","type":"image\/jpeg"}],"twitter_card":"summary_large_image","twitter_site":"@shopbursa","twitter_misc":{"Fiyat":"&#8378;1.640,00","Availability":"Out of stock"},"schema":{"@context":"https:\/\/schema.org","@graph":[{"@type":"WebPage","@id":"https:\/\/hobierotikshop.com.tr\/website1\/erotik-shop-urun\/usb-sarjli-20-fonksiyonlu-teknolojik-vibrator-mor\/","url":"https:\/\/hobierotikshop.com.tr\/website1\/erotik-shop-urun\/usb-sarjli-20-fonksiyonlu-teknolojik-vibrator-mor\/","name":"Usb \u015earjl\u0131 20 Fonksiyonlu Teknolojik Vibrat\u00f6r - Mor - Bursa Erotik Shop","isPartOf":{"@id":"https:\/\/hobierotikshop.com.tr\/website1\/#website"},"primaryImageOfPage":{"@id":"https:\/\/hobierotikshop.com.tr\/website1\/erotik-shop-urun\/usb-sarjli-20-fonksiyonlu-teknolojik-vibrator-mor\/#primaryimage"},"image":{"@id":"https:\/\/hobierotikshop.com.tr\/website1\/erotik-shop-urun\/usb-sarjli-20-fonksiyonlu-teknolojik-vibrator-mor\/#primaryimage"},"thumbnailUrl":"https:\/\/haremerotikshop.com\/site\/wp-content\/uploads\/2025\/04\/usb-sarjli-20-fonksiyonlu-teknolojik-v-6ef86-.jpg","datePublished":"2025-04-26T13:55:53+00:00","dateModified":"2026-01-08T23:58:45+00:00","breadcrumb":{"@id":"https:\/\/hobierotikshop.com.tr\/website1\/erotik-shop-urun\/usb-sarjli-20-fonksiyonlu-teknolojik-vibrator-mor\/#breadcrumb"},"inLanguage":"tr","potentialAction":[{"@type":"ReadAction","target":["https:\/\/hobierotikshop.com.tr\/website1\/erotik-shop-urun\/usb-sarjli-20-fonksiyonlu-teknolojik-vibrator-mor\/"]}]},{"@type":"ImageObject","inLanguage":"tr","@id":"https:\/\/hobierotikshop.com.tr\/website1\/erotik-shop-urun\/usb-sarjli-20-fonksiyonlu-teknolojik-vibrator-mor\/#primaryimage","url":"https:\/\/haremerotikshop.com\/site\/wp-content\/uploads\/2025\/04\/usb-sarjli-20-fonksiyonlu-teknolojik-v-6ef86-.jpg","contentUrl":"https:\/\/haremerotikshop.com\/site\/wp-content\/uploads\/2025\/04\/usb-sarjli-20-fonksiyonlu-teknolojik-v-6ef86-.jpg","width":455,"height":455},{"@type":"BreadcrumbList","@id":"https:\/\/hobierotikshop.com.tr\/website1\/erotik-shop-urun\/usb-sarjli-20-fonksiyonlu-teknolojik-vibrator-mor\/#breadcrumb","itemListElement":[{"@type":"ListItem","position":1,"name":"Anasayfa","item":"https:\/\/hobierotikshop.com.tr\/website1\/"},{"@type":"ListItem","position":2,"name":"Erotik Shop \u00dcr\u00fcnleri","item":"https:\/\/hobierotikshop.com.tr\/website1\/shop\/"},{"@type":"ListItem","position":3,"name":"Usb \u015earjl\u0131 20 Fonksiyonlu Teknolojik Vibrat\u00f6r &#8211; Mor"}]},{"@type":"WebSite","@id":"https:\/\/hobierotikshop.com.tr\/website1\/#website","url":"https:\/\/hobierotikshop.com.tr\/website1\/","name":"Bursa Erotik Shop","description":"Bursa Erotik Shop ile g\u00fcvenli, gizli ve kaliteli yeti\u015fkin \u00fcr\u00fcnleri al\u0131\u015fveri\u015fi! Geni\u015f \u00fcr\u00fcn yelpazemizi ke\u015ffedin, hemen sipari\u015f verin","publisher":{"@id":"https:\/\/hobierotikshop.com.tr\/website1\/#organization"},"alternateName":"Erotik Shop","potentialAction":[{"@type":"SearchAction","target":{"@type":"EntryPoint","urlTemplate":"https:\/\/hobierotikshop.com.tr\/website1\/?s={search_term_string}"},"query-input":{"@type":"PropertyValueSpecification","valueRequired":true,"valueName":"search_term_string"}}],"inLanguage":"tr"},{"@type":"Organization","@id":"https:\/\/hobierotikshop.com.tr\/website1\/#organization","name":"Harem Bursa Erotik Shop","url":"https:\/\/hobierotikshop.com.tr\/website1\/","logo":{"@type":"ImageObject","inLanguage":"tr","@id":"https:\/\/hobierotikshop.com.tr\/website1\/#\/schema\/logo\/image\/","url":"https:\/\/haremerotikshop.com\/site\/wp-content\/uploads\/2025\/03\/haremsexshop.png","contentUrl":"https:\/\/haremerotikshop.com\/site\/wp-content\/uploads\/2025\/03\/haremsexshop.png","width":400,"height":100,"caption":"Harem Bursa Erotik Shop"},"image":{"@id":"https:\/\/hobierotikshop.com.tr\/website1\/#\/schema\/logo\/image\/"},"sameAs":["https:\/\/x.com\/shopbursa"],"publishingPrinciples":"https:\/\/hobierotikshop.com.tr\/website1\/mesafeli-satis-sozlesmesi\/","ownershipFundingInfo":"https:\/\/hobierotikshop.com.tr\/website1\/contact-us\/","actionableFeedbackPolicy":"https:\/\/hobierotikshop.com.tr\/website1\/contact-us\/","correctionsPolicy":"https:\/\/hobierotikshop.com.tr\/website1\/mesafeli-satis-sozlesmesi\/"}]},"product_price_amount":"1640.00","product_price_currency":"TRY","og_availability":"out of stock","product_availability":"out of stock","product_retailer_item_id":"BDM1520M","product_condition":"new"},"_links":{"self":[{"href":"https:\/\/haremerotikshop.com\/site\/wp-json\/wp\/v2\/product\/44233","targetHints":{"allow":["GET"]}}],"collection":[{"href":"https:\/\/haremerotikshop.com\/site\/wp-json\/wp\/v2\/product"}],"about":[{"href":"https:\/\/haremerotikshop.com\/site\/wp-json\/wp\/v2\/types\/product"}],"replies":[{"embeddable":true,"href":"https:\/\/haremerotikshop.com\/site\/wp-json\/wp\/v2\/comments?post=44233"}],"version-history":[{"count":0,"href":"https:\/\/haremerotikshop.com\/site\/wp-json\/wp\/v2\/product\/44233\/revisions"}],"wp:featuredmedia":[{"embeddable":true,"href":"https:\/\/haremerotikshop.com\/site\/wp-json\/wp\/v2\/media\/44235"}],"wp:attachment":[{"href":"https:\/\/haremerotikshop.com\/site\/wp-json\/wp\/v2\/media?parent=44233"}],"wp:term":[{"taxonomy":"product_brand","embeddable":true,"href":"https:\/\/haremerotikshop.com\/site\/wp-json\/wp\/v2\/product_brand?post=44233"},{"taxonomy":"product_cat","embeddable":true,"href":"https:\/\/haremerotikshop.com\/site\/wp-json\/wp\/v2\/product_cat?post=44233"},{"taxonomy":"product_tag","embeddable":true,"href":"https:\/\/haremerotikshop.com\/site\/wp-json\/wp\/v2\/product_tag?post=44233"}],"curies":[{"name":"wp","href":"https:\/\/api.w.org\/{rel}","templated":true}]}}