{"id":44252,"date":"2025-04-26T16:57:00","date_gmt":"2025-04-26T13:57:00","guid":{"rendered":"https:\/\/haremerotikshop.com\/site\/erotik-shop-urun\/40-cm-gercekci-uzun-kalin-dildo-penis\/"},"modified":"2026-01-18T18:04:47","modified_gmt":"2026-01-18T15:04:47","slug":"40-cm-gercekci-uzun-kalin-dildo-penis","status":"publish","type":"product","link":"https:\/\/haremerotikshop.com\/site\/erotik-shop-urun\/40-cm-gercekci-uzun-kalin-dildo-penis\/","title":{"rendered":"40 Cm Ger\u00e7ek\u00e7i Uzun &amp;Amp; Kal\u0131n Dildo Penis"},"content":{"rendered":"<h3 class=\"\" data-start=\"68\" data-end=\"138\">40 cm Ger\u00e7ek\u00e7i Kal\u0131n Dildo Penis \u2013 B\u00fcy\u00fck Boyut ve Ger\u00e7ek\u00e7i Deneyim<\/h3>\n<p class=\"\" data-start=\"140\" data-end=\"601\"><strong data-start=\"140\" data-end=\"176\">40 cm ger\u00e7ek\u00e7i kal\u0131n dildo penis<\/strong>, b\u00fcy\u00fck boyutlar\u0131 tercih edenler i\u00e7in tasarlanm\u0131\u015f m\u00fckemmel bir \u00fcr\u00fcnd\u00fcr. <strong data-start=\"248\" data-end=\"264\">Ekstra kal\u0131n<\/strong> ve <strong data-start=\"268\" data-end=\"283\">uzun yap\u0131s\u0131<\/strong>, ger\u00e7ek\u00e7i et dokusu ve <strong data-start=\"307\" data-end=\"334\">y\u00fcksek kaliteli malzeme<\/strong> ile birle\u015ferek m\u00fckemmel bir kullan\u0131m deneyimi sunar. <strong data-start=\"388\" data-end=\"415\">S\u00fcper ger\u00e7ek\u00e7i hissiyat<\/strong> ve <strong data-start=\"419\" data-end=\"447\">g\u00fc\u00e7l\u00fc vantuz teknolojisi<\/strong> sayesinde her zemine sabitlenebilir ve eller serbest kullan\u0131m imkan\u0131 sa\u011flar. Bu \u00fcr\u00fcn, cinsel sa\u011fl\u0131\u011f\u0131na ve zevkine \u00f6nem verenler i\u00e7in ideal bir tercihtir.<\/p>\n<h4 class=\"\" data-start=\"603\" data-end=\"625\">\u00dcr\u00fcn \u00d6zellikleri:<\/h4>\n<ul data-start=\"626\" data-end=\"1459\">\n<li class=\"\" data-start=\"626\" data-end=\"780\">\n<p class=\"\" data-start=\"628\" data-end=\"780\"><strong data-start=\"628\" data-end=\"657\">Ekstra Kal\u0131n &amp; Uzun Yap\u0131:<\/strong> 40 cm toplam uzunluk, 34 cm kullan\u0131labilir uzunluk ve 3,8 cm kal\u0131nl\u0131k, daha b\u00fcy\u00fck ve ger\u00e7ek\u00e7i bir deneyim i\u00e7in tasarland\u0131.<\/p>\n<\/li>\n<li class=\"\" data-start=\"781\" data-end=\"886\">\n<p class=\"\" data-start=\"783\" data-end=\"886\"><strong data-start=\"783\" data-end=\"807\">Ger\u00e7ek\u00e7i Ten Dokusu:<\/strong> Yumu\u015fak et dokusu, do\u011fal bir his sunar ve v\u00fccutla uyumlu \u015fekilde hareket eder.<\/p>\n<\/li>\n<li class=\"\" data-start=\"887\" data-end=\"956\">\n<p class=\"\" data-start=\"889\" data-end=\"956\"><strong data-start=\"889\" data-end=\"908\">600 gr A\u011f\u0131rl\u0131k:<\/strong> A\u011f\u0131rl\u0131\u011f\u0131 ile do\u011fal ve g\u00fc\u00e7l\u00fc bir deneyim sa\u011flar.<\/p>\n<\/li>\n<li class=\"\" data-start=\"957\" data-end=\"1057\">\n<p class=\"\" data-start=\"959\" data-end=\"1057\"><strong data-start=\"959\" data-end=\"976\">G\u00fc\u00e7l\u00fc Vantuz:<\/strong> Her y\u00fczeye g\u00fcvenli bir \u015fekilde tutunur, b\u00f6ylece eller serbest kullanabilirsiniz.<\/p>\n<\/li>\n<li class=\"\" data-start=\"1058\" data-end=\"1153\">\n<p class=\"\" data-start=\"1060\" data-end=\"1153\"><strong data-start=\"1060\" data-end=\"1083\">Cilt Dostu Malzeme:<\/strong> <strong data-start=\"1084\" data-end=\"1102\">Phthalate Free<\/strong> materyali ile cilde dost, g\u00fcvenli kullan\u0131m sa\u011flar.<\/p>\n<\/li>\n<li class=\"\" data-start=\"1154\" data-end=\"1254\">\n<p class=\"\" data-start=\"1156\" data-end=\"1254\"><strong data-start=\"1156\" data-end=\"1181\">Kolay Temizlenebilir:<\/strong> Kullan\u0131m sonras\u0131 kolayca temizlenebilir, hijyenik kullan\u0131m imkan\u0131 sunar.<\/p>\n<\/li>\n<li class=\"\" data-start=\"1255\" data-end=\"1353\">\n<p class=\"\" data-start=\"1257\" data-end=\"1353\"><strong data-start=\"1257\" data-end=\"1283\">Yumu\u015fak ve Esnek Yap\u0131:<\/strong> Kullan\u0131c\u0131lar\u0131n rahat\u00e7a kullanabilmesi i\u00e7in esnek bir yap\u0131ya sahiptir.<\/p>\n<\/li>\n<li class=\"\" data-start=\"1354\" data-end=\"1459\">\n<p class=\"\" data-start=\"1356\" data-end=\"1459\"><strong data-start=\"1356\" data-end=\"1375\">S\u00fcper Ger\u00e7ek\u00e7i:<\/strong> Hem fiziksel hem de duygusal olarak g\u00fc\u00e7l\u00fc bir his yaratacak \u015fekilde tasarlanm\u0131\u015ft\u0131r.<\/p>\n<\/li>\n<\/ul>\n<h4 class=\"\" data-start=\"1461\" data-end=\"1479\">Kutu \u0130\u00e7eri\u011fi:<\/h4>\n<ul data-start=\"1480\" data-end=\"1555\">\n<li class=\"\" data-start=\"1480\" data-end=\"1524\">\n<p class=\"\" data-start=\"1482\" data-end=\"1524\"><strong data-start=\"1482\" data-end=\"1524\">40 cm uzunlu\u011funda ger\u00e7ek\u00e7i dildo penis<\/strong><\/p>\n<\/li>\n<li class=\"\" data-start=\"1525\" data-end=\"1555\">\n<p class=\"\" data-start=\"1527\" data-end=\"1555\"><strong data-start=\"1527\" data-end=\"1555\">G\u00fc\u00e7l\u00fc vantuz teknolojisi<\/strong><\/p>\n<\/li>\n<\/ul>\n<hr class=\"\" data-start=\"1557\" data-end=\"1560\" \/>\n<h3 class=\"\" data-start=\"1562\" data-end=\"1591\">Gizli ve G\u00fcvenli G\u00f6nderim<\/h3>\n<p class=\"\" data-start=\"1593\" data-end=\"1814\">Sipari\u015fleriniz, <strong data-start=\"1609\" data-end=\"1628\">gizli paketleme<\/strong> ile g\u00f6nderilir. \u0130\u00e7eri\u011fi d\u0131\u015far\u0131dan anla\u015f\u0131lmayacak \u015fekilde <strong data-start=\"1686\" data-end=\"1704\">kapal\u0131 koliler<\/strong> i\u00e7erisinde teslim edilir. \u00dcr\u00fcn a\u00e7\u0131klamas\u0131 ve g\u00f6rseli d\u0131\u015f ambalajda yer almaz, gizlili\u011finiz her zaman korunur.<\/p>\n<hr class=\"\" data-start=\"1816\" data-end=\"1819\" \/>\n<h3 class=\"\" data-start=\"1821\" data-end=\"1848\">Esnek \u00d6deme Se\u00e7enekleri<\/h3>\n<ul data-start=\"1850\" data-end=\"2071\">\n<li class=\"\" data-start=\"1850\" data-end=\"1917\">\n<p class=\"\" data-start=\"1852\" data-end=\"1917\"><strong data-start=\"1852\" data-end=\"1869\">Kap\u0131da \u00f6deme:<\/strong> Nakit veya kredi kart\u0131 ile g\u00fcvenli \u00f6deme imkan\u0131<\/p>\n<\/li>\n<li class=\"\" data-start=\"1918\" data-end=\"1969\">\n<p class=\"\" data-start=\"1920\" data-end=\"1969\"><strong data-start=\"1920\" data-end=\"1939\">Banka havalesi:<\/strong> Banka yolu ile \u00f6deme se\u00e7ene\u011fi<\/p>\n<\/li>\n<li class=\"\" data-start=\"1970\" data-end=\"2071\">\n<p class=\"\" data-start=\"1972\" data-end=\"2071\"><strong data-start=\"1972\" data-end=\"2003\">Taksitli \u00f6deme se\u00e7enekleri:<\/strong> Tek \u00e7ekim veya taksitli \u00f6deme se\u00e7enekleri ile uygun \u00f6deme ko\u015fullar\u0131<\/p>\n<\/li>\n<\/ul>\n<hr class=\"\" data-start=\"2073\" data-end=\"2076\" \/>\n<h3 class=\"\" data-start=\"2078\" data-end=\"2100\">Teslimat Bilgileri<\/h3>\n<p class=\"\" data-start=\"2102\" data-end=\"2328\">\u00dcr\u00fcn\u00fcn\u00fcz <strong data-start=\"2111\" data-end=\"2129\">h\u0131zl\u0131 g\u00f6nderim<\/strong> garantisi ile en k\u0131sa s\u00fcrede teslim edilir. Sipari\u015fleriniz <strong data-start=\"2189\" data-end=\"2204\">gizli kargo<\/strong> ile g\u00f6nderilir ve <strong data-start=\"2223\" data-end=\"2250\">orijinal \u00fcr\u00fcn garantisi<\/strong> ile taraf\u0131n\u0131za ula\u015ft\u0131r\u0131l\u0131r. Kap\u0131n\u0131za kadar g\u00fcvenli bir \u015fekilde teslim edilir.<\/p>\n<hr class=\"\" data-start=\"2330\" data-end=\"2333\" \/>\n<h3 class=\"\" data-start=\"2335\" data-end=\"2373\">Neden Bu \u00dcr\u00fcn\u00fc Tercih Etmelisiniz?<\/h3>\n<p class=\"\" data-start=\"2375\" data-end=\"2749\"><strong data-start=\"2375\" data-end=\"2411\">40 cm ger\u00e7ek\u00e7i kal\u0131n dildo penis<\/strong>, b\u00fcy\u00fck boyutlar\u0131 tercih edenler i\u00e7in ideal bir cinsel sa\u011fl\u0131k \u00fcr\u00fcn\u00fcd\u00fcr. <strong data-start=\"2483\" data-end=\"2511\">G\u00fc\u00e7l\u00fc vantuz teknolojisi<\/strong> ile her t\u00fcrl\u00fc y\u00fczeye tutunabilen bu \u00fcr\u00fcn, kullan\u0131c\u0131ya <strong data-start=\"2566\" data-end=\"2592\">eller serbest kullan\u0131m<\/strong> sa\u011flar. <strong data-start=\"2601\" data-end=\"2620\">Ger\u00e7ek\u00e7i dokusu<\/strong> ve <strong data-start=\"2624\" data-end=\"2640\">esnek yap\u0131s\u0131<\/strong>, daha yo\u011fun bir deneyim sunar. Ayr\u0131ca, <strong data-start=\"2680\" data-end=\"2704\">cilt dostu materyali<\/strong> sayesinde uzun s\u00fcreli kullan\u0131mda g\u00fcvenlidir.<\/p>\n<hr class=\"\" data-start=\"2751\" data-end=\"2754\" \/>\n<p class=\"\" data-start=\"2756\" data-end=\"2874\"><strong data-start=\"2756\" data-end=\"2782\">\u2714\ufe0f Kap\u0131da \u00d6deme \u0130mkan\u0131<\/strong><br data-start=\"2782\" data-end=\"2785\" \/><strong data-start=\"2785\" data-end=\"2815\">\u2714\ufe0f Orijinal \u00dcr\u00fcn Garantisi<\/strong><br data-start=\"2815\" data-end=\"2818\" \/><strong data-start=\"2818\" data-end=\"2845\">\u2714\ufe0f H\u0131zl\u0131 ve Gizli Kargo<\/strong><br data-start=\"2845\" data-end=\"2848\" \/><strong data-start=\"2848\" data-end=\"2872\">\u2714\ufe0f G\u00fcvenli Al\u0131\u015fveri\u015f<\/strong><\/p>\n<p>&nbsp;<\/p>\n<p>&nbsp;<\/p>\n<p><a href=\"http:\/\/api.whatsapp.com\/send?phone=905304676616&amp;text=Sipari%C5%9F%20Vermek%20%C4%B0stiyorum%20haremshop%20BDM1522\"><img fetchpriority=\"high\" decoding=\"async\" class=\"alignnone\" src=\"https:\/\/static.ticimax.cloud\/32886\/uploads\/editoruploads\/whatsapp-destek-hatti.gif\" alt=\"\" width=\"750\" height=\"117\" \/><\/a><\/p>\n","protected":false},"excerpt":{"rendered":"<p><strong data-start=\"140\" data-end=\"176\">40 cm ger\u00e7ek\u00e7i kal\u0131n dildo penis<\/strong>, b\u00fcy\u00fck boyutlar\u0131 tercih edenler i\u00e7in tasarlanm\u0131\u015f m\u00fckemmel bir \u00fcr\u00fcnd\u00fcr. <strong data-start=\"248\" data-end=\"264\">Ekstra kal\u0131n<\/strong> ve <strong data-start=\"268\" data-end=\"283\">uzun yap\u0131s\u0131<\/strong>, ger\u00e7ek\u00e7i et dokusu ve <strong data-start=\"307\" data-end=\"334\">y\u00fcksek kaliteli malzeme<\/strong> ile birle\u015ferek m\u00fckemmel bir kullan\u0131m deneyimi sunar. <strong data-start=\"388\" data-end=\"415\">S\u00fcper ger\u00e7ek\u00e7i hissiyat<\/strong> ve <strong data-start=\"419\" data-end=\"447\">g\u00fc\u00e7l\u00fc vantuz teknolojisi<\/strong> sayesinde her zemine sabitlenebilir ve eller serbest kullan\u0131m imkan\u0131 sa\u011flar. Bu \u00fcr\u00fcn, cinsel sa\u011fl\u0131\u011f\u0131na ve zevkine \u00f6nem verenler i\u00e7in ideal bir tercihtir.<\/p>\n","protected":false},"featured_media":44254,"comment_status":"closed","ping_status":"closed","template":"","meta":[],"product_brand":[],"product_cat":[508],"product_tag":[],"class_list":{"0":"post-44252","1":"product","2":"type-product","3":"status-publish","4":"has-post-thumbnail","6":"product_cat-buyuk-boy-penisler","8":"first","9":"outofstock","10":"purchasable","11":"product-type-simple"},"yoast_head":"<!-- This site is optimized with the Yoast SEO Premium plugin v24.4 (Yoast SEO v27.1.1) - https:\/\/yoast.com\/product\/yoast-seo-premium-wordpress\/ -->\n<title>40 Cm Ger\u00e7ek\u00e7i Uzun &amp;Amp; Kal\u0131n Dildo Penis - Bursa Erotik Shop<\/title>\n<meta name=\"robots\" content=\"index, follow, max-snippet:-1, max-image-preview:large, max-video-preview:-1\" \/>\n<link rel=\"canonical\" href=\"https:\/\/hobierotikshop.com.tr\/website1\/erotik-shop-urun\/40-cm-gercekci-uzun-kalin-dildo-penis\/\" \/>\n<meta property=\"og:locale\" content=\"tr_TR\" \/>\n<meta property=\"og:type\" content=\"article\" \/>\n<meta property=\"og:title\" content=\"40 Cm Ger\u00e7ek\u00e7i Uzun &amp;Amp; Kal\u0131n Dildo Penis\" \/>\n<meta property=\"og:description\" content=\"40 cm ger\u00e7ek\u00e7i kal\u0131n dildo penis, b\u00fcy\u00fck boyutlar\u0131 tercih edenler i\u00e7in tasarlanm\u0131\u015f m\u00fckemmel bir \u00fcr\u00fcnd\u00fcr. Ekstra kal\u0131n ve uzun yap\u0131s\u0131, ger\u00e7ek\u00e7i et dokusu ve y\u00fcksek kaliteli malzeme ile birle\u015ferek m\u00fckemmel bir kullan\u0131m deneyimi sunar. S\u00fcper ger\u00e7ek\u00e7i hissiyat ve g\u00fc\u00e7l\u00fc vantuz teknolojisi sayesinde her zemine sabitlenebilir ve eller serbest kullan\u0131m imkan\u0131 sa\u011flar. Bu \u00fcr\u00fcn, cinsel sa\u011fl\u0131\u011f\u0131na ve zevkine \u00f6nem verenler i\u00e7in ideal bir tercihtir.\" \/>\n<meta property=\"og:url\" content=\"https:\/\/hobierotikshop.com.tr\/website1\/erotik-shop-urun\/40-cm-gercekci-uzun-kalin-dildo-penis\/\" \/>\n<meta property=\"og:site_name\" content=\"Bursa Erotik Shop\" \/>\n<meta property=\"article:modified_time\" content=\"2026-01-18T15:04:47+00:00\" \/>\n<meta property=\"og:image\" content=\"https:\/\/hobierotikshop.com.tr\/website1\/wp-content\/uploads\/2025\/04\/40-cm-gercekci-uzun-kalin-dildo-penis-4a-5d3.jpg\" \/>\n\t<meta property=\"og:image:width\" content=\"455\" \/>\n\t<meta property=\"og:image:height\" content=\"455\" \/>\n\t<meta property=\"og:image:type\" content=\"image\/jpeg\" \/>\n<meta name=\"twitter:card\" content=\"summary_large_image\" \/>\n<meta name=\"twitter:site\" content=\"@shopbursa\" \/>\n<meta name=\"twitter:label1\" content=\"Fiyat\" \/>\n\t<meta name=\"twitter:data1\" content=\"&#8378;2.933,00\" \/>\n\t<meta name=\"twitter:label2\" content=\"Availability\" \/>\n\t<meta name=\"twitter:data2\" content=\"Out of stock\" \/>\n<script type=\"application\/ld+json\" class=\"yoast-schema-graph\">{\"@context\":\"https:\/\/schema.org\",\"@graph\":[{\"@type\":\"WebPage\",\"@id\":\"https:\/\/hobierotikshop.com.tr\/website1\/erotik-shop-urun\/40-cm-gercekci-uzun-kalin-dildo-penis\/\",\"url\":\"https:\/\/hobierotikshop.com.tr\/website1\/erotik-shop-urun\/40-cm-gercekci-uzun-kalin-dildo-penis\/\",\"name\":\"40 Cm Ger\u00e7ek\u00e7i Uzun &amp;Amp; Kal\u0131n Dildo Penis - Bursa Erotik Shop\",\"isPartOf\":{\"@id\":\"https:\/\/hobierotikshop.com.tr\/website1\/#website\"},\"primaryImageOfPage\":{\"@id\":\"https:\/\/hobierotikshop.com.tr\/website1\/erotik-shop-urun\/40-cm-gercekci-uzun-kalin-dildo-penis\/#primaryimage\"},\"image\":{\"@id\":\"https:\/\/hobierotikshop.com.tr\/website1\/erotik-shop-urun\/40-cm-gercekci-uzun-kalin-dildo-penis\/#primaryimage\"},\"thumbnailUrl\":\"https:\/\/haremerotikshop.com\/site\/wp-content\/uploads\/2025\/04\/40-cm-gercekci-uzun-kalin-dildo-penis-4a-5d3.jpg\",\"datePublished\":\"2025-04-26T13:57:00+00:00\",\"dateModified\":\"2026-01-18T15:04:47+00:00\",\"breadcrumb\":{\"@id\":\"https:\/\/hobierotikshop.com.tr\/website1\/erotik-shop-urun\/40-cm-gercekci-uzun-kalin-dildo-penis\/#breadcrumb\"},\"inLanguage\":\"tr\",\"potentialAction\":[{\"@type\":\"ReadAction\",\"target\":[\"https:\/\/hobierotikshop.com.tr\/website1\/erotik-shop-urun\/40-cm-gercekci-uzun-kalin-dildo-penis\/\"]}]},{\"@type\":\"ImageObject\",\"inLanguage\":\"tr\",\"@id\":\"https:\/\/hobierotikshop.com.tr\/website1\/erotik-shop-urun\/40-cm-gercekci-uzun-kalin-dildo-penis\/#primaryimage\",\"url\":\"https:\/\/haremerotikshop.com\/site\/wp-content\/uploads\/2025\/04\/40-cm-gercekci-uzun-kalin-dildo-penis-4a-5d3.jpg\",\"contentUrl\":\"https:\/\/haremerotikshop.com\/site\/wp-content\/uploads\/2025\/04\/40-cm-gercekci-uzun-kalin-dildo-penis-4a-5d3.jpg\",\"width\":455,\"height\":455},{\"@type\":\"BreadcrumbList\",\"@id\":\"https:\/\/hobierotikshop.com.tr\/website1\/erotik-shop-urun\/40-cm-gercekci-uzun-kalin-dildo-penis\/#breadcrumb\",\"itemListElement\":[{\"@type\":\"ListItem\",\"position\":1,\"name\":\"Anasayfa\",\"item\":\"https:\/\/hobierotikshop.com.tr\/website1\/\"},{\"@type\":\"ListItem\",\"position\":2,\"name\":\"Erotik Shop \u00dcr\u00fcnleri\",\"item\":\"https:\/\/hobierotikshop.com.tr\/website1\/shop\/\"},{\"@type\":\"ListItem\",\"position\":3,\"name\":\"40 Cm Ger\u00e7ek\u00e7i Uzun &amp;Amp; Kal\u0131n Dildo Penis\"}]},{\"@type\":\"WebSite\",\"@id\":\"https:\/\/hobierotikshop.com.tr\/website1\/#website\",\"url\":\"https:\/\/hobierotikshop.com.tr\/website1\/\",\"name\":\"Bursa Erotik Shop\",\"description\":\"Bursa Erotik Shop ile g\u00fcvenli, gizli ve kaliteli yeti\u015fkin \u00fcr\u00fcnleri al\u0131\u015fveri\u015fi! Geni\u015f \u00fcr\u00fcn yelpazemizi ke\u015ffedin, hemen sipari\u015f verin\",\"publisher\":{\"@id\":\"https:\/\/hobierotikshop.com.tr\/website1\/#organization\"},\"alternateName\":\"Erotik Shop\",\"potentialAction\":[{\"@type\":\"SearchAction\",\"target\":{\"@type\":\"EntryPoint\",\"urlTemplate\":\"https:\/\/hobierotikshop.com.tr\/website1\/?s={search_term_string}\"},\"query-input\":{\"@type\":\"PropertyValueSpecification\",\"valueRequired\":true,\"valueName\":\"search_term_string\"}}],\"inLanguage\":\"tr\"},{\"@type\":\"Organization\",\"@id\":\"https:\/\/hobierotikshop.com.tr\/website1\/#organization\",\"name\":\"Harem Bursa Erotik Shop\",\"url\":\"https:\/\/hobierotikshop.com.tr\/website1\/\",\"logo\":{\"@type\":\"ImageObject\",\"inLanguage\":\"tr\",\"@id\":\"https:\/\/hobierotikshop.com.tr\/website1\/#\/schema\/logo\/image\/\",\"url\":\"https:\/\/haremerotikshop.com\/wp-content\/uploads\/2025\/03\/haremsexshop.png\",\"contentUrl\":\"https:\/\/haremerotikshop.com\/wp-content\/uploads\/2025\/03\/haremsexshop.png\",\"width\":400,\"height\":100,\"caption\":\"Harem Bursa Erotik Shop\"},\"image\":{\"@id\":\"https:\/\/hobierotikshop.com.tr\/website1\/#\/schema\/logo\/image\/\"},\"sameAs\":[\"https:\/\/x.com\/shopbursa\"],\"publishingPrinciples\":\"https:\/\/hobierotikshop.com.tr\/website1\/mesafeli-satis-sozlesmesi\/\",\"ownershipFundingInfo\":\"https:\/\/hobierotikshop.com.tr\/website1\/contact-us\/\",\"actionableFeedbackPolicy\":\"https:\/\/hobierotikshop.com.tr\/website1\/contact-us\/\",\"correctionsPolicy\":\"https:\/\/hobierotikshop.com.tr\/website1\/mesafeli-satis-sozlesmesi\/\"}]}<\/script>\n<meta property=\"product:price:amount\" content=\"2933.00\" \/>\n<meta property=\"product:price:currency\" content=\"TRY\" \/>\n<meta property=\"og:availability\" content=\"out of stock\" \/>\n<meta property=\"product:availability\" content=\"out of stock\" \/>\n<meta property=\"product:retailer_item_id\" content=\"BDM1522\" \/>\n<meta property=\"product:condition\" content=\"new\" \/>\n<!-- \/ Yoast SEO Premium plugin. -->","yoast_head_json":{"title":"40 Cm Ger\u00e7ek\u00e7i Uzun &amp;Amp; Kal\u0131n Dildo Penis - Bursa Erotik Shop","robots":{"index":"index","follow":"follow","max-snippet":"max-snippet:-1","max-image-preview":"max-image-preview:large","max-video-preview":"max-video-preview:-1"},"canonical":"https:\/\/hobierotikshop.com.tr\/website1\/erotik-shop-urun\/40-cm-gercekci-uzun-kalin-dildo-penis\/","og_locale":"tr_TR","og_type":"article","og_title":"40 Cm Ger\u00e7ek\u00e7i Uzun &amp;Amp; Kal\u0131n Dildo Penis","og_description":"40 cm ger\u00e7ek\u00e7i kal\u0131n dildo penis, b\u00fcy\u00fck boyutlar\u0131 tercih edenler i\u00e7in tasarlanm\u0131\u015f m\u00fckemmel bir \u00fcr\u00fcnd\u00fcr. Ekstra kal\u0131n ve uzun yap\u0131s\u0131, ger\u00e7ek\u00e7i et dokusu ve y\u00fcksek kaliteli malzeme ile birle\u015ferek m\u00fckemmel bir kullan\u0131m deneyimi sunar. S\u00fcper ger\u00e7ek\u00e7i hissiyat ve g\u00fc\u00e7l\u00fc vantuz teknolojisi sayesinde her zemine sabitlenebilir ve eller serbest kullan\u0131m imkan\u0131 sa\u011flar. Bu \u00fcr\u00fcn, cinsel sa\u011fl\u0131\u011f\u0131na ve zevkine \u00f6nem verenler i\u00e7in ideal bir tercihtir.","og_url":"https:\/\/hobierotikshop.com.tr\/website1\/erotik-shop-urun\/40-cm-gercekci-uzun-kalin-dildo-penis\/","og_site_name":"Bursa Erotik Shop","article_modified_time":"2026-01-18T15:04:47+00:00","og_image":[{"width":455,"height":455,"url":"https:\/\/hobierotikshop.com.tr\/website1\/wp-content\/uploads\/2025\/04\/40-cm-gercekci-uzun-kalin-dildo-penis-4a-5d3.jpg","type":"image\/jpeg"}],"twitter_card":"summary_large_image","twitter_site":"@shopbursa","twitter_misc":{"Fiyat":"&#8378;2.933,00","Availability":"Out of stock"},"schema":{"@context":"https:\/\/schema.org","@graph":[{"@type":"WebPage","@id":"https:\/\/hobierotikshop.com.tr\/website1\/erotik-shop-urun\/40-cm-gercekci-uzun-kalin-dildo-penis\/","url":"https:\/\/hobierotikshop.com.tr\/website1\/erotik-shop-urun\/40-cm-gercekci-uzun-kalin-dildo-penis\/","name":"40 Cm Ger\u00e7ek\u00e7i Uzun &amp;Amp; Kal\u0131n Dildo Penis - Bursa Erotik Shop","isPartOf":{"@id":"https:\/\/hobierotikshop.com.tr\/website1\/#website"},"primaryImageOfPage":{"@id":"https:\/\/hobierotikshop.com.tr\/website1\/erotik-shop-urun\/40-cm-gercekci-uzun-kalin-dildo-penis\/#primaryimage"},"image":{"@id":"https:\/\/hobierotikshop.com.tr\/website1\/erotik-shop-urun\/40-cm-gercekci-uzun-kalin-dildo-penis\/#primaryimage"},"thumbnailUrl":"https:\/\/haremerotikshop.com\/site\/wp-content\/uploads\/2025\/04\/40-cm-gercekci-uzun-kalin-dildo-penis-4a-5d3.jpg","datePublished":"2025-04-26T13:57:00+00:00","dateModified":"2026-01-18T15:04:47+00:00","breadcrumb":{"@id":"https:\/\/hobierotikshop.com.tr\/website1\/erotik-shop-urun\/40-cm-gercekci-uzun-kalin-dildo-penis\/#breadcrumb"},"inLanguage":"tr","potentialAction":[{"@type":"ReadAction","target":["https:\/\/hobierotikshop.com.tr\/website1\/erotik-shop-urun\/40-cm-gercekci-uzun-kalin-dildo-penis\/"]}]},{"@type":"ImageObject","inLanguage":"tr","@id":"https:\/\/hobierotikshop.com.tr\/website1\/erotik-shop-urun\/40-cm-gercekci-uzun-kalin-dildo-penis\/#primaryimage","url":"https:\/\/haremerotikshop.com\/site\/wp-content\/uploads\/2025\/04\/40-cm-gercekci-uzun-kalin-dildo-penis-4a-5d3.jpg","contentUrl":"https:\/\/haremerotikshop.com\/site\/wp-content\/uploads\/2025\/04\/40-cm-gercekci-uzun-kalin-dildo-penis-4a-5d3.jpg","width":455,"height":455},{"@type":"BreadcrumbList","@id":"https:\/\/hobierotikshop.com.tr\/website1\/erotik-shop-urun\/40-cm-gercekci-uzun-kalin-dildo-penis\/#breadcrumb","itemListElement":[{"@type":"ListItem","position":1,"name":"Anasayfa","item":"https:\/\/hobierotikshop.com.tr\/website1\/"},{"@type":"ListItem","position":2,"name":"Erotik Shop \u00dcr\u00fcnleri","item":"https:\/\/hobierotikshop.com.tr\/website1\/shop\/"},{"@type":"ListItem","position":3,"name":"40 Cm Ger\u00e7ek\u00e7i Uzun &amp;Amp; Kal\u0131n Dildo Penis"}]},{"@type":"WebSite","@id":"https:\/\/hobierotikshop.com.tr\/website1\/#website","url":"https:\/\/hobierotikshop.com.tr\/website1\/","name":"Bursa Erotik Shop","description":"Bursa Erotik Shop ile g\u00fcvenli, gizli ve kaliteli yeti\u015fkin \u00fcr\u00fcnleri al\u0131\u015fveri\u015fi! Geni\u015f \u00fcr\u00fcn yelpazemizi ke\u015ffedin, hemen sipari\u015f verin","publisher":{"@id":"https:\/\/hobierotikshop.com.tr\/website1\/#organization"},"alternateName":"Erotik Shop","potentialAction":[{"@type":"SearchAction","target":{"@type":"EntryPoint","urlTemplate":"https:\/\/hobierotikshop.com.tr\/website1\/?s={search_term_string}"},"query-input":{"@type":"PropertyValueSpecification","valueRequired":true,"valueName":"search_term_string"}}],"inLanguage":"tr"},{"@type":"Organization","@id":"https:\/\/hobierotikshop.com.tr\/website1\/#organization","name":"Harem Bursa Erotik Shop","url":"https:\/\/hobierotikshop.com.tr\/website1\/","logo":{"@type":"ImageObject","inLanguage":"tr","@id":"https:\/\/hobierotikshop.com.tr\/website1\/#\/schema\/logo\/image\/","url":"https:\/\/haremerotikshop.com\/wp-content\/uploads\/2025\/03\/haremsexshop.png","contentUrl":"https:\/\/haremerotikshop.com\/wp-content\/uploads\/2025\/03\/haremsexshop.png","width":400,"height":100,"caption":"Harem Bursa Erotik Shop"},"image":{"@id":"https:\/\/hobierotikshop.com.tr\/website1\/#\/schema\/logo\/image\/"},"sameAs":["https:\/\/x.com\/shopbursa"],"publishingPrinciples":"https:\/\/hobierotikshop.com.tr\/website1\/mesafeli-satis-sozlesmesi\/","ownershipFundingInfo":"https:\/\/hobierotikshop.com.tr\/website1\/contact-us\/","actionableFeedbackPolicy":"https:\/\/hobierotikshop.com.tr\/website1\/contact-us\/","correctionsPolicy":"https:\/\/hobierotikshop.com.tr\/website1\/mesafeli-satis-sozlesmesi\/"}]},"product_price_amount":"2933.00","product_price_currency":"TRY","og_availability":"out of stock","product_availability":"out of stock","product_retailer_item_id":"BDM1522","product_condition":"new"},"_links":{"self":[{"href":"https:\/\/haremerotikshop.com\/site\/wp-json\/wp\/v2\/product\/44252","targetHints":{"allow":["GET"]}}],"collection":[{"href":"https:\/\/haremerotikshop.com\/site\/wp-json\/wp\/v2\/product"}],"about":[{"href":"https:\/\/haremerotikshop.com\/site\/wp-json\/wp\/v2\/types\/product"}],"replies":[{"embeddable":true,"href":"https:\/\/haremerotikshop.com\/site\/wp-json\/wp\/v2\/comments?post=44252"}],"version-history":[{"count":0,"href":"https:\/\/haremerotikshop.com\/site\/wp-json\/wp\/v2\/product\/44252\/revisions"}],"wp:featuredmedia":[{"embeddable":true,"href":"https:\/\/haremerotikshop.com\/site\/wp-json\/wp\/v2\/media\/44254"}],"wp:attachment":[{"href":"https:\/\/haremerotikshop.com\/site\/wp-json\/wp\/v2\/media?parent=44252"}],"wp:term":[{"taxonomy":"product_brand","embeddable":true,"href":"https:\/\/haremerotikshop.com\/site\/wp-json\/wp\/v2\/product_brand?post=44252"},{"taxonomy":"product_cat","embeddable":true,"href":"https:\/\/haremerotikshop.com\/site\/wp-json\/wp\/v2\/product_cat?post=44252"},{"taxonomy":"product_tag","embeddable":true,"href":"https:\/\/haremerotikshop.com\/site\/wp-json\/wp\/v2\/product_tag?post=44252"}],"curies":[{"name":"wp","href":"https:\/\/api.w.org\/{rel}","templated":true}]}}