{"id":44259,"date":"2025-04-26T16:57:00","date_gmt":"2025-04-26T13:57:00","guid":{"rendered":"https:\/\/haremerotikshop.com\/site\/erotik-shop-urun\/belden-baglamali-40-cm-gercekci-uzun-kalin-dildo-penis\/"},"modified":"2026-01-09T02:58:43","modified_gmt":"2026-01-08T23:58:43","slug":"belden-baglamali-40-cm-gercekci-uzun-kalin-dildo-penis","status":"publish","type":"product","link":"https:\/\/haremerotikshop.com\/site\/erotik-shop-urun\/belden-baglamali-40-cm-gercekci-uzun-kalin-dildo-penis\/","title":{"rendered":"Belden Ba\u011flamal\u0131 40 Cm Ger\u00e7ek\u00e7i Uzun &Amp; Kal\u0131n Dildo Penis"},"content":{"rendered":"<h3 class=\"\" data-start=\"79\" data-end=\"175\">Belden Ba\u011flamal\u0131 40 cm Ger\u00e7ek\u00e7i Kal\u0131n Dildo Penis \u2013 Ger\u00e7ek\u00e7i Et Dokusu ile Y\u00fcksek Performans<\/h3>\n<p class=\"\" data-start=\"177\" data-end=\"580\">B\u00fcy\u00fck boyutlar\u0131 ve <strong data-start=\"196\" data-end=\"215\">ger\u00e7ek\u00e7i dokusu<\/strong> ile \u00f6ne \u00e7\u0131kan <strong data-start=\"230\" data-end=\"262\">belden ba\u011flamal\u0131 40 cm dildo<\/strong>, erkeklerin ve kad\u0131nlar\u0131n ihtiya\u00e7lar\u0131n\u0131 kar\u015f\u0131layacak \u015fekilde tasarlanm\u0131\u015ft\u0131r. <strong data-start=\"340\" data-end=\"349\">Kal\u0131n<\/strong> ve <strong data-start=\"353\" data-end=\"361\">uzun<\/strong> yap\u0131s\u0131, daha b\u00fcy\u00fck isteyenler i\u00e7in m\u00fckemmel bir se\u00e7enektir. Hem fiziksel hem de duygusal olarak g\u00fc\u00e7l\u00fc bir deneyim sunan bu \u00fcr\u00fcn, g\u00fc\u00e7l\u00fc <strong data-start=\"497\" data-end=\"519\">vantuz teknolojisi<\/strong> ile her t\u00fcrl\u00fc zemine sabitlenerek kullan\u0131m kolayl\u0131\u011f\u0131 sa\u011flar.<\/p>\n<h4 class=\"\" data-start=\"582\" data-end=\"604\">\u00dcr\u00fcn \u00d6zellikleri:<\/h4>\n<ul data-start=\"605\" data-end=\"1505\">\n<li class=\"\" data-start=\"605\" data-end=\"759\">\n<p class=\"\" data-start=\"607\" data-end=\"759\"><strong data-start=\"607\" data-end=\"636\">Ekstra Kal\u0131n &amp; Uzun Yap\u0131:<\/strong> 40 cm toplam uzunluk, 34 cm kullan\u0131labilir uzunluk ve 3,8 cm kal\u0131nl\u0131k, daha b\u00fcy\u00fck ve ger\u00e7ek\u00e7i bir deneyim i\u00e7in tasarland\u0131.<\/p>\n<\/li>\n<li class=\"\" data-start=\"760\" data-end=\"846\">\n<p class=\"\" data-start=\"762\" data-end=\"846\"><strong data-start=\"762\" data-end=\"785\">Ger\u00e7ek\u00e7i Et Dokusu:<\/strong> Do\u011fal ten dokusu ve yumu\u015fak y\u00fczey, ger\u00e7ek\u00e7i bir his yarat\u0131r.<\/p>\n<\/li>\n<li class=\"\" data-start=\"847\" data-end=\"921\">\n<p class=\"\" data-start=\"849\" data-end=\"921\"><strong data-start=\"849\" data-end=\"868\">600 gr A\u011f\u0131rl\u0131k:<\/strong> A\u011f\u0131rl\u0131\u011f\u0131 ile daha do\u011fal ve g\u00fc\u00e7l\u00fc bir deneyim sa\u011flar.<\/p>\n<\/li>\n<li class=\"\" data-start=\"922\" data-end=\"1039\">\n<p class=\"\" data-start=\"924\" data-end=\"1039\"><strong data-start=\"924\" data-end=\"941\">G\u00fc\u00e7l\u00fc Vantuz:<\/strong> Sabitleme \u00f6zelli\u011fi sayesinde her t\u00fcr y\u00fczeye kolayca tutunur, eller serbest kullan\u0131m imkan\u0131 sunar.<\/p>\n<\/li>\n<li class=\"\" data-start=\"1040\" data-end=\"1195\">\n<p class=\"\" data-start=\"1042\" data-end=\"1195\"><strong data-start=\"1042\" data-end=\"1065\">Cilt Dostu Malzeme:<\/strong> Yumu\u015fak silikon, cildinizi rahats\u0131z etmeden kullan\u0131m sa\u011flar. Ayr\u0131ca <strong data-start=\"1134\" data-end=\"1152\">phthalate free<\/strong> materyali ile sa\u011fl\u0131k a\u00e7\u0131s\u0131ndan g\u00fcvenlidir.<\/p>\n<\/li>\n<li class=\"\" data-start=\"1196\" data-end=\"1289\">\n<p class=\"\" data-start=\"1198\" data-end=\"1289\"><strong data-start=\"1198\" data-end=\"1223\">Kolay Temizlenebilir:<\/strong> Kullan\u0131m sonras\u0131 h\u0131zl\u0131ca temizlenebilir, hijyenik kullan\u0131m sunar.<\/p>\n<\/li>\n<li class=\"\" data-start=\"1290\" data-end=\"1394\">\n<p class=\"\" data-start=\"1292\" data-end=\"1394\"><strong data-start=\"1292\" data-end=\"1318\">Belden Ba\u011flama Kemeri:<\/strong> \u00dcr\u00fcn, belden ba\u011flama kemeriyle birlikte gelir ve rahat kullan\u0131m\u0131 destekler.<\/p>\n<\/li>\n<li class=\"\" data-start=\"1395\" data-end=\"1505\">\n<p class=\"\" data-start=\"1397\" data-end=\"1505\"><strong data-start=\"1397\" data-end=\"1429\">Kayganla\u015ft\u0131r\u0131c\u0131 \u0130le Tam Set:<\/strong> \u00dcr\u00fcn setine dahil olan kayganla\u015ft\u0131r\u0131c\u0131, kullan\u0131m s\u0131ras\u0131nda rahatl\u0131k sa\u011flar.<\/p>\n<\/li>\n<\/ul>\n<h4 class=\"\" data-start=\"1507\" data-end=\"1525\">Kutu \u0130\u00e7eri\u011fi:<\/h4>\n<ul data-start=\"1526\" data-end=\"1640\">\n<li class=\"\" data-start=\"1526\" data-end=\"1590\">\n<p class=\"\" data-start=\"1528\" data-end=\"1590\">40 cm uzunlu\u011funda <strong data-start=\"1546\" data-end=\"1564\">ger\u00e7ek\u00e7i dildo<\/strong> (vantilasyonlu \u00f6zellikli)<\/p>\n<\/li>\n<li class=\"\" data-start=\"1591\" data-end=\"1618\">\n<p class=\"\" data-start=\"1593\" data-end=\"1618\"><strong data-start=\"1593\" data-end=\"1618\">Belden ba\u011flama kemeri<\/strong><\/p>\n<\/li>\n<li class=\"\" data-start=\"1619\" data-end=\"1640\">\n<p class=\"\" data-start=\"1621\" data-end=\"1640\"><strong data-start=\"1621\" data-end=\"1640\">Kayganla\u015ft\u0131r\u0131c\u0131<\/strong><\/p>\n<\/li>\n<\/ul>\n<hr class=\"\" data-start=\"1642\" data-end=\"1645\" \/>\n<h3 class=\"\" data-start=\"1647\" data-end=\"1676\">Gizli ve G\u00fcvenli G\u00f6nderim<\/h3>\n<p class=\"\" data-start=\"1678\" data-end=\"1907\">\u00d6zel gizlili\u011finizi korumak amac\u0131yla t\u00fcm sipari\u015fleriniz <strong data-start=\"1733\" data-end=\"1752\">gizli paketleme<\/strong> ile g\u00f6nderilir. \u0130\u00e7eri\u011fi d\u0131\u015far\u0131dan anla\u015f\u0131lmayacak \u015fekilde, tamamen <strong data-start=\"1819\" data-end=\"1834\">kapal\u0131 kutu<\/strong> i\u00e7inde teslim edilir. \u00dcr\u00fcn a\u00e7\u0131klamas\u0131 ve g\u00f6rseli d\u0131\u015f ambalajda bulunmaz.<\/p>\n<hr class=\"\" data-start=\"1909\" data-end=\"1912\" \/>\n<h3 class=\"\" data-start=\"1914\" data-end=\"1941\">Esnek \u00d6deme Se\u00e7enekleri<\/h3>\n<ul data-start=\"1943\" data-end=\"2193\">\n<li class=\"\" data-start=\"1943\" data-end=\"2027\">\n<p class=\"\" data-start=\"1945\" data-end=\"2027\"><strong data-start=\"1945\" data-end=\"1971\">Kap\u0131da \u00d6deme Se\u00e7ene\u011fi:<\/strong> Nakit veya kredi kart\u0131 ile kap\u0131da \u00f6deme yapabilirsiniz.<\/p>\n<\/li>\n<li class=\"\" data-start=\"2028\" data-end=\"2097\">\n<p class=\"\" data-start=\"2030\" data-end=\"2097\"><strong data-start=\"2030\" data-end=\"2049\">Banka Havalesi:<\/strong> Banka yolu ile havale ile \u00f6deme yapabilirsiniz.<\/p>\n<\/li>\n<li class=\"\" data-start=\"2098\" data-end=\"2193\">\n<p class=\"\" data-start=\"2100\" data-end=\"2193\"><strong data-start=\"2100\" data-end=\"2121\">Taksit \u0130mkanlar\u0131:<\/strong> Hem tek \u00e7ekim hem de taksitli \u00f6deme se\u00e7enekleri ile kolay \u00f6deme imkan\u0131.<\/p>\n<\/li>\n<\/ul>\n<hr class=\"\" data-start=\"2195\" data-end=\"2198\" \/>\n<h3 class=\"\" data-start=\"2200\" data-end=\"2222\">Teslimat Bilgileri<\/h3>\n<p class=\"\" data-start=\"2224\" data-end=\"2424\">\u00dcr\u00fcnlerimiz, <strong data-start=\"2237\" data-end=\"2255\">h\u0131zl\u0131 g\u00f6nderim<\/strong> garantisiyle, istedi\u011finiz adresinize veya en yak\u0131n kargo \u015fubesine teslim edilir. Sipari\u015fler, <strong data-start=\"2349\" data-end=\"2364\">gizli kargo<\/strong> ve <strong data-start=\"2368\" data-end=\"2395\">orijinal \u00fcr\u00fcn garantisi<\/strong> ile taraf\u0131n\u0131za ula\u015ft\u0131r\u0131l\u0131r.<\/p>\n<hr class=\"\" data-start=\"2426\" data-end=\"2429\" \/>\n<h3 class=\"\" data-start=\"2431\" data-end=\"2469\">Neden Bu \u00dcr\u00fcn\u00fc Tercih Etmelisiniz?<\/h3>\n<p class=\"\" data-start=\"2471\" data-end=\"2768\">Bu <strong data-start=\"2474\" data-end=\"2500\">belden ba\u011flamal\u0131 dildo<\/strong>, g\u00fc\u00e7l\u00fc yap\u0131s\u0131 ve <strong data-start=\"2518\" data-end=\"2537\">ger\u00e7ek\u00e7i dokusu<\/strong> ile hem rahatl\u0131k hem de performans a\u00e7\u0131s\u0131ndan m\u00fckemmel bir se\u00e7imdir. B\u00fcy\u00fck boyutlar\u0131 tercih eden kullan\u0131c\u0131lar i\u00e7in tasarlanm\u0131\u015f bu \u00fcr\u00fcn, her t\u00fcrl\u00fc zevke hitap eder. Hem erkekler hem de kad\u0131nlar i\u00e7in ideal bir cinsel sa\u011fl\u0131k \u00fcr\u00fcn\u00fcd\u00fcr.<\/p>\n<hr class=\"\" data-start=\"2770\" data-end=\"2773\" \/>\n<p class=\"\" data-start=\"2775\" data-end=\"2893\"><strong data-start=\"2775\" data-end=\"2801\">\u2714\ufe0f Kap\u0131da \u00d6deme \u0130mkan\u0131<\/strong><br data-start=\"2801\" data-end=\"2804\" \/><strong data-start=\"2804\" data-end=\"2834\">\u2714\ufe0f Orijinal \u00dcr\u00fcn Garantisi<\/strong><br data-start=\"2834\" data-end=\"2837\" \/><strong data-start=\"2837\" data-end=\"2864\">\u2714\ufe0f H\u0131zl\u0131 ve Gizli Kargo<\/strong><br data-start=\"2864\" data-end=\"2867\" \/><strong data-start=\"2867\" data-end=\"2891\">\u2714\ufe0f G\u00fcvenli Al\u0131\u015fveri\u015f<\/strong><\/p>\n<hr class=\"\" data-start=\"2895\" data-end=\"2898\" \/>\n<p class=\"\" data-start=\"2900\" data-end=\"3098\">E\u011fer bu \u00fcr\u00fcn\u00fc daha fazla ke\u015ffetmek veya sipari\u015f vermek isterseniz, bizimle ileti\u015fime ge\u00e7ebilirsiniz. <strong data-start=\"3001\" data-end=\"3055\">Gizlili\u011finizi ve memnuniyetinizi \u00f6n planda tutarak<\/strong>, g\u00fcvenli bir al\u0131\u015fveri\u015f deneyimi sunuyoruz.<\/p>\n<p>&nbsp;<\/p>\n<p><a href=\"http:\/\/api.whatsapp.com\/send?phone=905304676616&amp;text=Sipari%C5%9F%20Vermek%20%C4%B0stiyorum%20haremshop%20BDM1522B\"><img fetchpriority=\"high\" decoding=\"async\" class=\"alignnone\" src=\"https:\/\/static.ticimax.cloud\/32886\/uploads\/editoruploads\/whatsapp-destek-hatti.gif\" alt=\"\" width=\"750\" height=\"117\" \/><\/a><\/p>\n","protected":false},"excerpt":{"rendered":"<p>B\u00fcy\u00fck boyutlar\u0131 ve <strong data-start=\"196\" data-end=\"215\">ger\u00e7ek\u00e7i dokusu<\/strong> ile \u00f6ne \u00e7\u0131kan <strong data-start=\"230\" data-end=\"262\">belden ba\u011flamal\u0131 40 cm dildo<\/strong>, erkeklerin ve kad\u0131nlar\u0131n ihtiya\u00e7lar\u0131n\u0131 kar\u015f\u0131layacak \u015fekilde tasarlanm\u0131\u015ft\u0131r. <strong data-start=\"340\" data-end=\"349\">Kal\u0131n<\/strong> ve <strong data-start=\"353\" data-end=\"361\">uzun<\/strong> yap\u0131s\u0131, daha b\u00fcy\u00fck isteyenler i\u00e7in m\u00fckemmel bir se\u00e7enektir. Hem fiziksel hem de duygusal olarak g\u00fc\u00e7l\u00fc bir deneyim sunan bu \u00fcr\u00fcn, g\u00fc\u00e7l\u00fc <strong data-start=\"497\" data-end=\"519\">vantuz teknolojisi<\/strong> ile her t\u00fcrl\u00fc zemine sabitlenerek kullan\u0131m kolayl\u0131\u011f\u0131 sa\u011flar<\/p>\n","protected":false},"featured_media":44261,"comment_status":"closed","ping_status":"closed","template":"","meta":[],"product_brand":[],"product_cat":[498],"product_tag":[],"class_list":{"0":"post-44259","1":"product","2":"type-product","3":"status-publish","4":"has-post-thumbnail","6":"product_cat-belden-baglamali-penisler","8":"first","9":"outofstock","10":"purchasable","11":"product-type-simple"},"yoast_head":"<!-- This site is optimized with the Yoast SEO Premium plugin v24.4 (Yoast SEO v27.1.1) - https:\/\/yoast.com\/product\/yoast-seo-premium-wordpress\/ -->\n<title>Belden Ba\u011flamal\u0131 40 Cm Ger\u00e7ek\u00e7i Uzun &amp;Amp; Kal\u0131n Dildo Penis - Bursa Erotik Shop<\/title>\n<meta name=\"robots\" content=\"index, follow, max-snippet:-1, max-image-preview:large, max-video-preview:-1\" \/>\n<link rel=\"canonical\" href=\"https:\/\/hobierotikshop.com.tr\/website1\/erotik-shop-urun\/belden-baglamali-40-cm-gercekci-uzun-kalin-dildo-penis\/\" \/>\n<meta property=\"og:locale\" content=\"tr_TR\" \/>\n<meta property=\"og:type\" content=\"article\" \/>\n<meta property=\"og:title\" content=\"Belden Ba\u011flamal\u0131 40 Cm Ger\u00e7ek\u00e7i Uzun &amp;Amp; Kal\u0131n Dildo Penis\" \/>\n<meta property=\"og:description\" content=\"B\u00fcy\u00fck boyutlar\u0131 ve ger\u00e7ek\u00e7i dokusu ile \u00f6ne \u00e7\u0131kan belden ba\u011flamal\u0131 40 cm dildo, erkeklerin ve kad\u0131nlar\u0131n ihtiya\u00e7lar\u0131n\u0131 kar\u015f\u0131layacak \u015fekilde tasarlanm\u0131\u015ft\u0131r. Kal\u0131n ve uzun yap\u0131s\u0131, daha b\u00fcy\u00fck isteyenler i\u00e7in m\u00fckemmel bir se\u00e7enektir. Hem fiziksel hem de duygusal olarak g\u00fc\u00e7l\u00fc bir deneyim sunan bu \u00fcr\u00fcn, g\u00fc\u00e7l\u00fc vantuz teknolojisi ile her t\u00fcrl\u00fc zemine sabitlenerek kullan\u0131m kolayl\u0131\u011f\u0131 sa\u011flar\" \/>\n<meta property=\"og:url\" content=\"https:\/\/hobierotikshop.com.tr\/website1\/erotik-shop-urun\/belden-baglamali-40-cm-gercekci-uzun-kalin-dildo-penis\/\" \/>\n<meta property=\"og:site_name\" content=\"Bursa Erotik Shop\" \/>\n<meta property=\"article:modified_time\" content=\"2026-01-08T23:58:43+00:00\" \/>\n<meta property=\"og:image\" content=\"https:\/\/hobierotikshop.com.tr\/website1\/wp-content\/uploads\/2025\/04\/belden-baglamali-40-cm-gercekci-uzun-k-cf84df.jpg\" \/>\n\t<meta property=\"og:image:width\" content=\"455\" \/>\n\t<meta property=\"og:image:height\" content=\"455\" \/>\n\t<meta property=\"og:image:type\" content=\"image\/jpeg\" \/>\n<meta name=\"twitter:card\" content=\"summary_large_image\" \/>\n<meta name=\"twitter:site\" content=\"@shopbursa\" \/>\n<meta name=\"twitter:label1\" content=\"Fiyat\" \/>\n\t<meta name=\"twitter:data1\" content=\"&#8378;2.080,00\" \/>\n\t<meta name=\"twitter:label2\" content=\"Availability\" \/>\n\t<meta name=\"twitter:data2\" content=\"Out of stock\" \/>\n<script type=\"application\/ld+json\" class=\"yoast-schema-graph\">{\"@context\":\"https:\/\/schema.org\",\"@graph\":[{\"@type\":\"WebPage\",\"@id\":\"https:\/\/hobierotikshop.com.tr\/website1\/erotik-shop-urun\/belden-baglamali-40-cm-gercekci-uzun-kalin-dildo-penis\/\",\"url\":\"https:\/\/hobierotikshop.com.tr\/website1\/erotik-shop-urun\/belden-baglamali-40-cm-gercekci-uzun-kalin-dildo-penis\/\",\"name\":\"Belden Ba\u011flamal\u0131 40 Cm Ger\u00e7ek\u00e7i Uzun &Amp; Kal\u0131n Dildo Penis - Bursa Erotik Shop\",\"isPartOf\":{\"@id\":\"https:\/\/hobierotikshop.com.tr\/website1\/#website\"},\"primaryImageOfPage\":{\"@id\":\"https:\/\/hobierotikshop.com.tr\/website1\/erotik-shop-urun\/belden-baglamali-40-cm-gercekci-uzun-kalin-dildo-penis\/#primaryimage\"},\"image\":{\"@id\":\"https:\/\/hobierotikshop.com.tr\/website1\/erotik-shop-urun\/belden-baglamali-40-cm-gercekci-uzun-kalin-dildo-penis\/#primaryimage\"},\"thumbnailUrl\":\"https:\/\/haremerotikshop.com\/site\/wp-content\/uploads\/2025\/04\/belden-baglamali-40-cm-gercekci-uzun-k-cf84df.jpg\",\"datePublished\":\"2025-04-26T13:57:00+00:00\",\"dateModified\":\"2026-01-08T23:58:43+00:00\",\"breadcrumb\":{\"@id\":\"https:\/\/hobierotikshop.com.tr\/website1\/erotik-shop-urun\/belden-baglamali-40-cm-gercekci-uzun-kalin-dildo-penis\/#breadcrumb\"},\"inLanguage\":\"tr\",\"potentialAction\":[{\"@type\":\"ReadAction\",\"target\":[\"https:\/\/hobierotikshop.com.tr\/website1\/erotik-shop-urun\/belden-baglamali-40-cm-gercekci-uzun-kalin-dildo-penis\/\"]}]},{\"@type\":\"ImageObject\",\"inLanguage\":\"tr\",\"@id\":\"https:\/\/hobierotikshop.com.tr\/website1\/erotik-shop-urun\/belden-baglamali-40-cm-gercekci-uzun-kalin-dildo-penis\/#primaryimage\",\"url\":\"https:\/\/haremerotikshop.com\/site\/wp-content\/uploads\/2025\/04\/belden-baglamali-40-cm-gercekci-uzun-k-cf84df.jpg\",\"contentUrl\":\"https:\/\/haremerotikshop.com\/site\/wp-content\/uploads\/2025\/04\/belden-baglamali-40-cm-gercekci-uzun-k-cf84df.jpg\",\"width\":455,\"height\":455},{\"@type\":\"BreadcrumbList\",\"@id\":\"https:\/\/hobierotikshop.com.tr\/website1\/erotik-shop-urun\/belden-baglamali-40-cm-gercekci-uzun-kalin-dildo-penis\/#breadcrumb\",\"itemListElement\":[{\"@type\":\"ListItem\",\"position\":1,\"name\":\"Anasayfa\",\"item\":\"https:\/\/hobierotikshop.com.tr\/website1\/\"},{\"@type\":\"ListItem\",\"position\":2,\"name\":\"Erotik Shop \u00dcr\u00fcnleri\",\"item\":\"https:\/\/hobierotikshop.com.tr\/website1\/shop\/\"},{\"@type\":\"ListItem\",\"position\":3,\"name\":\"Belden Ba\u011flamal\u0131 40 Cm Ger\u00e7ek\u00e7i Uzun &Amp; Kal\u0131n Dildo Penis\"}]},{\"@type\":\"WebSite\",\"@id\":\"https:\/\/hobierotikshop.com.tr\/website1\/#website\",\"url\":\"https:\/\/hobierotikshop.com.tr\/website1\/\",\"name\":\"Bursa Erotik Shop\",\"description\":\"Bursa Erotik Shop ile g\u00fcvenli, gizli ve kaliteli yeti\u015fkin \u00fcr\u00fcnleri al\u0131\u015fveri\u015fi! Geni\u015f \u00fcr\u00fcn yelpazemizi ke\u015ffedin, hemen sipari\u015f verin\",\"publisher\":{\"@id\":\"https:\/\/hobierotikshop.com.tr\/website1\/#organization\"},\"alternateName\":\"Erotik Shop\",\"potentialAction\":[{\"@type\":\"SearchAction\",\"target\":{\"@type\":\"EntryPoint\",\"urlTemplate\":\"https:\/\/hobierotikshop.com.tr\/website1\/?s={search_term_string}\"},\"query-input\":{\"@type\":\"PropertyValueSpecification\",\"valueRequired\":true,\"valueName\":\"search_term_string\"}}],\"inLanguage\":\"tr\"},{\"@type\":\"Organization\",\"@id\":\"https:\/\/hobierotikshop.com.tr\/website1\/#organization\",\"name\":\"Harem Bursa Erotik Shop\",\"url\":\"https:\/\/hobierotikshop.com.tr\/website1\/\",\"logo\":{\"@type\":\"ImageObject\",\"inLanguage\":\"tr\",\"@id\":\"https:\/\/hobierotikshop.com.tr\/website1\/#\/schema\/logo\/image\/\",\"url\":\"https:\/\/haremerotikshop.com\/site\/wp-content\/uploads\/2025\/03\/haremsexshop.png\",\"contentUrl\":\"https:\/\/haremerotikshop.com\/site\/wp-content\/uploads\/2025\/03\/haremsexshop.png\",\"width\":400,\"height\":100,\"caption\":\"Harem Bursa Erotik Shop\"},\"image\":{\"@id\":\"https:\/\/hobierotikshop.com.tr\/website1\/#\/schema\/logo\/image\/\"},\"sameAs\":[\"https:\/\/x.com\/shopbursa\"],\"publishingPrinciples\":\"https:\/\/hobierotikshop.com.tr\/website1\/mesafeli-satis-sozlesmesi\/\",\"ownershipFundingInfo\":\"https:\/\/hobierotikshop.com.tr\/website1\/contact-us\/\",\"actionableFeedbackPolicy\":\"https:\/\/hobierotikshop.com.tr\/website1\/contact-us\/\",\"correctionsPolicy\":\"https:\/\/hobierotikshop.com.tr\/website1\/mesafeli-satis-sozlesmesi\/\"}]}<\/script>\n<meta property=\"product:price:amount\" content=\"2080.00\" \/>\n<meta property=\"product:price:currency\" content=\"TRY\" \/>\n<meta property=\"og:availability\" content=\"out of stock\" \/>\n<meta property=\"product:availability\" content=\"out of stock\" \/>\n<meta property=\"product:retailer_item_id\" content=\"BDM1522B\" \/>\n<meta property=\"product:condition\" content=\"new\" \/>\n<!-- \/ Yoast SEO Premium plugin. -->","yoast_head_json":{"title":"Belden Ba\u011flamal\u0131 40 Cm Ger\u00e7ek\u00e7i Uzun &Amp; Kal\u0131n Dildo Penis - Bursa Erotik Shop","robots":{"index":"index","follow":"follow","max-snippet":"max-snippet:-1","max-image-preview":"max-image-preview:large","max-video-preview":"max-video-preview:-1"},"canonical":"https:\/\/hobierotikshop.com.tr\/website1\/erotik-shop-urun\/belden-baglamali-40-cm-gercekci-uzun-kalin-dildo-penis\/","og_locale":"tr_TR","og_type":"article","og_title":"Belden Ba\u011flamal\u0131 40 Cm Ger\u00e7ek\u00e7i Uzun &Amp; Kal\u0131n Dildo Penis","og_description":"B\u00fcy\u00fck boyutlar\u0131 ve ger\u00e7ek\u00e7i dokusu ile \u00f6ne \u00e7\u0131kan belden ba\u011flamal\u0131 40 cm dildo, erkeklerin ve kad\u0131nlar\u0131n ihtiya\u00e7lar\u0131n\u0131 kar\u015f\u0131layacak \u015fekilde tasarlanm\u0131\u015ft\u0131r. Kal\u0131n ve uzun yap\u0131s\u0131, daha b\u00fcy\u00fck isteyenler i\u00e7in m\u00fckemmel bir se\u00e7enektir. Hem fiziksel hem de duygusal olarak g\u00fc\u00e7l\u00fc bir deneyim sunan bu \u00fcr\u00fcn, g\u00fc\u00e7l\u00fc vantuz teknolojisi ile her t\u00fcrl\u00fc zemine sabitlenerek kullan\u0131m kolayl\u0131\u011f\u0131 sa\u011flar","og_url":"https:\/\/hobierotikshop.com.tr\/website1\/erotik-shop-urun\/belden-baglamali-40-cm-gercekci-uzun-kalin-dildo-penis\/","og_site_name":"Bursa Erotik Shop","article_modified_time":"2026-01-08T23:58:43+00:00","og_image":[{"width":455,"height":455,"url":"https:\/\/hobierotikshop.com.tr\/website1\/wp-content\/uploads\/2025\/04\/belden-baglamali-40-cm-gercekci-uzun-k-cf84df.jpg","type":"image\/jpeg"}],"twitter_card":"summary_large_image","twitter_site":"@shopbursa","twitter_misc":{"Fiyat":"&#8378;2.080,00","Availability":"Out of stock"},"schema":{"@context":"https:\/\/schema.org","@graph":[{"@type":"WebPage","@id":"https:\/\/hobierotikshop.com.tr\/website1\/erotik-shop-urun\/belden-baglamali-40-cm-gercekci-uzun-kalin-dildo-penis\/","url":"https:\/\/hobierotikshop.com.tr\/website1\/erotik-shop-urun\/belden-baglamali-40-cm-gercekci-uzun-kalin-dildo-penis\/","name":"Belden Ba\u011flamal\u0131 40 Cm Ger\u00e7ek\u00e7i Uzun &Amp; Kal\u0131n Dildo Penis - Bursa Erotik Shop","isPartOf":{"@id":"https:\/\/hobierotikshop.com.tr\/website1\/#website"},"primaryImageOfPage":{"@id":"https:\/\/hobierotikshop.com.tr\/website1\/erotik-shop-urun\/belden-baglamali-40-cm-gercekci-uzun-kalin-dildo-penis\/#primaryimage"},"image":{"@id":"https:\/\/hobierotikshop.com.tr\/website1\/erotik-shop-urun\/belden-baglamali-40-cm-gercekci-uzun-kalin-dildo-penis\/#primaryimage"},"thumbnailUrl":"https:\/\/haremerotikshop.com\/site\/wp-content\/uploads\/2025\/04\/belden-baglamali-40-cm-gercekci-uzun-k-cf84df.jpg","datePublished":"2025-04-26T13:57:00+00:00","dateModified":"2026-01-08T23:58:43+00:00","breadcrumb":{"@id":"https:\/\/hobierotikshop.com.tr\/website1\/erotik-shop-urun\/belden-baglamali-40-cm-gercekci-uzun-kalin-dildo-penis\/#breadcrumb"},"inLanguage":"tr","potentialAction":[{"@type":"ReadAction","target":["https:\/\/hobierotikshop.com.tr\/website1\/erotik-shop-urun\/belden-baglamali-40-cm-gercekci-uzun-kalin-dildo-penis\/"]}]},{"@type":"ImageObject","inLanguage":"tr","@id":"https:\/\/hobierotikshop.com.tr\/website1\/erotik-shop-urun\/belden-baglamali-40-cm-gercekci-uzun-kalin-dildo-penis\/#primaryimage","url":"https:\/\/haremerotikshop.com\/site\/wp-content\/uploads\/2025\/04\/belden-baglamali-40-cm-gercekci-uzun-k-cf84df.jpg","contentUrl":"https:\/\/haremerotikshop.com\/site\/wp-content\/uploads\/2025\/04\/belden-baglamali-40-cm-gercekci-uzun-k-cf84df.jpg","width":455,"height":455},{"@type":"BreadcrumbList","@id":"https:\/\/hobierotikshop.com.tr\/website1\/erotik-shop-urun\/belden-baglamali-40-cm-gercekci-uzun-kalin-dildo-penis\/#breadcrumb","itemListElement":[{"@type":"ListItem","position":1,"name":"Anasayfa","item":"https:\/\/hobierotikshop.com.tr\/website1\/"},{"@type":"ListItem","position":2,"name":"Erotik Shop \u00dcr\u00fcnleri","item":"https:\/\/hobierotikshop.com.tr\/website1\/shop\/"},{"@type":"ListItem","position":3,"name":"Belden Ba\u011flamal\u0131 40 Cm Ger\u00e7ek\u00e7i Uzun &Amp; Kal\u0131n Dildo Penis"}]},{"@type":"WebSite","@id":"https:\/\/hobierotikshop.com.tr\/website1\/#website","url":"https:\/\/hobierotikshop.com.tr\/website1\/","name":"Bursa Erotik Shop","description":"Bursa Erotik Shop ile g\u00fcvenli, gizli ve kaliteli yeti\u015fkin \u00fcr\u00fcnleri al\u0131\u015fveri\u015fi! Geni\u015f \u00fcr\u00fcn yelpazemizi ke\u015ffedin, hemen sipari\u015f verin","publisher":{"@id":"https:\/\/hobierotikshop.com.tr\/website1\/#organization"},"alternateName":"Erotik Shop","potentialAction":[{"@type":"SearchAction","target":{"@type":"EntryPoint","urlTemplate":"https:\/\/hobierotikshop.com.tr\/website1\/?s={search_term_string}"},"query-input":{"@type":"PropertyValueSpecification","valueRequired":true,"valueName":"search_term_string"}}],"inLanguage":"tr"},{"@type":"Organization","@id":"https:\/\/hobierotikshop.com.tr\/website1\/#organization","name":"Harem Bursa Erotik Shop","url":"https:\/\/hobierotikshop.com.tr\/website1\/","logo":{"@type":"ImageObject","inLanguage":"tr","@id":"https:\/\/hobierotikshop.com.tr\/website1\/#\/schema\/logo\/image\/","url":"https:\/\/haremerotikshop.com\/site\/wp-content\/uploads\/2025\/03\/haremsexshop.png","contentUrl":"https:\/\/haremerotikshop.com\/site\/wp-content\/uploads\/2025\/03\/haremsexshop.png","width":400,"height":100,"caption":"Harem Bursa Erotik Shop"},"image":{"@id":"https:\/\/hobierotikshop.com.tr\/website1\/#\/schema\/logo\/image\/"},"sameAs":["https:\/\/x.com\/shopbursa"],"publishingPrinciples":"https:\/\/hobierotikshop.com.tr\/website1\/mesafeli-satis-sozlesmesi\/","ownershipFundingInfo":"https:\/\/hobierotikshop.com.tr\/website1\/contact-us\/","actionableFeedbackPolicy":"https:\/\/hobierotikshop.com.tr\/website1\/contact-us\/","correctionsPolicy":"https:\/\/hobierotikshop.com.tr\/website1\/mesafeli-satis-sozlesmesi\/"}]},"product_price_amount":"2080.00","product_price_currency":"TRY","og_availability":"out of stock","product_availability":"out of stock","product_retailer_item_id":"BDM1522B","product_condition":"new"},"_links":{"self":[{"href":"https:\/\/haremerotikshop.com\/site\/wp-json\/wp\/v2\/product\/44259","targetHints":{"allow":["GET"]}}],"collection":[{"href":"https:\/\/haremerotikshop.com\/site\/wp-json\/wp\/v2\/product"}],"about":[{"href":"https:\/\/haremerotikshop.com\/site\/wp-json\/wp\/v2\/types\/product"}],"replies":[{"embeddable":true,"href":"https:\/\/haremerotikshop.com\/site\/wp-json\/wp\/v2\/comments?post=44259"}],"version-history":[{"count":0,"href":"https:\/\/haremerotikshop.com\/site\/wp-json\/wp\/v2\/product\/44259\/revisions"}],"wp:featuredmedia":[{"embeddable":true,"href":"https:\/\/haremerotikshop.com\/site\/wp-json\/wp\/v2\/media\/44261"}],"wp:attachment":[{"href":"https:\/\/haremerotikshop.com\/site\/wp-json\/wp\/v2\/media?parent=44259"}],"wp:term":[{"taxonomy":"product_brand","embeddable":true,"href":"https:\/\/haremerotikshop.com\/site\/wp-json\/wp\/v2\/product_brand?post=44259"},{"taxonomy":"product_cat","embeddable":true,"href":"https:\/\/haremerotikshop.com\/site\/wp-json\/wp\/v2\/product_cat?post=44259"},{"taxonomy":"product_tag","embeddable":true,"href":"https:\/\/haremerotikshop.com\/site\/wp-json\/wp\/v2\/product_tag?post=44259"}],"curies":[{"name":"wp","href":"https:\/\/api.w.org\/{rel}","templated":true}]}}