{"id":44309,"date":"2025-04-26T16:57:00","date_gmt":"2025-04-26T13:57:00","guid":{"rendered":"https:\/\/haremerotikshop.com\/site\/erotik-shop-urun\/fetis-fantezi-serisi-18-parca-mukemmel-set\/"},"modified":"2025-05-02T16:14:41","modified_gmt":"2025-05-02T13:14:41","slug":"fetis-fantezi-serisi-18-parca-mukemmel-set","status":"publish","type":"product","link":"https:\/\/haremerotikshop.com\/site\/erotik-shop-urun\/fetis-fantezi-serisi-18-parca-mukemmel-set\/","title":{"rendered":"Feti\u015f Fantezi Serisi 18 Par\u00e7a M\u00fckemmel Set"},"content":{"rendered":"<h3 class=\"\" data-start=\"68\" data-end=\"149\">Feti\u015f Fantezi Serisi 18 Par\u00e7a M\u00fckemmel Set \u2013 BDSM D\u00fcnyas\u0131nda Yeni Bir Deneyim<\/h3>\n<p class=\"\" data-start=\"151\" data-end=\"569\"><strong data-start=\"151\" data-end=\"197\">Feti\u015f Fantezi Serisi 18 Par\u00e7a M\u00fckemmel Set<\/strong>, BDSM ve feti\u015f d\u00fcnyas\u0131na ad\u0131m atmak isteyen \u00e7iftler i\u00e7in \u00f6zel olarak tasarlanm\u0131\u015f, heyecan verici bir settir. <strong data-start=\"307\" data-end=\"318\">K\u00f6lelik<\/strong> ve <strong data-start=\"322\" data-end=\"331\">feti\u015f<\/strong> fantezilerinden ho\u015flananlar i\u00e7in ihtiya\u00e7 duyacaklar\u0131 her \u015feyi bir arada sunan bu set, her kullan\u0131c\u0131n\u0131n hayal g\u00fcc\u00fcn\u00fc harekete ge\u00e7irecek. <strong data-start=\"468\" data-end=\"480\">18 par\u00e7a<\/strong> \u00fcr\u00fcn, farkl\u0131 feti\u015f fantezileri ke\u015ffetmek isteyenler i\u00e7in m\u00fckemmel bir ba\u015flang\u0131\u00e7 kitidir.<\/p>\n<h4 class=\"\" data-start=\"571\" data-end=\"593\">\u00dcr\u00fcn \u00d6zellikleri:<\/h4>\n<ul data-start=\"594\" data-end=\"2110\">\n<li class=\"\" data-start=\"594\" data-end=\"812\">\n<p class=\"\" data-start=\"596\" data-end=\"812\"><strong data-start=\"596\" data-end=\"613\">18 Par\u00e7a Set:<\/strong> Bu set, BDSM deneyimlerinizi daha heyecanl\u0131 ve tutkulu hale getirecek tam 18 farkl\u0131 \u00fcr\u00fcnden olu\u015fur. Farkl\u0131 feti\u015f fantezilerini ke\u015ffetmek ve e\u011flenceli bir deneyim ya\u015famak i\u00e7in ideal bir ba\u015flang\u0131\u00e7t\u0131r.<\/p>\n<\/li>\n<li class=\"\" data-start=\"813\" data-end=\"1004\">\n<p class=\"\" data-start=\"815\" data-end=\"1004\"><strong data-start=\"815\" data-end=\"857\">Feti\u015f Zincirli El ve Ayak Kelep\u00e7eleri:<\/strong> Zincirli kelep\u00e7eler, rahat\u00e7a ayarlanabilir yap\u0131s\u0131 ve g\u00fc\u00e7l\u00fc tutu\u015fuyla, s\u0131n\u0131rl\u0131 hareket \u00f6zg\u00fcrl\u00fc\u011f\u00fc ve kontrol duygusunu m\u00fckemmel \u015fekilde hissettirir.<\/p>\n<\/li>\n<li class=\"\" data-start=\"1005\" data-end=\"1145\">\n<p class=\"\" data-start=\"1007\" data-end=\"1145\"><strong data-start=\"1007\" data-end=\"1031\">Feti\u015f Boyun Tasmas\u0131:<\/strong> Boyun tasmas\u0131, zarif ve \u015f\u0131k tasar\u0131m\u0131yla, feti\u015f d\u00fcnyas\u0131nda bir ad\u0131m daha atmak isteyenler i\u00e7in harika bir \u00fcr\u00fcnd\u00fcr.<\/p>\n<\/li>\n<li class=\"\" data-start=\"1146\" data-end=\"1341\">\n<p class=\"\" data-start=\"1148\" data-end=\"1341\"><strong data-start=\"1148\" data-end=\"1180\">Feti\u015f Deri K\u0131rba\u00e7 ve \u015eaplak:<\/strong> BDSM fantezilerine y\u00f6nelik her t\u00fcrl\u00fc keyifli uyar\u0131 i\u00e7in kullanabilece\u011finiz \u015f\u0131k ve kaliteli deri k\u0131rba\u00e7 ve \u015faplak, heyecan verici anlar ya\u015faman\u0131za yard\u0131mc\u0131 olur.<\/p>\n<\/li>\n<li class=\"\" data-start=\"1342\" data-end=\"1444\">\n<p class=\"\" data-start=\"1344\" data-end=\"1444\"><strong data-start=\"1344\" data-end=\"1371\">El ve Ayak Ba\u011flama \u0130pi:<\/strong> Farkl\u0131 ba\u011flama teknikleri ile v\u00fccuda \u00f6zg\u00fcrce hareket etme imkan\u0131 sa\u011flar.<\/p>\n<\/li>\n<li class=\"\" data-start=\"1445\" data-end=\"1560\">\n<p class=\"\" data-start=\"1447\" data-end=\"1560\"><strong data-start=\"1447\" data-end=\"1480\">Feti\u015f A\u011f\u0131z Topu ve G\u00f6z Band\u0131:<\/strong> \u0130leti\u015fimi s\u0131n\u0131rlayarak yeni heyecanlar ke\u015ffetmek i\u00e7in m\u00fckemmel bir kombinasyon.<\/p>\n<\/li>\n<li class=\"\" data-start=\"1561\" data-end=\"1682\">\n<p class=\"\" data-start=\"1563\" data-end=\"1682\"><strong data-start=\"1563\" data-end=\"1591\">P\u00fcsk\u00fcl ve G\u00fc\u011f\u00fcs K\u0131skac\u0131:<\/strong> Feti\u015f deneyiminize g\u00f6rsel bir boyut katarak, farkl\u0131 hisler ve uyar\u0131mlar ya\u015faman\u0131z\u0131 sa\u011flar.<\/p>\n<\/li>\n<li class=\"\" data-start=\"1683\" data-end=\"1827\">\n<p class=\"\" data-start=\"1685\" data-end=\"1827\"><strong data-start=\"1685\" data-end=\"1713\">Yatak Ba\u011flama Kay\u0131\u015flar\u0131:<\/strong> Herhangi bir y\u00fczeye kolayca ba\u011flanarak, partnerinizin v\u00fccutlar\u0131n\u0131 istedi\u011finiz \u015fekilde sabitlemenize olanak verir.<\/p>\n<\/li>\n<li class=\"\" data-start=\"1828\" data-end=\"1991\">\n<p class=\"\" data-start=\"1830\" data-end=\"1991\"><strong data-start=\"1830\" data-end=\"1868\">Seks \u00c7oraplar\u0131 ve Kayganla\u015ft\u0131r\u0131c\u0131:<\/strong> Seksual deneyimi daha da keyifli hale getiren, kayganla\u015ft\u0131r\u0131c\u0131 ve seksi \u00e7oraplarla her \u015fey daha rahat ve e\u011flenceli olacak.<\/p>\n<\/li>\n<li class=\"\" data-start=\"1992\" data-end=\"2110\">\n<p class=\"\" data-start=\"1994\" data-end=\"2110\"><strong data-start=\"1994\" data-end=\"2022\">Tilki Kuyru\u011fu Anal Plug:<\/strong> Efsanevi <strong data-start=\"2032\" data-end=\"2049\">tilki kuyru\u011fu<\/strong> tasar\u0131m\u0131, anal feti\u015f severler i\u00e7in ekstra bir heyecan sunar.<\/p>\n<\/li>\n<\/ul>\n<hr class=\"\" data-start=\"2112\" data-end=\"2115\" \/>\n<h3 class=\"\" data-start=\"2117\" data-end=\"2149\">Gizlilik ve G\u00fcvenli G\u00f6nderim<\/h3>\n<p class=\"\" data-start=\"2151\" data-end=\"2332\">Sipari\u015fleriniz <strong data-start=\"2166\" data-end=\"2196\">gizli ve kapal\u0131 paketlerde<\/strong> g\u00f6nderilerek <strong data-start=\"2210\" data-end=\"2226\">gizlili\u011finiz<\/strong> tamamen korunur. \u0130\u00e7eri\u011fi hakk\u0131nda hi\u00e7bir bilgi verilmez ve teslimat s\u00fcreci tamamen <strong data-start=\"2310\" data-end=\"2319\">gizli<\/strong> ger\u00e7ekle\u015fir.<\/p>\n<hr class=\"\" data-start=\"2334\" data-end=\"2337\" \/>\n<h3 class=\"\" data-start=\"2339\" data-end=\"2377\">Esnek ve G\u00fcvenli \u00d6deme Se\u00e7enekleri<\/h3>\n<ul data-start=\"2379\" data-end=\"2621\">\n<li class=\"\" data-start=\"2379\" data-end=\"2447\">\n<p class=\"\" data-start=\"2381\" data-end=\"2447\"><strong data-start=\"2381\" data-end=\"2398\">Kap\u0131da \u00f6deme:<\/strong> Nakit veya kredi kart\u0131 ile \u00f6deme yapabilirsiniz.<\/p>\n<\/li>\n<li class=\"\" data-start=\"2448\" data-end=\"2519\">\n<p class=\"\" data-start=\"2450\" data-end=\"2519\"><strong data-start=\"2450\" data-end=\"2469\">Banka havalesi:<\/strong> G\u00fcvenli banka transferi ile \u00f6deme yapma se\u00e7ene\u011fi.<\/p>\n<\/li>\n<li class=\"\" data-start=\"2520\" data-end=\"2621\">\n<p class=\"\" data-start=\"2522\" data-end=\"2621\"><strong data-start=\"2522\" data-end=\"2541\">Taksitli \u00f6deme:<\/strong> Tek \u00e7ekim veya taksitli \u00f6deme se\u00e7enekleri ile kolayca al\u0131\u015fveri\u015f yapabilirsiniz.<\/p>\n<\/li>\n<\/ul>\n<hr class=\"\" data-start=\"2623\" data-end=\"2626\" \/>\n<h3 class=\"\" data-start=\"2628\" data-end=\"2673\">H\u0131zl\u0131 Teslimat ve Orijinal \u00dcr\u00fcn Garantisi<\/h3>\n<ul data-start=\"2675\" data-end=\"2924\">\n<li class=\"\" data-start=\"2675\" data-end=\"2741\">\n<p class=\"\" data-start=\"2677\" data-end=\"2741\"><strong data-start=\"2677\" data-end=\"2695\">H\u0131zl\u0131 g\u00f6nderim<\/strong> garantisiyle sipari\u015finiz h\u0131zla teslim edilir.<\/p>\n<\/li>\n<li class=\"\" data-start=\"2742\" data-end=\"2823\">\n<p class=\"\" data-start=\"2744\" data-end=\"2823\"><strong data-start=\"2744\" data-end=\"2771\">Orijinal \u00fcr\u00fcn garantisi<\/strong> ile yaln\u0131zca kaliteli ve g\u00fcvenilir \u00fcr\u00fcnler sunulur.<\/p>\n<\/li>\n<li class=\"\" data-start=\"2824\" data-end=\"2924\">\n<p class=\"\" data-start=\"2826\" data-end=\"2924\"><strong data-start=\"2826\" data-end=\"2841\">Gizli kargo<\/strong> ile \u00fcr\u00fcnlerinizin i\u00e7eri\u011fi hakk\u0131nda herhangi bir bilgi verilmeden teslimat yap\u0131l\u0131r.<\/p>\n<\/li>\n<\/ul>\n<hr class=\"\" data-start=\"2926\" data-end=\"2929\" \/>\n<h3 class=\"\" data-start=\"2931\" data-end=\"2984\">Neden Feti\u015f Fantezi Serisi 18 Par\u00e7a M\u00fckemmel Set?<\/h3>\n<p class=\"\" data-start=\"2986\" data-end=\"3425\">Bu <strong data-start=\"2989\" data-end=\"3012\">18 par\u00e7a feti\u015f seti<\/strong>, BDSM d\u00fcnyas\u0131na ad\u0131m atmak isteyen \u00e7iftler i\u00e7in vazge\u00e7ilmez bir tercihtir. <strong data-start=\"3088\" data-end=\"3117\">Feti\u015f zincirli kelep\u00e7eler<\/strong>, <strong data-start=\"3119\" data-end=\"3137\">deri k\u0131rba\u00e7lar<\/strong>, <strong data-start=\"3139\" data-end=\"3158\">boyun tasmalar\u0131<\/strong> ve daha pek \u00e7ok heyecan verici \u00fcr\u00fcn\u00fcyle, feti\u015f fantezileri ke\u015ffetmek isteyenlerin ihtiya\u00e7 duyaca\u011f\u0131 her \u015feyi bir arada sunar. <strong data-start=\"3284\" data-end=\"3302\">Gizli g\u00f6nderim<\/strong>, <strong data-start=\"3304\" data-end=\"3333\">g\u00fcvenli \u00f6deme se\u00e7enekleri<\/strong> ve <strong data-start=\"3337\" data-end=\"3364\">orijinal \u00fcr\u00fcn garantisi<\/strong> ile her al\u0131\u015fveri\u015finizde g\u00fcveni ve rahatl\u0131\u011f\u0131 hissedeceksiniz.<\/p>\n<hr class=\"\" data-start=\"3427\" data-end=\"3430\" \/>\n<p class=\"\" data-start=\"3432\" data-end=\"3558\"><strong data-start=\"3432\" data-end=\"3458\">\u2714\ufe0f Kap\u0131da \u00d6deme \u0130mkan\u0131<\/strong><br data-start=\"3458\" data-end=\"3461\" \/><strong data-start=\"3461\" data-end=\"3493\">\u2714\ufe0f H\u0131zl\u0131 ve G\u00fcvenli Teslimat<\/strong><br data-start=\"3493\" data-end=\"3496\" \/><strong data-start=\"3496\" data-end=\"3526\">\u2714\ufe0f Orijinal \u00dcr\u00fcn Garantisi<\/strong><br data-start=\"3526\" data-end=\"3529\" \/><strong data-start=\"3529\" data-end=\"3556\">\u2714\ufe0f Gizli Kargo Se\u00e7ene\u011fi<\/strong><\/p>\n<hr class=\"\" data-start=\"3560\" data-end=\"3563\" \/>\n<p class=\"\" data-start=\"3565\" data-end=\"3803\"><strong data-start=\"3565\" data-end=\"3611\">Feti\u015f Fantezi Serisi 18 Par\u00e7a M\u00fckemmel Set<\/strong>, BDSM ve feti\u015f d\u00fcnyas\u0131nda s\u0131n\u0131rlar\u0131 zorlamak isteyenler i\u00e7in m\u00fckemmel bir se\u00e7enektir. <strong data-start=\"3698\" data-end=\"3716\">Gizli g\u00f6nderim<\/strong>, <strong data-start=\"3718\" data-end=\"3736\">h\u0131zl\u0131 teslimat<\/strong> ve <strong data-start=\"3740\" data-end=\"3769\">g\u00fcvenli \u00f6deme se\u00e7enekleri<\/strong> ile hemen sipari\u015f verebilirsiniz!<\/p>\n<p>&nbsp;<\/p>\n<p>&nbsp;<\/p>\n<p><a href=\"http:\/\/api.whatsapp.com\/send?phone=905304676616&amp;text=Sipari%C5%9F%20Vermek%20%C4%B0stiyorum%20haremshop%20BDM1530\"><img fetchpriority=\"high\" decoding=\"async\" class=\"alignnone\" src=\"https:\/\/static.ticimax.cloud\/32886\/uploads\/editoruploads\/whatsapp-destek-hatti.gif\" alt=\"\" width=\"750\" height=\"117\" \/><\/a><\/p>\n","protected":false},"excerpt":{"rendered":"<p><strong data-start=\"151\" data-end=\"197\">Feti\u015f Fantezi Serisi 18 Par\u00e7a M\u00fckemmel Set<\/strong>, BDSM ve feti\u015f d\u00fcnyas\u0131na ad\u0131m atmak isteyen \u00e7iftler i\u00e7in \u00f6zel olarak tasarlanm\u0131\u015f, heyecan verici bir settir. <strong data-start=\"307\" data-end=\"318\">K\u00f6lelik<\/strong> ve <strong data-start=\"322\" data-end=\"331\">feti\u015f<\/strong> fantezilerinden ho\u015flananlar i\u00e7in ihtiya\u00e7 duyacaklar\u0131 her \u015feyi bir arada sunan bu set, her kullan\u0131c\u0131n\u0131n hayal g\u00fcc\u00fcn\u00fc harekete ge\u00e7irecek. <strong data-start=\"468\" data-end=\"480\">18 par\u00e7a<\/strong> \u00fcr\u00fcn, farkl\u0131 feti\u015f fantezileri ke\u015ffetmek isteyenler i\u00e7in m\u00fckemmel bir ba\u015flang\u0131\u00e7 kitidir.<\/p>\n","protected":false},"featured_media":44311,"comment_status":"closed","ping_status":"closed","template":"","meta":[],"product_brand":[],"product_cat":[499],"product_tag":[],"class_list":{"0":"post-44309","1":"product","2":"type-product","3":"status-publish","4":"has-post-thumbnail","6":"product_cat-fetish-fantezi-urunleri","8":"first","9":"instock","10":"purchasable","11":"product-type-simple"},"yoast_head":"<!-- This site is optimized with the Yoast SEO Premium plugin v24.4 (Yoast SEO v27.1.1) - https:\/\/yoast.com\/product\/yoast-seo-premium-wordpress\/ -->\n<title>Feti\u015f Fantezi Serisi 18 Par\u00e7a M\u00fckemmel Set - Bursa Erotik Shop<\/title>\n<meta name=\"robots\" content=\"index, follow, max-snippet:-1, max-image-preview:large, max-video-preview:-1\" \/>\n<link rel=\"canonical\" href=\"https:\/\/hobierotikshop.com.tr\/website1\/erotik-shop-urun\/fetis-fantezi-serisi-18-parca-mukemmel-set\/\" \/>\n<meta property=\"og:locale\" content=\"tr_TR\" \/>\n<meta property=\"og:type\" content=\"article\" \/>\n<meta property=\"og:title\" content=\"Feti\u015f Fantezi Serisi 18 Par\u00e7a M\u00fckemmel Set\" \/>\n<meta property=\"og:description\" content=\"Feti\u015f Fantezi Serisi 18 Par\u00e7a M\u00fckemmel Set, BDSM ve feti\u015f d\u00fcnyas\u0131na ad\u0131m atmak isteyen \u00e7iftler i\u00e7in \u00f6zel olarak tasarlanm\u0131\u015f, heyecan verici bir settir. K\u00f6lelik ve feti\u015f fantezilerinden ho\u015flananlar i\u00e7in ihtiya\u00e7 duyacaklar\u0131 her \u015feyi bir arada sunan bu set, her kullan\u0131c\u0131n\u0131n hayal g\u00fcc\u00fcn\u00fc harekete ge\u00e7irecek. 18 par\u00e7a \u00fcr\u00fcn, farkl\u0131 feti\u015f fantezileri ke\u015ffetmek isteyenler i\u00e7in m\u00fckemmel bir ba\u015flang\u0131\u00e7 kitidir.\" \/>\n<meta property=\"og:url\" content=\"https:\/\/hobierotikshop.com.tr\/website1\/erotik-shop-urun\/fetis-fantezi-serisi-18-parca-mukemmel-set\/\" \/>\n<meta property=\"og:site_name\" content=\"Bursa Erotik Shop\" \/>\n<meta property=\"article:modified_time\" content=\"2025-05-02T13:14:41+00:00\" \/>\n<meta property=\"og:image\" content=\"https:\/\/hobierotikshop.com.tr\/website1\/wp-content\/uploads\/2025\/04\/fetis-fantezi-serisi-18-parca-mukemmel-a-ab8f.jpg\" \/>\n\t<meta property=\"og:image:width\" content=\"455\" \/>\n\t<meta property=\"og:image:height\" content=\"455\" \/>\n\t<meta property=\"og:image:type\" content=\"image\/jpeg\" \/>\n<meta name=\"twitter:card\" content=\"summary_large_image\" \/>\n<meta name=\"twitter:site\" content=\"@shopbursa\" \/>\n<meta name=\"twitter:label1\" content=\"Fiyat\" \/>\n\t<meta name=\"twitter:data1\" content=\"&#8378;3.720,00\" \/>\n\t<meta name=\"twitter:label2\" content=\"Availability\" \/>\n\t<meta name=\"twitter:data2\" content=\"In stock\" \/>\n<script type=\"application\/ld+json\" class=\"yoast-schema-graph\">{\"@context\":\"https:\/\/schema.org\",\"@graph\":[{\"@type\":\"WebPage\",\"@id\":\"https:\/\/hobierotikshop.com.tr\/website1\/erotik-shop-urun\/fetis-fantezi-serisi-18-parca-mukemmel-set\/\",\"url\":\"https:\/\/hobierotikshop.com.tr\/website1\/erotik-shop-urun\/fetis-fantezi-serisi-18-parca-mukemmel-set\/\",\"name\":\"Feti\u015f Fantezi Serisi 18 Par\u00e7a M\u00fckemmel Set - Bursa Erotik Shop\",\"isPartOf\":{\"@id\":\"https:\/\/hobierotikshop.com.tr\/website1\/#website\"},\"primaryImageOfPage\":{\"@id\":\"https:\/\/hobierotikshop.com.tr\/website1\/erotik-shop-urun\/fetis-fantezi-serisi-18-parca-mukemmel-set\/#primaryimage\"},\"image\":{\"@id\":\"https:\/\/hobierotikshop.com.tr\/website1\/erotik-shop-urun\/fetis-fantezi-serisi-18-parca-mukemmel-set\/#primaryimage\"},\"thumbnailUrl\":\"https:\/\/haremerotikshop.com\/site\/wp-content\/uploads\/2025\/04\/fetis-fantezi-serisi-18-parca-mukemmel-a-ab8f.jpg\",\"datePublished\":\"2025-04-26T13:57:00+00:00\",\"dateModified\":\"2025-05-02T13:14:41+00:00\",\"breadcrumb\":{\"@id\":\"https:\/\/hobierotikshop.com.tr\/website1\/erotik-shop-urun\/fetis-fantezi-serisi-18-parca-mukemmel-set\/#breadcrumb\"},\"inLanguage\":\"tr\",\"potentialAction\":[{\"@type\":\"ReadAction\",\"target\":[\"https:\/\/hobierotikshop.com.tr\/website1\/erotik-shop-urun\/fetis-fantezi-serisi-18-parca-mukemmel-set\/\"]}]},{\"@type\":\"ImageObject\",\"inLanguage\":\"tr\",\"@id\":\"https:\/\/hobierotikshop.com.tr\/website1\/erotik-shop-urun\/fetis-fantezi-serisi-18-parca-mukemmel-set\/#primaryimage\",\"url\":\"https:\/\/haremerotikshop.com\/site\/wp-content\/uploads\/2025\/04\/fetis-fantezi-serisi-18-parca-mukemmel-a-ab8f.jpg\",\"contentUrl\":\"https:\/\/haremerotikshop.com\/site\/wp-content\/uploads\/2025\/04\/fetis-fantezi-serisi-18-parca-mukemmel-a-ab8f.jpg\",\"width\":455,\"height\":455},{\"@type\":\"BreadcrumbList\",\"@id\":\"https:\/\/hobierotikshop.com.tr\/website1\/erotik-shop-urun\/fetis-fantezi-serisi-18-parca-mukemmel-set\/#breadcrumb\",\"itemListElement\":[{\"@type\":\"ListItem\",\"position\":1,\"name\":\"Anasayfa\",\"item\":\"https:\/\/hobierotikshop.com.tr\/website1\/\"},{\"@type\":\"ListItem\",\"position\":2,\"name\":\"Erotik Shop \u00dcr\u00fcnleri\",\"item\":\"https:\/\/hobierotikshop.com.tr\/website1\/shop\/\"},{\"@type\":\"ListItem\",\"position\":3,\"name\":\"Feti\u015f Fantezi Serisi 18 Par\u00e7a M\u00fckemmel Set\"}]},{\"@type\":\"WebSite\",\"@id\":\"https:\/\/hobierotikshop.com.tr\/website1\/#website\",\"url\":\"https:\/\/hobierotikshop.com.tr\/website1\/\",\"name\":\"Bursa Erotik Shop\",\"description\":\"Bursa Erotik Shop ile g\u00fcvenli, gizli ve kaliteli yeti\u015fkin \u00fcr\u00fcnleri al\u0131\u015fveri\u015fi! Geni\u015f \u00fcr\u00fcn yelpazemizi ke\u015ffedin, hemen sipari\u015f verin\",\"publisher\":{\"@id\":\"https:\/\/hobierotikshop.com.tr\/website1\/#organization\"},\"alternateName\":\"Erotik Shop\",\"potentialAction\":[{\"@type\":\"SearchAction\",\"target\":{\"@type\":\"EntryPoint\",\"urlTemplate\":\"https:\/\/hobierotikshop.com.tr\/website1\/?s={search_term_string}\"},\"query-input\":{\"@type\":\"PropertyValueSpecification\",\"valueRequired\":true,\"valueName\":\"search_term_string\"}}],\"inLanguage\":\"tr\"},{\"@type\":\"Organization\",\"@id\":\"https:\/\/hobierotikshop.com.tr\/website1\/#organization\",\"name\":\"Harem Bursa Erotik Shop\",\"url\":\"https:\/\/hobierotikshop.com.tr\/website1\/\",\"logo\":{\"@type\":\"ImageObject\",\"inLanguage\":\"tr\",\"@id\":\"https:\/\/hobierotikshop.com.tr\/website1\/#\/schema\/logo\/image\/\",\"url\":\"https:\/\/haremerotikshop.com\/site\/wp-content\/uploads\/2025\/03\/haremsexshop.png\",\"contentUrl\":\"https:\/\/haremerotikshop.com\/site\/wp-content\/uploads\/2025\/03\/haremsexshop.png\",\"width\":400,\"height\":100,\"caption\":\"Harem Bursa Erotik Shop\"},\"image\":{\"@id\":\"https:\/\/hobierotikshop.com.tr\/website1\/#\/schema\/logo\/image\/\"},\"sameAs\":[\"https:\/\/x.com\/shopbursa\"],\"publishingPrinciples\":\"https:\/\/hobierotikshop.com.tr\/website1\/mesafeli-satis-sozlesmesi\/\",\"ownershipFundingInfo\":\"https:\/\/hobierotikshop.com.tr\/website1\/contact-us\/\",\"actionableFeedbackPolicy\":\"https:\/\/hobierotikshop.com.tr\/website1\/contact-us\/\",\"correctionsPolicy\":\"https:\/\/hobierotikshop.com.tr\/website1\/mesafeli-satis-sozlesmesi\/\"}]}<\/script>\n<meta property=\"product:price:amount\" content=\"3720.00\" \/>\n<meta property=\"product:price:currency\" content=\"TRY\" \/>\n<meta property=\"og:availability\" content=\"instock\" \/>\n<meta property=\"product:availability\" content=\"instock\" \/>\n<meta property=\"product:retailer_item_id\" content=\"BDM1530\" \/>\n<meta property=\"product:condition\" content=\"new\" \/>\n<!-- \/ Yoast SEO Premium plugin. -->","yoast_head_json":{"title":"Feti\u015f Fantezi Serisi 18 Par\u00e7a M\u00fckemmel Set - Bursa Erotik Shop","robots":{"index":"index","follow":"follow","max-snippet":"max-snippet:-1","max-image-preview":"max-image-preview:large","max-video-preview":"max-video-preview:-1"},"canonical":"https:\/\/hobierotikshop.com.tr\/website1\/erotik-shop-urun\/fetis-fantezi-serisi-18-parca-mukemmel-set\/","og_locale":"tr_TR","og_type":"article","og_title":"Feti\u015f Fantezi Serisi 18 Par\u00e7a M\u00fckemmel Set","og_description":"Feti\u015f Fantezi Serisi 18 Par\u00e7a M\u00fckemmel Set, BDSM ve feti\u015f d\u00fcnyas\u0131na ad\u0131m atmak isteyen \u00e7iftler i\u00e7in \u00f6zel olarak tasarlanm\u0131\u015f, heyecan verici bir settir. K\u00f6lelik ve feti\u015f fantezilerinden ho\u015flananlar i\u00e7in ihtiya\u00e7 duyacaklar\u0131 her \u015feyi bir arada sunan bu set, her kullan\u0131c\u0131n\u0131n hayal g\u00fcc\u00fcn\u00fc harekete ge\u00e7irecek. 18 par\u00e7a \u00fcr\u00fcn, farkl\u0131 feti\u015f fantezileri ke\u015ffetmek isteyenler i\u00e7in m\u00fckemmel bir ba\u015flang\u0131\u00e7 kitidir.","og_url":"https:\/\/hobierotikshop.com.tr\/website1\/erotik-shop-urun\/fetis-fantezi-serisi-18-parca-mukemmel-set\/","og_site_name":"Bursa Erotik Shop","article_modified_time":"2025-05-02T13:14:41+00:00","og_image":[{"width":455,"height":455,"url":"https:\/\/hobierotikshop.com.tr\/website1\/wp-content\/uploads\/2025\/04\/fetis-fantezi-serisi-18-parca-mukemmel-a-ab8f.jpg","type":"image\/jpeg"}],"twitter_card":"summary_large_image","twitter_site":"@shopbursa","twitter_misc":{"Fiyat":"&#8378;3.720,00","Availability":"In stock"},"schema":{"@context":"https:\/\/schema.org","@graph":[{"@type":"WebPage","@id":"https:\/\/hobierotikshop.com.tr\/website1\/erotik-shop-urun\/fetis-fantezi-serisi-18-parca-mukemmel-set\/","url":"https:\/\/hobierotikshop.com.tr\/website1\/erotik-shop-urun\/fetis-fantezi-serisi-18-parca-mukemmel-set\/","name":"Feti\u015f Fantezi Serisi 18 Par\u00e7a M\u00fckemmel Set - Bursa Erotik Shop","isPartOf":{"@id":"https:\/\/hobierotikshop.com.tr\/website1\/#website"},"primaryImageOfPage":{"@id":"https:\/\/hobierotikshop.com.tr\/website1\/erotik-shop-urun\/fetis-fantezi-serisi-18-parca-mukemmel-set\/#primaryimage"},"image":{"@id":"https:\/\/hobierotikshop.com.tr\/website1\/erotik-shop-urun\/fetis-fantezi-serisi-18-parca-mukemmel-set\/#primaryimage"},"thumbnailUrl":"https:\/\/haremerotikshop.com\/site\/wp-content\/uploads\/2025\/04\/fetis-fantezi-serisi-18-parca-mukemmel-a-ab8f.jpg","datePublished":"2025-04-26T13:57:00+00:00","dateModified":"2025-05-02T13:14:41+00:00","breadcrumb":{"@id":"https:\/\/hobierotikshop.com.tr\/website1\/erotik-shop-urun\/fetis-fantezi-serisi-18-parca-mukemmel-set\/#breadcrumb"},"inLanguage":"tr","potentialAction":[{"@type":"ReadAction","target":["https:\/\/hobierotikshop.com.tr\/website1\/erotik-shop-urun\/fetis-fantezi-serisi-18-parca-mukemmel-set\/"]}]},{"@type":"ImageObject","inLanguage":"tr","@id":"https:\/\/hobierotikshop.com.tr\/website1\/erotik-shop-urun\/fetis-fantezi-serisi-18-parca-mukemmel-set\/#primaryimage","url":"https:\/\/haremerotikshop.com\/site\/wp-content\/uploads\/2025\/04\/fetis-fantezi-serisi-18-parca-mukemmel-a-ab8f.jpg","contentUrl":"https:\/\/haremerotikshop.com\/site\/wp-content\/uploads\/2025\/04\/fetis-fantezi-serisi-18-parca-mukemmel-a-ab8f.jpg","width":455,"height":455},{"@type":"BreadcrumbList","@id":"https:\/\/hobierotikshop.com.tr\/website1\/erotik-shop-urun\/fetis-fantezi-serisi-18-parca-mukemmel-set\/#breadcrumb","itemListElement":[{"@type":"ListItem","position":1,"name":"Anasayfa","item":"https:\/\/hobierotikshop.com.tr\/website1\/"},{"@type":"ListItem","position":2,"name":"Erotik Shop \u00dcr\u00fcnleri","item":"https:\/\/hobierotikshop.com.tr\/website1\/shop\/"},{"@type":"ListItem","position":3,"name":"Feti\u015f Fantezi Serisi 18 Par\u00e7a M\u00fckemmel Set"}]},{"@type":"WebSite","@id":"https:\/\/hobierotikshop.com.tr\/website1\/#website","url":"https:\/\/hobierotikshop.com.tr\/website1\/","name":"Bursa Erotik Shop","description":"Bursa Erotik Shop ile g\u00fcvenli, gizli ve kaliteli yeti\u015fkin \u00fcr\u00fcnleri al\u0131\u015fveri\u015fi! Geni\u015f \u00fcr\u00fcn yelpazemizi ke\u015ffedin, hemen sipari\u015f verin","publisher":{"@id":"https:\/\/hobierotikshop.com.tr\/website1\/#organization"},"alternateName":"Erotik Shop","potentialAction":[{"@type":"SearchAction","target":{"@type":"EntryPoint","urlTemplate":"https:\/\/hobierotikshop.com.tr\/website1\/?s={search_term_string}"},"query-input":{"@type":"PropertyValueSpecification","valueRequired":true,"valueName":"search_term_string"}}],"inLanguage":"tr"},{"@type":"Organization","@id":"https:\/\/hobierotikshop.com.tr\/website1\/#organization","name":"Harem Bursa Erotik Shop","url":"https:\/\/hobierotikshop.com.tr\/website1\/","logo":{"@type":"ImageObject","inLanguage":"tr","@id":"https:\/\/hobierotikshop.com.tr\/website1\/#\/schema\/logo\/image\/","url":"https:\/\/haremerotikshop.com\/site\/wp-content\/uploads\/2025\/03\/haremsexshop.png","contentUrl":"https:\/\/haremerotikshop.com\/site\/wp-content\/uploads\/2025\/03\/haremsexshop.png","width":400,"height":100,"caption":"Harem Bursa Erotik Shop"},"image":{"@id":"https:\/\/hobierotikshop.com.tr\/website1\/#\/schema\/logo\/image\/"},"sameAs":["https:\/\/x.com\/shopbursa"],"publishingPrinciples":"https:\/\/hobierotikshop.com.tr\/website1\/mesafeli-satis-sozlesmesi\/","ownershipFundingInfo":"https:\/\/hobierotikshop.com.tr\/website1\/contact-us\/","actionableFeedbackPolicy":"https:\/\/hobierotikshop.com.tr\/website1\/contact-us\/","correctionsPolicy":"https:\/\/hobierotikshop.com.tr\/website1\/mesafeli-satis-sozlesmesi\/"}]},"product_price_amount":"3720.00","product_price_currency":"TRY","og_availability":"instock","product_availability":"instock","product_retailer_item_id":"BDM1530","product_condition":"new"},"_links":{"self":[{"href":"https:\/\/haremerotikshop.com\/site\/wp-json\/wp\/v2\/product\/44309","targetHints":{"allow":["GET"]}}],"collection":[{"href":"https:\/\/haremerotikshop.com\/site\/wp-json\/wp\/v2\/product"}],"about":[{"href":"https:\/\/haremerotikshop.com\/site\/wp-json\/wp\/v2\/types\/product"}],"replies":[{"embeddable":true,"href":"https:\/\/haremerotikshop.com\/site\/wp-json\/wp\/v2\/comments?post=44309"}],"version-history":[{"count":0,"href":"https:\/\/haremerotikshop.com\/site\/wp-json\/wp\/v2\/product\/44309\/revisions"}],"wp:featuredmedia":[{"embeddable":true,"href":"https:\/\/haremerotikshop.com\/site\/wp-json\/wp\/v2\/media\/44311"}],"wp:attachment":[{"href":"https:\/\/haremerotikshop.com\/site\/wp-json\/wp\/v2\/media?parent=44309"}],"wp:term":[{"taxonomy":"product_brand","embeddable":true,"href":"https:\/\/haremerotikshop.com\/site\/wp-json\/wp\/v2\/product_brand?post=44309"},{"taxonomy":"product_cat","embeddable":true,"href":"https:\/\/haremerotikshop.com\/site\/wp-json\/wp\/v2\/product_cat?post=44309"},{"taxonomy":"product_tag","embeddable":true,"href":"https:\/\/haremerotikshop.com\/site\/wp-json\/wp\/v2\/product_tag?post=44309"}],"curies":[{"name":"wp","href":"https:\/\/api.w.org\/{rel}","templated":true}]}}