{"id":44358,"date":"2025-04-26T16:57:56","date_gmt":"2025-04-26T13:57:56","guid":{"rendered":"https:\/\/haremerotikshop.com\/site\/erotik-shop-urun\/usb-sarjli-uzaktan-kumandali-gidiklama-fonksiyonlu-camasir-alti-isitmali-teknolojik-vibrator\/"},"modified":"2026-01-09T02:58:38","modified_gmt":"2026-01-08T23:58:38","slug":"usb-sarjli-uzaktan-kumandali-gidiklama-fonksiyonlu-camasir-alti-isitmali-teknolojik-vibrator","status":"publish","type":"product","link":"https:\/\/haremerotikshop.com\/site\/erotik-shop-urun\/usb-sarjli-uzaktan-kumandali-gidiklama-fonksiyonlu-camasir-alti-isitmali-teknolojik-vibrator\/","title":{"rendered":"Usb \u015earjl\u0131 Uzaktan Kumandal\u0131 G\u0131d\u0131klama Fonksiyonlu \u00c7ama\u015f\u0131r Alt\u0131 Is\u0131tmal\u0131 Teknolojik Vibrat\u00f6r"},"content":{"rendered":"<h3 class=\"\" data-start=\"174\" data-end=\"256\">\ud83d\udc9c <strong data-start=\"181\" data-end=\"256\">G\u0131d\u0131klay\u0131c\u0131 Uyar\u0131m, Is\u0131tmal\u0131 Zevk ve Uzaktan Kumanda Konforu Bir Arada!<\/strong><\/h3>\n<p class=\"\" data-start=\"258\" data-end=\"651\">Gizli hazlar\u0131n\u0131z\u0131 her ortamda ke\u015ffetmeniz i\u00e7in \u00f6zel olarak tasarlanan <strong data-start=\"328\" data-end=\"424\">USB \u015earjl\u0131 Uzaktan Kumandal\u0131 G\u0131d\u0131klama Fonksiyonlu \u00c7ama\u015f\u0131r Alt\u0131 Is\u0131tmal\u0131 Teknolojik Vibrat\u00f6r<\/strong>, kad\u0131n anatomisine \u00f6zel ergonomisi ve \u00e7ok y\u00f6nl\u00fc kullan\u0131m\u0131yla s\u0131radan vibrat\u00f6rlerden \u00e7ok daha fazlas\u0131n\u0131 sunuyor. G\u00fcnl\u00fck kullan\u0131mda bile rahatl\u0131kla tercih edilebilecek tasar\u0131m\u0131 ve uzaktan kontrol \u00f6zelli\u011fi ile haz her an sizinle!<\/p>\n<hr class=\"\" data-start=\"653\" data-end=\"656\" \/>\n<h4 class=\"\" data-start=\"658\" data-end=\"738\">\ud83d\udd25 <strong data-start=\"666\" data-end=\"738\">10 Farkl\u0131 Titre\u015fim &amp; Is\u0131tma Modu \u2013 Ki\u015fisel Zevkinize \u00d6zel Senaryolar<\/strong><\/h4>\n<ul data-start=\"739\" data-end=\"960\">\n<li class=\"\" data-start=\"739\" data-end=\"803\">\n<p class=\"\" data-start=\"741\" data-end=\"803\"><strong data-start=\"741\" data-end=\"757\">10 g\u00fc\u00e7l\u00fc mod<\/strong> ile farkl\u0131 ritim ve yo\u011funluklarda titre\u015fimler<\/p>\n<\/li>\n<li class=\"\" data-start=\"804\" data-end=\"891\">\n<p class=\"\" data-start=\"806\" data-end=\"891\">42 dereceye kadar ula\u015fabilen <strong data-start=\"835\" data-end=\"856\">\u0131s\u0131tma fonksiyonu<\/strong> ile daha do\u011fal ve ger\u00e7ek\u00e7i bir his<\/p>\n<\/li>\n<li class=\"\" data-start=\"892\" data-end=\"960\">\n<p class=\"\" data-start=\"894\" data-end=\"960\"><strong data-start=\"894\" data-end=\"929\">U\u00e7 k\u0131sm\u0131n yukar\u0131-a\u015fa\u011f\u0131 hareketi<\/strong> sayesinde ekstra uyar\u0131m sa\u011flar<\/p>\n<\/li>\n<\/ul>\n<hr class=\"\" data-start=\"962\" data-end=\"965\" \/>\n<h4 class=\"\" data-start=\"967\" data-end=\"1030\">\ud83c\udfae <strong data-start=\"975\" data-end=\"1030\">Uzaktan Kumandal\u0131 Tasar\u0131m \u2013 Partnerli Oyunlara A\u00e7\u0131k<\/strong><\/h4>\n<ul data-start=\"1031\" data-end=\"1238\">\n<li class=\"\" data-start=\"1031\" data-end=\"1104\">\n<p class=\"\" data-start=\"1033\" data-end=\"1104\">Kumanda ile kontrol sayesinde partnerinizle birlikte kullan\u0131ma uygundur<\/p>\n<\/li>\n<li class=\"\" data-start=\"1105\" data-end=\"1170\">\n<p class=\"\" data-start=\"1107\" data-end=\"1170\">Giyilebilir formu sayesinde d\u0131\u015far\u0131da gizli hazlar ya\u015fama imkan\u0131<\/p>\n<\/li>\n<li class=\"\" data-start=\"1171\" data-end=\"1238\">\n<p class=\"\" data-start=\"1173\" data-end=\"1238\">\u0130deal boyutlar\u0131yla g\u00fcnl\u00fck i\u00e7 \u00e7ama\u015f\u0131r\u0131 alt\u0131nda rahat\u00e7a ta\u015f\u0131nabilir<\/p>\n<\/li>\n<\/ul>\n<hr class=\"\" data-start=\"1240\" data-end=\"1243\" \/>\n<h4 class=\"\" data-start=\"1245\" data-end=\"1294\">\ud83d\udc93 <strong data-start=\"1253\" data-end=\"1294\">\u00c7ift Motor G\u00fcc\u00fcyle \u00c7ift Nokta Uyar\u0131m\u0131<\/strong><\/h4>\n<ul data-start=\"1295\" data-end=\"1425\">\n<li class=\"\" data-start=\"1295\" data-end=\"1351\">\n<p class=\"\" data-start=\"1297\" data-end=\"1351\">Klitoral stim\u00fclasyon ba\u015fl\u0131\u011f\u0131 + dahili titre\u015fim b\u00f6lgesi<\/p>\n<\/li>\n<li class=\"\" data-start=\"1352\" data-end=\"1425\">\n<p class=\"\" data-start=\"1354\" data-end=\"1425\">Ayn\u0131 anda hem i\u00e7 hem d\u0131\u015f erojen b\u00f6lgeleri uyararak \u00e7ift y\u00f6nl\u00fc haz sunar<\/p>\n<\/li>\n<\/ul>\n<hr class=\"\" data-start=\"1427\" data-end=\"1430\" \/>\n<h4 class=\"\" data-start=\"1432\" data-end=\"1490\">\ud83c\udf0a <strong data-start=\"1440\" data-end=\"1490\">%100 Su Ge\u00e7irmez \u2013 Sessiz, Hijyenik ve G\u00fcvenli<\/strong><\/h4>\n<ul data-start=\"1491\" data-end=\"1693\">\n<li class=\"\" data-start=\"1491\" data-end=\"1552\">\n<p class=\"\" data-start=\"1493\" data-end=\"1552\"><strong data-start=\"1493\" data-end=\"1511\">Sessiz \u00e7al\u0131\u015fma<\/strong> \u00f6zelli\u011fi ile mahremiyetinize sayg\u0131 duyar<\/p>\n<\/li>\n<li class=\"\" data-start=\"1553\" data-end=\"1626\">\n<p class=\"\" data-start=\"1555\" data-end=\"1626\"><strong data-start=\"1555\" data-end=\"1578\">Su ge\u00e7irmez tasar\u0131m<\/strong> sayesinde du\u015fta veya banyoda kullan\u0131ma uygundur<\/p>\n<\/li>\n<li class=\"\" data-start=\"1627\" data-end=\"1693\">\n<p class=\"\" data-start=\"1629\" data-end=\"1693\">Temizli\u011fi kolayd\u0131r; sadece su ve yumu\u015fak sabunla hijyen sa\u011flan\u0131r<\/p>\n<\/li>\n<\/ul>\n<hr class=\"\" data-start=\"1695\" data-end=\"1698\" \/>\n<h4 class=\"\" data-start=\"1700\" data-end=\"1735\">\ud83d\udcd0 <strong data-start=\"1708\" data-end=\"1735\">\u00dcr\u00fcn Teknik \u00d6zellikleri<\/strong><\/h4>\n<ul data-start=\"1736\" data-end=\"1986\">\n<li class=\"\" data-start=\"1736\" data-end=\"1770\">\n<p class=\"\" data-start=\"1738\" data-end=\"1770\"><strong data-start=\"1738\" data-end=\"1750\">Boyutlar<\/strong>: 120 x 95 x 33 mm<\/p>\n<\/li>\n<li class=\"\" data-start=\"1771\" data-end=\"1788\">\n<p class=\"\" data-start=\"1773\" data-end=\"1788\"><strong data-start=\"1773\" data-end=\"1781\">Renk<\/strong>: Mor<\/p>\n<\/li>\n<li class=\"\" data-start=\"1789\" data-end=\"1838\">\n<p class=\"\" data-start=\"1791\" data-end=\"1838\"><strong data-start=\"1791\" data-end=\"1802\">Malzeme<\/strong>: Kadifemsi dokulu medikal silikon<\/p>\n<\/li>\n<li class=\"\" data-start=\"1839\" data-end=\"1895\">\n<p class=\"\" data-start=\"1841\" data-end=\"1895\"><strong data-start=\"1841\" data-end=\"1854\">\u015earj Tipi<\/strong>: USB kablo ile (paket i\u00e7eri\u011fine dahil)<\/p>\n<\/li>\n<li class=\"\" data-start=\"1896\" data-end=\"1929\">\n<p class=\"\" data-start=\"1898\" data-end=\"1929\"><strong data-start=\"1898\" data-end=\"1919\">Titre\u015fim Seviyesi<\/strong>: 10 mod<\/p>\n<\/li>\n<li class=\"\" data-start=\"1930\" data-end=\"1965\">\n<p class=\"\" data-start=\"1932\" data-end=\"1965\"><strong data-start=\"1932\" data-end=\"1942\">Is\u0131tma<\/strong>: Var (42\u00b0C&#8217;ye kadar)<\/p>\n<\/li>\n<li class=\"\" data-start=\"1966\" data-end=\"1986\">\n<p class=\"\" data-start=\"1968\" data-end=\"1986\"><strong data-start=\"1968\" data-end=\"1979\">Kumanda<\/strong>: Dahil<\/p>\n<\/li>\n<\/ul>\n<hr class=\"\" data-start=\"1988\" data-end=\"1991\" \/>\n<h3 class=\"\" data-start=\"1993\" data-end=\"2039\">\ud83d\udce6 <strong data-start=\"2000\" data-end=\"2039\">Gizli Kargo \u2013 Mahremiyete Tam Sayg\u0131<\/strong><\/h3>\n<ul data-start=\"2041\" data-end=\"2254\">\n<li class=\"\" data-start=\"2041\" data-end=\"2118\">\n<p class=\"\" data-start=\"2043\" data-end=\"2118\">T\u00fcm sipari\u015fleriniz <strong data-start=\"2062\" data-end=\"2100\">i\u00e7eri\u011fi belli olmayan \u00f6zel ambalaj<\/strong> ile g\u00f6nderilir.<\/p>\n<\/li>\n<li class=\"\" data-start=\"2119\" data-end=\"2193\">\n<p class=\"\" data-start=\"2121\" data-end=\"2193\"><strong data-start=\"2121\" data-end=\"2137\">Kap\u0131da \u00f6deme<\/strong>, kredi kart\u0131 ve havale ile \u00f6deme se\u00e7enekleri sunulur.<\/p>\n<\/li>\n<li class=\"\" data-start=\"2194\" data-end=\"2254\">\n<p class=\"\" data-start=\"2196\" data-end=\"2254\"><strong data-start=\"2196\" data-end=\"2243\">T\u00fcrkiye genelinde h\u0131zl\u0131 ve g\u00fcvenli teslimat<\/strong> garantisi.<\/p>\n<\/li>\n<\/ul>\n<hr class=\"\" data-start=\"2256\" data-end=\"2259\" \/>\n<h3 class=\"\" data-start=\"2261\" data-end=\"2305\">\u2705 <strong data-start=\"2267\" data-end=\"2305\">Neden Bu \u00dcr\u00fcn\u00fc Tercih Etmelisiniz?<\/strong><\/h3>\n<ul data-start=\"2306\" data-end=\"2504\">\n<li class=\"\" data-start=\"2306\" data-end=\"2350\">\n<p class=\"\" data-start=\"2308\" data-end=\"2350\">\ud83d\udd39 Uzaktan kumandal\u0131 giyilebilir tasar\u0131m<\/p>\n<\/li>\n<li class=\"\" data-start=\"2351\" data-end=\"2387\">\n<p class=\"\" data-start=\"2353\" data-end=\"2387\">\ud83d\udd39 G\u0131d\u0131klama &amp; \u0131s\u0131tma fonksiyonu<\/p>\n<\/li>\n<li class=\"\" data-start=\"2388\" data-end=\"2421\">\n<p class=\"\" data-start=\"2390\" data-end=\"2421\">\ud83d\udd39 \u00c7ift motorlu, yo\u011fun uyar\u0131m<\/p>\n<\/li>\n<li class=\"\" data-start=\"2422\" data-end=\"2466\">\n<p class=\"\" data-start=\"2424\" data-end=\"2466\">\ud83d\udd39 G\u00fcnl\u00fck kullan\u0131ma uygun ergonomik yap\u0131<\/p>\n<\/li>\n<li class=\"\" data-start=\"2467\" data-end=\"2504\">\n<p class=\"\" data-start=\"2469\" data-end=\"2504\">\ud83d\udd39 Ultra sessiz ve su ge\u00e7irmez yap\u0131<\/p>\n<\/li>\n<\/ul>\n<hr class=\"\" data-start=\"2506\" data-end=\"2509\" \/>\n<h3 class=\"\" data-start=\"2511\" data-end=\"2576\">\ud83d\udcab <strong data-start=\"2518\" data-end=\"2576\">Zevkinizi \u00d6zg\u00fcrce Ke\u015ffedin \u2013 S\u0131n\u0131rlar\u0131 Siz Belirleyin!<\/strong><\/h3>\n<p class=\"\" data-start=\"2578\" data-end=\"2827\">Giyilebilir, sessiz ve uzaktan kumandal\u0131 bu teknolojik vibrat\u00f6r ile haz anlar\u0131n\u0131z\u0131 \u00f6zg\u00fcrce ya\u015fay\u0131n. G\u00fcndelik ya\u015fam\u0131n i\u00e7inde gizli keyifleri ke\u015ffetmek ve partnerinizle oyunlara a\u00e7\u0131k olmak art\u0131k \u00e7ok kolay. Hem zarif hem g\u00fc\u00e7l\u00fc, hem \u015f\u0131k hem fonksiyonel.<\/p>\n<p>&nbsp;<\/p>\n<p><a href=\"http:\/\/api.whatsapp.com\/send?phone=905304676616&amp;text=Sipari%C5%9F%20Vermek%20%C4%B0stiyorum%20haremshop%20BDM1539\"><img fetchpriority=\"high\" decoding=\"async\" class=\"alignnone\" src=\"https:\/\/static.ticimax.cloud\/32886\/uploads\/editoruploads\/whatsapp-destek-hatti.gif\" alt=\"\" width=\"750\" height=\"117\" \/><\/a><\/p>\n","protected":false},"excerpt":{"rendered":"<p>Gizli hazlar\u0131n\u0131z\u0131 her ortamda ke\u015ffetmeniz i\u00e7in \u00f6zel olarak tasarlanan <strong data-start=\"328\" data-end=\"424\">USB \u015earjl\u0131 Uzaktan Kumandal\u0131 G\u0131d\u0131klama Fonksiyonlu \u00c7ama\u015f\u0131r Alt\u0131 Is\u0131tmal\u0131 Teknolojik Vibrat\u00f6r<\/strong>, kad\u0131n anatomisine \u00f6zel ergonomisi ve \u00e7ok y\u00f6nl\u00fc kullan\u0131m\u0131yla s\u0131radan vibrat\u00f6rlerden \u00e7ok daha fazlas\u0131n\u0131 sunuyor. G\u00fcnl\u00fck kullan\u0131mda bile rahatl\u0131kla tercih edilebilecek tasar\u0131m\u0131 ve uzaktan kontrol \u00f6zelli\u011fi ile haz her an sizinle!<\/p>\n","protected":false},"featured_media":44360,"comment_status":"closed","ping_status":"closed","template":"","meta":[],"product_brand":[],"product_cat":[496],"product_tag":[],"class_list":{"0":"post-44358","1":"product","2":"type-product","3":"status-publish","4":"has-post-thumbnail","6":"product_cat-vibrator-cesitleri","8":"first","9":"instock","10":"purchasable","11":"product-type-simple"},"yoast_head":"<!-- This site is optimized with the Yoast SEO Premium plugin v24.4 (Yoast SEO v27.1.1) - https:\/\/yoast.com\/product\/yoast-seo-premium-wordpress\/ -->\n<title>Usb \u015earjl\u0131 Uzaktan Kumandal\u0131 G\u0131d\u0131klama Fonksiyonlu \u00c7ama\u015f\u0131r Alt\u0131 Is\u0131tmal\u0131 Teknolojik Vibrat\u00f6r - Bursa Erotik Shop<\/title>\n<meta name=\"robots\" content=\"index, follow, max-snippet:-1, max-image-preview:large, max-video-preview:-1\" \/>\n<link rel=\"canonical\" href=\"https:\/\/hobierotikshop.com.tr\/website1\/erotik-shop-urun\/usb-sarjli-uzaktan-kumandali-gidiklama-fonksiyonlu-camasir-alti-isitmali-teknolojik-vibrator\/\" \/>\n<meta property=\"og:locale\" content=\"tr_TR\" \/>\n<meta property=\"og:type\" content=\"article\" \/>\n<meta property=\"og:title\" content=\"Usb \u015earjl\u0131 Uzaktan Kumandal\u0131 G\u0131d\u0131klama Fonksiyonlu \u00c7ama\u015f\u0131r Alt\u0131 Is\u0131tmal\u0131 Teknolojik Vibrat\u00f6r\" \/>\n<meta property=\"og:description\" content=\"Gizli hazlar\u0131n\u0131z\u0131 her ortamda ke\u015ffetmeniz i\u00e7in \u00f6zel olarak tasarlanan USB \u015earjl\u0131 Uzaktan Kumandal\u0131 G\u0131d\u0131klama Fonksiyonlu \u00c7ama\u015f\u0131r Alt\u0131 Is\u0131tmal\u0131 Teknolojik Vibrat\u00f6r, kad\u0131n anatomisine \u00f6zel ergonomisi ve \u00e7ok y\u00f6nl\u00fc kullan\u0131m\u0131yla s\u0131radan vibrat\u00f6rlerden \u00e7ok daha fazlas\u0131n\u0131 sunuyor. G\u00fcnl\u00fck kullan\u0131mda bile rahatl\u0131kla tercih edilebilecek tasar\u0131m\u0131 ve uzaktan kontrol \u00f6zelli\u011fi ile haz her an sizinle!\" \/>\n<meta property=\"og:url\" content=\"https:\/\/hobierotikshop.com.tr\/website1\/erotik-shop-urun\/usb-sarjli-uzaktan-kumandali-gidiklama-fonksiyonlu-camasir-alti-isitmali-teknolojik-vibrator\/\" \/>\n<meta property=\"og:site_name\" content=\"Bursa Erotik Shop\" \/>\n<meta property=\"article:modified_time\" content=\"2026-01-08T23:58:38+00:00\" \/>\n<meta property=\"og:image\" content=\"https:\/\/hobierotikshop.com.tr\/website1\/wp-content\/uploads\/2025\/04\/usb-sarjli-uzaktan-kumandali-gidiklama-fbb932.jpg\" \/>\n\t<meta property=\"og:image:width\" content=\"455\" \/>\n\t<meta property=\"og:image:height\" content=\"455\" \/>\n\t<meta property=\"og:image:type\" content=\"image\/jpeg\" \/>\n<meta name=\"twitter:card\" content=\"summary_large_image\" \/>\n<meta name=\"twitter:site\" content=\"@shopbursa\" \/>\n<meta name=\"twitter:label1\" content=\"Fiyat\" \/>\n\t<meta name=\"twitter:data1\" content=\"&#8378;6.000,00\" \/>\n\t<meta name=\"twitter:label2\" content=\"Availability\" \/>\n\t<meta name=\"twitter:data2\" content=\"In stock\" \/>\n<script type=\"application\/ld+json\" class=\"yoast-schema-graph\">{\"@context\":\"https:\/\/schema.org\",\"@graph\":[{\"@type\":\"WebPage\",\"@id\":\"https:\/\/hobierotikshop.com.tr\/website1\/erotik-shop-urun\/usb-sarjli-uzaktan-kumandali-gidiklama-fonksiyonlu-camasir-alti-isitmali-teknolojik-vibrator\/\",\"url\":\"https:\/\/hobierotikshop.com.tr\/website1\/erotik-shop-urun\/usb-sarjli-uzaktan-kumandali-gidiklama-fonksiyonlu-camasir-alti-isitmali-teknolojik-vibrator\/\",\"name\":\"Usb \u015earjl\u0131 Uzaktan Kumandal\u0131 G\u0131d\u0131klama Fonksiyonlu \u00c7ama\u015f\u0131r Alt\u0131 Is\u0131tmal\u0131 Teknolojik Vibrat\u00f6r - Bursa Erotik Shop\",\"isPartOf\":{\"@id\":\"https:\/\/bursashop.com\/web\/#website\"},\"primaryImageOfPage\":{\"@id\":\"https:\/\/hobierotikshop.com.tr\/website1\/erotik-shop-urun\/usb-sarjli-uzaktan-kumandali-gidiklama-fonksiyonlu-camasir-alti-isitmali-teknolojik-vibrator\/#primaryimage\"},\"image\":{\"@id\":\"https:\/\/hobierotikshop.com.tr\/website1\/erotik-shop-urun\/usb-sarjli-uzaktan-kumandali-gidiklama-fonksiyonlu-camasir-alti-isitmali-teknolojik-vibrator\/#primaryimage\"},\"thumbnailUrl\":\"https:\/\/haremerotikshop.com\/site\/wp-content\/uploads\/2025\/04\/usb-sarjli-uzaktan-kumandali-gidiklama-fbb932.jpg\",\"datePublished\":\"2025-04-26T13:57:56+00:00\",\"dateModified\":\"2026-01-08T23:58:38+00:00\",\"breadcrumb\":{\"@id\":\"https:\/\/hobierotikshop.com.tr\/website1\/erotik-shop-urun\/usb-sarjli-uzaktan-kumandali-gidiklama-fonksiyonlu-camasir-alti-isitmali-teknolojik-vibrator\/#breadcrumb\"},\"inLanguage\":\"tr\",\"potentialAction\":[{\"@type\":\"ReadAction\",\"target\":[\"https:\/\/hobierotikshop.com.tr\/website1\/erotik-shop-urun\/usb-sarjli-uzaktan-kumandali-gidiklama-fonksiyonlu-camasir-alti-isitmali-teknolojik-vibrator\/\"]}]},{\"@type\":\"ImageObject\",\"inLanguage\":\"tr\",\"@id\":\"https:\/\/hobierotikshop.com.tr\/website1\/erotik-shop-urun\/usb-sarjli-uzaktan-kumandali-gidiklama-fonksiyonlu-camasir-alti-isitmali-teknolojik-vibrator\/#primaryimage\",\"url\":\"https:\/\/haremerotikshop.com\/site\/wp-content\/uploads\/2025\/04\/usb-sarjli-uzaktan-kumandali-gidiklama-fbb932.jpg\",\"contentUrl\":\"https:\/\/haremerotikshop.com\/site\/wp-content\/uploads\/2025\/04\/usb-sarjli-uzaktan-kumandali-gidiklama-fbb932.jpg\",\"width\":455,\"height\":455},{\"@type\":\"BreadcrumbList\",\"@id\":\"https:\/\/hobierotikshop.com.tr\/website1\/erotik-shop-urun\/usb-sarjli-uzaktan-kumandali-gidiklama-fonksiyonlu-camasir-alti-isitmali-teknolojik-vibrator\/#breadcrumb\",\"itemListElement\":[{\"@type\":\"ListItem\",\"position\":1,\"name\":\"Anasayfa\",\"item\":\"https:\/\/hobierotikshop.com.tr\/website1\/\"},{\"@type\":\"ListItem\",\"position\":2,\"name\":\"Erotik Shop \u00dcr\u00fcnleri\",\"item\":\"https:\/\/hobierotikshop.com.tr\/website1\/shop\/\"},{\"@type\":\"ListItem\",\"position\":3,\"name\":\"Usb \u015earjl\u0131 Uzaktan Kumandal\u0131 G\u0131d\u0131klama Fonksiyonlu \u00c7ama\u015f\u0131r Alt\u0131 Is\u0131tmal\u0131 Teknolojik Vibrat\u00f6r\"}]},{\"@type\":\"WebSite\",\"@id\":\"https:\/\/bursashop.com\/web\/#website\",\"url\":\"https:\/\/bursashop.com\/web\/\",\"name\":\"Bursa Erotik Shop\",\"description\":\"Bursa Erotik Shop ile g\u00fcvenli, gizli ve kaliteli yeti\u015fkin \u00fcr\u00fcnleri al\u0131\u015fveri\u015fi! Geni\u015f \u00fcr\u00fcn yelpazemizi ke\u015ffedin, hemen sipari\u015f verin\",\"publisher\":{\"@id\":\"https:\/\/bursashop.com\/web\/#organization\"},\"alternateName\":\"Erotik Shop\",\"potentialAction\":[{\"@type\":\"SearchAction\",\"target\":{\"@type\":\"EntryPoint\",\"urlTemplate\":\"https:\/\/bursashop.com\/web\/?s={search_term_string}\"},\"query-input\":{\"@type\":\"PropertyValueSpecification\",\"valueRequired\":true,\"valueName\":\"search_term_string\"}}],\"inLanguage\":\"tr\"},{\"@type\":\"Organization\",\"@id\":\"https:\/\/bursashop.com\/web\/#organization\",\"name\":\"Harem Bursa Erotik Shop\",\"url\":\"https:\/\/bursashop.com\/web\/\",\"logo\":{\"@type\":\"ImageObject\",\"inLanguage\":\"tr\",\"@id\":\"https:\/\/bursashop.com\/web\/#\/schema\/logo\/image\/\",\"url\":\"https:\/\/haremerotikshop.com\/site\/wp-content\/uploads\/2025\/03\/haremsexshop.png\",\"contentUrl\":\"https:\/\/haremerotikshop.com\/site\/wp-content\/uploads\/2025\/03\/haremsexshop.png\",\"width\":400,\"height\":100,\"caption\":\"Harem Bursa Erotik Shop\"},\"image\":{\"@id\":\"https:\/\/bursashop.com\/web\/#\/schema\/logo\/image\/\"},\"sameAs\":[\"https:\/\/x.com\/shopbursa\"],\"publishingPrinciples\":\"https:\/\/hobierotikshop.com.tr\/website1\/mesafeli-satis-sozlesmesi\/\",\"ownershipFundingInfo\":\"https:\/\/hobierotikshop.com.tr\/website1\/contact-us\/\",\"actionableFeedbackPolicy\":\"https:\/\/hobierotikshop.com.tr\/website1\/contact-us\/\",\"correctionsPolicy\":\"https:\/\/hobierotikshop.com.tr\/website1\/mesafeli-satis-sozlesmesi\/\"}]}<\/script>\n<meta property=\"product:price:amount\" content=\"6000.00\" \/>\n<meta property=\"product:price:currency\" content=\"TRY\" \/>\n<meta property=\"og:availability\" content=\"instock\" \/>\n<meta property=\"product:availability\" content=\"instock\" \/>\n<meta property=\"product:retailer_item_id\" content=\"BDM1539\" \/>\n<meta property=\"product:condition\" content=\"new\" \/>\n<!-- \/ Yoast SEO Premium plugin. -->","yoast_head_json":{"title":"Usb \u015earjl\u0131 Uzaktan Kumandal\u0131 G\u0131d\u0131klama Fonksiyonlu \u00c7ama\u015f\u0131r Alt\u0131 Is\u0131tmal\u0131 Teknolojik Vibrat\u00f6r - Bursa Erotik Shop","robots":{"index":"index","follow":"follow","max-snippet":"max-snippet:-1","max-image-preview":"max-image-preview:large","max-video-preview":"max-video-preview:-1"},"canonical":"https:\/\/hobierotikshop.com.tr\/website1\/erotik-shop-urun\/usb-sarjli-uzaktan-kumandali-gidiklama-fonksiyonlu-camasir-alti-isitmali-teknolojik-vibrator\/","og_locale":"tr_TR","og_type":"article","og_title":"Usb \u015earjl\u0131 Uzaktan Kumandal\u0131 G\u0131d\u0131klama Fonksiyonlu \u00c7ama\u015f\u0131r Alt\u0131 Is\u0131tmal\u0131 Teknolojik Vibrat\u00f6r","og_description":"Gizli hazlar\u0131n\u0131z\u0131 her ortamda ke\u015ffetmeniz i\u00e7in \u00f6zel olarak tasarlanan USB \u015earjl\u0131 Uzaktan Kumandal\u0131 G\u0131d\u0131klama Fonksiyonlu \u00c7ama\u015f\u0131r Alt\u0131 Is\u0131tmal\u0131 Teknolojik Vibrat\u00f6r, kad\u0131n anatomisine \u00f6zel ergonomisi ve \u00e7ok y\u00f6nl\u00fc kullan\u0131m\u0131yla s\u0131radan vibrat\u00f6rlerden \u00e7ok daha fazlas\u0131n\u0131 sunuyor. G\u00fcnl\u00fck kullan\u0131mda bile rahatl\u0131kla tercih edilebilecek tasar\u0131m\u0131 ve uzaktan kontrol \u00f6zelli\u011fi ile haz her an sizinle!","og_url":"https:\/\/hobierotikshop.com.tr\/website1\/erotik-shop-urun\/usb-sarjli-uzaktan-kumandali-gidiklama-fonksiyonlu-camasir-alti-isitmali-teknolojik-vibrator\/","og_site_name":"Bursa Erotik Shop","article_modified_time":"2026-01-08T23:58:38+00:00","og_image":[{"width":455,"height":455,"url":"https:\/\/hobierotikshop.com.tr\/website1\/wp-content\/uploads\/2025\/04\/usb-sarjli-uzaktan-kumandali-gidiklama-fbb932.jpg","type":"image\/jpeg"}],"twitter_card":"summary_large_image","twitter_site":"@shopbursa","twitter_misc":{"Fiyat":"&#8378;6.000,00","Availability":"In stock"},"schema":{"@context":"https:\/\/schema.org","@graph":[{"@type":"WebPage","@id":"https:\/\/hobierotikshop.com.tr\/website1\/erotik-shop-urun\/usb-sarjli-uzaktan-kumandali-gidiklama-fonksiyonlu-camasir-alti-isitmali-teknolojik-vibrator\/","url":"https:\/\/hobierotikshop.com.tr\/website1\/erotik-shop-urun\/usb-sarjli-uzaktan-kumandali-gidiklama-fonksiyonlu-camasir-alti-isitmali-teknolojik-vibrator\/","name":"Usb \u015earjl\u0131 Uzaktan Kumandal\u0131 G\u0131d\u0131klama Fonksiyonlu \u00c7ama\u015f\u0131r Alt\u0131 Is\u0131tmal\u0131 Teknolojik Vibrat\u00f6r - Bursa Erotik Shop","isPartOf":{"@id":"https:\/\/bursashop.com\/web\/#website"},"primaryImageOfPage":{"@id":"https:\/\/hobierotikshop.com.tr\/website1\/erotik-shop-urun\/usb-sarjli-uzaktan-kumandali-gidiklama-fonksiyonlu-camasir-alti-isitmali-teknolojik-vibrator\/#primaryimage"},"image":{"@id":"https:\/\/hobierotikshop.com.tr\/website1\/erotik-shop-urun\/usb-sarjli-uzaktan-kumandali-gidiklama-fonksiyonlu-camasir-alti-isitmali-teknolojik-vibrator\/#primaryimage"},"thumbnailUrl":"https:\/\/haremerotikshop.com\/site\/wp-content\/uploads\/2025\/04\/usb-sarjli-uzaktan-kumandali-gidiklama-fbb932.jpg","datePublished":"2025-04-26T13:57:56+00:00","dateModified":"2026-01-08T23:58:38+00:00","breadcrumb":{"@id":"https:\/\/hobierotikshop.com.tr\/website1\/erotik-shop-urun\/usb-sarjli-uzaktan-kumandali-gidiklama-fonksiyonlu-camasir-alti-isitmali-teknolojik-vibrator\/#breadcrumb"},"inLanguage":"tr","potentialAction":[{"@type":"ReadAction","target":["https:\/\/hobierotikshop.com.tr\/website1\/erotik-shop-urun\/usb-sarjli-uzaktan-kumandali-gidiklama-fonksiyonlu-camasir-alti-isitmali-teknolojik-vibrator\/"]}]},{"@type":"ImageObject","inLanguage":"tr","@id":"https:\/\/hobierotikshop.com.tr\/website1\/erotik-shop-urun\/usb-sarjli-uzaktan-kumandali-gidiklama-fonksiyonlu-camasir-alti-isitmali-teknolojik-vibrator\/#primaryimage","url":"https:\/\/haremerotikshop.com\/site\/wp-content\/uploads\/2025\/04\/usb-sarjli-uzaktan-kumandali-gidiklama-fbb932.jpg","contentUrl":"https:\/\/haremerotikshop.com\/site\/wp-content\/uploads\/2025\/04\/usb-sarjli-uzaktan-kumandali-gidiklama-fbb932.jpg","width":455,"height":455},{"@type":"BreadcrumbList","@id":"https:\/\/hobierotikshop.com.tr\/website1\/erotik-shop-urun\/usb-sarjli-uzaktan-kumandali-gidiklama-fonksiyonlu-camasir-alti-isitmali-teknolojik-vibrator\/#breadcrumb","itemListElement":[{"@type":"ListItem","position":1,"name":"Anasayfa","item":"https:\/\/hobierotikshop.com.tr\/website1\/"},{"@type":"ListItem","position":2,"name":"Erotik Shop \u00dcr\u00fcnleri","item":"https:\/\/hobierotikshop.com.tr\/website1\/shop\/"},{"@type":"ListItem","position":3,"name":"Usb \u015earjl\u0131 Uzaktan Kumandal\u0131 G\u0131d\u0131klama Fonksiyonlu \u00c7ama\u015f\u0131r Alt\u0131 Is\u0131tmal\u0131 Teknolojik Vibrat\u00f6r"}]},{"@type":"WebSite","@id":"https:\/\/bursashop.com\/web\/#website","url":"https:\/\/bursashop.com\/web\/","name":"Bursa Erotik Shop","description":"Bursa Erotik Shop ile g\u00fcvenli, gizli ve kaliteli yeti\u015fkin \u00fcr\u00fcnleri al\u0131\u015fveri\u015fi! Geni\u015f \u00fcr\u00fcn yelpazemizi ke\u015ffedin, hemen sipari\u015f verin","publisher":{"@id":"https:\/\/bursashop.com\/web\/#organization"},"alternateName":"Erotik Shop","potentialAction":[{"@type":"SearchAction","target":{"@type":"EntryPoint","urlTemplate":"https:\/\/bursashop.com\/web\/?s={search_term_string}"},"query-input":{"@type":"PropertyValueSpecification","valueRequired":true,"valueName":"search_term_string"}}],"inLanguage":"tr"},{"@type":"Organization","@id":"https:\/\/bursashop.com\/web\/#organization","name":"Harem Bursa Erotik Shop","url":"https:\/\/bursashop.com\/web\/","logo":{"@type":"ImageObject","inLanguage":"tr","@id":"https:\/\/bursashop.com\/web\/#\/schema\/logo\/image\/","url":"https:\/\/haremerotikshop.com\/site\/wp-content\/uploads\/2025\/03\/haremsexshop.png","contentUrl":"https:\/\/haremerotikshop.com\/site\/wp-content\/uploads\/2025\/03\/haremsexshop.png","width":400,"height":100,"caption":"Harem Bursa Erotik Shop"},"image":{"@id":"https:\/\/bursashop.com\/web\/#\/schema\/logo\/image\/"},"sameAs":["https:\/\/x.com\/shopbursa"],"publishingPrinciples":"https:\/\/hobierotikshop.com.tr\/website1\/mesafeli-satis-sozlesmesi\/","ownershipFundingInfo":"https:\/\/hobierotikshop.com.tr\/website1\/contact-us\/","actionableFeedbackPolicy":"https:\/\/hobierotikshop.com.tr\/website1\/contact-us\/","correctionsPolicy":"https:\/\/hobierotikshop.com.tr\/website1\/mesafeli-satis-sozlesmesi\/"}]},"product_price_amount":"6000.00","product_price_currency":"TRY","og_availability":"instock","product_availability":"instock","product_retailer_item_id":"BDM1539","product_condition":"new"},"_links":{"self":[{"href":"https:\/\/haremerotikshop.com\/site\/wp-json\/wp\/v2\/product\/44358","targetHints":{"allow":["GET"]}}],"collection":[{"href":"https:\/\/haremerotikshop.com\/site\/wp-json\/wp\/v2\/product"}],"about":[{"href":"https:\/\/haremerotikshop.com\/site\/wp-json\/wp\/v2\/types\/product"}],"replies":[{"embeddable":true,"href":"https:\/\/haremerotikshop.com\/site\/wp-json\/wp\/v2\/comments?post=44358"}],"version-history":[{"count":0,"href":"https:\/\/haremerotikshop.com\/site\/wp-json\/wp\/v2\/product\/44358\/revisions"}],"wp:featuredmedia":[{"embeddable":true,"href":"https:\/\/haremerotikshop.com\/site\/wp-json\/wp\/v2\/media\/44360"}],"wp:attachment":[{"href":"https:\/\/haremerotikshop.com\/site\/wp-json\/wp\/v2\/media?parent=44358"}],"wp:term":[{"taxonomy":"product_brand","embeddable":true,"href":"https:\/\/haremerotikshop.com\/site\/wp-json\/wp\/v2\/product_brand?post=44358"},{"taxonomy":"product_cat","embeddable":true,"href":"https:\/\/haremerotikshop.com\/site\/wp-json\/wp\/v2\/product_cat?post=44358"},{"taxonomy":"product_tag","embeddable":true,"href":"https:\/\/haremerotikshop.com\/site\/wp-json\/wp\/v2\/product_tag?post=44358"}],"curies":[{"name":"wp","href":"https:\/\/api.w.org\/{rel}","templated":true}]}}