{"id":44395,"date":"2025-04-26T16:58:48","date_gmt":"2025-04-26T13:58:48","guid":{"rendered":"https:\/\/haremerotikshop.com\/site\/erotik-shop-urun\/usb-sarjli-ileri-geri-vortex-hareketli-sesli-teknolojik-masturbator\/"},"modified":"2026-01-09T02:58:34","modified_gmt":"2026-01-08T23:58:34","slug":"usb-sarjli-ileri-geri-vortex-hareketli-sesli-teknolojik-masturbator","status":"publish","type":"product","link":"https:\/\/haremerotikshop.com\/site\/erotik-shop-urun\/usb-sarjli-ileri-geri-vortex-hareketli-sesli-teknolojik-masturbator\/","title":{"rendered":"Usb \u015earjl\u0131 I\u0307leri Geri &Amp; Vortex Hareketli Sesli Teknolojik Mast\u00fcrbat\u00f6r"},"content":{"rendered":"<h2 class=\"\" data-start=\"148\" data-end=\"256\">\ud83d\udd25 <strong data-start=\"154\" data-end=\"256\">USB \u015earjl\u0131 \u0130leri Geri &amp; Vortex Hareketli Sesli Teknolojik Mast\u00fcrbat\u00f6r \u2013 Ger\u00e7ek\u00e7ili\u011fin Yeni Tan\u0131m\u0131!<\/strong><\/h2>\n<p class=\"\" data-start=\"258\" data-end=\"532\">Mast\u00fcrbasyon deneyiminizi s\u0131radanl\u0131ktan kurtar\u0131n ve ileri teknolojinin sundu\u011fu zevkin zirvesine ula\u015f\u0131n!<br data-start=\"361\" data-end=\"364\" \/><strong data-start=\"364\" data-end=\"435\">\u0130leri geri ve d\u00f6nme (vortex) hareketli, sesli, otomatik mast\u00fcrbat\u00f6r<\/strong>, maksimum ger\u00e7eklik hissi sunan ak\u0131ll\u0131 yap\u0131s\u0131yla kendinizi bamba\u015fka bir boyutta hissettiriyor.<\/p>\n<hr class=\"\" data-start=\"534\" data-end=\"537\" \/>\n<h3 class=\"\" data-start=\"539\" data-end=\"589\">\ud83d\ude80 <strong data-start=\"546\" data-end=\"589\">\u00dcst\u00fcn Teknoloji ile Geli\u015fmi\u015f \u00d6zellikler<\/strong><\/h3>\n<ul data-start=\"591\" data-end=\"1229\">\n<li class=\"\" data-start=\"591\" data-end=\"696\">\n<p class=\"\" data-start=\"593\" data-end=\"696\">\ud83d\udd01 <strong data-start=\"596\" data-end=\"644\">Otomatik \u0130leri Geri &amp; Vortex D\u00f6n\u00fc\u015f Hareketi:<\/strong> Ger\u00e7ek birle\u015fme hissine en yak\u0131n deneyimi ya\u015fay\u0131n<\/p>\n<\/li>\n<li class=\"\" data-start=\"697\" data-end=\"807\">\n<p class=\"\" data-start=\"699\" data-end=\"807\">\ud83c\udfa7 <strong data-start=\"702\" data-end=\"739\">Kulakl\u0131kla Ger\u00e7ek\u00e7i Ses Deneyimi:<\/strong> \u00dcr\u00fcne \u00f6zel \u00e7\u0131kan kulakl\u0131k sayesinde i\u00e7 ses efektleriyle e\u015fsiz haz<\/p>\n<\/li>\n<li class=\"\" data-start=\"808\" data-end=\"889\">\n<p class=\"\" data-start=\"810\" data-end=\"889\">\ud83d\udca1 <strong data-start=\"813\" data-end=\"836\">Renkli LED I\u015f\u0131klar:<\/strong> Kullan\u0131m s\u0131ras\u0131nda ambiyans yaratan \u015f\u0131k ayd\u0131nlatma<\/p>\n<\/li>\n<li class=\"\" data-start=\"890\" data-end=\"964\">\n<p class=\"\" data-start=\"892\" data-end=\"964\">\ud83d\udd0a <strong data-start=\"895\" data-end=\"922\">7 Farkl\u0131 Titre\u015fim Modu:<\/strong> Her zevke hitap eden \u00e7ok y\u00f6nl\u00fc kullan\u0131m<\/p>\n<\/li>\n<li class=\"\" data-start=\"965\" data-end=\"1046\">\n<p class=\"\" data-start=\"967\" data-end=\"1046\">\ud83e\udd2b <strong data-start=\"970\" data-end=\"998\">Sessiz \u00c7al\u0131\u015fma (\u226450 dB):<\/strong> Gizli, konforlu ve dikkat \u00e7ekmeyen performans<\/p>\n<\/li>\n<li class=\"\" data-start=\"1047\" data-end=\"1147\">\n<p class=\"\" data-start=\"1049\" data-end=\"1147\">\ud83c\udf21\ufe0f <strong data-start=\"1053\" data-end=\"1094\">Cilt Dostu Et Dokusuna Sahip \u0130\u00e7 Yap\u0131:<\/strong> Yumu\u015fak ve esnek TPE malzeme ile maksimum rahatl\u0131k<\/p>\n<\/li>\n<li class=\"\" data-start=\"1148\" data-end=\"1229\">\n<p class=\"\" data-start=\"1150\" data-end=\"1229\">\ud83d\udd0b <strong data-start=\"1153\" data-end=\"1179\">USB \u015earjl\u0131 Lityum Pil:<\/strong> 2,5 saatlik \u015farjla 1,5 saat kesintisiz kullan\u0131m<\/p>\n<\/li>\n<\/ul>\n<hr class=\"\" data-start=\"1231\" data-end=\"1234\" \/>\n<h3 class=\"\" data-start=\"1236\" data-end=\"1270\">\ud83d\udccf <strong data-start=\"1243\" data-end=\"1270\">\u00dcr\u00fcn Teknik \u00d6zellikleri<\/strong><\/h3>\n<ul data-start=\"1272\" data-end=\"1449\">\n<li class=\"\" data-start=\"1272\" data-end=\"1301\">\n<p class=\"\" data-start=\"1274\" data-end=\"1301\"><strong data-start=\"1274\" data-end=\"1293\">Toplam Uzunluk:<\/strong> 32 cm<\/p>\n<\/li>\n<li class=\"\" data-start=\"1302\" data-end=\"1342\">\n<p class=\"\" data-start=\"1304\" data-end=\"1342\"><strong data-start=\"1304\" data-end=\"1334\">Kullan\u0131labilir \u0130\u00e7 Uzunluk:<\/strong> 20 cm<\/p>\n<\/li>\n<li class=\"\" data-start=\"1343\" data-end=\"1360\">\n<p class=\"\" data-start=\"1345\" data-end=\"1360\"><strong data-start=\"1345\" data-end=\"1353\">\u00c7ap:<\/strong> 9 cm<\/p>\n<\/li>\n<li class=\"\" data-start=\"1361\" data-end=\"1384\">\n<p class=\"\" data-start=\"1363\" data-end=\"1384\"><strong data-start=\"1363\" data-end=\"1375\">A\u011f\u0131rl\u0131k:<\/strong> 840 gr<\/p>\n<\/li>\n<li class=\"\" data-start=\"1385\" data-end=\"1414\">\n<p class=\"\" data-start=\"1387\" data-end=\"1414\"><strong data-start=\"1387\" data-end=\"1403\">\u015earj S\u00fcresi:<\/strong> 2,5 saat<\/p>\n<\/li>\n<li class=\"\" data-start=\"1415\" data-end=\"1449\">\n<p class=\"\" data-start=\"1417\" data-end=\"1449\"><strong data-start=\"1417\" data-end=\"1437\">Kullan\u0131m S\u00fcresi:<\/strong> 90 dakika<\/p>\n<\/li>\n<\/ul>\n<p class=\"\" data-start=\"1451\" data-end=\"1614\">\ud83d\udca7 <strong data-start=\"1454\" data-end=\"1477\">Temizlik Kolayl\u0131\u011f\u0131:<\/strong> \u0130\u00e7 k\u0131sm\u0131 \u00e7\u0131kar\u0131labilir ve kolay temizlenebilir yap\u0131<br data-start=\"1529\" data-end=\"1532\" \/>\ud83d\udca1 <strong data-start=\"1535\" data-end=\"1566\">Daha Ger\u00e7ek\u00e7i Deneyim \u0130\u00e7in:<\/strong> Kayganla\u015ft\u0131r\u0131c\u0131 jel ile kullan\u0131lmas\u0131 \u00f6nerilir<\/p>\n<hr class=\"\" data-start=\"1616\" data-end=\"1619\" \/>\n<h3 class=\"\" data-start=\"1621\" data-end=\"1667\">\ud83d\uded2 <strong data-start=\"1628\" data-end=\"1667\">Sat\u0131n Al\u0131rken Sundu\u011fumuz Avantajlar<\/strong><\/h3>\n<ul data-start=\"1669\" data-end=\"1967\">\n<li class=\"\" data-start=\"1669\" data-end=\"1737\">\n<p class=\"\" data-start=\"1671\" data-end=\"1737\">\u2705 <strong data-start=\"1673\" data-end=\"1701\">Gizli Paketleme &amp; Kargo:<\/strong> \u00dcr\u00fcn i\u00e7eri\u011fi d\u0131\u015far\u0131dan anla\u015f\u0131lmaz<\/p>\n<\/li>\n<li class=\"\" data-start=\"1738\" data-end=\"1815\">\n<p class=\"\" data-start=\"1740\" data-end=\"1815\">\u2705 <strong data-start=\"1742\" data-end=\"1768\">Kap\u0131da \u00d6deme Se\u00e7ene\u011fi:<\/strong> Nakit veya kredi kart\u0131 ile g\u00fcvenli al\u0131\u015fveri\u015f<\/p>\n<\/li>\n<li class=\"\" data-start=\"1816\" data-end=\"1888\">\n<p class=\"\" data-start=\"1818\" data-end=\"1888\">\u2705 <strong data-start=\"1820\" data-end=\"1851\">Taksit ve Tek \u00c7ekim \u0130mkan\u0131:<\/strong> Her b\u00fct\u00e7eye uygun \u00f6deme y\u00f6ntemleri<\/p>\n<\/li>\n<li class=\"\" data-start=\"1889\" data-end=\"1967\">\n<p class=\"\" data-start=\"1891\" data-end=\"1967\">\u2705 <strong data-start=\"1893\" data-end=\"1921\">Orijinal \u00dcr\u00fcn Garantisi:<\/strong> Kalite ve m\u00fc\u015fteri memnuniyeti odakl\u0131 hizmet<\/p>\n<\/li>\n<\/ul>\n<hr class=\"\" data-start=\"1969\" data-end=\"1972\" \/>\n<h3 class=\"\" data-start=\"1974\" data-end=\"2012\">\ud83d\ude9a <strong data-start=\"1981\" data-end=\"2012\">H\u0131zl\u0131 ve G\u00fcvenilir Teslimat<\/strong><\/h3>\n<ul data-start=\"2014\" data-end=\"2198\">\n<li class=\"\" data-start=\"2014\" data-end=\"2061\">\n<p class=\"\" data-start=\"2016\" data-end=\"2061\">Sipari\u015fleriniz <strong data-start=\"2031\" data-end=\"2059\">ayn\u0131 g\u00fcn kargoya verilir<\/strong><\/p>\n<\/li>\n<li class=\"\" data-start=\"2062\" data-end=\"2112\">\n<p class=\"\" data-start=\"2064\" data-end=\"2112\"><strong data-start=\"2064\" data-end=\"2110\">Kap\u0131n\u0131za teslim veya \u015fubeden al\u0131m se\u00e7ene\u011fi<\/strong><\/p>\n<\/li>\n<li class=\"\" data-start=\"2113\" data-end=\"2198\">\n<p class=\"\" data-start=\"2115\" data-end=\"2198\">\u00dcr\u00fcnlerimiz <strong data-start=\"2127\" data-end=\"2157\">firmam\u0131z g\u00fcvencesi alt\u0131nda<\/strong>, eksiksiz ve \u00f6zenli \u015fekilde g\u00f6nderilir<\/p>\n<\/li>\n<\/ul>\n<hr class=\"\" data-start=\"2200\" data-end=\"2203\" \/>\n<h2 class=\"\" data-start=\"2205\" data-end=\"2273\">\ud83c\udfaf <strong data-start=\"2211\" data-end=\"2271\">Ger\u00e7ek\u00e7i, G\u00fc\u00e7l\u00fc ve Ak\u0131ll\u0131 \u2013 Zevkin S\u0131n\u0131rlar\u0131n\u0131 Zorlay\u0131n!<\/strong><\/h2>\n<p class=\"\" data-start=\"2274\" data-end=\"2473\"><strong data-start=\"2274\" data-end=\"2307\">USB \u015earjl\u0131 Vortex Mast\u00fcrbat\u00f6r<\/strong>, ileri teknoloji ve ergonomiyi bir araya getirerek sizi s\u0131radan\u0131n \u00e7ok \u00f6tesine ta\u015f\u0131r.<br data-start=\"2392\" data-end=\"2395\" \/>Hemen \u015fimdi sipari\u015f verin, <strong data-start=\"2422\" data-end=\"2473\">zevk dolu anlara sessiz ve gizli bir ad\u0131m at\u0131n!<\/strong><\/p>\n<p>&nbsp;<\/p>\n<p>&nbsp;<\/p>\n<p><a href=\"http:\/\/api.whatsapp.com\/send?phone=905304676616&amp;text=Sipari%C5%9F%20Vermek%20%C4%B0stiyorum%20haremshop%20BDM1545\"><img fetchpriority=\"high\" decoding=\"async\" class=\"alignnone\" src=\"https:\/\/static.ticimax.cloud\/32886\/uploads\/editoruploads\/whatsapp-destek-hatti.gif\" alt=\"\" width=\"750\" height=\"117\" \/><\/a><\/p>\n","protected":false},"excerpt":{"rendered":"<p>Mast\u00fcrbasyon deneyiminizi s\u0131radanl\u0131ktan kurtar\u0131n ve ileri teknolojinin sundu\u011fu zevkin zirvesine ula\u015f\u0131n!<br data-start=\"361\" data-end=\"364\" \/><strong data-start=\"364\" data-end=\"435\">\u0130leri geri ve d\u00f6nme (vortex) hareketli, sesli, otomatik mast\u00fcrbat\u00f6r<\/strong>, maksimum ger\u00e7eklik hissi sunan ak\u0131ll\u0131 yap\u0131s\u0131yla kendinizi bamba\u015fka bir boyutta hissettiriyor.<\/p>\n","protected":false},"featured_media":44397,"comment_status":"closed","ping_status":"closed","template":"","meta":[],"product_brand":[],"product_cat":[503],"product_tag":[],"class_list":{"0":"post-44395","1":"product","2":"type-product","3":"status-publish","4":"has-post-thumbnail","6":"product_cat-vajina-ve-masturbator","8":"first","9":"instock","10":"purchasable","11":"product-type-simple"},"yoast_head":"<!-- This site is optimized with the Yoast SEO Premium plugin v24.4 (Yoast SEO v27.1.1) - https:\/\/yoast.com\/product\/yoast-seo-premium-wordpress\/ -->\n<title>Usb \u015earjl\u0131 I\u0307leri Geri &amp;Amp; Vortex Hareketli Sesli Teknolojik Mast\u00fcrbat\u00f6r - Bursa Erotik Shop<\/title>\n<meta name=\"robots\" content=\"index, follow, max-snippet:-1, max-image-preview:large, max-video-preview:-1\" \/>\n<link rel=\"canonical\" href=\"https:\/\/hobierotikshop.com.tr\/website1\/erotik-shop-urun\/usb-sarjli-ileri-geri-vortex-hareketli-sesli-teknolojik-masturbator\/\" \/>\n<meta property=\"og:locale\" content=\"tr_TR\" \/>\n<meta property=\"og:type\" content=\"article\" \/>\n<meta property=\"og:title\" content=\"Usb \u015earjl\u0131 I\u0307leri Geri &amp;Amp; Vortex Hareketli Sesli Teknolojik Mast\u00fcrbat\u00f6r\" \/>\n<meta property=\"og:description\" content=\"Mast\u00fcrbasyon deneyiminizi s\u0131radanl\u0131ktan kurtar\u0131n ve ileri teknolojinin sundu\u011fu zevkin zirvesine ula\u015f\u0131n!\u0130leri geri ve d\u00f6nme (vortex) hareketli, sesli, otomatik mast\u00fcrbat\u00f6r, maksimum ger\u00e7eklik hissi sunan ak\u0131ll\u0131 yap\u0131s\u0131yla kendinizi bamba\u015fka bir boyutta hissettiriyor.\" \/>\n<meta property=\"og:url\" content=\"https:\/\/hobierotikshop.com.tr\/website1\/erotik-shop-urun\/usb-sarjli-ileri-geri-vortex-hareketli-sesli-teknolojik-masturbator\/\" \/>\n<meta property=\"og:site_name\" content=\"Bursa Erotik Shop\" \/>\n<meta property=\"article:modified_time\" content=\"2026-01-08T23:58:34+00:00\" \/>\n<meta property=\"og:image\" content=\"https:\/\/hobierotikshop.com.tr\/website1\/wp-content\/uploads\/2025\/04\/usb-sarjli-ileri-geri-vortex-hareketli-17f522.jpeg\" \/>\n\t<meta property=\"og:image:width\" content=\"455\" \/>\n\t<meta property=\"og:image:height\" content=\"455\" \/>\n\t<meta property=\"og:image:type\" content=\"image\/jpeg\" \/>\n<meta name=\"twitter:card\" content=\"summary_large_image\" \/>\n<meta name=\"twitter:site\" content=\"@shopbursa\" \/>\n<meta name=\"twitter:label1\" content=\"Fiyat\" \/>\n\t<meta name=\"twitter:data1\" content=\"&#8378;7.000,00\" \/>\n\t<meta name=\"twitter:label2\" content=\"Availability\" \/>\n\t<meta name=\"twitter:data2\" content=\"In stock\" \/>\n<script type=\"application\/ld+json\" class=\"yoast-schema-graph\">{\"@context\":\"https:\/\/schema.org\",\"@graph\":[{\"@type\":\"WebPage\",\"@id\":\"https:\/\/hobierotikshop.com.tr\/website1\/erotik-shop-urun\/usb-sarjli-ileri-geri-vortex-hareketli-sesli-teknolojik-masturbator\/\",\"url\":\"https:\/\/hobierotikshop.com.tr\/website1\/erotik-shop-urun\/usb-sarjli-ileri-geri-vortex-hareketli-sesli-teknolojik-masturbator\/\",\"name\":\"Usb \u015earjl\u0131 I\u0307leri Geri &Amp; Vortex Hareketli Sesli Teknolojik Mast\u00fcrbat\u00f6r - Bursa Erotik Shop\",\"isPartOf\":{\"@id\":\"https:\/\/bursashop.com\/web\/#website\"},\"primaryImageOfPage\":{\"@id\":\"https:\/\/hobierotikshop.com.tr\/website1\/erotik-shop-urun\/usb-sarjli-ileri-geri-vortex-hareketli-sesli-teknolojik-masturbator\/#primaryimage\"},\"image\":{\"@id\":\"https:\/\/hobierotikshop.com.tr\/website1\/erotik-shop-urun\/usb-sarjli-ileri-geri-vortex-hareketli-sesli-teknolojik-masturbator\/#primaryimage\"},\"thumbnailUrl\":\"https:\/\/haremerotikshop.com\/site\/wp-content\/uploads\/2025\/04\/usb-sarjli-ileri-geri-vortex-hareketli-17f522.jpeg\",\"datePublished\":\"2025-04-26T13:58:48+00:00\",\"dateModified\":\"2026-01-08T23:58:34+00:00\",\"breadcrumb\":{\"@id\":\"https:\/\/hobierotikshop.com.tr\/website1\/erotik-shop-urun\/usb-sarjli-ileri-geri-vortex-hareketli-sesli-teknolojik-masturbator\/#breadcrumb\"},\"inLanguage\":\"tr\",\"potentialAction\":[{\"@type\":\"ReadAction\",\"target\":[\"https:\/\/hobierotikshop.com.tr\/website1\/erotik-shop-urun\/usb-sarjli-ileri-geri-vortex-hareketli-sesli-teknolojik-masturbator\/\"]}]},{\"@type\":\"ImageObject\",\"inLanguage\":\"tr\",\"@id\":\"https:\/\/hobierotikshop.com.tr\/website1\/erotik-shop-urun\/usb-sarjli-ileri-geri-vortex-hareketli-sesli-teknolojik-masturbator\/#primaryimage\",\"url\":\"https:\/\/haremerotikshop.com\/site\/wp-content\/uploads\/2025\/04\/usb-sarjli-ileri-geri-vortex-hareketli-17f522.jpeg\",\"contentUrl\":\"https:\/\/haremerotikshop.com\/site\/wp-content\/uploads\/2025\/04\/usb-sarjli-ileri-geri-vortex-hareketli-17f522.jpeg\",\"width\":455,\"height\":455},{\"@type\":\"BreadcrumbList\",\"@id\":\"https:\/\/hobierotikshop.com.tr\/website1\/erotik-shop-urun\/usb-sarjli-ileri-geri-vortex-hareketli-sesli-teknolojik-masturbator\/#breadcrumb\",\"itemListElement\":[{\"@type\":\"ListItem\",\"position\":1,\"name\":\"Anasayfa\",\"item\":\"https:\/\/hobierotikshop.com.tr\/website1\/\"},{\"@type\":\"ListItem\",\"position\":2,\"name\":\"Erotik Shop \u00dcr\u00fcnleri\",\"item\":\"https:\/\/hobierotikshop.com.tr\/website1\/shop\/\"},{\"@type\":\"ListItem\",\"position\":3,\"name\":\"Usb \u015earjl\u0131 I\u0307leri Geri &Amp; Vortex Hareketli Sesli Teknolojik Mast\u00fcrbat\u00f6r\"}]},{\"@type\":\"WebSite\",\"@id\":\"https:\/\/bursashop.com\/web\/#website\",\"url\":\"https:\/\/bursashop.com\/web\/\",\"name\":\"Bursa Erotik Shop\",\"description\":\"Bursa Erotik Shop ile g\u00fcvenli, gizli ve kaliteli yeti\u015fkin \u00fcr\u00fcnleri al\u0131\u015fveri\u015fi! Geni\u015f \u00fcr\u00fcn yelpazemizi ke\u015ffedin, hemen sipari\u015f verin\",\"publisher\":{\"@id\":\"https:\/\/bursashop.com\/web\/#organization\"},\"alternateName\":\"Erotik Shop\",\"potentialAction\":[{\"@type\":\"SearchAction\",\"target\":{\"@type\":\"EntryPoint\",\"urlTemplate\":\"https:\/\/bursashop.com\/web\/?s={search_term_string}\"},\"query-input\":{\"@type\":\"PropertyValueSpecification\",\"valueRequired\":true,\"valueName\":\"search_term_string\"}}],\"inLanguage\":\"tr\"},{\"@type\":\"Organization\",\"@id\":\"https:\/\/bursashop.com\/web\/#organization\",\"name\":\"Harem Bursa Erotik Shop\",\"url\":\"https:\/\/bursashop.com\/web\/\",\"logo\":{\"@type\":\"ImageObject\",\"inLanguage\":\"tr\",\"@id\":\"https:\/\/bursashop.com\/web\/#\/schema\/logo\/image\/\",\"url\":\"https:\/\/haremerotikshop.com\/site\/wp-content\/uploads\/2025\/03\/haremsexshop.png\",\"contentUrl\":\"https:\/\/haremerotikshop.com\/site\/wp-content\/uploads\/2025\/03\/haremsexshop.png\",\"width\":400,\"height\":100,\"caption\":\"Harem Bursa Erotik Shop\"},\"image\":{\"@id\":\"https:\/\/bursashop.com\/web\/#\/schema\/logo\/image\/\"},\"sameAs\":[\"https:\/\/x.com\/shopbursa\"],\"publishingPrinciples\":\"https:\/\/hobierotikshop.com.tr\/website1\/mesafeli-satis-sozlesmesi\/\",\"ownershipFundingInfo\":\"https:\/\/hobierotikshop.com.tr\/website1\/contact-us\/\",\"actionableFeedbackPolicy\":\"https:\/\/hobierotikshop.com.tr\/website1\/contact-us\/\",\"correctionsPolicy\":\"https:\/\/hobierotikshop.com.tr\/website1\/mesafeli-satis-sozlesmesi\/\"}]}<\/script>\n<meta property=\"product:price:amount\" content=\"7000.00\" \/>\n<meta property=\"product:price:currency\" content=\"TRY\" \/>\n<meta property=\"og:availability\" content=\"instock\" \/>\n<meta property=\"product:availability\" content=\"instock\" \/>\n<meta property=\"product:retailer_item_id\" content=\"BDM1545\" \/>\n<meta property=\"product:condition\" content=\"new\" \/>\n<!-- \/ Yoast SEO Premium plugin. -->","yoast_head_json":{"title":"Usb \u015earjl\u0131 I\u0307leri Geri &Amp; Vortex Hareketli Sesli Teknolojik Mast\u00fcrbat\u00f6r - Bursa Erotik Shop","robots":{"index":"index","follow":"follow","max-snippet":"max-snippet:-1","max-image-preview":"max-image-preview:large","max-video-preview":"max-video-preview:-1"},"canonical":"https:\/\/hobierotikshop.com.tr\/website1\/erotik-shop-urun\/usb-sarjli-ileri-geri-vortex-hareketli-sesli-teknolojik-masturbator\/","og_locale":"tr_TR","og_type":"article","og_title":"Usb \u015earjl\u0131 I\u0307leri Geri &Amp; Vortex Hareketli Sesli Teknolojik Mast\u00fcrbat\u00f6r","og_description":"Mast\u00fcrbasyon deneyiminizi s\u0131radanl\u0131ktan kurtar\u0131n ve ileri teknolojinin sundu\u011fu zevkin zirvesine ula\u015f\u0131n!\u0130leri geri ve d\u00f6nme (vortex) hareketli, sesli, otomatik mast\u00fcrbat\u00f6r, maksimum ger\u00e7eklik hissi sunan ak\u0131ll\u0131 yap\u0131s\u0131yla kendinizi bamba\u015fka bir boyutta hissettiriyor.","og_url":"https:\/\/hobierotikshop.com.tr\/website1\/erotik-shop-urun\/usb-sarjli-ileri-geri-vortex-hareketli-sesli-teknolojik-masturbator\/","og_site_name":"Bursa Erotik Shop","article_modified_time":"2026-01-08T23:58:34+00:00","og_image":[{"width":455,"height":455,"url":"https:\/\/hobierotikshop.com.tr\/website1\/wp-content\/uploads\/2025\/04\/usb-sarjli-ileri-geri-vortex-hareketli-17f522.jpeg","type":"image\/jpeg"}],"twitter_card":"summary_large_image","twitter_site":"@shopbursa","twitter_misc":{"Fiyat":"&#8378;7.000,00","Availability":"In stock"},"schema":{"@context":"https:\/\/schema.org","@graph":[{"@type":"WebPage","@id":"https:\/\/hobierotikshop.com.tr\/website1\/erotik-shop-urun\/usb-sarjli-ileri-geri-vortex-hareketli-sesli-teknolojik-masturbator\/","url":"https:\/\/hobierotikshop.com.tr\/website1\/erotik-shop-urun\/usb-sarjli-ileri-geri-vortex-hareketli-sesli-teknolojik-masturbator\/","name":"Usb \u015earjl\u0131 I\u0307leri Geri &Amp; Vortex Hareketli Sesli Teknolojik Mast\u00fcrbat\u00f6r - Bursa Erotik Shop","isPartOf":{"@id":"https:\/\/bursashop.com\/web\/#website"},"primaryImageOfPage":{"@id":"https:\/\/hobierotikshop.com.tr\/website1\/erotik-shop-urun\/usb-sarjli-ileri-geri-vortex-hareketli-sesli-teknolojik-masturbator\/#primaryimage"},"image":{"@id":"https:\/\/hobierotikshop.com.tr\/website1\/erotik-shop-urun\/usb-sarjli-ileri-geri-vortex-hareketli-sesli-teknolojik-masturbator\/#primaryimage"},"thumbnailUrl":"https:\/\/haremerotikshop.com\/site\/wp-content\/uploads\/2025\/04\/usb-sarjli-ileri-geri-vortex-hareketli-17f522.jpeg","datePublished":"2025-04-26T13:58:48+00:00","dateModified":"2026-01-08T23:58:34+00:00","breadcrumb":{"@id":"https:\/\/hobierotikshop.com.tr\/website1\/erotik-shop-urun\/usb-sarjli-ileri-geri-vortex-hareketli-sesli-teknolojik-masturbator\/#breadcrumb"},"inLanguage":"tr","potentialAction":[{"@type":"ReadAction","target":["https:\/\/hobierotikshop.com.tr\/website1\/erotik-shop-urun\/usb-sarjli-ileri-geri-vortex-hareketli-sesli-teknolojik-masturbator\/"]}]},{"@type":"ImageObject","inLanguage":"tr","@id":"https:\/\/hobierotikshop.com.tr\/website1\/erotik-shop-urun\/usb-sarjli-ileri-geri-vortex-hareketli-sesli-teknolojik-masturbator\/#primaryimage","url":"https:\/\/haremerotikshop.com\/site\/wp-content\/uploads\/2025\/04\/usb-sarjli-ileri-geri-vortex-hareketli-17f522.jpeg","contentUrl":"https:\/\/haremerotikshop.com\/site\/wp-content\/uploads\/2025\/04\/usb-sarjli-ileri-geri-vortex-hareketli-17f522.jpeg","width":455,"height":455},{"@type":"BreadcrumbList","@id":"https:\/\/hobierotikshop.com.tr\/website1\/erotik-shop-urun\/usb-sarjli-ileri-geri-vortex-hareketli-sesli-teknolojik-masturbator\/#breadcrumb","itemListElement":[{"@type":"ListItem","position":1,"name":"Anasayfa","item":"https:\/\/hobierotikshop.com.tr\/website1\/"},{"@type":"ListItem","position":2,"name":"Erotik Shop \u00dcr\u00fcnleri","item":"https:\/\/hobierotikshop.com.tr\/website1\/shop\/"},{"@type":"ListItem","position":3,"name":"Usb \u015earjl\u0131 I\u0307leri Geri &Amp; Vortex Hareketli Sesli Teknolojik Mast\u00fcrbat\u00f6r"}]},{"@type":"WebSite","@id":"https:\/\/bursashop.com\/web\/#website","url":"https:\/\/bursashop.com\/web\/","name":"Bursa Erotik Shop","description":"Bursa Erotik Shop ile g\u00fcvenli, gizli ve kaliteli yeti\u015fkin \u00fcr\u00fcnleri al\u0131\u015fveri\u015fi! Geni\u015f \u00fcr\u00fcn yelpazemizi ke\u015ffedin, hemen sipari\u015f verin","publisher":{"@id":"https:\/\/bursashop.com\/web\/#organization"},"alternateName":"Erotik Shop","potentialAction":[{"@type":"SearchAction","target":{"@type":"EntryPoint","urlTemplate":"https:\/\/bursashop.com\/web\/?s={search_term_string}"},"query-input":{"@type":"PropertyValueSpecification","valueRequired":true,"valueName":"search_term_string"}}],"inLanguage":"tr"},{"@type":"Organization","@id":"https:\/\/bursashop.com\/web\/#organization","name":"Harem Bursa Erotik Shop","url":"https:\/\/bursashop.com\/web\/","logo":{"@type":"ImageObject","inLanguage":"tr","@id":"https:\/\/bursashop.com\/web\/#\/schema\/logo\/image\/","url":"https:\/\/haremerotikshop.com\/site\/wp-content\/uploads\/2025\/03\/haremsexshop.png","contentUrl":"https:\/\/haremerotikshop.com\/site\/wp-content\/uploads\/2025\/03\/haremsexshop.png","width":400,"height":100,"caption":"Harem Bursa Erotik Shop"},"image":{"@id":"https:\/\/bursashop.com\/web\/#\/schema\/logo\/image\/"},"sameAs":["https:\/\/x.com\/shopbursa"],"publishingPrinciples":"https:\/\/hobierotikshop.com.tr\/website1\/mesafeli-satis-sozlesmesi\/","ownershipFundingInfo":"https:\/\/hobierotikshop.com.tr\/website1\/contact-us\/","actionableFeedbackPolicy":"https:\/\/hobierotikshop.com.tr\/website1\/contact-us\/","correctionsPolicy":"https:\/\/hobierotikshop.com.tr\/website1\/mesafeli-satis-sozlesmesi\/"}]},"product_price_amount":"7000.00","product_price_currency":"TRY","og_availability":"instock","product_availability":"instock","product_retailer_item_id":"BDM1545","product_condition":"new"},"_links":{"self":[{"href":"https:\/\/haremerotikshop.com\/site\/wp-json\/wp\/v2\/product\/44395","targetHints":{"allow":["GET"]}}],"collection":[{"href":"https:\/\/haremerotikshop.com\/site\/wp-json\/wp\/v2\/product"}],"about":[{"href":"https:\/\/haremerotikshop.com\/site\/wp-json\/wp\/v2\/types\/product"}],"replies":[{"embeddable":true,"href":"https:\/\/haremerotikshop.com\/site\/wp-json\/wp\/v2\/comments?post=44395"}],"version-history":[{"count":0,"href":"https:\/\/haremerotikshop.com\/site\/wp-json\/wp\/v2\/product\/44395\/revisions"}],"wp:featuredmedia":[{"embeddable":true,"href":"https:\/\/haremerotikshop.com\/site\/wp-json\/wp\/v2\/media\/44397"}],"wp:attachment":[{"href":"https:\/\/haremerotikshop.com\/site\/wp-json\/wp\/v2\/media?parent=44395"}],"wp:term":[{"taxonomy":"product_brand","embeddable":true,"href":"https:\/\/haremerotikshop.com\/site\/wp-json\/wp\/v2\/product_brand?post=44395"},{"taxonomy":"product_cat","embeddable":true,"href":"https:\/\/haremerotikshop.com\/site\/wp-json\/wp\/v2\/product_cat?post=44395"},{"taxonomy":"product_tag","embeddable":true,"href":"https:\/\/haremerotikshop.com\/site\/wp-json\/wp\/v2\/product_tag?post=44395"}],"curies":[{"name":"wp","href":"https:\/\/api.w.org\/{rel}","templated":true}]}}