{"id":44451,"date":"2025-04-26T16:59:58","date_gmt":"2025-04-26T13:59:58","guid":{"rendered":"https:\/\/haremerotikshop.com\/site\/erotik-shop-urun\/usb-sarjli-10-emme-11-titresim-fonksiyonlu-teknolojik-vibrator\/"},"modified":"2026-01-09T02:58:30","modified_gmt":"2026-01-08T23:58:30","slug":"usb-sarjli-10-emme-11-titresim-fonksiyonlu-teknolojik-vibrator","status":"publish","type":"product","link":"https:\/\/haremerotikshop.com\/site\/erotik-shop-urun\/usb-sarjli-10-emme-11-titresim-fonksiyonlu-teknolojik-vibrator\/","title":{"rendered":"Usb \u015earjl\u0131 10 Emme 11 Titre\u015fim Fonksiyonlu Teknolojik Vibrat\u00f6r"},"content":{"rendered":"<h2 class=\"\" data-start=\"160\" data-end=\"231\"><strong data-start=\"163\" data-end=\"231\">USB \u015earjl\u0131 10 Emme &amp; 11 Titre\u015fim Fonksiyonlu Teknolojik Vibrat\u00f6r<\/strong><\/h2>\n<h3 class=\"\" data-start=\"233\" data-end=\"303\">\ud83d\udc93 Hassas Dokunu\u015flarla Zirvede Tatmin: Emme ve Titre\u015fim Bir Arada!<\/h3>\n<p class=\"\" data-start=\"305\" data-end=\"605\">Cinsel konfor ve haz arayanlar i\u00e7in tasarlanan <strong data-start=\"352\" data-end=\"386\">USB \u015earjl\u0131 Teknolojik Vibrat\u00f6r<\/strong>, 10 farkl\u0131 <strong data-start=\"398\" data-end=\"417\">emme fonksiyonu<\/strong> ve 11 a\u015famal\u0131 <strong data-start=\"432\" data-end=\"449\">titre\u015fim modu<\/strong> ile vajinal uyar\u0131m\u0131 yepyeni bir seviyeye ta\u015f\u0131yor. Kompakt ve ergonomik yap\u0131s\u0131yla hem solo kullan\u0131mlarda hem de partnerli seanslarda e\u015fsiz deneyimler sunar.<\/p>\n<hr class=\"\" data-start=\"607\" data-end=\"610\" \/>\n<h3 class=\"\" data-start=\"612\" data-end=\"639\">\ud83c\udf1f <strong data-start=\"619\" data-end=\"639\">\u00dcr\u00fcn \u00d6zellikleri<\/strong><\/h3>\n<ul data-start=\"641\" data-end=\"1166\">\n<li class=\"\" data-start=\"641\" data-end=\"722\">\n<p class=\"\" data-start=\"643\" data-end=\"722\">\ud83d\udd25 <strong data-start=\"646\" data-end=\"669\">10 Farkl\u0131 Emme Modu<\/strong>: Klitoris ve hassas b\u00f6lgelerde yo\u011fun uyar\u0131m sa\u011flar<\/p>\n<\/li>\n<li class=\"\" data-start=\"723\" data-end=\"813\">\n<p class=\"\" data-start=\"725\" data-end=\"813\">\ud83c\udf2a\ufe0f <strong data-start=\"729\" data-end=\"761\">11 G\u00fc\u00e7l\u00fc Titre\u015fim Fonksiyonu<\/strong>: Zevki \u00e7e\u015fitlendirerek en y\u00fcksek doyuma ula\u015ft\u0131r\u0131r<\/p>\n<\/li>\n<li class=\"\" data-start=\"814\" data-end=\"889\">\n<p class=\"\" data-start=\"816\" data-end=\"889\">\ud83d\udd04 <strong data-start=\"819\" data-end=\"848\">Manyetik USB \u015earj Sistemi<\/strong>: Pratik ve kablosuz kullan\u0131m kolayl\u0131\u011f\u0131<\/p>\n<\/li>\n<li class=\"\" data-start=\"890\" data-end=\"958\">\n<p class=\"\" data-start=\"892\" data-end=\"958\">\ud83d\udca7 <strong data-start=\"895\" data-end=\"918\">Su Ge\u00e7irmez Tasar\u0131m<\/strong>: Banyoda ya da du\u015fta keyifli kullan\u0131m<\/p>\n<\/li>\n<li class=\"\" data-start=\"959\" data-end=\"1013\">\n<p class=\"\" data-start=\"961\" data-end=\"1013\">\u270b <strong data-start=\"963\" data-end=\"981\">Ergonomik Yap\u0131<\/strong>: Elde kaymadan rahat kullan\u0131m<\/p>\n<\/li>\n<li class=\"\" data-start=\"1014\" data-end=\"1093\">\n<p class=\"\" data-start=\"1016\" data-end=\"1093\">\ud83e\uddf4 <strong data-start=\"1019\" data-end=\"1041\">Cilt Dostu Malzeme<\/strong>: Hipoalerjenik, yumu\u015fak ve sa\u011fl\u0131kl\u0131 silikon y\u00fczey<\/p>\n<\/li>\n<li class=\"\" data-start=\"1094\" data-end=\"1166\">\n<p class=\"\" data-start=\"1096\" data-end=\"1166\">\ud83e\uddfc <strong data-start=\"1099\" data-end=\"1117\">Kolay Temizlik<\/strong>: Il\u0131k su ile kolayca hijyenik hale getirilebilir<\/p>\n<\/li>\n<\/ul>\n<hr class=\"\" data-start=\"1168\" data-end=\"1171\" \/>\n<h3 class=\"\" data-start=\"1173\" data-end=\"1199\">\ud83d\udccf <strong data-start=\"1180\" data-end=\"1199\">Teknik Detaylar<\/strong><\/h3>\n<ul data-start=\"1201\" data-end=\"1456\">\n<li class=\"\" data-start=\"1201\" data-end=\"1231\">\n<p class=\"\" data-start=\"1203\" data-end=\"1231\"><strong data-start=\"1203\" data-end=\"1220\">\u00dcr\u00fcn Uzunlu\u011fu<\/strong>: 12,4 cm<\/p>\n<\/li>\n<li class=\"\" data-start=\"1232\" data-end=\"1256\">\n<p class=\"\" data-start=\"1234\" data-end=\"1256\"><strong data-start=\"1234\" data-end=\"1246\">Geni\u015flik<\/strong>: 4,4 cm<\/p>\n<\/li>\n<li class=\"\" data-start=\"1257\" data-end=\"1287\">\n<p class=\"\" data-start=\"1259\" data-end=\"1287\"><strong data-start=\"1259\" data-end=\"1277\">Emme A\u011fz\u0131 \u00c7ap\u0131<\/strong>: 2,2 cm<\/p>\n<\/li>\n<li class=\"\" data-start=\"1288\" data-end=\"1326\">\n<p class=\"\" data-start=\"1290\" data-end=\"1326\"><strong data-start=\"1290\" data-end=\"1301\">Malzeme<\/strong>: Medikal Silikon + ABS<\/p>\n<\/li>\n<li class=\"\" data-start=\"1327\" data-end=\"1392\">\n<p class=\"\" data-start=\"1329\" data-end=\"1392\"><strong data-start=\"1329\" data-end=\"1342\">\u015earj T\u00fcr\u00fc<\/strong>: USB manyetik kablo ile yeniden \u015farj edilebilir<\/p>\n<\/li>\n<li class=\"\" data-start=\"1393\" data-end=\"1456\">\n<p class=\"\" data-start=\"1395\" data-end=\"1456\"><strong data-start=\"1395\" data-end=\"1413\">Kullan\u0131m Alan\u0131<\/strong>: Klitoris, vajina \u00e7evresi, erojen b\u00f6lgeler<\/p>\n<\/li>\n<\/ul>\n<hr class=\"\" data-start=\"1458\" data-end=\"1461\" \/>\n<h3 class=\"\" data-start=\"1463\" data-end=\"1499\">\ud83d\udc96 <strong data-start=\"1470\" data-end=\"1499\">Neden Tercih Etmelisiniz?<\/strong><\/h3>\n<ul data-start=\"1501\" data-end=\"1761\">\n<li class=\"\" data-start=\"1501\" data-end=\"1543\">\n<p class=\"\" data-start=\"1503\" data-end=\"1543\">\u2705 Klitorisi emerek uyaran \u00f6zel tasar\u0131m<\/p>\n<\/li>\n<li class=\"\" data-start=\"1544\" data-end=\"1606\">\n<p class=\"\" data-start=\"1546\" data-end=\"1606\">\u2705 Titre\u015fimle birlikte \u00e7ift etki sa\u011flayan y\u00fcksek performans<\/p>\n<\/li>\n<li class=\"\" data-start=\"1607\" data-end=\"1651\">\n<p class=\"\" data-start=\"1609\" data-end=\"1651\">\u2705 Kolay ta\u015f\u0131nabilir boyut, seyahat dostu<\/p>\n<\/li>\n<li class=\"\" data-start=\"1652\" data-end=\"1704\">\n<p class=\"\" data-start=\"1654\" data-end=\"1704\">\u2705 Tamamen sessiz motor yap\u0131s\u0131 ile gizli kullan\u0131m<\/p>\n<\/li>\n<li class=\"\" data-start=\"1705\" data-end=\"1761\">\n<p class=\"\" data-start=\"1707\" data-end=\"1761\">\u2705 T\u00fcm cinsel y\u00f6nelimlere ve deneyim seviyelerine uygun<\/p>\n<\/li>\n<\/ul>\n<hr class=\"\" data-start=\"1763\" data-end=\"1766\" \/>\n<h3 class=\"\" data-start=\"1768\" data-end=\"1818\">\ud83d\udecd\ufe0f <strong data-start=\"1776\" data-end=\"1818\">Gizlilik ve G\u00fcvenlik Bizim \u00d6nceli\u011fimiz<\/strong><\/h3>\n<ul data-start=\"1820\" data-end=\"1978\">\n<li class=\"\" data-start=\"1820\" data-end=\"1872\">\n<p class=\"\" data-start=\"1822\" data-end=\"1872\">\ud83d\udce6 \u00dcr\u00fcn, anla\u015f\u0131lmayacak \u015fekilde gizli paketlenir<\/p>\n<\/li>\n<li class=\"\" data-start=\"1873\" data-end=\"1921\">\n<p class=\"\" data-start=\"1875\" data-end=\"1921\">\ud83d\udd10 Gizli kargo &amp; firma g\u00fcvencesiyle g\u00f6nderim<\/p>\n<\/li>\n<li class=\"\" data-start=\"1922\" data-end=\"1978\">\n<p class=\"\" data-start=\"1924\" data-end=\"1978\">\ud83c\udfaf Sipari\u015ften teslimata kadar %100 m\u00fc\u015fteri memnuniyeti<\/p>\n<\/li>\n<\/ul>\n<hr class=\"\" data-start=\"1980\" data-end=\"1983\" \/>\n<h3 class=\"\" data-start=\"1985\" data-end=\"2025\">\ud83d\udcb3 <strong data-start=\"1992\" data-end=\"2025\">\u00d6deme ve Teslimat Se\u00e7enekleri<\/strong><\/h3>\n<ul data-start=\"2027\" data-end=\"2225\">\n<li class=\"\" data-start=\"2027\" data-end=\"2071\">\n<p class=\"\" data-start=\"2029\" data-end=\"2071\">\ud83d\udcb0 Kap\u0131da \u00f6deme (Nakit veya Kredi Kart\u0131)<\/p>\n<\/li>\n<li class=\"\" data-start=\"2072\" data-end=\"2121\">\n<p class=\"\" data-start=\"2074\" data-end=\"2121\">\ud83e\uddfe Online \u00f6deme ve banka havalesi ile sipari\u015f<\/p>\n<\/li>\n<li class=\"\" data-start=\"2122\" data-end=\"2164\">\n<p class=\"\" data-start=\"2124\" data-end=\"2164\">\ud83d\ude9a H\u0131zl\u0131 ve g\u00fcvenli kargo ile teslimat<\/p>\n<\/li>\n<li class=\"\" data-start=\"2165\" data-end=\"2225\">\n<p class=\"\" data-start=\"2167\" data-end=\"2225\">\ud83d\udccd Dilerseniz adresinize, dilerseniz kargo \u015fubesine teslim<\/p>\n<\/li>\n<\/ul>\n<hr class=\"\" data-start=\"2227\" data-end=\"2230\" \/>\n<h2 class=\"\" data-start=\"2232\" data-end=\"2284\">\ud83d\ude80 \u015eimdi Deneyin, Yeni Bir Haz Seviyesine Ula\u015f\u0131n!<\/h2>\n<p class=\"\" data-start=\"2286\" data-end=\"2504\"><strong data-start=\"2286\" data-end=\"2333\">USB \u015earjl\u0131 10 Emme &amp; 11 Titre\u015fimli Vibrat\u00f6r<\/strong>, cinselli\u011fe konfor, heyecan ve teknolojik yenilik katmak isteyenler i\u00e7in ideal bir tercihtir. Sipari\u015f verin, gizli paketle g\u00fcvenli teslimat avantaj\u0131ndan hemen yararlan\u0131n!<\/p>\n<p>&nbsp;<\/p>\n<p>&nbsp;<\/p>\n<p><a href=\"http:\/\/api.whatsapp.com\/send?phone=905304676616&amp;text=Sipari%C5%9F%20Vermek%20%C4%B0stiyorum%20haremshop%20BDM1553\"><img fetchpriority=\"high\" decoding=\"async\" class=\"alignnone\" src=\"https:\/\/static.ticimax.cloud\/32886\/uploads\/editoruploads\/whatsapp-destek-hatti.gif\" alt=\"\" width=\"750\" height=\"117\" \/><\/a><\/p>\n","protected":false},"excerpt":{"rendered":"<p>Cinsel konfor ve haz arayanlar i\u00e7in tasarlanan <strong data-start=\"352\" data-end=\"386\">USB \u015earjl\u0131 Teknolojik Vibrat\u00f6r<\/strong>, 10 farkl\u0131 <strong data-start=\"398\" data-end=\"417\">emme fonksiyonu<\/strong> ve 11 a\u015famal\u0131 <strong data-start=\"432\" data-end=\"449\">titre\u015fim modu<\/strong> ile vajinal uyar\u0131m\u0131 yepyeni bir seviyeye ta\u015f\u0131yor. Kompakt ve ergonomik yap\u0131s\u0131yla hem solo kullan\u0131mlarda hem de partnerli seanslarda e\u015fsiz deneyimler sunar.<\/p>\n","protected":false},"featured_media":44453,"comment_status":"closed","ping_status":"closed","template":"","meta":[],"product_brand":[],"product_cat":[496],"product_tag":[],"class_list":{"0":"post-44451","1":"product","2":"type-product","3":"status-publish","4":"has-post-thumbnail","6":"product_cat-vibrator-cesitleri","8":"first","9":"instock","10":"purchasable","11":"product-type-simple"},"yoast_head":"<!-- This site is optimized with the Yoast SEO Premium plugin v24.4 (Yoast SEO v27.1.1) - https:\/\/yoast.com\/product\/yoast-seo-premium-wordpress\/ -->\n<title>Usb \u015earjl\u0131 10 Emme 11 Titre\u015fim Fonksiyonlu Teknolojik Vibrat\u00f6r - Bursa Erotik Shop<\/title>\n<meta name=\"robots\" content=\"index, follow, max-snippet:-1, max-image-preview:large, max-video-preview:-1\" \/>\n<link rel=\"canonical\" href=\"https:\/\/hobierotikshop.com.tr\/website1\/erotik-shop-urun\/usb-sarjli-10-emme-11-titresim-fonksiyonlu-teknolojik-vibrator\/\" \/>\n<meta property=\"og:locale\" content=\"tr_TR\" \/>\n<meta property=\"og:type\" content=\"article\" \/>\n<meta property=\"og:title\" content=\"Usb \u015earjl\u0131 10 Emme 11 Titre\u015fim Fonksiyonlu Teknolojik Vibrat\u00f6r\" \/>\n<meta property=\"og:description\" content=\"Cinsel konfor ve haz arayanlar i\u00e7in tasarlanan USB \u015earjl\u0131 Teknolojik Vibrat\u00f6r, 10 farkl\u0131 emme fonksiyonu ve 11 a\u015famal\u0131 titre\u015fim modu ile vajinal uyar\u0131m\u0131 yepyeni bir seviyeye ta\u015f\u0131yor. Kompakt ve ergonomik yap\u0131s\u0131yla hem solo kullan\u0131mlarda hem de partnerli seanslarda e\u015fsiz deneyimler sunar.\" \/>\n<meta property=\"og:url\" content=\"https:\/\/hobierotikshop.com.tr\/website1\/erotik-shop-urun\/usb-sarjli-10-emme-11-titresim-fonksiyonlu-teknolojik-vibrator\/\" \/>\n<meta property=\"og:site_name\" content=\"Bursa Erotik Shop\" \/>\n<meta property=\"article:modified_time\" content=\"2026-01-08T23:58:30+00:00\" \/>\n<meta property=\"og:image\" content=\"https:\/\/hobierotikshop.com.tr\/website1\/wp-content\/uploads\/2025\/04\/usb-sarjli-10-emme-11-titresim-fonksiy-7b-475.jpg\" \/>\n\t<meta property=\"og:image:width\" content=\"455\" \/>\n\t<meta property=\"og:image:height\" content=\"455\" \/>\n\t<meta property=\"og:image:type\" content=\"image\/jpeg\" \/>\n<meta name=\"twitter:card\" content=\"summary_large_image\" \/>\n<meta name=\"twitter:site\" content=\"@shopbursa\" \/>\n<meta name=\"twitter:label1\" content=\"Fiyat\" \/>\n\t<meta name=\"twitter:data1\" content=\"&#8378;12.000,00\" \/>\n\t<meta name=\"twitter:label2\" content=\"Availability\" \/>\n\t<meta name=\"twitter:data2\" content=\"In stock\" \/>\n<script type=\"application\/ld+json\" class=\"yoast-schema-graph\">{\"@context\":\"https:\/\/schema.org\",\"@graph\":[{\"@type\":\"WebPage\",\"@id\":\"https:\/\/hobierotikshop.com.tr\/website1\/erotik-shop-urun\/usb-sarjli-10-emme-11-titresim-fonksiyonlu-teknolojik-vibrator\/\",\"url\":\"https:\/\/hobierotikshop.com.tr\/website1\/erotik-shop-urun\/usb-sarjli-10-emme-11-titresim-fonksiyonlu-teknolojik-vibrator\/\",\"name\":\"Usb \u015earjl\u0131 10 Emme 11 Titre\u015fim Fonksiyonlu Teknolojik Vibrat\u00f6r - Bursa Erotik Shop\",\"isPartOf\":{\"@id\":\"https:\/\/hobierotikshop.com.tr\/website1\/#website\"},\"primaryImageOfPage\":{\"@id\":\"https:\/\/hobierotikshop.com.tr\/website1\/erotik-shop-urun\/usb-sarjli-10-emme-11-titresim-fonksiyonlu-teknolojik-vibrator\/#primaryimage\"},\"image\":{\"@id\":\"https:\/\/hobierotikshop.com.tr\/website1\/erotik-shop-urun\/usb-sarjli-10-emme-11-titresim-fonksiyonlu-teknolojik-vibrator\/#primaryimage\"},\"thumbnailUrl\":\"https:\/\/haremerotikshop.com\/site\/wp-content\/uploads\/2025\/04\/usb-sarjli-10-emme-11-titresim-fonksiy-7b-475.jpg\",\"datePublished\":\"2025-04-26T13:59:58+00:00\",\"dateModified\":\"2026-01-08T23:58:30+00:00\",\"breadcrumb\":{\"@id\":\"https:\/\/hobierotikshop.com.tr\/website1\/erotik-shop-urun\/usb-sarjli-10-emme-11-titresim-fonksiyonlu-teknolojik-vibrator\/#breadcrumb\"},\"inLanguage\":\"tr\",\"potentialAction\":[{\"@type\":\"ReadAction\",\"target\":[\"https:\/\/hobierotikshop.com.tr\/website1\/erotik-shop-urun\/usb-sarjli-10-emme-11-titresim-fonksiyonlu-teknolojik-vibrator\/\"]}]},{\"@type\":\"ImageObject\",\"inLanguage\":\"tr\",\"@id\":\"https:\/\/hobierotikshop.com.tr\/website1\/erotik-shop-urun\/usb-sarjli-10-emme-11-titresim-fonksiyonlu-teknolojik-vibrator\/#primaryimage\",\"url\":\"https:\/\/haremerotikshop.com\/site\/wp-content\/uploads\/2025\/04\/usb-sarjli-10-emme-11-titresim-fonksiy-7b-475.jpg\",\"contentUrl\":\"https:\/\/haremerotikshop.com\/site\/wp-content\/uploads\/2025\/04\/usb-sarjli-10-emme-11-titresim-fonksiy-7b-475.jpg\",\"width\":455,\"height\":455},{\"@type\":\"BreadcrumbList\",\"@id\":\"https:\/\/hobierotikshop.com.tr\/website1\/erotik-shop-urun\/usb-sarjli-10-emme-11-titresim-fonksiyonlu-teknolojik-vibrator\/#breadcrumb\",\"itemListElement\":[{\"@type\":\"ListItem\",\"position\":1,\"name\":\"Anasayfa\",\"item\":\"https:\/\/hobierotikshop.com.tr\/website1\/\"},{\"@type\":\"ListItem\",\"position\":2,\"name\":\"Erotik Shop \u00dcr\u00fcnleri\",\"item\":\"https:\/\/hobierotikshop.com.tr\/website1\/shop\/\"},{\"@type\":\"ListItem\",\"position\":3,\"name\":\"Usb \u015earjl\u0131 10 Emme 11 Titre\u015fim Fonksiyonlu Teknolojik Vibrat\u00f6r\"}]},{\"@type\":\"WebSite\",\"@id\":\"https:\/\/hobierotikshop.com.tr\/website1\/#website\",\"url\":\"https:\/\/hobierotikshop.com.tr\/website1\/\",\"name\":\"Bursa Erotik Shop\",\"description\":\"Bursa Erotik Shop ile g\u00fcvenli, gizli ve kaliteli yeti\u015fkin \u00fcr\u00fcnleri al\u0131\u015fveri\u015fi! Geni\u015f \u00fcr\u00fcn yelpazemizi ke\u015ffedin, hemen sipari\u015f verin\",\"publisher\":{\"@id\":\"https:\/\/hobierotikshop.com.tr\/website1\/#organization\"},\"alternateName\":\"Erotik Shop\",\"potentialAction\":[{\"@type\":\"SearchAction\",\"target\":{\"@type\":\"EntryPoint\",\"urlTemplate\":\"https:\/\/hobierotikshop.com.tr\/website1\/?s={search_term_string}\"},\"query-input\":{\"@type\":\"PropertyValueSpecification\",\"valueRequired\":true,\"valueName\":\"search_term_string\"}}],\"inLanguage\":\"tr\"},{\"@type\":\"Organization\",\"@id\":\"https:\/\/hobierotikshop.com.tr\/website1\/#organization\",\"name\":\"Harem Bursa Erotik Shop\",\"url\":\"https:\/\/hobierotikshop.com.tr\/website1\/\",\"logo\":{\"@type\":\"ImageObject\",\"inLanguage\":\"tr\",\"@id\":\"https:\/\/hobierotikshop.com.tr\/website1\/#\/schema\/logo\/image\/\",\"url\":\"https:\/\/haremerotikshop.com\/site\/wp-content\/uploads\/2025\/03\/haremsexshop.png\",\"contentUrl\":\"https:\/\/haremerotikshop.com\/site\/wp-content\/uploads\/2025\/03\/haremsexshop.png\",\"width\":400,\"height\":100,\"caption\":\"Harem Bursa Erotik Shop\"},\"image\":{\"@id\":\"https:\/\/hobierotikshop.com.tr\/website1\/#\/schema\/logo\/image\/\"},\"sameAs\":[\"https:\/\/x.com\/shopbursa\"],\"publishingPrinciples\":\"https:\/\/hobierotikshop.com.tr\/website1\/mesafeli-satis-sozlesmesi\/\",\"ownershipFundingInfo\":\"https:\/\/hobierotikshop.com.tr\/website1\/contact-us\/\",\"actionableFeedbackPolicy\":\"https:\/\/hobierotikshop.com.tr\/website1\/contact-us\/\",\"correctionsPolicy\":\"https:\/\/hobierotikshop.com.tr\/website1\/mesafeli-satis-sozlesmesi\/\"}]}<\/script>\n<meta property=\"product:price:amount\" content=\"12000.00\" \/>\n<meta property=\"product:price:currency\" content=\"TRY\" \/>\n<meta property=\"og:availability\" content=\"instock\" \/>\n<meta property=\"product:availability\" content=\"instock\" \/>\n<meta property=\"product:retailer_item_id\" content=\"BDM1553\" \/>\n<meta property=\"product:condition\" content=\"new\" \/>\n<!-- \/ Yoast SEO Premium plugin. -->","yoast_head_json":{"title":"Usb \u015earjl\u0131 10 Emme 11 Titre\u015fim Fonksiyonlu Teknolojik Vibrat\u00f6r - Bursa Erotik Shop","robots":{"index":"index","follow":"follow","max-snippet":"max-snippet:-1","max-image-preview":"max-image-preview:large","max-video-preview":"max-video-preview:-1"},"canonical":"https:\/\/hobierotikshop.com.tr\/website1\/erotik-shop-urun\/usb-sarjli-10-emme-11-titresim-fonksiyonlu-teknolojik-vibrator\/","og_locale":"tr_TR","og_type":"article","og_title":"Usb \u015earjl\u0131 10 Emme 11 Titre\u015fim Fonksiyonlu Teknolojik Vibrat\u00f6r","og_description":"Cinsel konfor ve haz arayanlar i\u00e7in tasarlanan USB \u015earjl\u0131 Teknolojik Vibrat\u00f6r, 10 farkl\u0131 emme fonksiyonu ve 11 a\u015famal\u0131 titre\u015fim modu ile vajinal uyar\u0131m\u0131 yepyeni bir seviyeye ta\u015f\u0131yor. Kompakt ve ergonomik yap\u0131s\u0131yla hem solo kullan\u0131mlarda hem de partnerli seanslarda e\u015fsiz deneyimler sunar.","og_url":"https:\/\/hobierotikshop.com.tr\/website1\/erotik-shop-urun\/usb-sarjli-10-emme-11-titresim-fonksiyonlu-teknolojik-vibrator\/","og_site_name":"Bursa Erotik Shop","article_modified_time":"2026-01-08T23:58:30+00:00","og_image":[{"width":455,"height":455,"url":"https:\/\/hobierotikshop.com.tr\/website1\/wp-content\/uploads\/2025\/04\/usb-sarjli-10-emme-11-titresim-fonksiy-7b-475.jpg","type":"image\/jpeg"}],"twitter_card":"summary_large_image","twitter_site":"@shopbursa","twitter_misc":{"Fiyat":"&#8378;12.000,00","Availability":"In stock"},"schema":{"@context":"https:\/\/schema.org","@graph":[{"@type":"WebPage","@id":"https:\/\/hobierotikshop.com.tr\/website1\/erotik-shop-urun\/usb-sarjli-10-emme-11-titresim-fonksiyonlu-teknolojik-vibrator\/","url":"https:\/\/hobierotikshop.com.tr\/website1\/erotik-shop-urun\/usb-sarjli-10-emme-11-titresim-fonksiyonlu-teknolojik-vibrator\/","name":"Usb \u015earjl\u0131 10 Emme 11 Titre\u015fim Fonksiyonlu Teknolojik Vibrat\u00f6r - Bursa Erotik Shop","isPartOf":{"@id":"https:\/\/hobierotikshop.com.tr\/website1\/#website"},"primaryImageOfPage":{"@id":"https:\/\/hobierotikshop.com.tr\/website1\/erotik-shop-urun\/usb-sarjli-10-emme-11-titresim-fonksiyonlu-teknolojik-vibrator\/#primaryimage"},"image":{"@id":"https:\/\/hobierotikshop.com.tr\/website1\/erotik-shop-urun\/usb-sarjli-10-emme-11-titresim-fonksiyonlu-teknolojik-vibrator\/#primaryimage"},"thumbnailUrl":"https:\/\/haremerotikshop.com\/site\/wp-content\/uploads\/2025\/04\/usb-sarjli-10-emme-11-titresim-fonksiy-7b-475.jpg","datePublished":"2025-04-26T13:59:58+00:00","dateModified":"2026-01-08T23:58:30+00:00","breadcrumb":{"@id":"https:\/\/hobierotikshop.com.tr\/website1\/erotik-shop-urun\/usb-sarjli-10-emme-11-titresim-fonksiyonlu-teknolojik-vibrator\/#breadcrumb"},"inLanguage":"tr","potentialAction":[{"@type":"ReadAction","target":["https:\/\/hobierotikshop.com.tr\/website1\/erotik-shop-urun\/usb-sarjli-10-emme-11-titresim-fonksiyonlu-teknolojik-vibrator\/"]}]},{"@type":"ImageObject","inLanguage":"tr","@id":"https:\/\/hobierotikshop.com.tr\/website1\/erotik-shop-urun\/usb-sarjli-10-emme-11-titresim-fonksiyonlu-teknolojik-vibrator\/#primaryimage","url":"https:\/\/haremerotikshop.com\/site\/wp-content\/uploads\/2025\/04\/usb-sarjli-10-emme-11-titresim-fonksiy-7b-475.jpg","contentUrl":"https:\/\/haremerotikshop.com\/site\/wp-content\/uploads\/2025\/04\/usb-sarjli-10-emme-11-titresim-fonksiy-7b-475.jpg","width":455,"height":455},{"@type":"BreadcrumbList","@id":"https:\/\/hobierotikshop.com.tr\/website1\/erotik-shop-urun\/usb-sarjli-10-emme-11-titresim-fonksiyonlu-teknolojik-vibrator\/#breadcrumb","itemListElement":[{"@type":"ListItem","position":1,"name":"Anasayfa","item":"https:\/\/hobierotikshop.com.tr\/website1\/"},{"@type":"ListItem","position":2,"name":"Erotik Shop \u00dcr\u00fcnleri","item":"https:\/\/hobierotikshop.com.tr\/website1\/shop\/"},{"@type":"ListItem","position":3,"name":"Usb \u015earjl\u0131 10 Emme 11 Titre\u015fim Fonksiyonlu Teknolojik Vibrat\u00f6r"}]},{"@type":"WebSite","@id":"https:\/\/hobierotikshop.com.tr\/website1\/#website","url":"https:\/\/hobierotikshop.com.tr\/website1\/","name":"Bursa Erotik Shop","description":"Bursa Erotik Shop ile g\u00fcvenli, gizli ve kaliteli yeti\u015fkin \u00fcr\u00fcnleri al\u0131\u015fveri\u015fi! Geni\u015f \u00fcr\u00fcn yelpazemizi ke\u015ffedin, hemen sipari\u015f verin","publisher":{"@id":"https:\/\/hobierotikshop.com.tr\/website1\/#organization"},"alternateName":"Erotik Shop","potentialAction":[{"@type":"SearchAction","target":{"@type":"EntryPoint","urlTemplate":"https:\/\/hobierotikshop.com.tr\/website1\/?s={search_term_string}"},"query-input":{"@type":"PropertyValueSpecification","valueRequired":true,"valueName":"search_term_string"}}],"inLanguage":"tr"},{"@type":"Organization","@id":"https:\/\/hobierotikshop.com.tr\/website1\/#organization","name":"Harem Bursa Erotik Shop","url":"https:\/\/hobierotikshop.com.tr\/website1\/","logo":{"@type":"ImageObject","inLanguage":"tr","@id":"https:\/\/hobierotikshop.com.tr\/website1\/#\/schema\/logo\/image\/","url":"https:\/\/haremerotikshop.com\/site\/wp-content\/uploads\/2025\/03\/haremsexshop.png","contentUrl":"https:\/\/haremerotikshop.com\/site\/wp-content\/uploads\/2025\/03\/haremsexshop.png","width":400,"height":100,"caption":"Harem Bursa Erotik Shop"},"image":{"@id":"https:\/\/hobierotikshop.com.tr\/website1\/#\/schema\/logo\/image\/"},"sameAs":["https:\/\/x.com\/shopbursa"],"publishingPrinciples":"https:\/\/hobierotikshop.com.tr\/website1\/mesafeli-satis-sozlesmesi\/","ownershipFundingInfo":"https:\/\/hobierotikshop.com.tr\/website1\/contact-us\/","actionableFeedbackPolicy":"https:\/\/hobierotikshop.com.tr\/website1\/contact-us\/","correctionsPolicy":"https:\/\/hobierotikshop.com.tr\/website1\/mesafeli-satis-sozlesmesi\/"}]},"product_price_amount":"12000.00","product_price_currency":"TRY","og_availability":"instock","product_availability":"instock","product_retailer_item_id":"BDM1553","product_condition":"new"},"_links":{"self":[{"href":"https:\/\/haremerotikshop.com\/site\/wp-json\/wp\/v2\/product\/44451","targetHints":{"allow":["GET"]}}],"collection":[{"href":"https:\/\/haremerotikshop.com\/site\/wp-json\/wp\/v2\/product"}],"about":[{"href":"https:\/\/haremerotikshop.com\/site\/wp-json\/wp\/v2\/types\/product"}],"replies":[{"embeddable":true,"href":"https:\/\/haremerotikshop.com\/site\/wp-json\/wp\/v2\/comments?post=44451"}],"version-history":[{"count":0,"href":"https:\/\/haremerotikshop.com\/site\/wp-json\/wp\/v2\/product\/44451\/revisions"}],"wp:featuredmedia":[{"embeddable":true,"href":"https:\/\/haremerotikshop.com\/site\/wp-json\/wp\/v2\/media\/44453"}],"wp:attachment":[{"href":"https:\/\/haremerotikshop.com\/site\/wp-json\/wp\/v2\/media?parent=44451"}],"wp:term":[{"taxonomy":"product_brand","embeddable":true,"href":"https:\/\/haremerotikshop.com\/site\/wp-json\/wp\/v2\/product_brand?post=44451"},{"taxonomy":"product_cat","embeddable":true,"href":"https:\/\/haremerotikshop.com\/site\/wp-json\/wp\/v2\/product_cat?post=44451"},{"taxonomy":"product_tag","embeddable":true,"href":"https:\/\/haremerotikshop.com\/site\/wp-json\/wp\/v2\/product_tag?post=44451"}],"curies":[{"name":"wp","href":"https:\/\/api.w.org\/{rel}","templated":true}]}}