{"id":44548,"date":"2025-04-26T17:00:58","date_gmt":"2025-04-26T14:00:58","guid":{"rendered":"https:\/\/haremerotikshop.com\/site\/erotik-shop-urun\/fetis-fantezi-serisi-11-parca-mukemmel-set\/"},"modified":"2026-01-08T15:47:06","modified_gmt":"2026-01-08T12:47:06","slug":"fetis-fantezi-serisi-11-parca-mukemmel-set","status":"publish","type":"product","link":"https:\/\/haremerotikshop.com\/site\/erotik-shop-urun\/fetis-fantezi-serisi-11-parca-mukemmel-set\/","title":{"rendered":"Feti\u015f Fantezi Serisi 11 Par\u00e7a M\u00fckemmel Set"},"content":{"rendered":"<h2 class=\"\" data-start=\"121\" data-end=\"214\">\ud83c\udfad <strong data-start=\"127\" data-end=\"214\">Feti\u015f Fantezi Serisi 11 Par\u00e7a M\u00fckemmel Set \u2013 BDSM Tutkunlar\u0131 \u0130\u00e7in Eksiksiz Deneyim!<\/strong><\/h2>\n<p class=\"\" data-start=\"216\" data-end=\"593\">Fantezi d\u00fcnyas\u0131nda yeni bir kap\u0131 aralay\u0131n!<br data-start=\"258\" data-end=\"261\" \/><strong data-start=\"261\" data-end=\"298\">Feti\u015f Fantezi Serisi 11 Par\u00e7a Set<\/strong>, tutkulu gecelerinize derinlik katmak ve BDSM d\u00fcnyas\u0131n\u0131 g\u00fcvenli, heyecan verici bir \u015fekilde ke\u015ffetmek isteyen \u00e7iftler i\u00e7in \u00f6zel olarak tasarland\u0131. \u0130ster ba\u015flang\u0131\u00e7 seviyesinde olun, ister deneyimli bir BDSM tutkunu\u2026 Bu set, hayal g\u00fcc\u00fcn\u00fcz\u00fc serbest b\u0131rakmak i\u00e7in ihtiyac\u0131n\u0131z olan her \u015feyi sunuyor!<\/p>\n<hr class=\"\" data-start=\"595\" data-end=\"598\" \/>\n<h3 class=\"\" data-start=\"600\" data-end=\"663\">\ud83d\udd25 <strong data-start=\"607\" data-end=\"663\">Set \u0130\u00e7eri\u011fi \u2013 11 Par\u00e7a Tam Donan\u0131ml\u0131 BDSM Malzemesi:<\/strong><\/h3>\n<ul data-start=\"665\" data-end=\"1316\">\n<li class=\"\" data-start=\"665\" data-end=\"736\">\n<p class=\"\" data-start=\"667\" data-end=\"736\"><strong data-start=\"667\" data-end=\"700\">Zincirli El Kelep\u00e7esi (\u00c7ift):<\/strong> Kontrol\u00fcn sizde oldu\u011fu anlar i\u00e7in<\/p>\n<\/li>\n<li class=\"\" data-start=\"737\" data-end=\"806\">\n<p class=\"\" data-start=\"739\" data-end=\"806\"><strong data-start=\"739\" data-end=\"757\">Boyun Tasmas\u0131:<\/strong> Dominant &amp; submissive oyunlar\u0131na \u015f\u0131k bir giri\u015f<\/p>\n<\/li>\n<li class=\"\" data-start=\"807\" data-end=\"868\">\n<p class=\"\" data-start=\"809\" data-end=\"868\"><strong data-start=\"809\" data-end=\"831\">Feti\u015f Deri K\u0131rba\u00e7:<\/strong> Hafiften yo\u011funa cezaland\u0131rma hissi<\/p>\n<\/li>\n<li class=\"\" data-start=\"869\" data-end=\"930\">\n<p class=\"\" data-start=\"871\" data-end=\"930\"><strong data-start=\"871\" data-end=\"898\">El ve Ayak Ba\u011flama \u0130pi:<\/strong> S\u0131n\u0131rl\u0131 hareket, s\u0131n\u0131rs\u0131z haz<\/p>\n<\/li>\n<li class=\"\" data-start=\"931\" data-end=\"979\">\n<p class=\"\" data-start=\"933\" data-end=\"979\"><strong data-start=\"933\" data-end=\"947\">A\u011f\u0131z Topu:<\/strong> Sessiz boyun e\u011fme anlar\u0131 i\u00e7in<\/p>\n<\/li>\n<li class=\"\" data-start=\"980\" data-end=\"1029\">\n<p class=\"\" data-start=\"982\" data-end=\"1029\"><strong data-start=\"982\" data-end=\"996\">G\u00f6z Band\u0131:<\/strong> G\u00f6rmeden hissetmenin yo\u011funlu\u011fu<\/p>\n<\/li>\n<li class=\"\" data-start=\"1030\" data-end=\"1080\">\n<p class=\"\" data-start=\"1032\" data-end=\"1080\"><strong data-start=\"1032\" data-end=\"1043\">P\u00fcsk\u00fcl:<\/strong> Yumu\u015fak dokunu\u015flarla tensel uyar\u0131m<\/p>\n<\/li>\n<li class=\"\" data-start=\"1081\" data-end=\"1139\">\n<p class=\"\" data-start=\"1083\" data-end=\"1139\"><strong data-start=\"1083\" data-end=\"1108\">G\u00f6\u011f\u00fcs K\u0131skac\u0131 (\u00c7ift):<\/strong> Hassasiyetin doru\u011funa ula\u015f\u0131n<\/p>\n<\/li>\n<li class=\"\" data-start=\"1140\" data-end=\"1231\">\n<p class=\"\" data-start=\"1142\" data-end=\"1231\"><strong data-start=\"1142\" data-end=\"1195\">El-Ayak Ba\u011flama Kelep\u00e7e ve Ortak Ba\u011flant\u0131 Kemeri:<\/strong> V\u00fccut kontrol\u00fcn\u00fc tamamen devral\u0131n<\/p>\n<\/li>\n<li class=\"\" data-start=\"1232\" data-end=\"1316\">\n<p class=\"\" data-start=\"1234\" data-end=\"1316\"><strong data-start=\"1234\" data-end=\"1256\">Anal Plug (\u00c7elik):<\/strong> Giri\u015f seviyesi uyar\u0131m\u0131yla farkl\u0131 zevk alanlar\u0131n\u0131 ke\u015ffedin<\/p>\n<\/li>\n<\/ul>\n<hr class=\"\" data-start=\"1318\" data-end=\"1321\" \/>\n<h3 class=\"\" data-start=\"1323\" data-end=\"1373\">\ud83d\udca1 <strong data-start=\"1330\" data-end=\"1373\">Neden Bu Feti\u015f Seti Tercih Etmelisiniz?<\/strong><\/h3>\n<ul data-start=\"1375\" data-end=\"1721\">\n<li class=\"\" data-start=\"1375\" data-end=\"1438\">\n<p class=\"\" data-start=\"1377\" data-end=\"1438\">\u2705 BDSM d\u00fcnyas\u0131na <strong data-start=\"1394\" data-end=\"1419\">g\u00fcvenli bir ba\u015flang\u0131\u00e7<\/strong> yapman\u0131z\u0131 sa\u011flar<\/p>\n<\/li>\n<li class=\"\" data-start=\"1439\" data-end=\"1497\">\n<p class=\"\" data-start=\"1441\" data-end=\"1497\">\u2705 <strong data-start=\"1443\" data-end=\"1495\">\u00c7iftler aras\u0131nda ba\u011f kurmay\u0131 ve heyecan\u0131 art\u0131r\u0131r<\/strong><\/p>\n<\/li>\n<li class=\"\" data-start=\"1498\" data-end=\"1585\">\n<p class=\"\" data-start=\"1500\" data-end=\"1585\">\u2705 Her bir par\u00e7a <strong data-start=\"1516\" data-end=\"1559\">\u00f6zenle se\u00e7ilmi\u015f, kaliteli ve cilt dostu<\/strong> malzemeden \u00fcretilmi\u015ftir<\/p>\n<\/li>\n<li class=\"\" data-start=\"1586\" data-end=\"1646\">\n<p class=\"\" data-start=\"1588\" data-end=\"1646\">\u2705 <strong data-start=\"1590\" data-end=\"1630\">Hem acemi hem deneyimli kullan\u0131c\u0131lar<\/strong> i\u00e7in uygundur<\/p>\n<\/li>\n<li class=\"\" data-start=\"1647\" data-end=\"1721\">\n<p class=\"\" data-start=\"1649\" data-end=\"1721\">\u2705 Fantazi d\u00fcnyan\u0131z\u0131 zenginle\u015ftirecek <strong data-start=\"1686\" data-end=\"1708\">\u015f\u0131k ve profesyonel<\/strong> bir settir<\/p>\n<\/li>\n<\/ul>\n<hr class=\"\" data-start=\"1723\" data-end=\"1726\" \/>\n<h3 class=\"\" data-start=\"1728\" data-end=\"1775\">\ud83d\udce6 <strong data-start=\"1735\" data-end=\"1775\">Gizlilik ve G\u00fcvenlik \u0130lk \u00d6nceli\u011fimiz<\/strong><\/h3>\n<ul data-start=\"1777\" data-end=\"1959\">\n<li class=\"\" data-start=\"1777\" data-end=\"1839\">\n<p class=\"\" data-start=\"1779\" data-end=\"1839\"><strong data-start=\"1779\" data-end=\"1800\">%100 Gizli Kargo:<\/strong> \u0130\u00e7eri\u011fi belli olmayan sade paketleme<\/p>\n<\/li>\n<li class=\"\" data-start=\"1840\" data-end=\"1893\">\n<p class=\"\" data-start=\"1842\" data-end=\"1893\"><strong data-start=\"1842\" data-end=\"1859\">Gizli Fatura:<\/strong> \u00dcr\u00fcn i\u00e7eri\u011fi faturada yer almaz<\/p>\n<\/li>\n<li class=\"\" data-start=\"1894\" data-end=\"1959\">\n<p class=\"\" data-start=\"1896\" data-end=\"1959\"><strong data-start=\"1896\" data-end=\"1924\">Kap\u0131da \u00f6deme se\u00e7ene\u011fiyle<\/strong> g\u00f6n\u00fcl rahatl\u0131\u011f\u0131yla al\u0131\u015fveri\u015f yap\u0131n<\/p>\n<\/li>\n<\/ul>\n<hr class=\"\" data-start=\"1961\" data-end=\"1964\" \/>\n<h3 class=\"\" data-start=\"1966\" data-end=\"2020\">\ud83d\udcb3 <strong data-start=\"1973\" data-end=\"2020\">Esnek \u00d6deme Se\u00e7enekleri ile Kolay Al\u0131\u015fveri\u015f<\/strong><\/h3>\n<ul data-start=\"2022\" data-end=\"2156\">\n<li class=\"\" data-start=\"2022\" data-end=\"2069\">\n<p class=\"\" data-start=\"2024\" data-end=\"2069\">Kap\u0131da <strong data-start=\"2031\" data-end=\"2057\">nakit veya kredi kart\u0131<\/strong> ile \u00f6deme<\/p>\n<\/li>\n<li class=\"\" data-start=\"2070\" data-end=\"2109\">\n<p class=\"\" data-start=\"2072\" data-end=\"2109\"><strong data-start=\"2072\" data-end=\"2107\">Tek \u00e7ekim ve taksit se\u00e7enekleri<\/strong><\/p>\n<\/li>\n<li class=\"\" data-start=\"2110\" data-end=\"2156\">\n<p class=\"\" data-start=\"2112\" data-end=\"2156\">Banka havalesi ile alternatif \u00f6deme imk\u00e2n\u0131<\/p>\n<\/li>\n<\/ul>\n<hr class=\"\" data-start=\"2158\" data-end=\"2161\" \/>\n<h3 class=\"\" data-start=\"2163\" data-end=\"2201\">\ud83d\ude9a <strong data-start=\"2170\" data-end=\"2201\">H\u0131zl\u0131 ve G\u00fcvenilir Teslimat<\/strong><\/h3>\n<ul data-start=\"2203\" data-end=\"2364\">\n<li class=\"\" data-start=\"2203\" data-end=\"2246\">\n<p class=\"\" data-start=\"2205\" data-end=\"2246\">Sipari\u015fleriniz ayn\u0131 g\u00fcn kargoya verilir<\/p>\n<\/li>\n<li class=\"\" data-start=\"2247\" data-end=\"2291\">\n<p class=\"\" data-start=\"2249\" data-end=\"2291\">\u0130ster evinize, ister \u015fubeden teslim al\u0131n<\/p>\n<\/li>\n<li class=\"\" data-start=\"2292\" data-end=\"2364\">\n<p class=\"\" data-start=\"2294\" data-end=\"2364\"><strong data-start=\"2294\" data-end=\"2326\">%100 Orijinal \u00dcr\u00fcn Garantisi<\/strong> ve m\u00fc\u015fteri memnuniyet odakl\u0131 hizmet<\/p>\n<\/li>\n<\/ul>\n<hr class=\"\" data-start=\"2366\" data-end=\"2369\" \/>\n<h2 class=\"\" data-start=\"2371\" data-end=\"2441\">\ud83d\udda4 BDSM d\u00fcnyas\u0131na cesur bir ad\u0131m atmak i\u00e7in bu set tam size g\u00f6re!<\/h2>\n<p class=\"\" data-start=\"2442\" data-end=\"2593\"><strong data-start=\"2442\" data-end=\"2479\">Feti\u015f Fantezi Serisi 11 Par\u00e7a Set<\/strong> ile partnerinizle olan ba\u011f\u0131n\u0131z\u0131 derinle\u015ftirin, tutkunuzu \u00f6zg\u00fcr b\u0131rak\u0131n ve her seferinde yeni bir deneyim ya\u015fay\u0131n.<\/p>\n<p class=\"\" data-start=\"2595\" data-end=\"2663\">\ud83c\udf81 Hemen sipari\u015f verin, s\u0131rad\u0131\u015f\u0131 zevklere gizli kargo ile ad\u0131m at\u0131n!<\/p>\n<p>&nbsp;<\/p>\n<p>&nbsp;<\/p>\n<p><a href=\"http:\/\/api.whatsapp.com\/send?phone=905304676616&amp;text=Sipari%C5%9F%20Vermek%20%C4%B0stiyorum%20haremshop%20BDM1532\"><img fetchpriority=\"high\" decoding=\"async\" class=\"alignnone\" src=\"https:\/\/static.ticimax.cloud\/32886\/uploads\/editoruploads\/whatsapp-destek-hatti.gif\" alt=\"\" width=\"750\" height=\"117\" \/><\/a><\/p>\n","protected":false},"excerpt":{"rendered":"<p>Fantezi d\u00fcnyas\u0131nda yeni bir kap\u0131 aralay\u0131n!<br data-start=\"258\" data-end=\"261\" \/><strong data-start=\"261\" data-end=\"298\">Feti\u015f Fantezi Serisi 11 Par\u00e7a Set<\/strong>, tutkulu gecelerinize derinlik katmak ve BDSM d\u00fcnyas\u0131n\u0131 g\u00fcvenli, heyecan verici bir \u015fekilde ke\u015ffetmek isteyen \u00e7iftler i\u00e7in \u00f6zel olarak tasarland\u0131. \u0130ster ba\u015flang\u0131\u00e7 seviyesinde olun, ister deneyimli bir BDSM tutkunu\u2026 Bu set, hayal g\u00fcc\u00fcn\u00fcz\u00fc serbest b\u0131rakmak i\u00e7in ihtiyac\u0131n\u0131z olan her \u015feyi sunuyor!<\/p>\n","protected":false},"featured_media":44550,"comment_status":"closed","ping_status":"closed","template":"","meta":[],"product_brand":[],"product_cat":[499],"product_tag":[],"class_list":{"0":"post-44548","1":"product","2":"type-product","3":"status-publish","4":"has-post-thumbnail","6":"product_cat-fetish-fantezi-urunleri","8":"first","9":"instock","10":"purchasable","11":"product-type-simple"},"yoast_head":"<!-- This site is optimized with the Yoast SEO Premium plugin v24.4 (Yoast SEO v27.1.1) - https:\/\/yoast.com\/product\/yoast-seo-premium-wordpress\/ -->\n<title>Feti\u015f Fantezi Serisi 11 Par\u00e7a M\u00fckemmel Set - Bursa Erotik Shop<\/title>\n<meta name=\"robots\" content=\"index, follow, max-snippet:-1, max-image-preview:large, max-video-preview:-1\" \/>\n<link rel=\"canonical\" href=\"https:\/\/hobierotikshop.com.tr\/website1\/erotik-shop-urun\/fetis-fantezi-serisi-11-parca-mukemmel-set\/\" \/>\n<meta property=\"og:locale\" content=\"tr_TR\" \/>\n<meta property=\"og:type\" content=\"article\" \/>\n<meta property=\"og:title\" content=\"Feti\u015f Fantezi Serisi 11 Par\u00e7a M\u00fckemmel Set\" \/>\n<meta property=\"og:description\" content=\"Fantezi d\u00fcnyas\u0131nda yeni bir kap\u0131 aralay\u0131n!Feti\u015f Fantezi Serisi 11 Par\u00e7a Set, tutkulu gecelerinize derinlik katmak ve BDSM d\u00fcnyas\u0131n\u0131 g\u00fcvenli, heyecan verici bir \u015fekilde ke\u015ffetmek isteyen \u00e7iftler i\u00e7in \u00f6zel olarak tasarland\u0131. \u0130ster ba\u015flang\u0131\u00e7 seviyesinde olun, ister deneyimli bir BDSM tutkunu\u2026 Bu set, hayal g\u00fcc\u00fcn\u00fcz\u00fc serbest b\u0131rakmak i\u00e7in ihtiyac\u0131n\u0131z olan her \u015feyi sunuyor!\" \/>\n<meta property=\"og:url\" content=\"https:\/\/hobierotikshop.com.tr\/website1\/erotik-shop-urun\/fetis-fantezi-serisi-11-parca-mukemmel-set\/\" \/>\n<meta property=\"og:site_name\" content=\"Bursa Erotik Shop\" \/>\n<meta property=\"article:modified_time\" content=\"2026-01-08T12:47:06+00:00\" \/>\n<meta property=\"og:image\" content=\"https:\/\/hobierotikshop.com.tr\/website1\/wp-content\/uploads\/2025\/04\/fetis-fantezi-serisi-11-parca-mukemmel-970f50.png\" \/>\n\t<meta property=\"og:image:width\" content=\"455\" \/>\n\t<meta property=\"og:image:height\" content=\"455\" \/>\n\t<meta property=\"og:image:type\" content=\"image\/png\" \/>\n<meta name=\"twitter:card\" content=\"summary_large_image\" \/>\n<meta name=\"twitter:site\" content=\"@shopbursa\" \/>\n<meta name=\"twitter:label1\" content=\"Fiyat\" \/>\n\t<meta name=\"twitter:data1\" content=\"&#8378;2.500,00\" \/>\n\t<meta name=\"twitter:label2\" content=\"Availability\" \/>\n\t<meta name=\"twitter:data2\" content=\"In stock\" \/>\n<script type=\"application\/ld+json\" class=\"yoast-schema-graph\">{\"@context\":\"https:\/\/schema.org\",\"@graph\":[{\"@type\":\"WebPage\",\"@id\":\"https:\/\/hobierotikshop.com.tr\/website1\/erotik-shop-urun\/fetis-fantezi-serisi-11-parca-mukemmel-set\/\",\"url\":\"https:\/\/hobierotikshop.com.tr\/website1\/erotik-shop-urun\/fetis-fantezi-serisi-11-parca-mukemmel-set\/\",\"name\":\"Feti\u015f Fantezi Serisi 11 Par\u00e7a M\u00fckemmel Set - Bursa Erotik Shop\",\"isPartOf\":{\"@id\":\"https:\/\/hobierotikshop.com.tr\/website1\/#website\"},\"primaryImageOfPage\":{\"@id\":\"https:\/\/hobierotikshop.com.tr\/website1\/erotik-shop-urun\/fetis-fantezi-serisi-11-parca-mukemmel-set\/#primaryimage\"},\"image\":{\"@id\":\"https:\/\/hobierotikshop.com.tr\/website1\/erotik-shop-urun\/fetis-fantezi-serisi-11-parca-mukemmel-set\/#primaryimage\"},\"thumbnailUrl\":\"https:\/\/haremerotikshop.com\/site\/wp-content\/uploads\/2025\/04\/fetis-fantezi-serisi-11-parca-mukemmel-970f50.png\",\"datePublished\":\"2025-04-26T14:00:58+00:00\",\"dateModified\":\"2026-01-08T12:47:06+00:00\",\"breadcrumb\":{\"@id\":\"https:\/\/hobierotikshop.com.tr\/website1\/erotik-shop-urun\/fetis-fantezi-serisi-11-parca-mukemmel-set\/#breadcrumb\"},\"inLanguage\":\"tr\",\"potentialAction\":[{\"@type\":\"ReadAction\",\"target\":[\"https:\/\/hobierotikshop.com.tr\/website1\/erotik-shop-urun\/fetis-fantezi-serisi-11-parca-mukemmel-set\/\"]}]},{\"@type\":\"ImageObject\",\"inLanguage\":\"tr\",\"@id\":\"https:\/\/hobierotikshop.com.tr\/website1\/erotik-shop-urun\/fetis-fantezi-serisi-11-parca-mukemmel-set\/#primaryimage\",\"url\":\"https:\/\/haremerotikshop.com\/site\/wp-content\/uploads\/2025\/04\/fetis-fantezi-serisi-11-parca-mukemmel-970f50.png\",\"contentUrl\":\"https:\/\/haremerotikshop.com\/site\/wp-content\/uploads\/2025\/04\/fetis-fantezi-serisi-11-parca-mukemmel-970f50.png\",\"width\":455,\"height\":455},{\"@type\":\"BreadcrumbList\",\"@id\":\"https:\/\/hobierotikshop.com.tr\/website1\/erotik-shop-urun\/fetis-fantezi-serisi-11-parca-mukemmel-set\/#breadcrumb\",\"itemListElement\":[{\"@type\":\"ListItem\",\"position\":1,\"name\":\"Anasayfa\",\"item\":\"https:\/\/hobierotikshop.com.tr\/website1\/\"},{\"@type\":\"ListItem\",\"position\":2,\"name\":\"Erotik Shop \u00dcr\u00fcnleri\",\"item\":\"https:\/\/hobierotikshop.com.tr\/website1\/shop\/\"},{\"@type\":\"ListItem\",\"position\":3,\"name\":\"Feti\u015f Fantezi Serisi 11 Par\u00e7a M\u00fckemmel Set\"}]},{\"@type\":\"WebSite\",\"@id\":\"https:\/\/hobierotikshop.com.tr\/website1\/#website\",\"url\":\"https:\/\/hobierotikshop.com.tr\/website1\/\",\"name\":\"Bursa Erotik Shop\",\"description\":\"Bursa Erotik Shop ile g\u00fcvenli, gizli ve kaliteli yeti\u015fkin \u00fcr\u00fcnleri al\u0131\u015fveri\u015fi! Geni\u015f \u00fcr\u00fcn yelpazemizi ke\u015ffedin, hemen sipari\u015f verin\",\"publisher\":{\"@id\":\"https:\/\/hobierotikshop.com.tr\/website1\/#organization\"},\"alternateName\":\"Erotik Shop\",\"potentialAction\":[{\"@type\":\"SearchAction\",\"target\":{\"@type\":\"EntryPoint\",\"urlTemplate\":\"https:\/\/hobierotikshop.com.tr\/website1\/?s={search_term_string}\"},\"query-input\":{\"@type\":\"PropertyValueSpecification\",\"valueRequired\":true,\"valueName\":\"search_term_string\"}}],\"inLanguage\":\"tr\"},{\"@type\":\"Organization\",\"@id\":\"https:\/\/hobierotikshop.com.tr\/website1\/#organization\",\"name\":\"Harem Bursa Erotik Shop\",\"url\":\"https:\/\/hobierotikshop.com.tr\/website1\/\",\"logo\":{\"@type\":\"ImageObject\",\"inLanguage\":\"tr\",\"@id\":\"https:\/\/hobierotikshop.com.tr\/website1\/#\/schema\/logo\/image\/\",\"url\":\"https:\/\/haremerotikshop.com\/site\/wp-content\/uploads\/2025\/03\/haremsexshop.png\",\"contentUrl\":\"https:\/\/haremerotikshop.com\/site\/wp-content\/uploads\/2025\/03\/haremsexshop.png\",\"width\":400,\"height\":100,\"caption\":\"Harem Bursa Erotik Shop\"},\"image\":{\"@id\":\"https:\/\/hobierotikshop.com.tr\/website1\/#\/schema\/logo\/image\/\"},\"sameAs\":[\"https:\/\/x.com\/shopbursa\"],\"publishingPrinciples\":\"https:\/\/hobierotikshop.com.tr\/website1\/mesafeli-satis-sozlesmesi\/\",\"ownershipFundingInfo\":\"https:\/\/hobierotikshop.com.tr\/website1\/contact-us\/\",\"actionableFeedbackPolicy\":\"https:\/\/hobierotikshop.com.tr\/website1\/contact-us\/\",\"correctionsPolicy\":\"https:\/\/hobierotikshop.com.tr\/website1\/mesafeli-satis-sozlesmesi\/\"}]}<\/script>\n<meta property=\"product:price:amount\" content=\"2500.00\" \/>\n<meta property=\"product:price:currency\" content=\"TRY\" \/>\n<meta property=\"og:availability\" content=\"instock\" \/>\n<meta property=\"product:availability\" content=\"instock\" \/>\n<meta property=\"product:retailer_item_id\" content=\"BDM1532\" \/>\n<meta property=\"product:condition\" content=\"new\" \/>\n<!-- \/ Yoast SEO Premium plugin. -->","yoast_head_json":{"title":"Feti\u015f Fantezi Serisi 11 Par\u00e7a M\u00fckemmel Set - Bursa Erotik Shop","robots":{"index":"index","follow":"follow","max-snippet":"max-snippet:-1","max-image-preview":"max-image-preview:large","max-video-preview":"max-video-preview:-1"},"canonical":"https:\/\/hobierotikshop.com.tr\/website1\/erotik-shop-urun\/fetis-fantezi-serisi-11-parca-mukemmel-set\/","og_locale":"tr_TR","og_type":"article","og_title":"Feti\u015f Fantezi Serisi 11 Par\u00e7a M\u00fckemmel Set","og_description":"Fantezi d\u00fcnyas\u0131nda yeni bir kap\u0131 aralay\u0131n!Feti\u015f Fantezi Serisi 11 Par\u00e7a Set, tutkulu gecelerinize derinlik katmak ve BDSM d\u00fcnyas\u0131n\u0131 g\u00fcvenli, heyecan verici bir \u015fekilde ke\u015ffetmek isteyen \u00e7iftler i\u00e7in \u00f6zel olarak tasarland\u0131. \u0130ster ba\u015flang\u0131\u00e7 seviyesinde olun, ister deneyimli bir BDSM tutkunu\u2026 Bu set, hayal g\u00fcc\u00fcn\u00fcz\u00fc serbest b\u0131rakmak i\u00e7in ihtiyac\u0131n\u0131z olan her \u015feyi sunuyor!","og_url":"https:\/\/hobierotikshop.com.tr\/website1\/erotik-shop-urun\/fetis-fantezi-serisi-11-parca-mukemmel-set\/","og_site_name":"Bursa Erotik Shop","article_modified_time":"2026-01-08T12:47:06+00:00","og_image":[{"width":455,"height":455,"url":"https:\/\/hobierotikshop.com.tr\/website1\/wp-content\/uploads\/2025\/04\/fetis-fantezi-serisi-11-parca-mukemmel-970f50.png","type":"image\/png"}],"twitter_card":"summary_large_image","twitter_site":"@shopbursa","twitter_misc":{"Fiyat":"&#8378;2.500,00","Availability":"In stock"},"schema":{"@context":"https:\/\/schema.org","@graph":[{"@type":"WebPage","@id":"https:\/\/hobierotikshop.com.tr\/website1\/erotik-shop-urun\/fetis-fantezi-serisi-11-parca-mukemmel-set\/","url":"https:\/\/hobierotikshop.com.tr\/website1\/erotik-shop-urun\/fetis-fantezi-serisi-11-parca-mukemmel-set\/","name":"Feti\u015f Fantezi Serisi 11 Par\u00e7a M\u00fckemmel Set - Bursa Erotik Shop","isPartOf":{"@id":"https:\/\/hobierotikshop.com.tr\/website1\/#website"},"primaryImageOfPage":{"@id":"https:\/\/hobierotikshop.com.tr\/website1\/erotik-shop-urun\/fetis-fantezi-serisi-11-parca-mukemmel-set\/#primaryimage"},"image":{"@id":"https:\/\/hobierotikshop.com.tr\/website1\/erotik-shop-urun\/fetis-fantezi-serisi-11-parca-mukemmel-set\/#primaryimage"},"thumbnailUrl":"https:\/\/haremerotikshop.com\/site\/wp-content\/uploads\/2025\/04\/fetis-fantezi-serisi-11-parca-mukemmel-970f50.png","datePublished":"2025-04-26T14:00:58+00:00","dateModified":"2026-01-08T12:47:06+00:00","breadcrumb":{"@id":"https:\/\/hobierotikshop.com.tr\/website1\/erotik-shop-urun\/fetis-fantezi-serisi-11-parca-mukemmel-set\/#breadcrumb"},"inLanguage":"tr","potentialAction":[{"@type":"ReadAction","target":["https:\/\/hobierotikshop.com.tr\/website1\/erotik-shop-urun\/fetis-fantezi-serisi-11-parca-mukemmel-set\/"]}]},{"@type":"ImageObject","inLanguage":"tr","@id":"https:\/\/hobierotikshop.com.tr\/website1\/erotik-shop-urun\/fetis-fantezi-serisi-11-parca-mukemmel-set\/#primaryimage","url":"https:\/\/haremerotikshop.com\/site\/wp-content\/uploads\/2025\/04\/fetis-fantezi-serisi-11-parca-mukemmel-970f50.png","contentUrl":"https:\/\/haremerotikshop.com\/site\/wp-content\/uploads\/2025\/04\/fetis-fantezi-serisi-11-parca-mukemmel-970f50.png","width":455,"height":455},{"@type":"BreadcrumbList","@id":"https:\/\/hobierotikshop.com.tr\/website1\/erotik-shop-urun\/fetis-fantezi-serisi-11-parca-mukemmel-set\/#breadcrumb","itemListElement":[{"@type":"ListItem","position":1,"name":"Anasayfa","item":"https:\/\/hobierotikshop.com.tr\/website1\/"},{"@type":"ListItem","position":2,"name":"Erotik Shop \u00dcr\u00fcnleri","item":"https:\/\/hobierotikshop.com.tr\/website1\/shop\/"},{"@type":"ListItem","position":3,"name":"Feti\u015f Fantezi Serisi 11 Par\u00e7a M\u00fckemmel Set"}]},{"@type":"WebSite","@id":"https:\/\/hobierotikshop.com.tr\/website1\/#website","url":"https:\/\/hobierotikshop.com.tr\/website1\/","name":"Bursa Erotik Shop","description":"Bursa Erotik Shop ile g\u00fcvenli, gizli ve kaliteli yeti\u015fkin \u00fcr\u00fcnleri al\u0131\u015fveri\u015fi! Geni\u015f \u00fcr\u00fcn yelpazemizi ke\u015ffedin, hemen sipari\u015f verin","publisher":{"@id":"https:\/\/hobierotikshop.com.tr\/website1\/#organization"},"alternateName":"Erotik Shop","potentialAction":[{"@type":"SearchAction","target":{"@type":"EntryPoint","urlTemplate":"https:\/\/hobierotikshop.com.tr\/website1\/?s={search_term_string}"},"query-input":{"@type":"PropertyValueSpecification","valueRequired":true,"valueName":"search_term_string"}}],"inLanguage":"tr"},{"@type":"Organization","@id":"https:\/\/hobierotikshop.com.tr\/website1\/#organization","name":"Harem Bursa Erotik Shop","url":"https:\/\/hobierotikshop.com.tr\/website1\/","logo":{"@type":"ImageObject","inLanguage":"tr","@id":"https:\/\/hobierotikshop.com.tr\/website1\/#\/schema\/logo\/image\/","url":"https:\/\/haremerotikshop.com\/site\/wp-content\/uploads\/2025\/03\/haremsexshop.png","contentUrl":"https:\/\/haremerotikshop.com\/site\/wp-content\/uploads\/2025\/03\/haremsexshop.png","width":400,"height":100,"caption":"Harem Bursa Erotik Shop"},"image":{"@id":"https:\/\/hobierotikshop.com.tr\/website1\/#\/schema\/logo\/image\/"},"sameAs":["https:\/\/x.com\/shopbursa"],"publishingPrinciples":"https:\/\/hobierotikshop.com.tr\/website1\/mesafeli-satis-sozlesmesi\/","ownershipFundingInfo":"https:\/\/hobierotikshop.com.tr\/website1\/contact-us\/","actionableFeedbackPolicy":"https:\/\/hobierotikshop.com.tr\/website1\/contact-us\/","correctionsPolicy":"https:\/\/hobierotikshop.com.tr\/website1\/mesafeli-satis-sozlesmesi\/"}]},"product_price_amount":"2500.00","product_price_currency":"TRY","og_availability":"instock","product_availability":"instock","product_retailer_item_id":"BDM1532","product_condition":"new"},"_links":{"self":[{"href":"https:\/\/haremerotikshop.com\/site\/wp-json\/wp\/v2\/product\/44548","targetHints":{"allow":["GET"]}}],"collection":[{"href":"https:\/\/haremerotikshop.com\/site\/wp-json\/wp\/v2\/product"}],"about":[{"href":"https:\/\/haremerotikshop.com\/site\/wp-json\/wp\/v2\/types\/product"}],"replies":[{"embeddable":true,"href":"https:\/\/haremerotikshop.com\/site\/wp-json\/wp\/v2\/comments?post=44548"}],"version-history":[{"count":0,"href":"https:\/\/haremerotikshop.com\/site\/wp-json\/wp\/v2\/product\/44548\/revisions"}],"wp:featuredmedia":[{"embeddable":true,"href":"https:\/\/haremerotikshop.com\/site\/wp-json\/wp\/v2\/media\/44550"}],"wp:attachment":[{"href":"https:\/\/haremerotikshop.com\/site\/wp-json\/wp\/v2\/media?parent=44548"}],"wp:term":[{"taxonomy":"product_brand","embeddable":true,"href":"https:\/\/haremerotikshop.com\/site\/wp-json\/wp\/v2\/product_brand?post=44548"},{"taxonomy":"product_cat","embeddable":true,"href":"https:\/\/haremerotikshop.com\/site\/wp-json\/wp\/v2\/product_cat?post=44548"},{"taxonomy":"product_tag","embeddable":true,"href":"https:\/\/haremerotikshop.com\/site\/wp-json\/wp\/v2\/product_tag?post=44548"}],"curies":[{"name":"wp","href":"https:\/\/api.w.org\/{rel}","templated":true}]}}