{"id":44563,"date":"2025-04-26T17:01:45","date_gmt":"2025-04-26T14:01:45","guid":{"rendered":"https:\/\/haremerotikshop.com\/site\/erotik-shop-urun\/fetis-baglama-ipi\/"},"modified":"2026-01-09T02:58:21","modified_gmt":"2026-01-08T23:58:21","slug":"fetis-baglama-ipi","status":"publish","type":"product","link":"https:\/\/haremerotikshop.com\/site\/erotik-shop-urun\/fetis-baglama-ipi\/","title":{"rendered":"Feti\u0307\u015f Ba\u011flama I\u0307pi\u0307"},"content":{"rendered":"<h3 class=\"\" data-start=\"231\" data-end=\"280\">Feti\u015f Ba\u011flama \u0130pi \u2013 S\u0131n\u0131rlar\u0131 Siz Belirleyin!<\/h3>\n<p class=\"\" data-start=\"282\" data-end=\"304\"><strong data-start=\"282\" data-end=\"304\">\u00dcr\u00fcn Kodu: BDMF031<\/strong><\/p>\n<p class=\"\" data-start=\"306\" data-end=\"643\">Cinsellikte farkl\u0131 deneyimler arayan \u00e7iftler i\u00e7in \u00f6zel olarak tasarlanan <strong data-start=\"379\" data-end=\"400\">Feti\u015f Ba\u011flama \u0130pi<\/strong>, s\u0131n\u0131rlar\u0131n yeniden tan\u0131mland\u0131\u011f\u0131, g\u00fcvenli ve heyecan verici bir fantezi d\u00fcnyas\u0131na kap\u0131 aral\u0131yor. Dominasyon ve teslimiyetin zarif dengesini ya\u015famak isteyen \u00e7iftler i\u00e7in ideal olan bu \u00fcr\u00fcn, hem g\u00fcvenli hem de etkili bir ba\u011flama deneyimi sunar.<\/p>\n<h4 class=\"\" data-start=\"645\" data-end=\"683\">\u2714 Feti\u015f ve BDSM Tutkunlar\u0131na \u00d6zel<\/h4>\n<p class=\"\" data-start=\"684\" data-end=\"887\">Rollerin belirgin oldu\u011fu feti\u015f fantezilerinde efendi ve k\u00f6le temalar\u0131 s\u0131k\u00e7a tercih edilir. Bu ba\u011flama ipi, her iki rol i\u00e7in de uygundur. \u0130ster kontrol\u00fc ele al\u0131n, ister teslim olun \u2013 tercih tamamen sizin.<\/p>\n<h4 class=\"\" data-start=\"889\" data-end=\"933\">\u2714 Cilde Dost, Yumu\u015fak ve Sa\u011flam Malzeme<\/h4>\n<p class=\"\" data-start=\"934\" data-end=\"1150\">\u00dcr\u00fcn, hassas ciltlere zarar vermeyecek \u015fekilde \u00f6zel olarak geli\u015ftirilmi\u015f, tahri\u015f etmeyen bir materyalden \u00fcretilmi\u015ftir. Ayn\u0131 zamanda <strong data-start=\"1066\" data-end=\"1109\">dayan\u0131kl\u0131 yap\u0131s\u0131 sayesinde kopma yapmaz<\/strong>, uzun s\u00fcreli ve g\u00fcvenli kullan\u0131m sa\u011flar.<\/p>\n<h4 class=\"\" data-start=\"1152\" data-end=\"1195\">\u2714 Sonsuz Kombinasyon, Onlarca Pozisyon<\/h4>\n<p class=\"\" data-start=\"1196\" data-end=\"1384\">\u0130pin esnek yap\u0131s\u0131 sayesinde klasik pozisyonlardan yarat\u0131c\u0131 ba\u011flama stillerine kadar geni\u015f bir kullan\u0131m alan\u0131 sunar. <strong data-start=\"1312\" data-end=\"1384\">Yatak odan\u0131z\u0131 s\u0131radanl\u0131ktan \u00e7\u0131kar\u0131n, tutkuyu ve ke\u015ffi \u00f6n plana al\u0131n.<\/strong><\/p>\n<h4 class=\"\" data-start=\"1386\" data-end=\"1423\">\u2714 Gizlilik ve G\u00fcvenlik Garantisi<\/h4>\n<p class=\"\" data-start=\"1424\" data-end=\"1670\">T\u00fcm sipari\u015fler, i\u00e7eri\u011fi belli olmayacak \u015fekilde gizli paketleme ile g\u00f6nderilmektedir. B\u00f6ylece mahremiyetiniz her zaman korunur. Ayr\u0131ca, orijinal \u00fcr\u00fcn garantisi ve h\u0131zl\u0131 g\u00f6nderim avantajlar\u0131 ile al\u0131\u015fveri\u015f deneyiminiz her a\u00e7\u0131dan g\u00fcvence alt\u0131ndad\u0131r.<\/p>\n<hr class=\"\" data-start=\"1672\" data-end=\"1675\" \/>\n<h3 class=\"\" data-start=\"1677\" data-end=\"1724\">Neden Feti\u015f Ba\u011flama \u0130pi Tercih Etmelisiniz?<\/h3>\n<ul data-start=\"1726\" data-end=\"1946\">\n<li class=\"\" data-start=\"1726\" data-end=\"1760\">\n<p class=\"\" data-start=\"1728\" data-end=\"1760\">\u2705 BDSM ve feti\u015f oyunlar\u0131na uygun<\/p>\n<\/li>\n<li class=\"\" data-start=\"1761\" data-end=\"1796\">\n<p class=\"\" data-start=\"1763\" data-end=\"1796\">\u2705 Cildi tahri\u015f etmeyen \u00f6zel kuma\u015f<\/p>\n<\/li>\n<li class=\"\" data-start=\"1797\" data-end=\"1831\">\n<p class=\"\" data-start=\"1799\" data-end=\"1831\">\u2705 Sa\u011flam, kopmaya dayan\u0131kl\u0131 yap\u0131<\/p>\n<\/li>\n<li class=\"\" data-start=\"1832\" data-end=\"1871\">\n<p class=\"\" data-start=\"1834\" data-end=\"1871\">\u2705 \u00c7iftler i\u00e7in \u00f6zel olarak tasarland\u0131<\/p>\n<\/li>\n<li class=\"\" data-start=\"1872\" data-end=\"1902\">\n<p class=\"\" data-start=\"1874\" data-end=\"1902\">\u2705 S\u0131n\u0131rs\u0131z pozisyon se\u00e7ene\u011fi<\/p>\n<\/li>\n<li class=\"\" data-start=\"1903\" data-end=\"1946\">\n<p class=\"\" data-start=\"1905\" data-end=\"1946\">\u2705 Tam gizlilik, h\u0131zl\u0131 ve g\u00fcvenli teslimat<\/p>\n<\/li>\n<\/ul>\n<hr class=\"\" data-start=\"1948\" data-end=\"1951\" \/>\n<h3 class=\"\" data-start=\"1953\" data-end=\"1988\">Sipari\u015f ve Teslimat Se\u00e7enekleri<\/h3>\n<ul data-start=\"1990\" data-end=\"2162\">\n<li class=\"\" data-start=\"1990\" data-end=\"2034\">\n<p class=\"\" data-start=\"1992\" data-end=\"2034\"><strong data-start=\"1992\" data-end=\"2008\">Kap\u0131da \u00f6deme<\/strong> (nakit ya da kredi kart\u0131)<\/p>\n<\/li>\n<li class=\"\" data-start=\"2035\" data-end=\"2065\">\n<p class=\"\" data-start=\"2037\" data-end=\"2065\"><strong data-start=\"2037\" data-end=\"2065\">Banka havalesi ile \u00f6deme<\/strong><\/p>\n<\/li>\n<li class=\"\" data-start=\"2066\" data-end=\"2104\">\n<p class=\"\" data-start=\"2068\" data-end=\"2104\"><strong data-start=\"2068\" data-end=\"2083\">Gizli kargo<\/strong> ile g\u00fcvenli g\u00f6nderim<\/p>\n<\/li>\n<li class=\"\" data-start=\"2105\" data-end=\"2162\">\n<p class=\"\" data-start=\"2107\" data-end=\"2162\">\u0130ster <strong data-start=\"2113\" data-end=\"2131\">evinize teslim<\/strong>, ister <strong data-start=\"2139\" data-end=\"2157\">\u015fubeden teslim<\/strong> al\u0131n<\/p>\n<\/li>\n<\/ul>\n<hr class=\"\" data-start=\"2164\" data-end=\"2167\" \/>\n<p class=\"\" data-start=\"2169\" data-end=\"2299\"><strong data-start=\"2169\" data-end=\"2202\">Gizlili\u011finize \u00f6nem veriyoruz.<\/strong> T\u00fcm \u00fcr\u00fcnlerimiz, sipari\u015ften teslimata kadar %100 gizlilik i\u00e7inde ve eksiksiz \u015fekilde g\u00f6nderilir.<\/p>\n<hr class=\"\" data-start=\"2301\" data-end=\"2304\" \/>\n<h3 class=\"\" data-start=\"2306\" data-end=\"2390\">Feti\u015f d\u00fcnyas\u0131nda yeni deneyimlere haz\u0131rsan\u0131z, Feti\u015f Ba\u011flama \u0130pi tam size g\u00f6re!<\/h3>\n<p class=\"\" data-start=\"2391\" data-end=\"2447\"><strong data-start=\"2391\" data-end=\"2447\">\u015eimdi sipari\u015f verin, tutkuyu bir ad\u0131m ileri ta\u015f\u0131y\u0131n.<\/strong><\/p>\n<p>&nbsp;<\/p>\n<p><a href=\"http:\/\/api.whatsapp.com\/send?phone=905304676616&amp;text=Sipari%C5%9F%20Vermek%20%C4%B0stiyorum%20haremshop%20BDMF031\"><img fetchpriority=\"high\" decoding=\"async\" class=\"alignnone\" src=\"https:\/\/static.ticimax.cloud\/32886\/uploads\/editoruploads\/whatsapp-destek-hatti_mobil.gif\" alt=\"\" width=\"750\" height=\"117\" \/><\/a><\/p>\n","protected":false},"excerpt":{"rendered":"<p>Cinsellikte farkl\u0131 deneyimler arayan \u00e7iftler i\u00e7in \u00f6zel olarak tasarlanan <strong data-start=\"379\" data-end=\"400\">Feti\u015f Ba\u011flama \u0130pi<\/strong>, s\u0131n\u0131rlar\u0131n yeniden tan\u0131mland\u0131\u011f\u0131, g\u00fcvenli ve heyecan verici bir fantezi d\u00fcnyas\u0131na kap\u0131 aral\u0131yor. Dominasyon ve teslimiyetin zarif dengesini ya\u015famak isteyen \u00e7iftler i\u00e7in ideal olan bu \u00fcr\u00fcn, hem g\u00fcvenli hem de etkili bir ba\u011flama deneyimi sunar.<\/p>\n","protected":false},"featured_media":44565,"comment_status":"closed","ping_status":"closed","template":"","meta":[],"product_brand":[],"product_cat":[499],"product_tag":[],"class_list":{"0":"post-44563","1":"product","2":"type-product","3":"status-publish","4":"has-post-thumbnail","6":"product_cat-fetish-fantezi-urunleri","8":"first","9":"instock","10":"purchasable","11":"product-type-simple"},"yoast_head":"<!-- This site is optimized with the Yoast SEO Premium plugin v24.4 (Yoast SEO v27.1.1) - https:\/\/yoast.com\/product\/yoast-seo-premium-wordpress\/ -->\n<title>Feti\u0307\u015f Ba\u011flama I\u0307pi\u0307 - Bursa Erotik Shop<\/title>\n<meta name=\"robots\" content=\"index, follow, max-snippet:-1, max-image-preview:large, max-video-preview:-1\" \/>\n<link rel=\"canonical\" href=\"https:\/\/hobierotikshop.com.tr\/website1\/erotik-shop-urun\/fetis-baglama-ipi\/\" \/>\n<meta property=\"og:locale\" content=\"tr_TR\" \/>\n<meta property=\"og:type\" content=\"article\" \/>\n<meta property=\"og:title\" content=\"Feti\u0307\u015f Ba\u011flama I\u0307pi\u0307\" \/>\n<meta property=\"og:description\" content=\"Cinsellikte farkl\u0131 deneyimler arayan \u00e7iftler i\u00e7in \u00f6zel olarak tasarlanan Feti\u015f Ba\u011flama \u0130pi, s\u0131n\u0131rlar\u0131n yeniden tan\u0131mland\u0131\u011f\u0131, g\u00fcvenli ve heyecan verici bir fantezi d\u00fcnyas\u0131na kap\u0131 aral\u0131yor. Dominasyon ve teslimiyetin zarif dengesini ya\u015famak isteyen \u00e7iftler i\u00e7in ideal olan bu \u00fcr\u00fcn, hem g\u00fcvenli hem de etkili bir ba\u011flama deneyimi sunar.\" \/>\n<meta property=\"og:url\" content=\"https:\/\/hobierotikshop.com.tr\/website1\/erotik-shop-urun\/fetis-baglama-ipi\/\" \/>\n<meta property=\"og:site_name\" content=\"Bursa Erotik Shop\" \/>\n<meta property=\"article:modified_time\" content=\"2026-01-08T23:58:21+00:00\" \/>\n<meta property=\"og:image\" content=\"https:\/\/hobierotikshop.com.tr\/website1\/wp-content\/uploads\/2025\/04\/fetis-baglama-ipi-ea26ca.jpeg\" \/>\n\t<meta property=\"og:image:width\" content=\"455\" \/>\n\t<meta property=\"og:image:height\" content=\"539\" \/>\n\t<meta property=\"og:image:type\" content=\"image\/jpeg\" \/>\n<meta name=\"twitter:card\" content=\"summary_large_image\" \/>\n<meta name=\"twitter:site\" content=\"@shopbursa\" \/>\n<meta name=\"twitter:label1\" content=\"Fiyat\" \/>\n\t<meta name=\"twitter:data1\" content=\"&#8378;750,00\" \/>\n\t<meta name=\"twitter:label2\" content=\"Availability\" \/>\n\t<meta name=\"twitter:data2\" content=\"In stock\" \/>\n<script type=\"application\/ld+json\" class=\"yoast-schema-graph\">{\"@context\":\"https:\/\/schema.org\",\"@graph\":[{\"@type\":\"WebPage\",\"@id\":\"https:\/\/hobierotikshop.com.tr\/website1\/erotik-shop-urun\/fetis-baglama-ipi\/\",\"url\":\"https:\/\/hobierotikshop.com.tr\/website1\/erotik-shop-urun\/fetis-baglama-ipi\/\",\"name\":\"Feti\u0307\u015f Ba\u011flama I\u0307pi\u0307 - Bursa Erotik Shop\",\"isPartOf\":{\"@id\":\"https:\/\/hobierotikshop.com.tr\/website1\/#website\"},\"primaryImageOfPage\":{\"@id\":\"https:\/\/hobierotikshop.com.tr\/website1\/erotik-shop-urun\/fetis-baglama-ipi\/#primaryimage\"},\"image\":{\"@id\":\"https:\/\/hobierotikshop.com.tr\/website1\/erotik-shop-urun\/fetis-baglama-ipi\/#primaryimage\"},\"thumbnailUrl\":\"https:\/\/haremerotikshop.com\/site\/wp-content\/uploads\/2025\/04\/fetis-baglama-ipi-ea26ca.jpeg\",\"datePublished\":\"2025-04-26T14:01:45+00:00\",\"dateModified\":\"2026-01-08T23:58:21+00:00\",\"breadcrumb\":{\"@id\":\"https:\/\/hobierotikshop.com.tr\/website1\/erotik-shop-urun\/fetis-baglama-ipi\/#breadcrumb\"},\"inLanguage\":\"tr\",\"potentialAction\":[{\"@type\":\"ReadAction\",\"target\":[\"https:\/\/hobierotikshop.com.tr\/website1\/erotik-shop-urun\/fetis-baglama-ipi\/\"]}]},{\"@type\":\"ImageObject\",\"inLanguage\":\"tr\",\"@id\":\"https:\/\/hobierotikshop.com.tr\/website1\/erotik-shop-urun\/fetis-baglama-ipi\/#primaryimage\",\"url\":\"https:\/\/haremerotikshop.com\/site\/wp-content\/uploads\/2025\/04\/fetis-baglama-ipi-ea26ca.jpeg\",\"contentUrl\":\"https:\/\/haremerotikshop.com\/site\/wp-content\/uploads\/2025\/04\/fetis-baglama-ipi-ea26ca.jpeg\",\"width\":455,\"height\":539},{\"@type\":\"BreadcrumbList\",\"@id\":\"https:\/\/hobierotikshop.com.tr\/website1\/erotik-shop-urun\/fetis-baglama-ipi\/#breadcrumb\",\"itemListElement\":[{\"@type\":\"ListItem\",\"position\":1,\"name\":\"Anasayfa\",\"item\":\"https:\/\/hobierotikshop.com.tr\/website1\/\"},{\"@type\":\"ListItem\",\"position\":2,\"name\":\"Erotik Shop \u00dcr\u00fcnleri\",\"item\":\"https:\/\/hobierotikshop.com.tr\/website1\/shop\/\"},{\"@type\":\"ListItem\",\"position\":3,\"name\":\"Feti\u0307\u015f Ba\u011flama I\u0307pi\u0307\"}]},{\"@type\":\"WebSite\",\"@id\":\"https:\/\/hobierotikshop.com.tr\/website1\/#website\",\"url\":\"https:\/\/hobierotikshop.com.tr\/website1\/\",\"name\":\"Bursa Erotik Shop\",\"description\":\"Bursa Erotik Shop ile g\u00fcvenli, gizli ve kaliteli yeti\u015fkin \u00fcr\u00fcnleri al\u0131\u015fveri\u015fi! Geni\u015f \u00fcr\u00fcn yelpazemizi ke\u015ffedin, hemen sipari\u015f verin\",\"publisher\":{\"@id\":\"https:\/\/hobierotikshop.com.tr\/website1\/#organization\"},\"alternateName\":\"Erotik Shop\",\"potentialAction\":[{\"@type\":\"SearchAction\",\"target\":{\"@type\":\"EntryPoint\",\"urlTemplate\":\"https:\/\/hobierotikshop.com.tr\/website1\/?s={search_term_string}\"},\"query-input\":{\"@type\":\"PropertyValueSpecification\",\"valueRequired\":true,\"valueName\":\"search_term_string\"}}],\"inLanguage\":\"tr\"},{\"@type\":\"Organization\",\"@id\":\"https:\/\/hobierotikshop.com.tr\/website1\/#organization\",\"name\":\"Harem Bursa Erotik Shop\",\"url\":\"https:\/\/hobierotikshop.com.tr\/website1\/\",\"logo\":{\"@type\":\"ImageObject\",\"inLanguage\":\"tr\",\"@id\":\"https:\/\/hobierotikshop.com.tr\/website1\/#\/schema\/logo\/image\/\",\"url\":\"https:\/\/haremerotikshop.com\/site\/wp-content\/uploads\/2025\/03\/haremsexshop.png\",\"contentUrl\":\"https:\/\/haremerotikshop.com\/site\/wp-content\/uploads\/2025\/03\/haremsexshop.png\",\"width\":400,\"height\":100,\"caption\":\"Harem Bursa Erotik Shop\"},\"image\":{\"@id\":\"https:\/\/hobierotikshop.com.tr\/website1\/#\/schema\/logo\/image\/\"},\"sameAs\":[\"https:\/\/x.com\/shopbursa\"],\"publishingPrinciples\":\"https:\/\/hobierotikshop.com.tr\/website1\/mesafeli-satis-sozlesmesi\/\",\"ownershipFundingInfo\":\"https:\/\/hobierotikshop.com.tr\/website1\/contact-us\/\",\"actionableFeedbackPolicy\":\"https:\/\/hobierotikshop.com.tr\/website1\/contact-us\/\",\"correctionsPolicy\":\"https:\/\/hobierotikshop.com.tr\/website1\/mesafeli-satis-sozlesmesi\/\"}]}<\/script>\n<meta property=\"product:price:amount\" content=\"750.00\" \/>\n<meta property=\"product:price:currency\" content=\"TRY\" \/>\n<meta property=\"og:availability\" content=\"instock\" \/>\n<meta property=\"product:availability\" content=\"instock\" \/>\n<meta property=\"product:retailer_item_id\" content=\"BDMF031\" \/>\n<meta property=\"product:condition\" content=\"new\" \/>\n<!-- \/ Yoast SEO Premium plugin. -->","yoast_head_json":{"title":"Feti\u0307\u015f Ba\u011flama I\u0307pi\u0307 - Bursa Erotik Shop","robots":{"index":"index","follow":"follow","max-snippet":"max-snippet:-1","max-image-preview":"max-image-preview:large","max-video-preview":"max-video-preview:-1"},"canonical":"https:\/\/hobierotikshop.com.tr\/website1\/erotik-shop-urun\/fetis-baglama-ipi\/","og_locale":"tr_TR","og_type":"article","og_title":"Feti\u0307\u015f Ba\u011flama I\u0307pi\u0307","og_description":"Cinsellikte farkl\u0131 deneyimler arayan \u00e7iftler i\u00e7in \u00f6zel olarak tasarlanan Feti\u015f Ba\u011flama \u0130pi, s\u0131n\u0131rlar\u0131n yeniden tan\u0131mland\u0131\u011f\u0131, g\u00fcvenli ve heyecan verici bir fantezi d\u00fcnyas\u0131na kap\u0131 aral\u0131yor. Dominasyon ve teslimiyetin zarif dengesini ya\u015famak isteyen \u00e7iftler i\u00e7in ideal olan bu \u00fcr\u00fcn, hem g\u00fcvenli hem de etkili bir ba\u011flama deneyimi sunar.","og_url":"https:\/\/hobierotikshop.com.tr\/website1\/erotik-shop-urun\/fetis-baglama-ipi\/","og_site_name":"Bursa Erotik Shop","article_modified_time":"2026-01-08T23:58:21+00:00","og_image":[{"width":455,"height":539,"url":"https:\/\/hobierotikshop.com.tr\/website1\/wp-content\/uploads\/2025\/04\/fetis-baglama-ipi-ea26ca.jpeg","type":"image\/jpeg"}],"twitter_card":"summary_large_image","twitter_site":"@shopbursa","twitter_misc":{"Fiyat":"&#8378;750,00","Availability":"In stock"},"schema":{"@context":"https:\/\/schema.org","@graph":[{"@type":"WebPage","@id":"https:\/\/hobierotikshop.com.tr\/website1\/erotik-shop-urun\/fetis-baglama-ipi\/","url":"https:\/\/hobierotikshop.com.tr\/website1\/erotik-shop-urun\/fetis-baglama-ipi\/","name":"Feti\u0307\u015f Ba\u011flama I\u0307pi\u0307 - Bursa Erotik Shop","isPartOf":{"@id":"https:\/\/hobierotikshop.com.tr\/website1\/#website"},"primaryImageOfPage":{"@id":"https:\/\/hobierotikshop.com.tr\/website1\/erotik-shop-urun\/fetis-baglama-ipi\/#primaryimage"},"image":{"@id":"https:\/\/hobierotikshop.com.tr\/website1\/erotik-shop-urun\/fetis-baglama-ipi\/#primaryimage"},"thumbnailUrl":"https:\/\/haremerotikshop.com\/site\/wp-content\/uploads\/2025\/04\/fetis-baglama-ipi-ea26ca.jpeg","datePublished":"2025-04-26T14:01:45+00:00","dateModified":"2026-01-08T23:58:21+00:00","breadcrumb":{"@id":"https:\/\/hobierotikshop.com.tr\/website1\/erotik-shop-urun\/fetis-baglama-ipi\/#breadcrumb"},"inLanguage":"tr","potentialAction":[{"@type":"ReadAction","target":["https:\/\/hobierotikshop.com.tr\/website1\/erotik-shop-urun\/fetis-baglama-ipi\/"]}]},{"@type":"ImageObject","inLanguage":"tr","@id":"https:\/\/hobierotikshop.com.tr\/website1\/erotik-shop-urun\/fetis-baglama-ipi\/#primaryimage","url":"https:\/\/haremerotikshop.com\/site\/wp-content\/uploads\/2025\/04\/fetis-baglama-ipi-ea26ca.jpeg","contentUrl":"https:\/\/haremerotikshop.com\/site\/wp-content\/uploads\/2025\/04\/fetis-baglama-ipi-ea26ca.jpeg","width":455,"height":539},{"@type":"BreadcrumbList","@id":"https:\/\/hobierotikshop.com.tr\/website1\/erotik-shop-urun\/fetis-baglama-ipi\/#breadcrumb","itemListElement":[{"@type":"ListItem","position":1,"name":"Anasayfa","item":"https:\/\/hobierotikshop.com.tr\/website1\/"},{"@type":"ListItem","position":2,"name":"Erotik Shop \u00dcr\u00fcnleri","item":"https:\/\/hobierotikshop.com.tr\/website1\/shop\/"},{"@type":"ListItem","position":3,"name":"Feti\u0307\u015f Ba\u011flama I\u0307pi\u0307"}]},{"@type":"WebSite","@id":"https:\/\/hobierotikshop.com.tr\/website1\/#website","url":"https:\/\/hobierotikshop.com.tr\/website1\/","name":"Bursa Erotik Shop","description":"Bursa Erotik Shop ile g\u00fcvenli, gizli ve kaliteli yeti\u015fkin \u00fcr\u00fcnleri al\u0131\u015fveri\u015fi! Geni\u015f \u00fcr\u00fcn yelpazemizi ke\u015ffedin, hemen sipari\u015f verin","publisher":{"@id":"https:\/\/hobierotikshop.com.tr\/website1\/#organization"},"alternateName":"Erotik Shop","potentialAction":[{"@type":"SearchAction","target":{"@type":"EntryPoint","urlTemplate":"https:\/\/hobierotikshop.com.tr\/website1\/?s={search_term_string}"},"query-input":{"@type":"PropertyValueSpecification","valueRequired":true,"valueName":"search_term_string"}}],"inLanguage":"tr"},{"@type":"Organization","@id":"https:\/\/hobierotikshop.com.tr\/website1\/#organization","name":"Harem Bursa Erotik Shop","url":"https:\/\/hobierotikshop.com.tr\/website1\/","logo":{"@type":"ImageObject","inLanguage":"tr","@id":"https:\/\/hobierotikshop.com.tr\/website1\/#\/schema\/logo\/image\/","url":"https:\/\/haremerotikshop.com\/site\/wp-content\/uploads\/2025\/03\/haremsexshop.png","contentUrl":"https:\/\/haremerotikshop.com\/site\/wp-content\/uploads\/2025\/03\/haremsexshop.png","width":400,"height":100,"caption":"Harem Bursa Erotik Shop"},"image":{"@id":"https:\/\/hobierotikshop.com.tr\/website1\/#\/schema\/logo\/image\/"},"sameAs":["https:\/\/x.com\/shopbursa"],"publishingPrinciples":"https:\/\/hobierotikshop.com.tr\/website1\/mesafeli-satis-sozlesmesi\/","ownershipFundingInfo":"https:\/\/hobierotikshop.com.tr\/website1\/contact-us\/","actionableFeedbackPolicy":"https:\/\/hobierotikshop.com.tr\/website1\/contact-us\/","correctionsPolicy":"https:\/\/hobierotikshop.com.tr\/website1\/mesafeli-satis-sozlesmesi\/"}]},"product_price_amount":"750.00","product_price_currency":"TRY","og_availability":"instock","product_availability":"instock","product_retailer_item_id":"BDMF031","product_condition":"new"},"_links":{"self":[{"href":"https:\/\/haremerotikshop.com\/site\/wp-json\/wp\/v2\/product\/44563","targetHints":{"allow":["GET"]}}],"collection":[{"href":"https:\/\/haremerotikshop.com\/site\/wp-json\/wp\/v2\/product"}],"about":[{"href":"https:\/\/haremerotikshop.com\/site\/wp-json\/wp\/v2\/types\/product"}],"replies":[{"embeddable":true,"href":"https:\/\/haremerotikshop.com\/site\/wp-json\/wp\/v2\/comments?post=44563"}],"version-history":[{"count":0,"href":"https:\/\/haremerotikshop.com\/site\/wp-json\/wp\/v2\/product\/44563\/revisions"}],"wp:featuredmedia":[{"embeddable":true,"href":"https:\/\/haremerotikshop.com\/site\/wp-json\/wp\/v2\/media\/44565"}],"wp:attachment":[{"href":"https:\/\/haremerotikshop.com\/site\/wp-json\/wp\/v2\/media?parent=44563"}],"wp:term":[{"taxonomy":"product_brand","embeddable":true,"href":"https:\/\/haremerotikshop.com\/site\/wp-json\/wp\/v2\/product_brand?post=44563"},{"taxonomy":"product_cat","embeddable":true,"href":"https:\/\/haremerotikshop.com\/site\/wp-json\/wp\/v2\/product_cat?post=44563"},{"taxonomy":"product_tag","embeddable":true,"href":"https:\/\/haremerotikshop.com\/site\/wp-json\/wp\/v2\/product_tag?post=44563"}],"curies":[{"name":"wp","href":"https:\/\/api.w.org\/{rel}","templated":true}]}}