{"id":44583,"date":"2025-04-26T17:01:45","date_gmt":"2025-04-26T14:01:45","guid":{"rendered":"https:\/\/haremerotikshop.com\/site\/erotik-shop-urun\/hena-tam-boy-silikon-bebek\/"},"modified":"2026-01-08T15:42:34","modified_gmt":"2026-01-08T12:42:34","slug":"hena-tam-boy-silikon-bebek","status":"publish","type":"product","link":"https:\/\/haremerotikshop.com\/site\/erotik-shop-urun\/hena-tam-boy-silikon-bebek\/","title":{"rendered":"Hena Tam Boy Silikon Bebek"},"content":{"rendered":"<h2 class=\"\" data-start=\"308\" data-end=\"367\">Hena Tam Boy Silikon Bebek \u2013 Ger\u00e7ekli\u011fe En Yak\u0131n Deneyim<\/h2>\n<p class=\"\" data-start=\"369\" data-end=\"511\"><strong data-start=\"369\" data-end=\"382\">\u00dcr\u00fcn Ad\u0131:<\/strong> Hena Tam Boy Silikon Bebek<br data-start=\"409\" data-end=\"412\" \/><strong data-start=\"412\" data-end=\"420\">Boy:<\/strong> 160 cm \u2013 <strong data-start=\"430\" data-end=\"442\">A\u011f\u0131rl\u0131k:<\/strong> 36 kg<br data-start=\"448\" data-end=\"451\" \/><strong data-start=\"451\" data-end=\"470\">V\u00fccut \u00d6l\u00e7\u00fcleri:<\/strong> G\u00f6\u011f\u00fcs: 81 cm | Bel: 46 cm | Kal\u00e7a: 90 cm<\/p>\n<hr class=\"\" data-start=\"513\" data-end=\"516\" \/>\n<h3 class=\"\" data-start=\"518\" data-end=\"555\">Hayal G\u00fcc\u00fcn\u00fcz\u00fc Ger\u00e7e\u011fe D\u00f6n\u00fc\u015ft\u00fcr\u00fcn<\/h3>\n<p class=\"\" data-start=\"557\" data-end=\"871\"><strong data-start=\"557\" data-end=\"565\">Hena<\/strong>, ger\u00e7e\u011fe en yak\u0131n hisse sahip, tam boy bir <strong data-start=\"609\" data-end=\"641\">ger\u00e7ek\u00e7i silikon seks bebe\u011fi<\/strong> olarak, \u00f6zel tasar\u0131m\u0131yla cinsel hayat\u0131n\u0131za farkl\u0131l\u0131k ve tutku katmak i\u00e7in haz\u0131r. Ger\u00e7ek insan tenine en yak\u0131n silikon materyalden \u00fcretilmi\u015f olan bu \u00f6zel \u00fcr\u00fcn, sizinle her t\u00fcrl\u00fc pozisyona girebilecek \u015fekilde esnek ve dayan\u0131kl\u0131d\u0131r.<\/p>\n<hr class=\"\" data-start=\"873\" data-end=\"876\" \/>\n<h3 class=\"\" data-start=\"878\" data-end=\"909\">\u00dcst D\u00fczey Realistik Deneyim<\/h3>\n<ul data-start=\"911\" data-end=\"1190\">\n<li class=\"\" data-start=\"911\" data-end=\"1007\">\n<p class=\"\" data-start=\"913\" data-end=\"1007\">\u2705 <strong data-start=\"915\" data-end=\"949\">Vajinal, anal ve oral b\u00f6lgeler<\/strong> tamamen ger\u00e7ek\u00e7i ve fonksiyonel \u015fekilde tasarlanm\u0131\u015ft\u0131r.<\/p>\n<\/li>\n<li class=\"\" data-start=\"1008\" data-end=\"1090\">\n<p class=\"\" data-start=\"1010\" data-end=\"1090\">\u2705 Geli\u015fmi\u015f i\u00e7 yap\u0131 ve doku teknolojisi sayesinde maksimum haz deneyimi sa\u011flar.<\/p>\n<\/li>\n<li class=\"\" data-start=\"1091\" data-end=\"1190\">\n<p class=\"\" data-start=\"1093\" data-end=\"1190\">\u2705 T\u00fcm hareketleri destekleyen esnek iskelet sistemi ile istedi\u011finiz pozisyonu uygulayabilirsiniz.<\/p>\n<\/li>\n<\/ul>\n<hr class=\"\" data-start=\"1192\" data-end=\"1195\" \/>\n<h3 class=\"\" data-start=\"1197\" data-end=\"1229\">Kaliteli ve G\u00fcvenli Materyal<\/h3>\n<p class=\"\" data-start=\"1231\" data-end=\"1464\"><strong data-start=\"1231\" data-end=\"1261\">Hena Tam Boy Silikon Bebek<\/strong>, t\u0131bbi s\u0131n\u0131f silikon kullan\u0131larak \u00fcretilmi\u015ftir. Bu sayede hem g\u00fcvenli hem de hijyenik bir kullan\u0131m sunar. <strong data-start=\"1368\" data-end=\"1418\">Cilt dostu ve toksik madde i\u00e7ermeyen malzemesi<\/strong>, \u00fcr\u00fcn\u00fc uzun s\u00fcreli kullan\u0131m i\u00e7in ideal k\u0131lar.<\/p>\n<blockquote data-start=\"1466\" data-end=\"1557\">\n<p class=\"\" data-start=\"1468\" data-end=\"1557\">Her kullan\u0131m sonras\u0131 <strong data-start=\"1489\" data-end=\"1529\">\u0131l\u0131k su ve uygun temizleyici \u00fcr\u00fcnler<\/strong> ile kolayca temizlenebilir.<\/p>\n<\/blockquote>\n<hr class=\"\" data-start=\"1559\" data-end=\"1562\" \/>\n<h3 class=\"\" data-start=\"1564\" data-end=\"1597\">Gizlilik ve G\u00fcven \u00d6nceli\u011fimiz<\/h3>\n<ul data-start=\"1599\" data-end=\"1820\">\n<li class=\"\" data-start=\"1599\" data-end=\"1685\">\n<p class=\"\" data-start=\"1601\" data-end=\"1685\">\ud83d\udcbc Sipari\u015fleriniz <strong data-start=\"1619\" data-end=\"1634\">gizli kargo<\/strong> ile, i\u00e7eri\u011fi belli olmayacak \u015fekilde g\u00f6nderilir.<\/p>\n<\/li>\n<li class=\"\" data-start=\"1686\" data-end=\"1766\">\n<p class=\"\" data-start=\"1688\" data-end=\"1766\">\ud83d\udce6 \u00dcr\u00fcnler kapal\u0131 koli i\u00e7inde, hi\u00e7bir ibare bulunmayacak \u015fekilde paketlenir.<\/p>\n<\/li>\n<li class=\"\" data-start=\"1767\" data-end=\"1820\">\n<p class=\"\" data-start=\"1769\" data-end=\"1820\">\ud83d\udd10 Tam gizlilik ve m\u00fc\u015fteri memnuniyeti esas al\u0131n\u0131r.<\/p>\n<\/li>\n<\/ul>\n<hr class=\"\" data-start=\"1822\" data-end=\"1825\" \/>\n<h3 class=\"\" data-start=\"1827\" data-end=\"1862\">Sipari\u015f ve Teslimat Se\u00e7enekleri<\/h3>\n<ul data-start=\"1864\" data-end=\"2083\">\n<li class=\"\" data-start=\"1864\" data-end=\"1915\">\n<p class=\"\" data-start=\"1866\" data-end=\"1915\">\ud83d\udecd <strong data-start=\"1869\" data-end=\"1903\">Kap\u0131da nakit ya da kredi kart\u0131<\/strong> ile \u00f6deme<\/p>\n<\/li>\n<li class=\"\" data-start=\"1916\" data-end=\"1960\">\n<p class=\"\" data-start=\"1918\" data-end=\"1960\">\ud83c\udfe6 <strong data-start=\"1921\" data-end=\"1949\">Banka havalesi ile \u00f6deme<\/strong> se\u00e7ene\u011fi<\/p>\n<\/li>\n<li class=\"\" data-start=\"1961\" data-end=\"2006\">\n<p class=\"\" data-start=\"1963\" data-end=\"2006\">\ud83d\ude9a <strong data-start=\"1966\" data-end=\"2004\">H\u0131zl\u0131 g\u00f6nderim ve takipli teslimat<\/strong><\/p>\n<\/li>\n<li class=\"\" data-start=\"2007\" data-end=\"2083\">\n<p class=\"\" data-start=\"2009\" data-end=\"2083\">\ud83c\udfe0 Dilerseniz <strong data-start=\"2023\" data-end=\"2040\">adrese teslim<\/strong>, dilerseniz <strong data-start=\"2053\" data-end=\"2076\">\u015fubeden teslim alma<\/strong> imk\u00e2n\u0131<\/p>\n<\/li>\n<\/ul>\n<hr class=\"\" data-start=\"2085\" data-end=\"2088\" \/>\n<h3 class=\"\" data-start=\"2090\" data-end=\"2105\">Neden Hena?<\/h3>\n<ul data-start=\"2107\" data-end=\"2303\">\n<li class=\"\" data-start=\"2107\" data-end=\"2149\">\n<p class=\"\" data-start=\"2109\" data-end=\"2149\">\u2705 Ger\u00e7ek insan tenine en yak\u0131n dokunu\u015f<\/p>\n<\/li>\n<li class=\"\" data-start=\"2150\" data-end=\"2190\">\n<p class=\"\" data-start=\"2152\" data-end=\"2190\">\u2705 Ger\u00e7ek\u00e7i a\u011f\u0131z, vajina ve anal yap\u0131<\/p>\n<\/li>\n<li class=\"\" data-start=\"2191\" data-end=\"2222\">\n<p class=\"\" data-start=\"2193\" data-end=\"2222\">\u2705 Tam boy, ger\u00e7ek\u00e7i oranlar<\/p>\n<\/li>\n<li class=\"\" data-start=\"2223\" data-end=\"2261\">\n<p class=\"\" data-start=\"2225\" data-end=\"2261\">\u2705 Y\u00fcksek kalite silikon ve i\u00e7 yap\u0131<\/p>\n<\/li>\n<li class=\"\" data-start=\"2262\" data-end=\"2303\">\n<p class=\"\" data-start=\"2264\" data-end=\"2303\">\u2705 Mahremiyete sayg\u0131l\u0131 g\u00f6nderim ve sat\u0131\u015f<\/p>\n<\/li>\n<\/ul>\n<hr class=\"\" data-start=\"2305\" data-end=\"2308\" \/>\n<h2 class=\"\" data-start=\"2310\" data-end=\"2388\">Cinsellikte yeni bir boyut ke\u015ffetmek istiyorsan\u0131z, Hena sizin i\u00e7in haz\u0131r!<\/h2>\n<p class=\"\" data-start=\"2389\" data-end=\"2444\"><strong data-start=\"2389\" data-end=\"2444\">\u015eimdi sipari\u015f verin, tutkular\u0131n\u0131z\u0131 \u00f6zg\u00fcrce ya\u015fay\u0131n.<\/strong><\/p>\n<p>&nbsp;<\/p>\n<p>&nbsp;<\/p>\n<p><a href=\"http:\/\/api.whatsapp.com\/send?phone=905304676616&amp;text=Sipari%C5%9F%20Vermek%20%C4%B0stiyorum%20haremshop%20BDM2223\"><img fetchpriority=\"high\" decoding=\"async\" class=\"alignnone\" src=\"https:\/\/static.ticimax.cloud\/32886\/uploads\/editoruploads\/whatsapp-destek-hatti_mobil.gif\" alt=\"\" width=\"750\" height=\"117\" \/><\/a><\/p>\n","protected":false},"excerpt":{"rendered":"<p><strong data-start=\"557\" data-end=\"565\">Hena<\/strong>, ger\u00e7e\u011fe en yak\u0131n hisse sahip, tam boy bir <strong data-start=\"609\" data-end=\"641\">ger\u00e7ek\u00e7i silikon seks bebe\u011fi<\/strong> olarak, \u00f6zel tasar\u0131m\u0131yla cinsel hayat\u0131n\u0131za farkl\u0131l\u0131k ve tutku katmak i\u00e7in haz\u0131r. Ger\u00e7ek insan tenine en yak\u0131n silikon materyalden \u00fcretilmi\u015f olan bu \u00f6zel \u00fcr\u00fcn, sizinle her t\u00fcrl\u00fc pozisyona girebilecek \u015fekilde esnek ve dayan\u0131kl\u0131d\u0131r.<\/p>\n","protected":false},"featured_media":44585,"comment_status":"closed","ping_status":"closed","template":"","meta":[],"product_brand":[],"product_cat":[489],"product_tag":[],"class_list":{"0":"post-44583","1":"product","2":"type-product","3":"status-publish","4":"has-post-thumbnail","6":"product_cat-silikon-mankenler","8":"first","9":"instock","10":"purchasable","11":"product-type-simple"},"yoast_head":"<!-- This site is optimized with the Yoast SEO Premium plugin v24.4 (Yoast SEO v27.1.1) - https:\/\/yoast.com\/product\/yoast-seo-premium-wordpress\/ -->\n<title>Hena Tam Boy Silikon Bebek - Bursa Erotik Shop<\/title>\n<meta name=\"robots\" content=\"index, follow, max-snippet:-1, max-image-preview:large, max-video-preview:-1\" \/>\n<link rel=\"canonical\" href=\"https:\/\/hobierotikshop.com.tr\/website1\/erotik-shop-urun\/hena-tam-boy-silikon-bebek\/\" \/>\n<meta property=\"og:locale\" content=\"tr_TR\" \/>\n<meta property=\"og:type\" content=\"article\" \/>\n<meta property=\"og:title\" content=\"Hena Tam Boy Silikon Bebek\" \/>\n<meta property=\"og:description\" content=\"Hena, ger\u00e7e\u011fe en yak\u0131n hisse sahip, tam boy bir ger\u00e7ek\u00e7i silikon seks bebe\u011fi olarak, \u00f6zel tasar\u0131m\u0131yla cinsel hayat\u0131n\u0131za farkl\u0131l\u0131k ve tutku katmak i\u00e7in haz\u0131r. Ger\u00e7ek insan tenine en yak\u0131n silikon materyalden \u00fcretilmi\u015f olan bu \u00f6zel \u00fcr\u00fcn, sizinle her t\u00fcrl\u00fc pozisyona girebilecek \u015fekilde esnek ve dayan\u0131kl\u0131d\u0131r.\" \/>\n<meta property=\"og:url\" content=\"https:\/\/hobierotikshop.com.tr\/website1\/erotik-shop-urun\/hena-tam-boy-silikon-bebek\/\" \/>\n<meta property=\"og:site_name\" content=\"Bursa Erotik Shop\" \/>\n<meta property=\"article:modified_time\" content=\"2026-01-08T12:42:34+00:00\" \/>\n<meta property=\"og:image\" content=\"https:\/\/hobierotikshop.com.tr\/website1\/wp-content\/uploads\/2025\/04\/hena-tam-boy-silikon-bebek-3f2e8f.jpg\" \/>\n\t<meta property=\"og:image:width\" content=\"455\" \/>\n\t<meta property=\"og:image:height\" content=\"682\" \/>\n\t<meta property=\"og:image:type\" content=\"image\/jpeg\" \/>\n<meta name=\"twitter:card\" content=\"summary_large_image\" \/>\n<meta name=\"twitter:site\" content=\"@shopbursa\" \/>\n<meta name=\"twitter:label1\" content=\"Fiyat\" \/>\n\t<meta name=\"twitter:data1\" content=\"&#8378;80.000,00\" \/>\n\t<meta name=\"twitter:label2\" content=\"Availability\" \/>\n\t<meta name=\"twitter:data2\" content=\"In stock\" \/>\n<script type=\"application\/ld+json\" class=\"yoast-schema-graph\">{\"@context\":\"https:\/\/schema.org\",\"@graph\":[{\"@type\":\"WebPage\",\"@id\":\"https:\/\/hobierotikshop.com.tr\/website1\/erotik-shop-urun\/hena-tam-boy-silikon-bebek\/\",\"url\":\"https:\/\/hobierotikshop.com.tr\/website1\/erotik-shop-urun\/hena-tam-boy-silikon-bebek\/\",\"name\":\"Hena Tam Boy Silikon Bebek - Bursa Erotik Shop\",\"isPartOf\":{\"@id\":\"https:\/\/hobierotikshop.com.tr\/website1\/#website\"},\"primaryImageOfPage\":{\"@id\":\"https:\/\/hobierotikshop.com.tr\/website1\/erotik-shop-urun\/hena-tam-boy-silikon-bebek\/#primaryimage\"},\"image\":{\"@id\":\"https:\/\/hobierotikshop.com.tr\/website1\/erotik-shop-urun\/hena-tam-boy-silikon-bebek\/#primaryimage\"},\"thumbnailUrl\":\"https:\/\/haremerotikshop.com\/site\/wp-content\/uploads\/2025\/04\/hena-tam-boy-silikon-bebek-3f2e8f.jpg\",\"datePublished\":\"2025-04-26T14:01:45+00:00\",\"dateModified\":\"2026-01-08T12:42:34+00:00\",\"breadcrumb\":{\"@id\":\"https:\/\/hobierotikshop.com.tr\/website1\/erotik-shop-urun\/hena-tam-boy-silikon-bebek\/#breadcrumb\"},\"inLanguage\":\"tr\",\"potentialAction\":[{\"@type\":\"ReadAction\",\"target\":[\"https:\/\/hobierotikshop.com.tr\/website1\/erotik-shop-urun\/hena-tam-boy-silikon-bebek\/\"]}]},{\"@type\":\"ImageObject\",\"inLanguage\":\"tr\",\"@id\":\"https:\/\/hobierotikshop.com.tr\/website1\/erotik-shop-urun\/hena-tam-boy-silikon-bebek\/#primaryimage\",\"url\":\"https:\/\/haremerotikshop.com\/site\/wp-content\/uploads\/2025\/04\/hena-tam-boy-silikon-bebek-3f2e8f.jpg\",\"contentUrl\":\"https:\/\/haremerotikshop.com\/site\/wp-content\/uploads\/2025\/04\/hena-tam-boy-silikon-bebek-3f2e8f.jpg\",\"width\":455,\"height\":682},{\"@type\":\"BreadcrumbList\",\"@id\":\"https:\/\/hobierotikshop.com.tr\/website1\/erotik-shop-urun\/hena-tam-boy-silikon-bebek\/#breadcrumb\",\"itemListElement\":[{\"@type\":\"ListItem\",\"position\":1,\"name\":\"Anasayfa\",\"item\":\"https:\/\/hobierotikshop.com.tr\/website1\/\"},{\"@type\":\"ListItem\",\"position\":2,\"name\":\"Erotik Shop \u00dcr\u00fcnleri\",\"item\":\"https:\/\/hobierotikshop.com.tr\/website1\/shop\/\"},{\"@type\":\"ListItem\",\"position\":3,\"name\":\"Hena Tam Boy Silikon Bebek\"}]},{\"@type\":\"WebSite\",\"@id\":\"https:\/\/hobierotikshop.com.tr\/website1\/#website\",\"url\":\"https:\/\/hobierotikshop.com.tr\/website1\/\",\"name\":\"Bursa Erotik Shop\",\"description\":\"Bursa Erotik Shop ile g\u00fcvenli, gizli ve kaliteli yeti\u015fkin \u00fcr\u00fcnleri al\u0131\u015fveri\u015fi! Geni\u015f \u00fcr\u00fcn yelpazemizi ke\u015ffedin, hemen sipari\u015f verin\",\"publisher\":{\"@id\":\"https:\/\/hobierotikshop.com.tr\/website1\/#organization\"},\"alternateName\":\"Erotik Shop\",\"potentialAction\":[{\"@type\":\"SearchAction\",\"target\":{\"@type\":\"EntryPoint\",\"urlTemplate\":\"https:\/\/hobierotikshop.com.tr\/website1\/?s={search_term_string}\"},\"query-input\":{\"@type\":\"PropertyValueSpecification\",\"valueRequired\":true,\"valueName\":\"search_term_string\"}}],\"inLanguage\":\"tr\"},{\"@type\":\"Organization\",\"@id\":\"https:\/\/hobierotikshop.com.tr\/website1\/#organization\",\"name\":\"Harem Bursa Erotik Shop\",\"url\":\"https:\/\/hobierotikshop.com.tr\/website1\/\",\"logo\":{\"@type\":\"ImageObject\",\"inLanguage\":\"tr\",\"@id\":\"https:\/\/hobierotikshop.com.tr\/website1\/#\/schema\/logo\/image\/\",\"url\":\"https:\/\/haremerotikshop.com\/site\/wp-content\/uploads\/2025\/03\/haremsexshop.png\",\"contentUrl\":\"https:\/\/haremerotikshop.com\/site\/wp-content\/uploads\/2025\/03\/haremsexshop.png\",\"width\":400,\"height\":100,\"caption\":\"Harem Bursa Erotik Shop\"},\"image\":{\"@id\":\"https:\/\/hobierotikshop.com.tr\/website1\/#\/schema\/logo\/image\/\"},\"sameAs\":[\"https:\/\/x.com\/shopbursa\"],\"publishingPrinciples\":\"https:\/\/hobierotikshop.com.tr\/website1\/mesafeli-satis-sozlesmesi\/\",\"ownershipFundingInfo\":\"https:\/\/hobierotikshop.com.tr\/website1\/contact-us\/\",\"actionableFeedbackPolicy\":\"https:\/\/hobierotikshop.com.tr\/website1\/contact-us\/\",\"correctionsPolicy\":\"https:\/\/hobierotikshop.com.tr\/website1\/mesafeli-satis-sozlesmesi\/\"}]}<\/script>\n<meta property=\"product:price:amount\" content=\"80000.00\" \/>\n<meta property=\"product:price:currency\" content=\"TRY\" \/>\n<meta property=\"og:availability\" content=\"instock\" \/>\n<meta property=\"product:availability\" content=\"instock\" \/>\n<meta property=\"product:retailer_item_id\" content=\"BDM2223\" \/>\n<meta property=\"product:condition\" content=\"new\" \/>\n<!-- \/ Yoast SEO Premium plugin. -->","yoast_head_json":{"title":"Hena Tam Boy Silikon Bebek - Bursa Erotik Shop","robots":{"index":"index","follow":"follow","max-snippet":"max-snippet:-1","max-image-preview":"max-image-preview:large","max-video-preview":"max-video-preview:-1"},"canonical":"https:\/\/hobierotikshop.com.tr\/website1\/erotik-shop-urun\/hena-tam-boy-silikon-bebek\/","og_locale":"tr_TR","og_type":"article","og_title":"Hena Tam Boy Silikon Bebek","og_description":"Hena, ger\u00e7e\u011fe en yak\u0131n hisse sahip, tam boy bir ger\u00e7ek\u00e7i silikon seks bebe\u011fi olarak, \u00f6zel tasar\u0131m\u0131yla cinsel hayat\u0131n\u0131za farkl\u0131l\u0131k ve tutku katmak i\u00e7in haz\u0131r. Ger\u00e7ek insan tenine en yak\u0131n silikon materyalden \u00fcretilmi\u015f olan bu \u00f6zel \u00fcr\u00fcn, sizinle her t\u00fcrl\u00fc pozisyona girebilecek \u015fekilde esnek ve dayan\u0131kl\u0131d\u0131r.","og_url":"https:\/\/hobierotikshop.com.tr\/website1\/erotik-shop-urun\/hena-tam-boy-silikon-bebek\/","og_site_name":"Bursa Erotik Shop","article_modified_time":"2026-01-08T12:42:34+00:00","og_image":[{"width":455,"height":682,"url":"https:\/\/hobierotikshop.com.tr\/website1\/wp-content\/uploads\/2025\/04\/hena-tam-boy-silikon-bebek-3f2e8f.jpg","type":"image\/jpeg"}],"twitter_card":"summary_large_image","twitter_site":"@shopbursa","twitter_misc":{"Fiyat":"&#8378;80.000,00","Availability":"In stock"},"schema":{"@context":"https:\/\/schema.org","@graph":[{"@type":"WebPage","@id":"https:\/\/hobierotikshop.com.tr\/website1\/erotik-shop-urun\/hena-tam-boy-silikon-bebek\/","url":"https:\/\/hobierotikshop.com.tr\/website1\/erotik-shop-urun\/hena-tam-boy-silikon-bebek\/","name":"Hena Tam Boy Silikon Bebek - Bursa Erotik Shop","isPartOf":{"@id":"https:\/\/hobierotikshop.com.tr\/website1\/#website"},"primaryImageOfPage":{"@id":"https:\/\/hobierotikshop.com.tr\/website1\/erotik-shop-urun\/hena-tam-boy-silikon-bebek\/#primaryimage"},"image":{"@id":"https:\/\/hobierotikshop.com.tr\/website1\/erotik-shop-urun\/hena-tam-boy-silikon-bebek\/#primaryimage"},"thumbnailUrl":"https:\/\/haremerotikshop.com\/site\/wp-content\/uploads\/2025\/04\/hena-tam-boy-silikon-bebek-3f2e8f.jpg","datePublished":"2025-04-26T14:01:45+00:00","dateModified":"2026-01-08T12:42:34+00:00","breadcrumb":{"@id":"https:\/\/hobierotikshop.com.tr\/website1\/erotik-shop-urun\/hena-tam-boy-silikon-bebek\/#breadcrumb"},"inLanguage":"tr","potentialAction":[{"@type":"ReadAction","target":["https:\/\/hobierotikshop.com.tr\/website1\/erotik-shop-urun\/hena-tam-boy-silikon-bebek\/"]}]},{"@type":"ImageObject","inLanguage":"tr","@id":"https:\/\/hobierotikshop.com.tr\/website1\/erotik-shop-urun\/hena-tam-boy-silikon-bebek\/#primaryimage","url":"https:\/\/haremerotikshop.com\/site\/wp-content\/uploads\/2025\/04\/hena-tam-boy-silikon-bebek-3f2e8f.jpg","contentUrl":"https:\/\/haremerotikshop.com\/site\/wp-content\/uploads\/2025\/04\/hena-tam-boy-silikon-bebek-3f2e8f.jpg","width":455,"height":682},{"@type":"BreadcrumbList","@id":"https:\/\/hobierotikshop.com.tr\/website1\/erotik-shop-urun\/hena-tam-boy-silikon-bebek\/#breadcrumb","itemListElement":[{"@type":"ListItem","position":1,"name":"Anasayfa","item":"https:\/\/hobierotikshop.com.tr\/website1\/"},{"@type":"ListItem","position":2,"name":"Erotik Shop \u00dcr\u00fcnleri","item":"https:\/\/hobierotikshop.com.tr\/website1\/shop\/"},{"@type":"ListItem","position":3,"name":"Hena Tam Boy Silikon Bebek"}]},{"@type":"WebSite","@id":"https:\/\/hobierotikshop.com.tr\/website1\/#website","url":"https:\/\/hobierotikshop.com.tr\/website1\/","name":"Bursa Erotik Shop","description":"Bursa Erotik Shop ile g\u00fcvenli, gizli ve kaliteli yeti\u015fkin \u00fcr\u00fcnleri al\u0131\u015fveri\u015fi! Geni\u015f \u00fcr\u00fcn yelpazemizi ke\u015ffedin, hemen sipari\u015f verin","publisher":{"@id":"https:\/\/hobierotikshop.com.tr\/website1\/#organization"},"alternateName":"Erotik Shop","potentialAction":[{"@type":"SearchAction","target":{"@type":"EntryPoint","urlTemplate":"https:\/\/hobierotikshop.com.tr\/website1\/?s={search_term_string}"},"query-input":{"@type":"PropertyValueSpecification","valueRequired":true,"valueName":"search_term_string"}}],"inLanguage":"tr"},{"@type":"Organization","@id":"https:\/\/hobierotikshop.com.tr\/website1\/#organization","name":"Harem Bursa Erotik Shop","url":"https:\/\/hobierotikshop.com.tr\/website1\/","logo":{"@type":"ImageObject","inLanguage":"tr","@id":"https:\/\/hobierotikshop.com.tr\/website1\/#\/schema\/logo\/image\/","url":"https:\/\/haremerotikshop.com\/site\/wp-content\/uploads\/2025\/03\/haremsexshop.png","contentUrl":"https:\/\/haremerotikshop.com\/site\/wp-content\/uploads\/2025\/03\/haremsexshop.png","width":400,"height":100,"caption":"Harem Bursa Erotik Shop"},"image":{"@id":"https:\/\/hobierotikshop.com.tr\/website1\/#\/schema\/logo\/image\/"},"sameAs":["https:\/\/x.com\/shopbursa"],"publishingPrinciples":"https:\/\/hobierotikshop.com.tr\/website1\/mesafeli-satis-sozlesmesi\/","ownershipFundingInfo":"https:\/\/hobierotikshop.com.tr\/website1\/contact-us\/","actionableFeedbackPolicy":"https:\/\/hobierotikshop.com.tr\/website1\/contact-us\/","correctionsPolicy":"https:\/\/hobierotikshop.com.tr\/website1\/mesafeli-satis-sozlesmesi\/"}]},"product_price_amount":"80000.00","product_price_currency":"TRY","og_availability":"instock","product_availability":"instock","product_retailer_item_id":"BDM2223","product_condition":"new"},"_links":{"self":[{"href":"https:\/\/haremerotikshop.com\/site\/wp-json\/wp\/v2\/product\/44583","targetHints":{"allow":["GET"]}}],"collection":[{"href":"https:\/\/haremerotikshop.com\/site\/wp-json\/wp\/v2\/product"}],"about":[{"href":"https:\/\/haremerotikshop.com\/site\/wp-json\/wp\/v2\/types\/product"}],"replies":[{"embeddable":true,"href":"https:\/\/haremerotikshop.com\/site\/wp-json\/wp\/v2\/comments?post=44583"}],"version-history":[{"count":0,"href":"https:\/\/haremerotikshop.com\/site\/wp-json\/wp\/v2\/product\/44583\/revisions"}],"wp:featuredmedia":[{"embeddable":true,"href":"https:\/\/haremerotikshop.com\/site\/wp-json\/wp\/v2\/media\/44585"}],"wp:attachment":[{"href":"https:\/\/haremerotikshop.com\/site\/wp-json\/wp\/v2\/media?parent=44583"}],"wp:term":[{"taxonomy":"product_brand","embeddable":true,"href":"https:\/\/haremerotikshop.com\/site\/wp-json\/wp\/v2\/product_brand?post=44583"},{"taxonomy":"product_cat","embeddable":true,"href":"https:\/\/haremerotikshop.com\/site\/wp-json\/wp\/v2\/product_cat?post=44583"},{"taxonomy":"product_tag","embeddable":true,"href":"https:\/\/haremerotikshop.com\/site\/wp-json\/wp\/v2\/product_tag?post=44583"}],"curies":[{"name":"wp","href":"https:\/\/api.w.org\/{rel}","templated":true}]}}