{"id":44617,"date":"2025-04-26T17:02:43","date_gmt":"2025-04-26T14:02:43","guid":{"rendered":"https:\/\/haremerotikshop.com\/site\/erotik-shop-urun\/buyuk-goguslu-realistik-suni-vajina-anal-masturbator-melez-hannah\/"},"modified":"2026-01-08T15:35:30","modified_gmt":"2026-01-08T12:35:30","slug":"buyuk-goguslu-realistik-suni-vajina-anal-masturbator-melez-hannah","status":"publish","type":"product","link":"https:\/\/haremerotikshop.com\/site\/erotik-shop-urun\/buyuk-goguslu-realistik-suni-vajina-anal-masturbator-melez-hannah\/","title":{"rendered":"B\u00fcy\u00fck G\u00f6\u011f\u00fcsl\u00fc Realistik Suni Vajina Anal Mast\u00fcrbat\u00f6r Melez &#8211; Hannah"},"content":{"rendered":"<h2 class=\"\" data-start=\"210\" data-end=\"287\"><strong data-start=\"213\" data-end=\"287\">B\u00fcy\u00fck G\u00f6\u011f\u00fcsl\u00fc Realistik Suni Vajina ve Anal Mast\u00fcrbat\u00f6r \u2013 Melez Hannah<\/strong><\/h2>\n<h3 class=\"\" data-start=\"289\" data-end=\"350\">Ger\u00e7ekli\u011fin Zirvesine Yolculuk: Hannah ile Fark\u0131 Hissedin<\/h3>\n<p class=\"\" data-start=\"352\" data-end=\"707\">Cinsel sa\u011fl\u0131\u011f\u0131n\u0131z\u0131 ve ki\u015fisel mutlulu\u011funuzu \u00f6n planda tutan <strong data-start=\"412\" data-end=\"458\">Hannah B\u00fcy\u00fck G\u00f6\u011f\u00fcsl\u00fc Realistik Mast\u00fcrbat\u00f6r<\/strong>, ger\u00e7ek insan tenine en yak\u0131n hissiyat\u0131 sunarak yaln\u0131z ge\u00e7en anlar\u0131n\u0131z\u0131 unutulmaz deneyimlere d\u00f6n\u00fc\u015ft\u00fcr\u00fcr. <strong data-start=\"565\" data-end=\"588\">Ger\u00e7ek\u00e7i ten dokusu<\/strong>, <strong data-start=\"590\" data-end=\"609\">yumu\u015fac\u0131k hissi<\/strong> ve <strong data-start=\"613\" data-end=\"659\">\u00e7ift giri\u015fli (vajinal ve anal) tasar\u0131m\u0131yla<\/strong> maksimum haz i\u00e7in \u00f6zel olarak geli\u015ftirilmi\u015ftir.<\/p>\n<hr class=\"\" data-start=\"709\" data-end=\"712\" \/>\n<h3 class=\"\" data-start=\"714\" data-end=\"738\"><strong data-start=\"718\" data-end=\"738\">\u00dcr\u00fcn \u00d6zellikleri<\/strong><\/h3>\n<p class=\"\" data-start=\"740\" data-end=\"903\">\ud83d\udd39 <strong data-start=\"743\" data-end=\"776\">Realistik Dokulu Melez Model:<\/strong><br data-start=\"776\" data-end=\"779\" \/>Cilt dostu TPE malzeme ile \u00fcretilen Hannah, ger\u00e7ek insan tenine benzerli\u011fiyle \u015fa\u015f\u0131rt\u0131c\u0131 derecede ger\u00e7ek\u00e7i bir deneyim sunar.<\/p>\n<p class=\"\" data-start=\"905\" data-end=\"1064\">\ud83d\udd39 <strong data-start=\"908\" data-end=\"949\">\u00c7ift Giri\u015f \u00d6zelli\u011fi (Anal + Vajinal):<\/strong><br data-start=\"949\" data-end=\"952\" \/>Farkl\u0131 zevklere hitap eden \u00e7ift kullan\u0131m \u00f6zelli\u011fi ile tercih sizin. Her iki giri\u015f de detayl\u0131 anatomik yap\u0131dad\u0131r.<\/p>\n<p class=\"\" data-start=\"1066\" data-end=\"1208\">\ud83d\udd39 <strong data-start=\"1069\" data-end=\"1103\">Her Penis Ebat\u0131na Uyum Sa\u011flar:<\/strong><br data-start=\"1103\" data-end=\"1106\" \/>Esnek ve \u015fekil alabilen \u00f6zel i\u00e7 yap\u0131s\u0131 sayesinde t\u00fcm penis boyutlar\u0131na uyum g\u00f6sterir ve formunu korur.<\/p>\n<p class=\"\" data-start=\"1210\" data-end=\"1332\">\ud83d\udd39 <strong data-start=\"1213\" data-end=\"1248\">Kullan\u0131m Sonras\u0131 Formunu Korur:<\/strong><br data-start=\"1248\" data-end=\"1251\" \/>Kaliteli ve dayan\u0131kl\u0131 malzemesi sayesinde deforme olmadan ilk g\u00fcnk\u00fc haline d\u00f6ner.<\/p>\n<p class=\"\" data-start=\"1334\" data-end=\"1454\">\ud83d\udd39 <strong data-start=\"1337\" data-end=\"1365\">Kolay Temizlik &amp; Hijyen:<\/strong><br data-start=\"1365\" data-end=\"1368\" \/>S\u0131cak su ve uygun temizleyicilerle kolayca temizlenebilir. Uzun \u00f6m\u00fcrl\u00fc ve hijyeniktir.<\/p>\n<p class=\"\" data-start=\"1456\" data-end=\"1474\">\ud83d\udd39 <strong data-start=\"1459\" data-end=\"1472\">Boyutlar:<\/strong><\/p>\n<ul data-start=\"1475\" data-end=\"1546\">\n<li class=\"\" data-start=\"1475\" data-end=\"1499\">\n<p class=\"\" data-start=\"1477\" data-end=\"1499\">Uzunluk: <strong data-start=\"1486\" data-end=\"1497\">16,5 cm<\/strong><\/p>\n<\/li>\n<li class=\"\" data-start=\"1500\" data-end=\"1524\">\n<p class=\"\" data-start=\"1502\" data-end=\"1524\">Geni\u015flik: <strong data-start=\"1512\" data-end=\"1522\">9,1 cm<\/strong><\/p>\n<\/li>\n<li class=\"\" data-start=\"1525\" data-end=\"1546\">\n<p class=\"\" data-start=\"1527\" data-end=\"1546\">A\u011f\u0131rl\u0131k: <strong data-start=\"1536\" data-end=\"1546\">520 gr<\/strong><\/p>\n<\/li>\n<\/ul>\n<hr class=\"\" data-start=\"1548\" data-end=\"1551\" \/>\n<h3 class=\"\" data-start=\"1553\" data-end=\"1601\"><strong data-start=\"1557\" data-end=\"1601\">Kullan\u0131c\u0131 Dostu Tasar\u0131m, G\u00fcvenli Deneyim<\/strong><\/h3>\n<ul data-start=\"1603\" data-end=\"1848\">\n<li class=\"\" data-start=\"1603\" data-end=\"1680\">\n<p class=\"\" data-start=\"1605\" data-end=\"1680\"><strong data-start=\"1605\" data-end=\"1628\">Cilt Dostu Malzeme:<\/strong> Alerji yapmayan, BPA i\u00e7ermeyen kaliteli materyal.<\/p>\n<\/li>\n<li class=\"\" data-start=\"1681\" data-end=\"1772\">\n<p class=\"\" data-start=\"1683\" data-end=\"1772\"><strong data-start=\"1683\" data-end=\"1712\">Ger\u00e7ek\u00e7i G\u00f6\u011f\u00fcs Detaylar\u0131:<\/strong> B\u00fcy\u00fck ve dolgun g\u00f6\u011f\u00fcs formu, ekstra g\u00f6rsel uyar\u0131m sa\u011flar.<\/p>\n<\/li>\n<li class=\"\" data-start=\"1773\" data-end=\"1848\">\n<p class=\"\" data-start=\"1775\" data-end=\"1848\"><strong data-start=\"1775\" data-end=\"1792\">Tam Gizlilik:<\/strong> Sipari\u015fleriniz \u00f6zel, anla\u015f\u0131lmaz ambalaj ile g\u00f6nderilir.<\/p>\n<\/li>\n<\/ul>\n<hr class=\"\" data-start=\"1850\" data-end=\"1853\" \/>\n<h3 class=\"\" data-start=\"1855\" data-end=\"1900\"><strong data-start=\"1859\" data-end=\"1900\">G\u00fcvenli Teslimat ve \u00d6deme Se\u00e7enekleri<\/strong><\/h3>\n<p class=\"\" data-start=\"1902\" data-end=\"2223\">\u2705 <strong data-start=\"1904\" data-end=\"1924\">Gizli Paketleme:<\/strong> \u0130\u00e7eri\u011fi belli olmayan \u00f6zel koliyle g\u00fcvenli teslimat.<br data-start=\"1977\" data-end=\"1980\" \/>\u2705 <strong data-start=\"1982\" data-end=\"2008\">Kap\u0131da \u00d6deme Se\u00e7ene\u011fi:<\/strong> Nakit, kredi kart\u0131 veya banka havalesi ile \u00f6deme imkan\u0131.<br data-start=\"2065\" data-end=\"2068\" \/>\u2705 <strong data-start=\"2070\" data-end=\"2086\">H\u0131zl\u0131 Kargo:<\/strong> Sipari\u015fleriniz ayn\u0131 g\u00fcn kargoya verilir.<br data-start=\"2127\" data-end=\"2130\" \/>\u2705 <strong data-start=\"2132\" data-end=\"2160\">Orijinal \u00dcr\u00fcn Garantisi:<\/strong> T\u00fcm \u00fcr\u00fcnler %100 orijinaldir ve firmam\u0131z g\u00fcvencesi alt\u0131ndad\u0131r.<\/p>\n<hr class=\"\" data-start=\"2225\" data-end=\"2228\" \/>\n<h3 class=\"\" data-start=\"2230\" data-end=\"2272\"><strong data-start=\"2234\" data-end=\"2272\">Neden Hannah&#8217;\u0131 Tercih Etmelisiniz?<\/strong><\/h3>\n<p class=\"\" data-start=\"2274\" data-end=\"2465\">\u2714 Ger\u00e7ek\u00e7i dokusu ve detayl\u0131 tasar\u0131m\u0131 ile ger\u00e7ek hissiyat<br data-start=\"2331\" data-end=\"2334\" \/>\u2714 Kullan\u0131c\u0131 dostu boyutlar ve kolay temizlik<br data-start=\"2378\" data-end=\"2381\" \/>\u2714 Her b\u00fct\u00e7eye uygun \u00f6deme kolayl\u0131\u011f\u0131<br data-start=\"2416\" data-end=\"2419\" \/>\u2714 Tam gizlilik ve g\u00fcvenli al\u0131\u015fveri\u015f deneyimi<\/p>\n<hr class=\"\" data-start=\"2467\" data-end=\"2470\" \/>\n<h3 class=\"\" data-start=\"2472\" data-end=\"2532\"><strong data-start=\"2476\" data-end=\"2532\">Siz de Hannah ile Ger\u00e7ekli\u011fe Bir Ad\u0131m Daha Yakla\u015f\u0131n!<\/strong><\/h3>\n<p class=\"\" data-start=\"2534\" data-end=\"2774\">Zevkinizi, konforunuzu ve mahremiyetinizi \u00f6nemsiyoruz. <strong data-start=\"2589\" data-end=\"2652\">B\u00fcy\u00fck G\u00f6\u011f\u00fcsl\u00fc Realistik Suni Vajina Anal Mast\u00fcrbat\u00f6r Hannah<\/strong>, yaln\u0131z anlar\u0131n\u0131za kalite, tutku ve g\u00fcven katmak i\u00e7in ideal se\u00e7imdir. Hemen sipari\u015f verin, kap\u0131n\u0131za kadar g\u00fcvenle gelsin!<\/p>\n<p>&nbsp;<\/p>\n<p><a href=\"http:\/\/api.whatsapp.com\/send?phone=905304676616&amp;text=Sipari%C5%9F%20Vermek%20%C4%B0stiyorum%20haremshop%20BDM1358\"><img fetchpriority=\"high\" decoding=\"async\" class=\"alignnone\" src=\"https:\/\/static.ticimax.cloud\/32886\/uploads\/editoruploads\/whatsapp-destek-hatti.gif\" alt=\"\" width=\"750\" height=\"117\" \/><\/a><\/p>\n<p><img decoding=\"async\" style=\"width: 400px;height: 400px\" src=\"https:\/\/static.ticimax.cloud\/32886\/\/uploads\/editoruploads\/bm-009247n-1-07.gif\" alt=\"\" \/><\/p>\n<p>&nbsp;<\/p>\n","protected":false},"excerpt":{"rendered":"<p>Cinsel sa\u011fl\u0131\u011f\u0131n\u0131z\u0131 ve ki\u015fisel mutlulu\u011funuzu \u00f6n planda tutan <strong data-start=\"412\" data-end=\"458\">Hannah B\u00fcy\u00fck G\u00f6\u011f\u00fcsl\u00fc Realistik Mast\u00fcrbat\u00f6r<\/strong>, ger\u00e7ek insan tenine en yak\u0131n hissiyat\u0131 sunarak yaln\u0131z ge\u00e7en anlar\u0131n\u0131z\u0131 unutulmaz deneyimlere d\u00f6n\u00fc\u015ft\u00fcr\u00fcr. <strong data-start=\"565\" data-end=\"588\">Ger\u00e7ek\u00e7i ten dokusu<\/strong>, <strong data-start=\"590\" data-end=\"609\">yumu\u015fac\u0131k hissi<\/strong> ve <strong data-start=\"613\" data-end=\"659\">\u00e7ift giri\u015fli (vajinal ve anal) tasar\u0131m\u0131yla<\/strong> maksimum haz i\u00e7in \u00f6zel olarak geli\u015ftirilmi\u015ftir.<\/p>\n","protected":false},"featured_media":44619,"comment_status":"closed","ping_status":"closed","template":"","meta":[],"product_brand":[],"product_cat":[503],"product_tag":[],"class_list":{"0":"post-44617","1":"product","2":"type-product","3":"status-publish","4":"has-post-thumbnail","6":"product_cat-vajina-ve-masturbator","8":"first","9":"instock","10":"purchasable","11":"product-type-simple"},"yoast_head":"<!-- This site is optimized with the Yoast SEO Premium plugin v24.4 (Yoast SEO v27.1.1) - https:\/\/yoast.com\/product\/yoast-seo-premium-wordpress\/ -->\n<title>B\u00fcy\u00fck G\u00f6\u011f\u00fcsl\u00fc Realistik Suni Vajina Anal Mast\u00fcrbat\u00f6r Melez - Hannah - Bursa Erotik Shop<\/title>\n<meta name=\"robots\" content=\"index, follow, max-snippet:-1, max-image-preview:large, max-video-preview:-1\" \/>\n<link rel=\"canonical\" href=\"https:\/\/hobierotikshop.com.tr\/website1\/erotik-shop-urun\/buyuk-goguslu-realistik-suni-vajina-anal-masturbator-melez-hannah\/\" \/>\n<meta property=\"og:locale\" content=\"tr_TR\" \/>\n<meta property=\"og:type\" content=\"article\" \/>\n<meta property=\"og:title\" content=\"B\u00fcy\u00fck G\u00f6\u011f\u00fcsl\u00fc Realistik Suni Vajina Anal Mast\u00fcrbat\u00f6r Melez - Hannah\" \/>\n<meta property=\"og:description\" content=\"Cinsel sa\u011fl\u0131\u011f\u0131n\u0131z\u0131 ve ki\u015fisel mutlulu\u011funuzu \u00f6n planda tutan Hannah B\u00fcy\u00fck G\u00f6\u011f\u00fcsl\u00fc Realistik Mast\u00fcrbat\u00f6r, ger\u00e7ek insan tenine en yak\u0131n hissiyat\u0131 sunarak yaln\u0131z ge\u00e7en anlar\u0131n\u0131z\u0131 unutulmaz deneyimlere d\u00f6n\u00fc\u015ft\u00fcr\u00fcr. Ger\u00e7ek\u00e7i ten dokusu, yumu\u015fac\u0131k hissi ve \u00e7ift giri\u015fli (vajinal ve anal) tasar\u0131m\u0131yla maksimum haz i\u00e7in \u00f6zel olarak geli\u015ftirilmi\u015ftir.\" \/>\n<meta property=\"og:url\" content=\"https:\/\/hobierotikshop.com.tr\/website1\/erotik-shop-urun\/buyuk-goguslu-realistik-suni-vajina-anal-masturbator-melez-hannah\/\" \/>\n<meta property=\"og:site_name\" content=\"Bursa Erotik Shop\" \/>\n<meta property=\"article:modified_time\" content=\"2026-01-08T12:35:30+00:00\" \/>\n<meta property=\"og:image\" content=\"https:\/\/hobierotikshop.com.tr\/website1\/wp-content\/uploads\/2025\/04\/buyuk-goguslu-realistik-suni-vajina-an-739f-.jpg\" \/>\n\t<meta property=\"og:image:width\" content=\"455\" \/>\n\t<meta property=\"og:image:height\" content=\"455\" \/>\n\t<meta property=\"og:image:type\" content=\"image\/jpeg\" \/>\n<meta name=\"twitter:card\" content=\"summary_large_image\" \/>\n<meta name=\"twitter:site\" content=\"@shopbursa\" \/>\n<meta name=\"twitter:label1\" content=\"Fiyat\" \/>\n\t<meta name=\"twitter:data1\" content=\"&#8378;1.500,00\" \/>\n\t<meta name=\"twitter:label2\" content=\"Availability\" \/>\n\t<meta name=\"twitter:data2\" content=\"In stock\" \/>\n<script type=\"application\/ld+json\" class=\"yoast-schema-graph\">{\"@context\":\"https:\/\/schema.org\",\"@graph\":[{\"@type\":\"WebPage\",\"@id\":\"https:\/\/hobierotikshop.com.tr\/website1\/erotik-shop-urun\/buyuk-goguslu-realistik-suni-vajina-anal-masturbator-melez-hannah\/\",\"url\":\"https:\/\/hobierotikshop.com.tr\/website1\/erotik-shop-urun\/buyuk-goguslu-realistik-suni-vajina-anal-masturbator-melez-hannah\/\",\"name\":\"B\u00fcy\u00fck G\u00f6\u011f\u00fcsl\u00fc Realistik Suni Vajina Anal Mast\u00fcrbat\u00f6r Melez - Hannah - Bursa Erotik Shop\",\"isPartOf\":{\"@id\":\"https:\/\/bursashop.com\/web\/#website\"},\"primaryImageOfPage\":{\"@id\":\"https:\/\/hobierotikshop.com.tr\/website1\/erotik-shop-urun\/buyuk-goguslu-realistik-suni-vajina-anal-masturbator-melez-hannah\/#primaryimage\"},\"image\":{\"@id\":\"https:\/\/hobierotikshop.com.tr\/website1\/erotik-shop-urun\/buyuk-goguslu-realistik-suni-vajina-anal-masturbator-melez-hannah\/#primaryimage\"},\"thumbnailUrl\":\"https:\/\/haremerotikshop.com\/site\/wp-content\/uploads\/2025\/04\/buyuk-goguslu-realistik-suni-vajina-an-739f-.jpg\",\"datePublished\":\"2025-04-26T14:02:43+00:00\",\"dateModified\":\"2026-01-08T12:35:30+00:00\",\"breadcrumb\":{\"@id\":\"https:\/\/hobierotikshop.com.tr\/website1\/erotik-shop-urun\/buyuk-goguslu-realistik-suni-vajina-anal-masturbator-melez-hannah\/#breadcrumb\"},\"inLanguage\":\"tr\",\"potentialAction\":[{\"@type\":\"ReadAction\",\"target\":[\"https:\/\/hobierotikshop.com.tr\/website1\/erotik-shop-urun\/buyuk-goguslu-realistik-suni-vajina-anal-masturbator-melez-hannah\/\"]}]},{\"@type\":\"ImageObject\",\"inLanguage\":\"tr\",\"@id\":\"https:\/\/hobierotikshop.com.tr\/website1\/erotik-shop-urun\/buyuk-goguslu-realistik-suni-vajina-anal-masturbator-melez-hannah\/#primaryimage\",\"url\":\"https:\/\/haremerotikshop.com\/site\/wp-content\/uploads\/2025\/04\/buyuk-goguslu-realistik-suni-vajina-an-739f-.jpg\",\"contentUrl\":\"https:\/\/haremerotikshop.com\/site\/wp-content\/uploads\/2025\/04\/buyuk-goguslu-realistik-suni-vajina-an-739f-.jpg\",\"width\":455,\"height\":455},{\"@type\":\"BreadcrumbList\",\"@id\":\"https:\/\/hobierotikshop.com.tr\/website1\/erotik-shop-urun\/buyuk-goguslu-realistik-suni-vajina-anal-masturbator-melez-hannah\/#breadcrumb\",\"itemListElement\":[{\"@type\":\"ListItem\",\"position\":1,\"name\":\"Anasayfa\",\"item\":\"https:\/\/hobierotikshop.com.tr\/website1\/\"},{\"@type\":\"ListItem\",\"position\":2,\"name\":\"Erotik Shop \u00dcr\u00fcnleri\",\"item\":\"https:\/\/hobierotikshop.com.tr\/website1\/shop\/\"},{\"@type\":\"ListItem\",\"position\":3,\"name\":\"B\u00fcy\u00fck G\u00f6\u011f\u00fcsl\u00fc Realistik Suni Vajina Anal Mast\u00fcrbat\u00f6r Melez &#8211; Hannah\"}]},{\"@type\":\"WebSite\",\"@id\":\"https:\/\/bursashop.com\/web\/#website\",\"url\":\"https:\/\/bursashop.com\/web\/\",\"name\":\"Bursa Erotik Shop\",\"description\":\"Bursa Erotik Shop ile g\u00fcvenli, gizli ve kaliteli yeti\u015fkin \u00fcr\u00fcnleri al\u0131\u015fveri\u015fi! Geni\u015f \u00fcr\u00fcn yelpazemizi ke\u015ffedin, hemen sipari\u015f verin\",\"publisher\":{\"@id\":\"https:\/\/bursashop.com\/web\/#organization\"},\"alternateName\":\"Erotik Shop\",\"potentialAction\":[{\"@type\":\"SearchAction\",\"target\":{\"@type\":\"EntryPoint\",\"urlTemplate\":\"https:\/\/bursashop.com\/web\/?s={search_term_string}\"},\"query-input\":{\"@type\":\"PropertyValueSpecification\",\"valueRequired\":true,\"valueName\":\"search_term_string\"}}],\"inLanguage\":\"tr\"},{\"@type\":\"Organization\",\"@id\":\"https:\/\/bursashop.com\/web\/#organization\",\"name\":\"Harem Bursa Erotik Shop\",\"url\":\"https:\/\/bursashop.com\/web\/\",\"logo\":{\"@type\":\"ImageObject\",\"inLanguage\":\"tr\",\"@id\":\"https:\/\/bursashop.com\/web\/#\/schema\/logo\/image\/\",\"url\":\"https:\/\/haremerotikshop.com\/wp-content\/uploads\/2025\/03\/haremsexshop.png\",\"contentUrl\":\"https:\/\/haremerotikshop.com\/wp-content\/uploads\/2025\/03\/haremsexshop.png\",\"width\":400,\"height\":100,\"caption\":\"Harem Bursa Erotik Shop\"},\"image\":{\"@id\":\"https:\/\/bursashop.com\/web\/#\/schema\/logo\/image\/\"},\"sameAs\":[\"https:\/\/x.com\/shopbursa\"],\"publishingPrinciples\":\"https:\/\/hobierotikshop.com.tr\/website1\/mesafeli-satis-sozlesmesi\/\",\"ownershipFundingInfo\":\"https:\/\/hobierotikshop.com.tr\/website1\/contact-us\/\",\"actionableFeedbackPolicy\":\"https:\/\/hobierotikshop.com.tr\/website1\/contact-us\/\",\"correctionsPolicy\":\"https:\/\/hobierotikshop.com.tr\/website1\/mesafeli-satis-sozlesmesi\/\"}]}<\/script>\n<meta property=\"product:price:amount\" content=\"1500.00\" \/>\n<meta property=\"product:price:currency\" content=\"TRY\" \/>\n<meta property=\"og:availability\" content=\"instock\" \/>\n<meta property=\"product:availability\" content=\"instock\" \/>\n<meta property=\"product:retailer_item_id\" content=\"BDM1358\" \/>\n<meta property=\"product:condition\" content=\"new\" \/>\n<!-- \/ Yoast SEO Premium plugin. -->","yoast_head_json":{"title":"B\u00fcy\u00fck G\u00f6\u011f\u00fcsl\u00fc Realistik Suni Vajina Anal Mast\u00fcrbat\u00f6r Melez - Hannah - Bursa Erotik Shop","robots":{"index":"index","follow":"follow","max-snippet":"max-snippet:-1","max-image-preview":"max-image-preview:large","max-video-preview":"max-video-preview:-1"},"canonical":"https:\/\/hobierotikshop.com.tr\/website1\/erotik-shop-urun\/buyuk-goguslu-realistik-suni-vajina-anal-masturbator-melez-hannah\/","og_locale":"tr_TR","og_type":"article","og_title":"B\u00fcy\u00fck G\u00f6\u011f\u00fcsl\u00fc Realistik Suni Vajina Anal Mast\u00fcrbat\u00f6r Melez - Hannah","og_description":"Cinsel sa\u011fl\u0131\u011f\u0131n\u0131z\u0131 ve ki\u015fisel mutlulu\u011funuzu \u00f6n planda tutan Hannah B\u00fcy\u00fck G\u00f6\u011f\u00fcsl\u00fc Realistik Mast\u00fcrbat\u00f6r, ger\u00e7ek insan tenine en yak\u0131n hissiyat\u0131 sunarak yaln\u0131z ge\u00e7en anlar\u0131n\u0131z\u0131 unutulmaz deneyimlere d\u00f6n\u00fc\u015ft\u00fcr\u00fcr. Ger\u00e7ek\u00e7i ten dokusu, yumu\u015fac\u0131k hissi ve \u00e7ift giri\u015fli (vajinal ve anal) tasar\u0131m\u0131yla maksimum haz i\u00e7in \u00f6zel olarak geli\u015ftirilmi\u015ftir.","og_url":"https:\/\/hobierotikshop.com.tr\/website1\/erotik-shop-urun\/buyuk-goguslu-realistik-suni-vajina-anal-masturbator-melez-hannah\/","og_site_name":"Bursa Erotik Shop","article_modified_time":"2026-01-08T12:35:30+00:00","og_image":[{"width":455,"height":455,"url":"https:\/\/hobierotikshop.com.tr\/website1\/wp-content\/uploads\/2025\/04\/buyuk-goguslu-realistik-suni-vajina-an-739f-.jpg","type":"image\/jpeg"}],"twitter_card":"summary_large_image","twitter_site":"@shopbursa","twitter_misc":{"Fiyat":"&#8378;1.500,00","Availability":"In stock"},"schema":{"@context":"https:\/\/schema.org","@graph":[{"@type":"WebPage","@id":"https:\/\/hobierotikshop.com.tr\/website1\/erotik-shop-urun\/buyuk-goguslu-realistik-suni-vajina-anal-masturbator-melez-hannah\/","url":"https:\/\/hobierotikshop.com.tr\/website1\/erotik-shop-urun\/buyuk-goguslu-realistik-suni-vajina-anal-masturbator-melez-hannah\/","name":"B\u00fcy\u00fck G\u00f6\u011f\u00fcsl\u00fc Realistik Suni Vajina Anal Mast\u00fcrbat\u00f6r Melez - Hannah - Bursa Erotik Shop","isPartOf":{"@id":"https:\/\/bursashop.com\/web\/#website"},"primaryImageOfPage":{"@id":"https:\/\/hobierotikshop.com.tr\/website1\/erotik-shop-urun\/buyuk-goguslu-realistik-suni-vajina-anal-masturbator-melez-hannah\/#primaryimage"},"image":{"@id":"https:\/\/hobierotikshop.com.tr\/website1\/erotik-shop-urun\/buyuk-goguslu-realistik-suni-vajina-anal-masturbator-melez-hannah\/#primaryimage"},"thumbnailUrl":"https:\/\/haremerotikshop.com\/site\/wp-content\/uploads\/2025\/04\/buyuk-goguslu-realistik-suni-vajina-an-739f-.jpg","datePublished":"2025-04-26T14:02:43+00:00","dateModified":"2026-01-08T12:35:30+00:00","breadcrumb":{"@id":"https:\/\/hobierotikshop.com.tr\/website1\/erotik-shop-urun\/buyuk-goguslu-realistik-suni-vajina-anal-masturbator-melez-hannah\/#breadcrumb"},"inLanguage":"tr","potentialAction":[{"@type":"ReadAction","target":["https:\/\/hobierotikshop.com.tr\/website1\/erotik-shop-urun\/buyuk-goguslu-realistik-suni-vajina-anal-masturbator-melez-hannah\/"]}]},{"@type":"ImageObject","inLanguage":"tr","@id":"https:\/\/hobierotikshop.com.tr\/website1\/erotik-shop-urun\/buyuk-goguslu-realistik-suni-vajina-anal-masturbator-melez-hannah\/#primaryimage","url":"https:\/\/haremerotikshop.com\/site\/wp-content\/uploads\/2025\/04\/buyuk-goguslu-realistik-suni-vajina-an-739f-.jpg","contentUrl":"https:\/\/haremerotikshop.com\/site\/wp-content\/uploads\/2025\/04\/buyuk-goguslu-realistik-suni-vajina-an-739f-.jpg","width":455,"height":455},{"@type":"BreadcrumbList","@id":"https:\/\/hobierotikshop.com.tr\/website1\/erotik-shop-urun\/buyuk-goguslu-realistik-suni-vajina-anal-masturbator-melez-hannah\/#breadcrumb","itemListElement":[{"@type":"ListItem","position":1,"name":"Anasayfa","item":"https:\/\/hobierotikshop.com.tr\/website1\/"},{"@type":"ListItem","position":2,"name":"Erotik Shop \u00dcr\u00fcnleri","item":"https:\/\/hobierotikshop.com.tr\/website1\/shop\/"},{"@type":"ListItem","position":3,"name":"B\u00fcy\u00fck G\u00f6\u011f\u00fcsl\u00fc Realistik Suni Vajina Anal Mast\u00fcrbat\u00f6r Melez &#8211; Hannah"}]},{"@type":"WebSite","@id":"https:\/\/bursashop.com\/web\/#website","url":"https:\/\/bursashop.com\/web\/","name":"Bursa Erotik Shop","description":"Bursa Erotik Shop ile g\u00fcvenli, gizli ve kaliteli yeti\u015fkin \u00fcr\u00fcnleri al\u0131\u015fveri\u015fi! Geni\u015f \u00fcr\u00fcn yelpazemizi ke\u015ffedin, hemen sipari\u015f verin","publisher":{"@id":"https:\/\/bursashop.com\/web\/#organization"},"alternateName":"Erotik Shop","potentialAction":[{"@type":"SearchAction","target":{"@type":"EntryPoint","urlTemplate":"https:\/\/bursashop.com\/web\/?s={search_term_string}"},"query-input":{"@type":"PropertyValueSpecification","valueRequired":true,"valueName":"search_term_string"}}],"inLanguage":"tr"},{"@type":"Organization","@id":"https:\/\/bursashop.com\/web\/#organization","name":"Harem Bursa Erotik Shop","url":"https:\/\/bursashop.com\/web\/","logo":{"@type":"ImageObject","inLanguage":"tr","@id":"https:\/\/bursashop.com\/web\/#\/schema\/logo\/image\/","url":"https:\/\/haremerotikshop.com\/wp-content\/uploads\/2025\/03\/haremsexshop.png","contentUrl":"https:\/\/haremerotikshop.com\/wp-content\/uploads\/2025\/03\/haremsexshop.png","width":400,"height":100,"caption":"Harem Bursa Erotik Shop"},"image":{"@id":"https:\/\/bursashop.com\/web\/#\/schema\/logo\/image\/"},"sameAs":["https:\/\/x.com\/shopbursa"],"publishingPrinciples":"https:\/\/hobierotikshop.com.tr\/website1\/mesafeli-satis-sozlesmesi\/","ownershipFundingInfo":"https:\/\/hobierotikshop.com.tr\/website1\/contact-us\/","actionableFeedbackPolicy":"https:\/\/hobierotikshop.com.tr\/website1\/contact-us\/","correctionsPolicy":"https:\/\/hobierotikshop.com.tr\/website1\/mesafeli-satis-sozlesmesi\/"}]},"product_price_amount":"1500.00","product_price_currency":"TRY","og_availability":"instock","product_availability":"instock","product_retailer_item_id":"BDM1358","product_condition":"new"},"_links":{"self":[{"href":"https:\/\/haremerotikshop.com\/site\/wp-json\/wp\/v2\/product\/44617","targetHints":{"allow":["GET"]}}],"collection":[{"href":"https:\/\/haremerotikshop.com\/site\/wp-json\/wp\/v2\/product"}],"about":[{"href":"https:\/\/haremerotikshop.com\/site\/wp-json\/wp\/v2\/types\/product"}],"replies":[{"embeddable":true,"href":"https:\/\/haremerotikshop.com\/site\/wp-json\/wp\/v2\/comments?post=44617"}],"version-history":[{"count":0,"href":"https:\/\/haremerotikshop.com\/site\/wp-json\/wp\/v2\/product\/44617\/revisions"}],"wp:featuredmedia":[{"embeddable":true,"href":"https:\/\/haremerotikshop.com\/site\/wp-json\/wp\/v2\/media\/44619"}],"wp:attachment":[{"href":"https:\/\/haremerotikshop.com\/site\/wp-json\/wp\/v2\/media?parent=44617"}],"wp:term":[{"taxonomy":"product_brand","embeddable":true,"href":"https:\/\/haremerotikshop.com\/site\/wp-json\/wp\/v2\/product_brand?post=44617"},{"taxonomy":"product_cat","embeddable":true,"href":"https:\/\/haremerotikshop.com\/site\/wp-json\/wp\/v2\/product_cat?post=44617"},{"taxonomy":"product_tag","embeddable":true,"href":"https:\/\/haremerotikshop.com\/site\/wp-json\/wp\/v2\/product_tag?post=44617"}],"curies":[{"name":"wp","href":"https:\/\/api.w.org\/{rel}","templated":true}]}}