{"id":44764,"date":"2025-04-26T17:05:00","date_gmt":"2025-04-26T14:05:00","guid":{"rendered":"https:\/\/haremerotikshop.com\/site\/erotik-shop-urun\/prizma-hayali-15-cm-gercekci-doku-realistik-suni-darbeli-masturbator-mavi\/"},"modified":"2026-01-08T15:17:33","modified_gmt":"2026-01-08T12:17:33","slug":"prizma-hayali-15-cm-gercekci-doku-realistik-suni-darbeli-masturbator-mavi","status":"publish","type":"product","link":"https:\/\/haremerotikshop.com\/site\/erotik-shop-urun\/prizma-hayali-15-cm-gercekci-doku-realistik-suni-darbeli-masturbator-mavi\/","title":{"rendered":"Prizma Hayali 15 Cm Ger\u00e7ek\u00e7i Doku Realistik Suni Darbeli Mast\u00fcrbat\u00f6r &#8211; Mavi"},"content":{"rendered":"<h2 class=\"\" data-start=\"143\" data-end=\"225\"><strong data-start=\"146\" data-end=\"225\">Prizma Hayali 15 cm Ger\u00e7ek\u00e7i Doku Realistik Suni Darbeli Mast\u00fcrbat\u00f6r &#8211; Mavi<\/strong><\/h2>\n<p class=\"\" data-start=\"227\" data-end=\"641\"><strong data-start=\"227\" data-end=\"306\">Prizma Hayali 15 cm Ger\u00e7ek\u00e7i Doku Realistik Suni Darbeli Mast\u00fcrbat\u00f6r &#8211; Mavi<\/strong>, \u00f6zel tasar\u0131m\u0131, y\u00fcksek kaliteli malzemesi ve benzersiz deneyimiyle kullan\u0131c\u0131lar\u0131na ger\u00e7ek\u00e7i bir his sunar. \u0130\u00e7 yap\u0131s\u0131ndaki her detay, daha fazla haz ve tatmin i\u00e7in \u00f6zenle tasarlanm\u0131\u015f, kullan\u0131c\u0131 dostu bir deneyim sa\u011flar. Seyahatlerinizde rahat\u00e7a ta\u015f\u0131yabilece\u011finiz bu kompakt ve etkili mast\u00fcrbat\u00f6r, hijyenik kullan\u0131m\u0131 ile de g\u00fcven verir.<\/p>\n<hr class=\"\" data-start=\"643\" data-end=\"646\" \/>\n<h3 class=\"\" data-start=\"648\" data-end=\"678\">\u2b50 <strong data-start=\"654\" data-end=\"678\">\u00d6ne \u00c7\u0131kan \u00d6zellikler<\/strong><\/h3>\n<ul data-start=\"680\" data-end=\"2233\">\n<li class=\"\" data-start=\"680\" data-end=\"937\">\n<p class=\"\" data-start=\"682\" data-end=\"937\"><strong data-start=\"682\" data-end=\"725\">15 cm Derinlik ve Etkili Darbe Tasar\u0131m\u0131<\/strong><br data-start=\"725\" data-end=\"728\" \/>Prizma Hayali mast\u00fcrbat\u00f6r, i\u00e7 yap\u0131s\u0131ndaki \u00f6zel tasar\u0131m\u0131 ile her darbede art\u0131r\u0131lan etkiyi hissederek daha yo\u011fun bir deneyim ya\u015fat\u0131r. Girdap etkisi yaratan yap\u0131s\u0131, her kullan\u0131m\u0131 daha tatmin edici hale getirir.<\/p>\n<\/li>\n<li class=\"\" data-start=\"939\" data-end=\"1185\">\n<p class=\"\" data-start=\"941\" data-end=\"1185\"><strong data-start=\"941\" data-end=\"979\">1. S\u0131n\u0131f Kaliteli L\u00fcks TPE Malzeme<\/strong><br data-start=\"979\" data-end=\"982\" \/>Y\u00fcksek kaliteli ve esnek TPE (Termoplastik Elastomer) malzeme, yumu\u015fak ve ipeksi bir y\u00fczey sa\u011flar. Ger\u00e7ek\u00e7i ten dokusu ile do\u011fal bir his yarat\u0131r, b\u00f6ylece her kullan\u0131mda m\u00fckemmel bir deneyim ya\u015fars\u0131n\u0131z.<\/p>\n<\/li>\n<li class=\"\" data-start=\"1187\" data-end=\"1439\">\n<p class=\"\" data-start=\"1189\" data-end=\"1439\"><strong data-start=\"1189\" data-end=\"1214\">Her Ebat Penise Uygun<\/strong><br data-start=\"1214\" data-end=\"1217\" \/>Esnek yap\u0131s\u0131 sayesinde her ebatta penise uyum sa\u011flayan Prizma Hayali mast\u00fcrbat\u00f6r, her kullan\u0131c\u0131 i\u00e7in rahat ve konforlu bir deneyim sunar. Herhangi bir ebatla uyum sa\u011flayabilmesi, kullan\u0131m\u0131n\u0131 daha da keyifli hale getirir.<\/p>\n<\/li>\n<li class=\"\" data-start=\"1441\" data-end=\"1647\">\n<p class=\"\" data-start=\"1443\" data-end=\"1647\"><strong data-start=\"1443\" data-end=\"1479\">Hijyenik ve Kolay Temizlenebilir<\/strong><br data-start=\"1479\" data-end=\"1482\" \/>Mast\u00fcrbat\u00f6r, suya dayan\u0131kl\u0131 olup kolayca temizlenebilir. Hijyenik kullan\u0131m i\u00e7in ideal olan bu model, her kullan\u0131m sonras\u0131nda h\u0131zl\u0131ca y\u0131kanabilir ve hijyenik kal\u0131r.<\/p>\n<\/li>\n<li class=\"\" data-start=\"1649\" data-end=\"1864\">\n<p class=\"\" data-start=\"1651\" data-end=\"1864\"><strong data-start=\"1651\" data-end=\"1683\">Seyahat Dostu ve Ta\u015f\u0131nabilir<\/strong><br data-start=\"1683\" data-end=\"1686\" \/>Kompakt boyutu ve hafifli\u011fi ile Prizma Hayali mast\u00fcrbat\u00f6r, seyahatlerinizde rahat\u00e7a ta\u015f\u0131yabilece\u011finiz bir \u00fcr\u00fcnd\u00fcr. Yan\u0131n\u0131zda her zaman ta\u015f\u0131yabilece\u011finiz pratik bir \u00e7\u00f6z\u00fcm sunar.<\/p>\n<\/li>\n<li class=\"\" data-start=\"1866\" data-end=\"2014\">\n<p class=\"\" data-start=\"1868\" data-end=\"2014\"><strong data-start=\"1868\" data-end=\"1889\">Mavi Renkli Model<\/strong><br data-start=\"1889\" data-end=\"1892\" \/>Modern ve \u015f\u0131k mavi rengiyle g\u00f6z al\u0131c\u0131 bir tasar\u0131ma sahiptir. Hem estetik hem de fonksiyonel \u00f6zellikleriyle dikkat \u00e7eker.<\/p>\n<\/li>\n<li class=\"\" data-start=\"2016\" data-end=\"2233\">\n<p class=\"\" data-start=\"2018\" data-end=\"2233\"><strong data-start=\"2018\" data-end=\"2038\">Kontrol Elinizde<\/strong><br data-start=\"2038\" data-end=\"2041\" \/>Kullan\u0131c\u0131ya tamamen ba\u011f\u0131ms\u0131zl\u0131k sunarak, istedi\u011finiz \u015fekilde kullan\u0131m imkan\u0131 tan\u0131r. Her hareketi kontrol edebilir, ki\u015fisel tercihlere g\u00f6re en rahat \u015fekilde deneyimi ki\u015fiselle\u015ftirebilirsiniz.<\/p>\n<\/li>\n<\/ul>\n<hr class=\"\" data-start=\"2235\" data-end=\"2238\" \/>\n<h3 class=\"\" data-start=\"2240\" data-end=\"2291\">\ud83d\udca1 <strong data-start=\"2247\" data-end=\"2289\">M\u00fckemmel Deneyim \u0130\u00e7in Pratik Kullan\u0131m!<\/strong><\/h3>\n<p class=\"\" data-start=\"2292\" data-end=\"2632\">Prizma Hayali 15 cm Ger\u00e7ek\u00e7i Doku Realistik Suni Darbeli Mast\u00fcrbat\u00f6r, ger\u00e7ek\u00e7i yap\u0131s\u0131 ve y\u00fcksek kaliteli malzemesiyle her kullan\u0131mda sizi tatmin eder. Ergonomik tasar\u0131m\u0131, kullan\u0131m\u0131 kolay yap\u0131s\u0131 ve m\u00fckemmel deneyimi ile kullan\u0131c\u0131lar i\u00e7in ideal bir tercihtir. \u00dcstelik hijyenik ve ta\u015f\u0131nabilir \u00f6zellikleriyle her ortamda rahat\u00e7a kullan\u0131labilir.<\/p>\n<hr class=\"\" data-start=\"2634\" data-end=\"2637\" \/>\n<h3 class=\"\" data-start=\"2639\" data-end=\"2684\">\ud83d\udce6 <strong data-start=\"2646\" data-end=\"2682\">Gizli Kargo ve G\u00fcvenli Al\u0131\u015fveri\u015f<\/strong><\/h3>\n<p class=\"\" data-start=\"2685\" data-end=\"2979\">T\u00fcm sipari\u015fleriniz, i\u00e7eri\u011fi anla\u015f\u0131lmayacak \u015fekilde gizli ve kapal\u0131 kolide g\u00f6nderilir. <strong data-start=\"2771\" data-end=\"2787\">Kap\u0131da \u00f6deme<\/strong>, <strong data-start=\"2789\" data-end=\"2804\">kredi kart\u0131<\/strong>, <strong data-start=\"2806\" data-end=\"2824\">banka havalesi<\/strong> gibi \u00f6deme se\u00e7enekleri ile i\u015flemlerinizi g\u00fcvenle yapabilirsiniz. H\u0131zl\u0131 teslimat ve orijinal \u00fcr\u00fcn garantisi ile \u00fcr\u00fcn\u00fcn\u00fcz g\u00fcvenle ve h\u0131zl\u0131ca elinize ula\u015f\u0131r.<\/p>\n<hr class=\"\" data-start=\"2981\" data-end=\"2984\" \/>\n<h3 class=\"\" data-start=\"2986\" data-end=\"3026\">\ud83d\udd25 <strong data-start=\"2993\" data-end=\"3026\">Ger\u00e7ek\u00e7i ve Konforlu Kullan\u0131m<\/strong><\/h3>\n<p class=\"\" data-start=\"3028\" data-end=\"3282\"><strong data-start=\"3028\" data-end=\"3100\">Prizma Hayali 15 cm Ger\u00e7ek\u00e7i Doku Realistik Suni Darbeli Mast\u00fcrbat\u00f6r<\/strong>, her detay\u0131nda ger\u00e7ek\u00e7ilik \u00f6n planda tutularak en iyi deneyimi ya\u015faman\u0131za olanak tan\u0131r. Y\u00fcksek kaliteli TPE malzeme, esneklik ve dayan\u0131kl\u0131l\u0131\u011f\u0131yla uzun s\u00fcreli kullan\u0131m imkan\u0131 sa\u011flar.<\/p>\n<hr class=\"\" data-start=\"3284\" data-end=\"3287\" \/>\n<p class=\"\" data-start=\"3289\" data-end=\"3347\"><strong data-start=\"3289\" data-end=\"3347\">Hemen sipari\u015f verin ve ger\u00e7ek\u00e7i bir deneyimi ke\u015ffedin!<\/strong><\/p>\n<p>&nbsp;<\/p>\n<p>&nbsp;<\/p>\n<p>&nbsp;<\/p>\n<p><img decoding=\"async\" style=\"width: 300px;height: 300px\" src=\"https:\/\/static.ticimax.cloud\/32886\/\/uploads\/editoruploads\/bm-009229t6h-09.gif\" alt=\"\" \/><\/p>\n","protected":false},"excerpt":{"rendered":"<p><strong data-start=\"227\" data-end=\"306\">Prizma Hayali 15 cm Ger\u00e7ek\u00e7i Doku Realistik Suni Darbeli Mast\u00fcrbat\u00f6r &#8211; Mavi<\/strong>, \u00f6zel tasar\u0131m\u0131, y\u00fcksek kaliteli malzemesi ve benzersiz deneyimiyle kullan\u0131c\u0131lar\u0131na ger\u00e7ek\u00e7i bir his sunar. \u0130\u00e7 yap\u0131s\u0131ndaki her detay, daha fazla haz ve tatmin i\u00e7in \u00f6zenle tasarlanm\u0131\u015f, kullan\u0131c\u0131 dostu bir deneyim sa\u011flar. Seyahatlerinizde rahat\u00e7a ta\u015f\u0131yabilece\u011finiz bu kompakt ve etkili mast\u00fcrbat\u00f6r, hijyenik kullan\u0131m\u0131 ile de g\u00fcven verir.<\/p>\n","protected":false},"featured_media":44766,"comment_status":"closed","ping_status":"closed","template":"","meta":[],"product_brand":[],"product_cat":[503],"product_tag":[],"class_list":{"0":"post-44764","1":"product","2":"type-product","3":"status-publish","4":"has-post-thumbnail","6":"product_cat-vajina-ve-masturbator","8":"first","9":"outofstock","10":"purchasable","11":"product-type-simple"},"yoast_head":"<!-- This site is optimized with the Yoast SEO Premium plugin v24.4 (Yoast SEO v27.1.1) - https:\/\/yoast.com\/product\/yoast-seo-premium-wordpress\/ -->\n<title>Prizma Hayali 15 Cm Ger\u00e7ek\u00e7i Doku Realistik Suni Darbeli Mast\u00fcrbat\u00f6r - Mavi - Bursa Erotik Shop<\/title>\n<meta name=\"robots\" content=\"index, follow, max-snippet:-1, max-image-preview:large, max-video-preview:-1\" \/>\n<link rel=\"canonical\" href=\"https:\/\/hobierotikshop.com.tr\/website1\/erotik-shop-urun\/prizma-hayali-15-cm-gercekci-doku-realistik-suni-darbeli-masturbator-mavi\/\" \/>\n<meta property=\"og:locale\" content=\"tr_TR\" \/>\n<meta property=\"og:type\" content=\"article\" \/>\n<meta property=\"og:title\" content=\"Prizma Hayali 15 Cm Ger\u00e7ek\u00e7i Doku Realistik Suni Darbeli Mast\u00fcrbat\u00f6r - Mavi\" \/>\n<meta property=\"og:description\" content=\"Prizma Hayali 15 cm Ger\u00e7ek\u00e7i Doku Realistik Suni Darbeli Mast\u00fcrbat\u00f6r - Mavi, \u00f6zel tasar\u0131m\u0131, y\u00fcksek kaliteli malzemesi ve benzersiz deneyimiyle kullan\u0131c\u0131lar\u0131na ger\u00e7ek\u00e7i bir his sunar. \u0130\u00e7 yap\u0131s\u0131ndaki her detay, daha fazla haz ve tatmin i\u00e7in \u00f6zenle tasarlanm\u0131\u015f, kullan\u0131c\u0131 dostu bir deneyim sa\u011flar. Seyahatlerinizde rahat\u00e7a ta\u015f\u0131yabilece\u011finiz bu kompakt ve etkili mast\u00fcrbat\u00f6r, hijyenik kullan\u0131m\u0131 ile de g\u00fcven verir.\" \/>\n<meta property=\"og:url\" content=\"https:\/\/hobierotikshop.com.tr\/website1\/erotik-shop-urun\/prizma-hayali-15-cm-gercekci-doku-realistik-suni-darbeli-masturbator-mavi\/\" \/>\n<meta property=\"og:site_name\" content=\"Bursa Erotik Shop\" \/>\n<meta property=\"article:modified_time\" content=\"2026-01-08T12:17:33+00:00\" \/>\n<meta property=\"og:image\" content=\"https:\/\/hobierotikshop.com.tr\/website1\/wp-content\/uploads\/2025\/04\/prizma-hayali-15-cm-gercekci-doku-real-d0-a90.jpg\" \/>\n\t<meta property=\"og:image:width\" content=\"455\" \/>\n\t<meta property=\"og:image:height\" content=\"455\" \/>\n\t<meta property=\"og:image:type\" content=\"image\/jpeg\" \/>\n<meta name=\"twitter:card\" content=\"summary_large_image\" \/>\n<meta name=\"twitter:site\" content=\"@shopbursa\" \/>\n<meta name=\"twitter:label1\" content=\"Fiyat\" \/>\n\t<meta name=\"twitter:data1\" content=\"&#8378;1.160,00\" \/>\n\t<meta name=\"twitter:label2\" content=\"Availability\" \/>\n\t<meta name=\"twitter:data2\" content=\"Out of stock\" \/>\n<script type=\"application\/ld+json\" class=\"yoast-schema-graph\">{\"@context\":\"https:\/\/schema.org\",\"@graph\":[{\"@type\":\"WebPage\",\"@id\":\"https:\/\/hobierotikshop.com.tr\/website1\/erotik-shop-urun\/prizma-hayali-15-cm-gercekci-doku-realistik-suni-darbeli-masturbator-mavi\/\",\"url\":\"https:\/\/hobierotikshop.com.tr\/website1\/erotik-shop-urun\/prizma-hayali-15-cm-gercekci-doku-realistik-suni-darbeli-masturbator-mavi\/\",\"name\":\"Prizma Hayali 15 Cm Ger\u00e7ek\u00e7i Doku Realistik Suni Darbeli Mast\u00fcrbat\u00f6r - Mavi - Bursa Erotik Shop\",\"isPartOf\":{\"@id\":\"https:\/\/hobierotikshop.com.tr\/website1\/#website\"},\"primaryImageOfPage\":{\"@id\":\"https:\/\/hobierotikshop.com.tr\/website1\/erotik-shop-urun\/prizma-hayali-15-cm-gercekci-doku-realistik-suni-darbeli-masturbator-mavi\/#primaryimage\"},\"image\":{\"@id\":\"https:\/\/hobierotikshop.com.tr\/website1\/erotik-shop-urun\/prizma-hayali-15-cm-gercekci-doku-realistik-suni-darbeli-masturbator-mavi\/#primaryimage\"},\"thumbnailUrl\":\"https:\/\/haremerotikshop.com\/site\/wp-content\/uploads\/2025\/04\/prizma-hayali-15-cm-gercekci-doku-real-d0-a90.jpg\",\"datePublished\":\"2025-04-26T14:05:00+00:00\",\"dateModified\":\"2026-01-08T12:17:33+00:00\",\"breadcrumb\":{\"@id\":\"https:\/\/hobierotikshop.com.tr\/website1\/erotik-shop-urun\/prizma-hayali-15-cm-gercekci-doku-realistik-suni-darbeli-masturbator-mavi\/#breadcrumb\"},\"inLanguage\":\"tr\",\"potentialAction\":[{\"@type\":\"ReadAction\",\"target\":[\"https:\/\/hobierotikshop.com.tr\/website1\/erotik-shop-urun\/prizma-hayali-15-cm-gercekci-doku-realistik-suni-darbeli-masturbator-mavi\/\"]}]},{\"@type\":\"ImageObject\",\"inLanguage\":\"tr\",\"@id\":\"https:\/\/hobierotikshop.com.tr\/website1\/erotik-shop-urun\/prizma-hayali-15-cm-gercekci-doku-realistik-suni-darbeli-masturbator-mavi\/#primaryimage\",\"url\":\"https:\/\/haremerotikshop.com\/site\/wp-content\/uploads\/2025\/04\/prizma-hayali-15-cm-gercekci-doku-real-d0-a90.jpg\",\"contentUrl\":\"https:\/\/haremerotikshop.com\/site\/wp-content\/uploads\/2025\/04\/prizma-hayali-15-cm-gercekci-doku-real-d0-a90.jpg\",\"width\":455,\"height\":455},{\"@type\":\"BreadcrumbList\",\"@id\":\"https:\/\/hobierotikshop.com.tr\/website1\/erotik-shop-urun\/prizma-hayali-15-cm-gercekci-doku-realistik-suni-darbeli-masturbator-mavi\/#breadcrumb\",\"itemListElement\":[{\"@type\":\"ListItem\",\"position\":1,\"name\":\"Anasayfa\",\"item\":\"https:\/\/hobierotikshop.com.tr\/website1\/\"},{\"@type\":\"ListItem\",\"position\":2,\"name\":\"Erotik Shop \u00dcr\u00fcnleri\",\"item\":\"https:\/\/hobierotikshop.com.tr\/website1\/shop\/\"},{\"@type\":\"ListItem\",\"position\":3,\"name\":\"Prizma Hayali 15 Cm Ger\u00e7ek\u00e7i Doku Realistik Suni Darbeli Mast\u00fcrbat\u00f6r &#8211; Mavi\"}]},{\"@type\":\"WebSite\",\"@id\":\"https:\/\/hobierotikshop.com.tr\/website1\/#website\",\"url\":\"https:\/\/hobierotikshop.com.tr\/website1\/\",\"name\":\"Bursa Erotik Shop\",\"description\":\"Bursa Erotik Shop ile g\u00fcvenli, gizli ve kaliteli yeti\u015fkin \u00fcr\u00fcnleri al\u0131\u015fveri\u015fi! Geni\u015f \u00fcr\u00fcn yelpazemizi ke\u015ffedin, hemen sipari\u015f verin\",\"publisher\":{\"@id\":\"https:\/\/hobierotikshop.com.tr\/website1\/#organization\"},\"alternateName\":\"Erotik Shop\",\"potentialAction\":[{\"@type\":\"SearchAction\",\"target\":{\"@type\":\"EntryPoint\",\"urlTemplate\":\"https:\/\/hobierotikshop.com.tr\/website1\/?s={search_term_string}\"},\"query-input\":{\"@type\":\"PropertyValueSpecification\",\"valueRequired\":true,\"valueName\":\"search_term_string\"}}],\"inLanguage\":\"tr\"},{\"@type\":\"Organization\",\"@id\":\"https:\/\/hobierotikshop.com.tr\/website1\/#organization\",\"name\":\"Harem Bursa Erotik Shop\",\"url\":\"https:\/\/hobierotikshop.com.tr\/website1\/\",\"logo\":{\"@type\":\"ImageObject\",\"inLanguage\":\"tr\",\"@id\":\"https:\/\/hobierotikshop.com.tr\/website1\/#\/schema\/logo\/image\/\",\"url\":\"https:\/\/haremerotikshop.com\/site\/wp-content\/uploads\/2025\/03\/haremsexshop.png\",\"contentUrl\":\"https:\/\/haremerotikshop.com\/site\/wp-content\/uploads\/2025\/03\/haremsexshop.png\",\"width\":400,\"height\":100,\"caption\":\"Harem Bursa Erotik Shop\"},\"image\":{\"@id\":\"https:\/\/hobierotikshop.com.tr\/website1\/#\/schema\/logo\/image\/\"},\"sameAs\":[\"https:\/\/x.com\/shopbursa\"],\"publishingPrinciples\":\"https:\/\/hobierotikshop.com.tr\/website1\/mesafeli-satis-sozlesmesi\/\",\"ownershipFundingInfo\":\"https:\/\/hobierotikshop.com.tr\/website1\/contact-us\/\",\"actionableFeedbackPolicy\":\"https:\/\/hobierotikshop.com.tr\/website1\/contact-us\/\",\"correctionsPolicy\":\"https:\/\/hobierotikshop.com.tr\/website1\/mesafeli-satis-sozlesmesi\/\"}]}<\/script>\n<meta property=\"product:price:amount\" content=\"1160.00\" \/>\n<meta property=\"product:price:currency\" content=\"TRY\" \/>\n<meta property=\"og:availability\" content=\"out of stock\" \/>\n<meta property=\"product:availability\" content=\"out of stock\" \/>\n<meta property=\"product:retailer_item_id\" content=\"BDM1322M\" \/>\n<meta property=\"product:condition\" content=\"new\" \/>\n<!-- \/ Yoast SEO Premium plugin. -->","yoast_head_json":{"title":"Prizma Hayali 15 Cm Ger\u00e7ek\u00e7i Doku Realistik Suni Darbeli Mast\u00fcrbat\u00f6r - Mavi - Bursa Erotik Shop","robots":{"index":"index","follow":"follow","max-snippet":"max-snippet:-1","max-image-preview":"max-image-preview:large","max-video-preview":"max-video-preview:-1"},"canonical":"https:\/\/hobierotikshop.com.tr\/website1\/erotik-shop-urun\/prizma-hayali-15-cm-gercekci-doku-realistik-suni-darbeli-masturbator-mavi\/","og_locale":"tr_TR","og_type":"article","og_title":"Prizma Hayali 15 Cm Ger\u00e7ek\u00e7i Doku Realistik Suni Darbeli Mast\u00fcrbat\u00f6r - Mavi","og_description":"Prizma Hayali 15 cm Ger\u00e7ek\u00e7i Doku Realistik Suni Darbeli Mast\u00fcrbat\u00f6r - Mavi, \u00f6zel tasar\u0131m\u0131, y\u00fcksek kaliteli malzemesi ve benzersiz deneyimiyle kullan\u0131c\u0131lar\u0131na ger\u00e7ek\u00e7i bir his sunar. \u0130\u00e7 yap\u0131s\u0131ndaki her detay, daha fazla haz ve tatmin i\u00e7in \u00f6zenle tasarlanm\u0131\u015f, kullan\u0131c\u0131 dostu bir deneyim sa\u011flar. Seyahatlerinizde rahat\u00e7a ta\u015f\u0131yabilece\u011finiz bu kompakt ve etkili mast\u00fcrbat\u00f6r, hijyenik kullan\u0131m\u0131 ile de g\u00fcven verir.","og_url":"https:\/\/hobierotikshop.com.tr\/website1\/erotik-shop-urun\/prizma-hayali-15-cm-gercekci-doku-realistik-suni-darbeli-masturbator-mavi\/","og_site_name":"Bursa Erotik Shop","article_modified_time":"2026-01-08T12:17:33+00:00","og_image":[{"width":455,"height":455,"url":"https:\/\/hobierotikshop.com.tr\/website1\/wp-content\/uploads\/2025\/04\/prizma-hayali-15-cm-gercekci-doku-real-d0-a90.jpg","type":"image\/jpeg"}],"twitter_card":"summary_large_image","twitter_site":"@shopbursa","twitter_misc":{"Fiyat":"&#8378;1.160,00","Availability":"Out of stock"},"schema":{"@context":"https:\/\/schema.org","@graph":[{"@type":"WebPage","@id":"https:\/\/hobierotikshop.com.tr\/website1\/erotik-shop-urun\/prizma-hayali-15-cm-gercekci-doku-realistik-suni-darbeli-masturbator-mavi\/","url":"https:\/\/hobierotikshop.com.tr\/website1\/erotik-shop-urun\/prizma-hayali-15-cm-gercekci-doku-realistik-suni-darbeli-masturbator-mavi\/","name":"Prizma Hayali 15 Cm Ger\u00e7ek\u00e7i Doku Realistik Suni Darbeli Mast\u00fcrbat\u00f6r - Mavi - Bursa Erotik Shop","isPartOf":{"@id":"https:\/\/hobierotikshop.com.tr\/website1\/#website"},"primaryImageOfPage":{"@id":"https:\/\/hobierotikshop.com.tr\/website1\/erotik-shop-urun\/prizma-hayali-15-cm-gercekci-doku-realistik-suni-darbeli-masturbator-mavi\/#primaryimage"},"image":{"@id":"https:\/\/hobierotikshop.com.tr\/website1\/erotik-shop-urun\/prizma-hayali-15-cm-gercekci-doku-realistik-suni-darbeli-masturbator-mavi\/#primaryimage"},"thumbnailUrl":"https:\/\/haremerotikshop.com\/site\/wp-content\/uploads\/2025\/04\/prizma-hayali-15-cm-gercekci-doku-real-d0-a90.jpg","datePublished":"2025-04-26T14:05:00+00:00","dateModified":"2026-01-08T12:17:33+00:00","breadcrumb":{"@id":"https:\/\/hobierotikshop.com.tr\/website1\/erotik-shop-urun\/prizma-hayali-15-cm-gercekci-doku-realistik-suni-darbeli-masturbator-mavi\/#breadcrumb"},"inLanguage":"tr","potentialAction":[{"@type":"ReadAction","target":["https:\/\/hobierotikshop.com.tr\/website1\/erotik-shop-urun\/prizma-hayali-15-cm-gercekci-doku-realistik-suni-darbeli-masturbator-mavi\/"]}]},{"@type":"ImageObject","inLanguage":"tr","@id":"https:\/\/hobierotikshop.com.tr\/website1\/erotik-shop-urun\/prizma-hayali-15-cm-gercekci-doku-realistik-suni-darbeli-masturbator-mavi\/#primaryimage","url":"https:\/\/haremerotikshop.com\/site\/wp-content\/uploads\/2025\/04\/prizma-hayali-15-cm-gercekci-doku-real-d0-a90.jpg","contentUrl":"https:\/\/haremerotikshop.com\/site\/wp-content\/uploads\/2025\/04\/prizma-hayali-15-cm-gercekci-doku-real-d0-a90.jpg","width":455,"height":455},{"@type":"BreadcrumbList","@id":"https:\/\/hobierotikshop.com.tr\/website1\/erotik-shop-urun\/prizma-hayali-15-cm-gercekci-doku-realistik-suni-darbeli-masturbator-mavi\/#breadcrumb","itemListElement":[{"@type":"ListItem","position":1,"name":"Anasayfa","item":"https:\/\/hobierotikshop.com.tr\/website1\/"},{"@type":"ListItem","position":2,"name":"Erotik Shop \u00dcr\u00fcnleri","item":"https:\/\/hobierotikshop.com.tr\/website1\/shop\/"},{"@type":"ListItem","position":3,"name":"Prizma Hayali 15 Cm Ger\u00e7ek\u00e7i Doku Realistik Suni Darbeli Mast\u00fcrbat\u00f6r &#8211; Mavi"}]},{"@type":"WebSite","@id":"https:\/\/hobierotikshop.com.tr\/website1\/#website","url":"https:\/\/hobierotikshop.com.tr\/website1\/","name":"Bursa Erotik Shop","description":"Bursa Erotik Shop ile g\u00fcvenli, gizli ve kaliteli yeti\u015fkin \u00fcr\u00fcnleri al\u0131\u015fveri\u015fi! Geni\u015f \u00fcr\u00fcn yelpazemizi ke\u015ffedin, hemen sipari\u015f verin","publisher":{"@id":"https:\/\/hobierotikshop.com.tr\/website1\/#organization"},"alternateName":"Erotik Shop","potentialAction":[{"@type":"SearchAction","target":{"@type":"EntryPoint","urlTemplate":"https:\/\/hobierotikshop.com.tr\/website1\/?s={search_term_string}"},"query-input":{"@type":"PropertyValueSpecification","valueRequired":true,"valueName":"search_term_string"}}],"inLanguage":"tr"},{"@type":"Organization","@id":"https:\/\/hobierotikshop.com.tr\/website1\/#organization","name":"Harem Bursa Erotik Shop","url":"https:\/\/hobierotikshop.com.tr\/website1\/","logo":{"@type":"ImageObject","inLanguage":"tr","@id":"https:\/\/hobierotikshop.com.tr\/website1\/#\/schema\/logo\/image\/","url":"https:\/\/haremerotikshop.com\/site\/wp-content\/uploads\/2025\/03\/haremsexshop.png","contentUrl":"https:\/\/haremerotikshop.com\/site\/wp-content\/uploads\/2025\/03\/haremsexshop.png","width":400,"height":100,"caption":"Harem Bursa Erotik Shop"},"image":{"@id":"https:\/\/hobierotikshop.com.tr\/website1\/#\/schema\/logo\/image\/"},"sameAs":["https:\/\/x.com\/shopbursa"],"publishingPrinciples":"https:\/\/hobierotikshop.com.tr\/website1\/mesafeli-satis-sozlesmesi\/","ownershipFundingInfo":"https:\/\/hobierotikshop.com.tr\/website1\/contact-us\/","actionableFeedbackPolicy":"https:\/\/hobierotikshop.com.tr\/website1\/contact-us\/","correctionsPolicy":"https:\/\/hobierotikshop.com.tr\/website1\/mesafeli-satis-sozlesmesi\/"}]},"product_price_amount":"1160.00","product_price_currency":"TRY","og_availability":"out of stock","product_availability":"out of stock","product_retailer_item_id":"BDM1322M","product_condition":"new"},"_links":{"self":[{"href":"https:\/\/haremerotikshop.com\/site\/wp-json\/wp\/v2\/product\/44764","targetHints":{"allow":["GET"]}}],"collection":[{"href":"https:\/\/haremerotikshop.com\/site\/wp-json\/wp\/v2\/product"}],"about":[{"href":"https:\/\/haremerotikshop.com\/site\/wp-json\/wp\/v2\/types\/product"}],"replies":[{"embeddable":true,"href":"https:\/\/haremerotikshop.com\/site\/wp-json\/wp\/v2\/comments?post=44764"}],"version-history":[{"count":0,"href":"https:\/\/haremerotikshop.com\/site\/wp-json\/wp\/v2\/product\/44764\/revisions"}],"wp:featuredmedia":[{"embeddable":true,"href":"https:\/\/haremerotikshop.com\/site\/wp-json\/wp\/v2\/media\/44766"}],"wp:attachment":[{"href":"https:\/\/haremerotikshop.com\/site\/wp-json\/wp\/v2\/media?parent=44764"}],"wp:term":[{"taxonomy":"product_brand","embeddable":true,"href":"https:\/\/haremerotikshop.com\/site\/wp-json\/wp\/v2\/product_brand?post=44764"},{"taxonomy":"product_cat","embeddable":true,"href":"https:\/\/haremerotikshop.com\/site\/wp-json\/wp\/v2\/product_cat?post=44764"},{"taxonomy":"product_tag","embeddable":true,"href":"https:\/\/haremerotikshop.com\/site\/wp-json\/wp\/v2\/product_tag?post=44764"}],"curies":[{"name":"wp","href":"https:\/\/api.w.org\/{rel}","templated":true}]}}