{"id":44778,"date":"2025-04-26T17:05:00","date_gmt":"2025-04-26T14:05:00","guid":{"rendered":"https:\/\/haremerotikshop.com\/site\/erotik-shop-urun\/prizma-hayali-15-cm-gercekci-doku-realistik-suni-darbeli-masturbator-turuncu\/"},"modified":"2026-01-18T18:00:13","modified_gmt":"2026-01-18T15:00:13","slug":"prizma-hayali-15-cm-gercekci-doku-realistik-suni-darbeli-masturbator-turuncu","status":"publish","type":"product","link":"https:\/\/haremerotikshop.com\/site\/erotik-shop-urun\/prizma-hayali-15-cm-gercekci-doku-realistik-suni-darbeli-masturbator-turuncu\/","title":{"rendered":"Prizma Hayali 15 Cm Ger\u00e7ek\u00e7i Doku Realistik Suni Darbeli Mast\u00fcrbat\u00f6r &#8211; Turuncu"},"content":{"rendered":"<h2 class=\"\" data-start=\"146\" data-end=\"231\"><strong data-start=\"149\" data-end=\"231\">Prizma Hayali 15 cm Ger\u00e7ek\u00e7i Doku Realistik Suni Darbeli Mast\u00fcrbat\u00f6r &#8211; Turuncu<\/strong><\/h2>\n<p class=\"\" data-start=\"233\" data-end=\"698\"><strong data-start=\"233\" data-end=\"305\">Prizma Hayali 15 cm Ger\u00e7ek\u00e7i Doku Realistik Suni Darbeli Mast\u00fcrbat\u00f6r<\/strong>, kendine \u00f6zg\u00fc tasar\u0131m\u0131, y\u00fcksek kaliteli malzemesi ve do\u011fal his sa\u011flayan yap\u0131s\u0131yla m\u00fckemmel bir deneyim sunar. \u0130\u00e7 yap\u0131s\u0131ndaki \u00f6zel tasar\u0131m, her darbede artan etkiyi hissederek ger\u00e7ek\u00e7i bir deneyim ya\u015faman\u0131z\u0131 sa\u011flar. Hedefe odaklanm\u0131\u015f, rahatlat\u0131c\u0131 etkisiyle her kullan\u0131m\u0131 keyifli hale getirir. \u0130ster evde ister seyahatte, her ko\u015fulda yan\u0131n\u0131zda ta\u015f\u0131yabilece\u011finiz bu \u00fcr\u00fcn, hijyenik ve g\u00fcvenlidir.<\/p>\n<hr class=\"\" data-start=\"700\" data-end=\"703\" \/>\n<h3 class=\"\" data-start=\"705\" data-end=\"735\">\u2b50 <strong data-start=\"711\" data-end=\"735\">\u00d6ne \u00c7\u0131kan \u00d6zellikler<\/strong><\/h3>\n<ul data-start=\"737\" data-end=\"1929\">\n<li class=\"\" data-start=\"737\" data-end=\"968\">\n<p class=\"\" data-start=\"739\" data-end=\"968\"><strong data-start=\"739\" data-end=\"782\">15 cm Derinlik ve Etkili Darbe Tasar\u0131m\u0131<\/strong><br data-start=\"782\" data-end=\"785\" \/>\u0130\u00e7 yap\u0131s\u0131ndaki \u00f6zel top yap\u0131s\u0131 ile her darbede art\u0131r\u0131lan etki, daha yo\u011fun ve tatmin edici bir deneyim sunar. Ayr\u0131ca girdap etkisi yaratan tasar\u0131m\u0131yla ekstra keyifli kullan\u0131m sa\u011flar.<\/p>\n<\/li>\n<li class=\"\" data-start=\"970\" data-end=\"1151\">\n<p class=\"\" data-start=\"972\" data-end=\"1151\"><strong data-start=\"972\" data-end=\"1010\">1. S\u0131n\u0131f Kaliteli L\u00fcks TPE Malzeme<\/strong><br data-start=\"1010\" data-end=\"1013\" \/>Y\u00fcksek kaliteli TPE (Termoplastik Elastomer) malzeme, esnek, yumu\u015fak ve uzun \u00f6m\u00fcrl\u00fcd\u00fcr. Ger\u00e7ek\u00e7i ten dokusu, do\u011fal bir hissiyat yarat\u0131r.<\/p>\n<\/li>\n<li class=\"\" data-start=\"1153\" data-end=\"1304\">\n<p class=\"\" data-start=\"1155\" data-end=\"1304\"><strong data-start=\"1155\" data-end=\"1180\">Her Ebat Penise Uygun<\/strong><br data-start=\"1180\" data-end=\"1183\" \/>Esnek yap\u0131s\u0131 sayesinde her ebatta penise rahatl\u0131kla uyum sa\u011flar, b\u00f6ylece her kullan\u0131c\u0131 i\u00e7in m\u00fckemmel bir deneyim sunar.<\/p>\n<\/li>\n<li class=\"\" data-start=\"1306\" data-end=\"1463\">\n<p class=\"\" data-start=\"1308\" data-end=\"1463\"><strong data-start=\"1308\" data-end=\"1344\">Hijyenik ve Kolay Temizlenebilir<\/strong><br data-start=\"1344\" data-end=\"1347\" \/>Suya dayan\u0131kl\u0131 olan bu mast\u00fcrbat\u00f6r, kolayca temizlenebilir. Sa\u011fl\u0131kl\u0131 bir kullan\u0131m i\u00e7in hijyenik kalmas\u0131 \u00f6nemlidir.<\/p>\n<\/li>\n<li class=\"\" data-start=\"1465\" data-end=\"1629\">\n<p class=\"\" data-start=\"1467\" data-end=\"1629\"><strong data-start=\"1467\" data-end=\"1484\">Seyahat Dostu<\/strong><br data-start=\"1484\" data-end=\"1487\" \/>Kompakt yap\u0131s\u0131 ve hafifli\u011fi sayesinde seyahatlerinizde rahat\u00e7a ta\u015f\u0131yabilirsiniz. K\u00fc\u00e7\u00fck ve ta\u015f\u0131nabilir boyutu, pratik kullan\u0131m i\u00e7in idealdir.<\/p>\n<\/li>\n<li class=\"\" data-start=\"1631\" data-end=\"1777\">\n<p class=\"\" data-start=\"1633\" data-end=\"1777\"><strong data-start=\"1633\" data-end=\"1657\">Turuncu Renkli Model<\/strong><br data-start=\"1657\" data-end=\"1660\" \/>G\u00f6ze hitap eden turuncu rengiyle hem \u015f\u0131k hem de dikkat \u00e7ekicidir. Hem estetik hem de fonksiyonel bir tasar\u0131m sunar.<\/p>\n<\/li>\n<li class=\"\" data-start=\"1779\" data-end=\"1929\">\n<p class=\"\" data-start=\"1781\" data-end=\"1929\"><strong data-start=\"1781\" data-end=\"1801\">Kontrol Elinizde<\/strong><br data-start=\"1801\" data-end=\"1804\" \/>Mast\u00fcrbat\u00f6r\u00fcn tasar\u0131m\u0131 sayesinde kullan\u0131mda tamamen kontrol sizde! Her an, her zaman istedi\u011finiz \u015fekilde kullanabilirsiniz.<\/p>\n<\/li>\n<\/ul>\n<hr class=\"\" data-start=\"1931\" data-end=\"1934\" \/>\n<h3 class=\"\" data-start=\"1936\" data-end=\"1987\">\ud83d\udca1 <strong data-start=\"1943\" data-end=\"1985\">M\u00fckemmel Deneyim \u0130\u00e7in Pratik Kullan\u0131m!<\/strong><\/h3>\n<p class=\"\" data-start=\"1988\" data-end=\"2267\">Prizma Hayali 15 cm Ger\u00e7ek\u00e7i Doku Realistik Suni Darbeli Mast\u00fcrbat\u00f6r, kullan\u0131c\u0131 dostu yap\u0131s\u0131 ve y\u00fcksek kaliteli malzemesiyle en iyi deneyimi sa\u011flar. G\u00fcvenli, hijyenik ve rahat kullan\u0131m sa\u011flar. Seyahatlerinizde yan\u0131n\u0131za alabilece\u011finiz bu pratik \u00fcr\u00fcn, her an\u0131n\u0131zda size e\u015flik eder.<\/p>\n<hr class=\"\" data-start=\"2269\" data-end=\"2272\" \/>\n<h3 class=\"\" data-start=\"2274\" data-end=\"2319\">\ud83d\udce6 <strong data-start=\"2281\" data-end=\"2317\">Gizli Kargo ve G\u00fcvenli Al\u0131\u015fveri\u015f<\/strong><\/h3>\n<p class=\"\" data-start=\"2320\" data-end=\"2606\">T\u00fcm sipari\u015fleriniz, i\u00e7eri\u011fi anla\u015f\u0131lmayacak \u015fekilde gizli ve kapal\u0131 kolide g\u00f6nderilir. <strong data-start=\"2406\" data-end=\"2422\">Kap\u0131da \u00f6deme<\/strong>, <strong data-start=\"2424\" data-end=\"2439\">kredi kart\u0131<\/strong>, <strong data-start=\"2441\" data-end=\"2459\">banka havalesi<\/strong> gibi \u00f6deme se\u00e7enekleriyle i\u015flem yapabilirsiniz. H\u0131zl\u0131 teslimat, g\u00fcvenli al\u0131\u015fveri\u015f ve gizli paketleme ile \u00fcr\u00fcn\u00fcn\u00fcz h\u0131zla ve g\u00fcvenle elinize ula\u015f\u0131r.<\/p>\n<hr class=\"\" data-start=\"2608\" data-end=\"2611\" \/>\n<h3 class=\"\" data-start=\"2613\" data-end=\"2653\">\ud83d\udd25 <strong data-start=\"2620\" data-end=\"2653\">Ger\u00e7ek\u00e7i ve Konforlu Kullan\u0131m<\/strong><\/h3>\n<p class=\"\" data-start=\"2655\" data-end=\"2945\"><strong data-start=\"2655\" data-end=\"2727\">Prizma Hayali 15 cm Ger\u00e7ek\u00e7i Doku Realistik Suni Darbeli Mast\u00fcrbat\u00f6r<\/strong>, her detay\u0131nda ger\u00e7ek\u00e7ili\u011fi \u00f6n planda tutarak daha tatmin edici bir deneyim ya\u015faman\u0131za yard\u0131mc\u0131 olur. Esnek, dayan\u0131kl\u0131 ve kullan\u0131m\u0131 kolay olan bu \u00fcr\u00fcn, hem yeni ba\u015flayanlar hem de deneyimli kullan\u0131c\u0131lar i\u00e7in idealdir.<\/p>\n<hr class=\"\" data-start=\"2947\" data-end=\"2950\" \/>\n<p class=\"\" data-start=\"2952\" data-end=\"3010\"><strong data-start=\"2952\" data-end=\"3010\">\u015eimdi sipari\u015f verin ve ger\u00e7ek\u00e7i bir deneyimi ke\u015ffedin!<\/strong><\/p>\n<p>&nbsp;<\/p>\n<p>&nbsp;<\/p>\n<p>&nbsp;<\/p>\n<p><img decoding=\"async\" style=\"width: 300px;height: 300px\" src=\"https:\/\/static.ticimax.cloud\/32886\/\/uploads\/editoruploads\/bm-009229t6h-05.gif\" alt=\"\" \/><\/p>\n","protected":false},"excerpt":{"rendered":"<p><strong data-start=\"233\" data-end=\"305\">Prizma Hayali 15 cm Ger\u00e7ek\u00e7i Doku Realistik Suni Darbeli Mast\u00fcrbat\u00f6r<\/strong>, kendine \u00f6zg\u00fc tasar\u0131m\u0131, y\u00fcksek kaliteli malzemesi ve do\u011fal his sa\u011flayan yap\u0131s\u0131yla m\u00fckemmel bir deneyim sunar. \u0130\u00e7 yap\u0131s\u0131ndaki \u00f6zel tasar\u0131m, her darbede artan etkiyi hissederek ger\u00e7ek\u00e7i bir deneyim ya\u015faman\u0131z\u0131 sa\u011flar. Hedefe odaklanm\u0131\u015f, rahatlat\u0131c\u0131 etkisiyle her kullan\u0131m\u0131 keyifli hale getirir. \u0130ster evde ister seyahatte, her ko\u015fulda yan\u0131n\u0131zda ta\u015f\u0131yabilece\u011finiz bu \u00fcr\u00fcn, hijyenik ve g\u00fcvenlidir.<\/p>\n","protected":false},"featured_media":44780,"comment_status":"closed","ping_status":"closed","template":"","meta":[],"product_brand":[],"product_cat":[503],"product_tag":[],"class_list":{"0":"post-44778","1":"product","2":"type-product","3":"status-publish","4":"has-post-thumbnail","6":"product_cat-vajina-ve-masturbator","8":"first","9":"outofstock","10":"purchasable","11":"product-type-simple"},"yoast_head":"<!-- This site is optimized with the Yoast SEO Premium plugin v24.4 (Yoast SEO v27.1.1) - https:\/\/yoast.com\/product\/yoast-seo-premium-wordpress\/ -->\n<title>Prizma Hayali 15 Cm Ger\u00e7ek\u00e7i Doku Realistik Suni Darbeli Mast\u00fcrbat\u00f6r - Turuncu - Bursa Erotik Shop<\/title>\n<meta name=\"robots\" content=\"index, follow, max-snippet:-1, max-image-preview:large, max-video-preview:-1\" \/>\n<link rel=\"canonical\" href=\"https:\/\/hobierotikshop.com.tr\/website1\/erotik-shop-urun\/prizma-hayali-15-cm-gercekci-doku-realistik-suni-darbeli-masturbator-turuncu\/\" \/>\n<meta property=\"og:locale\" content=\"tr_TR\" \/>\n<meta property=\"og:type\" content=\"article\" \/>\n<meta property=\"og:title\" content=\"Prizma Hayali 15 Cm Ger\u00e7ek\u00e7i Doku Realistik Suni Darbeli Mast\u00fcrbat\u00f6r - Turuncu\" \/>\n<meta property=\"og:description\" content=\"Prizma Hayali 15 cm Ger\u00e7ek\u00e7i Doku Realistik Suni Darbeli Mast\u00fcrbat\u00f6r, kendine \u00f6zg\u00fc tasar\u0131m\u0131, y\u00fcksek kaliteli malzemesi ve do\u011fal his sa\u011flayan yap\u0131s\u0131yla m\u00fckemmel bir deneyim sunar. \u0130\u00e7 yap\u0131s\u0131ndaki \u00f6zel tasar\u0131m, her darbede artan etkiyi hissederek ger\u00e7ek\u00e7i bir deneyim ya\u015faman\u0131z\u0131 sa\u011flar. Hedefe odaklanm\u0131\u015f, rahatlat\u0131c\u0131 etkisiyle her kullan\u0131m\u0131 keyifli hale getirir. \u0130ster evde ister seyahatte, her ko\u015fulda yan\u0131n\u0131zda ta\u015f\u0131yabilece\u011finiz bu \u00fcr\u00fcn, hijyenik ve g\u00fcvenlidir.\" \/>\n<meta property=\"og:url\" content=\"https:\/\/hobierotikshop.com.tr\/website1\/erotik-shop-urun\/prizma-hayali-15-cm-gercekci-doku-realistik-suni-darbeli-masturbator-turuncu\/\" \/>\n<meta property=\"og:site_name\" content=\"Bursa Erotik Shop\" \/>\n<meta property=\"article:modified_time\" content=\"2026-01-18T15:00:13+00:00\" \/>\n<meta property=\"og:image\" content=\"https:\/\/hobierotikshop.com.tr\/website1\/wp-content\/uploads\/2025\/04\/prizma-hayali-15-cm-gercekci-doku-real-d02e7.jpg\" \/>\n\t<meta property=\"og:image:width\" content=\"455\" \/>\n\t<meta property=\"og:image:height\" content=\"455\" \/>\n\t<meta property=\"og:image:type\" content=\"image\/jpeg\" \/>\n<meta name=\"twitter:card\" content=\"summary_large_image\" \/>\n<meta name=\"twitter:site\" content=\"@shopbursa\" \/>\n<meta name=\"twitter:label1\" content=\"Fiyat\" \/>\n\t<meta name=\"twitter:data1\" content=\"&#8378;1.160,00\" \/>\n\t<meta name=\"twitter:label2\" content=\"Availability\" \/>\n\t<meta name=\"twitter:data2\" content=\"Out of stock\" \/>\n<script type=\"application\/ld+json\" class=\"yoast-schema-graph\">{\"@context\":\"https:\/\/schema.org\",\"@graph\":[{\"@type\":\"WebPage\",\"@id\":\"https:\/\/hobierotikshop.com.tr\/website1\/erotik-shop-urun\/prizma-hayali-15-cm-gercekci-doku-realistik-suni-darbeli-masturbator-turuncu\/\",\"url\":\"https:\/\/hobierotikshop.com.tr\/website1\/erotik-shop-urun\/prizma-hayali-15-cm-gercekci-doku-realistik-suni-darbeli-masturbator-turuncu\/\",\"name\":\"Prizma Hayali 15 Cm Ger\u00e7ek\u00e7i Doku Realistik Suni Darbeli Mast\u00fcrbat\u00f6r - Turuncu - Bursa Erotik Shop\",\"isPartOf\":{\"@id\":\"https:\/\/hobierotikshop.com.tr\/website1\/#website\"},\"primaryImageOfPage\":{\"@id\":\"https:\/\/hobierotikshop.com.tr\/website1\/erotik-shop-urun\/prizma-hayali-15-cm-gercekci-doku-realistik-suni-darbeli-masturbator-turuncu\/#primaryimage\"},\"image\":{\"@id\":\"https:\/\/hobierotikshop.com.tr\/website1\/erotik-shop-urun\/prizma-hayali-15-cm-gercekci-doku-realistik-suni-darbeli-masturbator-turuncu\/#primaryimage\"},\"thumbnailUrl\":\"https:\/\/haremerotikshop.com\/site\/wp-content\/uploads\/2025\/04\/prizma-hayali-15-cm-gercekci-doku-real-d02e7.jpg\",\"datePublished\":\"2025-04-26T14:05:00+00:00\",\"dateModified\":\"2026-01-18T15:00:13+00:00\",\"breadcrumb\":{\"@id\":\"https:\/\/hobierotikshop.com.tr\/website1\/erotik-shop-urun\/prizma-hayali-15-cm-gercekci-doku-realistik-suni-darbeli-masturbator-turuncu\/#breadcrumb\"},\"inLanguage\":\"tr\",\"potentialAction\":[{\"@type\":\"ReadAction\",\"target\":[\"https:\/\/hobierotikshop.com.tr\/website1\/erotik-shop-urun\/prizma-hayali-15-cm-gercekci-doku-realistik-suni-darbeli-masturbator-turuncu\/\"]}]},{\"@type\":\"ImageObject\",\"inLanguage\":\"tr\",\"@id\":\"https:\/\/hobierotikshop.com.tr\/website1\/erotik-shop-urun\/prizma-hayali-15-cm-gercekci-doku-realistik-suni-darbeli-masturbator-turuncu\/#primaryimage\",\"url\":\"https:\/\/haremerotikshop.com\/site\/wp-content\/uploads\/2025\/04\/prizma-hayali-15-cm-gercekci-doku-real-d02e7.jpg\",\"contentUrl\":\"https:\/\/haremerotikshop.com\/site\/wp-content\/uploads\/2025\/04\/prizma-hayali-15-cm-gercekci-doku-real-d02e7.jpg\",\"width\":455,\"height\":455},{\"@type\":\"BreadcrumbList\",\"@id\":\"https:\/\/hobierotikshop.com.tr\/website1\/erotik-shop-urun\/prizma-hayali-15-cm-gercekci-doku-realistik-suni-darbeli-masturbator-turuncu\/#breadcrumb\",\"itemListElement\":[{\"@type\":\"ListItem\",\"position\":1,\"name\":\"Anasayfa\",\"item\":\"https:\/\/hobierotikshop.com.tr\/website1\/\"},{\"@type\":\"ListItem\",\"position\":2,\"name\":\"Erotik Shop \u00dcr\u00fcnleri\",\"item\":\"https:\/\/hobierotikshop.com.tr\/website1\/shop\/\"},{\"@type\":\"ListItem\",\"position\":3,\"name\":\"Prizma Hayali 15 Cm Ger\u00e7ek\u00e7i Doku Realistik Suni Darbeli Mast\u00fcrbat\u00f6r &#8211; Turuncu\"}]},{\"@type\":\"WebSite\",\"@id\":\"https:\/\/hobierotikshop.com.tr\/website1\/#website\",\"url\":\"https:\/\/hobierotikshop.com.tr\/website1\/\",\"name\":\"Bursa Erotik Shop\",\"description\":\"Bursa Erotik Shop ile g\u00fcvenli, gizli ve kaliteli yeti\u015fkin \u00fcr\u00fcnleri al\u0131\u015fveri\u015fi! Geni\u015f \u00fcr\u00fcn yelpazemizi ke\u015ffedin, hemen sipari\u015f verin\",\"publisher\":{\"@id\":\"https:\/\/hobierotikshop.com.tr\/website1\/#organization\"},\"alternateName\":\"Erotik Shop\",\"potentialAction\":[{\"@type\":\"SearchAction\",\"target\":{\"@type\":\"EntryPoint\",\"urlTemplate\":\"https:\/\/hobierotikshop.com.tr\/website1\/?s={search_term_string}\"},\"query-input\":{\"@type\":\"PropertyValueSpecification\",\"valueRequired\":true,\"valueName\":\"search_term_string\"}}],\"inLanguage\":\"tr\"},{\"@type\":\"Organization\",\"@id\":\"https:\/\/hobierotikshop.com.tr\/website1\/#organization\",\"name\":\"Harem Bursa Erotik Shop\",\"url\":\"https:\/\/hobierotikshop.com.tr\/website1\/\",\"logo\":{\"@type\":\"ImageObject\",\"inLanguage\":\"tr\",\"@id\":\"https:\/\/hobierotikshop.com.tr\/website1\/#\/schema\/logo\/image\/\",\"url\":\"https:\/\/haremerotikshop.com\/site\/wp-content\/uploads\/2025\/03\/haremsexshop.png\",\"contentUrl\":\"https:\/\/haremerotikshop.com\/site\/wp-content\/uploads\/2025\/03\/haremsexshop.png\",\"width\":400,\"height\":100,\"caption\":\"Harem Bursa Erotik Shop\"},\"image\":{\"@id\":\"https:\/\/hobierotikshop.com.tr\/website1\/#\/schema\/logo\/image\/\"},\"sameAs\":[\"https:\/\/x.com\/shopbursa\"],\"publishingPrinciples\":\"https:\/\/hobierotikshop.com.tr\/website1\/mesafeli-satis-sozlesmesi\/\",\"ownershipFundingInfo\":\"https:\/\/hobierotikshop.com.tr\/website1\/contact-us\/\",\"actionableFeedbackPolicy\":\"https:\/\/hobierotikshop.com.tr\/website1\/contact-us\/\",\"correctionsPolicy\":\"https:\/\/hobierotikshop.com.tr\/website1\/mesafeli-satis-sozlesmesi\/\"}]}<\/script>\n<meta property=\"product:price:amount\" content=\"1160.00\" \/>\n<meta property=\"product:price:currency\" content=\"TRY\" \/>\n<meta property=\"og:availability\" content=\"out of stock\" \/>\n<meta property=\"product:availability\" content=\"out of stock\" \/>\n<meta property=\"product:retailer_item_id\" content=\"BDM1322T\" \/>\n<meta property=\"product:condition\" content=\"new\" \/>\n<!-- \/ Yoast SEO Premium plugin. -->","yoast_head_json":{"title":"Prizma Hayali 15 Cm Ger\u00e7ek\u00e7i Doku Realistik Suni Darbeli Mast\u00fcrbat\u00f6r - Turuncu - Bursa Erotik Shop","robots":{"index":"index","follow":"follow","max-snippet":"max-snippet:-1","max-image-preview":"max-image-preview:large","max-video-preview":"max-video-preview:-1"},"canonical":"https:\/\/hobierotikshop.com.tr\/website1\/erotik-shop-urun\/prizma-hayali-15-cm-gercekci-doku-realistik-suni-darbeli-masturbator-turuncu\/","og_locale":"tr_TR","og_type":"article","og_title":"Prizma Hayali 15 Cm Ger\u00e7ek\u00e7i Doku Realistik Suni Darbeli Mast\u00fcrbat\u00f6r - Turuncu","og_description":"Prizma Hayali 15 cm Ger\u00e7ek\u00e7i Doku Realistik Suni Darbeli Mast\u00fcrbat\u00f6r, kendine \u00f6zg\u00fc tasar\u0131m\u0131, y\u00fcksek kaliteli malzemesi ve do\u011fal his sa\u011flayan yap\u0131s\u0131yla m\u00fckemmel bir deneyim sunar. \u0130\u00e7 yap\u0131s\u0131ndaki \u00f6zel tasar\u0131m, her darbede artan etkiyi hissederek ger\u00e7ek\u00e7i bir deneyim ya\u015faman\u0131z\u0131 sa\u011flar. Hedefe odaklanm\u0131\u015f, rahatlat\u0131c\u0131 etkisiyle her kullan\u0131m\u0131 keyifli hale getirir. \u0130ster evde ister seyahatte, her ko\u015fulda yan\u0131n\u0131zda ta\u015f\u0131yabilece\u011finiz bu \u00fcr\u00fcn, hijyenik ve g\u00fcvenlidir.","og_url":"https:\/\/hobierotikshop.com.tr\/website1\/erotik-shop-urun\/prizma-hayali-15-cm-gercekci-doku-realistik-suni-darbeli-masturbator-turuncu\/","og_site_name":"Bursa Erotik Shop","article_modified_time":"2026-01-18T15:00:13+00:00","og_image":[{"width":455,"height":455,"url":"https:\/\/hobierotikshop.com.tr\/website1\/wp-content\/uploads\/2025\/04\/prizma-hayali-15-cm-gercekci-doku-real-d02e7.jpg","type":"image\/jpeg"}],"twitter_card":"summary_large_image","twitter_site":"@shopbursa","twitter_misc":{"Fiyat":"&#8378;1.160,00","Availability":"Out of stock"},"schema":{"@context":"https:\/\/schema.org","@graph":[{"@type":"WebPage","@id":"https:\/\/hobierotikshop.com.tr\/website1\/erotik-shop-urun\/prizma-hayali-15-cm-gercekci-doku-realistik-suni-darbeli-masturbator-turuncu\/","url":"https:\/\/hobierotikshop.com.tr\/website1\/erotik-shop-urun\/prizma-hayali-15-cm-gercekci-doku-realistik-suni-darbeli-masturbator-turuncu\/","name":"Prizma Hayali 15 Cm Ger\u00e7ek\u00e7i Doku Realistik Suni Darbeli Mast\u00fcrbat\u00f6r - Turuncu - Bursa Erotik Shop","isPartOf":{"@id":"https:\/\/hobierotikshop.com.tr\/website1\/#website"},"primaryImageOfPage":{"@id":"https:\/\/hobierotikshop.com.tr\/website1\/erotik-shop-urun\/prizma-hayali-15-cm-gercekci-doku-realistik-suni-darbeli-masturbator-turuncu\/#primaryimage"},"image":{"@id":"https:\/\/hobierotikshop.com.tr\/website1\/erotik-shop-urun\/prizma-hayali-15-cm-gercekci-doku-realistik-suni-darbeli-masturbator-turuncu\/#primaryimage"},"thumbnailUrl":"https:\/\/haremerotikshop.com\/site\/wp-content\/uploads\/2025\/04\/prizma-hayali-15-cm-gercekci-doku-real-d02e7.jpg","datePublished":"2025-04-26T14:05:00+00:00","dateModified":"2026-01-18T15:00:13+00:00","breadcrumb":{"@id":"https:\/\/hobierotikshop.com.tr\/website1\/erotik-shop-urun\/prizma-hayali-15-cm-gercekci-doku-realistik-suni-darbeli-masturbator-turuncu\/#breadcrumb"},"inLanguage":"tr","potentialAction":[{"@type":"ReadAction","target":["https:\/\/hobierotikshop.com.tr\/website1\/erotik-shop-urun\/prizma-hayali-15-cm-gercekci-doku-realistik-suni-darbeli-masturbator-turuncu\/"]}]},{"@type":"ImageObject","inLanguage":"tr","@id":"https:\/\/hobierotikshop.com.tr\/website1\/erotik-shop-urun\/prizma-hayali-15-cm-gercekci-doku-realistik-suni-darbeli-masturbator-turuncu\/#primaryimage","url":"https:\/\/haremerotikshop.com\/site\/wp-content\/uploads\/2025\/04\/prizma-hayali-15-cm-gercekci-doku-real-d02e7.jpg","contentUrl":"https:\/\/haremerotikshop.com\/site\/wp-content\/uploads\/2025\/04\/prizma-hayali-15-cm-gercekci-doku-real-d02e7.jpg","width":455,"height":455},{"@type":"BreadcrumbList","@id":"https:\/\/hobierotikshop.com.tr\/website1\/erotik-shop-urun\/prizma-hayali-15-cm-gercekci-doku-realistik-suni-darbeli-masturbator-turuncu\/#breadcrumb","itemListElement":[{"@type":"ListItem","position":1,"name":"Anasayfa","item":"https:\/\/hobierotikshop.com.tr\/website1\/"},{"@type":"ListItem","position":2,"name":"Erotik Shop \u00dcr\u00fcnleri","item":"https:\/\/hobierotikshop.com.tr\/website1\/shop\/"},{"@type":"ListItem","position":3,"name":"Prizma Hayali 15 Cm Ger\u00e7ek\u00e7i Doku Realistik Suni Darbeli Mast\u00fcrbat\u00f6r &#8211; Turuncu"}]},{"@type":"WebSite","@id":"https:\/\/hobierotikshop.com.tr\/website1\/#website","url":"https:\/\/hobierotikshop.com.tr\/website1\/","name":"Bursa Erotik Shop","description":"Bursa Erotik Shop ile g\u00fcvenli, gizli ve kaliteli yeti\u015fkin \u00fcr\u00fcnleri al\u0131\u015fveri\u015fi! Geni\u015f \u00fcr\u00fcn yelpazemizi ke\u015ffedin, hemen sipari\u015f verin","publisher":{"@id":"https:\/\/hobierotikshop.com.tr\/website1\/#organization"},"alternateName":"Erotik Shop","potentialAction":[{"@type":"SearchAction","target":{"@type":"EntryPoint","urlTemplate":"https:\/\/hobierotikshop.com.tr\/website1\/?s={search_term_string}"},"query-input":{"@type":"PropertyValueSpecification","valueRequired":true,"valueName":"search_term_string"}}],"inLanguage":"tr"},{"@type":"Organization","@id":"https:\/\/hobierotikshop.com.tr\/website1\/#organization","name":"Harem Bursa Erotik Shop","url":"https:\/\/hobierotikshop.com.tr\/website1\/","logo":{"@type":"ImageObject","inLanguage":"tr","@id":"https:\/\/hobierotikshop.com.tr\/website1\/#\/schema\/logo\/image\/","url":"https:\/\/haremerotikshop.com\/site\/wp-content\/uploads\/2025\/03\/haremsexshop.png","contentUrl":"https:\/\/haremerotikshop.com\/site\/wp-content\/uploads\/2025\/03\/haremsexshop.png","width":400,"height":100,"caption":"Harem Bursa Erotik Shop"},"image":{"@id":"https:\/\/hobierotikshop.com.tr\/website1\/#\/schema\/logo\/image\/"},"sameAs":["https:\/\/x.com\/shopbursa"],"publishingPrinciples":"https:\/\/hobierotikshop.com.tr\/website1\/mesafeli-satis-sozlesmesi\/","ownershipFundingInfo":"https:\/\/hobierotikshop.com.tr\/website1\/contact-us\/","actionableFeedbackPolicy":"https:\/\/hobierotikshop.com.tr\/website1\/contact-us\/","correctionsPolicy":"https:\/\/hobierotikshop.com.tr\/website1\/mesafeli-satis-sozlesmesi\/"}]},"product_price_amount":"1160.00","product_price_currency":"TRY","og_availability":"out of stock","product_availability":"out of stock","product_retailer_item_id":"BDM1322T","product_condition":"new"},"_links":{"self":[{"href":"https:\/\/haremerotikshop.com\/site\/wp-json\/wp\/v2\/product\/44778","targetHints":{"allow":["GET"]}}],"collection":[{"href":"https:\/\/haremerotikshop.com\/site\/wp-json\/wp\/v2\/product"}],"about":[{"href":"https:\/\/haremerotikshop.com\/site\/wp-json\/wp\/v2\/types\/product"}],"replies":[{"embeddable":true,"href":"https:\/\/haremerotikshop.com\/site\/wp-json\/wp\/v2\/comments?post=44778"}],"version-history":[{"count":0,"href":"https:\/\/haremerotikshop.com\/site\/wp-json\/wp\/v2\/product\/44778\/revisions"}],"wp:featuredmedia":[{"embeddable":true,"href":"https:\/\/haremerotikshop.com\/site\/wp-json\/wp\/v2\/media\/44780"}],"wp:attachment":[{"href":"https:\/\/haremerotikshop.com\/site\/wp-json\/wp\/v2\/media?parent=44778"}],"wp:term":[{"taxonomy":"product_brand","embeddable":true,"href":"https:\/\/haremerotikshop.com\/site\/wp-json\/wp\/v2\/product_brand?post=44778"},{"taxonomy":"product_cat","embeddable":true,"href":"https:\/\/haremerotikshop.com\/site\/wp-json\/wp\/v2\/product_cat?post=44778"},{"taxonomy":"product_tag","embeddable":true,"href":"https:\/\/haremerotikshop.com\/site\/wp-json\/wp\/v2\/product_tag?post=44778"}],"curies":[{"name":"wp","href":"https:\/\/api.w.org\/{rel}","templated":true}]}}