{"id":44785,"date":"2025-04-26T17:05:00","date_gmt":"2025-04-26T14:05:00","guid":{"rendered":"https:\/\/haremerotikshop.com\/site\/erotik-shop-urun\/26-cm-kikirdak-yapili-cift-katmanli-gercekci-melez-dildo-penis\/"},"modified":"2026-01-08T15:18:06","modified_gmt":"2026-01-08T12:18:06","slug":"26-cm-kikirdak-yapili-cift-katmanli-gercekci-melez-dildo-penis","status":"publish","type":"product","link":"https:\/\/haremerotikshop.com\/site\/erotik-shop-urun\/26-cm-kikirdak-yapili-cift-katmanli-gercekci-melez-dildo-penis\/","title":{"rendered":"26 Cm K\u0131k\u0131rdak Yap\u0131l\u0131 \u00c7ift Katmanl\u0131 Ger\u00e7ek\u00e7i Melez Dildo Penis"},"content":{"rendered":"<h2 class=\"\" data-start=\"138\" data-end=\"207\"><strong data-start=\"141\" data-end=\"207\">26 cm K\u0131k\u0131rdak Yap\u0131l\u0131 \u00c7ift Katmanl\u0131 Melez Ger\u00e7ek\u00e7i Dildo Penis<\/strong><\/h2>\n<p class=\"\" data-start=\"209\" data-end=\"694\"><strong data-start=\"209\" data-end=\"275\">26 cm K\u0131k\u0131rdak Yap\u0131l\u0131 \u00c7ift Katmanl\u0131 Melez Ger\u00e7ek\u00e7i Dildo Penis<\/strong>, ger\u00e7ek\u00e7i g\u00f6r\u00fcn\u00fcme ve dokuya sahip, kaliteli materyallerle \u00fcretilmi\u015f bir \u00fcr\u00fcnd\u00fcr. Y\u00fcksek performans\u0131 ve konforu bir arada sunan bu \u00fcr\u00fcn, kullan\u0131c\u0131lara tatmin edici bir deneyim ya\u015fatmak i\u00e7in tasarlanm\u0131\u015ft\u0131r. G\u00fc\u00e7l\u00fc vantuz \u00f6zelli\u011fi, belden ba\u011flama kemeri ile sa\u011flanan ekstra g\u00fcvenlik ve konfor, her pozisyonda rahat kullan\u0131m imkan\u0131 sunar. Ger\u00e7ek\u00e7i ten dokusu ve 100% soft malzemesiyle y\u0131llarca dayan\u0131kl\u0131 bir se\u00e7enek sunar.<\/p>\n<hr class=\"\" data-start=\"696\" data-end=\"699\" \/>\n<h3 class=\"\" data-start=\"701\" data-end=\"731\">\u2b50 <strong data-start=\"707\" data-end=\"731\">\u00d6ne \u00c7\u0131kan \u00d6zellikler<\/strong><\/h3>\n<ul data-start=\"733\" data-end=\"2222\">\n<li class=\"\" data-start=\"733\" data-end=\"994\">\n<p class=\"\" data-start=\"735\" data-end=\"994\"><strong data-start=\"735\" data-end=\"771\">26 cm Uzunluk ve 5,5 cm Kal\u0131nl\u0131k<\/strong><br data-start=\"771\" data-end=\"774\" \/>26 cm uzunlu\u011fa ve 5,5 cm kal\u0131nl\u0131\u011fa sahip olan bu dildo, yo\u011fun ve tatmin edici bir deneyim i\u00e7in m\u00fckemmel boyutlardad\u0131r. Kullan\u0131labilir uzunlu\u011fu 22 cm&#8217;dir, b\u00f6ylece kullan\u0131c\u0131lara tam anlam\u0131yla zevk dolu bir deneyim sunar.<\/p>\n<\/li>\n<li class=\"\" data-start=\"996\" data-end=\"1212\">\n<p class=\"\" data-start=\"998\" data-end=\"1212\"><strong data-start=\"998\" data-end=\"1029\">\u00c7ift Katmanl\u0131 Ger\u00e7ek\u00e7i Yap\u0131<\/strong><br data-start=\"1029\" data-end=\"1032\" \/>D\u0131\u015f katman\u0131ndaki yumu\u015fak doku ve i\u00e7 katman\u0131ndaki sa\u011flam yap\u0131 sayesinde, her kullan\u0131ld\u0131\u011f\u0131nda do\u011fal bir his sa\u011flar. Bu \u00e7ift katmanl\u0131 yap\u0131, ger\u00e7ek\u00e7i bir deneyim i\u00e7in tasarlanm\u0131\u015ft\u0131r.<\/p>\n<\/li>\n<li class=\"\" data-start=\"1214\" data-end=\"1431\">\n<p class=\"\" data-start=\"1216\" data-end=\"1431\"><strong data-start=\"1216\" data-end=\"1253\">Ger\u00e7ek\u00e7i Ten Dokusu ve Melez Yap\u0131<\/strong><br data-start=\"1253\" data-end=\"1256\" \/>Ger\u00e7ek\u00e7i ten dokusu, melez yap\u0131s\u0131yla birle\u015ferek son derece do\u011fal bir g\u00f6r\u00fcn\u00fcm ve his sunar. \u00dcr\u00fcn, kullan\u0131m s\u0131ras\u0131nda v\u00fccut \u0131s\u0131s\u0131na ula\u015farak daha ger\u00e7ek\u00e7i bir deneyim ya\u015fat\u0131r.<\/p>\n<\/li>\n<li class=\"\" data-start=\"1433\" data-end=\"1664\">\n<p class=\"\" data-start=\"1435\" data-end=\"1664\"><strong data-start=\"1435\" data-end=\"1478\">Vantuz \u00d6zelli\u011fi ile Sabitleme Kolayl\u0131\u011f\u0131<\/strong><br data-start=\"1478\" data-end=\"1481\" \/>G\u00fc\u00e7l\u00fc vantuzlu yap\u0131s\u0131 sayesinde her t\u00fcr d\u00fcz y\u00fczeye sabitlenebilir, b\u00f6ylece eller serbest bir \u015fekilde kullan\u0131labilir. Hem solo hem de partnerli kullan\u0131m i\u00e7in ideal bir se\u00e7enek sunar.<\/p>\n<\/li>\n<li class=\"\" data-start=\"1666\" data-end=\"1866\">\n<p class=\"\" data-start=\"1668\" data-end=\"1866\"><strong data-start=\"1668\" data-end=\"1706\">Cilt Dostu ve Kolay Temizlenebilir<\/strong><br data-start=\"1706\" data-end=\"1709\" \/>100% Soft y\u00fcksek kaliteli malzeme, cilt dostudur ve kolayca temizlenebilir. Hijyenik bir kullan\u0131m sa\u011flar, b\u00f6ylece her zaman g\u00fcvenli bir deneyim ya\u015fars\u0131n\u0131z.<\/p>\n<\/li>\n<li class=\"\" data-start=\"1868\" data-end=\"2020\">\n<p class=\"\" data-start=\"1870\" data-end=\"2020\"><strong data-start=\"1870\" data-end=\"1896\">Pthalate Free Materyal<\/strong><br data-start=\"1896\" data-end=\"1899\" \/>Sa\u011fl\u0131\u011f\u0131n\u0131za zarar vermeyen, phthalate i\u00e7ermeyen materyallerle \u00fcretilmi\u015ftir. Hem g\u00fcvenli hem de sa\u011fl\u0131kl\u0131 kullan\u0131m sunar.<\/p>\n<\/li>\n<li class=\"\" data-start=\"2022\" data-end=\"2222\">\n<p class=\"\" data-start=\"2024\" data-end=\"2222\"><strong data-start=\"2024\" data-end=\"2059\">Belden Ba\u011flama Kemerli Kullan\u0131m<\/strong><br data-start=\"2059\" data-end=\"2062\" \/>Ayr\u0131ca, belden ba\u011flama kemeri ile daha fazla g\u00fcvenlik ve konfor sa\u011flar. Bu \u00f6zellik, eller serbest kullan\u0131m imkan\u0131 sunarak daha fazla hareket \u00f6zg\u00fcrl\u00fc\u011f\u00fc sa\u011flar.<\/p>\n<\/li>\n<\/ul>\n<hr class=\"\" data-start=\"2224\" data-end=\"2227\" \/>\n<h3 class=\"\" data-start=\"2229\" data-end=\"2275\">\ud83e\uddf3 <strong data-start=\"2236\" data-end=\"2275\">Gizli G\u00f6nderim ve G\u00fcvenli Al\u0131\u015fveri\u015f<\/strong><\/h3>\n<p class=\"\" data-start=\"2277\" data-end=\"2577\">Sipari\u015fleriniz <strong data-start=\"2292\" data-end=\"2317\">gizli ve kapal\u0131 paket<\/strong> ile g\u00f6nderilir. \u00dcr\u00fcn\u00fcn i\u00e7eri\u011fi kimse taraf\u0131ndan anla\u015f\u0131lmayacak \u015fekilde paketlenir. Gizlilik, her zaman \u00f6n planda tutulur. Ayr\u0131ca <strong data-start=\"2447\" data-end=\"2463\">kap\u0131da \u00f6deme<\/strong> se\u00e7ene\u011fi ile g\u00fcvenli al\u0131\u015fveri\u015f yapabilirsiniz. Sipari\u015flerinizi g\u00fcvenle ve h\u0131zl\u0131 bir \u015fekilde teslim alabilirsiniz.<\/p>\n<ul data-start=\"2579\" data-end=\"2692\">\n<li class=\"\" data-start=\"2579\" data-end=\"2599\">\n<p class=\"\" data-start=\"2581\" data-end=\"2599\"><strong data-start=\"2581\" data-end=\"2599\">H\u0131zl\u0131 G\u00f6nderim<\/strong><\/p>\n<\/li>\n<li class=\"\" data-start=\"2600\" data-end=\"2636\">\n<p class=\"\" data-start=\"2602\" data-end=\"2636\"><strong data-start=\"2602\" data-end=\"2636\">Kap\u0131da \u00d6deme G\u00fcvenli Al\u0131\u015fveri\u015f<\/strong><\/p>\n<\/li>\n<li class=\"\" data-start=\"2637\" data-end=\"2662\">\n<p class=\"\" data-start=\"2639\" data-end=\"2662\"><strong data-start=\"2639\" data-end=\"2662\">Gizli Kargo \/ Paket<\/strong><\/p>\n<\/li>\n<li class=\"\" data-start=\"2663\" data-end=\"2692\">\n<p class=\"\" data-start=\"2665\" data-end=\"2692\"><strong data-start=\"2665\" data-end=\"2692\">Orijinal \u00dcr\u00fcn Garantisi<\/strong><\/p>\n<\/li>\n<\/ul>\n<hr class=\"\" data-start=\"2694\" data-end=\"2697\" \/>\n<h3 class=\"\" data-start=\"2699\" data-end=\"2776\"><strong data-start=\"2703\" data-end=\"2776\">Neden 26 cm K\u0131k\u0131rdak Yap\u0131l\u0131 \u00c7ift Katmanl\u0131 Melez Ger\u00e7ek\u00e7i Dildo Penis?<\/strong><\/h3>\n<ul data-start=\"2778\" data-end=\"3257\">\n<li class=\"\" data-start=\"2778\" data-end=\"2877\">\n<p class=\"\" data-start=\"2780\" data-end=\"2877\"><strong data-start=\"2780\" data-end=\"2806\">Ger\u00e7ek\u00e7i Doku ve Yap\u0131:<\/strong> 26 cm uzunlu\u011fu ve 5,5 cm kal\u0131nl\u0131\u011f\u0131 ile tatmin edici bir deneyim sunar.<\/p>\n<\/li>\n<li class=\"\" data-start=\"2878\" data-end=\"3005\">\n<p class=\"\" data-start=\"2880\" data-end=\"3005\"><strong data-start=\"2880\" data-end=\"2903\">\u00c7ift Katmanl\u0131 Yap\u0131:<\/strong> D\u0131\u015f y\u00fczeyin yumu\u015fak dokusu ve i\u00e7 katmandaki sert yap\u0131 sayesinde daha do\u011fal ve ger\u00e7ek\u00e7i bir his sunar.<\/p>\n<\/li>\n<li class=\"\" data-start=\"3006\" data-end=\"3094\">\n<p class=\"\" data-start=\"3008\" data-end=\"3094\"><strong data-start=\"3008\" data-end=\"3029\">Vantuzlu \u00d6zellik:<\/strong> \u00dcr\u00fcn, g\u00fc\u00e7l\u00fc vantuz sayesinde her t\u00fcr d\u00fcz y\u00fczeyde kullan\u0131labilir.<\/p>\n<\/li>\n<li class=\"\" data-start=\"3095\" data-end=\"3185\">\n<p class=\"\" data-start=\"3097\" data-end=\"3185\"><strong data-start=\"3097\" data-end=\"3124\">Cilt Dostu ve Hijyenik:<\/strong> Kolayca temizlenebilir, sa\u011fl\u0131kl\u0131 ve hijyenik kullan\u0131m sunar.<\/p>\n<\/li>\n<li class=\"\" data-start=\"3186\" data-end=\"3257\">\n<p class=\"\" data-start=\"3188\" data-end=\"3257\"><strong data-start=\"3188\" data-end=\"3212\">Sa\u011fl\u0131kl\u0131 ve G\u00fcvenli:<\/strong> Pthalate i\u00e7ermeyen malzeme ile \u00fcretilmi\u015ftir.<\/p>\n<\/li>\n<\/ul>\n<hr class=\"\" data-start=\"3259\" data-end=\"3262\" \/>\n<h3 class=\"\" data-start=\"3264\" data-end=\"3309\"><strong data-start=\"3268\" data-end=\"3309\">Hayalinizdeki Deneyimi Ger\u00e7ekle\u015ftirin<\/strong><\/h3>\n<p class=\"\" data-start=\"3311\" data-end=\"3594\"><strong data-start=\"3311\" data-end=\"3377\">26 cm K\u0131k\u0131rdak Yap\u0131l\u0131 \u00c7ift Katmanl\u0131 Melez Ger\u00e7ek\u00e7i Dildo Penis<\/strong> ile ger\u00e7ek\u00e7i bir deneyim ya\u015fay\u0131n. Hem solo hem de partnerli kullan\u0131m i\u00e7in m\u00fckemmel olan bu \u00fcr\u00fcn, g\u00fcvenli, sa\u011fl\u0131kl\u0131 ve konforlu bir deneyim sunar. Hemen sipari\u015f verin ve tatmin edici, keyif dolu bir deneyimi ke\u015ffedin!<\/p>\n<p>&nbsp;<\/p>\n<p>&nbsp;<\/p>\n<p>&nbsp;<\/p>\n<p><img decoding=\"async\" style=\"width: 300px;height: 300px\" src=\"https:\/\/static.ticimax.cloud\/32886\/\/uploads\/editoruploads\/bw-008103nrg-1-07.gif\" alt=\"\" \/><\/p>\n","protected":false},"excerpt":{"rendered":"<p><strong data-start=\"209\" data-end=\"275\">26 cm K\u0131k\u0131rdak Yap\u0131l\u0131 \u00c7ift Katmanl\u0131 Melez Ger\u00e7ek\u00e7i Dildo Penis<\/strong>, ger\u00e7ek\u00e7i g\u00f6r\u00fcn\u00fcme ve dokuya sahip, kaliteli materyallerle \u00fcretilmi\u015f bir \u00fcr\u00fcnd\u00fcr. Y\u00fcksek performans\u0131 ve konforu bir arada sunan bu \u00fcr\u00fcn, kullan\u0131c\u0131lara tatmin edici bir deneyim ya\u015fatmak i\u00e7in tasarlanm\u0131\u015ft\u0131r. G\u00fc\u00e7l\u00fc vantuz \u00f6zelli\u011fi, belden ba\u011flama kemeri ile sa\u011flanan ekstra g\u00fcvenlik ve konfor, her pozisyonda rahat kullan\u0131m imkan\u0131 sunar. Ger\u00e7ek\u00e7i ten dokusu ve 100% soft malzemesiyle y\u0131llarca dayan\u0131kl\u0131 bir se\u00e7enek sunar.<\/p>\n","protected":false},"featured_media":44787,"comment_status":"closed","ping_status":"closed","template":"","meta":[],"product_brand":[],"product_cat":[501],"product_tag":[],"class_list":{"0":"post-44785","1":"product","2":"type-product","3":"status-publish","4":"has-post-thumbnail","6":"product_cat-realistik-penisler","8":"first","9":"instock","10":"purchasable","11":"product-type-simple"},"yoast_head":"<!-- This site is optimized with the Yoast SEO Premium plugin v24.4 (Yoast SEO v27.1.1) - https:\/\/yoast.com\/product\/yoast-seo-premium-wordpress\/ -->\n<title>26 Cm K\u0131k\u0131rdak Yap\u0131l\u0131 \u00c7ift Katmanl\u0131 Ger\u00e7ek\u00e7i Melez Dildo Penis - Bursa Erotik Shop<\/title>\n<meta name=\"robots\" content=\"index, follow, max-snippet:-1, max-image-preview:large, max-video-preview:-1\" \/>\n<link rel=\"canonical\" href=\"https:\/\/hobierotikshop.com.tr\/website1\/erotik-shop-urun\/26-cm-kikirdak-yapili-cift-katmanli-gercekci-melez-dildo-penis\/\" \/>\n<meta property=\"og:locale\" content=\"tr_TR\" \/>\n<meta property=\"og:type\" content=\"article\" \/>\n<meta property=\"og:title\" content=\"26 Cm K\u0131k\u0131rdak Yap\u0131l\u0131 \u00c7ift Katmanl\u0131 Ger\u00e7ek\u00e7i Melez Dildo Penis\" \/>\n<meta property=\"og:description\" content=\"26 cm K\u0131k\u0131rdak Yap\u0131l\u0131 \u00c7ift Katmanl\u0131 Melez Ger\u00e7ek\u00e7i Dildo Penis, ger\u00e7ek\u00e7i g\u00f6r\u00fcn\u00fcme ve dokuya sahip, kaliteli materyallerle \u00fcretilmi\u015f bir \u00fcr\u00fcnd\u00fcr. Y\u00fcksek performans\u0131 ve konforu bir arada sunan bu \u00fcr\u00fcn, kullan\u0131c\u0131lara tatmin edici bir deneyim ya\u015fatmak i\u00e7in tasarlanm\u0131\u015ft\u0131r. G\u00fc\u00e7l\u00fc vantuz \u00f6zelli\u011fi, belden ba\u011flama kemeri ile sa\u011flanan ekstra g\u00fcvenlik ve konfor, her pozisyonda rahat kullan\u0131m imkan\u0131 sunar. Ger\u00e7ek\u00e7i ten dokusu ve 100% soft malzemesiyle y\u0131llarca dayan\u0131kl\u0131 bir se\u00e7enek sunar.\" \/>\n<meta property=\"og:url\" content=\"https:\/\/hobierotikshop.com.tr\/website1\/erotik-shop-urun\/26-cm-kikirdak-yapili-cift-katmanli-gercekci-melez-dildo-penis\/\" \/>\n<meta property=\"og:site_name\" content=\"Bursa Erotik Shop\" \/>\n<meta property=\"article:modified_time\" content=\"2026-01-08T12:18:06+00:00\" \/>\n<meta property=\"og:image\" content=\"https:\/\/hobierotikshop.com.tr\/website1\/wp-content\/uploads\/2025\/04\/26-cm-kikirdak-yapili-cift-katmanli-ge-5651-.jpg\" \/>\n\t<meta property=\"og:image:width\" content=\"455\" \/>\n\t<meta property=\"og:image:height\" content=\"455\" \/>\n\t<meta property=\"og:image:type\" content=\"image\/jpeg\" \/>\n<meta name=\"twitter:card\" content=\"summary_large_image\" \/>\n<meta name=\"twitter:site\" content=\"@shopbursa\" \/>\n<meta name=\"twitter:label1\" content=\"Fiyat\" \/>\n\t<meta name=\"twitter:data1\" content=\"&#8378;2.900,00\" \/>\n\t<meta name=\"twitter:label2\" content=\"Availability\" \/>\n\t<meta name=\"twitter:data2\" content=\"In stock\" \/>\n<script type=\"application\/ld+json\" class=\"yoast-schema-graph\">{\"@context\":\"https:\/\/schema.org\",\"@graph\":[{\"@type\":\"WebPage\",\"@id\":\"https:\/\/hobierotikshop.com.tr\/website1\/erotik-shop-urun\/26-cm-kikirdak-yapili-cift-katmanli-gercekci-melez-dildo-penis\/\",\"url\":\"https:\/\/hobierotikshop.com.tr\/website1\/erotik-shop-urun\/26-cm-kikirdak-yapili-cift-katmanli-gercekci-melez-dildo-penis\/\",\"name\":\"26 Cm K\u0131k\u0131rdak Yap\u0131l\u0131 \u00c7ift Katmanl\u0131 Ger\u00e7ek\u00e7i Melez Dildo Penis - Bursa Erotik Shop\",\"isPartOf\":{\"@id\":\"https:\/\/hobierotikshop.com.tr\/website1\/#website\"},\"primaryImageOfPage\":{\"@id\":\"https:\/\/hobierotikshop.com.tr\/website1\/erotik-shop-urun\/26-cm-kikirdak-yapili-cift-katmanli-gercekci-melez-dildo-penis\/#primaryimage\"},\"image\":{\"@id\":\"https:\/\/hobierotikshop.com.tr\/website1\/erotik-shop-urun\/26-cm-kikirdak-yapili-cift-katmanli-gercekci-melez-dildo-penis\/#primaryimage\"},\"thumbnailUrl\":\"https:\/\/haremerotikshop.com\/site\/wp-content\/uploads\/2025\/04\/26-cm-kikirdak-yapili-cift-katmanli-ge-5651-.jpg\",\"datePublished\":\"2025-04-26T14:05:00+00:00\",\"dateModified\":\"2026-01-08T12:18:06+00:00\",\"breadcrumb\":{\"@id\":\"https:\/\/hobierotikshop.com.tr\/website1\/erotik-shop-urun\/26-cm-kikirdak-yapili-cift-katmanli-gercekci-melez-dildo-penis\/#breadcrumb\"},\"inLanguage\":\"tr\",\"potentialAction\":[{\"@type\":\"ReadAction\",\"target\":[\"https:\/\/hobierotikshop.com.tr\/website1\/erotik-shop-urun\/26-cm-kikirdak-yapili-cift-katmanli-gercekci-melez-dildo-penis\/\"]}]},{\"@type\":\"ImageObject\",\"inLanguage\":\"tr\",\"@id\":\"https:\/\/hobierotikshop.com.tr\/website1\/erotik-shop-urun\/26-cm-kikirdak-yapili-cift-katmanli-gercekci-melez-dildo-penis\/#primaryimage\",\"url\":\"https:\/\/haremerotikshop.com\/site\/wp-content\/uploads\/2025\/04\/26-cm-kikirdak-yapili-cift-katmanli-ge-5651-.jpg\",\"contentUrl\":\"https:\/\/haremerotikshop.com\/site\/wp-content\/uploads\/2025\/04\/26-cm-kikirdak-yapili-cift-katmanli-ge-5651-.jpg\",\"width\":455,\"height\":455},{\"@type\":\"BreadcrumbList\",\"@id\":\"https:\/\/hobierotikshop.com.tr\/website1\/erotik-shop-urun\/26-cm-kikirdak-yapili-cift-katmanli-gercekci-melez-dildo-penis\/#breadcrumb\",\"itemListElement\":[{\"@type\":\"ListItem\",\"position\":1,\"name\":\"Anasayfa\",\"item\":\"https:\/\/hobierotikshop.com.tr\/website1\/\"},{\"@type\":\"ListItem\",\"position\":2,\"name\":\"Erotik Shop \u00dcr\u00fcnleri\",\"item\":\"https:\/\/hobierotikshop.com.tr\/website1\/shop\/\"},{\"@type\":\"ListItem\",\"position\":3,\"name\":\"26 Cm K\u0131k\u0131rdak Yap\u0131l\u0131 \u00c7ift Katmanl\u0131 Ger\u00e7ek\u00e7i Melez Dildo Penis\"}]},{\"@type\":\"WebSite\",\"@id\":\"https:\/\/hobierotikshop.com.tr\/website1\/#website\",\"url\":\"https:\/\/hobierotikshop.com.tr\/website1\/\",\"name\":\"Bursa Erotik Shop\",\"description\":\"Bursa Erotik Shop ile g\u00fcvenli, gizli ve kaliteli yeti\u015fkin \u00fcr\u00fcnleri al\u0131\u015fveri\u015fi! Geni\u015f \u00fcr\u00fcn yelpazemizi ke\u015ffedin, hemen sipari\u015f verin\",\"publisher\":{\"@id\":\"https:\/\/hobierotikshop.com.tr\/website1\/#organization\"},\"alternateName\":\"Erotik Shop\",\"potentialAction\":[{\"@type\":\"SearchAction\",\"target\":{\"@type\":\"EntryPoint\",\"urlTemplate\":\"https:\/\/hobierotikshop.com.tr\/website1\/?s={search_term_string}\"},\"query-input\":{\"@type\":\"PropertyValueSpecification\",\"valueRequired\":true,\"valueName\":\"search_term_string\"}}],\"inLanguage\":\"tr\"},{\"@type\":\"Organization\",\"@id\":\"https:\/\/hobierotikshop.com.tr\/website1\/#organization\",\"name\":\"Harem Bursa Erotik Shop\",\"url\":\"https:\/\/hobierotikshop.com.tr\/website1\/\",\"logo\":{\"@type\":\"ImageObject\",\"inLanguage\":\"tr\",\"@id\":\"https:\/\/hobierotikshop.com.tr\/website1\/#\/schema\/logo\/image\/\",\"url\":\"https:\/\/haremerotikshop.com\/site\/wp-content\/uploads\/2025\/03\/haremsexshop.png\",\"contentUrl\":\"https:\/\/haremerotikshop.com\/site\/wp-content\/uploads\/2025\/03\/haremsexshop.png\",\"width\":400,\"height\":100,\"caption\":\"Harem Bursa Erotik Shop\"},\"image\":{\"@id\":\"https:\/\/hobierotikshop.com.tr\/website1\/#\/schema\/logo\/image\/\"},\"sameAs\":[\"https:\/\/x.com\/shopbursa\"],\"publishingPrinciples\":\"https:\/\/hobierotikshop.com.tr\/website1\/mesafeli-satis-sozlesmesi\/\",\"ownershipFundingInfo\":\"https:\/\/hobierotikshop.com.tr\/website1\/contact-us\/\",\"actionableFeedbackPolicy\":\"https:\/\/hobierotikshop.com.tr\/website1\/contact-us\/\",\"correctionsPolicy\":\"https:\/\/hobierotikshop.com.tr\/website1\/mesafeli-satis-sozlesmesi\/\"}]}<\/script>\n<meta property=\"product:price:amount\" content=\"2900.00\" \/>\n<meta property=\"product:price:currency\" content=\"TRY\" \/>\n<meta property=\"og:availability\" content=\"instock\" \/>\n<meta property=\"product:availability\" content=\"instock\" \/>\n<meta property=\"product:retailer_item_id\" content=\"BDM1323\" \/>\n<meta property=\"product:condition\" content=\"new\" \/>\n<!-- \/ Yoast SEO Premium plugin. -->","yoast_head_json":{"title":"26 Cm K\u0131k\u0131rdak Yap\u0131l\u0131 \u00c7ift Katmanl\u0131 Ger\u00e7ek\u00e7i Melez Dildo Penis - Bursa Erotik Shop","robots":{"index":"index","follow":"follow","max-snippet":"max-snippet:-1","max-image-preview":"max-image-preview:large","max-video-preview":"max-video-preview:-1"},"canonical":"https:\/\/hobierotikshop.com.tr\/website1\/erotik-shop-urun\/26-cm-kikirdak-yapili-cift-katmanli-gercekci-melez-dildo-penis\/","og_locale":"tr_TR","og_type":"article","og_title":"26 Cm K\u0131k\u0131rdak Yap\u0131l\u0131 \u00c7ift Katmanl\u0131 Ger\u00e7ek\u00e7i Melez Dildo Penis","og_description":"26 cm K\u0131k\u0131rdak Yap\u0131l\u0131 \u00c7ift Katmanl\u0131 Melez Ger\u00e7ek\u00e7i Dildo Penis, ger\u00e7ek\u00e7i g\u00f6r\u00fcn\u00fcme ve dokuya sahip, kaliteli materyallerle \u00fcretilmi\u015f bir \u00fcr\u00fcnd\u00fcr. Y\u00fcksek performans\u0131 ve konforu bir arada sunan bu \u00fcr\u00fcn, kullan\u0131c\u0131lara tatmin edici bir deneyim ya\u015fatmak i\u00e7in tasarlanm\u0131\u015ft\u0131r. G\u00fc\u00e7l\u00fc vantuz \u00f6zelli\u011fi, belden ba\u011flama kemeri ile sa\u011flanan ekstra g\u00fcvenlik ve konfor, her pozisyonda rahat kullan\u0131m imkan\u0131 sunar. Ger\u00e7ek\u00e7i ten dokusu ve 100% soft malzemesiyle y\u0131llarca dayan\u0131kl\u0131 bir se\u00e7enek sunar.","og_url":"https:\/\/hobierotikshop.com.tr\/website1\/erotik-shop-urun\/26-cm-kikirdak-yapili-cift-katmanli-gercekci-melez-dildo-penis\/","og_site_name":"Bursa Erotik Shop","article_modified_time":"2026-01-08T12:18:06+00:00","og_image":[{"width":455,"height":455,"url":"https:\/\/hobierotikshop.com.tr\/website1\/wp-content\/uploads\/2025\/04\/26-cm-kikirdak-yapili-cift-katmanli-ge-5651-.jpg","type":"image\/jpeg"}],"twitter_card":"summary_large_image","twitter_site":"@shopbursa","twitter_misc":{"Fiyat":"&#8378;2.900,00","Availability":"In stock"},"schema":{"@context":"https:\/\/schema.org","@graph":[{"@type":"WebPage","@id":"https:\/\/hobierotikshop.com.tr\/website1\/erotik-shop-urun\/26-cm-kikirdak-yapili-cift-katmanli-gercekci-melez-dildo-penis\/","url":"https:\/\/hobierotikshop.com.tr\/website1\/erotik-shop-urun\/26-cm-kikirdak-yapili-cift-katmanli-gercekci-melez-dildo-penis\/","name":"26 Cm K\u0131k\u0131rdak Yap\u0131l\u0131 \u00c7ift Katmanl\u0131 Ger\u00e7ek\u00e7i Melez Dildo Penis - Bursa Erotik Shop","isPartOf":{"@id":"https:\/\/hobierotikshop.com.tr\/website1\/#website"},"primaryImageOfPage":{"@id":"https:\/\/hobierotikshop.com.tr\/website1\/erotik-shop-urun\/26-cm-kikirdak-yapili-cift-katmanli-gercekci-melez-dildo-penis\/#primaryimage"},"image":{"@id":"https:\/\/hobierotikshop.com.tr\/website1\/erotik-shop-urun\/26-cm-kikirdak-yapili-cift-katmanli-gercekci-melez-dildo-penis\/#primaryimage"},"thumbnailUrl":"https:\/\/haremerotikshop.com\/site\/wp-content\/uploads\/2025\/04\/26-cm-kikirdak-yapili-cift-katmanli-ge-5651-.jpg","datePublished":"2025-04-26T14:05:00+00:00","dateModified":"2026-01-08T12:18:06+00:00","breadcrumb":{"@id":"https:\/\/hobierotikshop.com.tr\/website1\/erotik-shop-urun\/26-cm-kikirdak-yapili-cift-katmanli-gercekci-melez-dildo-penis\/#breadcrumb"},"inLanguage":"tr","potentialAction":[{"@type":"ReadAction","target":["https:\/\/hobierotikshop.com.tr\/website1\/erotik-shop-urun\/26-cm-kikirdak-yapili-cift-katmanli-gercekci-melez-dildo-penis\/"]}]},{"@type":"ImageObject","inLanguage":"tr","@id":"https:\/\/hobierotikshop.com.tr\/website1\/erotik-shop-urun\/26-cm-kikirdak-yapili-cift-katmanli-gercekci-melez-dildo-penis\/#primaryimage","url":"https:\/\/haremerotikshop.com\/site\/wp-content\/uploads\/2025\/04\/26-cm-kikirdak-yapili-cift-katmanli-ge-5651-.jpg","contentUrl":"https:\/\/haremerotikshop.com\/site\/wp-content\/uploads\/2025\/04\/26-cm-kikirdak-yapili-cift-katmanli-ge-5651-.jpg","width":455,"height":455},{"@type":"BreadcrumbList","@id":"https:\/\/hobierotikshop.com.tr\/website1\/erotik-shop-urun\/26-cm-kikirdak-yapili-cift-katmanli-gercekci-melez-dildo-penis\/#breadcrumb","itemListElement":[{"@type":"ListItem","position":1,"name":"Anasayfa","item":"https:\/\/hobierotikshop.com.tr\/website1\/"},{"@type":"ListItem","position":2,"name":"Erotik Shop \u00dcr\u00fcnleri","item":"https:\/\/hobierotikshop.com.tr\/website1\/shop\/"},{"@type":"ListItem","position":3,"name":"26 Cm K\u0131k\u0131rdak Yap\u0131l\u0131 \u00c7ift Katmanl\u0131 Ger\u00e7ek\u00e7i Melez Dildo Penis"}]},{"@type":"WebSite","@id":"https:\/\/hobierotikshop.com.tr\/website1\/#website","url":"https:\/\/hobierotikshop.com.tr\/website1\/","name":"Bursa Erotik Shop","description":"Bursa Erotik Shop ile g\u00fcvenli, gizli ve kaliteli yeti\u015fkin \u00fcr\u00fcnleri al\u0131\u015fveri\u015fi! Geni\u015f \u00fcr\u00fcn yelpazemizi ke\u015ffedin, hemen sipari\u015f verin","publisher":{"@id":"https:\/\/hobierotikshop.com.tr\/website1\/#organization"},"alternateName":"Erotik Shop","potentialAction":[{"@type":"SearchAction","target":{"@type":"EntryPoint","urlTemplate":"https:\/\/hobierotikshop.com.tr\/website1\/?s={search_term_string}"},"query-input":{"@type":"PropertyValueSpecification","valueRequired":true,"valueName":"search_term_string"}}],"inLanguage":"tr"},{"@type":"Organization","@id":"https:\/\/hobierotikshop.com.tr\/website1\/#organization","name":"Harem Bursa Erotik Shop","url":"https:\/\/hobierotikshop.com.tr\/website1\/","logo":{"@type":"ImageObject","inLanguage":"tr","@id":"https:\/\/hobierotikshop.com.tr\/website1\/#\/schema\/logo\/image\/","url":"https:\/\/haremerotikshop.com\/site\/wp-content\/uploads\/2025\/03\/haremsexshop.png","contentUrl":"https:\/\/haremerotikshop.com\/site\/wp-content\/uploads\/2025\/03\/haremsexshop.png","width":400,"height":100,"caption":"Harem Bursa Erotik Shop"},"image":{"@id":"https:\/\/hobierotikshop.com.tr\/website1\/#\/schema\/logo\/image\/"},"sameAs":["https:\/\/x.com\/shopbursa"],"publishingPrinciples":"https:\/\/hobierotikshop.com.tr\/website1\/mesafeli-satis-sozlesmesi\/","ownershipFundingInfo":"https:\/\/hobierotikshop.com.tr\/website1\/contact-us\/","actionableFeedbackPolicy":"https:\/\/hobierotikshop.com.tr\/website1\/contact-us\/","correctionsPolicy":"https:\/\/hobierotikshop.com.tr\/website1\/mesafeli-satis-sozlesmesi\/"}]},"product_price_amount":"2900.00","product_price_currency":"TRY","og_availability":"instock","product_availability":"instock","product_retailer_item_id":"BDM1323","product_condition":"new"},"_links":{"self":[{"href":"https:\/\/haremerotikshop.com\/site\/wp-json\/wp\/v2\/product\/44785","targetHints":{"allow":["GET"]}}],"collection":[{"href":"https:\/\/haremerotikshop.com\/site\/wp-json\/wp\/v2\/product"}],"about":[{"href":"https:\/\/haremerotikshop.com\/site\/wp-json\/wp\/v2\/types\/product"}],"replies":[{"embeddable":true,"href":"https:\/\/haremerotikshop.com\/site\/wp-json\/wp\/v2\/comments?post=44785"}],"version-history":[{"count":0,"href":"https:\/\/haremerotikshop.com\/site\/wp-json\/wp\/v2\/product\/44785\/revisions"}],"wp:featuredmedia":[{"embeddable":true,"href":"https:\/\/haremerotikshop.com\/site\/wp-json\/wp\/v2\/media\/44787"}],"wp:attachment":[{"href":"https:\/\/haremerotikshop.com\/site\/wp-json\/wp\/v2\/media?parent=44785"}],"wp:term":[{"taxonomy":"product_brand","embeddable":true,"href":"https:\/\/haremerotikshop.com\/site\/wp-json\/wp\/v2\/product_brand?post=44785"},{"taxonomy":"product_cat","embeddable":true,"href":"https:\/\/haremerotikshop.com\/site\/wp-json\/wp\/v2\/product_cat?post=44785"},{"taxonomy":"product_tag","embeddable":true,"href":"https:\/\/haremerotikshop.com\/site\/wp-json\/wp\/v2\/product_tag?post=44785"}],"curies":[{"name":"wp","href":"https:\/\/api.w.org\/{rel}","templated":true}]}}