{"id":44806,"date":"2025-04-26T17:05:00","date_gmt":"2025-04-26T14:05:00","guid":{"rendered":"https:\/\/haremerotikshop.com\/site\/erotik-shop-urun\/belden-baglamali-26-cm-kikirdak-yapili-cift-katmanli-gercekci-dildo-penis\/"},"modified":"2026-01-08T15:18:36","modified_gmt":"2026-01-08T12:18:36","slug":"belden-baglamali-26-cm-kikirdak-yapili-cift-katmanli-gercekci-dildo-penis","status":"publish","type":"product","link":"https:\/\/haremerotikshop.com\/site\/erotik-shop-urun\/belden-baglamali-26-cm-kikirdak-yapili-cift-katmanli-gercekci-dildo-penis\/","title":{"rendered":"Belden Ba\u011flamal\u0131 26 Cm K\u0131k\u0131rdak Yap\u0131l\u0131 \u00c7ift Katmanl\u0131 Ger\u00e7ek\u00e7i Dildo Penis"},"content":{"rendered":"<h2 class=\"\" data-start=\"160\" data-end=\"240\"><strong data-start=\"163\" data-end=\"240\">Belden Ba\u011flamal\u0131 26 cm K\u0131k\u0131rdak Yap\u0131l\u0131 \u00c7ift Katmanl\u0131 Ger\u00e7ek\u00e7i Dildo Penis<\/strong><\/h2>\n<h3 class=\"\" data-start=\"242\" data-end=\"302\">Ger\u00e7eklikte Yeni Bir Seviye: Ultra Tatmin, \u00dcst\u00fcn Konfor!<\/h3>\n<p class=\"\" data-start=\"304\" data-end=\"636\">Ger\u00e7ek cinsel deneyimi arayanlar i\u00e7in \u00f6zel olarak tasarlanan <strong data-start=\"365\" data-end=\"406\">Belden Ba\u011flamal\u0131 26 cm Ger\u00e7ek\u00e7i Dildo<\/strong>, ger\u00e7ek\u00e7i detaylar\u0131, g\u00fc\u00e7l\u00fc yap\u0131s\u0131 ve konforlu kullan\u0131m\u0131 ile \u00f6ne \u00e7\u0131k\u0131yor. Hem solo hem partnerli kullan\u0131mlar i\u00e7in ideal olan bu \u00e7ift katmanl\u0131 dildo, p\u00fcr\u00fczs\u00fcz y\u00fczeyi ve v\u00fccut \u0131s\u0131s\u0131na uyum sa\u011flayan yap\u0131s\u0131yla unutulmaz anlar ya\u015fat\u0131r.<\/p>\n<hr class=\"\" data-start=\"638\" data-end=\"641\" \/>\n<h3 class=\"\" data-start=\"643\" data-end=\"669\">\u2b50 <strong data-start=\"649\" data-end=\"669\">\u00dcr\u00fcn \u00d6zellikleri<\/strong><\/h3>\n<ul data-start=\"671\" data-end=\"1437\">\n<li class=\"\" data-start=\"671\" data-end=\"703\">\n<p class=\"\" data-start=\"673\" data-end=\"703\">\ud83d\udccf <strong data-start=\"676\" data-end=\"695\">Toplam Uzunluk:<\/strong> 26 cm<\/p>\n<\/li>\n<li class=\"\" data-start=\"704\" data-end=\"744\">\n<p class=\"\" data-start=\"706\" data-end=\"744\">\ud83d\udccf <strong data-start=\"709\" data-end=\"736\">Kullan\u0131labilir Uzunluk:<\/strong> 22 cm<\/p>\n<\/li>\n<li class=\"\" data-start=\"745\" data-end=\"771\">\n<p class=\"\" data-start=\"747\" data-end=\"771\">\u2300 <strong data-start=\"749\" data-end=\"762\">Kal\u0131nl\u0131k:<\/strong> 5,5 cm<\/p>\n<\/li>\n<li class=\"\" data-start=\"772\" data-end=\"856\">\n<p class=\"\" data-start=\"774\" data-end=\"856\">\ud83e\uddf1 <strong data-start=\"777\" data-end=\"786\">Yap\u0131:<\/strong> \u0130\u00e7 k\u0131sm\u0131 k\u0131k\u0131rdakl\u0131, d\u0131\u015f y\u00fczeyi ultra yumu\u015fak \u00e7ift katmanl\u0131 tasar\u0131m<\/p>\n<\/li>\n<li class=\"\" data-start=\"857\" data-end=\"933\">\n<p class=\"\" data-start=\"859\" data-end=\"933\">\ud83e\uddf4 <strong data-start=\"862\" data-end=\"874\">Malzeme:<\/strong> %100 Soft y\u00fcksek kaliteli TPE \u2014 yumu\u015fak, esnek ve ipeksi<\/p>\n<\/li>\n<li class=\"\" data-start=\"934\" data-end=\"1027\">\n<p class=\"\" data-start=\"936\" data-end=\"1027\">\ud83c\udf21\ufe0f <strong data-start=\"940\" data-end=\"954\">Is\u0131 Uyumu:<\/strong> Kullan\u0131m esnas\u0131nda v\u00fccut s\u0131cakl\u0131\u011f\u0131na ula\u015farak daha do\u011fal bir his sunar<\/p>\n<\/li>\n<li class=\"\" data-start=\"1028\" data-end=\"1103\">\n<p class=\"\" data-start=\"1030\" data-end=\"1103\">\u270b <strong data-start=\"1032\" data-end=\"1047\">Ten Dokusu:<\/strong> Ger\u00e7ek\u00e7ili\u011fiyle dikkat \u00e7eken detayl\u0131 melez ten yap\u0131s\u0131<\/p>\n<\/li>\n<li class=\"\" data-start=\"1104\" data-end=\"1186\">\n<p class=\"\" data-start=\"1106\" data-end=\"1186\">\ud83e\uddf2 <strong data-start=\"1109\" data-end=\"1126\">G\u00fc\u00e7l\u00fc Vantuz:<\/strong> D\u00fcz her y\u00fczeye sabitlenerek eller serbest kullan\u0131m sa\u011flar<\/p>\n<\/li>\n<li class=\"\" data-start=\"1187\" data-end=\"1291\">\n<p class=\"\" data-start=\"1189\" data-end=\"1291\">\ud83e\ude72 <strong data-start=\"1192\" data-end=\"1219\">Belden Ba\u011flama Deste\u011fi:<\/strong> Penis ba\u011flama kemeri ile uyumludur \u2014 partnerli kullan\u0131m i\u00e7in idealdir<\/p>\n<\/li>\n<li class=\"\" data-start=\"1292\" data-end=\"1369\">\n<p class=\"\" data-start=\"1294\" data-end=\"1369\">\ud83e\uddfc <strong data-start=\"1297\" data-end=\"1319\">Hijyenik Kullan\u0131m:<\/strong> Cilt dostu, kolay temizlenebilir ve uzun \u00f6m\u00fcrl\u00fc<\/p>\n<\/li>\n<li class=\"\" data-start=\"1370\" data-end=\"1437\">\n<p class=\"\" data-start=\"1372\" data-end=\"1437\">\u2705 <strong data-start=\"1374\" data-end=\"1392\">Sa\u011fl\u0131\u011fa Uygun:<\/strong> Phthalate Free \u2014 zararl\u0131 kimyasallar i\u00e7ermez<\/p>\n<\/li>\n<\/ul>\n<hr class=\"\" data-start=\"1439\" data-end=\"1442\" \/>\n<h3 class=\"\" data-start=\"1444\" data-end=\"1489\">\ud83d\udca5 <strong data-start=\"1451\" data-end=\"1489\">Neden Bu \u00dcr\u00fcn\u00fc Tercih Etmelisiniz?<\/strong><\/h3>\n<ul data-start=\"1491\" data-end=\"1902\">\n<li class=\"\" data-start=\"1491\" data-end=\"1589\">\n<p class=\"\" data-start=\"1493\" data-end=\"1589\"><strong data-start=\"1493\" data-end=\"1520\">Ultra Ger\u00e7ek\u00e7i Deneyim:<\/strong> K\u0131k\u0131rdakl\u0131 i\u00e7 yap\u0131 ve \u00e7ift katmanl\u0131 d\u0131\u015f doku ile benzersiz bir his<\/p>\n<\/li>\n<li class=\"\" data-start=\"1590\" data-end=\"1658\">\n<p class=\"\" data-start=\"1592\" data-end=\"1658\"><strong data-start=\"1592\" data-end=\"1615\">\u00c7ok Y\u00f6nl\u00fc Kullan\u0131m:<\/strong> Solo veya partnerli oyunlara uyum sa\u011flar<\/p>\n<\/li>\n<li class=\"\" data-start=\"1659\" data-end=\"1735\">\n<p class=\"\" data-start=\"1661\" data-end=\"1735\"><strong data-start=\"1661\" data-end=\"1688\">Hijyen ve Sa\u011fl\u0131k Dostu:<\/strong> Kolay temizlik, cilde zarar vermeyen malzeme<\/p>\n<\/li>\n<li class=\"\" data-start=\"1736\" data-end=\"1816\">\n<p class=\"\" data-start=\"1738\" data-end=\"1816\"><strong data-start=\"1738\" data-end=\"1763\">Uzun S\u00fcreli Kullan\u0131m:<\/strong> Dayan\u0131kl\u0131 yap\u0131s\u0131 sayesinde y\u0131llarca kullan\u0131labilir<\/p>\n<\/li>\n<li class=\"\" data-start=\"1817\" data-end=\"1902\">\n<p class=\"\" data-start=\"1819\" data-end=\"1902\"><strong data-start=\"1819\" data-end=\"1852\">Estetik ve Ergonomik Tasar\u0131m:<\/strong> Maksimum konfor i\u00e7in \u00f6zel olarak tasarlanm\u0131\u015ft\u0131r<\/p>\n<\/li>\n<\/ul>\n<hr class=\"\" data-start=\"1904\" data-end=\"1907\" \/>\n<h3 class=\"\" data-start=\"1909\" data-end=\"1945\">\ud83d\udce6 <strong data-start=\"1916\" data-end=\"1945\">Gizli ve G\u00fcvenli G\u00f6nderim<\/strong><\/h3>\n<ul data-start=\"1947\" data-end=\"2310\">\n<li class=\"\" data-start=\"1947\" data-end=\"2039\">\n<p class=\"\" data-start=\"1949\" data-end=\"2039\">\ud83d\udd12 <strong data-start=\"1952\" data-end=\"1972\">Gizli Paketleme:<\/strong> Sipari\u015fleriniz i\u00e7eri\u011fi belli olmayacak \u015fekilde \u00f6zenle paketlenir<\/p>\n<\/li>\n<li class=\"\" data-start=\"2040\" data-end=\"2132\">\n<p class=\"\" data-start=\"2042\" data-end=\"2132\">\ud83d\ude9a <strong data-start=\"2045\" data-end=\"2070\">Teslimat Se\u00e7enekleri:<\/strong> \u0130ster adresinize gelsin, ister kargo \u015fubesinden teslim al\u0131n<\/p>\n<\/li>\n<li class=\"\" data-start=\"2133\" data-end=\"2226\">\n<p class=\"\" data-start=\"2135\" data-end=\"2226\">\ud83d\udcb3 <strong data-start=\"2138\" data-end=\"2158\">\u00d6deme Kolayl\u0131\u011f\u0131:<\/strong> Kap\u0131da nakit\/kredi kart\u0131, banka havalesi ve taksitli \u00f6deme imk\u00e2n\u0131<\/p>\n<\/li>\n<li class=\"\" data-start=\"2227\" data-end=\"2310\">\n<p class=\"\" data-start=\"2229\" data-end=\"2310\">\ud83d\udee1\ufe0f <strong data-start=\"2233\" data-end=\"2252\">\u00dcr\u00fcn Garantisi:<\/strong> Orijinal \u00fcr\u00fcn, eksiksiz teslimat ve firmam\u0131z g\u00fcvencesiyle<\/p>\n<\/li>\n<\/ul>\n<hr class=\"\" data-start=\"2312\" data-end=\"2315\" \/>\n<h3 class=\"\" data-start=\"2317\" data-end=\"2355\">\ud83c\udf81 <strong data-start=\"2324\" data-end=\"2355\">Set \u0130\u00e7eri\u011fiyle Daha Fazlas\u0131<\/strong><\/h3>\n<p class=\"\" data-start=\"2357\" data-end=\"2500\">\u00dcr\u00fcn; <strong data-start=\"2363\" data-end=\"2387\">penis ba\u011flama kemeri<\/strong> ve <strong data-start=\"2391\" data-end=\"2410\">kayganla\u015ft\u0131r\u0131c\u0131<\/strong> ile birlikte set olarak sunulmaktad\u0131r. Maksimum haz i\u00e7in gereken her \u015fey bu sette mevcut!<\/p>\n<hr class=\"\" data-start=\"2502\" data-end=\"2505\" \/>\n<h2 class=\"\" data-start=\"2507\" data-end=\"2551\">\ud83d\udd25 Hayal De\u011fil, Ger\u00e7e\u011fe En Yak\u0131n Deneyim!<\/h2>\n<p class=\"\" data-start=\"2553\" data-end=\"2794\"><strong data-start=\"2553\" data-end=\"2614\">Belden Ba\u011flamal\u0131 26 cm \u00c7ift Katmanl\u0131 Ger\u00e7ek\u00e7i Dildo Penis<\/strong>, ger\u00e7eklik arayan kullan\u0131c\u0131lar i\u00e7in ideal bir tercihtir. \u0130ster tek ba\u015f\u0131n\u0131za ister partnerinizle birlikte kullan\u0131n \u2014 bu \u00fcr\u00fcn, sizi s\u0131n\u0131rlar\u0131 zorlayan bir haz yolculu\u011funa \u00e7\u0131karacak.<\/p>\n<p class=\"\" data-start=\"2796\" data-end=\"2896\"><strong data-start=\"2796\" data-end=\"2896\">\u015eimdi sipari\u015f verin, gizlilikten \u00f6d\u00fcn vermeden, g\u00fcvenli ve h\u0131zl\u0131 kargoyla kap\u0131n\u0131za kadar gelsin!<\/strong><\/p>\n<p>&nbsp;<\/p>\n<p>&nbsp;<\/p>\n<p>&nbsp;<\/p>\n<p><img decoding=\"async\" style=\"width: 300px;height: 300px\" src=\"https:\/\/static.ticimax.cloud\/32886\/\/uploads\/editoruploads\/bw-008103nrg-08.gif\" alt=\"\" \/><\/p>\n","protected":false},"excerpt":{"rendered":"<p>Ger\u00e7ek cinsel deneyimi arayanlar i\u00e7in \u00f6zel olarak tasarlanan <strong data-start=\"365\" data-end=\"406\">Belden Ba\u011flamal\u0131 26 cm Ger\u00e7ek\u00e7i Dildo<\/strong>, ger\u00e7ek\u00e7i detaylar\u0131, g\u00fc\u00e7l\u00fc yap\u0131s\u0131 ve konforlu kullan\u0131m\u0131 ile \u00f6ne \u00e7\u0131k\u0131yor. Hem solo hem partnerli kullan\u0131mlar i\u00e7in ideal olan bu \u00e7ift katmanl\u0131 dildo, p\u00fcr\u00fczs\u00fcz y\u00fczeyi ve v\u00fccut \u0131s\u0131s\u0131na uyum sa\u011flayan yap\u0131s\u0131yla unutulmaz anlar ya\u015fat\u0131r.<\/p>\n","protected":false},"featured_media":44808,"comment_status":"closed","ping_status":"closed","template":"","meta":[],"product_brand":[],"product_cat":[498],"product_tag":[],"class_list":{"0":"post-44806","1":"product","2":"type-product","3":"status-publish","4":"has-post-thumbnail","6":"product_cat-belden-baglamali-penisler","8":"first","9":"instock","10":"purchasable","11":"product-type-simple"},"yoast_head":"<!-- This site is optimized with the Yoast SEO Premium plugin v24.4 (Yoast SEO v27.1.1) - https:\/\/yoast.com\/product\/yoast-seo-premium-wordpress\/ -->\n<title>Belden Ba\u011flamal\u0131 26 Cm K\u0131k\u0131rdak Yap\u0131l\u0131 \u00c7ift Katmanl\u0131 Ger\u00e7ek\u00e7i Dildo Penis - Bursa Erotik Shop<\/title>\n<meta name=\"robots\" content=\"index, follow, max-snippet:-1, max-image-preview:large, max-video-preview:-1\" \/>\n<link rel=\"canonical\" href=\"https:\/\/hobierotikshop.com.tr\/website1\/erotik-shop-urun\/belden-baglamali-26-cm-kikirdak-yapili-cift-katmanli-gercekci-dildo-penis\/\" \/>\n<meta property=\"og:locale\" content=\"tr_TR\" \/>\n<meta property=\"og:type\" content=\"article\" \/>\n<meta property=\"og:title\" content=\"Belden Ba\u011flamal\u0131 26 Cm K\u0131k\u0131rdak Yap\u0131l\u0131 \u00c7ift Katmanl\u0131 Ger\u00e7ek\u00e7i Dildo Penis\" \/>\n<meta property=\"og:description\" content=\"Ger\u00e7ek cinsel deneyimi arayanlar i\u00e7in \u00f6zel olarak tasarlanan Belden Ba\u011flamal\u0131 26 cm Ger\u00e7ek\u00e7i Dildo, ger\u00e7ek\u00e7i detaylar\u0131, g\u00fc\u00e7l\u00fc yap\u0131s\u0131 ve konforlu kullan\u0131m\u0131 ile \u00f6ne \u00e7\u0131k\u0131yor. Hem solo hem partnerli kullan\u0131mlar i\u00e7in ideal olan bu \u00e7ift katmanl\u0131 dildo, p\u00fcr\u00fczs\u00fcz y\u00fczeyi ve v\u00fccut \u0131s\u0131s\u0131na uyum sa\u011flayan yap\u0131s\u0131yla unutulmaz anlar ya\u015fat\u0131r.\" \/>\n<meta property=\"og:url\" content=\"https:\/\/hobierotikshop.com.tr\/website1\/erotik-shop-urun\/belden-baglamali-26-cm-kikirdak-yapili-cift-katmanli-gercekci-dildo-penis\/\" \/>\n<meta property=\"og:site_name\" content=\"Bursa Erotik Shop\" \/>\n<meta property=\"article:modified_time\" content=\"2026-01-08T12:18:36+00:00\" \/>\n<meta property=\"og:image\" content=\"https:\/\/hobierotikshop.com.tr\/website1\/wp-content\/uploads\/2025\/04\/belden-baglamali-26-cm-kikirdak-yapili-76-45e.jpg\" \/>\n\t<meta property=\"og:image:width\" content=\"455\" \/>\n\t<meta property=\"og:image:height\" content=\"442\" \/>\n\t<meta property=\"og:image:type\" content=\"image\/jpeg\" \/>\n<meta name=\"twitter:card\" content=\"summary_large_image\" \/>\n<meta name=\"twitter:site\" content=\"@shopbursa\" \/>\n<meta name=\"twitter:label1\" content=\"Fiyat\" \/>\n\t<meta name=\"twitter:data1\" content=\"&#8378;3.000,00\" \/>\n\t<meta name=\"twitter:label2\" content=\"Availability\" \/>\n\t<meta name=\"twitter:data2\" content=\"In stock\" \/>\n<script type=\"application\/ld+json\" class=\"yoast-schema-graph\">{\"@context\":\"https:\/\/schema.org\",\"@graph\":[{\"@type\":\"WebPage\",\"@id\":\"https:\/\/hobierotikshop.com.tr\/website1\/erotik-shop-urun\/belden-baglamali-26-cm-kikirdak-yapili-cift-katmanli-gercekci-dildo-penis\/\",\"url\":\"https:\/\/hobierotikshop.com.tr\/website1\/erotik-shop-urun\/belden-baglamali-26-cm-kikirdak-yapili-cift-katmanli-gercekci-dildo-penis\/\",\"name\":\"Belden Ba\u011flamal\u0131 26 Cm K\u0131k\u0131rdak Yap\u0131l\u0131 \u00c7ift Katmanl\u0131 Ger\u00e7ek\u00e7i Dildo Penis - Bursa Erotik Shop\",\"isPartOf\":{\"@id\":\"https:\/\/hobierotikshop.com.tr\/website1\/#website\"},\"primaryImageOfPage\":{\"@id\":\"https:\/\/hobierotikshop.com.tr\/website1\/erotik-shop-urun\/belden-baglamali-26-cm-kikirdak-yapili-cift-katmanli-gercekci-dildo-penis\/#primaryimage\"},\"image\":{\"@id\":\"https:\/\/hobierotikshop.com.tr\/website1\/erotik-shop-urun\/belden-baglamali-26-cm-kikirdak-yapili-cift-katmanli-gercekci-dildo-penis\/#primaryimage\"},\"thumbnailUrl\":\"https:\/\/haremerotikshop.com\/site\/wp-content\/uploads\/2025\/04\/belden-baglamali-26-cm-kikirdak-yapili-76-45e.jpg\",\"datePublished\":\"2025-04-26T14:05:00+00:00\",\"dateModified\":\"2026-01-08T12:18:36+00:00\",\"breadcrumb\":{\"@id\":\"https:\/\/hobierotikshop.com.tr\/website1\/erotik-shop-urun\/belden-baglamali-26-cm-kikirdak-yapili-cift-katmanli-gercekci-dildo-penis\/#breadcrumb\"},\"inLanguage\":\"tr\",\"potentialAction\":[{\"@type\":\"ReadAction\",\"target\":[\"https:\/\/hobierotikshop.com.tr\/website1\/erotik-shop-urun\/belden-baglamali-26-cm-kikirdak-yapili-cift-katmanli-gercekci-dildo-penis\/\"]}]},{\"@type\":\"ImageObject\",\"inLanguage\":\"tr\",\"@id\":\"https:\/\/hobierotikshop.com.tr\/website1\/erotik-shop-urun\/belden-baglamali-26-cm-kikirdak-yapili-cift-katmanli-gercekci-dildo-penis\/#primaryimage\",\"url\":\"https:\/\/haremerotikshop.com\/site\/wp-content\/uploads\/2025\/04\/belden-baglamali-26-cm-kikirdak-yapili-76-45e.jpg\",\"contentUrl\":\"https:\/\/haremerotikshop.com\/site\/wp-content\/uploads\/2025\/04\/belden-baglamali-26-cm-kikirdak-yapili-76-45e.jpg\",\"width\":455,\"height\":442},{\"@type\":\"BreadcrumbList\",\"@id\":\"https:\/\/hobierotikshop.com.tr\/website1\/erotik-shop-urun\/belden-baglamali-26-cm-kikirdak-yapili-cift-katmanli-gercekci-dildo-penis\/#breadcrumb\",\"itemListElement\":[{\"@type\":\"ListItem\",\"position\":1,\"name\":\"Anasayfa\",\"item\":\"https:\/\/hobierotikshop.com.tr\/website1\/\"},{\"@type\":\"ListItem\",\"position\":2,\"name\":\"Erotik Shop \u00dcr\u00fcnleri\",\"item\":\"https:\/\/hobierotikshop.com.tr\/website1\/shop\/\"},{\"@type\":\"ListItem\",\"position\":3,\"name\":\"Belden Ba\u011flamal\u0131 26 Cm K\u0131k\u0131rdak Yap\u0131l\u0131 \u00c7ift Katmanl\u0131 Ger\u00e7ek\u00e7i Dildo Penis\"}]},{\"@type\":\"WebSite\",\"@id\":\"https:\/\/hobierotikshop.com.tr\/website1\/#website\",\"url\":\"https:\/\/hobierotikshop.com.tr\/website1\/\",\"name\":\"Bursa Erotik Shop\",\"description\":\"Bursa Erotik Shop ile g\u00fcvenli, gizli ve kaliteli yeti\u015fkin \u00fcr\u00fcnleri al\u0131\u015fveri\u015fi! Geni\u015f \u00fcr\u00fcn yelpazemizi ke\u015ffedin, hemen sipari\u015f verin\",\"publisher\":{\"@id\":\"https:\/\/hobierotikshop.com.tr\/website1\/#organization\"},\"alternateName\":\"Erotik Shop\",\"potentialAction\":[{\"@type\":\"SearchAction\",\"target\":{\"@type\":\"EntryPoint\",\"urlTemplate\":\"https:\/\/hobierotikshop.com.tr\/website1\/?s={search_term_string}\"},\"query-input\":{\"@type\":\"PropertyValueSpecification\",\"valueRequired\":true,\"valueName\":\"search_term_string\"}}],\"inLanguage\":\"tr\"},{\"@type\":\"Organization\",\"@id\":\"https:\/\/hobierotikshop.com.tr\/website1\/#organization\",\"name\":\"Harem Bursa Erotik Shop\",\"url\":\"https:\/\/hobierotikshop.com.tr\/website1\/\",\"logo\":{\"@type\":\"ImageObject\",\"inLanguage\":\"tr\",\"@id\":\"https:\/\/hobierotikshop.com.tr\/website1\/#\/schema\/logo\/image\/\",\"url\":\"https:\/\/haremerotikshop.com\/site\/wp-content\/uploads\/2025\/03\/haremsexshop.png\",\"contentUrl\":\"https:\/\/haremerotikshop.com\/site\/wp-content\/uploads\/2025\/03\/haremsexshop.png\",\"width\":400,\"height\":100,\"caption\":\"Harem Bursa Erotik Shop\"},\"image\":{\"@id\":\"https:\/\/hobierotikshop.com.tr\/website1\/#\/schema\/logo\/image\/\"},\"sameAs\":[\"https:\/\/x.com\/shopbursa\"],\"publishingPrinciples\":\"https:\/\/hobierotikshop.com.tr\/website1\/mesafeli-satis-sozlesmesi\/\",\"ownershipFundingInfo\":\"https:\/\/hobierotikshop.com.tr\/website1\/contact-us\/\",\"actionableFeedbackPolicy\":\"https:\/\/hobierotikshop.com.tr\/website1\/contact-us\/\",\"correctionsPolicy\":\"https:\/\/hobierotikshop.com.tr\/website1\/mesafeli-satis-sozlesmesi\/\"}]}<\/script>\n<meta property=\"product:price:amount\" content=\"3000.00\" \/>\n<meta property=\"product:price:currency\" content=\"TRY\" \/>\n<meta property=\"og:availability\" content=\"instock\" \/>\n<meta property=\"product:availability\" content=\"instock\" \/>\n<meta property=\"product:retailer_item_id\" content=\"BDM1324B\" \/>\n<meta property=\"product:condition\" content=\"new\" \/>\n<!-- \/ Yoast SEO Premium plugin. -->","yoast_head_json":{"title":"Belden Ba\u011flamal\u0131 26 Cm K\u0131k\u0131rdak Yap\u0131l\u0131 \u00c7ift Katmanl\u0131 Ger\u00e7ek\u00e7i Dildo Penis - Bursa Erotik Shop","robots":{"index":"index","follow":"follow","max-snippet":"max-snippet:-1","max-image-preview":"max-image-preview:large","max-video-preview":"max-video-preview:-1"},"canonical":"https:\/\/hobierotikshop.com.tr\/website1\/erotik-shop-urun\/belden-baglamali-26-cm-kikirdak-yapili-cift-katmanli-gercekci-dildo-penis\/","og_locale":"tr_TR","og_type":"article","og_title":"Belden Ba\u011flamal\u0131 26 Cm K\u0131k\u0131rdak Yap\u0131l\u0131 \u00c7ift Katmanl\u0131 Ger\u00e7ek\u00e7i Dildo Penis","og_description":"Ger\u00e7ek cinsel deneyimi arayanlar i\u00e7in \u00f6zel olarak tasarlanan Belden Ba\u011flamal\u0131 26 cm Ger\u00e7ek\u00e7i Dildo, ger\u00e7ek\u00e7i detaylar\u0131, g\u00fc\u00e7l\u00fc yap\u0131s\u0131 ve konforlu kullan\u0131m\u0131 ile \u00f6ne \u00e7\u0131k\u0131yor. Hem solo hem partnerli kullan\u0131mlar i\u00e7in ideal olan bu \u00e7ift katmanl\u0131 dildo, p\u00fcr\u00fczs\u00fcz y\u00fczeyi ve v\u00fccut \u0131s\u0131s\u0131na uyum sa\u011flayan yap\u0131s\u0131yla unutulmaz anlar ya\u015fat\u0131r.","og_url":"https:\/\/hobierotikshop.com.tr\/website1\/erotik-shop-urun\/belden-baglamali-26-cm-kikirdak-yapili-cift-katmanli-gercekci-dildo-penis\/","og_site_name":"Bursa Erotik Shop","article_modified_time":"2026-01-08T12:18:36+00:00","og_image":[{"width":455,"height":442,"url":"https:\/\/hobierotikshop.com.tr\/website1\/wp-content\/uploads\/2025\/04\/belden-baglamali-26-cm-kikirdak-yapili-76-45e.jpg","type":"image\/jpeg"}],"twitter_card":"summary_large_image","twitter_site":"@shopbursa","twitter_misc":{"Fiyat":"&#8378;3.000,00","Availability":"In stock"},"schema":{"@context":"https:\/\/schema.org","@graph":[{"@type":"WebPage","@id":"https:\/\/hobierotikshop.com.tr\/website1\/erotik-shop-urun\/belden-baglamali-26-cm-kikirdak-yapili-cift-katmanli-gercekci-dildo-penis\/","url":"https:\/\/hobierotikshop.com.tr\/website1\/erotik-shop-urun\/belden-baglamali-26-cm-kikirdak-yapili-cift-katmanli-gercekci-dildo-penis\/","name":"Belden Ba\u011flamal\u0131 26 Cm K\u0131k\u0131rdak Yap\u0131l\u0131 \u00c7ift Katmanl\u0131 Ger\u00e7ek\u00e7i Dildo Penis - Bursa Erotik Shop","isPartOf":{"@id":"https:\/\/hobierotikshop.com.tr\/website1\/#website"},"primaryImageOfPage":{"@id":"https:\/\/hobierotikshop.com.tr\/website1\/erotik-shop-urun\/belden-baglamali-26-cm-kikirdak-yapili-cift-katmanli-gercekci-dildo-penis\/#primaryimage"},"image":{"@id":"https:\/\/hobierotikshop.com.tr\/website1\/erotik-shop-urun\/belden-baglamali-26-cm-kikirdak-yapili-cift-katmanli-gercekci-dildo-penis\/#primaryimage"},"thumbnailUrl":"https:\/\/haremerotikshop.com\/site\/wp-content\/uploads\/2025\/04\/belden-baglamali-26-cm-kikirdak-yapili-76-45e.jpg","datePublished":"2025-04-26T14:05:00+00:00","dateModified":"2026-01-08T12:18:36+00:00","breadcrumb":{"@id":"https:\/\/hobierotikshop.com.tr\/website1\/erotik-shop-urun\/belden-baglamali-26-cm-kikirdak-yapili-cift-katmanli-gercekci-dildo-penis\/#breadcrumb"},"inLanguage":"tr","potentialAction":[{"@type":"ReadAction","target":["https:\/\/hobierotikshop.com.tr\/website1\/erotik-shop-urun\/belden-baglamali-26-cm-kikirdak-yapili-cift-katmanli-gercekci-dildo-penis\/"]}]},{"@type":"ImageObject","inLanguage":"tr","@id":"https:\/\/hobierotikshop.com.tr\/website1\/erotik-shop-urun\/belden-baglamali-26-cm-kikirdak-yapili-cift-katmanli-gercekci-dildo-penis\/#primaryimage","url":"https:\/\/haremerotikshop.com\/site\/wp-content\/uploads\/2025\/04\/belden-baglamali-26-cm-kikirdak-yapili-76-45e.jpg","contentUrl":"https:\/\/haremerotikshop.com\/site\/wp-content\/uploads\/2025\/04\/belden-baglamali-26-cm-kikirdak-yapili-76-45e.jpg","width":455,"height":442},{"@type":"BreadcrumbList","@id":"https:\/\/hobierotikshop.com.tr\/website1\/erotik-shop-urun\/belden-baglamali-26-cm-kikirdak-yapili-cift-katmanli-gercekci-dildo-penis\/#breadcrumb","itemListElement":[{"@type":"ListItem","position":1,"name":"Anasayfa","item":"https:\/\/hobierotikshop.com.tr\/website1\/"},{"@type":"ListItem","position":2,"name":"Erotik Shop \u00dcr\u00fcnleri","item":"https:\/\/hobierotikshop.com.tr\/website1\/shop\/"},{"@type":"ListItem","position":3,"name":"Belden Ba\u011flamal\u0131 26 Cm K\u0131k\u0131rdak Yap\u0131l\u0131 \u00c7ift Katmanl\u0131 Ger\u00e7ek\u00e7i Dildo Penis"}]},{"@type":"WebSite","@id":"https:\/\/hobierotikshop.com.tr\/website1\/#website","url":"https:\/\/hobierotikshop.com.tr\/website1\/","name":"Bursa Erotik Shop","description":"Bursa Erotik Shop ile g\u00fcvenli, gizli ve kaliteli yeti\u015fkin \u00fcr\u00fcnleri al\u0131\u015fveri\u015fi! Geni\u015f \u00fcr\u00fcn yelpazemizi ke\u015ffedin, hemen sipari\u015f verin","publisher":{"@id":"https:\/\/hobierotikshop.com.tr\/website1\/#organization"},"alternateName":"Erotik Shop","potentialAction":[{"@type":"SearchAction","target":{"@type":"EntryPoint","urlTemplate":"https:\/\/hobierotikshop.com.tr\/website1\/?s={search_term_string}"},"query-input":{"@type":"PropertyValueSpecification","valueRequired":true,"valueName":"search_term_string"}}],"inLanguage":"tr"},{"@type":"Organization","@id":"https:\/\/hobierotikshop.com.tr\/website1\/#organization","name":"Harem Bursa Erotik Shop","url":"https:\/\/hobierotikshop.com.tr\/website1\/","logo":{"@type":"ImageObject","inLanguage":"tr","@id":"https:\/\/hobierotikshop.com.tr\/website1\/#\/schema\/logo\/image\/","url":"https:\/\/haremerotikshop.com\/site\/wp-content\/uploads\/2025\/03\/haremsexshop.png","contentUrl":"https:\/\/haremerotikshop.com\/site\/wp-content\/uploads\/2025\/03\/haremsexshop.png","width":400,"height":100,"caption":"Harem Bursa Erotik Shop"},"image":{"@id":"https:\/\/hobierotikshop.com.tr\/website1\/#\/schema\/logo\/image\/"},"sameAs":["https:\/\/x.com\/shopbursa"],"publishingPrinciples":"https:\/\/hobierotikshop.com.tr\/website1\/mesafeli-satis-sozlesmesi\/","ownershipFundingInfo":"https:\/\/hobierotikshop.com.tr\/website1\/contact-us\/","actionableFeedbackPolicy":"https:\/\/hobierotikshop.com.tr\/website1\/contact-us\/","correctionsPolicy":"https:\/\/hobierotikshop.com.tr\/website1\/mesafeli-satis-sozlesmesi\/"}]},"product_price_amount":"3000.00","product_price_currency":"TRY","og_availability":"instock","product_availability":"instock","product_retailer_item_id":"BDM1324B","product_condition":"new"},"_links":{"self":[{"href":"https:\/\/haremerotikshop.com\/site\/wp-json\/wp\/v2\/product\/44806","targetHints":{"allow":["GET"]}}],"collection":[{"href":"https:\/\/haremerotikshop.com\/site\/wp-json\/wp\/v2\/product"}],"about":[{"href":"https:\/\/haremerotikshop.com\/site\/wp-json\/wp\/v2\/types\/product"}],"replies":[{"embeddable":true,"href":"https:\/\/haremerotikshop.com\/site\/wp-json\/wp\/v2\/comments?post=44806"}],"version-history":[{"count":0,"href":"https:\/\/haremerotikshop.com\/site\/wp-json\/wp\/v2\/product\/44806\/revisions"}],"wp:featuredmedia":[{"embeddable":true,"href":"https:\/\/haremerotikshop.com\/site\/wp-json\/wp\/v2\/media\/44808"}],"wp:attachment":[{"href":"https:\/\/haremerotikshop.com\/site\/wp-json\/wp\/v2\/media?parent=44806"}],"wp:term":[{"taxonomy":"product_brand","embeddable":true,"href":"https:\/\/haremerotikshop.com\/site\/wp-json\/wp\/v2\/product_brand?post=44806"},{"taxonomy":"product_cat","embeddable":true,"href":"https:\/\/haremerotikshop.com\/site\/wp-json\/wp\/v2\/product_cat?post=44806"},{"taxonomy":"product_tag","embeddable":true,"href":"https:\/\/haremerotikshop.com\/site\/wp-json\/wp\/v2\/product_tag?post=44806"}],"curies":[{"name":"wp","href":"https:\/\/api.w.org\/{rel}","templated":true}]}}