{"id":44813,"date":"2025-04-26T17:05:00","date_gmt":"2025-04-26T14:05:00","guid":{"rendered":"https:\/\/haremerotikshop.com\/site\/erotik-shop-urun\/24-cm-kikirdak-yapili-cift-katmanli-gercekci-dildo-penis\/"},"modified":"2026-01-08T15:16:59","modified_gmt":"2026-01-08T12:16:59","slug":"24-cm-kikirdak-yapili-cift-katmanli-gercekci-dildo-penis","status":"publish","type":"product","link":"https:\/\/haremerotikshop.com\/site\/erotik-shop-urun\/24-cm-kikirdak-yapili-cift-katmanli-gercekci-dildo-penis\/","title":{"rendered":"24 Cm K\u0131k\u0131rdak Yap\u0131l\u0131 \u00c7ift Katmanl\u0131 Ger\u00e7ek\u00e7i Dildo Penis"},"content":{"rendered":"<h2 class=\"\" data-start=\"143\" data-end=\"206\"><strong data-start=\"146\" data-end=\"206\">24 cm K\u0131k\u0131rdak Yap\u0131l\u0131 \u00c7ift Katmanl\u0131 Ger\u00e7ek\u00e7i Dildo Penis<\/strong><\/h2>\n<p class=\"\" data-start=\"208\" data-end=\"552\"><strong data-start=\"208\" data-end=\"269\">Ger\u00e7ekli\u011fin s\u0131n\u0131rlar\u0131n\u0131 zorlayan bir deneyime haz\u0131r olun!<\/strong><br data-start=\"269\" data-end=\"272\" \/>24 cm uzunlu\u011fundaki bu k\u0131k\u0131rdak yap\u0131l\u0131, \u00e7ift katmanl\u0131 ger\u00e7ek\u00e7i dildo penis; etkileyici boyutlar\u0131, do\u011fala en yak\u0131n dokusu ve g\u00fc\u00e7l\u00fc sabitleme \u00f6zelli\u011fiyle cinsel deneyimlerinizi bamba\u015fka bir seviyeye ta\u015f\u0131yor. \u00d6zel yap\u0131s\u0131 sayesinde hem solo hem de partnerli kullan\u0131mlar i\u00e7in uygundur.<\/p>\n<hr class=\"\" data-start=\"554\" data-end=\"557\" \/>\n<h3 class=\"\" data-start=\"559\" data-end=\"586\">\ud83d\udd25 <strong data-start=\"566\" data-end=\"586\">\u00dcr\u00fcn \u00d6zellikleri<\/strong><\/h3>\n<ul data-start=\"588\" data-end=\"1532\">\n<li class=\"\" data-start=\"588\" data-end=\"619\">\n<p class=\"\" data-start=\"590\" data-end=\"619\">\u2705 <strong data-start=\"592\" data-end=\"611\">Toplam Uzunluk:<\/strong> 24 cm<\/p>\n<\/li>\n<li class=\"\" data-start=\"620\" data-end=\"659\">\n<p class=\"\" data-start=\"622\" data-end=\"659\">\u2705 <strong data-start=\"624\" data-end=\"651\">Kullan\u0131labilir Uzunluk:<\/strong> 21 cm<\/p>\n<\/li>\n<li class=\"\" data-start=\"660\" data-end=\"733\">\n<p class=\"\" data-start=\"662\" data-end=\"733\">\u2705 <strong data-start=\"664\" data-end=\"677\">Kal\u0131nl\u0131k:<\/strong> 5 cm \u2013 dolgun ve tatmin edici yap\u0131s\u0131yla dikkat \u00e7eker.<\/p>\n<\/li>\n<li class=\"\" data-start=\"734\" data-end=\"842\">\n<p class=\"\" data-start=\"736\" data-end=\"842\">\u2705 <strong data-start=\"738\" data-end=\"773\">\u00c7ift Katmanl\u0131 Ger\u00e7ek\u00e7i Malzeme:<\/strong> Yumu\u015fak d\u0131\u015f y\u00fczey ile sert i\u00e7 yap\u0131 birle\u015ferek do\u011fal bir his sunar.<\/p>\n<\/li>\n<li class=\"\" data-start=\"843\" data-end=\"925\">\n<p class=\"\" data-start=\"845\" data-end=\"925\">\u2705 <strong data-start=\"847\" data-end=\"876\">100% Soft Premium Kalite:<\/strong> Yumu\u015fak, esnek ve ipeksi y\u00fczeyi cilde dosttur.<\/p>\n<\/li>\n<li class=\"\" data-start=\"926\" data-end=\"1035\">\n<p class=\"\" data-start=\"928\" data-end=\"1035\">\u2705 <strong data-start=\"930\" data-end=\"960\">V\u00fccut Is\u0131s\u0131na Uyum Sa\u011flar:<\/strong> Kullan\u0131m s\u0131ras\u0131nda v\u00fccut s\u0131cakl\u0131\u011f\u0131n\u0131 alarak daha ger\u00e7ek\u00e7i bir his verir.<\/p>\n<\/li>\n<li class=\"\" data-start=\"1036\" data-end=\"1133\">\n<p class=\"\" data-start=\"1038\" data-end=\"1133\">\u2705 <strong data-start=\"1040\" data-end=\"1064\">Ger\u00e7ek\u00e7i Ten Dokusu:<\/strong> Detayl\u0131 ve do\u011fal tasar\u0131m\u0131 sayesinde ten dokusunu birebir yans\u0131t\u0131r.<\/p>\n<\/li>\n<li class=\"\" data-start=\"1134\" data-end=\"1239\">\n<p class=\"\" data-start=\"1136\" data-end=\"1239\">\u2705 <strong data-start=\"1138\" data-end=\"1155\">G\u00fc\u00e7l\u00fc Vantuz:<\/strong> Her t\u00fcrl\u00fc d\u00fcz zemine kolayca sabitlenebilir. Eller serbest kullan\u0131m imk\u00e2n\u0131 sunar.<\/p>\n<\/li>\n<li class=\"\" data-start=\"1240\" data-end=\"1355\">\n<p class=\"\" data-start=\"1242\" data-end=\"1355\">\u2705 <strong data-start=\"1244\" data-end=\"1281\">Belden Ba\u011flamal\u0131 Kullan\u0131m Uyumlu:<\/strong> Apart kemer ile uyumlu yap\u0131s\u0131 sayesinde partnerli oyunlara da uygundur.<\/p>\n<\/li>\n<li class=\"\" data-start=\"1356\" data-end=\"1448\">\n<p class=\"\" data-start=\"1358\" data-end=\"1448\">\u2705 <strong data-start=\"1360\" data-end=\"1379\">Kolay Temizlik:<\/strong> Hijyenik yap\u0131s\u0131 sayesinde suya dayan\u0131kl\u0131d\u0131r ve kolayca temizlenir.<\/p>\n<\/li>\n<li class=\"\" data-start=\"1449\" data-end=\"1532\">\n<p class=\"\" data-start=\"1451\" data-end=\"1532\">\u2705 <strong data-start=\"1453\" data-end=\"1471\">Pthalate Free:<\/strong> Sa\u011fl\u0131\u011f\u0131n\u0131za zarar vermeyen, g\u00fcvenli malzemeden \u00fcretilmi\u015ftir.<\/p>\n<\/li>\n<\/ul>\n<hr class=\"\" data-start=\"1534\" data-end=\"1537\" \/>\n<h3 class=\"\" data-start=\"1539\" data-end=\"1570\">\ud83c\udfaf <strong data-start=\"1546\" data-end=\"1570\">Kullan\u0131m Avantajlar\u0131<\/strong><\/h3>\n<ul data-start=\"1572\" data-end=\"1971\">\n<li class=\"\" data-start=\"1572\" data-end=\"1676\">\n<p class=\"\" data-start=\"1574\" data-end=\"1676\"><strong data-start=\"1574\" data-end=\"1594\">Ger\u00e7eklik Hissi:<\/strong> \u00c7ift katmanl\u0131 k\u0131k\u0131rdak yap\u0131s\u0131 ve melez ten dokusu ile en ger\u00e7ek\u00e7i hisse ula\u015f\u0131n.<\/p>\n<\/li>\n<li class=\"\" data-start=\"1677\" data-end=\"1770\">\n<p class=\"\" data-start=\"1679\" data-end=\"1770\"><strong data-start=\"1679\" data-end=\"1700\">Konforlu Deneyim:<\/strong> Ergonomik tasar\u0131m\u0131 ve p\u00fcr\u00fczs\u00fcz y\u00fczeyi ile maksimum rahatl\u0131k sa\u011flar.<\/p>\n<\/li>\n<li class=\"\" data-start=\"1771\" data-end=\"1854\">\n<p class=\"\" data-start=\"1773\" data-end=\"1854\"><strong data-start=\"1773\" data-end=\"1789\">Uzun \u00d6m\u00fcrl\u00fc:<\/strong> Kaliteli malzemesi sayesinde y\u0131llarca sorunsuz kullan\u0131labilir.<\/p>\n<\/li>\n<li class=\"\" data-start=\"1855\" data-end=\"1971\">\n<p class=\"\" data-start=\"1857\" data-end=\"1971\"><strong data-start=\"1857\" data-end=\"1888\">\u00c7e\u015fitli Pozisyonlara Uygun:<\/strong> G\u00fc\u00e7l\u00fc vantuzu ve belden ba\u011flama deste\u011fiyle yarat\u0131c\u0131l\u0131\u011f\u0131n\u0131z\u0131 konu\u015fturabilirsiniz.<\/p>\n<\/li>\n<\/ul>\n<hr class=\"\" data-start=\"1973\" data-end=\"1976\" \/>\n<h3 class=\"\" data-start=\"1978\" data-end=\"2016\">\ud83d\udce6 <strong data-start=\"1985\" data-end=\"2016\">Gizlilik &amp; Teslimat Bilgisi<\/strong><\/h3>\n<ul data-start=\"2018\" data-end=\"2372\">\n<li class=\"\" data-start=\"2018\" data-end=\"2127\">\n<p class=\"\" data-start=\"2020\" data-end=\"2127\"><strong data-start=\"2020\" data-end=\"2040\">Gizli Paketleme:<\/strong> T\u00fcm sipari\u015fler, i\u00e7eri\u011fi anla\u015f\u0131lmayacak \u015fekilde gizli ve kapal\u0131 kolilerde g\u00f6nderilir.<\/p>\n<\/li>\n<li class=\"\" data-start=\"2128\" data-end=\"2208\">\n<p class=\"\" data-start=\"2130\" data-end=\"2208\"><strong data-start=\"2130\" data-end=\"2156\">Kap\u0131da \u00d6deme Se\u00e7ene\u011fi:<\/strong> Nakit ya da kredi kart\u0131 ile g\u00fcvenli \u00f6deme imk\u00e2n\u0131.<\/p>\n<\/li>\n<li class=\"\" data-start=\"2209\" data-end=\"2284\">\n<p class=\"\" data-start=\"2211\" data-end=\"2284\"><strong data-start=\"2211\" data-end=\"2227\">H\u0131zl\u0131 Kargo:<\/strong> Sipari\u015finiz en k\u0131sa s\u00fcrede haz\u0131rlan\u0131p kargoya verilir.<\/p>\n<\/li>\n<li class=\"\" data-start=\"2285\" data-end=\"2372\">\n<p class=\"\" data-start=\"2287\" data-end=\"2372\"><strong data-start=\"2287\" data-end=\"2313\">Firmam\u0131z G\u00fcvencesiyle:<\/strong> \u00dcr\u00fcnlerimiz sipari\u015ften teslimata kadar g\u00fcvence alt\u0131ndad\u0131r.<\/p>\n<\/li>\n<\/ul>\n<hr class=\"\" data-start=\"2374\" data-end=\"2377\" \/>\n<h3 class=\"\" data-start=\"2379\" data-end=\"2424\">\ud83d\udc8e <strong data-start=\"2386\" data-end=\"2424\">Neden Bu \u00dcr\u00fcn\u00fc Tercih Etmelisiniz?<\/strong><\/h3>\n<ul data-start=\"2426\" data-end=\"2637\">\n<li class=\"\" data-start=\"2426\" data-end=\"2482\">\n<p class=\"\" data-start=\"2428\" data-end=\"2482\">Ger\u00e7ek\u00e7i deneyimi arayanlar i\u00e7in ideal boyut ve yap\u0131<\/p>\n<\/li>\n<li class=\"\" data-start=\"2483\" data-end=\"2524\">\n<p class=\"\" data-start=\"2485\" data-end=\"2524\">Sa\u011fl\u0131\u011fa zarars\u0131z malzemeden \u00fcretilmi\u015f<\/p>\n<\/li>\n<li class=\"\" data-start=\"2525\" data-end=\"2562\">\n<p class=\"\" data-start=\"2527\" data-end=\"2562\">Solo ve partnerli kullan\u0131ma uygun<\/p>\n<\/li>\n<li class=\"\" data-start=\"2563\" data-end=\"2596\">\n<p class=\"\" data-start=\"2565\" data-end=\"2596\">Estetik tasar\u0131m, maksimum haz<\/p>\n<\/li>\n<li class=\"\" data-start=\"2597\" data-end=\"2637\">\n<p class=\"\" data-start=\"2599\" data-end=\"2637\">Temizli\u011fi ve bak\u0131m\u0131 son derece kolay<\/p>\n<\/li>\n<\/ul>\n<hr class=\"\" data-start=\"2639\" data-end=\"2642\" \/>\n<h2 class=\"\" data-start=\"2644\" data-end=\"2686\">\ud83c\udf1f Tatmin Dolu Deneyimler Sizi Bekliyor<\/h2>\n<p class=\"\" data-start=\"2688\" data-end=\"3005\"><strong data-start=\"2688\" data-end=\"2748\">24 cm K\u0131k\u0131rdak Yap\u0131l\u0131 \u00c7ift Katmanl\u0131 Ger\u00e7ek\u00e7i Dildo Penis<\/strong>, beklentilerinizin \u00f6tesine ge\u00e7erek size benzersiz bir cinsel deneyim sunmak i\u00e7in tasarland\u0131. Cinselli\u011finizi \u00f6zg\u00fcrce ya\u015famak ve kaliteli, g\u00fcvenli bir \u00fcr\u00fcnle tan\u0131\u015fmak istiyorsan\u0131z bu model tam size g\u00f6re! Hemen sipari\u015f verin, gizli g\u00f6nderimle kap\u0131n\u0131za gelsin!<\/p>\n<p>&nbsp;<\/p>\n<p>&nbsp;<\/p>\n<p>&nbsp;<\/p>\n<p><img decoding=\"async\" style=\"width: 300px;height: 300px\" src=\"https:\/\/static.ticimax.cloud\/32886\/\/uploads\/editoruploads\/bw-008104nrg-09.gif\" alt=\"\" \/><\/p>\n","protected":false},"excerpt":{"rendered":"<p><strong data-start=\"208\" data-end=\"269\">Ger\u00e7ekli\u011fin s\u0131n\u0131rlar\u0131n\u0131 zorlayan bir deneyime haz\u0131r olun!<\/strong><br data-start=\"269\" data-end=\"272\" \/>24 cm uzunlu\u011fundaki bu k\u0131k\u0131rdak yap\u0131l\u0131, \u00e7ift katmanl\u0131 ger\u00e7ek\u00e7i dildo penis; etkileyici boyutlar\u0131, do\u011fala en yak\u0131n dokusu ve g\u00fc\u00e7l\u00fc sabitleme \u00f6zelli\u011fiyle cinsel deneyimlerinizi bamba\u015fka bir seviyeye ta\u015f\u0131yor. \u00d6zel yap\u0131s\u0131 sayesinde hem solo hem de partnerli kullan\u0131mlar i\u00e7in uygundur.<\/p>\n","protected":false},"featured_media":44815,"comment_status":"closed","ping_status":"closed","template":"","meta":[],"product_brand":[],"product_cat":[501],"product_tag":[],"class_list":{"0":"post-44813","1":"product","2":"type-product","3":"status-publish","4":"has-post-thumbnail","6":"product_cat-realistik-penisler","8":"first","9":"instock","10":"purchasable","11":"product-type-simple"},"yoast_head":"<!-- This site is optimized with the Yoast SEO Premium plugin v24.4 (Yoast SEO v27.1.1) - https:\/\/yoast.com\/product\/yoast-seo-premium-wordpress\/ -->\n<title>24 Cm K\u0131k\u0131rdak Yap\u0131l\u0131 \u00c7ift Katmanl\u0131 Ger\u00e7ek\u00e7i Dildo Penis - Bursa Erotik Shop<\/title>\n<meta name=\"robots\" content=\"index, follow, max-snippet:-1, max-image-preview:large, max-video-preview:-1\" \/>\n<link rel=\"canonical\" href=\"https:\/\/hobierotikshop.com.tr\/website1\/erotik-shop-urun\/24-cm-kikirdak-yapili-cift-katmanli-gercekci-dildo-penis\/\" \/>\n<meta property=\"og:locale\" content=\"tr_TR\" \/>\n<meta property=\"og:type\" content=\"article\" \/>\n<meta property=\"og:title\" content=\"24 Cm K\u0131k\u0131rdak Yap\u0131l\u0131 \u00c7ift Katmanl\u0131 Ger\u00e7ek\u00e7i Dildo Penis\" \/>\n<meta property=\"og:description\" content=\"Ger\u00e7ekli\u011fin s\u0131n\u0131rlar\u0131n\u0131 zorlayan bir deneyime haz\u0131r olun!24 cm uzunlu\u011fundaki bu k\u0131k\u0131rdak yap\u0131l\u0131, \u00e7ift katmanl\u0131 ger\u00e7ek\u00e7i dildo penis; etkileyici boyutlar\u0131, do\u011fala en yak\u0131n dokusu ve g\u00fc\u00e7l\u00fc sabitleme \u00f6zelli\u011fiyle cinsel deneyimlerinizi bamba\u015fka bir seviyeye ta\u015f\u0131yor. \u00d6zel yap\u0131s\u0131 sayesinde hem solo hem de partnerli kullan\u0131mlar i\u00e7in uygundur.\" \/>\n<meta property=\"og:url\" content=\"https:\/\/hobierotikshop.com.tr\/website1\/erotik-shop-urun\/24-cm-kikirdak-yapili-cift-katmanli-gercekci-dildo-penis\/\" \/>\n<meta property=\"og:site_name\" content=\"Bursa Erotik Shop\" \/>\n<meta property=\"article:modified_time\" content=\"2026-01-08T12:16:59+00:00\" \/>\n<meta property=\"og:image\" content=\"https:\/\/hobierotikshop.com.tr\/website1\/wp-content\/uploads\/2025\/04\/24-cm-kikirdak-yapili-cift-katmanli-ge-1cd36c.jpg\" \/>\n\t<meta property=\"og:image:width\" content=\"455\" \/>\n\t<meta property=\"og:image:height\" content=\"455\" \/>\n\t<meta property=\"og:image:type\" content=\"image\/jpeg\" \/>\n<meta name=\"twitter:card\" content=\"summary_large_image\" \/>\n<meta name=\"twitter:site\" content=\"@shopbursa\" \/>\n<meta name=\"twitter:label1\" content=\"Fiyat\" \/>\n\t<meta name=\"twitter:data1\" content=\"&#8378;2.800,00\" \/>\n\t<meta name=\"twitter:label2\" content=\"Availability\" \/>\n\t<meta name=\"twitter:data2\" content=\"In stock\" \/>\n<script type=\"application\/ld+json\" class=\"yoast-schema-graph\">{\"@context\":\"https:\/\/schema.org\",\"@graph\":[{\"@type\":\"WebPage\",\"@id\":\"https:\/\/hobierotikshop.com.tr\/website1\/erotik-shop-urun\/24-cm-kikirdak-yapili-cift-katmanli-gercekci-dildo-penis\/\",\"url\":\"https:\/\/hobierotikshop.com.tr\/website1\/erotik-shop-urun\/24-cm-kikirdak-yapili-cift-katmanli-gercekci-dildo-penis\/\",\"name\":\"24 Cm K\u0131k\u0131rdak Yap\u0131l\u0131 \u00c7ift Katmanl\u0131 Ger\u00e7ek\u00e7i Dildo Penis - Bursa Erotik Shop\",\"isPartOf\":{\"@id\":\"https:\/\/hobierotikshop.com.tr\/website1\/#website\"},\"primaryImageOfPage\":{\"@id\":\"https:\/\/hobierotikshop.com.tr\/website1\/erotik-shop-urun\/24-cm-kikirdak-yapili-cift-katmanli-gercekci-dildo-penis\/#primaryimage\"},\"image\":{\"@id\":\"https:\/\/hobierotikshop.com.tr\/website1\/erotik-shop-urun\/24-cm-kikirdak-yapili-cift-katmanli-gercekci-dildo-penis\/#primaryimage\"},\"thumbnailUrl\":\"https:\/\/haremerotikshop.com\/site\/wp-content\/uploads\/2025\/04\/24-cm-kikirdak-yapili-cift-katmanli-ge-1cd36c.jpg\",\"datePublished\":\"2025-04-26T14:05:00+00:00\",\"dateModified\":\"2026-01-08T12:16:59+00:00\",\"breadcrumb\":{\"@id\":\"https:\/\/hobierotikshop.com.tr\/website1\/erotik-shop-urun\/24-cm-kikirdak-yapili-cift-katmanli-gercekci-dildo-penis\/#breadcrumb\"},\"inLanguage\":\"tr\",\"potentialAction\":[{\"@type\":\"ReadAction\",\"target\":[\"https:\/\/hobierotikshop.com.tr\/website1\/erotik-shop-urun\/24-cm-kikirdak-yapili-cift-katmanli-gercekci-dildo-penis\/\"]}]},{\"@type\":\"ImageObject\",\"inLanguage\":\"tr\",\"@id\":\"https:\/\/hobierotikshop.com.tr\/website1\/erotik-shop-urun\/24-cm-kikirdak-yapili-cift-katmanli-gercekci-dildo-penis\/#primaryimage\",\"url\":\"https:\/\/haremerotikshop.com\/site\/wp-content\/uploads\/2025\/04\/24-cm-kikirdak-yapili-cift-katmanli-ge-1cd36c.jpg\",\"contentUrl\":\"https:\/\/haremerotikshop.com\/site\/wp-content\/uploads\/2025\/04\/24-cm-kikirdak-yapili-cift-katmanli-ge-1cd36c.jpg\",\"width\":455,\"height\":455},{\"@type\":\"BreadcrumbList\",\"@id\":\"https:\/\/hobierotikshop.com.tr\/website1\/erotik-shop-urun\/24-cm-kikirdak-yapili-cift-katmanli-gercekci-dildo-penis\/#breadcrumb\",\"itemListElement\":[{\"@type\":\"ListItem\",\"position\":1,\"name\":\"Anasayfa\",\"item\":\"https:\/\/hobierotikshop.com.tr\/website1\/\"},{\"@type\":\"ListItem\",\"position\":2,\"name\":\"Erotik Shop \u00dcr\u00fcnleri\",\"item\":\"https:\/\/hobierotikshop.com.tr\/website1\/shop\/\"},{\"@type\":\"ListItem\",\"position\":3,\"name\":\"24 Cm K\u0131k\u0131rdak Yap\u0131l\u0131 \u00c7ift Katmanl\u0131 Ger\u00e7ek\u00e7i Dildo Penis\"}]},{\"@type\":\"WebSite\",\"@id\":\"https:\/\/hobierotikshop.com.tr\/website1\/#website\",\"url\":\"https:\/\/hobierotikshop.com.tr\/website1\/\",\"name\":\"Bursa Erotik Shop\",\"description\":\"Bursa Erotik Shop ile g\u00fcvenli, gizli ve kaliteli yeti\u015fkin \u00fcr\u00fcnleri al\u0131\u015fveri\u015fi! Geni\u015f \u00fcr\u00fcn yelpazemizi ke\u015ffedin, hemen sipari\u015f verin\",\"publisher\":{\"@id\":\"https:\/\/hobierotikshop.com.tr\/website1\/#organization\"},\"alternateName\":\"Erotik Shop\",\"potentialAction\":[{\"@type\":\"SearchAction\",\"target\":{\"@type\":\"EntryPoint\",\"urlTemplate\":\"https:\/\/hobierotikshop.com.tr\/website1\/?s={search_term_string}\"},\"query-input\":{\"@type\":\"PropertyValueSpecification\",\"valueRequired\":true,\"valueName\":\"search_term_string\"}}],\"inLanguage\":\"tr\"},{\"@type\":\"Organization\",\"@id\":\"https:\/\/hobierotikshop.com.tr\/website1\/#organization\",\"name\":\"Harem Bursa Erotik Shop\",\"url\":\"https:\/\/hobierotikshop.com.tr\/website1\/\",\"logo\":{\"@type\":\"ImageObject\",\"inLanguage\":\"tr\",\"@id\":\"https:\/\/hobierotikshop.com.tr\/website1\/#\/schema\/logo\/image\/\",\"url\":\"https:\/\/haremerotikshop.com\/site\/wp-content\/uploads\/2025\/03\/haremsexshop.png\",\"contentUrl\":\"https:\/\/haremerotikshop.com\/site\/wp-content\/uploads\/2025\/03\/haremsexshop.png\",\"width\":400,\"height\":100,\"caption\":\"Harem Bursa Erotik Shop\"},\"image\":{\"@id\":\"https:\/\/hobierotikshop.com.tr\/website1\/#\/schema\/logo\/image\/\"},\"sameAs\":[\"https:\/\/x.com\/shopbursa\"],\"publishingPrinciples\":\"https:\/\/hobierotikshop.com.tr\/website1\/mesafeli-satis-sozlesmesi\/\",\"ownershipFundingInfo\":\"https:\/\/hobierotikshop.com.tr\/website1\/contact-us\/\",\"actionableFeedbackPolicy\":\"https:\/\/hobierotikshop.com.tr\/website1\/contact-us\/\",\"correctionsPolicy\":\"https:\/\/hobierotikshop.com.tr\/website1\/mesafeli-satis-sozlesmesi\/\"}]}<\/script>\n<meta property=\"product:price:amount\" content=\"2800.00\" \/>\n<meta property=\"product:price:currency\" content=\"TRY\" \/>\n<meta property=\"og:availability\" content=\"instock\" \/>\n<meta property=\"product:availability\" content=\"instock\" \/>\n<meta property=\"product:retailer_item_id\" content=\"BDM1325\" \/>\n<meta property=\"product:condition\" content=\"new\" \/>\n<!-- \/ Yoast SEO Premium plugin. -->","yoast_head_json":{"title":"24 Cm K\u0131k\u0131rdak Yap\u0131l\u0131 \u00c7ift Katmanl\u0131 Ger\u00e7ek\u00e7i Dildo Penis - Bursa Erotik Shop","robots":{"index":"index","follow":"follow","max-snippet":"max-snippet:-1","max-image-preview":"max-image-preview:large","max-video-preview":"max-video-preview:-1"},"canonical":"https:\/\/hobierotikshop.com.tr\/website1\/erotik-shop-urun\/24-cm-kikirdak-yapili-cift-katmanli-gercekci-dildo-penis\/","og_locale":"tr_TR","og_type":"article","og_title":"24 Cm K\u0131k\u0131rdak Yap\u0131l\u0131 \u00c7ift Katmanl\u0131 Ger\u00e7ek\u00e7i Dildo Penis","og_description":"Ger\u00e7ekli\u011fin s\u0131n\u0131rlar\u0131n\u0131 zorlayan bir deneyime haz\u0131r olun!24 cm uzunlu\u011fundaki bu k\u0131k\u0131rdak yap\u0131l\u0131, \u00e7ift katmanl\u0131 ger\u00e7ek\u00e7i dildo penis; etkileyici boyutlar\u0131, do\u011fala en yak\u0131n dokusu ve g\u00fc\u00e7l\u00fc sabitleme \u00f6zelli\u011fiyle cinsel deneyimlerinizi bamba\u015fka bir seviyeye ta\u015f\u0131yor. \u00d6zel yap\u0131s\u0131 sayesinde hem solo hem de partnerli kullan\u0131mlar i\u00e7in uygundur.","og_url":"https:\/\/hobierotikshop.com.tr\/website1\/erotik-shop-urun\/24-cm-kikirdak-yapili-cift-katmanli-gercekci-dildo-penis\/","og_site_name":"Bursa Erotik Shop","article_modified_time":"2026-01-08T12:16:59+00:00","og_image":[{"width":455,"height":455,"url":"https:\/\/hobierotikshop.com.tr\/website1\/wp-content\/uploads\/2025\/04\/24-cm-kikirdak-yapili-cift-katmanli-ge-1cd36c.jpg","type":"image\/jpeg"}],"twitter_card":"summary_large_image","twitter_site":"@shopbursa","twitter_misc":{"Fiyat":"&#8378;2.800,00","Availability":"In stock"},"schema":{"@context":"https:\/\/schema.org","@graph":[{"@type":"WebPage","@id":"https:\/\/hobierotikshop.com.tr\/website1\/erotik-shop-urun\/24-cm-kikirdak-yapili-cift-katmanli-gercekci-dildo-penis\/","url":"https:\/\/hobierotikshop.com.tr\/website1\/erotik-shop-urun\/24-cm-kikirdak-yapili-cift-katmanli-gercekci-dildo-penis\/","name":"24 Cm K\u0131k\u0131rdak Yap\u0131l\u0131 \u00c7ift Katmanl\u0131 Ger\u00e7ek\u00e7i Dildo Penis - Bursa Erotik Shop","isPartOf":{"@id":"https:\/\/hobierotikshop.com.tr\/website1\/#website"},"primaryImageOfPage":{"@id":"https:\/\/hobierotikshop.com.tr\/website1\/erotik-shop-urun\/24-cm-kikirdak-yapili-cift-katmanli-gercekci-dildo-penis\/#primaryimage"},"image":{"@id":"https:\/\/hobierotikshop.com.tr\/website1\/erotik-shop-urun\/24-cm-kikirdak-yapili-cift-katmanli-gercekci-dildo-penis\/#primaryimage"},"thumbnailUrl":"https:\/\/haremerotikshop.com\/site\/wp-content\/uploads\/2025\/04\/24-cm-kikirdak-yapili-cift-katmanli-ge-1cd36c.jpg","datePublished":"2025-04-26T14:05:00+00:00","dateModified":"2026-01-08T12:16:59+00:00","breadcrumb":{"@id":"https:\/\/hobierotikshop.com.tr\/website1\/erotik-shop-urun\/24-cm-kikirdak-yapili-cift-katmanli-gercekci-dildo-penis\/#breadcrumb"},"inLanguage":"tr","potentialAction":[{"@type":"ReadAction","target":["https:\/\/hobierotikshop.com.tr\/website1\/erotik-shop-urun\/24-cm-kikirdak-yapili-cift-katmanli-gercekci-dildo-penis\/"]}]},{"@type":"ImageObject","inLanguage":"tr","@id":"https:\/\/hobierotikshop.com.tr\/website1\/erotik-shop-urun\/24-cm-kikirdak-yapili-cift-katmanli-gercekci-dildo-penis\/#primaryimage","url":"https:\/\/haremerotikshop.com\/site\/wp-content\/uploads\/2025\/04\/24-cm-kikirdak-yapili-cift-katmanli-ge-1cd36c.jpg","contentUrl":"https:\/\/haremerotikshop.com\/site\/wp-content\/uploads\/2025\/04\/24-cm-kikirdak-yapili-cift-katmanli-ge-1cd36c.jpg","width":455,"height":455},{"@type":"BreadcrumbList","@id":"https:\/\/hobierotikshop.com.tr\/website1\/erotik-shop-urun\/24-cm-kikirdak-yapili-cift-katmanli-gercekci-dildo-penis\/#breadcrumb","itemListElement":[{"@type":"ListItem","position":1,"name":"Anasayfa","item":"https:\/\/hobierotikshop.com.tr\/website1\/"},{"@type":"ListItem","position":2,"name":"Erotik Shop \u00dcr\u00fcnleri","item":"https:\/\/hobierotikshop.com.tr\/website1\/shop\/"},{"@type":"ListItem","position":3,"name":"24 Cm K\u0131k\u0131rdak Yap\u0131l\u0131 \u00c7ift Katmanl\u0131 Ger\u00e7ek\u00e7i Dildo Penis"}]},{"@type":"WebSite","@id":"https:\/\/hobierotikshop.com.tr\/website1\/#website","url":"https:\/\/hobierotikshop.com.tr\/website1\/","name":"Bursa Erotik Shop","description":"Bursa Erotik Shop ile g\u00fcvenli, gizli ve kaliteli yeti\u015fkin \u00fcr\u00fcnleri al\u0131\u015fveri\u015fi! Geni\u015f \u00fcr\u00fcn yelpazemizi ke\u015ffedin, hemen sipari\u015f verin","publisher":{"@id":"https:\/\/hobierotikshop.com.tr\/website1\/#organization"},"alternateName":"Erotik Shop","potentialAction":[{"@type":"SearchAction","target":{"@type":"EntryPoint","urlTemplate":"https:\/\/hobierotikshop.com.tr\/website1\/?s={search_term_string}"},"query-input":{"@type":"PropertyValueSpecification","valueRequired":true,"valueName":"search_term_string"}}],"inLanguage":"tr"},{"@type":"Organization","@id":"https:\/\/hobierotikshop.com.tr\/website1\/#organization","name":"Harem Bursa Erotik Shop","url":"https:\/\/hobierotikshop.com.tr\/website1\/","logo":{"@type":"ImageObject","inLanguage":"tr","@id":"https:\/\/hobierotikshop.com.tr\/website1\/#\/schema\/logo\/image\/","url":"https:\/\/haremerotikshop.com\/site\/wp-content\/uploads\/2025\/03\/haremsexshop.png","contentUrl":"https:\/\/haremerotikshop.com\/site\/wp-content\/uploads\/2025\/03\/haremsexshop.png","width":400,"height":100,"caption":"Harem Bursa Erotik Shop"},"image":{"@id":"https:\/\/hobierotikshop.com.tr\/website1\/#\/schema\/logo\/image\/"},"sameAs":["https:\/\/x.com\/shopbursa"],"publishingPrinciples":"https:\/\/hobierotikshop.com.tr\/website1\/mesafeli-satis-sozlesmesi\/","ownershipFundingInfo":"https:\/\/hobierotikshop.com.tr\/website1\/contact-us\/","actionableFeedbackPolicy":"https:\/\/hobierotikshop.com.tr\/website1\/contact-us\/","correctionsPolicy":"https:\/\/hobierotikshop.com.tr\/website1\/mesafeli-satis-sozlesmesi\/"}]},"product_price_amount":"2800.00","product_price_currency":"TRY","og_availability":"instock","product_availability":"instock","product_retailer_item_id":"BDM1325","product_condition":"new"},"_links":{"self":[{"href":"https:\/\/haremerotikshop.com\/site\/wp-json\/wp\/v2\/product\/44813","targetHints":{"allow":["GET"]}}],"collection":[{"href":"https:\/\/haremerotikshop.com\/site\/wp-json\/wp\/v2\/product"}],"about":[{"href":"https:\/\/haremerotikshop.com\/site\/wp-json\/wp\/v2\/types\/product"}],"replies":[{"embeddable":true,"href":"https:\/\/haremerotikshop.com\/site\/wp-json\/wp\/v2\/comments?post=44813"}],"version-history":[{"count":0,"href":"https:\/\/haremerotikshop.com\/site\/wp-json\/wp\/v2\/product\/44813\/revisions"}],"wp:featuredmedia":[{"embeddable":true,"href":"https:\/\/haremerotikshop.com\/site\/wp-json\/wp\/v2\/media\/44815"}],"wp:attachment":[{"href":"https:\/\/haremerotikshop.com\/site\/wp-json\/wp\/v2\/media?parent=44813"}],"wp:term":[{"taxonomy":"product_brand","embeddable":true,"href":"https:\/\/haremerotikshop.com\/site\/wp-json\/wp\/v2\/product_brand?post=44813"},{"taxonomy":"product_cat","embeddable":true,"href":"https:\/\/haremerotikshop.com\/site\/wp-json\/wp\/v2\/product_cat?post=44813"},{"taxonomy":"product_tag","embeddable":true,"href":"https:\/\/haremerotikshop.com\/site\/wp-json\/wp\/v2\/product_tag?post=44813"}],"curies":[{"name":"wp","href":"https:\/\/api.w.org\/{rel}","templated":true}]}}