{"id":44820,"date":"2025-04-26T17:05:00","date_gmt":"2025-04-26T14:05:00","guid":{"rendered":"https:\/\/haremerotikshop.com\/site\/erotik-shop-urun\/belden-baglamali-24-cm-kikirdak-yapili-cift-katmanli-gercekci-dildo-penis\/"},"modified":"2026-01-08T15:16:20","modified_gmt":"2026-01-08T12:16:20","slug":"belden-baglamali-24-cm-kikirdak-yapili-cift-katmanli-gercekci-dildo-penis","status":"publish","type":"product","link":"https:\/\/haremerotikshop.com\/site\/erotik-shop-urun\/belden-baglamali-24-cm-kikirdak-yapili-cift-katmanli-gercekci-dildo-penis\/","title":{"rendered":"Belden Ba\u011flamal\u0131 24 Cm K\u0131k\u0131rdak Yap\u0131l\u0131 \u00c7ift Katmanl\u0131 Ger\u00e7ek\u00e7i Dildo Penis"},"content":{"rendered":"<h2 class=\"\" data-start=\"160\" data-end=\"240\"><strong data-start=\"163\" data-end=\"240\">Belden Ba\u011flamal\u0131 24 cm K\u0131k\u0131rdak Yap\u0131l\u0131 \u00c7ift Katmanl\u0131 Ger\u00e7ek\u00e7i Dildo Penis<\/strong><\/h2>\n<h3 class=\"\" data-start=\"242\" data-end=\"281\">\u2705 Ger\u00e7ek Hissin Zirvesiyle Tan\u0131\u015f\u0131n!<\/h3>\n<p class=\"\" data-start=\"283\" data-end=\"674\">Cinsel deneyiminizi zirveye ta\u015f\u0131mak istiyorsan\u0131z, <strong data-start=\"333\" data-end=\"388\">Belden Ba\u011flamal\u0131 24 cm \u00c7ift Katmanl\u0131 Ger\u00e7ek\u00e7i Dildo<\/strong> arad\u0131\u011f\u0131n\u0131z \u00fcr\u00fcn olabilir. Y\u00fcksek kalite TPE malzemeden \u00fcretilmi\u015f bu \u00fcr\u00fcn, i\u00e7 k\u0131sm\u0131ndaki k\u0131k\u0131rdak yap\u0131s\u0131 ve d\u0131\u015f k\u0131sm\u0131ndaki yumu\u015fak doku ile son derece ger\u00e7ek\u00e7i bir his sunar. V\u00fccut \u0131s\u0131s\u0131na uyum sa\u011flayan y\u00fczeyi ve \u00fcst\u00fcn ergonomisi ile hem solo hem partnerli kullan\u0131mlar i\u00e7in m\u00fckemmeldir.<\/p>\n<hr class=\"\" data-start=\"676\" data-end=\"679\" \/>\n<h3 class=\"\" data-start=\"681\" data-end=\"708\">\ud83c\udf1f <strong data-start=\"688\" data-end=\"708\">\u00dcr\u00fcn \u00d6zellikleri<\/strong><\/h3>\n<ul data-start=\"710\" data-end=\"1386\">\n<li class=\"\" data-start=\"710\" data-end=\"742\">\n<p class=\"\" data-start=\"712\" data-end=\"742\">\ud83d\udccf <strong data-start=\"715\" data-end=\"734\">Toplam Uzunluk:<\/strong> 24 cm<\/p>\n<\/li>\n<li class=\"\" data-start=\"743\" data-end=\"783\">\n<p class=\"\" data-start=\"745\" data-end=\"783\">\ud83d\udccf <strong data-start=\"748\" data-end=\"775\">Kullan\u0131labilir Uzunluk:<\/strong> 21 cm<\/p>\n<\/li>\n<li class=\"\" data-start=\"784\" data-end=\"803\">\n<p class=\"\" data-start=\"786\" data-end=\"803\">\u2300 <strong data-start=\"788\" data-end=\"796\">\u00c7ap:<\/strong> 5 cm<\/p>\n<\/li>\n<li class=\"\" data-start=\"804\" data-end=\"876\">\n<p class=\"\" data-start=\"806\" data-end=\"876\">\ud83e\uddf1 <strong data-start=\"809\" data-end=\"818\">Yap\u0131:<\/strong> \u0130\u00e7 k\u0131sm\u0131 esnek k\u0131k\u0131rdak yap\u0131l\u0131, d\u0131\u015f k\u0131sm\u0131 \u00e7ift katmanl\u0131<\/p>\n<\/li>\n<li class=\"\" data-start=\"877\" data-end=\"941\">\n<p class=\"\" data-start=\"879\" data-end=\"941\">\ud83d\udc8e <strong data-start=\"882\" data-end=\"892\">Y\u00fczey:<\/strong> %100 Soft \u2014 Y\u00fcksek kaliteli, ipeksi ve yumu\u015fak<\/p>\n<\/li>\n<li class=\"\" data-start=\"942\" data-end=\"1016\">\n<p class=\"\" data-start=\"944\" data-end=\"1016\">\ud83c\udf21\ufe0f <strong data-start=\"948\" data-end=\"966\">Is\u0131ya Duyarl\u0131:<\/strong> V\u00fccut \u0131s\u0131s\u0131na ula\u015farak do\u011fal bir deneyim sa\u011flar<\/p>\n<\/li>\n<li class=\"\" data-start=\"1017\" data-end=\"1080\">\n<p class=\"\" data-start=\"1019\" data-end=\"1080\">\ud83d\udc45 <strong data-start=\"1022\" data-end=\"1031\">Doku:<\/strong> Melez ten dokusunda, ultra ger\u00e7ek\u00e7i detaylarla<\/p>\n<\/li>\n<li class=\"\" data-start=\"1081\" data-end=\"1159\">\n<p class=\"\" data-start=\"1083\" data-end=\"1159\">\ud83e\uddf2 <strong data-start=\"1086\" data-end=\"1097\">Vantuz:<\/strong> G\u00fc\u00e7l\u00fc sabitleyici vantuz ile her d\u00fcz zemine kolayca tutunur<\/p>\n<\/li>\n<li class=\"\" data-start=\"1160\" data-end=\"1252\">\n<p class=\"\" data-start=\"1162\" data-end=\"1252\">\ud83e\ude72 <strong data-start=\"1165\" data-end=\"1181\">Kemer Uyumu:<\/strong> Belden ba\u011flamal\u0131 kullan\u0131ma uygundur \u2014 kay\u0131\u015fl\u0131 sistemlerle tam uyumlu<\/p>\n<\/li>\n<li class=\"\" data-start=\"1253\" data-end=\"1326\">\n<p class=\"\" data-start=\"1255\" data-end=\"1326\">\ud83e\uddfc <strong data-start=\"1258\" data-end=\"1271\">Hijyenik:<\/strong> Kolay temizlenebilir, cilt dostu ve sa\u011fl\u0131\u011fa zarars\u0131z<\/p>\n<\/li>\n<li class=\"\" data-start=\"1327\" data-end=\"1386\">\n<p class=\"\" data-start=\"1329\" data-end=\"1386\">\u2705 <strong data-start=\"1331\" data-end=\"1350\">Phthalate Free:<\/strong> Zararl\u0131 kimyasal i\u00e7ermeyen materyal<\/p>\n<\/li>\n<\/ul>\n<hr class=\"\" data-start=\"1388\" data-end=\"1391\" \/>\n<h3 class=\"\" data-start=\"1393\" data-end=\"1432\">\ud83d\udd25 <strong data-start=\"1400\" data-end=\"1432\">Neden Bu \u00dcr\u00fcn\u00fc Se\u00e7melisiniz?<\/strong><\/h3>\n<ul data-start=\"1434\" data-end=\"1718\">\n<li class=\"\" data-start=\"1434\" data-end=\"1478\">\n<p class=\"\" data-start=\"1436\" data-end=\"1478\">Ger\u00e7ek penis hissi veren detayl\u0131 tasar\u0131m<\/p>\n<\/li>\n<li class=\"\" data-start=\"1479\" data-end=\"1532\">\n<p class=\"\" data-start=\"1481\" data-end=\"1532\">\u00c7ift katmanl\u0131 yap\u0131 sayesinde derinlemesine tatmin<\/p>\n<\/li>\n<li class=\"\" data-start=\"1533\" data-end=\"1581\">\n<p class=\"\" data-start=\"1535\" data-end=\"1581\">Geni\u015f \u00e7ap\u0131 ve dolgun yap\u0131s\u0131 ile maksimum haz<\/p>\n<\/li>\n<li class=\"\" data-start=\"1582\" data-end=\"1628\">\n<p class=\"\" data-start=\"1584\" data-end=\"1628\">Kemerle kullan\u0131ma uygun, \u00e7ok y\u00f6nl\u00fc deneyim<\/p>\n<\/li>\n<li class=\"\" data-start=\"1629\" data-end=\"1678\">\n<p class=\"\" data-start=\"1631\" data-end=\"1678\">Sa\u011fl\u0131k standartlar\u0131na uygun, uzun \u00f6m\u00fcrl\u00fc yap\u0131<\/p>\n<\/li>\n<li class=\"\" data-start=\"1679\" data-end=\"1718\">\n<p class=\"\" data-start=\"1681\" data-end=\"1718\">Hijyenik ve kolay temizlik avantaj\u0131<\/p>\n<\/li>\n<\/ul>\n<hr class=\"\" data-start=\"1720\" data-end=\"1723\" \/>\n<h3 class=\"\" data-start=\"1725\" data-end=\"1752\">\ud83c\udf81 <strong data-start=\"1732\" data-end=\"1752\">\u00d6zel Set \u0130\u00e7eri\u011fi<\/strong><\/h3>\n<p class=\"\" data-start=\"1754\" data-end=\"1940\">\u00dcr\u00fcn; <strong data-start=\"1760\" data-end=\"1784\">penis ba\u011flama kemeri<\/strong> ve <strong data-start=\"1788\" data-end=\"1807\">kayganla\u015ft\u0131r\u0131c\u0131<\/strong> ile birlikte sunulur. Bu sayede, maksimum uyum ve konfor sa\u011flan\u0131r. Yeni deneyimlere a\u00e7\u0131k kullan\u0131c\u0131lar i\u00e7in eksiksiz bir kombinasyon!<\/p>\n<hr class=\"\" data-start=\"1942\" data-end=\"1945\" \/>\n<h3 class=\"\" data-start=\"1947\" data-end=\"1992\">\ud83d\ude9a <strong data-start=\"1954\" data-end=\"1992\">Gizli ve G\u00fcvenli Kargo Se\u00e7enekleri<\/strong><\/h3>\n<ul data-start=\"1994\" data-end=\"2367\">\n<li class=\"\" data-start=\"1994\" data-end=\"2083\">\n<p class=\"\" data-start=\"1996\" data-end=\"2083\">\ud83d\udd12 <strong data-start=\"1999\" data-end=\"2027\">Gizlilik \u00d6nceli\u011fimizdir:<\/strong> Sipari\u015fleriniz sade ve gizli paketleme ile g\u00f6nderilir<\/p>\n<\/li>\n<li class=\"\" data-start=\"2084\" data-end=\"2181\">\n<p class=\"\" data-start=\"2086\" data-end=\"2181\">\ud83d\udcb3 <strong data-start=\"2089\" data-end=\"2109\">\u00d6deme Kolayl\u0131\u011f\u0131:<\/strong> Kap\u0131da nakit\/kredi kart\u0131, banka havalesi ve taksitli al\u0131\u015fveri\u015f imk\u00e2n\u0131<\/p>\n<\/li>\n<li class=\"\" data-start=\"2182\" data-end=\"2272\">\n<p class=\"\" data-start=\"2184\" data-end=\"2272\">\u23f1\ufe0f <strong data-start=\"2187\" data-end=\"2206\">H\u0131zl\u0131 Teslimat:<\/strong> Sipari\u015fleriniz en k\u0131sa s\u00fcrede, eksiksiz \u015fekilde kap\u0131n\u0131za ula\u015f\u0131r<\/p>\n<\/li>\n<li class=\"\" data-start=\"2273\" data-end=\"2367\">\n<p class=\"\" data-start=\"2275\" data-end=\"2367\">\ud83d\udee1\ufe0f <strong data-start=\"2279\" data-end=\"2302\">Garanti ve G\u00fcvence:<\/strong> T\u00fcm \u00fcr\u00fcnlerimiz orijinal, fatural\u0131 ve firma g\u00fcvencesi alt\u0131ndad\u0131r<\/p>\n<\/li>\n<\/ul>\n<hr class=\"\" data-start=\"2369\" data-end=\"2372\" \/>\n<h2 class=\"\" data-start=\"2374\" data-end=\"2445\">\ud83c\udf08 S\u0131n\u0131rlar\u0131 Zorlayan Ger\u00e7ek\u00e7i Bir Deneyim \u0130\u00e7in \u015eimdi Sipari\u015f Verin!<\/h2>\n<p class=\"\" data-start=\"2447\" data-end=\"2672\"><strong data-start=\"2447\" data-end=\"2510\">Belden Ba\u011flamal\u0131 24 cm K\u0131k\u0131rdak Yap\u0131l\u0131 Ger\u00e7ek\u00e7i Dildo Penis<\/strong>, hem kalitesi hem de fonksiyonelli\u011fi ile kullan\u0131c\u0131 memnuniyetini \u00f6n planda tutar. Arad\u0131\u011f\u0131n\u0131z yo\u011funlukta ve ger\u00e7eklikte bir deneyimi ya\u015famak art\u0131k \u00e7ok daha kolay!<\/p>\n<p class=\"\" data-start=\"2674\" data-end=\"2763\"><strong data-start=\"2674\" data-end=\"2722\">Gizli kargo + h\u0131zl\u0131 teslimat + g\u00fcvenli \u00f6deme<\/strong> avantajlar\u0131yla hemen sepetinize ekleyin!<\/p>\n<p>&nbsp;<\/p>\n<p>&nbsp;<\/p>\n<p>&nbsp;<\/p>\n<p><img decoding=\"async\" style=\"width: 300px;height: 300px\" src=\"https:\/\/static.ticimax.cloud\/32886\/\/uploads\/editoruploads\/bw-008104nrg-09.gif\" alt=\"\" \/><\/p>\n","protected":false},"excerpt":{"rendered":"<p>Cinsel deneyiminizi zirveye ta\u015f\u0131mak istiyorsan\u0131z, <strong data-start=\"333\" data-end=\"388\">Belden Ba\u011flamal\u0131 24 cm \u00c7ift Katmanl\u0131 Ger\u00e7ek\u00e7i Dildo<\/strong> arad\u0131\u011f\u0131n\u0131z \u00fcr\u00fcn olabilir. Y\u00fcksek kalite TPE malzemeden \u00fcretilmi\u015f bu \u00fcr\u00fcn, i\u00e7 k\u0131sm\u0131ndaki k\u0131k\u0131rdak yap\u0131s\u0131 ve d\u0131\u015f k\u0131sm\u0131ndaki yumu\u015fak doku ile son derece ger\u00e7ek\u00e7i bir his sunar. V\u00fccut \u0131s\u0131s\u0131na uyum sa\u011flayan y\u00fczeyi ve \u00fcst\u00fcn ergonomisi ile hem solo hem partnerli kullan\u0131mlar i\u00e7in m\u00fckemmeldir.<\/p>\n","protected":false},"featured_media":44822,"comment_status":"closed","ping_status":"closed","template":"","meta":[],"product_brand":[],"product_cat":[498],"product_tag":[],"class_list":{"0":"post-44820","1":"product","2":"type-product","3":"status-publish","4":"has-post-thumbnail","6":"product_cat-belden-baglamali-penisler","8":"first","9":"instock","10":"purchasable","11":"product-type-simple"},"yoast_head":"<!-- This site is optimized with the Yoast SEO Premium plugin v24.4 (Yoast SEO v27.1.1) - https:\/\/yoast.com\/product\/yoast-seo-premium-wordpress\/ -->\n<title>Belden Ba\u011flamal\u0131 24 Cm K\u0131k\u0131rdak Yap\u0131l\u0131 \u00c7ift Katmanl\u0131 Ger\u00e7ek\u00e7i Dildo Penis - Bursa Erotik Shop<\/title>\n<meta name=\"robots\" content=\"index, follow, max-snippet:-1, max-image-preview:large, max-video-preview:-1\" \/>\n<link rel=\"canonical\" href=\"https:\/\/hobierotikshop.com.tr\/website1\/erotik-shop-urun\/belden-baglamali-24-cm-kikirdak-yapili-cift-katmanli-gercekci-dildo-penis\/\" \/>\n<meta property=\"og:locale\" content=\"tr_TR\" \/>\n<meta property=\"og:type\" content=\"article\" \/>\n<meta property=\"og:title\" content=\"Belden Ba\u011flamal\u0131 24 Cm K\u0131k\u0131rdak Yap\u0131l\u0131 \u00c7ift Katmanl\u0131 Ger\u00e7ek\u00e7i Dildo Penis\" \/>\n<meta property=\"og:description\" content=\"Cinsel deneyiminizi zirveye ta\u015f\u0131mak istiyorsan\u0131z, Belden Ba\u011flamal\u0131 24 cm \u00c7ift Katmanl\u0131 Ger\u00e7ek\u00e7i Dildo arad\u0131\u011f\u0131n\u0131z \u00fcr\u00fcn olabilir. Y\u00fcksek kalite TPE malzemeden \u00fcretilmi\u015f bu \u00fcr\u00fcn, i\u00e7 k\u0131sm\u0131ndaki k\u0131k\u0131rdak yap\u0131s\u0131 ve d\u0131\u015f k\u0131sm\u0131ndaki yumu\u015fak doku ile son derece ger\u00e7ek\u00e7i bir his sunar. V\u00fccut \u0131s\u0131s\u0131na uyum sa\u011flayan y\u00fczeyi ve \u00fcst\u00fcn ergonomisi ile hem solo hem partnerli kullan\u0131mlar i\u00e7in m\u00fckemmeldir.\" \/>\n<meta property=\"og:url\" content=\"https:\/\/hobierotikshop.com.tr\/website1\/erotik-shop-urun\/belden-baglamali-24-cm-kikirdak-yapili-cift-katmanli-gercekci-dildo-penis\/\" \/>\n<meta property=\"og:site_name\" content=\"Bursa Erotik Shop\" \/>\n<meta property=\"article:modified_time\" content=\"2026-01-08T12:16:20+00:00\" \/>\n<meta property=\"og:image\" content=\"https:\/\/hobierotikshop.com.tr\/website1\/wp-content\/uploads\/2025\/04\/belden-baglamali-24-cm-kikirdak-yapili-0-ae90.jpg\" \/>\n\t<meta property=\"og:image:width\" content=\"455\" \/>\n\t<meta property=\"og:image:height\" content=\"430\" \/>\n\t<meta property=\"og:image:type\" content=\"image\/jpeg\" \/>\n<meta name=\"twitter:card\" content=\"summary_large_image\" \/>\n<meta name=\"twitter:site\" content=\"@shopbursa\" \/>\n<meta name=\"twitter:label1\" content=\"Fiyat\" \/>\n\t<meta name=\"twitter:data1\" content=\"&#8378;3.000,00\" \/>\n\t<meta name=\"twitter:label2\" content=\"Availability\" \/>\n\t<meta name=\"twitter:data2\" content=\"In stock\" \/>\n<script type=\"application\/ld+json\" class=\"yoast-schema-graph\">{\"@context\":\"https:\/\/schema.org\",\"@graph\":[{\"@type\":\"WebPage\",\"@id\":\"https:\/\/hobierotikshop.com.tr\/website1\/erotik-shop-urun\/belden-baglamali-24-cm-kikirdak-yapili-cift-katmanli-gercekci-dildo-penis\/\",\"url\":\"https:\/\/hobierotikshop.com.tr\/website1\/erotik-shop-urun\/belden-baglamali-24-cm-kikirdak-yapili-cift-katmanli-gercekci-dildo-penis\/\",\"name\":\"Belden Ba\u011flamal\u0131 24 Cm K\u0131k\u0131rdak Yap\u0131l\u0131 \u00c7ift Katmanl\u0131 Ger\u00e7ek\u00e7i Dildo Penis - Bursa Erotik Shop\",\"isPartOf\":{\"@id\":\"https:\/\/hobierotikshop.com.tr\/website1\/#website\"},\"primaryImageOfPage\":{\"@id\":\"https:\/\/hobierotikshop.com.tr\/website1\/erotik-shop-urun\/belden-baglamali-24-cm-kikirdak-yapili-cift-katmanli-gercekci-dildo-penis\/#primaryimage\"},\"image\":{\"@id\":\"https:\/\/hobierotikshop.com.tr\/website1\/erotik-shop-urun\/belden-baglamali-24-cm-kikirdak-yapili-cift-katmanli-gercekci-dildo-penis\/#primaryimage\"},\"thumbnailUrl\":\"https:\/\/haremerotikshop.com\/site\/wp-content\/uploads\/2025\/04\/belden-baglamali-24-cm-kikirdak-yapili-0-ae90.jpg\",\"datePublished\":\"2025-04-26T14:05:00+00:00\",\"dateModified\":\"2026-01-08T12:16:20+00:00\",\"breadcrumb\":{\"@id\":\"https:\/\/hobierotikshop.com.tr\/website1\/erotik-shop-urun\/belden-baglamali-24-cm-kikirdak-yapili-cift-katmanli-gercekci-dildo-penis\/#breadcrumb\"},\"inLanguage\":\"tr\",\"potentialAction\":[{\"@type\":\"ReadAction\",\"target\":[\"https:\/\/hobierotikshop.com.tr\/website1\/erotik-shop-urun\/belden-baglamali-24-cm-kikirdak-yapili-cift-katmanli-gercekci-dildo-penis\/\"]}]},{\"@type\":\"ImageObject\",\"inLanguage\":\"tr\",\"@id\":\"https:\/\/hobierotikshop.com.tr\/website1\/erotik-shop-urun\/belden-baglamali-24-cm-kikirdak-yapili-cift-katmanli-gercekci-dildo-penis\/#primaryimage\",\"url\":\"https:\/\/haremerotikshop.com\/site\/wp-content\/uploads\/2025\/04\/belden-baglamali-24-cm-kikirdak-yapili-0-ae90.jpg\",\"contentUrl\":\"https:\/\/haremerotikshop.com\/site\/wp-content\/uploads\/2025\/04\/belden-baglamali-24-cm-kikirdak-yapili-0-ae90.jpg\",\"width\":455,\"height\":430},{\"@type\":\"BreadcrumbList\",\"@id\":\"https:\/\/hobierotikshop.com.tr\/website1\/erotik-shop-urun\/belden-baglamali-24-cm-kikirdak-yapili-cift-katmanli-gercekci-dildo-penis\/#breadcrumb\",\"itemListElement\":[{\"@type\":\"ListItem\",\"position\":1,\"name\":\"Anasayfa\",\"item\":\"https:\/\/hobierotikshop.com.tr\/website1\/\"},{\"@type\":\"ListItem\",\"position\":2,\"name\":\"Erotik Shop \u00dcr\u00fcnleri\",\"item\":\"https:\/\/hobierotikshop.com.tr\/website1\/shop\/\"},{\"@type\":\"ListItem\",\"position\":3,\"name\":\"Belden Ba\u011flamal\u0131 24 Cm K\u0131k\u0131rdak Yap\u0131l\u0131 \u00c7ift Katmanl\u0131 Ger\u00e7ek\u00e7i Dildo Penis\"}]},{\"@type\":\"WebSite\",\"@id\":\"https:\/\/hobierotikshop.com.tr\/website1\/#website\",\"url\":\"https:\/\/hobierotikshop.com.tr\/website1\/\",\"name\":\"Bursa Erotik Shop\",\"description\":\"Bursa Erotik Shop ile g\u00fcvenli, gizli ve kaliteli yeti\u015fkin \u00fcr\u00fcnleri al\u0131\u015fveri\u015fi! Geni\u015f \u00fcr\u00fcn yelpazemizi ke\u015ffedin, hemen sipari\u015f verin\",\"publisher\":{\"@id\":\"https:\/\/hobierotikshop.com.tr\/website1\/#organization\"},\"alternateName\":\"Erotik Shop\",\"potentialAction\":[{\"@type\":\"SearchAction\",\"target\":{\"@type\":\"EntryPoint\",\"urlTemplate\":\"https:\/\/hobierotikshop.com.tr\/website1\/?s={search_term_string}\"},\"query-input\":{\"@type\":\"PropertyValueSpecification\",\"valueRequired\":true,\"valueName\":\"search_term_string\"}}],\"inLanguage\":\"tr\"},{\"@type\":\"Organization\",\"@id\":\"https:\/\/hobierotikshop.com.tr\/website1\/#organization\",\"name\":\"Harem Bursa Erotik Shop\",\"url\":\"https:\/\/hobierotikshop.com.tr\/website1\/\",\"logo\":{\"@type\":\"ImageObject\",\"inLanguage\":\"tr\",\"@id\":\"https:\/\/hobierotikshop.com.tr\/website1\/#\/schema\/logo\/image\/\",\"url\":\"https:\/\/haremerotikshop.com\/site\/wp-content\/uploads\/2025\/03\/haremsexshop.png\",\"contentUrl\":\"https:\/\/haremerotikshop.com\/site\/wp-content\/uploads\/2025\/03\/haremsexshop.png\",\"width\":400,\"height\":100,\"caption\":\"Harem Bursa Erotik Shop\"},\"image\":{\"@id\":\"https:\/\/hobierotikshop.com.tr\/website1\/#\/schema\/logo\/image\/\"},\"sameAs\":[\"https:\/\/x.com\/shopbursa\"],\"publishingPrinciples\":\"https:\/\/hobierotikshop.com.tr\/website1\/mesafeli-satis-sozlesmesi\/\",\"ownershipFundingInfo\":\"https:\/\/hobierotikshop.com.tr\/website1\/contact-us\/\",\"actionableFeedbackPolicy\":\"https:\/\/hobierotikshop.com.tr\/website1\/contact-us\/\",\"correctionsPolicy\":\"https:\/\/hobierotikshop.com.tr\/website1\/mesafeli-satis-sozlesmesi\/\"}]}<\/script>\n<meta property=\"product:price:amount\" content=\"3000.00\" \/>\n<meta property=\"product:price:currency\" content=\"TRY\" \/>\n<meta property=\"og:availability\" content=\"instock\" \/>\n<meta property=\"product:availability\" content=\"instock\" \/>\n<meta property=\"product:retailer_item_id\" content=\"BDM1325B\" \/>\n<meta property=\"product:condition\" content=\"new\" \/>\n<!-- \/ Yoast SEO Premium plugin. -->","yoast_head_json":{"title":"Belden Ba\u011flamal\u0131 24 Cm K\u0131k\u0131rdak Yap\u0131l\u0131 \u00c7ift Katmanl\u0131 Ger\u00e7ek\u00e7i Dildo Penis - Bursa Erotik Shop","robots":{"index":"index","follow":"follow","max-snippet":"max-snippet:-1","max-image-preview":"max-image-preview:large","max-video-preview":"max-video-preview:-1"},"canonical":"https:\/\/hobierotikshop.com.tr\/website1\/erotik-shop-urun\/belden-baglamali-24-cm-kikirdak-yapili-cift-katmanli-gercekci-dildo-penis\/","og_locale":"tr_TR","og_type":"article","og_title":"Belden Ba\u011flamal\u0131 24 Cm K\u0131k\u0131rdak Yap\u0131l\u0131 \u00c7ift Katmanl\u0131 Ger\u00e7ek\u00e7i Dildo Penis","og_description":"Cinsel deneyiminizi zirveye ta\u015f\u0131mak istiyorsan\u0131z, Belden Ba\u011flamal\u0131 24 cm \u00c7ift Katmanl\u0131 Ger\u00e7ek\u00e7i Dildo arad\u0131\u011f\u0131n\u0131z \u00fcr\u00fcn olabilir. Y\u00fcksek kalite TPE malzemeden \u00fcretilmi\u015f bu \u00fcr\u00fcn, i\u00e7 k\u0131sm\u0131ndaki k\u0131k\u0131rdak yap\u0131s\u0131 ve d\u0131\u015f k\u0131sm\u0131ndaki yumu\u015fak doku ile son derece ger\u00e7ek\u00e7i bir his sunar. V\u00fccut \u0131s\u0131s\u0131na uyum sa\u011flayan y\u00fczeyi ve \u00fcst\u00fcn ergonomisi ile hem solo hem partnerli kullan\u0131mlar i\u00e7in m\u00fckemmeldir.","og_url":"https:\/\/hobierotikshop.com.tr\/website1\/erotik-shop-urun\/belden-baglamali-24-cm-kikirdak-yapili-cift-katmanli-gercekci-dildo-penis\/","og_site_name":"Bursa Erotik Shop","article_modified_time":"2026-01-08T12:16:20+00:00","og_image":[{"width":455,"height":430,"url":"https:\/\/hobierotikshop.com.tr\/website1\/wp-content\/uploads\/2025\/04\/belden-baglamali-24-cm-kikirdak-yapili-0-ae90.jpg","type":"image\/jpeg"}],"twitter_card":"summary_large_image","twitter_site":"@shopbursa","twitter_misc":{"Fiyat":"&#8378;3.000,00","Availability":"In stock"},"schema":{"@context":"https:\/\/schema.org","@graph":[{"@type":"WebPage","@id":"https:\/\/hobierotikshop.com.tr\/website1\/erotik-shop-urun\/belden-baglamali-24-cm-kikirdak-yapili-cift-katmanli-gercekci-dildo-penis\/","url":"https:\/\/hobierotikshop.com.tr\/website1\/erotik-shop-urun\/belden-baglamali-24-cm-kikirdak-yapili-cift-katmanli-gercekci-dildo-penis\/","name":"Belden Ba\u011flamal\u0131 24 Cm K\u0131k\u0131rdak Yap\u0131l\u0131 \u00c7ift Katmanl\u0131 Ger\u00e7ek\u00e7i Dildo Penis - Bursa Erotik Shop","isPartOf":{"@id":"https:\/\/hobierotikshop.com.tr\/website1\/#website"},"primaryImageOfPage":{"@id":"https:\/\/hobierotikshop.com.tr\/website1\/erotik-shop-urun\/belden-baglamali-24-cm-kikirdak-yapili-cift-katmanli-gercekci-dildo-penis\/#primaryimage"},"image":{"@id":"https:\/\/hobierotikshop.com.tr\/website1\/erotik-shop-urun\/belden-baglamali-24-cm-kikirdak-yapili-cift-katmanli-gercekci-dildo-penis\/#primaryimage"},"thumbnailUrl":"https:\/\/haremerotikshop.com\/site\/wp-content\/uploads\/2025\/04\/belden-baglamali-24-cm-kikirdak-yapili-0-ae90.jpg","datePublished":"2025-04-26T14:05:00+00:00","dateModified":"2026-01-08T12:16:20+00:00","breadcrumb":{"@id":"https:\/\/hobierotikshop.com.tr\/website1\/erotik-shop-urun\/belden-baglamali-24-cm-kikirdak-yapili-cift-katmanli-gercekci-dildo-penis\/#breadcrumb"},"inLanguage":"tr","potentialAction":[{"@type":"ReadAction","target":["https:\/\/hobierotikshop.com.tr\/website1\/erotik-shop-urun\/belden-baglamali-24-cm-kikirdak-yapili-cift-katmanli-gercekci-dildo-penis\/"]}]},{"@type":"ImageObject","inLanguage":"tr","@id":"https:\/\/hobierotikshop.com.tr\/website1\/erotik-shop-urun\/belden-baglamali-24-cm-kikirdak-yapili-cift-katmanli-gercekci-dildo-penis\/#primaryimage","url":"https:\/\/haremerotikshop.com\/site\/wp-content\/uploads\/2025\/04\/belden-baglamali-24-cm-kikirdak-yapili-0-ae90.jpg","contentUrl":"https:\/\/haremerotikshop.com\/site\/wp-content\/uploads\/2025\/04\/belden-baglamali-24-cm-kikirdak-yapili-0-ae90.jpg","width":455,"height":430},{"@type":"BreadcrumbList","@id":"https:\/\/hobierotikshop.com.tr\/website1\/erotik-shop-urun\/belden-baglamali-24-cm-kikirdak-yapili-cift-katmanli-gercekci-dildo-penis\/#breadcrumb","itemListElement":[{"@type":"ListItem","position":1,"name":"Anasayfa","item":"https:\/\/hobierotikshop.com.tr\/website1\/"},{"@type":"ListItem","position":2,"name":"Erotik Shop \u00dcr\u00fcnleri","item":"https:\/\/hobierotikshop.com.tr\/website1\/shop\/"},{"@type":"ListItem","position":3,"name":"Belden Ba\u011flamal\u0131 24 Cm K\u0131k\u0131rdak Yap\u0131l\u0131 \u00c7ift Katmanl\u0131 Ger\u00e7ek\u00e7i Dildo Penis"}]},{"@type":"WebSite","@id":"https:\/\/hobierotikshop.com.tr\/website1\/#website","url":"https:\/\/hobierotikshop.com.tr\/website1\/","name":"Bursa Erotik Shop","description":"Bursa Erotik Shop ile g\u00fcvenli, gizli ve kaliteli yeti\u015fkin \u00fcr\u00fcnleri al\u0131\u015fveri\u015fi! Geni\u015f \u00fcr\u00fcn yelpazemizi ke\u015ffedin, hemen sipari\u015f verin","publisher":{"@id":"https:\/\/hobierotikshop.com.tr\/website1\/#organization"},"alternateName":"Erotik Shop","potentialAction":[{"@type":"SearchAction","target":{"@type":"EntryPoint","urlTemplate":"https:\/\/hobierotikshop.com.tr\/website1\/?s={search_term_string}"},"query-input":{"@type":"PropertyValueSpecification","valueRequired":true,"valueName":"search_term_string"}}],"inLanguage":"tr"},{"@type":"Organization","@id":"https:\/\/hobierotikshop.com.tr\/website1\/#organization","name":"Harem Bursa Erotik Shop","url":"https:\/\/hobierotikshop.com.tr\/website1\/","logo":{"@type":"ImageObject","inLanguage":"tr","@id":"https:\/\/hobierotikshop.com.tr\/website1\/#\/schema\/logo\/image\/","url":"https:\/\/haremerotikshop.com\/site\/wp-content\/uploads\/2025\/03\/haremsexshop.png","contentUrl":"https:\/\/haremerotikshop.com\/site\/wp-content\/uploads\/2025\/03\/haremsexshop.png","width":400,"height":100,"caption":"Harem Bursa Erotik Shop"},"image":{"@id":"https:\/\/hobierotikshop.com.tr\/website1\/#\/schema\/logo\/image\/"},"sameAs":["https:\/\/x.com\/shopbursa"],"publishingPrinciples":"https:\/\/hobierotikshop.com.tr\/website1\/mesafeli-satis-sozlesmesi\/","ownershipFundingInfo":"https:\/\/hobierotikshop.com.tr\/website1\/contact-us\/","actionableFeedbackPolicy":"https:\/\/hobierotikshop.com.tr\/website1\/contact-us\/","correctionsPolicy":"https:\/\/hobierotikshop.com.tr\/website1\/mesafeli-satis-sozlesmesi\/"}]},"product_price_amount":"3000.00","product_price_currency":"TRY","og_availability":"instock","product_availability":"instock","product_retailer_item_id":"BDM1325B","product_condition":"new"},"_links":{"self":[{"href":"https:\/\/haremerotikshop.com\/site\/wp-json\/wp\/v2\/product\/44820","targetHints":{"allow":["GET"]}}],"collection":[{"href":"https:\/\/haremerotikshop.com\/site\/wp-json\/wp\/v2\/product"}],"about":[{"href":"https:\/\/haremerotikshop.com\/site\/wp-json\/wp\/v2\/types\/product"}],"replies":[{"embeddable":true,"href":"https:\/\/haremerotikshop.com\/site\/wp-json\/wp\/v2\/comments?post=44820"}],"version-history":[{"count":0,"href":"https:\/\/haremerotikshop.com\/site\/wp-json\/wp\/v2\/product\/44820\/revisions"}],"wp:featuredmedia":[{"embeddable":true,"href":"https:\/\/haremerotikshop.com\/site\/wp-json\/wp\/v2\/media\/44822"}],"wp:attachment":[{"href":"https:\/\/haremerotikshop.com\/site\/wp-json\/wp\/v2\/media?parent=44820"}],"wp:term":[{"taxonomy":"product_brand","embeddable":true,"href":"https:\/\/haremerotikshop.com\/site\/wp-json\/wp\/v2\/product_brand?post=44820"},{"taxonomy":"product_cat","embeddable":true,"href":"https:\/\/haremerotikshop.com\/site\/wp-json\/wp\/v2\/product_cat?post=44820"},{"taxonomy":"product_tag","embeddable":true,"href":"https:\/\/haremerotikshop.com\/site\/wp-json\/wp\/v2\/product_tag?post=44820"}],"curies":[{"name":"wp","href":"https:\/\/api.w.org\/{rel}","templated":true}]}}