{"id":44827,"date":"2025-04-26T17:06:14","date_gmt":"2025-04-26T14:06:14","guid":{"rendered":"https:\/\/haremerotikshop.com\/site\/erotik-shop-urun\/24-cm-kikirdak-yapili-cift-katmanli-gercekci-melez-dildo-penis\/"},"modified":"2026-01-08T15:14:35","modified_gmt":"2026-01-08T12:14:35","slug":"24-cm-kikirdak-yapili-cift-katmanli-gercekci-melez-dildo-penis","status":"publish","type":"product","link":"https:\/\/haremerotikshop.com\/site\/erotik-shop-urun\/24-cm-kikirdak-yapili-cift-katmanli-gercekci-melez-dildo-penis\/","title":{"rendered":"24 Cm K\u0131k\u0131rdak Yap\u0131l\u0131 \u00c7ift Katmanl\u0131 Ger\u00e7ek\u00e7i Melez Dildo Penis"},"content":{"rendered":"<h2 class=\"\" data-start=\"145\" data-end=\"233\"><strong data-start=\"148\" data-end=\"233\">24 cm K\u0131k\u0131rdak Yap\u0131l\u0131 \u00c7ift Katmanl\u0131 Melez Ger\u00e7ek\u00e7i Dildo \u2013 Ger\u00e7ekten Daha Ger\u00e7ek!<\/strong><\/h2>\n<p class=\"\" data-start=\"235\" data-end=\"553\">Sizi yepyeni bir haz deneyimiyle bulu\u015fturacak, \u00fcst\u00fcn tasar\u0131m\u0131yla \u00f6ne \u00e7\u0131kan <strong data-start=\"310\" data-end=\"361\">24 cm k\u0131k\u0131rdak yap\u0131l\u0131 \u00e7ift katmanl\u0131 melez dildo<\/strong>, ger\u00e7eklik hissini zirveye ta\u015f\u0131yor. \u00d6zel yap\u0131s\u0131 sayesinde hem bireysel hem partnerli kullan\u0131ma uygundur. Gerek sabitlenerek, gerekse belden ba\u011flamal\u0131 olarak \u00e7ok y\u00f6nl\u00fc kullan\u0131m avantaj\u0131 sunar.<\/p>\n<hr class=\"\" data-start=\"555\" data-end=\"558\" \/>\n<h3 class=\"\" data-start=\"560\" data-end=\"604\">\ud83c\udf1f <strong data-start=\"567\" data-end=\"604\">\u00dcst\u00fcn Teknoloji, Ger\u00e7ek\u00e7i Deneyim<\/strong><\/h3>\n<p class=\"\" data-start=\"606\" data-end=\"753\">\ud83d\udd38 <strong data-start=\"609\" data-end=\"648\">24 cm Uzunluk, 21 cm Kullan\u0131m Alan\u0131<\/strong><br data-start=\"648\" data-end=\"651\" \/>Anatomik ger\u00e7eklik g\u00f6z \u00f6n\u00fcnde bulundurularak \u00fcretilmi\u015f boyutlar\u0131yla etkili penetrasyon deneyimi sunar.<\/p>\n<p class=\"\" data-start=\"755\" data-end=\"858\">\ud83d\udd38 <strong data-start=\"758\" data-end=\"790\">5 cm Kal\u0131nl\u0131k ve Dolgun Yap\u0131<\/strong><br data-start=\"790\" data-end=\"793\" \/>Yo\u011fun dolgunlu\u011fu ve geni\u015f y\u00fczeyi sayesinde maksimum temas sa\u011flar.<\/p>\n<p class=\"\" data-start=\"860\" data-end=\"1047\">\ud83d\udd38 <strong data-start=\"863\" data-end=\"904\">\u00c7ift Katmanl\u0131, K\u0131k\u0131rdak Destekli Yap\u0131<\/strong><br data-start=\"904\" data-end=\"907\" \/>\u0130\u00e7 katman\u0131 sa\u011flam, d\u0131\u015f y\u00fczeyi ise yumu\u015fac\u0131k! V\u00fccut \u0131s\u0131s\u0131na uyum sa\u011flayan esnek ve canl\u0131 doku sayesinde neredeyse ger\u00e7ek bir deneyim ya\u015fat\u0131r.<\/p>\n<p class=\"\" data-start=\"1049\" data-end=\"1268\">\ud83d\udd38 <strong data-start=\"1052\" data-end=\"1096\">%100 Soft Premium Malzeme \u2013 \u0130peksi Y\u00fczey<\/strong><br data-start=\"1096\" data-end=\"1099\" \/>Ten dokusunu birebir taklit eden melez silikon yap\u0131 ile cilde dost, p\u00fcr\u00fczs\u00fcz ve do\u011fal hissiyat sa\u011flar. <strong data-start=\"1202\" data-end=\"1224\">Pthalate i\u00e7ermeyen<\/strong>, sa\u011fl\u0131\u011fa zarars\u0131z materyalden \u00fcretilmi\u015ftir.<\/p>\n<p class=\"\" data-start=\"1270\" data-end=\"1467\">\ud83d\udd38 <strong data-start=\"1273\" data-end=\"1308\">G\u00fc\u00e7l\u00fc Vantuz ile Sabit Kullan\u0131m<\/strong><br data-start=\"1308\" data-end=\"1311\" \/>D\u00fcz y\u00fczeylere kolayca sabitlenerek eller serbest deneyim sunar. Dilerseniz <strong data-start=\"1386\" data-end=\"1421\">apart kemerle belden ba\u011flayarak<\/strong> daha interaktif bir deneyim ya\u015fayabilirsiniz.<\/p>\n<p class=\"\" data-start=\"1469\" data-end=\"1618\">\ud83d\udd38 <strong data-start=\"1472\" data-end=\"1510\">Kolay Temizlik &amp; Hijyenik Kullan\u0131m<\/strong><br data-start=\"1510\" data-end=\"1513\" \/>Suyla kolayca temizlenebilir. Her kullan\u0131m sonras\u0131 sabun ile nazik\u00e7e y\u0131kayarak hijyeni sa\u011flayabilirsiniz.<\/p>\n<hr class=\"\" data-start=\"1620\" data-end=\"1623\" \/>\n<h3 class=\"\" data-start=\"1625\" data-end=\"1660\">\ud83d\udce6 <strong data-start=\"1632\" data-end=\"1660\">Kargo &amp; Teslimat Bilgisi<\/strong><\/h3>\n<p class=\"\" data-start=\"1662\" data-end=\"1997\">\u2714\ufe0f <strong data-start=\"1665\" data-end=\"1684\">Gizli Paketleme<\/strong>: \u0130\u00e7eri\u011fi belli olmayan, sade kolilerle g\u00f6nderim<br data-start=\"1732\" data-end=\"1735\" \/>\u2714\ufe0f <strong data-start=\"1738\" data-end=\"1754\">Kap\u0131da \u00d6deme<\/strong>: Nakit ya da kredi kart\u0131 ile g\u00fcvenli al\u0131\u015fveri\u015f<br data-start=\"1801\" data-end=\"1804\" \/>\u2714\ufe0f <strong data-start=\"1807\" data-end=\"1839\">Taksit ve Havale Se\u00e7enekleri<\/strong>: \u0130htiyac\u0131n\u0131za uygun \u00f6deme y\u00f6ntemleri<br data-start=\"1876\" data-end=\"1879\" \/>\u2714\ufe0f <strong data-start=\"1882\" data-end=\"1911\">H\u0131zl\u0131 ve G\u00fcvenli Teslimat<\/strong>: \u0130ster adrese teslim ister \u015fubeden teslim alma imk\u00e2n\u0131<br data-start=\"1965\" data-end=\"1968\" \/>\u2714\ufe0f <strong data-start=\"1971\" data-end=\"1997\">Tam Gizlilik Garantisi<\/strong><\/p>\n<hr class=\"\" data-start=\"1999\" data-end=\"2002\" \/>\n<h2 class=\"\" data-start=\"2004\" data-end=\"2070\">\ud83d\udcaf <strong data-start=\"2010\" data-end=\"2070\">Ger\u00e7ekten Daha Ger\u00e7ek Bir Deneyim \u0130\u00e7in \u015eimdi Sat\u0131n Al\u0131n!<\/strong><\/h2>\n<p class=\"\" data-start=\"2072\" data-end=\"2332\"><strong data-start=\"2072\" data-end=\"2101\">\u00c7ift katmanl\u0131 melez dildo<\/strong>, yaln\u0131zca fiziksel de\u011fil ayn\u0131 zamanda duygusal bir yak\u0131nl\u0131k sunar. Ger\u00e7ek doku hissi, ergonomik tasar\u0131m\u0131 ve \u00e7oklu kullan\u0131m se\u00e7enekleriyle bu \u00fcr\u00fcn, seks oyuncaklar\u0131nda bir ad\u0131m \u00f6ne \u00e7\u0131kmak isteyen herkes i\u00e7in m\u00fckemmel bir tercihtir.<\/p>\n<p>&nbsp;<\/p>\n<p>&nbsp;<\/p>\n<p>&nbsp;<\/p>\n<p><img decoding=\"async\" style=\"width: 300px;height: 300px\" src=\"https:\/\/static.ticimax.cloud\/32886\/\/uploads\/editoruploads\/bw-008104nrg-1-07.gif\" alt=\"\" \/><\/p>\n","protected":false},"excerpt":{"rendered":"<p>Sizi yepyeni bir haz deneyimiyle bulu\u015fturacak, \u00fcst\u00fcn tasar\u0131m\u0131yla \u00f6ne \u00e7\u0131kan <strong data-start=\"310\" data-end=\"361\">24 cm k\u0131k\u0131rdak yap\u0131l\u0131 \u00e7ift katmanl\u0131 melez dildo<\/strong>, ger\u00e7eklik hissini zirveye ta\u015f\u0131yor. \u00d6zel yap\u0131s\u0131 sayesinde hem bireysel hem partnerli kullan\u0131ma uygundur. Gerek sabitlenerek, gerekse belden ba\u011flamal\u0131 olarak \u00e7ok y\u00f6nl\u00fc kullan\u0131m avantaj\u0131 sunar.<\/p>\n","protected":false},"featured_media":44829,"comment_status":"closed","ping_status":"closed","template":"","meta":[],"product_brand":[],"product_cat":[501],"product_tag":[],"class_list":{"0":"post-44827","1":"product","2":"type-product","3":"status-publish","4":"has-post-thumbnail","6":"product_cat-realistik-penisler","8":"first","9":"instock","10":"purchasable","11":"product-type-simple"},"yoast_head":"<!-- This site is optimized with the Yoast SEO Premium plugin v24.4 (Yoast SEO v27.1.1) - https:\/\/yoast.com\/product\/yoast-seo-premium-wordpress\/ -->\n<title>24 Cm K\u0131k\u0131rdak Yap\u0131l\u0131 \u00c7ift Katmanl\u0131 Ger\u00e7ek\u00e7i Melez Dildo Penis - Bursa Erotik Shop<\/title>\n<meta name=\"robots\" content=\"index, follow, max-snippet:-1, max-image-preview:large, max-video-preview:-1\" \/>\n<link rel=\"canonical\" href=\"https:\/\/hobierotikshop.com.tr\/website1\/erotik-shop-urun\/24-cm-kikirdak-yapili-cift-katmanli-gercekci-melez-dildo-penis\/\" \/>\n<meta property=\"og:locale\" content=\"tr_TR\" \/>\n<meta property=\"og:type\" content=\"article\" \/>\n<meta property=\"og:title\" content=\"24 Cm K\u0131k\u0131rdak Yap\u0131l\u0131 \u00c7ift Katmanl\u0131 Ger\u00e7ek\u00e7i Melez Dildo Penis\" \/>\n<meta property=\"og:description\" content=\"Sizi yepyeni bir haz deneyimiyle bulu\u015fturacak, \u00fcst\u00fcn tasar\u0131m\u0131yla \u00f6ne \u00e7\u0131kan 24 cm k\u0131k\u0131rdak yap\u0131l\u0131 \u00e7ift katmanl\u0131 melez dildo, ger\u00e7eklik hissini zirveye ta\u015f\u0131yor. \u00d6zel yap\u0131s\u0131 sayesinde hem bireysel hem partnerli kullan\u0131ma uygundur. Gerek sabitlenerek, gerekse belden ba\u011flamal\u0131 olarak \u00e7ok y\u00f6nl\u00fc kullan\u0131m avantaj\u0131 sunar.\" \/>\n<meta property=\"og:url\" content=\"https:\/\/hobierotikshop.com.tr\/website1\/erotik-shop-urun\/24-cm-kikirdak-yapili-cift-katmanli-gercekci-melez-dildo-penis\/\" \/>\n<meta property=\"og:site_name\" content=\"Bursa Erotik Shop\" \/>\n<meta property=\"article:modified_time\" content=\"2026-01-08T12:14:35+00:00\" \/>\n<meta property=\"og:image\" content=\"https:\/\/hobierotikshop.com.tr\/website1\/wp-content\/uploads\/2025\/04\/24-cm-kikirdak-yapili-cift-katmanli-ge-b1a-4b.jpg\" \/>\n\t<meta property=\"og:image:width\" content=\"455\" \/>\n\t<meta property=\"og:image:height\" content=\"455\" \/>\n\t<meta property=\"og:image:type\" content=\"image\/jpeg\" \/>\n<meta name=\"twitter:card\" content=\"summary_large_image\" \/>\n<meta name=\"twitter:site\" content=\"@shopbursa\" \/>\n<meta name=\"twitter:label1\" content=\"Fiyat\" \/>\n\t<meta name=\"twitter:data1\" content=\"&#8378;2.500,00\" \/>\n\t<meta name=\"twitter:label2\" content=\"Availability\" \/>\n\t<meta name=\"twitter:data2\" content=\"In stock\" \/>\n<script type=\"application\/ld+json\" class=\"yoast-schema-graph\">{\"@context\":\"https:\/\/schema.org\",\"@graph\":[{\"@type\":\"WebPage\",\"@id\":\"https:\/\/hobierotikshop.com.tr\/website1\/erotik-shop-urun\/24-cm-kikirdak-yapili-cift-katmanli-gercekci-melez-dildo-penis\/\",\"url\":\"https:\/\/hobierotikshop.com.tr\/website1\/erotik-shop-urun\/24-cm-kikirdak-yapili-cift-katmanli-gercekci-melez-dildo-penis\/\",\"name\":\"24 Cm K\u0131k\u0131rdak Yap\u0131l\u0131 \u00c7ift Katmanl\u0131 Ger\u00e7ek\u00e7i Melez Dildo Penis - Bursa Erotik Shop\",\"isPartOf\":{\"@id\":\"https:\/\/hobierotikshop.com.tr\/website1\/#website\"},\"primaryImageOfPage\":{\"@id\":\"https:\/\/hobierotikshop.com.tr\/website1\/erotik-shop-urun\/24-cm-kikirdak-yapili-cift-katmanli-gercekci-melez-dildo-penis\/#primaryimage\"},\"image\":{\"@id\":\"https:\/\/hobierotikshop.com.tr\/website1\/erotik-shop-urun\/24-cm-kikirdak-yapili-cift-katmanli-gercekci-melez-dildo-penis\/#primaryimage\"},\"thumbnailUrl\":\"https:\/\/haremerotikshop.com\/site\/wp-content\/uploads\/2025\/04\/24-cm-kikirdak-yapili-cift-katmanli-ge-b1a-4b.jpg\",\"datePublished\":\"2025-04-26T14:06:14+00:00\",\"dateModified\":\"2026-01-08T12:14:35+00:00\",\"breadcrumb\":{\"@id\":\"https:\/\/hobierotikshop.com.tr\/website1\/erotik-shop-urun\/24-cm-kikirdak-yapili-cift-katmanli-gercekci-melez-dildo-penis\/#breadcrumb\"},\"inLanguage\":\"tr\",\"potentialAction\":[{\"@type\":\"ReadAction\",\"target\":[\"https:\/\/hobierotikshop.com.tr\/website1\/erotik-shop-urun\/24-cm-kikirdak-yapili-cift-katmanli-gercekci-melez-dildo-penis\/\"]}]},{\"@type\":\"ImageObject\",\"inLanguage\":\"tr\",\"@id\":\"https:\/\/hobierotikshop.com.tr\/website1\/erotik-shop-urun\/24-cm-kikirdak-yapili-cift-katmanli-gercekci-melez-dildo-penis\/#primaryimage\",\"url\":\"https:\/\/haremerotikshop.com\/site\/wp-content\/uploads\/2025\/04\/24-cm-kikirdak-yapili-cift-katmanli-ge-b1a-4b.jpg\",\"contentUrl\":\"https:\/\/haremerotikshop.com\/site\/wp-content\/uploads\/2025\/04\/24-cm-kikirdak-yapili-cift-katmanli-ge-b1a-4b.jpg\",\"width\":455,\"height\":455},{\"@type\":\"BreadcrumbList\",\"@id\":\"https:\/\/hobierotikshop.com.tr\/website1\/erotik-shop-urun\/24-cm-kikirdak-yapili-cift-katmanli-gercekci-melez-dildo-penis\/#breadcrumb\",\"itemListElement\":[{\"@type\":\"ListItem\",\"position\":1,\"name\":\"Anasayfa\",\"item\":\"https:\/\/hobierotikshop.com.tr\/website1\/\"},{\"@type\":\"ListItem\",\"position\":2,\"name\":\"Erotik Shop \u00dcr\u00fcnleri\",\"item\":\"https:\/\/hobierotikshop.com.tr\/website1\/shop\/\"},{\"@type\":\"ListItem\",\"position\":3,\"name\":\"24 Cm K\u0131k\u0131rdak Yap\u0131l\u0131 \u00c7ift Katmanl\u0131 Ger\u00e7ek\u00e7i Melez Dildo Penis\"}]},{\"@type\":\"WebSite\",\"@id\":\"https:\/\/hobierotikshop.com.tr\/website1\/#website\",\"url\":\"https:\/\/hobierotikshop.com.tr\/website1\/\",\"name\":\"Bursa Erotik Shop\",\"description\":\"Bursa Erotik Shop ile g\u00fcvenli, gizli ve kaliteli yeti\u015fkin \u00fcr\u00fcnleri al\u0131\u015fveri\u015fi! Geni\u015f \u00fcr\u00fcn yelpazemizi ke\u015ffedin, hemen sipari\u015f verin\",\"publisher\":{\"@id\":\"https:\/\/hobierotikshop.com.tr\/website1\/#organization\"},\"alternateName\":\"Erotik Shop\",\"potentialAction\":[{\"@type\":\"SearchAction\",\"target\":{\"@type\":\"EntryPoint\",\"urlTemplate\":\"https:\/\/hobierotikshop.com.tr\/website1\/?s={search_term_string}\"},\"query-input\":{\"@type\":\"PropertyValueSpecification\",\"valueRequired\":true,\"valueName\":\"search_term_string\"}}],\"inLanguage\":\"tr\"},{\"@type\":\"Organization\",\"@id\":\"https:\/\/hobierotikshop.com.tr\/website1\/#organization\",\"name\":\"Harem Bursa Erotik Shop\",\"url\":\"https:\/\/hobierotikshop.com.tr\/website1\/\",\"logo\":{\"@type\":\"ImageObject\",\"inLanguage\":\"tr\",\"@id\":\"https:\/\/hobierotikshop.com.tr\/website1\/#\/schema\/logo\/image\/\",\"url\":\"https:\/\/haremerotikshop.com\/site\/wp-content\/uploads\/2025\/03\/haremsexshop.png\",\"contentUrl\":\"https:\/\/haremerotikshop.com\/site\/wp-content\/uploads\/2025\/03\/haremsexshop.png\",\"width\":400,\"height\":100,\"caption\":\"Harem Bursa Erotik Shop\"},\"image\":{\"@id\":\"https:\/\/hobierotikshop.com.tr\/website1\/#\/schema\/logo\/image\/\"},\"sameAs\":[\"https:\/\/x.com\/shopbursa\"],\"publishingPrinciples\":\"https:\/\/hobierotikshop.com.tr\/website1\/mesafeli-satis-sozlesmesi\/\",\"ownershipFundingInfo\":\"https:\/\/hobierotikshop.com.tr\/website1\/contact-us\/\",\"actionableFeedbackPolicy\":\"https:\/\/hobierotikshop.com.tr\/website1\/contact-us\/\",\"correctionsPolicy\":\"https:\/\/hobierotikshop.com.tr\/website1\/mesafeli-satis-sozlesmesi\/\"}]}<\/script>\n<meta property=\"product:price:amount\" content=\"2500.00\" \/>\n<meta property=\"product:price:currency\" content=\"TRY\" \/>\n<meta property=\"og:availability\" content=\"instock\" \/>\n<meta property=\"product:availability\" content=\"instock\" \/>\n<meta property=\"product:retailer_item_id\" content=\"BDM1326\" \/>\n<meta property=\"product:condition\" content=\"new\" \/>\n<!-- \/ Yoast SEO Premium plugin. -->","yoast_head_json":{"title":"24 Cm K\u0131k\u0131rdak Yap\u0131l\u0131 \u00c7ift Katmanl\u0131 Ger\u00e7ek\u00e7i Melez Dildo Penis - Bursa Erotik Shop","robots":{"index":"index","follow":"follow","max-snippet":"max-snippet:-1","max-image-preview":"max-image-preview:large","max-video-preview":"max-video-preview:-1"},"canonical":"https:\/\/hobierotikshop.com.tr\/website1\/erotik-shop-urun\/24-cm-kikirdak-yapili-cift-katmanli-gercekci-melez-dildo-penis\/","og_locale":"tr_TR","og_type":"article","og_title":"24 Cm K\u0131k\u0131rdak Yap\u0131l\u0131 \u00c7ift Katmanl\u0131 Ger\u00e7ek\u00e7i Melez Dildo Penis","og_description":"Sizi yepyeni bir haz deneyimiyle bulu\u015fturacak, \u00fcst\u00fcn tasar\u0131m\u0131yla \u00f6ne \u00e7\u0131kan 24 cm k\u0131k\u0131rdak yap\u0131l\u0131 \u00e7ift katmanl\u0131 melez dildo, ger\u00e7eklik hissini zirveye ta\u015f\u0131yor. \u00d6zel yap\u0131s\u0131 sayesinde hem bireysel hem partnerli kullan\u0131ma uygundur. Gerek sabitlenerek, gerekse belden ba\u011flamal\u0131 olarak \u00e7ok y\u00f6nl\u00fc kullan\u0131m avantaj\u0131 sunar.","og_url":"https:\/\/hobierotikshop.com.tr\/website1\/erotik-shop-urun\/24-cm-kikirdak-yapili-cift-katmanli-gercekci-melez-dildo-penis\/","og_site_name":"Bursa Erotik Shop","article_modified_time":"2026-01-08T12:14:35+00:00","og_image":[{"width":455,"height":455,"url":"https:\/\/hobierotikshop.com.tr\/website1\/wp-content\/uploads\/2025\/04\/24-cm-kikirdak-yapili-cift-katmanli-ge-b1a-4b.jpg","type":"image\/jpeg"}],"twitter_card":"summary_large_image","twitter_site":"@shopbursa","twitter_misc":{"Fiyat":"&#8378;2.500,00","Availability":"In stock"},"schema":{"@context":"https:\/\/schema.org","@graph":[{"@type":"WebPage","@id":"https:\/\/hobierotikshop.com.tr\/website1\/erotik-shop-urun\/24-cm-kikirdak-yapili-cift-katmanli-gercekci-melez-dildo-penis\/","url":"https:\/\/hobierotikshop.com.tr\/website1\/erotik-shop-urun\/24-cm-kikirdak-yapili-cift-katmanli-gercekci-melez-dildo-penis\/","name":"24 Cm K\u0131k\u0131rdak Yap\u0131l\u0131 \u00c7ift Katmanl\u0131 Ger\u00e7ek\u00e7i Melez Dildo Penis - Bursa Erotik Shop","isPartOf":{"@id":"https:\/\/hobierotikshop.com.tr\/website1\/#website"},"primaryImageOfPage":{"@id":"https:\/\/hobierotikshop.com.tr\/website1\/erotik-shop-urun\/24-cm-kikirdak-yapili-cift-katmanli-gercekci-melez-dildo-penis\/#primaryimage"},"image":{"@id":"https:\/\/hobierotikshop.com.tr\/website1\/erotik-shop-urun\/24-cm-kikirdak-yapili-cift-katmanli-gercekci-melez-dildo-penis\/#primaryimage"},"thumbnailUrl":"https:\/\/haremerotikshop.com\/site\/wp-content\/uploads\/2025\/04\/24-cm-kikirdak-yapili-cift-katmanli-ge-b1a-4b.jpg","datePublished":"2025-04-26T14:06:14+00:00","dateModified":"2026-01-08T12:14:35+00:00","breadcrumb":{"@id":"https:\/\/hobierotikshop.com.tr\/website1\/erotik-shop-urun\/24-cm-kikirdak-yapili-cift-katmanli-gercekci-melez-dildo-penis\/#breadcrumb"},"inLanguage":"tr","potentialAction":[{"@type":"ReadAction","target":["https:\/\/hobierotikshop.com.tr\/website1\/erotik-shop-urun\/24-cm-kikirdak-yapili-cift-katmanli-gercekci-melez-dildo-penis\/"]}]},{"@type":"ImageObject","inLanguage":"tr","@id":"https:\/\/hobierotikshop.com.tr\/website1\/erotik-shop-urun\/24-cm-kikirdak-yapili-cift-katmanli-gercekci-melez-dildo-penis\/#primaryimage","url":"https:\/\/haremerotikshop.com\/site\/wp-content\/uploads\/2025\/04\/24-cm-kikirdak-yapili-cift-katmanli-ge-b1a-4b.jpg","contentUrl":"https:\/\/haremerotikshop.com\/site\/wp-content\/uploads\/2025\/04\/24-cm-kikirdak-yapili-cift-katmanli-ge-b1a-4b.jpg","width":455,"height":455},{"@type":"BreadcrumbList","@id":"https:\/\/hobierotikshop.com.tr\/website1\/erotik-shop-urun\/24-cm-kikirdak-yapili-cift-katmanli-gercekci-melez-dildo-penis\/#breadcrumb","itemListElement":[{"@type":"ListItem","position":1,"name":"Anasayfa","item":"https:\/\/hobierotikshop.com.tr\/website1\/"},{"@type":"ListItem","position":2,"name":"Erotik Shop \u00dcr\u00fcnleri","item":"https:\/\/hobierotikshop.com.tr\/website1\/shop\/"},{"@type":"ListItem","position":3,"name":"24 Cm K\u0131k\u0131rdak Yap\u0131l\u0131 \u00c7ift Katmanl\u0131 Ger\u00e7ek\u00e7i Melez Dildo Penis"}]},{"@type":"WebSite","@id":"https:\/\/hobierotikshop.com.tr\/website1\/#website","url":"https:\/\/hobierotikshop.com.tr\/website1\/","name":"Bursa Erotik Shop","description":"Bursa Erotik Shop ile g\u00fcvenli, gizli ve kaliteli yeti\u015fkin \u00fcr\u00fcnleri al\u0131\u015fveri\u015fi! Geni\u015f \u00fcr\u00fcn yelpazemizi ke\u015ffedin, hemen sipari\u015f verin","publisher":{"@id":"https:\/\/hobierotikshop.com.tr\/website1\/#organization"},"alternateName":"Erotik Shop","potentialAction":[{"@type":"SearchAction","target":{"@type":"EntryPoint","urlTemplate":"https:\/\/hobierotikshop.com.tr\/website1\/?s={search_term_string}"},"query-input":{"@type":"PropertyValueSpecification","valueRequired":true,"valueName":"search_term_string"}}],"inLanguage":"tr"},{"@type":"Organization","@id":"https:\/\/hobierotikshop.com.tr\/website1\/#organization","name":"Harem Bursa Erotik Shop","url":"https:\/\/hobierotikshop.com.tr\/website1\/","logo":{"@type":"ImageObject","inLanguage":"tr","@id":"https:\/\/hobierotikshop.com.tr\/website1\/#\/schema\/logo\/image\/","url":"https:\/\/haremerotikshop.com\/site\/wp-content\/uploads\/2025\/03\/haremsexshop.png","contentUrl":"https:\/\/haremerotikshop.com\/site\/wp-content\/uploads\/2025\/03\/haremsexshop.png","width":400,"height":100,"caption":"Harem Bursa Erotik Shop"},"image":{"@id":"https:\/\/hobierotikshop.com.tr\/website1\/#\/schema\/logo\/image\/"},"sameAs":["https:\/\/x.com\/shopbursa"],"publishingPrinciples":"https:\/\/hobierotikshop.com.tr\/website1\/mesafeli-satis-sozlesmesi\/","ownershipFundingInfo":"https:\/\/hobierotikshop.com.tr\/website1\/contact-us\/","actionableFeedbackPolicy":"https:\/\/hobierotikshop.com.tr\/website1\/contact-us\/","correctionsPolicy":"https:\/\/hobierotikshop.com.tr\/website1\/mesafeli-satis-sozlesmesi\/"}]},"product_price_amount":"2500.00","product_price_currency":"TRY","og_availability":"instock","product_availability":"instock","product_retailer_item_id":"BDM1326","product_condition":"new"},"_links":{"self":[{"href":"https:\/\/haremerotikshop.com\/site\/wp-json\/wp\/v2\/product\/44827","targetHints":{"allow":["GET"]}}],"collection":[{"href":"https:\/\/haremerotikshop.com\/site\/wp-json\/wp\/v2\/product"}],"about":[{"href":"https:\/\/haremerotikshop.com\/site\/wp-json\/wp\/v2\/types\/product"}],"replies":[{"embeddable":true,"href":"https:\/\/haremerotikshop.com\/site\/wp-json\/wp\/v2\/comments?post=44827"}],"version-history":[{"count":0,"href":"https:\/\/haremerotikshop.com\/site\/wp-json\/wp\/v2\/product\/44827\/revisions"}],"wp:featuredmedia":[{"embeddable":true,"href":"https:\/\/haremerotikshop.com\/site\/wp-json\/wp\/v2\/media\/44829"}],"wp:attachment":[{"href":"https:\/\/haremerotikshop.com\/site\/wp-json\/wp\/v2\/media?parent=44827"}],"wp:term":[{"taxonomy":"product_brand","embeddable":true,"href":"https:\/\/haremerotikshop.com\/site\/wp-json\/wp\/v2\/product_brand?post=44827"},{"taxonomy":"product_cat","embeddable":true,"href":"https:\/\/haremerotikshop.com\/site\/wp-json\/wp\/v2\/product_cat?post=44827"},{"taxonomy":"product_tag","embeddable":true,"href":"https:\/\/haremerotikshop.com\/site\/wp-json\/wp\/v2\/product_tag?post=44827"}],"curies":[{"name":"wp","href":"https:\/\/api.w.org\/{rel}","templated":true}]}}