{"id":44974,"date":"2025-04-26T17:08:27","date_gmt":"2025-04-26T14:08:27","guid":{"rendered":"https:\/\/haremerotikshop.com\/site\/erotik-shop-urun\/175-cm-belden-baglamali-ici-bos-7-cm-dolgulu-strapon-penis-houston\/"},"modified":"2026-01-09T02:58:05","modified_gmt":"2026-01-08T23:58:05","slug":"175-cm-belden-baglamali-ici-bos-7-cm-dolgulu-strapon-penis-houston","status":"publish","type":"product","link":"https:\/\/haremerotikshop.com\/site\/erotik-shop-urun\/175-cm-belden-baglamali-ici-bos-7-cm-dolgulu-strapon-penis-houston\/","title":{"rendered":"17,5 Cm Belden Ba\u011flamal\u0131 I\u0307\u00e7i Bo\u015f 7 Cm Dolgulu Strapon Penis &#8211; Houston"},"content":{"rendered":"<h2 class=\"\" data-start=\"227\" data-end=\"304\"><strong data-start=\"230\" data-end=\"304\">Houston \u2013 17,5 cm Belden Ba\u011flamal\u0131 \u0130\u00e7i Bo\u015f, 7 cm Dolgulu Strapon Penis<\/strong><\/h2>\n<h3 class=\"\" data-start=\"306\" data-end=\"351\"><strong data-start=\"310\" data-end=\"351\">G\u00fc\u00e7, Konfor ve Ger\u00e7ek\u00e7ilik Bir Arada!<\/strong><\/h3>\n<p class=\"\" data-start=\"353\" data-end=\"714\">Cinsel ya\u015fam\u0131n\u0131za farkl\u0131 bir boyut kazand\u0131rmak ve yepyeni bir deneyim ya\u015famak isteyen \u00e7iftler i\u00e7in \u00f6zel olarak tasarlanan <strong data-start=\"475\" data-end=\"500\">Houston Strapon Penis<\/strong>, i\u00e7i bo\u015f ve dolgulu yap\u0131s\u0131yla hem fonksiyonel hem de ger\u00e7ek\u00e7i bir deneyim sunar. Ten dokusuna yak\u0131n hissiyat\u0131, damarl\u0131 d\u0131\u015f y\u00fczeyi ve ergonomik tasar\u0131m\u0131yla cinselli\u011fin s\u0131n\u0131rlar\u0131n\u0131 yeniden ke\u015ffetmenize olanak tan\u0131r.<\/p>\n<hr class=\"\" data-start=\"716\" data-end=\"719\" \/>\n<h3 class=\"\" data-start=\"721\" data-end=\"748\">\ud83c\udfaf <strong data-start=\"728\" data-end=\"748\">\u00dcR\u00dcN \u00d6ZELL\u0130KLER\u0130<\/strong><\/h3>\n<p class=\"\" data-start=\"750\" data-end=\"973\">\u2705 <strong data-start=\"752\" data-end=\"810\">\u0130\u00e7i Bo\u015f ve 7 cm Dolgulu Tasar\u0131m \u2013 \u0130\u015flevsel ve Ger\u00e7ek\u00e7i<\/strong><br data-start=\"810\" data-end=\"813\" \/>\u0130\u00e7i bo\u015f yap\u0131s\u0131 sayesinde ereksiyon problemi ya\u015fayanlar ya da farkl\u0131 pozisyonlar denemek isteyenler i\u00e7in idealdir. 7 cm dolgu k\u0131sm\u0131, kontrol\u00fc ve tatmini art\u0131r\u0131r.<\/p>\n<p class=\"\" data-start=\"975\" data-end=\"1140\">\ud83e\uddfd <strong data-start=\"978\" data-end=\"1014\">Hijyenik ve Kolay Temizlenebilir<\/strong><br data-start=\"1014\" data-end=\"1017\" \/>Kullan\u0131m sonras\u0131 \u0131l\u0131k su ve sabun ile kolayca temizlenebilir. Uzun \u00f6m\u00fcrl\u00fc ve hijyenik kullan\u0131m i\u00e7in pratik bir \u00e7\u00f6z\u00fcm sunar.<\/p>\n<p class=\"\" data-start=\"1142\" data-end=\"1332\">\ud83e\uddf5 <strong data-start=\"1145\" data-end=\"1194\">Ayarlanabilir Bel Kemerli \u2013 Her Bedene Uyumlu<\/strong><br data-start=\"1194\" data-end=\"1197\" \/>Kayma yapmayan, v\u00fccuda tam oturan esnek belden ba\u011flama kemeri ile t\u00fcm bedenlere uygundur. Uzun s\u00fcreli kullan\u0131mlarda bile konfor sa\u011flar.<\/p>\n<p class=\"\" data-start=\"1334\" data-end=\"1502\">\ud83d\udd13 <strong data-start=\"1337\" data-end=\"1366\">\u00c7ift Fonksiyonlu Kullan\u0131m<\/strong><br data-start=\"1366\" data-end=\"1369\" \/>Dildo, kemerden ba\u011f\u0131ms\u0131z olarak da kullan\u0131labilir. Dilerseniz strapon olarak, dilerseniz ba\u011f\u0131ms\u0131z bir dildo olarak kullanabilirsiniz.<\/p>\n<p class=\"\" data-start=\"1504\" data-end=\"1698\">\ud83d\udc55 <strong data-start=\"1507\" data-end=\"1559\">Testissiz ve Titre\u015fimsiz \u2013 Saf Penetrasyon Hissi<\/strong><br data-start=\"1559\" data-end=\"1562\" \/>Titre\u015fimli \u00fcr\u00fcn istemeyenler veya sadece dolgu ve hareket hissine odaklanmak isteyen kullan\u0131c\u0131lar i\u00e7in sade ve ger\u00e7ek bir deneyim sunar.<\/p>\n<p class=\"\" data-start=\"1700\" data-end=\"1836\">\ud83e\udde1 <strong data-start=\"1703\" data-end=\"1747\">Cilt Dostu Malzeme \u2013 G\u00fcvenli ve Konforlu<\/strong><br data-start=\"1747\" data-end=\"1750\" \/>Y\u00fcksek kalite cilt dostu materyalden \u00fcretilmi\u015ftir. Alerji yapmaz, tahri\u015fe neden olmaz.<\/p>\n<hr class=\"\" data-start=\"1838\" data-end=\"1841\" \/>\n<h3 class=\"\" data-start=\"1843\" data-end=\"1869\">\ud83d\udccf <strong data-start=\"1850\" data-end=\"1869\">TEKN\u0130K DETAYLAR<\/strong><\/h3>\n<ul data-start=\"1871\" data-end=\"2107\">\n<li class=\"\" data-start=\"1871\" data-end=\"1902\">\n<p class=\"\" data-start=\"1873\" data-end=\"1902\"><strong data-start=\"1873\" data-end=\"1892\">Toplam Uzunluk:<\/strong> 17,5 cm<\/p>\n<\/li>\n<li class=\"\" data-start=\"1903\" data-end=\"1933\">\n<p class=\"\" data-start=\"1905\" data-end=\"1933\"><strong data-start=\"1905\" data-end=\"1924\">\u00c7ap (Kal\u0131nl\u0131k):<\/strong> 3,7 cm<\/p>\n<\/li>\n<li class=\"\" data-start=\"1934\" data-end=\"1961\">\n<p class=\"\" data-start=\"1936\" data-end=\"1961\"><strong data-start=\"1936\" data-end=\"1954\">Dolgulu B\u00f6l\u00fcm:<\/strong> 7 cm<\/p>\n<\/li>\n<li class=\"\" data-start=\"1962\" data-end=\"1985\">\n<p class=\"\" data-start=\"1964\" data-end=\"1985\"><strong data-start=\"1964\" data-end=\"1976\">A\u011f\u0131rl\u0131k:<\/strong> 238 gr<\/p>\n<\/li>\n<li class=\"\" data-start=\"1986\" data-end=\"2009\">\n<p class=\"\" data-start=\"1988\" data-end=\"2009\"><strong data-start=\"1988\" data-end=\"1997\">Renk:<\/strong> Ten rengi<\/p>\n<\/li>\n<li class=\"\" data-start=\"2010\" data-end=\"2056\">\n<p class=\"\" data-start=\"2012\" data-end=\"2056\"><strong data-start=\"2012\" data-end=\"2022\">Y\u00fczey:<\/strong> Damarl\u0131 ve realistik ten dokulu<\/p>\n<\/li>\n<li class=\"\" data-start=\"2057\" data-end=\"2107\">\n<p class=\"\" data-start=\"2059\" data-end=\"2107\"><strong data-start=\"2059\" data-end=\"2078\">Kemer \u00d6zelli\u011fi:<\/strong> Ayarlanabilir, sabit tutu\u015flu<\/p>\n<\/li>\n<\/ul>\n<hr class=\"\" data-start=\"2109\" data-end=\"2112\" \/>\n<h2 class=\"\" data-start=\"2114\" data-end=\"2155\">\ud83d\udca7 <strong data-start=\"2120\" data-end=\"2155\">DAHA KEY\u0130FL\u0130 DENEY\u0130M \u0130\u00c7\u0130N \u00d6NER\u0130<\/strong><\/h2>\n<p class=\"\" data-start=\"2157\" data-end=\"2383\">\ud83d\udca1 <strong data-start=\"2160\" data-end=\"2211\">Kayganla\u015ft\u0131r\u0131c\u0131 Jel ile Kullan\u0131m Tavsiye Edilir<\/strong><br data-start=\"2211\" data-end=\"2214\" \/>Daha rahat, konforlu ve zevkli bir deneyim i\u00e7in su bazl\u0131 kayganla\u015ft\u0131r\u0131c\u0131lar ile birlikte kullan\u0131lmas\u0131 \u00f6nerilir. Ciltle uyumlu, tahri\u015fi \u00f6nler ve hareket \u00f6zg\u00fcrl\u00fc\u011f\u00fc sa\u011flar.<\/p>\n<hr class=\"\" data-start=\"2385\" data-end=\"2388\" \/>\n<h2 class=\"\" data-start=\"2390\" data-end=\"2432\">\ud83d\udd10 <strong data-start=\"2396\" data-end=\"2432\">MAHREM\u0130YET\u0130N\u0130Z B\u0130Z\u0130M \u0130\u00c7\u0130N \u00d6NEML\u0130<\/strong><\/h2>\n<p class=\"\" data-start=\"2434\" data-end=\"2607\">\ud83d\udce6 <strong data-start=\"2437\" data-end=\"2456\">Gizli Paketleme<\/strong><br data-start=\"2456\" data-end=\"2459\" \/>Sipari\u015fleriniz i\u00e7eri\u011fi belli olmayacak \u015fekilde, d\u0131\u015far\u0131dan ne oldu\u011fu anla\u015f\u0131lmayan kapal\u0131 kolilerle g\u00f6nderilir. Mahremiyetinize tam koruma sa\u011fl\u0131yoruz.<\/p>\n<hr class=\"\" data-start=\"2609\" data-end=\"2612\" \/>\n<h2 class=\"\" data-start=\"2614\" data-end=\"2653\">\ud83d\udcb3 <strong data-start=\"2620\" data-end=\"2653\">\u00d6DEME VE TESL\u0130MAT SE\u00c7ENEKLER\u0130<\/strong><\/h2>\n<ul data-start=\"2655\" data-end=\"2791\">\n<li class=\"\" data-start=\"2655\" data-end=\"2702\">\n<p class=\"\" data-start=\"2657\" data-end=\"2702\"><strong data-start=\"2657\" data-end=\"2700\">Kap\u0131da nakit veya kredi kart\u0131 ile \u00f6deme<\/strong><\/p>\n<\/li>\n<li class=\"\" data-start=\"2703\" data-end=\"2744\">\n<p class=\"\" data-start=\"2705\" data-end=\"2744\"><strong data-start=\"2705\" data-end=\"2742\">Banka havalesi veya EFT ile \u00f6deme<\/strong><\/p>\n<\/li>\n<li class=\"\" data-start=\"2745\" data-end=\"2791\">\n<p class=\"\" data-start=\"2747\" data-end=\"2791\"><strong data-start=\"2747\" data-end=\"2791\">Tek \u00e7ekim veya taksitli al\u0131\u015fveri\u015f imkan\u0131<\/strong><\/p>\n<\/li>\n<\/ul>\n<p class=\"\" data-start=\"2793\" data-end=\"2908\">\ud83d\ude9a <strong data-start=\"2796\" data-end=\"2821\">Teslimat Se\u00e7enekleri:<\/strong><br data-start=\"2821\" data-end=\"2824\" \/>\u0130ster evinize, ister \u015fubeye teslim. T\u00fcm \u00fcr\u00fcnler h\u0131zl\u0131 ve g\u00fcvenli \u015fekilde g\u00f6nderilir.<\/p>\n<hr class=\"\" data-start=\"2910\" data-end=\"2913\" \/>\n<h2 class=\"\" data-start=\"2915\" data-end=\"2953\">\ud83c\udf1f <strong data-start=\"2921\" data-end=\"2953\">Neden Houston Strapon Dildo?<\/strong><\/h2>\n<p class=\"\" data-start=\"2955\" data-end=\"3205\">\u2714 \u0130\u00e7i bo\u015f ve dolgulu yap\u0131s\u0131yla fonksiyonel<br data-start=\"2997\" data-end=\"3000\" \/>\u2714 Ger\u00e7ek\u00e7i ten dokusu ve do\u011fal hissiyat<br data-start=\"3039\" data-end=\"3042\" \/>\u2714 T\u00fcm bedenlere uygun, ayarlanabilir kemer<br data-start=\"3084\" data-end=\"3087\" \/>\u2714 Dildo tek ba\u015f\u0131na da kullan\u0131labilir<br data-start=\"3123\" data-end=\"3126\" \/>\u2714 Cilt dostu, g\u00fcvenli malzeme<br data-start=\"3155\" data-end=\"3158\" \/>\u2714 Sessiz ve sade kullan\u0131m isteyenler i\u00e7in ideal<\/p>\n<hr class=\"\" data-start=\"3207\" data-end=\"3210\" \/>\n<h3 class=\"\" data-start=\"3212\" data-end=\"3293\"><strong data-start=\"3216\" data-end=\"3291\">Cinselli\u011fe Yeni Bir Boyut Kat\u0131n \u2013 Houston ile Deneyimi Zirveye Ta\u015f\u0131y\u0131n!<\/strong><\/h3>\n<p class=\"\" data-start=\"3294\" data-end=\"3455\">Kendinizi ya da partnerinizi mutlu etmek i\u00e7in tasarlanm\u0131\u015f bu \u00f6zel strapon penis ile g\u00fc\u00e7, konfor ve ger\u00e7ek\u00e7ilik \u015fimdi sizinle. Hemen sipari\u015f verin, fark\u0131 ya\u015fay\u0131n!<\/p>\n<p>&nbsp;<\/p>\n<p>&nbsp;<\/p>\n<p>&nbsp;<\/p>\n<p><img decoding=\"async\" style=\"width: 300px;height: 300px\" src=\"https:\/\/static.ticimax.cloud\/32886\/\/uploads\/editoruploads\/1111-343.gif\" alt=\"\" \/><\/p>\n","protected":false},"excerpt":{"rendered":"<p>Cinsel ya\u015fam\u0131n\u0131za farkl\u0131 bir boyut kazand\u0131rmak ve yepyeni bir deneyim ya\u015famak isteyen \u00e7iftler i\u00e7in \u00f6zel olarak tasarlanan <strong data-start=\"475\" data-end=\"500\">Houston Strapon Penis<\/strong>, i\u00e7i bo\u015f ve dolgulu yap\u0131s\u0131yla hem fonksiyonel hem de ger\u00e7ek\u00e7i bir deneyim sunar. Ten dokusuna yak\u0131n hissiyat\u0131, damarl\u0131 d\u0131\u015f y\u00fczeyi ve ergonomik tasar\u0131m\u0131yla cinselli\u011fin s\u0131n\u0131rlar\u0131n\u0131 yeniden ke\u015ffetmenize olanak tan\u0131r.<\/p>\n","protected":false},"featured_media":44976,"comment_status":"closed","ping_status":"closed","template":"","meta":[],"product_brand":[],"product_cat":[498],"product_tag":[],"class_list":{"0":"post-44974","1":"product","2":"type-product","3":"status-publish","4":"has-post-thumbnail","6":"product_cat-belden-baglamali-penisler","8":"first","9":"instock","10":"purchasable","11":"product-type-simple"},"yoast_head":"<!-- This site is optimized with the Yoast SEO Premium plugin v24.4 (Yoast SEO v27.1.1) - https:\/\/yoast.com\/product\/yoast-seo-premium-wordpress\/ -->\n<title>17,5 Cm Belden Ba\u011flamal\u0131 I\u0307\u00e7i Bo\u015f 7 Cm Dolgulu Strapon Penis - Houston - Bursa Erotik Shop<\/title>\n<meta name=\"robots\" content=\"index, follow, max-snippet:-1, max-image-preview:large, max-video-preview:-1\" \/>\n<link rel=\"canonical\" href=\"https:\/\/hobierotikshop.com.tr\/website1\/erotik-shop-urun\/175-cm-belden-baglamali-ici-bos-7-cm-dolgulu-strapon-penis-houston\/\" \/>\n<meta property=\"og:locale\" content=\"tr_TR\" \/>\n<meta property=\"og:type\" content=\"article\" \/>\n<meta property=\"og:title\" content=\"17,5 Cm Belden Ba\u011flamal\u0131 I\u0307\u00e7i Bo\u015f 7 Cm Dolgulu Strapon Penis - Houston\" \/>\n<meta property=\"og:description\" content=\"Cinsel ya\u015fam\u0131n\u0131za farkl\u0131 bir boyut kazand\u0131rmak ve yepyeni bir deneyim ya\u015famak isteyen \u00e7iftler i\u00e7in \u00f6zel olarak tasarlanan Houston Strapon Penis, i\u00e7i bo\u015f ve dolgulu yap\u0131s\u0131yla hem fonksiyonel hem de ger\u00e7ek\u00e7i bir deneyim sunar. Ten dokusuna yak\u0131n hissiyat\u0131, damarl\u0131 d\u0131\u015f y\u00fczeyi ve ergonomik tasar\u0131m\u0131yla cinselli\u011fin s\u0131n\u0131rlar\u0131n\u0131 yeniden ke\u015ffetmenize olanak tan\u0131r.\" \/>\n<meta property=\"og:url\" content=\"https:\/\/hobierotikshop.com.tr\/website1\/erotik-shop-urun\/175-cm-belden-baglamali-ici-bos-7-cm-dolgulu-strapon-penis-houston\/\" \/>\n<meta property=\"og:site_name\" content=\"Bursa Erotik Shop\" \/>\n<meta property=\"article:modified_time\" content=\"2026-01-08T23:58:05+00:00\" \/>\n<meta property=\"og:image\" content=\"https:\/\/hobierotikshop.com.tr\/website1\/wp-content\/uploads\/2025\/04\/175-cm-belden-baglamali-ici-bos-7-cm-d-56e-7d.jpg\" \/>\n\t<meta property=\"og:image:width\" content=\"455\" \/>\n\t<meta property=\"og:image:height\" content=\"455\" \/>\n\t<meta property=\"og:image:type\" content=\"image\/jpeg\" \/>\n<meta name=\"twitter:card\" content=\"summary_large_image\" \/>\n<meta name=\"twitter:site\" content=\"@shopbursa\" \/>\n<meta name=\"twitter:label1\" content=\"Fiyat\" \/>\n\t<meta name=\"twitter:data1\" content=\"&#8378;3.000,00\" \/>\n\t<meta name=\"twitter:label2\" content=\"Availability\" \/>\n\t<meta name=\"twitter:data2\" content=\"In stock\" \/>\n<script type=\"application\/ld+json\" class=\"yoast-schema-graph\">{\"@context\":\"https:\/\/schema.org\",\"@graph\":[{\"@type\":\"WebPage\",\"@id\":\"https:\/\/hobierotikshop.com.tr\/website1\/erotik-shop-urun\/175-cm-belden-baglamali-ici-bos-7-cm-dolgulu-strapon-penis-houston\/\",\"url\":\"https:\/\/hobierotikshop.com.tr\/website1\/erotik-shop-urun\/175-cm-belden-baglamali-ici-bos-7-cm-dolgulu-strapon-penis-houston\/\",\"name\":\"17,5 Cm Belden Ba\u011flamal\u0131 I\u0307\u00e7i Bo\u015f 7 Cm Dolgulu Strapon Penis - Houston - Bursa Erotik Shop\",\"isPartOf\":{\"@id\":\"https:\/\/hobierotikshop.com.tr\/website1\/#website\"},\"primaryImageOfPage\":{\"@id\":\"https:\/\/hobierotikshop.com.tr\/website1\/erotik-shop-urun\/175-cm-belden-baglamali-ici-bos-7-cm-dolgulu-strapon-penis-houston\/#primaryimage\"},\"image\":{\"@id\":\"https:\/\/hobierotikshop.com.tr\/website1\/erotik-shop-urun\/175-cm-belden-baglamali-ici-bos-7-cm-dolgulu-strapon-penis-houston\/#primaryimage\"},\"thumbnailUrl\":\"https:\/\/haremerotikshop.com\/site\/wp-content\/uploads\/2025\/04\/175-cm-belden-baglamali-ici-bos-7-cm-d-56e-7d.jpg\",\"datePublished\":\"2025-04-26T14:08:27+00:00\",\"dateModified\":\"2026-01-08T23:58:05+00:00\",\"breadcrumb\":{\"@id\":\"https:\/\/hobierotikshop.com.tr\/website1\/erotik-shop-urun\/175-cm-belden-baglamali-ici-bos-7-cm-dolgulu-strapon-penis-houston\/#breadcrumb\"},\"inLanguage\":\"tr\",\"potentialAction\":[{\"@type\":\"ReadAction\",\"target\":[\"https:\/\/hobierotikshop.com.tr\/website1\/erotik-shop-urun\/175-cm-belden-baglamali-ici-bos-7-cm-dolgulu-strapon-penis-houston\/\"]}]},{\"@type\":\"ImageObject\",\"inLanguage\":\"tr\",\"@id\":\"https:\/\/hobierotikshop.com.tr\/website1\/erotik-shop-urun\/175-cm-belden-baglamali-ici-bos-7-cm-dolgulu-strapon-penis-houston\/#primaryimage\",\"url\":\"https:\/\/haremerotikshop.com\/site\/wp-content\/uploads\/2025\/04\/175-cm-belden-baglamali-ici-bos-7-cm-d-56e-7d.jpg\",\"contentUrl\":\"https:\/\/haremerotikshop.com\/site\/wp-content\/uploads\/2025\/04\/175-cm-belden-baglamali-ici-bos-7-cm-d-56e-7d.jpg\",\"width\":455,\"height\":455},{\"@type\":\"BreadcrumbList\",\"@id\":\"https:\/\/hobierotikshop.com.tr\/website1\/erotik-shop-urun\/175-cm-belden-baglamali-ici-bos-7-cm-dolgulu-strapon-penis-houston\/#breadcrumb\",\"itemListElement\":[{\"@type\":\"ListItem\",\"position\":1,\"name\":\"Anasayfa\",\"item\":\"https:\/\/hobierotikshop.com.tr\/website1\/\"},{\"@type\":\"ListItem\",\"position\":2,\"name\":\"Erotik Shop \u00dcr\u00fcnleri\",\"item\":\"https:\/\/hobierotikshop.com.tr\/website1\/shop\/\"},{\"@type\":\"ListItem\",\"position\":3,\"name\":\"17,5 Cm Belden Ba\u011flamal\u0131 I\u0307\u00e7i Bo\u015f 7 Cm Dolgulu Strapon Penis &#8211; Houston\"}]},{\"@type\":\"WebSite\",\"@id\":\"https:\/\/hobierotikshop.com.tr\/website1\/#website\",\"url\":\"https:\/\/hobierotikshop.com.tr\/website1\/\",\"name\":\"Bursa Erotik Shop\",\"description\":\"Bursa Erotik Shop ile g\u00fcvenli, gizli ve kaliteli yeti\u015fkin \u00fcr\u00fcnleri al\u0131\u015fveri\u015fi! Geni\u015f \u00fcr\u00fcn yelpazemizi ke\u015ffedin, hemen sipari\u015f verin\",\"publisher\":{\"@id\":\"https:\/\/hobierotikshop.com.tr\/website1\/#organization\"},\"alternateName\":\"Erotik Shop\",\"potentialAction\":[{\"@type\":\"SearchAction\",\"target\":{\"@type\":\"EntryPoint\",\"urlTemplate\":\"https:\/\/hobierotikshop.com.tr\/website1\/?s={search_term_string}\"},\"query-input\":{\"@type\":\"PropertyValueSpecification\",\"valueRequired\":true,\"valueName\":\"search_term_string\"}}],\"inLanguage\":\"tr\"},{\"@type\":\"Organization\",\"@id\":\"https:\/\/hobierotikshop.com.tr\/website1\/#organization\",\"name\":\"Harem Bursa Erotik Shop\",\"url\":\"https:\/\/hobierotikshop.com.tr\/website1\/\",\"logo\":{\"@type\":\"ImageObject\",\"inLanguage\":\"tr\",\"@id\":\"https:\/\/hobierotikshop.com.tr\/website1\/#\/schema\/logo\/image\/\",\"url\":\"https:\/\/haremerotikshop.com\/wp-content\/uploads\/2025\/03\/haremsexshop.png\",\"contentUrl\":\"https:\/\/haremerotikshop.com\/wp-content\/uploads\/2025\/03\/haremsexshop.png\",\"width\":400,\"height\":100,\"caption\":\"Harem Bursa Erotik Shop\"},\"image\":{\"@id\":\"https:\/\/hobierotikshop.com.tr\/website1\/#\/schema\/logo\/image\/\"},\"sameAs\":[\"https:\/\/x.com\/shopbursa\"],\"publishingPrinciples\":\"https:\/\/hobierotikshop.com.tr\/website1\/mesafeli-satis-sozlesmesi\/\",\"ownershipFundingInfo\":\"https:\/\/hobierotikshop.com.tr\/website1\/contact-us\/\",\"actionableFeedbackPolicy\":\"https:\/\/hobierotikshop.com.tr\/website1\/contact-us\/\",\"correctionsPolicy\":\"https:\/\/hobierotikshop.com.tr\/website1\/mesafeli-satis-sozlesmesi\/\"}]}<\/script>\n<meta property=\"product:price:amount\" content=\"3000.00\" \/>\n<meta property=\"product:price:currency\" content=\"TRY\" \/>\n<meta property=\"og:availability\" content=\"instock\" \/>\n<meta property=\"product:availability\" content=\"instock\" \/>\n<meta property=\"product:retailer_item_id\" content=\"BDM1343\" \/>\n<meta property=\"product:condition\" content=\"new\" \/>\n<!-- \/ Yoast SEO Premium plugin. -->","yoast_head_json":{"title":"17,5 Cm Belden Ba\u011flamal\u0131 I\u0307\u00e7i Bo\u015f 7 Cm Dolgulu Strapon Penis - Houston - Bursa Erotik Shop","robots":{"index":"index","follow":"follow","max-snippet":"max-snippet:-1","max-image-preview":"max-image-preview:large","max-video-preview":"max-video-preview:-1"},"canonical":"https:\/\/hobierotikshop.com.tr\/website1\/erotik-shop-urun\/175-cm-belden-baglamali-ici-bos-7-cm-dolgulu-strapon-penis-houston\/","og_locale":"tr_TR","og_type":"article","og_title":"17,5 Cm Belden Ba\u011flamal\u0131 I\u0307\u00e7i Bo\u015f 7 Cm Dolgulu Strapon Penis - Houston","og_description":"Cinsel ya\u015fam\u0131n\u0131za farkl\u0131 bir boyut kazand\u0131rmak ve yepyeni bir deneyim ya\u015famak isteyen \u00e7iftler i\u00e7in \u00f6zel olarak tasarlanan Houston Strapon Penis, i\u00e7i bo\u015f ve dolgulu yap\u0131s\u0131yla hem fonksiyonel hem de ger\u00e7ek\u00e7i bir deneyim sunar. Ten dokusuna yak\u0131n hissiyat\u0131, damarl\u0131 d\u0131\u015f y\u00fczeyi ve ergonomik tasar\u0131m\u0131yla cinselli\u011fin s\u0131n\u0131rlar\u0131n\u0131 yeniden ke\u015ffetmenize olanak tan\u0131r.","og_url":"https:\/\/hobierotikshop.com.tr\/website1\/erotik-shop-urun\/175-cm-belden-baglamali-ici-bos-7-cm-dolgulu-strapon-penis-houston\/","og_site_name":"Bursa Erotik Shop","article_modified_time":"2026-01-08T23:58:05+00:00","og_image":[{"width":455,"height":455,"url":"https:\/\/hobierotikshop.com.tr\/website1\/wp-content\/uploads\/2025\/04\/175-cm-belden-baglamali-ici-bos-7-cm-d-56e-7d.jpg","type":"image\/jpeg"}],"twitter_card":"summary_large_image","twitter_site":"@shopbursa","twitter_misc":{"Fiyat":"&#8378;3.000,00","Availability":"In stock"},"schema":{"@context":"https:\/\/schema.org","@graph":[{"@type":"WebPage","@id":"https:\/\/hobierotikshop.com.tr\/website1\/erotik-shop-urun\/175-cm-belden-baglamali-ici-bos-7-cm-dolgulu-strapon-penis-houston\/","url":"https:\/\/hobierotikshop.com.tr\/website1\/erotik-shop-urun\/175-cm-belden-baglamali-ici-bos-7-cm-dolgulu-strapon-penis-houston\/","name":"17,5 Cm Belden Ba\u011flamal\u0131 I\u0307\u00e7i Bo\u015f 7 Cm Dolgulu Strapon Penis - Houston - Bursa Erotik Shop","isPartOf":{"@id":"https:\/\/hobierotikshop.com.tr\/website1\/#website"},"primaryImageOfPage":{"@id":"https:\/\/hobierotikshop.com.tr\/website1\/erotik-shop-urun\/175-cm-belden-baglamali-ici-bos-7-cm-dolgulu-strapon-penis-houston\/#primaryimage"},"image":{"@id":"https:\/\/hobierotikshop.com.tr\/website1\/erotik-shop-urun\/175-cm-belden-baglamali-ici-bos-7-cm-dolgulu-strapon-penis-houston\/#primaryimage"},"thumbnailUrl":"https:\/\/haremerotikshop.com\/site\/wp-content\/uploads\/2025\/04\/175-cm-belden-baglamali-ici-bos-7-cm-d-56e-7d.jpg","datePublished":"2025-04-26T14:08:27+00:00","dateModified":"2026-01-08T23:58:05+00:00","breadcrumb":{"@id":"https:\/\/hobierotikshop.com.tr\/website1\/erotik-shop-urun\/175-cm-belden-baglamali-ici-bos-7-cm-dolgulu-strapon-penis-houston\/#breadcrumb"},"inLanguage":"tr","potentialAction":[{"@type":"ReadAction","target":["https:\/\/hobierotikshop.com.tr\/website1\/erotik-shop-urun\/175-cm-belden-baglamali-ici-bos-7-cm-dolgulu-strapon-penis-houston\/"]}]},{"@type":"ImageObject","inLanguage":"tr","@id":"https:\/\/hobierotikshop.com.tr\/website1\/erotik-shop-urun\/175-cm-belden-baglamali-ici-bos-7-cm-dolgulu-strapon-penis-houston\/#primaryimage","url":"https:\/\/haremerotikshop.com\/site\/wp-content\/uploads\/2025\/04\/175-cm-belden-baglamali-ici-bos-7-cm-d-56e-7d.jpg","contentUrl":"https:\/\/haremerotikshop.com\/site\/wp-content\/uploads\/2025\/04\/175-cm-belden-baglamali-ici-bos-7-cm-d-56e-7d.jpg","width":455,"height":455},{"@type":"BreadcrumbList","@id":"https:\/\/hobierotikshop.com.tr\/website1\/erotik-shop-urun\/175-cm-belden-baglamali-ici-bos-7-cm-dolgulu-strapon-penis-houston\/#breadcrumb","itemListElement":[{"@type":"ListItem","position":1,"name":"Anasayfa","item":"https:\/\/hobierotikshop.com.tr\/website1\/"},{"@type":"ListItem","position":2,"name":"Erotik Shop \u00dcr\u00fcnleri","item":"https:\/\/hobierotikshop.com.tr\/website1\/shop\/"},{"@type":"ListItem","position":3,"name":"17,5 Cm Belden Ba\u011flamal\u0131 I\u0307\u00e7i Bo\u015f 7 Cm Dolgulu Strapon Penis &#8211; Houston"}]},{"@type":"WebSite","@id":"https:\/\/hobierotikshop.com.tr\/website1\/#website","url":"https:\/\/hobierotikshop.com.tr\/website1\/","name":"Bursa Erotik Shop","description":"Bursa Erotik Shop ile g\u00fcvenli, gizli ve kaliteli yeti\u015fkin \u00fcr\u00fcnleri al\u0131\u015fveri\u015fi! Geni\u015f \u00fcr\u00fcn yelpazemizi ke\u015ffedin, hemen sipari\u015f verin","publisher":{"@id":"https:\/\/hobierotikshop.com.tr\/website1\/#organization"},"alternateName":"Erotik Shop","potentialAction":[{"@type":"SearchAction","target":{"@type":"EntryPoint","urlTemplate":"https:\/\/hobierotikshop.com.tr\/website1\/?s={search_term_string}"},"query-input":{"@type":"PropertyValueSpecification","valueRequired":true,"valueName":"search_term_string"}}],"inLanguage":"tr"},{"@type":"Organization","@id":"https:\/\/hobierotikshop.com.tr\/website1\/#organization","name":"Harem Bursa Erotik Shop","url":"https:\/\/hobierotikshop.com.tr\/website1\/","logo":{"@type":"ImageObject","inLanguage":"tr","@id":"https:\/\/hobierotikshop.com.tr\/website1\/#\/schema\/logo\/image\/","url":"https:\/\/haremerotikshop.com\/wp-content\/uploads\/2025\/03\/haremsexshop.png","contentUrl":"https:\/\/haremerotikshop.com\/wp-content\/uploads\/2025\/03\/haremsexshop.png","width":400,"height":100,"caption":"Harem Bursa Erotik Shop"},"image":{"@id":"https:\/\/hobierotikshop.com.tr\/website1\/#\/schema\/logo\/image\/"},"sameAs":["https:\/\/x.com\/shopbursa"],"publishingPrinciples":"https:\/\/hobierotikshop.com.tr\/website1\/mesafeli-satis-sozlesmesi\/","ownershipFundingInfo":"https:\/\/hobierotikshop.com.tr\/website1\/contact-us\/","actionableFeedbackPolicy":"https:\/\/hobierotikshop.com.tr\/website1\/contact-us\/","correctionsPolicy":"https:\/\/hobierotikshop.com.tr\/website1\/mesafeli-satis-sozlesmesi\/"}]},"product_price_amount":"3000.00","product_price_currency":"TRY","og_availability":"instock","product_availability":"instock","product_retailer_item_id":"BDM1343","product_condition":"new"},"_links":{"self":[{"href":"https:\/\/haremerotikshop.com\/site\/wp-json\/wp\/v2\/product\/44974","targetHints":{"allow":["GET"]}}],"collection":[{"href":"https:\/\/haremerotikshop.com\/site\/wp-json\/wp\/v2\/product"}],"about":[{"href":"https:\/\/haremerotikshop.com\/site\/wp-json\/wp\/v2\/types\/product"}],"replies":[{"embeddable":true,"href":"https:\/\/haremerotikshop.com\/site\/wp-json\/wp\/v2\/comments?post=44974"}],"version-history":[{"count":0,"href":"https:\/\/haremerotikshop.com\/site\/wp-json\/wp\/v2\/product\/44974\/revisions"}],"wp:featuredmedia":[{"embeddable":true,"href":"https:\/\/haremerotikshop.com\/site\/wp-json\/wp\/v2\/media\/44976"}],"wp:attachment":[{"href":"https:\/\/haremerotikshop.com\/site\/wp-json\/wp\/v2\/media?parent=44974"}],"wp:term":[{"taxonomy":"product_brand","embeddable":true,"href":"https:\/\/haremerotikshop.com\/site\/wp-json\/wp\/v2\/product_brand?post=44974"},{"taxonomy":"product_cat","embeddable":true,"href":"https:\/\/haremerotikshop.com\/site\/wp-json\/wp\/v2\/product_cat?post=44974"},{"taxonomy":"product_tag","embeddable":true,"href":"https:\/\/haremerotikshop.com\/site\/wp-json\/wp\/v2\/product_tag?post=44974"}],"curies":[{"name":"wp","href":"https:\/\/api.w.org\/{rel}","templated":true}]}}