{"id":44988,"date":"2025-04-26T17:08:27","date_gmt":"2025-04-26T14:08:27","guid":{"rendered":"https:\/\/haremerotikshop.com\/site\/erotik-shop-urun\/usb-sarjli-klitoris-uyaricili-guclu-titresimli-siyah-silikon-penis-halkasi-ruben\/"},"modified":"2026-01-09T02:58:04","modified_gmt":"2026-01-08T23:58:04","slug":"usb-sarjli-klitoris-uyaricili-guclu-titresimli-siyah-silikon-penis-halkasi-ruben","status":"publish","type":"product","link":"https:\/\/haremerotikshop.com\/site\/erotik-shop-urun\/usb-sarjli-klitoris-uyaricili-guclu-titresimli-siyah-silikon-penis-halkasi-ruben\/","title":{"rendered":"Usb \u015earjl\u0131 Klitoris Uyar\u0131c\u0131l\u0131 G\u00fc\u00e7l\u00fc Titre\u015fimli Siyah Silikon Penis Halkas\u0131 &#8211; Ruben"},"content":{"rendered":"<h2 class=\"\" data-start=\"251\" data-end=\"340\"><strong data-start=\"254\" data-end=\"340\">USB \u015earjl\u0131 Klitoris Uyar\u0131c\u0131l\u0131 G\u00fc\u00e7l\u00fc Titre\u015fimli Siyah Silikon Penis Halkas\u0131 \u2013 RUBEN<\/strong><\/h2>\n<h3 class=\"\" data-start=\"342\" data-end=\"427\"><strong data-start=\"346\" data-end=\"427\">Zevkin Yeni Tan\u0131m\u0131: Hem Sizin Hem Partneriniz \u0130\u00e7in \u00dcst D\u00fczey Hazz\u0131n Anahtar\u0131!<\/strong><\/h3>\n<p class=\"\" data-start=\"429\" data-end=\"735\">Cinsel ya\u015fam\u0131n\u0131za yenilik katmak, partnerinizle aran\u0131zdaki tutkuyu g\u00fc\u00e7lendirmek ve kar\u015f\u0131l\u0131kl\u0131 doyumu zirveye ta\u015f\u0131mak istiyorsan\u0131z, <strong data-start=\"560\" data-end=\"613\">RUBEN USB \u015earjl\u0131 Klitoris Uyar\u0131c\u0131l\u0131 Penis Halkas\u0131<\/strong> tam size g\u00f6re! \u00d6zel tasar\u0131m\u0131, g\u00fc\u00e7l\u00fc titre\u015fim fonksiyonu ve ergonomik yap\u0131s\u0131 ile \u00e7iftler i\u00e7in unutulmaz bir deneyim sunar.<\/p>\n<hr class=\"\" data-start=\"737\" data-end=\"740\" \/>\n<h3 class=\"\" data-start=\"742\" data-end=\"768\">\u2705 <strong data-start=\"748\" data-end=\"768\">\u00dcR\u00dcN \u00d6ZELL\u0130KLER\u0130<\/strong><\/h3>\n<p class=\"\" data-start=\"770\" data-end=\"980\">\ud83d\udd0b <strong data-start=\"773\" data-end=\"821\">USB ile \u015earj Edilebilir \u2013 Pratik ve Ekonomik<\/strong><br data-start=\"821\" data-end=\"824\" \/>Kablolu \u00fcr\u00fcnlerle u\u011fra\u015fman\u0131za gerek yok. Tek \u015farjla uzun s\u00fcre kullan\u0131m imkan\u0131 sunar. Piyasadaki kullan-at \u00fcr\u00fcnlere k\u0131yasla \u00e7evre dostu ve \u00e7ok daha ekonomik.<\/p>\n<p class=\"\" data-start=\"982\" data-end=\"1213\">\ud83d\udd07 <strong data-start=\"985\" data-end=\"1021\">Sessiz ama G\u00fc\u00e7l\u00fc Titre\u015fim Motoru<\/strong><br data-start=\"1021\" data-end=\"1024\" \/>Sessiz \u00e7al\u0131\u015fan ancak g\u00fc\u00e7l\u00fc titre\u015fim yayan motoru ile partnerinizin klitorisini do\u011frudan uyararak maksimum zevk alman\u0131z\u0131 sa\u011flar. Ayn\u0131 zamanda sizin i\u00e7in de sertli\u011fi ve dayan\u0131kl\u0131l\u0131\u011f\u0131 art\u0131r\u0131r.<\/p>\n<p class=\"\" data-start=\"1215\" data-end=\"1386\">\ud83d\udd18 <strong data-start=\"1218\" data-end=\"1245\">Tek Tu\u015fla Kolay Kontrol<\/strong><br data-start=\"1245\" data-end=\"1248\" \/>Kullan\u0131m\u0131 son derece kolayd\u0131r. Tek tu\u015fla a\u00e7\u0131l\u0131p kapanabilir, herhangi bir karma\u015f\u0131kl\u0131k i\u00e7ermez. Zevkinize odaklan\u0131n, detaylarla u\u011fra\u015fmay\u0131n.<\/p>\n<p class=\"\" data-start=\"1388\" data-end=\"1570\">\ud83c\udf1f <strong data-start=\"1391\" data-end=\"1433\">Y\u00fcksek Kaliteli Esnek Silikon Materyal<\/strong><br data-start=\"1433\" data-end=\"1436\" \/>Cilde dost, alerji yapmayan yumu\u015fak silikon yap\u0131s\u0131yla her t\u00fcrl\u00fc penise uyum sa\u011flar. %100 esnek yap\u0131s\u0131 ile konforlu bir kullan\u0131m sunar.<\/p>\n<p class=\"\" data-start=\"1572\" data-end=\"1764\">\ud83d\udccf <strong data-start=\"1575\" data-end=\"1639\">Halka \u00c7aplar\u0131: 2,8 cm ve 4 cm | \u00dcr\u00fcn Boyutu: 8,5 cm x 4,1 cm<\/strong><br data-start=\"1639\" data-end=\"1642\" \/>\u0130deal \u00f6l\u00e7\u00fcleri ile farkl\u0131 penis kal\u0131nl\u0131klar\u0131na uyum sa\u011flayan tasar\u0131m. Hem kullan\u0131m kolayl\u0131\u011f\u0131 hem de i\u015flevsellik bir arada.<\/p>\n<p class=\"\" data-start=\"1766\" data-end=\"1911\">\ud83d\udda4 <strong data-start=\"1769\" data-end=\"1799\">\u015e\u0131k ve Zarif Siyah Tasar\u0131m<\/strong><br data-start=\"1799\" data-end=\"1802\" \/>Estetik g\u00f6r\u00fcn\u00fcm\u00fcn\u00fcn yan\u0131nda kullan\u0131m s\u0131ras\u0131nda fark edilmeyecek kadar hafif ve ergonomik bir yap\u0131ya sahiptir.<\/p>\n<hr class=\"\" data-start=\"1913\" data-end=\"1916\" \/>\n<h3 class=\"\" data-start=\"1918\" data-end=\"1967\">\ud83d\udc91 <strong data-start=\"1925\" data-end=\"1967\">\u00c7\u0130FTLERE \u00d6ZEL ZEVK ARTTIRICI TEKNOLOJ\u0130<\/strong><\/h3>\n<p class=\"\" data-start=\"1969\" data-end=\"2190\">RUBEN Penis Halkas\u0131, hem penis sertli\u011fini art\u0131rarak ili\u015fki s\u00fcresini uzat\u0131r hem de klitoris stim\u00fclasyonu ile partnerinizin zevk seviyesini y\u00fckseltir. Bu sayede iki tarafl\u0131 haz ve daha yo\u011fun orgazmlar ya\u015faman\u0131z m\u00fcmk\u00fcn olur.<\/p>\n<hr class=\"\" data-start=\"2192\" data-end=\"2195\" \/>\n<h2 class=\"\" data-start=\"2197\" data-end=\"2237\">\ud83d\ude9a <strong data-start=\"2203\" data-end=\"2237\">G\u00d6NDER\u0130M VE TESL\u0130MAT B\u0130LG\u0130LER\u0130<\/strong><\/h2>\n<p class=\"\" data-start=\"2239\" data-end=\"2387\">\ud83d\udce6 <strong data-start=\"2242\" data-end=\"2261\">Gizli Paketleme<\/strong><br data-start=\"2261\" data-end=\"2264\" \/>Sipari\u015fleriniz, i\u00e7eri\u011fi belli olmayacak \u015fekilde \u00f6zenle paketlenir. Kargonuzu kimse \u00fcr\u00fcn i\u00e7eri\u011fini bilmeden teslim alabilir.<\/p>\n<p class=\"\" data-start=\"2389\" data-end=\"2541\">\ud83d\udcb3 <strong data-start=\"2392\" data-end=\"2421\">G\u00fcvenli \u00d6deme Se\u00e7enekleri<\/strong><br data-start=\"2421\" data-end=\"2424\" \/>Kap\u0131da nakit\/kredi kart\u0131 ile \u00f6deme, banka havalesi ve taksitli al\u0131\u015fveri\u015f imkan\u0131. Size en uygun \u00f6deme y\u00f6ntemini se\u00e7in.<\/p>\n<p class=\"\" data-start=\"2543\" data-end=\"2673\">\ud83d\udccd <strong data-start=\"2546\" data-end=\"2568\">Teslimat Kolayl\u0131\u011f\u0131<\/strong><br data-start=\"2568\" data-end=\"2571\" \/>\u0130ster kap\u0131n\u0131za gelsin, ister \u015fubeden al\u0131n. T\u00fcm sipari\u015flerimiz eksiksiz ve g\u00fcvenli \u015fekilde ula\u015ft\u0131r\u0131l\u0131r.<\/p>\n<hr class=\"\" data-start=\"2675\" data-end=\"2678\" \/>\n<h2 class=\"\" data-start=\"2680\" data-end=\"2715\">\u2b50 <strong data-start=\"2685\" data-end=\"2715\">NEDEN RUBEN PEN\u0130S HALKASI?<\/strong><\/h2>\n<p class=\"\" data-start=\"2717\" data-end=\"2937\">\u2714 Orijinal ve kaliteli \u00fcr\u00fcn garantisi<br data-start=\"2754\" data-end=\"2757\" \/>\u2714 H\u0131zl\u0131 g\u00f6nderim \u2013 Ayn\u0131 g\u00fcn kargoya verilir<br data-start=\"2800\" data-end=\"2803\" \/>\u2714 \u00c7evre dostu, tekrar kullan\u0131labilir<br data-start=\"2839\" data-end=\"2842\" \/>\u2714 Hem sizin hem partnerinizin zevkini art\u0131r\u0131r<br data-start=\"2887\" data-end=\"2890\" \/>\u2714 Gizlilik ve m\u00fc\u015fteri memnuniyeti odakl\u0131 hizmet<\/p>\n<hr class=\"\" data-start=\"2939\" data-end=\"2942\" \/>\n<h2 class=\"\" data-start=\"2944\" data-end=\"2982\">\ud83d\udd12 <strong data-start=\"2950\" data-end=\"2982\">G\u0130ZL\u0130L\u0130\u011e\u0130N\u0130ZE \u00d6NEM VER\u0130YORUZ<\/strong><\/h2>\n<p class=\"\" data-start=\"2984\" data-end=\"3127\">Sexshop \u00fcr\u00fcnlerimiz, sipari\u015ften teslimata kadar %100 gizlilik esas\u0131na g\u00f6re haz\u0131rlan\u0131r. T\u00fcm kargo s\u00fcre\u00e7leri \u015feffaf ve g\u00fcvenli \u015fekilde y\u00fcr\u00fct\u00fcl\u00fcr.<\/p>\n<hr class=\"\" data-start=\"3129\" data-end=\"3132\" \/>\n<p class=\"\" data-start=\"3134\" data-end=\"3350\"><strong data-start=\"3134\" data-end=\"3259\">RUBEN Klitoris Uyar\u0131c\u0131l\u0131 Penis Halkas\u0131 ile tutkular\u0131n\u0131z\u0131 serbest b\u0131rak\u0131n, cinsel hayat\u0131n\u0131za yepyeni bir boyut kazand\u0131r\u0131n!<\/strong><br data-start=\"3259\" data-end=\"3262\" \/>Arad\u0131\u011f\u0131n\u0131z kalite, konfor ve haz burada. \u015eimdi sipari\u015f verin, farkl\u0131l\u0131\u011f\u0131 siz de ya\u015fay\u0131n!<\/p>\n<p>&nbsp;<\/p>\n<p>&nbsp;<\/p>\n<p><img decoding=\"async\" style=\"width: 400px;height: 400px\" src=\"https:\/\/static.ticimax.cloud\/32886\/\/uploads\/editoruploads\/111-1345.gif\" alt=\"\" \/><\/p>\n","protected":false},"excerpt":{"rendered":"<p>Cinsel ya\u015fam\u0131n\u0131za yenilik katmak, partnerinizle aran\u0131zdaki tutkuyu g\u00fc\u00e7lendirmek ve kar\u015f\u0131l\u0131kl\u0131 doyumu zirveye ta\u015f\u0131mak istiyorsan\u0131z, <strong data-start=\"560\" data-end=\"613\">RUBEN USB \u015earjl\u0131 Klitoris Uyar\u0131c\u0131l\u0131 Penis Halkas\u0131<\/strong> tam size g\u00f6re! \u00d6zel tasar\u0131m\u0131, g\u00fc\u00e7l\u00fc titre\u015fim fonksiyonu ve ergonomik yap\u0131s\u0131 ile \u00e7iftler i\u00e7in unutulmaz bir deneyim sunar.<\/p>\n","protected":false},"featured_media":44990,"comment_status":"closed","ping_status":"closed","template":"","meta":[],"product_brand":[],"product_cat":[505],"product_tag":[],"class_list":{"0":"post-44988","1":"product","2":"type-product","3":"status-publish","4":"has-post-thumbnail","6":"product_cat-penis-kiliflari-halkalari","8":"first","9":"instock","10":"purchasable","11":"product-type-simple"},"yoast_head":"<!-- This site is optimized with the Yoast SEO Premium plugin v24.4 (Yoast SEO v27.1.1) - https:\/\/yoast.com\/product\/yoast-seo-premium-wordpress\/ -->\n<title>Usb \u015earjl\u0131 Klitoris Uyar\u0131c\u0131l\u0131 G\u00fc\u00e7l\u00fc Titre\u015fimli Siyah Silikon Penis Halkas\u0131 - Ruben - Bursa Erotik Shop<\/title>\n<meta name=\"robots\" content=\"index, follow, max-snippet:-1, max-image-preview:large, max-video-preview:-1\" \/>\n<link rel=\"canonical\" href=\"https:\/\/hobierotikshop.com.tr\/website1\/erotik-shop-urun\/usb-sarjli-klitoris-uyaricili-guclu-titresimli-siyah-silikon-penis-halkasi-ruben\/\" \/>\n<meta property=\"og:locale\" content=\"tr_TR\" \/>\n<meta property=\"og:type\" content=\"article\" \/>\n<meta property=\"og:title\" content=\"Usb \u015earjl\u0131 Klitoris Uyar\u0131c\u0131l\u0131 G\u00fc\u00e7l\u00fc Titre\u015fimli Siyah Silikon Penis Halkas\u0131 - Ruben\" \/>\n<meta property=\"og:description\" content=\"Cinsel ya\u015fam\u0131n\u0131za yenilik katmak, partnerinizle aran\u0131zdaki tutkuyu g\u00fc\u00e7lendirmek ve kar\u015f\u0131l\u0131kl\u0131 doyumu zirveye ta\u015f\u0131mak istiyorsan\u0131z, RUBEN USB \u015earjl\u0131 Klitoris Uyar\u0131c\u0131l\u0131 Penis Halkas\u0131 tam size g\u00f6re! \u00d6zel tasar\u0131m\u0131, g\u00fc\u00e7l\u00fc titre\u015fim fonksiyonu ve ergonomik yap\u0131s\u0131 ile \u00e7iftler i\u00e7in unutulmaz bir deneyim sunar.\" \/>\n<meta property=\"og:url\" content=\"https:\/\/hobierotikshop.com.tr\/website1\/erotik-shop-urun\/usb-sarjli-klitoris-uyaricili-guclu-titresimli-siyah-silikon-penis-halkasi-ruben\/\" \/>\n<meta property=\"og:site_name\" content=\"Bursa Erotik Shop\" \/>\n<meta property=\"article:modified_time\" content=\"2026-01-08T23:58:04+00:00\" \/>\n<meta property=\"og:image\" content=\"https:\/\/hobierotikshop.com.tr\/website1\/wp-content\/uploads\/2025\/04\/klitoris-uyaricili-guclu-titresimli-si-9a0e60.jpg\" \/>\n\t<meta property=\"og:image:width\" content=\"455\" \/>\n\t<meta property=\"og:image:height\" content=\"455\" \/>\n\t<meta property=\"og:image:type\" content=\"image\/jpeg\" \/>\n<meta name=\"twitter:card\" content=\"summary_large_image\" \/>\n<meta name=\"twitter:site\" content=\"@shopbursa\" \/>\n<meta name=\"twitter:label1\" content=\"Fiyat\" \/>\n\t<meta name=\"twitter:data1\" content=\"&#8378;2.200,00\" \/>\n\t<meta name=\"twitter:label2\" content=\"Availability\" \/>\n\t<meta name=\"twitter:data2\" content=\"In stock\" \/>\n<script type=\"application\/ld+json\" class=\"yoast-schema-graph\">{\"@context\":\"https:\/\/schema.org\",\"@graph\":[{\"@type\":\"WebPage\",\"@id\":\"https:\/\/hobierotikshop.com.tr\/website1\/erotik-shop-urun\/usb-sarjli-klitoris-uyaricili-guclu-titresimli-siyah-silikon-penis-halkasi-ruben\/\",\"url\":\"https:\/\/hobierotikshop.com.tr\/website1\/erotik-shop-urun\/usb-sarjli-klitoris-uyaricili-guclu-titresimli-siyah-silikon-penis-halkasi-ruben\/\",\"name\":\"Usb \u015earjl\u0131 Klitoris Uyar\u0131c\u0131l\u0131 G\u00fc\u00e7l\u00fc Titre\u015fimli Siyah Silikon Penis Halkas\u0131 - Ruben - Bursa Erotik Shop\",\"isPartOf\":{\"@id\":\"https:\/\/hobierotikshop.com.tr\/website1\/#website\"},\"primaryImageOfPage\":{\"@id\":\"https:\/\/hobierotikshop.com.tr\/website1\/erotik-shop-urun\/usb-sarjli-klitoris-uyaricili-guclu-titresimli-siyah-silikon-penis-halkasi-ruben\/#primaryimage\"},\"image\":{\"@id\":\"https:\/\/hobierotikshop.com.tr\/website1\/erotik-shop-urun\/usb-sarjli-klitoris-uyaricili-guclu-titresimli-siyah-silikon-penis-halkasi-ruben\/#primaryimage\"},\"thumbnailUrl\":\"https:\/\/haremerotikshop.com\/site\/wp-content\/uploads\/2025\/04\/klitoris-uyaricili-guclu-titresimli-si-9a0e60.jpg\",\"datePublished\":\"2025-04-26T14:08:27+00:00\",\"dateModified\":\"2026-01-08T23:58:04+00:00\",\"breadcrumb\":{\"@id\":\"https:\/\/hobierotikshop.com.tr\/website1\/erotik-shop-urun\/usb-sarjli-klitoris-uyaricili-guclu-titresimli-siyah-silikon-penis-halkasi-ruben\/#breadcrumb\"},\"inLanguage\":\"tr\",\"potentialAction\":[{\"@type\":\"ReadAction\",\"target\":[\"https:\/\/hobierotikshop.com.tr\/website1\/erotik-shop-urun\/usb-sarjli-klitoris-uyaricili-guclu-titresimli-siyah-silikon-penis-halkasi-ruben\/\"]}]},{\"@type\":\"ImageObject\",\"inLanguage\":\"tr\",\"@id\":\"https:\/\/hobierotikshop.com.tr\/website1\/erotik-shop-urun\/usb-sarjli-klitoris-uyaricili-guclu-titresimli-siyah-silikon-penis-halkasi-ruben\/#primaryimage\",\"url\":\"https:\/\/haremerotikshop.com\/site\/wp-content\/uploads\/2025\/04\/klitoris-uyaricili-guclu-titresimli-si-9a0e60.jpg\",\"contentUrl\":\"https:\/\/haremerotikshop.com\/site\/wp-content\/uploads\/2025\/04\/klitoris-uyaricili-guclu-titresimli-si-9a0e60.jpg\",\"width\":455,\"height\":455},{\"@type\":\"BreadcrumbList\",\"@id\":\"https:\/\/hobierotikshop.com.tr\/website1\/erotik-shop-urun\/usb-sarjli-klitoris-uyaricili-guclu-titresimli-siyah-silikon-penis-halkasi-ruben\/#breadcrumb\",\"itemListElement\":[{\"@type\":\"ListItem\",\"position\":1,\"name\":\"Anasayfa\",\"item\":\"https:\/\/hobierotikshop.com.tr\/website1\/\"},{\"@type\":\"ListItem\",\"position\":2,\"name\":\"Erotik Shop \u00dcr\u00fcnleri\",\"item\":\"https:\/\/hobierotikshop.com.tr\/website1\/shop\/\"},{\"@type\":\"ListItem\",\"position\":3,\"name\":\"Usb \u015earjl\u0131 Klitoris Uyar\u0131c\u0131l\u0131 G\u00fc\u00e7l\u00fc Titre\u015fimli Siyah Silikon Penis Halkas\u0131 &#8211; Ruben\"}]},{\"@type\":\"WebSite\",\"@id\":\"https:\/\/hobierotikshop.com.tr\/website1\/#website\",\"url\":\"https:\/\/hobierotikshop.com.tr\/website1\/\",\"name\":\"Bursa Erotik Shop\",\"description\":\"Bursa Erotik Shop ile g\u00fcvenli, gizli ve kaliteli yeti\u015fkin \u00fcr\u00fcnleri al\u0131\u015fveri\u015fi! Geni\u015f \u00fcr\u00fcn yelpazemizi ke\u015ffedin, hemen sipari\u015f verin\",\"publisher\":{\"@id\":\"https:\/\/hobierotikshop.com.tr\/website1\/#organization\"},\"alternateName\":\"Erotik Shop\",\"potentialAction\":[{\"@type\":\"SearchAction\",\"target\":{\"@type\":\"EntryPoint\",\"urlTemplate\":\"https:\/\/hobierotikshop.com.tr\/website1\/?s={search_term_string}\"},\"query-input\":{\"@type\":\"PropertyValueSpecification\",\"valueRequired\":true,\"valueName\":\"search_term_string\"}}],\"inLanguage\":\"tr\"},{\"@type\":\"Organization\",\"@id\":\"https:\/\/hobierotikshop.com.tr\/website1\/#organization\",\"name\":\"Harem Bursa Erotik Shop\",\"url\":\"https:\/\/hobierotikshop.com.tr\/website1\/\",\"logo\":{\"@type\":\"ImageObject\",\"inLanguage\":\"tr\",\"@id\":\"https:\/\/hobierotikshop.com.tr\/website1\/#\/schema\/logo\/image\/\",\"url\":\"https:\/\/haremerotikshop.com\/site\/wp-content\/uploads\/2025\/03\/haremsexshop.png\",\"contentUrl\":\"https:\/\/haremerotikshop.com\/site\/wp-content\/uploads\/2025\/03\/haremsexshop.png\",\"width\":400,\"height\":100,\"caption\":\"Harem Bursa Erotik Shop\"},\"image\":{\"@id\":\"https:\/\/hobierotikshop.com.tr\/website1\/#\/schema\/logo\/image\/\"},\"sameAs\":[\"https:\/\/x.com\/shopbursa\"],\"publishingPrinciples\":\"https:\/\/hobierotikshop.com.tr\/website1\/mesafeli-satis-sozlesmesi\/\",\"ownershipFundingInfo\":\"https:\/\/hobierotikshop.com.tr\/website1\/contact-us\/\",\"actionableFeedbackPolicy\":\"https:\/\/hobierotikshop.com.tr\/website1\/contact-us\/\",\"correctionsPolicy\":\"https:\/\/hobierotikshop.com.tr\/website1\/mesafeli-satis-sozlesmesi\/\"}]}<\/script>\n<meta property=\"product:price:amount\" content=\"2200.00\" \/>\n<meta property=\"product:price:currency\" content=\"TRY\" \/>\n<meta property=\"og:availability\" content=\"instock\" \/>\n<meta property=\"product:availability\" content=\"instock\" \/>\n<meta property=\"product:retailer_item_id\" content=\"BDM1345\" \/>\n<meta property=\"product:condition\" content=\"new\" \/>\n<!-- \/ Yoast SEO Premium plugin. -->","yoast_head_json":{"title":"Usb \u015earjl\u0131 Klitoris Uyar\u0131c\u0131l\u0131 G\u00fc\u00e7l\u00fc Titre\u015fimli Siyah Silikon Penis Halkas\u0131 - Ruben - Bursa Erotik Shop","robots":{"index":"index","follow":"follow","max-snippet":"max-snippet:-1","max-image-preview":"max-image-preview:large","max-video-preview":"max-video-preview:-1"},"canonical":"https:\/\/hobierotikshop.com.tr\/website1\/erotik-shop-urun\/usb-sarjli-klitoris-uyaricili-guclu-titresimli-siyah-silikon-penis-halkasi-ruben\/","og_locale":"tr_TR","og_type":"article","og_title":"Usb \u015earjl\u0131 Klitoris Uyar\u0131c\u0131l\u0131 G\u00fc\u00e7l\u00fc Titre\u015fimli Siyah Silikon Penis Halkas\u0131 - Ruben","og_description":"Cinsel ya\u015fam\u0131n\u0131za yenilik katmak, partnerinizle aran\u0131zdaki tutkuyu g\u00fc\u00e7lendirmek ve kar\u015f\u0131l\u0131kl\u0131 doyumu zirveye ta\u015f\u0131mak istiyorsan\u0131z, RUBEN USB \u015earjl\u0131 Klitoris Uyar\u0131c\u0131l\u0131 Penis Halkas\u0131 tam size g\u00f6re! \u00d6zel tasar\u0131m\u0131, g\u00fc\u00e7l\u00fc titre\u015fim fonksiyonu ve ergonomik yap\u0131s\u0131 ile \u00e7iftler i\u00e7in unutulmaz bir deneyim sunar.","og_url":"https:\/\/hobierotikshop.com.tr\/website1\/erotik-shop-urun\/usb-sarjli-klitoris-uyaricili-guclu-titresimli-siyah-silikon-penis-halkasi-ruben\/","og_site_name":"Bursa Erotik Shop","article_modified_time":"2026-01-08T23:58:04+00:00","og_image":[{"width":455,"height":455,"url":"https:\/\/hobierotikshop.com.tr\/website1\/wp-content\/uploads\/2025\/04\/klitoris-uyaricili-guclu-titresimli-si-9a0e60.jpg","type":"image\/jpeg"}],"twitter_card":"summary_large_image","twitter_site":"@shopbursa","twitter_misc":{"Fiyat":"&#8378;2.200,00","Availability":"In stock"},"schema":{"@context":"https:\/\/schema.org","@graph":[{"@type":"WebPage","@id":"https:\/\/hobierotikshop.com.tr\/website1\/erotik-shop-urun\/usb-sarjli-klitoris-uyaricili-guclu-titresimli-siyah-silikon-penis-halkasi-ruben\/","url":"https:\/\/hobierotikshop.com.tr\/website1\/erotik-shop-urun\/usb-sarjli-klitoris-uyaricili-guclu-titresimli-siyah-silikon-penis-halkasi-ruben\/","name":"Usb \u015earjl\u0131 Klitoris Uyar\u0131c\u0131l\u0131 G\u00fc\u00e7l\u00fc Titre\u015fimli Siyah Silikon Penis Halkas\u0131 - Ruben - Bursa Erotik Shop","isPartOf":{"@id":"https:\/\/hobierotikshop.com.tr\/website1\/#website"},"primaryImageOfPage":{"@id":"https:\/\/hobierotikshop.com.tr\/website1\/erotik-shop-urun\/usb-sarjli-klitoris-uyaricili-guclu-titresimli-siyah-silikon-penis-halkasi-ruben\/#primaryimage"},"image":{"@id":"https:\/\/hobierotikshop.com.tr\/website1\/erotik-shop-urun\/usb-sarjli-klitoris-uyaricili-guclu-titresimli-siyah-silikon-penis-halkasi-ruben\/#primaryimage"},"thumbnailUrl":"https:\/\/haremerotikshop.com\/site\/wp-content\/uploads\/2025\/04\/klitoris-uyaricili-guclu-titresimli-si-9a0e60.jpg","datePublished":"2025-04-26T14:08:27+00:00","dateModified":"2026-01-08T23:58:04+00:00","breadcrumb":{"@id":"https:\/\/hobierotikshop.com.tr\/website1\/erotik-shop-urun\/usb-sarjli-klitoris-uyaricili-guclu-titresimli-siyah-silikon-penis-halkasi-ruben\/#breadcrumb"},"inLanguage":"tr","potentialAction":[{"@type":"ReadAction","target":["https:\/\/hobierotikshop.com.tr\/website1\/erotik-shop-urun\/usb-sarjli-klitoris-uyaricili-guclu-titresimli-siyah-silikon-penis-halkasi-ruben\/"]}]},{"@type":"ImageObject","inLanguage":"tr","@id":"https:\/\/hobierotikshop.com.tr\/website1\/erotik-shop-urun\/usb-sarjli-klitoris-uyaricili-guclu-titresimli-siyah-silikon-penis-halkasi-ruben\/#primaryimage","url":"https:\/\/haremerotikshop.com\/site\/wp-content\/uploads\/2025\/04\/klitoris-uyaricili-guclu-titresimli-si-9a0e60.jpg","contentUrl":"https:\/\/haremerotikshop.com\/site\/wp-content\/uploads\/2025\/04\/klitoris-uyaricili-guclu-titresimli-si-9a0e60.jpg","width":455,"height":455},{"@type":"BreadcrumbList","@id":"https:\/\/hobierotikshop.com.tr\/website1\/erotik-shop-urun\/usb-sarjli-klitoris-uyaricili-guclu-titresimli-siyah-silikon-penis-halkasi-ruben\/#breadcrumb","itemListElement":[{"@type":"ListItem","position":1,"name":"Anasayfa","item":"https:\/\/hobierotikshop.com.tr\/website1\/"},{"@type":"ListItem","position":2,"name":"Erotik Shop \u00dcr\u00fcnleri","item":"https:\/\/hobierotikshop.com.tr\/website1\/shop\/"},{"@type":"ListItem","position":3,"name":"Usb \u015earjl\u0131 Klitoris Uyar\u0131c\u0131l\u0131 G\u00fc\u00e7l\u00fc Titre\u015fimli Siyah Silikon Penis Halkas\u0131 &#8211; Ruben"}]},{"@type":"WebSite","@id":"https:\/\/hobierotikshop.com.tr\/website1\/#website","url":"https:\/\/hobierotikshop.com.tr\/website1\/","name":"Bursa Erotik Shop","description":"Bursa Erotik Shop ile g\u00fcvenli, gizli ve kaliteli yeti\u015fkin \u00fcr\u00fcnleri al\u0131\u015fveri\u015fi! Geni\u015f \u00fcr\u00fcn yelpazemizi ke\u015ffedin, hemen sipari\u015f verin","publisher":{"@id":"https:\/\/hobierotikshop.com.tr\/website1\/#organization"},"alternateName":"Erotik Shop","potentialAction":[{"@type":"SearchAction","target":{"@type":"EntryPoint","urlTemplate":"https:\/\/hobierotikshop.com.tr\/website1\/?s={search_term_string}"},"query-input":{"@type":"PropertyValueSpecification","valueRequired":true,"valueName":"search_term_string"}}],"inLanguage":"tr"},{"@type":"Organization","@id":"https:\/\/hobierotikshop.com.tr\/website1\/#organization","name":"Harem Bursa Erotik Shop","url":"https:\/\/hobierotikshop.com.tr\/website1\/","logo":{"@type":"ImageObject","inLanguage":"tr","@id":"https:\/\/hobierotikshop.com.tr\/website1\/#\/schema\/logo\/image\/","url":"https:\/\/haremerotikshop.com\/site\/wp-content\/uploads\/2025\/03\/haremsexshop.png","contentUrl":"https:\/\/haremerotikshop.com\/site\/wp-content\/uploads\/2025\/03\/haremsexshop.png","width":400,"height":100,"caption":"Harem Bursa Erotik Shop"},"image":{"@id":"https:\/\/hobierotikshop.com.tr\/website1\/#\/schema\/logo\/image\/"},"sameAs":["https:\/\/x.com\/shopbursa"],"publishingPrinciples":"https:\/\/hobierotikshop.com.tr\/website1\/mesafeli-satis-sozlesmesi\/","ownershipFundingInfo":"https:\/\/hobierotikshop.com.tr\/website1\/contact-us\/","actionableFeedbackPolicy":"https:\/\/hobierotikshop.com.tr\/website1\/contact-us\/","correctionsPolicy":"https:\/\/hobierotikshop.com.tr\/website1\/mesafeli-satis-sozlesmesi\/"}]},"product_price_amount":"2200.00","product_price_currency":"TRY","og_availability":"instock","product_availability":"instock","product_retailer_item_id":"BDM1345","product_condition":"new"},"_links":{"self":[{"href":"https:\/\/haremerotikshop.com\/site\/wp-json\/wp\/v2\/product\/44988","targetHints":{"allow":["GET"]}}],"collection":[{"href":"https:\/\/haremerotikshop.com\/site\/wp-json\/wp\/v2\/product"}],"about":[{"href":"https:\/\/haremerotikshop.com\/site\/wp-json\/wp\/v2\/types\/product"}],"replies":[{"embeddable":true,"href":"https:\/\/haremerotikshop.com\/site\/wp-json\/wp\/v2\/comments?post=44988"}],"version-history":[{"count":0,"href":"https:\/\/haremerotikshop.com\/site\/wp-json\/wp\/v2\/product\/44988\/revisions"}],"wp:featuredmedia":[{"embeddable":true,"href":"https:\/\/haremerotikshop.com\/site\/wp-json\/wp\/v2\/media\/44990"}],"wp:attachment":[{"href":"https:\/\/haremerotikshop.com\/site\/wp-json\/wp\/v2\/media?parent=44988"}],"wp:term":[{"taxonomy":"product_brand","embeddable":true,"href":"https:\/\/haremerotikshop.com\/site\/wp-json\/wp\/v2\/product_brand?post=44988"},{"taxonomy":"product_cat","embeddable":true,"href":"https:\/\/haremerotikshop.com\/site\/wp-json\/wp\/v2\/product_cat?post=44988"},{"taxonomy":"product_tag","embeddable":true,"href":"https:\/\/haremerotikshop.com\/site\/wp-json\/wp\/v2\/product_tag?post=44988"}],"curies":[{"name":"wp","href":"https:\/\/api.w.org\/{rel}","templated":true}]}}