{"id":45016,"date":"2025-04-26T17:08:27","date_gmt":"2025-04-26T14:08:27","guid":{"rendered":"https:\/\/haremerotikshop.com\/site\/erotik-shop-urun\/kalinlastirici-seffaf-penis-kilifi-jeremy\/"},"modified":"2026-01-08T15:07:24","modified_gmt":"2026-01-08T12:07:24","slug":"kalinlastirici-seffaf-penis-kilifi-jeremy","status":"publish","type":"product","link":"https:\/\/haremerotikshop.com\/site\/erotik-shop-urun\/kalinlastirici-seffaf-penis-kilifi-jeremy\/","title":{"rendered":"Kal\u0131nla\u015ft\u0131r\u0131c\u0131 \u015eeffaf Penis K\u0131l\u0131f\u0131 &#8211; Jeremy"},"content":{"rendered":"<h1 class=\"\" data-start=\"103\" data-end=\"139\">Kal\u0131nla\u015ft\u0131r\u0131c\u0131 \u015eeffaf Penis K\u0131l\u0131f\u0131<\/h1>\n<p class=\"\" data-start=\"141\" data-end=\"507\"><strong data-start=\"141\" data-end=\"179\">Kal\u0131nla\u015ft\u0131r\u0131c\u0131 \u015eeffaf Penis K\u0131l\u0131f\u0131<\/strong>, hem sizin hem de partnerinizin hazlar\u0131n\u0131 art\u0131racak \u015fekilde tasarlanm\u0131\u015f m\u00fckemmel bir \u00fcr\u00fcnd\u00fcr. \u015eeffaf yap\u0131s\u0131 sayesinde, do\u011fal g\u00f6r\u00fcn\u00fcme sahip olman\u0131za olanak tan\u0131rken, sa\u011flad\u0131\u011f\u0131 ekstra kal\u0131nl\u0131kla daha fazla zevk sunar. Esnek yap\u0131s\u0131 ve kaliteli malzemesi ile her v\u00fccut tipine uyum sa\u011flayarak, konforlu bir kullan\u0131m deneyimi sunar.<\/p>\n<hr class=\"\" data-start=\"509\" data-end=\"512\" \/>\n<h3 class=\"\" data-start=\"514\" data-end=\"535\">\u00dcr\u00fcn \u00d6zellikleri:<\/h3>\n<ul data-start=\"537\" data-end=\"1656\">\n<li class=\"\" data-start=\"537\" data-end=\"785\">\n<p class=\"\" data-start=\"539\" data-end=\"785\"><strong data-start=\"539\" data-end=\"567\">Esnek ve Uyumlu Tasar\u0131m:<\/strong> Her penise uyum sa\u011flayan esnek yap\u0131s\u0131 sayesinde rahat\u00e7a kullan\u0131labilir. Yumu\u015fak lateks dokusu, hem sizin hem de partnerinizin rahat\u0131n\u0131 sa\u011flar. Esnek yap\u0131s\u0131, kullan\u0131c\u0131n\u0131n istedi\u011fi rahatl\u0131\u011f\u0131 elde etmesine yard\u0131mc\u0131 olur.<\/p>\n<\/li>\n<li class=\"\" data-start=\"787\" data-end=\"1001\">\n<p class=\"\" data-start=\"789\" data-end=\"1001\"><strong data-start=\"789\" data-end=\"824\">Y\u00fcksek Kaliteli Lateks Malzeme:<\/strong> Kal\u0131nla\u015ft\u0131r\u0131c\u0131 \u015feffaf penis k\u0131l\u0131f\u0131, yumu\u015fak lateks malzemeden \u00fcretilmi\u015ftir. Bu malzeme, cilt dostu olup, herhangi bir alerjik reaksiyon olu\u015fturmaz ve rahat bir kullan\u0131m sa\u011flar.<\/p>\n<\/li>\n<li class=\"\" data-start=\"1003\" data-end=\"1205\">\n<p class=\"\" data-start=\"1005\" data-end=\"1205\"><strong data-start=\"1005\" data-end=\"1030\">\u00d6zel Kal\u0131nl\u0131k Art\u0131\u015f\u0131:<\/strong> 3,6 cm d\u0131\u015f \u00e7ap\u0131 ile kal\u0131nl\u0131k art\u0131rma sa\u011flarken, i\u00e7 \u00e7ap\u0131 2,5 cm ile uyumlu bir kullan\u0131m sunar. Bu \u00f6zellik, partnerinizle daha tatmin edici bir deneyim ya\u015faman\u0131za olanak verir.<\/p>\n<\/li>\n<li class=\"\" data-start=\"1207\" data-end=\"1376\">\n<p class=\"\" data-start=\"1209\" data-end=\"1376\"><strong data-start=\"1209\" data-end=\"1232\">Kullan\u0131m Kolayl\u0131\u011f\u0131:<\/strong> Toplamda 7 cm uzunlu\u011funda olan k\u0131l\u0131f, sokulabilir uzunlu\u011fu ile m\u00fckemmel bir uyum sa\u011flar. Hem k\u0131sa hem de uzun s\u00fcreli kullan\u0131mlar i\u00e7in idealdir.<\/p>\n<\/li>\n<li class=\"\" data-start=\"1378\" data-end=\"1509\">\n<p class=\"\" data-start=\"1380\" data-end=\"1509\"><strong data-start=\"1380\" data-end=\"1399\">\u015eeffaf G\u00f6r\u00fcn\u00fcm:<\/strong> \u015eeffaf yap\u0131s\u0131, do\u011fal bir g\u00f6r\u00fcn\u00fcm sunar. B\u00f6ylece kullan\u0131m\u0131 hem daha estetik hem de daha konforlu hale getirir.<\/p>\n<\/li>\n<li class=\"\" data-start=\"1511\" data-end=\"1656\">\n<p class=\"\" data-start=\"1513\" data-end=\"1656\"><strong data-start=\"1513\" data-end=\"1532\">Kolay Temizlik:<\/strong> Kullan\u0131m sonras\u0131 rahat\u00e7a temizlenebilir, b\u00f6ylece hijyenik ko\u015fullar sa\u011flan\u0131r ve \u00fcr\u00fcn\u00fcn uzun s\u00fcreli kullan\u0131m\u0131 garanti edilir.<\/p>\n<\/li>\n<\/ul>\n<hr class=\"\" data-start=\"1658\" data-end=\"1661\" \/>\n<h3 class=\"\" data-start=\"1663\" data-end=\"1688\">Kullan\u0131m Avantajlar\u0131:<\/h3>\n<ul data-start=\"1690\" data-end=\"2314\">\n<li class=\"\" data-start=\"1690\" data-end=\"1891\">\n<p class=\"\" data-start=\"1692\" data-end=\"1891\"><strong data-start=\"1692\" data-end=\"1723\">Kal\u0131nl\u0131k ve Uzunluk Art\u0131\u015f\u0131:<\/strong> Kal\u0131nla\u015ft\u0131r\u0131c\u0131 \u015feffaf penis k\u0131l\u0131f\u0131, hem uzunlu\u011fu hem de kal\u0131nl\u0131\u011f\u0131 art\u0131rarak daha tatmin edici bir deneyim sunar. Hem siz hem de partneriniz i\u00e7in daha fazla haz sa\u011flar.<\/p>\n<\/li>\n<li class=\"\" data-start=\"1893\" data-end=\"2031\">\n<p class=\"\" data-start=\"1895\" data-end=\"2031\"><strong data-start=\"1895\" data-end=\"1920\">Esneklik ve Rahatl\u0131k:<\/strong> Esnek yap\u0131s\u0131 sayesinde, rahat\u00e7a tak\u0131l\u0131p \u00e7\u0131kar\u0131labilir. Lateks malzeme, kullan\u0131c\u0131n\u0131n konforunu \u00f6n planda tutar.<\/p>\n<\/li>\n<li class=\"\" data-start=\"2033\" data-end=\"2185\">\n<p class=\"\" data-start=\"2035\" data-end=\"2185\"><strong data-start=\"2035\" data-end=\"2070\">Cilt Dostu ve G\u00fcvenli Kullan\u0131m:<\/strong> Yumu\u015fak lateks dokusu cilde zarar vermez, alerjik reaksiyonlar\u0131 engeller ve sa\u011fl\u0131kl\u0131 bir kullan\u0131m deneyimi sa\u011flar.<\/p>\n<\/li>\n<li class=\"\" data-start=\"2187\" data-end=\"2314\">\n<p class=\"\" data-start=\"2189\" data-end=\"2314\"><strong data-start=\"2189\" data-end=\"2212\">Zevkli Bir Deneyim:<\/strong> Hem fiziksel rahatl\u0131k hem de art\u0131r\u0131lm\u0131\u015f boyut sayesinde, daha fazla zevk ve haz elde etmenizi sa\u011flar.<\/p>\n<\/li>\n<\/ul>\n<hr class=\"\" data-start=\"2316\" data-end=\"2319\" \/>\n<h3 class=\"\" data-start=\"2321\" data-end=\"2355\">Sipari\u015f ve Teslimat Bilgileri:<\/h3>\n<ul data-start=\"2357\" data-end=\"2814\">\n<li class=\"\" data-start=\"2357\" data-end=\"2496\">\n<p class=\"\" data-start=\"2359\" data-end=\"2496\"><strong data-start=\"2359\" data-end=\"2379\">Gizli Paketleme:<\/strong> Sipari\u015fleriniz, i\u00e7eri\u011fi anla\u015f\u0131lmayacak \u015fekilde gizli ve kapal\u0131 kolilerle g\u00f6nderilir. Gizlili\u011finiz \u00f6n planda tutulur.<\/p>\n<\/li>\n<li class=\"\" data-start=\"2498\" data-end=\"2648\">\n<p class=\"\" data-start=\"2500\" data-end=\"2648\"><strong data-start=\"2500\" data-end=\"2519\">H\u0131zl\u0131 Teslimat:<\/strong> Sipari\u015fleriniz h\u0131zl\u0131 bir \u015fekilde, g\u00fcvenli bir \u015fekilde size ula\u015ft\u0131r\u0131l\u0131r. \u00dcr\u00fcn, firman\u0131z g\u00fcvencesi alt\u0131nda eksiksiz teslim edilir.<\/p>\n<\/li>\n<li class=\"\" data-start=\"2650\" data-end=\"2814\">\n<p class=\"\" data-start=\"2652\" data-end=\"2814\"><strong data-start=\"2652\" data-end=\"2682\">\u00c7e\u015fitli \u00d6deme Se\u00e7enekleri:<\/strong> Kap\u0131da \u00f6deme, kredi kart\u0131 veya banka havalesi ile g\u00fcvenli al\u0131\u015fveri\u015f yapabilirsiniz. B\u00fct\u00fcn \u00f6deme se\u00e7enekleri \u015feffaf ve g\u00fcvenilirdir.<\/p>\n<\/li>\n<\/ul>\n<hr class=\"\" data-start=\"2816\" data-end=\"2819\" \/>\n<h3 class=\"\" data-start=\"2821\" data-end=\"2870\">Neden <strong data-start=\"2831\" data-end=\"2869\">Kal\u0131nla\u015ft\u0131r\u0131c\u0131 \u015eeffaf Penis K\u0131l\u0131f\u0131<\/strong>?<\/h3>\n<p class=\"\" data-start=\"2872\" data-end=\"3297\"><strong data-start=\"2872\" data-end=\"2910\">Kal\u0131nla\u015ft\u0131r\u0131c\u0131 \u015eeffaf Penis K\u0131l\u0131f\u0131<\/strong>, do\u011fal g\u00f6r\u00fcn\u00fcm\u00fc ve art\u0131rd\u0131\u011f\u0131 kal\u0131nl\u0131kla hem sizin hem de partnerinizin tatminini art\u0131racak ideal bir \u00fcr\u00fcnd\u00fcr. Esnek yap\u0131s\u0131 sayesinde her v\u00fccut tipine uyum sa\u011flar ve kullan\u0131m s\u0131ras\u0131nda rahatl\u0131k sunar. Kaliteli lateks malzeme, cilt dostu olup uzun s\u00fcreli kullan\u0131mda bile g\u00fcvenle kullan\u0131labilir. \u015eeffaf yap\u0131s\u0131 ve kolay temizlenebilir \u00f6zellikleriyle, hijyenik ve estetik bir deneyim sa\u011flar.<\/p>\n<hr class=\"\" data-start=\"3299\" data-end=\"3302\" \/>\n<p class=\"\" data-start=\"3304\" data-end=\"3375\">\ud83c\udfaf <strong data-start=\"3307\" data-end=\"3375\">\u015eimdi sipari\u015f verin ve daha fazla tatmin edici anlara ad\u0131m at\u0131n!<\/strong><\/p>\n<p>&nbsp;<\/p>\n<p>&nbsp;<\/p>\n<p>&nbsp;<\/p>\n","protected":false},"excerpt":{"rendered":"<p><strong data-start=\"141\" data-end=\"179\">Kal\u0131nla\u015ft\u0131r\u0131c\u0131 \u015eeffaf Penis K\u0131l\u0131f\u0131<\/strong>, hem sizin hem de partnerinizin hazlar\u0131n\u0131 art\u0131racak \u015fekilde tasarlanm\u0131\u015f m\u00fckemmel bir \u00fcr\u00fcnd\u00fcr. \u015eeffaf yap\u0131s\u0131 sayesinde, do\u011fal g\u00f6r\u00fcn\u00fcme sahip olman\u0131za olanak tan\u0131rken, sa\u011flad\u0131\u011f\u0131 ekstra kal\u0131nl\u0131kla daha fazla zevk sunar. Esnek yap\u0131s\u0131 ve kaliteli malzemesi ile her v\u00fccut tipine uyum sa\u011flayarak, konforlu bir kullan\u0131m deneyimi sunar.<\/p>\n","protected":false},"featured_media":45018,"comment_status":"closed","ping_status":"closed","template":"","meta":[],"product_brand":[],"product_cat":[505],"product_tag":[],"class_list":{"0":"post-45016","1":"product","2":"type-product","3":"status-publish","4":"has-post-thumbnail","6":"product_cat-penis-kiliflari-halkalari","8":"first","9":"instock","10":"purchasable","11":"product-type-simple"},"yoast_head":"<!-- This site is optimized with the Yoast SEO Premium plugin v24.4 (Yoast SEO v27.1.1) - https:\/\/yoast.com\/product\/yoast-seo-premium-wordpress\/ -->\n<title>Kal\u0131nla\u015ft\u0131r\u0131c\u0131 \u015eeffaf Penis K\u0131l\u0131f\u0131 - Jeremy - Bursa Erotik Shop<\/title>\n<meta name=\"robots\" content=\"index, follow, max-snippet:-1, max-image-preview:large, max-video-preview:-1\" \/>\n<link rel=\"canonical\" href=\"https:\/\/hobierotikshop.com.tr\/website1\/erotik-shop-urun\/kalinlastirici-seffaf-penis-kilifi-jeremy\/\" \/>\n<meta property=\"og:locale\" content=\"tr_TR\" \/>\n<meta property=\"og:type\" content=\"article\" \/>\n<meta property=\"og:title\" content=\"Kal\u0131nla\u015ft\u0131r\u0131c\u0131 \u015eeffaf Penis K\u0131l\u0131f\u0131 - Jeremy\" \/>\n<meta property=\"og:description\" content=\"Kal\u0131nla\u015ft\u0131r\u0131c\u0131 \u015eeffaf Penis K\u0131l\u0131f\u0131, hem sizin hem de partnerinizin hazlar\u0131n\u0131 art\u0131racak \u015fekilde tasarlanm\u0131\u015f m\u00fckemmel bir \u00fcr\u00fcnd\u00fcr. \u015eeffaf yap\u0131s\u0131 sayesinde, do\u011fal g\u00f6r\u00fcn\u00fcme sahip olman\u0131za olanak tan\u0131rken, sa\u011flad\u0131\u011f\u0131 ekstra kal\u0131nl\u0131kla daha fazla zevk sunar. Esnek yap\u0131s\u0131 ve kaliteli malzemesi ile her v\u00fccut tipine uyum sa\u011flayarak, konforlu bir kullan\u0131m deneyimi sunar.\" \/>\n<meta property=\"og:url\" content=\"https:\/\/hobierotikshop.com.tr\/website1\/erotik-shop-urun\/kalinlastirici-seffaf-penis-kilifi-jeremy\/\" \/>\n<meta property=\"og:site_name\" content=\"Bursa Erotik Shop\" \/>\n<meta property=\"article:modified_time\" content=\"2026-01-08T12:07:24+00:00\" \/>\n<meta property=\"og:image\" content=\"https:\/\/hobierotikshop.com.tr\/website1\/wp-content\/uploads\/2025\/04\/kalinlastirici-seffaf-penis-kilifi-jer-cb4e-1.jpg\" \/>\n\t<meta property=\"og:image:width\" content=\"455\" \/>\n\t<meta property=\"og:image:height\" content=\"455\" \/>\n\t<meta property=\"og:image:type\" content=\"image\/jpeg\" \/>\n<meta name=\"twitter:card\" content=\"summary_large_image\" \/>\n<meta name=\"twitter:site\" content=\"@shopbursa\" \/>\n<meta name=\"twitter:label1\" content=\"Fiyat\" \/>\n\t<meta name=\"twitter:data1\" content=\"&#8378;400,00\" \/>\n\t<meta name=\"twitter:label2\" content=\"Availability\" \/>\n\t<meta name=\"twitter:data2\" content=\"In stock\" \/>\n<script type=\"application\/ld+json\" class=\"yoast-schema-graph\">{\"@context\":\"https:\/\/schema.org\",\"@graph\":[{\"@type\":\"WebPage\",\"@id\":\"https:\/\/hobierotikshop.com.tr\/website1\/erotik-shop-urun\/kalinlastirici-seffaf-penis-kilifi-jeremy\/\",\"url\":\"https:\/\/hobierotikshop.com.tr\/website1\/erotik-shop-urun\/kalinlastirici-seffaf-penis-kilifi-jeremy\/\",\"name\":\"Kal\u0131nla\u015ft\u0131r\u0131c\u0131 \u015eeffaf Penis K\u0131l\u0131f\u0131 - Jeremy - Bursa Erotik Shop\",\"isPartOf\":{\"@id\":\"https:\/\/hobierotikshop.com.tr\/website1\/#website\"},\"primaryImageOfPage\":{\"@id\":\"https:\/\/hobierotikshop.com.tr\/website1\/erotik-shop-urun\/kalinlastirici-seffaf-penis-kilifi-jeremy\/#primaryimage\"},\"image\":{\"@id\":\"https:\/\/hobierotikshop.com.tr\/website1\/erotik-shop-urun\/kalinlastirici-seffaf-penis-kilifi-jeremy\/#primaryimage\"},\"thumbnailUrl\":\"https:\/\/haremerotikshop.com\/site\/wp-content\/uploads\/2025\/04\/kalinlastirici-seffaf-penis-kilifi-jer-cb4e-1.jpg\",\"datePublished\":\"2025-04-26T14:08:27+00:00\",\"dateModified\":\"2026-01-08T12:07:24+00:00\",\"breadcrumb\":{\"@id\":\"https:\/\/hobierotikshop.com.tr\/website1\/erotik-shop-urun\/kalinlastirici-seffaf-penis-kilifi-jeremy\/#breadcrumb\"},\"inLanguage\":\"tr\",\"potentialAction\":[{\"@type\":\"ReadAction\",\"target\":[\"https:\/\/hobierotikshop.com.tr\/website1\/erotik-shop-urun\/kalinlastirici-seffaf-penis-kilifi-jeremy\/\"]}]},{\"@type\":\"ImageObject\",\"inLanguage\":\"tr\",\"@id\":\"https:\/\/hobierotikshop.com.tr\/website1\/erotik-shop-urun\/kalinlastirici-seffaf-penis-kilifi-jeremy\/#primaryimage\",\"url\":\"https:\/\/haremerotikshop.com\/site\/wp-content\/uploads\/2025\/04\/kalinlastirici-seffaf-penis-kilifi-jer-cb4e-1.jpg\",\"contentUrl\":\"https:\/\/haremerotikshop.com\/site\/wp-content\/uploads\/2025\/04\/kalinlastirici-seffaf-penis-kilifi-jer-cb4e-1.jpg\",\"width\":455,\"height\":455},{\"@type\":\"BreadcrumbList\",\"@id\":\"https:\/\/hobierotikshop.com.tr\/website1\/erotik-shop-urun\/kalinlastirici-seffaf-penis-kilifi-jeremy\/#breadcrumb\",\"itemListElement\":[{\"@type\":\"ListItem\",\"position\":1,\"name\":\"Anasayfa\",\"item\":\"https:\/\/hobierotikshop.com.tr\/website1\/\"},{\"@type\":\"ListItem\",\"position\":2,\"name\":\"Erotik Shop \u00dcr\u00fcnleri\",\"item\":\"https:\/\/hobierotikshop.com.tr\/website1\/shop\/\"},{\"@type\":\"ListItem\",\"position\":3,\"name\":\"Kal\u0131nla\u015ft\u0131r\u0131c\u0131 \u015eeffaf Penis K\u0131l\u0131f\u0131 &#8211; Jeremy\"}]},{\"@type\":\"WebSite\",\"@id\":\"https:\/\/hobierotikshop.com.tr\/website1\/#website\",\"url\":\"https:\/\/hobierotikshop.com.tr\/website1\/\",\"name\":\"Bursa Erotik Shop\",\"description\":\"Bursa Erotik Shop ile g\u00fcvenli, gizli ve kaliteli yeti\u015fkin \u00fcr\u00fcnleri al\u0131\u015fveri\u015fi! Geni\u015f \u00fcr\u00fcn yelpazemizi ke\u015ffedin, hemen sipari\u015f verin\",\"publisher\":{\"@id\":\"https:\/\/hobierotikshop.com.tr\/website1\/#organization\"},\"alternateName\":\"Erotik Shop\",\"potentialAction\":[{\"@type\":\"SearchAction\",\"target\":{\"@type\":\"EntryPoint\",\"urlTemplate\":\"https:\/\/hobierotikshop.com.tr\/website1\/?s={search_term_string}\"},\"query-input\":{\"@type\":\"PropertyValueSpecification\",\"valueRequired\":true,\"valueName\":\"search_term_string\"}}],\"inLanguage\":\"tr\"},{\"@type\":\"Organization\",\"@id\":\"https:\/\/hobierotikshop.com.tr\/website1\/#organization\",\"name\":\"Harem Bursa Erotik Shop\",\"url\":\"https:\/\/hobierotikshop.com.tr\/website1\/\",\"logo\":{\"@type\":\"ImageObject\",\"inLanguage\":\"tr\",\"@id\":\"https:\/\/hobierotikshop.com.tr\/website1\/#\/schema\/logo\/image\/\",\"url\":\"https:\/\/haremerotikshop.com\/site\/wp-content\/uploads\/2025\/03\/haremsexshop.png\",\"contentUrl\":\"https:\/\/haremerotikshop.com\/site\/wp-content\/uploads\/2025\/03\/haremsexshop.png\",\"width\":400,\"height\":100,\"caption\":\"Harem Bursa Erotik Shop\"},\"image\":{\"@id\":\"https:\/\/hobierotikshop.com.tr\/website1\/#\/schema\/logo\/image\/\"},\"sameAs\":[\"https:\/\/x.com\/shopbursa\"],\"publishingPrinciples\":\"https:\/\/hobierotikshop.com.tr\/website1\/mesafeli-satis-sozlesmesi\/\",\"ownershipFundingInfo\":\"https:\/\/hobierotikshop.com.tr\/website1\/contact-us\/\",\"actionableFeedbackPolicy\":\"https:\/\/hobierotikshop.com.tr\/website1\/contact-us\/\",\"correctionsPolicy\":\"https:\/\/hobierotikshop.com.tr\/website1\/mesafeli-satis-sozlesmesi\/\"}]}<\/script>\n<meta property=\"product:price:amount\" content=\"400.00\" \/>\n<meta property=\"product:price:currency\" content=\"TRY\" \/>\n<meta property=\"og:availability\" content=\"instock\" \/>\n<meta property=\"product:availability\" content=\"instock\" \/>\n<meta property=\"product:retailer_item_id\" content=\"BDM1348\" \/>\n<meta property=\"product:condition\" content=\"new\" \/>\n<!-- \/ Yoast SEO Premium plugin. -->","yoast_head_json":{"title":"Kal\u0131nla\u015ft\u0131r\u0131c\u0131 \u015eeffaf Penis K\u0131l\u0131f\u0131 - Jeremy - Bursa Erotik Shop","robots":{"index":"index","follow":"follow","max-snippet":"max-snippet:-1","max-image-preview":"max-image-preview:large","max-video-preview":"max-video-preview:-1"},"canonical":"https:\/\/hobierotikshop.com.tr\/website1\/erotik-shop-urun\/kalinlastirici-seffaf-penis-kilifi-jeremy\/","og_locale":"tr_TR","og_type":"article","og_title":"Kal\u0131nla\u015ft\u0131r\u0131c\u0131 \u015eeffaf Penis K\u0131l\u0131f\u0131 - Jeremy","og_description":"Kal\u0131nla\u015ft\u0131r\u0131c\u0131 \u015eeffaf Penis K\u0131l\u0131f\u0131, hem sizin hem de partnerinizin hazlar\u0131n\u0131 art\u0131racak \u015fekilde tasarlanm\u0131\u015f m\u00fckemmel bir \u00fcr\u00fcnd\u00fcr. \u015eeffaf yap\u0131s\u0131 sayesinde, do\u011fal g\u00f6r\u00fcn\u00fcme sahip olman\u0131za olanak tan\u0131rken, sa\u011flad\u0131\u011f\u0131 ekstra kal\u0131nl\u0131kla daha fazla zevk sunar. Esnek yap\u0131s\u0131 ve kaliteli malzemesi ile her v\u00fccut tipine uyum sa\u011flayarak, konforlu bir kullan\u0131m deneyimi sunar.","og_url":"https:\/\/hobierotikshop.com.tr\/website1\/erotik-shop-urun\/kalinlastirici-seffaf-penis-kilifi-jeremy\/","og_site_name":"Bursa Erotik Shop","article_modified_time":"2026-01-08T12:07:24+00:00","og_image":[{"width":455,"height":455,"url":"https:\/\/hobierotikshop.com.tr\/website1\/wp-content\/uploads\/2025\/04\/kalinlastirici-seffaf-penis-kilifi-jer-cb4e-1.jpg","type":"image\/jpeg"}],"twitter_card":"summary_large_image","twitter_site":"@shopbursa","twitter_misc":{"Fiyat":"&#8378;400,00","Availability":"In stock"},"schema":{"@context":"https:\/\/schema.org","@graph":[{"@type":"WebPage","@id":"https:\/\/hobierotikshop.com.tr\/website1\/erotik-shop-urun\/kalinlastirici-seffaf-penis-kilifi-jeremy\/","url":"https:\/\/hobierotikshop.com.tr\/website1\/erotik-shop-urun\/kalinlastirici-seffaf-penis-kilifi-jeremy\/","name":"Kal\u0131nla\u015ft\u0131r\u0131c\u0131 \u015eeffaf Penis K\u0131l\u0131f\u0131 - Jeremy - Bursa Erotik Shop","isPartOf":{"@id":"https:\/\/hobierotikshop.com.tr\/website1\/#website"},"primaryImageOfPage":{"@id":"https:\/\/hobierotikshop.com.tr\/website1\/erotik-shop-urun\/kalinlastirici-seffaf-penis-kilifi-jeremy\/#primaryimage"},"image":{"@id":"https:\/\/hobierotikshop.com.tr\/website1\/erotik-shop-urun\/kalinlastirici-seffaf-penis-kilifi-jeremy\/#primaryimage"},"thumbnailUrl":"https:\/\/haremerotikshop.com\/site\/wp-content\/uploads\/2025\/04\/kalinlastirici-seffaf-penis-kilifi-jer-cb4e-1.jpg","datePublished":"2025-04-26T14:08:27+00:00","dateModified":"2026-01-08T12:07:24+00:00","breadcrumb":{"@id":"https:\/\/hobierotikshop.com.tr\/website1\/erotik-shop-urun\/kalinlastirici-seffaf-penis-kilifi-jeremy\/#breadcrumb"},"inLanguage":"tr","potentialAction":[{"@type":"ReadAction","target":["https:\/\/hobierotikshop.com.tr\/website1\/erotik-shop-urun\/kalinlastirici-seffaf-penis-kilifi-jeremy\/"]}]},{"@type":"ImageObject","inLanguage":"tr","@id":"https:\/\/hobierotikshop.com.tr\/website1\/erotik-shop-urun\/kalinlastirici-seffaf-penis-kilifi-jeremy\/#primaryimage","url":"https:\/\/haremerotikshop.com\/site\/wp-content\/uploads\/2025\/04\/kalinlastirici-seffaf-penis-kilifi-jer-cb4e-1.jpg","contentUrl":"https:\/\/haremerotikshop.com\/site\/wp-content\/uploads\/2025\/04\/kalinlastirici-seffaf-penis-kilifi-jer-cb4e-1.jpg","width":455,"height":455},{"@type":"BreadcrumbList","@id":"https:\/\/hobierotikshop.com.tr\/website1\/erotik-shop-urun\/kalinlastirici-seffaf-penis-kilifi-jeremy\/#breadcrumb","itemListElement":[{"@type":"ListItem","position":1,"name":"Anasayfa","item":"https:\/\/hobierotikshop.com.tr\/website1\/"},{"@type":"ListItem","position":2,"name":"Erotik Shop \u00dcr\u00fcnleri","item":"https:\/\/hobierotikshop.com.tr\/website1\/shop\/"},{"@type":"ListItem","position":3,"name":"Kal\u0131nla\u015ft\u0131r\u0131c\u0131 \u015eeffaf Penis K\u0131l\u0131f\u0131 &#8211; Jeremy"}]},{"@type":"WebSite","@id":"https:\/\/hobierotikshop.com.tr\/website1\/#website","url":"https:\/\/hobierotikshop.com.tr\/website1\/","name":"Bursa Erotik Shop","description":"Bursa Erotik Shop ile g\u00fcvenli, gizli ve kaliteli yeti\u015fkin \u00fcr\u00fcnleri al\u0131\u015fveri\u015fi! Geni\u015f \u00fcr\u00fcn yelpazemizi ke\u015ffedin, hemen sipari\u015f verin","publisher":{"@id":"https:\/\/hobierotikshop.com.tr\/website1\/#organization"},"alternateName":"Erotik Shop","potentialAction":[{"@type":"SearchAction","target":{"@type":"EntryPoint","urlTemplate":"https:\/\/hobierotikshop.com.tr\/website1\/?s={search_term_string}"},"query-input":{"@type":"PropertyValueSpecification","valueRequired":true,"valueName":"search_term_string"}}],"inLanguage":"tr"},{"@type":"Organization","@id":"https:\/\/hobierotikshop.com.tr\/website1\/#organization","name":"Harem Bursa Erotik Shop","url":"https:\/\/hobierotikshop.com.tr\/website1\/","logo":{"@type":"ImageObject","inLanguage":"tr","@id":"https:\/\/hobierotikshop.com.tr\/website1\/#\/schema\/logo\/image\/","url":"https:\/\/haremerotikshop.com\/site\/wp-content\/uploads\/2025\/03\/haremsexshop.png","contentUrl":"https:\/\/haremerotikshop.com\/site\/wp-content\/uploads\/2025\/03\/haremsexshop.png","width":400,"height":100,"caption":"Harem Bursa Erotik Shop"},"image":{"@id":"https:\/\/hobierotikshop.com.tr\/website1\/#\/schema\/logo\/image\/"},"sameAs":["https:\/\/x.com\/shopbursa"],"publishingPrinciples":"https:\/\/hobierotikshop.com.tr\/website1\/mesafeli-satis-sozlesmesi\/","ownershipFundingInfo":"https:\/\/hobierotikshop.com.tr\/website1\/contact-us\/","actionableFeedbackPolicy":"https:\/\/hobierotikshop.com.tr\/website1\/contact-us\/","correctionsPolicy":"https:\/\/hobierotikshop.com.tr\/website1\/mesafeli-satis-sozlesmesi\/"}]},"product_price_amount":"400.00","product_price_currency":"TRY","og_availability":"instock","product_availability":"instock","product_retailer_item_id":"BDM1348","product_condition":"new"},"_links":{"self":[{"href":"https:\/\/haremerotikshop.com\/site\/wp-json\/wp\/v2\/product\/45016","targetHints":{"allow":["GET"]}}],"collection":[{"href":"https:\/\/haremerotikshop.com\/site\/wp-json\/wp\/v2\/product"}],"about":[{"href":"https:\/\/haremerotikshop.com\/site\/wp-json\/wp\/v2\/types\/product"}],"replies":[{"embeddable":true,"href":"https:\/\/haremerotikshop.com\/site\/wp-json\/wp\/v2\/comments?post=45016"}],"version-history":[{"count":0,"href":"https:\/\/haremerotikshop.com\/site\/wp-json\/wp\/v2\/product\/45016\/revisions"}],"wp:featuredmedia":[{"embeddable":true,"href":"https:\/\/haremerotikshop.com\/site\/wp-json\/wp\/v2\/media\/45018"}],"wp:attachment":[{"href":"https:\/\/haremerotikshop.com\/site\/wp-json\/wp\/v2\/media?parent=45016"}],"wp:term":[{"taxonomy":"product_brand","embeddable":true,"href":"https:\/\/haremerotikshop.com\/site\/wp-json\/wp\/v2\/product_brand?post=45016"},{"taxonomy":"product_cat","embeddable":true,"href":"https:\/\/haremerotikshop.com\/site\/wp-json\/wp\/v2\/product_cat?post=45016"},{"taxonomy":"product_tag","embeddable":true,"href":"https:\/\/haremerotikshop.com\/site\/wp-json\/wp\/v2\/product_tag?post=45016"}],"curies":[{"name":"wp","href":"https:\/\/api.w.org\/{rel}","templated":true}]}}