{"id":45051,"date":"2025-04-26T17:09:31","date_gmt":"2025-04-26T14:09:31","guid":{"rendered":"https:\/\/haremerotikshop.com\/site\/erotik-shop-urun\/elektro-sok-uyaricili-stimulasyon-4lu-ped\/"},"modified":"2026-01-08T15:00:08","modified_gmt":"2026-01-08T12:00:08","slug":"elektro-sok-uyaricili-stimulasyon-4lu-ped","status":"publish","type":"product","link":"https:\/\/haremerotikshop.com\/site\/erotik-shop-urun\/elektro-sok-uyaricili-stimulasyon-4lu-ped\/","title":{"rendered":"Elektro \u015eok Uyar\u0131c\u0131l\u0131 Stim\u00fclasyon\u00a04&#8217;L\u00fc Ped"},"content":{"rendered":"<h1 class=\"\" data-start=\"121\" data-end=\"185\">T\u00fcrkiye&#8217;de Bir \u0130lk: Elektro \u015eok Uyar\u0131c\u0131l\u0131 Stim\u00fclasyon 4&#8217;l\u00fc Ped<\/h1>\n<p class=\"\" data-start=\"187\" data-end=\"632\"><strong data-start=\"187\" data-end=\"233\">Elektro \u015eok Uyar\u0131c\u0131l\u0131 Stim\u00fclasyon 4&#8217;l\u00fc Ped<\/strong>, v\u00fccudunuzun farkl\u0131 b\u00f6lgelerinde kullanabilece\u011finiz, e\u015fsiz ve heyecan verici bir deneyim sunar. Silikondan \u00fcretilmi\u015f 4 adet elektro \u015fok pedi ile elektriksel stim\u00fclasyonun g\u00fcc\u00fcn\u00fc ke\u015ffedin. Hem solo kullan\u0131m hem de partnerli deneyimlerde, elektro \u015foklarla uyar\u0131lmay\u0131 yeni bir boyuta ta\u015f\u0131y\u0131n. T\u00fcrkiye&#8217;de bir ilk olan bu \u00fcr\u00fcn, fantezi \u00fcr\u00fcnleri koleksiyonunuzu tamamlamak i\u00e7in ideal bir se\u00e7enek sunuyor.<\/p>\n<hr class=\"\" data-start=\"634\" data-end=\"637\" \/>\n<h3 class=\"\" data-start=\"639\" data-end=\"660\">\u00dcr\u00fcn \u00d6zellikleri:<\/h3>\n<ul data-start=\"662\" data-end=\"1772\">\n<li class=\"\" data-start=\"662\" data-end=\"850\">\n<p class=\"\" data-start=\"664\" data-end=\"850\"><strong data-start=\"664\" data-end=\"692\">4 Adet Elektro \u015eok Pedi:<\/strong> V\u00fccudunuzun her b\u00f6lgesinde kullan\u0131labilen 4 adet elektro \u015fok pedinden olu\u015fur. Farkl\u0131 b\u00f6lgelerde uygulama yaparak farkl\u0131 zevkler ve hisler elde edebilirsiniz.<\/p>\n<\/li>\n<li class=\"\" data-start=\"851\" data-end=\"1010\">\n<p class=\"\" data-start=\"853\" data-end=\"1010\"><strong data-start=\"853\" data-end=\"870\">Silikon Yap\u0131:<\/strong> Y\u00fcksek kaliteli silikon malzemeden \u00fcretilmi\u015f olan pedler, cilt dostu ve g\u00fcvenli bir kullan\u0131m sa\u011flar. Uzun \u00f6m\u00fcrl\u00fcd\u00fcr ve v\u00fccuda zarar vermez.<\/p>\n<\/li>\n<li class=\"\" data-start=\"1011\" data-end=\"1241\">\n<p class=\"\" data-start=\"1013\" data-end=\"1241\"><strong data-start=\"1013\" data-end=\"1037\">Ayr\u0131labilir Kumanda:<\/strong> Elektro \u015fok stim\u00fclasyonunun g\u00fcc\u00fcn\u00fc istedi\u011finiz gibi kontrol edebilmeniz i\u00e7in \u00fcr\u00fcnle birlikte bir kumanda gelir. \u0130ster siz, ister partneriniz bu g\u00fcc\u00fc belirleyebilir, deneyiminizi ki\u015fiselle\u015ftirebilirsiniz.<\/p>\n<\/li>\n<li class=\"\" data-start=\"1242\" data-end=\"1431\">\n<p class=\"\" data-start=\"1244\" data-end=\"1431\"><strong data-start=\"1244\" data-end=\"1275\">Hazz\u0131 Katlayan Elektro \u015eok:<\/strong> Elektro \u015fok pedleri, v\u00fccudunuzun sinir u\u00e7lar\u0131na etki eder ve daha g\u00fc\u00e7l\u00fc uyar\u0131lma hissi yarat\u0131r. Hazz\u0131 katlayarak, deneyiminizi \u00e7ok daha yo\u011fun hale getirir.<\/p>\n<\/li>\n<li class=\"\" data-start=\"1432\" data-end=\"1596\">\n<p class=\"\" data-start=\"1434\" data-end=\"1596\"><strong data-start=\"1434\" data-end=\"1452\">Ped Boyutlar\u0131:<\/strong> Pedlerin \u00f6l\u00e7\u00fcleri, 4,3 cm ve 6,8 cm olarak farkl\u0131 v\u00fccut b\u00f6lgelerine uyacak \u015fekilde tasarlanm\u0131\u015ft\u0131r. Bu sayede her a\u00e7\u0131dan rahat\u00e7a kullan\u0131labilir.<\/p>\n<\/li>\n<li class=\"\" data-start=\"1597\" data-end=\"1772\">\n<p class=\"\" data-start=\"1599\" data-end=\"1772\"><strong data-start=\"1599\" data-end=\"1622\">\u0130leri D\u00fczey Uyar\u0131m:<\/strong> Elektrikli uyar\u0131mlar sayesinde, cinsel deneyiminizi tamamen farkl\u0131 bir boyuta ta\u015f\u0131yabilirsiniz. \u0130li\u015fkiyi daha heyecanl\u0131 ve tatmin edici hale getirir.<\/p>\n<\/li>\n<\/ul>\n<hr class=\"\" data-start=\"1774\" data-end=\"1777\" \/>\n<h3 class=\"\" data-start=\"1779\" data-end=\"1802\">Kullan\u0131m \u00d6nerileri:<\/h3>\n<ul data-start=\"1804\" data-end=\"2317\">\n<li class=\"\" data-start=\"1804\" data-end=\"1989\">\n<p class=\"\" data-start=\"1806\" data-end=\"1989\"><strong data-start=\"1806\" data-end=\"1841\">Cilt Dostu ve G\u00fcvenli Kullan\u0131m:<\/strong> Y\u00fcksek kaliteli silikon malzeme ile \u00fcretilen pedler, cilde zarar vermez ve uzun s\u00fcreli kullan\u0131ma uygundur. Uygulama sonras\u0131 rahat\u00e7a temizlenebilir.<\/p>\n<\/li>\n<li class=\"\" data-start=\"1990\" data-end=\"2132\">\n<p class=\"\" data-start=\"1992\" data-end=\"2132\"><strong data-start=\"1992\" data-end=\"2022\">Kayganla\u015ft\u0131r\u0131c\u0131 Kullan\u0131m\u0131:<\/strong> Daha rahat ve keyifli bir deneyim i\u00e7in, elektro \u015fok stim\u00fclasyonunu kayganla\u015ft\u0131r\u0131c\u0131larla kombin edebilirsiniz.<\/p>\n<\/li>\n<li class=\"\" data-start=\"2133\" data-end=\"2317\">\n<p class=\"\" data-start=\"2135\" data-end=\"2317\"><strong data-start=\"2135\" data-end=\"2160\">E\u011flenceli ve G\u00fcvenli:<\/strong> Elektro \u015fok stim\u00fclasyonunu partnerinizle veya solo olarak g\u00fcvenli bir \u015fekilde kullanabilirsiniz. Kumanda ile \u015fok seviyesini ayarlamak tamamen size ba\u011fl\u0131d\u0131r.<\/p>\n<\/li>\n<\/ul>\n<hr class=\"\" data-start=\"2319\" data-end=\"2322\" \/>\n<h3 class=\"\" data-start=\"2324\" data-end=\"2346\">Teknik \u00d6zellikler:<\/h3>\n<ul data-start=\"2348\" data-end=\"2600\">\n<li class=\"\" data-start=\"2348\" data-end=\"2372\">\n<p class=\"\" data-start=\"2350\" data-end=\"2372\"><strong data-start=\"2350\" data-end=\"2365\">Ped Say\u0131s\u0131:<\/strong> 4 adet<\/p>\n<\/li>\n<li class=\"\" data-start=\"2373\" data-end=\"2410\">\n<p class=\"\" data-start=\"2375\" data-end=\"2410\"><strong data-start=\"2375\" data-end=\"2393\">Ped Boyutlar\u0131:<\/strong> 4,3 cm ve 6,8 cm<\/p>\n<\/li>\n<li class=\"\" data-start=\"2411\" data-end=\"2449\">\n<p class=\"\" data-start=\"2413\" data-end=\"2449\"><strong data-start=\"2413\" data-end=\"2425\">Malzeme:<\/strong> Y\u00fcksek kaliteli silikon<\/p>\n<\/li>\n<li class=\"\" data-start=\"2450\" data-end=\"2482\">\n<p class=\"\" data-start=\"2452\" data-end=\"2482\"><strong data-start=\"2452\" data-end=\"2472\">Kontrol \u00dcnitesi:<\/strong> Kumandal\u0131<\/p>\n<\/li>\n<li class=\"\" data-start=\"2483\" data-end=\"2540\">\n<p class=\"\" data-start=\"2485\" data-end=\"2540\"><strong data-start=\"2485\" data-end=\"2504\">Kullan\u0131m Alan\u0131:<\/strong> V\u00fccudun her b\u00f6lgesine uygulanabilir<\/p>\n<\/li>\n<li class=\"\" data-start=\"2541\" data-end=\"2600\">\n<p class=\"\" data-start=\"2543\" data-end=\"2600\"><strong data-start=\"2543\" data-end=\"2563\">Gizli Paketleme:<\/strong> E\u015fsiz gizlili\u011fi ile g\u00f6nderim yap\u0131l\u0131r<\/p>\n<\/li>\n<\/ul>\n<hr class=\"\" data-start=\"2602\" data-end=\"2605\" \/>\n<h3 class=\"\" data-start=\"2607\" data-end=\"2641\">Sipari\u015f ve Teslimat Bilgileri:<\/h3>\n<ul data-start=\"2643\" data-end=\"3056\">\n<li class=\"\" data-start=\"2643\" data-end=\"2787\">\n<p class=\"\" data-start=\"2645\" data-end=\"2787\"><strong data-start=\"2645\" data-end=\"2665\">Gizli Paketleme:<\/strong> \u00dcr\u00fcn, gizli ve kapal\u0131 bir \u015fekilde paketlenir. \u0130\u00e7eri\u011fi hakk\u0131nda herhangi bir bilgi verilmez, b\u00f6ylece gizlili\u011finiz korunur.<\/p>\n<\/li>\n<li class=\"\" data-start=\"2788\" data-end=\"2896\">\n<p class=\"\" data-start=\"2790\" data-end=\"2896\"><strong data-start=\"2790\" data-end=\"2812\">\u00d6deme Se\u00e7enekleri:<\/strong> Kap\u0131da \u00f6deme, kredi kart\u0131 veya banka havalesi ile g\u00fcvenli \u00f6deme y\u00f6ntemleri sunulur.<\/p>\n<\/li>\n<li class=\"\" data-start=\"2897\" data-end=\"3056\">\n<p class=\"\" data-start=\"2899\" data-end=\"3056\"><strong data-start=\"2899\" data-end=\"2918\">H\u0131zl\u0131 Teslimat:<\/strong> Sipari\u015fleriniz, g\u00fcvenli ve h\u0131zl\u0131 bir \u015fekilde adresinize teslim edilir. Orijinal \u00fcr\u00fcn garantisi ile m\u00fc\u015fteri memnuniyeti \u00f6n planda tutulur.<\/p>\n<\/li>\n<\/ul>\n<hr class=\"\" data-start=\"3058\" data-end=\"3061\" \/>\n<h3 class=\"\" data-start=\"3063\" data-end=\"3120\">Neden <strong data-start=\"3073\" data-end=\"3119\">Elektro \u015eok Uyar\u0131c\u0131l\u0131 Stim\u00fclasyon 4&#8217;l\u00fc Ped<\/strong>?<\/h3>\n<p class=\"\" data-start=\"3122\" data-end=\"3468\">Bu <strong data-start=\"3125\" data-end=\"3157\">elektro \u015fok stim\u00fclasyon seti<\/strong>, s\u0131radan bir deneyimin \u00f6tesine ge\u00e7mek isteyenler i\u00e7in tasarlanm\u0131\u015ft\u0131r. \u00d6zellikle fantezi d\u00fcnyas\u0131na ad\u0131m atmak isteyenler veya deneyimlerini bir \u00fcst seviyeye ta\u015f\u0131mak isteyen \u00e7iftler i\u00e7in ideal bir \u00fcr\u00fcnd\u00fcr. Elektrikli \u015foklar ile al\u0131nan haz, v\u00fccudunuzda daha \u00f6nce hi\u00e7 ya\u015famad\u0131\u011f\u0131n\u0131z bir uyar\u0131lma hissi yaratacakt\u0131r.<\/p>\n<hr class=\"\" data-start=\"3470\" data-end=\"3473\" \/>\n<p class=\"\" data-start=\"3475\" data-end=\"3532\">\ud83c\udfaf <strong data-start=\"3478\" data-end=\"3532\">Hemen Sipari\u015f Verin ve Farkl\u0131 Bir Deneyim Ya\u015fay\u0131n!<\/strong><\/p>\n<p>&nbsp;<\/p>\n<p>&nbsp;<\/p>\n","protected":false},"excerpt":{"rendered":"<p><strong data-start=\"187\" data-end=\"233\">Elektro \u015eok Uyar\u0131c\u0131l\u0131 Stim\u00fclasyon 4&#8217;l\u00fc Ped<\/strong>, v\u00fccudunuzun farkl\u0131 b\u00f6lgelerinde kullanabilece\u011finiz, e\u015fsiz ve heyecan verici bir deneyim sunar. Silikondan \u00fcretilmi\u015f 4 adet elektro \u015fok pedi ile elektriksel stim\u00fclasyonun g\u00fcc\u00fcn\u00fc ke\u015ffedin. Hem solo kullan\u0131m hem de partnerli deneyimlerde, elektro \u015foklarla uyar\u0131lmay\u0131 yeni bir boyuta ta\u015f\u0131y\u0131n. T\u00fcrkiye&#8217;de bir ilk olan bu \u00fcr\u00fcn, fantezi \u00fcr\u00fcnleri koleksiyonunuzu tamamlamak i\u00e7in ideal bir se\u00e7enek sunuyor.<\/p>\n","protected":false},"featured_media":45053,"comment_status":"closed","ping_status":"closed","template":"","meta":[],"product_brand":[],"product_cat":[496],"product_tag":[],"class_list":{"0":"post-45051","1":"product","2":"type-product","3":"status-publish","4":"has-post-thumbnail","6":"product_cat-vibrator-cesitleri","8":"first","9":"instock","10":"purchasable","11":"product-type-simple"},"yoast_head":"<!-- This site is optimized with the Yoast SEO Premium plugin v24.4 (Yoast SEO v27.1.1) - https:\/\/yoast.com\/product\/yoast-seo-premium-wordpress\/ -->\n<title>Elektro \u015eok Uyar\u0131c\u0131l\u0131 Stim\u00fclasyon\u00a04&#039;L\u00fc Ped - Bursa Erotik Shop<\/title>\n<meta name=\"robots\" content=\"index, follow, max-snippet:-1, max-image-preview:large, max-video-preview:-1\" \/>\n<link rel=\"canonical\" href=\"https:\/\/hobierotikshop.com.tr\/website1\/erotik-shop-urun\/elektro-sok-uyaricili-stimulasyon-4lu-ped\/\" \/>\n<meta property=\"og:locale\" content=\"tr_TR\" \/>\n<meta property=\"og:type\" content=\"article\" \/>\n<meta property=\"og:title\" content=\"Elektro \u015eok Uyar\u0131c\u0131l\u0131 Stim\u00fclasyon\u00a04&#039;L\u00fc Ped\" \/>\n<meta property=\"og:description\" content=\"Elektro \u015eok Uyar\u0131c\u0131l\u0131 Stim\u00fclasyon 4&#039;l\u00fc Ped, v\u00fccudunuzun farkl\u0131 b\u00f6lgelerinde kullanabilece\u011finiz, e\u015fsiz ve heyecan verici bir deneyim sunar. Silikondan \u00fcretilmi\u015f 4 adet elektro \u015fok pedi ile elektriksel stim\u00fclasyonun g\u00fcc\u00fcn\u00fc ke\u015ffedin. Hem solo kullan\u0131m hem de partnerli deneyimlerde, elektro \u015foklarla uyar\u0131lmay\u0131 yeni bir boyuta ta\u015f\u0131y\u0131n. T\u00fcrkiye&#039;de bir ilk olan bu \u00fcr\u00fcn, fantezi \u00fcr\u00fcnleri koleksiyonunuzu tamamlamak i\u00e7in ideal bir se\u00e7enek sunuyor.\" \/>\n<meta property=\"og:url\" content=\"https:\/\/hobierotikshop.com.tr\/website1\/erotik-shop-urun\/elektro-sok-uyaricili-stimulasyon-4lu-ped\/\" \/>\n<meta property=\"og:site_name\" content=\"Bursa Erotik Shop\" \/>\n<meta property=\"article:modified_time\" content=\"2026-01-08T12:00:08+00:00\" \/>\n<meta property=\"og:image\" content=\"https:\/\/hobierotikshop.com.tr\/website1\/wp-content\/uploads\/2025\/04\/elektro-sok-stimulasyonlu-4lu-ped-a643f4.jpg\" \/>\n\t<meta property=\"og:image:width\" content=\"455\" \/>\n\t<meta property=\"og:image:height\" content=\"455\" \/>\n\t<meta property=\"og:image:type\" content=\"image\/jpeg\" \/>\n<meta name=\"twitter:card\" content=\"summary_large_image\" \/>\n<meta name=\"twitter:site\" content=\"@shopbursa\" \/>\n<meta name=\"twitter:label1\" content=\"Fiyat\" \/>\n\t<meta name=\"twitter:data1\" content=\"&#8378;2.400,00\" \/>\n\t<meta name=\"twitter:label2\" content=\"Availability\" \/>\n\t<meta name=\"twitter:data2\" content=\"In stock\" \/>\n<script type=\"application\/ld+json\" class=\"yoast-schema-graph\">{\"@context\":\"https:\/\/schema.org\",\"@graph\":[{\"@type\":\"WebPage\",\"@id\":\"https:\/\/hobierotikshop.com.tr\/website1\/erotik-shop-urun\/elektro-sok-uyaricili-stimulasyon-4lu-ped\/\",\"url\":\"https:\/\/hobierotikshop.com.tr\/website1\/erotik-shop-urun\/elektro-sok-uyaricili-stimulasyon-4lu-ped\/\",\"name\":\"Elektro \u015eok Uyar\u0131c\u0131l\u0131 Stim\u00fclasyon\u00a04'L\u00fc Ped - Bursa Erotik Shop\",\"isPartOf\":{\"@id\":\"https:\/\/hobierotikshop.com.tr\/website1\/#website\"},\"primaryImageOfPage\":{\"@id\":\"https:\/\/hobierotikshop.com.tr\/website1\/erotik-shop-urun\/elektro-sok-uyaricili-stimulasyon-4lu-ped\/#primaryimage\"},\"image\":{\"@id\":\"https:\/\/hobierotikshop.com.tr\/website1\/erotik-shop-urun\/elektro-sok-uyaricili-stimulasyon-4lu-ped\/#primaryimage\"},\"thumbnailUrl\":\"https:\/\/haremerotikshop.com\/site\/wp-content\/uploads\/2025\/04\/elektro-sok-stimulasyonlu-4lu-ped-a643f4.jpg\",\"datePublished\":\"2025-04-26T14:09:31+00:00\",\"dateModified\":\"2026-01-08T12:00:08+00:00\",\"breadcrumb\":{\"@id\":\"https:\/\/hobierotikshop.com.tr\/website1\/erotik-shop-urun\/elektro-sok-uyaricili-stimulasyon-4lu-ped\/#breadcrumb\"},\"inLanguage\":\"tr\",\"potentialAction\":[{\"@type\":\"ReadAction\",\"target\":[\"https:\/\/hobierotikshop.com.tr\/website1\/erotik-shop-urun\/elektro-sok-uyaricili-stimulasyon-4lu-ped\/\"]}]},{\"@type\":\"ImageObject\",\"inLanguage\":\"tr\",\"@id\":\"https:\/\/hobierotikshop.com.tr\/website1\/erotik-shop-urun\/elektro-sok-uyaricili-stimulasyon-4lu-ped\/#primaryimage\",\"url\":\"https:\/\/haremerotikshop.com\/site\/wp-content\/uploads\/2025\/04\/elektro-sok-stimulasyonlu-4lu-ped-a643f4.jpg\",\"contentUrl\":\"https:\/\/haremerotikshop.com\/site\/wp-content\/uploads\/2025\/04\/elektro-sok-stimulasyonlu-4lu-ped-a643f4.jpg\",\"width\":455,\"height\":455},{\"@type\":\"BreadcrumbList\",\"@id\":\"https:\/\/hobierotikshop.com.tr\/website1\/erotik-shop-urun\/elektro-sok-uyaricili-stimulasyon-4lu-ped\/#breadcrumb\",\"itemListElement\":[{\"@type\":\"ListItem\",\"position\":1,\"name\":\"Anasayfa\",\"item\":\"https:\/\/hobierotikshop.com.tr\/website1\/\"},{\"@type\":\"ListItem\",\"position\":2,\"name\":\"Erotik Shop \u00dcr\u00fcnleri\",\"item\":\"https:\/\/hobierotikshop.com.tr\/website1\/shop\/\"},{\"@type\":\"ListItem\",\"position\":3,\"name\":\"Elektro \u015eok Uyar\u0131c\u0131l\u0131 Stim\u00fclasyon\u00a04&#8217;L\u00fc Ped\"}]},{\"@type\":\"WebSite\",\"@id\":\"https:\/\/hobierotikshop.com.tr\/website1\/#website\",\"url\":\"https:\/\/hobierotikshop.com.tr\/website1\/\",\"name\":\"Bursa Erotik Shop\",\"description\":\"Bursa Erotik Shop ile g\u00fcvenli, gizli ve kaliteli yeti\u015fkin \u00fcr\u00fcnleri al\u0131\u015fveri\u015fi! Geni\u015f \u00fcr\u00fcn yelpazemizi ke\u015ffedin, hemen sipari\u015f verin\",\"publisher\":{\"@id\":\"https:\/\/hobierotikshop.com.tr\/website1\/#organization\"},\"alternateName\":\"Erotik Shop\",\"potentialAction\":[{\"@type\":\"SearchAction\",\"target\":{\"@type\":\"EntryPoint\",\"urlTemplate\":\"https:\/\/hobierotikshop.com.tr\/website1\/?s={search_term_string}\"},\"query-input\":{\"@type\":\"PropertyValueSpecification\",\"valueRequired\":true,\"valueName\":\"search_term_string\"}}],\"inLanguage\":\"tr\"},{\"@type\":\"Organization\",\"@id\":\"https:\/\/hobierotikshop.com.tr\/website1\/#organization\",\"name\":\"Harem Bursa Erotik Shop\",\"url\":\"https:\/\/hobierotikshop.com.tr\/website1\/\",\"logo\":{\"@type\":\"ImageObject\",\"inLanguage\":\"tr\",\"@id\":\"https:\/\/hobierotikshop.com.tr\/website1\/#\/schema\/logo\/image\/\",\"url\":\"https:\/\/haremerotikshop.com\/site\/wp-content\/uploads\/2025\/03\/haremsexshop.png\",\"contentUrl\":\"https:\/\/haremerotikshop.com\/site\/wp-content\/uploads\/2025\/03\/haremsexshop.png\",\"width\":400,\"height\":100,\"caption\":\"Harem Bursa Erotik Shop\"},\"image\":{\"@id\":\"https:\/\/hobierotikshop.com.tr\/website1\/#\/schema\/logo\/image\/\"},\"sameAs\":[\"https:\/\/x.com\/shopbursa\"],\"publishingPrinciples\":\"https:\/\/hobierotikshop.com.tr\/website1\/mesafeli-satis-sozlesmesi\/\",\"ownershipFundingInfo\":\"https:\/\/hobierotikshop.com.tr\/website1\/contact-us\/\",\"actionableFeedbackPolicy\":\"https:\/\/hobierotikshop.com.tr\/website1\/contact-us\/\",\"correctionsPolicy\":\"https:\/\/hobierotikshop.com.tr\/website1\/mesafeli-satis-sozlesmesi\/\"}]}<\/script>\n<meta property=\"product:price:amount\" content=\"2400.00\" \/>\n<meta property=\"product:price:currency\" content=\"TRY\" \/>\n<meta property=\"og:availability\" content=\"instock\" \/>\n<meta property=\"product:availability\" content=\"instock\" \/>\n<meta property=\"product:retailer_item_id\" content=\"BDM1353\" \/>\n<meta property=\"product:condition\" content=\"new\" \/>\n<!-- \/ Yoast SEO Premium plugin. -->","yoast_head_json":{"title":"Elektro \u015eok Uyar\u0131c\u0131l\u0131 Stim\u00fclasyon\u00a04'L\u00fc Ped - Bursa Erotik Shop","robots":{"index":"index","follow":"follow","max-snippet":"max-snippet:-1","max-image-preview":"max-image-preview:large","max-video-preview":"max-video-preview:-1"},"canonical":"https:\/\/hobierotikshop.com.tr\/website1\/erotik-shop-urun\/elektro-sok-uyaricili-stimulasyon-4lu-ped\/","og_locale":"tr_TR","og_type":"article","og_title":"Elektro \u015eok Uyar\u0131c\u0131l\u0131 Stim\u00fclasyon\u00a04'L\u00fc Ped","og_description":"Elektro \u015eok Uyar\u0131c\u0131l\u0131 Stim\u00fclasyon 4'l\u00fc Ped, v\u00fccudunuzun farkl\u0131 b\u00f6lgelerinde kullanabilece\u011finiz, e\u015fsiz ve heyecan verici bir deneyim sunar. Silikondan \u00fcretilmi\u015f 4 adet elektro \u015fok pedi ile elektriksel stim\u00fclasyonun g\u00fcc\u00fcn\u00fc ke\u015ffedin. Hem solo kullan\u0131m hem de partnerli deneyimlerde, elektro \u015foklarla uyar\u0131lmay\u0131 yeni bir boyuta ta\u015f\u0131y\u0131n. T\u00fcrkiye'de bir ilk olan bu \u00fcr\u00fcn, fantezi \u00fcr\u00fcnleri koleksiyonunuzu tamamlamak i\u00e7in ideal bir se\u00e7enek sunuyor.","og_url":"https:\/\/hobierotikshop.com.tr\/website1\/erotik-shop-urun\/elektro-sok-uyaricili-stimulasyon-4lu-ped\/","og_site_name":"Bursa Erotik Shop","article_modified_time":"2026-01-08T12:00:08+00:00","og_image":[{"width":455,"height":455,"url":"https:\/\/hobierotikshop.com.tr\/website1\/wp-content\/uploads\/2025\/04\/elektro-sok-stimulasyonlu-4lu-ped-a643f4.jpg","type":"image\/jpeg"}],"twitter_card":"summary_large_image","twitter_site":"@shopbursa","twitter_misc":{"Fiyat":"&#8378;2.400,00","Availability":"In stock"},"schema":{"@context":"https:\/\/schema.org","@graph":[{"@type":"WebPage","@id":"https:\/\/hobierotikshop.com.tr\/website1\/erotik-shop-urun\/elektro-sok-uyaricili-stimulasyon-4lu-ped\/","url":"https:\/\/hobierotikshop.com.tr\/website1\/erotik-shop-urun\/elektro-sok-uyaricili-stimulasyon-4lu-ped\/","name":"Elektro \u015eok Uyar\u0131c\u0131l\u0131 Stim\u00fclasyon\u00a04'L\u00fc Ped - Bursa Erotik Shop","isPartOf":{"@id":"https:\/\/hobierotikshop.com.tr\/website1\/#website"},"primaryImageOfPage":{"@id":"https:\/\/hobierotikshop.com.tr\/website1\/erotik-shop-urun\/elektro-sok-uyaricili-stimulasyon-4lu-ped\/#primaryimage"},"image":{"@id":"https:\/\/hobierotikshop.com.tr\/website1\/erotik-shop-urun\/elektro-sok-uyaricili-stimulasyon-4lu-ped\/#primaryimage"},"thumbnailUrl":"https:\/\/haremerotikshop.com\/site\/wp-content\/uploads\/2025\/04\/elektro-sok-stimulasyonlu-4lu-ped-a643f4.jpg","datePublished":"2025-04-26T14:09:31+00:00","dateModified":"2026-01-08T12:00:08+00:00","breadcrumb":{"@id":"https:\/\/hobierotikshop.com.tr\/website1\/erotik-shop-urun\/elektro-sok-uyaricili-stimulasyon-4lu-ped\/#breadcrumb"},"inLanguage":"tr","potentialAction":[{"@type":"ReadAction","target":["https:\/\/hobierotikshop.com.tr\/website1\/erotik-shop-urun\/elektro-sok-uyaricili-stimulasyon-4lu-ped\/"]}]},{"@type":"ImageObject","inLanguage":"tr","@id":"https:\/\/hobierotikshop.com.tr\/website1\/erotik-shop-urun\/elektro-sok-uyaricili-stimulasyon-4lu-ped\/#primaryimage","url":"https:\/\/haremerotikshop.com\/site\/wp-content\/uploads\/2025\/04\/elektro-sok-stimulasyonlu-4lu-ped-a643f4.jpg","contentUrl":"https:\/\/haremerotikshop.com\/site\/wp-content\/uploads\/2025\/04\/elektro-sok-stimulasyonlu-4lu-ped-a643f4.jpg","width":455,"height":455},{"@type":"BreadcrumbList","@id":"https:\/\/hobierotikshop.com.tr\/website1\/erotik-shop-urun\/elektro-sok-uyaricili-stimulasyon-4lu-ped\/#breadcrumb","itemListElement":[{"@type":"ListItem","position":1,"name":"Anasayfa","item":"https:\/\/hobierotikshop.com.tr\/website1\/"},{"@type":"ListItem","position":2,"name":"Erotik Shop \u00dcr\u00fcnleri","item":"https:\/\/hobierotikshop.com.tr\/website1\/shop\/"},{"@type":"ListItem","position":3,"name":"Elektro \u015eok Uyar\u0131c\u0131l\u0131 Stim\u00fclasyon\u00a04&#8217;L\u00fc Ped"}]},{"@type":"WebSite","@id":"https:\/\/hobierotikshop.com.tr\/website1\/#website","url":"https:\/\/hobierotikshop.com.tr\/website1\/","name":"Bursa Erotik Shop","description":"Bursa Erotik Shop ile g\u00fcvenli, gizli ve kaliteli yeti\u015fkin \u00fcr\u00fcnleri al\u0131\u015fveri\u015fi! Geni\u015f \u00fcr\u00fcn yelpazemizi ke\u015ffedin, hemen sipari\u015f verin","publisher":{"@id":"https:\/\/hobierotikshop.com.tr\/website1\/#organization"},"alternateName":"Erotik Shop","potentialAction":[{"@type":"SearchAction","target":{"@type":"EntryPoint","urlTemplate":"https:\/\/hobierotikshop.com.tr\/website1\/?s={search_term_string}"},"query-input":{"@type":"PropertyValueSpecification","valueRequired":true,"valueName":"search_term_string"}}],"inLanguage":"tr"},{"@type":"Organization","@id":"https:\/\/hobierotikshop.com.tr\/website1\/#organization","name":"Harem Bursa Erotik Shop","url":"https:\/\/hobierotikshop.com.tr\/website1\/","logo":{"@type":"ImageObject","inLanguage":"tr","@id":"https:\/\/hobierotikshop.com.tr\/website1\/#\/schema\/logo\/image\/","url":"https:\/\/haremerotikshop.com\/site\/wp-content\/uploads\/2025\/03\/haremsexshop.png","contentUrl":"https:\/\/haremerotikshop.com\/site\/wp-content\/uploads\/2025\/03\/haremsexshop.png","width":400,"height":100,"caption":"Harem Bursa Erotik Shop"},"image":{"@id":"https:\/\/hobierotikshop.com.tr\/website1\/#\/schema\/logo\/image\/"},"sameAs":["https:\/\/x.com\/shopbursa"],"publishingPrinciples":"https:\/\/hobierotikshop.com.tr\/website1\/mesafeli-satis-sozlesmesi\/","ownershipFundingInfo":"https:\/\/hobierotikshop.com.tr\/website1\/contact-us\/","actionableFeedbackPolicy":"https:\/\/hobierotikshop.com.tr\/website1\/contact-us\/","correctionsPolicy":"https:\/\/hobierotikshop.com.tr\/website1\/mesafeli-satis-sozlesmesi\/"}]},"product_price_amount":"2400.00","product_price_currency":"TRY","og_availability":"instock","product_availability":"instock","product_retailer_item_id":"BDM1353","product_condition":"new"},"_links":{"self":[{"href":"https:\/\/haremerotikshop.com\/site\/wp-json\/wp\/v2\/product\/45051","targetHints":{"allow":["GET"]}}],"collection":[{"href":"https:\/\/haremerotikshop.com\/site\/wp-json\/wp\/v2\/product"}],"about":[{"href":"https:\/\/haremerotikshop.com\/site\/wp-json\/wp\/v2\/types\/product"}],"replies":[{"embeddable":true,"href":"https:\/\/haremerotikshop.com\/site\/wp-json\/wp\/v2\/comments?post=45051"}],"version-history":[{"count":0,"href":"https:\/\/haremerotikshop.com\/site\/wp-json\/wp\/v2\/product\/45051\/revisions"}],"wp:featuredmedia":[{"embeddable":true,"href":"https:\/\/haremerotikshop.com\/site\/wp-json\/wp\/v2\/media\/45053"}],"wp:attachment":[{"href":"https:\/\/haremerotikshop.com\/site\/wp-json\/wp\/v2\/media?parent=45051"}],"wp:term":[{"taxonomy":"product_brand","embeddable":true,"href":"https:\/\/haremerotikshop.com\/site\/wp-json\/wp\/v2\/product_brand?post=45051"},{"taxonomy":"product_cat","embeddable":true,"href":"https:\/\/haremerotikshop.com\/site\/wp-json\/wp\/v2\/product_cat?post=45051"},{"taxonomy":"product_tag","embeddable":true,"href":"https:\/\/haremerotikshop.com\/site\/wp-json\/wp\/v2\/product_tag?post=45051"}],"curies":[{"name":"wp","href":"https:\/\/api.w.org\/{rel}","templated":true}]}}