{"id":45086,"date":"2025-04-26T17:09:31","date_gmt":"2025-04-26T14:09:31","guid":{"rendered":"https:\/\/haremerotikshop.com\/site\/erotik-shop-urun\/usb-sarjli-7-emme-fonksiyonlu-teknolojik-vibrator-otis\/"},"modified":"2026-01-09T02:58:00","modified_gmt":"2026-01-08T23:58:00","slug":"usb-sarjli-7-emme-fonksiyonlu-teknolojik-vibrator-otis","status":"publish","type":"product","link":"https:\/\/haremerotikshop.com\/site\/erotik-shop-urun\/usb-sarjli-7-emme-fonksiyonlu-teknolojik-vibrator-otis\/","title":{"rendered":"Usb \u015earjl\u0131 7 Emme Fonksiyonlu Teknolojik Vibrat\u00f6r- Otis"},"content":{"rendered":"<h1 class=\"\" data-start=\"132\" data-end=\"190\">USB \u015earjl\u0131 7 Emme Fonksiyonlu Teknolojik Vibrat\u00f6r &#8211; Otis<\/h1>\n<p class=\"\" data-start=\"192\" data-end=\"617\">Yenilik\u00e7i <strong data-start=\"202\" data-end=\"262\">USB \u015earjl\u0131 7 Emme Fonksiyonlu Teknolojik Vibrat\u00f6r &#8211; Otis<\/strong>, ki\u015fisel zevklerinizi ke\u015ffetmek ve \u00f6zenle tasarlanm\u0131\u015f emme fonksiyonlar\u0131yla vajinal rahatlama sa\u011flamak i\u00e7in ideal bir \u00fcr\u00fcnd\u00fcr. Hem rahatlat\u0131c\u0131 hem de heyecan verici bir deneyim sunan Otis, g\u00fc\u00e7l\u00fc emme modlar\u0131yla etkili bir uyar\u0131m sa\u011flar. USB \u015farjl\u0131, su ge\u00e7irmez yap\u0131s\u0131 ve ergonomik tasar\u0131m\u0131yla size hem konforlu hem de etkili bir kullan\u0131m deneyimi sunar.<\/p>\n<hr class=\"\" data-start=\"619\" data-end=\"622\" \/>\n<h3 class=\"\" data-start=\"624\" data-end=\"645\">\u00dcr\u00fcn \u00d6zellikleri:<\/h3>\n<ul data-start=\"647\" data-end=\"1886\">\n<li class=\"\" data-start=\"647\" data-end=\"927\">\n<p class=\"\" data-start=\"649\" data-end=\"927\"><strong data-start=\"649\" data-end=\"672\">7 Farkl\u0131 Emme Modu:<\/strong> <strong data-start=\"673\" data-end=\"733\">USB \u015earjl\u0131 7 Emme Fonksiyonlu Teknolojik Vibrat\u00f6r &#8211; Otis<\/strong>, 7 farkl\u0131 emme fonksiyonu ile rahatlat\u0131c\u0131 ve uyar\u0131c\u0131 bir deneyim sa\u011flar. Her bir mod, zevkinizi ki\u015fiselle\u015ftirmenize olanak tan\u0131r, b\u00f6ylece her kullan\u0131mda yeni bir haz seviyesine ula\u015fabilirsiniz.<\/p>\n<\/li>\n<li class=\"\" data-start=\"929\" data-end=\"1088\">\n<p class=\"\" data-start=\"931\" data-end=\"1088\"><strong data-start=\"931\" data-end=\"953\">Vajinal Rahatlama:<\/strong> \u00d6zel emme a\u011fz\u0131 sayesinde, Otis, vajinal masaj yaparak rahatlama sa\u011flar. Hem fizyolojik hem de duygusal olarak rahatlaman\u0131z\u0131 destekler.<\/p>\n<\/li>\n<li class=\"\" data-start=\"1090\" data-end=\"1322\">\n<p class=\"\" data-start=\"1092\" data-end=\"1322\"><strong data-start=\"1092\" data-end=\"1122\">USB \u015earjl\u0131 ve Su Ge\u00e7irmez:<\/strong> USB \u015farj edilebilir \u00f6zelli\u011fi sayesinde kolayca \u015farj edebilir ve pratik kullan\u0131m\u0131n tad\u0131n\u0131 \u00e7\u0131karabilirsiniz. Ayn\u0131 zamanda su ge\u00e7irmez \u00f6zelli\u011fi ile banyo veya du\u015f s\u0131ras\u0131nda rahatl\u0131kla kullanabilirsiniz.<\/p>\n<\/li>\n<li class=\"\" data-start=\"1324\" data-end=\"1501\">\n<p class=\"\" data-start=\"1326\" data-end=\"1501\"><strong data-start=\"1326\" data-end=\"1348\">Ergonomik Tasar\u0131m:<\/strong> Elinize tam oturacak \u015fekilde tasarlanm\u0131\u015f ergonomik yap\u0131s\u0131 sayesinde \u00fcr\u00fcn\u00fcn kontrol\u00fc olduk\u00e7a kolayd\u0131r. Ayr\u0131ca, kullan\u0131m\u0131 s\u0131ras\u0131nda maksimum konfor sunar.<\/p>\n<\/li>\n<li class=\"\" data-start=\"1503\" data-end=\"1654\">\n<p class=\"\" data-start=\"1505\" data-end=\"1654\"><strong data-start=\"1505\" data-end=\"1528\">Cilt Dostu Malzeme:<\/strong> Y\u00fcksek kaliteli ve cilt dostu malzemeden \u00fcretilmi\u015ftir. Bu, uzun s\u00fcreli kullan\u0131mda dahi g\u00fcvenli ve konforlu bir deneyim sunar.<\/p>\n<\/li>\n<li class=\"\" data-start=\"1656\" data-end=\"1797\">\n<p class=\"\" data-start=\"1658\" data-end=\"1797\"><strong data-start=\"1658\" data-end=\"1677\">Kolay Temizlik:<\/strong> \u00dcr\u00fcn\u00fc temizlemek son derece basittir. Sadece \u0131l\u0131k su ve sabunla y\u0131kayarak hijyenik bir \u015fekilde bak\u0131m\u0131n\u0131 yapabilirsiniz.<\/p>\n<\/li>\n<li class=\"\" data-start=\"1799\" data-end=\"1886\">\n<p class=\"\" data-start=\"1801\" data-end=\"1814\"><strong data-start=\"1801\" data-end=\"1814\">Boyutlar:<\/strong><\/p>\n<ul data-start=\"1817\" data-end=\"1886\">\n<li class=\"\" data-start=\"1817\" data-end=\"1837\">\n<p class=\"\" data-start=\"1819\" data-end=\"1837\"><strong data-start=\"1819\" data-end=\"1831\">Uzunluk:<\/strong> 13 cm<\/p>\n<\/li>\n<li class=\"\" data-start=\"1840\" data-end=\"1862\">\n<p class=\"\" data-start=\"1842\" data-end=\"1862\"><strong data-start=\"1842\" data-end=\"1855\">Geni\u015flik:<\/strong> 4,3 cm<\/p>\n<\/li>\n<li class=\"\" data-start=\"1865\" data-end=\"1886\">\n<p class=\"\" data-start=\"1867\" data-end=\"1886\"><strong data-start=\"1867\" data-end=\"1879\">A\u011f\u0131rl\u0131k:<\/strong> 111 gr<\/p>\n<\/li>\n<\/ul>\n<\/li>\n<\/ul>\n<hr class=\"\" data-start=\"1888\" data-end=\"1891\" \/>\n<h3 class=\"\" data-start=\"1893\" data-end=\"1916\">Kullan\u0131m \u00d6nerileri:<\/h3>\n<ul data-start=\"1918\" data-end=\"2507\">\n<li class=\"\" data-start=\"1918\" data-end=\"2128\">\n<p class=\"\" data-start=\"1920\" data-end=\"2128\"><strong data-start=\"1920\" data-end=\"1950\">Kayganla\u015ft\u0131r\u0131c\u0131 Kullan\u0131m\u0131:<\/strong> Emme fonksiyonlar\u0131n\u0131n daha etkili ve rahat bir \u015fekilde \u00e7al\u0131\u015fabilmesi i\u00e7in kayganla\u015ft\u0131r\u0131c\u0131 jel kullan\u0131m\u0131 \u00f6nerilir. Bu, hem konforu art\u0131r\u0131r hem de \u00fcr\u00fcn\u00fc daha verimli hale getirir.<\/p>\n<\/li>\n<li class=\"\" data-start=\"2130\" data-end=\"2323\">\n<p class=\"\" data-start=\"2132\" data-end=\"2323\"><strong data-start=\"2132\" data-end=\"2154\">Temizlik ve Bak\u0131m:<\/strong> \u00dcr\u00fcn\u00fcn her kullan\u0131m sonras\u0131nda temizlenmesi \u00f6nerilir. Il\u0131k su ve sabun kullanarak hijyenik bir temizlik sa\u011flayabilirsiniz. Kimyasal temizleyiciler kullanmaktan ka\u00e7\u0131n\u0131n.<\/p>\n<\/li>\n<li class=\"\" data-start=\"2325\" data-end=\"2507\">\n<p class=\"\" data-start=\"2327\" data-end=\"2507\"><strong data-start=\"2327\" data-end=\"2349\">\u00d6nerilen Kullan\u0131m:<\/strong> Bu vibrat\u00f6r, vajinal rahatlama ve uyar\u0131m sa\u011flayarak \u00f6n sevi\u015fmeyi tetikleyebilir. \u00d6zellikle yo\u011fun stresli g\u00fcnlerin ard\u0131ndan rahatlama amac\u0131yla kullan\u0131labilir.<\/p>\n<\/li>\n<\/ul>\n<hr class=\"\" data-start=\"2509\" data-end=\"2512\" \/>\n<h3 class=\"\" data-start=\"2514\" data-end=\"2548\">Sipari\u015f ve Teslimat Bilgileri:<\/h3>\n<ul data-start=\"2550\" data-end=\"3044\">\n<li class=\"\" data-start=\"2550\" data-end=\"2687\">\n<p class=\"\" data-start=\"2552\" data-end=\"2687\"><strong data-start=\"2552\" data-end=\"2572\">Gizli Paketleme:<\/strong> \u00dcr\u00fcn\u00fcn\u00fcz, i\u00e7eri\u011fi anla\u015f\u0131lmayacak \u015fekilde gizli ve kapal\u0131 bir kolide g\u00f6nderilecektir. Gizlili\u011finiz tamamen korunur.<\/p>\n<\/li>\n<li class=\"\" data-start=\"2689\" data-end=\"2895\">\n<p class=\"\" data-start=\"2691\" data-end=\"2895\"><strong data-start=\"2691\" data-end=\"2731\">H\u0131zl\u0131 Teslimat ve G\u00fcvenli Al\u0131\u015fveri\u015f:<\/strong> T\u00fcm \u00fcr\u00fcnlerimiz g\u00fcvenli bir \u015fekilde, sipari\u015ften teslimata kadar firmam\u0131z g\u00fcvencesi alt\u0131nda h\u0131zl\u0131ca teslim edilir. Orijinal \u00fcr\u00fcn garantisi ile sat\u0131\u015fa sunulmaktad\u0131r.<\/p>\n<\/li>\n<li class=\"\" data-start=\"2897\" data-end=\"3044\">\n<p class=\"\" data-start=\"2899\" data-end=\"3044\"><strong data-start=\"2899\" data-end=\"2921\">\u00d6deme Se\u00e7enekleri:<\/strong> Kap\u0131da \u00f6deme, kredi kart\u0131 veya banka havalesi gibi farkl\u0131 \u00f6deme se\u00e7enekleriyle al\u0131\u015fveri\u015finizi kolayca tamamlayabilirsiniz.<\/p>\n<\/li>\n<\/ul>\n<hr class=\"\" data-start=\"3046\" data-end=\"3049\" \/>\n<h3 class=\"\" data-start=\"3051\" data-end=\"3122\">Neden <strong data-start=\"3061\" data-end=\"3121\">USB \u015earjl\u0131 7 Emme Fonksiyonlu Teknolojik Vibrat\u00f6r &#8211; Otis<\/strong>?<\/h3>\n<p class=\"\" data-start=\"3124\" data-end=\"3478\"><strong data-start=\"3124\" data-end=\"3184\">USB \u015earjl\u0131 7 Emme Fonksiyonlu Teknolojik Vibrat\u00f6r &#8211; Otis<\/strong>, ki\u015fisel zevklerinizi ke\u015ffetmek ve vajinal rahatlama sa\u011flamak isteyenler i\u00e7in ideal bir tercihtir. 7 farkl\u0131 emme fonksiyonu ve su ge\u00e7irmez \u00f6zelli\u011fi ile her zaman kullan\u0131ma haz\u0131rd\u0131r. Ergonomik tasar\u0131m\u0131, kaliteli malzemesi ve kolay temizlenebilir yap\u0131s\u0131 ile uzun s\u00fcreli konforlu kullan\u0131m sunar.<\/p>\n<hr class=\"\" data-start=\"3480\" data-end=\"3483\" \/>\n<p class=\"\" data-start=\"3485\" data-end=\"3547\">\ud83c\udfaf <strong data-start=\"3488\" data-end=\"3547\">Hemen Sipari\u015f Verin ve Bu Teknolojik Deneyimi Ke\u015ffedin!<\/strong><\/p>\n<p>&nbsp;<\/p>\n<p>&nbsp;<\/p>\n<p>&nbsp;<\/p>\n<p><img decoding=\"async\" style=\"width: 350px;height: 368px\" src=\"https:\/\/static.ticimax.cloud\/32886\/\/uploads\/editoruploads\/111-1358.gif\" alt=\"\" \/><\/p>\n","protected":false},"excerpt":{"rendered":"<p>Yenilik\u00e7i <strong data-start=\"202\" data-end=\"262\">USB \u015earjl\u0131 7 Emme Fonksiyonlu Teknolojik Vibrat\u00f6r &#8211; Otis<\/strong>, ki\u015fisel zevklerinizi ke\u015ffetmek ve \u00f6zenle tasarlanm\u0131\u015f emme fonksiyonlar\u0131yla vajinal rahatlama sa\u011flamak i\u00e7in ideal bir \u00fcr\u00fcnd\u00fcr. Hem rahatlat\u0131c\u0131 hem de heyecan verici bir deneyim sunan Otis, g\u00fc\u00e7l\u00fc emme modlar\u0131yla etkili bir uyar\u0131m sa\u011flar. USB \u015farjl\u0131, su ge\u00e7irmez yap\u0131s\u0131 ve ergonomik tasar\u0131m\u0131yla size hem konforlu hem de etkili bir kullan\u0131m deneyimi sunar.<\/p>\n","protected":false},"featured_media":45088,"comment_status":"closed","ping_status":"closed","template":"","meta":[],"product_brand":[],"product_cat":[496],"product_tag":[],"class_list":{"0":"post-45086","1":"product","2":"type-product","3":"status-publish","4":"has-post-thumbnail","6":"product_cat-vibrator-cesitleri","8":"first","9":"instock","10":"purchasable","11":"product-type-simple"},"yoast_head":"<!-- This site is optimized with the Yoast SEO Premium plugin v24.4 (Yoast SEO v27.1.1) - https:\/\/yoast.com\/product\/yoast-seo-premium-wordpress\/ -->\n<title>Usb \u015earjl\u0131 7 Emme Fonksiyonlu Teknolojik Vibrat\u00f6r- Otis - Bursa Erotik Shop<\/title>\n<meta name=\"robots\" content=\"index, follow, max-snippet:-1, max-image-preview:large, max-video-preview:-1\" \/>\n<link rel=\"canonical\" href=\"https:\/\/hobierotikshop.com.tr\/website1\/erotik-shop-urun\/usb-sarjli-7-emme-fonksiyonlu-teknolojik-vibrator-otis\/\" \/>\n<meta property=\"og:locale\" content=\"tr_TR\" \/>\n<meta property=\"og:type\" content=\"article\" \/>\n<meta property=\"og:title\" content=\"Usb \u015earjl\u0131 7 Emme Fonksiyonlu Teknolojik Vibrat\u00f6r- Otis\" \/>\n<meta property=\"og:description\" content=\"Yenilik\u00e7i USB \u015earjl\u0131 7 Emme Fonksiyonlu Teknolojik Vibrat\u00f6r - Otis, ki\u015fisel zevklerinizi ke\u015ffetmek ve \u00f6zenle tasarlanm\u0131\u015f emme fonksiyonlar\u0131yla vajinal rahatlama sa\u011flamak i\u00e7in ideal bir \u00fcr\u00fcnd\u00fcr. Hem rahatlat\u0131c\u0131 hem de heyecan verici bir deneyim sunan Otis, g\u00fc\u00e7l\u00fc emme modlar\u0131yla etkili bir uyar\u0131m sa\u011flar. USB \u015farjl\u0131, su ge\u00e7irmez yap\u0131s\u0131 ve ergonomik tasar\u0131m\u0131yla size hem konforlu hem de etkili bir kullan\u0131m deneyimi sunar.\" \/>\n<meta property=\"og:url\" content=\"https:\/\/hobierotikshop.com.tr\/website1\/erotik-shop-urun\/usb-sarjli-7-emme-fonksiyonlu-teknolojik-vibrator-otis\/\" \/>\n<meta property=\"og:site_name\" content=\"Bursa Erotik Shop\" \/>\n<meta property=\"article:modified_time\" content=\"2026-01-08T23:58:00+00:00\" \/>\n<meta property=\"og:image\" content=\"https:\/\/hobierotikshop.com.tr\/website1\/wp-content\/uploads\/2025\/04\/usb-sarjli-7-emme-fonksiyonlu-teknoloj-24-4ec.jpg\" \/>\n\t<meta property=\"og:image:width\" content=\"455\" \/>\n\t<meta property=\"og:image:height\" content=\"455\" \/>\n\t<meta property=\"og:image:type\" content=\"image\/jpeg\" \/>\n<meta name=\"twitter:card\" content=\"summary_large_image\" \/>\n<meta name=\"twitter:site\" content=\"@shopbursa\" \/>\n<meta name=\"twitter:label1\" content=\"Fiyat\" \/>\n\t<meta name=\"twitter:data1\" content=\"&#8378;6.600,00\" \/>\n\t<meta name=\"twitter:label2\" content=\"Availability\" \/>\n\t<meta name=\"twitter:data2\" content=\"In stock\" \/>\n<script type=\"application\/ld+json\" class=\"yoast-schema-graph\">{\"@context\":\"https:\/\/schema.org\",\"@graph\":[{\"@type\":\"WebPage\",\"@id\":\"https:\/\/hobierotikshop.com.tr\/website1\/erotik-shop-urun\/usb-sarjli-7-emme-fonksiyonlu-teknolojik-vibrator-otis\/\",\"url\":\"https:\/\/hobierotikshop.com.tr\/website1\/erotik-shop-urun\/usb-sarjli-7-emme-fonksiyonlu-teknolojik-vibrator-otis\/\",\"name\":\"Usb \u015earjl\u0131 7 Emme Fonksiyonlu Teknolojik Vibrat\u00f6r- Otis - Bursa Erotik Shop\",\"isPartOf\":{\"@id\":\"https:\/\/hobierotikshop.com.tr\/website1\/#website\"},\"primaryImageOfPage\":{\"@id\":\"https:\/\/hobierotikshop.com.tr\/website1\/erotik-shop-urun\/usb-sarjli-7-emme-fonksiyonlu-teknolojik-vibrator-otis\/#primaryimage\"},\"image\":{\"@id\":\"https:\/\/hobierotikshop.com.tr\/website1\/erotik-shop-urun\/usb-sarjli-7-emme-fonksiyonlu-teknolojik-vibrator-otis\/#primaryimage\"},\"thumbnailUrl\":\"https:\/\/haremerotikshop.com\/site\/wp-content\/uploads\/2025\/04\/usb-sarjli-7-emme-fonksiyonlu-teknoloj-24-4ec.jpg\",\"datePublished\":\"2025-04-26T14:09:31+00:00\",\"dateModified\":\"2026-01-08T23:58:00+00:00\",\"breadcrumb\":{\"@id\":\"https:\/\/hobierotikshop.com.tr\/website1\/erotik-shop-urun\/usb-sarjli-7-emme-fonksiyonlu-teknolojik-vibrator-otis\/#breadcrumb\"},\"inLanguage\":\"tr\",\"potentialAction\":[{\"@type\":\"ReadAction\",\"target\":[\"https:\/\/hobierotikshop.com.tr\/website1\/erotik-shop-urun\/usb-sarjli-7-emme-fonksiyonlu-teknolojik-vibrator-otis\/\"]}]},{\"@type\":\"ImageObject\",\"inLanguage\":\"tr\",\"@id\":\"https:\/\/hobierotikshop.com.tr\/website1\/erotik-shop-urun\/usb-sarjli-7-emme-fonksiyonlu-teknolojik-vibrator-otis\/#primaryimage\",\"url\":\"https:\/\/haremerotikshop.com\/site\/wp-content\/uploads\/2025\/04\/usb-sarjli-7-emme-fonksiyonlu-teknoloj-24-4ec.jpg\",\"contentUrl\":\"https:\/\/haremerotikshop.com\/site\/wp-content\/uploads\/2025\/04\/usb-sarjli-7-emme-fonksiyonlu-teknoloj-24-4ec.jpg\",\"width\":455,\"height\":455},{\"@type\":\"BreadcrumbList\",\"@id\":\"https:\/\/hobierotikshop.com.tr\/website1\/erotik-shop-urun\/usb-sarjli-7-emme-fonksiyonlu-teknolojik-vibrator-otis\/#breadcrumb\",\"itemListElement\":[{\"@type\":\"ListItem\",\"position\":1,\"name\":\"Anasayfa\",\"item\":\"https:\/\/hobierotikshop.com.tr\/website1\/\"},{\"@type\":\"ListItem\",\"position\":2,\"name\":\"Erotik Shop \u00dcr\u00fcnleri\",\"item\":\"https:\/\/hobierotikshop.com.tr\/website1\/shop\/\"},{\"@type\":\"ListItem\",\"position\":3,\"name\":\"Usb \u015earjl\u0131 7 Emme Fonksiyonlu Teknolojik Vibrat\u00f6r- Otis\"}]},{\"@type\":\"WebSite\",\"@id\":\"https:\/\/hobierotikshop.com.tr\/website1\/#website\",\"url\":\"https:\/\/hobierotikshop.com.tr\/website1\/\",\"name\":\"Bursa Erotik Shop\",\"description\":\"Bursa Erotik Shop ile g\u00fcvenli, gizli ve kaliteli yeti\u015fkin \u00fcr\u00fcnleri al\u0131\u015fveri\u015fi! Geni\u015f \u00fcr\u00fcn yelpazemizi ke\u015ffedin, hemen sipari\u015f verin\",\"publisher\":{\"@id\":\"https:\/\/hobierotikshop.com.tr\/website1\/#organization\"},\"alternateName\":\"Erotik Shop\",\"potentialAction\":[{\"@type\":\"SearchAction\",\"target\":{\"@type\":\"EntryPoint\",\"urlTemplate\":\"https:\/\/hobierotikshop.com.tr\/website1\/?s={search_term_string}\"},\"query-input\":{\"@type\":\"PropertyValueSpecification\",\"valueRequired\":true,\"valueName\":\"search_term_string\"}}],\"inLanguage\":\"tr\"},{\"@type\":\"Organization\",\"@id\":\"https:\/\/hobierotikshop.com.tr\/website1\/#organization\",\"name\":\"Harem Bursa Erotik Shop\",\"url\":\"https:\/\/hobierotikshop.com.tr\/website1\/\",\"logo\":{\"@type\":\"ImageObject\",\"inLanguage\":\"tr\",\"@id\":\"https:\/\/hobierotikshop.com.tr\/website1\/#\/schema\/logo\/image\/\",\"url\":\"https:\/\/haremerotikshop.com\/site\/wp-content\/uploads\/2025\/03\/haremsexshop.png\",\"contentUrl\":\"https:\/\/haremerotikshop.com\/site\/wp-content\/uploads\/2025\/03\/haremsexshop.png\",\"width\":400,\"height\":100,\"caption\":\"Harem Bursa Erotik Shop\"},\"image\":{\"@id\":\"https:\/\/hobierotikshop.com.tr\/website1\/#\/schema\/logo\/image\/\"},\"sameAs\":[\"https:\/\/x.com\/shopbursa\"],\"publishingPrinciples\":\"https:\/\/hobierotikshop.com.tr\/website1\/mesafeli-satis-sozlesmesi\/\",\"ownershipFundingInfo\":\"https:\/\/hobierotikshop.com.tr\/website1\/contact-us\/\",\"actionableFeedbackPolicy\":\"https:\/\/hobierotikshop.com.tr\/website1\/contact-us\/\",\"correctionsPolicy\":\"https:\/\/hobierotikshop.com.tr\/website1\/mesafeli-satis-sozlesmesi\/\"}]}<\/script>\n<meta property=\"product:price:amount\" content=\"6600.00\" \/>\n<meta property=\"product:price:currency\" content=\"TRY\" \/>\n<meta property=\"og:availability\" content=\"instock\" \/>\n<meta property=\"product:availability\" content=\"instock\" \/>\n<meta property=\"product:retailer_item_id\" content=\"BDM1366\" \/>\n<meta property=\"product:condition\" content=\"new\" \/>\n<!-- \/ Yoast SEO Premium plugin. -->","yoast_head_json":{"title":"Usb \u015earjl\u0131 7 Emme Fonksiyonlu Teknolojik Vibrat\u00f6r- Otis - Bursa Erotik Shop","robots":{"index":"index","follow":"follow","max-snippet":"max-snippet:-1","max-image-preview":"max-image-preview:large","max-video-preview":"max-video-preview:-1"},"canonical":"https:\/\/hobierotikshop.com.tr\/website1\/erotik-shop-urun\/usb-sarjli-7-emme-fonksiyonlu-teknolojik-vibrator-otis\/","og_locale":"tr_TR","og_type":"article","og_title":"Usb \u015earjl\u0131 7 Emme Fonksiyonlu Teknolojik Vibrat\u00f6r- Otis","og_description":"Yenilik\u00e7i USB \u015earjl\u0131 7 Emme Fonksiyonlu Teknolojik Vibrat\u00f6r - Otis, ki\u015fisel zevklerinizi ke\u015ffetmek ve \u00f6zenle tasarlanm\u0131\u015f emme fonksiyonlar\u0131yla vajinal rahatlama sa\u011flamak i\u00e7in ideal bir \u00fcr\u00fcnd\u00fcr. Hem rahatlat\u0131c\u0131 hem de heyecan verici bir deneyim sunan Otis, g\u00fc\u00e7l\u00fc emme modlar\u0131yla etkili bir uyar\u0131m sa\u011flar. USB \u015farjl\u0131, su ge\u00e7irmez yap\u0131s\u0131 ve ergonomik tasar\u0131m\u0131yla size hem konforlu hem de etkili bir kullan\u0131m deneyimi sunar.","og_url":"https:\/\/hobierotikshop.com.tr\/website1\/erotik-shop-urun\/usb-sarjli-7-emme-fonksiyonlu-teknolojik-vibrator-otis\/","og_site_name":"Bursa Erotik Shop","article_modified_time":"2026-01-08T23:58:00+00:00","og_image":[{"width":455,"height":455,"url":"https:\/\/hobierotikshop.com.tr\/website1\/wp-content\/uploads\/2025\/04\/usb-sarjli-7-emme-fonksiyonlu-teknoloj-24-4ec.jpg","type":"image\/jpeg"}],"twitter_card":"summary_large_image","twitter_site":"@shopbursa","twitter_misc":{"Fiyat":"&#8378;6.600,00","Availability":"In stock"},"schema":{"@context":"https:\/\/schema.org","@graph":[{"@type":"WebPage","@id":"https:\/\/hobierotikshop.com.tr\/website1\/erotik-shop-urun\/usb-sarjli-7-emme-fonksiyonlu-teknolojik-vibrator-otis\/","url":"https:\/\/hobierotikshop.com.tr\/website1\/erotik-shop-urun\/usb-sarjli-7-emme-fonksiyonlu-teknolojik-vibrator-otis\/","name":"Usb \u015earjl\u0131 7 Emme Fonksiyonlu Teknolojik Vibrat\u00f6r- Otis - Bursa Erotik Shop","isPartOf":{"@id":"https:\/\/hobierotikshop.com.tr\/website1\/#website"},"primaryImageOfPage":{"@id":"https:\/\/hobierotikshop.com.tr\/website1\/erotik-shop-urun\/usb-sarjli-7-emme-fonksiyonlu-teknolojik-vibrator-otis\/#primaryimage"},"image":{"@id":"https:\/\/hobierotikshop.com.tr\/website1\/erotik-shop-urun\/usb-sarjli-7-emme-fonksiyonlu-teknolojik-vibrator-otis\/#primaryimage"},"thumbnailUrl":"https:\/\/haremerotikshop.com\/site\/wp-content\/uploads\/2025\/04\/usb-sarjli-7-emme-fonksiyonlu-teknoloj-24-4ec.jpg","datePublished":"2025-04-26T14:09:31+00:00","dateModified":"2026-01-08T23:58:00+00:00","breadcrumb":{"@id":"https:\/\/hobierotikshop.com.tr\/website1\/erotik-shop-urun\/usb-sarjli-7-emme-fonksiyonlu-teknolojik-vibrator-otis\/#breadcrumb"},"inLanguage":"tr","potentialAction":[{"@type":"ReadAction","target":["https:\/\/hobierotikshop.com.tr\/website1\/erotik-shop-urun\/usb-sarjli-7-emme-fonksiyonlu-teknolojik-vibrator-otis\/"]}]},{"@type":"ImageObject","inLanguage":"tr","@id":"https:\/\/hobierotikshop.com.tr\/website1\/erotik-shop-urun\/usb-sarjli-7-emme-fonksiyonlu-teknolojik-vibrator-otis\/#primaryimage","url":"https:\/\/haremerotikshop.com\/site\/wp-content\/uploads\/2025\/04\/usb-sarjli-7-emme-fonksiyonlu-teknoloj-24-4ec.jpg","contentUrl":"https:\/\/haremerotikshop.com\/site\/wp-content\/uploads\/2025\/04\/usb-sarjli-7-emme-fonksiyonlu-teknoloj-24-4ec.jpg","width":455,"height":455},{"@type":"BreadcrumbList","@id":"https:\/\/hobierotikshop.com.tr\/website1\/erotik-shop-urun\/usb-sarjli-7-emme-fonksiyonlu-teknolojik-vibrator-otis\/#breadcrumb","itemListElement":[{"@type":"ListItem","position":1,"name":"Anasayfa","item":"https:\/\/hobierotikshop.com.tr\/website1\/"},{"@type":"ListItem","position":2,"name":"Erotik Shop \u00dcr\u00fcnleri","item":"https:\/\/hobierotikshop.com.tr\/website1\/shop\/"},{"@type":"ListItem","position":3,"name":"Usb \u015earjl\u0131 7 Emme Fonksiyonlu Teknolojik Vibrat\u00f6r- Otis"}]},{"@type":"WebSite","@id":"https:\/\/hobierotikshop.com.tr\/website1\/#website","url":"https:\/\/hobierotikshop.com.tr\/website1\/","name":"Bursa Erotik Shop","description":"Bursa Erotik Shop ile g\u00fcvenli, gizli ve kaliteli yeti\u015fkin \u00fcr\u00fcnleri al\u0131\u015fveri\u015fi! Geni\u015f \u00fcr\u00fcn yelpazemizi ke\u015ffedin, hemen sipari\u015f verin","publisher":{"@id":"https:\/\/hobierotikshop.com.tr\/website1\/#organization"},"alternateName":"Erotik Shop","potentialAction":[{"@type":"SearchAction","target":{"@type":"EntryPoint","urlTemplate":"https:\/\/hobierotikshop.com.tr\/website1\/?s={search_term_string}"},"query-input":{"@type":"PropertyValueSpecification","valueRequired":true,"valueName":"search_term_string"}}],"inLanguage":"tr"},{"@type":"Organization","@id":"https:\/\/hobierotikshop.com.tr\/website1\/#organization","name":"Harem Bursa Erotik Shop","url":"https:\/\/hobierotikshop.com.tr\/website1\/","logo":{"@type":"ImageObject","inLanguage":"tr","@id":"https:\/\/hobierotikshop.com.tr\/website1\/#\/schema\/logo\/image\/","url":"https:\/\/haremerotikshop.com\/site\/wp-content\/uploads\/2025\/03\/haremsexshop.png","contentUrl":"https:\/\/haremerotikshop.com\/site\/wp-content\/uploads\/2025\/03\/haremsexshop.png","width":400,"height":100,"caption":"Harem Bursa Erotik Shop"},"image":{"@id":"https:\/\/hobierotikshop.com.tr\/website1\/#\/schema\/logo\/image\/"},"sameAs":["https:\/\/x.com\/shopbursa"],"publishingPrinciples":"https:\/\/hobierotikshop.com.tr\/website1\/mesafeli-satis-sozlesmesi\/","ownershipFundingInfo":"https:\/\/hobierotikshop.com.tr\/website1\/contact-us\/","actionableFeedbackPolicy":"https:\/\/hobierotikshop.com.tr\/website1\/contact-us\/","correctionsPolicy":"https:\/\/hobierotikshop.com.tr\/website1\/mesafeli-satis-sozlesmesi\/"}]},"product_price_amount":"6600.00","product_price_currency":"TRY","og_availability":"instock","product_availability":"instock","product_retailer_item_id":"BDM1366","product_condition":"new"},"_links":{"self":[{"href":"https:\/\/haremerotikshop.com\/site\/wp-json\/wp\/v2\/product\/45086","targetHints":{"allow":["GET"]}}],"collection":[{"href":"https:\/\/haremerotikshop.com\/site\/wp-json\/wp\/v2\/product"}],"about":[{"href":"https:\/\/haremerotikshop.com\/site\/wp-json\/wp\/v2\/types\/product"}],"replies":[{"embeddable":true,"href":"https:\/\/haremerotikshop.com\/site\/wp-json\/wp\/v2\/comments?post=45086"}],"version-history":[{"count":0,"href":"https:\/\/haremerotikshop.com\/site\/wp-json\/wp\/v2\/product\/45086\/revisions"}],"wp:featuredmedia":[{"embeddable":true,"href":"https:\/\/haremerotikshop.com\/site\/wp-json\/wp\/v2\/media\/45088"}],"wp:attachment":[{"href":"https:\/\/haremerotikshop.com\/site\/wp-json\/wp\/v2\/media?parent=45086"}],"wp:term":[{"taxonomy":"product_brand","embeddable":true,"href":"https:\/\/haremerotikshop.com\/site\/wp-json\/wp\/v2\/product_brand?post=45086"},{"taxonomy":"product_cat","embeddable":true,"href":"https:\/\/haremerotikshop.com\/site\/wp-json\/wp\/v2\/product_cat?post=45086"},{"taxonomy":"product_tag","embeddable":true,"href":"https:\/\/haremerotikshop.com\/site\/wp-json\/wp\/v2\/product_tag?post=45086"}],"curies":[{"name":"wp","href":"https:\/\/api.w.org\/{rel}","templated":true}]}}