{"id":45093,"date":"2025-04-26T17:09:31","date_gmt":"2025-04-26T14:09:31","guid":{"rendered":"https:\/\/haremerotikshop.com\/site\/erotik-shop-urun\/usb-sarjli-12-fonksiyonlu-klitoris-uyaricili-esnek-teknolojik-vibrator-broderick\/"},"modified":"2026-01-09T02:57:59","modified_gmt":"2026-01-08T23:57:59","slug":"usb-sarjli-12-fonksiyonlu-klitoris-uyaricili-esnek-teknolojik-vibrator-broderick","status":"publish","type":"product","link":"https:\/\/haremerotikshop.com\/site\/erotik-shop-urun\/usb-sarjli-12-fonksiyonlu-klitoris-uyaricili-esnek-teknolojik-vibrator-broderick\/","title":{"rendered":"Usb \u015earjl\u0131 12 Fonksiyonlu Klitoris Uyar\u0131c\u0131l\u0131 Esnek Teknolojik Vibrat\u00f6r &#8211; Broderick"},"content":{"rendered":"<h1 class=\"\" data-start=\"162\" data-end=\"246\">USB \u015earjl\u0131 12 Fonksiyonlu Klitoris Uyar\u0131c\u0131l\u0131 Esnek Teknolojik Vibrat\u00f6r &#8211; Broderick<\/h1>\n<h3 class=\"\" data-start=\"248\" data-end=\"335\">Kad\u0131nlar\u0131n En Do\u011fal Haz Kayna\u011f\u0131: Broderick Teknolojik Vibrat\u00f6r ile Yeni Bir Deneyim<\/h3>\n<p class=\"\" data-start=\"337\" data-end=\"681\"><strong data-start=\"337\" data-end=\"423\">USB \u015earjl\u0131 12 Fonksiyonlu Klitoris Uyar\u0131c\u0131l\u0131 Esnek Teknolojik Vibrat\u00f6r &#8211; Broderick<\/strong>, geli\u015fmi\u015f titre\u015fim \u00f6zellikleri ve \u015f\u0131k tasar\u0131m\u0131yla, kad\u0131nlar\u0131n t\u00fcm ihtiya\u00e7lar\u0131n\u0131 kar\u015f\u0131lamak i\u00e7in \u00f6zel olarak tasarlanm\u0131\u015ft\u0131r. Klitoris ve G-spot uyar\u0131c\u0131l\u0131 \u00f6zellikleriyle maksimum zevki hedeflerken, ergonomik ve esnek yap\u0131s\u0131yla v\u00fccudunuza m\u00fckemmel uyum sa\u011flar.<\/p>\n<hr class=\"\" data-start=\"683\" data-end=\"686\" \/>\n<h3 class=\"\" data-start=\"688\" data-end=\"709\">\u00dcr\u00fcn \u00d6zellikleri:<\/h3>\n<ul data-start=\"711\" data-end=\"1925\">\n<li class=\"\" data-start=\"711\" data-end=\"864\">\n<p class=\"\" data-start=\"713\" data-end=\"864\"><strong data-start=\"713\" data-end=\"747\">12 Fonksiyonlu G\u00fc\u00e7l\u00fc Titre\u015fim:<\/strong> \u00c7ift titre\u015fim motoru sayesinde, hem vibrat\u00f6r\u00fcn ba\u015f k\u0131sm\u0131 hem de stim\u00fclat\u00f6r k\u0131sm\u0131 g\u00fc\u00e7l\u00fc ve keyifli titre\u015fimler sunar.<\/p>\n<\/li>\n<li class=\"\" data-start=\"865\" data-end=\"989\">\n<p class=\"\" data-start=\"867\" data-end=\"989\"><strong data-start=\"867\" data-end=\"882\">USB \u015earjl\u0131:<\/strong> \u015earj edilebilir \u00f6zelli\u011fiyle, pratik kullan\u0131m sa\u011flar. Manyetik USB \u015farj cihaz\u0131 ile kolayca \u015farj edilebilir.<\/p>\n<\/li>\n<li class=\"\" data-start=\"990\" data-end=\"1187\">\n<p class=\"\" data-start=\"992\" data-end=\"1187\"><strong data-start=\"992\" data-end=\"1020\">Y\u00fcksek Kaliteli Silikon:<\/strong> Cilt dostu, p\u00fcr\u00fczs\u00fcz ve kadifemsi yap\u0131s\u0131 ile uzun s\u00fcreli rahat kullan\u0131m sunar. Y\u00fcksek kaliteli silikon malzeme, sa\u011fl\u0131\u011f\u0131n\u0131z\u0131 \u00f6n planda tutarak g\u00fcvenli kullan\u0131m sa\u011flar.<\/p>\n<\/li>\n<li class=\"\" data-start=\"1188\" data-end=\"1360\">\n<p class=\"\" data-start=\"1190\" data-end=\"1360\"><strong data-start=\"1190\" data-end=\"1221\">Esnek ve Ergonomik Tasar\u0131m:<\/strong> Kad\u0131n v\u00fccuduna m\u00fckemmel uyum sa\u011flayan esnek yap\u0131s\u0131yla, konforlu bir deneyim sunar. Uygulanan bask\u0131y\u0131 ideal \u015fekilde ileterek zevki art\u0131r\u0131r.<\/p>\n<\/li>\n<li class=\"\" data-start=\"1361\" data-end=\"1504\">\n<p class=\"\" data-start=\"1363\" data-end=\"1504\"><strong data-start=\"1363\" data-end=\"1396\">Klitoris ve G-Spot Uyar\u0131c\u0131l\u0131:<\/strong> Her iki uyar\u0131c\u0131 \u00f6zelli\u011fi ile farkl\u0131 zevk noktalar\u0131na hitap eder. Klitoral stim\u00fclat\u00f6r olarak kullan\u0131labilir.<\/p>\n<\/li>\n<li class=\"\" data-start=\"1505\" data-end=\"1613\">\n<p class=\"\" data-start=\"1507\" data-end=\"1613\"><strong data-start=\"1507\" data-end=\"1528\">%100 Su Ge\u00e7irmez:<\/strong> Su ge\u00e7irmez yap\u0131s\u0131, \u00fcr\u00fcn\u00fcn kolayca temizlenmesini ve du\u015fta kullan\u0131m\u0131n\u0131 m\u00fcmk\u00fcn k\u0131lar.<\/p>\n<\/li>\n<li class=\"\" data-start=\"1614\" data-end=\"1731\">\n<p class=\"\" data-start=\"1616\" data-end=\"1731\"><strong data-start=\"1616\" data-end=\"1641\">S\u00fcper Sessiz \u00c7al\u0131\u015fma:<\/strong> Discreet kullan\u0131m i\u00e7in tasarlanm\u0131\u015f olan bu vibrat\u00f6r, neredeyse sessiz bir \u00e7al\u0131\u015fma sa\u011flar.<\/p>\n<\/li>\n<li class=\"\" data-start=\"1732\" data-end=\"1822\">\n<p class=\"\" data-start=\"1734\" data-end=\"1822\"><strong data-start=\"1734\" data-end=\"1753\">Kolay Temizlik:<\/strong> Hijyenik kullan\u0131m i\u00e7in \u0131l\u0131k su ve sabunla rahatl\u0131kla temizlenebilir.<\/p>\n<\/li>\n<li class=\"\" data-start=\"1823\" data-end=\"1925\">\n<p class=\"\" data-start=\"1825\" data-end=\"1925\"><strong data-start=\"1825\" data-end=\"1849\">Pembe Renk Se\u00e7ene\u011fi:<\/strong> Estetik ve \u015f\u0131k pembe rengiyle hem g\u00f6z al\u0131c\u0131 hem de zarif bir tasar\u0131m sunar.<\/p>\n<\/li>\n<\/ul>\n<hr class=\"\" data-start=\"1927\" data-end=\"1930\" \/>\n<h3 class=\"\" data-start=\"1932\" data-end=\"1954\">Teknik \u00d6zellikler:<\/h3>\n<ul data-start=\"1956\" data-end=\"2154\">\n<li class=\"\" data-start=\"1956\" data-end=\"1980\">\n<p class=\"\" data-start=\"1958\" data-end=\"1980\"><strong data-start=\"1958\" data-end=\"1970\">Uzunluk:<\/strong> 17,9 cm<\/p>\n<\/li>\n<li class=\"\" data-start=\"1981\" data-end=\"2000\">\n<p class=\"\" data-start=\"1983\" data-end=\"2000\"><strong data-start=\"1983\" data-end=\"1991\">\u00c7ap:<\/strong> 3,5 cm<\/p>\n<\/li>\n<li class=\"\" data-start=\"2001\" data-end=\"2024\">\n<p class=\"\" data-start=\"2003\" data-end=\"2024\"><strong data-start=\"2003\" data-end=\"2015\">A\u011f\u0131rl\u0131k:<\/strong> 189 gr<\/p>\n<\/li>\n<li class=\"\" data-start=\"2025\" data-end=\"2054\">\n<p class=\"\" data-start=\"2027\" data-end=\"2054\"><strong data-start=\"2027\" data-end=\"2041\">\u015earj Tipi:<\/strong> USB \u015earjl\u0131<\/p>\n<\/li>\n<li class=\"\" data-start=\"2055\" data-end=\"2095\">\n<p class=\"\" data-start=\"2057\" data-end=\"2095\"><strong data-start=\"2057\" data-end=\"2076\">Su Ge\u00e7irmezlik:<\/strong> %100 su ge\u00e7irmez<\/p>\n<\/li>\n<li class=\"\" data-start=\"2096\" data-end=\"2136\">\n<p class=\"\" data-start=\"2098\" data-end=\"2136\"><strong data-start=\"2098\" data-end=\"2113\">Motor Tipi:<\/strong> \u00c7ift titre\u015fim motoru<\/p>\n<\/li>\n<li class=\"\" data-start=\"2137\" data-end=\"2154\">\n<p class=\"\" data-start=\"2139\" data-end=\"2154\"><strong data-start=\"2139\" data-end=\"2148\">Renk:<\/strong> Pembe<\/p>\n<\/li>\n<\/ul>\n<hr class=\"\" data-start=\"2156\" data-end=\"2159\" \/>\n<h3 class=\"\" data-start=\"2161\" data-end=\"2183\">Kullan\u0131m ve Bak\u0131m:<\/h3>\n<ul data-start=\"2185\" data-end=\"2474\">\n<li class=\"\" data-start=\"2185\" data-end=\"2310\">\n<p class=\"\" data-start=\"2187\" data-end=\"2310\"><strong data-start=\"2187\" data-end=\"2200\">Temizlik:<\/strong> Kullan\u0131m sonras\u0131nda \u0131l\u0131k su ve sabunla rahat\u00e7a temizlenebilir. Kimyasal temizlik \u00fcr\u00fcnlerinden ka\u00e7\u0131n\u0131lmal\u0131d\u0131r.<\/p>\n<\/li>\n<li class=\"\" data-start=\"2311\" data-end=\"2417\">\n<p class=\"\" data-start=\"2313\" data-end=\"2417\"><strong data-start=\"2313\" data-end=\"2343\">Kayganla\u015ft\u0131r\u0131c\u0131 Kullan\u0131m\u0131:<\/strong> Daha yumu\u015fak bir deneyim i\u00e7in su bazl\u0131 kayganla\u015ft\u0131r\u0131c\u0131lar kullan\u0131labilir.<\/p>\n<\/li>\n<li class=\"\" data-start=\"2418\" data-end=\"2474\">\n<p class=\"\" data-start=\"2420\" data-end=\"2474\"><strong data-start=\"2420\" data-end=\"2432\">Saklama:<\/strong> \u00dcr\u00fcn\u00fc serin ve kuru bir yerde saklay\u0131n\u0131z.<\/p>\n<\/li>\n<\/ul>\n<hr class=\"\" data-start=\"2476\" data-end=\"2479\" \/>\n<h3 class=\"\" data-start=\"2481\" data-end=\"2515\">Sipari\u015f ve Teslimat Bilgileri:<\/h3>\n<ul data-start=\"2517\" data-end=\"2871\">\n<li class=\"\" data-start=\"2517\" data-end=\"2637\">\n<p class=\"\" data-start=\"2519\" data-end=\"2637\"><strong data-start=\"2519\" data-end=\"2539\">Gizli Paketleme:<\/strong> \u00dcr\u00fcnler tamamen gizli paketlenerek, i\u00e7erik konusunda herhangi bir bilgi verilmeden teslim edilir.<\/p>\n<\/li>\n<li class=\"\" data-start=\"2638\" data-end=\"2739\">\n<p class=\"\" data-start=\"2640\" data-end=\"2739\"><strong data-start=\"2640\" data-end=\"2662\">\u00d6deme Se\u00e7enekleri:<\/strong> Kap\u0131da \u00f6deme, kredi kart\u0131 veya banka havalesi ile g\u00fcvenli \u00f6deme se\u00e7enekleri.<\/p>\n<\/li>\n<li class=\"\" data-start=\"2740\" data-end=\"2871\">\n<p class=\"\" data-start=\"2742\" data-end=\"2871\"><strong data-start=\"2742\" data-end=\"2761\">H\u0131zl\u0131 Teslimat:<\/strong> Sipari\u015fler, h\u0131zl\u0131 ve g\u00fcvenli bir \u015fekilde m\u00fc\u015fteri adresine teslim edilir. T\u00fcm \u00fcr\u00fcnler orijinal ve fatural\u0131d\u0131r.<\/p>\n<\/li>\n<\/ul>\n<hr class=\"\" data-start=\"2873\" data-end=\"2876\" \/>\n<h2 class=\"\" data-start=\"2878\" data-end=\"2921\">Neden <strong data-start=\"2887\" data-end=\"2920\">Broderick Teknolojik Vibrat\u00f6r<\/strong>?<\/h2>\n<p class=\"\" data-start=\"2923\" data-end=\"3234\"><strong data-start=\"2923\" data-end=\"2936\">Broderick<\/strong>, yaln\u0131zca bir vibrat\u00f6r de\u011fil, ayn\u0131 zamanda \u00f6zel tasar\u0131m\u0131, g\u00fc\u00e7l\u00fc titre\u015fimleri ve klitoris ile G-spot uyar\u0131c\u0131 \u00f6zellikleriyle, kad\u0131nlar\u0131n haz alabilece\u011fi bir deneyim sunar. Kendinizi \u015f\u0131martmak, g\u00fcnl\u00fck rutininizden ka\u00e7mak ve kad\u0131ns\u0131 \u00f6zg\u00fcrl\u00fc\u011f\u00fcn\u00fcz\u00fc ke\u015ffetmek i\u00e7in bu m\u00fckemmel \u00fcr\u00fcn\u00fc tercih edebilirsiniz.<\/p>\n<p class=\"\" data-start=\"3236\" data-end=\"3321\">\ud83c\udfaf <strong data-start=\"3239\" data-end=\"3321\">\u015eimdi sipari\u015f verin ve gizli paketleme ile g\u00fcvenli al\u0131\u015fveri\u015fin tad\u0131n\u0131 \u00e7\u0131kar\u0131n!<\/strong><\/p>\n<p>&nbsp;<\/p>\n<p>&nbsp;<\/p>\n<p>&nbsp;<\/p>\n<p><img decoding=\"async\" style=\"width: 300px;height: 300px\" src=\"https:\/\/static.ticimax.cloud\/32886\/\/uploads\/editoruploads\/111-1359.gif\" alt=\"\" \/><img decoding=\"async\" style=\"width: 300px;height: 300px\" src=\"https:\/\/static.ticimax.cloud\/32886\/\/uploads\/editoruploads\/111-1359-1.gif\" alt=\"\" \/><\/p>\n","protected":false},"excerpt":{"rendered":"<p><strong data-start=\"337\" data-end=\"423\">USB \u015earjl\u0131 12 Fonksiyonlu Klitoris Uyar\u0131c\u0131l\u0131 Esnek Teknolojik Vibrat\u00f6r &#8211; Broderick<\/strong>, geli\u015fmi\u015f titre\u015fim \u00f6zellikleri ve \u015f\u0131k tasar\u0131m\u0131yla, kad\u0131nlar\u0131n t\u00fcm ihtiya\u00e7lar\u0131n\u0131 kar\u015f\u0131lamak i\u00e7in \u00f6zel olarak tasarlanm\u0131\u015ft\u0131r. Klitoris ve G-spot uyar\u0131c\u0131l\u0131 \u00f6zellikleriyle maksimum zevki hedeflerken, ergonomik ve esnek yap\u0131s\u0131yla v\u00fccudunuza m\u00fckemmel uyum sa\u011flar.<\/p>\n","protected":false},"featured_media":45095,"comment_status":"closed","ping_status":"closed","template":"","meta":[],"product_brand":[],"product_cat":[496],"product_tag":[],"class_list":{"0":"post-45093","1":"product","2":"type-product","3":"status-publish","4":"has-post-thumbnail","6":"product_cat-vibrator-cesitleri","8":"first","9":"instock","10":"purchasable","11":"product-type-simple"},"yoast_head":"<!-- This site is optimized with the Yoast SEO Premium plugin v24.4 (Yoast SEO v27.1.1) - https:\/\/yoast.com\/product\/yoast-seo-premium-wordpress\/ -->\n<title>Usb \u015earjl\u0131 12 Fonksiyonlu Klitoris Uyar\u0131c\u0131l\u0131 Esnek Teknolojik Vibrat\u00f6r - Broderick - Bursa Erotik Shop<\/title>\n<meta name=\"robots\" content=\"index, follow, max-snippet:-1, max-image-preview:large, max-video-preview:-1\" \/>\n<link rel=\"canonical\" href=\"https:\/\/hobierotikshop.com.tr\/website1\/erotik-shop-urun\/usb-sarjli-12-fonksiyonlu-klitoris-uyaricili-esnek-teknolojik-vibrator-broderick\/\" \/>\n<meta property=\"og:locale\" content=\"tr_TR\" \/>\n<meta property=\"og:type\" content=\"article\" \/>\n<meta property=\"og:title\" content=\"Usb \u015earjl\u0131 12 Fonksiyonlu Klitoris Uyar\u0131c\u0131l\u0131 Esnek Teknolojik Vibrat\u00f6r - Broderick\" \/>\n<meta property=\"og:description\" content=\"USB \u015earjl\u0131 12 Fonksiyonlu Klitoris Uyar\u0131c\u0131l\u0131 Esnek Teknolojik Vibrat\u00f6r - Broderick, geli\u015fmi\u015f titre\u015fim \u00f6zellikleri ve \u015f\u0131k tasar\u0131m\u0131yla, kad\u0131nlar\u0131n t\u00fcm ihtiya\u00e7lar\u0131n\u0131 kar\u015f\u0131lamak i\u00e7in \u00f6zel olarak tasarlanm\u0131\u015ft\u0131r. Klitoris ve G-spot uyar\u0131c\u0131l\u0131 \u00f6zellikleriyle maksimum zevki hedeflerken, ergonomik ve esnek yap\u0131s\u0131yla v\u00fccudunuza m\u00fckemmel uyum sa\u011flar.\" \/>\n<meta property=\"og:url\" content=\"https:\/\/hobierotikshop.com.tr\/website1\/erotik-shop-urun\/usb-sarjli-12-fonksiyonlu-klitoris-uyaricili-esnek-teknolojik-vibrator-broderick\/\" \/>\n<meta property=\"og:site_name\" content=\"Bursa Erotik Shop\" \/>\n<meta property=\"article:modified_time\" content=\"2026-01-08T23:57:59+00:00\" \/>\n<meta property=\"og:image\" content=\"https:\/\/hobierotikshop.com.tr\/website1\/wp-content\/uploads\/2025\/04\/usb-sarjli-12-fonksiyonlu-klitoris-uya-a90a-.jpg\" \/>\n\t<meta property=\"og:image:width\" content=\"455\" \/>\n\t<meta property=\"og:image:height\" content=\"455\" \/>\n\t<meta property=\"og:image:type\" content=\"image\/jpeg\" \/>\n<meta name=\"twitter:card\" content=\"summary_large_image\" \/>\n<meta name=\"twitter:site\" content=\"@shopbursa\" \/>\n<meta name=\"twitter:label1\" content=\"Fiyat\" \/>\n\t<meta name=\"twitter:data1\" content=\"&#8378;4.800,00\" \/>\n\t<meta name=\"twitter:label2\" content=\"Availability\" \/>\n\t<meta name=\"twitter:data2\" content=\"In stock\" \/>\n<script type=\"application\/ld+json\" class=\"yoast-schema-graph\">{\"@context\":\"https:\/\/schema.org\",\"@graph\":[{\"@type\":\"WebPage\",\"@id\":\"https:\/\/hobierotikshop.com.tr\/website1\/erotik-shop-urun\/usb-sarjli-12-fonksiyonlu-klitoris-uyaricili-esnek-teknolojik-vibrator-broderick\/\",\"url\":\"https:\/\/hobierotikshop.com.tr\/website1\/erotik-shop-urun\/usb-sarjli-12-fonksiyonlu-klitoris-uyaricili-esnek-teknolojik-vibrator-broderick\/\",\"name\":\"Usb \u015earjl\u0131 12 Fonksiyonlu Klitoris Uyar\u0131c\u0131l\u0131 Esnek Teknolojik Vibrat\u00f6r - Broderick - Bursa Erotik Shop\",\"isPartOf\":{\"@id\":\"https:\/\/hobierotikshop.com.tr\/website1\/#website\"},\"primaryImageOfPage\":{\"@id\":\"https:\/\/hobierotikshop.com.tr\/website1\/erotik-shop-urun\/usb-sarjli-12-fonksiyonlu-klitoris-uyaricili-esnek-teknolojik-vibrator-broderick\/#primaryimage\"},\"image\":{\"@id\":\"https:\/\/hobierotikshop.com.tr\/website1\/erotik-shop-urun\/usb-sarjli-12-fonksiyonlu-klitoris-uyaricili-esnek-teknolojik-vibrator-broderick\/#primaryimage\"},\"thumbnailUrl\":\"https:\/\/haremerotikshop.com\/site\/wp-content\/uploads\/2025\/04\/usb-sarjli-12-fonksiyonlu-klitoris-uya-a90a-.jpg\",\"datePublished\":\"2025-04-26T14:09:31+00:00\",\"dateModified\":\"2026-01-08T23:57:59+00:00\",\"breadcrumb\":{\"@id\":\"https:\/\/hobierotikshop.com.tr\/website1\/erotik-shop-urun\/usb-sarjli-12-fonksiyonlu-klitoris-uyaricili-esnek-teknolojik-vibrator-broderick\/#breadcrumb\"},\"inLanguage\":\"tr\",\"potentialAction\":[{\"@type\":\"ReadAction\",\"target\":[\"https:\/\/hobierotikshop.com.tr\/website1\/erotik-shop-urun\/usb-sarjli-12-fonksiyonlu-klitoris-uyaricili-esnek-teknolojik-vibrator-broderick\/\"]}]},{\"@type\":\"ImageObject\",\"inLanguage\":\"tr\",\"@id\":\"https:\/\/hobierotikshop.com.tr\/website1\/erotik-shop-urun\/usb-sarjli-12-fonksiyonlu-klitoris-uyaricili-esnek-teknolojik-vibrator-broderick\/#primaryimage\",\"url\":\"https:\/\/haremerotikshop.com\/site\/wp-content\/uploads\/2025\/04\/usb-sarjli-12-fonksiyonlu-klitoris-uya-a90a-.jpg\",\"contentUrl\":\"https:\/\/haremerotikshop.com\/site\/wp-content\/uploads\/2025\/04\/usb-sarjli-12-fonksiyonlu-klitoris-uya-a90a-.jpg\",\"width\":455,\"height\":455},{\"@type\":\"BreadcrumbList\",\"@id\":\"https:\/\/hobierotikshop.com.tr\/website1\/erotik-shop-urun\/usb-sarjli-12-fonksiyonlu-klitoris-uyaricili-esnek-teknolojik-vibrator-broderick\/#breadcrumb\",\"itemListElement\":[{\"@type\":\"ListItem\",\"position\":1,\"name\":\"Anasayfa\",\"item\":\"https:\/\/hobierotikshop.com.tr\/website1\/\"},{\"@type\":\"ListItem\",\"position\":2,\"name\":\"Erotik Shop \u00dcr\u00fcnleri\",\"item\":\"https:\/\/hobierotikshop.com.tr\/website1\/shop\/\"},{\"@type\":\"ListItem\",\"position\":3,\"name\":\"Usb \u015earjl\u0131 12 Fonksiyonlu Klitoris Uyar\u0131c\u0131l\u0131 Esnek Teknolojik Vibrat\u00f6r &#8211; Broderick\"}]},{\"@type\":\"WebSite\",\"@id\":\"https:\/\/hobierotikshop.com.tr\/website1\/#website\",\"url\":\"https:\/\/hobierotikshop.com.tr\/website1\/\",\"name\":\"Bursa Erotik Shop\",\"description\":\"Bursa Erotik Shop ile g\u00fcvenli, gizli ve kaliteli yeti\u015fkin \u00fcr\u00fcnleri al\u0131\u015fveri\u015fi! Geni\u015f \u00fcr\u00fcn yelpazemizi ke\u015ffedin, hemen sipari\u015f verin\",\"publisher\":{\"@id\":\"https:\/\/hobierotikshop.com.tr\/website1\/#organization\"},\"alternateName\":\"Erotik Shop\",\"potentialAction\":[{\"@type\":\"SearchAction\",\"target\":{\"@type\":\"EntryPoint\",\"urlTemplate\":\"https:\/\/hobierotikshop.com.tr\/website1\/?s={search_term_string}\"},\"query-input\":{\"@type\":\"PropertyValueSpecification\",\"valueRequired\":true,\"valueName\":\"search_term_string\"}}],\"inLanguage\":\"tr\"},{\"@type\":\"Organization\",\"@id\":\"https:\/\/hobierotikshop.com.tr\/website1\/#organization\",\"name\":\"Harem Bursa Erotik Shop\",\"url\":\"https:\/\/hobierotikshop.com.tr\/website1\/\",\"logo\":{\"@type\":\"ImageObject\",\"inLanguage\":\"tr\",\"@id\":\"https:\/\/hobierotikshop.com.tr\/website1\/#\/schema\/logo\/image\/\",\"url\":\"https:\/\/haremerotikshop.com\/site\/wp-content\/uploads\/2025\/03\/haremsexshop.png\",\"contentUrl\":\"https:\/\/haremerotikshop.com\/site\/wp-content\/uploads\/2025\/03\/haremsexshop.png\",\"width\":400,\"height\":100,\"caption\":\"Harem Bursa Erotik Shop\"},\"image\":{\"@id\":\"https:\/\/hobierotikshop.com.tr\/website1\/#\/schema\/logo\/image\/\"},\"sameAs\":[\"https:\/\/x.com\/shopbursa\"],\"publishingPrinciples\":\"https:\/\/hobierotikshop.com.tr\/website1\/mesafeli-satis-sozlesmesi\/\",\"ownershipFundingInfo\":\"https:\/\/hobierotikshop.com.tr\/website1\/contact-us\/\",\"actionableFeedbackPolicy\":\"https:\/\/hobierotikshop.com.tr\/website1\/contact-us\/\",\"correctionsPolicy\":\"https:\/\/hobierotikshop.com.tr\/website1\/mesafeli-satis-sozlesmesi\/\"}]}<\/script>\n<meta property=\"product:price:amount\" content=\"4800.00\" \/>\n<meta property=\"product:price:currency\" content=\"TRY\" \/>\n<meta property=\"og:availability\" content=\"instock\" \/>\n<meta property=\"product:availability\" content=\"instock\" \/>\n<meta property=\"product:retailer_item_id\" content=\"BDM1359\" \/>\n<meta property=\"product:condition\" content=\"new\" \/>\n<!-- \/ Yoast SEO Premium plugin. -->","yoast_head_json":{"title":"Usb \u015earjl\u0131 12 Fonksiyonlu Klitoris Uyar\u0131c\u0131l\u0131 Esnek Teknolojik Vibrat\u00f6r - Broderick - Bursa Erotik Shop","robots":{"index":"index","follow":"follow","max-snippet":"max-snippet:-1","max-image-preview":"max-image-preview:large","max-video-preview":"max-video-preview:-1"},"canonical":"https:\/\/hobierotikshop.com.tr\/website1\/erotik-shop-urun\/usb-sarjli-12-fonksiyonlu-klitoris-uyaricili-esnek-teknolojik-vibrator-broderick\/","og_locale":"tr_TR","og_type":"article","og_title":"Usb \u015earjl\u0131 12 Fonksiyonlu Klitoris Uyar\u0131c\u0131l\u0131 Esnek Teknolojik Vibrat\u00f6r - Broderick","og_description":"USB \u015earjl\u0131 12 Fonksiyonlu Klitoris Uyar\u0131c\u0131l\u0131 Esnek Teknolojik Vibrat\u00f6r - Broderick, geli\u015fmi\u015f titre\u015fim \u00f6zellikleri ve \u015f\u0131k tasar\u0131m\u0131yla, kad\u0131nlar\u0131n t\u00fcm ihtiya\u00e7lar\u0131n\u0131 kar\u015f\u0131lamak i\u00e7in \u00f6zel olarak tasarlanm\u0131\u015ft\u0131r. Klitoris ve G-spot uyar\u0131c\u0131l\u0131 \u00f6zellikleriyle maksimum zevki hedeflerken, ergonomik ve esnek yap\u0131s\u0131yla v\u00fccudunuza m\u00fckemmel uyum sa\u011flar.","og_url":"https:\/\/hobierotikshop.com.tr\/website1\/erotik-shop-urun\/usb-sarjli-12-fonksiyonlu-klitoris-uyaricili-esnek-teknolojik-vibrator-broderick\/","og_site_name":"Bursa Erotik Shop","article_modified_time":"2026-01-08T23:57:59+00:00","og_image":[{"width":455,"height":455,"url":"https:\/\/hobierotikshop.com.tr\/website1\/wp-content\/uploads\/2025\/04\/usb-sarjli-12-fonksiyonlu-klitoris-uya-a90a-.jpg","type":"image\/jpeg"}],"twitter_card":"summary_large_image","twitter_site":"@shopbursa","twitter_misc":{"Fiyat":"&#8378;4.800,00","Availability":"In stock"},"schema":{"@context":"https:\/\/schema.org","@graph":[{"@type":"WebPage","@id":"https:\/\/hobierotikshop.com.tr\/website1\/erotik-shop-urun\/usb-sarjli-12-fonksiyonlu-klitoris-uyaricili-esnek-teknolojik-vibrator-broderick\/","url":"https:\/\/hobierotikshop.com.tr\/website1\/erotik-shop-urun\/usb-sarjli-12-fonksiyonlu-klitoris-uyaricili-esnek-teknolojik-vibrator-broderick\/","name":"Usb \u015earjl\u0131 12 Fonksiyonlu Klitoris Uyar\u0131c\u0131l\u0131 Esnek Teknolojik Vibrat\u00f6r - Broderick - Bursa Erotik Shop","isPartOf":{"@id":"https:\/\/hobierotikshop.com.tr\/website1\/#website"},"primaryImageOfPage":{"@id":"https:\/\/hobierotikshop.com.tr\/website1\/erotik-shop-urun\/usb-sarjli-12-fonksiyonlu-klitoris-uyaricili-esnek-teknolojik-vibrator-broderick\/#primaryimage"},"image":{"@id":"https:\/\/hobierotikshop.com.tr\/website1\/erotik-shop-urun\/usb-sarjli-12-fonksiyonlu-klitoris-uyaricili-esnek-teknolojik-vibrator-broderick\/#primaryimage"},"thumbnailUrl":"https:\/\/haremerotikshop.com\/site\/wp-content\/uploads\/2025\/04\/usb-sarjli-12-fonksiyonlu-klitoris-uya-a90a-.jpg","datePublished":"2025-04-26T14:09:31+00:00","dateModified":"2026-01-08T23:57:59+00:00","breadcrumb":{"@id":"https:\/\/hobierotikshop.com.tr\/website1\/erotik-shop-urun\/usb-sarjli-12-fonksiyonlu-klitoris-uyaricili-esnek-teknolojik-vibrator-broderick\/#breadcrumb"},"inLanguage":"tr","potentialAction":[{"@type":"ReadAction","target":["https:\/\/hobierotikshop.com.tr\/website1\/erotik-shop-urun\/usb-sarjli-12-fonksiyonlu-klitoris-uyaricili-esnek-teknolojik-vibrator-broderick\/"]}]},{"@type":"ImageObject","inLanguage":"tr","@id":"https:\/\/hobierotikshop.com.tr\/website1\/erotik-shop-urun\/usb-sarjli-12-fonksiyonlu-klitoris-uyaricili-esnek-teknolojik-vibrator-broderick\/#primaryimage","url":"https:\/\/haremerotikshop.com\/site\/wp-content\/uploads\/2025\/04\/usb-sarjli-12-fonksiyonlu-klitoris-uya-a90a-.jpg","contentUrl":"https:\/\/haremerotikshop.com\/site\/wp-content\/uploads\/2025\/04\/usb-sarjli-12-fonksiyonlu-klitoris-uya-a90a-.jpg","width":455,"height":455},{"@type":"BreadcrumbList","@id":"https:\/\/hobierotikshop.com.tr\/website1\/erotik-shop-urun\/usb-sarjli-12-fonksiyonlu-klitoris-uyaricili-esnek-teknolojik-vibrator-broderick\/#breadcrumb","itemListElement":[{"@type":"ListItem","position":1,"name":"Anasayfa","item":"https:\/\/hobierotikshop.com.tr\/website1\/"},{"@type":"ListItem","position":2,"name":"Erotik Shop \u00dcr\u00fcnleri","item":"https:\/\/hobierotikshop.com.tr\/website1\/shop\/"},{"@type":"ListItem","position":3,"name":"Usb \u015earjl\u0131 12 Fonksiyonlu Klitoris Uyar\u0131c\u0131l\u0131 Esnek Teknolojik Vibrat\u00f6r &#8211; Broderick"}]},{"@type":"WebSite","@id":"https:\/\/hobierotikshop.com.tr\/website1\/#website","url":"https:\/\/hobierotikshop.com.tr\/website1\/","name":"Bursa Erotik Shop","description":"Bursa Erotik Shop ile g\u00fcvenli, gizli ve kaliteli yeti\u015fkin \u00fcr\u00fcnleri al\u0131\u015fveri\u015fi! Geni\u015f \u00fcr\u00fcn yelpazemizi ke\u015ffedin, hemen sipari\u015f verin","publisher":{"@id":"https:\/\/hobierotikshop.com.tr\/website1\/#organization"},"alternateName":"Erotik Shop","potentialAction":[{"@type":"SearchAction","target":{"@type":"EntryPoint","urlTemplate":"https:\/\/hobierotikshop.com.tr\/website1\/?s={search_term_string}"},"query-input":{"@type":"PropertyValueSpecification","valueRequired":true,"valueName":"search_term_string"}}],"inLanguage":"tr"},{"@type":"Organization","@id":"https:\/\/hobierotikshop.com.tr\/website1\/#organization","name":"Harem Bursa Erotik Shop","url":"https:\/\/hobierotikshop.com.tr\/website1\/","logo":{"@type":"ImageObject","inLanguage":"tr","@id":"https:\/\/hobierotikshop.com.tr\/website1\/#\/schema\/logo\/image\/","url":"https:\/\/haremerotikshop.com\/site\/wp-content\/uploads\/2025\/03\/haremsexshop.png","contentUrl":"https:\/\/haremerotikshop.com\/site\/wp-content\/uploads\/2025\/03\/haremsexshop.png","width":400,"height":100,"caption":"Harem Bursa Erotik Shop"},"image":{"@id":"https:\/\/hobierotikshop.com.tr\/website1\/#\/schema\/logo\/image\/"},"sameAs":["https:\/\/x.com\/shopbursa"],"publishingPrinciples":"https:\/\/hobierotikshop.com.tr\/website1\/mesafeli-satis-sozlesmesi\/","ownershipFundingInfo":"https:\/\/hobierotikshop.com.tr\/website1\/contact-us\/","actionableFeedbackPolicy":"https:\/\/hobierotikshop.com.tr\/website1\/contact-us\/","correctionsPolicy":"https:\/\/hobierotikshop.com.tr\/website1\/mesafeli-satis-sozlesmesi\/"}]},"product_price_amount":"4800.00","product_price_currency":"TRY","og_availability":"instock","product_availability":"instock","product_retailer_item_id":"BDM1359","product_condition":"new"},"_links":{"self":[{"href":"https:\/\/haremerotikshop.com\/site\/wp-json\/wp\/v2\/product\/45093","targetHints":{"allow":["GET"]}}],"collection":[{"href":"https:\/\/haremerotikshop.com\/site\/wp-json\/wp\/v2\/product"}],"about":[{"href":"https:\/\/haremerotikshop.com\/site\/wp-json\/wp\/v2\/types\/product"}],"replies":[{"embeddable":true,"href":"https:\/\/haremerotikshop.com\/site\/wp-json\/wp\/v2\/comments?post=45093"}],"version-history":[{"count":0,"href":"https:\/\/haremerotikshop.com\/site\/wp-json\/wp\/v2\/product\/45093\/revisions"}],"wp:featuredmedia":[{"embeddable":true,"href":"https:\/\/haremerotikshop.com\/site\/wp-json\/wp\/v2\/media\/45095"}],"wp:attachment":[{"href":"https:\/\/haremerotikshop.com\/site\/wp-json\/wp\/v2\/media?parent=45093"}],"wp:term":[{"taxonomy":"product_brand","embeddable":true,"href":"https:\/\/haremerotikshop.com\/site\/wp-json\/wp\/v2\/product_brand?post=45093"},{"taxonomy":"product_cat","embeddable":true,"href":"https:\/\/haremerotikshop.com\/site\/wp-json\/wp\/v2\/product_cat?post=45093"},{"taxonomy":"product_tag","embeddable":true,"href":"https:\/\/haremerotikshop.com\/site\/wp-json\/wp\/v2\/product_tag?post=45093"}],"curies":[{"name":"wp","href":"https:\/\/api.w.org\/{rel}","templated":true}]}}