{"id":45142,"date":"2025-04-26T17:10:36","date_gmt":"2025-04-26T14:10:36","guid":{"rendered":"https:\/\/haremerotikshop.com\/site\/erotik-shop-urun\/usb-sarjli-12-fonksiyonlu-isitmali-klitoris-uyaricili-teknolojik-vibrator\/"},"modified":"2026-01-09T02:57:55","modified_gmt":"2026-01-08T23:57:55","slug":"usb-sarjli-12-fonksiyonlu-isitmali-klitoris-uyaricili-teknolojik-vibrator","status":"publish","type":"product","link":"https:\/\/haremerotikshop.com\/site\/erotik-shop-urun\/usb-sarjli-12-fonksiyonlu-isitmali-klitoris-uyaricili-teknolojik-vibrator\/","title":{"rendered":"Usb \u015earjl\u0131 12 Fonksiyonlu Is\u0131tmal\u0131 Klitoris Uyar\u0131c\u0131l\u0131 Teknolojik Vibrat\u00f6r"},"content":{"rendered":"<h1 class=\"\" data-start=\"153\" data-end=\"228\">USB \u015earjl\u0131 12 Fonksiyonlu Is\u0131tmal\u0131 Klitoris Uyar\u0131c\u0131l\u0131 Teknolojik Vibrat\u00f6r<\/h1>\n<h3 class=\"\" data-start=\"230\" data-end=\"304\">Hazz\u0131n S\u0131cak Y\u00fcz\u00fcyle Tan\u0131\u015f\u0131n: Is\u0131tmal\u0131 Teknolojisiyle Zirveye Yolculuk<\/h3>\n<p class=\"\" data-start=\"306\" data-end=\"631\"><strong data-start=\"306\" data-end=\"383\">USB \u015earjl\u0131 12 Fonksiyonlu Is\u0131tmal\u0131 Klitoris Uyar\u0131c\u0131l\u0131 Teknolojik Vibrat\u00f6r<\/strong>, ileri teknoloji ve \u015f\u0131kl\u0131\u011f\u0131n birle\u015fimiyle tasarlanm\u0131\u015f, kad\u0131n v\u00fccuduna tam uyum sa\u011flayan \u00f6zel bir \u00fcr\u00fcnd\u00fcr. G\u00fc\u00e7l\u00fc titre\u015fim motorlar\u0131, \u0131s\u0131tmal\u0131 fonksiyonu ve ergonomik yap\u0131s\u0131yla, unutulmaz bir haz deneyimi ya\u015faman\u0131z i\u00e7in \u00f6zel olarak geli\u015ftirilmi\u015ftir.<\/p>\n<hr class=\"\" data-start=\"633\" data-end=\"636\" \/>\n<h3 class=\"\" data-start=\"638\" data-end=\"659\">\u00dcr\u00fcn \u00d6zellikleri:<\/h3>\n<ul data-start=\"661\" data-end=\"1601\">\n<li class=\"\" data-start=\"661\" data-end=\"748\">\n<p class=\"\" data-start=\"663\" data-end=\"748\"><strong data-start=\"663\" data-end=\"678\">USB \u015earjl\u0131:<\/strong> Kolayca \u015farj edilebilir, pil derdi olmadan her zaman kullan\u0131ma haz\u0131r.<\/p>\n<\/li>\n<li class=\"\" data-start=\"749\" data-end=\"871\">\n<p class=\"\" data-start=\"751\" data-end=\"871\"><strong data-start=\"751\" data-end=\"773\">Is\u0131tma Fonksiyonu:<\/strong> 42 dereceye kadar \u0131s\u0131narak do\u011fal bir v\u00fccut s\u0131cakl\u0131\u011f\u0131 hissi verir, rahatlamay\u0131 ve uyar\u0131m\u0131 art\u0131r\u0131r.<\/p>\n<\/li>\n<li class=\"\" data-start=\"872\" data-end=\"986\">\n<p class=\"\" data-start=\"874\" data-end=\"986\"><strong data-start=\"874\" data-end=\"908\">12 Farkl\u0131 Titre\u015fim Fonksiyonu:<\/strong> Farkl\u0131 h\u0131z ve ritim se\u00e7enekleriyle ki\u015fisel zevklerinize g\u00f6re deneyim ya\u015fay\u0131n.<\/p>\n<\/li>\n<li class=\"\" data-start=\"987\" data-end=\"1083\">\n<p class=\"\" data-start=\"989\" data-end=\"1083\"><strong data-start=\"989\" data-end=\"1014\">\u00c7ift Titre\u015fim Motoru:<\/strong> Hem i\u00e7 hem d\u0131\u015f b\u00f6lgeleri ayn\u0131 anda uyararak e\u015fsiz bir tatmin sa\u011flar.<\/p>\n<\/li>\n<li class=\"\" data-start=\"1084\" data-end=\"1169\">\n<p class=\"\" data-start=\"1086\" data-end=\"1169\"><strong data-start=\"1086\" data-end=\"1110\">Dalgalanma \u00d6zelli\u011fi:<\/strong> Dalgal\u0131 titre\u015fim modlar\u0131yla benzersiz bir haz ak\u0131\u015f\u0131 sunar.<\/p>\n<\/li>\n<li class=\"\" data-start=\"1170\" data-end=\"1272\">\n<p class=\"\" data-start=\"1172\" data-end=\"1272\"><strong data-start=\"1172\" data-end=\"1197\">S\u00fcper Sessiz \u00c7al\u0131\u015fma:<\/strong> Kullan\u0131m s\u0131ras\u0131nda neredeyse sessiz, gizli ve konforlu bir deneyim sa\u011flar.<\/p>\n<\/li>\n<li class=\"\" data-start=\"1273\" data-end=\"1375\">\n<p class=\"\" data-start=\"1275\" data-end=\"1375\"><strong data-start=\"1275\" data-end=\"1303\">Y\u00fcksek Kaliteli Silikon:<\/strong> Kadifemsi dokuda, cilt dostu, sa\u011fl\u0131\u011fa zarars\u0131z malzemeden \u00fcretilmi\u015ftir.<\/p>\n<\/li>\n<li class=\"\" data-start=\"1376\" data-end=\"1469\">\n<p class=\"\" data-start=\"1378\" data-end=\"1469\"><strong data-start=\"1378\" data-end=\"1400\">Ergonomik Tasar\u0131m:<\/strong> Kad\u0131n anatomisine m\u00fckemmel uyum sa\u011flayarak rahat bir kullan\u0131m sunar.<\/p>\n<\/li>\n<li class=\"\" data-start=\"1470\" data-end=\"1540\">\n<p class=\"\" data-start=\"1472\" data-end=\"1540\"><strong data-start=\"1472\" data-end=\"1493\">%100 Su Ge\u00e7irmez:<\/strong> Du\u015fta ya da banyoda g\u00fcvenle kullanabilirsiniz.<\/p>\n<\/li>\n<li class=\"\" data-start=\"1541\" data-end=\"1601\">\n<p class=\"\" data-start=\"1543\" data-end=\"1601\"><strong data-start=\"1543\" data-end=\"1568\">Kolay Temizlenebilir:<\/strong> Hijyenik ve bak\u0131m\u0131 zahmetsizdir.<\/p>\n<\/li>\n<\/ul>\n<hr class=\"\" data-start=\"1603\" data-end=\"1606\" \/>\n<h3 class=\"\" data-start=\"1608\" data-end=\"1628\">Teknik Bilgiler:<\/h3>\n<ul data-start=\"1630\" data-end=\"1703\">\n<li class=\"\" data-start=\"1630\" data-end=\"1661\">\n<p class=\"\" data-start=\"1632\" data-end=\"1661\"><strong data-start=\"1632\" data-end=\"1651\">Toplam Uzunluk:<\/strong> 22,8 cm<\/p>\n<\/li>\n<li class=\"\" data-start=\"1662\" data-end=\"1679\">\n<p class=\"\" data-start=\"1664\" data-end=\"1679\"><strong data-start=\"1664\" data-end=\"1672\">\u00c7ap:<\/strong> 4 cm<\/p>\n<\/li>\n<li class=\"\" data-start=\"1680\" data-end=\"1703\">\n<p class=\"\" data-start=\"1682\" data-end=\"1703\"><strong data-start=\"1682\" data-end=\"1694\">A\u011f\u0131rl\u0131k:<\/strong> 193 gr<\/p>\n<\/li>\n<\/ul>\n<hr class=\"\" data-start=\"1705\" data-end=\"1708\" \/>\n<h3 class=\"\" data-start=\"1710\" data-end=\"1744\">Sipari\u015f ve Teslimat Bilgileri:<\/h3>\n<ul data-start=\"1746\" data-end=\"2218\">\n<li class=\"\" data-start=\"1746\" data-end=\"1872\">\n<p class=\"\" data-start=\"1748\" data-end=\"1872\"><strong data-start=\"1748\" data-end=\"1764\">Gizli Kargo:<\/strong> Sipari\u015fleriniz tamamen gizli ve kapal\u0131 paketlerde g\u00f6nderilir, \u00fcr\u00fcn i\u00e7eri\u011fi d\u0131\u015far\u0131dan kesinlikle anla\u015f\u0131lmaz.<\/p>\n<\/li>\n<li class=\"\" data-start=\"1873\" data-end=\"1983\">\n<p class=\"\" data-start=\"1875\" data-end=\"1983\"><strong data-start=\"1875\" data-end=\"1897\">\u00d6deme Se\u00e7enekleri:<\/strong> Kap\u0131da nakit veya kredi kart\u0131 ile \u00f6deme imkan\u0131. Banka havalesi se\u00e7ene\u011fi de mevcuttur.<\/p>\n<\/li>\n<li class=\"\" data-start=\"1984\" data-end=\"2098\">\n<p class=\"\" data-start=\"1986\" data-end=\"2098\"><strong data-start=\"1986\" data-end=\"2005\">H\u0131zl\u0131 Teslimat:<\/strong> Sipari\u015fler h\u0131zl\u0131 bir \u015fekilde kargoya verilir ve tam, eksiksiz olarak adresinize ula\u015ft\u0131r\u0131l\u0131r.<\/p>\n<\/li>\n<li class=\"\" data-start=\"2099\" data-end=\"2218\">\n<p class=\"\" data-start=\"2101\" data-end=\"2218\"><strong data-start=\"2101\" data-end=\"2129\">Orijinal \u00dcr\u00fcn Garantisi:<\/strong> T\u00fcm \u00fcr\u00fcnlerimiz %100 orijinaldir ve kalite garantisi firmam\u0131z taraf\u0131ndan sa\u011flanmaktad\u0131r.<\/p>\n<\/li>\n<\/ul>\n<hr class=\"\" data-start=\"2220\" data-end=\"2223\" \/>\n<h2 class=\"\" data-start=\"2225\" data-end=\"2297\">Neden USB \u015earjl\u0131 12 Fonksiyonlu Is\u0131tmal\u0131 Klitoris Uyar\u0131c\u0131l\u0131 Vibrat\u00f6r?<\/h2>\n<p class=\"\" data-start=\"2299\" data-end=\"2610\">Bu e\u015fsiz vibrat\u00f6r, sadece g\u00fc\u00e7l\u00fc titre\u015fimler sunmakla kalm\u0131yor; ayn\u0131 zamanda \u0131s\u0131tma fonksiyonu ile ger\u00e7ek\u00e7i bir temas hissi yaratarak, \u00f6n sevi\u015fmeyi ve haz al\u0131m\u0131n\u0131 daha yo\u011fun bir seviyeye \u00e7\u0131kar\u0131yor. Sa\u011fl\u0131kl\u0131, hijyenik ve g\u00fcvenli bir kullan\u0131m i\u00e7in tasarlanan bu cihaz, ki\u015fisel mutlulu\u011funuza yeni bir boyut kat\u0131yor.<\/p>\n<p class=\"\" data-start=\"2612\" data-end=\"2760\">\ud83c\udf80 <strong data-start=\"2615\" data-end=\"2683\">\u015eimdi sipari\u015f verin, s\u0131cakl\u0131k ve tutkunun birle\u015fimine ad\u0131m at\u0131n!<\/strong><br data-start=\"2683\" data-end=\"2686\" \/>\ud83c\udf80 <strong data-start=\"2689\" data-end=\"2760\">Gizli paketleme ve g\u00fcvenli al\u0131\u015fveri\u015f ayr\u0131cal\u0131\u011f\u0131yla kap\u0131n\u0131za gelsin!<\/strong><\/p>\n<p>&nbsp;<\/p>\n<p>&nbsp;<\/p>\n<p>&nbsp;<\/p>\n","protected":false},"excerpt":{"rendered":"<p><strong data-start=\"306\" data-end=\"383\">USB \u015earjl\u0131 12 Fonksiyonlu Is\u0131tmal\u0131 Klitoris Uyar\u0131c\u0131l\u0131 Teknolojik Vibrat\u00f6r<\/strong>, ileri teknoloji ve \u015f\u0131kl\u0131\u011f\u0131n birle\u015fimiyle tasarlanm\u0131\u015f, kad\u0131n v\u00fccuduna tam uyum sa\u011flayan \u00f6zel bir \u00fcr\u00fcnd\u00fcr. G\u00fc\u00e7l\u00fc titre\u015fim motorlar\u0131, \u0131s\u0131tmal\u0131 fonksiyonu ve ergonomik yap\u0131s\u0131yla, unutulmaz bir haz deneyimi ya\u015faman\u0131z i\u00e7in \u00f6zel olarak geli\u015ftirilmi\u015ftir.<\/p>\n","protected":false},"featured_media":45144,"comment_status":"closed","ping_status":"closed","template":"","meta":[],"product_brand":[],"product_cat":[496],"product_tag":[],"class_list":{"0":"post-45142","1":"product","2":"type-product","3":"status-publish","4":"has-post-thumbnail","6":"product_cat-vibrator-cesitleri","8":"first","9":"instock","10":"purchasable","11":"product-type-simple"},"yoast_head":"<!-- This site is optimized with the Yoast SEO Premium plugin v24.4 (Yoast SEO v27.1.1) - https:\/\/yoast.com\/product\/yoast-seo-premium-wordpress\/ -->\n<title>Usb \u015earjl\u0131 12 Fonksiyonlu Is\u0131tmal\u0131 Klitoris Uyar\u0131c\u0131l\u0131 Teknolojik Vibrat\u00f6r - Bursa Erotik Shop<\/title>\n<meta name=\"robots\" content=\"index, follow, max-snippet:-1, max-image-preview:large, max-video-preview:-1\" \/>\n<link rel=\"canonical\" href=\"https:\/\/hobierotikshop.com.tr\/website1\/erotik-shop-urun\/usb-sarjli-12-fonksiyonlu-isitmali-klitoris-uyaricili-teknolojik-vibrator\/\" \/>\n<meta property=\"og:locale\" content=\"tr_TR\" \/>\n<meta property=\"og:type\" content=\"article\" \/>\n<meta property=\"og:title\" content=\"Usb \u015earjl\u0131 12 Fonksiyonlu Is\u0131tmal\u0131 Klitoris Uyar\u0131c\u0131l\u0131 Teknolojik Vibrat\u00f6r\" \/>\n<meta property=\"og:description\" content=\"USB \u015earjl\u0131 12 Fonksiyonlu Is\u0131tmal\u0131 Klitoris Uyar\u0131c\u0131l\u0131 Teknolojik Vibrat\u00f6r, ileri teknoloji ve \u015f\u0131kl\u0131\u011f\u0131n birle\u015fimiyle tasarlanm\u0131\u015f, kad\u0131n v\u00fccuduna tam uyum sa\u011flayan \u00f6zel bir \u00fcr\u00fcnd\u00fcr. G\u00fc\u00e7l\u00fc titre\u015fim motorlar\u0131, \u0131s\u0131tmal\u0131 fonksiyonu ve ergonomik yap\u0131s\u0131yla, unutulmaz bir haz deneyimi ya\u015faman\u0131z i\u00e7in \u00f6zel olarak geli\u015ftirilmi\u015ftir.\" \/>\n<meta property=\"og:url\" content=\"https:\/\/hobierotikshop.com.tr\/website1\/erotik-shop-urun\/usb-sarjli-12-fonksiyonlu-isitmali-klitoris-uyaricili-teknolojik-vibrator\/\" \/>\n<meta property=\"og:site_name\" content=\"Bursa Erotik Shop\" \/>\n<meta property=\"article:modified_time\" content=\"2026-01-08T23:57:55+00:00\" \/>\n<meta property=\"og:image\" content=\"https:\/\/hobierotikshop.com.tr\/website1\/wp-content\/uploads\/2025\/04\/usb-sarjli-12-fonksiyonlu-isitmali-kli-6c7-a5.jpg\" \/>\n\t<meta property=\"og:image:width\" content=\"455\" \/>\n\t<meta property=\"og:image:height\" content=\"455\" \/>\n\t<meta property=\"og:image:type\" content=\"image\/jpeg\" \/>\n<meta name=\"twitter:card\" content=\"summary_large_image\" \/>\n<meta name=\"twitter:site\" content=\"@shopbursa\" \/>\n<meta name=\"twitter:label1\" content=\"Fiyat\" \/>\n\t<meta name=\"twitter:data1\" content=\"&#8378;3.000,00\" \/>\n\t<meta name=\"twitter:label2\" content=\"Availability\" \/>\n\t<meta name=\"twitter:data2\" content=\"In stock\" \/>\n<script type=\"application\/ld+json\" class=\"yoast-schema-graph\">{\"@context\":\"https:\/\/schema.org\",\"@graph\":[{\"@type\":\"WebPage\",\"@id\":\"https:\/\/hobierotikshop.com.tr\/website1\/erotik-shop-urun\/usb-sarjli-12-fonksiyonlu-isitmali-klitoris-uyaricili-teknolojik-vibrator\/\",\"url\":\"https:\/\/hobierotikshop.com.tr\/website1\/erotik-shop-urun\/usb-sarjli-12-fonksiyonlu-isitmali-klitoris-uyaricili-teknolojik-vibrator\/\",\"name\":\"Usb \u015earjl\u0131 12 Fonksiyonlu Is\u0131tmal\u0131 Klitoris Uyar\u0131c\u0131l\u0131 Teknolojik Vibrat\u00f6r - Bursa Erotik Shop\",\"isPartOf\":{\"@id\":\"https:\/\/hobierotikshop.com.tr\/website1\/#website\"},\"primaryImageOfPage\":{\"@id\":\"https:\/\/hobierotikshop.com.tr\/website1\/erotik-shop-urun\/usb-sarjli-12-fonksiyonlu-isitmali-klitoris-uyaricili-teknolojik-vibrator\/#primaryimage\"},\"image\":{\"@id\":\"https:\/\/hobierotikshop.com.tr\/website1\/erotik-shop-urun\/usb-sarjli-12-fonksiyonlu-isitmali-klitoris-uyaricili-teknolojik-vibrator\/#primaryimage\"},\"thumbnailUrl\":\"https:\/\/haremerotikshop.com\/site\/wp-content\/uploads\/2025\/04\/usb-sarjli-12-fonksiyonlu-isitmali-kli-6c7-a5.jpg\",\"datePublished\":\"2025-04-26T14:10:36+00:00\",\"dateModified\":\"2026-01-08T23:57:55+00:00\",\"breadcrumb\":{\"@id\":\"https:\/\/hobierotikshop.com.tr\/website1\/erotik-shop-urun\/usb-sarjli-12-fonksiyonlu-isitmali-klitoris-uyaricili-teknolojik-vibrator\/#breadcrumb\"},\"inLanguage\":\"tr\",\"potentialAction\":[{\"@type\":\"ReadAction\",\"target\":[\"https:\/\/hobierotikshop.com.tr\/website1\/erotik-shop-urun\/usb-sarjli-12-fonksiyonlu-isitmali-klitoris-uyaricili-teknolojik-vibrator\/\"]}]},{\"@type\":\"ImageObject\",\"inLanguage\":\"tr\",\"@id\":\"https:\/\/hobierotikshop.com.tr\/website1\/erotik-shop-urun\/usb-sarjli-12-fonksiyonlu-isitmali-klitoris-uyaricili-teknolojik-vibrator\/#primaryimage\",\"url\":\"https:\/\/haremerotikshop.com\/site\/wp-content\/uploads\/2025\/04\/usb-sarjli-12-fonksiyonlu-isitmali-kli-6c7-a5.jpg\",\"contentUrl\":\"https:\/\/haremerotikshop.com\/site\/wp-content\/uploads\/2025\/04\/usb-sarjli-12-fonksiyonlu-isitmali-kli-6c7-a5.jpg\",\"width\":455,\"height\":455},{\"@type\":\"BreadcrumbList\",\"@id\":\"https:\/\/hobierotikshop.com.tr\/website1\/erotik-shop-urun\/usb-sarjli-12-fonksiyonlu-isitmali-klitoris-uyaricili-teknolojik-vibrator\/#breadcrumb\",\"itemListElement\":[{\"@type\":\"ListItem\",\"position\":1,\"name\":\"Anasayfa\",\"item\":\"https:\/\/hobierotikshop.com.tr\/website1\/\"},{\"@type\":\"ListItem\",\"position\":2,\"name\":\"Erotik Shop \u00dcr\u00fcnleri\",\"item\":\"https:\/\/hobierotikshop.com.tr\/website1\/shop\/\"},{\"@type\":\"ListItem\",\"position\":3,\"name\":\"Usb \u015earjl\u0131 12 Fonksiyonlu Is\u0131tmal\u0131 Klitoris Uyar\u0131c\u0131l\u0131 Teknolojik Vibrat\u00f6r\"}]},{\"@type\":\"WebSite\",\"@id\":\"https:\/\/hobierotikshop.com.tr\/website1\/#website\",\"url\":\"https:\/\/hobierotikshop.com.tr\/website1\/\",\"name\":\"Bursa Erotik Shop\",\"description\":\"Bursa Erotik Shop ile g\u00fcvenli, gizli ve kaliteli yeti\u015fkin \u00fcr\u00fcnleri al\u0131\u015fveri\u015fi! Geni\u015f \u00fcr\u00fcn yelpazemizi ke\u015ffedin, hemen sipari\u015f verin\",\"publisher\":{\"@id\":\"https:\/\/hobierotikshop.com.tr\/website1\/#organization\"},\"alternateName\":\"Erotik Shop\",\"potentialAction\":[{\"@type\":\"SearchAction\",\"target\":{\"@type\":\"EntryPoint\",\"urlTemplate\":\"https:\/\/hobierotikshop.com.tr\/website1\/?s={search_term_string}\"},\"query-input\":{\"@type\":\"PropertyValueSpecification\",\"valueRequired\":true,\"valueName\":\"search_term_string\"}}],\"inLanguage\":\"tr\"},{\"@type\":\"Organization\",\"@id\":\"https:\/\/hobierotikshop.com.tr\/website1\/#organization\",\"name\":\"Harem Bursa Erotik Shop\",\"url\":\"https:\/\/hobierotikshop.com.tr\/website1\/\",\"logo\":{\"@type\":\"ImageObject\",\"inLanguage\":\"tr\",\"@id\":\"https:\/\/hobierotikshop.com.tr\/website1\/#\/schema\/logo\/image\/\",\"url\":\"https:\/\/haremerotikshop.com\/site\/wp-content\/uploads\/2025\/03\/haremsexshop.png\",\"contentUrl\":\"https:\/\/haremerotikshop.com\/site\/wp-content\/uploads\/2025\/03\/haremsexshop.png\",\"width\":400,\"height\":100,\"caption\":\"Harem Bursa Erotik Shop\"},\"image\":{\"@id\":\"https:\/\/hobierotikshop.com.tr\/website1\/#\/schema\/logo\/image\/\"},\"sameAs\":[\"https:\/\/x.com\/shopbursa\"],\"publishingPrinciples\":\"https:\/\/hobierotikshop.com.tr\/website1\/mesafeli-satis-sozlesmesi\/\",\"ownershipFundingInfo\":\"https:\/\/hobierotikshop.com.tr\/website1\/contact-us\/\",\"actionableFeedbackPolicy\":\"https:\/\/hobierotikshop.com.tr\/website1\/contact-us\/\",\"correctionsPolicy\":\"https:\/\/hobierotikshop.com.tr\/website1\/mesafeli-satis-sozlesmesi\/\"}]}<\/script>\n<meta property=\"product:price:amount\" content=\"3000.00\" \/>\n<meta property=\"product:price:currency\" content=\"TRY\" \/>\n<meta property=\"og:availability\" content=\"instock\" \/>\n<meta property=\"product:availability\" content=\"instock\" \/>\n<meta property=\"product:retailer_item_id\" content=\"BDM1566\" \/>\n<meta property=\"product:condition\" content=\"new\" \/>\n<!-- \/ Yoast SEO Premium plugin. -->","yoast_head_json":{"title":"Usb \u015earjl\u0131 12 Fonksiyonlu Is\u0131tmal\u0131 Klitoris Uyar\u0131c\u0131l\u0131 Teknolojik Vibrat\u00f6r - Bursa Erotik Shop","robots":{"index":"index","follow":"follow","max-snippet":"max-snippet:-1","max-image-preview":"max-image-preview:large","max-video-preview":"max-video-preview:-1"},"canonical":"https:\/\/hobierotikshop.com.tr\/website1\/erotik-shop-urun\/usb-sarjli-12-fonksiyonlu-isitmali-klitoris-uyaricili-teknolojik-vibrator\/","og_locale":"tr_TR","og_type":"article","og_title":"Usb \u015earjl\u0131 12 Fonksiyonlu Is\u0131tmal\u0131 Klitoris Uyar\u0131c\u0131l\u0131 Teknolojik Vibrat\u00f6r","og_description":"USB \u015earjl\u0131 12 Fonksiyonlu Is\u0131tmal\u0131 Klitoris Uyar\u0131c\u0131l\u0131 Teknolojik Vibrat\u00f6r, ileri teknoloji ve \u015f\u0131kl\u0131\u011f\u0131n birle\u015fimiyle tasarlanm\u0131\u015f, kad\u0131n v\u00fccuduna tam uyum sa\u011flayan \u00f6zel bir \u00fcr\u00fcnd\u00fcr. G\u00fc\u00e7l\u00fc titre\u015fim motorlar\u0131, \u0131s\u0131tmal\u0131 fonksiyonu ve ergonomik yap\u0131s\u0131yla, unutulmaz bir haz deneyimi ya\u015faman\u0131z i\u00e7in \u00f6zel olarak geli\u015ftirilmi\u015ftir.","og_url":"https:\/\/hobierotikshop.com.tr\/website1\/erotik-shop-urun\/usb-sarjli-12-fonksiyonlu-isitmali-klitoris-uyaricili-teknolojik-vibrator\/","og_site_name":"Bursa Erotik Shop","article_modified_time":"2026-01-08T23:57:55+00:00","og_image":[{"width":455,"height":455,"url":"https:\/\/hobierotikshop.com.tr\/website1\/wp-content\/uploads\/2025\/04\/usb-sarjli-12-fonksiyonlu-isitmali-kli-6c7-a5.jpg","type":"image\/jpeg"}],"twitter_card":"summary_large_image","twitter_site":"@shopbursa","twitter_misc":{"Fiyat":"&#8378;3.000,00","Availability":"In stock"},"schema":{"@context":"https:\/\/schema.org","@graph":[{"@type":"WebPage","@id":"https:\/\/hobierotikshop.com.tr\/website1\/erotik-shop-urun\/usb-sarjli-12-fonksiyonlu-isitmali-klitoris-uyaricili-teknolojik-vibrator\/","url":"https:\/\/hobierotikshop.com.tr\/website1\/erotik-shop-urun\/usb-sarjli-12-fonksiyonlu-isitmali-klitoris-uyaricili-teknolojik-vibrator\/","name":"Usb \u015earjl\u0131 12 Fonksiyonlu Is\u0131tmal\u0131 Klitoris Uyar\u0131c\u0131l\u0131 Teknolojik Vibrat\u00f6r - Bursa Erotik Shop","isPartOf":{"@id":"https:\/\/hobierotikshop.com.tr\/website1\/#website"},"primaryImageOfPage":{"@id":"https:\/\/hobierotikshop.com.tr\/website1\/erotik-shop-urun\/usb-sarjli-12-fonksiyonlu-isitmali-klitoris-uyaricili-teknolojik-vibrator\/#primaryimage"},"image":{"@id":"https:\/\/hobierotikshop.com.tr\/website1\/erotik-shop-urun\/usb-sarjli-12-fonksiyonlu-isitmali-klitoris-uyaricili-teknolojik-vibrator\/#primaryimage"},"thumbnailUrl":"https:\/\/haremerotikshop.com\/site\/wp-content\/uploads\/2025\/04\/usb-sarjli-12-fonksiyonlu-isitmali-kli-6c7-a5.jpg","datePublished":"2025-04-26T14:10:36+00:00","dateModified":"2026-01-08T23:57:55+00:00","breadcrumb":{"@id":"https:\/\/hobierotikshop.com.tr\/website1\/erotik-shop-urun\/usb-sarjli-12-fonksiyonlu-isitmali-klitoris-uyaricili-teknolojik-vibrator\/#breadcrumb"},"inLanguage":"tr","potentialAction":[{"@type":"ReadAction","target":["https:\/\/hobierotikshop.com.tr\/website1\/erotik-shop-urun\/usb-sarjli-12-fonksiyonlu-isitmali-klitoris-uyaricili-teknolojik-vibrator\/"]}]},{"@type":"ImageObject","inLanguage":"tr","@id":"https:\/\/hobierotikshop.com.tr\/website1\/erotik-shop-urun\/usb-sarjli-12-fonksiyonlu-isitmali-klitoris-uyaricili-teknolojik-vibrator\/#primaryimage","url":"https:\/\/haremerotikshop.com\/site\/wp-content\/uploads\/2025\/04\/usb-sarjli-12-fonksiyonlu-isitmali-kli-6c7-a5.jpg","contentUrl":"https:\/\/haremerotikshop.com\/site\/wp-content\/uploads\/2025\/04\/usb-sarjli-12-fonksiyonlu-isitmali-kli-6c7-a5.jpg","width":455,"height":455},{"@type":"BreadcrumbList","@id":"https:\/\/hobierotikshop.com.tr\/website1\/erotik-shop-urun\/usb-sarjli-12-fonksiyonlu-isitmali-klitoris-uyaricili-teknolojik-vibrator\/#breadcrumb","itemListElement":[{"@type":"ListItem","position":1,"name":"Anasayfa","item":"https:\/\/hobierotikshop.com.tr\/website1\/"},{"@type":"ListItem","position":2,"name":"Erotik Shop \u00dcr\u00fcnleri","item":"https:\/\/hobierotikshop.com.tr\/website1\/shop\/"},{"@type":"ListItem","position":3,"name":"Usb \u015earjl\u0131 12 Fonksiyonlu Is\u0131tmal\u0131 Klitoris Uyar\u0131c\u0131l\u0131 Teknolojik Vibrat\u00f6r"}]},{"@type":"WebSite","@id":"https:\/\/hobierotikshop.com.tr\/website1\/#website","url":"https:\/\/hobierotikshop.com.tr\/website1\/","name":"Bursa Erotik Shop","description":"Bursa Erotik Shop ile g\u00fcvenli, gizli ve kaliteli yeti\u015fkin \u00fcr\u00fcnleri al\u0131\u015fveri\u015fi! Geni\u015f \u00fcr\u00fcn yelpazemizi ke\u015ffedin, hemen sipari\u015f verin","publisher":{"@id":"https:\/\/hobierotikshop.com.tr\/website1\/#organization"},"alternateName":"Erotik Shop","potentialAction":[{"@type":"SearchAction","target":{"@type":"EntryPoint","urlTemplate":"https:\/\/hobierotikshop.com.tr\/website1\/?s={search_term_string}"},"query-input":{"@type":"PropertyValueSpecification","valueRequired":true,"valueName":"search_term_string"}}],"inLanguage":"tr"},{"@type":"Organization","@id":"https:\/\/hobierotikshop.com.tr\/website1\/#organization","name":"Harem Bursa Erotik Shop","url":"https:\/\/hobierotikshop.com.tr\/website1\/","logo":{"@type":"ImageObject","inLanguage":"tr","@id":"https:\/\/hobierotikshop.com.tr\/website1\/#\/schema\/logo\/image\/","url":"https:\/\/haremerotikshop.com\/site\/wp-content\/uploads\/2025\/03\/haremsexshop.png","contentUrl":"https:\/\/haremerotikshop.com\/site\/wp-content\/uploads\/2025\/03\/haremsexshop.png","width":400,"height":100,"caption":"Harem Bursa Erotik Shop"},"image":{"@id":"https:\/\/hobierotikshop.com.tr\/website1\/#\/schema\/logo\/image\/"},"sameAs":["https:\/\/x.com\/shopbursa"],"publishingPrinciples":"https:\/\/hobierotikshop.com.tr\/website1\/mesafeli-satis-sozlesmesi\/","ownershipFundingInfo":"https:\/\/hobierotikshop.com.tr\/website1\/contact-us\/","actionableFeedbackPolicy":"https:\/\/hobierotikshop.com.tr\/website1\/contact-us\/","correctionsPolicy":"https:\/\/hobierotikshop.com.tr\/website1\/mesafeli-satis-sozlesmesi\/"}]},"product_price_amount":"3000.00","product_price_currency":"TRY","og_availability":"instock","product_availability":"instock","product_retailer_item_id":"BDM1566","product_condition":"new"},"_links":{"self":[{"href":"https:\/\/haremerotikshop.com\/site\/wp-json\/wp\/v2\/product\/45142","targetHints":{"allow":["GET"]}}],"collection":[{"href":"https:\/\/haremerotikshop.com\/site\/wp-json\/wp\/v2\/product"}],"about":[{"href":"https:\/\/haremerotikshop.com\/site\/wp-json\/wp\/v2\/types\/product"}],"replies":[{"embeddable":true,"href":"https:\/\/haremerotikshop.com\/site\/wp-json\/wp\/v2\/comments?post=45142"}],"version-history":[{"count":0,"href":"https:\/\/haremerotikshop.com\/site\/wp-json\/wp\/v2\/product\/45142\/revisions"}],"wp:featuredmedia":[{"embeddable":true,"href":"https:\/\/haremerotikshop.com\/site\/wp-json\/wp\/v2\/media\/45144"}],"wp:attachment":[{"href":"https:\/\/haremerotikshop.com\/site\/wp-json\/wp\/v2\/media?parent=45142"}],"wp:term":[{"taxonomy":"product_brand","embeddable":true,"href":"https:\/\/haremerotikshop.com\/site\/wp-json\/wp\/v2\/product_brand?post=45142"},{"taxonomy":"product_cat","embeddable":true,"href":"https:\/\/haremerotikshop.com\/site\/wp-json\/wp\/v2\/product_cat?post=45142"},{"taxonomy":"product_tag","embeddable":true,"href":"https:\/\/haremerotikshop.com\/site\/wp-json\/wp\/v2\/product_tag?post=45142"}],"curies":[{"name":"wp","href":"https:\/\/api.w.org\/{rel}","templated":true}]}}